{"id":3087,"date":"2024-10-31T08:37:05","date_gmt":"2024-10-31T07:37:05","guid":{"rendered":"https:\/\/vapebulkp.com\/?post_type=product&#038;p=3087"},"modified":"2025-09-24T05:44:32","modified_gmt":"2025-09-24T03:44:32","slug":"vapme-crystal-disposable-vape-20000-puffs-big-smok-2-nicotine","status":"publish","type":"product","link":"https:\/\/vapebulkp.com\/da\/product\/vapme-crystal-disposable-vape-20000-puffs-big-smok-2-nicotine\/","title":{"rendered":"Vapme Crystal Engangsvape 20000 Pust Big SMOK 2% Nikotin"},"content":{"rendered":"<h2>Vapme Crystal Engangsvape 20000 Pust Big SMOK 2% Nikotin<\/h2>\n<div class=\"flex max-w-full flex-col flex-grow\">\n<div class=\"min-h-8 text-message flex w-full flex-col items-end gap-2 whitespace-normal break-words [.text-message+&amp;]:mt-5\" dir=\"auto\" data-message-author-role=\"assistant\" data-message-id=\"d4e5856e-b87d-43e1-bf1b-fe5b0e62d5d8\" data-message-model-slug=\"gpt-4o\">\n<div class=\"flex w-full flex-col gap-1 empty:hidden first:pt-[3px]\">\n<div class=\"markdown prose w-full break-words dark:prose-invert light\">\n<p data-start=\"297\" data-end=\"599\">Den <strong data-start=\"341\" data-end=\"386\">Vapme Crystal Engangsvape 20000 Pust<\/strong> leverer h\u00f8jtydende vaping i et slankt, rejsevenligt design. Perfekt til unge m\u00e6nd i Danmark, dette bedst s\u00e6lgende <a href=\"https:\/\/vapebulkp.com\/da\/product-category\/20000-puffs-disposable-vape\/\"><strong data-start=\"493\" data-end=\"524\">20000 sug engangs-vape<\/strong><\/a> kombinerer stil og bekvemmelighed med et glat, ensartet hit hver gang.<\/p>\n<p data-start=\"601\" data-end=\"889\">Udstyret med et 700mAh batteri og Type-C hurtigopladning, holder den dig str\u00f8mf\u00f8rende hele dagen. Med 20 ml e-v\u00e6skekapacitet og en 1.0\u03a9 mesh coil tilbyder den rig smag og stabil damp over 20.000 pust. V\u00e6lg mellem 10+10 popul\u00e6re smagsvarianter, hver med 2% nikotin for et balanceret, tilfredsstillende sug.<\/p>\n<p data-start=\"891\" data-end=\"1056\">Kompakt og stilfuld, Vapme Crystal er ideel til daglig brug, sociale sammenkomster eller vaping p\u00e5 farten. EU-lager sikrer hurtig forsendelse og p\u00e5lidelig kvalitet.<\/p>\n<p data-start=\"1058\" data-end=\"1192\">Opgrader til <strong data-start=\"1073\" data-end=\"1118\">Vapme Crystal 20000 Pust Vape Engros<\/strong> for en premium, langvarig <strong data-start=\"1147\" data-end=\"1178\">20000 sug engangs-vape<\/strong> oplevelse.<\/p>\n<\/div>\n<\/div>\n<\/div>\n<\/div>\n<p><img decoding=\"async\" class=\"alignnone wp-image-3091\" src=\"http:\/\/vapebulkp.com\/wp-content\/uploads\/2024\/10\/vapme-crystal-20000-puffs-good-review-scaled.jpg\" alt=\"vapme crystal 20000 pust god anmeldelse\" width=\"484\" height=\"484\" srcset=\"https:\/\/vapebulkp.com\/wp-content\/uploads\/2024\/10\/vapme-crystal-20000-puffs-good-review-scaled.jpg 2560w, https:\/\/vapebulkp.com\/wp-content\/uploads\/2024\/10\/vapme-crystal-20000-puffs-good-review-300x300.jpg 300w, https:\/\/vapebulkp.com\/wp-content\/uploads\/2024\/10\/vapme-crystal-20000-puffs-good-review-1024x1024.jpg 1024w, https:\/\/vapebulkp.com\/wp-content\/uploads\/2024\/10\/vapme-crystal-20000-puffs-good-review-150x150.jpg 150w, https:\/\/vapebulkp.com\/wp-content\/uploads\/2024\/10\/vapme-crystal-20000-puffs-good-review-768x768.jpg 768w, https:\/\/vapebulkp.com\/wp-content\/uploads\/2024\/10\/vapme-crystal-20000-puffs-good-review-1536x1536.jpg 1536w, https:\/\/vapebulkp.com\/wp-content\/uploads\/2024\/10\/vapme-crystal-20000-puffs-good-review-2048x2048.jpg 2048w, https:\/\/vapebulkp.com\/wp-content\/uploads\/2024\/10\/vapme-crystal-20000-puffs-good-review-600x600.jpg 600w, https:\/\/vapebulkp.com\/wp-content\/uploads\/2024\/10\/vapme-crystal-20000-puffs-good-review-100x100.jpg 100w\" sizes=\"(max-width: 484px) 100vw, 484px\" \/><\/p>\n<p>&nbsp;<\/p>\n<h6 style=\"text-align: left\"><\/h6>\n<h6>Kontakt venligst Mandys WhatsApp for rabatpris<a href=\"https:\/\/wa.me\/8618077105796\">+8618077105796<\/a><\/h6>\n<p><img decoding=\"async\" class=\"alignnone wp-image-2151\" src=\"http:\/\/vapebulkp.com\/wp-content\/uploads\/2024\/04\/Mandy-WhatsApp-Randm.jpg\" alt=\"Mandy WhatsApp Randm\" width=\"263\" height=\"280\" srcset=\"https:\/\/vapebulkp.com\/wp-content\/uploads\/2024\/04\/Mandy-WhatsApp-Randm.jpg 916w, https:\/\/vapebulkp.com\/wp-content\/uploads\/2024\/04\/Mandy-WhatsApp-Randm-282x300.jpg 282w, https:\/\/vapebulkp.com\/wp-content\/uploads\/2024\/04\/Mandy-WhatsApp-Randm-768x817.jpg 768w, https:\/\/vapebulkp.com\/wp-content\/uploads\/2024\/04\/Mandy-WhatsApp-Randm-600x638.jpg 600w\" sizes=\"(max-width: 263px) 100vw, 263px\" \/><\/p>\n<h3>Hvorfor Vapme Crystal 20000 Pust Engangsvape er Ideel til Vape Startkits?<\/h3>\n<ol>\n<li><strong>Brugervenligt Design<\/strong>: Vapme Crystal er designet til nem brug, hvilket g\u00f8r den perfekt til begyndere. Den kr\u00e6ver ingen kompliceret ops\u00e6tning eller vedligeholdelse, hvilket giver nye brugere mulighed for at begynde at dampe med det samme.<\/li>\n<li><strong>Langvarig Ydeevne<\/strong>: Med over 20.000 pust tilbyder denne engangsvape forl\u00e6nget brug, hvilket reducerer behovet for hyppige udskiftninger og g\u00f8r den til et omkostningseffektivt valg for dem, der lige er startet.<\/li>\n<li><strong>Variation af Smagsvarianter<\/strong>: Med 10+10 smagsmuligheder im\u00f8dekommer Vapme Crystal forskellige smagspr\u00e6ferencer, hvilket giver nybegyndere mulighed for at udforske forskellige smagsvarianter uden at forpligte sig til store flasker e-v\u00e6ske.<\/li>\n<li><strong>B\u00e6rbar og Praktisk<\/strong>: Dens lette og kompakte design g\u00f8r den nem at b\u00e6re, hvilket g\u00f8r den velegnet til brugere, der \u00f8nsker at dampe p\u00e5 farten, uanset om det er til sociale arrangementer eller under daglige pendlinger.<\/li>\n<li><strong>Integreret Batteri<\/strong>: 700mAh-batteriet med Type-C-opladning sikrer p\u00e5lidelig str\u00f8mstyring, s\u00e5 brugerne ikke beh\u00f8ver at bekymre sig om batterilevetiden under deres indledende damperoplevelser.<\/li>\n<\/ol>\n<h3>Ofte stillede sp\u00f8rgsm\u00e5l om Aspire Vape Vapme Crystal 20k Puffs<\/h3>\n<ol>\n<li><strong>Hvad er antallet af pust p\u00e5 Vapme Crystal 20000 Puffs?<\/strong>\n<ul>\n<li>Vapme Crystal tilbyder over 20.000 pust, hvilket giver langvarig nydelse uden hyppige udskiftninger.<\/li>\n<\/ul>\n<\/li>\n<li><strong>Er Vapme Crystal 20k pust nem at bruge for begyndere?<\/strong>\n<ul>\n<li>Ja, Vapme Crystal er designet til enkelhed, hvilket g\u00f8r den ideel til b\u00e5de begyndere og erfarne dampere. Den kr\u00e6ver ingen ops\u00e6tning eller vedligeholdelse.<\/li>\n<\/ul>\n<\/li>\n<li><strong>Hvilken type batteri har Vapme Crystal 20000Puffs?<\/strong>\n<ul>\n<li>Den er udstyret med et 700mAh batteri og en Type-C opladningsport til effektiv str\u00f8mstyring og hurtig genopladning.<\/li>\n<\/ul>\n<\/li>\n<li><strong>Hvordan skal jeg opbevare min Vapme Crystal 20k vape?<\/strong>\n<ul>\n<li>Opbevar enheden p\u00e5 et k\u00f8ligt, t\u00f8rt sted v\u00e6k fra direkte sollys og ekstreme temperaturer for at sikre optimal ydeevne.<\/li>\n<\/ul>\n<\/li>\n<li><strong>Hvad skal jeg g\u00f8re, hvis min Vapme Crystal 20k Puffs holder op med at virke?<\/strong>\n<ul>\n<li>Hvis enheden holder op med at virke, kan den v\u00e6re l\u00f8bet t\u00f8r for pust, eller batteriet kan v\u00e6re afladet. Da den er engangs, b\u00f8r den udskiftes med en ny enhed.<\/li>\n<\/ul>\n<\/li>\n<\/ol>\n<h3>Vapme Crystal 20000 Puffs Engangs Vape Juul vape Specifikationer<\/h3>\n<ul>\n<li><strong>Smagsvarianter<\/strong>: 10+10 smagsvarianter for forskellige damper-muligheder<\/li>\n<li><strong>Batteri<\/strong>: 700mAh med Type-C opladningsport til effektiv str\u00f8mstyring<\/li>\n<li><strong>E-v\u00e6ske Kapacitet<\/strong>: 20 ml vape-juice til forl\u00e6nget brug<\/li>\n<li><strong>Spole<\/strong>: 1,0 ohm mesh coil for forbedret smag og dampproduktion<\/li>\n<li><strong>Antal pust<\/strong>: Over 20.000 pust for langvarig nydelse<\/li>\n<li><strong>Emballage<\/strong>: 160 enheder pr. kasse til bulk-k\u00f8b<\/li>\n<li><strong>V\u00e6gt<\/strong>: 20,8 kg pr. kasse for nem transport<\/li>\n<li><strong>Nikotinindhold<\/strong>: 21% for en tilfredsstillende vapingoplevelse<\/li>\n<li><strong>Design<\/strong>: 2-i-1 smagsenhed for alsidige vapingmuligheder<\/li>\n<\/ul>\n<h3>Vapme Crystal 20000 Puffs Vape Aromer:<\/h3>\n<p>1 Bl\u00e5b\u00e6r hindb\u00e6r<br \/>\nVandmelon is<br \/>\n2 Jordb\u00e6r Vandmelon<br \/>\nPassionsfrugt Melon is<br \/>\n3 Kirseb\u00e6r is<br \/>\nBl\u00e5 hindb\u00e6r limonade<br \/>\n4 Drue is<br \/>\nJordb\u00e6r kiwi<br \/>\n5 Jordb\u00e6r banan<br \/>\nDobbelt \u00e6ble<br \/>\n6 Blandede b\u00e6r is<br \/>\nFersken mango ananas<br \/>\n7 Jordb\u00e6r is<br \/>\nVandmelon kiwi is<br \/>\n8 Energidrik<br \/>\nKirseb\u00e6r cola<br \/>\n9 Jordb\u00e6r hindb\u00e6r slik<br \/>\nFersken is<br \/>\n10 Jordb\u00e6r mango<br \/>\nKiwi passionsfrugt guava<\/p>\n<p><a href=\"https:\/\/vapebulkp.com\/da\/product\/popular-randm-tornado-7000puffs-disposable-vape-best-price\/\">Randm tornado 7000 pust<\/a><\/p>\n<p><span style=\"vertical-align: inherit\">Find flere produkter du m\u00e5ske kan lide:<\/span><em><a href=\"https:\/\/wa.me\/8618077105796\"><span style=\"vertical-align: inherit\">\u00a0K\u00f8b den nu<\/span><\/a><\/em><\/p>\n<p><span style=\"vertical-align: inherit\">Andre Puffs du m\u00e5ske kan lide:<\/span><a href=\"https:\/\/vapebulkp.com\/da\/product\/fumot-tornado-25k-puffs-cheap-price-disposable-vape\/\"><span style=\"vertical-align: inherit\">RandM Fumot Tornado 25000Puf<\/span><\/a><\/p>\n<p><a href=\"https:\/\/vapebulkp.com\/da\/product\/vapme-shisha-pro-max-20k-type-c-rechargeable-vape\/\"><span style=\"vertical-align: inherit\">Vapme shisha pro max 20000 pust<\/span><\/a><\/p>\n<p><a href=\"https:\/\/vapebulkp.com\/da\/product\/uwin-crystal-10k-puff-long-lasting-disposable-vape-for-europe\/\"><span style=\"vertical-align: inherit\">UWIN Crystal 10000 Puffs<\/span><\/a><\/p>\n<p><a href=\"https:\/\/vapebulkp.com\/da\/product\/randm-fumot-tornado-30k-puffs-rechargeable-vapes-best-sale\/\"><span style=\"vertical-align: inherit\">Randm Vape 30k Puf<\/span><\/a><\/p>\n<p><span style=\"vertical-align: inherit\">E-cigaret flaske med special form:<\/span><a href=\"https:\/\/vapebulkp.com\/da\/product\/elf-box-pulse-x-25000puffs-led-screen-rechargeable-vape\/\"><span style=\"vertical-align: inherit\">ELF BOX pulse v 25000 pust<\/span><\/a><span style=\"vertical-align: inherit\">\/ <\/span><a href=\"https:\/\/vapebulkp.com\/da\/product\/vozol-vista-20000-puff-rechargeable-vape-cheap-price-today\/\"><span style=\"vertical-align: inherit\">vozol vista 20000 pust<\/span><\/a><span style=\"vertical-align: inherit\">\/<\/span><a href=\"https:\/\/vapebulkp.com\/da\/product\/wga-crystal-plus-16000-puffs-led-light-disposable-vape\/\"><span style=\"vertical-align: inherit\">\u00a0 WGA Crystal Plus 16000 pust<\/span><\/a><\/p>\n<h4>Forsendelsesdetaljer:<\/h4>\n<p><span style=\"color: #ff6600\">Produktionstid: 5-10 arbejdsdage<\/span><br \/>\n<span style=\"color: #ff6600\">Leveringstid: 8-14 arbejdsdage<\/span><\/p>\n<p>Alle produkter i vores butik er 100% originale og autentiske, s\u00e5 ti gange kompensation for falske varer er vores butikspolitik. Vi bruger logistikkanaler som UPS\/DHL\/FEDEX\/DPD til at levere varer til dig.<\/p>\n<p>For pakker sendt til Danmark tager det normalt 10 arbejdsdage at ankomme. Forsendelse til europ\u00e6iske lande tager normalt 12 til 15 arbejdsdage at ankomme. Vi vil opdatere logistikinformationen for dig i realtid.<\/p>\n<p>Kontakt os, og vi kan tilbyde dig Hazebar 12000 Puff og bringe din forretning til st\u00f8rre h\u00f8jder!<\/p>","protected":false},"excerpt":{"rendered":"<p>Vapme Crystal 20000 Pust Engangsvape har revolutioneret vapingverdenen med sit innovative design og brugervenlige funktioner. Perfekt til b\u00e5de begyndere og erfarne brugere, tilbyder denne vape pen en overlegen vapingoplevelse, der skiller sig ud p\u00e5 det overfyldte dampmarked.<br \/>\n<img decoding=\"async\" class=\"alignnone wp-image-2151\" src=\"http:\/\/vapebulkp.com\/wp-content\/uploads\/2024\/04\/Mandy-WhatsApp-Randm.jpg\" alt=\"Mandy WhatsApp Randm\" width=\"238\" height=\"253\" srcset=\"https:\/\/vapebulkp.com\/wp-content\/uploads\/2024\/04\/Mandy-WhatsApp-Randm.jpg 916w, https:\/\/vapebulkp.com\/wp-content\/uploads\/2024\/04\/Mandy-WhatsApp-Randm-282x300.jpg 282w, https:\/\/vapebulkp.com\/wp-content\/uploads\/2024\/04\/Mandy-WhatsApp-Randm-768x817.jpg 768w, https:\/\/vapebulkp.com\/wp-content\/uploads\/2024\/04\/Mandy-WhatsApp-Randm-600x638.jpg 600w\" sizes=\"(max-width: 238px) 100vw, 238px\" \/><\/p>\n<p>Kontakt venligst Mandys WhatsApp for rabatpris<a href=\"https:\/\/wa.me\/8618077105796\">+8618077105796<\/a><\/p>\n<p><span style=\"color: #ff0000\">BEM\u00c6RK: Priserne p\u00e5 vores hjemmeside inkluderer ikke forsendelsesomkostninger<\/span><\/p>","protected":false},"featured_media":3092,"comment_status":"open","ping_status":"closed","template":"","meta":{"_uag_custom_page_level_css":"","_lmt_disableupdate":"no","_lmt_disable":"","site-sidebar-layout":"default","site-content-layout":"content-boxed-container","ast-site-content-layout":"normal-width-container","site-content-style":"boxed","site-sidebar-style":"unboxed","ast-global-header-display":"","ast-banner-title-visibility":"","ast-main-header-display":"","ast-hfb-above-header-display":"","ast-hfb-below-header-display":"","ast-hfb-mobile-header-display":"","site-post-title":"","ast-breadcrumbs-content":"","ast-featured-img":"","footer-sml-layout":"","theme-transparent-header-meta":"default","adv-header-id-meta":"","stick-header-meta":"","header-above-stick-meta":"","header-main-stick-meta":"","header-below-stick-meta":"","astra-migrate-meta-layouts":"set","_joinchat":[]},"product_cat":[162,153,155,33,59,100,34,158,157,154,152,58,84,156,63,32,368],"product_tag":[77,36,37,91,105,41,71,40],"class_list":["post-3087","product","type-product","status-publish","has-post-thumbnail","hentry","product_cat-20000-puffs-disposable-vape","product_cat-hot-disposable-vapes","product_cat-belgium-hot-disposable-vapes","product_cat-france-vape-hot-sale","product_cat-germany-hot-disposable-vape","product_cat-germany-wholesale-vape-shop","product_cat-netherlands-vape-good-sale","product_cat-norway-hot-disposable-vapes","product_cat-poland-hot-disposable-vapes","product_cat-portugal-hot-disposable-vapes","product_cat-spain-hot-disposable-vapes","product_cat-sweden-hot-disposable-vape","product_cat-sweden-wholesale-vape","product_cat-switzerland-hot-disposable-vapes","product_cat-top-sale-disposable-vape","product_cat-vape-hot-sale-this-week","product_cat-vapme-vape","product_tag-15000-puffs","product_tag-good-vape","product_tag-hot-sale-disposable-vape","product_tag-italy-hot-vape","product_tag-jnr","product_tag-poland-hot-vape","product_tag-randm","product_tag-sweden-hot-vape","pa_brand-vapme-vape","desktop-align-left","tablet-align-left","mobile-align-left"],"yoast_head":"<!-- This site is optimized with the Yoast SEO plugin v21.1 - https:\/\/yoast.com\/wordpress\/plugins\/seo\/ -->\n<title>Vapme Crystal Disposable Vape 20000 Puffs Big SMOK 2% Nicotine - vapebulkp.com<\/title>\n<meta name=\"description\" content=\"Buy the Vapme Crystal Disposable Vape 20000 Puffs \u2013 20,000 smooth puffs, 10+10 flavors, 2% nicotine. Fast EU shipping, sleek design, and ready for your daily vape. Grab your 20000 Puffs Disposable Vape now!\" \/>\n<meta name=\"robots\" content=\"index, follow, max-snippet:-1, max-image-preview:large, max-video-preview:-1\" \/>\n<link rel=\"canonical\" href=\"https:\/\/vapebulkp.com\/da\/product\/vapme-crystal-disposable-vape-20000-puffs-big-smok-2-nicotine\/\" \/>\n<meta property=\"og:locale\" content=\"da_DK\" \/>\n<meta property=\"og:type\" content=\"article\" \/>\n<meta property=\"og:title\" content=\"Vapme Crystal Disposable Vape 20000 Puffs Big SMOK 2% Nicotine - vapebulkp.com\" \/>\n<meta property=\"og:description\" content=\"Buy the Vapme Crystal Disposable Vape 20000 Puffs \u2013 20,000 smooth puffs, 10+10 flavors, 2% nicotine. Fast EU shipping, sleek design, and ready for your daily vape. Grab your 20000 Puffs Disposable Vape now!\" \/>\n<meta property=\"og:url\" content=\"https:\/\/vapebulkp.com\/da\/product\/vapme-crystal-disposable-vape-20000-puffs-big-smok-2-nicotine\/\" \/>\n<meta property=\"og:site_name\" content=\"vapebulkp.com\" \/>\n<meta property=\"article:modified_time\" content=\"2025-09-24T03:44:32+00:00\" \/>\n<meta property=\"og:image\" content=\"http:\/\/vapebulkp.com\/wp-content\/uploads\/2024\/10\/Vapme-Crystal-20000-Puffs-Long-last-puffs-Disposable-vape.png\" \/>\n\t<meta property=\"og:image:width\" content=\"3840\" \/>\n\t<meta property=\"og:image:height\" content=\"2152\" \/>\n\t<meta property=\"og:image:type\" content=\"image\/png\" \/>\n<meta name=\"twitter:card\" content=\"summary_large_image\" \/>\n<meta name=\"twitter:label1\" content=\"Estimeret l\u00e6setid\" \/>\n\t<meta name=\"twitter:data1\" content=\"4 minutter\" \/>\n<script type=\"application\/ld+json\" class=\"yoast-schema-graph\">{\"@context\":\"https:\/\/schema.org\",\"@graph\":[{\"@type\":\"WebPage\",\"@id\":\"https:\/\/vapebulkp.com\/product\/vapme-crystal-disposable-vape-20000-puffs-big-smok-2-nicotine\/\",\"url\":\"https:\/\/vapebulkp.com\/product\/vapme-crystal-disposable-vape-20000-puffs-big-smok-2-nicotine\/\",\"name\":\"Vapme Crystal Disposable Vape 20000 Puffs Big SMOK 2% Nicotine - vapebulkp.com\",\"isPartOf\":{\"@id\":\"https:\/\/vapebulkp.com\/#website\"},\"datePublished\":\"2024-10-31T07:37:05+00:00\",\"dateModified\":\"2025-09-24T03:44:32+00:00\",\"description\":\"Buy the Vapme Crystal Disposable Vape 20000 Puffs \u2013 20,000 smooth puffs, 10+10 flavors, 2% nicotine. Fast EU shipping, sleek design, and ready for your daily vape. Grab your 20000 Puffs Disposable Vape now!\",\"breadcrumb\":{\"@id\":\"https:\/\/vapebulkp.com\/product\/vapme-crystal-disposable-vape-20000-puffs-big-smok-2-nicotine\/#breadcrumb\"},\"inLanguage\":\"da-DK\",\"potentialAction\":[{\"@type\":\"ReadAction\",\"target\":[\"https:\/\/vapebulkp.com\/product\/vapme-crystal-disposable-vape-20000-puffs-big-smok-2-nicotine\/\"]}]},{\"@type\":\"BreadcrumbList\",\"@id\":\"https:\/\/vapebulkp.com\/product\/vapme-crystal-disposable-vape-20000-puffs-big-smok-2-nicotine\/#breadcrumb\",\"itemListElement\":[{\"@type\":\"ListItem\",\"position\":1,\"name\":\"Home\",\"item\":\"https:\/\/vapebulkp.com\/\"},{\"@type\":\"ListItem\",\"position\":2,\"name\":\"Hot Trend Vapes\",\"item\":\"https:\/\/vapebulkp.com\/vape-shop\/\"},{\"@type\":\"ListItem\",\"position\":3,\"name\":\"Vapme Crystal Disposable Vape 20000 Puffs Big SMOK 2% Nicotine\"}]},{\"@type\":\"WebSite\",\"@id\":\"https:\/\/vapebulkp.com\/#website\",\"url\":\"https:\/\/vapebulkp.com\/\",\"name\":\"vapebulkp.com\",\"description\":\"Buy Vape In Cheap Bulk Price Near you\",\"publisher\":{\"@id\":\"https:\/\/vapebulkp.com\/#organization\"},\"potentialAction\":[{\"@type\":\"SearchAction\",\"target\":{\"@type\":\"EntryPoint\",\"urlTemplate\":\"https:\/\/vapebulkp.com\/?s={search_term_string}\"},\"query-input\":\"required name=search_term_string\"}],\"inLanguage\":\"da-DK\"},{\"@type\":\"Organization\",\"@id\":\"https:\/\/vapebulkp.com\/#organization\",\"name\":\"vapebulkp.com\",\"url\":\"https:\/\/vapebulkp.com\/\",\"logo\":{\"@type\":\"ImageObject\",\"inLanguage\":\"da-DK\",\"@id\":\"https:\/\/vapebulkp.com\/#\/schema\/logo\/image\/\",\"url\":\"https:\/\/vapebulkp.com\/wp-content\/uploads\/2023\/09\/cropped-vapebulkp.png\",\"contentUrl\":\"https:\/\/vapebulkp.com\/wp-content\/uploads\/2023\/09\/cropped-vapebulkp.png\",\"width\":516,\"height\":163,\"caption\":\"vapebulkp.com\"},\"image\":{\"@id\":\"https:\/\/vapebulkp.com\/#\/schema\/logo\/image\/\"}}]}<\/script>\n<!-- \/ Yoast SEO plugin. -->","yoast_head_json":{"title":"Vapme Crystal Disposable Vape 20000 Puffs Big SMOK 2% Nicotine - vapebulkp.com","description":"Buy the Vapme Crystal Disposable Vape 20000 Puffs \u2013 20,000 smooth puffs, 10+10 flavors, 2% nicotine. Fast EU shipping, sleek design, and ready for your daily vape. Grab your 20000 Puffs Disposable Vape now!","robots":{"index":"index","follow":"follow","max-snippet":"max-snippet:-1","max-image-preview":"max-image-preview:large","max-video-preview":"max-video-preview:-1"},"canonical":"https:\/\/vapebulkp.com\/da\/product\/vapme-crystal-disposable-vape-20000-puffs-big-smok-2-nicotine\/","og_locale":"da_DK","og_type":"article","og_title":"Vapme Crystal Disposable Vape 20000 Puffs Big SMOK 2% Nicotine - vapebulkp.com","og_description":"Buy the Vapme Crystal Disposable Vape 20000 Puffs \u2013 20,000 smooth puffs, 10+10 flavors, 2% nicotine. Fast EU shipping, sleek design, and ready for your daily vape. Grab your 20000 Puffs Disposable Vape now!","og_url":"https:\/\/vapebulkp.com\/da\/product\/vapme-crystal-disposable-vape-20000-puffs-big-smok-2-nicotine\/","og_site_name":"vapebulkp.com","article_modified_time":"2025-09-24T03:44:32+00:00","og_image":[{"width":3840,"height":2152,"url":"http:\/\/vapebulkp.com\/wp-content\/uploads\/2024\/10\/Vapme-Crystal-20000-Puffs-Long-last-puffs-Disposable-vape.png","type":"image\/png"}],"twitter_card":"summary_large_image","twitter_misc":{"Estimeret l\u00e6setid":"4 minutter"},"schema":{"@context":"https:\/\/schema.org","@graph":[{"@type":"WebPage","@id":"https:\/\/vapebulkp.com\/product\/vapme-crystal-disposable-vape-20000-puffs-big-smok-2-nicotine\/","url":"https:\/\/vapebulkp.com\/product\/vapme-crystal-disposable-vape-20000-puffs-big-smok-2-nicotine\/","name":"Vapme Crystal Disposable Vape 20000 Puffs Big SMOK 2% Nicotine - vapebulkp.com","isPartOf":{"@id":"https:\/\/vapebulkp.com\/#website"},"datePublished":"2024-10-31T07:37:05+00:00","dateModified":"2025-09-24T03:44:32+00:00","description":"Buy the Vapme Crystal Disposable Vape 20000 Puffs \u2013 20,000 smooth puffs, 10+10 flavors, 2% nicotine. Fast EU shipping, sleek design, and ready for your daily vape. Grab your 20000 Puffs Disposable Vape now!","breadcrumb":{"@id":"https:\/\/vapebulkp.com\/product\/vapme-crystal-disposable-vape-20000-puffs-big-smok-2-nicotine\/#breadcrumb"},"inLanguage":"da-DK","potentialAction":[{"@type":"ReadAction","target":["https:\/\/vapebulkp.com\/product\/vapme-crystal-disposable-vape-20000-puffs-big-smok-2-nicotine\/"]}]},{"@type":"BreadcrumbList","@id":"https:\/\/vapebulkp.com\/product\/vapme-crystal-disposable-vape-20000-puffs-big-smok-2-nicotine\/#breadcrumb","itemListElement":[{"@type":"ListItem","position":1,"name":"Home","item":"https:\/\/vapebulkp.com\/"},{"@type":"ListItem","position":2,"name":"Hot Trend Vapes","item":"https:\/\/vapebulkp.com\/vape-shop\/"},{"@type":"ListItem","position":3,"name":"Vapme Crystal Disposable Vape 20000 Puffs Big SMOK 2% Nicotine"}]},{"@type":"WebSite","@id":"https:\/\/vapebulkp.com\/#website","url":"https:\/\/vapebulkp.com\/","name":"vapebulkp.com","description":"Buy Vape In Cheap Bulk Price Near you","publisher":{"@id":"https:\/\/vapebulkp.com\/#organization"},"potentialAction":[{"@type":"SearchAction","target":{"@type":"EntryPoint","urlTemplate":"https:\/\/vapebulkp.com\/?s={search_term_string}"},"query-input":"required name=search_term_string"}],"inLanguage":"da-DK"},{"@type":"Organization","@id":"https:\/\/vapebulkp.com\/#organization","name":"vapebulkp.com","url":"https:\/\/vapebulkp.com\/","logo":{"@type":"ImageObject","inLanguage":"da-DK","@id":"https:\/\/vapebulkp.com\/#\/schema\/logo\/image\/","url":"https:\/\/vapebulkp.com\/wp-content\/uploads\/2023\/09\/cropped-vapebulkp.png","contentUrl":"https:\/\/vapebulkp.com\/wp-content\/uploads\/2023\/09\/cropped-vapebulkp.png","width":516,"height":163,"caption":"vapebulkp.com"},"image":{"@id":"https:\/\/vapebulkp.com\/#\/schema\/logo\/image\/"}}]}},"uagb_featured_image_src":{"full":["https:\/\/vapebulkp.com\/wp-content\/uploads\/2024\/10\/Vapme-Crystal-20000-Puffs-Long-last-puffs-Disposable-vape.png",3840,2152,false],"thumbnail":["https:\/\/vapebulkp.com\/wp-content\/uploads\/2024\/10\/Vapme-Crystal-20000-Puffs-Long-last-puffs-Disposable-vape-150x150.png",150,150,true],"medium":["https:\/\/vapebulkp.com\/wp-content\/uploads\/2024\/10\/Vapme-Crystal-20000-Puffs-Long-last-puffs-Disposable-vape-300x168.png",300,168,true],"medium_large":["https:\/\/vapebulkp.com\/wp-content\/uploads\/2024\/10\/Vapme-Crystal-20000-Puffs-Long-last-puffs-Disposable-vape-768x430.png",768,430,true],"large":["https:\/\/vapebulkp.com\/wp-content\/uploads\/2024\/10\/Vapme-Crystal-20000-Puffs-Long-last-puffs-Disposable-vape-1024x574.png",1024,574,true],"1536x1536":["https:\/\/vapebulkp.com\/wp-content\/uploads\/2024\/10\/Vapme-Crystal-20000-Puffs-Long-last-puffs-Disposable-vape-1536x861.png",1536,861,true],"2048x2048":["https:\/\/vapebulkp.com\/wp-content\/uploads\/2024\/10\/Vapme-Crystal-20000-Puffs-Long-last-puffs-Disposable-vape-2048x1148.png",2048,1148,true],"trp-custom-language-flag":["https:\/\/vapebulkp.com\/wp-content\/uploads\/2024\/10\/Vapme-Crystal-20000-Puffs-Long-last-puffs-Disposable-vape.png",18,10,false],"woocommerce_thumbnail":["https:\/\/vapebulkp.com\/wp-content\/uploads\/2024\/10\/Vapme-Crystal-20000-Puffs-Long-last-puffs-Disposable-vape-300x300.png",300,300,true],"woocommerce_single":["https:\/\/vapebulkp.com\/wp-content\/uploads\/2024\/10\/Vapme-Crystal-20000-Puffs-Long-last-puffs-Disposable-vape-600x336.png",600,336,true],"woocommerce_gallery_thumbnail":["https:\/\/vapebulkp.com\/wp-content\/uploads\/2024\/10\/Vapme-Crystal-20000-Puffs-Long-last-puffs-Disposable-vape-100x100.png",100,100,true],"wcpr-photo-reviews":["https:\/\/vapebulkp.com\/wp-content\/uploads\/2024\/10\/Vapme-Crystal-20000-Puffs-Long-last-puffs-Disposable-vape.png",500,280,false]},"uagb_author_info":{"display_name":"Mandy vape bulk price","author_link":"https:\/\/vapebulkp.com\/da\/author\/"},"uagb_comment_info":0,"uagb_excerpt":"The Vapme Crystal 20000 Puffs Disposable Vape has revolutionized the world of vaping with its innovative design and user-friendly features. Perfect for both beginners and experienced users, this vape pen offers a superior vaping experience that stands out in the crowded vaping market. Pls Contact Mandy's WhatsApp For Discount Price+8618077105796 NOTE: Prices on our website&hellip;","_links":{"self":[{"href":"https:\/\/vapebulkp.com\/da\/wp-json\/wp\/v2\/product\/3087","targetHints":{"allow":["GET"]}}],"collection":[{"href":"https:\/\/vapebulkp.com\/da\/wp-json\/wp\/v2\/product"}],"about":[{"href":"https:\/\/vapebulkp.com\/da\/wp-json\/wp\/v2\/types\/product"}],"replies":[{"embeddable":true,"href":"https:\/\/vapebulkp.com\/da\/wp-json\/wp\/v2\/comments?post=3087"}],"wp:featuredmedia":[{"embeddable":true,"href":"https:\/\/vapebulkp.com\/da\/wp-json\/wp\/v2\/media\/3092"}],"wp:attachment":[{"href":"https:\/\/vapebulkp.com\/da\/wp-json\/wp\/v2\/media?parent=3087"}],"wp:term":[{"taxonomy":"product_cat","embeddable":true,"href":"https:\/\/vapebulkp.com\/da\/wp-json\/wp\/v2\/product_cat?post=3087"},{"taxonomy":"product_tag","embeddable":true,"href":"https:\/\/vapebulkp.com\/da\/wp-json\/wp\/v2\/product_tag?post=3087"}],"curies":[{"name":"wp","href":"https:\/\/api.w.org\/{rel}","templated":true}]}}