{"id":3278,"date":"2024-12-24T10:37:50","date_gmt":"2024-12-24T09:37:50","guid":{"rendered":"https:\/\/vapebulkp.com\/?post_type=product&#038;p=3278"},"modified":"2025-09-16T11:29:12","modified_gmt":"2025-09-16T09:29:12","slug":"bood-infinity-30000-puff-hot-sale-vape-discount-price","status":"publish","type":"product","link":"https:\/\/vapebulkp.com\/da\/product\/bood-infinity-30000-puff-hot-sale-vape-discount-price\/","title":{"rendered":"BOOD INFINITY 30000 PUFF Varmt Salg Vape Rabatpris"},"content":{"rendered":"<h2 style=\"text-align: left\">BOOD INFINITY 30000 PUFF Varmt Salg Vape Rabatpris<\/h2>\n<p>Tr\u00e6d ind i fremtidens vaping med BOOD INFINITY 30000 PUFF Vape, en enhed, der kombinerer banebrydende teknologi med uovertruffen ydeevne. Designet til vapers, der s\u00f8ger bekvemmelighed og konsistens, leverer denne vape en forbl\u00f8ffende <strong>30.000 sug<\/strong>, hvilket sikrer lang levetid, der im\u00f8dekommer hele dagen og langvarig brug.<\/p>\n<p>Udstyret med en innovativ <strong>E-v\u00e6ske<\/strong>, kan brugerne nemt overv\u00e5ge batterilevetid og e-v\u00e6ske-niveauer, hvilket eliminerer g\u00e6tv\u00e6rk. Den <strong>Dobbelte Mesh Coil<\/strong> teknologi garanterer en rig, glat damp ved hvert sug, mens den <strong>justerbar luftstr\u00f8m<\/strong> lader dig tilpasse din vaping-oplevelse, s\u00e5 den passer til dine pr\u00e6ferencer. Drevet af et <strong>genopladelige 650mAh batteri<\/strong>, er BOOD INFINITY b\u00e5de milj\u00f8bevidst og p\u00e5lidelig.<\/p>\n<p>Tilg\u00e6ngelig hos Vapebulkp.com, denne h\u00f8jtydende enhed kombinerer stil, funktionalitet og overkommelighed. Uanset om du er ny til vaping eller en erfaren entusiast, er den <strong>BOOD UENDELIGHED\u00a0 <a href=\"https:\/\/vapebulkp.com\/da\/product-category\/30000-puff-disposable-vape\/\">30000 PUFFS engangsvape<\/a><\/strong>\u00a0den ultimative l\u00f8sning for dem, der s\u00f8ger en problemfri, f\u00f8rsteklasses vaping-oplevelse. Udnyt <strong>Vape varmt udsalg rabatpris<\/strong> og l\u00f8ft dit vaping-spil i dag!<\/p>\n<h6>Kontakt venligst Mandys WhatsApp for rabatpris<a href=\"https:\/\/wa.me\/8618077105796\">+8618077105796<\/a><\/h6>\n<p><img decoding=\"async\" class=\"alignnone wp-image-2151\" src=\"http:\/\/vapebulkp.com\/wp-content\/uploads\/2024\/04\/Mandy-WhatsApp-Randm.jpg\" alt=\"Mandy WhatsApp Randm\" width=\"324\" height=\"330\" \/><\/p>\n<div class=\"flex max-w-full flex-col flex-grow\">\n<div class=\"min-h-8 text-message flex w-full flex-col items-end gap-2 whitespace-normal break-words text-start [.text-message+&amp;]:mt-5\" dir=\"auto\" data-message-author-role=\"assistant\" data-message-id=\"d24cf626-c018-4805-80f5-44de047f2ba0\" data-message-model-slug=\"gpt-4o\">\n<div class=\"flex w-full flex-col gap-1 empty:hidden first:pt-[3px]\">\n<div class=\"markdown prose w-full break-words dark:prose-invert light\">\n<h2><strong>Hvorfor v\u00e6lge High Puff Vape BOOD INFINITY 30.000 Puffs hos Vapebulkp.com?<\/strong><\/h2>\n<ol>\n<li><strong>Uovertruffen levetid<\/strong>: Med 30.000 pust tilbyder 30000 Puffs BOOD INFINITY udvidet brug, perfekt til hverdagens vaping-entusiaster og dem, der foretr\u00e6kker f\u00e6rre udskiftninger.<\/li>\n<li><strong>Innovative funktioner<\/strong>: Det inkluderer en <strong>E-v\u00e6ske<\/strong>, <strong>Dobbelte Mesh Coil<\/strong> for en bl\u00f8d damp, <strong>justerbar luftstr\u00f8m<\/strong> for en personlig oplevelse, og en <strong>genopladelige 650mAh batteri<\/strong>, sikrer bekvemmelighed og kvalitet.<\/li>\n<li><strong>P\u00e5lidelig og trov\u00e6rdig platform<\/strong>: Vapebulkp.com tilbyder konkurrencedygtige priser, hurtig levering i hele Europa og fremragende kundeservice, hvilket g\u00f8r det til en foretrukken kilde til vaping-produkter.<\/li>\n<\/ol>\n<h3>Andre bestsellere p\u00e5 Vapebulkp.com:<\/h3>\n<ol>\n<li><strong>Bang King 36.000 sug<\/strong>: En high-end mulighed med en fingeraftryksgenkendende LCD-sk\u00e6rm, 36ml e-v\u00e6ske kapacitet og Type-C opladning.<\/li>\n<li><strong>Vapme Shisha Pro Max 20.000 sug<\/strong>: Stilfuldt design, 28ml vape juice kapacitet, 0.6\u03a9 mesh coil, og direkte-til-lunge vaping oplevelse.<\/li>\n<li><strong>Randm Tornado 30.000 sug<\/strong>: Har LED-lys og en musik-synkroniseringsmulighed, ideel for brugere, der s\u00f8ger sjov og innovation.<\/li>\n<li><strong>Waspe AIVIOU 25.000 sug<\/strong>: Milj\u00f8venlig og udstyret med dobbelt mesh coil-teknologi for fremragende smag.<\/li>\n<li><strong>ELFWORLD Plus 20.000 sug<\/strong>: Let, b\u00e6rbart design med fokus p\u00e5 bl\u00f8d damp og unikke smage.<\/li>\n<\/ol>\n<p>Hos Vapebulkp.com finder du et varieret udvalg af f\u00f8rsteklasses engangs vapes, der er skr\u00e6ddersyet til danske kunders behov.<\/p>\n<\/div>\n<\/div>\n<\/div>\n<\/div>\n<h3><strong>BOOD INFINITY 30k sug engangs vapes specifikationer:<\/strong><\/h3>\n<ul>\n<li><strong>30K sug<\/strong>: Holder op til 30.000 sug.<\/li>\n<li><strong>E-v\u00e6ske<\/strong>: Viser e-v\u00e6ske-niveau og batteristatus.<\/li>\n<li><strong>Dobbelte Mesh Coil<\/strong>: Sikrer en mere j\u00e6vn og t\u00e6t damp.<\/li>\n<li><strong>Genopladelig<\/strong>: Udstyret med et genopladeligt batteri.<\/li>\n<li><strong>Justerbar luftstr\u00f8m<\/strong>: Tilpas luftstr\u00f8mmen for dit foretrukne sug.<\/li>\n<li><strong>650mAh Batteri<\/strong>: P\u00e5lidelig str\u00f8mkapacitet til udvidet brug.<\/li>\n<\/ul>\n<p>&nbsp;<\/p>\n<h3><strong>Engrospris Vape BOOD INFINITY 30000 puff Smagsliste<\/strong><\/h3>\n<p>1 JORDB\u00c6R VANDMELON<br \/>\n2 FERSKEN MANGO ANANAS<br \/>\n3 LUSH IS<br \/>\n4 B\u00c6R EKSPLOSION<br \/>\n5 JORDB\u00c6R KIWI<br \/>\n6 HAWAII<br \/>\n7 BL\u00c5 RAZZ IS<br \/>\n8 BL\u00c5B\u00c6R LIMONADE<br \/>\n9 SORT IS<br \/>\n10 TIFFANY<\/p>\n<p><a href=\"https:\/\/vapebulkp.com\/da\/product\/aivono-curved-smart-screen-35000-puffs-disposable-vape-wholesale-price\/\"><span style=\"vertical-align: inherit\">Aivono 35000 pust <\/span><\/a><\/p>\n<p><span style=\"vertical-align: inherit\">Find flere produkter du m\u00e5ske kan lide:<\/span><em><a href=\"https:\/\/wa.me\/8618077105796\"><span style=\"vertical-align: inherit\">\u00a0K\u00f8b den nu<\/span><\/a><\/em><\/p>\n<p><span style=\"vertical-align: inherit\">Andre Puffs du m\u00e5ske kan lide:<\/span><a href=\"https:\/\/vapebulkp.com\/da\/product\/wholesale-price-bang-kingdoms-rex-32000-puffs-vape-pod\/\"><span style=\"vertical-align: inherit\">Bang Kingdoms 32000Puffs<\/span><\/a><span style=\"vertical-align: inherit\">\u3001<\/span><a href=\"https:\/\/vapebulkp.com\/da\/product\/vookbar-30000-puffs-touch-screen-disposable-vapes-wholesale-price\/\"><span style=\"vertical-align: inherit\">Vookbar 30000 Sug<\/span><\/a><span style=\"vertical-align: inherit\">\/ <\/span><a href=\"https:\/\/vapebulkp.com\/da\/product\/vapsolo-best-quality-viking-12k-puffs-disposable-vapes\/\"><span style=\"vertical-align: inherit\">Vapsolo viking 12000 pust<\/span><\/a><span style=\"vertical-align: inherit\">\/ <\/span><a href=\"https:\/\/vapebulkp.com\/da\/product\/waspe-vape-40000-puff-fihp-double-flavour-disposable-vape\/\"><span style=\"vertical-align: inherit\">WASPE 40000 pust<\/span><\/a><\/p>\n<p><span style=\"vertical-align: inherit\">E-cigaret flaske med special form:<\/span><a href=\"https:\/\/vapebulkp.com\/da\/product\/vapsolo-feed-bar-shisha-vape-15000-puffs-wholesale-price\/\"><span style=\"vertical-align: inherit\"> Vapsolo shisha 15000 Pust<\/span><\/a><span style=\"vertical-align: inherit\">\/ <\/span><a href=\"https:\/\/vapebulkp.com\/da\/fi\/product\/best-price-wga-crystal-pro-max-15k-puffs-original-vape\/\"><span style=\"vertical-align: inherit\">\u00a0WGA Crystal pro max 15k pust <\/span><\/a><span style=\"vertical-align: inherit\">\/<\/span><a href=\"https:\/\/vapebulkp.com\/da\/product\/bang-box-35000-puffs-touch-switch-digital-screen-rechargeable-vape\/\"><span style=\"vertical-align: inherit\"> Bang Box 35000 Pust<\/span><\/a><\/p>\n<h4>Ofte stillede sp\u00f8rgsm\u00e5l om BOOD INFINITY 30000 Puffs Vape Pods<\/h4>\n<p><strong>1. Hvad g\u00f8r BOOD INFIITY 30.000 Puffs unik?<\/strong><br \/>\nBOOD INFINITY har en massiv kapacitet p\u00e5 30.000 sug, en <strong>E-v\u00e6ske<\/strong> for at overv\u00e5ge forbrug og batteri, en <strong>Dobbelte Mesh Coil<\/strong> for forbedret dampkvalitet, justerbar luftstr\u00f8m og en genopladelig <strong>650mAh batteri<\/strong> for langvarig ydeevne.<\/p>\n<p><strong>2. Hvordan oplader jeg BOOD INFINITY 30K VAPES?<\/strong><br \/>\nDu skal blot tilslutte enheden til en USB-oplader ved hj\u00e6lp af det passende kabel. Den er designet med genopladelige funktioner for at sikre, at du f\u00e5r mest muligt ud af din enhed.<\/p>\n<p><strong>3. Kan jeg tilpasse min vaping-oplevelse med bood vape 30000 puffs?<\/strong><br \/>\nJa! Den <strong>justerbar luftstr\u00f8m<\/strong> giver dig mulighed for at tilpasse suget efter dine pr\u00e6ferencer, uanset om du foretr\u00e6kker et stramt eller luftigt sug.<\/p>\n<p><strong>4. Hvilken type spole bruger bood vape 30k puffs <\/strong><strong>?<\/strong><br \/>\nBOOD INFINITY VAPES 30000 PUFFS bruger <strong>dobbelt mesh spole teknologi<\/strong>, hvilket giver bl\u00f8dere hits og mere ensartet smagsproduktion.<\/p>\n<p><strong>5. Hvor kan jeg k\u00f8be BOOD INFINITY 30K WHOLESALE VAPE?<\/strong><br \/>\nDu kan k\u00f8be denne premium vape pod hos <strong>Vapebulkp.com<\/strong>, en betroet platform for dampningsprodukter af h\u00f8j kvalitet med fremragende kundeservice og hurtig forsendelse.<\/p>\n<p>&nbsp;<\/p>\n<h5>Forsendelsesdetaljer:<\/h5>\n<p><span style=\"color: #ff6600\">Produktionstid: 5-10 arbejdsdage<\/span><br \/>\n<span style=\"color: #ff6600\">Leveringstid: 8-14 arbejdsdage<\/span><\/p>\n<p>Alle produkter i vores butik er 100% originale og autentiske, s\u00e5 ti gange kompensation for falske varer er vores butikspolitik. Vi bruger logistikkanaler som UPS\/DHL\/FEDEX\/DPD til at levere varer til dig.<\/p>\n<p>For pakker sendt til Danmark tager det normalt 10 arbejdsdage at ankomme. Forsendelse til europ\u00e6iske lande tager normalt 12 til 15 arbejdsdage at ankomme. Vi vil opdatere logistikinformationen for dig i realtid.<\/p>","protected":false},"excerpt":{"rendered":"<p>BOOD INFINITY 30000 Puffs Vape \u2013 Varmt udsalg! F\u00f8rsteklasses kvalitet, langvarig ydeevne og uovertrufne rabatpriser. Bestil nu for den bedste vape-aftale!<\/p>\n<p>Kontakt venligst Mandys WhatsApp for rabatpris<a href=\"https:\/\/wa.me\/8618077105796\">+8618077105796<\/a><\/p>\n<p><img decoding=\"async\" class=\"alignnone wp-image-2151\" src=\"http:\/\/vapebulkp.com\/wp-content\/uploads\/2024\/04\/Mandy-WhatsApp-Randm.jpg\" alt=\"Mandy WhatsApp Randm\" width=\"297\" height=\"316\" srcset=\"https:\/\/vapebulkp.com\/wp-content\/uploads\/2024\/04\/Mandy-WhatsApp-Randm.jpg 916w, https:\/\/vapebulkp.com\/wp-content\/uploads\/2024\/04\/Mandy-WhatsApp-Randm-282x300.jpg 282w, https:\/\/vapebulkp.com\/wp-content\/uploads\/2024\/04\/Mandy-WhatsApp-Randm-768x817.jpg 768w, https:\/\/vapebulkp.com\/wp-content\/uploads\/2024\/04\/Mandy-WhatsApp-Randm-600x638.jpg 600w\" sizes=\"(max-width: 297px) 100vw, 297px\" \/><\/p>\n<p><span style=\"color: #ff0000\">BEM\u00c6RK: Priserne p\u00e5 vores hjemmeside inkluderer ikke forsendelsesomkostninger<\/span><\/p>\n<p>&nbsp;<\/p>","protected":false},"featured_media":3284,"comment_status":"open","ping_status":"closed","template":"","meta":{"_uag_custom_page_level_css":"","_lmt_disableupdate":"no","_lmt_disable":"","site-sidebar-layout":"default","site-content-layout":"content-boxed-container","ast-site-content-layout":"normal-width-container","site-content-style":"boxed","site-sidebar-style":"unboxed","ast-global-header-display":"","ast-banner-title-visibility":"","ast-main-header-display":"","ast-hfb-above-header-display":"","ast-hfb-below-header-display":"","ast-hfb-mobile-header-display":"","site-post-title":"","ast-breadcrumbs-content":"","ast-featured-img":"","footer-sml-layout":"","theme-transparent-header-meta":"default","adv-header-id-meta":"","stick-header-meta":"","header-above-stick-meta":"","header-main-stick-meta":"","header-below-stick-meta":"","astra-migrate-meta-layouts":"set","_joinchat":[]},"product_cat":[190,153,155,346,33,59,100,87,34,158,157,154,152,58,84,156,63,32],"product_tag":[187,36,37,41,40],"class_list":["post-3278","product","type-product","status-publish","has-post-thumbnail","hentry","product_cat-35000-puffs-disposable-vape","product_cat-hot-disposable-vapes","product_cat-belgium-hot-disposable-vapes","product_cat-bood-vapes","product_cat-france-vape-hot-sale","product_cat-germany-hot-disposable-vape","product_cat-germany-wholesale-vape-shop","product_cat-minimum-order-quantity-50pcs","product_cat-netherlands-vape-good-sale","product_cat-norway-hot-disposable-vapes","product_cat-poland-hot-disposable-vapes","product_cat-portugal-hot-disposable-vapes","product_cat-spain-hot-disposable-vapes","product_cat-sweden-hot-disposable-vape","product_cat-sweden-wholesale-vape","product_cat-switzerland-hot-disposable-vapes","product_cat-top-sale-disposable-vape","product_cat-vape-hot-sale-this-week","product_tag-30000-puffs","product_tag-good-vape","product_tag-hot-sale-disposable-vape","product_tag-poland-hot-vape","product_tag-sweden-hot-vape","pa_brand-bood-vape","desktop-align-left","tablet-align-left","mobile-align-left"],"yoast_head":"<!-- This site is optimized with the Yoast SEO plugin v21.1 - https:\/\/yoast.com\/wordpress\/plugins\/seo\/ -->\n<title>BOOD INFINITY 30000 PUFF Hot Sale Vape Discount Price - vapebulkp.com<\/title>\n<meta name=\"description\" content=\"BOOD INFINITY 30000 Puffs Wholesale Vape \u2013 Hot Sale! Long-lasting, stylish, and budget-friendly. Grab this top-quality vape at a discounted price today!\" \/>\n<meta name=\"robots\" content=\"index, follow, max-snippet:-1, max-image-preview:large, max-video-preview:-1\" \/>\n<link rel=\"canonical\" href=\"https:\/\/vapebulkp.com\/da\/product\/bood-infinity-30000-puff-hot-sale-vape-discount-price\/\" \/>\n<meta property=\"og:locale\" content=\"da_DK\" \/>\n<meta property=\"og:type\" content=\"article\" \/>\n<meta property=\"og:title\" content=\"BOOD INFINITY 30000 PUFF Hot Sale Vape Discount Price - vapebulkp.com\" \/>\n<meta property=\"og:description\" content=\"BOOD INFINITY 30000 Puffs Wholesale Vape \u2013 Hot Sale! Long-lasting, stylish, and budget-friendly. Grab this top-quality vape at a discounted price today!\" \/>\n<meta property=\"og:url\" content=\"https:\/\/vapebulkp.com\/da\/product\/bood-infinity-30000-puff-hot-sale-vape-discount-price\/\" \/>\n<meta property=\"og:site_name\" content=\"vapebulkp.com\" \/>\n<meta property=\"article:modified_time\" content=\"2025-09-16T09:29:12+00:00\" \/>\n<meta property=\"og:image\" content=\"http:\/\/vapebulkp.com\/wp-content\/uploads\/2024\/12\/bulk-buy-vapes-bood-infinity-30k-puffs-blue-razz-ice.png\" \/>\n\t<meta property=\"og:image:width\" content=\"800\" \/>\n\t<meta property=\"og:image:height\" content=\"800\" \/>\n\t<meta property=\"og:image:type\" content=\"image\/png\" \/>\n<meta name=\"twitter:card\" content=\"summary_large_image\" \/>\n<meta name=\"twitter:label1\" content=\"Estimeret l\u00e6setid\" \/>\n\t<meta name=\"twitter:data1\" content=\"4 minutter\" \/>\n<script type=\"application\/ld+json\" class=\"yoast-schema-graph\">{\"@context\":\"https:\/\/schema.org\",\"@graph\":[{\"@type\":\"WebPage\",\"@id\":\"https:\/\/vapebulkp.com\/product\/bood-infinity-30000-puff-hot-sale-vape-discount-price\/\",\"url\":\"https:\/\/vapebulkp.com\/product\/bood-infinity-30000-puff-hot-sale-vape-discount-price\/\",\"name\":\"BOOD INFINITY 30000 PUFF Hot Sale Vape Discount Price - vapebulkp.com\",\"isPartOf\":{\"@id\":\"https:\/\/vapebulkp.com\/#website\"},\"datePublished\":\"2024-12-24T09:37:50+00:00\",\"dateModified\":\"2025-09-16T09:29:12+00:00\",\"description\":\"BOOD INFINITY 30000 Puffs Wholesale Vape \u2013 Hot Sale! Long-lasting, stylish, and budget-friendly. Grab this top-quality vape at a discounted price today!\",\"breadcrumb\":{\"@id\":\"https:\/\/vapebulkp.com\/product\/bood-infinity-30000-puff-hot-sale-vape-discount-price\/#breadcrumb\"},\"inLanguage\":\"da-DK\",\"potentialAction\":[{\"@type\":\"ReadAction\",\"target\":[\"https:\/\/vapebulkp.com\/product\/bood-infinity-30000-puff-hot-sale-vape-discount-price\/\"]}]},{\"@type\":\"BreadcrumbList\",\"@id\":\"https:\/\/vapebulkp.com\/product\/bood-infinity-30000-puff-hot-sale-vape-discount-price\/#breadcrumb\",\"itemListElement\":[{\"@type\":\"ListItem\",\"position\":1,\"name\":\"Home\",\"item\":\"https:\/\/vapebulkp.com\/\"},{\"@type\":\"ListItem\",\"position\":2,\"name\":\"Hot Trend Vapes\",\"item\":\"https:\/\/vapebulkp.com\/vape-shop\/\"},{\"@type\":\"ListItem\",\"position\":3,\"name\":\"BOOD INFINITY 30000 PUFF Hot Sale Vape Discount Price\"}]},{\"@type\":\"WebSite\",\"@id\":\"https:\/\/vapebulkp.com\/#website\",\"url\":\"https:\/\/vapebulkp.com\/\",\"name\":\"vapebulkp.com\",\"description\":\"Buy Vape In Cheap Bulk Price Near you\",\"publisher\":{\"@id\":\"https:\/\/vapebulkp.com\/#organization\"},\"potentialAction\":[{\"@type\":\"SearchAction\",\"target\":{\"@type\":\"EntryPoint\",\"urlTemplate\":\"https:\/\/vapebulkp.com\/?s={search_term_string}\"},\"query-input\":\"required name=search_term_string\"}],\"inLanguage\":\"da-DK\"},{\"@type\":\"Organization\",\"@id\":\"https:\/\/vapebulkp.com\/#organization\",\"name\":\"vapebulkp.com\",\"url\":\"https:\/\/vapebulkp.com\/\",\"logo\":{\"@type\":\"ImageObject\",\"inLanguage\":\"da-DK\",\"@id\":\"https:\/\/vapebulkp.com\/#\/schema\/logo\/image\/\",\"url\":\"https:\/\/vapebulkp.com\/wp-content\/uploads\/2023\/09\/cropped-vapebulkp.png\",\"contentUrl\":\"https:\/\/vapebulkp.com\/wp-content\/uploads\/2023\/09\/cropped-vapebulkp.png\",\"width\":516,\"height\":163,\"caption\":\"vapebulkp.com\"},\"image\":{\"@id\":\"https:\/\/vapebulkp.com\/#\/schema\/logo\/image\/\"}}]}<\/script>\n<!-- \/ Yoast SEO plugin. -->","yoast_head_json":{"title":"BOOD INFINITY 30000 PUFF Hot Sale Vape Discount Price - vapebulkp.com","description":"BOOD INFINITY 30000 Puffs Wholesale Vape \u2013 Hot Sale! Long-lasting, stylish, and budget-friendly. Grab this top-quality vape at a discounted price today!","robots":{"index":"index","follow":"follow","max-snippet":"max-snippet:-1","max-image-preview":"max-image-preview:large","max-video-preview":"max-video-preview:-1"},"canonical":"https:\/\/vapebulkp.com\/da\/product\/bood-infinity-30000-puff-hot-sale-vape-discount-price\/","og_locale":"da_DK","og_type":"article","og_title":"BOOD INFINITY 30000 PUFF Hot Sale Vape Discount Price - vapebulkp.com","og_description":"BOOD INFINITY 30000 Puffs Wholesale Vape \u2013 Hot Sale! Long-lasting, stylish, and budget-friendly. Grab this top-quality vape at a discounted price today!","og_url":"https:\/\/vapebulkp.com\/da\/product\/bood-infinity-30000-puff-hot-sale-vape-discount-price\/","og_site_name":"vapebulkp.com","article_modified_time":"2025-09-16T09:29:12+00:00","og_image":[{"width":800,"height":800,"url":"http:\/\/vapebulkp.com\/wp-content\/uploads\/2024\/12\/bulk-buy-vapes-bood-infinity-30k-puffs-blue-razz-ice.png","type":"image\/png"}],"twitter_card":"summary_large_image","twitter_misc":{"Estimeret l\u00e6setid":"4 minutter"},"schema":{"@context":"https:\/\/schema.org","@graph":[{"@type":"WebPage","@id":"https:\/\/vapebulkp.com\/product\/bood-infinity-30000-puff-hot-sale-vape-discount-price\/","url":"https:\/\/vapebulkp.com\/product\/bood-infinity-30000-puff-hot-sale-vape-discount-price\/","name":"BOOD INFINITY 30000 PUFF Hot Sale Vape Discount Price - vapebulkp.com","isPartOf":{"@id":"https:\/\/vapebulkp.com\/#website"},"datePublished":"2024-12-24T09:37:50+00:00","dateModified":"2025-09-16T09:29:12+00:00","description":"BOOD INFINITY 30000 Puffs Wholesale Vape \u2013 Hot Sale! Long-lasting, stylish, and budget-friendly. Grab this top-quality vape at a discounted price today!","breadcrumb":{"@id":"https:\/\/vapebulkp.com\/product\/bood-infinity-30000-puff-hot-sale-vape-discount-price\/#breadcrumb"},"inLanguage":"da-DK","potentialAction":[{"@type":"ReadAction","target":["https:\/\/vapebulkp.com\/product\/bood-infinity-30000-puff-hot-sale-vape-discount-price\/"]}]},{"@type":"BreadcrumbList","@id":"https:\/\/vapebulkp.com\/product\/bood-infinity-30000-puff-hot-sale-vape-discount-price\/#breadcrumb","itemListElement":[{"@type":"ListItem","position":1,"name":"Home","item":"https:\/\/vapebulkp.com\/"},{"@type":"ListItem","position":2,"name":"Hot Trend Vapes","item":"https:\/\/vapebulkp.com\/vape-shop\/"},{"@type":"ListItem","position":3,"name":"BOOD INFINITY 30000 PUFF Hot Sale Vape Discount Price"}]},{"@type":"WebSite","@id":"https:\/\/vapebulkp.com\/#website","url":"https:\/\/vapebulkp.com\/","name":"vapebulkp.com","description":"Buy Vape In Cheap Bulk Price Near you","publisher":{"@id":"https:\/\/vapebulkp.com\/#organization"},"potentialAction":[{"@type":"SearchAction","target":{"@type":"EntryPoint","urlTemplate":"https:\/\/vapebulkp.com\/?s={search_term_string}"},"query-input":"required name=search_term_string"}],"inLanguage":"da-DK"},{"@type":"Organization","@id":"https:\/\/vapebulkp.com\/#organization","name":"vapebulkp.com","url":"https:\/\/vapebulkp.com\/","logo":{"@type":"ImageObject","inLanguage":"da-DK","@id":"https:\/\/vapebulkp.com\/#\/schema\/logo\/image\/","url":"https:\/\/vapebulkp.com\/wp-content\/uploads\/2023\/09\/cropped-vapebulkp.png","contentUrl":"https:\/\/vapebulkp.com\/wp-content\/uploads\/2023\/09\/cropped-vapebulkp.png","width":516,"height":163,"caption":"vapebulkp.com"},"image":{"@id":"https:\/\/vapebulkp.com\/#\/schema\/logo\/image\/"}}]}},"uagb_featured_image_src":{"full":["https:\/\/vapebulkp.com\/wp-content\/uploads\/2024\/12\/bulk-buy-vapes-bood-infinity-30k-puffs-blue-razz-ice.png",800,800,false],"thumbnail":["https:\/\/vapebulkp.com\/wp-content\/uploads\/2024\/12\/bulk-buy-vapes-bood-infinity-30k-puffs-blue-razz-ice-150x150.png",150,150,true],"medium":["https:\/\/vapebulkp.com\/wp-content\/uploads\/2024\/12\/bulk-buy-vapes-bood-infinity-30k-puffs-blue-razz-ice-300x300.png",300,300,true],"medium_large":["https:\/\/vapebulkp.com\/wp-content\/uploads\/2024\/12\/bulk-buy-vapes-bood-infinity-30k-puffs-blue-razz-ice-768x768.png",768,768,true],"large":["https:\/\/vapebulkp.com\/wp-content\/uploads\/2024\/12\/bulk-buy-vapes-bood-infinity-30k-puffs-blue-razz-ice.png",800,800,false],"1536x1536":["https:\/\/vapebulkp.com\/wp-content\/uploads\/2024\/12\/bulk-buy-vapes-bood-infinity-30k-puffs-blue-razz-ice.png",800,800,false],"2048x2048":["https:\/\/vapebulkp.com\/wp-content\/uploads\/2024\/12\/bulk-buy-vapes-bood-infinity-30k-puffs-blue-razz-ice.png",800,800,false],"trp-custom-language-flag":["https:\/\/vapebulkp.com\/wp-content\/uploads\/2024\/12\/bulk-buy-vapes-bood-infinity-30k-puffs-blue-razz-ice.png",12,12,false],"woocommerce_thumbnail":["https:\/\/vapebulkp.com\/wp-content\/uploads\/2024\/12\/bulk-buy-vapes-bood-infinity-30k-puffs-blue-razz-ice-300x300.png",300,300,true],"woocommerce_single":["https:\/\/vapebulkp.com\/wp-content\/uploads\/2024\/12\/bulk-buy-vapes-bood-infinity-30k-puffs-blue-razz-ice-600x600.png",600,600,true],"woocommerce_gallery_thumbnail":["https:\/\/vapebulkp.com\/wp-content\/uploads\/2024\/12\/bulk-buy-vapes-bood-infinity-30k-puffs-blue-razz-ice-100x100.png",100,100,true],"wcpr-photo-reviews":["https:\/\/vapebulkp.com\/wp-content\/uploads\/2024\/12\/bulk-buy-vapes-bood-infinity-30k-puffs-blue-razz-ice.png",500,500,false]},"uagb_author_info":{"display_name":"Mandy vape bulk price","author_link":"https:\/\/vapebulkp.com\/da\/author\/"},"uagb_comment_info":0,"uagb_excerpt":"BOOD INFINITY 30000 Puffs Vape - Hot Sale! Premium quality, long-lasting performance, and unbeatable discount prices. Order now for the best vaping deal! Pls Contact Mandy's WhatsApp For Discount Price+8618077105796 NOTE: Prices on our website does not include shipping costs &nbsp;","_links":{"self":[{"href":"https:\/\/vapebulkp.com\/da\/wp-json\/wp\/v2\/product\/3278","targetHints":{"allow":["GET"]}}],"collection":[{"href":"https:\/\/vapebulkp.com\/da\/wp-json\/wp\/v2\/product"}],"about":[{"href":"https:\/\/vapebulkp.com\/da\/wp-json\/wp\/v2\/types\/product"}],"replies":[{"embeddable":true,"href":"https:\/\/vapebulkp.com\/da\/wp-json\/wp\/v2\/comments?post=3278"}],"wp:featuredmedia":[{"embeddable":true,"href":"https:\/\/vapebulkp.com\/da\/wp-json\/wp\/v2\/media\/3284"}],"wp:attachment":[{"href":"https:\/\/vapebulkp.com\/da\/wp-json\/wp\/v2\/media?parent=3278"}],"wp:term":[{"taxonomy":"product_cat","embeddable":true,"href":"https:\/\/vapebulkp.com\/da\/wp-json\/wp\/v2\/product_cat?post=3278"},{"taxonomy":"product_tag","embeddable":true,"href":"https:\/\/vapebulkp.com\/da\/wp-json\/wp\/v2\/product_tag?post=3278"}],"curies":[{"name":"wp","href":"https:\/\/api.w.org\/{rel}","templated":true}]}}