{"id":3344,"date":"2025-01-03T09:08:05","date_gmt":"2025-01-03T08:08:05","guid":{"rendered":"https:\/\/vapebulkp.com\/?post_type=product&#038;p=3344"},"modified":"2025-09-24T05:06:40","modified_gmt":"2025-09-24T03:06:40","slug":"razz-bar-25000-puffs-wholesale-price-vape-eu-warehouse","status":"publish","type":"product","link":"https:\/\/vapebulkp.com\/da\/product\/razz-bar-25000-puffs-wholesale-price-vape-eu-warehouse\/","title":{"rendered":"RAZZ BAR 25000 pust Engrospris Vape EU Lager"},"content":{"rendered":"<h2 style=\"text-align: left\">RAZZ BAR 25000 pust Engrospris Vape EU Lager<\/h2>\n<p>RAZZ BAR <a href=\"https:\/\/vapebulkp.com\/da\/product-category\/25000-puffs-disposable-vape\/\">25000 Pust Genopladelig Engangs E-cigaret<\/a> leverer langvarig ydeevne og rig smag, designet til danske forhandlere og dampere, der kr\u00e6ver kvalitet. Drevet af et genopladeligt 650mAh batteri med Type-C hurtigopladning giver denne genopladelige engangsvape en j\u00e6vn, ensartet damp takket v\u00e6re avanceret mesh coil vape-teknologi.<\/p>\n<p>Med 25.000 sug pr. enhed og 16 n\u00f8je udvalgte smagsvarianter tilfredsstiller den b\u00e5de lejlighedsvise brugere og erfarne dampere. Det slanke, kompakte design sikrer b\u00e6rbarhed og stil, mens den holdbare konstruktion underst\u00f8tter udvidet brug.<\/p>\n<p>Perfekt til engros vape i Danmark, hver karton indeholder 200 enheder, hvilket g\u00f8r det til et ideelt valg for bulkindk\u00f8b, og forsendelse fra Danmark lager sikrer hurtig, omkostningseffektiv levering. F\u00f8j RAZZ BAR 25000 Puffs til dit lager og tilbyd en vaping-mulighed med h\u00f8j kapacitet, som dine kunder vil vende tilbage til.<\/p>\n<figure id=\"attachment_3338\" aria-describedby=\"caption-attachment-3338\" style=\"width: 652px\" class=\"wp-caption alignnone\"><img decoding=\"async\" class=\"wp-image-3338\" src=\"http:\/\/vapebulkp.com\/wp-content\/uploads\/2025\/01\/RAZZ-BAR-25000-Puff-Love-66.webp\" alt=\"RAZZ BAR 25000 Puff Love 66\" width=\"652\" height=\"652\" srcset=\"https:\/\/vapebulkp.com\/wp-content\/uploads\/2025\/01\/RAZZ-BAR-25000-Puff-Love-66.webp 800w, https:\/\/vapebulkp.com\/wp-content\/uploads\/2025\/01\/RAZZ-BAR-25000-Puff-Love-66-300x300.webp 300w, https:\/\/vapebulkp.com\/wp-content\/uploads\/2025\/01\/RAZZ-BAR-25000-Puff-Love-66-150x150.webp 150w, https:\/\/vapebulkp.com\/wp-content\/uploads\/2025\/01\/RAZZ-BAR-25000-Puff-Love-66-768x768.webp 768w, https:\/\/vapebulkp.com\/wp-content\/uploads\/2025\/01\/RAZZ-BAR-25000-Puff-Love-66-600x600.webp 600w, https:\/\/vapebulkp.com\/wp-content\/uploads\/2025\/01\/RAZZ-BAR-25000-Puff-Love-66-100x100.webp 100w\" sizes=\"(max-width: 652px) 100vw, 652px\" \/><figcaption id=\"caption-attachment-3338\" class=\"wp-caption-text\">RAZZ BAR 25000 Puff Love 66<\/figcaption><\/figure>\n<h6><span style=\"color: #ff0000\">Kontakt venligst Mandys WhatsApp for rabatpris<a style=\"color: #ff0000\" href=\"https:\/\/wa.me\/8618077105796\">+8618077105796<\/a><\/span><\/h6>\n<p><img decoding=\"async\" class=\"alignnone wp-image-2151\" src=\"http:\/\/vapebulkp.com\/wp-content\/uploads\/2024\/04\/Mandy-WhatsApp-Randm.jpg\" alt=\"Mandy WhatsApp Randm\" width=\"324\" height=\"330\" \/><\/p>\n<div class=\"flex max-w-full flex-col flex-grow\">\n<div class=\"min-h-8 text-message flex w-full flex-col items-end gap-2 whitespace-normal break-words text-start [.text-message+&amp;]:mt-5\" dir=\"auto\" data-message-author-role=\"assistant\" data-message-id=\"d24cf626-c018-4805-80f5-44de047f2ba0\" data-message-model-slug=\"gpt-4o\">\n<div class=\"flex w-full flex-col gap-1 empty:hidden first:pt-[3px]\">\n<div class=\"markdown prose w-full break-words dark:prose-invert light\">\n<h2>Hvorfor V\u00e6lge RAZZ BAR VAPES 25000 PUFF p\u00e5 <a href=\"https:\/\/vapebulkp.com\/da\/vape-shop\/\">Vapebulkp.com<\/a>?<\/h2>\n<ul>\n<li><strong>Eksklusiv Bulkpriss\u00e6tning:<\/strong> Vapebulkp.com tilbyder uovertrufne engrospriser p\u00e5 <strong>RAZZ BAR 25000 Pust<\/strong>, hvilket sikrer maksimal v\u00e6rdi for forhandlere og distribut\u00f8rer.<\/li>\n<li><strong>Premium Produktudvalg:<\/strong> Den <strong>RAZZ BAR Vapes<\/strong> har avanceret mesh coil-teknologi, 650mAh genopladelige batterier og op til <strong>25.000 sug<\/strong>, hvilket garanterer en vaping-oplevelse af h\u00f8j kvalitet.<\/li>\n<li><strong>Bred Smagsvariant:<\/strong> Med <strong>16 unikke smagsvarianter<\/strong>, Vapebulkp.com im\u00f8dekommer forskellige kundepr\u00e6ferencer, hvilket g\u00f8r det nemt at lagerf\u00f8re attraktive muligheder.<\/li>\n<li><strong>Str\u00f8mlinet indk\u00f8bsoplevelse:<\/strong> Nyd en intuitiv brugerflade, detaljerede produktbeskrivelser og sikre betalingsmuligheder for problemfri k\u00f8b.<\/li>\n<li><strong>Global forsendelse:<\/strong> Vapebulkp.com tilbyder p\u00e5lidelig og effektiv levering i hele Europa og andre regioner, hvilket sikrer rettidig ordreopfyldelse.<\/li>\n<li><strong>Betroet kvalitet:<\/strong> Hvert RAZZ BAR-produkt gennemg\u00e5r streng kvalitetskontrol for at opfylde h\u00f8je standarder og \u00f8ge kundetilfredsheden.<\/li>\n<li><strong>OEM\/ODM-muligheder:<\/strong> Tilpasningsmuligheder giver virksomheder mulighed for at skabe m\u00e6rkevarer med personlig emballage eller logoer.<\/li>\n<li><strong>Kundecentreret support:<\/strong> Vapebulkp.com tilbyder dedikeret kundeservice for at besvare foresp\u00f8rgsler og sikre glatte transaktioner.<\/li>\n<\/ul>\n<\/div>\n<\/div>\n<\/div>\n<\/div>\n<h2>Vape Engros Razz Bar 25k Puffs N\u00f8glespecifikationer:<\/h2>\n<ul>\n<li><strong>Puffkapacitet:<\/strong> Op til 25.000 sug<\/li>\n<li><strong>Nikotinmuligheder:<\/strong> 2% og 5% salt nikotin<\/li>\n<li><strong>Batteri:<\/strong> 650mAh genopladeligt<\/li>\n<li><strong>Opladning:<\/strong> Type-C hurtig opladning<\/li>\n<li><strong>Coil Teknologi:<\/strong> Mesh-spole for glattere damp og forbedret smag<\/li>\n<li><strong>Smagsvarianter:<\/strong> 16 unikke muligheder<\/li>\n<li><strong>Emballage:<\/strong> 200 styk pr. karton<\/li>\n<\/ul>\n<h2>K\u00f8b stort ind af Razz Bar 25000 Puffs vape <strong>Smagsliste<\/strong><\/h2>\n<p>1.Saftig ferskenis<br \/>\n2.Jordb\u00e6r banan<br \/>\n3. Red Bull Drue<br \/>\n4.Bl\u00e5b\u00e6ris<br \/>\n5.Vandmelonis<br \/>\n6.Frodig is<br \/>\n7.Tropisk frugt<br \/>\n8.Jordb\u00e6r kiwi<br \/>\n9.Jordb\u00e6ris<br \/>\n10.Blandede b\u00e6r<br \/>\n11.Jordb\u00e6r Hindb\u00e6r Kirseb\u00e6r is<br \/>\n12. Love 66<br \/>\n13.Sort Drage is<br \/>\n14.Citron Lime<br \/>\n15.Bl\u00e5b\u00e6r Sur Hindb\u00e6r<br \/>\n16.Jordb\u00e6r Vandmelon Bubble Gum<\/p>\n<p><a href=\"https:\/\/vapebulkp.com\/da\/product\/aivono-curved-smart-screen-35000-puffs-disposable-vape-wholesale-price\/\"><span style=\"vertical-align: inherit\">Aivono 35000 pust <\/span><\/a><\/p>\n<p><span style=\"vertical-align: inherit\">Find flere produkter du m\u00e5ske kan lide:<\/span><em><a href=\"https:\/\/wa.me\/8618077105796\"><span style=\"vertical-align: inherit\">\u00a0K\u00f8b den nu<\/span><\/a><\/em><\/p>\n<p><span style=\"vertical-align: inherit\">Andre Puffs du m\u00e5ske kan lide:<\/span><a href=\"https:\/\/vapebulkp.com\/da\/product\/wholesale-price-bang-kingdoms-rex-32000-puffs-vape-pod\/\"><span style=\"vertical-align: inherit\">Bang Kingdoms 32000Puffs<\/span><\/a><span style=\"vertical-align: inherit\">\u3001<\/span><a href=\"https:\/\/vapebulkp.com\/da\/product\/bood-pulse-pro-25k-50k-disposable-vape-bar-5000-puffs-nicotine-free\/\"><span style=\"vertical-align: inherit\">Bood pulse pro 50000 pust<\/span><\/a><span style=\"vertical-align: inherit\">\/ <\/span><a href=\"https:\/\/vapebulkp.com\/da\/product\/vapsolo-best-quality-viking-12k-puffs-disposable-vapes\/\"><span style=\"vertical-align: inherit\">Vapsolo viking 12000 pust<\/span><\/a><span style=\"vertical-align: inherit\">\/ <\/span><a href=\"https:\/\/vapebulkp.com\/da\/product\/waspe-vape-40000-puff-fihp-double-flavour-disposable-vape\/\"><span style=\"vertical-align: inherit\">WASPE 40000 pust<\/span><\/a><\/p>\n<p><span style=\"vertical-align: inherit\">E-cigaret flaske med special form:<\/span><a href=\"https:\/\/vapebulkp.com\/da\/product\/vapsolo-feed-bar-shisha-vape-15000-puffs-wholesale-price\/\"><span style=\"vertical-align: inherit\"> Vapsolo shisha 15000 Pust<\/span><\/a><span style=\"vertical-align: inherit\">\/ <\/span><a href=\"https:\/\/vapebulkp.com\/da\/product\/vopk-ultra-30000-puffs-rgb-light-mesh-coil-rechargeable-vape-wholesale-price\/\"><span style=\"vertical-align: inherit\">\u00a0VOPK ULTRA 30000 pust <\/span><\/a><span style=\"vertical-align: inherit\">\/<\/span><a href=\"https:\/\/vapebulkp.com\/da\/product\/bang-box-35000-puffs-touch-switch-digital-screen-rechargeable-vape\/\"><span style=\"vertical-align: inherit\"> Bang Box 35000 Pust<\/span><\/a><\/p>\n<h2><\/h2>\n<h3>FAQ for RAZZ BAR 25000 Puffs Bedste engangs vape<\/h3>\n<p>&nbsp;<\/p>\n<p><strong>Q: Hvor mange sug giver RAZZ BAR 25000 vapes til engrospris?<\/strong><br \/>\n<strong>A:<\/strong> Enheden leverer op til <strong>25.000 sug<\/strong>, hvilket sikrer langvarig nydelse.<\/p>\n<p><strong>Q: Kan jeg genoplade RAZZ BAR 25000 Puffs?<\/strong><br \/>\n<strong>A:<\/strong> Ja, den har en <strong>650mAh genopladeligt batteri<\/strong> med <strong>Type-C opladning<\/strong> til hurtig og effektiv opladning.<\/p>\n<p><strong>Q: Hvor mange smagsvarianter er tilg\u00e6ngelige for RAZZ VAPE 25000 Puffs?<\/strong><br \/>\n<strong>A:<\/strong> RAZZ BAR er tilg\u00e6ngelig i <strong>16 forskellige smagsvarianter<\/strong>, der im\u00f8dekommer en bred vifte af smagspr\u00e6ferencer.<\/p>\n<p><strong>Q: Bruger RAZZ BAR avanceret coil-teknologi?<\/strong><br \/>\n<strong>A:<\/strong> Ja, den er udstyret med et <strong>mesh coil<\/strong>, hvilket sikrer en bl\u00f8dere damp og rigere smag.<\/p>\n<p><strong>Q: Kan razz bar 25000 puff vape pods genopfyldes?<\/strong><br \/>\n<strong>A:<\/strong> Nej, RAZZ BAR 25k puffs er en engangs vape og kommer fyldt med e-v\u00e6ske.<\/p>\n<p><strong>Q: Er der nogen forholdsregler, n\u00e5r man bruger razzbar vape 25000 puff?<\/strong><br \/>\n<strong>A:<\/strong> Undg\u00e5 overopladning og opbevar enheden et k\u00f8ligt, t\u00f8rt sted. Bortskaf den forsvarligt, n\u00e5r den er brugt op.<\/p>\n<h4>Forsendelsesdetaljer:<\/h4>\n<p><span style=\"color: #ff6600\">Produktionstid: 5-10 arbejdsdage<\/span><br \/>\n<span style=\"color: #ff6600\">Leveringstid: 8-14 arbejdsdage<\/span><\/p>\n<p>Alle produkter i vores butik er 100% originale og autentiske, s\u00e5 ti gange kompensation for falske varer er vores butikspolitik. Vi bruger logistikkanaler som UPS\/DHL\/FEDEX\/DPD til at levere varer til dig.<\/p>\n<p>For pakker sendt til Danmark tager det normalt 10 arbejdsdage at ankomme. Forsendelse til europ\u00e6iske lande tager normalt 12 til 15 arbejdsdage at ankomme. Vi vil opdatere logistikinformationen for dig i realtid.<\/p>","protected":false},"excerpt":{"rendered":"<div class=\"flex-shrink-0 flex flex-col relative items-end\">\n<div>\n<div class=\"pt-0\">\n<div class=\"gizmo-bot-avatar flex h-8 w-8 items-center justify-center overflow-hidden rounded-full\">\n<div class=\"relative p-1 rounded-sm flex items-center justify-center bg-token-main-surface-primary text-token-text-primary h-8 w-8\"><strong style=\"font-size: 16px\">Razz Bar 25000 Pust:<\/strong><span style=\"font-size: 16px\"> Egenskaber <\/span><strong style=\"font-size: 16px\">2\/5% saltnikotin<\/strong><span style=\"font-size: 16px\">, <\/span><strong style=\"font-size: 16px\">25.000 sug<\/strong><span style=\"font-size: 16px\">, <\/span><strong style=\"font-size: 16px\">650mAh genopladeligt batteri<\/strong><span style=\"font-size: 16px\">, <\/span><strong style=\"font-size: 16px\">mesh coil<\/strong><span style=\"font-size: 16px\">, <\/span><strong style=\"font-size: 16px\">Type-C opladning<\/strong><span style=\"font-size: 16px\">, <\/span><strong style=\"font-size: 16px\">16 smagsvarianter<\/strong><span style=\"font-size: 16px\">, og <\/span><strong style=\"font-size: 16px\">200 stk. pr. karton<\/strong><span style=\"font-size: 16px\"> for ultimativ bekvemmelighed.<\/span><\/div>\n<\/div>\n<\/div>\n<\/div>\n<\/div>\n<p>Kontakt venligst Mandys WhatsApp for rabatpris<a href=\"https:\/\/wa.me\/8618077105796\">+8618077105796<\/a><\/p>\n<p><img decoding=\"async\" class=\"alignnone wp-image-2151\" src=\"http:\/\/vapebulkp.com\/wp-content\/uploads\/2024\/04\/Mandy-WhatsApp-Randm.jpg\" alt=\"Mandy WhatsApp Randm\" width=\"297\" height=\"316\" srcset=\"https:\/\/vapebulkp.com\/wp-content\/uploads\/2024\/04\/Mandy-WhatsApp-Randm.jpg 916w, https:\/\/vapebulkp.com\/wp-content\/uploads\/2024\/04\/Mandy-WhatsApp-Randm-282x300.jpg 282w, https:\/\/vapebulkp.com\/wp-content\/uploads\/2024\/04\/Mandy-WhatsApp-Randm-768x817.jpg 768w, https:\/\/vapebulkp.com\/wp-content\/uploads\/2024\/04\/Mandy-WhatsApp-Randm-600x638.jpg 600w\" sizes=\"(max-width: 297px) 100vw, 297px\" \/><\/p>\n<p><span style=\"color: #ff0000\">BEM\u00c6RK: Priserne p\u00e5 vores hjemmeside inkluderer ikke forsendelsesomkostninger<\/span><\/p>\n<p>&nbsp;<\/p>","protected":false},"featured_media":3340,"comment_status":"open","ping_status":"closed","template":"","meta":{"_uag_custom_page_level_css":"","_lmt_disableupdate":"no","_lmt_disable":"","site-sidebar-layout":"default","site-content-layout":"content-boxed-container","ast-site-content-layout":"normal-width-container","site-content-style":"boxed","site-sidebar-style":"unboxed","ast-global-header-display":"","ast-banner-title-visibility":"","ast-main-header-display":"","ast-hfb-above-header-display":"","ast-hfb-below-header-display":"","ast-hfb-mobile-header-display":"","site-post-title":"","ast-breadcrumbs-content":"","ast-featured-img":"","footer-sml-layout":"","theme-transparent-header-meta":"default","adv-header-id-meta":"","stick-header-meta":"","header-above-stick-meta":"","header-main-stick-meta":"","header-below-stick-meta":"","astra-migrate-meta-layouts":"set","_joinchat":[]},"product_cat":[161,153,155,33,59,100,87,34,158,157,154,358,152,58,84,156,63,32],"product_tag":[180,36,37,41,197,40],"class_list":["post-3344","product","type-product","status-publish","has-post-thumbnail","hentry","product_cat-25000-puffs-disposable-vape","product_cat-hot-disposable-vapes","product_cat-belgium-hot-disposable-vapes","product_cat-france-vape-hot-sale","product_cat-germany-hot-disposable-vape","product_cat-germany-wholesale-vape-shop","product_cat-minimum-order-quantity-50pcs","product_cat-netherlands-vape-good-sale","product_cat-norway-hot-disposable-vapes","product_cat-poland-hot-disposable-vapes","product_cat-portugal-hot-disposable-vapes","product_cat-razzbar-vape","product_cat-spain-hot-disposable-vapes","product_cat-sweden-hot-disposable-vape","product_cat-sweden-wholesale-vape","product_cat-switzerland-hot-disposable-vapes","product_cat-top-sale-disposable-vape","product_cat-vape-hot-sale-this-week","product_tag-25000-puffs","product_tag-good-vape","product_tag-hot-sale-disposable-vape","product_tag-poland-hot-vape","product_tag-razz-bar-25000-puffs","product_tag-sweden-hot-vape","pa_brand-razzbar-vape","desktop-align-left","tablet-align-left","mobile-align-left"],"yoast_head":"<!-- This site is optimized with the Yoast SEO plugin v21.1 - https:\/\/yoast.com\/wordpress\/plugins\/seo\/ -->\n<title>RAZZ BAR 25000 Puffs Wholesale Price Vape EU Warehouse - vapebulkp.com<\/title>\n<meta name=\"description\" content=\"Stock the RAZZ BAR 25000 Puffs vape with EU warehouse availability! Features 650mAh rechargeable battery, Type-C charging, 16 flavors. Perfect for bulk orders.\" \/>\n<meta name=\"robots\" content=\"index, follow, max-snippet:-1, max-image-preview:large, max-video-preview:-1\" \/>\n<link rel=\"canonical\" href=\"https:\/\/vapebulkp.com\/da\/product\/razz-bar-25000-puffs-wholesale-price-vape-eu-warehouse\/\" \/>\n<meta property=\"og:locale\" content=\"da_DK\" \/>\n<meta property=\"og:type\" content=\"article\" \/>\n<meta property=\"og:title\" content=\"RAZZ BAR 25000 Puffs Wholesale Price Vape EU Warehouse - vapebulkp.com\" \/>\n<meta property=\"og:description\" content=\"Stock the RAZZ BAR 25000 Puffs vape with EU warehouse availability! Features 650mAh rechargeable battery, Type-C charging, 16 flavors. Perfect for bulk orders.\" \/>\n<meta property=\"og:url\" content=\"https:\/\/vapebulkp.com\/da\/product\/razz-bar-25000-puffs-wholesale-price-vape-eu-warehouse\/\" \/>\n<meta property=\"og:site_name\" content=\"vapebulkp.com\" \/>\n<meta property=\"article:modified_time\" content=\"2025-09-24T03:06:40+00:00\" \/>\n<meta property=\"og:image\" content=\"http:\/\/vapebulkp.com\/wp-content\/uploads\/2025\/01\/RAZZ-BAR-25000-Puffs-Lemon-Lime.webp\" \/>\n\t<meta property=\"og:image:width\" content=\"800\" \/>\n\t<meta property=\"og:image:height\" content=\"800\" \/>\n\t<meta property=\"og:image:type\" content=\"image\/webp\" \/>\n<meta name=\"twitter:card\" content=\"summary_large_image\" \/>\n<meta name=\"twitter:label1\" content=\"Estimeret l\u00e6setid\" \/>\n\t<meta name=\"twitter:data1\" content=\"4 minutter\" \/>\n<script type=\"application\/ld+json\" class=\"yoast-schema-graph\">{\"@context\":\"https:\/\/schema.org\",\"@graph\":[{\"@type\":\"WebPage\",\"@id\":\"https:\/\/vapebulkp.com\/product\/razz-bar-25000-puffs-wholesale-price-vape-eu-warehouse\/\",\"url\":\"https:\/\/vapebulkp.com\/product\/razz-bar-25000-puffs-wholesale-price-vape-eu-warehouse\/\",\"name\":\"RAZZ BAR 25000 Puffs Wholesale Price Vape EU Warehouse - vapebulkp.com\",\"isPartOf\":{\"@id\":\"https:\/\/vapebulkp.com\/#website\"},\"datePublished\":\"2025-01-03T08:08:05+00:00\",\"dateModified\":\"2025-09-24T03:06:40+00:00\",\"description\":\"Stock the RAZZ BAR 25000 Puffs vape with EU warehouse availability! Features 650mAh rechargeable battery, Type-C charging, 16 flavors. Perfect for bulk orders.\",\"breadcrumb\":{\"@id\":\"https:\/\/vapebulkp.com\/product\/razz-bar-25000-puffs-wholesale-price-vape-eu-warehouse\/#breadcrumb\"},\"inLanguage\":\"da-DK\",\"potentialAction\":[{\"@type\":\"ReadAction\",\"target\":[\"https:\/\/vapebulkp.com\/product\/razz-bar-25000-puffs-wholesale-price-vape-eu-warehouse\/\"]}]},{\"@type\":\"BreadcrumbList\",\"@id\":\"https:\/\/vapebulkp.com\/product\/razz-bar-25000-puffs-wholesale-price-vape-eu-warehouse\/#breadcrumb\",\"itemListElement\":[{\"@type\":\"ListItem\",\"position\":1,\"name\":\"Home\",\"item\":\"https:\/\/vapebulkp.com\/\"},{\"@type\":\"ListItem\",\"position\":2,\"name\":\"Hot Trend Vapes\",\"item\":\"https:\/\/vapebulkp.com\/vape-shop\/\"},{\"@type\":\"ListItem\",\"position\":3,\"name\":\"RAZZ BAR 25000 Puffs Wholesale Price Vape EU Warehouse\"}]},{\"@type\":\"WebSite\",\"@id\":\"https:\/\/vapebulkp.com\/#website\",\"url\":\"https:\/\/vapebulkp.com\/\",\"name\":\"vapebulkp.com\",\"description\":\"Buy Vape In Cheap Bulk Price Near you\",\"publisher\":{\"@id\":\"https:\/\/vapebulkp.com\/#organization\"},\"potentialAction\":[{\"@type\":\"SearchAction\",\"target\":{\"@type\":\"EntryPoint\",\"urlTemplate\":\"https:\/\/vapebulkp.com\/?s={search_term_string}\"},\"query-input\":\"required name=search_term_string\"}],\"inLanguage\":\"da-DK\"},{\"@type\":\"Organization\",\"@id\":\"https:\/\/vapebulkp.com\/#organization\",\"name\":\"vapebulkp.com\",\"url\":\"https:\/\/vapebulkp.com\/\",\"logo\":{\"@type\":\"ImageObject\",\"inLanguage\":\"da-DK\",\"@id\":\"https:\/\/vapebulkp.com\/#\/schema\/logo\/image\/\",\"url\":\"https:\/\/vapebulkp.com\/wp-content\/uploads\/2023\/09\/cropped-vapebulkp.png\",\"contentUrl\":\"https:\/\/vapebulkp.com\/wp-content\/uploads\/2023\/09\/cropped-vapebulkp.png\",\"width\":516,\"height\":163,\"caption\":\"vapebulkp.com\"},\"image\":{\"@id\":\"https:\/\/vapebulkp.com\/#\/schema\/logo\/image\/\"}}]}<\/script>\n<!-- \/ Yoast SEO plugin. -->","yoast_head_json":{"title":"RAZZ BAR 25000 Puffs Wholesale Price Vape EU Warehouse - vapebulkp.com","description":"Stock the RAZZ BAR 25000 Puffs vape with EU warehouse availability! Features 650mAh rechargeable battery, Type-C charging, 16 flavors. Perfect for bulk orders.","robots":{"index":"index","follow":"follow","max-snippet":"max-snippet:-1","max-image-preview":"max-image-preview:large","max-video-preview":"max-video-preview:-1"},"canonical":"https:\/\/vapebulkp.com\/da\/product\/razz-bar-25000-puffs-wholesale-price-vape-eu-warehouse\/","og_locale":"da_DK","og_type":"article","og_title":"RAZZ BAR 25000 Puffs Wholesale Price Vape EU Warehouse - vapebulkp.com","og_description":"Stock the RAZZ BAR 25000 Puffs vape with EU warehouse availability! Features 650mAh rechargeable battery, Type-C charging, 16 flavors. Perfect for bulk orders.","og_url":"https:\/\/vapebulkp.com\/da\/product\/razz-bar-25000-puffs-wholesale-price-vape-eu-warehouse\/","og_site_name":"vapebulkp.com","article_modified_time":"2025-09-24T03:06:40+00:00","og_image":[{"width":800,"height":800,"url":"http:\/\/vapebulkp.com\/wp-content\/uploads\/2025\/01\/RAZZ-BAR-25000-Puffs-Lemon-Lime.webp","type":"image\/webp"}],"twitter_card":"summary_large_image","twitter_misc":{"Estimeret l\u00e6setid":"4 minutter"},"schema":{"@context":"https:\/\/schema.org","@graph":[{"@type":"WebPage","@id":"https:\/\/vapebulkp.com\/product\/razz-bar-25000-puffs-wholesale-price-vape-eu-warehouse\/","url":"https:\/\/vapebulkp.com\/product\/razz-bar-25000-puffs-wholesale-price-vape-eu-warehouse\/","name":"RAZZ BAR 25000 Puffs Wholesale Price Vape EU Warehouse - vapebulkp.com","isPartOf":{"@id":"https:\/\/vapebulkp.com\/#website"},"datePublished":"2025-01-03T08:08:05+00:00","dateModified":"2025-09-24T03:06:40+00:00","description":"Stock the RAZZ BAR 25000 Puffs vape with EU warehouse availability! Features 650mAh rechargeable battery, Type-C charging, 16 flavors. Perfect for bulk orders.","breadcrumb":{"@id":"https:\/\/vapebulkp.com\/product\/razz-bar-25000-puffs-wholesale-price-vape-eu-warehouse\/#breadcrumb"},"inLanguage":"da-DK","potentialAction":[{"@type":"ReadAction","target":["https:\/\/vapebulkp.com\/product\/razz-bar-25000-puffs-wholesale-price-vape-eu-warehouse\/"]}]},{"@type":"BreadcrumbList","@id":"https:\/\/vapebulkp.com\/product\/razz-bar-25000-puffs-wholesale-price-vape-eu-warehouse\/#breadcrumb","itemListElement":[{"@type":"ListItem","position":1,"name":"Home","item":"https:\/\/vapebulkp.com\/"},{"@type":"ListItem","position":2,"name":"Hot Trend Vapes","item":"https:\/\/vapebulkp.com\/vape-shop\/"},{"@type":"ListItem","position":3,"name":"RAZZ BAR 25000 Puffs Wholesale Price Vape EU Warehouse"}]},{"@type":"WebSite","@id":"https:\/\/vapebulkp.com\/#website","url":"https:\/\/vapebulkp.com\/","name":"vapebulkp.com","description":"Buy Vape In Cheap Bulk Price Near you","publisher":{"@id":"https:\/\/vapebulkp.com\/#organization"},"potentialAction":[{"@type":"SearchAction","target":{"@type":"EntryPoint","urlTemplate":"https:\/\/vapebulkp.com\/?s={search_term_string}"},"query-input":"required name=search_term_string"}],"inLanguage":"da-DK"},{"@type":"Organization","@id":"https:\/\/vapebulkp.com\/#organization","name":"vapebulkp.com","url":"https:\/\/vapebulkp.com\/","logo":{"@type":"ImageObject","inLanguage":"da-DK","@id":"https:\/\/vapebulkp.com\/#\/schema\/logo\/image\/","url":"https:\/\/vapebulkp.com\/wp-content\/uploads\/2023\/09\/cropped-vapebulkp.png","contentUrl":"https:\/\/vapebulkp.com\/wp-content\/uploads\/2023\/09\/cropped-vapebulkp.png","width":516,"height":163,"caption":"vapebulkp.com"},"image":{"@id":"https:\/\/vapebulkp.com\/#\/schema\/logo\/image\/"}}]}},"uagb_featured_image_src":{"full":["https:\/\/vapebulkp.com\/wp-content\/uploads\/2025\/01\/RAZZ-BAR-25000-Puffs-Lemon-Lime.webp",800,800,false],"thumbnail":["https:\/\/vapebulkp.com\/wp-content\/uploads\/2025\/01\/RAZZ-BAR-25000-Puffs-Lemon-Lime-150x150.webp",150,150,true],"medium":["https:\/\/vapebulkp.com\/wp-content\/uploads\/2025\/01\/RAZZ-BAR-25000-Puffs-Lemon-Lime-300x300.webp",300,300,true],"medium_large":["https:\/\/vapebulkp.com\/wp-content\/uploads\/2025\/01\/RAZZ-BAR-25000-Puffs-Lemon-Lime-768x768.webp",768,768,true],"large":["https:\/\/vapebulkp.com\/wp-content\/uploads\/2025\/01\/RAZZ-BAR-25000-Puffs-Lemon-Lime.webp",800,800,false],"1536x1536":["https:\/\/vapebulkp.com\/wp-content\/uploads\/2025\/01\/RAZZ-BAR-25000-Puffs-Lemon-Lime.webp",800,800,false],"2048x2048":["https:\/\/vapebulkp.com\/wp-content\/uploads\/2025\/01\/RAZZ-BAR-25000-Puffs-Lemon-Lime.webp",800,800,false],"trp-custom-language-flag":["https:\/\/vapebulkp.com\/wp-content\/uploads\/2025\/01\/RAZZ-BAR-25000-Puffs-Lemon-Lime.webp",12,12,false],"woocommerce_thumbnail":["https:\/\/vapebulkp.com\/wp-content\/uploads\/2025\/01\/RAZZ-BAR-25000-Puffs-Lemon-Lime-300x300.webp",300,300,true],"woocommerce_single":["https:\/\/vapebulkp.com\/wp-content\/uploads\/2025\/01\/RAZZ-BAR-25000-Puffs-Lemon-Lime-600x600.webp",600,600,true],"woocommerce_gallery_thumbnail":["https:\/\/vapebulkp.com\/wp-content\/uploads\/2025\/01\/RAZZ-BAR-25000-Puffs-Lemon-Lime-100x100.webp",100,100,true],"wcpr-photo-reviews":["https:\/\/vapebulkp.com\/wp-content\/uploads\/2025\/01\/RAZZ-BAR-25000-Puffs-Lemon-Lime.webp",500,500,false]},"uagb_author_info":{"display_name":"Mandy vape bulk price","author_link":"https:\/\/vapebulkp.com\/da\/author\/"},"uagb_comment_info":0,"uagb_excerpt":"Razz Bar 25000 Puffs: Features 2\/5% salt nicotine, 25,000 puffs, 650mAh rechargeable battery, mesh coil, Type-C charging, 16 flavors, and 200 pcs per carton for ultimate convenience. Pls Contact Mandy's WhatsApp For Discount Price+8618077105796 NOTE: Prices on our website does not include shipping costs &nbsp;","_links":{"self":[{"href":"https:\/\/vapebulkp.com\/da\/wp-json\/wp\/v2\/product\/3344","targetHints":{"allow":["GET"]}}],"collection":[{"href":"https:\/\/vapebulkp.com\/da\/wp-json\/wp\/v2\/product"}],"about":[{"href":"https:\/\/vapebulkp.com\/da\/wp-json\/wp\/v2\/types\/product"}],"replies":[{"embeddable":true,"href":"https:\/\/vapebulkp.com\/da\/wp-json\/wp\/v2\/comments?post=3344"}],"wp:featuredmedia":[{"embeddable":true,"href":"https:\/\/vapebulkp.com\/da\/wp-json\/wp\/v2\/media\/3340"}],"wp:attachment":[{"href":"https:\/\/vapebulkp.com\/da\/wp-json\/wp\/v2\/media?parent=3344"}],"wp:term":[{"taxonomy":"product_cat","embeddable":true,"href":"https:\/\/vapebulkp.com\/da\/wp-json\/wp\/v2\/product_cat?post=3344"},{"taxonomy":"product_tag","embeddable":true,"href":"https:\/\/vapebulkp.com\/da\/wp-json\/wp\/v2\/product_tag?post=3344"}],"curies":[{"name":"wp","href":"https:\/\/api.w.org\/{rel}","templated":true}]}}