{"id":3345,"date":"2025-01-06T07:24:49","date_gmt":"2025-01-06T06:24:49","guid":{"rendered":"https:\/\/vapebulkp.com\/?post_type=product&#038;p=3345"},"modified":"2025-09-16T11:29:20","modified_gmt":"2025-09-16T09:29:20","slug":"bang-king-35000-puffs-wholesale-puff-tornado-vape","status":"publish","type":"product","link":"https:\/\/vapebulkp.com\/da\/vare\/bang-king-35000-puffs-wholesale-puff-tornado-vape\/","title":{"rendered":"Bang King 35000 Pust Engros Puff Tornado Vape"},"content":{"rendered":"<h2 style=\"text-align: left\">Bang King 35000 Pust Engros Puff Tornado Vape<\/h2>\n<p>&nbsp;<\/p>\n<p>Den <strong>Bang King 35000 Pust Tornado Vape<\/strong> er en game-changer p\u00e5 markedet for engangs e-cigaretter og tilbyder en uovertruffen kombination af ydeevne, smag og levetid. Designet til brugere med h\u00f8j eftersp\u00f8rgsel og engrosk\u00f8bere, leverer denne banebrydende vape op til <strong>35.000 pust<\/strong>\u2014en sand kraftkarl til udvidede vaping-sessioner. Udstyret med en <strong>23 ml e-v\u00e6ske kapacitet<\/strong> og en avanceret <strong>0,6\u03a9 mesh coil<\/strong>, sikrer den j\u00e6vn dampproduktion og rige, konsistente smage ved hver tr\u00e6kning.<\/p>\n<p>Den <strong>1000mAh genopladeligt batteri<\/strong> med en <strong>Type-C opladningsport<\/strong> sikrer uafbrudt brug, mens den innovative <strong>anti-t\u00f8rbr\u00e6ndingsbeskyttelse<\/strong> sikrer sikkerhed og p\u00e5lidelighed. Tilg\u00e6ngelig i flere nikotinstyrker (<strong>01mg, 21mg, 31mg og 51mg<\/strong>), Bang King im\u00f8dekommer forskellige pr\u00e6ferencer, hvilket g\u00f8r det til et alsidigt valg for enhver vaping-entusiast.<\/p>\n<p>Perfekt egnet til engrosbehov, Bang King 35K leveres i <strong>10 stk\/\u00e6ske og 200 stk\/karton<\/strong>, hvilket giver fremragende v\u00e6rdi for distribut\u00f8rer og detailhandlere. Udforsk premiumkvaliteten og bekvemmeligheden ved Bang King 35K, udelukkende hos <strong>Vapebulkp.com<\/strong>, din betroede leverand\u00f8r af <strong>high-end engangs e-cigaretter<\/strong> i Danmark.<\/p>\n<h6>Kontakt venligst Mandys WhatsApp for rabatpris<a href=\"https:\/\/wa.me\/8618077105796\">+8618077105796<\/a><\/h6>\n<p><img decoding=\"async\" class=\"alignnone wp-image-2151\" src=\"http:\/\/vapebulkp.com\/wp-content\/uploads\/2024\/04\/Mandy-WhatsApp-Randm.jpg\" alt=\"Mandy WhatsApp Randm\" width=\"324\" height=\"330\" \/><\/p>\n<div class=\"flex max-w-full flex-col flex-grow\">\n<div class=\"min-h-8 text-message flex w-full flex-col items-end gap-2 whitespace-normal break-words text-start [.text-message+&amp;]:mt-5\" dir=\"auto\" data-message-author-role=\"assistant\" data-message-id=\"d24cf626-c018-4805-80f5-44de047f2ba0\" data-message-model-slug=\"gpt-4o\">\n<div class=\"flex w-full flex-col gap-1 empty:hidden first:pt-[3px]\">\n<div class=\"markdown prose w-full break-words dark:prose-invert light\">\n<h2>Hvorfor v\u00e6lge billige engangsvapes <strong>Bang King 35000 Pust <\/strong>at <a href=\"https:\/\/vapebulkp.com\/da\/vape-shop\/\">Vapebulkp.com<\/a>?<\/h2>\n<ul>\n<li><strong>Uovertruffen levetid<\/strong>: Med <strong>35.000 pust<\/strong>s\u00e6tter denne <strong>engangs-vape med h\u00f8j kapacitet<\/strong> standarden for forl\u00e6nget brug.<\/li>\n<li><strong>Premium funktioner<\/strong>: Udstyret med en <strong>1000mAh batteri<\/strong>, <strong>23 ml e-v\u00e6ske<\/strong>, og <strong>0,6\u03a9 mesh coil<\/strong> for ensartet smag og dampproduktion.<\/li>\n<li><strong>Tilpasselige nikotinmuligheder<\/strong>: V\u00e6lg mellem <strong>0%, 2%, 3% eller 5% nikotinsalt<\/strong> der passer til dine pr\u00e6ferencer.<\/li>\n<li><strong>Moderne Bekvemmelighed<\/strong>: Genopladelig via <strong>Type-C-port<\/strong> og designet med <strong>anti-dry burn teknologi<\/strong> for en glattere, sikrere oplevelse.<\/li>\n<li><strong>Engrosfordel<\/strong>: F\u00e5s hos Vapebulkp.com med bulkemballage (<strong>10 stk\/\u00e6ske, 200 stk\/karton<\/strong>), perfekt til danske vapers og forhandlere.<\/li>\n<\/ul>\n<h2><\/h2>\n<h3><strong>Bang King 35000 Puffs Engangs Vapes Funktioner<\/strong><\/h3>\n<ul>\n<li><strong>Massivt Pust Antal<\/strong>: Leverer op til 35.000 pust, hvilket sikrer langvarig brug uden hyppige udskiftninger.<\/li>\n<li><strong>E-v\u00e6ske Kapacitet<\/strong>: Leveres forfyldt med 23 ml premium e-v\u00e6ske, hvilket giver udvidede vaping-sessioner.<\/li>\n<li><strong>Kraftfuldt Batteri<\/strong>: Udstyret med et 1000mAh batteri for p\u00e5lidelig ydeevne og f\u00e6rre genopladninger.<\/li>\n<li><strong>Avanceret Mesh Coil<\/strong>: Har en 0,6\u03a9 mesh coil for forbedret smagsproduktion og j\u00e6vn damplevering.<\/li>\n<li><strong>Type-C Opladningsport<\/strong>: Underst\u00f8tter hurtig og effektiv opladning med en moderne Type-C-gr\u00e6nseflade.<\/li>\n<li><strong>Anti Dry Burn Beskyttelse<\/strong>: Inkluderer avanceret teknologi til at forhindre t\u00f8rre hits og sikre ensartet ydeevne.<\/li>\n<li><strong>Nikotinstyrke Muligheder<\/strong>: F\u00e5s i flere nikotinniveauer, herunder 0%, 2%, 3% og 5%, for at im\u00f8dekomme forskellige pr\u00e6ferencer.<\/li>\n<li><strong>Emballage<\/strong>: Bekvemt pakket med 10 stk. pr. \u00e6ske og 200 stk. pr. karton, ideel til b\u00e5de personlig brug og engrossalg.<\/li>\n<\/ul>\n<\/div>\n<\/div>\n<\/div>\n<\/div>\n<h3>Bang Vape 35000pust vapes <strong>Smagsliste<\/strong><\/h3>\n<p>1. jordb\u00e6r mango<br \/>\n2. love66<br \/>\n3. bl\u00e5 razz is<br \/>\n4. jordb\u00e6r vandmelon<br \/>\n5. citron mynte<br \/>\n6. dobbelt \u00e6ble<br \/>\n7. energidrik<br \/>\n8. fersken is<br \/>\n9. jordb\u00e6r kiwi<br \/>\n10. vindruer is<br \/>\n11. bl\u00e5b\u00e6r is<br \/>\n12. vandmelon<\/p>\n<p><a href=\"https:\/\/vapebulkp.com\/da\/vare\/aivono-curved-smart-screen-35000-puffs-disposable-vape-wholesale-price\/\"><span style=\"vertical-align: inherit\">Aivono 35000 pust <\/span><\/a><\/p>\n<p><span style=\"vertical-align: inherit\">Find flere produkter du m\u00e5ske kan lide:<\/span><em><a href=\"https:\/\/wa.me\/8618077105796\"><span style=\"vertical-align: inherit\">\u00a0K\u00f8b den nu<\/span><\/a><\/em><\/p>\n<p><span style=\"vertical-align: inherit\">Andre Puffs du m\u00e5ske kan lide:<\/span><a href=\"https:\/\/vapebulkp.com\/da\/vare\/wholesale-price-bang-kingdoms-rex-32000-puffs-vape-pod\/\"><span style=\"vertical-align: inherit\">Bang Kingdoms 32000Puffs<\/span><\/a><span style=\"vertical-align: inherit\">\u3001<\/span><a href=\"https:\/\/vapebulkp.com\/da\/vare\/bood-pulse-pro-25k-50k-disposable-vape-bar-5000-puffs-nicotine-free\/\"><span style=\"vertical-align: inherit\">Bood pulse pro 50000 pust<\/span><\/a><span style=\"vertical-align: inherit\">\/ <\/span><a href=\"https:\/\/vapebulkp.com\/da\/vare\/vapsolo-best-quality-viking-12k-puffs-disposable-vapes\/\"><span style=\"vertical-align: inherit\">Vapsolo viking 12000 pust<\/span><\/a><span style=\"vertical-align: inherit\">\/ <\/span><a href=\"https:\/\/vapebulkp.com\/da\/vare\/waspe-vape-40000-puff-fihp-double-flavour-disposable-vape\/\"><span style=\"vertical-align: inherit\">WASPE 40000 pust<\/span><\/a><\/p>\n<p><span style=\"vertical-align: inherit\">E-cigaret flaske med special form:<\/span><a href=\"https:\/\/vapebulkp.com\/da\/vare\/vapsolo-feed-bar-shisha-vape-15000-puffs-wholesale-price\/\"><span style=\"vertical-align: inherit\"> Vapsolo shisha 15000 Pust<\/span><\/a><span style=\"vertical-align: inherit\">\/ <\/span><a href=\"https:\/\/vapebulkp.com\/da\/vare\/vopk-ultra-30000-puffs-rgb-light-mesh-coil-rechargeable-vape-wholesale-price\/\"><span style=\"vertical-align: inherit\">\u00a0VOPK ULTRA 30000 pust <\/span><\/a><span style=\"vertical-align: inherit\">\/<\/span><a href=\"https:\/\/vapebulkp.com\/da\/vare\/bang-box-35000-puffs-touch-switch-digital-screen-rechargeable-vape\/\"><span style=\"vertical-align: inherit\"> Bang Box 35000 Pust<\/span><\/a><\/p>\n<h4><\/h4>\n<h4>FAQ for bang king 35k pust engangsvapes<\/h4>\n<p><strong>1. Hvor mange pust tilbyder Bang King 35K engangsvapen?<\/strong><br \/>\nBang King tilbyder en imponerende <strong>35.000 pust<\/strong>, hvilket g\u00f8r den til en af de mest langtidsholdbare engangs e-cigaretter p\u00e5 markedet.<\/p>\n<p><strong>2. Hvad er e-v\u00e6skekapaciteten for Bang King 35K?<\/strong><br \/>\nHver enhed leveres forfyldt med <strong>23 ml premium e-v\u00e6ske<\/strong>, hvilket sikrer forl\u00e6nget brug uden genopfyldning.<\/p>\n<p><strong>3. Hvilke nikotinstyrker er tilg\u00e6ngelige for Bang King 35k pust?<\/strong><br \/>\nBang King tilbyder en r\u00e6kke <strong>nikotinsaltmuligheder<\/strong>: <strong>01mg, 21mg, 31mg og 51mg<\/strong>, der im\u00f8dekommer forskellige pr\u00e6ferencer.<\/p>\n<p><strong>4. Hvilken type coil bruger bang vape king 35000puff?<\/strong><br \/>\nDen har en <strong>0,6\u03a9 mesh coil<\/strong>, hvilket giver en j\u00e6vn dampproduktion og forbedret smag.<\/p>\n<p><strong>5. Er Bang King 35000 pust genopladelig?<\/strong><br \/>\nJa, enheden er udstyret med en <strong>Type-C opladningsport<\/strong> til hurtig og bekvem opladning.<\/p>\n<h5>Forsendelsesdetaljer:<\/h5>\n<p><span style=\"color: #ff6600\">Produktionstid: 5-10 arbejdsdage<\/span><br \/>\n<span style=\"color: #ff6600\">Leveringstid: 8-14 arbejdsdage<\/span><\/p>\n<p>Alle produkter i vores butik er 100% originale og autentiske, s\u00e5 ti gange kompensation for falske varer er vores butikspolitik. Vi bruger logistikkanaler som UPS\/DHL\/FEDEX\/DPD til at levere varer til dig.<\/p>\n<p>For pakker sendt til Danmark tager det normalt 10 arbejdsdage at ankomme. Forsendelse til europ\u00e6iske lande tager normalt 12 til 15 arbejdsdage at ankomme. Vi vil opdatere logistikinformationen for dig i realtid.<\/p>","protected":false},"excerpt":{"rendered":"<div class=\"flex-shrink-0 flex flex-col relative items-end\">\n<div class=\"pt-0\">\n<div class=\"gizmo-bot-avatar flex h-8 w-8 items-center justify-center overflow-hidden rounded-full\">\n<div class=\"relative p-1 rounded-sm flex items-center justify-center bg-token-main-surface-primary text-token-text-primary h-8 w-8\"><strong>Bang King 35000 Pust Engangsvape<\/strong>, med en massiv <strong>35.000 pust kapacitet<\/strong>, <strong>23 ml e-v\u00e6ske<\/strong>, <strong>1000mAh batteri<\/strong>, og <strong>0,6\u03a9 mesh coil<\/strong> for overlegen smag. F\u00e5s i bulk hos <strong>Vapebulkp.com<\/strong> med flere nikotinmuligheder og <strong>Type-C genopladelighed<\/strong>\u2014det ultimative valg for <strong>engros h\u00f8jkapacitets vapes<\/strong>.<\/div>\n<\/div>\n<\/div>\n<\/div>\n<p>Kontakt venligst Mandys WhatsApp for rabatpris<a href=\"https:\/\/wa.me\/8618077105796\">+8618077105796<\/a><\/p>\n<p><img decoding=\"async\" class=\"alignnone wp-image-2151\" src=\"http:\/\/vapebulkp.com\/wp-content\/uploads\/2024\/04\/Mandy-WhatsApp-Randm.jpg\" alt=\"Mandy WhatsApp Randm\" width=\"297\" height=\"316\" srcset=\"https:\/\/vapebulkp.com\/wp-content\/uploads\/2024\/04\/Mandy-WhatsApp-Randm.jpg 916w, https:\/\/vapebulkp.com\/wp-content\/uploads\/2024\/04\/Mandy-WhatsApp-Randm-282x300.jpg 282w, https:\/\/vapebulkp.com\/wp-content\/uploads\/2024\/04\/Mandy-WhatsApp-Randm-768x817.jpg 768w, https:\/\/vapebulkp.com\/wp-content\/uploads\/2024\/04\/Mandy-WhatsApp-Randm-600x638.jpg 600w\" sizes=\"(max-width: 297px) 100vw, 297px\" \/><\/p>\n<p><span style=\"color: #ff0000\">BEM\u00c6RK: Priserne p\u00e5 vores hjemmeside inkluderer ikke forsendelsesomkostninger<\/span><\/p>\n<p>&nbsp;<\/p>","protected":false},"featured_media":3353,"comment_status":"open","ping_status":"closed","template":"","meta":{"_uag_custom_page_level_css":"","_lmt_disableupdate":"no","_lmt_disable":"","site-sidebar-layout":"default","site-content-layout":"content-boxed-container","ast-site-content-layout":"normal-width-container","site-content-style":"boxed","site-sidebar-style":"unboxed","ast-global-header-display":"","ast-banner-title-visibility":"","ast-main-header-display":"","ast-hfb-above-header-display":"","ast-hfb-below-header-display":"","ast-hfb-mobile-header-display":"","site-post-title":"","ast-breadcrumbs-content":"","ast-featured-img":"","footer-sml-layout":"","theme-transparent-header-meta":"default","adv-header-id-meta":"","stick-header-meta":"","header-above-stick-meta":"","header-main-stick-meta":"","header-below-stick-meta":"","astra-migrate-meta-layouts":"set","_joinchat":[]},"product_cat":[190,153,344,155,33,59,100,87,34,158,157,154,152,58,84,156,63,32],"product_tag":[198,36,37,41,40],"class_list":["post-3345","product","type-product","status-publish","has-post-thumbnail","hentry","product_cat-35000-puffs-disposable-vape","product_cat-hot-disposable-vapes","product_cat-bang-king-vape","product_cat-belgium-hot-disposable-vapes","product_cat-france-vape-hot-sale","product_cat-germany-hot-disposable-vape","product_cat-germany-wholesale-vape-shop","product_cat-minimum-order-quantity-50pcs","product_cat-netherlands-vape-good-sale","product_cat-norway-hot-disposable-vapes","product_cat-poland-hot-disposable-vapes","product_cat-portugal-hot-disposable-vapes","product_cat-spain-hot-disposable-vapes","product_cat-sweden-hot-disposable-vape","product_cat-sweden-wholesale-vape","product_cat-switzerland-hot-disposable-vapes","product_cat-top-sale-disposable-vape","product_cat-vape-hot-sale-this-week","product_tag-bang-king-35000-puffs","product_tag-good-vape","product_tag-hot-sale-disposable-vape","product_tag-poland-hot-vape","product_tag-sweden-hot-vape","pa_brand-bang-king-vape","desktop-align-left","tablet-align-left","mobile-align-left"],"yoast_head":"<!-- This site is optimized with the Yoast SEO plugin v21.1 - https:\/\/yoast.com\/wordpress\/plugins\/seo\/ -->\n<title>Bang King 35000 Puffs Wholesale Puff Tornado Vape - vapebulkp.com<\/title>\n<meta name=\"description\" content=\"Shop Bang King 35000 Puffs Wholesale Puff Tornado Vape at Vapebulkp.com. Featuring 35,000 puffs, 23ml e-liquid, 0.6\u03a9 mesh coil, Type-C charging. Perfect for European retailers and vapers seeking high-capacity disposable vapes.\" \/>\n<meta name=\"robots\" content=\"index, follow, max-snippet:-1, max-image-preview:large, max-video-preview:-1\" \/>\n<link rel=\"canonical\" href=\"https:\/\/vapebulkp.com\/da\/vare\/bang-king-35000-puffs-wholesale-puff-tornado-vape\/\" \/>\n<meta property=\"og:locale\" content=\"da_DK\" \/>\n<meta property=\"og:type\" content=\"article\" \/>\n<meta property=\"og:title\" content=\"Bang King 35000 Puffs Wholesale Puff Tornado Vape - vapebulkp.com\" \/>\n<meta property=\"og:description\" content=\"Shop Bang King 35000 Puffs Wholesale Puff Tornado Vape at Vapebulkp.com. Featuring 35,000 puffs, 23ml e-liquid, 0.6\u03a9 mesh coil, Type-C charging. Perfect for European retailers and vapers seeking high-capacity disposable vapes.\" \/>\n<meta property=\"og:url\" content=\"https:\/\/vapebulkp.com\/da\/vare\/bang-king-35000-puffs-wholesale-puff-tornado-vape\/\" \/>\n<meta property=\"og:site_name\" content=\"vapebulkp.com\" \/>\n<meta property=\"article:modified_time\" content=\"2025-09-16T09:29:20+00:00\" \/>\n<meta property=\"og:image\" content=\"http:\/\/vapebulkp.com\/wp-content\/uploads\/2025\/01\/Bang-King-35000-Puffs-Disposable-Vape-Good-Sale.webp\" \/>\n\t<meta property=\"og:image:width\" content=\"800\" \/>\n\t<meta property=\"og:image:height\" content=\"800\" \/>\n\t<meta property=\"og:image:type\" content=\"image\/webp\" \/>\n<meta name=\"twitter:card\" content=\"summary_large_image\" \/>\n<meta name=\"twitter:label1\" content=\"Estimeret l\u00e6setid\" \/>\n\t<meta name=\"twitter:data1\" content=\"4 minutter\" \/>\n<script type=\"application\/ld+json\" class=\"yoast-schema-graph\">{\"@context\":\"https:\/\/schema.org\",\"@graph\":[{\"@type\":\"WebPage\",\"@id\":\"https:\/\/vapebulkp.com\/product\/bang-king-35000-puffs-wholesale-puff-tornado-vape\/\",\"url\":\"https:\/\/vapebulkp.com\/product\/bang-king-35000-puffs-wholesale-puff-tornado-vape\/\",\"name\":\"Bang King 35000 Puffs Wholesale Puff Tornado Vape - vapebulkp.com\",\"isPartOf\":{\"@id\":\"https:\/\/vapebulkp.com\/#website\"},\"datePublished\":\"2025-01-06T06:24:49+00:00\",\"dateModified\":\"2025-09-16T09:29:20+00:00\",\"description\":\"Shop Bang King 35000 Puffs Wholesale Puff Tornado Vape at Vapebulkp.com. Featuring 35,000 puffs, 23ml e-liquid, 0.6\u03a9 mesh coil, Type-C charging. Perfect for European retailers and vapers seeking high-capacity disposable vapes.\",\"breadcrumb\":{\"@id\":\"https:\/\/vapebulkp.com\/product\/bang-king-35000-puffs-wholesale-puff-tornado-vape\/#breadcrumb\"},\"inLanguage\":\"da-DK\",\"potentialAction\":[{\"@type\":\"ReadAction\",\"target\":[\"https:\/\/vapebulkp.com\/product\/bang-king-35000-puffs-wholesale-puff-tornado-vape\/\"]}]},{\"@type\":\"BreadcrumbList\",\"@id\":\"https:\/\/vapebulkp.com\/product\/bang-king-35000-puffs-wholesale-puff-tornado-vape\/#breadcrumb\",\"itemListElement\":[{\"@type\":\"ListItem\",\"position\":1,\"name\":\"Home\",\"item\":\"https:\/\/vapebulkp.com\/\"},{\"@type\":\"ListItem\",\"position\":2,\"name\":\"Hot Trend Vapes\",\"item\":\"https:\/\/vapebulkp.com\/vape-shop\/\"},{\"@type\":\"ListItem\",\"position\":3,\"name\":\"Bang King 35000 Puffs Wholesale Puff Tornado Vape\"}]},{\"@type\":\"WebSite\",\"@id\":\"https:\/\/vapebulkp.com\/#website\",\"url\":\"https:\/\/vapebulkp.com\/\",\"name\":\"vapebulkp.com\",\"description\":\"Buy Vape In Cheap Bulk Price Near you\",\"publisher\":{\"@id\":\"https:\/\/vapebulkp.com\/#organization\"},\"potentialAction\":[{\"@type\":\"SearchAction\",\"target\":{\"@type\":\"EntryPoint\",\"urlTemplate\":\"https:\/\/vapebulkp.com\/?s={search_term_string}\"},\"query-input\":\"required name=search_term_string\"}],\"inLanguage\":\"da-DK\"},{\"@type\":\"Organization\",\"@id\":\"https:\/\/vapebulkp.com\/#organization\",\"name\":\"vapebulkp.com\",\"url\":\"https:\/\/vapebulkp.com\/\",\"logo\":{\"@type\":\"ImageObject\",\"inLanguage\":\"da-DK\",\"@id\":\"https:\/\/vapebulkp.com\/#\/schema\/logo\/image\/\",\"url\":\"https:\/\/vapebulkp.com\/wp-content\/uploads\/2023\/09\/cropped-vapebulkp.png\",\"contentUrl\":\"https:\/\/vapebulkp.com\/wp-content\/uploads\/2023\/09\/cropped-vapebulkp.png\",\"width\":516,\"height\":163,\"caption\":\"vapebulkp.com\"},\"image\":{\"@id\":\"https:\/\/vapebulkp.com\/#\/schema\/logo\/image\/\"}}]}<\/script>\n<!-- \/ Yoast SEO plugin. -->","yoast_head_json":{"title":"Bang King 35000 Puffs Wholesale Puff Tornado Vape - vapebulkp.com","description":"Shop Bang King 35000 Puffs Wholesale Puff Tornado Vape at Vapebulkp.com. Featuring 35,000 puffs, 23ml e-liquid, 0.6\u03a9 mesh coil, Type-C charging. Perfect for European retailers and vapers seeking high-capacity disposable vapes.","robots":{"index":"index","follow":"follow","max-snippet":"max-snippet:-1","max-image-preview":"max-image-preview:large","max-video-preview":"max-video-preview:-1"},"canonical":"https:\/\/vapebulkp.com\/da\/vare\/bang-king-35000-puffs-wholesale-puff-tornado-vape\/","og_locale":"da_DK","og_type":"article","og_title":"Bang King 35000 Puffs Wholesale Puff Tornado Vape - vapebulkp.com","og_description":"Shop Bang King 35000 Puffs Wholesale Puff Tornado Vape at Vapebulkp.com. Featuring 35,000 puffs, 23ml e-liquid, 0.6\u03a9 mesh coil, Type-C charging. Perfect for European retailers and vapers seeking high-capacity disposable vapes.","og_url":"https:\/\/vapebulkp.com\/da\/vare\/bang-king-35000-puffs-wholesale-puff-tornado-vape\/","og_site_name":"vapebulkp.com","article_modified_time":"2025-09-16T09:29:20+00:00","og_image":[{"width":800,"height":800,"url":"http:\/\/vapebulkp.com\/wp-content\/uploads\/2025\/01\/Bang-King-35000-Puffs-Disposable-Vape-Good-Sale.webp","type":"image\/webp"}],"twitter_card":"summary_large_image","twitter_misc":{"Estimeret l\u00e6setid":"4 minutter"},"schema":{"@context":"https:\/\/schema.org","@graph":[{"@type":"WebPage","@id":"https:\/\/vapebulkp.com\/product\/bang-king-35000-puffs-wholesale-puff-tornado-vape\/","url":"https:\/\/vapebulkp.com\/product\/bang-king-35000-puffs-wholesale-puff-tornado-vape\/","name":"Bang King 35000 Puffs Wholesale Puff Tornado Vape - vapebulkp.com","isPartOf":{"@id":"https:\/\/vapebulkp.com\/#website"},"datePublished":"2025-01-06T06:24:49+00:00","dateModified":"2025-09-16T09:29:20+00:00","description":"Shop Bang King 35000 Puffs Wholesale Puff Tornado Vape at Vapebulkp.com. Featuring 35,000 puffs, 23ml e-liquid, 0.6\u03a9 mesh coil, Type-C charging. Perfect for European retailers and vapers seeking high-capacity disposable vapes.","breadcrumb":{"@id":"https:\/\/vapebulkp.com\/product\/bang-king-35000-puffs-wholesale-puff-tornado-vape\/#breadcrumb"},"inLanguage":"da-DK","potentialAction":[{"@type":"ReadAction","target":["https:\/\/vapebulkp.com\/product\/bang-king-35000-puffs-wholesale-puff-tornado-vape\/"]}]},{"@type":"BreadcrumbList","@id":"https:\/\/vapebulkp.com\/product\/bang-king-35000-puffs-wholesale-puff-tornado-vape\/#breadcrumb","itemListElement":[{"@type":"ListItem","position":1,"name":"Home","item":"https:\/\/vapebulkp.com\/"},{"@type":"ListItem","position":2,"name":"Hot Trend Vapes","item":"https:\/\/vapebulkp.com\/vape-shop\/"},{"@type":"ListItem","position":3,"name":"Bang King 35000 Puffs Wholesale Puff Tornado Vape"}]},{"@type":"WebSite","@id":"https:\/\/vapebulkp.com\/#website","url":"https:\/\/vapebulkp.com\/","name":"vapebulkp.com","description":"Buy Vape In Cheap Bulk Price Near you","publisher":{"@id":"https:\/\/vapebulkp.com\/#organization"},"potentialAction":[{"@type":"SearchAction","target":{"@type":"EntryPoint","urlTemplate":"https:\/\/vapebulkp.com\/?s={search_term_string}"},"query-input":"required name=search_term_string"}],"inLanguage":"da-DK"},{"@type":"Organization","@id":"https:\/\/vapebulkp.com\/#organization","name":"vapebulkp.com","url":"https:\/\/vapebulkp.com\/","logo":{"@type":"ImageObject","inLanguage":"da-DK","@id":"https:\/\/vapebulkp.com\/#\/schema\/logo\/image\/","url":"https:\/\/vapebulkp.com\/wp-content\/uploads\/2023\/09\/cropped-vapebulkp.png","contentUrl":"https:\/\/vapebulkp.com\/wp-content\/uploads\/2023\/09\/cropped-vapebulkp.png","width":516,"height":163,"caption":"vapebulkp.com"},"image":{"@id":"https:\/\/vapebulkp.com\/#\/schema\/logo\/image\/"}}]}},"uagb_featured_image_src":{"full":["https:\/\/vapebulkp.com\/wp-content\/uploads\/2025\/01\/Bang-King-35000-Puffs-Disposable-Vape-Good-Sale.webp",800,800,false],"thumbnail":["https:\/\/vapebulkp.com\/wp-content\/uploads\/2025\/01\/Bang-King-35000-Puffs-Disposable-Vape-Good-Sale-150x150.webp",150,150,true],"medium":["https:\/\/vapebulkp.com\/wp-content\/uploads\/2025\/01\/Bang-King-35000-Puffs-Disposable-Vape-Good-Sale-300x300.webp",300,300,true],"medium_large":["https:\/\/vapebulkp.com\/wp-content\/uploads\/2025\/01\/Bang-King-35000-Puffs-Disposable-Vape-Good-Sale-768x768.webp",768,768,true],"large":["https:\/\/vapebulkp.com\/wp-content\/uploads\/2025\/01\/Bang-King-35000-Puffs-Disposable-Vape-Good-Sale.webp",800,800,false],"1536x1536":["https:\/\/vapebulkp.com\/wp-content\/uploads\/2025\/01\/Bang-King-35000-Puffs-Disposable-Vape-Good-Sale.webp",800,800,false],"2048x2048":["https:\/\/vapebulkp.com\/wp-content\/uploads\/2025\/01\/Bang-King-35000-Puffs-Disposable-Vape-Good-Sale.webp",800,800,false],"trp-custom-language-flag":["https:\/\/vapebulkp.com\/wp-content\/uploads\/2025\/01\/Bang-King-35000-Puffs-Disposable-Vape-Good-Sale.webp",12,12,false],"woocommerce_thumbnail":["https:\/\/vapebulkp.com\/wp-content\/uploads\/2025\/01\/Bang-King-35000-Puffs-Disposable-Vape-Good-Sale-300x300.webp",300,300,true],"woocommerce_single":["https:\/\/vapebulkp.com\/wp-content\/uploads\/2025\/01\/Bang-King-35000-Puffs-Disposable-Vape-Good-Sale-600x600.webp",600,600,true],"woocommerce_gallery_thumbnail":["https:\/\/vapebulkp.com\/wp-content\/uploads\/2025\/01\/Bang-King-35000-Puffs-Disposable-Vape-Good-Sale-100x100.webp",100,100,true],"wcpr-photo-reviews":["https:\/\/vapebulkp.com\/wp-content\/uploads\/2025\/01\/Bang-King-35000-Puffs-Disposable-Vape-Good-Sale.webp",500,500,false]},"uagb_author_info":{"display_name":"Mandy vape bulk price","author_link":"https:\/\/vapebulkp.com\/da\/author\/"},"uagb_comment_info":0,"uagb_excerpt":"Bang King 35000 Puffs Disposable Vape, featuring a massive 35,000 puff capacity, 23ml e-liquid, 1000mAh battery, and 0.6\u03a9 mesh coil for superior flavor. Available in bulk at Vapebulkp.com with multiple nicotine options and Type-C rechargeability\u2014the ultimate choice for wholesale high-capacity vapes. Pls Contact Mandy's WhatsApp For Discount Price+8618077105796 NOTE: Prices on our website does not&hellip;","_links":{"self":[{"href":"https:\/\/vapebulkp.com\/da\/wp-json\/wp\/v2\/product\/3345","targetHints":{"allow":["GET"]}}],"collection":[{"href":"https:\/\/vapebulkp.com\/da\/wp-json\/wp\/v2\/product"}],"about":[{"href":"https:\/\/vapebulkp.com\/da\/wp-json\/wp\/v2\/types\/product"}],"replies":[{"embeddable":true,"href":"https:\/\/vapebulkp.com\/da\/wp-json\/wp\/v2\/comments?post=3345"}],"wp:featuredmedia":[{"embeddable":true,"href":"https:\/\/vapebulkp.com\/da\/wp-json\/wp\/v2\/media\/3353"}],"wp:attachment":[{"href":"https:\/\/vapebulkp.com\/da\/wp-json\/wp\/v2\/media?parent=3345"}],"wp:term":[{"taxonomy":"product_cat","embeddable":true,"href":"https:\/\/vapebulkp.com\/da\/wp-json\/wp\/v2\/product_cat?post=3345"},{"taxonomy":"product_tag","embeddable":true,"href":"https:\/\/vapebulkp.com\/da\/wp-json\/wp\/v2\/product_tag?post=3345"}],"curies":[{"name":"wp","href":"https:\/\/api.w.org\/{rel}","templated":true}]}}