{"id":3391,"date":"2025-02-01T09:07:22","date_gmt":"2025-02-01T08:07:22","guid":{"rendered":"https:\/\/vapebulkp.com\/?post_type=product&#038;p=3391"},"modified":"2025-09-16T11:28:40","modified_gmt":"2025-09-16T09:28:40","slug":"waspe-crystal-vape-40000-puffs-disposable-e-cigarette-dual-flavors-wholesale-price","status":"publish","type":"product","link":"https:\/\/vapebulkp.com\/da\/product\/waspe-crystal-vape-40000-puffs-disposable-e-cigarette-dual-flavors-wholesale-price\/","title":{"rendered":"Waspe Crystal Vape 40000 Puffs Engangs E-cigaret Dobbelt Smag Engrospris"},"content":{"rendered":"<h2 style=\"text-align: left\">Waspe Crystal Vape 40000 Puffs Engangs E-cigaret Dobbelt Smag Engrospris<\/h2>\n<div class=\"flex max-w-full flex-col flex-grow\">\n<div class=\"min-h-8 text-message flex w-full flex-col items-end gap-2 whitespace-normal break-words text-start [.text-message+&amp;]:mt-5\" dir=\"auto\" data-message-author-role=\"assistant\" data-message-id=\"ebeef09e-6d27-4a31-bd63-f94c3e7cadb1\" data-message-model-slug=\"gpt-4o\">\n<div class=\"flex w-full flex-col gap-1 empty:hidden first:pt-[3px]\">\n<div class=\"markdown prose w-full break-words dark:prose-invert light\">\n<p>Den <strong>Waspe Crystal Vape 40000 Pust Engangs E-cigaret <\/strong>omdefinerer bekvemmelighed og innovation inden for vaping. Designet til b\u00e5de afslappede og erfarne dampere, tilbyder denne enhed <strong>dobbelt smag<\/strong> med op til <strong>20000 pust pr. smag<\/strong>, hvilket leverer en problemfri og smagfuld vaping-oplevelse. Med en <strong>32mL fyldt e-v\u00e6ske kapacitet<\/strong> og tilpasselige nikotinstyrker p\u00e5 <strong>\u00a02% og 5%<\/strong>, waspe crystal 40000 puff im\u00f8dekommer forskellige pr\u00e6ferencer.<\/p>\n<p>Udstyret med et <strong>850mAh genopladeligt batteri<\/strong> og <strong>USB Type-C opladning<\/strong>, sikrer Waspe Crystal Vape langvarig ydeevne og hurtige genopladninger. Den avancerede <strong>0.9\u03a9 dobbelt mesh coil<\/strong> forbedrer damp-produktion og smagsklarhed, mens den <strong>tr\u00e6k-aktiverede betjening<\/strong> sikrer nem brug. Det integrerede <strong>LED-display<\/strong> holder dig informeret om batteri- og e-v\u00e6ske niveauer, hvilket tilf\u00f8jer et strejf af moderne funktionalitet til det elegante design.<\/p>\n<p>Perfekt til <strong>rejser, sociale sammenkomster eller hverdagsbrug<\/strong>, denne WASPE <a href=\"https:\/\/vapebulkp.com\/da\/product-category\/40000-puffs-disposable-vape\/\">40000 sug engangs-vape<\/a> kombinerer stil, ydeevne og praktisk anvendelighed, hvilket g\u00f8r den til et topvalg for engangsvapes. Engrospriser er ogs\u00e5 tilg\u00e6ngelige, ideelt for detailhandlere, der \u00f8nsker at lagerf\u00f8re dette popul\u00e6re produkt.<\/p>\n<\/div>\n<\/div>\n<\/div>\n<\/div>\n<h6>Kontakt venligst Mandys WhatsApp for rabatpris<a href=\"https:\/\/wa.me\/8618077105796\">+8618077105796<\/a><\/h6>\n<p><img decoding=\"async\" class=\"alignnone wp-image-2151\" src=\"http:\/\/vapebulkp.com\/wp-content\/uploads\/2024\/04\/Mandy-WhatsApp-Randm.jpg\" alt=\"Mandy WhatsApp Randm\" width=\"324\" height=\"330\" \/><\/p>\n<div class=\"flex max-w-full flex-col flex-grow\">\n<div class=\"min-h-8 text-message flex w-full flex-col items-end gap-2 whitespace-normal break-words text-start [.text-message+&amp;]:mt-5\" dir=\"auto\" data-message-author-role=\"assistant\" data-message-id=\"d24cf626-c018-4805-80f5-44de047f2ba0\" data-message-model-slug=\"gpt-4o\">\n<div class=\"flex w-full flex-col gap-1 empty:hidden first:pt-[3px]\">\n<div class=\"markdown prose w-full break-words dark:prose-invert light\">\n<h2>Hvorfor v\u00e6lge billig WASPE CRYSTAL 40k Puffs<strong>\u00a0<\/strong>at <a href=\"https:\/\/vapebulkp.com\/da\/vape-shop\/\">Vapebulkp.com<\/a>?<\/h2>\n<p>N\u00e5r det kommer til engangsvapes af h\u00f8j kvalitet, er <strong>WASPE CRYSTAL 40.000 Pust<\/strong> fremtr\u00e6dende som et premium valg. Tilg\u00e6ngelig til <strong>Vapebulkp.com<\/strong>, leverer denne innovative e-cigaret uovertruffen ydeevne, smagsudvalg og brugervenlige funktioner. Her er grunden til, at den er det bedste valg for vaping-entusiaster:<\/p>\n<ol>\n<li><strong>Enest\u00e5ende Antal Puffs<\/strong>: Nyd op til <strong>40.000 pust<\/strong>, opdelt i <strong>20.000 pust pr. smag<\/strong>, hvilket sikrer forl\u00e6nget brug og utrolig v\u00e6rdi.<\/li>\n<li><strong>Dual Flavor Teknologi<\/strong>: Skift problemfrit mellem to forskellige smage, hvilket giver en alsidig vaping-oplevelse, der er skr\u00e6ddersyet til dit hum\u00f8r.<\/li>\n<li><strong>Tilpasselige Nikotin Niveauer<\/strong>: V\u00e6lg mellem <strong>0%, 2%, 3%, eller 5% nikotin<\/strong> til at passe til dine personlige pr\u00e6ferencer og livsstil.<\/li>\n<li><strong>Massiv e-v\u00e6skekapacitet<\/strong>: Med en <strong>32 ml forfyldt tank<\/strong>, giver denne vape langvarig nydelse uden hyppige udskiftninger.<\/li>\n<li><strong>Genopladeligt batteri<\/strong>: Drevet af et <strong>850 mAh USB Type-C genopladeligt batteri<\/strong>, leverer enheden p\u00e5lidelig ydeevne med hurtige og bekvemme opladninger.<\/li>\n<li><strong>Avancerede funktioner<\/strong>: Den <strong>0.9\u03a9 dobbelt mesh coil<\/strong> sikrer rig dampproduktion, mens <strong>LED-display<\/strong> holder dig opdateret p\u00e5 batteri- og e-v\u00e6skeniveauer.<\/li>\n<li><strong>Engrosmuligheder<\/strong>: Vapebulkp.com tilbyder konkurrencedygtige engrospriser, hvilket g\u00f8r det til den ideelle platform for b\u00e5de individuelle k\u00f8bere og detailhandlere.<\/li>\n<li><strong>Hurtig og p\u00e5lidelig levering i hele Europa<\/strong>: Med fokus p\u00e5 europ\u00e6iske kunder garanterer Vapebulkp.com hurtig levering og enest\u00e5ende kundeservice.<\/li>\n<\/ol>\n<p>Uanset om du leder efter en <strong>langvarige engangsvape<\/strong> eller \u00f8nsker at lagerf\u00f8re et tops\u00e6lgende produkt, er <strong>WASPE CRYSTAL 40.000 Pust<\/strong> at Vapebulkp.com er det ultimative valg for smag, kvalitet og bekvemmelighed.<\/p>\n<h3>WASPE CRYSTAL Vapes 40000 Pust Funktioner<\/h3>\n<ul>\n<li><strong>Pust<\/strong>: Op til 40.000 (20.000 pr. smag)<\/li>\n<li><strong>Nikotin<\/strong>: 0%, 2%, 3%, 5%<\/li>\n<li><strong>E-v\u00e6ske<\/strong>: 32mL forudfyldt kapacitet<\/li>\n<li><strong>Batteri<\/strong>: 850mAh, USB Type-C opladning<\/li>\n<li><strong>Spole<\/strong>: 0,9\u03a9 dobbelt mesh-spole<\/li>\n<li><strong>Betjening<\/strong>: Tr\u00e6k-aktiveret<\/li>\n<li><strong>Egenskaber<\/strong>: LED-display, batteri<\/li>\n<\/ul>\n<h3>WASPE CRYSTAL 40000 Puffs Engangs Vapes Smagsliste<\/h3>\n<\/div>\n<\/div>\n<\/div>\n<\/div>\n<p>1. Vandmelon is<br \/>\n2. Red Bull is<br \/>\n3. Jordb\u00e6r Red Bull<br \/>\n4. Bl\u00e5b\u00e6r slik<br \/>\n5. Jordb\u00e6r kiwi<br \/>\n6. Bl\u00e5b\u00e6r hindb\u00e6r<br \/>\n7. Jordb\u00e6r hindb\u00e6r kirseb\u00e6r<br \/>\n8. Fersken is<br \/>\n9. Jordb\u00e6r banan<br \/>\n10. Drue is<br \/>\n11. Blandede b\u00e6r<br \/>\n12. Bl\u00e5b\u00e6r is<\/p>\n<p><a href=\"https:\/\/vapebulkp.com\/da\/product\/bang-king-35000-puffs-wholesale-puff-tornado-vape\/\"><span style=\"vertical-align: inherit\">Bang King 35000 Pust <\/span><\/a><\/p>\n<p><span style=\"vertical-align: inherit\">Find flere produkter du m\u00e5ske kan lide:<\/span><em><a href=\"https:\/\/wa.me\/8618077105796\"><span style=\"vertical-align: inherit\">\u00a0K\u00f8b den nu<\/span><\/a><\/em><\/p>\n<p><span style=\"vertical-align: inherit\">Andre Puffs du m\u00e5ske kan lide:<\/span><a href=\"https:\/\/vapebulkp.com\/da\/product\/wholesale-price-bang-kingdoms-rex-32000-puffs-vape-pod\/\"><span style=\"vertical-align: inherit\">Bang Kingdoms 32000Puffs<\/span><\/a><span style=\"vertical-align: inherit\">\u3001<\/span><a href=\"https:\/\/vapebulkp.com\/da\/product\/razz-bar-25000-puffs-wholesale-price-vape-eu-warehouse\/\"><span style=\"vertical-align: inherit\">RAZZBAR 25000 sug<\/span><\/a><span style=\"vertical-align: inherit\">\/ <\/span><a href=\"https:\/\/vapebulkp.com\/da\/product\/vapsolo-best-quality-viking-12k-puffs-disposable-vapes\/\"><span style=\"vertical-align: inherit\">Vapsolo viking 12000 pust<\/span><\/a><span style=\"vertical-align: inherit\">\/ <\/span><a href=\"https:\/\/vapebulkp.com\/da\/product\/uwin-tornado-music-35k-puffs-vape-wholesale-nicotine-free\/\"><span style=\"vertical-align: inherit\">UWIN Tornado Music 35000 sug<\/span><\/a><\/p>\n<h4>FAQ for Engros Vape WASPE CRYSTAL 40000 Puffs<\/h4>\n<div class=\"flex max-w-full flex-col flex-grow\">\n<div class=\"min-h-8 text-message flex w-full flex-col items-end gap-2 whitespace-normal break-words text-start [.text-message+&amp;]:mt-5\" dir=\"auto\" data-message-author-role=\"assistant\" data-message-id=\"67b557fa-6250-453f-85c1-f724d371f19e\" data-message-model-slug=\"gpt-4o-mini\">\n<div class=\"flex w-full flex-col gap-1 empty:hidden first:pt-[3px]\">\n<div class=\"markdown prose w-full break-words dark:prose-invert light\">\n<p><strong>1. Hvad er puff-antallet p\u00e5 WASPE CRYSTAL 40.000 Puffs?<\/strong><br \/>\nDen <strong>WASPE CRYSTAL 40.000 Pust<\/strong> tilbyder imponerende <strong>40.000 pust<\/strong>, hvor <strong>20.000 pust pr. smag<\/strong>, hvilket giver en udvidet dampoplevelse, der holder l\u00e6ngere end de fleste engangs vapes.<\/p>\n<p><strong>2. Hvilke nikotinmuligheder er tilg\u00e6ngelige for WASPE CRYSTAL 40.000 puff vape?<\/strong><br \/>\nDen <strong>WASPE CRYSTAL<\/strong> tilbyder fleksible nikotinstyrker, der im\u00f8dekommer dine pr\u00e6ferencer, inklusive <strong>0%, 2%, 3%, og 5% nikotin<\/strong> muligheder, s\u00e5 du kan tilpasse din dampoplevelse.<\/p>\n<p><strong>3. Er WASPE Vape CRYSTAL 40.000 Puffs velegnet til langtidsbrug?<\/strong><br \/>\nJa, med sin <strong>dobbelt smagssystem<\/strong>, <strong>stor e-v\u00e6ske kapacitet<\/strong>, og udvidede puff-antal, er <strong>WASPE CRYSTAL<\/strong> designet til langtidsbrug, og tilbyder en <strong>praktisk og p\u00e5lidelig dampel\u00f8sning<\/strong> til daglig nydelse.<\/p>\n<p><strong>4. Hvad er fordelene ved at v\u00e6lge Bulk Pris WASPE CRYSTAL 40.000 Puffs fra Vapebulkp.com?<\/strong><br \/>\nVed at k\u00f8be fra <strong>Vapebulkp.com<\/strong>, f\u00e5r du <strong>konkurrencedygtige engrospriser<\/strong>, <strong>fremragende kundeservice<\/strong>, og <strong>hurtig forsendelse<\/strong> i hele Danmark. Plus, den <strong>WASPE CRYSTAL 40.000 Pust<\/strong> tilbyder uovertruffen <strong>kvalitet<\/strong>, <strong>smagsvariation<\/strong>, og <strong>langvarige ydeevne<\/strong>.<\/p>\n<p>Uanset om du er en afslappet damper eller en forhandler, der leder efter et langtidsholdbart produkt af h\u00f8j kvalitet, er <strong>WASPE CRYSTAL 40.000 Pust<\/strong> et topvalg tilg\u00e6ngeligt p\u00e5 <strong>Vapebulkp.com.<\/strong><\/p>\n<\/div>\n<\/div>\n<\/div>\n<\/div>\n<h4>Forsendelsesdetaljer:<\/h4>\n<p><span style=\"color: #ff6600\">Produktionstid: 5-10 arbejdsdage<\/span><br \/>\n<span style=\"color: #ff6600\">Leveringstid: 8-14 arbejdsdage<\/span><\/p>\n<p>Alle produkter i vores butik er 100% originale og autentiske, s\u00e5 ti gange kompensation for falske varer er vores butikspolitik. Vi bruger logistikkanaler som UPS\/DHL\/FEDEX\/DPD til at levere varer til dig.<\/p>\n<p>For pakker sendt til Danmark tager det normalt 10 arbejdsdage at ankomme. Forsendelse til europ\u00e6iske lande tager normalt 12 til 15 arbejdsdage at ankomme. Vi vil opdatere logistikinformationen for dig i realtid.<\/p>","protected":false},"excerpt":{"rendered":"<div class=\"flex-shrink-0 flex flex-col relative items-end\">\n<div class=\"pt-0\">\n<div class=\"gizmo-bot-avatar flex h-8 w-8 items-center justify-center overflow-hidden rounded-full\">\n<div class=\"relative p-1 rounded-sm flex items-center justify-center bg-token-main-surface-primary text-token-text-primary h-8 w-8\">\n<ul>\n<li><strong>WASPE CRYSTAL 40000 Pust Vape Pen med Dobbelt Smag til Langvarige Sessioner<\/strong><\/li>\n<li><strong>Genopladelig WASPE CRYSTAL 40.000 Pust Engangs E-cigaret til L\u00e6ngere Vaping<\/strong><\/li>\n<li><strong>WASPE CRYSTAL 40k Pust Elektronisk Vape med Justerbar Nikotin og K\u00f8lende Smage<\/strong><\/li>\n<\/ul>\n<\/div>\n<\/div>\n<\/div>\n<\/div>\n<p>Kontakt venligst Mandys WhatsApp for rabatpris<a href=\"https:\/\/wa.me\/8618077105796\">+8618077105796<\/a><\/p>\n<p><img decoding=\"async\" class=\"alignnone wp-image-2151\" src=\"http:\/\/vapebulkp.com\/wp-content\/uploads\/2024\/04\/Mandy-WhatsApp-Randm.jpg\" alt=\"Mandy WhatsApp Randm\" width=\"297\" height=\"316\" srcset=\"https:\/\/vapebulkp.com\/wp-content\/uploads\/2024\/04\/Mandy-WhatsApp-Randm.jpg 916w, https:\/\/vapebulkp.com\/wp-content\/uploads\/2024\/04\/Mandy-WhatsApp-Randm-282x300.jpg 282w, https:\/\/vapebulkp.com\/wp-content\/uploads\/2024\/04\/Mandy-WhatsApp-Randm-768x817.jpg 768w, https:\/\/vapebulkp.com\/wp-content\/uploads\/2024\/04\/Mandy-WhatsApp-Randm-600x638.jpg 600w\" sizes=\"(max-width: 297px) 100vw, 297px\" \/><\/p>\n<p><span style=\"color: #ff0000\">BEM\u00c6RK: Priserne p\u00e5 vores hjemmeside inkluderer ikke forsendelsesomkostninger<\/span><\/p>\n<p>&nbsp;<\/p>","protected":false},"featured_media":3389,"comment_status":"open","ping_status":"closed","template":"","meta":{"_uag_custom_page_level_css":"","_lmt_disableupdate":"no","_lmt_disable":"","site-sidebar-layout":"default","site-content-layout":"content-boxed-container","ast-site-content-layout":"normal-width-container","site-content-style":"boxed","site-sidebar-style":"unboxed","ast-global-header-display":"","ast-banner-title-visibility":"","ast-main-header-display":"","ast-hfb-above-header-display":"","ast-hfb-below-header-display":"","ast-hfb-mobile-header-display":"","site-post-title":"","ast-breadcrumbs-content":"","ast-featured-img":"","footer-sml-layout":"","theme-transparent-header-meta":"default","adv-header-id-meta":"","stick-header-meta":"","header-above-stick-meta":"","header-main-stick-meta":"","header-below-stick-meta":"","astra-migrate-meta-layouts":"set","_joinchat":[]},"product_cat":[182,153,155,33,59,100,87,34,158,157,154,152,58,84,156,63,32,365],"product_tag":[36,37,41,40,203],"class_list":["post-3391","product","type-product","status-publish","has-post-thumbnail","hentry","product_cat-40000-puffs-disposable-vape","product_cat-hot-disposable-vapes","product_cat-belgium-hot-disposable-vapes","product_cat-france-vape-hot-sale","product_cat-germany-hot-disposable-vape","product_cat-germany-wholesale-vape-shop","product_cat-minimum-order-quantity-50pcs","product_cat-netherlands-vape-good-sale","product_cat-norway-hot-disposable-vapes","product_cat-poland-hot-disposable-vapes","product_cat-portugal-hot-disposable-vapes","product_cat-spain-hot-disposable-vapes","product_cat-sweden-hot-disposable-vape","product_cat-sweden-wholesale-vape","product_cat-switzerland-hot-disposable-vapes","product_cat-top-sale-disposable-vape","product_cat-vape-hot-sale-this-week","product_cat-waspe-vape","product_tag-good-vape","product_tag-hot-sale-disposable-vape","product_tag-poland-hot-vape","product_tag-sweden-hot-vape","product_tag-waspe-crystal-vape-40000-puffs","pa_brand-waspe-vape","desktop-align-left","tablet-align-left","mobile-align-left"],"yoast_head":"<!-- This site is optimized with the Yoast SEO plugin v21.1 - https:\/\/yoast.com\/wordpress\/plugins\/seo\/ -->\n<title>Waspe Crystal Vape 40000 Puffs Disposable E-Cigarette Dual Flavors Wholesale Price - vapebulkp.com<\/title>\n<meta name=\"description\" content=\"Shop Waspe Crystal Vape 40000 Puffs with dual flavors, rechargeable design, and wholesale pricing at Vapebulkp.com!\" \/>\n<meta name=\"robots\" content=\"index, follow, max-snippet:-1, max-image-preview:large, max-video-preview:-1\" \/>\n<link rel=\"canonical\" href=\"https:\/\/vapebulkp.com\/da\/product\/waspe-crystal-vape-40000-puffs-disposable-e-cigarette-dual-flavors-wholesale-price\/\" \/>\n<meta property=\"og:locale\" content=\"da_DK\" \/>\n<meta property=\"og:type\" content=\"article\" \/>\n<meta property=\"og:title\" content=\"Waspe Crystal Vape 40000 Puffs Disposable E-Cigarette Dual Flavors Wholesale Price - vapebulkp.com\" \/>\n<meta property=\"og:description\" content=\"Shop Waspe Crystal Vape 40000 Puffs with dual flavors, rechargeable design, and wholesale pricing at Vapebulkp.com!\" \/>\n<meta property=\"og:url\" content=\"https:\/\/vapebulkp.com\/da\/product\/waspe-crystal-vape-40000-puffs-disposable-e-cigarette-dual-flavors-wholesale-price\/\" \/>\n<meta property=\"og:site_name\" content=\"vapebulkp.com\" \/>\n<meta property=\"article:modified_time\" content=\"2025-09-16T09:28:40+00:00\" \/>\n<meta property=\"og:image\" content=\"http:\/\/vapebulkp.com\/wp-content\/uploads\/2025\/01\/WASPE-CRYSTAL-VAPE-40000-PUFF-VAPE-PODS.jpg\" \/>\n\t<meta property=\"og:image:width\" content=\"800\" \/>\n\t<meta property=\"og:image:height\" content=\"800\" \/>\n\t<meta property=\"og:image:type\" content=\"image\/jpeg\" \/>\n<meta name=\"twitter:card\" content=\"summary_large_image\" \/>\n<meta name=\"twitter:label1\" content=\"Estimeret l\u00e6setid\" \/>\n\t<meta name=\"twitter:data1\" content=\"4 minutter\" \/>\n<script type=\"application\/ld+json\" class=\"yoast-schema-graph\">{\"@context\":\"https:\/\/schema.org\",\"@graph\":[{\"@type\":\"WebPage\",\"@id\":\"https:\/\/vapebulkp.com\/product\/waspe-crystal-vape-40000-puffs-disposable-e-cigarette-dual-flavors-wholesale-price\/\",\"url\":\"https:\/\/vapebulkp.com\/product\/waspe-crystal-vape-40000-puffs-disposable-e-cigarette-dual-flavors-wholesale-price\/\",\"name\":\"Waspe Crystal Vape 40000 Puffs Disposable E-Cigarette Dual Flavors Wholesale Price - vapebulkp.com\",\"isPartOf\":{\"@id\":\"https:\/\/vapebulkp.com\/#website\"},\"datePublished\":\"2025-02-01T08:07:22+00:00\",\"dateModified\":\"2025-09-16T09:28:40+00:00\",\"description\":\"Shop Waspe Crystal Vape 40000 Puffs with dual flavors, rechargeable design, and wholesale pricing at Vapebulkp.com!\",\"breadcrumb\":{\"@id\":\"https:\/\/vapebulkp.com\/product\/waspe-crystal-vape-40000-puffs-disposable-e-cigarette-dual-flavors-wholesale-price\/#breadcrumb\"},\"inLanguage\":\"da-DK\",\"potentialAction\":[{\"@type\":\"ReadAction\",\"target\":[\"https:\/\/vapebulkp.com\/product\/waspe-crystal-vape-40000-puffs-disposable-e-cigarette-dual-flavors-wholesale-price\/\"]}]},{\"@type\":\"BreadcrumbList\",\"@id\":\"https:\/\/vapebulkp.com\/product\/waspe-crystal-vape-40000-puffs-disposable-e-cigarette-dual-flavors-wholesale-price\/#breadcrumb\",\"itemListElement\":[{\"@type\":\"ListItem\",\"position\":1,\"name\":\"Home\",\"item\":\"https:\/\/vapebulkp.com\/\"},{\"@type\":\"ListItem\",\"position\":2,\"name\":\"Hot Trend Vapes\",\"item\":\"https:\/\/vapebulkp.com\/vape-shop\/\"},{\"@type\":\"ListItem\",\"position\":3,\"name\":\"Waspe Crystal Vape 40000 Puffs Disposable E-Cigarette Dual Flavors Wholesale Price\"}]},{\"@type\":\"WebSite\",\"@id\":\"https:\/\/vapebulkp.com\/#website\",\"url\":\"https:\/\/vapebulkp.com\/\",\"name\":\"vapebulkp.com\",\"description\":\"Buy Vape In Cheap Bulk Price Near you\",\"publisher\":{\"@id\":\"https:\/\/vapebulkp.com\/#organization\"},\"potentialAction\":[{\"@type\":\"SearchAction\",\"target\":{\"@type\":\"EntryPoint\",\"urlTemplate\":\"https:\/\/vapebulkp.com\/?s={search_term_string}\"},\"query-input\":\"required name=search_term_string\"}],\"inLanguage\":\"da-DK\"},{\"@type\":\"Organization\",\"@id\":\"https:\/\/vapebulkp.com\/#organization\",\"name\":\"vapebulkp.com\",\"url\":\"https:\/\/vapebulkp.com\/\",\"logo\":{\"@type\":\"ImageObject\",\"inLanguage\":\"da-DK\",\"@id\":\"https:\/\/vapebulkp.com\/#\/schema\/logo\/image\/\",\"url\":\"https:\/\/vapebulkp.com\/wp-content\/uploads\/2023\/09\/cropped-vapebulkp.png\",\"contentUrl\":\"https:\/\/vapebulkp.com\/wp-content\/uploads\/2023\/09\/cropped-vapebulkp.png\",\"width\":516,\"height\":163,\"caption\":\"vapebulkp.com\"},\"image\":{\"@id\":\"https:\/\/vapebulkp.com\/#\/schema\/logo\/image\/\"}}]}<\/script>\n<!-- \/ Yoast SEO plugin. -->","yoast_head_json":{"title":"Waspe Crystal Vape 40000 Puffs Disposable E-Cigarette Dual Flavors Wholesale Price - vapebulkp.com","description":"Shop Waspe Crystal Vape 40000 Puffs with dual flavors, rechargeable design, and wholesale pricing at Vapebulkp.com!","robots":{"index":"index","follow":"follow","max-snippet":"max-snippet:-1","max-image-preview":"max-image-preview:large","max-video-preview":"max-video-preview:-1"},"canonical":"https:\/\/vapebulkp.com\/da\/product\/waspe-crystal-vape-40000-puffs-disposable-e-cigarette-dual-flavors-wholesale-price\/","og_locale":"da_DK","og_type":"article","og_title":"Waspe Crystal Vape 40000 Puffs Disposable E-Cigarette Dual Flavors Wholesale Price - vapebulkp.com","og_description":"Shop Waspe Crystal Vape 40000 Puffs with dual flavors, rechargeable design, and wholesale pricing at Vapebulkp.com!","og_url":"https:\/\/vapebulkp.com\/da\/product\/waspe-crystal-vape-40000-puffs-disposable-e-cigarette-dual-flavors-wholesale-price\/","og_site_name":"vapebulkp.com","article_modified_time":"2025-09-16T09:28:40+00:00","og_image":[{"width":800,"height":800,"url":"http:\/\/vapebulkp.com\/wp-content\/uploads\/2025\/01\/WASPE-CRYSTAL-VAPE-40000-PUFF-VAPE-PODS.jpg","type":"image\/jpeg"}],"twitter_card":"summary_large_image","twitter_misc":{"Estimeret l\u00e6setid":"4 minutter"},"schema":{"@context":"https:\/\/schema.org","@graph":[{"@type":"WebPage","@id":"https:\/\/vapebulkp.com\/product\/waspe-crystal-vape-40000-puffs-disposable-e-cigarette-dual-flavors-wholesale-price\/","url":"https:\/\/vapebulkp.com\/product\/waspe-crystal-vape-40000-puffs-disposable-e-cigarette-dual-flavors-wholesale-price\/","name":"Waspe Crystal Vape 40000 Puffs Disposable E-Cigarette Dual Flavors Wholesale Price - vapebulkp.com","isPartOf":{"@id":"https:\/\/vapebulkp.com\/#website"},"datePublished":"2025-02-01T08:07:22+00:00","dateModified":"2025-09-16T09:28:40+00:00","description":"Shop Waspe Crystal Vape 40000 Puffs with dual flavors, rechargeable design, and wholesale pricing at Vapebulkp.com!","breadcrumb":{"@id":"https:\/\/vapebulkp.com\/product\/waspe-crystal-vape-40000-puffs-disposable-e-cigarette-dual-flavors-wholesale-price\/#breadcrumb"},"inLanguage":"da-DK","potentialAction":[{"@type":"ReadAction","target":["https:\/\/vapebulkp.com\/product\/waspe-crystal-vape-40000-puffs-disposable-e-cigarette-dual-flavors-wholesale-price\/"]}]},{"@type":"BreadcrumbList","@id":"https:\/\/vapebulkp.com\/product\/waspe-crystal-vape-40000-puffs-disposable-e-cigarette-dual-flavors-wholesale-price\/#breadcrumb","itemListElement":[{"@type":"ListItem","position":1,"name":"Home","item":"https:\/\/vapebulkp.com\/"},{"@type":"ListItem","position":2,"name":"Hot Trend Vapes","item":"https:\/\/vapebulkp.com\/vape-shop\/"},{"@type":"ListItem","position":3,"name":"Waspe Crystal Vape 40000 Puffs Disposable E-Cigarette Dual Flavors Wholesale Price"}]},{"@type":"WebSite","@id":"https:\/\/vapebulkp.com\/#website","url":"https:\/\/vapebulkp.com\/","name":"vapebulkp.com","description":"Buy Vape In Cheap Bulk Price Near you","publisher":{"@id":"https:\/\/vapebulkp.com\/#organization"},"potentialAction":[{"@type":"SearchAction","target":{"@type":"EntryPoint","urlTemplate":"https:\/\/vapebulkp.com\/?s={search_term_string}"},"query-input":"required name=search_term_string"}],"inLanguage":"da-DK"},{"@type":"Organization","@id":"https:\/\/vapebulkp.com\/#organization","name":"vapebulkp.com","url":"https:\/\/vapebulkp.com\/","logo":{"@type":"ImageObject","inLanguage":"da-DK","@id":"https:\/\/vapebulkp.com\/#\/schema\/logo\/image\/","url":"https:\/\/vapebulkp.com\/wp-content\/uploads\/2023\/09\/cropped-vapebulkp.png","contentUrl":"https:\/\/vapebulkp.com\/wp-content\/uploads\/2023\/09\/cropped-vapebulkp.png","width":516,"height":163,"caption":"vapebulkp.com"},"image":{"@id":"https:\/\/vapebulkp.com\/#\/schema\/logo\/image\/"}}]}},"uagb_featured_image_src":{"full":["https:\/\/vapebulkp.com\/wp-content\/uploads\/2025\/01\/WASPE-CRYSTAL-VAPE-40000-PUFF-VAPE-PODS.jpg",800,800,false],"thumbnail":["https:\/\/vapebulkp.com\/wp-content\/uploads\/2025\/01\/WASPE-CRYSTAL-VAPE-40000-PUFF-VAPE-PODS-150x150.jpg",150,150,true],"medium":["https:\/\/vapebulkp.com\/wp-content\/uploads\/2025\/01\/WASPE-CRYSTAL-VAPE-40000-PUFF-VAPE-PODS-300x300.jpg",300,300,true],"medium_large":["https:\/\/vapebulkp.com\/wp-content\/uploads\/2025\/01\/WASPE-CRYSTAL-VAPE-40000-PUFF-VAPE-PODS-768x768.jpg",768,768,true],"large":["https:\/\/vapebulkp.com\/wp-content\/uploads\/2025\/01\/WASPE-CRYSTAL-VAPE-40000-PUFF-VAPE-PODS.jpg",800,800,false],"1536x1536":["https:\/\/vapebulkp.com\/wp-content\/uploads\/2025\/01\/WASPE-CRYSTAL-VAPE-40000-PUFF-VAPE-PODS.jpg",800,800,false],"2048x2048":["https:\/\/vapebulkp.com\/wp-content\/uploads\/2025\/01\/WASPE-CRYSTAL-VAPE-40000-PUFF-VAPE-PODS.jpg",800,800,false],"trp-custom-language-flag":["https:\/\/vapebulkp.com\/wp-content\/uploads\/2025\/01\/WASPE-CRYSTAL-VAPE-40000-PUFF-VAPE-PODS.jpg",12,12,false],"woocommerce_thumbnail":["https:\/\/vapebulkp.com\/wp-content\/uploads\/2025\/01\/WASPE-CRYSTAL-VAPE-40000-PUFF-VAPE-PODS-300x300.jpg",300,300,true],"woocommerce_single":["https:\/\/vapebulkp.com\/wp-content\/uploads\/2025\/01\/WASPE-CRYSTAL-VAPE-40000-PUFF-VAPE-PODS-600x600.jpg",600,600,true],"woocommerce_gallery_thumbnail":["https:\/\/vapebulkp.com\/wp-content\/uploads\/2025\/01\/WASPE-CRYSTAL-VAPE-40000-PUFF-VAPE-PODS-100x100.jpg",100,100,true],"wcpr-photo-reviews":["https:\/\/vapebulkp.com\/wp-content\/uploads\/2025\/01\/WASPE-CRYSTAL-VAPE-40000-PUFF-VAPE-PODS.jpg",500,500,false]},"uagb_author_info":{"display_name":"Mandy vape bulk price","author_link":"https:\/\/vapebulkp.com\/da\/author\/"},"uagb_comment_info":0,"uagb_excerpt":"WASPE CRYSTAL 40000 Puffs Vape Pen with Dual Flavors for Long-Lasting Sessions Rechargeable WASPE CRYSTAL 40,000 Puff Disposable E-Cigarette for Prolonged Vaping WASPE CRYSTAL 40k Puffs Electronic Vape with Adjustable Nicotine and Cooling Flavors Pls Contact Mandy's WhatsApp For Discount Price+8618077105796 NOTE: Prices on our website does not include shipping costs &nbsp;","_links":{"self":[{"href":"https:\/\/vapebulkp.com\/da\/wp-json\/wp\/v2\/product\/3391","targetHints":{"allow":["GET"]}}],"collection":[{"href":"https:\/\/vapebulkp.com\/da\/wp-json\/wp\/v2\/product"}],"about":[{"href":"https:\/\/vapebulkp.com\/da\/wp-json\/wp\/v2\/types\/product"}],"replies":[{"embeddable":true,"href":"https:\/\/vapebulkp.com\/da\/wp-json\/wp\/v2\/comments?post=3391"}],"wp:featuredmedia":[{"embeddable":true,"href":"https:\/\/vapebulkp.com\/da\/wp-json\/wp\/v2\/media\/3389"}],"wp:attachment":[{"href":"https:\/\/vapebulkp.com\/da\/wp-json\/wp\/v2\/media?parent=3391"}],"wp:term":[{"taxonomy":"product_cat","embeddable":true,"href":"https:\/\/vapebulkp.com\/da\/wp-json\/wp\/v2\/product_cat?post=3391"},{"taxonomy":"product_tag","embeddable":true,"href":"https:\/\/vapebulkp.com\/da\/wp-json\/wp\/v2\/product_tag?post=3391"}],"curies":[{"name":"wp","href":"https:\/\/api.w.org\/{rel}","templated":true}]}}