{"id":3410,"date":"2025-01-29T10:52:28","date_gmt":"2025-01-29T09:52:28","guid":{"rendered":"https:\/\/vapebulkp.com\/?post_type=product&#038;p=3410"},"modified":"2025-09-17T10:32:25","modified_gmt":"2025-09-17T08:32:25","slug":"fihp-digital-12000-puffs-disposable-e-cigarette-stylish-reliable-vape","status":"publish","type":"product","link":"https:\/\/vapebulkp.com\/da\/product\/fihp-digital-12000-puffs-disposable-e-cigarette-stylish-reliable-vape\/","title":{"rendered":"FIHP Digital 12000 Puffs Engangs E-cigaret Stilfuld P\u00e5lidelig Vape"},"content":{"rendered":"<h2>FIHP Digital 12000 Puffs Engangs E-cigaret Stilfuld P\u00e5lidelig Vape<\/h2>\n<p>&nbsp;<\/p>\n<p>Den <strong>FIHP Digital 12000 Puffs Engangs E-cigaret<\/strong> omdefinerer sofistikering i vapingens verden. Designet med moderne elegance og banebrydende innovation, tilbyder denne premium enhed en problemfri blanding af stil, p\u00e5lidelighed og ydeevne for den kr\u00e6sne vaper.<\/p>\n<p>Med sit imponerende antal pust p\u00e5 <strong>12,000<\/strong>sikrer FIHP Digital langvarig tilfredsstillelse, hvilket g\u00f8r den til et ideelt valg for dem, der v\u00e6rds\u00e6tter holdbarhed og bekvemmelighed. Forudfyldt med <strong>20 ml af ekspertfremstillet e-v\u00e6ske<\/strong> og tilg\u00e6ngelig i <strong>2% og 5% nikotinstyrker<\/strong>leverer den en glat, tilfredsstillende oplevelse, der er skr\u00e6ddersyet til dine pr\u00e6ferencer.<\/p>\n<p>A <strong>650mAh genopladeligt batteri<\/strong> med <strong>Type-C hurtig opladning<\/strong> sikrer uafbrudt nydelse, mens den elegante <strong>LED-display<\/strong> holder dig informeret om batteriniveauer og brug af pust. Denne innovative funktion understreger enhedens avancerede funktionalitet, der im\u00f8dekommer vapere, der prioriterer pr\u00e6cision og kontrol.<\/p>\n<p>Kompakt og stilfuld, er FIHP Digital perfekt til <strong>sociale sammenkomster, rejser<\/strong>eller daglig fork\u00e6lelse. Dets overlegne h\u00e5ndv\u00e6rk og elegante design l\u00f8fter det ud over det s\u00e6dvanlige og tilbyder en virkelig raffineret vapingoplevelse. For dem, der kr\u00e6ver fremragende, er <strong>FIHP Digital <a href=\"https:\/\/vapebulkp.com\/da\/product-category\/12000-puffs-disposable-vape\/\">12000 sug engangs-vape<\/a><\/strong>\u00a0det ultimative valg inden for engangs-e-cigaretter.<\/p>\n<h6 style=\"text-align: left\"><\/h6>\n<h6>Kontakt venligst Mandys WhatsApp for rabatpris<a href=\"https:\/\/wa.me\/8618077105796\">+8618077105796<\/a><\/h6>\n<p><img decoding=\"async\" class=\"alignnone wp-image-2151\" src=\"http:\/\/vapebulkp.com\/wp-content\/uploads\/2024\/04\/Mandy-WhatsApp-Randm.jpg\" alt=\"Mandy WhatsApp Randm\" width=\"287\" height=\"305\" srcset=\"https:\/\/vapebulkp.com\/wp-content\/uploads\/2024\/04\/Mandy-WhatsApp-Randm.jpg 916w, https:\/\/vapebulkp.com\/wp-content\/uploads\/2024\/04\/Mandy-WhatsApp-Randm-282x300.jpg 282w, https:\/\/vapebulkp.com\/wp-content\/uploads\/2024\/04\/Mandy-WhatsApp-Randm-768x817.jpg 768w, https:\/\/vapebulkp.com\/wp-content\/uploads\/2024\/04\/Mandy-WhatsApp-Randm-600x638.jpg 600w\" sizes=\"(max-width: 287px) 100vw, 287px\" \/><\/p>\n<h3 class=\"faqs-answer\"><span style=\"vertical-align: inherit\">Engros Vape FIHP 12k Puffs digital vape specifikationer:<\/span><\/h3>\n<ul>\n<li><strong>Stort antal sug<\/strong>: Op til 12.000 sug<\/li>\n<li><strong>H\u00f8j e-v\u00e6ske kapacitet<\/strong>: 20mL forudfyldt e-v\u00e6ske<\/li>\n<li><strong>Nikotinstyrke<\/strong>: 2% eller 5% muligheder<\/li>\n<li><strong>Batterikapacitet<\/strong>: 650mAh genopladeligt batteri med Type-C opladning<\/li>\n<li><strong>S\u00e6rlige funktioner<\/strong>: LED-display til batteri- og sugoverv\u00e5gning<\/li>\n<\/ul>\n<h2><\/h2>\n<h3>FIHP Digital 12k sug Fumot Vape Smagsliste:<\/h3>\n<p>01. Vandmelon Is<br \/>\n02. Vindrue Is<br \/>\n03. Kirseb\u00e6r<br \/>\n04. Bl\u00e5b\u00e6r Hindb\u00e6r<br \/>\n05. Jordb\u00e6r Kiwi<br \/>\n06. Blandede B\u00e6r<br \/>\n07. Jordb\u00e6r Vandmelon<br \/>\n08. Vandmelon Bubblegum<br \/>\n09. Fersken Mango Ananas<br \/>\n10. Kiwi passionsfrugt Guava<\/p>\n<p><a href=\"https:\/\/vapebulkp.com\/da\/product\/good-vape-jnr-shisha-15000-puffs-wholesale-vapme-shisha\/\"><span style=\"vertical-align: inherit\">Vapme JNR shisha 15000 sug<\/span><\/a><\/p>\n<p><span style=\"vertical-align: inherit\">Find flere produkter du m\u00e5ske kan lide:<\/span><em><a href=\"https:\/\/wa.me\/8618077105796\"><span style=\"vertical-align: inherit\">\u00a0K\u00f8b den nu<\/span><\/a><\/em><\/p>\n<p><span style=\"vertical-align: inherit\">Andre Puffs du m\u00e5ske kan lide:<\/span><a href=\"https:\/\/vapebulkp.com\/da\/product\/vapsolo-super-15k-puffs-wholesale-price-e-cigarette\/\"><span style=\"vertical-align: inherit\">Vapsolo super 15k <\/span><\/a><span style=\"vertical-align: inherit\">\u3001<\/span><a href=\"https:\/\/vapebulkp.com\/da\/product\/good-sale-randm-tornado-10000-puffs-plus\/\"><span style=\"vertical-align: inherit\">Randm 10000 Pust<\/span><\/a><span style=\"vertical-align: inherit\">\/ <\/span><a href=\"https:\/\/vapebulkp.com\/da\/product\/best-price-wga-crystal-pro-max-15k-puffs-original-vape\/\"><span style=\"vertical-align: inherit\">WGA Crystal Pro Max 15000 Pust<\/span><\/a><span style=\"vertical-align: inherit\">\/ <\/span><a href=\"https:\/\/vapebulkp.com\/da\/product\/popular-randm-tornado-7000puffs-disposable-vape-best-price\/\"><span style=\"vertical-align: inherit\">RandM Tornado 7000 Pust<\/span><\/a><\/p>\n<p><span style=\"vertical-align: inherit\">E-cigaret flaske med special form:<\/span><a href=\"https:\/\/vapebulkp.com\/da\/product\/bang-box-12000puffs-good-vape-sweden-wholesale-price\/\"><span style=\"vertical-align: inherit\">Bang Box 12000 sug <\/span><\/a><span style=\"vertical-align: inherit\">\/ <\/span><a href=\"https:\/\/vapebulkp.com\/da\/product\/wholesale-tornado-rum-bar-9000-puffs-sweden\/\"><span style=\"vertical-align: inherit\">Rumbar 9000 pust<\/span><\/a><span style=\"vertical-align: inherit\">\/<\/span><a href=\"https:\/\/vapebulkp.com\/da\/product\/bang-30k-puffs-new-double-taste-good-vape\/\"><span style=\"vertical-align: inherit\">Bang 30000 Pust<\/span><\/a><\/p>\n<h4>Ofte stillede sp\u00f8rgsm\u00e5l om FIHP Digital 12000 Puffs Engangs E-cigaret<\/h4>\n<p><strong>1. Hvad er sugekapaciteten for FIHP Digital 12000 Puffs Engangs E-cigaret?<\/strong><\/p>\n<p>FIHP Digital byder p\u00e5 en imponerende <strong>12.000 pust<\/strong>, hvilket g\u00f8r den til en holdbar l\u00f8sning for dampere, der prioriterer langvarig brug og bekvemmelighed.<\/p>\n<p><strong>2. Hvad er e-v\u00e6ske kapaciteten og nikotinstyrken for FIHP Digital 12000 puff?<\/strong><\/p>\n<p>Denne enhed er forudfyldt med <strong>20 ml e-v\u00e6ske<\/strong>, tilg\u00e6ngelig i <strong>2% eller 5% nikotinstyrke<\/strong> for at im\u00f8dekomme forskellige pr\u00e6ferencer.<\/p>\n<p><strong>3. Hvad f\u00e5r FIHP Digital til at skille sig ud?<\/strong><\/p>\n<p>Dens kombination af <strong>h\u00f8j dampkapacitet, slankt LED-display, f\u00f8rsteklasses design<\/strong>, og <strong>genopladelig funktionalitet<\/strong> g\u00f8r det til et fremragende valg p\u00e5 markedet for engangs-e-cigaretter.<\/p>\n<h4><strong>Forsendelsesdetaljer:<\/strong><\/h4>\n<p><span style=\"color: #ff6600\">Produktionstid: 5-10 arbejdsdage<\/span><br \/>\n<span style=\"color: #ff6600\">Leveringstid: 8-14 arbejdsdage<\/span><\/p>\n<p>Alle produkter i vores butik er 100% originale og autentiske, s\u00e5 ti gange kompensation for falske varer er vores butikspolitik. Vi bruger logistikkanaler som UPS\/DHL\/FEDEX\/DPD til at levere varer til dig.<\/p>\n<p>For pakker sendt til Danmark tager det normalt 10 arbejdsdage at ankomme. Forsendelse til europ\u00e6iske lande tager normalt 12 til 15 arbejdsdage at ankomme. Vi vil opdatere logistikinformationen for dig i realtid.<\/p>\n<h4><strong>Hvorfor v\u00e6lge Vapebulkp til dine FIHP Digital 12000 Puffs Vape Pods behov?<\/strong><\/h4>\n<p>N\u00e5r det kommer til at k\u00f8be vape-produkter af h\u00f8j kvalitet, <strong>Vapebulkp<\/strong> skiller sig ud som en betroet og p\u00e5lidelig kilde. Her er grunden til, at det er det ideelle valg til din <strong>FIHP Digital 12000 Puffs Engangs Vape Pods<\/strong>:<\/p>\n<p><strong>1. Omfattende produktsortiment<\/strong><\/p>\n<p>Vapebulkp tilbyder et varieret udvalg af f\u00f8rsteklasses vapingprodukter, herunder <strong>FIHP Digital 12000 Puffs<\/strong>. Uanset om du leder efter forskellige nikotinstyrker eller stilfulde designs, finder du et kurateret udvalg, der er skr\u00e6ddersyet til at im\u00f8dekomme dine behov.<\/p>\n<p><strong>2. Konkurrencedygtige engrospriser<\/strong><\/p>\n<p>Med muligheder for stork\u00f8b tilbyder Vapebulkp <strong>omkostningseffektive priser<\/strong> til store ordrer, hvilket g\u00f8r det til et perfekt valg for forhandlere og individuelle k\u00f8bere, der s\u00f8ger stor v\u00e6rdi uden at g\u00e5 p\u00e5 kompromis med kvaliteten.<\/p>\n<p><strong>3. Garanteret \u00e6gthed<\/strong><\/p>\n<p>Hvert produkt, der s\u00e6lges hos Vapebulkp, er <strong>100% \u00e6gte<\/strong>, hvilket sikrer, at du modtager den topkvalitet, du fortjener. FIHP Digital kommer direkte fra betroede producenter for fuldst\u00e6ndig ro i sindet.<\/p>\n<p><strong>4. Hurtig og sikker forsendelse<\/strong><\/p>\n<p>Vapebulkp sikrer <strong>effektiv levering<\/strong> i hele Europa og derudover, s\u00e5 du hurtigt kan nyde dine produkter. Sikker emballage garanterer, at din ordre ankommer i perfekt stand.<\/p>\n<p><strong>5. Enest\u00e5ende kundesupport<\/strong><\/p>\n<p>Teamet hos Vapebulkp leverer <strong>hurtig og kyndig kundeservice<\/strong>, klar til at hj\u00e6lpe med foresp\u00f8rgsler eller support til ordrer. Deres dedikation til kundetilfredshed adskiller dem fra andre.<\/p>\n<p><strong>6. Fokus p\u00e5 b\u00e6redygtighed<\/strong><\/p>\n<p>Som en platform, der er forpligtet til innovation, tilbyder Vapebulkp milj\u00f8bevidste vaping-muligheder som <strong>FIHP Digital 12000 Puffs<\/strong>, med et genopladeligt design, der stemmer overens med moderne b\u00e6redygtighedsm\u00e5l.<\/p>\n<p><strong>7. Skr\u00e6ddersyet til danske vapers<\/strong><\/p>\n<p>Vapebulkp forst\u00e5r danske kunders pr\u00e6ferencer og sikrer, at produkter som FIHP Digital im\u00f8dekommer lokale trends, regler og krav til f\u00f8rsteklasses vaping-l\u00f8sninger.<\/p>\n<p>For en <strong>problemfri, p\u00e5lidelig og kundefokuseret shoppingoplevelse<\/strong>, v\u00e6lg Vapebulkp som din foretrukne destination for <strong>FIHP Digital 12000 Puffs Engangs Vape Pods<\/strong>. Nyd den perfekte balance mellem kvalitet, v\u00e6rdi og bekvemmelighed!<\/p>","protected":false},"excerpt":{"rendered":"<ul>\n<li>Engrospris IHP Digital 12000 Puffs Genopladelige Vape Pods<\/li>\n<li>FIHP Digital Box Vape Pods med 12.000 Puffs St\u00f8rre M\u00e6ngder Rabat<\/li>\n<li>FIHP 12.000 Puffs Premium Vape Pods med LED-sk\u00e6rm<\/li>\n<li>FIHP Digital Genopladelige Vapes 12000 Puffs E-cigaret Hot Sale<\/li>\n<\/ul>\n<p><img decoding=\"async\" class=\"alignnone wp-image-2151\" src=\"http:\/\/vapebulkp.com\/wp-content\/uploads\/2024\/04\/Mandy-WhatsApp-Randm.jpg\" alt=\"Mandy WhatsApp Randm\" width=\"269\" height=\"286\" srcset=\"https:\/\/vapebulkp.com\/wp-content\/uploads\/2024\/04\/Mandy-WhatsApp-Randm.jpg 916w, https:\/\/vapebulkp.com\/wp-content\/uploads\/2024\/04\/Mandy-WhatsApp-Randm-282x300.jpg 282w, https:\/\/vapebulkp.com\/wp-content\/uploads\/2024\/04\/Mandy-WhatsApp-Randm-768x817.jpg 768w, https:\/\/vapebulkp.com\/wp-content\/uploads\/2024\/04\/Mandy-WhatsApp-Randm-600x638.jpg 600w\" sizes=\"(max-width: 269px) 100vw, 269px\" \/><\/p>\n<p>Kontakt venligst Mandys WhatsApp for rabatpris<a href=\"https:\/\/wa.me\/8618077105796\">+8618077105796<\/a><\/p>\n<p><span style=\"color: #ff0000\">BEM\u00c6RK: Priserne p\u00e5 vores hjemmeside inkluderer ikke forsendelsesomkostninger<\/span><\/p>\n<p>Hoved\u00e5rsag til k\u00f8b<br \/>\n1. Fremragende kvalitet og uovertruffen ydeevne.<\/p>\n<p>2. Konkurrencedygtig pris og hurtig v\u00e6rdi.<\/p>\n<p>3. Flere muligheder og rettidig levering.<\/p>\n<p>4. En tilfredsstillende shoppingoplevelse<\/p>","protected":false},"featured_media":3396,"comment_status":"open","ping_status":"closed","template":"","meta":{"_uag_custom_page_level_css":"","_lmt_disableupdate":"no","_lmt_disable":"","site-sidebar-layout":"default","site-content-layout":"content-boxed-container","ast-site-content-layout":"normal-width-container","site-content-style":"boxed","site-sidebar-style":"unboxed","ast-global-header-display":"","ast-banner-title-visibility":"","ast-main-header-display":"","ast-hfb-above-header-display":"","ast-hfb-below-header-display":"","ast-hfb-mobile-header-display":"","site-post-title":"","ast-breadcrumbs-content":"","ast-featured-img":"","footer-sml-layout":"","theme-transparent-header-meta":"default","adv-header-id-meta":"","stick-header-meta":"","header-above-stick-meta":"","header-main-stick-meta":"","header-below-stick-meta":"","astra-migrate-meta-layouts":"set","_joinchat":{"telephone":"+8618077105796"}},"product_cat":[166,350,33,59,100,87,34,158,157,154,152,58,84,156,63,32],"product_tag":[68,36,37,41,75,40],"class_list":["post-3410","product","type-product","status-publish","has-post-thumbnail","hentry","product_cat-12000-puffs-disposable-vape","product_cat-fihp-vape","product_cat-france-vape-hot-sale","product_cat-germany-hot-disposable-vape","product_cat-germany-wholesale-vape-shop","product_cat-minimum-order-quantity-50pcs","product_cat-netherlands-vape-good-sale","product_cat-norway-hot-disposable-vapes","product_cat-poland-hot-disposable-vapes","product_cat-portugal-hot-disposable-vapes","product_cat-spain-hot-disposable-vapes","product_cat-sweden-hot-disposable-vape","product_cat-sweden-wholesale-vape","product_cat-switzerland-hot-disposable-vapes","product_cat-top-sale-disposable-vape","product_cat-vape-hot-sale-this-week","product_tag-12000-puffs","product_tag-good-vape","product_tag-hot-sale-disposable-vape","product_tag-poland-hot-vape","product_tag-randm-vape-9000-puffs","product_tag-sweden-hot-vape","pa_brand-fihp-vape","desktop-align-left","tablet-align-left","mobile-align-left"],"yoast_head":"<!-- This site is optimized with the Yoast SEO plugin v21.1 - https:\/\/yoast.com\/wordpress\/plugins\/seo\/ -->\n<title>FIHP Digital 12000 Puffs Disposable E-Cigarette Stylish Reliable Vape - vapebulkp.com<\/title>\n<meta name=\"description\" content=\"Shop the wholesale FIHP Digital 12000 Puffs Vape Pods Rechargeable, sleek design, LED display, 20mL e-liquid, smooth nicotine options.\" \/>\n<meta name=\"robots\" content=\"index, follow, max-snippet:-1, max-image-preview:large, max-video-preview:-1\" \/>\n<link rel=\"canonical\" href=\"https:\/\/vapebulkp.com\/da\/product\/fihp-digital-12000-puffs-disposable-e-cigarette-stylish-reliable-vape\/\" \/>\n<meta property=\"og:locale\" content=\"da_DK\" \/>\n<meta property=\"og:type\" content=\"article\" \/>\n<meta property=\"og:title\" content=\"FIHP Digital 12000 Puffs Disposable E-Cigarette Stylish Reliable Vape - vapebulkp.com\" \/>\n<meta property=\"og:description\" content=\"Shop the wholesale FIHP Digital 12000 Puffs Vape Pods Rechargeable, sleek design, LED display, 20mL e-liquid, smooth nicotine options.\" \/>\n<meta property=\"og:url\" content=\"https:\/\/vapebulkp.com\/da\/product\/fihp-digital-12000-puffs-disposable-e-cigarette-stylish-reliable-vape\/\" \/>\n<meta property=\"og:site_name\" content=\"vapebulkp.com\" \/>\n<meta property=\"article:modified_time\" content=\"2025-09-17T08:32:25+00:00\" \/>\n<meta property=\"og:image\" content=\"http:\/\/vapebulkp.com\/wp-content\/uploads\/2025\/01\/FIHP-12000-Puffs-Rechargeable-Disposable-Vape-Pen-Long-Lasting-Performance.webp\" \/>\n\t<meta property=\"og:image:width\" content=\"800\" \/>\n\t<meta property=\"og:image:height\" content=\"800\" \/>\n\t<meta property=\"og:image:type\" content=\"image\/webp\" \/>\n<meta name=\"twitter:card\" content=\"summary_large_image\" \/>\n<meta name=\"twitter:label1\" content=\"Estimeret l\u00e6setid\" \/>\n\t<meta name=\"twitter:data1\" content=\"4 minutter\" \/>\n<script type=\"application\/ld+json\" class=\"yoast-schema-graph\">{\"@context\":\"https:\/\/schema.org\",\"@graph\":[{\"@type\":\"WebPage\",\"@id\":\"https:\/\/vapebulkp.com\/product\/fihp-digital-12000-puffs-disposable-e-cigarette-stylish-reliable-vape\/\",\"url\":\"https:\/\/vapebulkp.com\/product\/fihp-digital-12000-puffs-disposable-e-cigarette-stylish-reliable-vape\/\",\"name\":\"FIHP Digital 12000 Puffs Disposable E-Cigarette Stylish Reliable Vape - vapebulkp.com\",\"isPartOf\":{\"@id\":\"https:\/\/vapebulkp.com\/#website\"},\"datePublished\":\"2025-01-29T09:52:28+00:00\",\"dateModified\":\"2025-09-17T08:32:25+00:00\",\"description\":\"Shop the wholesale FIHP Digital 12000 Puffs Vape Pods Rechargeable, sleek design, LED display, 20mL e-liquid, smooth nicotine options.\",\"breadcrumb\":{\"@id\":\"https:\/\/vapebulkp.com\/product\/fihp-digital-12000-puffs-disposable-e-cigarette-stylish-reliable-vape\/#breadcrumb\"},\"inLanguage\":\"da-DK\",\"potentialAction\":[{\"@type\":\"ReadAction\",\"target\":[\"https:\/\/vapebulkp.com\/product\/fihp-digital-12000-puffs-disposable-e-cigarette-stylish-reliable-vape\/\"]}]},{\"@type\":\"BreadcrumbList\",\"@id\":\"https:\/\/vapebulkp.com\/product\/fihp-digital-12000-puffs-disposable-e-cigarette-stylish-reliable-vape\/#breadcrumb\",\"itemListElement\":[{\"@type\":\"ListItem\",\"position\":1,\"name\":\"Home\",\"item\":\"https:\/\/vapebulkp.com\/\"},{\"@type\":\"ListItem\",\"position\":2,\"name\":\"Hot Trend Vapes\",\"item\":\"https:\/\/vapebulkp.com\/vape-shop\/\"},{\"@type\":\"ListItem\",\"position\":3,\"name\":\"FIHP Digital 12000 Puffs Disposable E-Cigarette Stylish Reliable Vape\"}]},{\"@type\":\"WebSite\",\"@id\":\"https:\/\/vapebulkp.com\/#website\",\"url\":\"https:\/\/vapebulkp.com\/\",\"name\":\"vapebulkp.com\",\"description\":\"Buy Vape In Cheap Bulk Price Near you\",\"publisher\":{\"@id\":\"https:\/\/vapebulkp.com\/#organization\"},\"potentialAction\":[{\"@type\":\"SearchAction\",\"target\":{\"@type\":\"EntryPoint\",\"urlTemplate\":\"https:\/\/vapebulkp.com\/?s={search_term_string}\"},\"query-input\":\"required name=search_term_string\"}],\"inLanguage\":\"da-DK\"},{\"@type\":\"Organization\",\"@id\":\"https:\/\/vapebulkp.com\/#organization\",\"name\":\"vapebulkp.com\",\"url\":\"https:\/\/vapebulkp.com\/\",\"logo\":{\"@type\":\"ImageObject\",\"inLanguage\":\"da-DK\",\"@id\":\"https:\/\/vapebulkp.com\/#\/schema\/logo\/image\/\",\"url\":\"https:\/\/vapebulkp.com\/wp-content\/uploads\/2023\/09\/cropped-vapebulkp.png\",\"contentUrl\":\"https:\/\/vapebulkp.com\/wp-content\/uploads\/2023\/09\/cropped-vapebulkp.png\",\"width\":516,\"height\":163,\"caption\":\"vapebulkp.com\"},\"image\":{\"@id\":\"https:\/\/vapebulkp.com\/#\/schema\/logo\/image\/\"}}]}<\/script>\n<!-- \/ Yoast SEO plugin. -->","yoast_head_json":{"title":"FIHP Digital 12000 Puffs Engangs E-cigaret Stilfuld P\u00e5lidelig Vape - vapebulkp.com","description":"Shop det engros FIHP Digital 12000 Puffs Vape Pods Genopladelig, slankt design, LED-display, 20 ml e-v\u00e6ske, bl\u00f8de nikotinmuligheder.","robots":{"index":"index","follow":"follow","max-snippet":"max-snippet:-1","max-image-preview":"max-image-preview:large","max-video-preview":"max-video-preview:-1"},"canonical":"https:\/\/vapebulkp.com\/da\/product\/fihp-digital-12000-puffs-disposable-e-cigarette-stylish-reliable-vape\/","og_locale":"da_DK","og_type":"article","og_title":"FIHP Digital 12000 Puffs Disposable E-Cigarette Stylish Reliable Vape - vapebulkp.com","og_description":"Shop the wholesale FIHP Digital 12000 Puffs Vape Pods Rechargeable, sleek design, LED display, 20mL e-liquid, smooth nicotine options.","og_url":"https:\/\/vapebulkp.com\/da\/product\/fihp-digital-12000-puffs-disposable-e-cigarette-stylish-reliable-vape\/","og_site_name":"vapebulkp.com","article_modified_time":"2025-09-17T08:32:25+00:00","og_image":[{"width":800,"height":800,"url":"http:\/\/vapebulkp.com\/wp-content\/uploads\/2025\/01\/FIHP-12000-Puffs-Rechargeable-Disposable-Vape-Pen-Long-Lasting-Performance.webp","type":"image\/webp"}],"twitter_card":"summary_large_image","twitter_misc":{"Estimeret l\u00e6setid":"4 minutter"},"schema":{"@context":"https:\/\/schema.org","@graph":[{"@type":"WebPage","@id":"https:\/\/vapebulkp.com\/product\/fihp-digital-12000-puffs-disposable-e-cigarette-stylish-reliable-vape\/","url":"https:\/\/vapebulkp.com\/product\/fihp-digital-12000-puffs-disposable-e-cigarette-stylish-reliable-vape\/","name":"FIHP Digital 12000 Puffs Engangs E-cigaret Stilfuld P\u00e5lidelig Vape - vapebulkp.com","isPartOf":{"@id":"https:\/\/vapebulkp.com\/#website"},"datePublished":"2025-01-29T09:52:28+00:00","dateModified":"2025-09-17T08:32:25+00:00","description":"Shop det engros FIHP Digital 12000 Puffs Vape Pods Genopladelig, slankt design, LED-display, 20 ml e-v\u00e6ske, bl\u00f8de nikotinmuligheder.","breadcrumb":{"@id":"https:\/\/vapebulkp.com\/product\/fihp-digital-12000-puffs-disposable-e-cigarette-stylish-reliable-vape\/#breadcrumb"},"inLanguage":"da-DK","potentialAction":[{"@type":"ReadAction","target":["https:\/\/vapebulkp.com\/product\/fihp-digital-12000-puffs-disposable-e-cigarette-stylish-reliable-vape\/"]}]},{"@type":"BreadcrumbList","@id":"https:\/\/vapebulkp.com\/product\/fihp-digital-12000-puffs-disposable-e-cigarette-stylish-reliable-vape\/#breadcrumb","itemListElement":[{"@type":"ListItem","position":1,"name":"Home","item":"https:\/\/vapebulkp.com\/"},{"@type":"ListItem","position":2,"name":"Hot Trend Vapes","item":"https:\/\/vapebulkp.com\/vape-shop\/"},{"@type":"ListItem","position":3,"name":"FIHP Digital 12000 Puffs Disposable E-Cigarette Stylish Reliable Vape"}]},{"@type":"WebSite","@id":"https:\/\/vapebulkp.com\/#website","url":"https:\/\/vapebulkp.com\/","name":"vapebulkp.com","description":"K\u00f8b Vape I Billige M\u00e6ngder T\u00e6t P\u00e5 Dig","publisher":{"@id":"https:\/\/vapebulkp.com\/#organization"},"potentialAction":[{"@type":"SearchAction","target":{"@type":"EntryPoint","urlTemplate":"https:\/\/vapebulkp.com\/?s={search_term_string}"},"query-input":"required name=search_term_string"}],"inLanguage":"da-DK"},{"@type":"Organization","@id":"https:\/\/vapebulkp.com\/#organization","name":"vapebulkp.com","url":"https:\/\/vapebulkp.com\/","logo":{"@type":"ImageObject","inLanguage":"da-DK","@id":"https:\/\/vapebulkp.com\/#\/schema\/logo\/image\/","url":"https:\/\/vapebulkp.com\/wp-content\/uploads\/2023\/09\/cropped-vapebulkp.png","contentUrl":"https:\/\/vapebulkp.com\/wp-content\/uploads\/2023\/09\/cropped-vapebulkp.png","width":516,"height":163,"caption":"vapebulkp.com"},"image":{"@id":"https:\/\/vapebulkp.com\/#\/schema\/logo\/image\/"}}]}},"uagb_featured_image_src":{"full":["https:\/\/vapebulkp.com\/wp-content\/uploads\/2025\/01\/FIHP-12000-Puffs-Rechargeable-Disposable-Vape-Pen-Long-Lasting-Performance.webp",800,800,false],"thumbnail":["https:\/\/vapebulkp.com\/wp-content\/uploads\/2025\/01\/FIHP-12000-Puffs-Rechargeable-Disposable-Vape-Pen-Long-Lasting-Performance-150x150.webp",150,150,true],"medium":["https:\/\/vapebulkp.com\/wp-content\/uploads\/2025\/01\/FIHP-12000-Puffs-Rechargeable-Disposable-Vape-Pen-Long-Lasting-Performance-300x300.webp",300,300,true],"medium_large":["https:\/\/vapebulkp.com\/wp-content\/uploads\/2025\/01\/FIHP-12000-Puffs-Rechargeable-Disposable-Vape-Pen-Long-Lasting-Performance-768x768.webp",768,768,true],"large":["https:\/\/vapebulkp.com\/wp-content\/uploads\/2025\/01\/FIHP-12000-Puffs-Rechargeable-Disposable-Vape-Pen-Long-Lasting-Performance.webp",800,800,false],"1536x1536":["https:\/\/vapebulkp.com\/wp-content\/uploads\/2025\/01\/FIHP-12000-Puffs-Rechargeable-Disposable-Vape-Pen-Long-Lasting-Performance.webp",800,800,false],"2048x2048":["https:\/\/vapebulkp.com\/wp-content\/uploads\/2025\/01\/FIHP-12000-Puffs-Rechargeable-Disposable-Vape-Pen-Long-Lasting-Performance.webp",800,800,false],"trp-custom-language-flag":["https:\/\/vapebulkp.com\/wp-content\/uploads\/2025\/01\/FIHP-12000-Puffs-Rechargeable-Disposable-Vape-Pen-Long-Lasting-Performance.webp",12,12,false],"woocommerce_thumbnail":["https:\/\/vapebulkp.com\/wp-content\/uploads\/2025\/01\/FIHP-12000-Puffs-Rechargeable-Disposable-Vape-Pen-Long-Lasting-Performance-300x300.webp",300,300,true],"woocommerce_single":["https:\/\/vapebulkp.com\/wp-content\/uploads\/2025\/01\/FIHP-12000-Puffs-Rechargeable-Disposable-Vape-Pen-Long-Lasting-Performance-600x600.webp",600,600,true],"woocommerce_gallery_thumbnail":["https:\/\/vapebulkp.com\/wp-content\/uploads\/2025\/01\/FIHP-12000-Puffs-Rechargeable-Disposable-Vape-Pen-Long-Lasting-Performance-100x100.webp",100,100,true],"wcpr-photo-reviews":["https:\/\/vapebulkp.com\/wp-content\/uploads\/2025\/01\/FIHP-12000-Puffs-Rechargeable-Disposable-Vape-Pen-Long-Lasting-Performance.webp",500,500,false]},"uagb_author_info":{"display_name":"Mandy vape bulk price","author_link":"https:\/\/vapebulkp.com\/da\/author\/"},"uagb_comment_info":0,"uagb_excerpt":"Wholesale Price IHP Digital 12000 Puffs Rechargeable Vape Pods FIHP Digital Box Vape\u00a0 Pods with 12,000 Puffs Bulk Price FIHP 12,000 Puffs Premium Vape Pods with LED Display FIHP Digital Rechargeable Vapes 12000 Puffs E-Cigarette Hot Sale Pls Contact Mandy's WhatsApp For Discount Price+8618077105796 NOTE: Prices on our website does not include shipping costs Main&hellip;","_links":{"self":[{"href":"https:\/\/vapebulkp.com\/da\/wp-json\/wp\/v2\/product\/3410","targetHints":{"allow":["GET"]}}],"collection":[{"href":"https:\/\/vapebulkp.com\/da\/wp-json\/wp\/v2\/product"}],"about":[{"href":"https:\/\/vapebulkp.com\/da\/wp-json\/wp\/v2\/types\/product"}],"replies":[{"embeddable":true,"href":"https:\/\/vapebulkp.com\/da\/wp-json\/wp\/v2\/comments?post=3410"}],"wp:featuredmedia":[{"embeddable":true,"href":"https:\/\/vapebulkp.com\/da\/wp-json\/wp\/v2\/media\/3396"}],"wp:attachment":[{"href":"https:\/\/vapebulkp.com\/da\/wp-json\/wp\/v2\/media?parent=3410"}],"wp:term":[{"taxonomy":"product_cat","embeddable":true,"href":"https:\/\/vapebulkp.com\/da\/wp-json\/wp\/v2\/product_cat?post=3410"},{"taxonomy":"product_tag","embeddable":true,"href":"https:\/\/vapebulkp.com\/da\/wp-json\/wp\/v2\/product_tag?post=3410"}],"curies":[{"name":"wp","href":"https:\/\/api.w.org\/{rel}","templated":true}]}}