{"id":3411,"date":"2025-01-26T09:38:11","date_gmt":"2025-01-26T08:38:11","guid":{"rendered":"https:\/\/vapebulkp.com\/?post_type=product&#038;p=3411"},"modified":"2025-09-24T05:20:45","modified_gmt":"2025-09-24T03:20:45","slug":"aivono-aim-magic-20000-puffs-disposable-vape-multiple-nicotine-options","status":"publish","type":"product","link":"https:\/\/vapebulkp.com\/da\/product\/aivono-aim-magic-20000-puffs-disposable-vape-multiple-nicotine-options\/","title":{"rendered":"Aivono Aim Magic 20000 Pust Engangsvape Flere Nikotinmuligheder"},"content":{"rendered":"<h2 style=\"text-align: left\">Aivono Aim Magic 20000 Pust Engangsvape Flere Nikotinmuligheder<\/h2>\n<p data-start=\"141\" data-end=\"487\">Den <strong data-start=\"145\" data-end=\"193\">Aivono Aim Magic 20000 Pust Engangsvape<\/strong> er en premium engangsvape designet til europ\u00e6iske vaping-entusiaster, der kr\u00e6ver langvarig ydeevne og rig smag. Forfyldt med 26 ml h\u00f8jkvalitets nikotinsalt e-v\u00e6ske, leverer denne <a href=\"https:\/\/vapebulkp.com\/da\/product-category\/20000-puffs-disposable-vape\/\"><strong data-start=\"385\" data-end=\"416\">20000 sug engangs-vape<\/strong><\/a> glatte, konsistente sug for en udvidet vaping-oplevelse.<\/p>\n<p data-start=\"489\" data-end=\"793\">Designet som en <strong data-start=\"503\" data-end=\"535\">genopladelig engangs vape<\/strong>, den har et 600mAh batteri med Type-C hurtigopladning, hvilket reducerer nedetid og sikrer uafbrudt brug, uanset hvor du er. Avanceret <strong data-start=\"669\" data-end=\"693\">mesh coil teknologi<\/strong> forbedrer smagsintensitet og dampproduktion, hvilket giver et tilfredsstillende halskrads ved hvert pust.<\/p>\n<p data-start=\"795\" data-end=\"1131\">Let og slank, <strong data-start=\"822\" data-end=\"850\">Aivono Magic 20000 Pust<\/strong> kombinerer stil og b\u00e6rbarhed, hvilket g\u00f8r den ideel til rejser, sociale sammenkomster eller daglig brug. Dens alsidige nikotinmuligheder (0%, 2%, 3%, 5%) im\u00f8dekommer en r\u00e6kke pr\u00e6ferencer, mens den robuste konstruktion garanterer en <strong data-start=\"1066\" data-end=\"1087\">langvarig vape<\/strong> der opfylder kravene fra europ\u00e6iske brugere.<\/p>\n<p data-start=\"1133\" data-end=\"1360\">Betroet af <strong data-start=\"1144\" data-end=\"1175\">europ\u00e6iske vaping-entusiaster<\/strong>s\u00e6tter denne <strong data-start=\"1182\" data-end=\"1209\">premium engangs vape<\/strong> tilbyder en balance mellem bekvemmelighed, innovation og h\u00f8j kvalitet ydeevne, hvilket g\u00f8r den til et topvalg for b\u00e5de personlig brug og engrosmuligheder.<\/p>\n<p data-start=\"193\" data-end=\"545\"><img decoding=\"async\" class=\"wp-image-3409\" style=\"font-style: inherit;font-weight: bold\" src=\"http:\/\/vapebulkp.com\/wp-content\/uploads\/2025\/01\/Rechargeable-Aivono-Aim-Magic-Disposable-Vape-Pen-with-20000-Puffs-Capacity.webp\" alt=\"Genopladelig Aivono Aim Magic Engangsvape Pen med 20000 Pust Kapacitet\" width=\"499\" height=\"499\" srcset=\"https:\/\/vapebulkp.com\/wp-content\/uploads\/2025\/01\/Rechargeable-Aivono-Aim-Magic-Disposable-Vape-Pen-with-20000-Puffs-Capacity.webp 800w, https:\/\/vapebulkp.com\/wp-content\/uploads\/2025\/01\/Rechargeable-Aivono-Aim-Magic-Disposable-Vape-Pen-with-20000-Puffs-Capacity-300x300.webp 300w, https:\/\/vapebulkp.com\/wp-content\/uploads\/2025\/01\/Rechargeable-Aivono-Aim-Magic-Disposable-Vape-Pen-with-20000-Puffs-Capacity-150x150.webp 150w, https:\/\/vapebulkp.com\/wp-content\/uploads\/2025\/01\/Rechargeable-Aivono-Aim-Magic-Disposable-Vape-Pen-with-20000-Puffs-Capacity-768x768.webp 768w, https:\/\/vapebulkp.com\/wp-content\/uploads\/2025\/01\/Rechargeable-Aivono-Aim-Magic-Disposable-Vape-Pen-with-20000-Puffs-Capacity-600x600.webp 600w, https:\/\/vapebulkp.com\/wp-content\/uploads\/2025\/01\/Rechargeable-Aivono-Aim-Magic-Disposable-Vape-Pen-with-20000-Puffs-Capacity-100x100.webp 100w\" sizes=\"(max-width: 499px) 100vw, 499px\" \/><\/p>\n<p>Genopladelig Aivono Aim Magic Engangsvape Pen med 20000 Pust Kapacitet<\/p>\n<h6>Kontakt venligst Mandys WhatsApp for rabatpris<a href=\"https:\/\/wa.me\/8618077105796\">+8618077105796<\/a><\/h6>\n<p><img decoding=\"async\" class=\"alignnone wp-image-2151\" src=\"http:\/\/vapebulkp.com\/wp-content\/uploads\/2024\/04\/Mandy-WhatsApp-Randm.jpg\" alt=\"Mandy WhatsApp Randm\" width=\"324\" height=\"330\" \/><\/p>\n<h2><strong>Aivono Aim Magic 20000 Pust Engangsvape FAQ:<\/strong><\/h2>\n<h4>1. <strong>Hvad f\u00e5r Aivono Aim Magic 20000 Pust til at skille sig ud blandt engangsvapes?<\/strong><\/h4>\n<p>Aivono Aim Magic har en massiv kapacitet p\u00e5 20.000 pust og 26 ml premium e-v\u00e6ske, hvilket sikrer forl\u00e6nget brug uden hyppige udskiftninger. Det slanke design, kombineret med et genopladeligt 600mAh batteri og Type-C hurtigopladning, leverer premium bekvemmelighed og ydeevne.<\/p>\n<h4>2. <strong>Hvordan oplader jeg Aivono Aim Magic 20000 Puffs?<\/strong><\/h4>\n<p>Denne enhed har en praktisk Type-C opladningsport. Tilslut den blot til en kompatibel oplader, og 600mAh batteriet vil blive genopladet hurtigt, hvilket sikrer uafbrudt vaping.<\/p>\n<h4>3. <strong>Hvor kan jeg k\u00f8be Aivono Aim Magic 20K pust vape i Europa?<\/strong><\/h4>\n<p>Du kan k\u00f8be Aivono Aim Magic fra anerkendte forhandlere og onlinebutikker i hele Europa. Til engros- og bulk-k\u00f8bsmuligheder er Vapebulkp et p\u00e5lideligt valg for europ\u00e6iske kunder.<\/p>\n<h2><\/h2>\n<h3><strong>Aivono Aim Magic 20000 Puffs H\u00f8jtydende vaping-enhed Funktioner:<\/strong><\/h3>\n<ul>\n<li><strong>E-v\u00e6ske Kapacitet:<\/strong> 26 ml premium e-v\u00e6ske til forl\u00e6nget brug.<\/li>\n<li><strong>Nikotinmuligheder:<\/strong> F\u00e5s i nikotinniveauerne 0%, 2%, 3% og 5%, der im\u00f8dekommer en r\u00e6kke pr\u00e6ferencer.<\/li>\n<li><strong>Batterikapacitet:<\/strong> Udstyret med et genopladeligt 600mAh batteri for konsekvent og p\u00e5lidelig ydeevne.<\/li>\n<li><strong>Opladningsinterface:<\/strong> Har en Type-C opladningsport til hurtig og effektiv genopladning.<\/li>\n<li><strong>Emballage:<\/strong> Leveres i en displayboks indeholdende 10 enheder, ideel til bulk-k\u00f8b eller detaildisplays.<\/li>\n<\/ul>\n<h3>Aivono Aim Magic 20000 Puff Slankt design engangs e-cigaret Smagsmuligheder:<\/h3>\n<p>1.AIM MAGIC \uff1aBl\u00e5b\u00e6ris<br \/>\n2.AIM MAGIC \uff1aJordb\u00e6ris<br \/>\n3.AIM MAGIC \uff1aVandmelonis<br \/>\n4.AIM MAGIC \uff1aAnanas kokosis<br \/>\n5.AIM MAGIC : ananas mango<br \/>\n6.AIM MAGIC : Blandede b\u00e6r<br \/>\n7.AIM MAGIC \uff1aJordb\u00e6r vandmelon<br \/>\n8.AIM MAGIC \uff1aBl\u00e5 razz is<br \/>\n9.AIM MAGIC : fersken is<br \/>\n10.AIM MAGIC : Jordb\u00e6r is<\/p>\n<p><a href=\"https:\/\/vapebulkp.com\/da\/product\/fumot-tornado-25k-puffs-cheap-price-disposable-vape\/\"><span style=\"vertical-align: inherit\">RandM Tornado 25000 sug <\/span><\/a><\/p>\n<p><span style=\"vertical-align: inherit\">Find flere produkter du m\u00e5ske kan lide:<\/span><em><a href=\"https:\/\/wa.me\/8618077105796\"><span style=\"vertical-align: inherit\">\u00a0K\u00f8b den nu<\/span><\/a><\/em><\/p>\n<p><span style=\"vertical-align: inherit\">Andre Puffs du m\u00e5ske kan lide:<\/span><a href=\"https:\/\/vapebulkp.com\/da\/product\/uwin-tornado-music-35k-puffs-vape-wholesale-nicotine-free\/\"><span style=\"vertical-align: inherit\">UWIN Tornado 35000 sug<\/span><\/a><span style=\"vertical-align: inherit\">\u3001<\/span><a href=\"https:\/\/vapebulkp.com\/da\/product\/wholesale-price-bang-leader-80000-puffs-vape-device\/\"><span style=\"vertical-align: inherit\">BANG Leader 80000 sug<\/span><\/a><span style=\"vertical-align: inherit\">\/ <\/span><a href=\"https:\/\/vapebulkp.com\/da\/product\/wholesale-price-bang-kingdoms-rex-32000-puffs-vape-pod\/\"><span style=\"vertical-align: inherit\">Bang King doms rex 32000 sug<\/span><\/a><span style=\"vertical-align: inherit\">\/ <\/span><a href=\"https:\/\/vapebulkp.com\/da\/product\/bang-blaze-60000-puffs-4-in1-disposable-vape-for-wholesale-price\/\"><span style=\"vertical-align: inherit\">Bang Blaze 60000 pust<\/span><\/a><\/p>\n<p>&nbsp;<\/p>\n<h4><strong>Hvorfor v\u00e6lge Aivono Aim Magic 20000 sug hos <a href=\"https:\/\/vapebulkp.com\/da\/vape-shop\/\">Vapebulkp.com<\/a>?<\/strong><\/h4>\n<ul>\n<li><strong>Eksklusive engrospriser:<\/strong> Vapebulkp.com tilbyder uovertrufne priser for bulkk\u00f8b, hvilket g\u00f8r det til den foretrukne platform for forhandlere og distribut\u00f8rer i Danmark.<\/li>\n<li><strong>\u00c6gthed garanteret:<\/strong> Alle Aivono Aim Magic 20000 Puffs vapes kommer direkte fra betroede producenter, hvilket sikrer 100% \u00e6gte produkter af h\u00f8jeste kvalitet.<\/li>\n<li><strong>Premium funktioner:<\/strong> Aivono Aim Magic 20K Puffs skiller sig ud med sin enorme 26 ml e-v\u00e6skekapacitet, genopladelige 600 mAh batteri og avancerede dual-mesh coil-teknologi, der leverer ensartet ydeevne ved hvert sug.<\/li>\n<li><strong>Tilpasningsmuligheder:<\/strong> Vapebulkp underst\u00f8tter OEM\/ODM-tjenester, hvilket g\u00f8r det muligt for virksomheder at personligg\u00f8re designs, logoer og emballage for at tilpasse sig deres brandingm\u00e5l.<\/li>\n<li><strong>Forskellige nikotinstyrker:<\/strong> Tilg\u00e6ngelig i 0%, 2%, 3% og 5% nikotinniveauer, denne vape henvender sig til en bred vifte af forbrugerpr\u00e6ferencer, fra dem, der s\u00f8ger en nikotinfri mulighed, til brugere, der nyder et st\u00e6rkere hit.<\/li>\n<li><strong>Hurtig og p\u00e5lidelig forsendelse:<\/strong> Med fokus p\u00e5 europ\u00e6iske markeder sikrer Vapebulkp effektiv og sikker levering p\u00e5 tv\u00e6rs af lande, hvilket minimerer ventetider for kunderne.<\/li>\n<li><strong>Dedikeret kundesupport:<\/strong> Vapebulkp.com er stolt af enest\u00e5ende kundeservice, der tilbyder ekspertvejledning og hurtig assistance til foresp\u00f8rgsler, k\u00f8b og bulkordrer.<\/li>\n<li><strong>Fokus p\u00e5 b\u00e6redygtighed:<\/strong> Ved at fremme genopladelige og milj\u00f8venlige produkter som Aivono Aim Magic 20000 Puffs bidrager Vapebulkp til en mere b\u00e6redygtig fremtid for vaping.<\/li>\n<\/ul>\n<h5>Forsendelsesdetaljer:<\/h5>\n<p><span style=\"color: #ff6600\">Produktionstid: 5-10 arbejdsdage<\/span><br \/>\n<span style=\"color: #ff6600\">Leveringstid: 8-14 arbejdsdage<\/span><\/p>\n<p>Alle produkter i vores butik er 100% originale og autentiske, s\u00e5 ti gange kompensation for falske varer er vores butikspolitik. Vi bruger logistikkanaler som UPS\/DHL\/FEDEX\/DPD til at levere varer til dig.<\/p>\n<p>For pakker sendt til Danmark tager det normalt 10 arbejdsdage at ankomme. Forsendelse til europ\u00e6iske lande tager normalt 12 til 15 arbejdsdage at ankomme. Vi vil opdatere logistikinformationen for dig i realtid.<\/p>","protected":false},"excerpt":{"rendered":"<ul>\n<li>Engrospris Aivono Vape Aim Magic 20K Pust Premium Engangsvape<\/li>\n<li>Aivono Aim Magic 20000 Pust Engangsvape med Dobbelt Tilstande<\/li>\n<li>Aivono Aim Magic 20K Pust Vape Pod til Udvidet Vaping<\/li>\n<\/ul>\n<p>Kontakt venligst Mandys WhatsApp for rabatpris<a href=\"https:\/\/wa.me\/8618077105796\">+8618077105796<\/a><\/p>\n<p><img decoding=\"async\" class=\"alignnone wp-image-2151\" src=\"http:\/\/vapebulkp.com\/wp-content\/uploads\/2024\/04\/Mandy-WhatsApp-Randm.jpg\" alt=\"Mandy WhatsApp Randm\" width=\"297\" height=\"316\" srcset=\"https:\/\/vapebulkp.com\/wp-content\/uploads\/2024\/04\/Mandy-WhatsApp-Randm.jpg 916w, https:\/\/vapebulkp.com\/wp-content\/uploads\/2024\/04\/Mandy-WhatsApp-Randm-282x300.jpg 282w, https:\/\/vapebulkp.com\/wp-content\/uploads\/2024\/04\/Mandy-WhatsApp-Randm-768x817.jpg 768w, https:\/\/vapebulkp.com\/wp-content\/uploads\/2024\/04\/Mandy-WhatsApp-Randm-600x638.jpg 600w\" sizes=\"(max-width: 297px) 100vw, 297px\" \/><\/p>\n<p><span style=\"color: #ff0000\">BEM\u00c6RK: Priserne p\u00e5 vores hjemmeside inkluderer ikke forsendelsesomkostninger<\/span><\/p>\n<p>&nbsp;<\/p>","protected":false},"featured_media":3400,"comment_status":"open","ping_status":"closed","template":"","meta":{"_uag_custom_page_level_css":"","_lmt_disableupdate":"no","_lmt_disable":"","site-sidebar-layout":"default","site-content-layout":"content-boxed-container","ast-site-content-layout":"normal-width-container","site-content-style":"boxed","site-sidebar-style":"unboxed","ast-global-header-display":"","ast-banner-title-visibility":"","ast-main-header-display":"","ast-hfb-above-header-display":"","ast-hfb-below-header-display":"","ast-hfb-mobile-header-display":"","site-post-title":"","ast-breadcrumbs-content":"","ast-featured-img":"","footer-sml-layout":"","theme-transparent-header-meta":"default","adv-header-id-meta":"","stick-header-meta":"","header-above-stick-meta":"","header-main-stick-meta":"","header-below-stick-meta":"","astra-migrate-meta-layouts":"set","_joinchat":[]},"product_cat":[162,342,153,155,33,59,100,87,34,158,157,154,152,58,84,156],"product_tag":[204,36,37,41,40],"class_list":["post-3411","product","type-product","status-publish","has-post-thumbnail","hentry","product_cat-20000-puffs-disposable-vape","product_cat-aivono-vape","product_cat-hot-disposable-vapes","product_cat-belgium-hot-disposable-vapes","product_cat-france-vape-hot-sale","product_cat-germany-hot-disposable-vape","product_cat-germany-wholesale-vape-shop","product_cat-minimum-order-quantity-50pcs","product_cat-netherlands-vape-good-sale","product_cat-norway-hot-disposable-vapes","product_cat-poland-hot-disposable-vapes","product_cat-portugal-hot-disposable-vapes","product_cat-spain-hot-disposable-vapes","product_cat-sweden-hot-disposable-vape","product_cat-sweden-wholesale-vape","product_cat-switzerland-hot-disposable-vapes","product_tag-aivono-aim-magic-20000-puffs","product_tag-good-vape","product_tag-hot-sale-disposable-vape","product_tag-poland-hot-vape","product_tag-sweden-hot-vape","pa_brand-aivono-vape","desktop-align-left","tablet-align-left","mobile-align-left"],"yoast_head":"<!-- This site is optimized with the Yoast SEO plugin v21.1 - https:\/\/yoast.com\/wordpress\/plugins\/seo\/ -->\n<title>Aivono Aim Magic 20000 Puffs Disposable Vape Multiple Nicotine Options - vapebulkp.com<\/title>\n<meta name=\"description\" content=\"Wholesale Price Aivono Aim Magic 20000 Puffs Vape Device offers dual modes, 26ml e-liquid, rechargeable battery, customizable design.\" \/>\n<meta name=\"robots\" content=\"index, follow, max-snippet:-1, max-image-preview:large, max-video-preview:-1\" \/>\n<link rel=\"canonical\" href=\"https:\/\/vapebulkp.com\/da\/product\/aivono-aim-magic-20000-puffs-disposable-vape-multiple-nicotine-options\/\" \/>\n<meta property=\"og:locale\" content=\"da_DK\" \/>\n<meta property=\"og:type\" content=\"article\" \/>\n<meta property=\"og:title\" content=\"Aivono Aim Magic 20000 Puffs Disposable Vape Multiple Nicotine Options - vapebulkp.com\" \/>\n<meta property=\"og:description\" content=\"Wholesale Price Aivono Aim Magic 20000 Puffs Vape Device offers dual modes, 26ml e-liquid, rechargeable battery, customizable design.\" \/>\n<meta property=\"og:url\" content=\"https:\/\/vapebulkp.com\/da\/product\/aivono-aim-magic-20000-puffs-disposable-vape-multiple-nicotine-options\/\" \/>\n<meta property=\"og:site_name\" content=\"vapebulkp.com\" \/>\n<meta property=\"article:modified_time\" content=\"2025-09-24T03:20:45+00:00\" \/>\n<meta property=\"og:image\" content=\"http:\/\/vapebulkp.com\/wp-content\/uploads\/2025\/01\/20000-Puffs-Aivono-Aim-Magic-Disposable-Vape-Bulk-Buy-with-Nicotine-Options.webp\" \/>\n\t<meta property=\"og:image:width\" content=\"800\" \/>\n\t<meta property=\"og:image:height\" content=\"800\" \/>\n\t<meta property=\"og:image:type\" content=\"image\/webp\" \/>\n<meta name=\"twitter:card\" content=\"summary_large_image\" \/>\n<meta name=\"twitter:label1\" content=\"Estimeret l\u00e6setid\" \/>\n\t<meta name=\"twitter:data1\" content=\"4 minutter\" \/>\n<script type=\"application\/ld+json\" class=\"yoast-schema-graph\">{\"@context\":\"https:\/\/schema.org\",\"@graph\":[{\"@type\":\"WebPage\",\"@id\":\"https:\/\/vapebulkp.com\/product\/aivono-aim-magic-20000-puffs-disposable-vape-multiple-nicotine-options\/\",\"url\":\"https:\/\/vapebulkp.com\/product\/aivono-aim-magic-20000-puffs-disposable-vape-multiple-nicotine-options\/\",\"name\":\"Aivono Aim Magic 20000 Puffs Disposable Vape Multiple Nicotine Options - vapebulkp.com\",\"isPartOf\":{\"@id\":\"https:\/\/vapebulkp.com\/#website\"},\"datePublished\":\"2025-01-26T08:38:11+00:00\",\"dateModified\":\"2025-09-24T03:20:45+00:00\",\"description\":\"Wholesale Price Aivono Aim Magic 20000 Puffs Vape Device offers dual modes, 26ml e-liquid, rechargeable battery, customizable design.\",\"breadcrumb\":{\"@id\":\"https:\/\/vapebulkp.com\/product\/aivono-aim-magic-20000-puffs-disposable-vape-multiple-nicotine-options\/#breadcrumb\"},\"inLanguage\":\"da-DK\",\"potentialAction\":[{\"@type\":\"ReadAction\",\"target\":[\"https:\/\/vapebulkp.com\/product\/aivono-aim-magic-20000-puffs-disposable-vape-multiple-nicotine-options\/\"]}]},{\"@type\":\"BreadcrumbList\",\"@id\":\"https:\/\/vapebulkp.com\/product\/aivono-aim-magic-20000-puffs-disposable-vape-multiple-nicotine-options\/#breadcrumb\",\"itemListElement\":[{\"@type\":\"ListItem\",\"position\":1,\"name\":\"Home\",\"item\":\"https:\/\/vapebulkp.com\/\"},{\"@type\":\"ListItem\",\"position\":2,\"name\":\"Hot Trend Vapes\",\"item\":\"https:\/\/vapebulkp.com\/vape-shop\/\"},{\"@type\":\"ListItem\",\"position\":3,\"name\":\"Aivono Aim Magic 20000 Puffs Disposable Vape Multiple Nicotine Options\"}]},{\"@type\":\"WebSite\",\"@id\":\"https:\/\/vapebulkp.com\/#website\",\"url\":\"https:\/\/vapebulkp.com\/\",\"name\":\"vapebulkp.com\",\"description\":\"Buy Vape In Cheap Bulk Price Near you\",\"publisher\":{\"@id\":\"https:\/\/vapebulkp.com\/#organization\"},\"potentialAction\":[{\"@type\":\"SearchAction\",\"target\":{\"@type\":\"EntryPoint\",\"urlTemplate\":\"https:\/\/vapebulkp.com\/?s={search_term_string}\"},\"query-input\":\"required name=search_term_string\"}],\"inLanguage\":\"da-DK\"},{\"@type\":\"Organization\",\"@id\":\"https:\/\/vapebulkp.com\/#organization\",\"name\":\"vapebulkp.com\",\"url\":\"https:\/\/vapebulkp.com\/\",\"logo\":{\"@type\":\"ImageObject\",\"inLanguage\":\"da-DK\",\"@id\":\"https:\/\/vapebulkp.com\/#\/schema\/logo\/image\/\",\"url\":\"https:\/\/vapebulkp.com\/wp-content\/uploads\/2023\/09\/cropped-vapebulkp.png\",\"contentUrl\":\"https:\/\/vapebulkp.com\/wp-content\/uploads\/2023\/09\/cropped-vapebulkp.png\",\"width\":516,\"height\":163,\"caption\":\"vapebulkp.com\"},\"image\":{\"@id\":\"https:\/\/vapebulkp.com\/#\/schema\/logo\/image\/\"}}]}<\/script>\n<!-- \/ Yoast SEO plugin. -->","yoast_head_json":{"title":"Aivono Aim Magic 20000 Puffs Disposable Vape Multiple Nicotine Options - vapebulkp.com","description":"Wholesale Price Aivono Aim Magic 20000 Puffs Vape Device offers dual modes, 26ml e-liquid, rechargeable battery, customizable design.","robots":{"index":"index","follow":"follow","max-snippet":"max-snippet:-1","max-image-preview":"max-image-preview:large","max-video-preview":"max-video-preview:-1"},"canonical":"https:\/\/vapebulkp.com\/da\/product\/aivono-aim-magic-20000-puffs-disposable-vape-multiple-nicotine-options\/","og_locale":"da_DK","og_type":"article","og_title":"Aivono Aim Magic 20000 Puffs Disposable Vape Multiple Nicotine Options - vapebulkp.com","og_description":"Wholesale Price Aivono Aim Magic 20000 Puffs Vape Device offers dual modes, 26ml e-liquid, rechargeable battery, customizable design.","og_url":"https:\/\/vapebulkp.com\/da\/product\/aivono-aim-magic-20000-puffs-disposable-vape-multiple-nicotine-options\/","og_site_name":"vapebulkp.com","article_modified_time":"2025-09-24T03:20:45+00:00","og_image":[{"width":800,"height":800,"url":"http:\/\/vapebulkp.com\/wp-content\/uploads\/2025\/01\/20000-Puffs-Aivono-Aim-Magic-Disposable-Vape-Bulk-Buy-with-Nicotine-Options.webp","type":"image\/webp"}],"twitter_card":"summary_large_image","twitter_misc":{"Estimeret l\u00e6setid":"4 minutter"},"schema":{"@context":"https:\/\/schema.org","@graph":[{"@type":"WebPage","@id":"https:\/\/vapebulkp.com\/product\/aivono-aim-magic-20000-puffs-disposable-vape-multiple-nicotine-options\/","url":"https:\/\/vapebulkp.com\/product\/aivono-aim-magic-20000-puffs-disposable-vape-multiple-nicotine-options\/","name":"Aivono Aim Magic 20000 Puffs Disposable Vape Multiple Nicotine Options - vapebulkp.com","isPartOf":{"@id":"https:\/\/vapebulkp.com\/#website"},"datePublished":"2025-01-26T08:38:11+00:00","dateModified":"2025-09-24T03:20:45+00:00","description":"Wholesale Price Aivono Aim Magic 20000 Puffs Vape Device offers dual modes, 26ml e-liquid, rechargeable battery, customizable design.","breadcrumb":{"@id":"https:\/\/vapebulkp.com\/product\/aivono-aim-magic-20000-puffs-disposable-vape-multiple-nicotine-options\/#breadcrumb"},"inLanguage":"da-DK","potentialAction":[{"@type":"ReadAction","target":["https:\/\/vapebulkp.com\/product\/aivono-aim-magic-20000-puffs-disposable-vape-multiple-nicotine-options\/"]}]},{"@type":"BreadcrumbList","@id":"https:\/\/vapebulkp.com\/product\/aivono-aim-magic-20000-puffs-disposable-vape-multiple-nicotine-options\/#breadcrumb","itemListElement":[{"@type":"ListItem","position":1,"name":"Home","item":"https:\/\/vapebulkp.com\/"},{"@type":"ListItem","position":2,"name":"Hot Trend Vapes","item":"https:\/\/vapebulkp.com\/vape-shop\/"},{"@type":"ListItem","position":3,"name":"Aivono Aim Magic 20000 Puffs Disposable Vape Multiple Nicotine Options"}]},{"@type":"WebSite","@id":"https:\/\/vapebulkp.com\/#website","url":"https:\/\/vapebulkp.com\/","name":"vapebulkp.com","description":"Buy Vape In Cheap Bulk Price Near you","publisher":{"@id":"https:\/\/vapebulkp.com\/#organization"},"potentialAction":[{"@type":"SearchAction","target":{"@type":"EntryPoint","urlTemplate":"https:\/\/vapebulkp.com\/?s={search_term_string}"},"query-input":"required name=search_term_string"}],"inLanguage":"da-DK"},{"@type":"Organization","@id":"https:\/\/vapebulkp.com\/#organization","name":"vapebulkp.com","url":"https:\/\/vapebulkp.com\/","logo":{"@type":"ImageObject","inLanguage":"da-DK","@id":"https:\/\/vapebulkp.com\/#\/schema\/logo\/image\/","url":"https:\/\/vapebulkp.com\/wp-content\/uploads\/2023\/09\/cropped-vapebulkp.png","contentUrl":"https:\/\/vapebulkp.com\/wp-content\/uploads\/2023\/09\/cropped-vapebulkp.png","width":516,"height":163,"caption":"vapebulkp.com"},"image":{"@id":"https:\/\/vapebulkp.com\/#\/schema\/logo\/image\/"}}]}},"uagb_featured_image_src":{"full":["https:\/\/vapebulkp.com\/wp-content\/uploads\/2025\/01\/20000-Puffs-Aivono-Aim-Magic-Disposable-Vape-Bulk-Buy-with-Nicotine-Options.webp",800,800,false],"thumbnail":["https:\/\/vapebulkp.com\/wp-content\/uploads\/2025\/01\/20000-Puffs-Aivono-Aim-Magic-Disposable-Vape-Bulk-Buy-with-Nicotine-Options-150x150.webp",150,150,true],"medium":["https:\/\/vapebulkp.com\/wp-content\/uploads\/2025\/01\/20000-Puffs-Aivono-Aim-Magic-Disposable-Vape-Bulk-Buy-with-Nicotine-Options-300x300.webp",300,300,true],"medium_large":["https:\/\/vapebulkp.com\/wp-content\/uploads\/2025\/01\/20000-Puffs-Aivono-Aim-Magic-Disposable-Vape-Bulk-Buy-with-Nicotine-Options-768x768.webp",768,768,true],"large":["https:\/\/vapebulkp.com\/wp-content\/uploads\/2025\/01\/20000-Puffs-Aivono-Aim-Magic-Disposable-Vape-Bulk-Buy-with-Nicotine-Options.webp",800,800,false],"1536x1536":["https:\/\/vapebulkp.com\/wp-content\/uploads\/2025\/01\/20000-Puffs-Aivono-Aim-Magic-Disposable-Vape-Bulk-Buy-with-Nicotine-Options.webp",800,800,false],"2048x2048":["https:\/\/vapebulkp.com\/wp-content\/uploads\/2025\/01\/20000-Puffs-Aivono-Aim-Magic-Disposable-Vape-Bulk-Buy-with-Nicotine-Options.webp",800,800,false],"trp-custom-language-flag":["https:\/\/vapebulkp.com\/wp-content\/uploads\/2025\/01\/20000-Puffs-Aivono-Aim-Magic-Disposable-Vape-Bulk-Buy-with-Nicotine-Options.webp",12,12,false],"woocommerce_thumbnail":["https:\/\/vapebulkp.com\/wp-content\/uploads\/2025\/01\/20000-Puffs-Aivono-Aim-Magic-Disposable-Vape-Bulk-Buy-with-Nicotine-Options-300x300.webp",300,300,true],"woocommerce_single":["https:\/\/vapebulkp.com\/wp-content\/uploads\/2025\/01\/20000-Puffs-Aivono-Aim-Magic-Disposable-Vape-Bulk-Buy-with-Nicotine-Options-600x600.webp",600,600,true],"woocommerce_gallery_thumbnail":["https:\/\/vapebulkp.com\/wp-content\/uploads\/2025\/01\/20000-Puffs-Aivono-Aim-Magic-Disposable-Vape-Bulk-Buy-with-Nicotine-Options-100x100.webp",100,100,true],"wcpr-photo-reviews":["https:\/\/vapebulkp.com\/wp-content\/uploads\/2025\/01\/20000-Puffs-Aivono-Aim-Magic-Disposable-Vape-Bulk-Buy-with-Nicotine-Options.webp",500,500,false]},"uagb_author_info":{"display_name":"Mandy vape bulk price","author_link":"https:\/\/vapebulkp.com\/da\/author\/"},"uagb_comment_info":0,"uagb_excerpt":"Wholesale Price Aivono Vape Aim Magic 20K Puffs Premium Disposable Vape Aivono Aim Magic 20000 Puffs Disposable Vape with Dual Modes Aivono Aim Magic 20K Puffs Vape Pod for Extended Vaping Pls Contact Mandy's WhatsApp For Discount Price+8618077105796 NOTE: Prices on our website does not include shipping costs &nbsp;","_links":{"self":[{"href":"https:\/\/vapebulkp.com\/da\/wp-json\/wp\/v2\/product\/3411","targetHints":{"allow":["GET"]}}],"collection":[{"href":"https:\/\/vapebulkp.com\/da\/wp-json\/wp\/v2\/product"}],"about":[{"href":"https:\/\/vapebulkp.com\/da\/wp-json\/wp\/v2\/types\/product"}],"replies":[{"embeddable":true,"href":"https:\/\/vapebulkp.com\/da\/wp-json\/wp\/v2\/comments?post=3411"}],"wp:featuredmedia":[{"embeddable":true,"href":"https:\/\/vapebulkp.com\/da\/wp-json\/wp\/v2\/media\/3400"}],"wp:attachment":[{"href":"https:\/\/vapebulkp.com\/da\/wp-json\/wp\/v2\/media?parent=3411"}],"wp:term":[{"taxonomy":"product_cat","embeddable":true,"href":"https:\/\/vapebulkp.com\/da\/wp-json\/wp\/v2\/product_cat?post=3411"},{"taxonomy":"product_tag","embeddable":true,"href":"https:\/\/vapebulkp.com\/da\/wp-json\/wp\/v2\/product_tag?post=3411"}],"curies":[{"name":"wp","href":"https:\/\/api.w.org\/{rel}","templated":true}]}}