{"id":3496,"date":"2025-02-22T09:29:08","date_gmt":"2025-02-22T08:29:08","guid":{"rendered":"https:\/\/vapebulkp.com\/?post_type=product&#038;p=3496"},"modified":"2025-09-17T10:32:42","modified_gmt":"2025-09-17T08:32:42","slug":"uwin-twins-crystal-40000-puffs-long-lasting-disposable-vape","status":"publish","type":"product","link":"https:\/\/vapebulkp.com\/da\/product\/uwin-twins-crystal-40000-puffs-long-lasting-disposable-vape\/","title":{"rendered":"Uwin Twins Crystal 40000 Puffs Langtidsholdbar Engangs Vape"},"content":{"rendered":"<h2 style=\"text-align: left\">Uwin Twins Crystal 40000 Puffs Langtidsholdbar Engangs Vape<\/h2>\n<p data-start=\"65\" data-end=\"484\">Den <strong data-start=\"69\" data-end=\"119\">Uwin Twins Krystal <a href=\"https:\/\/vapebulkp.com\/da\/product-category\/40000-puffs-disposable-vape\/\">40000 sug engangs-vape<\/a><\/strong> er konstrueret til dem, der s\u00f8ger en p\u00e5lidelig, langvarig vaping-l\u00f8sning. Med imponerende 40.000 pust sikrer denne enhed en forl\u00e6nget vaping-oplevelse, perfekt til daglig brug eller sociale begivenheder. <strong data-start=\"323\" data-end=\"349\">30ml e-v\u00e6ske kapacitet<\/strong> g\u00f8r det muligt for uafbrudt nydelse, mens den <strong data-start=\"396\" data-end=\"417\">0.6 ohm mesh-coil<\/strong> leverer rig smag og j\u00e6vn dampproduktion ved hvert pust. V\u00e6lg mellem flere <strong data-start=\"507\" data-end=\"536\">nikotinstyrke-muligheder<\/strong>\u20142% og 5%\u2014for at passe til dine pr\u00e6ferencer. Med <strong data-start=\"585\" data-end=\"606\">10 unikke smagsvarianter<\/strong>, herunder frugt- og mentolblandinger, er der noget for enhver smag. Det slanke design har et <strong data-start=\"709\" data-end=\"740\">genopladeligt 850mAh batteri<\/strong> med en <strong data-start=\"748\" data-end=\"763\">Type-C-port<\/strong>, der giver hurtig, effektiv opladning. Perfekt til b\u00e5de begyndere og erfarne vapers, Uwin Twins Crystal 40000 pust engangs-vape engros tilbyder en ubesv\u00e6ret vaping-oplevelse uden genopfyldninger eller vedligeholdelse. For kvalitet, ydeevne og bekvemmelighed er Uwin Twins Crystal 40000 pust vape dit ideelle valg.<\/p>\n<p>&nbsp;<\/p>\n<h6>Kontakt venligst Mandys WhatsApp for rabatpris<a href=\"https:\/\/wa.me\/8618077105796\">+8618077105796<\/a><\/h6>\n<p><img decoding=\"async\" class=\"alignnone wp-image-2151\" src=\"http:\/\/vapebulkp.com\/wp-content\/uploads\/2024\/04\/Mandy-WhatsApp-Randm.jpg\" alt=\"Mandy WhatsApp Randm\" width=\"324\" height=\"330\" \/><\/p>\n<div class=\"flex max-w-full flex-col flex-grow\">\n<div class=\"min-h-8 text-message flex w-full flex-col items-end gap-2 whitespace-normal break-words text-start [.text-message+&amp;]:mt-5\" dir=\"auto\" data-message-author-role=\"assistant\" data-message-id=\"d24cf626-c018-4805-80f5-44de047f2ba0\" data-message-model-slug=\"gpt-4o\">\n<div class=\"flex w-full flex-col gap-1 empty:hidden first:pt-[3px]\">\n<div class=\"markdown prose w-full break-words dark:prose-invert light\">\n<h2>Hvorfor v\u00e6lge premium smags-vapes Twins Crystal 40000 Puffs hos <a href=\"https:\/\/vapebulkp.com\/da\/vape-shop\/\">Vapebulkp.com<\/a>?<\/h2>\n<ul data-start=\"65\" data-end=\"521\">\n<li data-start=\"65\" data-end=\"155\"><strong data-start=\"67\" data-end=\"85\">Bredt Udvalg<\/strong>: En r\u00e6kke nikotinstyrker og smagsvarianter, der passer til alle pr\u00e6ferencer.<\/li>\n<li data-start=\"156\" data-end=\"256\"><strong data-start=\"158\" data-end=\"179\">Kvalitetssikring<\/strong>: Kun premium, langtidsholdbare engangs-vapes med top-notch coil-teknologi.<\/li>\n<li data-start=\"257\" data-end=\"340\"><strong data-start=\"259\" data-end=\"281\">Konkurrencedygtige priser<\/strong>: Overkommelige priser og muligheder for stork\u00f8b for besparelser.<\/li>\n<li data-start=\"341\" data-end=\"431\"><strong data-start=\"343\" data-end=\"360\">Hurtig forsendelse<\/strong>: Hurtig levering inden for Europa, hvilket sikrer, at du f\u00e5r dine produkter til tiden.<\/li>\n<li data-start=\"432\" data-end=\"521\"><strong data-start=\"434\" data-end=\"454\">Kundesupport<\/strong>: P\u00e5lidelig kundeservice, der kan hj\u00e6lpe med eventuelle sp\u00f8rgsm\u00e5l eller problemer.<\/li>\n<li data-start=\"432\" data-end=\"521\"><strong style=\"font-size: 16px\" data-start=\"523\" data-end=\"554\">Fordele ved Vapebulkp.com<\/strong><\/li>\n<li data-start=\"557\" data-end=\"609\">Omfattende udvalg af damp-produkter af h\u00f8j kvalitet.<\/li>\n<li data-start=\"610\" data-end=\"663\">Nem online bestilling med sikre betalingsmuligheder.<\/li>\n<li data-start=\"664\" data-end=\"739\" data-is-last-node=\"\">Fokus p\u00e5 milj\u00f8venlige, kundecentrerede l\u00f8sninger til damp-entusiaster.<\/li>\n<\/ul>\n<\/div>\n<\/div>\n<\/div>\n<\/div>\n<h3>Uwin Twins Crystal 40000 Puffs nikotinstyrker vape N\u00f8glespecifikationer:<\/h3>\n<ul>\n<li data-start=\"241\" data-end=\"337\"><strong data-start=\"243\" data-end=\"272\">Nikotinstyrke Muligheder<\/strong>: 0%, 2%, 3%, 5% nikotinsalt til en skr\u00e6ddersyet damp-oplevelse<\/li>\n<li data-start=\"338\" data-end=\"421\"><strong data-start=\"340\" data-end=\"354\">Antal pust<\/strong>: 40.000 sug, der giver en langvarig, glat damp-oplevelse<\/li>\n<li data-start=\"422\" data-end=\"520\"><strong data-start=\"424\" data-end=\"445\">E-v\u00e6ske Kapacitet<\/strong>: 30 ml, hvilket sikrer rigelig e-v\u00e6ske til l\u00e6ngere brug uden hyppige genopfyldninger<\/li>\n<li data-start=\"521\" data-end=\"630\"><strong data-start=\"523\" data-end=\"536\">Emballage<\/strong>: 10 stk. pr. \u00e6ske, 100 stk. pr. karton, hvilket g\u00f8r den ideel til massek\u00f8b eller butiksudstillinger<\/li>\n<li data-start=\"631\" data-end=\"758\"><strong data-start=\"633\" data-end=\"644\">Smagsvarianter<\/strong>: 10 premium smagsvarianter tilg\u00e6ngelige, der im\u00f8dekommer en bred vifte af smagspr\u00e6ferencer, fra frugtagtig til mentol og mere<\/li>\n<li data-start=\"759\" data-end=\"871\"><strong data-start=\"761\" data-end=\"772\">Batteri<\/strong>: 850mAh genopladeligt cobalt-batteri med en Type-C-port til hurtig opladning og maksimal ydeevne<\/li>\n<li data-start=\"872\" data-end=\"980\"><strong data-start=\"874\" data-end=\"882\">Spole<\/strong>: Avanceret 0,6 ohm mesh coil-teknologi for forbedret smagslevering og j\u00e6vn dampproduktion<\/li>\n<li data-start=\"981\" data-end=\"1086\"><strong data-start=\"983\" data-end=\"993\">Design<\/strong>: Kompakt og slank, designet til b\u00e6rbarhed og brugervenlighed, perfekt til dampning p\u00e5 farten<\/li>\n<li data-start=\"1087\" data-end=\"1198\"><strong data-start=\"1089\" data-end=\"1106\">Brugervenlig<\/strong>: Ingen genopfyldninger eller komplicerede indstillinger \u2013 bare \u00e5bn og nyd en tilfredsstillende, langvarig damp<\/li>\n<li data-start=\"1199\" data-end=\"1311\"><strong data-start=\"1201\" data-end=\"1214\">Ideel til<\/strong>: Daglig brug, rejser og sociale sammenkomster \u2013 en problemfri og p\u00e5lidelig damp-l\u00f8sning<\/li>\n<\/ul>\n<h3><strong>Liste over smagsvarianter til Twins Crystal 40000 Puff Vape Pods af topkvalitet<\/strong><\/h3>\n<p>1.Bl\u00e5b\u00e6r p\u00e5 is\/Sommer fersken is<br \/>\n2.Kiwi passionsfrugt guava\/Bl\u00e5b\u00e6r hindb\u00e6r<br \/>\n3.Jordb\u00e6r kiwi\/Vindrue is<br \/>\n4.Kiwi Passionfrugt Guava\/To \u00c6bler<br \/>\n5.Jordb\u00e6r Vandmelon\/Citron Lime<br \/>\n6.Bl\u00e5b\u00e6r Hindb\u00e6r\/Kirseb\u00e6r Is<br \/>\n7.Jordb\u00e6r Hindb\u00e6r Kirseb\u00e6r\/Mr Blue<br \/>\n8.Fersken Mango Ananas\/Red Bull<br \/>\n9.Vandmelon Is\/Blandede B\u00e6r<br \/>\n10.Jordb\u00e6r Banan\/Love 66\uff08Passionsfrugt Melon Is\uff09<\/p>\n<p><a href=\"https:\/\/vapebulkp.com\/da\/product\/aivono-curved-smart-screen-35000-puffs-disposable-vape-wholesale-price\/\"><span style=\"vertical-align: inherit\">Aivono 35000 pust <\/span><\/a><\/p>\n<p><span style=\"vertical-align: inherit\">Find flere produkter du m\u00e5ske kan lide:<\/span><em><a href=\"https:\/\/wa.me\/8618077105796\"><span style=\"vertical-align: inherit\">\u00a0K\u00f8b den nu<\/span><\/a><\/em><\/p>\n<p><span style=\"vertical-align: inherit\">Andre Puffs du m\u00e5ske kan lide:<\/span><a href=\"https:\/\/vapebulkp.com\/da\/product\/wholesale-price-bang-kingdoms-rex-32000-puffs-vape-pod\/\"><span style=\"vertical-align: inherit\">Bang Kingdoms 32000Puffs<\/span><\/a><span style=\"vertical-align: inherit\">\u3001<\/span><a href=\"https:\/\/vapebulkp.com\/da\/product\/bood-pulse-pro-25k-50k-disposable-vape-bar-5000-puffs-nicotine-free\/\"><span style=\"vertical-align: inherit\">Bood pulse pro 50000 pust<\/span><\/a><span style=\"vertical-align: inherit\">\/ <\/span><a href=\"https:\/\/vapebulkp.com\/da\/product\/vapsolo-best-quality-viking-12k-puffs-disposable-vapes\/\"><span style=\"vertical-align: inherit\">Vapsolo viking 12000 pust<\/span><\/a><span style=\"vertical-align: inherit\">\/ <\/span><a href=\"https:\/\/vapebulkp.com\/da\/product\/waspe-vape-40000-puff-fihp-double-flavour-disposable-vape\/\"><span style=\"vertical-align: inherit\">WASPE 40000 pust<\/span><\/a><\/p>\n<p><span style=\"vertical-align: inherit\">E-cigaret flaske med special form:<\/span><a href=\"https:\/\/vapebulkp.com\/da\/product\/vapsolo-feed-bar-shisha-vape-15000-puffs-wholesale-price\/\"><span style=\"vertical-align: inherit\"> Vapsolo shisha 15000 Pust<\/span><\/a><span style=\"vertical-align: inherit\">\/ <\/span><a href=\"https:\/\/vapebulkp.com\/da\/product\/vopk-ultra-30000-puffs-rgb-light-mesh-coil-rechargeable-vape-wholesale-price\/\"><span style=\"vertical-align: inherit\">\u00a0VOPK ULTRA 30000 pust <\/span><\/a><span style=\"vertical-align: inherit\">\/<\/span><a href=\"https:\/\/vapebulkp.com\/da\/product\/bang-box-35000-puffs-touch-switch-digital-screen-rechargeable-vape\/\"><span style=\"vertical-align: inherit\"> Bang Box 35000 Pust<\/span><\/a><\/p>\n<h3>Forsendelsesdetaljer:<\/h3>\n<p><span style=\"color: #ff6600\">Produktionstid: 5-10 arbejdsdage<\/span><br \/>\n<span style=\"color: #ff6600\">Leveringstid: 8-14 arbejdsdage<\/span><\/p>\n<p>Alle produkter i vores butik er 100% originale og autentiske, s\u00e5 ti gange kompensation for falske varer er vores butikspolitik. Vi bruger logistikkanaler som UPS\/DHL\/FEDEX\/DPD til at levere varer til dig.<\/p>\n<p>For pakker sendt til Danmark tager det normalt 10 arbejdsdage at ankomme. Forsendelse til europ\u00e6iske lande tager normalt 12 til 15 arbejdsdage at ankomme. Vi vil opdatere logistikinformationen for dig i realtid.<\/p>","protected":false},"excerpt":{"rendered":"<ul>\n<li data-start=\"115\" data-end=\"211\"><strong data-start=\"118\" data-end=\"209\">Uwin Twins Crystal 40k Puffs Engangs-vape for langvarig smag og tilfredshed<\/strong><\/li>\n<li data-start=\"212\" data-end=\"297\"><strong data-start=\"215\" data-end=\"295\">Premium Uwin Twins Crystal 40000 Puffs Vapes for bl\u00f8de hits og forl\u00e6nget brug<\/strong><\/li>\n<li data-start=\"298\" data-end=\"399\"><strong data-start=\"301\" data-end=\"399\">Uwin Twins Crystal 40000 Puffs Engangs-vape \u2013 Overlegen coil-teknologi for ensartet damp<\/strong><\/li>\n<\/ul>\n<p>Kontakt venligst Mandys WhatsApp for rabatpris<a href=\"https:\/\/wa.me\/8618077105796\">+8618077105796<\/a><\/p>\n<p><img decoding=\"async\" class=\"alignnone wp-image-2151\" src=\"http:\/\/vapebulkp.com\/wp-content\/uploads\/2024\/04\/Mandy-WhatsApp-Randm.jpg\" alt=\"Mandy WhatsApp Randm\" width=\"297\" height=\"316\" srcset=\"https:\/\/vapebulkp.com\/wp-content\/uploads\/2024\/04\/Mandy-WhatsApp-Randm.jpg 916w, https:\/\/vapebulkp.com\/wp-content\/uploads\/2024\/04\/Mandy-WhatsApp-Randm-282x300.jpg 282w, https:\/\/vapebulkp.com\/wp-content\/uploads\/2024\/04\/Mandy-WhatsApp-Randm-768x817.jpg 768w, https:\/\/vapebulkp.com\/wp-content\/uploads\/2024\/04\/Mandy-WhatsApp-Randm-600x638.jpg 600w\" sizes=\"(max-width: 297px) 100vw, 297px\" \/><\/p>\n<p><span style=\"color: #ff0000\">BEM\u00c6RK: Priserne p\u00e5 vores hjemmeside inkluderer ikke forsendelsesomkostninger<\/span><\/p>\n<p>&nbsp;<\/p>","protected":false},"featured_media":3494,"comment_status":"open","ping_status":"closed","template":"","meta":{"_uag_custom_page_level_css":"","_lmt_disableupdate":"no","_lmt_disable":"","site-sidebar-layout":"default","site-content-layout":"content-boxed-container","ast-site-content-layout":"normal-width-container","site-content-style":"boxed","site-sidebar-style":"unboxed","ast-global-header-display":"","ast-banner-title-visibility":"","ast-main-header-display":"","ast-hfb-above-header-display":"","ast-hfb-below-header-display":"","ast-hfb-mobile-header-display":"","site-post-title":"","ast-breadcrumbs-content":"","ast-featured-img":"","footer-sml-layout":"","theme-transparent-header-meta":"default","adv-header-id-meta":"","stick-header-meta":"","header-above-stick-meta":"","header-main-stick-meta":"","header-below-stick-meta":"","astra-migrate-meta-layouts":"set","_joinchat":[]},"product_cat":[182,153,155,33,59,100,87,34,158,157,154,152,58,84,156,63,360,32],"product_tag":[36,37,41,40,213],"class_list":["post-3496","product","type-product","status-publish","has-post-thumbnail","hentry","product_cat-40000-puffs-disposable-vape","product_cat-hot-disposable-vapes","product_cat-belgium-hot-disposable-vapes","product_cat-france-vape-hot-sale","product_cat-germany-hot-disposable-vape","product_cat-germany-wholesale-vape-shop","product_cat-minimum-order-quantity-50pcs","product_cat-netherlands-vape-good-sale","product_cat-norway-hot-disposable-vapes","product_cat-poland-hot-disposable-vapes","product_cat-portugal-hot-disposable-vapes","product_cat-spain-hot-disposable-vapes","product_cat-sweden-hot-disposable-vape","product_cat-sweden-wholesale-vape","product_cat-switzerland-hot-disposable-vapes","product_cat-top-sale-disposable-vape","product_cat-uwin-vape","product_cat-vape-hot-sale-this-week","product_tag-good-vape","product_tag-hot-sale-disposable-vape","product_tag-poland-hot-vape","product_tag-sweden-hot-vape","product_tag-uwin-twins-crystal-40000-puffs","pa_brand-uwin-vape","desktop-align-left","tablet-align-left","mobile-align-left"],"yoast_head":"<!-- This site is optimized with the Yoast SEO plugin v21.1 - https:\/\/yoast.com\/wordpress\/plugins\/seo\/ -->\n<title>Uwin Twins Crystal 40000 Puffs Long-Lasting Disposable Vape - vapebulkp.com<\/title>\n<meta name=\"description\" content=\"Best Price Uwin Twins Crystal 40000 Puffs Disposable Vape offers long-lasting flavor, multiple nicotine strengths, and a smooth vaping experience.\" \/>\n<meta name=\"robots\" content=\"index, follow, max-snippet:-1, max-image-preview:large, max-video-preview:-1\" \/>\n<link rel=\"canonical\" href=\"https:\/\/vapebulkp.com\/da\/product\/uwin-twins-crystal-40000-puffs-long-lasting-disposable-vape\/\" \/>\n<meta property=\"og:locale\" content=\"da_DK\" \/>\n<meta property=\"og:type\" content=\"article\" \/>\n<meta property=\"og:title\" content=\"Uwin Twins Crystal 40000 Puffs Long-Lasting Disposable Vape - vapebulkp.com\" \/>\n<meta property=\"og:description\" content=\"Best Price Uwin Twins Crystal 40000 Puffs Disposable Vape offers long-lasting flavor, multiple nicotine strengths, and a smooth vaping experience.\" \/>\n<meta property=\"og:url\" content=\"https:\/\/vapebulkp.com\/da\/product\/uwin-twins-crystal-40000-puffs-long-lasting-disposable-vape\/\" \/>\n<meta property=\"og:site_name\" content=\"vapebulkp.com\" \/>\n<meta property=\"article:modified_time\" content=\"2025-09-17T08:32:42+00:00\" \/>\n<meta property=\"og:image\" content=\"http:\/\/vapebulkp.com\/wp-content\/uploads\/2025\/02\/UWIN-Crystal-40000-Puffs-Disposable-Vape-for-Convenient-and-Hassle-Free-Vaping.webp\" \/>\n\t<meta property=\"og:image:width\" content=\"800\" \/>\n\t<meta property=\"og:image:height\" content=\"800\" \/>\n\t<meta property=\"og:image:type\" content=\"image\/webp\" \/>\n<meta name=\"twitter:card\" content=\"summary_large_image\" \/>\n<meta name=\"twitter:label1\" content=\"Estimeret l\u00e6setid\" \/>\n\t<meta name=\"twitter:data1\" content=\"3 minutter\" \/>\n<script type=\"application\/ld+json\" class=\"yoast-schema-graph\">{\"@context\":\"https:\/\/schema.org\",\"@graph\":[{\"@type\":\"WebPage\",\"@id\":\"https:\/\/vapebulkp.com\/product\/uwin-twins-crystal-40000-puffs-long-lasting-disposable-vape\/\",\"url\":\"https:\/\/vapebulkp.com\/product\/uwin-twins-crystal-40000-puffs-long-lasting-disposable-vape\/\",\"name\":\"Uwin Twins Crystal 40000 Puffs Long-Lasting Disposable Vape - vapebulkp.com\",\"isPartOf\":{\"@id\":\"https:\/\/vapebulkp.com\/#website\"},\"datePublished\":\"2025-02-22T08:29:08+00:00\",\"dateModified\":\"2025-09-17T08:32:42+00:00\",\"description\":\"Best Price Uwin Twins Crystal 40000 Puffs Disposable Vape offers long-lasting flavor, multiple nicotine strengths, and a smooth vaping experience.\",\"breadcrumb\":{\"@id\":\"https:\/\/vapebulkp.com\/product\/uwin-twins-crystal-40000-puffs-long-lasting-disposable-vape\/#breadcrumb\"},\"inLanguage\":\"da-DK\",\"potentialAction\":[{\"@type\":\"ReadAction\",\"target\":[\"https:\/\/vapebulkp.com\/product\/uwin-twins-crystal-40000-puffs-long-lasting-disposable-vape\/\"]}]},{\"@type\":\"BreadcrumbList\",\"@id\":\"https:\/\/vapebulkp.com\/product\/uwin-twins-crystal-40000-puffs-long-lasting-disposable-vape\/#breadcrumb\",\"itemListElement\":[{\"@type\":\"ListItem\",\"position\":1,\"name\":\"Home\",\"item\":\"https:\/\/vapebulkp.com\/\"},{\"@type\":\"ListItem\",\"position\":2,\"name\":\"Hot Trend Vapes\",\"item\":\"https:\/\/vapebulkp.com\/vape-shop\/\"},{\"@type\":\"ListItem\",\"position\":3,\"name\":\"Uwin Twins Crystal 40000 Puffs Long-Lasting Disposable Vape\"}]},{\"@type\":\"WebSite\",\"@id\":\"https:\/\/vapebulkp.com\/#website\",\"url\":\"https:\/\/vapebulkp.com\/\",\"name\":\"vapebulkp.com\",\"description\":\"Buy Vape In Cheap Bulk Price Near you\",\"publisher\":{\"@id\":\"https:\/\/vapebulkp.com\/#organization\"},\"potentialAction\":[{\"@type\":\"SearchAction\",\"target\":{\"@type\":\"EntryPoint\",\"urlTemplate\":\"https:\/\/vapebulkp.com\/?s={search_term_string}\"},\"query-input\":\"required name=search_term_string\"}],\"inLanguage\":\"da-DK\"},{\"@type\":\"Organization\",\"@id\":\"https:\/\/vapebulkp.com\/#organization\",\"name\":\"vapebulkp.com\",\"url\":\"https:\/\/vapebulkp.com\/\",\"logo\":{\"@type\":\"ImageObject\",\"inLanguage\":\"da-DK\",\"@id\":\"https:\/\/vapebulkp.com\/#\/schema\/logo\/image\/\",\"url\":\"https:\/\/vapebulkp.com\/wp-content\/uploads\/2023\/09\/cropped-vapebulkp.png\",\"contentUrl\":\"https:\/\/vapebulkp.com\/wp-content\/uploads\/2023\/09\/cropped-vapebulkp.png\",\"width\":516,\"height\":163,\"caption\":\"vapebulkp.com\"},\"image\":{\"@id\":\"https:\/\/vapebulkp.com\/#\/schema\/logo\/image\/\"}}]}<\/script>\n<!-- \/ Yoast SEO plugin. -->","yoast_head_json":{"title":"Uwin Twins Crystal 40000 Puffs Long-Lasting Disposable Vape - vapebulkp.com","description":"Best Price Uwin Twins Crystal 40000 Puffs Disposable Vape offers long-lasting flavor, multiple nicotine strengths, and a smooth vaping experience.","robots":{"index":"index","follow":"follow","max-snippet":"max-snippet:-1","max-image-preview":"max-image-preview:large","max-video-preview":"max-video-preview:-1"},"canonical":"https:\/\/vapebulkp.com\/da\/product\/uwin-twins-crystal-40000-puffs-long-lasting-disposable-vape\/","og_locale":"da_DK","og_type":"article","og_title":"Uwin Twins Crystal 40000 Puffs Long-Lasting Disposable Vape - vapebulkp.com","og_description":"Best Price Uwin Twins Crystal 40000 Puffs Disposable Vape offers long-lasting flavor, multiple nicotine strengths, and a smooth vaping experience.","og_url":"https:\/\/vapebulkp.com\/da\/product\/uwin-twins-crystal-40000-puffs-long-lasting-disposable-vape\/","og_site_name":"vapebulkp.com","article_modified_time":"2025-09-17T08:32:42+00:00","og_image":[{"width":800,"height":800,"url":"http:\/\/vapebulkp.com\/wp-content\/uploads\/2025\/02\/UWIN-Crystal-40000-Puffs-Disposable-Vape-for-Convenient-and-Hassle-Free-Vaping.webp","type":"image\/webp"}],"twitter_card":"summary_large_image","twitter_misc":{"Estimeret l\u00e6setid":"3 minutter"},"schema":{"@context":"https:\/\/schema.org","@graph":[{"@type":"WebPage","@id":"https:\/\/vapebulkp.com\/product\/uwin-twins-crystal-40000-puffs-long-lasting-disposable-vape\/","url":"https:\/\/vapebulkp.com\/product\/uwin-twins-crystal-40000-puffs-long-lasting-disposable-vape\/","name":"Uwin Twins Crystal 40000 Puffs Long-Lasting Disposable Vape - vapebulkp.com","isPartOf":{"@id":"https:\/\/vapebulkp.com\/#website"},"datePublished":"2025-02-22T08:29:08+00:00","dateModified":"2025-09-17T08:32:42+00:00","description":"Best Price Uwin Twins Crystal 40000 Puffs Disposable Vape offers long-lasting flavor, multiple nicotine strengths, and a smooth vaping experience.","breadcrumb":{"@id":"https:\/\/vapebulkp.com\/product\/uwin-twins-crystal-40000-puffs-long-lasting-disposable-vape\/#breadcrumb"},"inLanguage":"da-DK","potentialAction":[{"@type":"ReadAction","target":["https:\/\/vapebulkp.com\/product\/uwin-twins-crystal-40000-puffs-long-lasting-disposable-vape\/"]}]},{"@type":"BreadcrumbList","@id":"https:\/\/vapebulkp.com\/product\/uwin-twins-crystal-40000-puffs-long-lasting-disposable-vape\/#breadcrumb","itemListElement":[{"@type":"ListItem","position":1,"name":"Home","item":"https:\/\/vapebulkp.com\/"},{"@type":"ListItem","position":2,"name":"Hot Trend Vapes","item":"https:\/\/vapebulkp.com\/vape-shop\/"},{"@type":"ListItem","position":3,"name":"Uwin Twins Crystal 40000 Puffs Long-Lasting Disposable Vape"}]},{"@type":"WebSite","@id":"https:\/\/vapebulkp.com\/#website","url":"https:\/\/vapebulkp.com\/","name":"vapebulkp.com","description":"Buy Vape In Cheap Bulk Price Near you","publisher":{"@id":"https:\/\/vapebulkp.com\/#organization"},"potentialAction":[{"@type":"SearchAction","target":{"@type":"EntryPoint","urlTemplate":"https:\/\/vapebulkp.com\/?s={search_term_string}"},"query-input":"required name=search_term_string"}],"inLanguage":"da-DK"},{"@type":"Organization","@id":"https:\/\/vapebulkp.com\/#organization","name":"vapebulkp.com","url":"https:\/\/vapebulkp.com\/","logo":{"@type":"ImageObject","inLanguage":"da-DK","@id":"https:\/\/vapebulkp.com\/#\/schema\/logo\/image\/","url":"https:\/\/vapebulkp.com\/wp-content\/uploads\/2023\/09\/cropped-vapebulkp.png","contentUrl":"https:\/\/vapebulkp.com\/wp-content\/uploads\/2023\/09\/cropped-vapebulkp.png","width":516,"height":163,"caption":"vapebulkp.com"},"image":{"@id":"https:\/\/vapebulkp.com\/#\/schema\/logo\/image\/"}}]}},"uagb_featured_image_src":{"full":["https:\/\/vapebulkp.com\/wp-content\/uploads\/2025\/02\/UWIN-Crystal-40000-Puffs-Disposable-Vape-for-Convenient-and-Hassle-Free-Vaping.webp",800,800,false],"thumbnail":["https:\/\/vapebulkp.com\/wp-content\/uploads\/2025\/02\/UWIN-Crystal-40000-Puffs-Disposable-Vape-for-Convenient-and-Hassle-Free-Vaping-150x150.webp",150,150,true],"medium":["https:\/\/vapebulkp.com\/wp-content\/uploads\/2025\/02\/UWIN-Crystal-40000-Puffs-Disposable-Vape-for-Convenient-and-Hassle-Free-Vaping-300x300.webp",300,300,true],"medium_large":["https:\/\/vapebulkp.com\/wp-content\/uploads\/2025\/02\/UWIN-Crystal-40000-Puffs-Disposable-Vape-for-Convenient-and-Hassle-Free-Vaping-768x768.webp",768,768,true],"large":["https:\/\/vapebulkp.com\/wp-content\/uploads\/2025\/02\/UWIN-Crystal-40000-Puffs-Disposable-Vape-for-Convenient-and-Hassle-Free-Vaping.webp",800,800,false],"1536x1536":["https:\/\/vapebulkp.com\/wp-content\/uploads\/2025\/02\/UWIN-Crystal-40000-Puffs-Disposable-Vape-for-Convenient-and-Hassle-Free-Vaping.webp",800,800,false],"2048x2048":["https:\/\/vapebulkp.com\/wp-content\/uploads\/2025\/02\/UWIN-Crystal-40000-Puffs-Disposable-Vape-for-Convenient-and-Hassle-Free-Vaping.webp",800,800,false],"trp-custom-language-flag":["https:\/\/vapebulkp.com\/wp-content\/uploads\/2025\/02\/UWIN-Crystal-40000-Puffs-Disposable-Vape-for-Convenient-and-Hassle-Free-Vaping.webp",12,12,false],"woocommerce_thumbnail":["https:\/\/vapebulkp.com\/wp-content\/uploads\/2025\/02\/UWIN-Crystal-40000-Puffs-Disposable-Vape-for-Convenient-and-Hassle-Free-Vaping-300x300.webp",300,300,true],"woocommerce_single":["https:\/\/vapebulkp.com\/wp-content\/uploads\/2025\/02\/UWIN-Crystal-40000-Puffs-Disposable-Vape-for-Convenient-and-Hassle-Free-Vaping-600x600.webp",600,600,true],"woocommerce_gallery_thumbnail":["https:\/\/vapebulkp.com\/wp-content\/uploads\/2025\/02\/UWIN-Crystal-40000-Puffs-Disposable-Vape-for-Convenient-and-Hassle-Free-Vaping-100x100.webp",100,100,true],"wcpr-photo-reviews":["https:\/\/vapebulkp.com\/wp-content\/uploads\/2025\/02\/UWIN-Crystal-40000-Puffs-Disposable-Vape-for-Convenient-and-Hassle-Free-Vaping.webp",500,500,false]},"uagb_author_info":{"display_name":"Mandy vape bulk price","author_link":"https:\/\/vapebulkp.com\/da\/author\/"},"uagb_comment_info":0,"uagb_excerpt":"Uwin Twins Crystal 40k Puffs Disposable Vape for Long-Lasting Flavor and Satisfaction Premium Uwin Twins Crystal 40000 Puff Vapes for Smooth Hits and Extended Use Uwin Twins Crystal 40000 Puffs Disposable Vape - Superior Coil Technology for Consistent Vapor Pls Contact Mandy's WhatsApp For Discount Price+8618077105796 NOTE: Prices on our website does not include shipping&hellip;","_links":{"self":[{"href":"https:\/\/vapebulkp.com\/da\/wp-json\/wp\/v2\/product\/3496","targetHints":{"allow":["GET"]}}],"collection":[{"href":"https:\/\/vapebulkp.com\/da\/wp-json\/wp\/v2\/product"}],"about":[{"href":"https:\/\/vapebulkp.com\/da\/wp-json\/wp\/v2\/types\/product"}],"replies":[{"embeddable":true,"href":"https:\/\/vapebulkp.com\/da\/wp-json\/wp\/v2\/comments?post=3496"}],"wp:featuredmedia":[{"embeddable":true,"href":"https:\/\/vapebulkp.com\/da\/wp-json\/wp\/v2\/media\/3494"}],"wp:attachment":[{"href":"https:\/\/vapebulkp.com\/da\/wp-json\/wp\/v2\/media?parent=3496"}],"wp:term":[{"taxonomy":"product_cat","embeddable":true,"href":"https:\/\/vapebulkp.com\/da\/wp-json\/wp\/v2\/product_cat?post=3496"},{"taxonomy":"product_tag","embeddable":true,"href":"https:\/\/vapebulkp.com\/da\/wp-json\/wp\/v2\/product_tag?post=3496"}],"curies":[{"name":"wp","href":"https:\/\/api.w.org\/{rel}","templated":true}]}}