{"id":3512,"date":"2025-02-26T08:05:07","date_gmt":"2025-02-26T07:05:07","guid":{"rendered":"https:\/\/vapebulkp.com\/?post_type=product&#038;p=3512"},"modified":"2025-09-17T10:33:06","modified_gmt":"2025-09-17T08:33:06","slug":"wholesale-bang-leader-32000-puffs-disposable-vape-type-c-charging","status":"publish","type":"product","link":"https:\/\/vapebulkp.com\/da\/product\/wholesale-bang-leader-32000-puffs-disposable-vape-type-c-charging\/","title":{"rendered":"Engros Bang Leader 32000 Puffs Engangs Vape Type-C Opladning"},"content":{"rendered":"<h2 style=\"text-align: left\">Engros Bang Leader 32000 Puffs Engangs Vape Type-C Opladning<\/h2>\n<p data-start=\"0\" data-end=\"511\">Forbedr din dampoplevelse med <strong data-start=\"40\" data-end=\"83\">Bang Leader 32000 Puffs Engangs Vape<\/strong>, designet til dem, der eftersp\u00f8rger b\u00e5de <strong data-start=\"120\" data-end=\"133\">lang levetid<\/strong> og <strong data-start=\"138\" data-end=\"149\">og variation<\/strong>. Bang Vape 32k puff vapes h\u00f8jtydende engangs vape tilbyder bem\u00e6rkelsesv\u00e6rdige <strong data-start=\"209\" data-end=\"225\">32.000 pust<\/strong> af glat, smagfuld damp. Dets <strong data-start=\"258\" data-end=\"277\">dobbelt-pod system<\/strong> giver dig mulighed for at nyde <strong data-start=\"298\" data-end=\"322\">to forskellige smage<\/strong> p\u00e5 \u00e9n gang, hvilket giver en dynamisk dampoplevelse, der holder hvert pust sp\u00e6ndende. Uanset om du er i hum\u00f8r til en frugtig blanding eller en k\u00f8lende mentol-brise, leverer denne vape med hver ind\u00e5nding.<\/p>\n<p data-start=\"513\" data-end=\"905\">Perfekt til virksomheder, der \u00f8nsker at tilbyde <strong data-start=\"553\" data-end=\"595\">f\u00f8rsteklasses, tilpassede damp-l\u00f8sninger<\/strong>, udstr\u00e5ler <strong data-start=\"601\" data-end=\"633\">Bange Leder <a href=\"https:\/\/vapebulkp.com\/da\/product-category\/32000-puffs-disposable-vape\/\">32000 Pust Engangs Vape<\/a><\/strong> er ideel til engrosk\u00f8b. Med et kraftfuldt <strong data-start=\"684\" data-end=\"705\">13.300 mAh batteri<\/strong> til langvarig ydeevne, en <strong data-start=\"738\" data-end=\"756\">1,0\u03a9 mesh coil<\/strong> til forbedret smag og damp, og en <strong data-start=\"805\" data-end=\"829\">Type-C opladningsport<\/strong> til hurtig opladning, garanterer denne enhed p\u00e5lidelig og tilfredsstillende brug.<\/p>\n<p data-start=\"907\" data-end=\"1127\" data-is-last-node=\"\" data-is-only-node=\"\">Skr\u00e6ddersyet til bulkordrer og <strong data-start=\"936\" data-end=\"961\">OEM\/ODM-tilpasning<\/strong>, er denne engangs-vape det ideelle valg for dem, der \u00f8nsker at skille sig ud p\u00e5 vape-markedet, samtidig med at de giver kunderne en uforglemmelig dobbelt-smagsoplevelse.<\/p>\n<figure id=\"attachment_3507\" aria-describedby=\"caption-attachment-3507\" style=\"width: 519px\" class=\"wp-caption alignnone\"><img decoding=\"async\" class=\"wp-image-3507\" src=\"http:\/\/vapebulkp.com\/wp-content\/uploads\/2025\/02\/Bang-Leader-32K-Puff-Double-Flavor-Mesh-Coil-Disposable-Vape-Wholesale.webp\" alt=\"Bang Leader 32K Pust Dobbelt Smag Mesh Coil Engangs-vape Engros\" width=\"519\" height=\"519\" srcset=\"https:\/\/vapebulkp.com\/wp-content\/uploads\/2025\/02\/Bang-Leader-32K-Puff-Double-Flavor-Mesh-Coil-Disposable-Vape-Wholesale.webp 800w, https:\/\/vapebulkp.com\/wp-content\/uploads\/2025\/02\/Bang-Leader-32K-Puff-Double-Flavor-Mesh-Coil-Disposable-Vape-Wholesale-300x300.webp 300w, https:\/\/vapebulkp.com\/wp-content\/uploads\/2025\/02\/Bang-Leader-32K-Puff-Double-Flavor-Mesh-Coil-Disposable-Vape-Wholesale-150x150.webp 150w, https:\/\/vapebulkp.com\/wp-content\/uploads\/2025\/02\/Bang-Leader-32K-Puff-Double-Flavor-Mesh-Coil-Disposable-Vape-Wholesale-768x768.webp 768w, https:\/\/vapebulkp.com\/wp-content\/uploads\/2025\/02\/Bang-Leader-32K-Puff-Double-Flavor-Mesh-Coil-Disposable-Vape-Wholesale-600x600.webp 600w, https:\/\/vapebulkp.com\/wp-content\/uploads\/2025\/02\/Bang-Leader-32K-Puff-Double-Flavor-Mesh-Coil-Disposable-Vape-Wholesale-100x100.webp 100w\" sizes=\"(max-width: 519px) 100vw, 519px\" \/><figcaption id=\"caption-attachment-3507\" class=\"wp-caption-text\">Bang Leader 32K Pust Dobbelt Smag Mesh Coil Engangs-vape Engros<\/figcaption><\/figure>\n<h6><\/h6>\n<p><img decoding=\"async\" class=\"alignnone wp-image-2151\" src=\"http:\/\/vapebulkp.com\/wp-content\/uploads\/2024\/04\/Mandy-WhatsApp-Randm.jpg\" alt=\"Mandy WhatsApp Randm\" width=\"324\" height=\"330\" \/><\/p>\n<h6>Kontakt venligst Mandys WhatsApp for rabatpris<a href=\"https:\/\/wa.me\/8618077105796\">+8618077105796<\/a><\/h6>\n<p>&nbsp;<\/p>\n<h2>Hvorfor v\u00e6lge genopladelig VapeBang Leader 32000 Pust fra Vapebulkp.com?<\/h2>\n<ul>\n<li data-start=\"1894\" data-end=\"2235\"><strong data-start=\"70\" data-end=\"93\">Ultra-lang levetid<\/strong> \u2013 Op til <strong data-start=\"102\" data-end=\"118\">32.000 pust<\/strong> for forl\u00e6nget dampning uden hyppige udskiftninger.<\/li>\n<li data-start=\"1894\" data-end=\"2235\"><strong data-start=\"175\" data-end=\"204\">Massiv e-v\u00e6skekapacitet<\/strong> \u2013 Forfyldt for <strong data-start=\"222\" data-end=\"243\">konsekvent smag<\/strong> uden behov for genopfyldning.<\/li>\n<li data-start=\"1894\" data-end=\"2235\"><strong data-start=\"273\" data-end=\"300\">Glatte nikotinmuligheder<\/strong> \u2013 F\u00e5s i <strong data-start=\"316\" data-end=\"337\">forskellige styrker<\/strong> til at passe til forskellige pr\u00e6ferencer.<\/li>\n<li data-start=\"1894\" data-end=\"2235\"><strong data-start=\"374\" data-end=\"398\">Mesh Coil Teknologi<\/strong> \u2013 Leverer <strong data-start=\"410\" data-end=\"427\">rigere smag<\/strong> og <strong data-start=\"432\" data-end=\"461\">forbedret damp produktion<\/strong>.<\/li>\n<li data-start=\"1894\" data-end=\"2235\"><strong data-start=\"468\" data-end=\"492\">Genopladeligt batteri<\/strong> \u2013 <strong data-start=\"495\" data-end=\"519\">Type-C hurtig opladning<\/strong> sikrer uafbrudt brug.<\/li>\n<li data-start=\"1894\" data-end=\"2235\"><strong data-start=\"552\" data-end=\"571\">Diverse Smagsvarianter<\/strong> \u2013 Bredt udvalg af <strong data-start=\"592\" data-end=\"629\">frugtige, mentol og dristige smage<\/strong>.<\/li>\n<li data-start=\"1894\" data-end=\"2235\"><strong data-start=\"636\" data-end=\"662\">K\u00f8b fra Vapebulkp.com<\/strong> \u2013 <strong data-start=\"665\" data-end=\"746\">Autentiske produkter, konkurrencedygtige priser, hurtig levering, og p\u00e5lidelig service.<\/strong><\/li>\n<\/ul>\n<h3><strong>Bang Leader 32000 Puffs H\u00f8j-Kapacitet <\/strong>Produktfunktioner<\/h3>\n<ul>\n<li data-start=\"48\" data-end=\"74\"><strong data-start=\"50\" data-end=\"64\">Antal pust<\/strong>: 32,000<\/li>\n<li data-start=\"75\" data-end=\"139\"><strong data-start=\"77\" data-end=\"98\">E-v\u00e6ske Kapacitet<\/strong>: 28 ml \u00d7 2 (Dobbeltbeholdere til forl\u00e6nget brug)<\/li>\n<li data-start=\"140\" data-end=\"198\"><strong data-start=\"142\" data-end=\"158\">Battericelle<\/strong>: 13.300 mAh H\u00f8jkapacitets str\u00f8mkilde<\/li>\n<li data-start=\"199\" data-end=\"286\"><strong data-start=\"201\" data-end=\"220\">Spolemodstand<\/strong>: 1,0\u03a9 Mesh Coil for forbedret smag og bl\u00f8d damp<\/li>\n<li data-start=\"287\" data-end=\"357\" data-is-last-node=\"\"><strong data-start=\"289\" data-end=\"306\">Tilpasning<\/strong>: Underst\u00f8tter <strong data-start=\"317\" data-end=\"328\" data-is-only-node=\"\">OEM\/ODM<\/strong> til branding og bulkordrer<\/li>\n<\/ul>\n<h3><strong>Bang Leader 32000 Pust E-v\u00e6ske Kapacitet Smag:<\/strong><\/h3>\n<p>1. VANDMELON IS, BL\u00c5B\u00c6R MYNTE<br \/>\n2. VANDMELON IS, JORDB\u00c6R OG MANGO<br \/>\n3. JORDB\u00c6R OG VANDMELON, KIWI PASSIONSFRUGT GUAVA<br \/>\n4. JORDB\u00c6R OG VANDMELON, DRUE IS<br \/>\n5.BL\u00c5B\u00c6R HINDB\u00c6R, FERSKEN MANGO VANDMELON<br \/>\n6.BL\u00c5B\u00c6R VANDMELON, JORDB\u00c6R MANGO<br \/>\n7.BL\u00c5B\u00c6R IS, SORT DRAGE IS<br \/>\n8.BL\u00c5B\u00c6R IS, JORDB\u00c6R OG BANAN<br \/>\n9.RED BULL, BL\u00c5B\u00c6R VANDMELON<br \/>\n10.RED BULL, VANDMELON BUBBLE CANDY<br \/>\n11.JORDB\u00c6R KIWI, FERSKEN IS<br \/>\n12.JORDB\u00c6R KIWI, SURT \u00c6BLE HINDB\u00c6R<br \/>\n13.BANAN ICE\u3001BL\u00c5B\u00c6R KIRSBER<br \/>\n14.AVOCADO ICE\u3001CITRON LIME<br \/>\n15.COLA ICE\u3001KIRSBER TRANEB\u00c6R<br \/>\n16.ANANAS ICE\u3001TRIPLE MANGO<br \/>\n17.LYCHEE ICE\u3001MANGO FERSKEN ANANAS<br \/>\n18.HONNINGMELON\u3001VANDMELON HINDB\u00c6R<\/p>\n<p><a href=\"https:\/\/vapebulkp.com\/da\/product\/razzbar-50000-puffs-disposable-electronic-cigarette-wholesale-supplier\/\"><span style=\"vertical-align: inherit\">RAZZBAR Vape 50000 Pust <\/span><\/a><\/p>\n<p><span style=\"vertical-align: inherit\">Find flere produkter du m\u00e5ske kan lide:<\/span><em><a href=\"https:\/\/wa.me\/8618077105796\"><span style=\"vertical-align: inherit\">\u00a0K\u00f8b den nu<\/span><\/a><\/em><\/p>\n<p><span style=\"vertical-align: inherit\">Andre Puffs du m\u00e5ske kan lide:<\/span><a href=\"https:\/\/vapebulkp.com\/da\/product\/wga-legend-30000-puffs-factory-price-disposable-vape-europe-warehouse\/\"><span style=\"vertical-align: inherit\">WGA 30K Pust <\/span><\/a><span style=\"vertical-align: inherit\">\u3001<\/span><a href=\"https:\/\/vapebulkp.com\/da\/product\/waspe-4in1-100000-puffs-disposable-vape-wholesale-bulk-buy\/\"><span style=\"vertical-align: inherit\">WASPE 100000 sug<\/span><\/a><span style=\"vertical-align: inherit\">\/ <\/span><a href=\"https:\/\/vapebulkp.com\/da\/product\/vozol-vista-20000-puff-rechargeable-vape-cheap-price-today\/\"><span style=\"vertical-align: inherit\">Vozol vista 20000 sug<\/span><\/a><span style=\"vertical-align: inherit\">\/ <\/span><a href=\"https:\/\/vapebulkp.com\/da\/product\/bang-leader-85000-puffs-electronic-cigarette-wholesale-price-15-flavors\/\"><span style=\"vertical-align: inherit\">Bang Leader 85000 Pust<\/span><\/a><\/p>\n<p>&nbsp;<\/p>\n<h4>Forsendelsesdetaljer:<\/h4>\n<p><span style=\"color: #ff6600\">Produktionstid: 5-10 arbejdsdage<\/span><br \/>\n<span style=\"color: #ff6600\">Leveringstid: 8-14 arbejdsdage<\/span><\/p>\n<p>Alle produkter i vores butik er 100% originale og autentiske, s\u00e5 ti gange kompensation for falske varer er vores butikspolitik. Vi bruger logistikkanaler som UPS\/DHL\/FEDEX\/DPD til at levere varer til dig.<\/p>\n<p>For pakker sendt til Danmark tager det normalt 10 arbejdsdage at ankomme. Forsendelse til europ\u00e6iske lande tager normalt 12 til 15 arbejdsdage at ankomme. Vi vil opdatere logistikinformationen for dig i realtid.<\/p>","protected":false},"excerpt":{"rendered":"<ul>\n<li data-start=\"0\" data-end=\"112\"><strong data-start=\"3\" data-end=\"110\" data-is-only-node=\"\">Bang Leader 32000 Puffs Engangs Vape \u2013 Dobbelt-smag med 32.000 Puffs og Type-C Opladning<\/strong><\/li>\n<li data-start=\"113\" data-end=\"225\"><strong data-start=\"116\" data-end=\"223\" data-is-only-node=\"\">Bang Leader 32000 Puffs Engangs Vape \u2013 Langvarig E-Cigaret med Dobbelte Pods og 13.300mAh Batteri<\/strong><\/li>\n<li data-start=\"226\" data-end=\"333\" data-is-last-node=\"\"><strong data-start=\"229\" data-end=\"333\" data-is-last-node=\"\" data-is-only-node=\"\">Bang Leader 32000 Puffs Vape \u2013 F\u00f8rsteklasses Engangs E-Cigaret med Mesh Coil og Dobbelt-smagsmuligheder<\/strong><\/li>\n<\/ul>\n<p>Kontakt venligst Mandys WhatsApp for rabatpris<a href=\"https:\/\/wa.me\/8618077105796\">+8618077105796<\/a><\/p>\n<p><img decoding=\"async\" class=\"alignnone wp-image-2151\" src=\"http:\/\/vapebulkp.com\/wp-content\/uploads\/2024\/04\/Mandy-WhatsApp-Randm.jpg\" alt=\"Mandy WhatsApp Randm\" width=\"297\" height=\"316\" srcset=\"https:\/\/vapebulkp.com\/wp-content\/uploads\/2024\/04\/Mandy-WhatsApp-Randm.jpg 916w, https:\/\/vapebulkp.com\/wp-content\/uploads\/2024\/04\/Mandy-WhatsApp-Randm-282x300.jpg 282w, https:\/\/vapebulkp.com\/wp-content\/uploads\/2024\/04\/Mandy-WhatsApp-Randm-768x817.jpg 768w, https:\/\/vapebulkp.com\/wp-content\/uploads\/2024\/04\/Mandy-WhatsApp-Randm-600x638.jpg 600w\" sizes=\"(max-width: 297px) 100vw, 297px\" \/><\/p>\n<p><span style=\"color: #ff0000\">BEM\u00c6RK: Priserne p\u00e5 vores hjemmeside inkluderer ikke forsendelsesomkostninger<\/span><\/p>\n<p>&nbsp;<\/p>","protected":false},"featured_media":3506,"comment_status":"open","ping_status":"closed","template":"","meta":{"_uag_custom_page_level_css":"","_lmt_disableupdate":"no","_lmt_disable":"","site-sidebar-layout":"default","site-content-layout":"content-boxed-container","ast-site-content-layout":"normal-width-container","site-content-style":"boxed","site-sidebar-style":"unboxed","ast-global-header-display":"","ast-banner-title-visibility":"","ast-main-header-display":"","ast-hfb-above-header-display":"","ast-hfb-below-header-display":"","ast-hfb-mobile-header-display":"","site-post-title":"","ast-breadcrumbs-content":"","ast-featured-img":"","footer-sml-layout":"","theme-transparent-header-meta":"default","adv-header-id-meta":"","stick-header-meta":"","header-above-stick-meta":"","header-main-stick-meta":"","header-below-stick-meta":"","astra-migrate-meta-layouts":"set","_joinchat":[]},"product_cat":[188,153,345,155,33,59,100,34,158,157,154,152,58,84,156,63,32],"product_tag":[189,217,36,37,41,40],"class_list":["post-3512","product","type-product","status-publish","has-post-thumbnail","hentry","product_cat-32000-puffs-disposable-vape","product_cat-hot-disposable-vapes","product_cat-bang-vapes","product_cat-belgium-hot-disposable-vapes","product_cat-france-vape-hot-sale","product_cat-germany-hot-disposable-vape","product_cat-germany-wholesale-vape-shop","product_cat-netherlands-vape-good-sale","product_cat-norway-hot-disposable-vapes","product_cat-poland-hot-disposable-vapes","product_cat-portugal-hot-disposable-vapes","product_cat-spain-hot-disposable-vapes","product_cat-sweden-hot-disposable-vape","product_cat-sweden-wholesale-vape","product_cat-switzerland-hot-disposable-vapes","product_cat-top-sale-disposable-vape","product_cat-vape-hot-sale-this-week","product_tag-32000-puffs","product_tag-bang-leader-32000-puffs","product_tag-good-vape","product_tag-hot-sale-disposable-vape","product_tag-poland-hot-vape","product_tag-sweden-hot-vape","pa_brand-bang-vape","desktop-align-left","tablet-align-left","mobile-align-left"],"yoast_head":"<!-- This site is optimized with the Yoast SEO plugin v21.1 - https:\/\/yoast.com\/wordpress\/plugins\/seo\/ -->\n<title>Wholesale Bang Leader 32000 Puffs Disposable Vape Type-C Charging - vapebulkp.com<\/title>\n<meta name=\"description\" content=\"Wholesale Bang Leader 32000 Puffs Disposable Vape at Vapebulkp.com. Featuring a dual-pod system, 32,000 puffs, 13,300mAh battery, and Type-C charging, this high-performance vape offers rich flavor and long-lasting satisfaction.\" \/>\n<meta name=\"robots\" content=\"index, follow, max-snippet:-1, max-image-preview:large, max-video-preview:-1\" \/>\n<link rel=\"canonical\" href=\"https:\/\/vapebulkp.com\/da\/product\/wholesale-bang-leader-32000-puffs-disposable-vape-type-c-charging\/\" \/>\n<meta property=\"og:locale\" content=\"da_DK\" \/>\n<meta property=\"og:type\" content=\"article\" \/>\n<meta property=\"og:title\" content=\"Wholesale Bang Leader 32000 Puffs Disposable Vape Type-C Charging - vapebulkp.com\" \/>\n<meta property=\"og:description\" content=\"Wholesale Bang Leader 32000 Puffs Disposable Vape at Vapebulkp.com. Featuring a dual-pod system, 32,000 puffs, 13,300mAh battery, and Type-C charging, this high-performance vape offers rich flavor and long-lasting satisfaction.\" \/>\n<meta property=\"og:url\" content=\"https:\/\/vapebulkp.com\/da\/product\/wholesale-bang-leader-32000-puffs-disposable-vape-type-c-charging\/\" \/>\n<meta property=\"og:site_name\" content=\"vapebulkp.com\" \/>\n<meta property=\"article:modified_time\" content=\"2025-09-17T08:33:06+00:00\" \/>\n<meta property=\"og:image\" content=\"http:\/\/vapebulkp.com\/wp-content\/uploads\/2025\/02\/32000-Puffs-Bang-Leader-Dual-Pods-Disposable-Vape-for-Wholesale-Buyers.webp\" \/>\n\t<meta property=\"og:image:width\" content=\"800\" \/>\n\t<meta property=\"og:image:height\" content=\"800\" \/>\n\t<meta property=\"og:image:type\" content=\"image\/webp\" \/>\n<meta name=\"twitter:card\" content=\"summary_large_image\" \/>\n<meta name=\"twitter:label1\" content=\"Estimeret l\u00e6setid\" \/>\n\t<meta name=\"twitter:data1\" content=\"3 minutter\" \/>\n<script type=\"application\/ld+json\" class=\"yoast-schema-graph\">{\"@context\":\"https:\/\/schema.org\",\"@graph\":[{\"@type\":\"WebPage\",\"@id\":\"https:\/\/vapebulkp.com\/product\/wholesale-bang-leader-32000-puffs-disposable-vape-type-c-charging\/\",\"url\":\"https:\/\/vapebulkp.com\/product\/wholesale-bang-leader-32000-puffs-disposable-vape-type-c-charging\/\",\"name\":\"Wholesale Bang Leader 32000 Puffs Disposable Vape Type-C Charging - vapebulkp.com\",\"isPartOf\":{\"@id\":\"https:\/\/vapebulkp.com\/#website\"},\"datePublished\":\"2025-02-26T07:05:07+00:00\",\"dateModified\":\"2025-09-17T08:33:06+00:00\",\"description\":\"Wholesale Bang Leader 32000 Puffs Disposable Vape at Vapebulkp.com. Featuring a dual-pod system, 32,000 puffs, 13,300mAh battery, and Type-C charging, this high-performance vape offers rich flavor and long-lasting satisfaction.\",\"breadcrumb\":{\"@id\":\"https:\/\/vapebulkp.com\/product\/wholesale-bang-leader-32000-puffs-disposable-vape-type-c-charging\/#breadcrumb\"},\"inLanguage\":\"da-DK\",\"potentialAction\":[{\"@type\":\"ReadAction\",\"target\":[\"https:\/\/vapebulkp.com\/product\/wholesale-bang-leader-32000-puffs-disposable-vape-type-c-charging\/\"]}]},{\"@type\":\"BreadcrumbList\",\"@id\":\"https:\/\/vapebulkp.com\/product\/wholesale-bang-leader-32000-puffs-disposable-vape-type-c-charging\/#breadcrumb\",\"itemListElement\":[{\"@type\":\"ListItem\",\"position\":1,\"name\":\"Home\",\"item\":\"https:\/\/vapebulkp.com\/\"},{\"@type\":\"ListItem\",\"position\":2,\"name\":\"Hot Trend Vapes\",\"item\":\"https:\/\/vapebulkp.com\/vape-shop\/\"},{\"@type\":\"ListItem\",\"position\":3,\"name\":\"Wholesale Bang Leader 32000 Puffs Disposable Vape Type-C Charging\"}]},{\"@type\":\"WebSite\",\"@id\":\"https:\/\/vapebulkp.com\/#website\",\"url\":\"https:\/\/vapebulkp.com\/\",\"name\":\"vapebulkp.com\",\"description\":\"Buy Vape In Cheap Bulk Price Near you\",\"publisher\":{\"@id\":\"https:\/\/vapebulkp.com\/#organization\"},\"potentialAction\":[{\"@type\":\"SearchAction\",\"target\":{\"@type\":\"EntryPoint\",\"urlTemplate\":\"https:\/\/vapebulkp.com\/?s={search_term_string}\"},\"query-input\":\"required name=search_term_string\"}],\"inLanguage\":\"da-DK\"},{\"@type\":\"Organization\",\"@id\":\"https:\/\/vapebulkp.com\/#organization\",\"name\":\"vapebulkp.com\",\"url\":\"https:\/\/vapebulkp.com\/\",\"logo\":{\"@type\":\"ImageObject\",\"inLanguage\":\"da-DK\",\"@id\":\"https:\/\/vapebulkp.com\/#\/schema\/logo\/image\/\",\"url\":\"https:\/\/vapebulkp.com\/wp-content\/uploads\/2023\/09\/cropped-vapebulkp.png\",\"contentUrl\":\"https:\/\/vapebulkp.com\/wp-content\/uploads\/2023\/09\/cropped-vapebulkp.png\",\"width\":516,\"height\":163,\"caption\":\"vapebulkp.com\"},\"image\":{\"@id\":\"https:\/\/vapebulkp.com\/#\/schema\/logo\/image\/\"}}]}<\/script>\n<!-- \/ Yoast SEO plugin. -->","yoast_head_json":{"title":"Wholesale Bang Leader 32000 Puffs Disposable Vape Type-C Charging - vapebulkp.com","description":"Wholesale Bang Leader 32000 Puffs Disposable Vape at Vapebulkp.com. Featuring a dual-pod system, 32,000 puffs, 13,300mAh battery, and Type-C charging, this high-performance vape offers rich flavor and long-lasting satisfaction.","robots":{"index":"index","follow":"follow","max-snippet":"max-snippet:-1","max-image-preview":"max-image-preview:large","max-video-preview":"max-video-preview:-1"},"canonical":"https:\/\/vapebulkp.com\/da\/product\/wholesale-bang-leader-32000-puffs-disposable-vape-type-c-charging\/","og_locale":"da_DK","og_type":"article","og_title":"Wholesale Bang Leader 32000 Puffs Disposable Vape Type-C Charging - vapebulkp.com","og_description":"Wholesale Bang Leader 32000 Puffs Disposable Vape at Vapebulkp.com. Featuring a dual-pod system, 32,000 puffs, 13,300mAh battery, and Type-C charging, this high-performance vape offers rich flavor and long-lasting satisfaction.","og_url":"https:\/\/vapebulkp.com\/da\/product\/wholesale-bang-leader-32000-puffs-disposable-vape-type-c-charging\/","og_site_name":"vapebulkp.com","article_modified_time":"2025-09-17T08:33:06+00:00","og_image":[{"width":800,"height":800,"url":"http:\/\/vapebulkp.com\/wp-content\/uploads\/2025\/02\/32000-Puffs-Bang-Leader-Dual-Pods-Disposable-Vape-for-Wholesale-Buyers.webp","type":"image\/webp"}],"twitter_card":"summary_large_image","twitter_misc":{"Estimeret l\u00e6setid":"3 minutter"},"schema":{"@context":"https:\/\/schema.org","@graph":[{"@type":"WebPage","@id":"https:\/\/vapebulkp.com\/product\/wholesale-bang-leader-32000-puffs-disposable-vape-type-c-charging\/","url":"https:\/\/vapebulkp.com\/product\/wholesale-bang-leader-32000-puffs-disposable-vape-type-c-charging\/","name":"Wholesale Bang Leader 32000 Puffs Disposable Vape Type-C Charging - vapebulkp.com","isPartOf":{"@id":"https:\/\/vapebulkp.com\/#website"},"datePublished":"2025-02-26T07:05:07+00:00","dateModified":"2025-09-17T08:33:06+00:00","description":"Wholesale Bang Leader 32000 Puffs Disposable Vape at Vapebulkp.com. Featuring a dual-pod system, 32,000 puffs, 13,300mAh battery, and Type-C charging, this high-performance vape offers rich flavor and long-lasting satisfaction.","breadcrumb":{"@id":"https:\/\/vapebulkp.com\/product\/wholesale-bang-leader-32000-puffs-disposable-vape-type-c-charging\/#breadcrumb"},"inLanguage":"da-DK","potentialAction":[{"@type":"ReadAction","target":["https:\/\/vapebulkp.com\/product\/wholesale-bang-leader-32000-puffs-disposable-vape-type-c-charging\/"]}]},{"@type":"BreadcrumbList","@id":"https:\/\/vapebulkp.com\/product\/wholesale-bang-leader-32000-puffs-disposable-vape-type-c-charging\/#breadcrumb","itemListElement":[{"@type":"ListItem","position":1,"name":"Home","item":"https:\/\/vapebulkp.com\/"},{"@type":"ListItem","position":2,"name":"Hot Trend Vapes","item":"https:\/\/vapebulkp.com\/vape-shop\/"},{"@type":"ListItem","position":3,"name":"Wholesale Bang Leader 32000 Puffs Disposable Vape Type-C Charging"}]},{"@type":"WebSite","@id":"https:\/\/vapebulkp.com\/#website","url":"https:\/\/vapebulkp.com\/","name":"vapebulkp.com","description":"Buy Vape In Cheap Bulk Price Near you","publisher":{"@id":"https:\/\/vapebulkp.com\/#organization"},"potentialAction":[{"@type":"SearchAction","target":{"@type":"EntryPoint","urlTemplate":"https:\/\/vapebulkp.com\/?s={search_term_string}"},"query-input":"required name=search_term_string"}],"inLanguage":"da-DK"},{"@type":"Organization","@id":"https:\/\/vapebulkp.com\/#organization","name":"vapebulkp.com","url":"https:\/\/vapebulkp.com\/","logo":{"@type":"ImageObject","inLanguage":"da-DK","@id":"https:\/\/vapebulkp.com\/#\/schema\/logo\/image\/","url":"https:\/\/vapebulkp.com\/wp-content\/uploads\/2023\/09\/cropped-vapebulkp.png","contentUrl":"https:\/\/vapebulkp.com\/wp-content\/uploads\/2023\/09\/cropped-vapebulkp.png","width":516,"height":163,"caption":"vapebulkp.com"},"image":{"@id":"https:\/\/vapebulkp.com\/#\/schema\/logo\/image\/"}}]}},"uagb_featured_image_src":{"full":["https:\/\/vapebulkp.com\/wp-content\/uploads\/2025\/02\/32000-Puffs-Bang-Leader-Dual-Pods-Disposable-Vape-for-Wholesale-Buyers.webp",800,800,false],"thumbnail":["https:\/\/vapebulkp.com\/wp-content\/uploads\/2025\/02\/32000-Puffs-Bang-Leader-Dual-Pods-Disposable-Vape-for-Wholesale-Buyers-150x150.webp",150,150,true],"medium":["https:\/\/vapebulkp.com\/wp-content\/uploads\/2025\/02\/32000-Puffs-Bang-Leader-Dual-Pods-Disposable-Vape-for-Wholesale-Buyers-300x300.webp",300,300,true],"medium_large":["https:\/\/vapebulkp.com\/wp-content\/uploads\/2025\/02\/32000-Puffs-Bang-Leader-Dual-Pods-Disposable-Vape-for-Wholesale-Buyers-768x768.webp",768,768,true],"large":["https:\/\/vapebulkp.com\/wp-content\/uploads\/2025\/02\/32000-Puffs-Bang-Leader-Dual-Pods-Disposable-Vape-for-Wholesale-Buyers.webp",800,800,false],"1536x1536":["https:\/\/vapebulkp.com\/wp-content\/uploads\/2025\/02\/32000-Puffs-Bang-Leader-Dual-Pods-Disposable-Vape-for-Wholesale-Buyers.webp",800,800,false],"2048x2048":["https:\/\/vapebulkp.com\/wp-content\/uploads\/2025\/02\/32000-Puffs-Bang-Leader-Dual-Pods-Disposable-Vape-for-Wholesale-Buyers.webp",800,800,false],"trp-custom-language-flag":["https:\/\/vapebulkp.com\/wp-content\/uploads\/2025\/02\/32000-Puffs-Bang-Leader-Dual-Pods-Disposable-Vape-for-Wholesale-Buyers.webp",12,12,false],"woocommerce_thumbnail":["https:\/\/vapebulkp.com\/wp-content\/uploads\/2025\/02\/32000-Puffs-Bang-Leader-Dual-Pods-Disposable-Vape-for-Wholesale-Buyers-300x300.webp",300,300,true],"woocommerce_single":["https:\/\/vapebulkp.com\/wp-content\/uploads\/2025\/02\/32000-Puffs-Bang-Leader-Dual-Pods-Disposable-Vape-for-Wholesale-Buyers-600x600.webp",600,600,true],"woocommerce_gallery_thumbnail":["https:\/\/vapebulkp.com\/wp-content\/uploads\/2025\/02\/32000-Puffs-Bang-Leader-Dual-Pods-Disposable-Vape-for-Wholesale-Buyers-100x100.webp",100,100,true],"wcpr-photo-reviews":["https:\/\/vapebulkp.com\/wp-content\/uploads\/2025\/02\/32000-Puffs-Bang-Leader-Dual-Pods-Disposable-Vape-for-Wholesale-Buyers.webp",500,500,false]},"uagb_author_info":{"display_name":"Mandy vape bulk price","author_link":"https:\/\/vapebulkp.com\/da\/author\/"},"uagb_comment_info":0,"uagb_excerpt":"Bang Leader 32000 Puffs Disposable Vape \u2013 Dual-Flavor\u00a0 with 32,000 Puffs and Type-C Charging Bang Leader 32000 Puffs Disposable Vape \u2013 Long-Lasting E-Cigarette with Dual Pods and 13,300mAh Battery Bang Leader 32000 Puffs Vape \u2013 Premium Disposable E-Cigarette with Mesh Coil and Dual-Flavor Options Pls Contact Mandy's WhatsApp For Discount Price+8618077105796 NOTE: Prices on our&hellip;","_links":{"self":[{"href":"https:\/\/vapebulkp.com\/da\/wp-json\/wp\/v2\/product\/3512","targetHints":{"allow":["GET"]}}],"collection":[{"href":"https:\/\/vapebulkp.com\/da\/wp-json\/wp\/v2\/product"}],"about":[{"href":"https:\/\/vapebulkp.com\/da\/wp-json\/wp\/v2\/types\/product"}],"replies":[{"embeddable":true,"href":"https:\/\/vapebulkp.com\/da\/wp-json\/wp\/v2\/comments?post=3512"}],"wp:featuredmedia":[{"embeddable":true,"href":"https:\/\/vapebulkp.com\/da\/wp-json\/wp\/v2\/media\/3506"}],"wp:attachment":[{"href":"https:\/\/vapebulkp.com\/da\/wp-json\/wp\/v2\/media?parent=3512"}],"wp:term":[{"taxonomy":"product_cat","embeddable":true,"href":"https:\/\/vapebulkp.com\/da\/wp-json\/wp\/v2\/product_cat?post=3512"},{"taxonomy":"product_tag","embeddable":true,"href":"https:\/\/vapebulkp.com\/da\/wp-json\/wp\/v2\/product_tag?post=3512"}],"curies":[{"name":"wp","href":"https:\/\/api.w.org\/{rel}","templated":true}]}}