{"id":3519,"date":"2025-02-28T09:27:13","date_gmt":"2025-02-28T08:27:13","guid":{"rendered":"https:\/\/vapebulkp.com\/?post_type=product&#038;p=3519"},"modified":"2025-09-17T10:33:30","modified_gmt":"2025-09-17T08:33:30","slug":"jnr-mega-shisha-hookah-100000-puffs-high-capacity-long-lasting-vaping","status":"publish","type":"product","link":"https:\/\/vapebulkp.com\/da\/product\/jnr-mega-shisha-hookah-100000-puffs-high-capacity-long-lasting-vaping\/","title":{"rendered":"JNR Mega Shisha Hookah 100000 Puffs H\u00f8j Kapacitet Langtidsholdbar Vaping"},"content":{"rendered":"<h2 style=\"text-align: left\">JNR Mega Shisha Hookah 100000 Puffs H\u00f8j Kapacitet Langtidsholdbar Vaping<\/h2>\n<p>&nbsp;<\/p>\n<p data-start=\"334\" data-end=\"690\">Den <strong data-start=\"338\" data-end=\"393\">JNR Mega Shisha Hookah 100000 Pust Engangs Vape<\/strong> er en <strong data-start=\"399\" data-end=\"427\">langtidsholdbar damp enhed<\/strong> designet til dampere, der \u00f8nsker maksimal kapacitet med premium kvalitet. Med op til 100.000 pust er denne <strong data-start=\"531\" data-end=\"554\">premium shisha vape<\/strong> bygget til ydeevne, smag og bekvemmelighed, hvilket g\u00f8r den til en af de mest kraftfulde muligheder, der er tilg\u00e6ngelige i Danmark. <strong data-start=\"662\" data-end=\"687\">engros vape Europa<\/strong>.<\/p>\n<p data-start=\"692\" data-end=\"994\">Drevet af avanceret mesh coil teknologi, producerer denne <strong data-start=\"739\" data-end=\"764\">mesh coil vape enhed<\/strong> rig smag og glatte skyer fra det f\u00f8rste pust til det sidste. Designet til <strong data-start=\"850\" data-end=\"873\">DTL engangs vape<\/strong> brugere, leverer den t\u00e6t damp og et tilfredsstillende 'throat hit', ideel til b\u00e5de erfarne shisha elskere og hverdagsdampere.<\/p>\n<p data-start=\"996\" data-end=\"1360\">En indbygget smart sk\u00e6rm viser puff antal og batteriniveau, mens det pulserende lys tilf\u00f8jer et stilfuldt touch. Enheden har ogs\u00e5 dobbelt mundstykke til delt brug og sikkerhedsbeskyttelse for ro i sindet. Med et genopladeligt design, kombinerer denne <strong data-start=\"1239\" data-end=\"1271\">genopladelige engangsvape<\/strong>\u00a0bekvemmeligheden ved engangs vapes med p\u00e5lideligheden af hurtig Type-C opladning.<\/p>\n<p data-start=\"1362\" data-end=\"1581\">Perfekt til b\u00e5de individuelle brugere og store ordrer, tilbyder <strong data-start=\"1417\" data-end=\"1472\">JNR Mega Shisha Vandpibe <a href=\"https:\/\/vapebulkp.com\/da\/product-category\/100000-puffs-disposable-vape\/\">100000 Pust Disponibel Vape<\/a><\/strong> uovertruffen holdbarhed, premium smagslevering og hurtig forsendelse i EU for detailhandlere og distribut\u00f8rer.<\/p>\n<p>&nbsp;<\/p>\n<h6>Kontakt venligst Mandys WhatsApp for rabatpris<a href=\"https:\/\/wa.me\/8618077105796\">+8618077105796<\/a><\/h6>\n<p><img decoding=\"async\" class=\"alignnone wp-image-2151\" src=\"http:\/\/vapebulkp.com\/wp-content\/uploads\/2024\/04\/Mandy-WhatsApp-Randm.jpg\" alt=\"Mandy WhatsApp Randm\" width=\"287\" height=\"305\" srcset=\"https:\/\/vapebulkp.com\/wp-content\/uploads\/2024\/04\/Mandy-WhatsApp-Randm.jpg 916w, https:\/\/vapebulkp.com\/wp-content\/uploads\/2024\/04\/Mandy-WhatsApp-Randm-282x300.jpg 282w, https:\/\/vapebulkp.com\/wp-content\/uploads\/2024\/04\/Mandy-WhatsApp-Randm-768x817.jpg 768w, https:\/\/vapebulkp.com\/wp-content\/uploads\/2024\/04\/Mandy-WhatsApp-Randm-600x638.jpg 600w\" sizes=\"(max-width: 287px) 100vw, 287px\" \/><\/p>\n<h2><strong>Hvorfor v\u00e6lge <\/strong><strong>JNR Mega Shisha Hookah 100k pust engangs vape Overlegen Dampkvalitet hos <\/strong><strong>\u00a0Vapebulkp.com?<\/strong><\/h2>\n<p data-start=\"169\" data-end=\"469\">Den <strong data-start=\"173\" data-end=\"229\">JNR Mega Shisha Hookah 100.000 pust Engangs vape<\/strong> tilbyder en ekstraordin\u00e6r dampoplevelse, der er uovertruffen i kvalitet og bekvemmelighed. Eksklusivt tilg\u00e6ngelig hos <strong data-start=\"343\" data-end=\"360\">Vapebulkp.com<\/strong>, er denne f\u00f8rsteklasses enhed designet til dem, der s\u00f8ger overlegen dampproduktion og langvarig tilfredsstillelse.<\/p>\n<ul data-start=\"471\" data-end=\"1741\">\n<li data-start=\"471\" data-end=\"785\">\n<p data-start=\"473\" data-end=\"785\"><strong data-start=\"473\" data-end=\"502\">Enest\u00e5ende dampkvalitet<\/strong>: Udstyret med avanceret mesh coil-teknologi leverer JNR Mega <strong data-start=\"571\" data-end=\"607\">exceptionelt j\u00e6vn, rig damp<\/strong>, hvilket giver en f\u00f8rsteklasses dampoplevelse med hvert pust.<\/p>\n<\/li>\n<li data-start=\"787\" data-end=\"1010\">\n<p data-start=\"789\" data-end=\"1010\"><strong data-start=\"789\" data-end=\"814\">Utroligt antal pust<\/strong>: Med <strong data-start=\"821\" data-end=\"838\">100.000 pust<\/strong>, st\u00e5r JNR Mega som en af de mest langtidsholdbare engangs vapes tilg\u00e6ngelige. Sig farvel til hyppige udskiftninger og nyd en forl\u00e6nget, problemfri dampoplevelse.<\/p>\n<\/li>\n<li data-start=\"1012\" data-end=\"1343\">\n<p data-start=\"1014\" data-end=\"1343\"><strong data-start=\"1014\" data-end=\"1054\">Innovativt design og smarte funktioner<\/strong>: Enheden har en <strong data-start=\"1078\" data-end=\"1094\">smart sk\u00e6rm<\/strong> til at spore dit forbrug og et <strong data-start=\"1125\" data-end=\"1144\">\u00e5ndelys<\/strong> for en stilfuld, visuelt engagerende oplevelse.<\/p>\n<\/li>\n<li data-start=\"1345\" data-end=\"1522\">\n<p data-start=\"1347\" data-end=\"1522\"><strong data-start=\"1347\" data-end=\"1378\">Direkte-til-lunge (DTL) Vaping<\/strong>: Udviklet til <strong data-start=\"1395\" data-end=\"1409\">DTL vaping<\/strong>, sikrer denne enhed et intenst og tilfredsstillende hit, perfekt til dampere, der nyder st\u00f8rre skyer og dybere sug.<\/p>\n<\/li>\n<\/ul>\n<h3><\/h3>\n<div class=\"mb-2 flex gap-3 empty:hidden -ml-2\">\n<div class=\"items-center justify-start rounded-xl p-1 flex\">\n<h2><strong>Specifikationer for luksus vape-penne <\/strong><strong>JNR Mega Shisha vandpibe 100k sug<\/strong><\/h2>\n<ul>\n<li><strong data-start=\"117\" data-end=\"149\">Kompatibilitet med bordvandpibe<\/strong> \u2013 Designet til problemfri integration med din bordops\u00e6tning.<\/li>\n<li><strong data-start=\"215\" data-end=\"246\" data-is-only-node=\"\">DTL (Direkte-til-lunge) dampning<\/strong> \u2013 Optimeret til j\u00e6vn og intens damp-produktion.<\/li>\n<li><strong data-start=\"304\" data-end=\"323\">\u00c5ndedr\u00e6tslys<\/strong> \u2013 Stilfuld, dynamisk lyseffekt, der tilf\u00f8jer flair til din dampoplevelse.<\/li>\n<li><strong data-start=\"406\" data-end=\"422\">Smart sk\u00e6rm<\/strong> \u2013 Brugervenlig gr\u00e6nseflade, der viser vigtig dampinformation.<\/li>\n<li><strong data-start=\"494\" data-end=\"513\">Dobbelt Mundstykke<\/strong> \u2013 Nyd at dampe med en ven ved hj\u00e6lp af designet med dobbelt mundstykke.<\/li>\n<li><strong data-start=\"581\" data-end=\"607\">Maksimal 8s Dampetid<\/strong> \u2013 Lange sug for en tilfredsstillende dampoplevelse.<\/li>\n<\/ul>\n<\/div>\n<\/div>\n<h2 style=\"text-align: left\"><strong>JNR Mega Shisha Hookah 100k sug High-Performance Coil System Smagsliste:<\/strong><\/h2>\n<p>1. To \u00e6bler<br \/>\n2.K\u00e6rlighed 66<br \/>\n3.Dame Killa<br \/>\n4.Jordb\u00e6r Punch<br \/>\n5.Lush Is<br \/>\n6.Drue Mynte<br \/>\n7.Magisk K\u00e6rlighed<br \/>\n8.Fersken lce<br \/>\n9. Bl\u00e5b\u00e6r lce<br \/>\n10.Hawaii<br \/>\n11.Kiwi Passionsfrugt Guava<br \/>\n12.Mi Amor<\/p>\n<p><a href=\"https:\/\/vapebulkp.com\/da\/product\/waspe-vape-40000-puff-fihp-double-flavour-disposable-vape\/\"><span style=\"vertical-align: inherit\">WASPE 40000 Pust<\/span><\/a><\/p>\n<p><span style=\"vertical-align: inherit\">Find flere produkter du m\u00e5ske kan lide:<\/span><em><a href=\"https:\/\/wa.me\/8618077105796\"><span style=\"vertical-align: inherit\">\u00a0K\u00f8b den nu<\/span><\/a><\/em><\/p>\n<p><span style=\"vertical-align: inherit\">Andre Puffs du m\u00e5ske kan lide:<\/span><a href=\"https:\/\/vapebulkp.com\/da\/product\/uzy-bang-king-12k-disposable-vape-affordable-price\/\"><span style=\"vertical-align: inherit\">UZY Bang King 12000 Sug<\/span><\/a><span style=\"vertical-align: inherit\">\u3001<\/span><a href=\"https:\/\/vapebulkp.com\/da\/product\/wholesale-randm-tornado-9000-puffs-germany\/\"><span style=\"vertical-align: inherit\">RandM 9000 sug<\/span><\/a><span style=\"vertical-align: inherit\">\/ <\/span><a href=\"https:\/\/vapebulkp.com\/da\/product\/uwin-crystal-10k-puff-long-lasting-disposable-vape-for-europe\/\"><span style=\"vertical-align: inherit\">UWIN Crystal 7000 Sug<\/span><\/a><span style=\"vertical-align: inherit\">\/ <\/span><a href=\"https:\/\/vapebulkp.com\/da\/product\/jnr-vape-watch-18-30k-puffs-2-nic-wholesale-price-disposable-vape\/\"><span style=\"vertical-align: inherit\">JNR VAPE WATCH 30K SUG\u00a0<\/span><\/a><\/p>\n<p><span style=\"vertical-align: inherit\">E-cigaret flaske med special form:<\/span><a href=\"https:\/\/vapebulkp.com\/da\/product\/randm-fumot-tornado-30k-puffs-rechargeable-vapes-best-sale\/\"><span style=\"vertical-align: inherit\"> Fumot Tornado 30000 sug<\/span><\/a><span style=\"vertical-align: inherit\">\/ <\/span><a href=\"https:\/\/vapebulkp.com\/da\/product\/jnr-alien-10000-puffs-randm-vape-wholesale-price\/\"><span style=\"vertical-align: inherit\">\u00a0JNR Alien 10000 Sug <\/span><\/a><span style=\"vertical-align: inherit\">\/<\/span><a href=\"https:\/\/vapebulkp.com\/da\/product\/fumot-tornado-25k-puffs-cheap-price-disposable-vape\/\"><span style=\"vertical-align: inherit\"> Fumot Tornado vape 25k Sug<\/span><\/a><\/p>\n<p>&nbsp;<\/p>\n<h3><strong>Forsendelsesdetaljer<\/strong>:<\/h3>\n<ul>\n<li><strong>Behandlingstid<\/strong>: 5-10 arbejdsdage<\/li>\n<li><strong>Leveringstid<\/strong>: 8-14 arbejdsdage<\/li>\n<li><strong>Logistikkanaler<\/strong>: Vi benytter p\u00e5lidelige fragtfirmaer som <strong>UPS, DHL og FedEx<\/strong> til sikker levering.<\/li>\n<li><strong>Levering i Danmark<\/strong>: Ordrer til Danmark ankommer typisk inden for 12-15 arbejdsdage.<\/li>\n<\/ul>","protected":false},"excerpt":{"rendered":"<ul>\n<li data-start=\"90\" data-end=\"194\"><strong data-start=\"93\" data-end=\"194\">JNR Mega Shisha Hookah 100k Pust Vape Pods \u2013 Premium Engangs Vape med Avanceret Mesh Coil Teknologi<\/strong><\/li>\n<li data-start=\"195\" data-end=\"303\"><strong data-start=\"198\" data-end=\"303\">JNR Mega Shisha Hookah 100000 Pust vapes \u2013 Langtidsholdbar Vaping Oplevelse med H\u00f8j Kapacitet for Kendere<\/strong><\/li>\n<li data-start=\"304\" data-end=\"412\"><strong data-start=\"307\" data-end=\"410\">JNR Mega Shisha Hookah 100.000 Pust \u2013 Luksuri\u00f8s, H\u00f8jtydende Vape med Dobbelt Mundstykke Design<\/strong><\/li>\n<\/ul>\n<p><img decoding=\"async\" class=\"alignnone wp-image-2151\" src=\"http:\/\/vapebulkp.com\/wp-content\/uploads\/2024\/04\/Mandy-WhatsApp-Randm.jpg\" alt=\"Mandy WhatsApp Randm\" width=\"234\" height=\"249\" srcset=\"https:\/\/vapebulkp.com\/wp-content\/uploads\/2024\/04\/Mandy-WhatsApp-Randm.jpg 916w, https:\/\/vapebulkp.com\/wp-content\/uploads\/2024\/04\/Mandy-WhatsApp-Randm-282x300.jpg 282w, https:\/\/vapebulkp.com\/wp-content\/uploads\/2024\/04\/Mandy-WhatsApp-Randm-768x817.jpg 768w, https:\/\/vapebulkp.com\/wp-content\/uploads\/2024\/04\/Mandy-WhatsApp-Randm-600x638.jpg 600w\" sizes=\"(max-width: 234px) 100vw, 234px\" \/><\/p>\n<p>Kontakt venligst Mandys WhatsApp for rabatpris<a href=\"https:\/\/wa.me\/8618077105796\">+8618077105796<\/a><\/p>\n<p><span style=\"color: #ff0000\">BEM\u00c6RK: Priserne p\u00e5 vores hjemmeside inkluderer ikke forsendelsesomkostninger<\/span><\/p>\n<p>&nbsp;<\/p>","protected":false},"featured_media":3513,"comment_status":"open","ping_status":"closed","template":"","meta":{"_uag_custom_page_level_css":"","_lmt_disableupdate":"no","_lmt_disable":"","site-sidebar-layout":"default","site-content-layout":"content-boxed-container","ast-site-content-layout":"normal-width-container","site-content-style":"boxed","site-sidebar-style":"unboxed","ast-global-header-display":"","ast-banner-title-visibility":"","ast-main-header-display":"","ast-hfb-above-header-display":"","ast-hfb-below-header-display":"","ast-hfb-mobile-header-display":"","site-post-title":"","ast-breadcrumbs-content":"","ast-featured-img":"","footer-sml-layout":"","theme-transparent-header-meta":"default","adv-header-id-meta":"","stick-header-meta":"","header-above-stick-meta":"","header-main-stick-meta":"","header-below-stick-meta":"","astra-migrate-meta-layouts":"set","_joinchat":[]},"product_cat":[153,155,33,59,100,353,34,158,157,154,152,58,84,156,63,32],"product_tag":[36,37,206,41,40],"class_list":["post-3519","product","type-product","status-publish","has-post-thumbnail","hentry","product_cat-hot-disposable-vapes","product_cat-belgium-hot-disposable-vapes","product_cat-france-vape-hot-sale","product_cat-germany-hot-disposable-vape","product_cat-germany-wholesale-vape-shop","product_cat-jnr-vape","product_cat-netherlands-vape-good-sale","product_cat-norway-hot-disposable-vapes","product_cat-poland-hot-disposable-vapes","product_cat-portugal-hot-disposable-vapes","product_cat-spain-hot-disposable-vapes","product_cat-sweden-hot-disposable-vape","product_cat-sweden-wholesale-vape","product_cat-switzerland-hot-disposable-vapes","product_cat-top-sale-disposable-vape","product_cat-vape-hot-sale-this-week","product_tag-good-vape","product_tag-hot-sale-disposable-vape","product_tag-jnr-power-mate-30000-puffs","product_tag-poland-hot-vape","product_tag-sweden-hot-vape","pa_brand-jnr-vape","desktop-align-left","tablet-align-left","mobile-align-left"],"yoast_head":"<!-- This site is optimized with the Yoast SEO plugin v21.1 - https:\/\/yoast.com\/wordpress\/plugins\/seo\/ -->\n<title>JNR Mega Shisha Hookah 100000 Puffs High Capacity Long-Lasting Vaping - vapebulkp.com % %<\/title>\n<meta name=\"description\" content=\"JNR Mega Shisha Hookah 100000 Puffs offers long-lasting, high-capacity vaping with premium flavors and smooth performance for ultimate satisfaction.\" \/>\n<meta name=\"robots\" content=\"index, follow, max-snippet:-1, max-image-preview:large, max-video-preview:-1\" \/>\n<link rel=\"canonical\" href=\"https:\/\/vapebulkp.com\/da\/product\/jnr-mega-shisha-hookah-100000-puffs-high-capacity-long-lasting-vaping\/\" \/>\n<meta property=\"og:locale\" content=\"da_DK\" \/>\n<meta property=\"og:type\" content=\"article\" \/>\n<meta property=\"og:title\" content=\"JNR Mega Shisha Hookah 100000 Puffs High Capacity Long-Lasting Vaping - vapebulkp.com % %\" \/>\n<meta property=\"og:description\" content=\"JNR Mega Shisha Hookah 100000 Puffs offers long-lasting, high-capacity vaping with premium flavors and smooth performance for ultimate satisfaction.\" \/>\n<meta property=\"og:url\" content=\"https:\/\/vapebulkp.com\/da\/product\/jnr-mega-shisha-hookah-100000-puffs-high-capacity-long-lasting-vaping\/\" \/>\n<meta property=\"og:site_name\" content=\"vapebulkp.com\" \/>\n<meta property=\"article:modified_time\" content=\"2025-09-17T08:33:30+00:00\" \/>\n<meta property=\"og:image\" content=\"http:\/\/vapebulkp.com\/wp-content\/uploads\/2025\/02\/JNR-Mega-100000-Puffs-Shisha-Hookah-High-Capacity-Disposable-Vape-for-Ultimate-Enjoyment.webp\" \/>\n\t<meta property=\"og:image:width\" content=\"800\" \/>\n\t<meta property=\"og:image:height\" content=\"800\" \/>\n\t<meta property=\"og:image:type\" content=\"image\/webp\" \/>\n<meta name=\"twitter:card\" content=\"summary_large_image\" \/>\n<meta name=\"twitter:label1\" content=\"Estimeret l\u00e6setid\" \/>\n\t<meta name=\"twitter:data1\" content=\"3 minutter\" \/>\n<script type=\"application\/ld+json\" class=\"yoast-schema-graph\">{\"@context\":\"https:\/\/schema.org\",\"@graph\":[{\"@type\":\"WebPage\",\"@id\":\"https:\/\/vapebulkp.com\/product\/jnr-mega-shisha-hookah-100000-puffs-high-capacity-long-lasting-vaping\/\",\"url\":\"https:\/\/vapebulkp.com\/product\/jnr-mega-shisha-hookah-100000-puffs-high-capacity-long-lasting-vaping\/\",\"name\":\"JNR Mega Shisha Hookah 100000 Puffs High Capacity Long-Lasting Vaping - vapebulkp.com % %\",\"isPartOf\":{\"@id\":\"https:\/\/vapebulkp.com\/#website\"},\"datePublished\":\"2025-02-28T08:27:13+00:00\",\"dateModified\":\"2025-09-17T08:33:30+00:00\",\"description\":\"JNR Mega Shisha Hookah 100000 Puffs offers long-lasting, high-capacity vaping with premium flavors and smooth performance for ultimate satisfaction.\",\"breadcrumb\":{\"@id\":\"https:\/\/vapebulkp.com\/product\/jnr-mega-shisha-hookah-100000-puffs-high-capacity-long-lasting-vaping\/#breadcrumb\"},\"inLanguage\":\"da-DK\",\"potentialAction\":[{\"@type\":\"ReadAction\",\"target\":[\"https:\/\/vapebulkp.com\/product\/jnr-mega-shisha-hookah-100000-puffs-high-capacity-long-lasting-vaping\/\"]}]},{\"@type\":\"BreadcrumbList\",\"@id\":\"https:\/\/vapebulkp.com\/product\/jnr-mega-shisha-hookah-100000-puffs-high-capacity-long-lasting-vaping\/#breadcrumb\",\"itemListElement\":[{\"@type\":\"ListItem\",\"position\":1,\"name\":\"Home\",\"item\":\"https:\/\/vapebulkp.com\/\"},{\"@type\":\"ListItem\",\"position\":2,\"name\":\"Hot Trend Vapes\",\"item\":\"https:\/\/vapebulkp.com\/vape-shop\/\"},{\"@type\":\"ListItem\",\"position\":3,\"name\":\"JNR Mega Shisha Hookah 100000 Puffs High Capacity Long-Lasting Vaping\"}]},{\"@type\":\"WebSite\",\"@id\":\"https:\/\/vapebulkp.com\/#website\",\"url\":\"https:\/\/vapebulkp.com\/\",\"name\":\"vapebulkp.com\",\"description\":\"Buy Vape In Cheap Bulk Price Near you\",\"publisher\":{\"@id\":\"https:\/\/vapebulkp.com\/#organization\"},\"potentialAction\":[{\"@type\":\"SearchAction\",\"target\":{\"@type\":\"EntryPoint\",\"urlTemplate\":\"https:\/\/vapebulkp.com\/?s={search_term_string}\"},\"query-input\":\"required name=search_term_string\"}],\"inLanguage\":\"da-DK\"},{\"@type\":\"Organization\",\"@id\":\"https:\/\/vapebulkp.com\/#organization\",\"name\":\"vapebulkp.com\",\"url\":\"https:\/\/vapebulkp.com\/\",\"logo\":{\"@type\":\"ImageObject\",\"inLanguage\":\"da-DK\",\"@id\":\"https:\/\/vapebulkp.com\/#\/schema\/logo\/image\/\",\"url\":\"https:\/\/vapebulkp.com\/wp-content\/uploads\/2023\/09\/cropped-vapebulkp.png\",\"contentUrl\":\"https:\/\/vapebulkp.com\/wp-content\/uploads\/2023\/09\/cropped-vapebulkp.png\",\"width\":516,\"height\":163,\"caption\":\"vapebulkp.com\"},\"image\":{\"@id\":\"https:\/\/vapebulkp.com\/#\/schema\/logo\/image\/\"}}]}<\/script>\n<!-- \/ Yoast SEO plugin. -->","yoast_head_json":{"title":"JNR Mega Shisha Hookah 100000 Puffs High Capacity Long-Lasting Vaping - vapebulkp.com % %","description":"JNR Mega Shisha Hookah 100000 Puffs offers long-lasting, high-capacity vaping with premium flavors and smooth performance for ultimate satisfaction.","robots":{"index":"index","follow":"follow","max-snippet":"max-snippet:-1","max-image-preview":"max-image-preview:large","max-video-preview":"max-video-preview:-1"},"canonical":"https:\/\/vapebulkp.com\/da\/product\/jnr-mega-shisha-hookah-100000-puffs-high-capacity-long-lasting-vaping\/","og_locale":"da_DK","og_type":"article","og_title":"JNR Mega Shisha Hookah 100000 Puffs High Capacity Long-Lasting Vaping - vapebulkp.com % %","og_description":"JNR Mega Shisha Hookah 100000 Puffs offers long-lasting, high-capacity vaping with premium flavors and smooth performance for ultimate satisfaction.","og_url":"https:\/\/vapebulkp.com\/da\/product\/jnr-mega-shisha-hookah-100000-puffs-high-capacity-long-lasting-vaping\/","og_site_name":"vapebulkp.com","article_modified_time":"2025-09-17T08:33:30+00:00","og_image":[{"width":800,"height":800,"url":"http:\/\/vapebulkp.com\/wp-content\/uploads\/2025\/02\/JNR-Mega-100000-Puffs-Shisha-Hookah-High-Capacity-Disposable-Vape-for-Ultimate-Enjoyment.webp","type":"image\/webp"}],"twitter_card":"summary_large_image","twitter_misc":{"Estimeret l\u00e6setid":"3 minutter"},"schema":{"@context":"https:\/\/schema.org","@graph":[{"@type":"WebPage","@id":"https:\/\/vapebulkp.com\/product\/jnr-mega-shisha-hookah-100000-puffs-high-capacity-long-lasting-vaping\/","url":"https:\/\/vapebulkp.com\/product\/jnr-mega-shisha-hookah-100000-puffs-high-capacity-long-lasting-vaping\/","name":"JNR Mega Shisha Hookah 100000 Puffs High Capacity Long-Lasting Vaping - vapebulkp.com % %","isPartOf":{"@id":"https:\/\/vapebulkp.com\/#website"},"datePublished":"2025-02-28T08:27:13+00:00","dateModified":"2025-09-17T08:33:30+00:00","description":"JNR Mega Shisha Hookah 100000 Puffs offers long-lasting, high-capacity vaping with premium flavors and smooth performance for ultimate satisfaction.","breadcrumb":{"@id":"https:\/\/vapebulkp.com\/product\/jnr-mega-shisha-hookah-100000-puffs-high-capacity-long-lasting-vaping\/#breadcrumb"},"inLanguage":"da-DK","potentialAction":[{"@type":"ReadAction","target":["https:\/\/vapebulkp.com\/product\/jnr-mega-shisha-hookah-100000-puffs-high-capacity-long-lasting-vaping\/"]}]},{"@type":"BreadcrumbList","@id":"https:\/\/vapebulkp.com\/product\/jnr-mega-shisha-hookah-100000-puffs-high-capacity-long-lasting-vaping\/#breadcrumb","itemListElement":[{"@type":"ListItem","position":1,"name":"Home","item":"https:\/\/vapebulkp.com\/"},{"@type":"ListItem","position":2,"name":"Hot Trend Vapes","item":"https:\/\/vapebulkp.com\/vape-shop\/"},{"@type":"ListItem","position":3,"name":"JNR Mega Shisha Hookah 100000 Puffs High Capacity Long-Lasting Vaping"}]},{"@type":"WebSite","@id":"https:\/\/vapebulkp.com\/#website","url":"https:\/\/vapebulkp.com\/","name":"vapebulkp.com","description":"Buy Vape In Cheap Bulk Price Near you","publisher":{"@id":"https:\/\/vapebulkp.com\/#organization"},"potentialAction":[{"@type":"SearchAction","target":{"@type":"EntryPoint","urlTemplate":"https:\/\/vapebulkp.com\/?s={search_term_string}"},"query-input":"required name=search_term_string"}],"inLanguage":"da-DK"},{"@type":"Organization","@id":"https:\/\/vapebulkp.com\/#organization","name":"vapebulkp.com","url":"https:\/\/vapebulkp.com\/","logo":{"@type":"ImageObject","inLanguage":"da-DK","@id":"https:\/\/vapebulkp.com\/#\/schema\/logo\/image\/","url":"https:\/\/vapebulkp.com\/wp-content\/uploads\/2023\/09\/cropped-vapebulkp.png","contentUrl":"https:\/\/vapebulkp.com\/wp-content\/uploads\/2023\/09\/cropped-vapebulkp.png","width":516,"height":163,"caption":"vapebulkp.com"},"image":{"@id":"https:\/\/vapebulkp.com\/#\/schema\/logo\/image\/"}}]}},"uagb_featured_image_src":{"full":["https:\/\/vapebulkp.com\/wp-content\/uploads\/2025\/02\/JNR-Mega-100000-Puffs-Shisha-Hookah-High-Capacity-Disposable-Vape-for-Ultimate-Enjoyment.webp",800,800,false],"thumbnail":["https:\/\/vapebulkp.com\/wp-content\/uploads\/2025\/02\/JNR-Mega-100000-Puffs-Shisha-Hookah-High-Capacity-Disposable-Vape-for-Ultimate-Enjoyment-150x150.webp",150,150,true],"medium":["https:\/\/vapebulkp.com\/wp-content\/uploads\/2025\/02\/JNR-Mega-100000-Puffs-Shisha-Hookah-High-Capacity-Disposable-Vape-for-Ultimate-Enjoyment-300x300.webp",300,300,true],"medium_large":["https:\/\/vapebulkp.com\/wp-content\/uploads\/2025\/02\/JNR-Mega-100000-Puffs-Shisha-Hookah-High-Capacity-Disposable-Vape-for-Ultimate-Enjoyment-768x768.webp",768,768,true],"large":["https:\/\/vapebulkp.com\/wp-content\/uploads\/2025\/02\/JNR-Mega-100000-Puffs-Shisha-Hookah-High-Capacity-Disposable-Vape-for-Ultimate-Enjoyment.webp",800,800,false],"1536x1536":["https:\/\/vapebulkp.com\/wp-content\/uploads\/2025\/02\/JNR-Mega-100000-Puffs-Shisha-Hookah-High-Capacity-Disposable-Vape-for-Ultimate-Enjoyment.webp",800,800,false],"2048x2048":["https:\/\/vapebulkp.com\/wp-content\/uploads\/2025\/02\/JNR-Mega-100000-Puffs-Shisha-Hookah-High-Capacity-Disposable-Vape-for-Ultimate-Enjoyment.webp",800,800,false],"trp-custom-language-flag":["https:\/\/vapebulkp.com\/wp-content\/uploads\/2025\/02\/JNR-Mega-100000-Puffs-Shisha-Hookah-High-Capacity-Disposable-Vape-for-Ultimate-Enjoyment.webp",12,12,false],"woocommerce_thumbnail":["https:\/\/vapebulkp.com\/wp-content\/uploads\/2025\/02\/JNR-Mega-100000-Puffs-Shisha-Hookah-High-Capacity-Disposable-Vape-for-Ultimate-Enjoyment-300x300.webp",300,300,true],"woocommerce_single":["https:\/\/vapebulkp.com\/wp-content\/uploads\/2025\/02\/JNR-Mega-100000-Puffs-Shisha-Hookah-High-Capacity-Disposable-Vape-for-Ultimate-Enjoyment-600x600.webp",600,600,true],"woocommerce_gallery_thumbnail":["https:\/\/vapebulkp.com\/wp-content\/uploads\/2025\/02\/JNR-Mega-100000-Puffs-Shisha-Hookah-High-Capacity-Disposable-Vape-for-Ultimate-Enjoyment-100x100.webp",100,100,true],"wcpr-photo-reviews":["https:\/\/vapebulkp.com\/wp-content\/uploads\/2025\/02\/JNR-Mega-100000-Puffs-Shisha-Hookah-High-Capacity-Disposable-Vape-for-Ultimate-Enjoyment.webp",500,500,false]},"uagb_author_info":{"display_name":"Mandy vape bulk price","author_link":"https:\/\/vapebulkp.com\/da\/author\/"},"uagb_comment_info":0,"uagb_excerpt":"JNR Mega Shisha Hookah 100k Puffs Vape Pods\u2013 Premium Disposable Vape with Advanced Mesh Coil Technology JNR Mega Shisha Hookah 100000 Puff vapes\u2013 Long-Lasting, High-Capacity Vaping Experience for Connoisseurs JNR Mega Shisha Hookah 100,000 Puffs \u2013 Luxurious, High-Performance Vape with Dual Mouthpiece Design Pls Contact Mandy's WhatsApp For Discount Price+8618077105796 NOTE: Prices on our website&hellip;","_links":{"self":[{"href":"https:\/\/vapebulkp.com\/da\/wp-json\/wp\/v2\/product\/3519","targetHints":{"allow":["GET"]}}],"collection":[{"href":"https:\/\/vapebulkp.com\/da\/wp-json\/wp\/v2\/product"}],"about":[{"href":"https:\/\/vapebulkp.com\/da\/wp-json\/wp\/v2\/types\/product"}],"replies":[{"embeddable":true,"href":"https:\/\/vapebulkp.com\/da\/wp-json\/wp\/v2\/comments?post=3519"}],"wp:featuredmedia":[{"embeddable":true,"href":"https:\/\/vapebulkp.com\/da\/wp-json\/wp\/v2\/media\/3513"}],"wp:attachment":[{"href":"https:\/\/vapebulkp.com\/da\/wp-json\/wp\/v2\/media?parent=3519"}],"wp:term":[{"taxonomy":"product_cat","embeddable":true,"href":"https:\/\/vapebulkp.com\/da\/wp-json\/wp\/v2\/product_cat?post=3519"},{"taxonomy":"product_tag","embeddable":true,"href":"https:\/\/vapebulkp.com\/da\/wp-json\/wp\/v2\/product_tag?post=3519"}],"curies":[{"name":"wp","href":"https:\/\/api.w.org\/{rel}","templated":true}]}}