{"id":3526,"date":"2025-03-04T10:06:46","date_gmt":"2025-03-04T09:06:46","guid":{"rendered":"https:\/\/vapebulkp.com\/?post_type=product&#038;p=3526"},"modified":"2025-09-24T05:12:01","modified_gmt":"2025-09-24T03:12:01","slug":"razz-bar-40000-puffs-wholesale-vape-factory-price-eu-warehouse-fast-shipping","status":"publish","type":"product","link":"https:\/\/vapebulkp.com\/da\/product\/razz-bar-40000-puffs-wholesale-vape-factory-price-eu-warehouse-fast-shipping\/","title":{"rendered":"RAZZ BAR 40000 Puffs Engros Vape Fabrikspris EU-lager Hurtig levering"},"content":{"rendered":"<h2 style=\"text-align: left\">RAZZ BAR 40000 Puffs Engros Vape Fabrikspris EU-lager Hurtig levering<\/h2>\n<p>Engros-vape RAZZ BAR 40000 Puffs Engangsvape er en genopladelig engangsvape med h\u00f8j kapacitet og dobbelt smag, perfekt til danske engrosk\u00f8bere. Med 40.000 pust, et 650mAh batteri og mesh coil dobbelt-tank teknologi, leverer den glat, langvarig damp. Nyd 10 unikke dobbelt-smagskombinationer for variation i hvert pust. Hurtig levering fra DK-lager sikrer hurtig levering af engros-shisha vape og bulkordrer. Konkurrencedygtige fabrikspriser maksimerer fortjenesten, samtidig med at kvaliteten opretholdes. Fyld din butik op med RAZZ BAR <a href=\"https:\/\/vapebulkp.com\/da\/product-category\/40000-puffs-disposable-vape\/\">40000 sug engangs-vape<\/a>, en p\u00e5lidelig nikotinsalt-vape til kunder, der s\u00f8ger ydeevne og smag med h\u00f8j kapacitet.<\/p>\n<h6>Kontakt venligst Mandys WhatsApp for rabatpris<a href=\"https:\/\/wa.me\/8618077105796\">+8618077105796<\/a><\/h6>\n<p><img decoding=\"async\" class=\"alignnone wp-image-2151\" src=\"http:\/\/vapebulkp.com\/wp-content\/uploads\/2024\/04\/Mandy-WhatsApp-Randm.jpg\" alt=\"Mandy WhatsApp Randm\" width=\"324\" height=\"330\" \/><\/p>\n<div class=\"flex max-w-full flex-col flex-grow\">\n<div class=\"min-h-8 text-message flex w-full flex-col items-end gap-2 whitespace-normal break-words text-start [.text-message+&amp;]:mt-5\" dir=\"auto\" data-message-author-role=\"assistant\" data-message-id=\"d24cf626-c018-4805-80f5-44de047f2ba0\" data-message-model-slug=\"gpt-4o\">\n<div class=\"flex w-full flex-col gap-1 empty:hidden first:pt-[3px]\">\n<div class=\"markdown prose w-full break-words dark:prose-invert light\">\n<h2>Hvorfor v\u00e6lge RAZZ BAR 40000 Puffs Innovativ Design Vape hos <a href=\"https:\/\/vapebulkp.com\/da\/vape-shop\/\">Vapebulkp.com<\/a>?<\/h2>\n<h4 data-start=\"61\" data-end=\"99\">\u2705 <strong data-start=\"68\" data-end=\"97\">Ydeevne med h\u00f8j kapacitet<\/strong><\/h4>\n<p data-start=\"100\" data-end=\"262\">Med imponerende <strong data-start=\"119\" data-end=\"135\">40.000 pust<\/strong>, leverer RAZZ BAR udvidede damp-sessioner, hvilket g\u00f8r den til et perfekt valg til langvarig brug uden hyppige udskiftninger.<\/p>\n<h4 data-start=\"264\" data-end=\"299\">\u2705 <strong data-start=\"271\" data-end=\"297\">Dobbelt smagsoplevelse<\/strong><\/h4>\n<p data-start=\"300\" data-end=\"459\">Nyd <strong data-start=\"306\" data-end=\"339\">10 dobbelt smagskombinationer<\/strong>, der giver brugerne mulighed for at skifte mellem to smage i en enkelt enhed for en mere dynamisk og tilfredsstillende damp-oplevelse.<\/p>\n<h4 data-start=\"461\" data-end=\"514\">\u2705 <strong data-start=\"468\" data-end=\"512\">F\u00f8rsteklasses Mesh Coil<\/strong><\/h4>\n<p data-start=\"515\" data-end=\"652\">Udstyret med <strong data-start=\"529\" data-end=\"563\">mesh coil dobbelt-tank teknologi<\/strong>, denne vape forbedrer dampproduktionen og sikrer glatte, rige smage med hvert pust.<\/p>\n<h4 data-start=\"654\" data-end=\"695\">\u2705 <strong data-start=\"661\" data-end=\"693\">Genopladelig<\/strong><\/h4>\n<p data-start=\"696\" data-end=\"852\">Med en <strong data-start=\"708\" data-end=\"739\">650mAh genopladeligt batteri<\/strong> med <strong data-start=\"745\" data-end=\"769\">Type-C hurtig opladning<\/strong>, der sikrer uafbrudt dampning uden besv\u00e6ret med hyppig afladning af batteriet.<\/p>\n<\/div>\n<\/div>\n<\/div>\n<\/div>\n<h2>F\u00f8rsteklasses dampkvalitet Razz Bar 40k Puffs N\u00f8gle specifikationer:<\/h2>\n<ul>\n<li><strong data-start=\"467\" data-end=\"482\">40000 sug<\/strong> \u2013 L\u00e6ngere damp-sessioner med p\u00e5lidelig ydeevne<\/li>\n<li><strong data-start=\"540\" data-end=\"561\">10 Dobbelt Smagsvarianter<\/strong> \u2013 Skift mellem to smagsvarianter i \u00e9n enhed<\/li>\n<li><strong data-start=\"609\" data-end=\"632\">Mesh Coil Dobbelt Tank<\/strong> \u2013 Forbedret dampproduktion og smagsrenhed<\/li>\n<li><strong data-start=\"683\" data-end=\"714\">650mAh genopladeligt batteri<\/strong> \u2013 Underst\u00f8tter Type-C hurtigopladning<\/li>\n<li><strong data-start=\"751\" data-end=\"777\">Salt Nikotin: 2% \/ 5%<\/strong> \u2013 Opfylder forskellige nikotinpr\u00e6ferencer<\/li>\n<li><strong data-start=\"825\" data-end=\"848\">Engros emballage<\/strong> \u2013 <strong data-start=\"851\" data-end=\"873\">200 stk. pr. karton<\/strong> til bulkforsyning<\/li>\n<\/ul>\n<h2><strong>RAZZ BAR 40000 Puffs Langvarig Ydeevne Smagsliste<\/strong><\/h2>\n<p>1.Citron Lime \/ lush ice<br \/>\n2.Jordb\u00e6r is \/ B\u00e6r blanding<br \/>\n3.Bl\u00e5 Hindb\u00e6r is \/ jordb\u00e6r vandmelon tyggegummi<br \/>\n4.B\u00e6r blanding \/ Vandmelon is<br \/>\n5.Jordb\u00e6r Banan \/ Red Bull is<br \/>\n6.Bl\u00e5b\u00e6r is \/ Love 66<br \/>\n7.Fersken is \/ Bl\u00e5b\u00e6r is<br \/>\n8.Jordb\u00e6r kiwi \/ Bl\u00e5b\u00e6r Sur Hindb\u00e6r<br \/>\n9.Vandmelon is \/ Cola is<br \/>\n10.Jordb\u00e6r vandmelon \/ Drue is<\/p>\n<p><a href=\"https:\/\/vapebulkp.com\/da\/product\/aivono-curved-smart-screen-35000-puffs-disposable-vape-wholesale-price\/\"><span style=\"vertical-align: inherit\">Aivono 35000 pust <\/span><\/a><\/p>\n<p><span style=\"vertical-align: inherit\">Find flere produkter du m\u00e5ske kan lide:<\/span><em><a href=\"https:\/\/wa.me\/8618077105796\"><span style=\"vertical-align: inherit\">\u00a0K\u00f8b den nu<\/span><\/a><\/em><\/p>\n<p><span style=\"vertical-align: inherit\">Andre Puffs du m\u00e5ske kan lide:<\/span><a href=\"https:\/\/vapebulkp.com\/da\/product\/wholesale-price-bang-kingdoms-rex-32000-puffs-vape-pod\/\"><span style=\"vertical-align: inherit\">Bang Kingdoms 32000Puffs<\/span><\/a><span style=\"vertical-align: inherit\">\u3001<\/span><a href=\"https:\/\/vapebulkp.com\/da\/product\/bood-pulse-pro-25k-50k-disposable-vape-bar-5000-puffs-nicotine-free\/\"><span style=\"vertical-align: inherit\">Bood pulse pro 50000 pust<\/span><\/a><span style=\"vertical-align: inherit\">\/ <\/span><a href=\"https:\/\/vapebulkp.com\/da\/product\/vapsolo-best-quality-viking-12k-puffs-disposable-vapes\/\"><span style=\"vertical-align: inherit\">Vapsolo viking 12000 pust<\/span><\/a><span style=\"vertical-align: inherit\">\/ <\/span><a href=\"https:\/\/vapebulkp.com\/da\/product\/waspe-vape-40000-puff-fihp-double-flavour-disposable-vape\/\"><span style=\"vertical-align: inherit\">WASPE 40000 pust<\/span><\/a><\/p>\n<h2>Ofte stillede sp\u00f8rgsm\u00e5l for RAZZ BAR 40000 Puff engangsvapes<\/h2>\n<p>&nbsp;<\/p>\n<h4 data-start=\"56\" data-end=\"117\"><strong data-start=\"61\" data-end=\"115\">1. Hvor mange pust giver RAZZ BAR 40k pust?<\/strong><\/h4>\n<p data-start=\"118\" data-end=\"244\">Den <strong data-start=\"122\" data-end=\"146\">RAZZ BAR 40000 Puffs<\/strong> tilbyder op til <strong data-start=\"160\" data-end=\"176\">40.000 pust<\/strong>, hvilket g\u00f8r den til en af de mest langtidsholdbare engangs e-cigaretter p\u00e5 markedet.<\/p>\n<h4 data-start=\"410\" data-end=\"479\"><strong data-start=\"415\" data-end=\"477\">2. Underst\u00f8tter RAZZ BAR 40k Puffs smagsskifte?<\/strong><\/h4>\n<p data-start=\"480\" data-end=\"620\">Ja! Den har et <strong data-start=\"499\" data-end=\"521\">dobbelt smagssystem<\/strong>, der giver brugerne mulighed for at skifte mellem <strong data-start=\"556\" data-end=\"585\">to smage i \u00e9n enhed<\/strong> for en mere forn\u00f8jelig oplevelse.<\/p>\n<h4 data-start=\"788\" data-end=\"843\"><strong data-start=\"793\" data-end=\"841\">3. Er RAZZ BAR 40000 Puffs engangsvapen genopladelig?<\/strong><\/h4>\n<p data-start=\"844\" data-end=\"964\">Ja, den inkluderer en <strong data-start=\"863\" data-end=\"894\">650mAh genopladeligt batteri<\/strong> med en <strong data-start=\"902\" data-end=\"926\">Type-C opladningsport<\/strong> til hurtig og bekvem opladning.<\/p>\n<h4 data-start=\"1311\" data-end=\"1391\"><strong data-start=\"1316\" data-end=\"1389\">4. Hvor kan jeg k\u00f8be RAZZ BAR 40000 Puffs Vapes til engrospriser?<\/strong><\/h4>\n<p data-start=\"1392\" data-end=\"1523\">Du kan bestille direkte fra <strong data-start=\"1420\" data-end=\"1437\">Vapebulkp.com<\/strong>, hvor vi tilbyder <strong data-start=\"1454\" data-end=\"1520\">fabriks direkte priser, rabatter p\u00e5 stork\u00f8b og p\u00e5lidelig logistik<\/strong>.<\/p>\n<h3>Forsendelsesdetaljer:<\/h3>\n<p><span style=\"color: #ff6600\">Produktionstid: 5-10 arbejdsdage<\/span><br \/>\n<span style=\"color: #ff6600\">Leveringstid: 8-14 arbejdsdage<\/span><\/p>\n<p>Alle produkter i vores butik er 100% originale og autentiske, s\u00e5 ti gange kompensation for falske varer er vores butikspolitik. Vi bruger logistikkanaler som UPS\/DHL\/FEDEX\/DPD til at levere varer til dig.<\/p>\n<p>For pakker sendt til Danmark tager det normalt 10 arbejdsdage at ankomme. Forsendelse til europ\u00e6iske lande tager normalt 12 til 15 arbejdsdage at ankomme. Vi vil opdatere logistikinformationen for dig i realtid.<\/p>","protected":false},"excerpt":{"rendered":"<div class=\"flex-shrink-0 flex flex-col relative items-end\">\n<div class=\"pt-0\">\n<div class=\"gizmo-bot-avatar flex h-8 w-8 items-center justify-center overflow-hidden rounded-full\">\n<div class=\"relative p-1 rounded-sm flex items-center justify-center bg-token-main-surface-primary text-token-text-primary h-8 w-8\">\n<ul>\n<li data-start=\"0\" data-end=\"101\"><strong data-start=\"3\" data-end=\"99\" data-is-only-node=\"\">RAZZ BAR 40k Puffs Engangsvape Dobbelt Smag, Genopladelig<\/strong><\/li>\n<li data-start=\"102\" data-end=\"188\"><strong data-start=\"105\" data-end=\"186\" data-is-only-node=\"\">RAZZ BAR 40000 Puffs Engros H\u00f8j Kapacitet, Mesh Coil, Nikotinsalt Vape<\/strong><\/li>\n<li data-start=\"189\" data-end=\"285\" data-is-last-node=\"\"><strong data-start=\"192\" data-end=\"283\" data-is-only-node=\"\">RAZZ BAR 40000 Puffs Vape Dobbelt Smag, 650mAh Genopladeligt Batteri, Hurtig DK-levering<\/strong><\/li>\n<\/ul>\n<\/div>\n<\/div>\n<\/div>\n<\/div>\n<p>Kontakt venligst Mandys WhatsApp for rabatpris<a href=\"https:\/\/wa.me\/8618077105796\">+8618077105796<\/a><\/p>\n<p><img decoding=\"async\" class=\"alignnone wp-image-2151\" src=\"http:\/\/vapebulkp.com\/wp-content\/uploads\/2024\/04\/Mandy-WhatsApp-Randm.jpg\" alt=\"Mandy WhatsApp Randm\" width=\"297\" height=\"316\" srcset=\"https:\/\/vapebulkp.com\/wp-content\/uploads\/2024\/04\/Mandy-WhatsApp-Randm.jpg 916w, https:\/\/vapebulkp.com\/wp-content\/uploads\/2024\/04\/Mandy-WhatsApp-Randm-282x300.jpg 282w, https:\/\/vapebulkp.com\/wp-content\/uploads\/2024\/04\/Mandy-WhatsApp-Randm-768x817.jpg 768w, https:\/\/vapebulkp.com\/wp-content\/uploads\/2024\/04\/Mandy-WhatsApp-Randm-600x638.jpg 600w\" sizes=\"(max-width: 297px) 100vw, 297px\" \/><\/p>\n<p><span style=\"color: #ff0000\">BEM\u00c6RK: Priserne p\u00e5 vores hjemmeside inkluderer ikke forsendelsesomkostninger<\/span><\/p>\n<p>&nbsp;<\/p>","protected":false},"featured_media":3525,"comment_status":"open","ping_status":"closed","template":"","meta":{"_uag_custom_page_level_css":"","_lmt_disableupdate":"no","_lmt_disable":"","site-sidebar-layout":"default","site-content-layout":"content-boxed-container","ast-site-content-layout":"normal-width-container","site-content-style":"boxed","site-sidebar-style":"unboxed","ast-global-header-display":"","ast-banner-title-visibility":"","ast-main-header-display":"","ast-hfb-above-header-display":"","ast-hfb-below-header-display":"","ast-hfb-mobile-header-display":"","site-post-title":"","ast-breadcrumbs-content":"","ast-featured-img":"","footer-sml-layout":"","theme-transparent-header-meta":"default","adv-header-id-meta":"","stick-header-meta":"","header-above-stick-meta":"","header-main-stick-meta":"","header-below-stick-meta":"","astra-migrate-meta-layouts":"set","_joinchat":[]},"product_cat":[182,153,155,33,59,100,87,34,158,157,154,358,152,58,84,156,63,32],"product_tag":[36,37,41,286,219,40],"class_list":["post-3526","product","type-product","status-publish","has-post-thumbnail","hentry","product_cat-40000-puffs-disposable-vape","product_cat-hot-disposable-vapes","product_cat-belgium-hot-disposable-vapes","product_cat-france-vape-hot-sale","product_cat-germany-hot-disposable-vape","product_cat-germany-wholesale-vape-shop","product_cat-minimum-order-quantity-50pcs","product_cat-netherlands-vape-good-sale","product_cat-norway-hot-disposable-vapes","product_cat-poland-hot-disposable-vapes","product_cat-portugal-hot-disposable-vapes","product_cat-razzbar-vape","product_cat-spain-hot-disposable-vapes","product_cat-sweden-hot-disposable-vape","product_cat-sweden-wholesale-vape","product_cat-switzerland-hot-disposable-vapes","product_cat-top-sale-disposable-vape","product_cat-vape-hot-sale-this-week","product_tag-good-vape","product_tag-hot-sale-disposable-vape","product_tag-poland-hot-vape","product_tag-puffs-stock-in-europe","product_tag-razz-bar-40000-puffs","product_tag-sweden-hot-vape","pa_brand-razzbar-vape","desktop-align-left","tablet-align-left","mobile-align-left"],"yoast_head":"<!-- This site is optimized with the Yoast SEO plugin v21.1 - https:\/\/yoast.com\/wordpress\/plugins\/seo\/ -->\n<title>RAZZ BAR 40000 Puffs Wholesale Vape Factory Price EU Warehouse Fast Shipping - vapebulkp.com<\/title>\n<meta name=\"description\" content=\"RAZZ BAR 40000 Puffs disposable vape, wholesale prices, EU warehouse, fast shipping, premium quality, long-lasting, 2% &amp; 5% nicotine options, trendy design.\" \/>\n<meta name=\"robots\" content=\"index, follow, max-snippet:-1, max-image-preview:large, max-video-preview:-1\" \/>\n<link rel=\"canonical\" href=\"https:\/\/vapebulkp.com\/da\/product\/razz-bar-40000-puffs-wholesale-vape-factory-price-eu-warehouse-fast-shipping\/\" \/>\n<meta property=\"og:locale\" content=\"da_DK\" \/>\n<meta property=\"og:type\" content=\"article\" \/>\n<meta property=\"og:title\" content=\"RAZZ BAR 40000 Puffs Wholesale Vape Factory Price EU Warehouse Fast Shipping - vapebulkp.com\" \/>\n<meta property=\"og:description\" content=\"RAZZ BAR 40000 Puffs disposable vape, wholesale prices, EU warehouse, fast shipping, premium quality, long-lasting, 2% &amp; 5% nicotine options, trendy design.\" \/>\n<meta property=\"og:url\" content=\"https:\/\/vapebulkp.com\/da\/product\/razz-bar-40000-puffs-wholesale-vape-factory-price-eu-warehouse-fast-shipping\/\" \/>\n<meta property=\"og:site_name\" content=\"vapebulkp.com\" \/>\n<meta property=\"article:modified_time\" content=\"2025-09-24T03:12:01+00:00\" \/>\n<meta property=\"og:image\" content=\"http:\/\/vapebulkp.com\/wp-content\/uploads\/2025\/03\/Wholesale-RAZZ-BAR-40000-Puffs-Factory-Price-High-Capacity-Nicotine-Salt-Vape-in-Europe.webp\" \/>\n\t<meta property=\"og:image:width\" content=\"800\" \/>\n\t<meta property=\"og:image:height\" content=\"800\" \/>\n\t<meta property=\"og:image:type\" content=\"image\/webp\" \/>\n<meta name=\"twitter:card\" content=\"summary_large_image\" \/>\n<meta name=\"twitter:label1\" content=\"Estimeret l\u00e6setid\" \/>\n\t<meta name=\"twitter:data1\" content=\"3 minutter\" \/>\n<script type=\"application\/ld+json\" class=\"yoast-schema-graph\">{\"@context\":\"https:\/\/schema.org\",\"@graph\":[{\"@type\":\"WebPage\",\"@id\":\"https:\/\/vapebulkp.com\/product\/razz-bar-40000-puffs-wholesale-vape-factory-price-eu-warehouse-fast-shipping\/\",\"url\":\"https:\/\/vapebulkp.com\/product\/razz-bar-40000-puffs-wholesale-vape-factory-price-eu-warehouse-fast-shipping\/\",\"name\":\"RAZZ BAR 40000 Puffs Wholesale Vape Factory Price EU Warehouse Fast Shipping - vapebulkp.com\",\"isPartOf\":{\"@id\":\"https:\/\/vapebulkp.com\/#website\"},\"datePublished\":\"2025-03-04T09:06:46+00:00\",\"dateModified\":\"2025-09-24T03:12:01+00:00\",\"description\":\"RAZZ BAR 40000 Puffs disposable vape, wholesale prices, EU warehouse, fast shipping, premium quality, long-lasting, 2% & 5% nicotine options, trendy design.\",\"breadcrumb\":{\"@id\":\"https:\/\/vapebulkp.com\/product\/razz-bar-40000-puffs-wholesale-vape-factory-price-eu-warehouse-fast-shipping\/#breadcrumb\"},\"inLanguage\":\"da-DK\",\"potentialAction\":[{\"@type\":\"ReadAction\",\"target\":[\"https:\/\/vapebulkp.com\/product\/razz-bar-40000-puffs-wholesale-vape-factory-price-eu-warehouse-fast-shipping\/\"]}]},{\"@type\":\"BreadcrumbList\",\"@id\":\"https:\/\/vapebulkp.com\/product\/razz-bar-40000-puffs-wholesale-vape-factory-price-eu-warehouse-fast-shipping\/#breadcrumb\",\"itemListElement\":[{\"@type\":\"ListItem\",\"position\":1,\"name\":\"Home\",\"item\":\"https:\/\/vapebulkp.com\/\"},{\"@type\":\"ListItem\",\"position\":2,\"name\":\"Hot Trend Vapes\",\"item\":\"https:\/\/vapebulkp.com\/vape-shop\/\"},{\"@type\":\"ListItem\",\"position\":3,\"name\":\"RAZZ BAR 40000 Puffs Wholesale Vape Factory Price EU Warehouse Fast Shipping\"}]},{\"@type\":\"WebSite\",\"@id\":\"https:\/\/vapebulkp.com\/#website\",\"url\":\"https:\/\/vapebulkp.com\/\",\"name\":\"vapebulkp.com\",\"description\":\"Buy Vape In Cheap Bulk Price Near you\",\"publisher\":{\"@id\":\"https:\/\/vapebulkp.com\/#organization\"},\"potentialAction\":[{\"@type\":\"SearchAction\",\"target\":{\"@type\":\"EntryPoint\",\"urlTemplate\":\"https:\/\/vapebulkp.com\/?s={search_term_string}\"},\"query-input\":\"required name=search_term_string\"}],\"inLanguage\":\"da-DK\"},{\"@type\":\"Organization\",\"@id\":\"https:\/\/vapebulkp.com\/#organization\",\"name\":\"vapebulkp.com\",\"url\":\"https:\/\/vapebulkp.com\/\",\"logo\":{\"@type\":\"ImageObject\",\"inLanguage\":\"da-DK\",\"@id\":\"https:\/\/vapebulkp.com\/#\/schema\/logo\/image\/\",\"url\":\"https:\/\/vapebulkp.com\/wp-content\/uploads\/2023\/09\/cropped-vapebulkp.png\",\"contentUrl\":\"https:\/\/vapebulkp.com\/wp-content\/uploads\/2023\/09\/cropped-vapebulkp.png\",\"width\":516,\"height\":163,\"caption\":\"vapebulkp.com\"},\"image\":{\"@id\":\"https:\/\/vapebulkp.com\/#\/schema\/logo\/image\/\"}}]}<\/script>\n<!-- \/ Yoast SEO plugin. -->","yoast_head_json":{"title":"RAZZ BAR 40000 Puffs Wholesale Vape Factory Price EU Warehouse Fast Shipping - vapebulkp.com","description":"RAZZ BAR 40000 Puffs disposable vape, wholesale prices, EU warehouse, fast shipping, premium quality, long-lasting, 2% & 5% nicotine options, trendy design.","robots":{"index":"index","follow":"follow","max-snippet":"max-snippet:-1","max-image-preview":"max-image-preview:large","max-video-preview":"max-video-preview:-1"},"canonical":"https:\/\/vapebulkp.com\/da\/product\/razz-bar-40000-puffs-wholesale-vape-factory-price-eu-warehouse-fast-shipping\/","og_locale":"da_DK","og_type":"article","og_title":"RAZZ BAR 40000 Puffs Wholesale Vape Factory Price EU Warehouse Fast Shipping - vapebulkp.com","og_description":"RAZZ BAR 40000 Puffs disposable vape, wholesale prices, EU warehouse, fast shipping, premium quality, long-lasting, 2% & 5% nicotine options, trendy design.","og_url":"https:\/\/vapebulkp.com\/da\/product\/razz-bar-40000-puffs-wholesale-vape-factory-price-eu-warehouse-fast-shipping\/","og_site_name":"vapebulkp.com","article_modified_time":"2025-09-24T03:12:01+00:00","og_image":[{"width":800,"height":800,"url":"http:\/\/vapebulkp.com\/wp-content\/uploads\/2025\/03\/Wholesale-RAZZ-BAR-40000-Puffs-Factory-Price-High-Capacity-Nicotine-Salt-Vape-in-Europe.webp","type":"image\/webp"}],"twitter_card":"summary_large_image","twitter_misc":{"Estimeret l\u00e6setid":"3 minutter"},"schema":{"@context":"https:\/\/schema.org","@graph":[{"@type":"WebPage","@id":"https:\/\/vapebulkp.com\/product\/razz-bar-40000-puffs-wholesale-vape-factory-price-eu-warehouse-fast-shipping\/","url":"https:\/\/vapebulkp.com\/product\/razz-bar-40000-puffs-wholesale-vape-factory-price-eu-warehouse-fast-shipping\/","name":"RAZZ BAR 40000 Puffs Wholesale Vape Factory Price EU Warehouse Fast Shipping - vapebulkp.com","isPartOf":{"@id":"https:\/\/vapebulkp.com\/#website"},"datePublished":"2025-03-04T09:06:46+00:00","dateModified":"2025-09-24T03:12:01+00:00","description":"RAZZ BAR 40000 Puffs disposable vape, wholesale prices, EU warehouse, fast shipping, premium quality, long-lasting, 2% & 5% nicotine options, trendy design.","breadcrumb":{"@id":"https:\/\/vapebulkp.com\/product\/razz-bar-40000-puffs-wholesale-vape-factory-price-eu-warehouse-fast-shipping\/#breadcrumb"},"inLanguage":"da-DK","potentialAction":[{"@type":"ReadAction","target":["https:\/\/vapebulkp.com\/product\/razz-bar-40000-puffs-wholesale-vape-factory-price-eu-warehouse-fast-shipping\/"]}]},{"@type":"BreadcrumbList","@id":"https:\/\/vapebulkp.com\/product\/razz-bar-40000-puffs-wholesale-vape-factory-price-eu-warehouse-fast-shipping\/#breadcrumb","itemListElement":[{"@type":"ListItem","position":1,"name":"Home","item":"https:\/\/vapebulkp.com\/"},{"@type":"ListItem","position":2,"name":"Hot Trend Vapes","item":"https:\/\/vapebulkp.com\/vape-shop\/"},{"@type":"ListItem","position":3,"name":"RAZZ BAR 40000 Puffs Wholesale Vape Factory Price EU Warehouse Fast Shipping"}]},{"@type":"WebSite","@id":"https:\/\/vapebulkp.com\/#website","url":"https:\/\/vapebulkp.com\/","name":"vapebulkp.com","description":"Buy Vape In Cheap Bulk Price Near you","publisher":{"@id":"https:\/\/vapebulkp.com\/#organization"},"potentialAction":[{"@type":"SearchAction","target":{"@type":"EntryPoint","urlTemplate":"https:\/\/vapebulkp.com\/?s={search_term_string}"},"query-input":"required name=search_term_string"}],"inLanguage":"da-DK"},{"@type":"Organization","@id":"https:\/\/vapebulkp.com\/#organization","name":"vapebulkp.com","url":"https:\/\/vapebulkp.com\/","logo":{"@type":"ImageObject","inLanguage":"da-DK","@id":"https:\/\/vapebulkp.com\/#\/schema\/logo\/image\/","url":"https:\/\/vapebulkp.com\/wp-content\/uploads\/2023\/09\/cropped-vapebulkp.png","contentUrl":"https:\/\/vapebulkp.com\/wp-content\/uploads\/2023\/09\/cropped-vapebulkp.png","width":516,"height":163,"caption":"vapebulkp.com"},"image":{"@id":"https:\/\/vapebulkp.com\/#\/schema\/logo\/image\/"}}]}},"uagb_featured_image_src":{"full":["https:\/\/vapebulkp.com\/wp-content\/uploads\/2025\/03\/Wholesale-RAZZ-BAR-40000-Puffs-Factory-Price-High-Capacity-Nicotine-Salt-Vape-in-Europe.webp",800,800,false],"thumbnail":["https:\/\/vapebulkp.com\/wp-content\/uploads\/2025\/03\/Wholesale-RAZZ-BAR-40000-Puffs-Factory-Price-High-Capacity-Nicotine-Salt-Vape-in-Europe-150x150.webp",150,150,true],"medium":["https:\/\/vapebulkp.com\/wp-content\/uploads\/2025\/03\/Wholesale-RAZZ-BAR-40000-Puffs-Factory-Price-High-Capacity-Nicotine-Salt-Vape-in-Europe-300x300.webp",300,300,true],"medium_large":["https:\/\/vapebulkp.com\/wp-content\/uploads\/2025\/03\/Wholesale-RAZZ-BAR-40000-Puffs-Factory-Price-High-Capacity-Nicotine-Salt-Vape-in-Europe-768x768.webp",768,768,true],"large":["https:\/\/vapebulkp.com\/wp-content\/uploads\/2025\/03\/Wholesale-RAZZ-BAR-40000-Puffs-Factory-Price-High-Capacity-Nicotine-Salt-Vape-in-Europe.webp",800,800,false],"1536x1536":["https:\/\/vapebulkp.com\/wp-content\/uploads\/2025\/03\/Wholesale-RAZZ-BAR-40000-Puffs-Factory-Price-High-Capacity-Nicotine-Salt-Vape-in-Europe.webp",800,800,false],"2048x2048":["https:\/\/vapebulkp.com\/wp-content\/uploads\/2025\/03\/Wholesale-RAZZ-BAR-40000-Puffs-Factory-Price-High-Capacity-Nicotine-Salt-Vape-in-Europe.webp",800,800,false],"trp-custom-language-flag":["https:\/\/vapebulkp.com\/wp-content\/uploads\/2025\/03\/Wholesale-RAZZ-BAR-40000-Puffs-Factory-Price-High-Capacity-Nicotine-Salt-Vape-in-Europe.webp",12,12,false],"woocommerce_thumbnail":["https:\/\/vapebulkp.com\/wp-content\/uploads\/2025\/03\/Wholesale-RAZZ-BAR-40000-Puffs-Factory-Price-High-Capacity-Nicotine-Salt-Vape-in-Europe-300x300.webp",300,300,true],"woocommerce_single":["https:\/\/vapebulkp.com\/wp-content\/uploads\/2025\/03\/Wholesale-RAZZ-BAR-40000-Puffs-Factory-Price-High-Capacity-Nicotine-Salt-Vape-in-Europe-600x600.webp",600,600,true],"woocommerce_gallery_thumbnail":["https:\/\/vapebulkp.com\/wp-content\/uploads\/2025\/03\/Wholesale-RAZZ-BAR-40000-Puffs-Factory-Price-High-Capacity-Nicotine-Salt-Vape-in-Europe-100x100.webp",100,100,true],"wcpr-photo-reviews":["https:\/\/vapebulkp.com\/wp-content\/uploads\/2025\/03\/Wholesale-RAZZ-BAR-40000-Puffs-Factory-Price-High-Capacity-Nicotine-Salt-Vape-in-Europe.webp",500,500,false]},"uagb_author_info":{"display_name":"Mandy vape bulk price","author_link":"https:\/\/vapebulkp.com\/da\/author\/"},"uagb_comment_info":0,"uagb_excerpt":"RAZZ BAR 40k Puffs Disposable Vape\u00a0 Dual Flavors, Rechargeable &amp; Long-lasting Performance RAZZ BAR 40000 Puff Wholesale\u00a0 High-Capacity, Mesh Coil, Nicotine Salt Vape RAZZ BAR 40000 Puffs Vape\u00a0 Dual Flavors, 650mAh Rechargeable Battery, Fast EU Shipping Pls Contact Mandy's WhatsApp For Discount Price+8618077105796 NOTE: Prices on our website does not include shipping costs &nbsp;","_links":{"self":[{"href":"https:\/\/vapebulkp.com\/da\/wp-json\/wp\/v2\/product\/3526","targetHints":{"allow":["GET"]}}],"collection":[{"href":"https:\/\/vapebulkp.com\/da\/wp-json\/wp\/v2\/product"}],"about":[{"href":"https:\/\/vapebulkp.com\/da\/wp-json\/wp\/v2\/types\/product"}],"replies":[{"embeddable":true,"href":"https:\/\/vapebulkp.com\/da\/wp-json\/wp\/v2\/comments?post=3526"}],"wp:featuredmedia":[{"embeddable":true,"href":"https:\/\/vapebulkp.com\/da\/wp-json\/wp\/v2\/media\/3525"}],"wp:attachment":[{"href":"https:\/\/vapebulkp.com\/da\/wp-json\/wp\/v2\/media?parent=3526"}],"wp:term":[{"taxonomy":"product_cat","embeddable":true,"href":"https:\/\/vapebulkp.com\/da\/wp-json\/wp\/v2\/product_cat?post=3526"},{"taxonomy":"product_tag","embeddable":true,"href":"https:\/\/vapebulkp.com\/da\/wp-json\/wp\/v2\/product_tag?post=3526"}],"curies":[{"name":"wp","href":"https:\/\/api.w.org\/{rel}","templated":true}]}}