{"id":3598,"date":"2025-03-21T10:02:17","date_gmt":"2025-03-21T09:02:17","guid":{"rendered":"https:\/\/vapebulkp.com\/?post_type=product&#038;p=3598"},"modified":"2025-09-24T05:12:40","modified_gmt":"2025-09-24T03:12:40","slug":"vozol-gear-shisha-25000-puffs-dual-mode-disposable-vape-5mg-nicotine","status":"publish","type":"product","link":"https:\/\/vapebulkp.com\/da\/product\/vozol-gear-shisha-25000-puffs-dual-mode-disposable-vape-5mg-nicotine\/","title":{"rendered":"VOZOL Gear Shisha 25000 Puffs Dobbelt Tilstand Engangs Vape 5MG Nikotin"},"content":{"rendered":"<h2>VOZOL Gear Shisha 25000 Puffs Dobbelt Tilstand Engangs Vape 5MG Nikotin<\/h2>\n<p>VOZOL Gear Shisha 25000 Pust Engangs Vape er en premium enhed med h\u00f8j kapacitet, der leverer 25.000 j\u00e6vne pust. Ideel til personlig brug eller shisha vape engros, den kombinerer stil, ydeevne og bekvemmelighed.<\/p>\n<p>Med en dual mesh coil producerer den t\u00e6tte skyer og ensartet smag. Dual modes og justerbar luftstr\u00f8m lader brugere skifte mellem stramme eller luftige sug. Forfyldt med 5MG nikotin salt, leverer den et tilfredsstillende 'throat hit'. Drevet af et 1000mAh batteri med USB-C, sikrer denne genopladelige engangs vape langvarige sessioner med hurtig genopladning. En 2,1-tommer farvesk\u00e6rm viser antal pust, batterilevetid og indstillinger for luftstr\u00f8m for fuld kontrol.<\/p>\n<p>Kompakt, slank og holdbar, VOZOL Gear Shisha <a href=\"https:\/\/vapebulkp.com\/da\/product-category\/25000-puffs-disposable-vape\/\">25000 Pust Genopladelig Engangs E-cigaret<\/a> er perfekt til dampere, der s\u00f8ger premium ydeevne og innovation.<\/p>\n<h6>Kontakt venligst Mandys WhatsApp for rabatpris<a href=\"https:\/\/wa.me\/8618077105796\">+8618077105796<\/a><\/h6>\n<p>&nbsp;<\/p>\n<p><img decoding=\"async\" class=\"alignnone wp-image-2151\" src=\"http:\/\/vapebulkp.com\/wp-content\/uploads\/2024\/04\/Mandy-WhatsApp-Randm.jpg\" alt=\"Mandy WhatsApp Randm\" width=\"324\" height=\"330\" \/><\/p>\n<h2>VOZOL Gear Shisha 25k Pust Specifikationer<\/h2>\n<ul>\n<li class=\"\" data-start=\"176\" data-end=\"202\">\n<p class=\"\" data-start=\"178\" data-end=\"202\"><strong data-start=\"178\" data-end=\"193\">Pust Antal:<\/strong> 25,000<\/p>\n<\/li>\n<li class=\"\" data-start=\"203\" data-end=\"268\">\n<p class=\"\" data-start=\"205\" data-end=\"268\"><strong data-start=\"205\" data-end=\"220\">Vape Tilstande:<\/strong> Dual vape-tilstande for en tilpasselig oplevelse<\/p>\n<\/li>\n<li class=\"\" data-start=\"269\" data-end=\"347\">\n<p class=\"\" data-start=\"271\" data-end=\"347\"><strong data-start=\"271\" data-end=\"293\">Lydinteraktion:<\/strong> Lydf\u00f8lsom vaping for en fordybende oplevelse<\/p>\n<\/li>\n<li class=\"\" data-start=\"348\" data-end=\"429\">\n<p class=\"\" data-start=\"350\" data-end=\"429\"><strong data-start=\"350\" data-end=\"370\">Coil Teknologi:<\/strong> Dual mesh coils for forbedret smag og damp produktion<\/p>\n<\/li>\n<li class=\"\" data-start=\"430\" data-end=\"485\">\n<p class=\"\" data-start=\"432\" data-end=\"485\"><strong data-start=\"432\" data-end=\"453\">Batterikapacitet:<\/strong> 1.000mAh genopladeligt batteri<\/p>\n<\/li>\n<li class=\"\" data-start=\"486\" data-end=\"523\">\n<p class=\"\" data-start=\"488\" data-end=\"523\"><strong data-start=\"488\" data-end=\"501\">Opladning:<\/strong> USB-C hurtig opladning<\/p>\n<\/li>\n<li class=\"\" data-start=\"524\" data-end=\"588\">\n<p class=\"\" data-start=\"526\" data-end=\"588\"><strong data-start=\"526\" data-end=\"538\">Sk\u00e6rm:<\/strong> 2.1-tommer farvesk\u00e6rm for realtidsdata<\/p>\n<\/li>\n<li class=\"\" data-start=\"589\" data-end=\"648\">\n<p class=\"\" data-start=\"591\" data-end=\"648\"><strong data-start=\"591\" data-end=\"603\">Luftstr\u00f8m:<\/strong> Justerbar luftstr\u00f8m for et personligt sug<\/p>\n<\/li>\n<\/ul>\n<h2>Hot Sale VOZOL Vape Gear Shisha 25000 Pust Smag<\/h2>\n<p>1.to \u00e6bler<br \/>\n2.vandmelon is<br \/>\n3.mango fersken<br \/>\n4.bl\u00e5b\u00e6r is<br \/>\n5.bl\u00e5 hindb\u00e6r is<br \/>\n6.drue is<br \/>\n7.jordb\u00e6r kiwi<br \/>\n8.bl\u00e5b\u00e6r vandmelon<br \/>\n9.kirseb\u00e6r cola<br \/>\n10.k\u00e6rlighed 777<br \/>\n11.kirseb\u00e6r is<br \/>\n12. Fersken is<br \/>\n13.b\u00e6r is<br \/>\n14.s\u00f8d passionsfrugt<br \/>\n15.frossen jordb\u00e6r kiwi<br \/>\n16.dragefrugt banan kirseb\u00e6r<\/p>\n<p><a href=\"https:\/\/vapebulkp.com\/da\/product\/jnr-vape-mega-box-25000-puff-discount-price-vape-pods\/\"><span style=\"vertical-align: inherit\">JNR VAPE Mega Box 25000 sug <\/span><\/a><\/p>\n<p><span style=\"vertical-align: inherit\">Find flere produkter du m\u00e5ske kan lide:<\/span><em><a href=\"https:\/\/wa.me\/8618077105796\"><span style=\"vertical-align: inherit\">\u00a0K\u00f8b den nu<\/span><\/a><\/em><\/p>\n<p><span style=\"vertical-align: inherit\">Andre Puffs du m\u00e5ske kan lide:<\/span><a href=\"https:\/\/vapebulkp.com\/da\/product\/waspe-vape-40000-puff-fihp-double-flavour-disposable-vape\/\"><span style=\"vertical-align: inherit\">WASPE FIHP 40000 sug<\/span><\/a><span style=\"vertical-align: inherit\">\u3001<\/span><span style=\"vertical-align: inherit\">\u00a0<\/span><a href=\"https:\/\/vapebulkp.com\/da\/fi\/product\/bang-30k-puffs-new-double-taste-good-vape\/\"><span style=\"vertical-align: inherit\">Bang Vape 30000 sug<\/span><\/a><span style=\"vertical-align: inherit\">\/ <\/span><a href=\"https:\/\/vapebulkp.com\/da\/fi\/product\/best-price-wga-crystal-pro-max-15k-puffs-original-vape\/\"><span style=\"vertical-align: inherit\">\u00a0WGA Crystal pro max 15k pust\u00a0<\/span><\/a><\/p>\n<h3>Hvorfor v\u00e6lge at k\u00f8be VOZOL Gear Shisha 25000 Disposable Vapes fra Vapebulk i Danmark?<\/h3>\n<h4 class=\"\" data-start=\"69\" data-end=\"99\"><strong data-start=\"74\" data-end=\"97\">Produktfordele:<\/strong><\/h4>\n<ul>\n<li data-start=\"100\" data-end=\"712\"><strong data-start=\"102\" data-end=\"126\">Massive 25.000 sug<\/strong> \u2013 Sikrer langvarig brug, perfekt til udvidede damp-sessioner.<\/li>\n<li data-start=\"100\" data-end=\"712\"><strong data-start=\"197\" data-end=\"216\">Dobbelt damp-tilstand<\/strong> \u2013 Tilpassede indstillinger for en personlig oplevelse.<\/li>\n<li data-start=\"100\" data-end=\"712\"><strong data-start=\"276\" data-end=\"308\">Lyd-interaktiv teknologi<\/strong> \u2013 Forbedrer damp-oplevelsen med lyd-responsive funktioner.<\/li>\n<li data-start=\"100\" data-end=\"712\"><strong data-start=\"378\" data-end=\"397\">Dobbelt Mesh Coils<\/strong> \u2013 Giver overlegen smag og j\u00e6vnere damp.<\/li>\n<li data-start=\"100\" data-end=\"712\"><strong data-start=\"460\" data-end=\"492\">1000mAh genopladeligt batteri<\/strong> \u2013 Sikrer ensartet ydeevne med hurtig USB-C-opladning.<\/li>\n<li data-start=\"100\" data-end=\"712\"><strong data-start=\"556\" data-end=\"582\">2,1-tommer farvedisplay<\/strong> \u2013 Giver realtidsdata om damp for nemheds skyld.<\/li>\n<li data-start=\"100\" data-end=\"712\"><strong data-start=\"637\" data-end=\"659\">Justerbar luftstr\u00f8m<\/strong> \u2013 G\u00f8r det muligt for brugere at finjustere deres tr\u00e6kpr\u00e6ference.<\/li>\n<\/ul>\n<h4 class=\"\" data-start=\"714\" data-end=\"746\"><strong data-start=\"719\" data-end=\"744\">Hvorfor v\u00e6lge Vapebulkp?<\/strong><\/h4>\n<p class=\"\" data-start=\"747\" data-end=\"1242\">\ud83c\udf0d <strong data-start=\"750\" data-end=\"782\">P\u00e5lidelig leverand\u00f8r til Danmark<\/strong> \u2013 Hurtig forsendelse og direkte tilg\u00e6ngelighed for danske kunder.<br data-start=\"846\" data-end=\"849\" \/>\ud83d\udce6 <strong data-start=\"852\" data-end=\"879\">Rabat ved stork\u00f8b<\/strong> \u2013 Konkurrencedygtige engrospriser for virksomheder og detailhandlere.<br data-start=\"941\" data-end=\"944\" \/>\u2705 <strong data-start=\"946\" data-end=\"968\">Autentiske produkter<\/strong> \u2013 100 % \u00e6gte VOZOL Gear Shisha 25000 Puffs, der sikrer topkvalitet.<br data-start=\"1036\" data-end=\"1039\" \/>\ud83d\ude80 <strong data-start=\"1042\" data-end=\"1068\">Hurtig<\/strong> \u2013 Hurtig behandling og levering med p\u00e5lidelig logistik.<br data-start=\"1125\" data-end=\"1128\" \/>\ud83d\udcac <strong data-start=\"1131\" data-end=\"1161\">Fremragende kundesupport<\/strong> \u2013 Dedikeret assistance til ordrer, produktforesp\u00f8rgsler og eftersalgsservice.<\/p>\n<p class=\"\" data-start=\"1244\" data-end=\"1396\">K\u00f8b fra <strong data-start=\"1260\" data-end=\"1273\">Vapebulkp<\/strong> garanterer en f\u00f8rsteklasses dampoplevelse med en betroet leverand\u00f8r, hvilket g\u00f8r det til det bedste valg for engros- og detailk\u00f8bere.<\/p>\n<h3><strong>Ofte stillede sp\u00f8rgsm\u00e5l om VOZOL Gear Shisha 25000 Puffs <\/strong><\/h3>\n<h4 class=\"\" data-start=\"52\" data-end=\"119\"><strong data-start=\"57\" data-end=\"117\">1. Hvor l\u00e6nge holder VOZOL Gear Shisha 25000 Puffs?<\/strong><\/h4>\n<p class=\"\" data-start=\"120\" data-end=\"271\">Enheden tilbyder <strong data-start=\"138\" data-end=\"154\">25.000 sug<\/strong>, hvilket g\u00f8r den til en af de mest holdbare engangsvapes. Den faktiske brugsvarighed afh\u00e6nger af individuelle dampvaner.<\/p>\n<h4 class=\"\" data-start=\"273\" data-end=\"344\"><strong data-start=\"278\" data-end=\"342\">2. Har VOZOL Gear Shisha Vapes 25000 Puff justerbar luftstr\u00f8m?<\/strong><\/h4>\n<p class=\"\" data-start=\"345\" data-end=\"468\">Ja, den har en <strong data-start=\"365\" data-end=\"394\">justerbart luftstr\u00f8mssystem<\/strong>, hvilket giver brugerne mulighed for at tilpasse deres sug for en strammere eller lettere ind\u00e5nding.<\/p>\n<h4 class=\"\" data-start=\"470\" data-end=\"530\"><strong data-start=\"475\" data-end=\"528\">3. Hvad g\u00f8r VOZOL Shisha 25k puff unik?<\/strong><\/h4>\n<p class=\"\" data-start=\"531\" data-end=\"559\">Denne vape skiller sig ud med:<\/p>\n<ul data-start=\"560\" data-end=\"788\">\n<li class=\"\" data-start=\"560\" data-end=\"612\">\n<p class=\"\" data-start=\"562\" data-end=\"612\"><strong data-start=\"562\" data-end=\"581\">Duale damp-tilstande<\/strong> for tilpasset ydeevne<\/p>\n<\/li>\n<li class=\"\" data-start=\"613\" data-end=\"670\">\n<p class=\"\" data-start=\"615\" data-end=\"670\"><strong data-start=\"615\" data-end=\"647\">Lyd interaktiv teknologi<\/strong> der reagerer p\u00e5 lyd<\/p>\n<\/li>\n<li class=\"\" data-start=\"671\" data-end=\"727\">\n<p class=\"\" data-start=\"673\" data-end=\"727\"><strong data-start=\"673\" data-end=\"699\">2,1-tommer farvesk\u00e6rm<\/strong> til realtids vaping data<\/p>\n<\/li>\n<li class=\"\" data-start=\"728\" data-end=\"788\">\n<p class=\"\" data-start=\"730\" data-end=\"788\"><strong data-start=\"730\" data-end=\"749\">Dobbelt mesh coils<\/strong> for rigere smag og glattere damp<\/p>\n<\/li>\n<\/ul>\n<h3>Forsendelsesdetaljer:<\/h3>\n<p><span style=\"color: #ff6600\">Produktionstid: 5-10 arbejdsdage<\/span><br \/>\n<span style=\"color: #ff6600\">Leveringstid: 8-14 arbejdsdage<\/span><\/p>\n<p>Alle produkter i vores butik er 100% originale og autentiske, s\u00e5 ti gange kompensation for falske varer er vores butikspolitik. Vi bruger logistikkanaler som UPS\/DHL\/FEDEX\/DPD til at levere varer til dig.<\/p>\n<p>For pakker sendt til Danmark tager det normalt 10 arbejdsdage at ankomme. Forsendelse til europ\u00e6iske lande tager normalt 12 til 15 arbejdsdage at ankomme. Vi vil opdatere logistikinformationen for dig i realtid.<\/p>","protected":false},"excerpt":{"rendered":"<p>VOZOL Gear Shisha 25000 Pust, Dual Mode, 5MG Nikotin, Engangs Vapes, Genopladelig, Mesh Coil, 20ML E-v\u00e6ske, J\u00e6vn Smag, Langtidsholdbar, H\u00f8j Ydeevne, Type-C Opladning, Premium Design, Engros, Bedste Pris, Marked, Vape Bulk, Online Butik.<\/p>\n<p>Kontakt venligst Mandys WhatsApp for rabatpris<a href=\"https:\/\/wa.me\/8618077105796\">+8618077105796<\/a><\/p>\n<p>&nbsp;<\/p>\n<p><img decoding=\"async\" class=\"alignnone wp-image-2151\" src=\"http:\/\/vapebulkp.com\/wp-content\/uploads\/2024\/04\/Mandy-WhatsApp-Randm.jpg\" alt=\"Mandy WhatsApp Randm\" width=\"297\" height=\"316\" srcset=\"https:\/\/vapebulkp.com\/wp-content\/uploads\/2024\/04\/Mandy-WhatsApp-Randm.jpg 916w, https:\/\/vapebulkp.com\/wp-content\/uploads\/2024\/04\/Mandy-WhatsApp-Randm-282x300.jpg 282w, https:\/\/vapebulkp.com\/wp-content\/uploads\/2024\/04\/Mandy-WhatsApp-Randm-768x817.jpg 768w, https:\/\/vapebulkp.com\/wp-content\/uploads\/2024\/04\/Mandy-WhatsApp-Randm-600x638.jpg 600w\" sizes=\"(max-width: 297px) 100vw, 297px\" \/><\/p>\n<p><span style=\"color: #ff0000\">BEM\u00c6RK: Priserne p\u00e5 vores hjemmeside inkluderer ikke forsendelsesomkostninger<\/span><\/p>\n<p>&nbsp;<\/p>","protected":false},"featured_media":3586,"comment_status":"open","ping_status":"closed","template":"","meta":{"_uag_custom_page_level_css":"","_lmt_disableupdate":"no","_lmt_disable":"","site-sidebar-layout":"default","site-content-layout":"content-boxed-container","ast-site-content-layout":"normal-width-container","site-content-style":"boxed","site-sidebar-style":"unboxed","ast-global-header-display":"","ast-banner-title-visibility":"","ast-main-header-display":"","ast-hfb-above-header-display":"","ast-hfb-below-header-display":"","ast-hfb-mobile-header-display":"","site-post-title":"","ast-breadcrumbs-content":"","ast-featured-img":"","footer-sml-layout":"","theme-transparent-header-meta":"default","adv-header-id-meta":"","stick-header-meta":"","header-above-stick-meta":"","header-main-stick-meta":"","header-below-stick-meta":"","astra-migrate-meta-layouts":"set","_joinchat":[]},"product_cat":[161,153,155,33,59,100,87,34,158,157,154,152,58,84,156,63,32,364],"product_tag":[36,37,41,286,40,229],"class_list":["post-3598","product","type-product","status-publish","has-post-thumbnail","hentry","product_cat-25000-puffs-disposable-vape","product_cat-hot-disposable-vapes","product_cat-belgium-hot-disposable-vapes","product_cat-france-vape-hot-sale","product_cat-germany-hot-disposable-vape","product_cat-germany-wholesale-vape-shop","product_cat-minimum-order-quantity-50pcs","product_cat-netherlands-vape-good-sale","product_cat-norway-hot-disposable-vapes","product_cat-poland-hot-disposable-vapes","product_cat-portugal-hot-disposable-vapes","product_cat-spain-hot-disposable-vapes","product_cat-sweden-hot-disposable-vape","product_cat-sweden-wholesale-vape","product_cat-switzerland-hot-disposable-vapes","product_cat-top-sale-disposable-vape","product_cat-vape-hot-sale-this-week","product_cat-vozol-vape","product_tag-good-vape","product_tag-hot-sale-disposable-vape","product_tag-poland-hot-vape","product_tag-puffs-stock-in-europe","product_tag-sweden-hot-vape","product_tag-vozol-gear-shisha-25000-puffs","desktop-align-left","tablet-align-left","mobile-align-left"],"yoast_head":"<!-- This site is optimized with the Yoast SEO plugin v21.1 - https:\/\/yoast.com\/wordpress\/plugins\/seo\/ -->\n<title>VOZOL Gear Shisha 25000 Puffs Dual Mode Disposable Vape 5MG Nicotine - vapebulkp.com<\/title>\n<meta name=\"description\" content=\"VOZOL Gear Shisha 25000 Puffs, Dual Mode, 5MG Nicotine, Disposable Vape, Rechargeable, Type-C, Long-Lasting, High-Capacity, Wholesale, Premium Design,\" \/>\n<meta name=\"robots\" content=\"index, follow, max-snippet:-1, max-image-preview:large, max-video-preview:-1\" \/>\n<link rel=\"canonical\" href=\"https:\/\/vapebulkp.com\/da\/product\/vozol-gear-shisha-25000-puffs-dual-mode-disposable-vape-5mg-nicotine\/\" \/>\n<meta property=\"og:locale\" content=\"da_DK\" \/>\n<meta property=\"og:type\" content=\"article\" \/>\n<meta property=\"og:title\" content=\"VOZOL Gear Shisha 25000 Puffs Dual Mode Disposable Vape 5MG Nicotine - vapebulkp.com\" \/>\n<meta property=\"og:description\" content=\"VOZOL Gear Shisha 25000 Puffs, Dual Mode, 5MG Nicotine, Disposable Vape, Rechargeable, Type-C, Long-Lasting, High-Capacity, Wholesale, Premium Design,\" \/>\n<meta property=\"og:url\" content=\"https:\/\/vapebulkp.com\/da\/product\/vozol-gear-shisha-25000-puffs-dual-mode-disposable-vape-5mg-nicotine\/\" \/>\n<meta property=\"og:site_name\" content=\"vapebulkp.com\" \/>\n<meta property=\"article:modified_time\" content=\"2025-09-24T03:12:40+00:00\" \/>\n<meta property=\"og:image\" content=\"http:\/\/vapebulkp.com\/wp-content\/uploads\/2025\/03\/Vozol-Gear-Shisha-25000-Puffs-High-Puff-Disposable-Vape.webp\" \/>\n\t<meta property=\"og:image:width\" content=\"800\" \/>\n\t<meta property=\"og:image:height\" content=\"800\" \/>\n\t<meta property=\"og:image:type\" content=\"image\/webp\" \/>\n<meta name=\"twitter:card\" content=\"summary_large_image\" \/>\n<meta name=\"twitter:label1\" content=\"Estimeret l\u00e6setid\" \/>\n\t<meta name=\"twitter:data1\" content=\"4 minutter\" \/>\n<script type=\"application\/ld+json\" class=\"yoast-schema-graph\">{\"@context\":\"https:\/\/schema.org\",\"@graph\":[{\"@type\":\"WebPage\",\"@id\":\"https:\/\/vapebulkp.com\/product\/vozol-gear-shisha-25000-puffs-dual-mode-disposable-vape-5mg-nicotine\/\",\"url\":\"https:\/\/vapebulkp.com\/product\/vozol-gear-shisha-25000-puffs-dual-mode-disposable-vape-5mg-nicotine\/\",\"name\":\"VOZOL Gear Shisha 25000 Puffs Dual Mode Disposable Vape 5MG Nicotine - vapebulkp.com\",\"isPartOf\":{\"@id\":\"https:\/\/vapebulkp.com\/#website\"},\"datePublished\":\"2025-03-21T09:02:17+00:00\",\"dateModified\":\"2025-09-24T03:12:40+00:00\",\"description\":\"VOZOL Gear Shisha 25000 Puffs, Dual Mode, 5MG Nicotine, Disposable Vape, Rechargeable, Type-C, Long-Lasting, High-Capacity, Wholesale, Premium Design,\",\"breadcrumb\":{\"@id\":\"https:\/\/vapebulkp.com\/product\/vozol-gear-shisha-25000-puffs-dual-mode-disposable-vape-5mg-nicotine\/#breadcrumb\"},\"inLanguage\":\"da-DK\",\"potentialAction\":[{\"@type\":\"ReadAction\",\"target\":[\"https:\/\/vapebulkp.com\/product\/vozol-gear-shisha-25000-puffs-dual-mode-disposable-vape-5mg-nicotine\/\"]}]},{\"@type\":\"BreadcrumbList\",\"@id\":\"https:\/\/vapebulkp.com\/product\/vozol-gear-shisha-25000-puffs-dual-mode-disposable-vape-5mg-nicotine\/#breadcrumb\",\"itemListElement\":[{\"@type\":\"ListItem\",\"position\":1,\"name\":\"Home\",\"item\":\"https:\/\/vapebulkp.com\/\"},{\"@type\":\"ListItem\",\"position\":2,\"name\":\"Hot Trend Vapes\",\"item\":\"https:\/\/vapebulkp.com\/vape-shop\/\"},{\"@type\":\"ListItem\",\"position\":3,\"name\":\"VOZOL Gear Shisha 25000 Puffs Dual Mode Disposable Vape 5MG Nicotine\"}]},{\"@type\":\"WebSite\",\"@id\":\"https:\/\/vapebulkp.com\/#website\",\"url\":\"https:\/\/vapebulkp.com\/\",\"name\":\"vapebulkp.com\",\"description\":\"Buy Vape In Cheap Bulk Price Near you\",\"publisher\":{\"@id\":\"https:\/\/vapebulkp.com\/#organization\"},\"potentialAction\":[{\"@type\":\"SearchAction\",\"target\":{\"@type\":\"EntryPoint\",\"urlTemplate\":\"https:\/\/vapebulkp.com\/?s={search_term_string}\"},\"query-input\":\"required name=search_term_string\"}],\"inLanguage\":\"da-DK\"},{\"@type\":\"Organization\",\"@id\":\"https:\/\/vapebulkp.com\/#organization\",\"name\":\"vapebulkp.com\",\"url\":\"https:\/\/vapebulkp.com\/\",\"logo\":{\"@type\":\"ImageObject\",\"inLanguage\":\"da-DK\",\"@id\":\"https:\/\/vapebulkp.com\/#\/schema\/logo\/image\/\",\"url\":\"https:\/\/vapebulkp.com\/wp-content\/uploads\/2023\/09\/cropped-vapebulkp.png\",\"contentUrl\":\"https:\/\/vapebulkp.com\/wp-content\/uploads\/2023\/09\/cropped-vapebulkp.png\",\"width\":516,\"height\":163,\"caption\":\"vapebulkp.com\"},\"image\":{\"@id\":\"https:\/\/vapebulkp.com\/#\/schema\/logo\/image\/\"}}]}<\/script>\n<!-- \/ Yoast SEO plugin. -->","yoast_head_json":{"title":"VOZOL Gear Shisha 25000 Puffs Dual Mode Disposable Vape 5MG Nicotine - vapebulkp.com","description":"VOZOL Gear Shisha 25000 Puffs, Dual Mode, 5MG Nicotine, Disposable Vape, Rechargeable, Type-C, Long-Lasting, High-Capacity, Wholesale, Premium Design,","robots":{"index":"index","follow":"follow","max-snippet":"max-snippet:-1","max-image-preview":"max-image-preview:large","max-video-preview":"max-video-preview:-1"},"canonical":"https:\/\/vapebulkp.com\/da\/product\/vozol-gear-shisha-25000-puffs-dual-mode-disposable-vape-5mg-nicotine\/","og_locale":"da_DK","og_type":"article","og_title":"VOZOL Gear Shisha 25000 Puffs Dual Mode Disposable Vape 5MG Nicotine - vapebulkp.com","og_description":"VOZOL Gear Shisha 25000 Puffs, Dual Mode, 5MG Nicotine, Disposable Vape, Rechargeable, Type-C, Long-Lasting, High-Capacity, Wholesale, Premium Design,","og_url":"https:\/\/vapebulkp.com\/da\/product\/vozol-gear-shisha-25000-puffs-dual-mode-disposable-vape-5mg-nicotine\/","og_site_name":"vapebulkp.com","article_modified_time":"2025-09-24T03:12:40+00:00","og_image":[{"width":800,"height":800,"url":"http:\/\/vapebulkp.com\/wp-content\/uploads\/2025\/03\/Vozol-Gear-Shisha-25000-Puffs-High-Puff-Disposable-Vape.webp","type":"image\/webp"}],"twitter_card":"summary_large_image","twitter_misc":{"Estimeret l\u00e6setid":"4 minutter"},"schema":{"@context":"https:\/\/schema.org","@graph":[{"@type":"WebPage","@id":"https:\/\/vapebulkp.com\/product\/vozol-gear-shisha-25000-puffs-dual-mode-disposable-vape-5mg-nicotine\/","url":"https:\/\/vapebulkp.com\/product\/vozol-gear-shisha-25000-puffs-dual-mode-disposable-vape-5mg-nicotine\/","name":"VOZOL Gear Shisha 25000 Puffs Dual Mode Disposable Vape 5MG Nicotine - vapebulkp.com","isPartOf":{"@id":"https:\/\/vapebulkp.com\/#website"},"datePublished":"2025-03-21T09:02:17+00:00","dateModified":"2025-09-24T03:12:40+00:00","description":"VOZOL Gear Shisha 25000 Puffs, Dual Mode, 5MG Nicotine, Disposable Vape, Rechargeable, Type-C, Long-Lasting, High-Capacity, Wholesale, Premium Design,","breadcrumb":{"@id":"https:\/\/vapebulkp.com\/product\/vozol-gear-shisha-25000-puffs-dual-mode-disposable-vape-5mg-nicotine\/#breadcrumb"},"inLanguage":"da-DK","potentialAction":[{"@type":"ReadAction","target":["https:\/\/vapebulkp.com\/product\/vozol-gear-shisha-25000-puffs-dual-mode-disposable-vape-5mg-nicotine\/"]}]},{"@type":"BreadcrumbList","@id":"https:\/\/vapebulkp.com\/product\/vozol-gear-shisha-25000-puffs-dual-mode-disposable-vape-5mg-nicotine\/#breadcrumb","itemListElement":[{"@type":"ListItem","position":1,"name":"Home","item":"https:\/\/vapebulkp.com\/"},{"@type":"ListItem","position":2,"name":"Hot Trend Vapes","item":"https:\/\/vapebulkp.com\/vape-shop\/"},{"@type":"ListItem","position":3,"name":"VOZOL Gear Shisha 25000 Puffs Dual Mode Disposable Vape 5MG Nicotine"}]},{"@type":"WebSite","@id":"https:\/\/vapebulkp.com\/#website","url":"https:\/\/vapebulkp.com\/","name":"vapebulkp.com","description":"Buy Vape In Cheap Bulk Price Near you","publisher":{"@id":"https:\/\/vapebulkp.com\/#organization"},"potentialAction":[{"@type":"SearchAction","target":{"@type":"EntryPoint","urlTemplate":"https:\/\/vapebulkp.com\/?s={search_term_string}"},"query-input":"required name=search_term_string"}],"inLanguage":"da-DK"},{"@type":"Organization","@id":"https:\/\/vapebulkp.com\/#organization","name":"vapebulkp.com","url":"https:\/\/vapebulkp.com\/","logo":{"@type":"ImageObject","inLanguage":"da-DK","@id":"https:\/\/vapebulkp.com\/#\/schema\/logo\/image\/","url":"https:\/\/vapebulkp.com\/wp-content\/uploads\/2023\/09\/cropped-vapebulkp.png","contentUrl":"https:\/\/vapebulkp.com\/wp-content\/uploads\/2023\/09\/cropped-vapebulkp.png","width":516,"height":163,"caption":"vapebulkp.com"},"image":{"@id":"https:\/\/vapebulkp.com\/#\/schema\/logo\/image\/"}}]}},"uagb_featured_image_src":{"full":["https:\/\/vapebulkp.com\/wp-content\/uploads\/2025\/03\/Vozol-Gear-Shisha-25000-Puffs-High-Puff-Disposable-Vape.webp",800,800,false],"thumbnail":["https:\/\/vapebulkp.com\/wp-content\/uploads\/2025\/03\/Vozol-Gear-Shisha-25000-Puffs-High-Puff-Disposable-Vape-150x150.webp",150,150,true],"medium":["https:\/\/vapebulkp.com\/wp-content\/uploads\/2025\/03\/Vozol-Gear-Shisha-25000-Puffs-High-Puff-Disposable-Vape-300x300.webp",300,300,true],"medium_large":["https:\/\/vapebulkp.com\/wp-content\/uploads\/2025\/03\/Vozol-Gear-Shisha-25000-Puffs-High-Puff-Disposable-Vape-768x768.webp",768,768,true],"large":["https:\/\/vapebulkp.com\/wp-content\/uploads\/2025\/03\/Vozol-Gear-Shisha-25000-Puffs-High-Puff-Disposable-Vape.webp",800,800,false],"1536x1536":["https:\/\/vapebulkp.com\/wp-content\/uploads\/2025\/03\/Vozol-Gear-Shisha-25000-Puffs-High-Puff-Disposable-Vape.webp",800,800,false],"2048x2048":["https:\/\/vapebulkp.com\/wp-content\/uploads\/2025\/03\/Vozol-Gear-Shisha-25000-Puffs-High-Puff-Disposable-Vape.webp",800,800,false],"trp-custom-language-flag":["https:\/\/vapebulkp.com\/wp-content\/uploads\/2025\/03\/Vozol-Gear-Shisha-25000-Puffs-High-Puff-Disposable-Vape.webp",12,12,false],"woocommerce_thumbnail":["https:\/\/vapebulkp.com\/wp-content\/uploads\/2025\/03\/Vozol-Gear-Shisha-25000-Puffs-High-Puff-Disposable-Vape-300x300.webp",300,300,true],"woocommerce_single":["https:\/\/vapebulkp.com\/wp-content\/uploads\/2025\/03\/Vozol-Gear-Shisha-25000-Puffs-High-Puff-Disposable-Vape-600x600.webp",600,600,true],"woocommerce_gallery_thumbnail":["https:\/\/vapebulkp.com\/wp-content\/uploads\/2025\/03\/Vozol-Gear-Shisha-25000-Puffs-High-Puff-Disposable-Vape-100x100.webp",100,100,true],"wcpr-photo-reviews":["https:\/\/vapebulkp.com\/wp-content\/uploads\/2025\/03\/Vozol-Gear-Shisha-25000-Puffs-High-Puff-Disposable-Vape.webp",500,500,false]},"uagb_author_info":{"display_name":"Mandy vape bulk price","author_link":"https:\/\/vapebulkp.com\/da\/author\/"},"uagb_comment_info":0,"uagb_excerpt":"VOZOL Gear Shisha 25000 Puffs, Dual Mode, 5MG Nicotine, Disposable Vape, Rechargeable, Mesh Coil, 20ML E-liquid, Smooth Flavor, Long-lasting, High-Performance, Type-C Charging, Premium Design, Wholesale, Best Price, EU Market, Vape Bulk, Online Store. Pls Contact Mandy's WhatsApp For Discount Price+8618077105796 &nbsp; NOTE: Prices on our website does not include shipping costs &nbsp;","_links":{"self":[{"href":"https:\/\/vapebulkp.com\/da\/wp-json\/wp\/v2\/product\/3598","targetHints":{"allow":["GET"]}}],"collection":[{"href":"https:\/\/vapebulkp.com\/da\/wp-json\/wp\/v2\/product"}],"about":[{"href":"https:\/\/vapebulkp.com\/da\/wp-json\/wp\/v2\/types\/product"}],"replies":[{"embeddable":true,"href":"https:\/\/vapebulkp.com\/da\/wp-json\/wp\/v2\/comments?post=3598"}],"wp:featuredmedia":[{"embeddable":true,"href":"https:\/\/vapebulkp.com\/da\/wp-json\/wp\/v2\/media\/3586"}],"wp:attachment":[{"href":"https:\/\/vapebulkp.com\/da\/wp-json\/wp\/v2\/media?parent=3598"}],"wp:term":[{"taxonomy":"product_cat","embeddable":true,"href":"https:\/\/vapebulkp.com\/da\/wp-json\/wp\/v2\/product_cat?post=3598"},{"taxonomy":"product_tag","embeddable":true,"href":"https:\/\/vapebulkp.com\/da\/wp-json\/wp\/v2\/product_tag?post=3598"}],"curies":[{"name":"wp","href":"https:\/\/api.w.org\/{rel}","templated":true}]}}