{"id":3624,"date":"2025-03-28T04:29:59","date_gmt":"2025-03-28T03:29:59","guid":{"rendered":"https:\/\/vapebulkp.com\/?post_type=product&#038;p=3624"},"modified":"2025-09-17T10:39:59","modified_gmt":"2025-09-17T08:39:59","slug":"vapme-goat-40000-puffs-wholesale-disposable-vapes","status":"publish","type":"product","link":"https:\/\/vapebulkp.com\/da\/product\/vapme-goat-40000-puffs-wholesale-disposable-vapes\/","title":{"rendered":"VAPME GOAT 40000 Puffs Engangs Vapes Engros"},"content":{"rendered":"<h2>VAPME GOAT 40000 Puffs Engangs Vapes Engros<\/h2>\n<p class=\"\" data-start=\"0\" data-end=\"545\">VAPME GOAT 40000 Puffs omdefinerer engangsvaping ved at kombinere langvarig ydeevne med enest\u00e5ende smag. <strong data-start=\"114\" data-end=\"127\">Desuden<\/strong> er den konstrueret med et <strong data-start=\"153\" data-end=\"196\">850mAh batteri og en moderne Type-C-port<\/strong>, hvilket sikrer <strong data-start=\"207\" data-end=\"219\">som ikke kun<\/strong> sikrer hurtig opladning <strong data-start=\"237\" data-end=\"249\">men ogs\u00e5<\/strong> stabil str\u00f8mforsyning fra f\u00f8rste til sidste pust. <strong data-start=\"305\" data-end=\"321\">Derudover<\/strong> er den indbyggede <strong data-start=\"335\" data-end=\"348\">30mL tank<\/strong> fyldt med <strong data-start=\"364\" data-end=\"386\">premium vape juice<\/strong>, tilg\u00e6ngelig i b\u00e5de <strong data-start=\"406\" data-end=\"438\">0% og 2% nikotinstyrker<\/strong>. <strong data-start=\"440\" data-end=\"456\">Som et resultat<\/strong> im\u00f8dekommer den en bred vifte af pr\u00e6ferencer, mens den leverer <strong data-start=\"515\" data-end=\"542\">konsekvent tilfredsstillelse<\/strong>.<\/p>\n<p class=\"\" data-start=\"547\" data-end=\"1048\"><strong data-start=\"547\" data-end=\"578\">I hjertet af dens design,<\/strong> en h\u00f8jtydende <strong data-start=\"598\" data-end=\"616\">0,4\u03a9 mesh coil<\/strong> opvarmer e-v\u00e6sken j\u00e6vnt, hvilket genererer <strong data-start=\"655\" data-end=\"691\">t\u00e6tte og smagfulde dampskyer<\/strong>. <strong data-start=\"693\" data-end=\"705\" data-is-only-node=\"\">Is\u00e6r,<\/strong> denne teknologi <strong data-start=\"722\" data-end=\"734\">som ikke kun<\/strong> forbedrer den <strong data-start=\"748\" data-end=\"776\">overordnede smagsoplevelse<\/strong> <strong data-start=\"777\" data-end=\"789\">men ogs\u00e5<\/strong> underst\u00f8tter b\u00e5de <strong data-start=\"804\" data-end=\"870\">Direkte-til-Lunge (DTL) og Mund-til-Lunge (MTL) inhalationsstile<\/strong>. <strong data-start=\"872\" data-end=\"889\">Uanset om brugere<\/strong> foretr\u00e6kker <strong data-start=\"897\" data-end=\"916\">dybe lungedrag<\/strong> <strong data-start=\"917\" data-end=\"923\">or<\/strong> a <strong data-start=\"926\" data-end=\"957\">et mere kontrolleret, diskret hit<\/strong>, udstr\u00e5ler <strong data-start=\"963\" data-end=\"989\">VAPME GOAT 40000 Pust<\/strong> tilpasser <strong data-start=\"997\" data-end=\"1013\">uden besv\u00e6r<\/strong> sig til individuelle dampteknikker.<\/p>\n<p class=\"\" data-start=\"1050\" data-end=\"1590\"><strong data-start=\"1050\" data-end=\"1066\">Desuden,<\/strong> har enheden <strong data-start=\"1085\" data-end=\"1129\">et imponerende udvalg af 10 unikke smage<\/strong>, hver <strong data-start=\"1136\" data-end=\"1159\">omhyggeligt udviklet<\/strong> for at fremkalde <strong data-start=\"1169\" data-end=\"1197\" data-is-only-node=\"\">livlige smagsoplevelser<\/strong>. <strong data-start=\"1199\" data-end=\"1207\">Fra<\/strong> rige, tobaksinspirerede blandinger <strong data-start=\"1238\" data-end=\"1244\">to<\/strong> forfriskende frugtblandinger, hvert sug leverer et udbrud af autentisk smag <strong data-start=\"1320\" data-end=\"1347\">der dv\u00e6ler behageligt<\/strong> p\u00e5 ganen. <strong data-start=\"1363\" data-end=\"1413\">Med en kapacitet p\u00e5 over 40.000 sug pr. enhed,<\/strong> tilbyder denne e-cigaret <strong data-start=\"1438\" data-end=\"1462\">bem\u00e6rkelsesv\u00e6rdig holdbarhed<\/strong>, hvilket reducerer <strong data-start=\"1487\" data-end=\"1520\">behovet for udskiftninger<\/strong> <strong data-start=\"1521\" data-end=\"1539\">betydeligt, samtidig med at<\/strong> a <strong data-start=\"1542\" data-end=\"1569\">omkostningseffektiv l\u00f8sning<\/strong> til <strong data-start=\"1574\" data-end=\"1587\">daglig brug<\/strong>.<\/p>\n<p class=\"\" data-start=\"1592\" data-end=\"2020\"><strong data-start=\"1592\" data-end=\"1628\">er sikret. Optimeret til massedistribution,<\/strong> indeholder hver kasse <strong data-start=\"1648\" data-end=\"1661\">100 enheder<\/strong> med en <strong data-start=\"1669\" data-end=\"1695\">med en totalv\u00e6gt p\u00e5 13,5 kg<\/strong>, hvilket g\u00f8r den til en <strong data-start=\"1709\" data-end=\"1730\" data-is-only-node=\"\">et attraktivt valg<\/strong> for detailhandlere <strong data-start=\"1745\" data-end=\"1752\">og<\/strong> og engrosk\u00f8bere. <strong data-start=\"1771\" data-end=\"1786\">I sidste ende,<\/strong> med sit <strong data-start=\"1796\" data-end=\"1866\">innovative design, robuste ydeevne og mangfoldige smagsprofil,<\/strong> st\u00e5r <strong data-start=\"1871\" data-end=\"1897\">VAPME G\u00c5D <a href=\"https:\/\/vapebulkp.com\/da\/product-category\/40000-puffs-disposable-vape\/\">40000 sug engangs-vape<\/a><\/strong>\u00a0ud <strong data-start=\"1909\" data-end=\"1942\">som en topkvalitets engangs-vape<\/strong>, <strong data-start=\"1944\" data-end=\"1964\">perfekt egnet<\/strong> til b\u00e5de <strong data-start=\"1974\" data-end=\"2019\">personlig nydelse og kommerciel succes<\/strong>.<\/p>\n<h6>Kontakt venligst Mandys WhatsApp for rabatpris<a href=\"https:\/\/wa.me\/8618077105796\">+8618077105796<\/a><\/h6>\n<p>&nbsp;<\/p>\n<p><img decoding=\"async\" class=\"alignnone wp-image-2151\" src=\"http:\/\/vapebulkp.com\/wp-content\/uploads\/2024\/04\/Mandy-WhatsApp-Randm.jpg\" alt=\"Mandy WhatsApp Randm\" width=\"324\" height=\"330\" \/><\/p>\n<h2>VAPME GOAT 40000 Puffs Vapes Type-C Hurtig Opladning Specifikationer<\/h2>\n<ul>\n<li>\u2705 <strong data-start=\"465\" data-end=\"490\">Massive 40.000+ Pust<\/strong> \u2013 Designet til langvarig brug, hvilket g\u00f8r den til en af de l\u00e6ngstvarende engangs-vapes p\u00e5 markedet.<\/li>\n<li>\u2705 <strong data-start=\"593\" data-end=\"625\">Stor 30mL E-V\u00e6ske Kapacitet<\/strong> \u2013 Forudfyldt med e-juice af h\u00f8j kvalitet, tilg\u00e6ngelig i <strong data-start=\"685\" data-end=\"715\">0% eller 2% nikotinstyrke<\/strong>, der giver muligheder for b\u00e5de nikotin- og nikotinfri dampning.<\/li>\n<li>\u2705 <strong data-start=\"783\" data-end=\"823\">Kraftigt 850mAh Genopladeligt Batteri<\/strong> \u2013 Udstyret med en <strong data-start=\"842\" data-end=\"866\">Type-C opladningsport<\/strong> til effektiv genopladning, der sikrer konsekvent ydeevne indtil sidste pust.<\/li>\n<li>\u2705 <strong data-start=\"950\" data-end=\"988\">Avanceret 0.4\u03a9 Mesh Coil Teknologi<\/strong> \u2013 Forbedrer damp-produktion og intensiverer smagen, hvilket giver en tilfredsstillende og glat dampoplevelse.<\/li>\n<li>\u2705 <strong data-start=\"1097\" data-end=\"1134\">Alsidig DTL<\/strong> \u2013 Perfekt til dampere, der foretr\u00e6kker <strong data-start=\"1167\" data-end=\"1231\">dybe lungesug (DTL) eller begr\u00e6nsede mund-til-lunge sug (MTL)<\/strong> for en tilpasset oplevelse.<\/li>\n<li>\u2705 <strong data-start=\"1267\" data-end=\"1296\">Premium 10 smagsvarianter<\/strong> \u2013 N\u00f8je udvalgte smage, der leverer rige, dristige og forfriskende smagsprofiler, der passer til forskellige pr\u00e6ferencer.<\/li>\n<li>\u2705 <strong data-start=\"1410\" data-end=\"1442\">Engrosvenlig emballage<\/strong> \u2013 Leveres i <strong data-start=\"1454\" data-end=\"1491\">100 stykker pr. kasse (13.5kg\/kasse)<\/strong>, hvilket g\u00f8r det til et fremragende valg for stork\u00f8bere og detailhandlere.<\/li>\n<\/ul>\n<h2>VAPME GOAT 40000 Puffs Vapes Smag<\/h2>\n<p>1.Vandmelon is<br \/>\n2.Blandede b\u00e6r<br \/>\n3.Bl\u00e5b\u00e6r is<br \/>\n4.Kirseb\u00e6r is<br \/>\n5.Jordb\u00e6r vandmelon<br \/>\n6. Jordb\u00e6r is<br \/>\n7.Saftig fersken is<br \/>\n8.Bl\u00e5b\u00e6r hindb\u00e6r<br \/>\n9.Dobbelt \u00e6ble<br \/>\n10.Passionsfrugt melon is<\/p>\n<p><a href=\"https:\/\/vapebulkp.com\/da\/product\/vozol-gear-shisha-25000-puffs-dual-mode-disposable-vape-5mg-nicotine\/\"><span style=\"vertical-align: inherit\">Vozol Gear shisha 25000 sug <\/span><\/a><\/p>\n<p><span style=\"vertical-align: inherit\">Find flere produkter du m\u00e5ske kan lide:<\/span><em><a href=\"https:\/\/wa.me\/8618077105796\"><span style=\"vertical-align: inherit\">\u00a0K\u00f8b den nu<\/span><\/a><\/em><\/p>\n<p><span style=\"vertical-align: inherit\">Andre Puffs du m\u00e5ske kan lide:<\/span><a href=\"https:\/\/vapebulkp.com\/da\/product\/waspe-vape-40000-puff-fihp-double-flavour-disposable-vape\/\"><span style=\"vertical-align: inherit\">WASPE FIHP 40000 sug<\/span><\/a><span style=\"vertical-align: inherit\">\u3001<\/span><a href=\"https:\/\/vapebulkp.com\/da\/product\/wholesale-randm-tornado-9000-puffs-germany\/\"><span style=\"vertical-align: inherit\">RandM 9000 sug<\/span><\/a><span style=\"vertical-align: inherit\">\/ <\/span><a href=\"https:\/\/vapebulkp.com\/da\/fi\/product\/bang-30k-puffs-new-double-taste-good-vape\/\"><span style=\"vertical-align: inherit\">Bang Vape 30000 sug<\/span><\/a><span style=\"vertical-align: inherit\">\/ <\/span><a href=\"https:\/\/vapebulkp.com\/da\/product\/zooy-zero-45000-puffs-nicotine-salt-vape-extra-large-e-liquid-capacity\/\"><span style=\"vertical-align: inherit\">ZOOY ZERO 45000 Pust<\/span><\/a><\/p>\n<p><span style=\"vertical-align: inherit\">E-cigaret flaske med special form:<\/span><a href=\"https:\/\/vapebulkp.com\/da\/fi\/product\/bang-beach-22k-puffs-new-electronic-cigarette\/\"><span style=\"vertical-align: inherit\"> Bang Beach 22000 sug<\/span><\/a><span style=\"vertical-align: inherit\">\/ <\/span><a href=\"https:\/\/vapebulkp.com\/da\/fi\/product\/best-price-wga-crystal-pro-max-15k-puffs-original-vape\/\"><span style=\"vertical-align: inherit\">\u00a0WGA Crystal pro max 15k pust <\/span><\/a><span style=\"vertical-align: inherit\">\/<\/span><a href=\"https:\/\/vapebulkp.com\/da\/product\/zooy-firzen-35000-puffs-nicotine-ice-control-high-capacity-e-cigarette\/\"><span style=\"vertical-align: inherit\"> ZOOY 350000 sug<\/span><\/a><\/p>\n<h3 class=\"\" data-start=\"1557\" data-end=\"1601\"><strong data-start=\"1561\" data-end=\"1599\">Hvorfor v\u00e6lge VAPME GOAT 40000 sug h\u00f8jtydende engangs-vape-pen?<\/strong><\/h3>\n<p class=\"\" data-start=\"1602\" data-end=\"1987\">Designet til <strong data-start=\"1615\" data-end=\"1652\">vaping-entusiaster og virksomheder<\/strong>, er VAPME GOAT 40000 en h\u00f8jtydende engangs-e-cigaret, der prioriterer <strong data-start=\"1737\" data-end=\"1785\">smagsintensitet, lang levetid og bekvemmelighed<\/strong>. Uanset om du leder efter en vape til hverdagsbrug eller stork\u00f8b til detailhandel, tilbyder denne enhed en overlegen vaping-oplevelse med <strong data-start=\"1920\" data-end=\"1984\">bl\u00f8de hals-hits, t\u00e6t damp og konsekvent effekt<\/strong>.<\/p>\n<h3 class=\"\" data-start=\"1989\" data-end=\"2011\"><strong data-start=\"1993\" data-end=\"2009\">Perfekt til:<\/strong><\/h3>\n<ol>\n<li>Hverdags vaping<\/li>\n<li>Rejsevenlig, problemfri brug<\/li>\n<li>Nikotin og nikotinfrie vaping-pr\u00e6ferencer<\/li>\n<li>Forhandlere, der s\u00f8ger en engangs-vape med h\u00f8j eftersp\u00f8rgsel<\/li>\n<\/ol>\n<p class=\"\" data-start=\"2176\" data-end=\"2308\">For bulkordrer og engrosforesp\u00f8rgsler, bes\u00f8g <strong data-start=\"2223\" data-end=\"2240\">Vapebulkp.com<\/strong> og udforsk premium vaping-l\u00f8sninger skr\u00e6ddersyet til det danske marked.<\/p>\n<h3>Forsendelsesdetaljer:<\/h3>\n<p><span style=\"color: #ff6600\">Produktionstid: 5-10 arbejdsdage<\/span><br \/>\n<span style=\"color: #ff6600\">Leveringstid: 8-14 arbejdsdage<\/span><\/p>\n<p>Alle produkter i vores butik er 100% originale og autentiske, s\u00e5 ti gange kompensation for falske varer er vores butikspolitik. Vi bruger logistikkanaler som UPS\/DHL\/FEDEX\/DPD til at levere varer til dig.<\/p>\n<p>For pakker sendt til Danmark tager det normalt 10 arbejdsdage at ankomme. Forsendelse til europ\u00e6iske lande tager normalt 12 til 15 arbejdsdage at ankomme. Vi vil opdatere logistikinformationen for dig i realtid.<\/p>","protected":false},"excerpt":{"rendered":"<p>VAPME GOAT 40000 Puffs er en top-tier <strong data-start=\"135\" data-end=\"164\">engangs vape til engros<\/strong>, designet til detailhandlere og distribut\u00f8rer, der s\u00f8ger <strong data-start=\"214\" data-end=\"260\">vaping l\u00f8sninger med h\u00f8j eftersp\u00f8rgsel og lang holdbarhed<\/strong>. Med et <strong data-start=\"275\" data-end=\"332\">850mAh genopladeligt batteri med Type-C hurtigopladning<\/strong>, sikrer denne enhed udvidet brug med <strong data-start=\"372\" data-end=\"399\">konsekvent str\u00f8mudgang<\/strong>, hvilket g\u00f8r det til et fremragende valg for b\u00e5de afslappede og avancerede vapere.<\/p>\n<p>Kontakt venligst Mandys WhatsApp for rabatpris<a href=\"https:\/\/wa.me\/8618077105796\">+8618077105796<\/a><\/p>\n<p>&nbsp;<\/p>\n<p><img decoding=\"async\" class=\"alignnone wp-image-2151\" src=\"http:\/\/vapebulkp.com\/wp-content\/uploads\/2024\/04\/Mandy-WhatsApp-Randm.jpg\" alt=\"Mandy WhatsApp Randm\" width=\"297\" height=\"316\" srcset=\"https:\/\/vapebulkp.com\/wp-content\/uploads\/2024\/04\/Mandy-WhatsApp-Randm.jpg 916w, https:\/\/vapebulkp.com\/wp-content\/uploads\/2024\/04\/Mandy-WhatsApp-Randm-282x300.jpg 282w, https:\/\/vapebulkp.com\/wp-content\/uploads\/2024\/04\/Mandy-WhatsApp-Randm-768x817.jpg 768w, https:\/\/vapebulkp.com\/wp-content\/uploads\/2024\/04\/Mandy-WhatsApp-Randm-600x638.jpg 600w\" sizes=\"(max-width: 297px) 100vw, 297px\" \/><\/p>\n<p><span style=\"color: #ff0000\">BEM\u00c6RK: Priserne p\u00e5 vores hjemmeside inkluderer ikke forsendelsesomkostninger<\/span><\/p>\n<p>&nbsp;<\/p>","protected":false},"featured_media":3605,"comment_status":"open","ping_status":"closed","template":"","meta":{"_uag_custom_page_level_css":"","_lmt_disableupdate":"no","_lmt_disable":"","site-sidebar-layout":"default","site-content-layout":"content-boxed-container","ast-site-content-layout":"normal-width-container","site-content-style":"boxed","site-sidebar-style":"unboxed","ast-global-header-display":"","ast-banner-title-visibility":"","ast-main-header-display":"","ast-hfb-above-header-display":"","ast-hfb-below-header-display":"","ast-hfb-mobile-header-display":"","site-post-title":"","ast-breadcrumbs-content":"","ast-featured-img":"","footer-sml-layout":"","theme-transparent-header-meta":"default","adv-header-id-meta":"","stick-header-meta":"","header-above-stick-meta":"","header-main-stick-meta":"","header-below-stick-meta":"","astra-migrate-meta-layouts":"set","_joinchat":[]},"product_cat":[182,153,155,33,59,100,87,34,158,157,154,152,58,84,156,63,32,368],"product_tag":[36,37,41,40,231],"class_list":["post-3624","product","type-product","status-publish","has-post-thumbnail","hentry","product_cat-40000-puffs-disposable-vape","product_cat-hot-disposable-vapes","product_cat-belgium-hot-disposable-vapes","product_cat-france-vape-hot-sale","product_cat-germany-hot-disposable-vape","product_cat-germany-wholesale-vape-shop","product_cat-minimum-order-quantity-50pcs","product_cat-netherlands-vape-good-sale","product_cat-norway-hot-disposable-vapes","product_cat-poland-hot-disposable-vapes","product_cat-portugal-hot-disposable-vapes","product_cat-spain-hot-disposable-vapes","product_cat-sweden-hot-disposable-vape","product_cat-sweden-wholesale-vape","product_cat-switzerland-hot-disposable-vapes","product_cat-top-sale-disposable-vape","product_cat-vape-hot-sale-this-week","product_cat-vapme-vape","product_tag-good-vape","product_tag-hot-sale-disposable-vape","product_tag-poland-hot-vape","product_tag-sweden-hot-vape","product_tag-vapme-goat-40000-puffs","pa_brand-vapme-vape","desktop-align-left","tablet-align-left","mobile-align-left"],"yoast_head":"<!-- This site is optimized with the Yoast SEO plugin v21.1 - https:\/\/yoast.com\/wordpress\/plugins\/seo\/ -->\n<title>VAPME GOAT 40000 Puffs Wholesale Disposable Vapes - vapebulkp.com<\/title>\n<meta name=\"description\" content=\"Buy VAPME GOAT 40000 Puffs Disposable Vape in bulk! Featuring 850mAh rechargeable battery, 30mL e-liquid, Wholesale available at Vapebulkp.com!\" \/>\n<meta name=\"robots\" content=\"index, follow, max-snippet:-1, max-image-preview:large, max-video-preview:-1\" \/>\n<link rel=\"canonical\" href=\"https:\/\/vapebulkp.com\/da\/product\/vapme-goat-40000-puffs-wholesale-disposable-vapes\/\" \/>\n<meta property=\"og:locale\" content=\"da_DK\" \/>\n<meta property=\"og:type\" content=\"article\" \/>\n<meta property=\"og:title\" content=\"VAPME GOAT 40000 Puffs Wholesale Disposable Vapes - vapebulkp.com\" \/>\n<meta property=\"og:description\" content=\"Buy VAPME GOAT 40000 Puffs Disposable Vape in bulk! Featuring 850mAh rechargeable battery, 30mL e-liquid, Wholesale available at Vapebulkp.com!\" \/>\n<meta property=\"og:url\" content=\"https:\/\/vapebulkp.com\/da\/product\/vapme-goat-40000-puffs-wholesale-disposable-vapes\/\" \/>\n<meta property=\"og:site_name\" content=\"vapebulkp.com\" \/>\n<meta property=\"article:modified_time\" content=\"2025-09-17T08:39:59+00:00\" \/>\n<meta property=\"og:image\" content=\"http:\/\/vapebulkp.com\/wp-content\/uploads\/2025\/03\/Long-Lasting-VAPME-GOAT-40000-Puff-Vape-Pen.webp\" \/>\n\t<meta property=\"og:image:width\" content=\"800\" \/>\n\t<meta property=\"og:image:height\" content=\"800\" \/>\n\t<meta property=\"og:image:type\" content=\"image\/webp\" \/>\n<meta name=\"twitter:card\" content=\"summary_large_image\" \/>\n<meta name=\"twitter:label1\" content=\"Estimeret l\u00e6setid\" \/>\n\t<meta name=\"twitter:data1\" content=\"4 minutter\" \/>\n<script type=\"application\/ld+json\" class=\"yoast-schema-graph\">{\"@context\":\"https:\/\/schema.org\",\"@graph\":[{\"@type\":\"WebPage\",\"@id\":\"https:\/\/vapebulkp.com\/product\/vapme-goat-40000-puffs-wholesale-disposable-vapes\/\",\"url\":\"https:\/\/vapebulkp.com\/product\/vapme-goat-40000-puffs-wholesale-disposable-vapes\/\",\"name\":\"VAPME GOAT 40000 Puffs Wholesale Disposable Vapes - vapebulkp.com\",\"isPartOf\":{\"@id\":\"https:\/\/vapebulkp.com\/#website\"},\"datePublished\":\"2025-03-28T03:29:59+00:00\",\"dateModified\":\"2025-09-17T08:39:59+00:00\",\"description\":\"Buy VAPME GOAT 40000 Puffs Disposable Vape in bulk! Featuring 850mAh rechargeable battery, 30mL e-liquid, Wholesale available at Vapebulkp.com!\",\"breadcrumb\":{\"@id\":\"https:\/\/vapebulkp.com\/product\/vapme-goat-40000-puffs-wholesale-disposable-vapes\/#breadcrumb\"},\"inLanguage\":\"da-DK\",\"potentialAction\":[{\"@type\":\"ReadAction\",\"target\":[\"https:\/\/vapebulkp.com\/product\/vapme-goat-40000-puffs-wholesale-disposable-vapes\/\"]}]},{\"@type\":\"BreadcrumbList\",\"@id\":\"https:\/\/vapebulkp.com\/product\/vapme-goat-40000-puffs-wholesale-disposable-vapes\/#breadcrumb\",\"itemListElement\":[{\"@type\":\"ListItem\",\"position\":1,\"name\":\"Home\",\"item\":\"https:\/\/vapebulkp.com\/\"},{\"@type\":\"ListItem\",\"position\":2,\"name\":\"Hot Trend Vapes\",\"item\":\"https:\/\/vapebulkp.com\/vape-shop\/\"},{\"@type\":\"ListItem\",\"position\":3,\"name\":\"VAPME GOAT 40000 Puffs Wholesale Disposable Vapes\"}]},{\"@type\":\"WebSite\",\"@id\":\"https:\/\/vapebulkp.com\/#website\",\"url\":\"https:\/\/vapebulkp.com\/\",\"name\":\"vapebulkp.com\",\"description\":\"Buy Vape In Cheap Bulk Price Near you\",\"publisher\":{\"@id\":\"https:\/\/vapebulkp.com\/#organization\"},\"potentialAction\":[{\"@type\":\"SearchAction\",\"target\":{\"@type\":\"EntryPoint\",\"urlTemplate\":\"https:\/\/vapebulkp.com\/?s={search_term_string}\"},\"query-input\":\"required name=search_term_string\"}],\"inLanguage\":\"da-DK\"},{\"@type\":\"Organization\",\"@id\":\"https:\/\/vapebulkp.com\/#organization\",\"name\":\"vapebulkp.com\",\"url\":\"https:\/\/vapebulkp.com\/\",\"logo\":{\"@type\":\"ImageObject\",\"inLanguage\":\"da-DK\",\"@id\":\"https:\/\/vapebulkp.com\/#\/schema\/logo\/image\/\",\"url\":\"https:\/\/vapebulkp.com\/wp-content\/uploads\/2023\/09\/cropped-vapebulkp.png\",\"contentUrl\":\"https:\/\/vapebulkp.com\/wp-content\/uploads\/2023\/09\/cropped-vapebulkp.png\",\"width\":516,\"height\":163,\"caption\":\"vapebulkp.com\"},\"image\":{\"@id\":\"https:\/\/vapebulkp.com\/#\/schema\/logo\/image\/\"}}]}<\/script>\n<!-- \/ Yoast SEO plugin. -->","yoast_head_json":{"title":"VAPME GOAT 40000 Puffs Wholesale Disposable Vapes - vapebulkp.com","description":"Buy VAPME GOAT 40000 Puffs Disposable Vape in bulk! Featuring 850mAh rechargeable battery, 30mL e-liquid, Wholesale available at Vapebulkp.com!","robots":{"index":"index","follow":"follow","max-snippet":"max-snippet:-1","max-image-preview":"max-image-preview:large","max-video-preview":"max-video-preview:-1"},"canonical":"https:\/\/vapebulkp.com\/da\/product\/vapme-goat-40000-puffs-wholesale-disposable-vapes\/","og_locale":"da_DK","og_type":"article","og_title":"VAPME GOAT 40000 Puffs Wholesale Disposable Vapes - vapebulkp.com","og_description":"Buy VAPME GOAT 40000 Puffs Disposable Vape in bulk! Featuring 850mAh rechargeable battery, 30mL e-liquid, Wholesale available at Vapebulkp.com!","og_url":"https:\/\/vapebulkp.com\/da\/product\/vapme-goat-40000-puffs-wholesale-disposable-vapes\/","og_site_name":"vapebulkp.com","article_modified_time":"2025-09-17T08:39:59+00:00","og_image":[{"width":800,"height":800,"url":"http:\/\/vapebulkp.com\/wp-content\/uploads\/2025\/03\/Long-Lasting-VAPME-GOAT-40000-Puff-Vape-Pen.webp","type":"image\/webp"}],"twitter_card":"summary_large_image","twitter_misc":{"Estimeret l\u00e6setid":"4 minutter"},"schema":{"@context":"https:\/\/schema.org","@graph":[{"@type":"WebPage","@id":"https:\/\/vapebulkp.com\/product\/vapme-goat-40000-puffs-wholesale-disposable-vapes\/","url":"https:\/\/vapebulkp.com\/product\/vapme-goat-40000-puffs-wholesale-disposable-vapes\/","name":"VAPME GOAT 40000 Puffs Wholesale Disposable Vapes - vapebulkp.com","isPartOf":{"@id":"https:\/\/vapebulkp.com\/#website"},"datePublished":"2025-03-28T03:29:59+00:00","dateModified":"2025-09-17T08:39:59+00:00","description":"Buy VAPME GOAT 40000 Puffs Disposable Vape in bulk! Featuring 850mAh rechargeable battery, 30mL e-liquid, Wholesale available at Vapebulkp.com!","breadcrumb":{"@id":"https:\/\/vapebulkp.com\/product\/vapme-goat-40000-puffs-wholesale-disposable-vapes\/#breadcrumb"},"inLanguage":"da-DK","potentialAction":[{"@type":"ReadAction","target":["https:\/\/vapebulkp.com\/product\/vapme-goat-40000-puffs-wholesale-disposable-vapes\/"]}]},{"@type":"BreadcrumbList","@id":"https:\/\/vapebulkp.com\/product\/vapme-goat-40000-puffs-wholesale-disposable-vapes\/#breadcrumb","itemListElement":[{"@type":"ListItem","position":1,"name":"Home","item":"https:\/\/vapebulkp.com\/"},{"@type":"ListItem","position":2,"name":"Hot Trend Vapes","item":"https:\/\/vapebulkp.com\/vape-shop\/"},{"@type":"ListItem","position":3,"name":"VAPME GOAT 40000 Puffs Wholesale Disposable Vapes"}]},{"@type":"WebSite","@id":"https:\/\/vapebulkp.com\/#website","url":"https:\/\/vapebulkp.com\/","name":"vapebulkp.com","description":"Buy Vape In Cheap Bulk Price Near you","publisher":{"@id":"https:\/\/vapebulkp.com\/#organization"},"potentialAction":[{"@type":"SearchAction","target":{"@type":"EntryPoint","urlTemplate":"https:\/\/vapebulkp.com\/?s={search_term_string}"},"query-input":"required name=search_term_string"}],"inLanguage":"da-DK"},{"@type":"Organization","@id":"https:\/\/vapebulkp.com\/#organization","name":"vapebulkp.com","url":"https:\/\/vapebulkp.com\/","logo":{"@type":"ImageObject","inLanguage":"da-DK","@id":"https:\/\/vapebulkp.com\/#\/schema\/logo\/image\/","url":"https:\/\/vapebulkp.com\/wp-content\/uploads\/2023\/09\/cropped-vapebulkp.png","contentUrl":"https:\/\/vapebulkp.com\/wp-content\/uploads\/2023\/09\/cropped-vapebulkp.png","width":516,"height":163,"caption":"vapebulkp.com"},"image":{"@id":"https:\/\/vapebulkp.com\/#\/schema\/logo\/image\/"}}]}},"uagb_featured_image_src":{"full":["https:\/\/vapebulkp.com\/wp-content\/uploads\/2025\/03\/Long-Lasting-VAPME-GOAT-40000-Puff-Vape-Pen.webp",800,800,false],"thumbnail":["https:\/\/vapebulkp.com\/wp-content\/uploads\/2025\/03\/Long-Lasting-VAPME-GOAT-40000-Puff-Vape-Pen-150x150.webp",150,150,true],"medium":["https:\/\/vapebulkp.com\/wp-content\/uploads\/2025\/03\/Long-Lasting-VAPME-GOAT-40000-Puff-Vape-Pen-300x300.webp",300,300,true],"medium_large":["https:\/\/vapebulkp.com\/wp-content\/uploads\/2025\/03\/Long-Lasting-VAPME-GOAT-40000-Puff-Vape-Pen-768x768.webp",768,768,true],"large":["https:\/\/vapebulkp.com\/wp-content\/uploads\/2025\/03\/Long-Lasting-VAPME-GOAT-40000-Puff-Vape-Pen.webp",800,800,false],"1536x1536":["https:\/\/vapebulkp.com\/wp-content\/uploads\/2025\/03\/Long-Lasting-VAPME-GOAT-40000-Puff-Vape-Pen.webp",800,800,false],"2048x2048":["https:\/\/vapebulkp.com\/wp-content\/uploads\/2025\/03\/Long-Lasting-VAPME-GOAT-40000-Puff-Vape-Pen.webp",800,800,false],"trp-custom-language-flag":["https:\/\/vapebulkp.com\/wp-content\/uploads\/2025\/03\/Long-Lasting-VAPME-GOAT-40000-Puff-Vape-Pen.webp",12,12,false],"woocommerce_thumbnail":["https:\/\/vapebulkp.com\/wp-content\/uploads\/2025\/03\/Long-Lasting-VAPME-GOAT-40000-Puff-Vape-Pen-300x300.webp",300,300,true],"woocommerce_single":["https:\/\/vapebulkp.com\/wp-content\/uploads\/2025\/03\/Long-Lasting-VAPME-GOAT-40000-Puff-Vape-Pen-600x600.webp",600,600,true],"woocommerce_gallery_thumbnail":["https:\/\/vapebulkp.com\/wp-content\/uploads\/2025\/03\/Long-Lasting-VAPME-GOAT-40000-Puff-Vape-Pen-100x100.webp",100,100,true],"wcpr-photo-reviews":["https:\/\/vapebulkp.com\/wp-content\/uploads\/2025\/03\/Long-Lasting-VAPME-GOAT-40000-Puff-Vape-Pen.webp",500,500,false]},"uagb_author_info":{"display_name":"Mandy vape bulk price","author_link":"https:\/\/vapebulkp.com\/da\/author\/"},"uagb_comment_info":0,"uagb_excerpt":"VAPME GOAT 40000 Puffs is a top-tier wholesale disposable vape, designed for retailers and distributors seeking high-demand, long-lasting vaping solutions. Featuring an 850mAh rechargeable battery with Type-C fast charging, this device ensures extended use with consistent power output, making it a standout choice for both casual and advanced vapers. Pls Contact Mandy's WhatsApp For Discount&hellip;","_links":{"self":[{"href":"https:\/\/vapebulkp.com\/da\/wp-json\/wp\/v2\/product\/3624","targetHints":{"allow":["GET"]}}],"collection":[{"href":"https:\/\/vapebulkp.com\/da\/wp-json\/wp\/v2\/product"}],"about":[{"href":"https:\/\/vapebulkp.com\/da\/wp-json\/wp\/v2\/types\/product"}],"replies":[{"embeddable":true,"href":"https:\/\/vapebulkp.com\/da\/wp-json\/wp\/v2\/comments?post=3624"}],"wp:featuredmedia":[{"embeddable":true,"href":"https:\/\/vapebulkp.com\/da\/wp-json\/wp\/v2\/media\/3605"}],"wp:attachment":[{"href":"https:\/\/vapebulkp.com\/da\/wp-json\/wp\/v2\/media?parent=3624"}],"wp:term":[{"taxonomy":"product_cat","embeddable":true,"href":"https:\/\/vapebulkp.com\/da\/wp-json\/wp\/v2\/product_cat?post=3624"},{"taxonomy":"product_tag","embeddable":true,"href":"https:\/\/vapebulkp.com\/da\/wp-json\/wp\/v2\/product_tag?post=3624"}],"curies":[{"name":"wp","href":"https:\/\/api.w.org\/{rel}","templated":true}]}}