{"id":3759,"date":"2025-05-13T05:18:40","date_gmt":"2025-05-13T03:18:40","guid":{"rendered":"https:\/\/vapebulkp.com\/?post_type=product&#038;p=3759"},"modified":"2025-09-04T05:39:36","modified_gmt":"2025-09-04T03:39:36","slug":"solaris-25000-puffs-disposable-vape-wholesale-price","status":"publish","type":"product","link":"https:\/\/vapebulkp.com\/da\/product\/solaris-25000-puffs-disposable-vape-wholesale-price\/","title":{"rendered":"SOLARIS 25000 Pust Engangs Vape Engrospris"},"content":{"rendered":"<h2 style=\"text-align: left\">SOLARIS 25000 Pust Engangs Vape Engrospris<\/h2>\n<p data-start=\"159\" data-end=\"441\">Den <strong data-start=\"163\" data-end=\"202\">SOLARIS <a href=\"https:\/\/vapebulkp.com\/da\/product-category\/25000-puffs-disposable-vape\/\">25000 Pust Genopladelig Engangs E-cigaret<\/a><\/strong> er en premium <strong data-start=\"216\" data-end=\"238\">vape med h\u00f8j kapacitet<\/strong> bygget til europ\u00e6iske brugere, der \u00f8nsker langvarig ydeevne og overlegen smag. Hver enhed er forudfyldt med 18 ml <strong data-start=\"361\" data-end=\"381\">premium e-v\u00e6ske<\/strong>, der leverer j\u00e6vn, ensartet damp over 25.000 sug.<\/p>\n<p data-start=\"443\" data-end=\"731\">Designet som en <strong data-start=\"457\" data-end=\"489\">genopladelig engangs vape<\/strong>, den har et 650 mAh batteri med Type-C hurtigopladning, der sikrer uafbrudt vaping hele dagen. F\u00e5s i 2% og 5% nikotin, denne <strong data-start=\"635\" data-end=\"657\">nikotinsalt vape<\/strong> tilfredsstiller b\u00e5de moderate og st\u00e6rke pr\u00e6ferencer med ren, fed smag.<\/p>\n<p data-start=\"733\" data-end=\"1058\">Kompakt og ergonomisk (88x52x28mm), <strong data-start=\"773\" data-end=\"797\">lommevenlig vape<\/strong> passer let i din h\u00e5nd eller taske, hvilket g\u00f8r den ideel til daglig brug, rejser eller sociale lejligheder. Perfekt til engros, denne <strong data-start=\"919\" data-end=\"941\">bulk vaping enhed<\/strong> giver forhandlere et p\u00e5lideligt produkt med h\u00f8j eftersp\u00f8rgsel, der kombinerer bekvemmelighed, stil og forl\u00e6nget antal sug.<\/p>\n<h6>Kontakt venligst Mandys WhatsApp for rabatpris<a href=\"https:\/\/wa.me\/8618077105796\">+8618077105796<\/a><\/h6>\n<p><img decoding=\"async\" class=\"alignnone wp-image-2151\" src=\"http:\/\/vapebulkp.com\/wp-content\/uploads\/2024\/04\/Mandy-WhatsApp-Randm.jpg\" alt=\"Mandy WhatsApp Randm\" width=\"324\" height=\"330\" \/><\/p>\n<div class=\"flex max-w-full flex-col flex-grow\">\n<div class=\"min-h-8 text-message flex w-full flex-col items-end gap-2 whitespace-normal break-words text-start [.text-message+&amp;]:mt-5\" dir=\"auto\" data-message-author-role=\"assistant\" data-message-id=\"d24cf626-c018-4805-80f5-44de047f2ba0\" data-message-model-slug=\"gpt-4o\">\n<div class=\"flex w-full flex-col gap-1 empty:hidden first:pt-[3px]\">\n<div class=\"markdown prose w-full break-words dark:prose-invert light\">\n<h2>Hvorfor k\u00f8be SOLARIS 25000 Puffs hos <a href=\"https:\/\/vapebulkp.com\/da\/vape-shop\/\">Vapebulkp.com<\/a>?<\/h2>\n<p class=\"\" data-start=\"1686\" data-end=\"1863\">Valg af <strong data-start=\"183\" data-end=\"200\">Vapebulkp.com<\/strong> til dit SOLARIS 25000 Puffs Disposable Vape-k\u00f8b sikrer, at du f\u00e5r <strong data-start=\"271\" data-end=\"325\">autentiske produkter til konkurrencedygtige engrospriser<\/strong>. Som en betroet vapedistribut\u00f8r i Danmark leverer Vapebulkp.com <strong data-start=\"391\" data-end=\"408\">hurtig forsendelse<\/strong>, <strong data-start=\"410\" data-end=\"434\">rabatter ved store ordrer<\/strong>, og <strong data-start=\"440\" data-end=\"471\">p\u00e5lidelig lagerbeholdning<\/strong> til produkter med h\u00f8j eftersp\u00f8rgsel som SOLARIS. Hver enhed tilbyder op til <strong data-start=\"536\" data-end=\"551\">25.000 pust<\/strong>, 18 ml premium e-v\u00e6ske og et 650mAh genopladeligt batteri med Type-C opladning, hvilket g\u00f8r den ideel til b\u00e5de detailforhandlere og store distribut\u00f8rer. Med fuld support til <strong data-start=\"729\" data-end=\"749\">Europ\u00e6iske markeder<\/strong>inklusive TPD-kompatible muligheder, er Vapebulkp.com din one-stop platform til at skaffe h\u00f8jkapacitets engangs-vapes med tillid og bekvemmelighed.<\/p>\n<\/div>\n<\/div>\n<\/div>\n<\/div>\n<h2>SOLARIS 25k Puffs Nikotinsalt E-Cigaret N\u00f8glespecifikationer:<\/h2>\n<ul>\n<li class=\"\" data-start=\"597\" data-end=\"693\">\n<p class=\"\" data-start=\"599\" data-end=\"693\"><strong data-start=\"599\" data-end=\"617\">Puffkapacitet:<\/strong> Op til <strong data-start=\"624\" data-end=\"640\">25.000 sug<\/strong> \u2013 ultra-langtidsholdbar for tunge og regelm\u00e6ssige dampere.<\/p>\n<\/li>\n<li class=\"\" data-start=\"694\" data-end=\"783\">\n<p class=\"\" data-start=\"696\" data-end=\"783\"><strong data-start=\"696\" data-end=\"716\">E-v\u00e6ske Volumen:<\/strong> Forudfyldt med <strong data-start=\"733\" data-end=\"741\">18 ml<\/strong> h\u00f8jkvalitets nikotinsalt e-v\u00e6ske.<\/p>\n<\/li>\n<li class=\"\" data-start=\"784\" data-end=\"877\">\n<p class=\"\" data-start=\"786\" data-end=\"877\"><strong data-start=\"786\" data-end=\"807\">Batterikapacitet:<\/strong> Indbygget <strong data-start=\"817\" data-end=\"848\">650mAh genopladeligt batteri<\/strong> sikrer lang batterilevetid.<\/p>\n<\/li>\n<li class=\"\" data-start=\"878\" data-end=\"955\">\n<p class=\"\" data-start=\"880\" data-end=\"955\"><strong data-start=\"880\" data-end=\"898\">Opladningsport:<\/strong> <strong data-start=\"899\" data-end=\"923\">Type-C hurtig opladning<\/strong> for effektiv str\u00f8mforsyning.<\/p>\n<\/li>\n<li class=\"\" data-start=\"956\" data-end=\"1055\">\n<p class=\"\" data-start=\"958\" data-end=\"1055\"><strong data-start=\"958\" data-end=\"980\">Nikotinstyrke:<\/strong> Tilg\u00e6ngelig i b\u00e5de <strong data-start=\"999\" data-end=\"1012\">2% (20mg)<\/strong> og <strong data-start=\"1017\" data-end=\"1030\">5% (50mg)<\/strong> nikotinsalt muligheder.<\/p>\n<\/li>\n<li class=\"\" data-start=\"1056\" data-end=\"1165\">\n<p class=\"\" data-start=\"1058\" data-end=\"1165\"><strong data-start=\"1058\" data-end=\"1075\">Kompakt St\u00f8rrelse:<\/strong> Elegant og ergonomisk design, der m\u00e5ler <strong data-start=\"1111\" data-end=\"1133\">88 mm x 52 mm x 28 mm<\/strong> \u2013 b\u00e6rbar og nem at have med.<\/p>\n<\/li>\n<li class=\"\" data-start=\"1166\" data-end=\"1246\">\n<p class=\"\" data-start=\"1168\" data-end=\"1246\"><strong data-start=\"1168\" data-end=\"1183\">Anvendelsestype:<\/strong> Engangsdesign, der ikke kr\u00e6ver vedligeholdelse eller genopfyldning.<\/p>\n<\/li>\n<li class=\"\" data-start=\"1247\" data-end=\"1338\">\n<p class=\"\" data-start=\"1249\" data-end=\"1338\"><strong data-start=\"1249\" data-end=\"1276\">Tilg\u00e6ngelighed ved engros:<\/strong> Tilbydes til <strong data-start=\"1288\" data-end=\"1321\">konkurrencedygtige engrospriser<\/strong> for store ordrer.<\/p>\n<\/li>\n<\/ul>\n<h2><strong>SOLARIS 25000 Puffs VAPE Box Smagsliste<\/strong><\/h2>\n<p class=\"selectable-text copyable-text x15bjb6t x1n2onr6\" dir=\"ltr\">1. Banan Kokos<br \/>\n2. Drue Razz<br \/>\n3. Mango Colada<br \/>\n4. Miami MMint<br \/>\n5. Blandede B\u00e6r<br \/>\n6. Fersken B\u00e6r<br \/>\n7. Jordb\u00e6r Banan<br \/>\n8. Jordb\u00e6r Kiwi<br \/>\n9. Tropisk Regnbue Eksplosion<br \/>\n10. Vandmelon Chill<\/p>\n<p><span style=\"vertical-align: inherit\">Find flere produkter du m\u00e5ske kan lide:<\/span><em><a href=\"https:\/\/wa.me\/8618077105796\"><span style=\"vertical-align: inherit\">\u00a0K\u00f8b den nu<\/span><\/a><\/em><\/p>\n<p><span style=\"vertical-align: inherit\">Andre Puffs du m\u00e5ske kan lide:<\/span><a href=\"https:\/\/vapebulkp.com\/da\/product\/vopk-60000-puffs-top-sale-disposable-vape-pen\/\"><span style=\"vertical-align: inherit\">VOPK 60000 sug<\/span><\/a><span style=\"vertical-align: inherit\">\u3001<\/span><a href=\"https:\/\/vapebulkp.com\/da\/product\/fumot-tornado-25k-puffs-cheap-price-disposable-vape\/\"><span style=\"vertical-align: inherit\">Fumot Vape Tornado 25000 Pust<\/span><\/a><span style=\"vertical-align: inherit\">\/ <\/span><a href=\"https:\/\/vapebulkp.com\/da\/product\/waspe-3in1-60000-puffs-disposable-vape-high-capacity\/\"><span style=\"vertical-align: inherit\">WASPE 3 i 1 60000 sug<\/span><\/a><span style=\"vertical-align: inherit\">\/ <\/span><a href=\"https:\/\/vapebulkp.com\/da\/product\/vozol-gear-shisha-25000-puffs-dual-mode-disposable-vape-5mg-nicotine\/\"><span style=\"vertical-align: inherit\">Vozol Vape SHISHA 25000 Pust<\/span><\/a><\/p>\n<h3 class=\"\" data-start=\"62\" data-end=\"118\"><strong data-start=\"66\" data-end=\"118\">SOLARIS 25000 Pust Vape Enhed Engros FAQ<\/strong><\/h3>\n<p class=\"\" data-start=\"150\" data-end=\"268\"><strong data-start=\"150\" data-end=\"223\">Q: Hvad er den mindste ordrem\u00e6ngde MOQ for SOLARIS Puff 25k Vape<\/strong><br data-start=\"223\" data-end=\"226\" \/>A: Minimumsordren er 200 stykker pr. smag<\/p>\n<p class=\"\" data-start=\"270\" data-end=\"398\"><strong data-start=\"270\" data-end=\"326\">Q: Hvor lang tid tager leveringen, efter jeg har afgivet en ordre<\/strong><br data-start=\"326\" data-end=\"329\" \/>A: Levering tager normalt 10 til 15 dage efter afsendelse<\/p>\n<p class=\"\" data-start=\"400\" data-end=\"563\"><strong data-start=\"400\" data-end=\"433\">Q: Hvor meget koster forsendelsen<\/strong><br data-start=\"433\" data-end=\"436\" \/>A: Forsendelsesomkostningerne afh\u00e6nger af den samlede v\u00e6gt af din ordre. Kontakt os for et n\u00f8jagtigt forsendelsestilbud baseret p\u00e5 din m\u00e6ngde<\/p>\n<p class=\"\" data-start=\"565\" data-end=\"859\"><strong data-start=\"565\" data-end=\"596\">Q: Sender I til mit land<\/strong><br data-start=\"596\" data-end=\"599\" \/>A: Ja, vi sender til de fleste europ\u00e6iske lande, herunder Holland, Tyskland, Frankrig, Spanien, Italien, Belgien, Luxembourg, \u00d8strig, Tjekkiet, Slovakiet, Ungarn, Slovenien, Rum\u00e6nien, Bulgarien, Gr\u00e6kenland, Polen, Sverige, Irland, Portugal, Finland, Estland, Letland og Litauen blandt andre<\/p>\n<p class=\"\" data-start=\"861\" data-end=\"1015\"><strong data-start=\"861\" data-end=\"907\">Q: Kan jeg f\u00e5 en bedre pris, hvis jeg bestiller mere?<\/strong><br data-start=\"907\" data-end=\"910\" \/>A: Ja, ordrer p\u00e5 1000 styk eller mere er berettiget til rabatpriser. Kontakt os for at f\u00e5 engrospriser<\/p>\n<p class=\"\" data-start=\"1017\" data-end=\"1185\"><strong data-start=\"1017\" data-end=\"1070\">Q: Vil jeg modtage et trackingnummer efter afsendelse?<\/strong><br data-start=\"1070\" data-end=\"1073\" \/>A: Ja, n\u00e5r din ordre er afsendt, vil vi give et trackingnummer og et trackinglink, s\u00e5 du kan overv\u00e5ge din levering<\/p>\n<p class=\"\" data-start=\"1187\" data-end=\"1399\"><strong data-start=\"1187\" data-end=\"1229\">Q: Er der en retur- eller garantipolitik?<\/strong><br data-start=\"1229\" data-end=\"1232\" \/>A: Vi accepterer ikke returneringer eller refunderinger for ikke-kvalitetsrelaterede problemer. For kvalitetsrelaterede problemer bedes du freml\u00e6gge video- eller fotobevis, og vores team vil hj\u00e6lpe dig i overensstemmelse hermed<\/p>\n<h3>Forsendelsesdetaljer:<\/h3>\n<p><span style=\"color: #ff6600\">Produktionstid: 5-10 arbejdsdage<\/span><br \/>\n<span style=\"color: #ff6600\">Leveringstid: 8-14 arbejdsdage<\/span><\/p>\n<p>Alle produkter i vores butik er 100% originale og autentiske, s\u00e5 ti gange kompensation for falske varer er vores butikspolitik. Vi bruger logistikkanaler som UPS\/DHL\/FEDEX\/DPD til at levere varer til dig.<\/p>\n<p>For pakker sendt til Danmark tager det normalt 10 arbejdsdage at ankomme. Forsendelse til europ\u00e6iske lande tager normalt 12 til 15 arbejdsdage at ankomme. Vi vil opdatere logistikinformationen for dig i realtid.<\/p>","protected":false},"excerpt":{"rendered":"<p class=\"\" data-start=\"121\" data-end=\"211\">Bestil SOLARIS 25000 Puffs Vape hos Vapebulkp.com \u2013 op til 25000 sug, 18 ml e-v\u00e6ske, 650 mAh batteri, hurtig Type-C opladning.<\/p>\n<p>Kontakt venligst Mandys WhatsApp for rabatpris<a href=\"https:\/\/wa.me\/8618077105796\">+8618077105796<\/a><\/p>\n<p><img decoding=\"async\" class=\"alignnone wp-image-2151\" src=\"http:\/\/vapebulkp.com\/wp-content\/uploads\/2024\/04\/Mandy-WhatsApp-Randm.jpg\" alt=\"Mandy WhatsApp Randm\" width=\"297\" height=\"316\" srcset=\"https:\/\/vapebulkp.com\/wp-content\/uploads\/2024\/04\/Mandy-WhatsApp-Randm.jpg 916w, https:\/\/vapebulkp.com\/wp-content\/uploads\/2024\/04\/Mandy-WhatsApp-Randm-282x300.jpg 282w, https:\/\/vapebulkp.com\/wp-content\/uploads\/2024\/04\/Mandy-WhatsApp-Randm-768x817.jpg 768w, https:\/\/vapebulkp.com\/wp-content\/uploads\/2024\/04\/Mandy-WhatsApp-Randm-600x638.jpg 600w\" sizes=\"(max-width: 297px) 100vw, 297px\" \/><\/p>\n<p><span style=\"color: #ff0000\">BEM\u00c6RK: Priserne p\u00e5 vores hjemmeside inkluderer ikke forsendelsesomkostninger<\/span><\/p>\n<p>&nbsp;<\/p>","protected":false},"featured_media":3753,"comment_status":"open","ping_status":"closed","template":"","meta":{"_uag_custom_page_level_css":"","_lmt_disableupdate":"no","_lmt_disable":"","site-sidebar-layout":"default","site-content-layout":"content-boxed-container","ast-site-content-layout":"normal-width-container","site-content-style":"boxed","site-sidebar-style":"unboxed","ast-global-header-display":"","ast-banner-title-visibility":"","ast-main-header-display":"","ast-hfb-above-header-display":"","ast-hfb-below-header-display":"","ast-hfb-mobile-header-display":"","site-post-title":"","ast-breadcrumbs-content":"","ast-featured-img":"","footer-sml-layout":"","theme-transparent-header-meta":"default","adv-header-id-meta":"","stick-header-meta":"","header-above-stick-meta":"","header-main-stick-meta":"","header-below-stick-meta":"","astra-migrate-meta-layouts":"set","_joinchat":[]},"product_cat":[161,153,155,33,59,100,34,158,157,154,152,58,84,156,63,32],"product_tag":[36,37,41,246,40],"class_list":["post-3759","product","type-product","status-publish","has-post-thumbnail","hentry","product_cat-25000-puffs-disposable-vape","product_cat-hot-disposable-vapes","product_cat-belgium-hot-disposable-vapes","product_cat-france-vape-hot-sale","product_cat-germany-hot-disposable-vape","product_cat-germany-wholesale-vape-shop","product_cat-netherlands-vape-good-sale","product_cat-norway-hot-disposable-vapes","product_cat-poland-hot-disposable-vapes","product_cat-portugal-hot-disposable-vapes","product_cat-spain-hot-disposable-vapes","product_cat-sweden-hot-disposable-vape","product_cat-sweden-wholesale-vape","product_cat-switzerland-hot-disposable-vapes","product_cat-top-sale-disposable-vape","product_cat-vape-hot-sale-this-week","product_tag-good-vape","product_tag-hot-sale-disposable-vape","product_tag-poland-hot-vape","product_tag-solaris-25000-puffs","product_tag-sweden-hot-vape","desktop-align-left","tablet-align-left","mobile-align-left"],"yoast_head":"<!-- This site is optimized with the Yoast SEO plugin v21.1 - https:\/\/yoast.com\/wordpress\/plugins\/seo\/ -->\n<title>SOLARIS 25000 Puffs Disposable Vape Wholesale Price - vapebulkp.com<\/title>\n<meta name=\"description\" content=\"Buy SOLARIS 25000 Puffs Disposable Vape at Vapebulkp.com \u2013 up to 25000 puffs, 18ml e-liquid, 650mAh battery, Type-C charging. Wholesale prices, fast EU shipping, 2% &amp; 5% nicotine options.\" \/>\n<meta name=\"robots\" content=\"index, follow, max-snippet:-1, max-image-preview:large, max-video-preview:-1\" \/>\n<link rel=\"canonical\" href=\"https:\/\/vapebulkp.com\/da\/product\/solaris-25000-puffs-disposable-vape-wholesale-price\/\" \/>\n<meta property=\"og:locale\" content=\"da_DK\" \/>\n<meta property=\"og:type\" content=\"article\" \/>\n<meta property=\"og:title\" content=\"SOLARIS 25000 Puffs Disposable Vape Wholesale Price - vapebulkp.com\" \/>\n<meta property=\"og:description\" content=\"Buy SOLARIS 25000 Puffs Disposable Vape at Vapebulkp.com \u2013 up to 25000 puffs, 18ml e-liquid, 650mAh battery, Type-C charging. Wholesale prices, fast EU shipping, 2% &amp; 5% nicotine options.\" \/>\n<meta property=\"og:url\" content=\"https:\/\/vapebulkp.com\/da\/product\/solaris-25000-puffs-disposable-vape-wholesale-price\/\" \/>\n<meta property=\"og:site_name\" content=\"vapebulkp.com\" \/>\n<meta property=\"article:modified_time\" content=\"2025-09-04T03:39:36+00:00\" \/>\n<meta property=\"og:image\" content=\"http:\/\/vapebulkp.com\/wp-content\/uploads\/2025\/05\/Buy-SOLARIS-25000-Puff-Vape-at-Wholesale-Price.webp\" \/>\n\t<meta property=\"og:image:width\" content=\"800\" \/>\n\t<meta property=\"og:image:height\" content=\"800\" \/>\n\t<meta property=\"og:image:type\" content=\"image\/webp\" \/>\n<meta name=\"twitter:card\" content=\"summary_large_image\" \/>\n<meta name=\"twitter:label1\" content=\"Estimeret l\u00e6setid\" \/>\n\t<meta name=\"twitter:data1\" content=\"4 minutter\" \/>\n<script type=\"application\/ld+json\" class=\"yoast-schema-graph\">{\"@context\":\"https:\/\/schema.org\",\"@graph\":[{\"@type\":\"WebPage\",\"@id\":\"https:\/\/vapebulkp.com\/product\/solaris-25000-puffs-disposable-vape-wholesale-price\/\",\"url\":\"https:\/\/vapebulkp.com\/product\/solaris-25000-puffs-disposable-vape-wholesale-price\/\",\"name\":\"SOLARIS 25000 Puffs Disposable Vape Wholesale Price - vapebulkp.com\",\"isPartOf\":{\"@id\":\"https:\/\/vapebulkp.com\/#website\"},\"datePublished\":\"2025-05-13T03:18:40+00:00\",\"dateModified\":\"2025-09-04T03:39:36+00:00\",\"description\":\"Buy SOLARIS 25000 Puffs Disposable Vape at Vapebulkp.com \u2013 up to 25000 puffs, 18ml e-liquid, 650mAh battery, Type-C charging. Wholesale prices, fast EU shipping, 2% & 5% nicotine options.\",\"breadcrumb\":{\"@id\":\"https:\/\/vapebulkp.com\/product\/solaris-25000-puffs-disposable-vape-wholesale-price\/#breadcrumb\"},\"inLanguage\":\"da-DK\",\"potentialAction\":[{\"@type\":\"ReadAction\",\"target\":[\"https:\/\/vapebulkp.com\/product\/solaris-25000-puffs-disposable-vape-wholesale-price\/\"]}]},{\"@type\":\"BreadcrumbList\",\"@id\":\"https:\/\/vapebulkp.com\/product\/solaris-25000-puffs-disposable-vape-wholesale-price\/#breadcrumb\",\"itemListElement\":[{\"@type\":\"ListItem\",\"position\":1,\"name\":\"Home\",\"item\":\"https:\/\/vapebulkp.com\/\"},{\"@type\":\"ListItem\",\"position\":2,\"name\":\"Hot Trend Vapes\",\"item\":\"https:\/\/vapebulkp.com\/vape-shop\/\"},{\"@type\":\"ListItem\",\"position\":3,\"name\":\"SOLARIS 25000 Puffs Disposable Vape Wholesale Price\"}]},{\"@type\":\"WebSite\",\"@id\":\"https:\/\/vapebulkp.com\/#website\",\"url\":\"https:\/\/vapebulkp.com\/\",\"name\":\"vapebulkp.com\",\"description\":\"Buy Vape In Cheap Bulk Price Near you\",\"publisher\":{\"@id\":\"https:\/\/vapebulkp.com\/#organization\"},\"potentialAction\":[{\"@type\":\"SearchAction\",\"target\":{\"@type\":\"EntryPoint\",\"urlTemplate\":\"https:\/\/vapebulkp.com\/?s={search_term_string}\"},\"query-input\":\"required name=search_term_string\"}],\"inLanguage\":\"da-DK\"},{\"@type\":\"Organization\",\"@id\":\"https:\/\/vapebulkp.com\/#organization\",\"name\":\"vapebulkp.com\",\"url\":\"https:\/\/vapebulkp.com\/\",\"logo\":{\"@type\":\"ImageObject\",\"inLanguage\":\"da-DK\",\"@id\":\"https:\/\/vapebulkp.com\/#\/schema\/logo\/image\/\",\"url\":\"https:\/\/vapebulkp.com\/wp-content\/uploads\/2023\/09\/cropped-vapebulkp.png\",\"contentUrl\":\"https:\/\/vapebulkp.com\/wp-content\/uploads\/2023\/09\/cropped-vapebulkp.png\",\"width\":516,\"height\":163,\"caption\":\"vapebulkp.com\"},\"image\":{\"@id\":\"https:\/\/vapebulkp.com\/#\/schema\/logo\/image\/\"}}]}<\/script>\n<!-- \/ Yoast SEO plugin. -->","yoast_head_json":{"title":"SOLARIS 25000 Puffs Disposable Vape Wholesale Price - vapebulkp.com","description":"Buy SOLARIS 25000 Puffs Disposable Vape at Vapebulkp.com \u2013 up to 25000 puffs, 18ml e-liquid, 650mAh battery, Type-C charging. Wholesale prices, fast EU shipping, 2% & 5% nicotine options.","robots":{"index":"index","follow":"follow","max-snippet":"max-snippet:-1","max-image-preview":"max-image-preview:large","max-video-preview":"max-video-preview:-1"},"canonical":"https:\/\/vapebulkp.com\/da\/product\/solaris-25000-puffs-disposable-vape-wholesale-price\/","og_locale":"da_DK","og_type":"article","og_title":"SOLARIS 25000 Puffs Disposable Vape Wholesale Price - vapebulkp.com","og_description":"Buy SOLARIS 25000 Puffs Disposable Vape at Vapebulkp.com \u2013 up to 25000 puffs, 18ml e-liquid, 650mAh battery, Type-C charging. Wholesale prices, fast EU shipping, 2% & 5% nicotine options.","og_url":"https:\/\/vapebulkp.com\/da\/product\/solaris-25000-puffs-disposable-vape-wholesale-price\/","og_site_name":"vapebulkp.com","article_modified_time":"2025-09-04T03:39:36+00:00","og_image":[{"width":800,"height":800,"url":"http:\/\/vapebulkp.com\/wp-content\/uploads\/2025\/05\/Buy-SOLARIS-25000-Puff-Vape-at-Wholesale-Price.webp","type":"image\/webp"}],"twitter_card":"summary_large_image","twitter_misc":{"Estimeret l\u00e6setid":"4 minutter"},"schema":{"@context":"https:\/\/schema.org","@graph":[{"@type":"WebPage","@id":"https:\/\/vapebulkp.com\/product\/solaris-25000-puffs-disposable-vape-wholesale-price\/","url":"https:\/\/vapebulkp.com\/product\/solaris-25000-puffs-disposable-vape-wholesale-price\/","name":"SOLARIS 25000 Puffs Disposable Vape Wholesale Price - vapebulkp.com","isPartOf":{"@id":"https:\/\/vapebulkp.com\/#website"},"datePublished":"2025-05-13T03:18:40+00:00","dateModified":"2025-09-04T03:39:36+00:00","description":"Buy SOLARIS 25000 Puffs Disposable Vape at Vapebulkp.com \u2013 up to 25000 puffs, 18ml e-liquid, 650mAh battery, Type-C charging. Wholesale prices, fast EU shipping, 2% & 5% nicotine options.","breadcrumb":{"@id":"https:\/\/vapebulkp.com\/product\/solaris-25000-puffs-disposable-vape-wholesale-price\/#breadcrumb"},"inLanguage":"da-DK","potentialAction":[{"@type":"ReadAction","target":["https:\/\/vapebulkp.com\/product\/solaris-25000-puffs-disposable-vape-wholesale-price\/"]}]},{"@type":"BreadcrumbList","@id":"https:\/\/vapebulkp.com\/product\/solaris-25000-puffs-disposable-vape-wholesale-price\/#breadcrumb","itemListElement":[{"@type":"ListItem","position":1,"name":"Home","item":"https:\/\/vapebulkp.com\/"},{"@type":"ListItem","position":2,"name":"Hot Trend Vapes","item":"https:\/\/vapebulkp.com\/vape-shop\/"},{"@type":"ListItem","position":3,"name":"SOLARIS 25000 Puffs Disposable Vape Wholesale Price"}]},{"@type":"WebSite","@id":"https:\/\/vapebulkp.com\/#website","url":"https:\/\/vapebulkp.com\/","name":"vapebulkp.com","description":"Buy Vape In Cheap Bulk Price Near you","publisher":{"@id":"https:\/\/vapebulkp.com\/#organization"},"potentialAction":[{"@type":"SearchAction","target":{"@type":"EntryPoint","urlTemplate":"https:\/\/vapebulkp.com\/?s={search_term_string}"},"query-input":"required name=search_term_string"}],"inLanguage":"da-DK"},{"@type":"Organization","@id":"https:\/\/vapebulkp.com\/#organization","name":"vapebulkp.com","url":"https:\/\/vapebulkp.com\/","logo":{"@type":"ImageObject","inLanguage":"da-DK","@id":"https:\/\/vapebulkp.com\/#\/schema\/logo\/image\/","url":"https:\/\/vapebulkp.com\/wp-content\/uploads\/2023\/09\/cropped-vapebulkp.png","contentUrl":"https:\/\/vapebulkp.com\/wp-content\/uploads\/2023\/09\/cropped-vapebulkp.png","width":516,"height":163,"caption":"vapebulkp.com"},"image":{"@id":"https:\/\/vapebulkp.com\/#\/schema\/logo\/image\/"}}]}},"uagb_featured_image_src":{"full":["https:\/\/vapebulkp.com\/wp-content\/uploads\/2025\/05\/Buy-SOLARIS-25000-Puff-Vape-at-Wholesale-Price.webp",800,800,false],"thumbnail":["https:\/\/vapebulkp.com\/wp-content\/uploads\/2025\/05\/Buy-SOLARIS-25000-Puff-Vape-at-Wholesale-Price-150x150.webp",150,150,true],"medium":["https:\/\/vapebulkp.com\/wp-content\/uploads\/2025\/05\/Buy-SOLARIS-25000-Puff-Vape-at-Wholesale-Price-300x300.webp",300,300,true],"medium_large":["https:\/\/vapebulkp.com\/wp-content\/uploads\/2025\/05\/Buy-SOLARIS-25000-Puff-Vape-at-Wholesale-Price-768x768.webp",768,768,true],"large":["https:\/\/vapebulkp.com\/wp-content\/uploads\/2025\/05\/Buy-SOLARIS-25000-Puff-Vape-at-Wholesale-Price.webp",800,800,false],"1536x1536":["https:\/\/vapebulkp.com\/wp-content\/uploads\/2025\/05\/Buy-SOLARIS-25000-Puff-Vape-at-Wholesale-Price.webp",800,800,false],"2048x2048":["https:\/\/vapebulkp.com\/wp-content\/uploads\/2025\/05\/Buy-SOLARIS-25000-Puff-Vape-at-Wholesale-Price.webp",800,800,false],"trp-custom-language-flag":["https:\/\/vapebulkp.com\/wp-content\/uploads\/2025\/05\/Buy-SOLARIS-25000-Puff-Vape-at-Wholesale-Price.webp",12,12,false],"woocommerce_thumbnail":["https:\/\/vapebulkp.com\/wp-content\/uploads\/2025\/05\/Buy-SOLARIS-25000-Puff-Vape-at-Wholesale-Price-300x300.webp",300,300,true],"woocommerce_single":["https:\/\/vapebulkp.com\/wp-content\/uploads\/2025\/05\/Buy-SOLARIS-25000-Puff-Vape-at-Wholesale-Price-600x600.webp",600,600,true],"woocommerce_gallery_thumbnail":["https:\/\/vapebulkp.com\/wp-content\/uploads\/2025\/05\/Buy-SOLARIS-25000-Puff-Vape-at-Wholesale-Price-100x100.webp",100,100,true],"wcpr-photo-reviews":["https:\/\/vapebulkp.com\/wp-content\/uploads\/2025\/05\/Buy-SOLARIS-25000-Puff-Vape-at-Wholesale-Price.webp",500,500,false]},"uagb_author_info":{"display_name":"Mandy vape bulk price","author_link":"https:\/\/vapebulkp.com\/da\/author\/"},"uagb_comment_info":0,"uagb_excerpt":"Order SOLARIS 25000 Puffs Vape at Vapebulkp.com \u2013 up to 25000 puffs, 18ml e-liquid, 650mAh battery, fast Type-C charging. Pls Contact Mandy's WhatsApp For Discount Price+8618077105796 NOTE: Prices on our website does not include shipping costs &nbsp;","_links":{"self":[{"href":"https:\/\/vapebulkp.com\/da\/wp-json\/wp\/v2\/product\/3759","targetHints":{"allow":["GET"]}}],"collection":[{"href":"https:\/\/vapebulkp.com\/da\/wp-json\/wp\/v2\/product"}],"about":[{"href":"https:\/\/vapebulkp.com\/da\/wp-json\/wp\/v2\/types\/product"}],"replies":[{"embeddable":true,"href":"https:\/\/vapebulkp.com\/da\/wp-json\/wp\/v2\/comments?post=3759"}],"wp:featuredmedia":[{"embeddable":true,"href":"https:\/\/vapebulkp.com\/da\/wp-json\/wp\/v2\/media\/3753"}],"wp:attachment":[{"href":"https:\/\/vapebulkp.com\/da\/wp-json\/wp\/v2\/media?parent=3759"}],"wp:term":[{"taxonomy":"product_cat","embeddable":true,"href":"https:\/\/vapebulkp.com\/da\/wp-json\/wp\/v2\/product_cat?post=3759"},{"taxonomy":"product_tag","embeddable":true,"href":"https:\/\/vapebulkp.com\/da\/wp-json\/wp\/v2\/product_tag?post=3759"}],"curies":[{"name":"wp","href":"https:\/\/api.w.org\/{rel}","templated":true}]}}