{"id":3768,"date":"2025-05-19T04:59:45","date_gmt":"2025-05-19T02:59:45","guid":{"rendered":"https:\/\/vapebulkp.com\/?post_type=product&#038;p=3768"},"modified":"2025-09-24T05:01:41","modified_gmt":"2025-09-24T03:01:41","slug":"wholesale-price-bang-leader-80000-puffs-vape-device","status":"publish","type":"product","link":"https:\/\/vapebulkp.com\/da\/product\/wholesale-price-bang-leader-80000-puffs-vape-device\/","title":{"rendered":"Engrospris Bang LEADER 80000 Puffs Vape-enhed"},"content":{"rendered":"<h2 style=\"text-align: left\">Engrospris Bang LEADER 80000 Puffs Vape-enhed<\/h2>\n<p>&nbsp;<\/p>\n<p data-start=\"126\" data-end=\"436\">Den <strong data-start=\"130\" data-end=\"173\">Bang LEADER <a href=\"https:\/\/vapebulkp.com\/da\/product-category\/80000-puffs-disposable-vape\/\">80000 Pust Disponibel Vape<\/a><\/strong> er en <strong data-start=\"179\" data-end=\"201\">vape med h\u00f8j kapacitet<\/strong> designet til danske dampere, der kr\u00e6ver langvarig ydeevne og f\u00f8rsteklasses smag. Udviklet som en <strong data-start=\"303\" data-end=\"335\">genopladelig engangs vape<\/strong>, kommer den med et 850mAh batteri og Type-C hurtigopladning, hvilket sikrer uafbrudte damp-sessioner.<\/p>\n<p data-start=\"438\" data-end=\"738\">Denne <strong data-start=\"443\" data-end=\"465\">tredobbelt smags vape<\/strong> giver brugerne mulighed for ubesv\u00e6ret at skifte mellem smage, mens den <strong data-start=\"529\" data-end=\"551\">smarte puff-t\u00e6ller<\/strong> sporer brugen for pr\u00e6cis kontrol. Med <strong data-start=\"596\" data-end=\"618\">nikotinsalt vape<\/strong> sammens\u00e6tninger og <strong data-start=\"636\" data-end=\"660\">mesh coil teknologi<\/strong>, leverer den bl\u00f8d, t\u00e6t damp og konsekvent smag over 80.000 pust.<\/p>\n<p data-start=\"740\" data-end=\"1037\">Perfekt til <strong data-start=\"752\" data-end=\"773\">engros vape EU<\/strong> k\u00f8bere, detailhandlere og distribut\u00f8rer, kombinerer Bang LEADER 80000 pust slankt design, b\u00e6rbarhed og avancerede funktioner. At have denne enhed p\u00e5 lager tilf\u00f8jer et profitabelt produkt med h\u00f8j eftersp\u00f8rgsel til ethvert varelager, der im\u00f8dekommer moderne dampere, der s\u00f8ger b\u00e5de stil og ydeevne.<\/p>\n<h6>Kontakt venligst Mandys WhatsApp for rabatpris<a href=\"https:\/\/wa.me\/8618077105796\">+8618077105796<\/a><\/h6>\n<p><img decoding=\"async\" class=\"alignnone wp-image-2151\" src=\"http:\/\/vapebulkp.com\/wp-content\/uploads\/2024\/04\/Mandy-WhatsApp-Randm.jpg\" alt=\"Mandy WhatsApp Randm\" width=\"324\" height=\"330\" \/><\/p>\n<div class=\"flex max-w-full flex-col flex-grow\">\n<div class=\"min-h-8 text-message flex w-full flex-col items-end gap-2 whitespace-normal break-words text-start [.text-message+&amp;]:mt-5\" dir=\"auto\" data-message-author-role=\"assistant\" data-message-id=\"d24cf626-c018-4805-80f5-44de047f2ba0\" data-message-model-slug=\"gpt-4o\">\n<div class=\"flex w-full flex-col gap-1 empty:hidden first:pt-[3px]\">\n<div class=\"markdown prose w-full break-words dark:prose-invert light\">\n<h2>Hvorfor k\u00f8be engros Vape Bang Leader 80000 pust hos <a href=\"https:\/\/vapebulkp.com\/da\/vape-shop\/\">Vapebulkp.com<\/a>?<\/h2>\n<p class=\"\" data-start=\"141\" data-end=\"330\"><strong data-start=\"141\" data-end=\"177\">1. Konkurrencedygtige engrospriser<\/strong><br data-start=\"177\" data-end=\"180\" \/>Vapebulkp.com tilbyder uovertrufne fabriks-direkte priser p\u00e5 Bang LEADER 80000 Puffs, hvilket maksimerer dine profitmarginer uden at g\u00e5 p\u00e5 kompromis med kvaliteten.<\/p>\n<p class=\"\" data-start=\"332\" data-end=\"578\"><strong data-start=\"332\" data-end=\"373\">2. \u00c6gte<\/strong><br data-start=\"373\" data-end=\"376\" \/>Hver enhed har 80.000 pust, 3 omskiftelige smage, et 850mAh genopladeligt batteri, mesh coil, smart puff-t\u00e6ller og fingeraftryksopl\u00e5sning - hvilket giver en f\u00f8rsteklasses damp-oplevelse for seri\u00f8se kunder.<\/p>\n<p class=\"\" data-start=\"580\" data-end=\"789\"><strong data-start=\"580\" data-end=\"620\">3. Massetilg\u00e6ngelighed<\/strong><br data-start=\"620\" data-end=\"623\" \/>Med h\u00f8je lagerniveauer og effektiv logistik sikrer Vapebulkp.com rettidig levering i hele Europa og videre. Ideel for detailhandlere, forhandlere og online vape-butikker.<\/p>\n<p class=\"\" data-start=\"791\" data-end=\"991\"><strong data-start=\"791\" data-end=\"835\">4. Betroet leverand\u00f8r til europ\u00e6iske markeder<\/strong><br data-start=\"835\" data-end=\"838\" \/>Vapebulkp er en p\u00e5lidelig partner kendt for konsekvent produktkvalitet og markedstilpassede vape-udvalg, der opfylder EU-standarder og kundepr\u00e6ferencer.<\/p>\n<p class=\"\" data-start=\"993\" data-end=\"1186\"><strong data-start=\"993\" data-end=\"1032\">5. SEO-optimeret emballage<\/strong><br data-start=\"1032\" data-end=\"1035\" \/>I\u00f8jnefaldende emballage, flersprogede smagsetiketter og klar-til-overholdelse stregkoder g\u00f8r det lettere at markedsf\u00f8re og s\u00e6lge i konkurrencedygtige detailmilj\u00f8er.<\/p>\n<p class=\"\" data-start=\"1188\" data-end=\"1383\"><strong data-start=\"1188\" data-end=\"1233\">6. Dedikeret support<\/strong><br data-start=\"1233\" data-end=\"1236\" \/>F\u00e5 adgang til 1-til-1 B2B-support, lav MOQ (minimumsordrem\u00e6ngde), produkttilpasningsmuligheder og de nyeste ankomster inden for engangs-vape-teknologi.<\/p>\n<\/div>\n<\/div>\n<\/div>\n<\/div>\n<h2><strong>\u00a0<\/strong>Bang Leader 80000 Puffs Vape-enhed N\u00f8glespecifikationer:<\/h2>\n<ul>\n<li class=\"\" data-start=\"157\" data-end=\"243\">\n<p class=\"\" data-start=\"159\" data-end=\"243\"><strong data-start=\"159\" data-end=\"182\">Nikotinstyrker:<\/strong> 2%, 3% eller 5% \u2013 skr\u00e6ddersyet til j\u00e6vne, dristige eller intense hits<\/p>\n<\/li>\n<li class=\"\" data-start=\"244\" data-end=\"315\">\n<p class=\"\" data-start=\"246\" data-end=\"315\"><strong data-start=\"246\" data-end=\"261\">Pust Antal:<\/strong> Op til 80.000 sug \u2013 ultra langvarig ydeevne<\/p>\n<\/li>\n<li class=\"\" data-start=\"316\" data-end=\"384\">\n<p class=\"\" data-start=\"318\" data-end=\"384\"><strong data-start=\"318\" data-end=\"330\">Smagsvarianter:<\/strong> 3-i-1 skiftbare smage \u2013 alsidig og forn\u00f8jelig<\/p>\n<\/li>\n<li class=\"\" data-start=\"385\" data-end=\"451\">\n<p class=\"\" data-start=\"387\" data-end=\"451\"><strong data-start=\"387\" data-end=\"399\">Batteri:<\/strong> 850mAh genopladelig \u2013 hurtig opladning, p\u00e5lidelig brug<\/p>\n<\/li>\n<li class=\"\" data-start=\"452\" data-end=\"507\">\n<p class=\"\" data-start=\"454\" data-end=\"507\"><strong data-start=\"454\" data-end=\"463\">Spole:<\/strong> 1.0\u03a9 mesh-spole \u2013 t\u00e6t damp, rig smag<\/p>\n<\/li>\n<li class=\"\" data-start=\"508\" data-end=\"570\">\n<p class=\"\" data-start=\"510\" data-end=\"570\"><strong data-start=\"510\" data-end=\"522\">Luftstr\u00f8m:<\/strong> Justerbar luftstr\u00f8m \u2013 personligt glat tr\u00e6k<\/p>\n<\/li>\n<li class=\"\" data-start=\"571\" data-end=\"627\">\n<p class=\"\" data-start=\"573\" data-end=\"627\"><strong data-start=\"573\" data-end=\"585\">Sk\u00e6rm:<\/strong> Smart puff-t\u00e6ller \u2013 spor brug nemt<\/p>\n<\/li>\n<li class=\"\" data-start=\"628\" data-end=\"678\">\n<p class=\"\" data-start=\"630\" data-end=\"678\"><strong data-start=\"630\" data-end=\"641\">Design:<\/strong> Kompakt, rejseklar, premium byggekvalitet<\/p>\n<\/li>\n<\/ul>\n<h2><strong>\u00a0Bang Leader 80000 Puffs Smagsliste<\/strong><\/h2>\n<p>1. Vandmelon Is<br \/>\n2. Hindb\u00e6r Mojito Fersken Is<br \/>\n3. Jordb\u00e6r Vandmelon<br \/>\n4. Cola Is<br \/>\n5. Bl\u00e5b\u00e6r Vandmelon<br \/>\n6. Bl\u00e5b\u00e6r Is<br \/>\n7. Bl\u00e5b\u00e6r Is<br \/>\n8. Red Bull<br \/>\n9. Red Bull<br \/>\n10.Jordb\u00e6r Kiwi<br \/>\n11.Kiwi Guava<br \/>\n12.Avocado Is<\/p>\n<p><span style=\"vertical-align: inherit\">Find flere produkter du m\u00e5ske kan lide:<\/span><em><a href=\"https:\/\/wa.me\/8618077105796\"><span style=\"vertical-align: inherit\">\u00a0K\u00f8b den nu<\/span><\/a><\/em><\/p>\n<p><span style=\"vertical-align: inherit\">Andre Puffs du m\u00e5ske kan lide:<\/span><a href=\"https:\/\/vapebulkp.com\/da\/product\/wholesale-price-bang-kingdoms-rex-32000-puffs-vape-pod\/\"><span style=\"vertical-align: inherit\">Bang Kingdoms 32000Puffs<\/span><\/a><span style=\"vertical-align: inherit\">\u3001<\/span><a href=\"https:\/\/vapebulkp.com\/da\/product\/uzy-crystal-twin-50000-puffs-rechargeable-vape-with-led-display\/\"><span style=\"vertical-align: inherit\">UZY Crystal Twin 50000 sug<\/span><\/a><span style=\"vertical-align: inherit\">\/ <\/span><a href=\"https:\/\/vapebulkp.com\/da\/product\/waspe-3in1-60000-puffs-disposable-vape-high-capacity\/\"><span style=\"vertical-align: inherit\">WASPE 3 i 1 60000 sug<\/span><\/a><\/p>\n<p><a href=\"https:\/\/vapebulkp.com\/da\/product\/vapsolo-feed-bar-shisha-vape-15000-puffs-wholesale-price\/\"><span style=\"vertical-align: inherit\">\u00a0Vapsolo shisha 15000 Pust<\/span><\/a><span style=\"vertical-align: inherit\">\/ <\/span><a href=\"https:\/\/vapebulkp.com\/da\/product\/bang-box-35000-puffs-touch-switch-digital-screen-rechargeable-vape\/\"><span style=\"vertical-align: inherit\">Bang Box 35000 Pust<\/span><\/a><\/p>\n<h2>Ofte stillede sp\u00f8rgsm\u00e5l om Bang Leader 80000 puff engangsvapes<\/h2>\n<p class=\"\" data-start=\"170\" data-end=\"363\"><strong data-start=\"170\" data-end=\"236\">Q1: Hvor mange sug giver Bang LEADER Engangsvape?<\/strong><br data-start=\"236\" data-end=\"239\" \/><strong data-start=\"239\" data-end=\"245\">A:<\/strong> Bang LEADER leverer op til <strong data-start=\"277\" data-end=\"293\">80.000 sug<\/strong>, hvilket g\u00f8r den til en af de l\u00e6ngstlevende engangsvapes p\u00e5 markedet.<\/p>\n<p class=\"\" data-start=\"365\" data-end=\"539\"><strong data-start=\"365\" data-end=\"420\">Q2: Kan jeg genoplade Bang LEADER 80000 Puffs Vapen?<\/strong><br data-start=\"420\" data-end=\"423\" \/><strong data-start=\"423\" data-end=\"429\">A:<\/strong> Ja, den leveres med et <strong data-start=\"452\" data-end=\"483\">850mAh genopladeligt batteri<\/strong> og underst\u00f8tter <strong data-start=\"497\" data-end=\"521\">hurtig Type-C opladning<\/strong> for forl\u00e6nget brug.<\/p>\n<p class=\"\" data-start=\"541\" data-end=\"710\"><strong data-start=\"541\" data-end=\"582\">Q3: Underst\u00f8tter den flere smagsvarianter?<\/strong><br data-start=\"582\" data-end=\"585\" \/><strong data-start=\"585\" data-end=\"591\">A:<\/strong> Absolut! Bang LEADER har <strong data-start=\"629\" data-end=\"658\">3-i-1 omskiftelige smagsvarianter<\/strong>, hvilket giver brugerne mulighed for nemt at \u00e6ndre smagsprofiler.<\/p>\n<p class=\"\" data-start=\"856\" data-end=\"1079\"><strong data-start=\"856\" data-end=\"915\">Sp\u00f8rgsm\u00e5l 4: Er Bang LEADER velegnet til engrosk\u00f8b?<\/strong><br data-start=\"915\" data-end=\"918\" \/><strong data-start=\"918\" data-end=\"924\">A:<\/strong> Ja, dette produkt anbefales st\u00e6rkt til <strong data-start=\"969\" data-end=\"998\">masse- og engrosordrer<\/strong>. Det er en tops\u00e6lger med fremragende fortjenstmargener for forhandlere og distribut\u00f8rer.<\/p>\n<h3>Forsendelsesdetaljer:<\/h3>\n<p><span style=\"color: #ff6600\">Produktionstid: 5-10 arbejdsdage<\/span><br \/>\n<span style=\"color: #ff6600\">Leveringstid: 8-14 arbejdsdage<\/span><\/p>\n<p>Alle produkter i vores butik er 100% originale og autentiske, s\u00e5 ti gange kompensation for falske varer er vores butikspolitik. Vi bruger logistikkanaler som UPS\/DHL\/FEDEX\/DPD til at levere varer til dig.<\/p>\n<p>For pakker sendt til Danmark tager det normalt 10 arbejdsdage at ankomme. Forsendelse til europ\u00e6iske lande tager normalt 12 til 15 arbejdsdage at ankomme. Vi vil opdatere logistikinformationen for dig i realtid.<\/p>","protected":false},"excerpt":{"rendered":"<p>Bang LEADER 80000 Puffs 3-i-1 engangs vape med omskiftelige smage, mesh coil, LED puff t\u00e6ller<\/p>\n<p>Kontakt venligst Mandys WhatsApp for rabatpris<a href=\"https:\/\/wa.me\/8618077105796\">+8618077105796<\/a><\/p>\n<p><img decoding=\"async\" class=\"alignnone wp-image-2151\" src=\"http:\/\/vapebulkp.com\/wp-content\/uploads\/2024\/04\/Mandy-WhatsApp-Randm.jpg\" alt=\"Mandy WhatsApp Randm\" width=\"297\" height=\"316\" srcset=\"https:\/\/vapebulkp.com\/wp-content\/uploads\/2024\/04\/Mandy-WhatsApp-Randm.jpg 916w, https:\/\/vapebulkp.com\/wp-content\/uploads\/2024\/04\/Mandy-WhatsApp-Randm-282x300.jpg 282w, https:\/\/vapebulkp.com\/wp-content\/uploads\/2024\/04\/Mandy-WhatsApp-Randm-768x817.jpg 768w, https:\/\/vapebulkp.com\/wp-content\/uploads\/2024\/04\/Mandy-WhatsApp-Randm-600x638.jpg 600w\" sizes=\"(max-width: 297px) 100vw, 297px\" \/><\/p>\n<p><span style=\"color: #ff0000\">BEM\u00c6RK: Priserne p\u00e5 vores hjemmeside inkluderer ikke forsendelsesomkostninger<\/span><\/p>\n<p>&nbsp;<\/p>","protected":false},"featured_media":3762,"comment_status":"open","ping_status":"closed","template":"","meta":{"_uag_custom_page_level_css":"","_lmt_disableupdate":"no","_lmt_disable":"","site-sidebar-layout":"default","site-content-layout":"content-boxed-container","ast-site-content-layout":"normal-width-container","site-content-style":"boxed","site-sidebar-style":"unboxed","ast-global-header-display":"","ast-banner-title-visibility":"","ast-main-header-display":"","ast-hfb-above-header-display":"","ast-hfb-below-header-display":"","ast-hfb-mobile-header-display":"","site-post-title":"","ast-breadcrumbs-content":"","ast-featured-img":"","footer-sml-layout":"","theme-transparent-header-meta":"default","adv-header-id-meta":"","stick-header-meta":"","header-above-stick-meta":"","header-main-stick-meta":"","header-below-stick-meta":"","astra-migrate-meta-layouts":"set","_joinchat":[]},"product_cat":[247,153,345,155,33,59,100,87,34,158,157,154,152,58,84,156,63,32],"product_tag":[248,36,37,41,40],"class_list":["post-3768","product","type-product","status-publish","has-post-thumbnail","hentry","product_cat-80000-puffs-disposable-vape","product_cat-hot-disposable-vapes","product_cat-bang-vapes","product_cat-belgium-hot-disposable-vapes","product_cat-france-vape-hot-sale","product_cat-germany-hot-disposable-vape","product_cat-germany-wholesale-vape-shop","product_cat-minimum-order-quantity-50pcs","product_cat-netherlands-vape-good-sale","product_cat-norway-hot-disposable-vapes","product_cat-poland-hot-disposable-vapes","product_cat-portugal-hot-disposable-vapes","product_cat-spain-hot-disposable-vapes","product_cat-sweden-hot-disposable-vape","product_cat-sweden-wholesale-vape","product_cat-switzerland-hot-disposable-vapes","product_cat-top-sale-disposable-vape","product_cat-vape-hot-sale-this-week","product_tag-bang-leader-80000-puffs","product_tag-good-vape","product_tag-hot-sale-disposable-vape","product_tag-poland-hot-vape","product_tag-sweden-hot-vape","pa_brand-bang-vape","desktop-align-left","tablet-align-left","mobile-align-left"],"yoast_head":"<!-- This site is optimized with the Yoast SEO plugin v21.1 - https:\/\/yoast.com\/wordpress\/plugins\/seo\/ -->\n<title>Wholesale Price Bang LEADER 80000 Puffs Vape Device - vapebulkp.com<\/title>\n<meta name=\"description\" content=\"Shop Bang LEADER 80000 Puffs 3-in-1 Disposable Vape at Vapebulkp.com. Features 3 flavors, 850mAh rechargeable battery\uff0cWholesale pricing available.\" \/>\n<meta name=\"robots\" content=\"index, follow, max-snippet:-1, max-image-preview:large, max-video-preview:-1\" \/>\n<link rel=\"canonical\" href=\"https:\/\/vapebulkp.com\/da\/product\/wholesale-price-bang-leader-80000-puffs-vape-device\/\" \/>\n<meta property=\"og:locale\" content=\"da_DK\" \/>\n<meta property=\"og:type\" content=\"article\" \/>\n<meta property=\"og:title\" content=\"Wholesale Price Bang LEADER 80000 Puffs Vape Device - vapebulkp.com\" \/>\n<meta property=\"og:description\" content=\"Shop Bang LEADER 80000 Puffs 3-in-1 Disposable Vape at Vapebulkp.com. Features 3 flavors, 850mAh rechargeable battery\uff0cWholesale pricing available.\" \/>\n<meta property=\"og:url\" content=\"https:\/\/vapebulkp.com\/da\/product\/wholesale-price-bang-leader-80000-puffs-vape-device\/\" \/>\n<meta property=\"og:site_name\" content=\"vapebulkp.com\" \/>\n<meta property=\"article:modified_time\" content=\"2025-09-24T03:01:41+00:00\" \/>\n<meta property=\"og:image\" content=\"http:\/\/vapebulkp.com\/wp-content\/uploads\/2025\/05\/Bang-LEADER-80000-Puff-Wholesale-Disposable-Vape.webp\" \/>\n\t<meta property=\"og:image:width\" content=\"800\" \/>\n\t<meta property=\"og:image:height\" content=\"800\" \/>\n\t<meta property=\"og:image:type\" content=\"image\/webp\" \/>\n<meta name=\"twitter:card\" content=\"summary_large_image\" \/>\n<meta name=\"twitter:label1\" content=\"Estimeret l\u00e6setid\" \/>\n\t<meta name=\"twitter:data1\" content=\"4 minutter\" \/>\n<script type=\"application\/ld+json\" class=\"yoast-schema-graph\">{\"@context\":\"https:\/\/schema.org\",\"@graph\":[{\"@type\":\"WebPage\",\"@id\":\"https:\/\/vapebulkp.com\/product\/wholesale-price-bang-leader-80000-puffs-vape-device\/\",\"url\":\"https:\/\/vapebulkp.com\/product\/wholesale-price-bang-leader-80000-puffs-vape-device\/\",\"name\":\"Wholesale Price Bang LEADER 80000 Puffs Vape Device - vapebulkp.com\",\"isPartOf\":{\"@id\":\"https:\/\/vapebulkp.com\/#website\"},\"datePublished\":\"2025-05-19T02:59:45+00:00\",\"dateModified\":\"2025-09-24T03:01:41+00:00\",\"description\":\"Shop Bang LEADER 80000 Puffs 3-in-1 Disposable Vape at Vapebulkp.com. Features 3 flavors, 850mAh rechargeable battery\uff0cWholesale pricing available.\",\"breadcrumb\":{\"@id\":\"https:\/\/vapebulkp.com\/product\/wholesale-price-bang-leader-80000-puffs-vape-device\/#breadcrumb\"},\"inLanguage\":\"da-DK\",\"potentialAction\":[{\"@type\":\"ReadAction\",\"target\":[\"https:\/\/vapebulkp.com\/product\/wholesale-price-bang-leader-80000-puffs-vape-device\/\"]}]},{\"@type\":\"BreadcrumbList\",\"@id\":\"https:\/\/vapebulkp.com\/product\/wholesale-price-bang-leader-80000-puffs-vape-device\/#breadcrumb\",\"itemListElement\":[{\"@type\":\"ListItem\",\"position\":1,\"name\":\"Home\",\"item\":\"https:\/\/vapebulkp.com\/\"},{\"@type\":\"ListItem\",\"position\":2,\"name\":\"Hot Trend Vapes\",\"item\":\"https:\/\/vapebulkp.com\/vape-shop\/\"},{\"@type\":\"ListItem\",\"position\":3,\"name\":\"Wholesale Price Bang LEADER 80000 Puffs Vape Device\"}]},{\"@type\":\"WebSite\",\"@id\":\"https:\/\/vapebulkp.com\/#website\",\"url\":\"https:\/\/vapebulkp.com\/\",\"name\":\"vapebulkp.com\",\"description\":\"Buy Vape In Cheap Bulk Price Near you\",\"publisher\":{\"@id\":\"https:\/\/vapebulkp.com\/#organization\"},\"potentialAction\":[{\"@type\":\"SearchAction\",\"target\":{\"@type\":\"EntryPoint\",\"urlTemplate\":\"https:\/\/vapebulkp.com\/?s={search_term_string}\"},\"query-input\":\"required name=search_term_string\"}],\"inLanguage\":\"da-DK\"},{\"@type\":\"Organization\",\"@id\":\"https:\/\/vapebulkp.com\/#organization\",\"name\":\"vapebulkp.com\",\"url\":\"https:\/\/vapebulkp.com\/\",\"logo\":{\"@type\":\"ImageObject\",\"inLanguage\":\"da-DK\",\"@id\":\"https:\/\/vapebulkp.com\/#\/schema\/logo\/image\/\",\"url\":\"https:\/\/vapebulkp.com\/wp-content\/uploads\/2023\/09\/cropped-vapebulkp.png\",\"contentUrl\":\"https:\/\/vapebulkp.com\/wp-content\/uploads\/2023\/09\/cropped-vapebulkp.png\",\"width\":516,\"height\":163,\"caption\":\"vapebulkp.com\"},\"image\":{\"@id\":\"https:\/\/vapebulkp.com\/#\/schema\/logo\/image\/\"}}]}<\/script>\n<!-- \/ Yoast SEO plugin. -->","yoast_head_json":{"title":"Wholesale Price Bang LEADER 80000 Puffs Vape Device - vapebulkp.com","description":"Shop Bang LEADER 80000 Puffs 3-in-1 Disposable Vape at Vapebulkp.com. Features 3 flavors, 850mAh rechargeable battery\uff0cWholesale pricing available.","robots":{"index":"index","follow":"follow","max-snippet":"max-snippet:-1","max-image-preview":"max-image-preview:large","max-video-preview":"max-video-preview:-1"},"canonical":"https:\/\/vapebulkp.com\/da\/product\/wholesale-price-bang-leader-80000-puffs-vape-device\/","og_locale":"da_DK","og_type":"article","og_title":"Wholesale Price Bang LEADER 80000 Puffs Vape Device - vapebulkp.com","og_description":"Shop Bang LEADER 80000 Puffs 3-in-1 Disposable Vape at Vapebulkp.com. Features 3 flavors, 850mAh rechargeable battery\uff0cWholesale pricing available.","og_url":"https:\/\/vapebulkp.com\/da\/product\/wholesale-price-bang-leader-80000-puffs-vape-device\/","og_site_name":"vapebulkp.com","article_modified_time":"2025-09-24T03:01:41+00:00","og_image":[{"width":800,"height":800,"url":"http:\/\/vapebulkp.com\/wp-content\/uploads\/2025\/05\/Bang-LEADER-80000-Puff-Wholesale-Disposable-Vape.webp","type":"image\/webp"}],"twitter_card":"summary_large_image","twitter_misc":{"Estimeret l\u00e6setid":"4 minutter"},"schema":{"@context":"https:\/\/schema.org","@graph":[{"@type":"WebPage","@id":"https:\/\/vapebulkp.com\/product\/wholesale-price-bang-leader-80000-puffs-vape-device\/","url":"https:\/\/vapebulkp.com\/product\/wholesale-price-bang-leader-80000-puffs-vape-device\/","name":"Wholesale Price Bang LEADER 80000 Puffs Vape Device - vapebulkp.com","isPartOf":{"@id":"https:\/\/vapebulkp.com\/#website"},"datePublished":"2025-05-19T02:59:45+00:00","dateModified":"2025-09-24T03:01:41+00:00","description":"Shop Bang LEADER 80000 Puffs 3-in-1 Disposable Vape at Vapebulkp.com. Features 3 flavors, 850mAh rechargeable battery\uff0cWholesale pricing available.","breadcrumb":{"@id":"https:\/\/vapebulkp.com\/product\/wholesale-price-bang-leader-80000-puffs-vape-device\/#breadcrumb"},"inLanguage":"da-DK","potentialAction":[{"@type":"ReadAction","target":["https:\/\/vapebulkp.com\/product\/wholesale-price-bang-leader-80000-puffs-vape-device\/"]}]},{"@type":"BreadcrumbList","@id":"https:\/\/vapebulkp.com\/product\/wholesale-price-bang-leader-80000-puffs-vape-device\/#breadcrumb","itemListElement":[{"@type":"ListItem","position":1,"name":"Home","item":"https:\/\/vapebulkp.com\/"},{"@type":"ListItem","position":2,"name":"Hot Trend Vapes","item":"https:\/\/vapebulkp.com\/vape-shop\/"},{"@type":"ListItem","position":3,"name":"Wholesale Price Bang LEADER 80000 Puffs Vape Device"}]},{"@type":"WebSite","@id":"https:\/\/vapebulkp.com\/#website","url":"https:\/\/vapebulkp.com\/","name":"vapebulkp.com","description":"Buy Vape In Cheap Bulk Price Near you","publisher":{"@id":"https:\/\/vapebulkp.com\/#organization"},"potentialAction":[{"@type":"SearchAction","target":{"@type":"EntryPoint","urlTemplate":"https:\/\/vapebulkp.com\/?s={search_term_string}"},"query-input":"required name=search_term_string"}],"inLanguage":"da-DK"},{"@type":"Organization","@id":"https:\/\/vapebulkp.com\/#organization","name":"vapebulkp.com","url":"https:\/\/vapebulkp.com\/","logo":{"@type":"ImageObject","inLanguage":"da-DK","@id":"https:\/\/vapebulkp.com\/#\/schema\/logo\/image\/","url":"https:\/\/vapebulkp.com\/wp-content\/uploads\/2023\/09\/cropped-vapebulkp.png","contentUrl":"https:\/\/vapebulkp.com\/wp-content\/uploads\/2023\/09\/cropped-vapebulkp.png","width":516,"height":163,"caption":"vapebulkp.com"},"image":{"@id":"https:\/\/vapebulkp.com\/#\/schema\/logo\/image\/"}}]}},"uagb_featured_image_src":{"full":["https:\/\/vapebulkp.com\/wp-content\/uploads\/2025\/05\/Bang-LEADER-80000-Puff-Wholesale-Disposable-Vape.webp",800,800,false],"thumbnail":["https:\/\/vapebulkp.com\/wp-content\/uploads\/2025\/05\/Bang-LEADER-80000-Puff-Wholesale-Disposable-Vape-150x150.webp",150,150,true],"medium":["https:\/\/vapebulkp.com\/wp-content\/uploads\/2025\/05\/Bang-LEADER-80000-Puff-Wholesale-Disposable-Vape-300x300.webp",300,300,true],"medium_large":["https:\/\/vapebulkp.com\/wp-content\/uploads\/2025\/05\/Bang-LEADER-80000-Puff-Wholesale-Disposable-Vape-768x768.webp",768,768,true],"large":["https:\/\/vapebulkp.com\/wp-content\/uploads\/2025\/05\/Bang-LEADER-80000-Puff-Wholesale-Disposable-Vape.webp",800,800,false],"1536x1536":["https:\/\/vapebulkp.com\/wp-content\/uploads\/2025\/05\/Bang-LEADER-80000-Puff-Wholesale-Disposable-Vape.webp",800,800,false],"2048x2048":["https:\/\/vapebulkp.com\/wp-content\/uploads\/2025\/05\/Bang-LEADER-80000-Puff-Wholesale-Disposable-Vape.webp",800,800,false],"trp-custom-language-flag":["https:\/\/vapebulkp.com\/wp-content\/uploads\/2025\/05\/Bang-LEADER-80000-Puff-Wholesale-Disposable-Vape.webp",12,12,false],"woocommerce_thumbnail":["https:\/\/vapebulkp.com\/wp-content\/uploads\/2025\/05\/Bang-LEADER-80000-Puff-Wholesale-Disposable-Vape-300x300.webp",300,300,true],"woocommerce_single":["https:\/\/vapebulkp.com\/wp-content\/uploads\/2025\/05\/Bang-LEADER-80000-Puff-Wholesale-Disposable-Vape-600x600.webp",600,600,true],"woocommerce_gallery_thumbnail":["https:\/\/vapebulkp.com\/wp-content\/uploads\/2025\/05\/Bang-LEADER-80000-Puff-Wholesale-Disposable-Vape-100x100.webp",100,100,true],"wcpr-photo-reviews":["https:\/\/vapebulkp.com\/wp-content\/uploads\/2025\/05\/Bang-LEADER-80000-Puff-Wholesale-Disposable-Vape.webp",500,500,false]},"uagb_author_info":{"display_name":"Mandy vape bulk price","author_link":"https:\/\/vapebulkp.com\/da\/author\/"},"uagb_comment_info":0,"uagb_excerpt":"Bang LEADER 80000 Puffs 3-in-1 Disposable Vape with switchable flavors, mesh coil, LED puff counter &amp; 850mAh rechargeable battery. Ideal for long use, wholesale orders, and EU vape resellers. Pls Contact Mandy's WhatsApp For Discount Price+8618077105796 NOTE: Prices on our website does not include shipping costs &nbsp;","_links":{"self":[{"href":"https:\/\/vapebulkp.com\/da\/wp-json\/wp\/v2\/product\/3768","targetHints":{"allow":["GET"]}}],"collection":[{"href":"https:\/\/vapebulkp.com\/da\/wp-json\/wp\/v2\/product"}],"about":[{"href":"https:\/\/vapebulkp.com\/da\/wp-json\/wp\/v2\/types\/product"}],"replies":[{"embeddable":true,"href":"https:\/\/vapebulkp.com\/da\/wp-json\/wp\/v2\/comments?post=3768"}],"wp:featuredmedia":[{"embeddable":true,"href":"https:\/\/vapebulkp.com\/da\/wp-json\/wp\/v2\/media\/3762"}],"wp:attachment":[{"href":"https:\/\/vapebulkp.com\/da\/wp-json\/wp\/v2\/media?parent=3768"}],"wp:term":[{"taxonomy":"product_cat","embeddable":true,"href":"https:\/\/vapebulkp.com\/da\/wp-json\/wp\/v2\/product_cat?post=3768"},{"taxonomy":"product_tag","embeddable":true,"href":"https:\/\/vapebulkp.com\/da\/wp-json\/wp\/v2\/product_tag?post=3768"}],"curies":[{"name":"wp","href":"https:\/\/api.w.org\/{rel}","templated":true}]}}