{"id":3777,"date":"2025-05-21T11:11:16","date_gmt":"2025-05-21T09:11:16","guid":{"rendered":"https:\/\/vapebulkp.com\/?post_type=product&#038;p=3777"},"modified":"2025-09-17T10:37:32","modified_gmt":"2025-09-17T08:37:32","slug":"aivono-aim-fatmax-50000-puffs-vape-wholesale-price","status":"publish","type":"product","link":"https:\/\/vapebulkp.com\/da\/vare\/aivono-aim-fatmax-50000-puffs-vape-wholesale-price\/","title":{"rendered":"AIVONO AIM FATMAX 50000 Puffs Vape engrospris"},"content":{"rendered":"<h1 style=\"text-align: left\">AIVONO AIM FATMAX 50000 Puffs Vape engrospris<\/h1>\n<p class=\"\" data-start=\"302\" data-end=\"642\"><strong>AIVONO AIM FATMAX <a href=\"https:\/\/vapebulkp.com\/da\/vare-kategori\/50000-puffs-disposable-vape\/\">50000 Puffs Engangs Vape<\/a><\/strong> er en genopladelig vape med h\u00f8j kapacitet, designet til brugere, der kr\u00e6ver maksimal ydeevne og bekvemmelighed. Leverer op til <strong data-start=\"452\" data-end=\"467\">50000 sug<\/strong>, denne enhed har en <strong data-start=\"492\" data-end=\"525\">30mL fyldt e-v\u00e6skebeholder<\/strong> og en kraftfuld <strong data-start=\"541\" data-end=\"572\">800mAh genopladelige batteri<\/strong> bygget med et 21250 rent koboltbatteri for langvarig stabilitet.<\/p>\n<p class=\"\" data-start=\"644\" data-end=\"920\">Udstyret med en <strong data-start=\"660\" data-end=\"678\">0,6\u03a9 mesh coil<\/strong>, det sikrer en j\u00e6vn damp produktion og forbedret smagslevering\u2014ideel til <strong data-start=\"754\" data-end=\"770\">lunge inhalationer<\/strong> og daglig brug. Det smarte display viser b\u00e5de <strong data-start=\"818\" data-end=\"834\">batterilevetid<\/strong> og <strong data-start=\"839\" data-end=\"857\">e-v\u00e6ske niveau<\/strong>, hvilket giver brugerne fuld kontrol over deres vaping oplevelse.<\/p>\n<p class=\"\" data-start=\"922\" data-end=\"1208\">Denne engangs vape underst\u00f8tter <strong data-start=\"952\" data-end=\"976\">Type-C hurtig opladning<\/strong> og tilbyder fire <strong data-start=\"993\" data-end=\"1020\">nikotinsalt styrker<\/strong>: <strong data-start=\"1022\" data-end=\"1028\">5%<\/strong><span data-start=\"1022\" data-end=\"1028\">\u00a0 og <\/span><strong data-start=\"1038\" data-end=\"1044\">2%<\/strong>, der im\u00f8dekommer en bred vifte af pr\u00e6ferencer og regionale krav. Med en kompakt st\u00f8rrelse p\u00e5 <strong data-start=\"1148\" data-end=\"1160\">38\u00d7127mm<\/strong>, er den rejsevenlig, kraftfuld og stilfuld.<\/p>\n<p class=\"\" data-start=\"1210\" data-end=\"1355\">FATMAX vapen underst\u00f8tter ogs\u00e5 <strong data-start=\"1240\" data-end=\"1269\">OEM og ODM tilpasning<\/strong>, hvilket g\u00f8r det til et fremragende valg for danske distribut\u00f8rer, der s\u00f8ger private label-muligheder.<\/p>\n<h6>Kontakt venligst Mandys WhatsApp for rabatpris<a href=\"https:\/\/wa.me\/8618077105796\">+8618077105796<\/a><\/h6>\n<p><img decoding=\"async\" class=\"alignnone wp-image-2151\" src=\"http:\/\/vapebulkp.com\/wp-content\/uploads\/2024\/04\/Mandy-WhatsApp-Randm.jpg\" alt=\"Mandy WhatsApp Randm\" width=\"324\" height=\"330\" \/><\/p>\n<div class=\"flex max-w-full flex-col flex-grow\">\n<div class=\"min-h-8 text-message flex w-full flex-col items-end gap-2 whitespace-normal break-words text-start [.text-message+&amp;]:mt-5\" dir=\"auto\" data-message-author-role=\"assistant\" data-message-id=\"d24cf626-c018-4805-80f5-44de047f2ba0\" data-message-model-slug=\"gpt-4o\">\n<div class=\"flex w-full flex-col gap-1 empty:hidden first:pt-[3px]\">\n<div class=\"markdown prose w-full break-words dark:prose-invert light\">\n<h2>Hvorfor k\u00f8be AIVONO AIM FATMAX 50000 Puffs Mesh Coil Vape hos <a href=\"https:\/\/vapebulkp.com\/da\/vape-shop\/\">Vapebulkp.com<\/a>?<\/h2>\n<p class=\"\" data-start=\"1686\" data-end=\"1863\">Vapebulkp.com er din betroede kilde til autentiske <strong data-start=\"310\" data-end=\"343\">AIVONO AIM FATMAX 50000 Puffs<\/strong> engangsvapes til uovertrufne engrospriser. Vi tilbyder hurtig, sikker forsendelse i hele Danmark og eksklusiv adgang til de nyeste modeller med fuld OEM\/ODM-support. Hver enhed har <strong data-start=\"528\" data-end=\"544\">50.000 pust<\/strong>, <strong data-start=\"546\" data-end=\"572\">30mL e-v\u00e6ske kapacitet<\/strong>, <strong data-start=\"574\" data-end=\"605\">800mAh genopladelige batteri<\/strong>, <strong data-start=\"607\" data-end=\"626\">Type-C opladning<\/strong>, og en <strong data-start=\"634\" data-end=\"656\">smart dobbeltdisplay<\/strong>\u2014hvilket g\u00f8r den til en af de mest avancerede engangsvapes p\u00e5 markedet. N\u00e5r du handler hos Vapebulkp.com, drager du fordel af engros-klar emballage, f\u00f8rsteklasses kundeservice og direkte fabrikslevering, hvilket sikrer p\u00e5lidelighed, effektivitet og profit for din vape-virksomhed.<\/p>\n<\/div>\n<\/div>\n<\/div>\n<\/div>\n<h2>AIVONO AIM FATMAX 50000 Puffs N\u00f8glespecifikationer:<\/h2>\n<p class=\"\" data-start=\"291\" data-end=\"452\"><strong data-start=\"291\" data-end=\"313\">Forl\u00e6nget levetid<\/strong><br data-start=\"313\" data-end=\"316\" \/>Leverer op til 50000 sug per enhed, drevet af et 30mL fyldt e-v\u00e6skereservoir til langvarig brug uden konstante udskiftninger.<\/p>\n<p class=\"\" data-start=\"454\" data-end=\"643\"><strong data-start=\"454\" data-end=\"481\">H\u00f8jeffektivt batteri<\/strong><br data-start=\"481\" data-end=\"484\" \/>Bygget med et 800mAh genopladeligt rent koboltbatteri og en Type-C opladningsport, der muligg\u00f8r hurtig genopladning og stabil output over hele enhedens levetid.<\/p>\n<p class=\"\" data-start=\"645\" data-end=\"829\"><strong data-start=\"645\" data-end=\"678\">Avanceret Mesh Coil Teknologi<\/strong><br data-start=\"678\" data-end=\"681\" \/>Har en 0.6\u03a9 mesh-coil, der forbedrer dampt\u00e6theden og smagsklarheden, ideel til b\u00e5de direkte-til-lunge (DTL) og mund-til-lunge (MTL) dampstilarter.<\/p>\n<p class=\"\" data-start=\"831\" data-end=\"984\"><strong data-start=\"831\" data-end=\"858\">Smart displaygr\u00e6nseflade<\/strong><br data-start=\"858\" data-end=\"861\" \/>Udstyret med realtidsindikatorer for batteriniveau og e-v\u00e6skevolumen, hvilket sikrer pr\u00e6cis overv\u00e5gning og bekvem brug.<\/p>\n<p class=\"\" data-start=\"986\" data-end=\"1145\"><strong data-start=\"986\" data-end=\"1017\">Fleksible nikotinstyrker<\/strong><br data-start=\"1017\" data-end=\"1020\" \/>F\u00e5s i 5%, 3%, 2% og 0% nikotinsalt-muligheder for at im\u00f8dekomme forskellige forbrugerpr\u00e6ferencer og regionale overholdelsesstandarder.<\/p>\n<p class=\"\" data-start=\"1147\" data-end=\"1366\"><strong data-start=\"1147\" data-end=\"1180\">Engros-optimeret emballage<\/strong><br data-start=\"1180\" data-end=\"1183\" \/>Designet til engrosdistribution, hver masterkarton indeholder 140 enheder med dimensioner p\u00e5 68,5 \u00d7 38 \u00d7 24 cm og en totalv\u00e6gt p\u00e5 18,5 kg\u2014perfekt til logistik og opbevaring med h\u00f8j volumen.<\/p>\n<h2><strong>AIVONO AIM FATMAX 50000 Puff Langtidsholdbare Vape-enheds Smagsliste<\/strong><\/h2>\n<p class=\"selectable-text copyable-text x15bjb6t x1n2onr6\" dir=\"ltr\">1.AIM FATMAX \uff1aKirseb\u00e6r Hindb\u00e6r<br \/>\n2.AIM FATMAX \uff1aTo \u00c6bler<br \/>\n3.AIM FATMAX : Grape Mint<br \/>\n4.AIM FATMAX : Bl\u00e5b\u00e6r Gum<br \/>\n5.AIM FATMAX : Love 66<br \/>\n6.AIM FATMAX : Lucid Dream<br \/>\n7.AIM FATMAX : Vandmelon-is<br \/>\n8.AIM FATMAX : Fersken-is<br \/>\n9.AIM FATMAX : B\u00e6r-is<br \/>\n10.AIM FATMAX : Jordb\u00e6r Punch<\/p>\n<p><span style=\"vertical-align: inherit\">Find flere produkter du m\u00e5ske kan lide:<\/span><em><a href=\"https:\/\/wa.me\/8618077105796\"><span style=\"vertical-align: inherit\">\u00a0K\u00f8b den nu<\/span><\/a><\/em><\/p>\n<p><span style=\"vertical-align: inherit\">Andre Puffs du m\u00e5ske kan lide:<\/span><a href=\"https:\/\/vapebulkp.com\/da\/vare\/vopk-60000-puffs-top-sale-disposable-vape-pen\/\"><span style=\"vertical-align: inherit\">VOPK 60000 sug<\/span><\/a><span style=\"vertical-align: inherit\">\u3001<\/span><a href=\"https:\/\/vapebulkp.com\/da\/vare\/bang-kingdoms-rex-nos-50000-puffs-high-capacity-vape-device\/\"><span style=\"vertical-align: inherit\">Bang Kingdoms Rex 45000 sug<\/span><\/a><span style=\"vertical-align: inherit\">\/ <\/span><a href=\"https:\/\/vapebulkp.com\/da\/vare\/fizzy-twins-50000-puffs-high-puff-count-vape-kits-bulk-price\/\"><span style=\"vertical-align: inherit\">FIZZY Vape 50000 sug<\/span><\/a><span style=\"vertical-align: inherit\">\/ <\/span><a href=\"https:\/\/vapebulkp.com\/da\/vare\/cheap-price-uwin-shisha-hookah-crystal-20000-puffs-rechargeable-vape\/\"><span style=\"vertical-align: inherit\">WASPE Vape Dobbelt Smag 40000 Puffs<\/span><\/a><\/p>\n<h3 class=\"\" data-start=\"62\" data-end=\"118\"><strong data-start=\"66\" data-end=\"118\">AIVONO AIM FATMAX 50000 Puffs Engangs Vape Engroshandel FAQ<\/strong><\/h3>\n<p>1.Hvordan bruger jeg AIVONO AIM FATMAX 50000 Puffs Engangs Vape?<br \/>\nDu skal blot fjerne enheden fra emballagen og inhalere gennem mundstykket. Der er ingen knapper eller indstillinger at justere. Enheden er tr\u00e6k-aktiveret for nem brug.<\/p>\n<p>2.Hvordan genoplader jeg AIVONO AIM FATMAX 50K Puffs Vape Pods?<br \/>\nBrug et Type-C opladerkabel til at genoplade 800mAh batteriet. Opladningsporten er placeret i bunden af enheden. Den smarte sk\u00e6rm vil vise batteriniveauet og bliver r\u00f8d, n\u00e5r opladning er n\u00f8dvendig.<\/p>\n<p>3.Er AIVONO AIM FATMAX 50000 Puff vape genopfyldelig?<br \/>\nNej, AIVONO AIM FATMAX 50000 er en engangs vape-enhed og er ikke designet til at blive genopfyldt. N\u00e5r e-v\u00e6sken er opbrugt, bedes du bortskaffe enheden ansvarligt.<\/p>\n<h3>Forsendelsesdetaljer:<\/h3>\n<p><span style=\"color: #ff6600\">Produktionstid: 5-10 arbejdsdage<\/span><br \/>\n<span style=\"color: #ff6600\">Leveringstid: 8-14 arbejdsdage<\/span><\/p>\n<p>Alle produkter i vores butik er 100% originale og autentiske, s\u00e5 ti gange kompensation for falske varer er vores butikspolitik. Vi bruger logistikkanaler som UPS\/DHL\/FEDEX\/DPD til at levere varer til dig.<\/p>\n<p>For pakker sendt til Danmark tager det normalt 10 arbejdsdage at ankomme. Forsendelse til europ\u00e6iske lande tager normalt 12 til 15 arbejdsdage at ankomme. Vi vil opdatere logistikinformationen for dig i realtid.<\/p>","protected":false},"excerpt":{"rendered":"<p class=\"\" data-start=\"121\" data-end=\"211\">\u00a0AIVONO AIM FATMAX 50000 Puffs engangs vapes. Langvarig ydeevne, rige smage og genopladelig bekvemmelighed. Engros tilg\u00e6ngelig nu.<\/p>\n<p>Kontakt venligst Mandys WhatsApp for rabatpris<a href=\"https:\/\/wa.me\/8618077105796\">+8618077105796<\/a><\/p>\n<p><img decoding=\"async\" class=\"alignnone wp-image-2151\" src=\"http:\/\/vapebulkp.com\/wp-content\/uploads\/2024\/04\/Mandy-WhatsApp-Randm.jpg\" alt=\"Mandy WhatsApp Randm\" width=\"297\" height=\"316\" srcset=\"https:\/\/vapebulkp.com\/wp-content\/uploads\/2024\/04\/Mandy-WhatsApp-Randm.jpg 916w, https:\/\/vapebulkp.com\/wp-content\/uploads\/2024\/04\/Mandy-WhatsApp-Randm-282x300.jpg 282w, https:\/\/vapebulkp.com\/wp-content\/uploads\/2024\/04\/Mandy-WhatsApp-Randm-768x817.jpg 768w, https:\/\/vapebulkp.com\/wp-content\/uploads\/2024\/04\/Mandy-WhatsApp-Randm-600x638.jpg 600w\" sizes=\"(max-width: 297px) 100vw, 297px\" \/><\/p>\n<p><span style=\"color: #ff0000\">BEM\u00c6RK: Priserne p\u00e5 vores hjemmeside inkluderer ikke forsendelsesomkostninger<\/span><\/p>\n<p>&nbsp;<\/p>","protected":false},"featured_media":3769,"comment_status":"open","ping_status":"closed","template":"","meta":{"_uag_custom_page_level_css":"","_lmt_disableupdate":"no","_lmt_disable":"","site-sidebar-layout":"default","site-content-layout":"content-boxed-container","ast-site-content-layout":"normal-width-container","site-content-style":"boxed","site-sidebar-style":"unboxed","ast-global-header-display":"","ast-banner-title-visibility":"","ast-main-header-display":"","ast-hfb-above-header-display":"","ast-hfb-below-header-display":"","ast-hfb-mobile-header-display":"","site-post-title":"","ast-breadcrumbs-content":"","ast-featured-img":"","footer-sml-layout":"","theme-transparent-header-meta":"default","adv-header-id-meta":"","stick-header-meta":"","header-above-stick-meta":"","header-main-stick-meta":"","header-below-stick-meta":"","astra-migrate-meta-layouts":"set","_joinchat":[]},"product_cat":[194,342,153,155,33,59,100,34,158,157,154,152,58,84,156,63,32],"product_tag":[249,36,37,41,40],"class_list":["post-3777","product","type-product","status-publish","has-post-thumbnail","hentry","product_cat-50000-puffs-disposable-vape","product_cat-aivono-vape","product_cat-hot-disposable-vapes","product_cat-belgium-hot-disposable-vapes","product_cat-france-vape-hot-sale","product_cat-germany-hot-disposable-vape","product_cat-germany-wholesale-vape-shop","product_cat-netherlands-vape-good-sale","product_cat-norway-hot-disposable-vapes","product_cat-poland-hot-disposable-vapes","product_cat-portugal-hot-disposable-vapes","product_cat-spain-hot-disposable-vapes","product_cat-sweden-hot-disposable-vape","product_cat-sweden-wholesale-vape","product_cat-switzerland-hot-disposable-vapes","product_cat-top-sale-disposable-vape","product_cat-vape-hot-sale-this-week","product_tag-aivono-aim-fatmax-50000-puffs","product_tag-good-vape","product_tag-hot-sale-disposable-vape","product_tag-poland-hot-vape","product_tag-sweden-hot-vape","pa_brand-aivono-vape","desktop-align-left","tablet-align-left","mobile-align-left"],"yoast_head":"<!-- This site is optimized with the Yoast SEO plugin v21.1 - https:\/\/yoast.com\/wordpress\/plugins\/seo\/ -->\n<title>AIVONO AIM FATMAX 50000 Puffs Vape Wholesale Price - vapebulkp.com<\/title>\n<meta name=\"description\" content=\"Shop AIVONO AIM FATMAX 50000 Puff Vape with smart display, Type-C charging, 0.6\u03a9 mesh coil, and 4 nicotine options. Bulk ready at Vapebulkp.com.\" \/>\n<meta name=\"robots\" content=\"index, follow, max-snippet:-1, max-image-preview:large, max-video-preview:-1\" \/>\n<link rel=\"canonical\" href=\"https:\/\/vapebulkp.com\/da\/vare\/aivono-aim-fatmax-50000-puffs-vape-wholesale-price\/\" \/>\n<meta property=\"og:locale\" content=\"da_DK\" \/>\n<meta property=\"og:type\" content=\"article\" \/>\n<meta property=\"og:title\" content=\"AIVONO AIM FATMAX 50000 Puffs Vape Wholesale Price - vapebulkp.com\" \/>\n<meta property=\"og:description\" content=\"Shop AIVONO AIM FATMAX 50000 Puff Vape with smart display, Type-C charging, 0.6\u03a9 mesh coil, and 4 nicotine options. Bulk ready at Vapebulkp.com.\" \/>\n<meta property=\"og:url\" content=\"https:\/\/vapebulkp.com\/da\/vare\/aivono-aim-fatmax-50000-puffs-vape-wholesale-price\/\" \/>\n<meta property=\"og:site_name\" content=\"vapebulkp.com\" \/>\n<meta property=\"article:modified_time\" content=\"2025-09-17T08:37:32+00:00\" \/>\n<meta property=\"og:image\" content=\"http:\/\/vapebulkp.com\/wp-content\/uploads\/2025\/05\/50000-Puff-Disposable-Vape-AIM-FATMAX-Wholesale-Vape.webp\" \/>\n\t<meta property=\"og:image:width\" content=\"800\" \/>\n\t<meta property=\"og:image:height\" content=\"800\" \/>\n\t<meta property=\"og:image:type\" content=\"image\/webp\" \/>\n<meta name=\"twitter:card\" content=\"summary_large_image\" \/>\n<meta name=\"twitter:label1\" content=\"Estimeret l\u00e6setid\" \/>\n\t<meta name=\"twitter:data1\" content=\"4 minutter\" \/>\n<script type=\"application\/ld+json\" class=\"yoast-schema-graph\">{\"@context\":\"https:\/\/schema.org\",\"@graph\":[{\"@type\":\"WebPage\",\"@id\":\"https:\/\/vapebulkp.com\/product\/aivono-aim-fatmax-50000-puffs-vape-wholesale-price\/\",\"url\":\"https:\/\/vapebulkp.com\/product\/aivono-aim-fatmax-50000-puffs-vape-wholesale-price\/\",\"name\":\"AIVONO AIM FATMAX 50000 Puffs Vape Wholesale Price - vapebulkp.com\",\"isPartOf\":{\"@id\":\"https:\/\/vapebulkp.com\/#website\"},\"datePublished\":\"2025-05-21T09:11:16+00:00\",\"dateModified\":\"2025-09-17T08:37:32+00:00\",\"description\":\"Shop AIVONO AIM FATMAX 50000 Puff Vape with smart display, Type-C charging, 0.6\u03a9 mesh coil, and 4 nicotine options. Bulk ready at Vapebulkp.com.\",\"breadcrumb\":{\"@id\":\"https:\/\/vapebulkp.com\/product\/aivono-aim-fatmax-50000-puffs-vape-wholesale-price\/#breadcrumb\"},\"inLanguage\":\"da-DK\",\"potentialAction\":[{\"@type\":\"ReadAction\",\"target\":[\"https:\/\/vapebulkp.com\/product\/aivono-aim-fatmax-50000-puffs-vape-wholesale-price\/\"]}]},{\"@type\":\"BreadcrumbList\",\"@id\":\"https:\/\/vapebulkp.com\/product\/aivono-aim-fatmax-50000-puffs-vape-wholesale-price\/#breadcrumb\",\"itemListElement\":[{\"@type\":\"ListItem\",\"position\":1,\"name\":\"Home\",\"item\":\"https:\/\/vapebulkp.com\/\"},{\"@type\":\"ListItem\",\"position\":2,\"name\":\"Hot Trend Vapes\",\"item\":\"https:\/\/vapebulkp.com\/vape-shop\/\"},{\"@type\":\"ListItem\",\"position\":3,\"name\":\"AIVONO AIM FATMAX 50000 Puffs Vape Wholesale Price\"}]},{\"@type\":\"WebSite\",\"@id\":\"https:\/\/vapebulkp.com\/#website\",\"url\":\"https:\/\/vapebulkp.com\/\",\"name\":\"vapebulkp.com\",\"description\":\"Buy Vape In Cheap Bulk Price Near you\",\"publisher\":{\"@id\":\"https:\/\/vapebulkp.com\/#organization\"},\"potentialAction\":[{\"@type\":\"SearchAction\",\"target\":{\"@type\":\"EntryPoint\",\"urlTemplate\":\"https:\/\/vapebulkp.com\/?s={search_term_string}\"},\"query-input\":\"required name=search_term_string\"}],\"inLanguage\":\"da-DK\"},{\"@type\":\"Organization\",\"@id\":\"https:\/\/vapebulkp.com\/#organization\",\"name\":\"vapebulkp.com\",\"url\":\"https:\/\/vapebulkp.com\/\",\"logo\":{\"@type\":\"ImageObject\",\"inLanguage\":\"da-DK\",\"@id\":\"https:\/\/vapebulkp.com\/#\/schema\/logo\/image\/\",\"url\":\"https:\/\/vapebulkp.com\/wp-content\/uploads\/2023\/09\/cropped-vapebulkp.png\",\"contentUrl\":\"https:\/\/vapebulkp.com\/wp-content\/uploads\/2023\/09\/cropped-vapebulkp.png\",\"width\":516,\"height\":163,\"caption\":\"vapebulkp.com\"},\"image\":{\"@id\":\"https:\/\/vapebulkp.com\/#\/schema\/logo\/image\/\"}}]}<\/script>\n<!-- \/ Yoast SEO plugin. -->","yoast_head_json":{"title":"AIVONO AIM FATMAX 50000 Puffs Vape Wholesale Price - vapebulkp.com","description":"Shop AIVONO AIM FATMAX 50000 Puff Vape with smart display, Type-C charging, 0.6\u03a9 mesh coil, and 4 nicotine options. Bulk ready at Vapebulkp.com.","robots":{"index":"index","follow":"follow","max-snippet":"max-snippet:-1","max-image-preview":"max-image-preview:large","max-video-preview":"max-video-preview:-1"},"canonical":"https:\/\/vapebulkp.com\/da\/vare\/aivono-aim-fatmax-50000-puffs-vape-wholesale-price\/","og_locale":"da_DK","og_type":"article","og_title":"AIVONO AIM FATMAX 50000 Puffs Vape Wholesale Price - vapebulkp.com","og_description":"Shop AIVONO AIM FATMAX 50000 Puff Vape with smart display, Type-C charging, 0.6\u03a9 mesh coil, and 4 nicotine options. Bulk ready at Vapebulkp.com.","og_url":"https:\/\/vapebulkp.com\/da\/vare\/aivono-aim-fatmax-50000-puffs-vape-wholesale-price\/","og_site_name":"vapebulkp.com","article_modified_time":"2025-09-17T08:37:32+00:00","og_image":[{"width":800,"height":800,"url":"http:\/\/vapebulkp.com\/wp-content\/uploads\/2025\/05\/50000-Puff-Disposable-Vape-AIM-FATMAX-Wholesale-Vape.webp","type":"image\/webp"}],"twitter_card":"summary_large_image","twitter_misc":{"Estimeret l\u00e6setid":"4 minutter"},"schema":{"@context":"https:\/\/schema.org","@graph":[{"@type":"WebPage","@id":"https:\/\/vapebulkp.com\/product\/aivono-aim-fatmax-50000-puffs-vape-wholesale-price\/","url":"https:\/\/vapebulkp.com\/product\/aivono-aim-fatmax-50000-puffs-vape-wholesale-price\/","name":"AIVONO AIM FATMAX 50000 Puffs Vape Wholesale Price - vapebulkp.com","isPartOf":{"@id":"https:\/\/vapebulkp.com\/#website"},"datePublished":"2025-05-21T09:11:16+00:00","dateModified":"2025-09-17T08:37:32+00:00","description":"Shop AIVONO AIM FATMAX 50000 Puff Vape with smart display, Type-C charging, 0.6\u03a9 mesh coil, and 4 nicotine options. Bulk ready at Vapebulkp.com.","breadcrumb":{"@id":"https:\/\/vapebulkp.com\/product\/aivono-aim-fatmax-50000-puffs-vape-wholesale-price\/#breadcrumb"},"inLanguage":"da-DK","potentialAction":[{"@type":"ReadAction","target":["https:\/\/vapebulkp.com\/product\/aivono-aim-fatmax-50000-puffs-vape-wholesale-price\/"]}]},{"@type":"BreadcrumbList","@id":"https:\/\/vapebulkp.com\/product\/aivono-aim-fatmax-50000-puffs-vape-wholesale-price\/#breadcrumb","itemListElement":[{"@type":"ListItem","position":1,"name":"Home","item":"https:\/\/vapebulkp.com\/"},{"@type":"ListItem","position":2,"name":"Hot Trend Vapes","item":"https:\/\/vapebulkp.com\/vape-shop\/"},{"@type":"ListItem","position":3,"name":"AIVONO AIM FATMAX 50000 Puffs Vape Wholesale Price"}]},{"@type":"WebSite","@id":"https:\/\/vapebulkp.com\/#website","url":"https:\/\/vapebulkp.com\/","name":"vapebulkp.com","description":"Buy Vape In Cheap Bulk Price Near you","publisher":{"@id":"https:\/\/vapebulkp.com\/#organization"},"potentialAction":[{"@type":"SearchAction","target":{"@type":"EntryPoint","urlTemplate":"https:\/\/vapebulkp.com\/?s={search_term_string}"},"query-input":"required name=search_term_string"}],"inLanguage":"da-DK"},{"@type":"Organization","@id":"https:\/\/vapebulkp.com\/#organization","name":"vapebulkp.com","url":"https:\/\/vapebulkp.com\/","logo":{"@type":"ImageObject","inLanguage":"da-DK","@id":"https:\/\/vapebulkp.com\/#\/schema\/logo\/image\/","url":"https:\/\/vapebulkp.com\/wp-content\/uploads\/2023\/09\/cropped-vapebulkp.png","contentUrl":"https:\/\/vapebulkp.com\/wp-content\/uploads\/2023\/09\/cropped-vapebulkp.png","width":516,"height":163,"caption":"vapebulkp.com"},"image":{"@id":"https:\/\/vapebulkp.com\/#\/schema\/logo\/image\/"}}]}},"uagb_featured_image_src":{"full":["https:\/\/vapebulkp.com\/wp-content\/uploads\/2025\/05\/50000-Puff-Disposable-Vape-AIM-FATMAX-Wholesale-Vape.webp",800,800,false],"thumbnail":["https:\/\/vapebulkp.com\/wp-content\/uploads\/2025\/05\/50000-Puff-Disposable-Vape-AIM-FATMAX-Wholesale-Vape-150x150.webp",150,150,true],"medium":["https:\/\/vapebulkp.com\/wp-content\/uploads\/2025\/05\/50000-Puff-Disposable-Vape-AIM-FATMAX-Wholesale-Vape-300x300.webp",300,300,true],"medium_large":["https:\/\/vapebulkp.com\/wp-content\/uploads\/2025\/05\/50000-Puff-Disposable-Vape-AIM-FATMAX-Wholesale-Vape-768x768.webp",768,768,true],"large":["https:\/\/vapebulkp.com\/wp-content\/uploads\/2025\/05\/50000-Puff-Disposable-Vape-AIM-FATMAX-Wholesale-Vape.webp",800,800,false],"1536x1536":["https:\/\/vapebulkp.com\/wp-content\/uploads\/2025\/05\/50000-Puff-Disposable-Vape-AIM-FATMAX-Wholesale-Vape.webp",800,800,false],"2048x2048":["https:\/\/vapebulkp.com\/wp-content\/uploads\/2025\/05\/50000-Puff-Disposable-Vape-AIM-FATMAX-Wholesale-Vape.webp",800,800,false],"trp-custom-language-flag":["https:\/\/vapebulkp.com\/wp-content\/uploads\/2025\/05\/50000-Puff-Disposable-Vape-AIM-FATMAX-Wholesale-Vape.webp",12,12,false],"woocommerce_thumbnail":["https:\/\/vapebulkp.com\/wp-content\/uploads\/2025\/05\/50000-Puff-Disposable-Vape-AIM-FATMAX-Wholesale-Vape-300x300.webp",300,300,true],"woocommerce_single":["https:\/\/vapebulkp.com\/wp-content\/uploads\/2025\/05\/50000-Puff-Disposable-Vape-AIM-FATMAX-Wholesale-Vape-600x600.webp",600,600,true],"woocommerce_gallery_thumbnail":["https:\/\/vapebulkp.com\/wp-content\/uploads\/2025\/05\/50000-Puff-Disposable-Vape-AIM-FATMAX-Wholesale-Vape-100x100.webp",100,100,true],"wcpr-photo-reviews":["https:\/\/vapebulkp.com\/wp-content\/uploads\/2025\/05\/50000-Puff-Disposable-Vape-AIM-FATMAX-Wholesale-Vape.webp",500,500,false]},"uagb_author_info":{"display_name":"Mandy vape bulk price","author_link":"https:\/\/vapebulkp.com\/da\/author\/"},"uagb_comment_info":0,"uagb_excerpt":"\u00a0AIVONO AIM FATMAX 50000 Puffs Disposable Vapes. Long-lasting performance, rich flavors, and rechargeable convenience. Wholesale available now. Pls Contact Mandy's WhatsApp For Discount Price+8618077105796 NOTE: Prices on our website does not include shipping costs &nbsp;","_links":{"self":[{"href":"https:\/\/vapebulkp.com\/da\/wp-json\/wp\/v2\/product\/3777","targetHints":{"allow":["GET"]}}],"collection":[{"href":"https:\/\/vapebulkp.com\/da\/wp-json\/wp\/v2\/product"}],"about":[{"href":"https:\/\/vapebulkp.com\/da\/wp-json\/wp\/v2\/types\/product"}],"replies":[{"embeddable":true,"href":"https:\/\/vapebulkp.com\/da\/wp-json\/wp\/v2\/comments?post=3777"}],"wp:featuredmedia":[{"embeddable":true,"href":"https:\/\/vapebulkp.com\/da\/wp-json\/wp\/v2\/media\/3769"}],"wp:attachment":[{"href":"https:\/\/vapebulkp.com\/da\/wp-json\/wp\/v2\/media?parent=3777"}],"wp:term":[{"taxonomy":"product_cat","embeddable":true,"href":"https:\/\/vapebulkp.com\/da\/wp-json\/wp\/v2\/product_cat?post=3777"},{"taxonomy":"product_tag","embeddable":true,"href":"https:\/\/vapebulkp.com\/da\/wp-json\/wp\/v2\/product_tag?post=3777"}],"curies":[{"name":"wp","href":"https:\/\/api.w.org\/{rel}","templated":true}]}}