{"id":3850,"date":"2025-06-14T11:08:05","date_gmt":"2025-06-14T09:08:05","guid":{"rendered":"https:\/\/vapebulkp.com\/?post_type=product&#038;p=3850"},"modified":"2025-09-24T05:57:47","modified_gmt":"2025-09-24T03:57:47","slug":"fizzy-twins-50000-puffs-high-puff-count-vape-kits-bulk-price","status":"publish","type":"product","link":"https:\/\/vapebulkp.com\/da\/product\/fizzy-twins-50000-puffs-high-puff-count-vape-kits-bulk-price\/","title":{"rendered":"Fizzy Twins 50000 Pust High Puff Count Vape Kits Engrospris"},"content":{"rendered":"<h2 style=\"text-align: left\">Fizzy Twins 50000 Pust High Puff Count Vape Kits Engrospris<\/h2>\n<p>Fizzy Twins <a href=\"https:\/\/vapebulkp.com\/da\/product-category\/50000-puffs-disposable-vape\/\"><strong>50000 sug engangs-vape<\/strong><\/a> er det ultimative valg for vapers, der s\u00f8ger langvarig ydeevne og en uovertruffen smagsvariation. Denne innovative e-cigaret er designet med et dobbelt smagsskiftesystem, der giver dig mulighed for at nyde to forskellige e-v\u00e6skesmag i en enkelt enhed. Det er en game-changer for enhver, der \u00f8nsker at skifte smag p\u00e5 farten uden at skulle b\u00e6re flere vapes.<\/p>\n<p>Denne genopladelige vape er bygget til kraft og udholdenhed, drevet af et 850mAh batteri og udstyret med Type-C hurtigopladning, hvilket sikrer ensartet ydeevne og minimal nedetid. Den avancerede mesh-coil teknologi garanterer j\u00e6vn dampproduktion og rig smagslevering gennem hele enhedens omfattende levetid.<\/p>\n<p>Med en massiv e-v\u00e6skekapacitet p\u00e5 50mL og et 50.000 puff-antal, tilbyder Fizzy Twins utrolig v\u00e6rdi. Det smarte LED-display holder dig informeret om batterilevetid, puff-tilstand og e-v\u00e6skestatus, hvilket giver dig fuld kontrol. Den har ogs\u00e5 justerbar luftstr\u00f8m og dobbelte dampetilstande, s\u00e5 du fuldt ud kan tilpasse din oplevelse. Uanset om du er en smagsj\u00e6ger eller en skyelsker, leverer Fizzy Twins 50000 bekvemmelighed, kraft og tilfredshed i hver ind\u00e5nding.<\/p>\n<h6>Kontakt venligst Mandys WhatsApp for rabatpris<a href=\"https:\/\/wa.me\/8618077105796\">+8618077105796<\/a><\/h6>\n<p><img decoding=\"async\" class=\"alignnone wp-image-2151\" src=\"http:\/\/vapebulkp.com\/wp-content\/uploads\/2024\/04\/Mandy-WhatsApp-Randm.jpg\" alt=\"Mandy WhatsApp Randm\" width=\"324\" height=\"330\" \/><\/p>\n<div class=\"flex max-w-full flex-col flex-grow\">\n<div class=\"min-h-8 text-message flex w-full flex-col items-end gap-2 whitespace-normal break-words text-start [.text-message+&amp;]:mt-5\" dir=\"auto\" data-message-author-role=\"assistant\" data-message-id=\"d24cf626-c018-4805-80f5-44de047f2ba0\" data-message-model-slug=\"gpt-4o\">\n<div class=\"flex w-full flex-col gap-1 empty:hidden first:pt-[3px]\">\n<div class=\"markdown prose w-full break-words dark:prose-invert light\">\n<h2>Hvorfor k\u00f8be Fizzy Twins 50000 Puffs hos <a href=\"https:\/\/vapebulkp.com\/da\/vape-shop\/\">Vapebulkp.com<\/a>?<\/h2>\n<p data-start=\"266\" data-end=\"579\">Hos Vapebulkp.com skiller Fizzy Twins 50000 Puffs engangsvape sig ud som en h\u00f8jtydende, alsidig vapingl\u00f8sning, der leverer op til 50.000 puffs med dobbelte smage i \u00e9n slank enhed. Nyd en forh\u00f8jet vapingoplevelse med avanceret mesh-coil teknologi for j\u00e6vn, konsekvent dampproduktion, sammen med et 850mAh genopladeligt batteri med hurtig Type-C opladning, dobbelt luftstr\u00f8mskontrol og tilpasselige tilstandsindstillinger. Med et smart LED-display og en gener\u00f8s 50mL e-v\u00e6skekapacitet, tilg\u00e6ngelig i b\u00e5de 2% og 5% nikotinstyrker, kombinerer denne enhed innovation og bekvemmelighed i \u00e9n pakke, hvilket g\u00f8r den til det foretrukne valg for vapers, der s\u00f8ger langvarig ydeevne og exceptionel v\u00e6rdi\u2014alt sammen udelukkende tilg\u00e6ngeligt hos Vapebulkp.com.<\/p>\n<\/div>\n<\/div>\n<\/div>\n<\/div>\n<h2>Fizzy Twins 50000 Puffs Engangsvape N\u00f8glespecifikationer:<\/h2>\n<ul>\n<li data-start=\"127\" data-end=\"160\">\n<p data-start=\"129\" data-end=\"160\"><strong data-start=\"129\" data-end=\"138\">Pust<\/strong>: Op til 50.000 Puffs<\/p>\n<\/li>\n<li data-start=\"161\" data-end=\"220\">\n<p data-start=\"163\" data-end=\"220\"><strong data-start=\"163\" data-end=\"180\">Smagssystem<\/strong>: Dobbelt smag i 1 enhed (Kan skiftes)<\/p>\n<\/li>\n<li data-start=\"221\" data-end=\"285\">\n<p data-start=\"223\" data-end=\"285\"><strong data-start=\"223\" data-end=\"236\">Spoletype<\/strong>: Avanceret mesh-coil for j\u00e6vn og t\u00e6t damp<\/p>\n<\/li>\n<li data-start=\"286\" data-end=\"349\">\n<p data-start=\"288\" data-end=\"349\"><strong data-start=\"288\" data-end=\"305\">Tilstandsindstillinger<\/strong>: 2 dampetilstande for tilpasset oplevelse<\/p>\n<\/li>\n<li data-start=\"350\" data-end=\"406\">\n<p data-start=\"352\" data-end=\"406\"><strong data-start=\"352\" data-end=\"371\">Luftstr\u00f8mskontrol<\/strong>: Dobbelte justerbare luftstr\u00f8msmuligheder<\/p>\n<\/li>\n<li data-start=\"407\" data-end=\"472\">\n<p data-start=\"409\" data-end=\"472\"><strong data-start=\"409\" data-end=\"430\">E-v\u00e6ske kapacitet<\/strong>: 50mL Forfyldt nikotinsalt e-v\u00e6ske<\/p>\n<\/li>\n<li data-start=\"473\" data-end=\"529\">\n<p data-start=\"475\" data-end=\"529\"><strong data-start=\"475\" data-end=\"496\">Nikotinstyrke<\/strong>: 2% \/ 5% (Afh\u00e6ngig af region)<\/p>\n<\/li>\n<li data-start=\"530\" data-end=\"591\">\n<p data-start=\"532\" data-end=\"591\"><strong data-start=\"532\" data-end=\"552\">Batterikapacitet<\/strong>: 850mAh Genopladelig via Type-C Port<\/p>\n<\/li>\n<li data-start=\"592\" data-end=\"635\">\n<p data-start=\"594\" data-end=\"635\"><strong data-start=\"594\" data-end=\"611\">Opladningsport<\/strong>: Hurtig Type-C opladning<\/p>\n<\/li>\n<li data-start=\"636\" data-end=\"703\">\n<p data-start=\"638\" data-end=\"703\"><strong data-start=\"638\" data-end=\"649\">Sk\u00e6rm<\/strong>LED-sk\u00e6rm til batteri, E-v\u00e6ske<\/p>\n<\/li>\n<\/ul>\n<h2><strong>Fizzy Twins 50000 Pust 2-i-1 Vapes Smagsliste<\/strong><\/h2>\n<p>1. vandmelon is<br \/>\n2. jordb\u00e6r kiwi granat\u00e6ble<br \/>\n3. bl\u00e5b\u00e6r kokosn\u00f8d<br \/>\n4. bl\u00e5 hindb\u00e6r limonade<br \/>\n5. jordb\u00e6r vandmelon<br \/>\n6. fersken mango vandmelon<br \/>\n7. hindb\u00e6r vandmelon<br \/>\n8. ananas fersken passionsfrugt<br \/>\n9. vandmelon is<br \/>\n10. blandede b\u00e6r<br \/>\n11. jordb\u00e6r is<br \/>\n12. hindb\u00e6r limonade<\/p>\n<p><a href=\"https:\/\/vapebulkp.com\/da\/product\/uwin-twins-crystal-40000-puffs-long-lasting-disposable-vape\/\"><span style=\"vertical-align: inherit\">UWIN Twin Crystal 40000 Pust <\/span><\/a><\/p>\n<p><span style=\"vertical-align: inherit\">Find flere produkter du m\u00e5ske kan lide:<\/span><em><a href=\"https:\/\/wa.me\/8618077105796\"><span style=\"vertical-align: inherit\">\u00a0K\u00f8b den nu<\/span><\/a><\/em><\/p>\n<p><span style=\"vertical-align: inherit\">Andre Puffs du m\u00e5ske kan lide:<\/span><a href=\"https:\/\/vapebulkp.com\/da\/product\/wholesale-price-bang-kingdoms-rex-32000-puffs-vape-pod\/\"><span style=\"vertical-align: inherit\">Bang Kingdoms 32000Puffs<\/span><\/a><span style=\"vertical-align: inherit\">\u3001<\/span><a href=\"https:\/\/vapebulkp.com\/da\/product\/bang-blaze-60000-puffs-4-in1-disposable-vape-for-wholesale-price\/\"><span style=\"vertical-align: inherit\">Bang Blaze 60000 pust<\/span><\/a><span style=\"vertical-align: inherit\">\/ <\/span><a href=\"https:\/\/vapebulkp.com\/da\/product\/waspe-3in1-60000-puffs-disposable-vape-high-capacity\/\"><span style=\"vertical-align: inherit\">WASPE 3 i 1 60000 sug<\/span><\/a><span style=\"vertical-align: inherit\">\/ <\/span><a href=\"https:\/\/vapebulkp.com\/da\/product\/waspe-vape-40000-puff-fihp-double-flavour-disposable-vape\/\"><span style=\"vertical-align: inherit\">WASPE 40000 pust<\/span><\/a><\/p>\n<p><span style=\"vertical-align: inherit\">E-cigaret flaske med special form:<\/span><a href=\"https:\/\/vapebulkp.com\/da\/product\/waspe-crystal-vape-40000-puffs-disposable-e-cigarette-dual-flavors-wholesale-price\/\"><span style=\"vertical-align: inherit\"> WASPE Crystal 40000 sug<\/span><\/a><span style=\"vertical-align: inherit\">\/ <\/span><a href=\"https:\/\/vapebulkp.com\/da\/product\/vapme-digital-30000-puffs-disposable-vape-with-smart-screen\/\"><span style=\"vertical-align: inherit\">\u00a0Vapme Digital 30000 Pust <\/span><\/a><span style=\"vertical-align: inherit\">\/<\/span><a href=\"https:\/\/vapebulkp.com\/da\/product\/stag-bar-star-15000-puffs-high-capacity-vape-device\/\"><span style=\"vertical-align: inherit\"> Stag bar star 15000 Pust<\/span><\/a><\/p>\n<h2>Ofte stillede sp\u00f8rgsm\u00e5l om Fizzy Twins 50000 Pust vape<\/h2>\n<p data-start=\"101\" data-end=\"260\"><strong data-start=\"101\" data-end=\"167\">S: Hvor mange pust giver Fizzy 50000 Pust vape?<\/strong><br data-start=\"167\" data-end=\"170\" \/>A: Fizzy Twins 50000 Pust vape giver op til 50000 pust for ultra-langvarig brug.<\/p>\n<p data-start=\"442\" data-end=\"598\"><strong data-start=\"442\" data-end=\"498\">S: Kan Fizzy Twins 50k Pust vape genoplades?<\/strong><br data-start=\"498\" data-end=\"501\" \/>A: Ja, Fizzy Twins 50000 Pust vape kommer med et 850mAh batteri og en Type-C opladningsport.<\/p>\n<p data-start=\"600\" data-end=\"760\"><strong data-start=\"600\" data-end=\"671\">Q: Hvor meget e-v\u00e6ske indeholder Fizzy vape 50k Puffs?<\/strong><br data-start=\"671\" data-end=\"674\" \/>A: Fizzy 50000 Puffs vape er fyldt med 50 ml nikotinsalt e-v\u00e6ske.<\/p>\n<p data-start=\"762\" data-end=\"932\"><strong data-start=\"762\" data-end=\"841\">Q: Hvilke nikotinniveauer er tilg\u00e6ngelige for Fizzy 50k vape?<\/strong><br data-start=\"841\" data-end=\"844\" \/>A: Fizzy Twins 50k Puffs vape f\u00e5s i 2% og 5% nikotinstyrke.<\/p>\n<h3>Forsendelsesdetaljer:<\/h3>\n<p><span style=\"color: #ff6600\">Produktionstid: 5-10 arbejdsdage<\/span><br \/>\n<span style=\"color: #ff6600\">Leveringstid: 8-14 arbejdsdage<\/span><\/p>\n<p>Alle produkter i vores butik er 100% originale og autentiske, s\u00e5 ti gange kompensation for falske varer er vores butikspolitik. Vi bruger logistikkanaler som UPS\/DHL\/FEDEX\/DPD til at levere varer til dig.<\/p>\n<p>For pakker sendt til Danmark tager det normalt 10 arbejdsdage at ankomme. Forsendelse til europ\u00e6iske lande tager normalt 12 til 15 arbejdsdage at ankomme. Vi vil opdatere logistikinformationen for dig i realtid.<\/p>","protected":false},"excerpt":{"rendered":"<p>K\u00f8b Fizzy Twins 50000 Puffs Vape hos Vapebulkpcom med dual mode airflow, 850mAh batteri, 2 procent eller 5 procent nikotin og f\u00f8rsteklasses dampkvalitet.<\/p>\n<p>Kontakt venligst Mandys WhatsApp for rabatpris<a href=\"https:\/\/wa.me\/8618077105796\">+8618077105796<\/a><\/p>\n<p><img decoding=\"async\" class=\"alignnone wp-image-2151\" src=\"http:\/\/vapebulkp.com\/wp-content\/uploads\/2024\/04\/Mandy-WhatsApp-Randm.jpg\" alt=\"Mandy WhatsApp Randm\" width=\"297\" height=\"316\" srcset=\"https:\/\/vapebulkp.com\/wp-content\/uploads\/2024\/04\/Mandy-WhatsApp-Randm.jpg 916w, https:\/\/vapebulkp.com\/wp-content\/uploads\/2024\/04\/Mandy-WhatsApp-Randm-282x300.jpg 282w, https:\/\/vapebulkp.com\/wp-content\/uploads\/2024\/04\/Mandy-WhatsApp-Randm-768x817.jpg 768w, https:\/\/vapebulkp.com\/wp-content\/uploads\/2024\/04\/Mandy-WhatsApp-Randm-600x638.jpg 600w\" sizes=\"(max-width: 297px) 100vw, 297px\" \/><\/p>\n<p><span style=\"color: #ff0000\">BEM\u00c6RK: Priserne p\u00e5 vores hjemmeside inkluderer ikke forsendelsesomkostninger<\/span><\/p>\n<p>&nbsp;<\/p>","protected":false},"featured_media":3847,"comment_status":"open","ping_status":"closed","template":"","meta":{"_uag_custom_page_level_css":"","_lmt_disableupdate":"no","_lmt_disable":"","site-sidebar-layout":"default","site-content-layout":"content-boxed-container","ast-site-content-layout":"normal-width-container","site-content-style":"boxed","site-sidebar-style":"unboxed","ast-global-header-display":"","ast-banner-title-visibility":"","ast-main-header-display":"","ast-hfb-above-header-display":"","ast-hfb-below-header-display":"","ast-hfb-mobile-header-display":"","site-post-title":"","ast-breadcrumbs-content":"","ast-featured-img":"","footer-sml-layout":"","theme-transparent-header-meta":"default","adv-header-id-meta":"","stick-header-meta":"","header-above-stick-meta":"","header-main-stick-meta":"","header-below-stick-meta":"","astra-migrate-meta-layouts":"set","_joinchat":[]},"product_cat":[194,153,155,351,33,59,100,87,34,158,157,154,152,58,84,156,63,32],"product_tag":[256,36,37,41,286,40],"class_list":["post-3850","product","type-product","status-publish","has-post-thumbnail","hentry","product_cat-50000-puffs-disposable-vape","product_cat-hot-disposable-vapes","product_cat-belgium-hot-disposable-vapes","product_cat-fizzy-vape","product_cat-france-vape-hot-sale","product_cat-germany-hot-disposable-vape","product_cat-germany-wholesale-vape-shop","product_cat-minimum-order-quantity-50pcs","product_cat-netherlands-vape-good-sale","product_cat-norway-hot-disposable-vapes","product_cat-poland-hot-disposable-vapes","product_cat-portugal-hot-disposable-vapes","product_cat-spain-hot-disposable-vapes","product_cat-sweden-hot-disposable-vape","product_cat-sweden-wholesale-vape","product_cat-switzerland-hot-disposable-vapes","product_cat-top-sale-disposable-vape","product_cat-vape-hot-sale-this-week","product_tag-fizzy-twins-50000-puffs","product_tag-good-vape","product_tag-hot-sale-disposable-vape","product_tag-poland-hot-vape","product_tag-puffs-stock-in-europe","product_tag-sweden-hot-vape","pa_brand-fizzy-vape","desktop-align-left","tablet-align-left","mobile-align-left"],"yoast_head":"<!-- This site is optimized with the Yoast SEO plugin v21.1 - https:\/\/yoast.com\/wordpress\/plugins\/seo\/ -->\n<title>Fizzy Twins 50000 Puffs High Puff Count Vape Kits Bulk Price - vapebulkp.com<\/title>\n<meta name=\"description\" content=\"Shop Fizzy Twins 50000 Puffs Disposable Vape at Vapebulkpcom Enjoy dual flavors mesh coil 850mAh battery adjustable airflow and 50ml capacity\" \/>\n<meta name=\"robots\" content=\"index, follow, max-snippet:-1, max-image-preview:large, max-video-preview:-1\" \/>\n<link rel=\"canonical\" href=\"https:\/\/vapebulkp.com\/da\/product\/fizzy-twins-50000-puffs-high-puff-count-vape-kits-bulk-price\/\" \/>\n<meta property=\"og:locale\" content=\"da_DK\" \/>\n<meta property=\"og:type\" content=\"article\" \/>\n<meta property=\"og:title\" content=\"Fizzy Twins 50000 Puffs High Puff Count Vape Kits Bulk Price - vapebulkp.com\" \/>\n<meta property=\"og:description\" content=\"Shop Fizzy Twins 50000 Puffs Disposable Vape at Vapebulkpcom Enjoy dual flavors mesh coil 850mAh battery adjustable airflow and 50ml capacity\" \/>\n<meta property=\"og:url\" content=\"https:\/\/vapebulkp.com\/da\/product\/fizzy-twins-50000-puffs-high-puff-count-vape-kits-bulk-price\/\" \/>\n<meta property=\"og:site_name\" content=\"vapebulkp.com\" \/>\n<meta property=\"article:modified_time\" content=\"2025-09-24T03:57:47+00:00\" \/>\n<meta property=\"og:image\" content=\"http:\/\/vapebulkp.com\/wp-content\/uploads\/2025\/06\/Fizzy-Twins-High-Puff-Count-Vape-50000-Puffs-Disposable-E-Cigarette-for-Sale.webp\" \/>\n\t<meta property=\"og:image:width\" content=\"800\" \/>\n\t<meta property=\"og:image:height\" content=\"800\" \/>\n\t<meta property=\"og:image:type\" content=\"image\/webp\" \/>\n<meta name=\"twitter:card\" content=\"summary_large_image\" \/>\n<meta name=\"twitter:label1\" content=\"Estimeret l\u00e6setid\" \/>\n\t<meta name=\"twitter:data1\" content=\"4 minutter\" \/>\n<script type=\"application\/ld+json\" class=\"yoast-schema-graph\">{\"@context\":\"https:\/\/schema.org\",\"@graph\":[{\"@type\":\"WebPage\",\"@id\":\"https:\/\/vapebulkp.com\/product\/fizzy-twins-50000-puffs-high-puff-count-vape-kits-bulk-price\/\",\"url\":\"https:\/\/vapebulkp.com\/product\/fizzy-twins-50000-puffs-high-puff-count-vape-kits-bulk-price\/\",\"name\":\"Fizzy Twins 50000 Puffs High Puff Count Vape Kits Bulk Price - vapebulkp.com\",\"isPartOf\":{\"@id\":\"https:\/\/vapebulkp.com\/#website\"},\"datePublished\":\"2025-06-14T09:08:05+00:00\",\"dateModified\":\"2025-09-24T03:57:47+00:00\",\"description\":\"Shop Fizzy Twins 50000 Puffs Disposable Vape at Vapebulkpcom Enjoy dual flavors mesh coil 850mAh battery adjustable airflow and 50ml capacity\",\"breadcrumb\":{\"@id\":\"https:\/\/vapebulkp.com\/product\/fizzy-twins-50000-puffs-high-puff-count-vape-kits-bulk-price\/#breadcrumb\"},\"inLanguage\":\"da-DK\",\"potentialAction\":[{\"@type\":\"ReadAction\",\"target\":[\"https:\/\/vapebulkp.com\/product\/fizzy-twins-50000-puffs-high-puff-count-vape-kits-bulk-price\/\"]}]},{\"@type\":\"BreadcrumbList\",\"@id\":\"https:\/\/vapebulkp.com\/product\/fizzy-twins-50000-puffs-high-puff-count-vape-kits-bulk-price\/#breadcrumb\",\"itemListElement\":[{\"@type\":\"ListItem\",\"position\":1,\"name\":\"Home\",\"item\":\"https:\/\/vapebulkp.com\/\"},{\"@type\":\"ListItem\",\"position\":2,\"name\":\"Hot Trend Vapes\",\"item\":\"https:\/\/vapebulkp.com\/vape-shop\/\"},{\"@type\":\"ListItem\",\"position\":3,\"name\":\"Fizzy Twins 50000 Puffs High Puff Count Vape Kits Bulk Price\"}]},{\"@type\":\"WebSite\",\"@id\":\"https:\/\/vapebulkp.com\/#website\",\"url\":\"https:\/\/vapebulkp.com\/\",\"name\":\"vapebulkp.com\",\"description\":\"Buy Vape In Cheap Bulk Price Near you\",\"publisher\":{\"@id\":\"https:\/\/vapebulkp.com\/#organization\"},\"potentialAction\":[{\"@type\":\"SearchAction\",\"target\":{\"@type\":\"EntryPoint\",\"urlTemplate\":\"https:\/\/vapebulkp.com\/?s={search_term_string}\"},\"query-input\":\"required name=search_term_string\"}],\"inLanguage\":\"da-DK\"},{\"@type\":\"Organization\",\"@id\":\"https:\/\/vapebulkp.com\/#organization\",\"name\":\"vapebulkp.com\",\"url\":\"https:\/\/vapebulkp.com\/\",\"logo\":{\"@type\":\"ImageObject\",\"inLanguage\":\"da-DK\",\"@id\":\"https:\/\/vapebulkp.com\/#\/schema\/logo\/image\/\",\"url\":\"https:\/\/vapebulkp.com\/wp-content\/uploads\/2023\/09\/cropped-vapebulkp.png\",\"contentUrl\":\"https:\/\/vapebulkp.com\/wp-content\/uploads\/2023\/09\/cropped-vapebulkp.png\",\"width\":516,\"height\":163,\"caption\":\"vapebulkp.com\"},\"image\":{\"@id\":\"https:\/\/vapebulkp.com\/#\/schema\/logo\/image\/\"}}]}<\/script>\n<!-- \/ Yoast SEO plugin. -->","yoast_head_json":{"title":"Fizzy Twins 50000 Puffs High Puff Count Vape Kits Bulk Price - vapebulkp.com","description":"Shop Fizzy Twins 50000 Puffs Disposable Vape at Vapebulkpcom Enjoy dual flavors mesh coil 850mAh battery adjustable airflow and 50ml capacity","robots":{"index":"index","follow":"follow","max-snippet":"max-snippet:-1","max-image-preview":"max-image-preview:large","max-video-preview":"max-video-preview:-1"},"canonical":"https:\/\/vapebulkp.com\/da\/product\/fizzy-twins-50000-puffs-high-puff-count-vape-kits-bulk-price\/","og_locale":"da_DK","og_type":"article","og_title":"Fizzy Twins 50000 Puffs High Puff Count Vape Kits Bulk Price - vapebulkp.com","og_description":"Shop Fizzy Twins 50000 Puffs Disposable Vape at Vapebulkpcom Enjoy dual flavors mesh coil 850mAh battery adjustable airflow and 50ml capacity","og_url":"https:\/\/vapebulkp.com\/da\/product\/fizzy-twins-50000-puffs-high-puff-count-vape-kits-bulk-price\/","og_site_name":"vapebulkp.com","article_modified_time":"2025-09-24T03:57:47+00:00","og_image":[{"width":800,"height":800,"url":"http:\/\/vapebulkp.com\/wp-content\/uploads\/2025\/06\/Fizzy-Twins-High-Puff-Count-Vape-50000-Puffs-Disposable-E-Cigarette-for-Sale.webp","type":"image\/webp"}],"twitter_card":"summary_large_image","twitter_misc":{"Estimeret l\u00e6setid":"4 minutter"},"schema":{"@context":"https:\/\/schema.org","@graph":[{"@type":"WebPage","@id":"https:\/\/vapebulkp.com\/product\/fizzy-twins-50000-puffs-high-puff-count-vape-kits-bulk-price\/","url":"https:\/\/vapebulkp.com\/product\/fizzy-twins-50000-puffs-high-puff-count-vape-kits-bulk-price\/","name":"Fizzy Twins 50000 Puffs High Puff Count Vape Kits Bulk Price - vapebulkp.com","isPartOf":{"@id":"https:\/\/vapebulkp.com\/#website"},"datePublished":"2025-06-14T09:08:05+00:00","dateModified":"2025-09-24T03:57:47+00:00","description":"Shop Fizzy Twins 50000 Puffs Disposable Vape at Vapebulkpcom Enjoy dual flavors mesh coil 850mAh battery adjustable airflow and 50ml capacity","breadcrumb":{"@id":"https:\/\/vapebulkp.com\/product\/fizzy-twins-50000-puffs-high-puff-count-vape-kits-bulk-price\/#breadcrumb"},"inLanguage":"da-DK","potentialAction":[{"@type":"ReadAction","target":["https:\/\/vapebulkp.com\/product\/fizzy-twins-50000-puffs-high-puff-count-vape-kits-bulk-price\/"]}]},{"@type":"BreadcrumbList","@id":"https:\/\/vapebulkp.com\/product\/fizzy-twins-50000-puffs-high-puff-count-vape-kits-bulk-price\/#breadcrumb","itemListElement":[{"@type":"ListItem","position":1,"name":"Home","item":"https:\/\/vapebulkp.com\/"},{"@type":"ListItem","position":2,"name":"Hot Trend Vapes","item":"https:\/\/vapebulkp.com\/vape-shop\/"},{"@type":"ListItem","position":3,"name":"Fizzy Twins 50000 Puffs High Puff Count Vape Kits Bulk Price"}]},{"@type":"WebSite","@id":"https:\/\/vapebulkp.com\/#website","url":"https:\/\/vapebulkp.com\/","name":"vapebulkp.com","description":"Buy Vape In Cheap Bulk Price Near you","publisher":{"@id":"https:\/\/vapebulkp.com\/#organization"},"potentialAction":[{"@type":"SearchAction","target":{"@type":"EntryPoint","urlTemplate":"https:\/\/vapebulkp.com\/?s={search_term_string}"},"query-input":"required name=search_term_string"}],"inLanguage":"da-DK"},{"@type":"Organization","@id":"https:\/\/vapebulkp.com\/#organization","name":"vapebulkp.com","url":"https:\/\/vapebulkp.com\/","logo":{"@type":"ImageObject","inLanguage":"da-DK","@id":"https:\/\/vapebulkp.com\/#\/schema\/logo\/image\/","url":"https:\/\/vapebulkp.com\/wp-content\/uploads\/2023\/09\/cropped-vapebulkp.png","contentUrl":"https:\/\/vapebulkp.com\/wp-content\/uploads\/2023\/09\/cropped-vapebulkp.png","width":516,"height":163,"caption":"vapebulkp.com"},"image":{"@id":"https:\/\/vapebulkp.com\/#\/schema\/logo\/image\/"}}]}},"uagb_featured_image_src":{"full":["https:\/\/vapebulkp.com\/wp-content\/uploads\/2025\/06\/Fizzy-Twins-High-Puff-Count-Vape-50000-Puffs-Disposable-E-Cigarette-for-Sale.webp",800,800,false],"thumbnail":["https:\/\/vapebulkp.com\/wp-content\/uploads\/2025\/06\/Fizzy-Twins-High-Puff-Count-Vape-50000-Puffs-Disposable-E-Cigarette-for-Sale-150x150.webp",150,150,true],"medium":["https:\/\/vapebulkp.com\/wp-content\/uploads\/2025\/06\/Fizzy-Twins-High-Puff-Count-Vape-50000-Puffs-Disposable-E-Cigarette-for-Sale-300x300.webp",300,300,true],"medium_large":["https:\/\/vapebulkp.com\/wp-content\/uploads\/2025\/06\/Fizzy-Twins-High-Puff-Count-Vape-50000-Puffs-Disposable-E-Cigarette-for-Sale-768x768.webp",768,768,true],"large":["https:\/\/vapebulkp.com\/wp-content\/uploads\/2025\/06\/Fizzy-Twins-High-Puff-Count-Vape-50000-Puffs-Disposable-E-Cigarette-for-Sale.webp",800,800,false],"1536x1536":["https:\/\/vapebulkp.com\/wp-content\/uploads\/2025\/06\/Fizzy-Twins-High-Puff-Count-Vape-50000-Puffs-Disposable-E-Cigarette-for-Sale.webp",800,800,false],"2048x2048":["https:\/\/vapebulkp.com\/wp-content\/uploads\/2025\/06\/Fizzy-Twins-High-Puff-Count-Vape-50000-Puffs-Disposable-E-Cigarette-for-Sale.webp",800,800,false],"trp-custom-language-flag":["https:\/\/vapebulkp.com\/wp-content\/uploads\/2025\/06\/Fizzy-Twins-High-Puff-Count-Vape-50000-Puffs-Disposable-E-Cigarette-for-Sale.webp",12,12,false],"woocommerce_thumbnail":["https:\/\/vapebulkp.com\/wp-content\/uploads\/2025\/06\/Fizzy-Twins-High-Puff-Count-Vape-50000-Puffs-Disposable-E-Cigarette-for-Sale-300x300.webp",300,300,true],"woocommerce_single":["https:\/\/vapebulkp.com\/wp-content\/uploads\/2025\/06\/Fizzy-Twins-High-Puff-Count-Vape-50000-Puffs-Disposable-E-Cigarette-for-Sale-600x600.webp",600,600,true],"woocommerce_gallery_thumbnail":["https:\/\/vapebulkp.com\/wp-content\/uploads\/2025\/06\/Fizzy-Twins-High-Puff-Count-Vape-50000-Puffs-Disposable-E-Cigarette-for-Sale-100x100.webp",100,100,true],"wcpr-photo-reviews":["https:\/\/vapebulkp.com\/wp-content\/uploads\/2025\/06\/Fizzy-Twins-High-Puff-Count-Vape-50000-Puffs-Disposable-E-Cigarette-for-Sale.webp",500,500,false]},"uagb_author_info":{"display_name":"Mandy vape bulk price","author_link":"https:\/\/vapebulkp.com\/da\/author\/"},"uagb_comment_info":0,"uagb_excerpt":"Buy Fizzy Twins 50000 Puffs Vape at Vapebulkpcom with dual mode airflow, 850mAh battery, 2 percent or 5 percent nicotine, and premium vapor quality. Pls Contact Mandy's WhatsApp For Discount Price+8618077105796 NOTE: Prices on our website does not include shipping costs &nbsp;","_links":{"self":[{"href":"https:\/\/vapebulkp.com\/da\/wp-json\/wp\/v2\/product\/3850","targetHints":{"allow":["GET"]}}],"collection":[{"href":"https:\/\/vapebulkp.com\/da\/wp-json\/wp\/v2\/product"}],"about":[{"href":"https:\/\/vapebulkp.com\/da\/wp-json\/wp\/v2\/types\/product"}],"replies":[{"embeddable":true,"href":"https:\/\/vapebulkp.com\/da\/wp-json\/wp\/v2\/comments?post=3850"}],"wp:featuredmedia":[{"embeddable":true,"href":"https:\/\/vapebulkp.com\/da\/wp-json\/wp\/v2\/media\/3847"}],"wp:attachment":[{"href":"https:\/\/vapebulkp.com\/da\/wp-json\/wp\/v2\/media?parent=3850"}],"wp:term":[{"taxonomy":"product_cat","embeddable":true,"href":"https:\/\/vapebulkp.com\/da\/wp-json\/wp\/v2\/product_cat?post=3850"},{"taxonomy":"product_tag","embeddable":true,"href":"https:\/\/vapebulkp.com\/da\/wp-json\/wp\/v2\/product_tag?post=3850"}],"curies":[{"name":"wp","href":"https:\/\/api.w.org\/{rel}","templated":true}]}}