{"id":3859,"date":"2025-06-17T09:42:41","date_gmt":"2025-06-17T07:42:41","guid":{"rendered":"https:\/\/vapebulkp.com\/?post_type=product&#038;p=3859"},"modified":"2025-09-24T05:19:24","modified_gmt":"2025-09-24T03:19:24","slug":"vozol-rave-40000-puffs-hot-sale-nicotine-salt-disposable-vaporizer","status":"publish","type":"product","link":"https:\/\/vapebulkp.com\/da\/product\/vozol-rave-40000-puffs-hot-sale-nicotine-salt-disposable-vaporizer\/","title":{"rendered":"VOZOL RAVE 40000 Puffs Varmt Salg Nikotinsalt Engangsfordamper"},"content":{"rendered":"<h2 style=\"text-align: left\">VOZOL RAVE 40000 Puffs Varmt Salg Nikotinsalt Engangsfordamper<\/h2>\n<p data-start=\"342\" data-end=\"672\">Den <strong data-start=\"346\" data-end=\"388\">VOZOL RAVE <a href=\"https:\/\/vapebulkp.com\/da\/product-category\/40000-puffs-disposable-vape\/\">40000 sug engangs-vape<\/a><\/strong> er designet til brugere, der kr\u00e6ver kraft, udholdenhed og j\u00e6vn ydeevne ved hvert sug. Som en <strong data-start=\"483\" data-end=\"516\">engangs-vape med h\u00f8j kapacitet<\/strong>leverer den op til 40.000 sug i almindelig tilstand og 25.000 sug i overbelastningstilstand, hvilket g\u00f8r den til et p\u00e5lideligt valg for storforbrugere af damp og forhandlere i hele Europa.<\/p>\n<p data-start=\"674\" data-end=\"998\">Udstyret med et 1000mAh genopladeligt batteri og Type-C hurtigopladning er denne enhed en f\u00f8rende mulighed i kategorien <strong data-start=\"784\" data-end=\"819\">genopladelig engangs vape EU<\/strong> Engangs e-cigaretter <strong data-start=\"843\" data-end=\"866\">dobbelt mesh coil vape<\/strong> . Det avancerede<\/p>\n<p data-start=\"1000\" data-end=\"1250\">system forbedrer smag og dampens t\u00e6thed, mens justerbar luftstr\u00f8m giver brugerne kontrol over suge modstand og skyproduktion. <strong data-start=\"1020\" data-end=\"1045\">Fyldt med f\u00f8rsteklasses<\/strong>nikotinsalt vape 5%<\/p>\n<p data-start=\"1252\" data-end=\"1467\">Til <strong data-start=\"1256\" data-end=\"1281\">engros vape Europa<\/strong>sikrer VOZOL RAVE et tilfredsstillende 'throat hit' og en ensartet smag gennem hele dens levetid. Dens integrerede LED-lysdesign tilf\u00f8jer et stilfuldt, moderne pr\u00e6g, der appellerer til yngre europ\u00e6iske forbrugere.<\/p>\n<h6>Kontakt venligst Mandys WhatsApp for rabatpris<a href=\"https:\/\/wa.me\/8618077105796\">+8618077105796<\/a><\/h6>\n<p><img decoding=\"async\" class=\"alignnone wp-image-2151\" src=\"http:\/\/vapebulkp.com\/wp-content\/uploads\/2024\/04\/Mandy-WhatsApp-Randm.jpg\" alt=\"Mandy WhatsApp Randm\" width=\"324\" height=\"330\" \/><\/p>\n<div class=\"flex max-w-full flex-col flex-grow\">\n<div class=\"min-h-8 text-message flex w-full flex-col items-end gap-2 whitespace-normal break-words text-start [.text-message+&amp;]:mt-5\" dir=\"auto\" data-message-author-role=\"assistant\" data-message-id=\"d24cf626-c018-4805-80f5-44de047f2ba0\" data-message-model-slug=\"gpt-4o\">\n<div class=\"flex w-full flex-col gap-1 empty:hidden first:pt-[3px]\">\n<div class=\"markdown prose w-full break-words dark:prose-invert light\">\n<h2>er VOZOL RAVE 40000 Puffs en rentabel tilf\u00f8jelse til ethvert varelager, der kombinerer langvarig ydeevne, st\u00e6rk eftersp\u00f8rgsel og EU-lagertilg\u00e6ngelighed for hurtig og p\u00e5lidelig levering. <a href=\"https:\/\/vapebulkp.com\/da\/vape-shop\/\">Vapebulkp.com<\/a>?<\/h2>\n<ul>\n<li data-start=\"214\" data-end=\"356\">\n<p data-start=\"216\" data-end=\"356\"><strong data-start=\"216\" data-end=\"243\">Hvorfor k\u00f8be Nikotinsalt Vape i Danmark VOZOL RAVE 40000 Puffs hos<\/strong><br data-start=\"243\" data-end=\"246\" \/>100% Autentiske Produkter<\/p>\n<\/li>\n<li data-start=\"358\" data-end=\"505\">\n<p data-start=\"360\" data-end=\"505\"><strong data-start=\"360\" data-end=\"385\">Bedste Engrospriser<\/strong><br data-start=\"385\" data-end=\"388\" \/>Vi k\u00f8ber direkte fra VOZOL og verificerede distribut\u00f8rer, hvilket sikrer, at du modtager \u00e6gte enheder af h\u00f8j kvalitet.<\/p>\n<\/li>\n<li data-start=\"507\" data-end=\"650\">\n<p data-start=\"509\" data-end=\"650\"><strong data-start=\"509\" data-end=\"539\">F\u00e5 uovertruffen bulkpriss\u00e6tning p\u00e5 VOZOL RAVE 40000 Puffs \u2013 perfekt til forhandlere eller storbrugere, der s\u00f8ger v\u00e6rdi.<\/strong><br data-start=\"539\" data-end=\"542\" \/>Hurtig og P\u00e5lidelig Forsendelse<\/p>\n<\/li>\n<li data-start=\"652\" data-end=\"810\">\n<p data-start=\"654\" data-end=\"810\"><strong data-start=\"654\" data-end=\"684\">Nyd hurtige behandlingstider og forsendelse til hele verden med sporing i realtid, s\u00e5 du f\u00e5r din ordre til tiden.<\/strong><br data-start=\"684\" data-end=\"687\" \/>Dedikeret Kundesupport<\/p>\n<\/li>\n<li data-start=\"812\" data-end=\"924\">\n<p data-start=\"814\" data-end=\"924\"><strong data-start=\"814\" data-end=\"844\">Vores lydh\u00f8re team er her for at hj\u00e6lpe med eventuelle sp\u00f8rgsm\u00e5l f\u00f8r eller efter dit k\u00f8b \u2013 din tilfredshed er vores prioritet.<\/strong><br data-start=\"844\" data-end=\"847\" \/>K\u00f8b trygt med krypteret checkout og flere sikre betalingsmuligheder.<\/p>\n<\/li>\n<li data-start=\"926\" data-end=\"1045\">\n<p data-start=\"928\" data-end=\"1045\"><strong data-start=\"928\" data-end=\"953\">Garanti for friske varer<\/strong><br data-start=\"953\" data-end=\"956\" \/>Vi opretholder en h\u00f8j lageroms\u00e6tning for at sikre, at din vape ankommer frisk og klar til brug.<\/p>\n<\/li>\n<\/ul>\n<\/div>\n<\/div>\n<\/div>\n<\/div>\n<h2>VOZOL RAVE 40000 Puffs EU-vape med h\u00f8jt antal sug N\u00f8glefunktioner:<\/h2>\n<ul>\n<li data-start=\"141\" data-end=\"217\">\n<p data-start=\"143\" data-end=\"217\"><strong data-start=\"143\" data-end=\"155\">Batteri:<\/strong> Indbygget 1000mAh genopladeligt batteri til langvarig brug.<\/p>\n<\/li>\n<li data-start=\"218\" data-end=\"296\">\n<p data-start=\"220\" data-end=\"296\"><strong data-start=\"220\" data-end=\"233\">Belysning:<\/strong> Automatiske LED-lyseffekter for en stilfuld vapingoplevelse.<\/p>\n<\/li>\n<li data-start=\"297\" data-end=\"396\">\n<p data-start=\"299\" data-end=\"316\"><strong data-start=\"299\" data-end=\"314\">Pust Antal:<\/strong><\/p>\n<ul data-start=\"319\" data-end=\"396\">\n<li data-start=\"319\" data-end=\"357\">\n<p data-start=\"321\" data-end=\"357\">Op til 40.000 sug i normal tilstand<\/p>\n<\/li>\n<li data-start=\"360\" data-end=\"396\">\n<p data-start=\"362\" data-end=\"396\">Op til 25.000 sug i Surge-tilstand<\/p>\n<\/li>\n<\/ul>\n<\/li>\n<li data-start=\"397\" data-end=\"489\">\n<p data-start=\"399\" data-end=\"489\"><strong data-start=\"399\" data-end=\"418\">Spole<\/strong> Dobbelte mesh-spoler med justerbar luftstr\u00f8m for j\u00e6vn, smagfuld damp.<\/p>\n<\/li>\n<li data-start=\"490\" data-end=\"576\">\n<p data-start=\"492\" data-end=\"576\"><strong data-start=\"492\" data-end=\"514\">Nikotinstyrke:<\/strong> 5% (50mg\/ml) nikotinsalt for et st\u00e6rkt og tilfredsstillende hit.<\/p>\n<\/li>\n<li data-start=\"577\" data-end=\"638\">\n<p data-start=\"579\" data-end=\"638\"><strong data-start=\"579\" data-end=\"592\">Opladning:<\/strong> Hurtig og bekvem USB Type-C-opladningsport.<\/p>\n<\/li>\n<\/ul>\n<h2><strong>VOZOL RAVE 40000 Puffs Smagsliste<\/strong><\/h2>\n<p>1. Bl\u00e5 hindb\u00e6r-is<br \/>\n2. Bl\u00e5b\u00e6r-is<br \/>\n3. Bl\u00e5b\u00e6r vandmelon<br \/>\n4. Kirseb\u00e6r jordb\u00e6r<br \/>\n5. Cool Mint<br \/>\n6. Dobbelt \u00e6ble<br \/>\n7. Drue is<br \/>\n8. Love 777<br \/>\n9. Mango-is<br \/>\n10. Mango Fersken<br \/>\n11. Fersken is<br \/>\n12. Fersken Hindb\u00e6r Limonade<br \/>\n13. Jordb\u00e6r is<br \/>\n14. Jordb\u00e6r Kiwi<br \/>\n15. Jordb\u00e6r Mango<br \/>\n16. Jordb\u00e6r Vandmelon<br \/>\n17. Jordb\u00e6r Vandmelon Fersken<br \/>\n18. Vandmelon Bubblegum<br \/>\n19. Vandmelon is<br \/>\n20. Vandmelon Hindb\u00e6r Rancher<\/p>\n<p><span style=\"vertical-align: inherit\">Find flere produkter du m\u00e5ske kan lide:<\/span><em><a href=\"https:\/\/wa.me\/8618077105796\"><span style=\"vertical-align: inherit\">\u00a0K\u00f8b den nu<\/span><\/a><\/em><\/p>\n<p><span style=\"vertical-align: inherit\">Andre Puffs du m\u00e5ske kan lide:<\/span><a href=\"https:\/\/vapebulkp.com\/da\/product\/rahdm-tornado-45000-puffs-best-sale-disposable-vapes\/\"><span style=\"vertical-align: inherit\">Rahdm Tornado 45000Puffs<\/span><\/a><span style=\"vertical-align: inherit\">\u3001<\/span><a href=\"https:\/\/vapebulkp.com\/da\/product\/bang-blaze-60000-puffs-4-in1-disposable-vape-for-wholesale-price\/\"><span style=\"vertical-align: inherit\">Bang Blaze 60000 pust<\/span><\/a><span style=\"vertical-align: inherit\">\/ <\/span><a href=\"https:\/\/vapebulkp.com\/da\/product\/waspe-3in1-60000-puffs-disposable-vape-high-capacity\/\"><span style=\"vertical-align: inherit\">WASPE 3 i 1 60000 sug<\/span><\/a><span style=\"vertical-align: inherit\">\/ <\/span><a href=\"https:\/\/vapebulkp.com\/da\/product\/vozol-star-40000-puffs-disposable-vape-smooth-nicotine-salt\/\"><span style=\"vertical-align: inherit\">Vozol Star 40000 Puffs<\/span><\/a><\/p>\n<h2>FAQ om VOZOL RAVE 40k Puffs engangs-vape Danmark<\/h2>\n<p data-start=\"175\" data-end=\"384\"><strong data-start=\"175\" data-end=\"241\">Q1: Hvor mange sug giver VOZOL RAVE 40000 Puffs vapes egentlig?<\/strong><br data-start=\"241\" data-end=\"244\" \/><strong data-start=\"244\" data-end=\"250\">A:<\/strong> VOZOL RAVE giver op til 40.000 sug i normal tilstand og op til 25.000 sug i Surge-tilstand, afh\u00e6ngigt af brugsstil og indstillinger.<\/p>\n<p data-start=\"386\" data-end=\"569\"><strong data-start=\"386\" data-end=\"425\">Q2: Er Vozol 40000 Puffs vape genopladelig?<\/strong><br data-start=\"425\" data-end=\"428\" \/><strong data-start=\"428\" data-end=\"434\">A:<\/strong> Ja, den leveres med et indbygget 1000mAh genopladeligt batteri og har en USB Type-C-opladningsport for hurtig og nem opladning.<\/p>\n<p data-start=\"571\" data-end=\"755\"><strong data-start=\"571\" data-end=\"613\">Q3: Anvender Vozol Vapes 40000 Puffs nikotinsalt?<\/strong><br data-start=\"613\" data-end=\"616\" \/><strong data-start=\"616\" data-end=\"622\">A:<\/strong> Ja, VOZOL RAVE indeholder 5% (50mg\/ml) nikotinsalt, som giver et st\u00e6rkt og j\u00e6vnt hals-hit for tilfredsstillende nikotinlevering.<\/p>\n<p data-start=\"757\" data-end=\"931\"><strong data-start=\"757\" data-end=\"790\">Q4: Kan jeg justere luftstr\u00f8mmen p\u00e5 Vozol 40k puffs vape-enheden?<\/strong><br data-start=\"790\" data-end=\"793\" \/><strong data-start=\"793\" data-end=\"799\">A:<\/strong> Absolut. VOZOL RAVE inkluderer justerbar luftstr\u00f8mskontrol, som giver brugerne mulighed for at tilpasse deres sug for et strammere eller l\u00f8sere hit.<\/p>\n<h3>Forsendelsesdetaljer:<\/h3>\n<p><span style=\"color: #ff6600\">Produktionstid: 5-10 arbejdsdage<\/span><br \/>\n<span style=\"color: #ff6600\">Leveringstid: 8-14 arbejdsdage<\/span><\/p>\n<p>Alle produkter i vores butik er 100% originale og autentiske, s\u00e5 ti gange kompensation for falske varer er vores butikspolitik. Vi bruger logistikkanaler som UPS\/DHL\/FEDEX\/DPD til at levere varer til dig.<\/p>\n<p>For pakker sendt til Danmark tager det normalt 10 arbejdsdage at ankomme. Forsendelse til europ\u00e6iske lande tager normalt 12 til 15 arbejdsdage at ankomme. Vi vil opdatere logistikinformationen for dig i realtid.<\/p>","protected":false},"excerpt":{"rendered":"<p>F\u00e5 den <strong data-start=\"126\" data-end=\"168\">VOZOL RAVE 40000 Puffs engangs-vape<\/strong> nu med <strong data-start=\"178\" data-end=\"197\">dobbelte mesh-coils<\/strong>, <strong data-start=\"199\" data-end=\"221\">justerbar luftstr\u00f8m<\/strong>, og hurtig <strong data-start=\"232\" data-end=\"250\">USB-C opladning<\/strong>. Denne <strong data-start=\"257\" data-end=\"281\">vape med h\u00f8jt antal sug<\/strong> tilbyder op til 40.000 sug og 5% <strong data-start=\"315\" data-end=\"332\">nikotinsalt<\/strong> for en st\u00e6rk og behagelig oplevelse. Perfekt for dampere, der leder efter en <strong data-start=\"402\" data-end=\"434\">genopladelig engangs vape<\/strong> i Danmark. K\u00f8b <strong data-start=\"450\" data-end=\"468\">engros vape<\/strong> or <strong data-start=\"472\" data-end=\"511\">vape online til detailsalg i EU og Storbritannien<\/strong> at <strong data-start=\"515\" data-end=\"532\">Vapebulkp.com<\/strong>, din p\u00e5lidelige kilde til <strong data-start=\"558\" data-end=\"595\">autentiske engangs-vapes i Europa<\/strong>.<\/p>\n<p>Kontakt venligst Mandys WhatsApp for rabatpris<a href=\"https:\/\/wa.me\/8618077105796\">+8618077105796<\/a><\/p>\n<p><img decoding=\"async\" class=\"alignnone wp-image-2151\" src=\"http:\/\/vapebulkp.com\/wp-content\/uploads\/2024\/04\/Mandy-WhatsApp-Randm.jpg\" alt=\"Mandy WhatsApp Randm\" width=\"297\" height=\"316\" srcset=\"https:\/\/vapebulkp.com\/wp-content\/uploads\/2024\/04\/Mandy-WhatsApp-Randm.jpg 916w, https:\/\/vapebulkp.com\/wp-content\/uploads\/2024\/04\/Mandy-WhatsApp-Randm-282x300.jpg 282w, https:\/\/vapebulkp.com\/wp-content\/uploads\/2024\/04\/Mandy-WhatsApp-Randm-768x817.jpg 768w, https:\/\/vapebulkp.com\/wp-content\/uploads\/2024\/04\/Mandy-WhatsApp-Randm-600x638.jpg 600w\" sizes=\"(max-width: 297px) 100vw, 297px\" \/><\/p>\n<p><span style=\"color: #ff0000\">BEM\u00c6RK: Priserne p\u00e5 vores hjemmeside inkluderer ikke forsendelsesomkostninger<\/span><\/p>\n<p>&nbsp;<\/p>","protected":false},"featured_media":3854,"comment_status":"open","ping_status":"closed","template":"","meta":{"_uag_custom_page_level_css":"","_lmt_disableupdate":"no","_lmt_disable":"","site-sidebar-layout":"default","site-content-layout":"content-boxed-container","ast-site-content-layout":"normal-width-container","site-content-style":"boxed","site-sidebar-style":"unboxed","ast-global-header-display":"","ast-banner-title-visibility":"","ast-main-header-display":"","ast-hfb-above-header-display":"","ast-hfb-below-header-display":"","ast-hfb-mobile-header-display":"","site-post-title":"","ast-breadcrumbs-content":"","ast-featured-img":"","footer-sml-layout":"","theme-transparent-header-meta":"default","adv-header-id-meta":"","stick-header-meta":"","header-above-stick-meta":"","header-main-stick-meta":"","header-below-stick-meta":"","astra-migrate-meta-layouts":"set","_joinchat":[]},"product_cat":[182,153,155,33,59,100,87,34,158,157,154,152,58,84,156,63,32,364],"product_tag":[36,37,41,286,40,257],"class_list":["post-3859","product","type-product","status-publish","has-post-thumbnail","hentry","product_cat-40000-puffs-disposable-vape","product_cat-hot-disposable-vapes","product_cat-belgium-hot-disposable-vapes","product_cat-france-vape-hot-sale","product_cat-germany-hot-disposable-vape","product_cat-germany-wholesale-vape-shop","product_cat-minimum-order-quantity-50pcs","product_cat-netherlands-vape-good-sale","product_cat-norway-hot-disposable-vapes","product_cat-poland-hot-disposable-vapes","product_cat-portugal-hot-disposable-vapes","product_cat-spain-hot-disposable-vapes","product_cat-sweden-hot-disposable-vape","product_cat-sweden-wholesale-vape","product_cat-switzerland-hot-disposable-vapes","product_cat-top-sale-disposable-vape","product_cat-vape-hot-sale-this-week","product_cat-vozol-vape","product_tag-good-vape","product_tag-hot-sale-disposable-vape","product_tag-poland-hot-vape","product_tag-puffs-stock-in-europe","product_tag-sweden-hot-vape","product_tag-vozol-rave-40000-puffs","pa_brand-vozol-vape","desktop-align-left","tablet-align-left","mobile-align-left"],"yoast_head":"<!-- This site is optimized with the Yoast SEO plugin v21.1 - https:\/\/yoast.com\/wordpress\/plugins\/seo\/ -->\n<title>VOZOL RAVE 40000 Puffs Hot Sale Nicotine Salt Disposable Vaporizer - vapebulkp.com<\/title>\n<meta name=\"description\" content=\"Shop VOZOL RAVE 40000 Puffs Disposable Vape at Vapebulkp.com. Long-lasting, rechargeable, and packed with flavor. Up to 40,000 puffs with 5% nicotine salt.\" \/>\n<meta name=\"robots\" content=\"index, follow, max-snippet:-1, max-image-preview:large, max-video-preview:-1\" \/>\n<link rel=\"canonical\" href=\"https:\/\/vapebulkp.com\/da\/product\/vozol-rave-40000-puffs-hot-sale-nicotine-salt-disposable-vaporizer\/\" \/>\n<meta property=\"og:locale\" content=\"da_DK\" \/>\n<meta property=\"og:type\" content=\"article\" \/>\n<meta property=\"og:title\" content=\"VOZOL RAVE 40000 Puffs Hot Sale Nicotine Salt Disposable Vaporizer - vapebulkp.com\" \/>\n<meta property=\"og:description\" content=\"Shop VOZOL RAVE 40000 Puffs Disposable Vape at Vapebulkp.com. Long-lasting, rechargeable, and packed with flavor. Up to 40,000 puffs with 5% nicotine salt.\" \/>\n<meta property=\"og:url\" content=\"https:\/\/vapebulkp.com\/da\/product\/vozol-rave-40000-puffs-hot-sale-nicotine-salt-disposable-vaporizer\/\" \/>\n<meta property=\"og:site_name\" content=\"vapebulkp.com\" \/>\n<meta property=\"article:modified_time\" content=\"2025-09-24T03:19:24+00:00\" \/>\n<meta property=\"og:image\" content=\"http:\/\/vapebulkp.com\/wp-content\/uploads\/2025\/06\/VOZOL-RAVE-40000-Puffs-Mesh-Coil-Disposable-Vape-Box.webp\" \/>\n\t<meta property=\"og:image:width\" content=\"800\" \/>\n\t<meta property=\"og:image:height\" content=\"800\" \/>\n\t<meta property=\"og:image:type\" content=\"image\/webp\" \/>\n<meta name=\"twitter:card\" content=\"summary_large_image\" \/>\n<meta name=\"twitter:label1\" content=\"Estimeret l\u00e6setid\" \/>\n\t<meta name=\"twitter:data1\" content=\"4 minutter\" \/>\n<script type=\"application\/ld+json\" class=\"yoast-schema-graph\">{\"@context\":\"https:\/\/schema.org\",\"@graph\":[{\"@type\":\"WebPage\",\"@id\":\"https:\/\/vapebulkp.com\/product\/vozol-rave-40000-puffs-hot-sale-nicotine-salt-disposable-vaporizer\/\",\"url\":\"https:\/\/vapebulkp.com\/product\/vozol-rave-40000-puffs-hot-sale-nicotine-salt-disposable-vaporizer\/\",\"name\":\"VOZOL RAVE 40000 Puffs Hot Sale Nicotine Salt Disposable Vaporizer - vapebulkp.com\",\"isPartOf\":{\"@id\":\"https:\/\/vapebulkp.com\/#website\"},\"datePublished\":\"2025-06-17T07:42:41+00:00\",\"dateModified\":\"2025-09-24T03:19:24+00:00\",\"description\":\"Shop VOZOL RAVE 40000 Puffs Disposable Vape at Vapebulkp.com. Long-lasting, rechargeable, and packed with flavor. Up to 40,000 puffs with 5% nicotine salt.\",\"breadcrumb\":{\"@id\":\"https:\/\/vapebulkp.com\/product\/vozol-rave-40000-puffs-hot-sale-nicotine-salt-disposable-vaporizer\/#breadcrumb\"},\"inLanguage\":\"da-DK\",\"potentialAction\":[{\"@type\":\"ReadAction\",\"target\":[\"https:\/\/vapebulkp.com\/product\/vozol-rave-40000-puffs-hot-sale-nicotine-salt-disposable-vaporizer\/\"]}]},{\"@type\":\"BreadcrumbList\",\"@id\":\"https:\/\/vapebulkp.com\/product\/vozol-rave-40000-puffs-hot-sale-nicotine-salt-disposable-vaporizer\/#breadcrumb\",\"itemListElement\":[{\"@type\":\"ListItem\",\"position\":1,\"name\":\"Home\",\"item\":\"https:\/\/vapebulkp.com\/\"},{\"@type\":\"ListItem\",\"position\":2,\"name\":\"Hot Trend Vapes\",\"item\":\"https:\/\/vapebulkp.com\/vape-shop\/\"},{\"@type\":\"ListItem\",\"position\":3,\"name\":\"VOZOL RAVE 40000 Puffs Hot Sale Nicotine Salt Disposable Vaporizer\"}]},{\"@type\":\"WebSite\",\"@id\":\"https:\/\/vapebulkp.com\/#website\",\"url\":\"https:\/\/vapebulkp.com\/\",\"name\":\"vapebulkp.com\",\"description\":\"Buy Vape In Cheap Bulk Price Near you\",\"publisher\":{\"@id\":\"https:\/\/vapebulkp.com\/#organization\"},\"potentialAction\":[{\"@type\":\"SearchAction\",\"target\":{\"@type\":\"EntryPoint\",\"urlTemplate\":\"https:\/\/vapebulkp.com\/?s={search_term_string}\"},\"query-input\":\"required name=search_term_string\"}],\"inLanguage\":\"da-DK\"},{\"@type\":\"Organization\",\"@id\":\"https:\/\/vapebulkp.com\/#organization\",\"name\":\"vapebulkp.com\",\"url\":\"https:\/\/vapebulkp.com\/\",\"logo\":{\"@type\":\"ImageObject\",\"inLanguage\":\"da-DK\",\"@id\":\"https:\/\/vapebulkp.com\/#\/schema\/logo\/image\/\",\"url\":\"https:\/\/vapebulkp.com\/wp-content\/uploads\/2023\/09\/cropped-vapebulkp.png\",\"contentUrl\":\"https:\/\/vapebulkp.com\/wp-content\/uploads\/2023\/09\/cropped-vapebulkp.png\",\"width\":516,\"height\":163,\"caption\":\"vapebulkp.com\"},\"image\":{\"@id\":\"https:\/\/vapebulkp.com\/#\/schema\/logo\/image\/\"}}]}<\/script>\n<!-- \/ Yoast SEO plugin. -->","yoast_head_json":{"title":"VOZOL RAVE 40000 Puffs Hot Sale Nicotine Salt Disposable Vaporizer - vapebulkp.com","description":"Shop VOZOL RAVE 40000 Puffs Disposable Vape at Vapebulkp.com. Long-lasting, rechargeable, and packed with flavor. Up to 40,000 puffs with 5% nicotine salt.","robots":{"index":"index","follow":"follow","max-snippet":"max-snippet:-1","max-image-preview":"max-image-preview:large","max-video-preview":"max-video-preview:-1"},"canonical":"https:\/\/vapebulkp.com\/da\/product\/vozol-rave-40000-puffs-hot-sale-nicotine-salt-disposable-vaporizer\/","og_locale":"da_DK","og_type":"article","og_title":"VOZOL RAVE 40000 Puffs Hot Sale Nicotine Salt Disposable Vaporizer - vapebulkp.com","og_description":"Shop VOZOL RAVE 40000 Puffs Disposable Vape at Vapebulkp.com. Long-lasting, rechargeable, and packed with flavor. Up to 40,000 puffs with 5% nicotine salt.","og_url":"https:\/\/vapebulkp.com\/da\/product\/vozol-rave-40000-puffs-hot-sale-nicotine-salt-disposable-vaporizer\/","og_site_name":"vapebulkp.com","article_modified_time":"2025-09-24T03:19:24+00:00","og_image":[{"width":800,"height":800,"url":"http:\/\/vapebulkp.com\/wp-content\/uploads\/2025\/06\/VOZOL-RAVE-40000-Puffs-Mesh-Coil-Disposable-Vape-Box.webp","type":"image\/webp"}],"twitter_card":"summary_large_image","twitter_misc":{"Estimeret l\u00e6setid":"4 minutter"},"schema":{"@context":"https:\/\/schema.org","@graph":[{"@type":"WebPage","@id":"https:\/\/vapebulkp.com\/product\/vozol-rave-40000-puffs-hot-sale-nicotine-salt-disposable-vaporizer\/","url":"https:\/\/vapebulkp.com\/product\/vozol-rave-40000-puffs-hot-sale-nicotine-salt-disposable-vaporizer\/","name":"VOZOL RAVE 40000 Puffs Hot Sale Nicotine Salt Disposable Vaporizer - vapebulkp.com","isPartOf":{"@id":"https:\/\/vapebulkp.com\/#website"},"datePublished":"2025-06-17T07:42:41+00:00","dateModified":"2025-09-24T03:19:24+00:00","description":"Shop VOZOL RAVE 40000 Puffs Disposable Vape at Vapebulkp.com. Long-lasting, rechargeable, and packed with flavor. Up to 40,000 puffs with 5% nicotine salt.","breadcrumb":{"@id":"https:\/\/vapebulkp.com\/product\/vozol-rave-40000-puffs-hot-sale-nicotine-salt-disposable-vaporizer\/#breadcrumb"},"inLanguage":"da-DK","potentialAction":[{"@type":"ReadAction","target":["https:\/\/vapebulkp.com\/product\/vozol-rave-40000-puffs-hot-sale-nicotine-salt-disposable-vaporizer\/"]}]},{"@type":"BreadcrumbList","@id":"https:\/\/vapebulkp.com\/product\/vozol-rave-40000-puffs-hot-sale-nicotine-salt-disposable-vaporizer\/#breadcrumb","itemListElement":[{"@type":"ListItem","position":1,"name":"Home","item":"https:\/\/vapebulkp.com\/"},{"@type":"ListItem","position":2,"name":"Hot Trend Vapes","item":"https:\/\/vapebulkp.com\/vape-shop\/"},{"@type":"ListItem","position":3,"name":"VOZOL RAVE 40000 Puffs Hot Sale Nicotine Salt Disposable Vaporizer"}]},{"@type":"WebSite","@id":"https:\/\/vapebulkp.com\/#website","url":"https:\/\/vapebulkp.com\/","name":"vapebulkp.com","description":"Buy Vape In Cheap Bulk Price Near you","publisher":{"@id":"https:\/\/vapebulkp.com\/#organization"},"potentialAction":[{"@type":"SearchAction","target":{"@type":"EntryPoint","urlTemplate":"https:\/\/vapebulkp.com\/?s={search_term_string}"},"query-input":"required name=search_term_string"}],"inLanguage":"da-DK"},{"@type":"Organization","@id":"https:\/\/vapebulkp.com\/#organization","name":"vapebulkp.com","url":"https:\/\/vapebulkp.com\/","logo":{"@type":"ImageObject","inLanguage":"da-DK","@id":"https:\/\/vapebulkp.com\/#\/schema\/logo\/image\/","url":"https:\/\/vapebulkp.com\/wp-content\/uploads\/2023\/09\/cropped-vapebulkp.png","contentUrl":"https:\/\/vapebulkp.com\/wp-content\/uploads\/2023\/09\/cropped-vapebulkp.png","width":516,"height":163,"caption":"vapebulkp.com"},"image":{"@id":"https:\/\/vapebulkp.com\/#\/schema\/logo\/image\/"}}]}},"uagb_featured_image_src":{"full":["https:\/\/vapebulkp.com\/wp-content\/uploads\/2025\/06\/VOZOL-RAVE-40000-Puffs-Mesh-Coil-Disposable-Vape-Box.webp",800,800,false],"thumbnail":["https:\/\/vapebulkp.com\/wp-content\/uploads\/2025\/06\/VOZOL-RAVE-40000-Puffs-Mesh-Coil-Disposable-Vape-Box-150x150.webp",150,150,true],"medium":["https:\/\/vapebulkp.com\/wp-content\/uploads\/2025\/06\/VOZOL-RAVE-40000-Puffs-Mesh-Coil-Disposable-Vape-Box-300x300.webp",300,300,true],"medium_large":["https:\/\/vapebulkp.com\/wp-content\/uploads\/2025\/06\/VOZOL-RAVE-40000-Puffs-Mesh-Coil-Disposable-Vape-Box-768x768.webp",768,768,true],"large":["https:\/\/vapebulkp.com\/wp-content\/uploads\/2025\/06\/VOZOL-RAVE-40000-Puffs-Mesh-Coil-Disposable-Vape-Box.webp",800,800,false],"1536x1536":["https:\/\/vapebulkp.com\/wp-content\/uploads\/2025\/06\/VOZOL-RAVE-40000-Puffs-Mesh-Coil-Disposable-Vape-Box.webp",800,800,false],"2048x2048":["https:\/\/vapebulkp.com\/wp-content\/uploads\/2025\/06\/VOZOL-RAVE-40000-Puffs-Mesh-Coil-Disposable-Vape-Box.webp",800,800,false],"trp-custom-language-flag":["https:\/\/vapebulkp.com\/wp-content\/uploads\/2025\/06\/VOZOL-RAVE-40000-Puffs-Mesh-Coil-Disposable-Vape-Box.webp",12,12,false],"woocommerce_thumbnail":["https:\/\/vapebulkp.com\/wp-content\/uploads\/2025\/06\/VOZOL-RAVE-40000-Puffs-Mesh-Coil-Disposable-Vape-Box-300x300.webp",300,300,true],"woocommerce_single":["https:\/\/vapebulkp.com\/wp-content\/uploads\/2025\/06\/VOZOL-RAVE-40000-Puffs-Mesh-Coil-Disposable-Vape-Box-600x600.webp",600,600,true],"woocommerce_gallery_thumbnail":["https:\/\/vapebulkp.com\/wp-content\/uploads\/2025\/06\/VOZOL-RAVE-40000-Puffs-Mesh-Coil-Disposable-Vape-Box-100x100.webp",100,100,true],"wcpr-photo-reviews":["https:\/\/vapebulkp.com\/wp-content\/uploads\/2025\/06\/VOZOL-RAVE-40000-Puffs-Mesh-Coil-Disposable-Vape-Box.webp",500,500,false]},"uagb_author_info":{"display_name":"Mandy vape bulk price","author_link":"https:\/\/vapebulkp.com\/da\/author\/"},"uagb_comment_info":0,"uagb_excerpt":"Get the VOZOL RAVE 40000 Puffs Disposable Vape now with dual mesh coils, adjustable airflow, and fast USB-C charging. This high puff count vape offers up to 40,000 puffs and 5% nicotine salt for a strong and smooth experience. Perfect for vapers looking for a rechargeable disposable vape in Europe. Buy wholesale vape or retail&hellip;","_links":{"self":[{"href":"https:\/\/vapebulkp.com\/da\/wp-json\/wp\/v2\/product\/3859","targetHints":{"allow":["GET"]}}],"collection":[{"href":"https:\/\/vapebulkp.com\/da\/wp-json\/wp\/v2\/product"}],"about":[{"href":"https:\/\/vapebulkp.com\/da\/wp-json\/wp\/v2\/types\/product"}],"replies":[{"embeddable":true,"href":"https:\/\/vapebulkp.com\/da\/wp-json\/wp\/v2\/comments?post=3859"}],"wp:featuredmedia":[{"embeddable":true,"href":"https:\/\/vapebulkp.com\/da\/wp-json\/wp\/v2\/media\/3854"}],"wp:attachment":[{"href":"https:\/\/vapebulkp.com\/da\/wp-json\/wp\/v2\/media?parent=3859"}],"wp:term":[{"taxonomy":"product_cat","embeddable":true,"href":"https:\/\/vapebulkp.com\/da\/wp-json\/wp\/v2\/product_cat?post=3859"},{"taxonomy":"product_tag","embeddable":true,"href":"https:\/\/vapebulkp.com\/da\/wp-json\/wp\/v2\/product_tag?post=3859"}],"curies":[{"name":"wp","href":"https:\/\/api.w.org\/{rel}","templated":true}]}}