{"id":3910,"date":"2025-07-03T10:52:49","date_gmt":"2025-07-03T08:52:49","guid":{"rendered":"https:\/\/vapebulkp.com\/?post_type=product&#038;p=3910"},"modified":"2025-09-24T05:01:15","modified_gmt":"2025-09-24T03:01:15","slug":"bood-lumo-60000-puffs-best-price-disposable-vape-2-5-nicotine","status":"publish","type":"product","link":"https:\/\/vapebulkp.com\/da\/product\/bood-lumo-60000-puffs-best-price-disposable-vape-2-5-nicotine\/","title":{"rendered":"BOOD LUMO 60000 pust Bedste Pris Engangs Vape 2% 5% Nikotin"},"content":{"rendered":"<h2>BOOD LUMO 60000 pust Bedste Pris Engangs Vape 2% 5% Nikotin<\/h2>\n<p>Den <b>BOOD LUMO <a href=\"https:\/\/vapebulkp.com\/da\/product-category\/60000-puffs-disposable-vape\/\">60000 Pust Disponibel Vape<\/a><\/b> omdefinerer ydeevne og v\u00e6rdi. Designet specifikt til det kr\u00e6sne europ\u00e6iske marked, leverer denne <b>engangs-vape med h\u00f8j kapacitet<\/b> en uovertruffen <b>60.000 pust<\/b> i en enkelt enhed. Det er det definitive valg for b\u00e5de personlig brug og for detailhandlere, der s\u00f8ger en p\u00e5lidelig, <b>langvarig vape<\/b> der skiller sig ud fra konkurrencen.<\/p>\n<p>Denne enhed drives af en avanceret <b>dobbelt mesh coil vape<\/b> teknologi, omhyggeligt udformet til at producere t\u00e6t damp og rig, ensartet smag fra det f\u00f8rste pust til det sidste. Den gener\u00f8se 18 ml forudfyldte tank er fyldt med premium e-v\u00e6ske, og dens alsidighed er uovertruffen med <b>2% og 5% nikotinsalt<\/b> muligheder, der henvender sig til en bred vifte af brugerpr\u00e6ferencer.<\/p>\n<p>Denne enhed tilbyder total kontrol med et integreret justerbart luftstr\u00f8mssystem, der lader brugerne tilpasse deres sug for en perfekt MTL- eller DTL-vapingoplevelse. Et smart LED-display giver realtidsopdateringer om batteri- og e-v\u00e6skestatus, mens den diskrete t\u00e6nd\/sluk-knap tilf\u00f8jer et ekstra lag af sikkerhed og bekvemmelighed, hvilket g\u00f8r den til en ideel <b>rejsevenlig vape<\/b>.<\/p>\n<p>Til <b>vape engros EU<\/b> k\u00f8bere, er BOOD LUMO en strategisk tilf\u00f8jelse til din produktlinje. Som en p\u00e5lidelig <b>vape leverand\u00f8r<\/b>, sikrer vi, at denne premium-enhed vil opfylde den h\u00f8je eftersp\u00f8rgsel fra dine kunder.<\/p>\n<h6><span style=\"color: #ff0000\">Kontakt venligst Mandys WhatsApp for rabatpris<a style=\"color: #ff0000\" href=\"https:\/\/wa.me\/8618077105796\">+8618077105796<\/a><\/span><\/h6>\n<p><img decoding=\"async\" class=\"alignnone wp-image-2151\" src=\"http:\/\/vapebulkp.com\/wp-content\/uploads\/2024\/04\/Mandy-WhatsApp-Randm.jpg\" alt=\"Mandy WhatsApp Randm\" width=\"271\" height=\"289\" srcset=\"https:\/\/vapebulkp.com\/wp-content\/uploads\/2024\/04\/Mandy-WhatsApp-Randm.jpg 916w, https:\/\/vapebulkp.com\/wp-content\/uploads\/2024\/04\/Mandy-WhatsApp-Randm-282x300.jpg 282w, https:\/\/vapebulkp.com\/wp-content\/uploads\/2024\/04\/Mandy-WhatsApp-Randm-768x817.jpg 768w, https:\/\/vapebulkp.com\/wp-content\/uploads\/2024\/04\/Mandy-WhatsApp-Randm-600x638.jpg 600w\" sizes=\"(max-width: 271px) 100vw, 271px\" \/><\/p>\n<h2><strong>Hvorfor k\u00f8be Engangsvape Europa BOOD LUMO 60000 Pust hos <a href=\"https:\/\/vapebulkp.com\/da\/\">Vapebulkp.com<\/a>?<\/strong><\/h2>\n<p data-start=\"64\" data-end=\"398\">Leder du efter den <strong data-start=\"122\" data-end=\"177\">bedste pris p\u00e5 BOOD LUMO 60000 Puffs Engangsvape<\/strong>? Vapebulkp.com tilbyder <strong data-start=\"200\" data-end=\"236\">100% autentiske BOOD LUMO enheder<\/strong> med hurtig forsendelse, engrospriser og premium kundesupport. Hver enhed leveres med op til <strong data-start=\"333\" data-end=\"349\">60.000 pust<\/strong>, <strong data-start=\"351\" data-end=\"380\">dual mesh coil teknologi<\/strong>, en <strong data-start=\"385\" data-end=\"418\">18 ml forudfyldt e-v\u00e6skebeholder<\/strong>, og en <strong data-start=\"426\" data-end=\"447\">smart LED-display<\/strong> til batteri- og v\u00e6skeniveauer. Vi lagerf\u00f8rer b\u00e5de <strong data-start=\"493\" data-end=\"523\">2% og 5% nikotinmuligheder<\/strong>, tydeligt m\u00e6rket og klar til forsendelse. Som en betroet vape-leverand\u00f8r sikrer Vapebulkp.com sikker checkout, verificeret produktkvalitet og p\u00e5lidelig levering. Uanset om du er en vape-forhandler, distribut\u00f8r eller personlig bruger, tilbyder vores <strong data-start=\"743\" data-end=\"773\">BOOD LUMO engangsvapes<\/strong> topydelse og langvarig v\u00e6rdi. K\u00f8b nu og boost din vaping-oplevelse med Vapebulkp.com.<\/p>\n<div class=\"faqs-answer\">\n<h2 data-start=\"55\" data-end=\"63\">Ofte stillede sp\u00f8rgsm\u00e5l<\/h2>\n<p data-start=\"65\" data-end=\"223\"><strong data-start=\"65\" data-end=\"97\">Sender I internationalt?<\/strong><br data-start=\"97\" data-end=\"100\" \/>Ja, Vapebulkp.com sender til de fleste lande verden over og h\u00e5ndterer al toldbehandling for at sikre en problemfri leveringsproces.<\/p>\n<p data-start=\"389\" data-end=\"542\"><strong data-start=\"389\" data-end=\"418\">Hvordan kan jeg spore min ordre?<\/strong><br data-start=\"418\" data-end=\"421\" \/>N\u00e5r din ordre er afsendt, modtager du et sporingsnummer via e-mail, s\u00e5 du nemt kan overv\u00e5ge pakkens status.<\/p>\n<p data-start=\"544\" data-end=\"699\"><strong data-start=\"544\" data-end=\"574\">Kan jeg f\u00e5 hurtigere forsendelse?<\/strong><br data-start=\"574\" data-end=\"577\" \/>For hurtigere levering anbefaler vi, at du bestiller fra vores europ\u00e6iske lager, som tilbyder hurtigere behandling og leveringstider.<\/p>\n<p data-start=\"888\" data-end=\"1079\"><strong data-start=\"888\" data-end=\"950\">Hvad skal jeg g\u00f8re, hvis jeg modtager et beskadiget eller defekt produkt?<\/strong><br data-start=\"950\" data-end=\"953\" \/>Hvis du modtager en beskadiget eller defekt vare, bedes du straks kontakte vores kundeserviceteam for en erstatning eller l\u00f8sning.<\/p>\n<p data-start=\"1081\" data-end=\"1235\"><strong data-start=\"1081\" data-end=\"1125\">Hvordan kan jeg kontakte jeres kundeservice?<\/strong><br data-start=\"1125\" data-end=\"1128\" \/>Du kan kontakte os via e-mail, WhatsApp eller via live chat-funktionen p\u00e5 vores hjemmeside for hurtig hj\u00e6lp.<\/p>\n<\/div>\n<h4><\/h4>\n<h2><span style=\"vertical-align: inherit\"><strong>BOOD LUMO 60000 Puff Mesh coil vape enhed S<\/strong>pecifikation:<\/span><\/h2>\n<p>&nbsp;<\/p>\n<ul>\n<li data-start=\"1795\" data-end=\"1838\">\n<p data-start=\"1797\" data-end=\"1838\">BOOD LUMO 60K \/ BOOD LUMO 60000 Puffs<\/p>\n<\/li>\n<li data-start=\"1839\" data-end=\"1880\">\n<p data-start=\"1841\" data-end=\"1880\">Engangsvape \/ Genopladelig Vape<\/p>\n<\/li>\n<li data-start=\"1881\" data-end=\"1942\">\n<p data-start=\"1883\" data-end=\"1942\">Dual Mesh Coil \/ Justerbar Luftstr\u00f8m \/ Smart LED Display<\/p>\n<\/li>\n<li data-start=\"1943\" data-end=\"1974\">\n<p data-start=\"1945\" data-end=\"1974\">2% Nikotin \/ 5% Nikotin<\/p>\n<\/li>\n<li data-start=\"1975\" data-end=\"2033\">\n<p data-start=\"1977\" data-end=\"2033\">Langtidsholdbar Vape \/ Bedste Pris Vape \/ H\u00f8j Puff Vape<\/p>\n<\/li>\n<li data-start=\"2034\" data-end=\"2074\">\n<p data-start=\"2036\" data-end=\"2074\">18ml E-v\u00e6ske \/ Nikotinsalt Vape<\/p>\n<\/li>\n<li data-start=\"2075\" data-end=\"2138\">\n<p data-start=\"2077\" data-end=\"2138\">MTL<\/p>\n<\/li>\n<\/ul>\n<h2>Bedste Nikotin Vape BOOD LUMO 60000 Pust Smagsliste:<\/h2>\n<p class=\"selectable-text copyable-text x15bjb6t x1n2onr6\" dir=\"ltr\">1. vandmelon is<br \/>\n2. Jordb\u00e6r Vandmelon Is<br \/>\n3. bl\u00e5 razz is<br \/>\n4.Drue med is<br \/>\n5. citron lime<br \/>\n6. Triple melon<br \/>\n7. Bl\u00e5b\u00e6r Hindb\u00e6r<br \/>\n8. Kiwi passionsfrugt guava<br \/>\n9.Jordb\u00e6r is<br \/>\n10.Ferskenb\u00e6r<\/p>\n<p><span style=\"vertical-align: inherit\">Find flere produkter du m\u00e5ske kan lide:<\/span><em><a href=\"https:\/\/wa.me\/8618077105796\"><span style=\"vertical-align: inherit\">\u00a0K\u00f8b den nu<\/span><\/a><\/em><\/p>\n<p><span style=\"vertical-align: inherit\">Andre Puffs du m\u00e5ske kan lide:<\/span><a href=\"https:\/\/vapebulkp.com\/da\/product\/aivono-fat-bear-80000-puffs-3-flavors-modes-disposable-vape-bulk-wholesale\/\"><span style=\"vertical-align: inherit\">Aivono Fed Bj\u00f8rn 80000 Pust<\/span><\/a><span style=\"vertical-align: inherit\">\u3001<\/span><a href=\"https:\/\/vapebulkp.com\/da\/product\/vozol-rave-40000-puffs-hot-sale-nicotine-salt-disposable-vaporizer\/\"><span style=\"vertical-align: inherit\">Vozol Rave 40000 sug<\/span><\/a><\/p>\n<p><a href=\"https:\/\/vapebulkp.com\/da\/product\/wholesale-vape-okso-60000-puffs-dual-flavor-disposable-device\/\"><span style=\"vertical-align: inherit\">OKSO 60000 pust <\/span><\/a><span style=\"vertical-align: inherit\">\/ <\/span><a href=\"https:\/\/vapebulkp.com\/da\/product\/okso-crystal-800-puffs-wholesale-price-vape-bar\/\"><span style=\"vertical-align: inherit\">OKSO Crystal 800 pust<\/span><\/a><span style=\"vertical-align: inherit\">\/<\/span><a href=\"https:\/\/vapebulkp.com\/da\/product\/bang-king-85000-puffs-hot-sale-3-in-1-flavors-disposable-vape\/\"><span style=\"vertical-align: inherit\">Bang King 85000 Pust<\/span><\/a><\/p>\n<p>&nbsp;<\/p>\n<h2 data-start=\"55\" data-end=\"75\">Forsendelsesmetoder<\/h2>\n<p data-start=\"77\" data-end=\"345\">Hos Vapebulkp.com samarbejder vi med f\u00f8rende kurerfirmaer som UPS, DHL, FedEx og DPD for at sikre hurtig og p\u00e5lidelig forsendelse. Afh\u00e6ngigt af destinationslandet v\u00e6lger vi den mest passende forsendelsesmetode for at sikre, at din ordre ankommer s\u00e5 hurtigt og sikkert som muligt.<\/p>\n<ul data-start=\"347\" data-end=\"509\">\n<li data-start=\"347\" data-end=\"429\">\n<p data-start=\"349\" data-end=\"429\"><strong data-start=\"349\" data-end=\"383\">Forsendelse til Danmark:<\/strong> Tager typisk omkring 10 dage for levering.<\/p>\n<\/li>\n<li data-start=\"430\" data-end=\"506\">\n<p data-start=\"432\" data-end=\"506\"><strong data-start=\"432\" data-end=\"467\">Forsendelse til europ\u00e6iske lande:<\/strong> Tager normalt mellem 12 og 15 dage.<\/p>\n<\/li>\n<\/ul>\n<p data-start=\"510\" data-end=\"603\">Vi giver opdateringer med sporing i realtid, s\u00e5 du kan overv\u00e5ge din forsendelse hele vejen.<\/p>\n<p data-start=\"605\" data-end=\"856\">For at give dig en problemfri shoppingoplevelse h\u00e5ndterer vi alle toldbehandlingsprocedurer p\u00e5 dine vegne. Der er ingen yderligere skatter eller gebyrer at bekymre sig om, og vi garanterer, at 100% af vores forsendelser succesfuldt passerer tolden uden problemer.<\/p>\n<p data-start=\"858\" data-end=\"956\">Shop trygt hos Vapebulkp.com, velvidende at din ordre er i eksperth\u00e6nder fra kassen til levering.<\/p>","protected":false},"excerpt":{"rendered":"<p data-start=\"138\" data-end=\"318\">K\u00f8b autentisk BOOD LUMO 60000 Pust Engangsvape med dual mesh coils, 18ml e-v\u00e6ske og justerbar luftstr\u00f8m. F\u00e5s i 2%<\/p>\n<p>Kontakt venligst Mandys WhatsApp for rabatpris<a href=\"https:\/\/wa.me\/8618077105796\">+8618077105796<\/a><\/p>\n<p><img decoding=\"async\" class=\"alignnone wp-image-2151\" src=\"http:\/\/vapebulkp.com\/wp-content\/uploads\/2024\/04\/Mandy-WhatsApp-Randm.jpg\" alt=\"Mandy WhatsApp Randm\" width=\"297\" height=\"316\" srcset=\"https:\/\/vapebulkp.com\/wp-content\/uploads\/2024\/04\/Mandy-WhatsApp-Randm.jpg 916w, https:\/\/vapebulkp.com\/wp-content\/uploads\/2024\/04\/Mandy-WhatsApp-Randm-282x300.jpg 282w, https:\/\/vapebulkp.com\/wp-content\/uploads\/2024\/04\/Mandy-WhatsApp-Randm-768x817.jpg 768w, https:\/\/vapebulkp.com\/wp-content\/uploads\/2024\/04\/Mandy-WhatsApp-Randm-600x638.jpg 600w\" sizes=\"(max-width: 297px) 100vw, 297px\" \/><\/p>\n<p><span style=\"color: #ff0000\">BEM\u00c6RK: Priserne p\u00e5 vores hjemmeside inkluderer ikke forsendelsesomkostninger<\/span><\/p>\n<p>Hoved\u00e5rsag til k\u00f8b<br \/>\n1. Fremragende kvalitet og uovertruffen ydeevne.<\/p>\n<p>2. Konkurrencedygtig pris og hurtig v\u00e6rdi.<\/p>\n<p>3. Flere muligheder og rettidig levering.<\/p>\n<p>4. En tilfredsstillende shoppingoplevelse<\/p>","protected":false},"featured_media":3902,"comment_status":"open","ping_status":"closed","template":"","meta":{"_uag_custom_page_level_css":"","_lmt_disableupdate":"no","_lmt_disable":"","site-sidebar-layout":"default","site-content-layout":"content-boxed-container","ast-site-content-layout":"normal-width-container","site-content-style":"boxed","site-sidebar-style":"unboxed","ast-global-header-display":"","ast-banner-title-visibility":"","ast-main-header-display":"","ast-hfb-above-header-display":"","ast-hfb-below-header-display":"","ast-hfb-mobile-header-display":"","site-post-title":"","ast-breadcrumbs-content":"","ast-featured-img":"","footer-sml-layout":"","theme-transparent-header-meta":"default","adv-header-id-meta":"","stick-header-meta":"","header-above-stick-meta":"","header-main-stick-meta":"","header-below-stick-meta":"","astra-migrate-meta-layouts":"set","_joinchat":[]},"product_cat":[234,153,155,346,33,59,100,87,34,158,157,154,152,58,84,156,63,32],"product_tag":[265,36,37,41,40],"class_list":["post-3910","product","type-product","status-publish","has-post-thumbnail","hentry","product_cat-60000-puffs-disposable-vape","product_cat-hot-disposable-vapes","product_cat-belgium-hot-disposable-vapes","product_cat-bood-vapes","product_cat-france-vape-hot-sale","product_cat-germany-hot-disposable-vape","product_cat-germany-wholesale-vape-shop","product_cat-minimum-order-quantity-50pcs","product_cat-netherlands-vape-good-sale","product_cat-norway-hot-disposable-vapes","product_cat-poland-hot-disposable-vapes","product_cat-portugal-hot-disposable-vapes","product_cat-spain-hot-disposable-vapes","product_cat-sweden-hot-disposable-vape","product_cat-sweden-wholesale-vape","product_cat-switzerland-hot-disposable-vapes","product_cat-top-sale-disposable-vape","product_cat-vape-hot-sale-this-week","product_tag-bood-lumo-60000-puffs","product_tag-good-vape","product_tag-hot-sale-disposable-vape","product_tag-poland-hot-vape","product_tag-sweden-hot-vape","pa_brand-bood-vape","desktop-align-left","tablet-align-left","mobile-align-left"],"yoast_head":"<!-- This site is optimized with the Yoast SEO plugin v21.1 - https:\/\/yoast.com\/wordpress\/plugins\/seo\/ -->\n<title>BOOD LUMO 60000 Puffs Best Price Disposable Vape 2% 5% Nicotine - vapebulkp.com<\/title>\n<meta name=\"description\" content=\"Get the best price on BOOD LUMO 60K Puff Disposable Vape. Fast shipping, 100% genuine, with smart LED display and long-lasting battery. Shop now at Vapebulkp.com!\" \/>\n<meta name=\"robots\" content=\"index, follow, max-snippet:-1, max-image-preview:large, max-video-preview:-1\" \/>\n<link rel=\"canonical\" href=\"https:\/\/vapebulkp.com\/da\/product\/bood-lumo-60000-puffs-best-price-disposable-vape-2-5-nicotine\/\" \/>\n<meta property=\"og:locale\" content=\"da_DK\" \/>\n<meta property=\"og:type\" content=\"article\" \/>\n<meta property=\"og:title\" content=\"BOOD LUMO 60000 Puffs Best Price Disposable Vape 2% 5% Nicotine - vapebulkp.com\" \/>\n<meta property=\"og:description\" content=\"Get the best price on BOOD LUMO 60K Puff Disposable Vape. Fast shipping, 100% genuine, with smart LED display and long-lasting battery. Shop now at Vapebulkp.com!\" \/>\n<meta property=\"og:url\" content=\"https:\/\/vapebulkp.com\/da\/product\/bood-lumo-60000-puffs-best-price-disposable-vape-2-5-nicotine\/\" \/>\n<meta property=\"og:site_name\" content=\"vapebulkp.com\" \/>\n<meta property=\"article:modified_time\" content=\"2025-09-24T03:01:15+00:00\" \/>\n<meta property=\"og:image\" content=\"http:\/\/vapebulkp.com\/wp-content\/uploads\/2025\/07\/BOOD-LUMO-60K-PUFF-Rechargeable-Vape-Device.webp\" \/>\n\t<meta property=\"og:image:width\" content=\"800\" \/>\n\t<meta property=\"og:image:height\" content=\"800\" \/>\n\t<meta property=\"og:image:type\" content=\"image\/webp\" \/>\n<meta name=\"twitter:card\" content=\"summary_large_image\" \/>\n<meta name=\"twitter:label1\" content=\"Estimeret l\u00e6setid\" \/>\n\t<meta name=\"twitter:data1\" content=\"4 minutter\" \/>\n<script type=\"application\/ld+json\" class=\"yoast-schema-graph\">{\"@context\":\"https:\/\/schema.org\",\"@graph\":[{\"@type\":\"WebPage\",\"@id\":\"https:\/\/vapebulkp.com\/product\/bood-lumo-60000-puffs-best-price-disposable-vape-2-5-nicotine\/\",\"url\":\"https:\/\/vapebulkp.com\/product\/bood-lumo-60000-puffs-best-price-disposable-vape-2-5-nicotine\/\",\"name\":\"BOOD LUMO 60000 Puffs Best Price Disposable Vape 2% 5% Nicotine - vapebulkp.com\",\"isPartOf\":{\"@id\":\"https:\/\/vapebulkp.com\/#website\"},\"datePublished\":\"2025-07-03T08:52:49+00:00\",\"dateModified\":\"2025-09-24T03:01:15+00:00\",\"description\":\"Get the best price on BOOD LUMO 60K Puff Disposable Vape. Fast shipping, 100% genuine, with smart LED display and long-lasting battery. Shop now at Vapebulkp.com!\",\"breadcrumb\":{\"@id\":\"https:\/\/vapebulkp.com\/product\/bood-lumo-60000-puffs-best-price-disposable-vape-2-5-nicotine\/#breadcrumb\"},\"inLanguage\":\"da-DK\",\"potentialAction\":[{\"@type\":\"ReadAction\",\"target\":[\"https:\/\/vapebulkp.com\/product\/bood-lumo-60000-puffs-best-price-disposable-vape-2-5-nicotine\/\"]}]},{\"@type\":\"BreadcrumbList\",\"@id\":\"https:\/\/vapebulkp.com\/product\/bood-lumo-60000-puffs-best-price-disposable-vape-2-5-nicotine\/#breadcrumb\",\"itemListElement\":[{\"@type\":\"ListItem\",\"position\":1,\"name\":\"Home\",\"item\":\"https:\/\/vapebulkp.com\/\"},{\"@type\":\"ListItem\",\"position\":2,\"name\":\"Hot Trend Vapes\",\"item\":\"https:\/\/vapebulkp.com\/vape-shop\/\"},{\"@type\":\"ListItem\",\"position\":3,\"name\":\"BOOD LUMO 60000 Puffs Best Price Disposable Vape 2% 5% Nicotine\"}]},{\"@type\":\"WebSite\",\"@id\":\"https:\/\/vapebulkp.com\/#website\",\"url\":\"https:\/\/vapebulkp.com\/\",\"name\":\"vapebulkp.com\",\"description\":\"Buy Vape In Cheap Bulk Price Near you\",\"publisher\":{\"@id\":\"https:\/\/vapebulkp.com\/#organization\"},\"potentialAction\":[{\"@type\":\"SearchAction\",\"target\":{\"@type\":\"EntryPoint\",\"urlTemplate\":\"https:\/\/vapebulkp.com\/?s={search_term_string}\"},\"query-input\":\"required name=search_term_string\"}],\"inLanguage\":\"da-DK\"},{\"@type\":\"Organization\",\"@id\":\"https:\/\/vapebulkp.com\/#organization\",\"name\":\"vapebulkp.com\",\"url\":\"https:\/\/vapebulkp.com\/\",\"logo\":{\"@type\":\"ImageObject\",\"inLanguage\":\"da-DK\",\"@id\":\"https:\/\/vapebulkp.com\/#\/schema\/logo\/image\/\",\"url\":\"https:\/\/vapebulkp.com\/wp-content\/uploads\/2023\/09\/cropped-vapebulkp.png\",\"contentUrl\":\"https:\/\/vapebulkp.com\/wp-content\/uploads\/2023\/09\/cropped-vapebulkp.png\",\"width\":516,\"height\":163,\"caption\":\"vapebulkp.com\"},\"image\":{\"@id\":\"https:\/\/vapebulkp.com\/#\/schema\/logo\/image\/\"}}]}<\/script>\n<!-- \/ Yoast SEO plugin. -->","yoast_head_json":{"title":"BOOD LUMO 60000 Puffs Best Price Disposable Vape 2% 5% Nicotine - vapebulkp.com","description":"Get the best price on BOOD LUMO 60K Puff Disposable Vape. Fast shipping, 100% genuine, with smart LED display and long-lasting battery. Shop now at Vapebulkp.com!","robots":{"index":"index","follow":"follow","max-snippet":"max-snippet:-1","max-image-preview":"max-image-preview:large","max-video-preview":"max-video-preview:-1"},"canonical":"https:\/\/vapebulkp.com\/da\/product\/bood-lumo-60000-puffs-best-price-disposable-vape-2-5-nicotine\/","og_locale":"da_DK","og_type":"article","og_title":"BOOD LUMO 60000 Puffs Best Price Disposable Vape 2% 5% Nicotine - vapebulkp.com","og_description":"Get the best price on BOOD LUMO 60K Puff Disposable Vape. Fast shipping, 100% genuine, with smart LED display and long-lasting battery. Shop now at Vapebulkp.com!","og_url":"https:\/\/vapebulkp.com\/da\/product\/bood-lumo-60000-puffs-best-price-disposable-vape-2-5-nicotine\/","og_site_name":"vapebulkp.com","article_modified_time":"2025-09-24T03:01:15+00:00","og_image":[{"width":800,"height":800,"url":"http:\/\/vapebulkp.com\/wp-content\/uploads\/2025\/07\/BOOD-LUMO-60K-PUFF-Rechargeable-Vape-Device.webp","type":"image\/webp"}],"twitter_card":"summary_large_image","twitter_misc":{"Estimeret l\u00e6setid":"4 minutter"},"schema":{"@context":"https:\/\/schema.org","@graph":[{"@type":"WebPage","@id":"https:\/\/vapebulkp.com\/product\/bood-lumo-60000-puffs-best-price-disposable-vape-2-5-nicotine\/","url":"https:\/\/vapebulkp.com\/product\/bood-lumo-60000-puffs-best-price-disposable-vape-2-5-nicotine\/","name":"BOOD LUMO 60000 Puffs Best Price Disposable Vape 2% 5% Nicotine - vapebulkp.com","isPartOf":{"@id":"https:\/\/vapebulkp.com\/#website"},"datePublished":"2025-07-03T08:52:49+00:00","dateModified":"2025-09-24T03:01:15+00:00","description":"Get the best price on BOOD LUMO 60K Puff Disposable Vape. Fast shipping, 100% genuine, with smart LED display and long-lasting battery. Shop now at Vapebulkp.com!","breadcrumb":{"@id":"https:\/\/vapebulkp.com\/product\/bood-lumo-60000-puffs-best-price-disposable-vape-2-5-nicotine\/#breadcrumb"},"inLanguage":"da-DK","potentialAction":[{"@type":"ReadAction","target":["https:\/\/vapebulkp.com\/product\/bood-lumo-60000-puffs-best-price-disposable-vape-2-5-nicotine\/"]}]},{"@type":"BreadcrumbList","@id":"https:\/\/vapebulkp.com\/product\/bood-lumo-60000-puffs-best-price-disposable-vape-2-5-nicotine\/#breadcrumb","itemListElement":[{"@type":"ListItem","position":1,"name":"Home","item":"https:\/\/vapebulkp.com\/"},{"@type":"ListItem","position":2,"name":"Hot Trend Vapes","item":"https:\/\/vapebulkp.com\/vape-shop\/"},{"@type":"ListItem","position":3,"name":"BOOD LUMO 60000 Puffs Best Price Disposable Vape 2% 5% Nicotine"}]},{"@type":"WebSite","@id":"https:\/\/vapebulkp.com\/#website","url":"https:\/\/vapebulkp.com\/","name":"vapebulkp.com","description":"Buy Vape In Cheap Bulk Price Near you","publisher":{"@id":"https:\/\/vapebulkp.com\/#organization"},"potentialAction":[{"@type":"SearchAction","target":{"@type":"EntryPoint","urlTemplate":"https:\/\/vapebulkp.com\/?s={search_term_string}"},"query-input":"required name=search_term_string"}],"inLanguage":"da-DK"},{"@type":"Organization","@id":"https:\/\/vapebulkp.com\/#organization","name":"vapebulkp.com","url":"https:\/\/vapebulkp.com\/","logo":{"@type":"ImageObject","inLanguage":"da-DK","@id":"https:\/\/vapebulkp.com\/#\/schema\/logo\/image\/","url":"https:\/\/vapebulkp.com\/wp-content\/uploads\/2023\/09\/cropped-vapebulkp.png","contentUrl":"https:\/\/vapebulkp.com\/wp-content\/uploads\/2023\/09\/cropped-vapebulkp.png","width":516,"height":163,"caption":"vapebulkp.com"},"image":{"@id":"https:\/\/vapebulkp.com\/#\/schema\/logo\/image\/"}}]}},"uagb_featured_image_src":{"full":["https:\/\/vapebulkp.com\/wp-content\/uploads\/2025\/07\/BOOD-LUMO-60K-PUFF-Rechargeable-Vape-Device.webp",800,800,false],"thumbnail":["https:\/\/vapebulkp.com\/wp-content\/uploads\/2025\/07\/BOOD-LUMO-60K-PUFF-Rechargeable-Vape-Device-150x150.webp",150,150,true],"medium":["https:\/\/vapebulkp.com\/wp-content\/uploads\/2025\/07\/BOOD-LUMO-60K-PUFF-Rechargeable-Vape-Device-300x300.webp",300,300,true],"medium_large":["https:\/\/vapebulkp.com\/wp-content\/uploads\/2025\/07\/BOOD-LUMO-60K-PUFF-Rechargeable-Vape-Device-768x768.webp",768,768,true],"large":["https:\/\/vapebulkp.com\/wp-content\/uploads\/2025\/07\/BOOD-LUMO-60K-PUFF-Rechargeable-Vape-Device.webp",800,800,false],"1536x1536":["https:\/\/vapebulkp.com\/wp-content\/uploads\/2025\/07\/BOOD-LUMO-60K-PUFF-Rechargeable-Vape-Device.webp",800,800,false],"2048x2048":["https:\/\/vapebulkp.com\/wp-content\/uploads\/2025\/07\/BOOD-LUMO-60K-PUFF-Rechargeable-Vape-Device.webp",800,800,false],"trp-custom-language-flag":["https:\/\/vapebulkp.com\/wp-content\/uploads\/2025\/07\/BOOD-LUMO-60K-PUFF-Rechargeable-Vape-Device.webp",12,12,false],"woocommerce_thumbnail":["https:\/\/vapebulkp.com\/wp-content\/uploads\/2025\/07\/BOOD-LUMO-60K-PUFF-Rechargeable-Vape-Device-300x300.webp",300,300,true],"woocommerce_single":["https:\/\/vapebulkp.com\/wp-content\/uploads\/2025\/07\/BOOD-LUMO-60K-PUFF-Rechargeable-Vape-Device-600x600.webp",600,600,true],"woocommerce_gallery_thumbnail":["https:\/\/vapebulkp.com\/wp-content\/uploads\/2025\/07\/BOOD-LUMO-60K-PUFF-Rechargeable-Vape-Device-100x100.webp",100,100,true],"wcpr-photo-reviews":["https:\/\/vapebulkp.com\/wp-content\/uploads\/2025\/07\/BOOD-LUMO-60K-PUFF-Rechargeable-Vape-Device.webp",500,500,false]},"uagb_author_info":{"display_name":"Mandy vape bulk price","author_link":"https:\/\/vapebulkp.com\/da\/author\/"},"uagb_comment_info":0,"uagb_excerpt":"Buy authentic BOOD LUMO 60000 Puffs Disposable Vape with dual mesh coils, 18ml e-liquid, and adjustable airflow. Available in 2% &amp; 5% nicotine at Vapebulkp.com. Pls Contact Mandy's WhatsApp For Discount Price+8618077105796 NOTE: Prices on our website does not include shipping costs Main reason for purchase 1. Excellent quality and unparalleled performance. 2. Competitive price&hellip;","_links":{"self":[{"href":"https:\/\/vapebulkp.com\/da\/wp-json\/wp\/v2\/product\/3910","targetHints":{"allow":["GET"]}}],"collection":[{"href":"https:\/\/vapebulkp.com\/da\/wp-json\/wp\/v2\/product"}],"about":[{"href":"https:\/\/vapebulkp.com\/da\/wp-json\/wp\/v2\/types\/product"}],"replies":[{"embeddable":true,"href":"https:\/\/vapebulkp.com\/da\/wp-json\/wp\/v2\/comments?post=3910"}],"wp:featuredmedia":[{"embeddable":true,"href":"https:\/\/vapebulkp.com\/da\/wp-json\/wp\/v2\/media\/3902"}],"wp:attachment":[{"href":"https:\/\/vapebulkp.com\/da\/wp-json\/wp\/v2\/media?parent=3910"}],"wp:term":[{"taxonomy":"product_cat","embeddable":true,"href":"https:\/\/vapebulkp.com\/da\/wp-json\/wp\/v2\/product_cat?post=3910"},{"taxonomy":"product_tag","embeddable":true,"href":"https:\/\/vapebulkp.com\/da\/wp-json\/wp\/v2\/product_tag?post=3910"}],"curies":[{"name":"wp","href":"https:\/\/api.w.org\/{rel}","templated":true}]}}