{"id":3925,"date":"2025-07-09T10:46:35","date_gmt":"2025-07-09T08:46:35","guid":{"rendered":"https:\/\/vapebulkp.com\/?post_type=product&#038;p=3925"},"modified":"2025-09-24T04:59:03","modified_gmt":"2025-09-24T02:59:03","slug":"vozol-vista-40000-puffs-vape-wholesale-best-price","status":"publish","type":"product","link":"https:\/\/vapebulkp.com\/da\/product\/vozol-vista-40000-puffs-vape-wholesale-best-price\/","title":{"rendered":"VOZOL VISTA 40000 Puffs Vape Engros Bedste Pris"},"content":{"rendered":"<h2>VOZOL VISTA 40000 Puffs Vape Engros Bedste Pris<\/h2>\n<p>Den <b>VOZOL VISTA 40000 Puffs Vape Enhed<\/b>\u00a0er et bevis p\u00e5 banebrydende vape-innovation. Denne enhed er mere end blot en <b>engangs vape<\/b>; det er et sofistikeret vaping-instrument bygget til dem, der v\u00e6rds\u00e6tter b\u00e5de stil og substans. Det ikoniske rullende gear-design giver en unik taktil oplevelse, mens den <b>270\u00b0 Beat-Responsive LED-sk\u00e6rm<\/b> giver en dynamisk visuel gr\u00e6nseflade, der er b\u00e5de intuitiv og engagerende.<\/p>\n<p>Konstrueret til enest\u00e5ende lang levetid, drives VOZOL VISTA af et robust <b>1000mAh genopladeligt batteri<\/b>, hvilket sikrer konsekvent og p\u00e5lidelig ydeevne for dens monumentale <b>40000 sug<\/b>. Kernen i denne enhed ligger i dens avancerede <b>S.i.L.C. Tech dobbelt mesh-coil<\/b> teknologi, som leverer konsekvent fed smag og glat damp ved hvert eneste sug. Brugere kan fuldt ud tilpasse deres oplevelse med <b>4-niveaus wattkontrol<\/b> og <b>2-niveaus justerbar luftstr\u00f8m<\/b>, hvilket g\u00f8r den til en perfekt <b>MTL vape<\/b> til enhver pr\u00e6ference.<\/p>\n<p>Designet med b\u00e6redygtighed i tankerne, er <strong>VISTA 40k Puffs Vape Pods<\/strong> udstyret med et genanvendeligt pod-system, der minimerer spild, hvilket positionerer den som et smart, milj\u00f8bevidst valg. Denne <a href=\"https:\/\/vapebulkp.com\/da\/product-category\/40000-puffs-disposable-vape\/\"><b>40000 sug engangs-vape<\/b><\/a> er den definitive l\u00f8sning for b\u00e5de kr\u00e6sne dampere og forhandlere, der s\u00f8ger et efterspurgt produkt af h\u00f8j kvalitet, som kombinerer en moderne \u00e6stetik med overlegen ydeevne.<\/p>\n<h6><span style=\"color: #ff0000\">Kontakt venligst Mandys WhatsApp for rabatpris<a style=\"color: #ff0000\" href=\"https:\/\/wa.me\/8618077105796\">+8618077105796<\/a><\/span><\/h6>\n<p><img decoding=\"async\" class=\"alignnone wp-image-2151\" src=\"http:\/\/vapebulkp.com\/wp-content\/uploads\/2024\/04\/Mandy-WhatsApp-Randm.jpg\" alt=\"Mandy WhatsApp Randm\" width=\"271\" height=\"289\" srcset=\"https:\/\/vapebulkp.com\/wp-content\/uploads\/2024\/04\/Mandy-WhatsApp-Randm.jpg 916w, https:\/\/vapebulkp.com\/wp-content\/uploads\/2024\/04\/Mandy-WhatsApp-Randm-282x300.jpg 282w, https:\/\/vapebulkp.com\/wp-content\/uploads\/2024\/04\/Mandy-WhatsApp-Randm-768x817.jpg 768w, https:\/\/vapebulkp.com\/wp-content\/uploads\/2024\/04\/Mandy-WhatsApp-Randm-600x638.jpg 600w\" sizes=\"(max-width: 271px) 100vw, 271px\" \/><\/p>\n<h2><strong>Hvorfor k\u00f8be VOZOL VISTA 40000 Puffs Vapes til engrospriser hos <a href=\"https:\/\/vapebulkp.com\/da\/\">Vapebulkp.com<\/a>?<\/strong><\/h2>\n<h3 data-start=\"266\" data-end=\"302\">\u2705 <strong data-start=\"275\" data-end=\"302\">Direkte indk\u00f8b fra fabrikken<\/strong><\/h3>\n<p data-start=\"303\" data-end=\"471\">Vi samarbejder direkte med VOZOL og certificerede producenter, hvilket sikrer <strong data-start=\"372\" data-end=\"394\">autentiske produkter<\/strong>, <strong data-start=\"396\" data-end=\"416\">stabil lagerbeholdning<\/strong>, og de <strong data-start=\"426\" data-end=\"443\">nyeste modeller<\/strong> \u2014 ingen mellemled, ingen fordyrende mellemled.<\/p>\n<h3 data-start=\"473\" data-end=\"515\">\u2705 <strong data-start=\"482\" data-end=\"515\">Konkurrencedygtige Engrospriser<\/strong><\/h3>\n<p data-start=\"516\" data-end=\"718\">Vapebulkp.com tilbyder branchens f\u00f8rende engrospriser, hvilket g\u00f8r det nemt for dampforhandlere, distribut\u00f8rer og videres\u00e6lgere at maksimere profitten, mens de tilbyder top-tier enheder som <strong data-start=\"690\" data-end=\"717\">VOZOL VISTA 40000 Puffs<\/strong>.<\/p>\n<h3 data-start=\"720\" data-end=\"757\">\u2705 <strong data-start=\"729\" data-end=\"757\">Hurtig levering<\/strong><\/h3>\n<p data-start=\"758\" data-end=\"932\">Med globale distributionskapaciteter og ekspreslogistikmuligheder, sendes dine ordrer <strong data-start=\"843\" data-end=\"867\">hurtigt og sikkert<\/strong>. Vi prioriterer leveringseffektivitet for at holde din virksomhed i gang.<\/p>\n<h3 data-start=\"934\" data-end=\"970\">\u2705 <strong data-start=\"943\" data-end=\"970\">Store m\u00e6ngder, ingen besv\u00e6r<\/strong><\/h3>\n<p data-start=\"971\" data-end=\"1131\">Uanset om du bestiller <strong data-start=\"995\" data-end=\"1019\">100 enheder eller 10.000+<\/strong>, sikrer vores str\u00f8mlinede B2B-proces og dedikerede account managers en problemfri k\u00f8bsoplevelse \u2014 hver gang.<\/p>\n<h3 data-start=\"1133\" data-end=\"1179\">\u2705 <strong data-start=\"1142\" data-end=\"1179\">Garanteret \u00e6gthed<\/strong><\/h3>\n<p data-start=\"1180\" data-end=\"1319\">Alle produkter er 100% \u00e6gte, sikkerhedstestet og batch-testet. Vi st\u00e5r bag hver forsendelse, s\u00e5 du kan k\u00f8be og videres\u00e6lge med tillid.<\/p>\n<h3 data-start=\"1321\" data-end=\"1371\">\u2705 <strong data-start=\"1330\" data-end=\"1371\">Skr\u00e6ddersyet til forhandlere<\/strong><\/h3>\n<p data-start=\"1372\" data-end=\"1508\">Fra <strong data-start=\"1377\" data-end=\"1396\">Fleksibilitet vedr. MOQ<\/strong> to <strong data-start=\"1400\" data-end=\"1434\">konsultation om private label\/OEM<\/strong>, vi underst\u00f8tter dine unikke engrosbehov \u2013 uanset dit marked eller omfang.<\/p>\n<div class=\"faqs-answer\">\n<h2 data-start=\"55\" data-end=\"63\">Ofte stillede sp\u00f8rgsm\u00e5l<\/h2>\n<p data-start=\"65\" data-end=\"223\"><strong data-start=\"65\" data-end=\"97\">Sender I den bedste engangsvape 2025 internationalt?<\/strong><br data-start=\"97\" data-end=\"100\" \/>Ja, Vapebulkp.com sender til de fleste lande verden over og h\u00e5ndterer al toldbehandling for at sikre en problemfri leveringsproces.<\/p>\n<p data-start=\"389\" data-end=\"542\"><strong data-start=\"389\" data-end=\"418\">Hvordan kan jeg spore min ordre?<\/strong><br data-start=\"418\" data-end=\"421\" \/>N\u00e5r din ordre er afsendt, modtager du et sporingsnummer via e-mail, s\u00e5 du nemt kan overv\u00e5ge pakkens status.<\/p>\n<p data-start=\"544\" data-end=\"699\"><strong data-start=\"544\" data-end=\"574\">Kan jeg f\u00e5 hurtigere forsendelse?<\/strong><br data-start=\"574\" data-end=\"577\" \/>For hurtigere levering anbefaler vi, at du bestiller fra vores europ\u00e6iske lager, som tilbyder hurtigere behandling og leveringstider.<\/p>\n<p data-start=\"888\" data-end=\"1079\"><strong data-start=\"888\" data-end=\"950\">Hvad skal jeg g\u00f8re, hvis jeg modtager et beskadiget eller defekt produkt?<\/strong><br data-start=\"950\" data-end=\"953\" \/>Hvis du modtager en beskadiget eller defekt vare, bedes du straks kontakte vores kundeserviceteam for en erstatning eller l\u00f8sning.<\/p>\n<p data-start=\"1081\" data-end=\"1235\"><strong data-start=\"1081\" data-end=\"1125\">Hvordan kan jeg kontakte jeres kundeservice?<\/strong><br data-start=\"1125\" data-end=\"1128\" \/>Du kan kontakte os via e-mail, WhatsApp eller via live chat-funktionen p\u00e5 vores hjemmeside for hurtig hj\u00e6lp.<\/p>\n<\/div>\n<h4><\/h4>\n<h2 data-start=\"52\" data-end=\"122\"><strong data-start=\"52\" data-end=\"122\">VOZOL VISTA 40000 Puffs vape med h\u00f8j suget\u00e6lling \u2013 Produktspecifikationer<\/strong><\/h2>\n<p>Produktnavn: VOZOL VISTA 40000 Puffs genopladeligt vape pod-kit<br \/>\nMaksimalt antal sug: Op til 40.000+ sug (varierer efter brug)<br \/>\nSk\u00e6rm: 270\u00b0 takt-responsivt LED-display<br \/>\nBatterikapacitet: Indbygget 1000mAh genopladeligt batteri<br \/>\nOpladningsport: USB Type-C hurtigopladning<br \/>\nWattjustering: 4-niveau justerbar wattstyrke<br \/>\nLuftstr\u00f8mskontrol: 2-niveau justerbart luftstr\u00f8mssystem<br \/>\nSpoleteknologi: S.i.L.C. Tech Dual Mesh Coil<br \/>\nAktiveringsmetode: Tr\u00e6k-aktiveret (ingen knap n\u00f8dvendig)<br \/>\nDampstil MTL (mund-til-lunge)<br \/>\nEnhedstype: Genopladelig enhed + genopfyldelige pod-beholdere<br \/>\nBrugerniveau: Begyndervenlig<\/p>\n<h2>VOZOL VISTA 40000 Puffs Smagsliste:<\/h2>\n<p>1. Bl\u00e5 hindb\u00e6r-is<br \/>\n2. Bl\u00e5b\u00e6r-is<br \/>\n3. Kirseb\u00e6rcola<br \/>\n4. K\u00f8lig mynte<br \/>\n5. Dobbelt \u00e6ble<br \/>\n6. Drueis<br \/>\n7. K\u00e6rlighed 777<br \/>\n8. Mango is<br \/>\n9. Mango passionsfrugt<br \/>\n10. Mango Fersken<br \/>\n11. Melon Gummi<br \/>\n12. Ferskenb\u00e6r<br \/>\n13. Fersken Is<br \/>\n14. Jordb\u00e6rbanan<br \/>\n15. Jordb\u00e6r Is<br \/>\n16. Jordb\u00e6r Kiwi<br \/>\n17. Jordb\u00e6rmango<br \/>\n18. Jordb\u00e6rvandmelon<br \/>\n19. Vandmelon tyggegummi<br \/>\n20. Vandmelon is<\/p>\n<p><span style=\"vertical-align: inherit\">Find flere produkter du m\u00e5ske kan lide:<\/span><em><a href=\"https:\/\/wa.me\/8618077105796\"><span style=\"vertical-align: inherit\">\u00a0K\u00f8b den nu<\/span><\/a><\/em><\/p>\n<p><span style=\"vertical-align: inherit\">Andre Puffs du m\u00e5ske kan lide:<\/span><a href=\"https:\/\/vapebulkp.com\/da\/product\/aivono-fat-bear-80000-puffs-3-flavors-modes-disposable-vape-bulk-wholesale\/\"><span style=\"vertical-align: inherit\">Aivono Fed Bj\u00f8rn 80000 Pust<\/span><\/a><span style=\"vertical-align: inherit\">\u3001<\/span><a href=\"https:\/\/vapebulkp.com\/da\/product\/vozol-rave-40000-puffs-hot-sale-nicotine-salt-disposable-vaporizer\/\"><span style=\"vertical-align: inherit\">Vozol Rave 40000 sug<\/span><\/a><span style=\"vertical-align: inherit\">\/ <\/span><a href=\"https:\/\/vapebulkp.com\/da\/product\/bang-box-80000-puffs-3-in-1-wholesale-vape-supply\/\"><span style=\"vertical-align: inherit\">Bang Box 80000 sug<\/span><\/a><span style=\"vertical-align: inherit\">\/ <\/span><a href=\"https:\/\/vapebulkp.com\/da\/product\/bood-lumo-60000-puffs-best-price-disposable-vape-2-5-nicotine\/\"><span style=\"vertical-align: inherit\">BOOD LUMO 60000 sug<\/span><\/a><\/p>\n<h2 data-start=\"55\" data-end=\"75\">Forsendelsesmetoder<\/h2>\n<p data-start=\"77\" data-end=\"345\">Hos Vapebulkp.com samarbejder vi med f\u00f8rende kurerfirmaer som UPS, DHL, FedEx og DPD for at sikre hurtig og p\u00e5lidelig forsendelse. Afh\u00e6ngigt af destinationslandet v\u00e6lger vi den mest passende forsendelsesmetode for at sikre, at din ordre ankommer s\u00e5 hurtigt og sikkert som muligt.<\/p>\n<ul data-start=\"347\" data-end=\"509\">\n<li data-start=\"347\" data-end=\"429\">\n<p data-start=\"349\" data-end=\"429\"><strong data-start=\"349\" data-end=\"383\">Forsendelse til Danmark:<\/strong> Tager typisk omkring 10 dage for levering.<\/p>\n<\/li>\n<li data-start=\"430\" data-end=\"506\">\n<p data-start=\"432\" data-end=\"506\"><strong data-start=\"432\" data-end=\"467\">Forsendelse til europ\u00e6iske lande:<\/strong> Tager normalt mellem 12 og 15 dage.<\/p>\n<\/li>\n<\/ul>\n<p data-start=\"510\" data-end=\"603\">Vi giver opdateringer med sporing i realtid, s\u00e5 du kan overv\u00e5ge din forsendelse hele vejen.<\/p>\n<p data-start=\"605\" data-end=\"856\">For at give dig en problemfri shoppingoplevelse h\u00e5ndterer vi alle toldbehandlingsprocedurer p\u00e5 dine vegne. Der er ingen yderligere skatter eller gebyrer at bekymre sig om, og vi garanterer, at 100% af vores forsendelser succesfuldt passerer tolden uden problemer.<\/p>\n<p data-start=\"858\" data-end=\"956\">Shop trygt hos Vapebulkp.com, velvidende at din ordre er i eksperth\u00e6nder fra kassen til levering.<\/p>","protected":false},"excerpt":{"rendered":"<p data-start=\"138\" data-end=\"318\">K\u00f8b VOZOL VISTA 40000 puffs Vape Kits \u2013 genopladeligt vape pod-system med h\u00f8j kapacitet og genanvendeligt design. Ideel for engrosk\u00f8bere, der s\u00f8ger f\u00f8rsteklasses, milj\u00f8venlige vape-enheder.<\/p>\n<p>Kontakt venligst Mandys WhatsApp for rabatpris<a href=\"https:\/\/wa.me\/8618077105796\">+8618077105796<\/a><\/p>\n<p><img decoding=\"async\" class=\"alignnone wp-image-2151\" src=\"http:\/\/vapebulkp.com\/wp-content\/uploads\/2024\/04\/Mandy-WhatsApp-Randm.jpg\" alt=\"Mandy WhatsApp Randm\" width=\"297\" height=\"316\" srcset=\"https:\/\/vapebulkp.com\/wp-content\/uploads\/2024\/04\/Mandy-WhatsApp-Randm.jpg 916w, https:\/\/vapebulkp.com\/wp-content\/uploads\/2024\/04\/Mandy-WhatsApp-Randm-282x300.jpg 282w, https:\/\/vapebulkp.com\/wp-content\/uploads\/2024\/04\/Mandy-WhatsApp-Randm-768x817.jpg 768w, https:\/\/vapebulkp.com\/wp-content\/uploads\/2024\/04\/Mandy-WhatsApp-Randm-600x638.jpg 600w\" sizes=\"(max-width: 297px) 100vw, 297px\" \/><\/p>\n<p><span style=\"color: #ff0000\">BEM\u00c6RK: Priserne p\u00e5 vores hjemmeside inkluderer ikke forsendelsesomkostninger<\/span><\/p>\n<p>Hoved\u00e5rsag til k\u00f8b<br \/>\n1. Fremragende kvalitet og uovertruffen ydeevne.<\/p>\n<p>2. Konkurrencedygtig pris og hurtig v\u00e6rdi.<\/p>\n<p>3. Flere muligheder og rettidig levering.<\/p>\n<p>4. En tilfredsstillende shoppingoplevelse<\/p>","protected":false},"featured_media":3920,"comment_status":"open","ping_status":"closed","template":"","meta":{"_uag_custom_page_level_css":"","_lmt_disableupdate":"no","_lmt_disable":"","site-sidebar-layout":"default","site-content-layout":"content-boxed-container","ast-site-content-layout":"normal-width-container","site-content-style":"boxed","site-sidebar-style":"unboxed","ast-global-header-display":"","ast-banner-title-visibility":"","ast-main-header-display":"","ast-hfb-above-header-display":"","ast-hfb-below-header-display":"","ast-hfb-mobile-header-display":"","site-post-title":"","ast-breadcrumbs-content":"","ast-featured-img":"","footer-sml-layout":"","theme-transparent-header-meta":"default","adv-header-id-meta":"","stick-header-meta":"","header-above-stick-meta":"","header-main-stick-meta":"","header-below-stick-meta":"","astra-migrate-meta-layouts":"set","_joinchat":[]},"product_cat":[182,153,155,33,59,100,87,34,158,157,154,152,58,84,156,63,32,364],"product_tag":[36,37,41,286,40,267],"class_list":["post-3925","product","type-product","status-publish","has-post-thumbnail","hentry","product_cat-40000-puffs-disposable-vape","product_cat-hot-disposable-vapes","product_cat-belgium-hot-disposable-vapes","product_cat-france-vape-hot-sale","product_cat-germany-hot-disposable-vape","product_cat-germany-wholesale-vape-shop","product_cat-minimum-order-quantity-50pcs","product_cat-netherlands-vape-good-sale","product_cat-norway-hot-disposable-vapes","product_cat-poland-hot-disposable-vapes","product_cat-portugal-hot-disposable-vapes","product_cat-spain-hot-disposable-vapes","product_cat-sweden-hot-disposable-vape","product_cat-sweden-wholesale-vape","product_cat-switzerland-hot-disposable-vapes","product_cat-top-sale-disposable-vape","product_cat-vape-hot-sale-this-week","product_cat-vozol-vape","product_tag-good-vape","product_tag-hot-sale-disposable-vape","product_tag-poland-hot-vape","product_tag-puffs-stock-in-europe","product_tag-sweden-hot-vape","product_tag-vozol-vista-40000-puffs","pa_brand-vozol-vape","desktop-align-left","tablet-align-left","mobile-align-left"],"yoast_head":"<!-- This site is optimized with the Yoast SEO plugin v21.1 - https:\/\/yoast.com\/wordpress\/plugins\/seo\/ -->\n<title>VOZOL VISTA 40000 Puffs Vape Wholesale Best Price - vapebulkp.com<\/title>\n<meta name=\"description\" content=\"VOZOL VISTA 40000 Puffs features a 270\u00b0 LED display, dual mesh coils, and a 1000mAh rechargeable battery. Adjustable airflow &amp; wattage for the perfect MTL vape.\" \/>\n<meta name=\"robots\" content=\"index, follow, max-snippet:-1, max-image-preview:large, max-video-preview:-1\" \/>\n<link rel=\"canonical\" href=\"https:\/\/vapebulkp.com\/da\/product\/vozol-vista-40000-puffs-vape-wholesale-best-price\/\" \/>\n<meta property=\"og:locale\" content=\"da_DK\" \/>\n<meta property=\"og:type\" content=\"article\" \/>\n<meta property=\"og:title\" content=\"VOZOL VISTA 40000 Puffs Vape Wholesale Best Price - vapebulkp.com\" \/>\n<meta property=\"og:description\" content=\"VOZOL VISTA 40000 Puffs features a 270\u00b0 LED display, dual mesh coils, and a 1000mAh rechargeable battery. Adjustable airflow &amp; wattage for the perfect MTL vape.\" \/>\n<meta property=\"og:url\" content=\"https:\/\/vapebulkp.com\/da\/product\/vozol-vista-40000-puffs-vape-wholesale-best-price\/\" \/>\n<meta property=\"og:site_name\" content=\"vapebulkp.com\" \/>\n<meta property=\"article:modified_time\" content=\"2025-09-24T02:59:03+00:00\" \/>\n<meta property=\"og:image\" content=\"http:\/\/vapebulkp.com\/wp-content\/uploads\/2025\/07\/VOZOL-VISTA-40K-Puffs-Disposable-Vape-Wholesale-Price.jpg\" \/>\n\t<meta property=\"og:image:width\" content=\"800\" \/>\n\t<meta property=\"og:image:height\" content=\"800\" \/>\n\t<meta property=\"og:image:type\" content=\"image\/jpeg\" \/>\n<meta name=\"twitter:card\" content=\"summary_large_image\" \/>\n<meta name=\"twitter:label1\" content=\"Estimeret l\u00e6setid\" \/>\n\t<meta name=\"twitter:data1\" content=\"4 minutter\" \/>\n<script type=\"application\/ld+json\" class=\"yoast-schema-graph\">{\"@context\":\"https:\/\/schema.org\",\"@graph\":[{\"@type\":\"WebPage\",\"@id\":\"https:\/\/vapebulkp.com\/product\/vozol-vista-40000-puffs-vape-wholesale-best-price\/\",\"url\":\"https:\/\/vapebulkp.com\/product\/vozol-vista-40000-puffs-vape-wholesale-best-price\/\",\"name\":\"VOZOL VISTA 40000 Puffs Vape Wholesale Best Price - vapebulkp.com\",\"isPartOf\":{\"@id\":\"https:\/\/vapebulkp.com\/#website\"},\"datePublished\":\"2025-07-09T08:46:35+00:00\",\"dateModified\":\"2025-09-24T02:59:03+00:00\",\"description\":\"VOZOL VISTA 40000 Puffs features a 270\u00b0 LED display, dual mesh coils, and a 1000mAh rechargeable battery. Adjustable airflow & wattage for the perfect MTL vape.\",\"breadcrumb\":{\"@id\":\"https:\/\/vapebulkp.com\/product\/vozol-vista-40000-puffs-vape-wholesale-best-price\/#breadcrumb\"},\"inLanguage\":\"da-DK\",\"potentialAction\":[{\"@type\":\"ReadAction\",\"target\":[\"https:\/\/vapebulkp.com\/product\/vozol-vista-40000-puffs-vape-wholesale-best-price\/\"]}]},{\"@type\":\"BreadcrumbList\",\"@id\":\"https:\/\/vapebulkp.com\/product\/vozol-vista-40000-puffs-vape-wholesale-best-price\/#breadcrumb\",\"itemListElement\":[{\"@type\":\"ListItem\",\"position\":1,\"name\":\"Home\",\"item\":\"https:\/\/vapebulkp.com\/\"},{\"@type\":\"ListItem\",\"position\":2,\"name\":\"Hot Trend Vapes\",\"item\":\"https:\/\/vapebulkp.com\/vape-shop\/\"},{\"@type\":\"ListItem\",\"position\":3,\"name\":\"VOZOL VISTA 40000 Puffs Vape Wholesale Best Price\"}]},{\"@type\":\"WebSite\",\"@id\":\"https:\/\/vapebulkp.com\/#website\",\"url\":\"https:\/\/vapebulkp.com\/\",\"name\":\"vapebulkp.com\",\"description\":\"Buy Vape In Cheap Bulk Price Near you\",\"publisher\":{\"@id\":\"https:\/\/vapebulkp.com\/#organization\"},\"potentialAction\":[{\"@type\":\"SearchAction\",\"target\":{\"@type\":\"EntryPoint\",\"urlTemplate\":\"https:\/\/vapebulkp.com\/?s={search_term_string}\"},\"query-input\":\"required name=search_term_string\"}],\"inLanguage\":\"da-DK\"},{\"@type\":\"Organization\",\"@id\":\"https:\/\/vapebulkp.com\/#organization\",\"name\":\"vapebulkp.com\",\"url\":\"https:\/\/vapebulkp.com\/\",\"logo\":{\"@type\":\"ImageObject\",\"inLanguage\":\"da-DK\",\"@id\":\"https:\/\/vapebulkp.com\/#\/schema\/logo\/image\/\",\"url\":\"https:\/\/vapebulkp.com\/wp-content\/uploads\/2023\/09\/cropped-vapebulkp.png\",\"contentUrl\":\"https:\/\/vapebulkp.com\/wp-content\/uploads\/2023\/09\/cropped-vapebulkp.png\",\"width\":516,\"height\":163,\"caption\":\"vapebulkp.com\"},\"image\":{\"@id\":\"https:\/\/vapebulkp.com\/#\/schema\/logo\/image\/\"}}]}<\/script>\n<!-- \/ Yoast SEO plugin. -->","yoast_head_json":{"title":"VOZOL VISTA 40000 Puffs Vape Wholesale Best Price - vapebulkp.com","description":"VOZOL VISTA 40000 Puffs features a 270\u00b0 LED display, dual mesh coils, and a 1000mAh rechargeable battery. Adjustable airflow & wattage for the perfect MTL vape.","robots":{"index":"index","follow":"follow","max-snippet":"max-snippet:-1","max-image-preview":"max-image-preview:large","max-video-preview":"max-video-preview:-1"},"canonical":"https:\/\/vapebulkp.com\/da\/product\/vozol-vista-40000-puffs-vape-wholesale-best-price\/","og_locale":"da_DK","og_type":"article","og_title":"VOZOL VISTA 40000 Puffs Vape Wholesale Best Price - vapebulkp.com","og_description":"VOZOL VISTA 40000 Puffs features a 270\u00b0 LED display, dual mesh coils, and a 1000mAh rechargeable battery. Adjustable airflow & wattage for the perfect MTL vape.","og_url":"https:\/\/vapebulkp.com\/da\/product\/vozol-vista-40000-puffs-vape-wholesale-best-price\/","og_site_name":"vapebulkp.com","article_modified_time":"2025-09-24T02:59:03+00:00","og_image":[{"width":800,"height":800,"url":"http:\/\/vapebulkp.com\/wp-content\/uploads\/2025\/07\/VOZOL-VISTA-40K-Puffs-Disposable-Vape-Wholesale-Price.jpg","type":"image\/jpeg"}],"twitter_card":"summary_large_image","twitter_misc":{"Estimeret l\u00e6setid":"4 minutter"},"schema":{"@context":"https:\/\/schema.org","@graph":[{"@type":"WebPage","@id":"https:\/\/vapebulkp.com\/product\/vozol-vista-40000-puffs-vape-wholesale-best-price\/","url":"https:\/\/vapebulkp.com\/product\/vozol-vista-40000-puffs-vape-wholesale-best-price\/","name":"VOZOL VISTA 40000 Puffs Vape Wholesale Best Price - vapebulkp.com","isPartOf":{"@id":"https:\/\/vapebulkp.com\/#website"},"datePublished":"2025-07-09T08:46:35+00:00","dateModified":"2025-09-24T02:59:03+00:00","description":"VOZOL VISTA 40000 Puffs features a 270\u00b0 LED display, dual mesh coils, and a 1000mAh rechargeable battery. Adjustable airflow & wattage for the perfect MTL vape.","breadcrumb":{"@id":"https:\/\/vapebulkp.com\/product\/vozol-vista-40000-puffs-vape-wholesale-best-price\/#breadcrumb"},"inLanguage":"da-DK","potentialAction":[{"@type":"ReadAction","target":["https:\/\/vapebulkp.com\/product\/vozol-vista-40000-puffs-vape-wholesale-best-price\/"]}]},{"@type":"BreadcrumbList","@id":"https:\/\/vapebulkp.com\/product\/vozol-vista-40000-puffs-vape-wholesale-best-price\/#breadcrumb","itemListElement":[{"@type":"ListItem","position":1,"name":"Home","item":"https:\/\/vapebulkp.com\/"},{"@type":"ListItem","position":2,"name":"Hot Trend Vapes","item":"https:\/\/vapebulkp.com\/vape-shop\/"},{"@type":"ListItem","position":3,"name":"VOZOL VISTA 40000 Puffs Vape Wholesale Best Price"}]},{"@type":"WebSite","@id":"https:\/\/vapebulkp.com\/#website","url":"https:\/\/vapebulkp.com\/","name":"vapebulkp.com","description":"Buy Vape In Cheap Bulk Price Near you","publisher":{"@id":"https:\/\/vapebulkp.com\/#organization"},"potentialAction":[{"@type":"SearchAction","target":{"@type":"EntryPoint","urlTemplate":"https:\/\/vapebulkp.com\/?s={search_term_string}"},"query-input":"required name=search_term_string"}],"inLanguage":"da-DK"},{"@type":"Organization","@id":"https:\/\/vapebulkp.com\/#organization","name":"vapebulkp.com","url":"https:\/\/vapebulkp.com\/","logo":{"@type":"ImageObject","inLanguage":"da-DK","@id":"https:\/\/vapebulkp.com\/#\/schema\/logo\/image\/","url":"https:\/\/vapebulkp.com\/wp-content\/uploads\/2023\/09\/cropped-vapebulkp.png","contentUrl":"https:\/\/vapebulkp.com\/wp-content\/uploads\/2023\/09\/cropped-vapebulkp.png","width":516,"height":163,"caption":"vapebulkp.com"},"image":{"@id":"https:\/\/vapebulkp.com\/#\/schema\/logo\/image\/"}}]}},"uagb_featured_image_src":{"full":["https:\/\/vapebulkp.com\/wp-content\/uploads\/2025\/07\/VOZOL-VISTA-40K-Puffs-Disposable-Vape-Wholesale-Price.jpg",800,800,false],"thumbnail":["https:\/\/vapebulkp.com\/wp-content\/uploads\/2025\/07\/VOZOL-VISTA-40K-Puffs-Disposable-Vape-Wholesale-Price-150x150.jpg",150,150,true],"medium":["https:\/\/vapebulkp.com\/wp-content\/uploads\/2025\/07\/VOZOL-VISTA-40K-Puffs-Disposable-Vape-Wholesale-Price-300x300.jpg",300,300,true],"medium_large":["https:\/\/vapebulkp.com\/wp-content\/uploads\/2025\/07\/VOZOL-VISTA-40K-Puffs-Disposable-Vape-Wholesale-Price-768x768.jpg",768,768,true],"large":["https:\/\/vapebulkp.com\/wp-content\/uploads\/2025\/07\/VOZOL-VISTA-40K-Puffs-Disposable-Vape-Wholesale-Price.jpg",800,800,false],"1536x1536":["https:\/\/vapebulkp.com\/wp-content\/uploads\/2025\/07\/VOZOL-VISTA-40K-Puffs-Disposable-Vape-Wholesale-Price.jpg",800,800,false],"2048x2048":["https:\/\/vapebulkp.com\/wp-content\/uploads\/2025\/07\/VOZOL-VISTA-40K-Puffs-Disposable-Vape-Wholesale-Price.jpg",800,800,false],"trp-custom-language-flag":["https:\/\/vapebulkp.com\/wp-content\/uploads\/2025\/07\/VOZOL-VISTA-40K-Puffs-Disposable-Vape-Wholesale-Price.jpg",12,12,false],"woocommerce_thumbnail":["https:\/\/vapebulkp.com\/wp-content\/uploads\/2025\/07\/VOZOL-VISTA-40K-Puffs-Disposable-Vape-Wholesale-Price-300x300.jpg",300,300,true],"woocommerce_single":["https:\/\/vapebulkp.com\/wp-content\/uploads\/2025\/07\/VOZOL-VISTA-40K-Puffs-Disposable-Vape-Wholesale-Price-600x600.jpg",600,600,true],"woocommerce_gallery_thumbnail":["https:\/\/vapebulkp.com\/wp-content\/uploads\/2025\/07\/VOZOL-VISTA-40K-Puffs-Disposable-Vape-Wholesale-Price-100x100.jpg",100,100,true],"wcpr-photo-reviews":["https:\/\/vapebulkp.com\/wp-content\/uploads\/2025\/07\/VOZOL-VISTA-40K-Puffs-Disposable-Vape-Wholesale-Price.jpg",500,500,false]},"uagb_author_info":{"display_name":"Mandy vape bulk price","author_link":"https:\/\/vapebulkp.com\/da\/author\/"},"uagb_comment_info":0,"uagb_excerpt":"Shop VOZOL VISTA 40000 puffs Vape Kits\u2014high capacity rechargeable vape pod system with reusable design. Ideal for wholesale buyers seeking premium, eco-friendly vapes devices. Pls Contact Mandy's WhatsApp For Discount Price+8618077105796 NOTE: Prices on our website does not include shipping costs Main reason for purchase 1. Excellent quality and unparalleled performance. 2. Competitive price and&hellip;","_links":{"self":[{"href":"https:\/\/vapebulkp.com\/da\/wp-json\/wp\/v2\/product\/3925","targetHints":{"allow":["GET"]}}],"collection":[{"href":"https:\/\/vapebulkp.com\/da\/wp-json\/wp\/v2\/product"}],"about":[{"href":"https:\/\/vapebulkp.com\/da\/wp-json\/wp\/v2\/types\/product"}],"replies":[{"embeddable":true,"href":"https:\/\/vapebulkp.com\/da\/wp-json\/wp\/v2\/comments?post=3925"}],"wp:featuredmedia":[{"embeddable":true,"href":"https:\/\/vapebulkp.com\/da\/wp-json\/wp\/v2\/media\/3920"}],"wp:attachment":[{"href":"https:\/\/vapebulkp.com\/da\/wp-json\/wp\/v2\/media?parent=3925"}],"wp:term":[{"taxonomy":"product_cat","embeddable":true,"href":"https:\/\/vapebulkp.com\/da\/wp-json\/wp\/v2\/product_cat?post=3925"},{"taxonomy":"product_tag","embeddable":true,"href":"https:\/\/vapebulkp.com\/da\/wp-json\/wp\/v2\/product_tag?post=3925"}],"curies":[{"name":"wp","href":"https:\/\/api.w.org\/{rel}","templated":true}]}}