{"id":3942,"date":"2025-07-14T10:35:53","date_gmt":"2025-07-14T08:35:53","guid":{"rendered":"https:\/\/vapebulkp.com\/?post_type=product&#038;p=3942"},"modified":"2025-09-24T05:00:05","modified_gmt":"2025-09-24T03:00:05","slug":"mesii-80000-puffs-7-in-1-flavors-popular-high-capacity-disposable-vape","status":"publish","type":"product","link":"https:\/\/vapebulkp.com\/da\/product\/mesii-80000-puffs-7-in-1-flavors-popular-high-capacity-disposable-vape\/","title":{"rendered":"Mesii 80000 sug 7 i 1 smage popul\u00e6r engangs-vape med h\u00f8j kapacitet"},"content":{"rendered":"<h2>Mesii 80000 sug 7 i 1 smage popul\u00e6r engangs-vape med h\u00f8j kapacitet<\/h2>\n<p>Den <b>Mesii Magic 80000 Pust Vape Pods<\/b>\u00a0s\u00e6tter en ny standard for vaping med h\u00f8j kapacitet. Det er den ultimative <b>80000 Pust Vape S\u00e6t<\/b> for dem, der kr\u00e6ver b\u00e5de en ekstraordin\u00e6r levetid og en utrolig variation af smage. Denne sofistikerede enhed er konstrueret med et banebrydende <b>7-i-1 smagsrotationssystem<\/b>, der giver dig frihed til ubesv\u00e6ret at skifte mellem syv f\u00f8rsteklasses smage.<\/p>\n<p>Designet til kompromisl\u00f8s ydeevne, denne <b>genopladelig vape<\/b> indeholder imponerende <b>35 ml e-v\u00e6ske<\/b>, hvilket sikrer en virkelig langvarig oplevelse, der langt overg\u00e5r standardenheder. Dens robuste <b>850mAh batteri<\/b> og avancerede mesh-spole-teknologi arbejder sammen for at levere ensartet, j\u00e6vn og intens smagfuld damp fra det f\u00f8rste til det sidste pust. For ekstra bekvemmelighed genoplades enheden hurtigt via dens Type-C-port, hvilket minimerer nedetid og sikrer, at du altid kan nyde din <b>Mesii Magi <a href=\"https:\/\/vapebulkp.com\/da\/product-category\/80000-puffs-disposable-vape\/\">80000 Pust Disponibel Vape<\/a><\/b>.<\/p>\n<p>F\u00e5s med nikotinstyrker p\u00e5 0%, 2%, 3% og 5%, denne <b>high-end engangs vape<\/b> im\u00f8dekommer alle pr\u00e6ferencer. Dens slanke, p\u00e5lidelige design g\u00f8r den til et topvalg til personlig brug, mens dens uovertrufne v\u00e6rdi og ydeevne g\u00f8r den til en ideel mulighed for <b>vape engros<\/b> og videresalg.<\/p>\n<h6><span style=\"color: #ff0000\">Kontakt venligst Mandys WhatsApp for rabatpris<a style=\"color: #ff0000\" href=\"https:\/\/wa.me\/8618077105796\">+8618077105796<\/a><\/span><\/h6>\n<p><img decoding=\"async\" class=\"alignnone wp-image-2151\" src=\"http:\/\/vapebulkp.com\/wp-content\/uploads\/2024\/04\/Mandy-WhatsApp-Randm.jpg\" alt=\"Mandy WhatsApp Randm\" width=\"271\" height=\"289\" srcset=\"https:\/\/vapebulkp.com\/wp-content\/uploads\/2024\/04\/Mandy-WhatsApp-Randm.jpg 916w, https:\/\/vapebulkp.com\/wp-content\/uploads\/2024\/04\/Mandy-WhatsApp-Randm-282x300.jpg 282w, https:\/\/vapebulkp.com\/wp-content\/uploads\/2024\/04\/Mandy-WhatsApp-Randm-768x817.jpg 768w, https:\/\/vapebulkp.com\/wp-content\/uploads\/2024\/04\/Mandy-WhatsApp-Randm-600x638.jpg 600w\" sizes=\"(max-width: 271px) 100vw, 271px\" \/><\/p>\n<h2><strong>Hvorfor k\u00f8be Mesii 80k pust 7 i 1 vape pods hos <a href=\"https:\/\/vapebulkp.com\/da\/\">Vapebulkp.com<\/a>?<\/strong><\/h2>\n<p data-start=\"274\" data-end=\"495\"><strong data-start=\"274\" data-end=\"316\">1. Autentiske Mesii-produkter garanteret<\/strong><br data-start=\"316\" data-end=\"319\" \/>Hos Vapebulkp.com henter vi alle vores Mesii-enheder direkte fra betroede producenter. Du f\u00e5r 100% originale Mesii 80000 Puffs vapes med verificeret kvalitet og sikkerhedsstandarder.<\/p>\n<p data-start=\"497\" data-end=\"699\"><strong data-start=\"497\" data-end=\"533\">2. Eksklusiv 7 i 1 smagskombination<\/strong><br data-start=\"533\" data-end=\"536\" \/>Nyd 7 premium smagsvarianter i \u00e9n enhed \u2013 ingen grund til at skifte vape. Mesii's 7-i-1 system tilbyder en unik multi-smagsoplevelse, perfekt til brugere, der elsker variation.<\/p>\n<p data-start=\"701\" data-end=\"906\"><strong data-start=\"701\" data-end=\"736\">3. Massiv 80000 pust kapacitet<\/strong><br data-start=\"736\" data-end=\"739\" \/>En af de h\u00f8jeste pust-antal p\u00e5 markedet. Med et genopladeligt 850mAh batteri og 35ML e-v\u00e6ske kapacitet leverer Mesii forl\u00e6nget brug uden hyppige udskiftninger.<\/p>\n<p data-start=\"908\" data-end=\"1098\"><strong data-start=\"908\" data-end=\"941\">4. Engros<\/strong><br data-start=\"941\" data-end=\"944\" \/>Vi specialiserer os i engros vape-aftaler. Uanset om du er forhandler eller en storforbruger, kan du nyde uovertrufne engrospriser og m\u00e6ngderabatter kun hos Vapebulkp.com.<\/p>\n<p data-start=\"1100\" data-end=\"1277\"><strong data-start=\"1100\" data-end=\"1139\">5. Hurtig EU<\/strong><br data-start=\"1139\" data-end=\"1142\" \/>Vi tilbyder hurtig og p\u00e5lidelig forsendelse i hele Europa og videre. Spor din ordre nemt og modtag dine vape-produkter sikkert emballeret.<\/p>\n<div class=\"faqs-answer\">\n<h2 data-start=\"55\" data-end=\"63\">Ofte stillede sp\u00f8rgsm\u00e5l<\/h2>\n<p data-start=\"65\" data-end=\"223\"><strong data-start=\"65\" data-end=\"97\">Sender I internationalt?<\/strong><br data-start=\"97\" data-end=\"100\" \/>Ja, Vapebulkp.com sender til de fleste lande verden over og h\u00e5ndterer al toldbehandling for at sikre en problemfri leveringsproces.<\/p>\n<p data-start=\"389\" data-end=\"542\"><strong data-start=\"389\" data-end=\"418\">Hvordan kan jeg spore min ordre?<\/strong><br data-start=\"418\" data-end=\"421\" \/>N\u00e5r din ordre er afsendt, modtager du et sporingsnummer via e-mail, s\u00e5 du nemt kan overv\u00e5ge pakkens status.<\/p>\n<p data-start=\"544\" data-end=\"699\"><strong data-start=\"544\" data-end=\"574\">Kan jeg f\u00e5 hurtigere forsendelse?<\/strong><br data-start=\"574\" data-end=\"577\" \/>For hurtigere levering anbefaler vi, at du bestiller fra vores europ\u00e6iske lager, som tilbyder hurtigere behandling og leveringstider.<\/p>\n<p data-start=\"888\" data-end=\"1079\"><strong data-start=\"888\" data-end=\"950\">Hvad skal jeg g\u00f8re, hvis jeg modtager et beskadiget eller defekt produkt?<\/strong><br data-start=\"950\" data-end=\"953\" \/>Hvis du modtager en beskadiget eller defekt vare, bedes du straks kontakte vores kundeserviceteam for en erstatning eller l\u00f8sning.<\/p>\n<p data-start=\"1081\" data-end=\"1235\"><strong data-start=\"1081\" data-end=\"1125\">Hvordan kan jeg kontakte jeres kundeservice?<\/strong><br data-start=\"1125\" data-end=\"1128\" \/>Du kan kontakte os via e-mail, WhatsApp eller via live chat-funktionen p\u00e5 vores hjemmeside for hurtig hj\u00e6lp.<\/p>\n<\/div>\n<h4><\/h4>\n<h2 data-start=\"52\" data-end=\"122\"><strong data-start=\"52\" data-end=\"122\">\u00a0Mesii 80000 Puffs popul\u00e6r gleek vape leverand\u00f8r \u2013 Produkt specifikationer<\/strong><\/h2>\n<p data-start=\"247\" data-end=\"759\"><strong data-start=\"247\" data-end=\"263\">Produktnavn<\/strong>: Mesii Magic 80000 Puffs Engangsvape<br data-start=\"304\" data-end=\"307\" \/><strong data-start=\"307\" data-end=\"323\">Egnet til<\/strong>: Kun voksne 18+<br data-start=\"340\" data-end=\"343\" \/><strong data-start=\"343\" data-end=\"354\">Smagsvarianter<\/strong>: 12 Premium Smagsvarianter<br data-start=\"374\" data-end=\"377\" \/><strong data-start=\"377\" data-end=\"398\">E-v\u00e6ske kapacitet<\/strong>: 35ML<br data-start=\"404\" data-end=\"407\" \/><strong data-start=\"407\" data-end=\"416\">Pust<\/strong>: Op til 80000 Pust<br data-start=\"435\" data-end=\"438\" \/><strong data-start=\"438\" data-end=\"459\" data-is-only-node=\"\">Nikotinstyrke<\/strong>: 0% \/ 2% \/ 3% \/ 5% Nikotinsalt<br data-start=\"492\" data-end=\"495\" \/><strong data-start=\"495\" data-end=\"515\">Batterikapacitet<\/strong>: 850mAh Genopladeligt Batteri<br data-start=\"544\" data-end=\"547\" \/><strong data-start=\"547\" data-end=\"564\">Opladningsport<\/strong>: Type-C hurtig opladning<br data-start=\"586\" data-end=\"589\" \/><strong data-start=\"589\" data-end=\"604\">Enhedstype<\/strong>: Engangs Vape<br data-start=\"621\" data-end=\"624\" \/><strong data-start=\"624\" data-end=\"637\">Spoletype<\/strong>: Mesh Coil-teknologi<br data-start=\"659\" data-end=\"662\" \/><strong data-start=\"662\" data-end=\"671\">Anvendelse<\/strong>: Klar til brug ud af \u00e6sken, genopladelig for forl\u00e6nget brug<br data-start=\"731\" data-end=\"734\" \/><strong data-start=\"734\" data-end=\"744\">Oprindelse<\/strong>: Fremstillet i Kina<\/p>\n<h2>\u00a0Mesii 80000 puff vape engrossmagsoversigt:<\/h2>\n<p>1.Citron Lime<br \/>\n2.Grapefrugt Gr\u00f8n Te<br \/>\n3.Havbrise Mynte<br \/>\n4.Jasmin Hindb\u00e6r<br \/>\n5.Fersken+<br \/>\n6.Baja Splash<br \/>\n7.Ananas Passionsfrugt Baja<br \/>\n8.Jordb\u00e6r Fersken+<br \/>\n9. Tropisk Regnbue Eksplosion<br \/>\n10.Traneb\u00e6r Appelsin Baja Splash<br \/>\n11.Dobbelt Fersken Lime<br \/>\n12.Hvid Fersken Baja Splash<\/p>\n<p><span style=\"vertical-align: inherit\">Find flere produkter du m\u00e5ske kan lide:<\/span><em><a href=\"https:\/\/wa.me\/8618077105796\"><span style=\"vertical-align: inherit\">\u00a0K\u00f8b den nu<\/span><\/a><\/em><\/p>\n<p><span style=\"vertical-align: inherit\">Andre Puffs du m\u00e5ske kan lide:<\/span><a href=\"https:\/\/vapebulkp.com\/da\/product\/aivono-fat-bear-80000-puffs-3-flavors-modes-disposable-vape-bulk-wholesale\/\"><span style=\"vertical-align: inherit\">Aivono Fed Bj\u00f8rn 80000 Pust<\/span><\/a>\/<a href=\"https:\/\/vapebulkp.com\/da\/product\/bood-lumo-60000-puffs-best-price-disposable-vape-2-5-nicotine\/\"><span style=\"vertical-align: inherit\">BOOD LUMO 60000 sug<\/span><\/a><\/p>\n<p><a href=\"https:\/\/vapebulkp.com\/da\/product\/bang-king-pin-50000-puffs-premium-disposable-vaporizer-wholesale-price\/\"><span style=\"vertical-align: inherit\">Bang King Pin 50000 sug <\/span><\/a><span style=\"vertical-align: inherit\">\/ <\/span><a href=\"https:\/\/vapebulkp.com\/da\/product\/zooy-rainbow-box-16000-puffs-bulk-price-disposable-vape\/\"><span style=\"vertical-align: inherit\">zooy rainbox box 16000 sug<\/span><\/a><\/p>\n<p>&nbsp;<\/p>\n<h2 data-start=\"55\" data-end=\"75\">Forsendelsesmetoder<\/h2>\n<p data-start=\"77\" data-end=\"345\">Hos Vapebulkp.com samarbejder vi med f\u00f8rende kurerfirmaer som UPS, DHL, FedEx og DPD for at sikre hurtig og p\u00e5lidelig forsendelse. Afh\u00e6ngigt af destinationslandet v\u00e6lger vi den mest passende forsendelsesmetode for at sikre, at din ordre ankommer s\u00e5 hurtigt og sikkert som muligt.<\/p>\n<ul data-start=\"347\" data-end=\"509\">\n<li data-start=\"347\" data-end=\"429\">\n<p data-start=\"349\" data-end=\"429\"><strong data-start=\"349\" data-end=\"383\">Forsendelse til Danmark:<\/strong> Tager typisk omkring 10 dage for levering.<\/p>\n<\/li>\n<li data-start=\"430\" data-end=\"506\">\n<p data-start=\"432\" data-end=\"506\"><strong data-start=\"432\" data-end=\"467\">Forsendelse til europ\u00e6iske lande:<\/strong> Tager normalt mellem 12 og 15 dage.<\/p>\n<\/li>\n<\/ul>\n<p data-start=\"510\" data-end=\"603\">Vi giver opdateringer med sporing i realtid, s\u00e5 du kan overv\u00e5ge din forsendelse hele vejen.<\/p>\n<p data-start=\"605\" data-end=\"856\">For at give dig en problemfri shoppingoplevelse h\u00e5ndterer vi alle toldbehandlingsprocedurer p\u00e5 dine vegne. Der er ingen yderligere skatter eller gebyrer at bekymre sig om, og vi garanterer, at 100% af vores forsendelser succesfuldt passerer tolden uden problemer.<\/p>\n<p data-start=\"858\" data-end=\"956\">Shop trygt hos Vapebulkp.com, velvidende at din ordre er i eksperth\u00e6nder fra kassen til levering.<\/p>","protected":false},"excerpt":{"rendered":"<p data-start=\"138\" data-end=\"318\">Mesii 80000 Pust 7-i-1 engangs vape med mesh-spole, 35 ml kapacitet og Type-C opladning. En high-end vape pen for j\u00e6vn, langvarig ydeevne.<\/p>\n<p>Kontakt venligst Mandys WhatsApp for rabatpris<a href=\"https:\/\/wa.me\/8618077105796\">+8618077105796<\/a><\/p>\n<p><img decoding=\"async\" class=\"alignnone wp-image-2151\" src=\"http:\/\/vapebulkp.com\/wp-content\/uploads\/2024\/04\/Mandy-WhatsApp-Randm.jpg\" alt=\"Mandy WhatsApp Randm\" width=\"297\" height=\"316\" srcset=\"https:\/\/vapebulkp.com\/wp-content\/uploads\/2024\/04\/Mandy-WhatsApp-Randm.jpg 916w, https:\/\/vapebulkp.com\/wp-content\/uploads\/2024\/04\/Mandy-WhatsApp-Randm-282x300.jpg 282w, https:\/\/vapebulkp.com\/wp-content\/uploads\/2024\/04\/Mandy-WhatsApp-Randm-768x817.jpg 768w, https:\/\/vapebulkp.com\/wp-content\/uploads\/2024\/04\/Mandy-WhatsApp-Randm-600x638.jpg 600w\" sizes=\"(max-width: 297px) 100vw, 297px\" \/><\/p>\n<p><span style=\"color: #ff0000\">BEM\u00c6RK: Priserne p\u00e5 vores hjemmeside inkluderer ikke forsendelsesomkostninger<\/span><\/p>\n<p>Hoved\u00e5rsag til k\u00f8b<br \/>\n1. Fremragende kvalitet og uovertruffen ydeevne.<\/p>\n<p>2. Konkurrencedygtig pris og hurtig v\u00e6rdi.<\/p>\n<p>3. Flere muligheder og rettidig levering.<\/p>\n<p>4. En tilfredsstillende shoppingoplevelse<\/p>","protected":false},"featured_media":3940,"comment_status":"open","ping_status":"closed","template":"","meta":{"_uag_custom_page_level_css":"","_lmt_disableupdate":"no","_lmt_disable":"","site-sidebar-layout":"default","site-content-layout":"content-boxed-container","ast-site-content-layout":"normal-width-container","site-content-style":"boxed","site-sidebar-style":"unboxed","ast-global-header-display":"","ast-banner-title-visibility":"","ast-main-header-display":"","ast-hfb-above-header-display":"","ast-hfb-below-header-display":"","ast-hfb-mobile-header-display":"","site-post-title":"","ast-breadcrumbs-content":"","ast-featured-img":"","footer-sml-layout":"","theme-transparent-header-meta":"default","adv-header-id-meta":"","stick-header-meta":"","header-above-stick-meta":"","header-main-stick-meta":"","header-below-stick-meta":"","astra-migrate-meta-layouts":"set","_joinchat":[]},"product_cat":[247,153,155,33,59,100,354,87,34,158,157,154,152,58,84,156,63,32],"product_tag":[36,37,269,41,40],"class_list":["post-3942","product","type-product","status-publish","has-post-thumbnail","hentry","product_cat-80000-puffs-disposable-vape","product_cat-hot-disposable-vapes","product_cat-belgium-hot-disposable-vapes","product_cat-france-vape-hot-sale","product_cat-germany-hot-disposable-vape","product_cat-germany-wholesale-vape-shop","product_cat-mesii-vape","product_cat-minimum-order-quantity-50pcs","product_cat-netherlands-vape-good-sale","product_cat-norway-hot-disposable-vapes","product_cat-poland-hot-disposable-vapes","product_cat-portugal-hot-disposable-vapes","product_cat-spain-hot-disposable-vapes","product_cat-sweden-hot-disposable-vape","product_cat-sweden-wholesale-vape","product_cat-switzerland-hot-disposable-vapes","product_cat-top-sale-disposable-vape","product_cat-vape-hot-sale-this-week","product_tag-good-vape","product_tag-hot-sale-disposable-vape","product_tag-mesii-80000-puffs","product_tag-poland-hot-vape","product_tag-sweden-hot-vape","pa_brand-mesii-vape","desktop-align-left","tablet-align-left","mobile-align-left"],"yoast_head":"<!-- This site is optimized with the Yoast SEO plugin v21.1 - https:\/\/yoast.com\/wordpress\/plugins\/seo\/ -->\n<title>Mesii 80000 Puffs 7 in 1 Flavors Popular High Capacity Disposable Vape - vapebulkp.com<\/title>\n<meta name=\"description\" content=\"Shop the Mesii 7-in-1 Disposable Vape with 80000 puffs, mesh coil tech, 35ML tank, and Type-C charging. A premium long-lasting vape pen for adult users.\" \/>\n<meta name=\"robots\" content=\"index, follow, max-snippet:-1, max-image-preview:large, max-video-preview:-1\" \/>\n<link rel=\"canonical\" href=\"https:\/\/vapebulkp.com\/da\/product\/mesii-80000-puffs-7-in-1-flavors-popular-high-capacity-disposable-vape\/\" \/>\n<meta property=\"og:locale\" content=\"da_DK\" \/>\n<meta property=\"og:type\" content=\"article\" \/>\n<meta property=\"og:title\" content=\"Mesii 80000 Puffs 7 in 1 Flavors Popular High Capacity Disposable Vape - vapebulkp.com\" \/>\n<meta property=\"og:description\" content=\"Shop the Mesii 7-in-1 Disposable Vape with 80000 puffs, mesh coil tech, 35ML tank, and Type-C charging. A premium long-lasting vape pen for adult users.\" \/>\n<meta property=\"og:url\" content=\"https:\/\/vapebulkp.com\/da\/product\/mesii-80000-puffs-7-in-1-flavors-popular-high-capacity-disposable-vape\/\" \/>\n<meta property=\"og:site_name\" content=\"vapebulkp.com\" \/>\n<meta property=\"article:modified_time\" content=\"2025-09-24T03:00:05+00:00\" \/>\n<meta property=\"og:image\" content=\"http:\/\/vapebulkp.com\/wp-content\/uploads\/2025\/07\/Poland-Top-Selling-80000-Puffs-Vape-Mesii-7-in-1-Long-Lasting-Disposable-Vape-Pen.webp\" \/>\n\t<meta property=\"og:image:width\" content=\"800\" \/>\n\t<meta property=\"og:image:height\" content=\"800\" \/>\n\t<meta property=\"og:image:type\" content=\"image\/webp\" \/>\n<meta name=\"twitter:card\" content=\"summary_large_image\" \/>\n<meta name=\"twitter:label1\" content=\"Estimeret l\u00e6setid\" \/>\n\t<meta name=\"twitter:data1\" content=\"4 minutter\" \/>\n<script type=\"application\/ld+json\" class=\"yoast-schema-graph\">{\"@context\":\"https:\/\/schema.org\",\"@graph\":[{\"@type\":\"WebPage\",\"@id\":\"https:\/\/vapebulkp.com\/product\/mesii-80000-puffs-7-in-1-flavors-popular-high-capacity-disposable-vape\/\",\"url\":\"https:\/\/vapebulkp.com\/product\/mesii-80000-puffs-7-in-1-flavors-popular-high-capacity-disposable-vape\/\",\"name\":\"Mesii 80000 Puffs 7 in 1 Flavors Popular High Capacity Disposable Vape - vapebulkp.com\",\"isPartOf\":{\"@id\":\"https:\/\/vapebulkp.com\/#website\"},\"datePublished\":\"2025-07-14T08:35:53+00:00\",\"dateModified\":\"2025-09-24T03:00:05+00:00\",\"description\":\"Shop the Mesii 7-in-1 Disposable Vape with 80000 puffs, mesh coil tech, 35ML tank, and Type-C charging. A premium long-lasting vape pen for adult users.\",\"breadcrumb\":{\"@id\":\"https:\/\/vapebulkp.com\/product\/mesii-80000-puffs-7-in-1-flavors-popular-high-capacity-disposable-vape\/#breadcrumb\"},\"inLanguage\":\"da-DK\",\"potentialAction\":[{\"@type\":\"ReadAction\",\"target\":[\"https:\/\/vapebulkp.com\/product\/mesii-80000-puffs-7-in-1-flavors-popular-high-capacity-disposable-vape\/\"]}]},{\"@type\":\"BreadcrumbList\",\"@id\":\"https:\/\/vapebulkp.com\/product\/mesii-80000-puffs-7-in-1-flavors-popular-high-capacity-disposable-vape\/#breadcrumb\",\"itemListElement\":[{\"@type\":\"ListItem\",\"position\":1,\"name\":\"Home\",\"item\":\"https:\/\/vapebulkp.com\/\"},{\"@type\":\"ListItem\",\"position\":2,\"name\":\"Hot Trend Vapes\",\"item\":\"https:\/\/vapebulkp.com\/vape-shop\/\"},{\"@type\":\"ListItem\",\"position\":3,\"name\":\"Mesii 80000 Puffs 7 in 1 Flavors Popular High Capacity Disposable Vape\"}]},{\"@type\":\"WebSite\",\"@id\":\"https:\/\/vapebulkp.com\/#website\",\"url\":\"https:\/\/vapebulkp.com\/\",\"name\":\"vapebulkp.com\",\"description\":\"Buy Vape In Cheap Bulk Price Near you\",\"publisher\":{\"@id\":\"https:\/\/vapebulkp.com\/#organization\"},\"potentialAction\":[{\"@type\":\"SearchAction\",\"target\":{\"@type\":\"EntryPoint\",\"urlTemplate\":\"https:\/\/vapebulkp.com\/?s={search_term_string}\"},\"query-input\":\"required name=search_term_string\"}],\"inLanguage\":\"da-DK\"},{\"@type\":\"Organization\",\"@id\":\"https:\/\/vapebulkp.com\/#organization\",\"name\":\"vapebulkp.com\",\"url\":\"https:\/\/vapebulkp.com\/\",\"logo\":{\"@type\":\"ImageObject\",\"inLanguage\":\"da-DK\",\"@id\":\"https:\/\/vapebulkp.com\/#\/schema\/logo\/image\/\",\"url\":\"https:\/\/vapebulkp.com\/wp-content\/uploads\/2023\/09\/cropped-vapebulkp.png\",\"contentUrl\":\"https:\/\/vapebulkp.com\/wp-content\/uploads\/2023\/09\/cropped-vapebulkp.png\",\"width\":516,\"height\":163,\"caption\":\"vapebulkp.com\"},\"image\":{\"@id\":\"https:\/\/vapebulkp.com\/#\/schema\/logo\/image\/\"}}]}<\/script>\n<!-- \/ Yoast SEO plugin. -->","yoast_head_json":{"title":"Mesii 80000 Puffs 7 in 1 Flavors Popular High Capacity Disposable Vape - vapebulkp.com","description":"Shop the Mesii 7-in-1 Disposable Vape with 80000 puffs, mesh coil tech, 35ML tank, and Type-C charging. A premium long-lasting vape pen for adult users.","robots":{"index":"index","follow":"follow","max-snippet":"max-snippet:-1","max-image-preview":"max-image-preview:large","max-video-preview":"max-video-preview:-1"},"canonical":"https:\/\/vapebulkp.com\/da\/product\/mesii-80000-puffs-7-in-1-flavors-popular-high-capacity-disposable-vape\/","og_locale":"da_DK","og_type":"article","og_title":"Mesii 80000 Puffs 7 in 1 Flavors Popular High Capacity Disposable Vape - vapebulkp.com","og_description":"Shop the Mesii 7-in-1 Disposable Vape with 80000 puffs, mesh coil tech, 35ML tank, and Type-C charging. A premium long-lasting vape pen for adult users.","og_url":"https:\/\/vapebulkp.com\/da\/product\/mesii-80000-puffs-7-in-1-flavors-popular-high-capacity-disposable-vape\/","og_site_name":"vapebulkp.com","article_modified_time":"2025-09-24T03:00:05+00:00","og_image":[{"width":800,"height":800,"url":"http:\/\/vapebulkp.com\/wp-content\/uploads\/2025\/07\/Poland-Top-Selling-80000-Puffs-Vape-Mesii-7-in-1-Long-Lasting-Disposable-Vape-Pen.webp","type":"image\/webp"}],"twitter_card":"summary_large_image","twitter_misc":{"Estimeret l\u00e6setid":"4 minutter"},"schema":{"@context":"https:\/\/schema.org","@graph":[{"@type":"WebPage","@id":"https:\/\/vapebulkp.com\/product\/mesii-80000-puffs-7-in-1-flavors-popular-high-capacity-disposable-vape\/","url":"https:\/\/vapebulkp.com\/product\/mesii-80000-puffs-7-in-1-flavors-popular-high-capacity-disposable-vape\/","name":"Mesii 80000 Puffs 7 in 1 Flavors Popular High Capacity Disposable Vape - vapebulkp.com","isPartOf":{"@id":"https:\/\/vapebulkp.com\/#website"},"datePublished":"2025-07-14T08:35:53+00:00","dateModified":"2025-09-24T03:00:05+00:00","description":"Shop the Mesii 7-in-1 Disposable Vape with 80000 puffs, mesh coil tech, 35ML tank, and Type-C charging. A premium long-lasting vape pen for adult users.","breadcrumb":{"@id":"https:\/\/vapebulkp.com\/product\/mesii-80000-puffs-7-in-1-flavors-popular-high-capacity-disposable-vape\/#breadcrumb"},"inLanguage":"da-DK","potentialAction":[{"@type":"ReadAction","target":["https:\/\/vapebulkp.com\/product\/mesii-80000-puffs-7-in-1-flavors-popular-high-capacity-disposable-vape\/"]}]},{"@type":"BreadcrumbList","@id":"https:\/\/vapebulkp.com\/product\/mesii-80000-puffs-7-in-1-flavors-popular-high-capacity-disposable-vape\/#breadcrumb","itemListElement":[{"@type":"ListItem","position":1,"name":"Home","item":"https:\/\/vapebulkp.com\/"},{"@type":"ListItem","position":2,"name":"Hot Trend Vapes","item":"https:\/\/vapebulkp.com\/vape-shop\/"},{"@type":"ListItem","position":3,"name":"Mesii 80000 Puffs 7 in 1 Flavors Popular High Capacity Disposable Vape"}]},{"@type":"WebSite","@id":"https:\/\/vapebulkp.com\/#website","url":"https:\/\/vapebulkp.com\/","name":"vapebulkp.com","description":"Buy Vape In Cheap Bulk Price Near you","publisher":{"@id":"https:\/\/vapebulkp.com\/#organization"},"potentialAction":[{"@type":"SearchAction","target":{"@type":"EntryPoint","urlTemplate":"https:\/\/vapebulkp.com\/?s={search_term_string}"},"query-input":"required name=search_term_string"}],"inLanguage":"da-DK"},{"@type":"Organization","@id":"https:\/\/vapebulkp.com\/#organization","name":"vapebulkp.com","url":"https:\/\/vapebulkp.com\/","logo":{"@type":"ImageObject","inLanguage":"da-DK","@id":"https:\/\/vapebulkp.com\/#\/schema\/logo\/image\/","url":"https:\/\/vapebulkp.com\/wp-content\/uploads\/2023\/09\/cropped-vapebulkp.png","contentUrl":"https:\/\/vapebulkp.com\/wp-content\/uploads\/2023\/09\/cropped-vapebulkp.png","width":516,"height":163,"caption":"vapebulkp.com"},"image":{"@id":"https:\/\/vapebulkp.com\/#\/schema\/logo\/image\/"}}]}},"uagb_featured_image_src":{"full":["https:\/\/vapebulkp.com\/wp-content\/uploads\/2025\/07\/Poland-Top-Selling-80000-Puffs-Vape-Mesii-7-in-1-Long-Lasting-Disposable-Vape-Pen.webp",800,800,false],"thumbnail":["https:\/\/vapebulkp.com\/wp-content\/uploads\/2025\/07\/Poland-Top-Selling-80000-Puffs-Vape-Mesii-7-in-1-Long-Lasting-Disposable-Vape-Pen-150x150.webp",150,150,true],"medium":["https:\/\/vapebulkp.com\/wp-content\/uploads\/2025\/07\/Poland-Top-Selling-80000-Puffs-Vape-Mesii-7-in-1-Long-Lasting-Disposable-Vape-Pen-300x300.webp",300,300,true],"medium_large":["https:\/\/vapebulkp.com\/wp-content\/uploads\/2025\/07\/Poland-Top-Selling-80000-Puffs-Vape-Mesii-7-in-1-Long-Lasting-Disposable-Vape-Pen-768x768.webp",768,768,true],"large":["https:\/\/vapebulkp.com\/wp-content\/uploads\/2025\/07\/Poland-Top-Selling-80000-Puffs-Vape-Mesii-7-in-1-Long-Lasting-Disposable-Vape-Pen.webp",800,800,false],"1536x1536":["https:\/\/vapebulkp.com\/wp-content\/uploads\/2025\/07\/Poland-Top-Selling-80000-Puffs-Vape-Mesii-7-in-1-Long-Lasting-Disposable-Vape-Pen.webp",800,800,false],"2048x2048":["https:\/\/vapebulkp.com\/wp-content\/uploads\/2025\/07\/Poland-Top-Selling-80000-Puffs-Vape-Mesii-7-in-1-Long-Lasting-Disposable-Vape-Pen.webp",800,800,false],"trp-custom-language-flag":["https:\/\/vapebulkp.com\/wp-content\/uploads\/2025\/07\/Poland-Top-Selling-80000-Puffs-Vape-Mesii-7-in-1-Long-Lasting-Disposable-Vape-Pen.webp",12,12,false],"woocommerce_thumbnail":["https:\/\/vapebulkp.com\/wp-content\/uploads\/2025\/07\/Poland-Top-Selling-80000-Puffs-Vape-Mesii-7-in-1-Long-Lasting-Disposable-Vape-Pen-300x300.webp",300,300,true],"woocommerce_single":["https:\/\/vapebulkp.com\/wp-content\/uploads\/2025\/07\/Poland-Top-Selling-80000-Puffs-Vape-Mesii-7-in-1-Long-Lasting-Disposable-Vape-Pen-600x600.webp",600,600,true],"woocommerce_gallery_thumbnail":["https:\/\/vapebulkp.com\/wp-content\/uploads\/2025\/07\/Poland-Top-Selling-80000-Puffs-Vape-Mesii-7-in-1-Long-Lasting-Disposable-Vape-Pen-100x100.webp",100,100,true],"wcpr-photo-reviews":["https:\/\/vapebulkp.com\/wp-content\/uploads\/2025\/07\/Poland-Top-Selling-80000-Puffs-Vape-Mesii-7-in-1-Long-Lasting-Disposable-Vape-Pen.webp",500,500,false]},"uagb_author_info":{"display_name":"Mandy vape bulk price","author_link":"https:\/\/vapebulkp.com\/da\/author\/"},"uagb_comment_info":0,"uagb_excerpt":"Mesii 80000 Puffs 7-in-1 Disposable Vape with mesh coil, 35ML capacity, and Type-C charging. A high-end vape pen for smooth, long-lasting performance. Pls Contact Mandy's WhatsApp For Discount Price+8618077105796 NOTE: Prices on our website does not include shipping costs Main reason for purchase 1. Excellent quality and unparalleled performance. 2. Competitive price and fast value.&hellip;","_links":{"self":[{"href":"https:\/\/vapebulkp.com\/da\/wp-json\/wp\/v2\/product\/3942","targetHints":{"allow":["GET"]}}],"collection":[{"href":"https:\/\/vapebulkp.com\/da\/wp-json\/wp\/v2\/product"}],"about":[{"href":"https:\/\/vapebulkp.com\/da\/wp-json\/wp\/v2\/types\/product"}],"replies":[{"embeddable":true,"href":"https:\/\/vapebulkp.com\/da\/wp-json\/wp\/v2\/comments?post=3942"}],"wp:featuredmedia":[{"embeddable":true,"href":"https:\/\/vapebulkp.com\/da\/wp-json\/wp\/v2\/media\/3940"}],"wp:attachment":[{"href":"https:\/\/vapebulkp.com\/da\/wp-json\/wp\/v2\/media?parent=3942"}],"wp:term":[{"taxonomy":"product_cat","embeddable":true,"href":"https:\/\/vapebulkp.com\/da\/wp-json\/wp\/v2\/product_cat?post=3942"},{"taxonomy":"product_tag","embeddable":true,"href":"https:\/\/vapebulkp.com\/da\/wp-json\/wp\/v2\/product_tag?post=3942"}],"curies":[{"name":"wp","href":"https:\/\/api.w.org\/{rel}","templated":true}]}}