{"id":4008,"date":"2025-07-28T10:35:17","date_gmt":"2025-07-28T08:35:17","guid":{"rendered":"https:\/\/vapebulkp.com\/?post_type=product&#038;p=4008"},"modified":"2025-09-24T04:58:40","modified_gmt":"2025-09-24T02:58:40","slug":"razzbar-50000-puffs-disposable-electronic-cigarette-wholesale-supplier","status":"publish","type":"product","link":"https:\/\/vapebulkp.com\/da\/product\/razzbar-50000-puffs-disposable-electronic-cigarette-wholesale-supplier\/","title":{"rendered":"RAZZBAR 50000 Pust Engangs Elektronisk Cigaret Engrosleverand\u00f8r"},"content":{"rendered":"<h2>RAZZBAR 50000 Pust Engangs Elektronisk Cigaret Engrosleverand\u00f8r<\/h2>\n<div class=\"pointer-events-none h-px w-px\" aria-hidden=\"true\" data-edge=\"true\">\n<p><span class=\"citation-17\">Den <\/span><b><span class=\"citation-17\">RAZZBAR 50000 Puffs<\/span><\/b><span class=\"citation-17\"> er en avanceret <\/span><b><span class=\"citation-17\">engangs vape<\/span><\/b><span class=\"citation-17 citation-end-17\"> bygget til dem, der prioriterer b\u00e5de ydeevne og lang levetid.<\/span> Denne enhed omdefinerer markedet ved at tilbyde hele <b>50.000 sug<\/b> i et slankt, kompakt og stilfuldt design, hvilket g\u00f8r den til et topvalg for enhver vaper.<\/p>\n<p><span class=\"citation-16\">Enheden drives af et robust <\/span><b><span class=\"citation-16\">650mAh genopladeligt batteri<\/span><\/b><span class=\"citation-16\"> med en <\/span><b><span class=\"citation-16\">USB Type-C hurtigopladningsport<\/span><\/b><span class=\"citation-16 citation-end-16\">, som sikrer, at du f\u00e5r fuld udnyttelse af dens omfattende levetid.<\/span> RAZZBAR'en leverer en konsekvent bl\u00f8d og tilfredsstillende oplevelse ved hvert sug, takket v\u00e6re dens h\u00f8je e-v\u00e6skekapacitet. <span class=\"citation-15\">Nikotinsaltmuligheder p\u00e5 <\/span><b><span class=\"citation-15\">2% og 5%<\/span><\/b><span class=\"citation-15 citation-end-15\"> er tilg\u00e6ngelige og im\u00f8dekommer en bred vifte af brugerpr\u00e6ferencer.<\/span><\/p>\n<p>Med sin effektive str\u00f8mstyring og fokus p\u00e5 b\u00e6rbarhed er <b>RAZZBAR'en <a href=\"https:\/\/vapebulkp.com\/da\/product-category\/50000-puffs-disposable-vape\/\">50000 sug engangs-vape<\/a><\/b>\u00a0tilbyder en definitiv l\u00f8sning for brugere, der \u00f8nsker en <b>langvarig vape<\/b> uden at g\u00e5 p\u00e5 kompromis med smag, damp eller bekvemmelighed. Denne enhed er det ideelle valg for <b>engros<\/b> og detailmarkeder, der tilbyder et n\u00e6stegenerationsprodukt, der kombinerer banebrydende teknologi med uovertruffen v\u00e6rdi.<\/p>\n<\/div>\n<h6><span style=\"color: #ff0000\">Kontakt venligst Mandys WhatsApp for rabatpris<a style=\"color: #ff0000\" href=\"https:\/\/wa.me\/8618077105796\">+8618077105796<\/a><\/span><\/h6>\n<p><img decoding=\"async\" class=\"alignnone wp-image-2151\" src=\"http:\/\/vapebulkp.com\/wp-content\/uploads\/2024\/04\/Mandy-WhatsApp-Randm.jpg\" alt=\"Mandy WhatsApp Randm\" width=\"271\" height=\"289\" srcset=\"https:\/\/vapebulkp.com\/wp-content\/uploads\/2024\/04\/Mandy-WhatsApp-Randm.jpg 916w, https:\/\/vapebulkp.com\/wp-content\/uploads\/2024\/04\/Mandy-WhatsApp-Randm-282x300.jpg 282w, https:\/\/vapebulkp.com\/wp-content\/uploads\/2024\/04\/Mandy-WhatsApp-Randm-768x817.jpg 768w, https:\/\/vapebulkp.com\/wp-content\/uploads\/2024\/04\/Mandy-WhatsApp-Randm-600x638.jpg 600w\" sizes=\"(max-width: 271px) 100vw, 271px\" \/><\/p>\n<h2><strong>Hvorfor k\u00f8be 650mAh Batteri Vape Pen RAZZBAR 50000 Puff hos <a href=\"https:\/\/vapebulkp.com\/da\/\">Vapebulkp.com<\/a>?<\/strong><\/h2>\n<p>Leder du efter en h\u00f8jtydende engangs-vape med et genopladeligt batteri? RAZZ BAR 50000 Puff er et f\u00f8rsteklasses valg for dampere, der kr\u00e6ver langvarig str\u00f8m, j\u00e6vn smag og h\u00f8j puffkapacitet. Her er hvorfor Vapebulkp.com er det bedste sted at k\u00f8be den:<\/p>\n<p>1. Massivt 650mAh genopladeligt batteri<br \/>\nNyd udvidede damp-sessioner med et kraftfuldt 650mAh indbygget batteri, der kan genoplades via USB Type-C for hurtig og bekvem opladning.<br \/>\n2. Op til 50.000 pust pr. enhed<br \/>\nDette er en af de engangs-vapes med det h\u00f8jeste antal pust p\u00e5 markedet \u2013 perfekt til store brugere, der \u00f8nsker lang levetid uden at ofre ydeevne.<br \/>\n3. J\u00e6vn salt-nikotin-oplevelse<br \/>\nRAZZ BAR f\u00e5s i 2% og 5% nikotinstyrke og leverer et tilfredsstillende 'throat hit' med premium salt-nikotin-formulering.<br \/>\n4. Engros<br \/>\nUanset om du k\u00f8ber til personlig brug eller videresalg, tilbyder Vapebulkp.com konkurrencedygtige bulkpriser, hurtig levering og p\u00e5lidelig kundesupport.<br \/>\n5. 100% Autentiske produkter<br \/>\nAlle vapes, der s\u00e6lges p\u00e5 Vapebulkp.com, er autentiske, laboratorietestede og stammer direkte fra verificerede danske distribut\u00f8rer \u2013 ingen kloner, ingen forfalskninger.<\/p>\n<div class=\"faqs-answer\">\n<h2 data-start=\"55\" data-end=\"63\">Ofte stillede sp\u00f8rgsm\u00e5l<\/h2>\n<p data-start=\"65\" data-end=\"223\"><strong data-start=\"65\" data-end=\"97\">Sender I RAZZBAR 50000 Puff Vape Pods internationalt?<\/strong><br data-start=\"97\" data-end=\"100\" \/>Ja, Vapebulkp.com sender til de fleste lande verden over og h\u00e5ndterer al toldbehandling for at sikre en problemfri leveringsproces.<\/p>\n<p data-start=\"389\" data-end=\"542\"><strong data-start=\"389\" data-end=\"418\">Hvordan kan jeg spore min ordre?<\/strong><br data-start=\"418\" data-end=\"421\" \/>N\u00e5r din ordre er afsendt, modtager du et sporingsnummer via e-mail, s\u00e5 du nemt kan overv\u00e5ge pakkens status.<\/p>\n<p data-start=\"544\" data-end=\"699\"><strong data-start=\"544\" data-end=\"574\">Kan jeg f\u00e5 hurtigere forsendelse?<\/strong><br data-start=\"574\" data-end=\"577\" \/>For hurtigere levering anbefaler vi, at du bestiller fra vores europ\u00e6iske lager, som tilbyder hurtigere behandling og leveringstider.<\/p>\n<p data-start=\"888\" data-end=\"1079\"><strong data-start=\"888\" data-end=\"950\">Hvad skal jeg g\u00f8re, hvis jeg modtager et beskadiget eller defekt produkt?<\/strong><br data-start=\"950\" data-end=\"953\" \/>Hvis du modtager en beskadiget eller defekt vare, bedes du straks kontakte vores kundeserviceteam for en erstatning eller l\u00f8sning.<\/p>\n<p data-start=\"1081\" data-end=\"1235\"><strong data-start=\"1081\" data-end=\"1125\">Hvordan kan jeg kontakte jeres kundeservice?<\/strong><br data-start=\"1125\" data-end=\"1128\" \/>Du kan kontakte os via e-mail, WhatsApp eller via live chat-funktionen p\u00e5 vores hjemmeside for hurtig hj\u00e6lp.<\/p>\n<\/div>\n<h4><\/h4>\n<h2 data-start=\"52\" data-end=\"122\"><strong data-start=\"52\" data-end=\"122\">RAZZBAR 50000 Puffs Vape med salt nikotin \u2013 Produktspecifikationer<\/strong><\/h2>\n<ul>\n<li data-start=\"1229\" data-end=\"1284\">\n<p data-start=\"1231\" data-end=\"1284\">Op til 50.000 sug per enhed \u2013 enest\u00e5ende levetid<\/p>\n<\/li>\n<li data-start=\"1285\" data-end=\"1339\">\n<p data-start=\"1287\" data-end=\"1339\">650mAh genopladeligt batteri med hurtig USB-C opladning<\/p>\n<\/li>\n<li data-start=\"1340\" data-end=\"1373\">\n<p data-start=\"1342\" data-end=\"1373\">2% og 5% nikotinsalt muligheder<\/p>\n<\/li>\n<li data-start=\"1374\" data-end=\"1414\">\n<p data-start=\"1376\" data-end=\"1414\">Slankt, kompakt, rejsevenligt design<\/p>\n<\/li>\n<li data-start=\"1415\" data-end=\"1467\">\n<p data-start=\"1417\" data-end=\"1467\">Designet til storbrugere af vapes og vape-forhandlere<\/p>\n<\/li>\n<\/ul>\n<h2>Smooth Salt Nic Vape razzbar 50k puffs smagsliste:<\/h2>\n<p class=\"selectable-text copyable-text x15bjb6t x1n2onr6\" dir=\"ltr\">1. Hindb\u00e6r vandmelon<br \/>\n2. Jordb\u00e6r is<br \/>\n3. Red Bull Drue<br \/>\n4. Tropisk frugt<br \/>\n5. Banan<br \/>\n6. Bl\u00e5b\u00e6r is<br \/>\n7. Fersken is<br \/>\n8. Ananas kokosn\u00f8d<br \/>\n9. Vandmelon is<br \/>\n10. Citron lime<br \/>\n11. Jordb\u00e6r banan<br \/>\n12. Mr. Blue<br \/>\n13. Jordb\u00e6r vandmelon tyggegummi<br \/>\n14. Pink Limonade<br \/>\n15. Kirseb\u00e6r cola<br \/>\n16.Gummibj\u00f8rn<\/p>\n<p><span style=\"vertical-align: inherit\">Find flere produkter du m\u00e5ske kan lide:<\/span><em><a href=\"https:\/\/wa.me\/8618077105796\"><span style=\"vertical-align: inherit\">\u00a0K\u00f8b den nu<\/span><\/a><\/em><\/p>\n<p><span style=\"vertical-align: inherit\">Andre Puffs du m\u00e5ske kan lide:<\/span><a href=\"https:\/\/vapebulkp.com\/da\/product\/vapme-shisha-30000-puffs-hot-sale-rechargeable-e-cigarette\/\"><span style=\"vertical-align: inherit\">Vapme shisha 30000 sug<\/span><\/a><span style=\"vertical-align: inherit\">\u3001<\/span><a href=\"https:\/\/vapebulkp.com\/da\/product\/vozol-rave-40000-puffs-hot-sale-nicotine-salt-disposable-vaporizer\/\"><span style=\"vertical-align: inherit\">Vozol Rave 40000 sug<\/span><\/a><span style=\"vertical-align: inherit\">\/ <\/span><a href=\"https:\/\/vapebulkp.com\/da\/product\/bang-box-80000-puffs-3-in-1-wholesale-vape-supply\/\"><span style=\"vertical-align: inherit\">Bang Box 80000 sug<\/span><\/a><span style=\"vertical-align: inherit\">\/ <\/span><a href=\"https:\/\/vapebulkp.com\/da\/product\/fizzy-twins-50000-puffs-high-puff-count-vape-kits-bulk-price\/\"><span style=\"vertical-align: inherit\">FIZZY Twins 50000 sug<\/span><\/a><\/p>\n<h2 data-start=\"55\" data-end=\"75\">Forsendelsesmetoder<\/h2>\n<p data-start=\"77\" data-end=\"345\">Hos Vapebulkp.com samarbejder vi med f\u00f8rende kurerfirmaer som UPS, DHL, FedEx og DPD for at sikre hurtig og p\u00e5lidelig forsendelse. Afh\u00e6ngigt af destinationslandet v\u00e6lger vi den mest passende forsendelsesmetode for at sikre, at din ordre ankommer s\u00e5 hurtigt og sikkert som muligt.<\/p>\n<ul data-start=\"347\" data-end=\"509\">\n<li data-start=\"347\" data-end=\"429\">\n<p data-start=\"349\" data-end=\"429\"><strong data-start=\"349\" data-end=\"383\">Forsendelse til Danmark:<\/strong> Tager typisk omkring 10 dage for levering.<\/p>\n<\/li>\n<li data-start=\"430\" data-end=\"506\">\n<p data-start=\"432\" data-end=\"506\"><strong data-start=\"432\" data-end=\"467\">Forsendelse til europ\u00e6iske lande:<\/strong> Tager normalt mellem 12 og 15 dage.<\/p>\n<\/li>\n<\/ul>\n<p data-start=\"510\" data-end=\"603\">Vi giver opdateringer med sporing i realtid, s\u00e5 du kan overv\u00e5ge din forsendelse hele vejen.<\/p>\n<p data-start=\"605\" data-end=\"856\">For at give dig en problemfri shoppingoplevelse h\u00e5ndterer vi alle toldbehandlingsprocedurer p\u00e5 dine vegne. Der er ingen yderligere skatter eller gebyrer at bekymre sig om, og vi garanterer, at 100% af vores forsendelser succesfuldt passerer tolden uden problemer.<\/p>\n<p data-start=\"858\" data-end=\"956\">Shop trygt hos Vapebulkp.com, velvidende at din ordre er i eksperth\u00e6nder fra kassen til levering.<\/p>","protected":false},"excerpt":{"rendered":"<article class=\"text-token-text-primary w-full\" dir=\"auto\" data-testid=\"conversation-turn-10\" data-scroll-anchor=\"true\">\n<div class=\"text-base my-auto mx-auto pb-10 [--thread-content-margin:--spacing(4)] @[37rem]:[--thread-content-margin:--spacing(6)] @[72rem]:[--thread-content-margin:--spacing(16)] px-(--thread-content-margin)\">\n<div class=\"[--thread-content-max-width:32rem] @[34rem]:[--thread-content-max-width:40rem] @[64rem]:[--thread-content-max-width:48rem] mx-auto flex max-w-(--thread-content-max-width) flex-1 text-base gap-4 md:gap-5 lg:gap-6 group\/turn-messages focus-visible:outline-hidden\">\n<div class=\"group\/conversation-turn relative flex w-full min-w-0 flex-col agent-turn\">\n<div class=\"relative flex-col gap-1 md:gap-3\">\n<div class=\"flex max-w-full flex-col grow\">\n<div class=\"min-h-8 text-message relative flex w-full flex-col items-end gap-2 text-start break-words whitespace-normal [.text-message+&amp;]:mt-5\" dir=\"auto\" data-message-author-role=\"assistant\" data-message-id=\"9612def3-530c-4871-9e19-e5f6b9349475\" data-message-model-slug=\"gpt-4o\">\n<div class=\"flex w-full flex-col gap-1 empty:hidden first:pt-[3px]\">\n<div class=\"markdown prose dark:prose-invert w-full break-words light\">\n<p data-start=\"313\" data-end=\"481\">F\u00e5 op til 50.000 sug med Razz Bar 50000 engangs vape \u2013 med et genopladeligt batteri, Type-C hurtigopladning og bl\u00f8d saltnikotin i 2% eller 5% styrke.<\/p>\n<\/div>\n<\/div>\n<\/div>\n<\/div>\n<\/div>\n<\/div>\n<\/div>\n<\/div>\n<\/article>\n<p>Kontakt venligst Mandys WhatsApp for rabatpris<a href=\"https:\/\/wa.me\/8618077105796\">+8618077105796<\/a><\/p>\n<p><img decoding=\"async\" class=\"alignnone wp-image-2151\" src=\"http:\/\/vapebulkp.com\/wp-content\/uploads\/2024\/04\/Mandy-WhatsApp-Randm.jpg\" alt=\"Mandy WhatsApp Randm\" width=\"297\" height=\"316\" srcset=\"https:\/\/vapebulkp.com\/wp-content\/uploads\/2024\/04\/Mandy-WhatsApp-Randm.jpg 916w, https:\/\/vapebulkp.com\/wp-content\/uploads\/2024\/04\/Mandy-WhatsApp-Randm-282x300.jpg 282w, https:\/\/vapebulkp.com\/wp-content\/uploads\/2024\/04\/Mandy-WhatsApp-Randm-768x817.jpg 768w, https:\/\/vapebulkp.com\/wp-content\/uploads\/2024\/04\/Mandy-WhatsApp-Randm-600x638.jpg 600w\" sizes=\"(max-width: 297px) 100vw, 297px\" \/><\/p>\n<p><span style=\"color: #ff0000\">BEM\u00c6RK: Priserne p\u00e5 vores hjemmeside inkluderer ikke forsendelsesomkostninger<\/span><\/p>\n<p>Hoved\u00e5rsag til k\u00f8b<br \/>\n1. Fremragende kvalitet og uovertruffen ydeevne.<\/p>\n<p>2. Konkurrencedygtig pris og hurtig v\u00e6rdi.<\/p>\n<p>3. Flere muligheder og rettidig levering.<\/p>\n<p>4. En tilfredsstillende shoppingoplevelse<\/p>","protected":false},"featured_media":4013,"comment_status":"open","ping_status":"closed","template":"","meta":{"_uag_custom_page_level_css":"","_lmt_disableupdate":"no","_lmt_disable":"","site-sidebar-layout":"default","site-content-layout":"content-boxed-container","ast-site-content-layout":"normal-width-container","site-content-style":"boxed","site-sidebar-style":"unboxed","ast-global-header-display":"","ast-banner-title-visibility":"","ast-main-header-display":"","ast-hfb-above-header-display":"","ast-hfb-below-header-display":"","ast-hfb-mobile-header-display":"","site-post-title":"","ast-breadcrumbs-content":"","ast-featured-img":"","footer-sml-layout":"","theme-transparent-header-meta":"default","adv-header-id-meta":"","stick-header-meta":"","header-above-stick-meta":"","header-main-stick-meta":"","header-below-stick-meta":"","astra-migrate-meta-layouts":"set","_joinchat":[]},"product_cat":[194,153,155,33,59,100,87,34,158,157,154,358,152,58,84,156,63,32],"product_tag":[36,37,41,286,277,40],"class_list":["post-4008","product","type-product","status-publish","has-post-thumbnail","hentry","product_cat-50000-puffs-disposable-vape","product_cat-hot-disposable-vapes","product_cat-belgium-hot-disposable-vapes","product_cat-france-vape-hot-sale","product_cat-germany-hot-disposable-vape","product_cat-germany-wholesale-vape-shop","product_cat-minimum-order-quantity-50pcs","product_cat-netherlands-vape-good-sale","product_cat-norway-hot-disposable-vapes","product_cat-poland-hot-disposable-vapes","product_cat-portugal-hot-disposable-vapes","product_cat-razzbar-vape","product_cat-spain-hot-disposable-vapes","product_cat-sweden-hot-disposable-vape","product_cat-sweden-wholesale-vape","product_cat-switzerland-hot-disposable-vapes","product_cat-top-sale-disposable-vape","product_cat-vape-hot-sale-this-week","product_tag-good-vape","product_tag-hot-sale-disposable-vape","product_tag-poland-hot-vape","product_tag-puffs-stock-in-europe","product_tag-razzbar-50000-puffs","product_tag-sweden-hot-vape","pa_brand-razzbar-vape","desktop-align-left","tablet-align-left","mobile-align-left"],"yoast_head":"<!-- This site is optimized with the Yoast SEO plugin v21.1 - https:\/\/yoast.com\/wordpress\/plugins\/seo\/ -->\n<title>RAZZBAR 50000 Puffs Disposable Electronic Cigarette Wholesale Supplier - vapebulkp.com<\/title>\n<meta name=\"description\" content=\"RAZZBAR 50000 Puffs is a high-puff rechargeable vape with USB-C charging, available in 2% and 5% salt nicotine. Get smooth flavor and up to 50,000 puffs in one sleek device.\" \/>\n<meta name=\"robots\" content=\"index, follow, max-snippet:-1, max-image-preview:large, max-video-preview:-1\" \/>\n<link rel=\"canonical\" href=\"https:\/\/vapebulkp.com\/da\/product\/razzbar-50000-puffs-disposable-electronic-cigarette-wholesale-supplier\/\" \/>\n<meta property=\"og:locale\" content=\"da_DK\" \/>\n<meta property=\"og:type\" content=\"article\" \/>\n<meta property=\"og:title\" content=\"RAZZBAR 50000 Puffs Disposable Electronic Cigarette Wholesale Supplier - vapebulkp.com\" \/>\n<meta property=\"og:description\" content=\"RAZZBAR 50000 Puffs is a high-puff rechargeable vape with USB-C charging, available in 2% and 5% salt nicotine. Get smooth flavor and up to 50,000 puffs in one sleek device.\" \/>\n<meta property=\"og:url\" content=\"https:\/\/vapebulkp.com\/da\/product\/razzbar-50000-puffs-disposable-electronic-cigarette-wholesale-supplier\/\" \/>\n<meta property=\"og:site_name\" content=\"vapebulkp.com\" \/>\n<meta property=\"article:modified_time\" content=\"2025-09-24T02:58:40+00:00\" \/>\n<meta property=\"og:image\" content=\"http:\/\/vapebulkp.com\/wp-content\/uploads\/2025\/07\/RAZZBAR-Vape-50000-Puffs-Top-Sale-In-Netherlands.webp\" \/>\n\t<meta property=\"og:image:width\" content=\"800\" \/>\n\t<meta property=\"og:image:height\" content=\"800\" \/>\n\t<meta property=\"og:image:type\" content=\"image\/webp\" \/>\n<meta name=\"twitter:card\" content=\"summary_large_image\" \/>\n<meta name=\"twitter:label1\" content=\"Estimeret l\u00e6setid\" \/>\n\t<meta name=\"twitter:data1\" content=\"4 minutter\" \/>\n<script type=\"application\/ld+json\" class=\"yoast-schema-graph\">{\"@context\":\"https:\/\/schema.org\",\"@graph\":[{\"@type\":\"WebPage\",\"@id\":\"https:\/\/vapebulkp.com\/product\/razzbar-50000-puffs-disposable-electronic-cigarette-wholesale-supplier\/\",\"url\":\"https:\/\/vapebulkp.com\/product\/razzbar-50000-puffs-disposable-electronic-cigarette-wholesale-supplier\/\",\"name\":\"RAZZBAR 50000 Puffs Disposable Electronic Cigarette Wholesale Supplier - vapebulkp.com\",\"isPartOf\":{\"@id\":\"https:\/\/vapebulkp.com\/#website\"},\"datePublished\":\"2025-07-28T08:35:17+00:00\",\"dateModified\":\"2025-09-24T02:58:40+00:00\",\"description\":\"RAZZBAR 50000 Puffs is a high-puff rechargeable vape with USB-C charging, available in 2% and 5% salt nicotine. Get smooth flavor and up to 50,000 puffs in one sleek device.\",\"breadcrumb\":{\"@id\":\"https:\/\/vapebulkp.com\/product\/razzbar-50000-puffs-disposable-electronic-cigarette-wholesale-supplier\/#breadcrumb\"},\"inLanguage\":\"da-DK\",\"potentialAction\":[{\"@type\":\"ReadAction\",\"target\":[\"https:\/\/vapebulkp.com\/product\/razzbar-50000-puffs-disposable-electronic-cigarette-wholesale-supplier\/\"]}]},{\"@type\":\"BreadcrumbList\",\"@id\":\"https:\/\/vapebulkp.com\/product\/razzbar-50000-puffs-disposable-electronic-cigarette-wholesale-supplier\/#breadcrumb\",\"itemListElement\":[{\"@type\":\"ListItem\",\"position\":1,\"name\":\"Home\",\"item\":\"https:\/\/vapebulkp.com\/\"},{\"@type\":\"ListItem\",\"position\":2,\"name\":\"Hot Trend Vapes\",\"item\":\"https:\/\/vapebulkp.com\/vape-shop\/\"},{\"@type\":\"ListItem\",\"position\":3,\"name\":\"RAZZBAR 50000 Puffs Disposable Electronic Cigarette Wholesale Supplier\"}]},{\"@type\":\"WebSite\",\"@id\":\"https:\/\/vapebulkp.com\/#website\",\"url\":\"https:\/\/vapebulkp.com\/\",\"name\":\"vapebulkp.com\",\"description\":\"Buy Vape In Cheap Bulk Price Near you\",\"publisher\":{\"@id\":\"https:\/\/vapebulkp.com\/#organization\"},\"potentialAction\":[{\"@type\":\"SearchAction\",\"target\":{\"@type\":\"EntryPoint\",\"urlTemplate\":\"https:\/\/vapebulkp.com\/?s={search_term_string}\"},\"query-input\":\"required name=search_term_string\"}],\"inLanguage\":\"da-DK\"},{\"@type\":\"Organization\",\"@id\":\"https:\/\/vapebulkp.com\/#organization\",\"name\":\"vapebulkp.com\",\"url\":\"https:\/\/vapebulkp.com\/\",\"logo\":{\"@type\":\"ImageObject\",\"inLanguage\":\"da-DK\",\"@id\":\"https:\/\/vapebulkp.com\/#\/schema\/logo\/image\/\",\"url\":\"https:\/\/vapebulkp.com\/wp-content\/uploads\/2023\/09\/cropped-vapebulkp.png\",\"contentUrl\":\"https:\/\/vapebulkp.com\/wp-content\/uploads\/2023\/09\/cropped-vapebulkp.png\",\"width\":516,\"height\":163,\"caption\":\"vapebulkp.com\"},\"image\":{\"@id\":\"https:\/\/vapebulkp.com\/#\/schema\/logo\/image\/\"}}]}<\/script>\n<!-- \/ Yoast SEO plugin. -->","yoast_head_json":{"title":"RAZZBAR 50000 Puffs Disposable Electronic Cigarette Wholesale Supplier - vapebulkp.com","description":"RAZZBAR 50000 Puffs is a high-puff rechargeable vape with USB-C charging, available in 2% and 5% salt nicotine. Get smooth flavor and up to 50,000 puffs in one sleek device.","robots":{"index":"index","follow":"follow","max-snippet":"max-snippet:-1","max-image-preview":"max-image-preview:large","max-video-preview":"max-video-preview:-1"},"canonical":"https:\/\/vapebulkp.com\/da\/product\/razzbar-50000-puffs-disposable-electronic-cigarette-wholesale-supplier\/","og_locale":"da_DK","og_type":"article","og_title":"RAZZBAR 50000 Puffs Disposable Electronic Cigarette Wholesale Supplier - vapebulkp.com","og_description":"RAZZBAR 50000 Puffs is a high-puff rechargeable vape with USB-C charging, available in 2% and 5% salt nicotine. Get smooth flavor and up to 50,000 puffs in one sleek device.","og_url":"https:\/\/vapebulkp.com\/da\/product\/razzbar-50000-puffs-disposable-electronic-cigarette-wholesale-supplier\/","og_site_name":"vapebulkp.com","article_modified_time":"2025-09-24T02:58:40+00:00","og_image":[{"width":800,"height":800,"url":"http:\/\/vapebulkp.com\/wp-content\/uploads\/2025\/07\/RAZZBAR-Vape-50000-Puffs-Top-Sale-In-Netherlands.webp","type":"image\/webp"}],"twitter_card":"summary_large_image","twitter_misc":{"Estimeret l\u00e6setid":"4 minutter"},"schema":{"@context":"https:\/\/schema.org","@graph":[{"@type":"WebPage","@id":"https:\/\/vapebulkp.com\/product\/razzbar-50000-puffs-disposable-electronic-cigarette-wholesale-supplier\/","url":"https:\/\/vapebulkp.com\/product\/razzbar-50000-puffs-disposable-electronic-cigarette-wholesale-supplier\/","name":"RAZZBAR 50000 Puffs Disposable Electronic Cigarette Wholesale Supplier - vapebulkp.com","isPartOf":{"@id":"https:\/\/vapebulkp.com\/#website"},"datePublished":"2025-07-28T08:35:17+00:00","dateModified":"2025-09-24T02:58:40+00:00","description":"RAZZBAR 50000 Puffs is a high-puff rechargeable vape with USB-C charging, available in 2% and 5% salt nicotine. Get smooth flavor and up to 50,000 puffs in one sleek device.","breadcrumb":{"@id":"https:\/\/vapebulkp.com\/product\/razzbar-50000-puffs-disposable-electronic-cigarette-wholesale-supplier\/#breadcrumb"},"inLanguage":"da-DK","potentialAction":[{"@type":"ReadAction","target":["https:\/\/vapebulkp.com\/product\/razzbar-50000-puffs-disposable-electronic-cigarette-wholesale-supplier\/"]}]},{"@type":"BreadcrumbList","@id":"https:\/\/vapebulkp.com\/product\/razzbar-50000-puffs-disposable-electronic-cigarette-wholesale-supplier\/#breadcrumb","itemListElement":[{"@type":"ListItem","position":1,"name":"Home","item":"https:\/\/vapebulkp.com\/"},{"@type":"ListItem","position":2,"name":"Hot Trend Vapes","item":"https:\/\/vapebulkp.com\/vape-shop\/"},{"@type":"ListItem","position":3,"name":"RAZZBAR 50000 Puffs Disposable Electronic Cigarette Wholesale Supplier"}]},{"@type":"WebSite","@id":"https:\/\/vapebulkp.com\/#website","url":"https:\/\/vapebulkp.com\/","name":"vapebulkp.com","description":"Buy Vape In Cheap Bulk Price Near you","publisher":{"@id":"https:\/\/vapebulkp.com\/#organization"},"potentialAction":[{"@type":"SearchAction","target":{"@type":"EntryPoint","urlTemplate":"https:\/\/vapebulkp.com\/?s={search_term_string}"},"query-input":"required name=search_term_string"}],"inLanguage":"da-DK"},{"@type":"Organization","@id":"https:\/\/vapebulkp.com\/#organization","name":"vapebulkp.com","url":"https:\/\/vapebulkp.com\/","logo":{"@type":"ImageObject","inLanguage":"da-DK","@id":"https:\/\/vapebulkp.com\/#\/schema\/logo\/image\/","url":"https:\/\/vapebulkp.com\/wp-content\/uploads\/2023\/09\/cropped-vapebulkp.png","contentUrl":"https:\/\/vapebulkp.com\/wp-content\/uploads\/2023\/09\/cropped-vapebulkp.png","width":516,"height":163,"caption":"vapebulkp.com"},"image":{"@id":"https:\/\/vapebulkp.com\/#\/schema\/logo\/image\/"}}]}},"uagb_featured_image_src":{"full":["https:\/\/vapebulkp.com\/wp-content\/uploads\/2025\/07\/RAZZBAR-Vape-50000-Puffs-Top-Sale-In-Netherlands.webp",800,800,false],"thumbnail":["https:\/\/vapebulkp.com\/wp-content\/uploads\/2025\/07\/RAZZBAR-Vape-50000-Puffs-Top-Sale-In-Netherlands-150x150.webp",150,150,true],"medium":["https:\/\/vapebulkp.com\/wp-content\/uploads\/2025\/07\/RAZZBAR-Vape-50000-Puffs-Top-Sale-In-Netherlands-300x300.webp",300,300,true],"medium_large":["https:\/\/vapebulkp.com\/wp-content\/uploads\/2025\/07\/RAZZBAR-Vape-50000-Puffs-Top-Sale-In-Netherlands-768x768.webp",768,768,true],"large":["https:\/\/vapebulkp.com\/wp-content\/uploads\/2025\/07\/RAZZBAR-Vape-50000-Puffs-Top-Sale-In-Netherlands.webp",800,800,false],"1536x1536":["https:\/\/vapebulkp.com\/wp-content\/uploads\/2025\/07\/RAZZBAR-Vape-50000-Puffs-Top-Sale-In-Netherlands.webp",800,800,false],"2048x2048":["https:\/\/vapebulkp.com\/wp-content\/uploads\/2025\/07\/RAZZBAR-Vape-50000-Puffs-Top-Sale-In-Netherlands.webp",800,800,false],"trp-custom-language-flag":["https:\/\/vapebulkp.com\/wp-content\/uploads\/2025\/07\/RAZZBAR-Vape-50000-Puffs-Top-Sale-In-Netherlands.webp",12,12,false],"woocommerce_thumbnail":["https:\/\/vapebulkp.com\/wp-content\/uploads\/2025\/07\/RAZZBAR-Vape-50000-Puffs-Top-Sale-In-Netherlands-300x300.webp",300,300,true],"woocommerce_single":["https:\/\/vapebulkp.com\/wp-content\/uploads\/2025\/07\/RAZZBAR-Vape-50000-Puffs-Top-Sale-In-Netherlands-600x600.webp",600,600,true],"woocommerce_gallery_thumbnail":["https:\/\/vapebulkp.com\/wp-content\/uploads\/2025\/07\/RAZZBAR-Vape-50000-Puffs-Top-Sale-In-Netherlands-100x100.webp",100,100,true],"wcpr-photo-reviews":["https:\/\/vapebulkp.com\/wp-content\/uploads\/2025\/07\/RAZZBAR-Vape-50000-Puffs-Top-Sale-In-Netherlands.webp",500,500,false]},"uagb_author_info":{"display_name":"Mandy vape bulk price","author_link":"https:\/\/vapebulkp.com\/da\/author\/"},"uagb_comment_info":0,"uagb_excerpt":"Get up to 50,000 puffs with the Razz Bar 50000 disposable vape\u2014featuring a rechargeable battery, Type-C fast charging, and smooth salt nicotine in 2% or 5% strength. Pls Contact Mandy's WhatsApp For Discount Price+8618077105796 NOTE: Prices on our website does not include shipping costs Main reason for purchase 1. Excellent quality and unparalleled performance. 2.&hellip;","_links":{"self":[{"href":"https:\/\/vapebulkp.com\/da\/wp-json\/wp\/v2\/product\/4008","targetHints":{"allow":["GET"]}}],"collection":[{"href":"https:\/\/vapebulkp.com\/da\/wp-json\/wp\/v2\/product"}],"about":[{"href":"https:\/\/vapebulkp.com\/da\/wp-json\/wp\/v2\/types\/product"}],"replies":[{"embeddable":true,"href":"https:\/\/vapebulkp.com\/da\/wp-json\/wp\/v2\/comments?post=4008"}],"wp:featuredmedia":[{"embeddable":true,"href":"https:\/\/vapebulkp.com\/da\/wp-json\/wp\/v2\/media\/4013"}],"wp:attachment":[{"href":"https:\/\/vapebulkp.com\/da\/wp-json\/wp\/v2\/media?parent=4008"}],"wp:term":[{"taxonomy":"product_cat","embeddable":true,"href":"https:\/\/vapebulkp.com\/da\/wp-json\/wp\/v2\/product_cat?post=4008"},{"taxonomy":"product_tag","embeddable":true,"href":"https:\/\/vapebulkp.com\/da\/wp-json\/wp\/v2\/product_tag?post=4008"}],"curies":[{"name":"wp","href":"https:\/\/api.w.org\/{rel}","templated":true}]}}