{"id":4020,"date":"2025-07-30T10:04:55","date_gmt":"2025-07-30T08:04:55","guid":{"rendered":"https:\/\/vapebulkp.com\/?post_type=product&#038;p=4020"},"modified":"2025-09-04T10:52:40","modified_gmt":"2025-09-04T08:52:40","slug":"rahdm-tornado-50000-puffs-disposable-vape-bulk-supplier","status":"publish","type":"product","link":"https:\/\/vapebulkp.com\/da\/product\/rahdm-tornado-50000-puffs-disposable-vape-bulk-supplier\/","title":{"rendered":"RAHDM Tornado 50000 Pust Engangsvape Masseleverand\u00f8r"},"content":{"rendered":"<h2>RAHDM Tornado 50000 Pust Engangsvape Masseleverand\u00f8r<\/h2>\n<div class=\"pointer-events-none h-px w-px\" aria-hidden=\"true\" data-edge=\"true\">\n<p>Den <b>G19-RAHdM <a href=\"https:\/\/vapebulkp.com\/da\/product-category\/50000-puffs-disposable-vape\/\">50000 sug engangs-vape<\/a><\/b> er konstrueret til den kr\u00e6sne damper, der kr\u00e6ver kraft, ydeevne og bekvemmelighed i \u00e9n enhed. Dette er ikke bare en simpel <b>engangs vape<\/b>; det er et avanceret dampningssystem bygget til exceptionel udholdenhed. Med en massiv <b>50 ml forudfyldt tank<\/b> og <b>dobbelt mesh coil<\/b> teknologi leverer den utrolig t\u00e6t damp og rig, konsistent smag fra det allerf\u00f8rste sug.<\/p>\n<p>Denne <b>langvarig vape<\/b> er drevet af en robust <b>500mAh genopladeligt batteri<\/b> med <b>Type-C hurtig opladning<\/b>, hvilket minimerer nedetid og sikrer en stabil, kraftfuld oplevelse. En integreret <b>digital sk\u00e6rm<\/b> giver realtidsopdateringer om b\u00e5de e-v\u00e6ske- og batteriniveauer, hvilket giver dig fuld kontrol over hver session.<\/p>\n<p>G19-RAHdM tilbyder en skr\u00e6ddersyet oplevelse med flere dampningstilstande, herunder Normal, Pulse+ og Off, s\u00e5 du kan tilpasse dit sug. Med en <b>nikotinsalt<\/b> styrke p\u00e5 2% <b>2%<\/b>giver det et glat, tilfredsstillende hals hit. Fremstillet af holdbart PCTG, er denne <b>premium engangs e-cigaret<\/b> b\u00e5de kompakt og stilfuld. Det er den perfekte <b>engros vape EU<\/b> mulighed for forhandlere, der s\u00f8ger et rentabelt produkt med h\u00f8j eftersp\u00f8rgsel.<\/p>\n<\/div>\n<h6><span style=\"color: #ff0000\">Kontakt venligst Mandys WhatsApp for rabatpris<a style=\"color: #ff0000\" href=\"https:\/\/wa.me\/8618077105796\">+8618077105796<\/a><\/span><\/h6>\n<p><img decoding=\"async\" class=\"alignnone wp-image-2151\" src=\"http:\/\/vapebulkp.com\/wp-content\/uploads\/2024\/04\/Mandy-WhatsApp-Randm.jpg\" alt=\"Mandy WhatsApp Randm\" width=\"271\" height=\"289\" srcset=\"https:\/\/vapebulkp.com\/wp-content\/uploads\/2024\/04\/Mandy-WhatsApp-Randm.jpg 916w, https:\/\/vapebulkp.com\/wp-content\/uploads\/2024\/04\/Mandy-WhatsApp-Randm-282x300.jpg 282w, https:\/\/vapebulkp.com\/wp-content\/uploads\/2024\/04\/Mandy-WhatsApp-Randm-768x817.jpg 768w, https:\/\/vapebulkp.com\/wp-content\/uploads\/2024\/04\/Mandy-WhatsApp-Randm-600x638.jpg 600w\" sizes=\"(max-width: 271px) 100vw, 271px\" \/><\/p>\n<h2><strong>Hvorfor k\u00f8be High Puff Count Vape RAHDM tornado 50000 puffs hos <a href=\"https:\/\/vapebulkp.com\/da\/\">Vapebulkp.com<\/a>?<\/strong><\/h2>\n<p data-start=\"194\" data-end=\"484\">Hos Vapebulkp.com tilbyder vi den \u00e6gte <strong data-start=\"235\" data-end=\"280\">RAHDM Tornado 50000 Puffs smart vape<\/strong>\u00a0til konkurrencedygtige engrospriser med hurtig og p\u00e5lidelig forsendelse. Vores kunder nyder godt af \u00e6gte produkter med kvalitetsgaranti samt ekspertkundesupport, der hj\u00e6lper dig med at v\u00e6lge den perfekte vape-enhed.<\/p>\n<p data-start=\"486\" data-end=\"871\">Vi er stolte af at tilbyde et bredt udvalg af h\u00f8jtydende engangs-vapes med funktioner som lang batterilevetid, stor e-v\u00e6ske kapacitet og innovative designs - alle klar til at blive sendt i bulk eller enkelte enheder. N\u00e5r du k\u00f8ber fra Vapebulkp.com, f\u00e5r du p\u00e5lidelige produkter, fremragende v\u00e6rdi og en problemfri shoppingoplevelse, der er skr\u00e6ddersyet til b\u00e5de forhandlere og individuelle dampere.<\/p>\n<div class=\"faqs-answer\">\n<h2 data-start=\"55\" data-end=\"63\">Ofte stillede sp\u00f8rgsm\u00e5l<\/h2>\n<p data-start=\"65\" data-end=\"223\"><strong data-start=\"65\" data-end=\"97\">Sender I RAHDM tornado vape engros 50k puff internationalt?<\/strong><br data-start=\"97\" data-end=\"100\" \/>Ja, Vapebulkp.com sender til de fleste lande verden over og h\u00e5ndterer al toldbehandling for at sikre en problemfri leveringsproces.<\/p>\n<p data-start=\"389\" data-end=\"542\"><strong data-start=\"389\" data-end=\"418\">Hvordan kan jeg spore min ordre?<\/strong><br data-start=\"418\" data-end=\"421\" \/>N\u00e5r din ordre er afsendt, modtager du et sporingsnummer via e-mail, s\u00e5 du nemt kan overv\u00e5ge pakkens status.<\/p>\n<p data-start=\"544\" data-end=\"699\"><strong data-start=\"544\" data-end=\"574\">Kan jeg f\u00e5 hurtigere forsendelse?<\/strong><br data-start=\"574\" data-end=\"577\" \/>For hurtigere levering anbefaler vi, at du bestiller fra vores europ\u00e6iske lager, som tilbyder hurtigere behandling og leveringstider.<\/p>\n<p data-start=\"888\" data-end=\"1079\"><strong data-start=\"888\" data-end=\"950\">Hvad skal jeg g\u00f8re, hvis jeg modtager et beskadiget eller defekt produkt?<\/strong><br data-start=\"950\" data-end=\"953\" \/>Hvis du modtager en beskadiget eller defekt vare, bedes du straks kontakte vores kundeserviceteam for en erstatning eller l\u00f8sning.<\/p>\n<p data-start=\"1081\" data-end=\"1235\"><strong data-start=\"1081\" data-end=\"1125\">Hvordan kan jeg kontakte jeres kundeservice?<\/strong><br data-start=\"1125\" data-end=\"1128\" \/>Du kan kontakte os via e-mail, WhatsApp eller via live chat-funktionen p\u00e5 vores hjemmeside for hurtig hj\u00e6lp.<\/p>\n<\/div>\n<h4><\/h4>\n<h2 data-start=\"52\" data-end=\"122\"><strong data-start=\"52\" data-end=\"122\">RAHDM tornado 50000 Puffs smart vapes \u2013 Produktspecifikationer<\/strong><\/h2>\n<p><strong data-start=\"189\" data-end=\"198\">Model<\/strong>: G19-RAHdM Engangs Vape<br data-start=\"225\" data-end=\"228\" \/><strong data-start=\"228\" data-end=\"242\">Antal pust<\/strong>: Op til 50000 sug for langvarige vape-sessioner<br data-start=\"294\" data-end=\"297\" \/><strong data-start=\"297\" data-end=\"318\">Nikotinstyrke<\/strong>: 2% Nikotinsalt for et bl\u00f8dt sug i halsen<br data-start=\"360\" data-end=\"363\" \/><strong data-start=\"363\" data-end=\"384\">E-v\u00e6ske kapacitet<\/strong>: 50 ml forudfyldt for forl\u00e6nget brug<br data-start=\"418\" data-end=\"421\" \/><strong data-start=\"421\" data-end=\"441\" data-is-only-node=\"\">Batterikapacitet<\/strong>: Indbygget 500mAh genopladeligt batteri<br data-start=\"479\" data-end=\"482\" \/><strong data-start=\"482\" data-end=\"499\">Indgangssp\u00e6nding<\/strong>: 3.2V til 3.6V stabilt str\u00f8mudgang<br data-start=\"533\" data-end=\"536\" \/><strong data-start=\"536\" data-end=\"549\">Spoletype<\/strong>: Dobbelt mesh coil 1.0\u03a9 med OFF Normal og Pulse Plus Mode for tilpasselig vaping oplevelse<br data-start=\"641\" data-end=\"644\" \/><strong data-start=\"644\" data-end=\"656\">Materiale<\/strong>: Holdbart og sikkert PCTG-kabinet<br data-start=\"684\" data-end=\"687\" \/><strong data-start=\"687\" data-end=\"698\">Sk\u00e6rm<\/strong>: Integreret digital sk\u00e6rm viser batteri- og e-v\u00e6skeniveauer<br data-start=\"759\" data-end=\"762\" \/><strong data-start=\"762\" data-end=\"779\">Opladningsport<\/strong>: Hurtigopladende Type-C USB-port<br data-start=\"810\" data-end=\"813\" \/><strong data-start=\"813\" data-end=\"821\">St\u00f8rrelse<\/strong>: Kompakt design 83 mm \u00d7 53 mm \u00d7 27 mm for nem transport<\/p>\n<h2>RAHDM Tornado 50000 Puffs smagsliste:<\/h2>\n<p class=\"selectable-text copyable-text x15bjb6t x1n2onr6\" dir=\"ltr\">1. Hindb\u00e6r vandmelon<br \/>\n2. Jordb\u00e6r is<br \/>\n3. Red Bull Drue<br \/>\n4. Tropisk frugt<br \/>\n5. Banan<br \/>\n6. Bl\u00e5b\u00e6r is<br \/>\n7. Fersken is<br \/>\n8. Ananas kokosn\u00f8d<br \/>\n9. Vandmelon is<br \/>\n10. Citron lime<br \/>\n11. Jordb\u00e6r banan<br \/>\n12. Mr. Blue<br \/>\n13. Jordb\u00e6r vandmelon tyggegummi<br \/>\n14. Pink Limonade<br \/>\n15. Kirseb\u00e6r cola<br \/>\n16.Gummibj\u00f8rn<\/p>\n<p><span style=\"vertical-align: inherit\">Find flere produkter du m\u00e5ske kan lide:<\/span><em><a href=\"https:\/\/wa.me\/8618077105796\"><span style=\"vertical-align: inherit\">\u00a0K\u00f8b den nu<\/span><\/a><\/em><\/p>\n<p><span style=\"vertical-align: inherit\">Andre Puffs du m\u00e5ske kan lide:<\/span><a href=\"https:\/\/vapebulkp.com\/da\/product\/uzy-triple-60000-puffs-smart-vape-wholesale-3-in-1-flavor\/\"><span style=\"vertical-align: inherit\">UZY Vape 60000 Pust<\/span><\/a><span style=\"vertical-align: inherit\">\u3001<\/span><a href=\"https:\/\/vapebulkp.com\/da\/product\/vozol-rave-40000-puffs-hot-sale-nicotine-salt-disposable-vaporizer\/\"><span style=\"vertical-align: inherit\">Vozol Rave 40000 sug<\/span><\/a><span style=\"vertical-align: inherit\">\/ <\/span><a href=\"https:\/\/vapebulkp.com\/da\/product\/bang-box-80000-puffs-3-in-1-wholesale-vape-supply\/\"><span style=\"vertical-align: inherit\">Bang Box 80000 sug<\/span><\/a><span style=\"vertical-align: inherit\">\/ <\/span><a href=\"https:\/\/vapebulkp.com\/da\/product\/bang-leader-85000-puffs-electronic-cigarette-wholesale-price-15-flavors\/\"><span style=\"vertical-align: inherit\">Bang Leader 85000 Pust<\/span><\/a><\/p>\n<h2 data-start=\"55\" data-end=\"75\">Forsendelsesmetoder<\/h2>\n<p data-start=\"77\" data-end=\"345\">Hos Vapebulkp.com samarbejder vi med f\u00f8rende kurerfirmaer som UPS, DHL, FedEx og DPD for at sikre hurtig og p\u00e5lidelig forsendelse. Afh\u00e6ngigt af destinationslandet v\u00e6lger vi den mest passende forsendelsesmetode for at sikre, at din ordre ankommer s\u00e5 hurtigt og sikkert som muligt.<\/p>\n<ul data-start=\"347\" data-end=\"509\">\n<li data-start=\"347\" data-end=\"429\">\n<p data-start=\"349\" data-end=\"429\"><strong data-start=\"349\" data-end=\"383\">Forsendelse til Danmark:<\/strong> Tager typisk omkring 10 dage for levering.<\/p>\n<\/li>\n<li data-start=\"430\" data-end=\"506\">\n<p data-start=\"432\" data-end=\"506\"><strong data-start=\"432\" data-end=\"467\">Forsendelse til europ\u00e6iske lande:<\/strong> Tager normalt mellem 12 og 15 dage.<\/p>\n<\/li>\n<\/ul>\n<p data-start=\"510\" data-end=\"603\">Vi giver opdateringer med sporing i realtid, s\u00e5 du kan overv\u00e5ge din forsendelse hele vejen.<\/p>\n<p data-start=\"605\" data-end=\"856\">For at give dig en problemfri shoppingoplevelse h\u00e5ndterer vi alle toldbehandlingsprocedurer p\u00e5 dine vegne. Der er ingen yderligere skatter eller gebyrer at bekymre sig om, og vi garanterer, at 100% af vores forsendelser succesfuldt passerer tolden uden problemer.<\/p>\n<p data-start=\"858\" data-end=\"956\">Shop trygt hos Vapebulkp.com, velvidende at din ordre er i eksperth\u00e6nder fra kassen til levering.<\/p>","protected":false},"excerpt":{"rendered":"<article class=\"text-token-text-primary w-full\" dir=\"auto\" data-testid=\"conversation-turn-10\" data-scroll-anchor=\"true\">\n<div class=\"text-base my-auto mx-auto pb-10 [--thread-content-margin:--spacing(4)] @[37rem]:[--thread-content-margin:--spacing(6)] @[72rem]:[--thread-content-margin:--spacing(16)] px-(--thread-content-margin)\">\n<div class=\"[--thread-content-max-width:32rem] @[34rem]:[--thread-content-max-width:40rem] @[64rem]:[--thread-content-max-width:48rem] mx-auto flex max-w-(--thread-content-max-width) flex-1 text-base gap-4 md:gap-5 lg:gap-6 group\/turn-messages focus-visible:outline-hidden\">\n<div class=\"group\/conversation-turn relative flex w-full min-w-0 flex-col agent-turn\">\n<div class=\"relative flex-col gap-1 md:gap-3\">\n<div class=\"flex max-w-full flex-col grow\">\n<div class=\"min-h-8 text-message relative flex w-full flex-col items-end gap-2 text-start break-words whitespace-normal [.text-message+&amp;]:mt-5\" dir=\"auto\" data-message-author-role=\"assistant\" data-message-id=\"9612def3-530c-4871-9e19-e5f6b9349475\" data-message-model-slug=\"gpt-4o\">\n<div class=\"flex w-full flex-col gap-1 empty:hidden first:pt-[3px]\">\n<div class=\"markdown prose dark:prose-invert w-full break-words light\">\n<p data-start=\"64\" data-end=\"217\">Enjoy up to 50,000 smooth puffs with the G19 RAHDM disposable vape, featuring 2% nicotine salt, 50ml e-liquid, a smart display, and fast Type-C charging.<\/p>\n<\/div>\n<\/div>\n<\/div>\n<\/div>\n<\/div>\n<\/div>\n<\/div>\n<\/div>\n<\/article>\n<p>Pls Contact Mandy&#8217;s WhatsApp For Discount Price<a href=\"https:\/\/wa.me\/8618077105796\">+8618077105796<\/a><\/p>\n<p><img decoding=\"async\" class=\"alignnone wp-image-2151\" src=\"http:\/\/vapebulkp.com\/wp-content\/uploads\/2024\/04\/Mandy-WhatsApp-Randm.jpg\" alt=\"Mandy WhatsApp Randm\" width=\"297\" height=\"316\" srcset=\"https:\/\/vapebulkp.com\/wp-content\/uploads\/2024\/04\/Mandy-WhatsApp-Randm.jpg 916w, https:\/\/vapebulkp.com\/wp-content\/uploads\/2024\/04\/Mandy-WhatsApp-Randm-282x300.jpg 282w, https:\/\/vapebulkp.com\/wp-content\/uploads\/2024\/04\/Mandy-WhatsApp-Randm-768x817.jpg 768w, https:\/\/vapebulkp.com\/wp-content\/uploads\/2024\/04\/Mandy-WhatsApp-Randm-600x638.jpg 600w\" sizes=\"(max-width: 297px) 100vw, 297px\" \/><\/p>\n<p><span style=\"color: #ff0000\">NOTE: Prices on our website does not include shipping costs<\/span><\/p>\n<p>Main reason for purchase<br \/>\n1. Excellent quality and unparalleled performance.<\/p>\n<p>2. Competitive price and fast value.<\/p>\n<p>3. Multiple options and timely delivery.<\/p>\n<p>4. A satisfying shopping experience<\/p>\n","protected":false},"featured_media":4017,"comment_status":"open","ping_status":"closed","template":"","meta":{"_uag_custom_page_level_css":"","_lmt_disableupdate":"no","_lmt_disable":"","site-sidebar-layout":"default","site-content-layout":"content-boxed-container","ast-site-content-layout":"normal-width-container","site-content-style":"boxed","site-sidebar-style":"unboxed","ast-global-header-display":"","ast-banner-title-visibility":"","ast-main-header-display":"","ast-hfb-above-header-display":"","ast-hfb-below-header-display":"","ast-hfb-mobile-header-display":"","site-post-title":"","ast-breadcrumbs-content":"","ast-featured-img":"","footer-sml-layout":"","theme-transparent-header-meta":"default","adv-header-id-meta":"","stick-header-meta":"","header-above-stick-meta":"","header-main-stick-meta":"","header-below-stick-meta":"","astra-migrate-meta-layouts":"set","_joinchat":[]},"product_cat":[194,153,155,33,59,100,87,34,158,157,154,152,58,84,156,63,32],"product_tag":[36,37,41,286,278,40],"class_list":["post-4020","product","type-product","status-publish","has-post-thumbnail","hentry","product_cat-50000-puffs-disposable-vape","product_cat-hot-disposable-vapes","product_cat-belgium-hot-disposable-vapes","product_cat-france-vape-hot-sale","product_cat-germany-hot-disposable-vape","product_cat-germany-wholesale-vape-shop","product_cat-minimum-order-quantity-50pcs","product_cat-netherlands-vape-good-sale","product_cat-norway-hot-disposable-vapes","product_cat-poland-hot-disposable-vapes","product_cat-portugal-hot-disposable-vapes","product_cat-spain-hot-disposable-vapes","product_cat-sweden-hot-disposable-vape","product_cat-sweden-wholesale-vape","product_cat-switzerland-hot-disposable-vapes","product_cat-top-sale-disposable-vape","product_cat-vape-hot-sale-this-week","product_tag-good-vape","product_tag-hot-sale-disposable-vape","product_tag-poland-hot-vape","product_tag-puffs-stock-in-europe","product_tag-rahdm-tornado-50000-puffs","product_tag-sweden-hot-vape","desktop-align-left","tablet-align-left","mobile-align-left"],"yoast_head":"<!-- This site is optimized with the Yoast SEO plugin v21.1 - https:\/\/yoast.com\/wordpress\/plugins\/seo\/ -->\n<title>RAHDM Tornado 50000 Puffs Disposable Vape Bulk Supplier - vapebulkp.com<\/title>\n<meta name=\"description\" content=\"Enjoy 50000 puffs of smooth flavor with the G19 RAHDM disposable vape featuring 2% nicotine salt, 50ml juice, smart display, and Type-C fast charging.\" \/>\n<meta name=\"robots\" content=\"index, follow, max-snippet:-1, max-image-preview:large, max-video-preview:-1\" \/>\n<link rel=\"canonical\" href=\"https:\/\/vapebulkp.com\/da\/product\/rahdm-tornado-50000-puffs-disposable-vape-bulk-supplier\/\" \/>\n<meta property=\"og:locale\" content=\"da_DK\" \/>\n<meta property=\"og:type\" content=\"article\" \/>\n<meta property=\"og:title\" content=\"RAHDM Tornado 50000 Puffs Disposable Vape Bulk Supplier - vapebulkp.com\" \/>\n<meta property=\"og:description\" content=\"Enjoy 50000 puffs of smooth flavor with the G19 RAHDM disposable vape featuring 2% nicotine salt, 50ml juice, smart display, and Type-C fast charging.\" \/>\n<meta property=\"og:url\" content=\"https:\/\/vapebulkp.com\/da\/product\/rahdm-tornado-50000-puffs-disposable-vape-bulk-supplier\/\" \/>\n<meta property=\"og:site_name\" content=\"vapebulkp.com\" \/>\n<meta property=\"article:modified_time\" content=\"2025-09-04T08:52:40+00:00\" \/>\n<meta property=\"og:image\" content=\"http:\/\/vapebulkp.com\/wp-content\/uploads\/2025\/07\/RAHDM-Tornado-50000-Best-Long-Lasting-Disposable-Vape.webp\" \/>\n\t<meta property=\"og:image:width\" content=\"800\" \/>\n\t<meta property=\"og:image:height\" content=\"800\" \/>\n\t<meta property=\"og:image:type\" content=\"image\/webp\" \/>\n<meta name=\"twitter:card\" content=\"summary_large_image\" \/>\n<meta name=\"twitter:label1\" content=\"Estimeret l\u00e6setid\" \/>\n\t<meta name=\"twitter:data1\" content=\"4 minutter\" \/>\n<script type=\"application\/ld+json\" class=\"yoast-schema-graph\">{\"@context\":\"https:\/\/schema.org\",\"@graph\":[{\"@type\":\"WebPage\",\"@id\":\"https:\/\/vapebulkp.com\/product\/rahdm-tornado-50000-puffs-disposable-vape-bulk-supplier\/\",\"url\":\"https:\/\/vapebulkp.com\/product\/rahdm-tornado-50000-puffs-disposable-vape-bulk-supplier\/\",\"name\":\"RAHDM Tornado 50000 Puffs Disposable Vape Bulk Supplier - vapebulkp.com\",\"isPartOf\":{\"@id\":\"https:\/\/vapebulkp.com\/#website\"},\"datePublished\":\"2025-07-30T08:04:55+00:00\",\"dateModified\":\"2025-09-04T08:52:40+00:00\",\"description\":\"Enjoy 50000 puffs of smooth flavor with the G19 RAHDM disposable vape featuring 2% nicotine salt, 50ml juice, smart display, and Type-C fast charging.\",\"breadcrumb\":{\"@id\":\"https:\/\/vapebulkp.com\/product\/rahdm-tornado-50000-puffs-disposable-vape-bulk-supplier\/#breadcrumb\"},\"inLanguage\":\"da-DK\",\"potentialAction\":[{\"@type\":\"ReadAction\",\"target\":[\"https:\/\/vapebulkp.com\/product\/rahdm-tornado-50000-puffs-disposable-vape-bulk-supplier\/\"]}]},{\"@type\":\"BreadcrumbList\",\"@id\":\"https:\/\/vapebulkp.com\/product\/rahdm-tornado-50000-puffs-disposable-vape-bulk-supplier\/#breadcrumb\",\"itemListElement\":[{\"@type\":\"ListItem\",\"position\":1,\"name\":\"Home\",\"item\":\"https:\/\/vapebulkp.com\/\"},{\"@type\":\"ListItem\",\"position\":2,\"name\":\"Hot Trend Vapes\",\"item\":\"https:\/\/vapebulkp.com\/vape-shop\/\"},{\"@type\":\"ListItem\",\"position\":3,\"name\":\"RAHDM Tornado 50000 Puffs Disposable Vape Bulk Supplier\"}]},{\"@type\":\"WebSite\",\"@id\":\"https:\/\/vapebulkp.com\/#website\",\"url\":\"https:\/\/vapebulkp.com\/\",\"name\":\"vapebulkp.com\",\"description\":\"Buy Vape In Cheap Bulk Price Near you\",\"publisher\":{\"@id\":\"https:\/\/vapebulkp.com\/#organization\"},\"potentialAction\":[{\"@type\":\"SearchAction\",\"target\":{\"@type\":\"EntryPoint\",\"urlTemplate\":\"https:\/\/vapebulkp.com\/?s={search_term_string}\"},\"query-input\":\"required name=search_term_string\"}],\"inLanguage\":\"da-DK\"},{\"@type\":\"Organization\",\"@id\":\"https:\/\/vapebulkp.com\/#organization\",\"name\":\"vapebulkp.com\",\"url\":\"https:\/\/vapebulkp.com\/\",\"logo\":{\"@type\":\"ImageObject\",\"inLanguage\":\"da-DK\",\"@id\":\"https:\/\/vapebulkp.com\/#\/schema\/logo\/image\/\",\"url\":\"https:\/\/vapebulkp.com\/wp-content\/uploads\/2023\/09\/cropped-vapebulkp.png\",\"contentUrl\":\"https:\/\/vapebulkp.com\/wp-content\/uploads\/2023\/09\/cropped-vapebulkp.png\",\"width\":516,\"height\":163,\"caption\":\"vapebulkp.com\"},\"image\":{\"@id\":\"https:\/\/vapebulkp.com\/#\/schema\/logo\/image\/\"}}]}<\/script>\n<!-- \/ Yoast SEO plugin. -->","yoast_head_json":{"title":"RAHDM Tornado 50000 Puffs Engangs Vape Bulk Leverand\u00f8r - vapebulkp.com","description":"Nyd 50000 sug af bl\u00f8d smag med G19 RAHDM engangs vape med 2% nikotinsalt, 50 ml juice, smart display og Type-C hurtigopladning.","robots":{"index":"index","follow":"follow","max-snippet":"max-snippet:-1","max-image-preview":"max-image-preview:large","max-video-preview":"max-video-preview:-1"},"canonical":"https:\/\/vapebulkp.com\/da\/product\/rahdm-tornado-50000-puffs-disposable-vape-bulk-supplier\/","og_locale":"da_DK","og_type":"article","og_title":"RAHDM Tornado 50000 Puffs Disposable Vape Bulk Supplier - vapebulkp.com","og_description":"Enjoy 50000 puffs of smooth flavor with the G19 RAHDM disposable vape featuring 2% nicotine salt, 50ml juice, smart display, and Type-C fast charging.","og_url":"https:\/\/vapebulkp.com\/da\/product\/rahdm-tornado-50000-puffs-disposable-vape-bulk-supplier\/","og_site_name":"vapebulkp.com","article_modified_time":"2025-09-04T08:52:40+00:00","og_image":[{"width":800,"height":800,"url":"http:\/\/vapebulkp.com\/wp-content\/uploads\/2025\/07\/RAHDM-Tornado-50000-Best-Long-Lasting-Disposable-Vape.webp","type":"image\/webp"}],"twitter_card":"summary_large_image","twitter_misc":{"Estimeret l\u00e6setid":"4 minutter"},"schema":{"@context":"https:\/\/schema.org","@graph":[{"@type":"WebPage","@id":"https:\/\/vapebulkp.com\/product\/rahdm-tornado-50000-puffs-disposable-vape-bulk-supplier\/","url":"https:\/\/vapebulkp.com\/product\/rahdm-tornado-50000-puffs-disposable-vape-bulk-supplier\/","name":"RAHDM Tornado 50000 Puffs Engangs Vape Bulk Leverand\u00f8r - vapebulkp.com","isPartOf":{"@id":"https:\/\/vapebulkp.com\/#website"},"datePublished":"2025-07-30T08:04:55+00:00","dateModified":"2025-09-04T08:52:40+00:00","description":"Nyd 50000 sug af bl\u00f8d smag med G19 RAHDM engangs vape med 2% nikotinsalt, 50 ml juice, smart display og Type-C hurtigopladning.","breadcrumb":{"@id":"https:\/\/vapebulkp.com\/product\/rahdm-tornado-50000-puffs-disposable-vape-bulk-supplier\/#breadcrumb"},"inLanguage":"da-DK","potentialAction":[{"@type":"ReadAction","target":["https:\/\/vapebulkp.com\/product\/rahdm-tornado-50000-puffs-disposable-vape-bulk-supplier\/"]}]},{"@type":"BreadcrumbList","@id":"https:\/\/vapebulkp.com\/product\/rahdm-tornado-50000-puffs-disposable-vape-bulk-supplier\/#breadcrumb","itemListElement":[{"@type":"ListItem","position":1,"name":"Home","item":"https:\/\/vapebulkp.com\/"},{"@type":"ListItem","position":2,"name":"Hot Trend Vapes","item":"https:\/\/vapebulkp.com\/vape-shop\/"},{"@type":"ListItem","position":3,"name":"RAHDM Tornado 50000 Puffs Disposable Vape Bulk Supplier"}]},{"@type":"WebSite","@id":"https:\/\/vapebulkp.com\/#website","url":"https:\/\/vapebulkp.com\/","name":"vapebulkp.com","description":"K\u00f8b Vape I Billige M\u00e6ngder T\u00e6t P\u00e5 Dig","publisher":{"@id":"https:\/\/vapebulkp.com\/#organization"},"potentialAction":[{"@type":"SearchAction","target":{"@type":"EntryPoint","urlTemplate":"https:\/\/vapebulkp.com\/?s={search_term_string}"},"query-input":"required name=search_term_string"}],"inLanguage":"da-DK"},{"@type":"Organization","@id":"https:\/\/vapebulkp.com\/#organization","name":"vapebulkp.com","url":"https:\/\/vapebulkp.com\/","logo":{"@type":"ImageObject","inLanguage":"da-DK","@id":"https:\/\/vapebulkp.com\/#\/schema\/logo\/image\/","url":"https:\/\/vapebulkp.com\/wp-content\/uploads\/2023\/09\/cropped-vapebulkp.png","contentUrl":"https:\/\/vapebulkp.com\/wp-content\/uploads\/2023\/09\/cropped-vapebulkp.png","width":516,"height":163,"caption":"vapebulkp.com"},"image":{"@id":"https:\/\/vapebulkp.com\/#\/schema\/logo\/image\/"}}]}},"uagb_featured_image_src":{"full":["https:\/\/vapebulkp.com\/wp-content\/uploads\/2025\/07\/RAHDM-Tornado-50000-Best-Long-Lasting-Disposable-Vape.webp",800,800,false],"thumbnail":["https:\/\/vapebulkp.com\/wp-content\/uploads\/2025\/07\/RAHDM-Tornado-50000-Best-Long-Lasting-Disposable-Vape-150x150.webp",150,150,true],"medium":["https:\/\/vapebulkp.com\/wp-content\/uploads\/2025\/07\/RAHDM-Tornado-50000-Best-Long-Lasting-Disposable-Vape-300x300.webp",300,300,true],"medium_large":["https:\/\/vapebulkp.com\/wp-content\/uploads\/2025\/07\/RAHDM-Tornado-50000-Best-Long-Lasting-Disposable-Vape-768x768.webp",768,768,true],"large":["https:\/\/vapebulkp.com\/wp-content\/uploads\/2025\/07\/RAHDM-Tornado-50000-Best-Long-Lasting-Disposable-Vape.webp",800,800,false],"1536x1536":["https:\/\/vapebulkp.com\/wp-content\/uploads\/2025\/07\/RAHDM-Tornado-50000-Best-Long-Lasting-Disposable-Vape.webp",800,800,false],"2048x2048":["https:\/\/vapebulkp.com\/wp-content\/uploads\/2025\/07\/RAHDM-Tornado-50000-Best-Long-Lasting-Disposable-Vape.webp",800,800,false],"trp-custom-language-flag":["https:\/\/vapebulkp.com\/wp-content\/uploads\/2025\/07\/RAHDM-Tornado-50000-Best-Long-Lasting-Disposable-Vape.webp",12,12,false],"woocommerce_thumbnail":["https:\/\/vapebulkp.com\/wp-content\/uploads\/2025\/07\/RAHDM-Tornado-50000-Best-Long-Lasting-Disposable-Vape-300x300.webp",300,300,true],"woocommerce_single":["https:\/\/vapebulkp.com\/wp-content\/uploads\/2025\/07\/RAHDM-Tornado-50000-Best-Long-Lasting-Disposable-Vape-600x600.webp",600,600,true],"woocommerce_gallery_thumbnail":["https:\/\/vapebulkp.com\/wp-content\/uploads\/2025\/07\/RAHDM-Tornado-50000-Best-Long-Lasting-Disposable-Vape-100x100.webp",100,100,true],"wcpr-photo-reviews":["https:\/\/vapebulkp.com\/wp-content\/uploads\/2025\/07\/RAHDM-Tornado-50000-Best-Long-Lasting-Disposable-Vape.webp",500,500,false]},"uagb_author_info":{"display_name":"Mandy vape bulk price","author_link":"https:\/\/vapebulkp.com\/da\/author\/"},"uagb_comment_info":0,"uagb_excerpt":"Enjoy up to 50,000 smooth puffs with the G19 RAHDM disposable vape, featuring 2% nicotine salt, 50ml e-liquid, a smart display, and fast Type-C charging. Pls Contact Mandy's WhatsApp For Discount Price+8618077105796 NOTE: Prices on our website does not include shipping costs Main reason for purchase 1. Excellent quality and unparalleled performance. 2. Competitive price&hellip;","_links":{"self":[{"href":"https:\/\/vapebulkp.com\/da\/wp-json\/wp\/v2\/product\/4020","targetHints":{"allow":["GET"]}}],"collection":[{"href":"https:\/\/vapebulkp.com\/da\/wp-json\/wp\/v2\/product"}],"about":[{"href":"https:\/\/vapebulkp.com\/da\/wp-json\/wp\/v2\/types\/product"}],"replies":[{"embeddable":true,"href":"https:\/\/vapebulkp.com\/da\/wp-json\/wp\/v2\/comments?post=4020"}],"wp:featuredmedia":[{"embeddable":true,"href":"https:\/\/vapebulkp.com\/da\/wp-json\/wp\/v2\/media\/4017"}],"wp:attachment":[{"href":"https:\/\/vapebulkp.com\/da\/wp-json\/wp\/v2\/media?parent=4020"}],"wp:term":[{"taxonomy":"product_cat","embeddable":true,"href":"https:\/\/vapebulkp.com\/da\/wp-json\/wp\/v2\/product_cat?post=4020"},{"taxonomy":"product_tag","embeddable":true,"href":"https:\/\/vapebulkp.com\/da\/wp-json\/wp\/v2\/product_tag?post=4020"}],"curies":[{"name":"wp","href":"https:\/\/api.w.org\/{rel}","templated":true}]}}