{"id":4090,"date":"2025-08-13T05:52:14","date_gmt":"2025-08-13T03:52:14","guid":{"rendered":"https:\/\/vapebulkp.com\/?post_type=product&#038;p=4090"},"modified":"2025-09-24T05:31:10","modified_gmt":"2025-09-24T03:31:10","slug":"buy-bang-de-80000-puffs-disposable-vape-cheap-price-for-bulk-order","status":"publish","type":"product","link":"https:\/\/vapebulkp.com\/da\/product\/buy-bang-de-80000-puffs-disposable-vape-cheap-price-for-bulk-order\/","title":{"rendered":"K\u00f8b Bang DE 80000 Pust Engangsvape Billig Pris til Massebestilling"},"content":{"rendered":"<h2>K\u00f8b Bang DE 80000 Pust Engangsvape Billig Pris til Massebestilling<\/h2>\n<div class=\"pointer-events-none h-px w-px\" aria-hidden=\"true\" data-edge=\"true\">\n<p>Bang DE 80000 Puffs er en revolution inden for engangsvape-teknologi, udviklet til det kr\u00e6vende europ\u00e6iske marked. Denne Bang DE <a href=\"https:\/\/vapebulkp.com\/da\/product-category\/80000-puffs-disposable-vape\/\">80000 Pust Disponibel Vape<\/a> kombinerer monumental kapacitet med avanceret funktionalitet, hvilket g\u00f8r den til det definitive valg for dampere, der s\u00f8ger uovertruffen ydeevne og v\u00e6rdi.<\/p>\n<p>Oplev et helt nyt niveau af smag med det revolutionerende 3-i-1 Triple Flavor-system. Denne innovative vape-pod indeholder tre separate, forfyldte 20 ml e-v\u00e6skebeholdere, hvilket giver dig i alt 60 ml f\u00f8rsteklasses e-juice. Dette smarte design giver dig mulighed for ubesv\u00e6ret at skifte mellem tre forskellige smagsvarianter, hvilket forhindrer smagstr\u00e6thed og sikrer en konsekvent frisk og behagelig dampningsoplevelse.<\/p>\n<p>Vape-enheden drives af et robust 650mAh genopladeligt batteri og en praktisk Type-C-opladningsport, der sikrer, at du fuldt ud kan udnytte dens utrolige 80.000 pustkapacitet. En indbygget 1.0\u03a9 mesh-coil-teknologi giver et glat og tilfredsstillende MTL-tr\u00e6k, der leverer rig smag og konsekvent damp ved hver brug. Bang DE 80000 er en h\u00f8jtydende, omkostningseffektiv dampningsl\u00f8sning, der tilbyder enest\u00e5ende smag og lang levetid, hvilket g\u00f8r den til en markedsleder for b\u00e5de personlig brug og vape-engros.<\/p>\n<\/div>\n<h6><span style=\"color: #ff0000\">Kontakt venligst Mandys WhatsApp for rabatpris<a style=\"color: #ff0000\" href=\"https:\/\/wa.me\/8618077105796\">+8618077105796<\/a><\/span><\/h6>\n<p><img decoding=\"async\" class=\"alignnone wp-image-2151\" src=\"http:\/\/vapebulkp.com\/wp-content\/uploads\/2024\/04\/Mandy-WhatsApp-Randm.jpg\" alt=\"Mandy WhatsApp Randm\" width=\"271\" height=\"289\" srcset=\"https:\/\/vapebulkp.com\/wp-content\/uploads\/2024\/04\/Mandy-WhatsApp-Randm.jpg 916w, https:\/\/vapebulkp.com\/wp-content\/uploads\/2024\/04\/Mandy-WhatsApp-Randm-282x300.jpg 282w, https:\/\/vapebulkp.com\/wp-content\/uploads\/2024\/04\/Mandy-WhatsApp-Randm-768x817.jpg 768w, https:\/\/vapebulkp.com\/wp-content\/uploads\/2024\/04\/Mandy-WhatsApp-Randm-600x638.jpg 600w\" sizes=\"(max-width: 271px) 100vw, 271px\" \/><\/p>\n<h2><strong>Hvorfor k\u00f8be Bang DE 80k puffs vape-pod hos <a href=\"https:\/\/vapebulkp.com\/da\/\">Vapebulkp.com<\/a>?<\/strong><\/h2>\n<p>Ved at v\u00e6lge Vapebulkp.com for dine Bang DE 80000 Puffs f\u00e5r du den bedste v\u00e6rdi og ro i sindet.<\/p>\n<ul>\n<li><b>Laveste engrospriser:<\/b> Vi specialiserer os i bulkordrer, hvilket garanterer dig de mest konkurrencedygtige priser p\u00e5 markedet.<\/li>\n<li><b>100% autentiske produkter:<\/b> Vi k\u00f8ber direkte fra producenten, s\u00e5 du altid f\u00e5r et \u00e6gte produkt af h\u00f8j kvalitet.<\/li>\n<li><b>Hurtig forsendelse:<\/b> Vores p\u00e5lidelige logistikpartnere sikrer, at din ordre n\u00e5r hurtigt og sikkert frem til dig.<\/li>\n<li><b>Dedikeret support:<\/b> Vores kundeserviceteam er altid klar til at hj\u00e6lpe med eventuelle sp\u00f8rgsm\u00e5l, du m\u00e5tte have.<\/li>\n<\/ul>\n<div class=\"faqs-answer\">\n<h2 data-start=\"55\" data-end=\"63\">Ofte stillede sp\u00f8rgsm\u00e5l om Bulk Vape Bang DE 80000 Puff:<\/h2>\n<p><b>Sp\u00f8rgsm\u00e5l 1: Hvad g\u00f8r Bang DE 80k Puffs Engangs Vape unik?<\/b><\/p>\n<p><b>Svar 1:<\/b> Den har et unikt <b>3-i-1 smagssystem<\/b> med i alt <b>60 ml e-v\u00e6ske<\/b> (3x20ml pods) og en genopladelig <b>650mAh batteri<\/b>, der giver en utrolig levetid og smagsvariation.<\/p>\n<p><b>Q2: Hvor mange sug kan jeg f\u00e5 fra denne enhed?<\/b><\/p>\n<p><b>A2:<\/b> Bang DE er designet til at levere op til <b>80000 sug<\/b>, hvilket g\u00f8r den til en af de mest langtidsholdbare engangs e-cigaretter p\u00e5 markedet.<\/p>\n<p><b>Q3: Er enheden genopladelig?<\/b><\/p>\n<p><b>A3:<\/b> Ja, den er udstyret med et <b>650mAh batteri<\/b> og en <b>Type-C opladningsport<\/b>, s\u00e5 du nemt kan genoplade den for at t\u00f8mme al e-v\u00e6sken.<\/p>\n<p><b>Q4: Tilbyder dette produkt forskellige smagsvarianter?<\/b><\/p>\n<p><b>A4<\/b> Ja, enheden har et <b>3-i-1 smagspodsystem<\/b>, der giver dig mulighed for at nyde tre forskellige smagsvarianter fra en enkelt enhed.<\/p>\n<p data-start=\"389\" data-end=\"542\"><strong data-start=\"389\" data-end=\"418\">Q5: Hvordan kan jeg spore min ordre?<\/strong><br data-start=\"418\" data-end=\"421\" \/><strong data-start=\"173\" data-end=\"179\">A5:<\/strong>N\u00e5r din ordre er afsendt, modtager du et sporingsnummer via e-mail, s\u00e5 du nemt kan overv\u00e5ge pakkens status.<\/p>\n<p data-start=\"544\" data-end=\"699\"><strong data-start=\"544\" data-end=\"574\">Q6: Kan jeg f\u00e5 hurtigere forsendelse?<\/strong><br data-start=\"574\" data-end=\"577\" \/><strong data-start=\"173\" data-end=\"179\">A6:<\/strong>For hurtigere levering anbefaler vi, at du bestiller fra vores europ\u00e6iske lager, som tilbyder hurtigere behandling og leveringstider.<\/p>\n<p data-start=\"888\" data-end=\"1079\"><strong data-start=\"888\" data-end=\"950\">Q7: Hvad skal jeg g\u00f8re, hvis jeg modtager et beskadiget eller defekt produkt?<\/strong><br data-start=\"950\" data-end=\"953\" \/><strong data-start=\"173\" data-end=\"179\">A7:<\/strong>Hvis du modtager en beskadiget eller defekt vare, bedes du straks kontakte vores kundeserviceteam for en erstatning eller l\u00f8sning.<\/p>\n<p data-start=\"1081\" data-end=\"1235\"><strong data-start=\"1081\" data-end=\"1125\">Q8: Hvordan kan jeg kontakte jeres kundeservice?<\/strong><br data-start=\"1125\" data-end=\"1128\" \/><strong data-start=\"173\" data-end=\"179\">A8:<\/strong>Du kan kontakte os via e-mail, WhatsApp eller via live chat-funktionen p\u00e5 vores hjemmeside for hurtig hj\u00e6lp.<\/p>\n<\/div>\n<h4><\/h4>\n<h2 data-start=\"52\" data-end=\"122\"><strong data-start=\"52\" data-end=\"122\">Engros Vape Bang DE 80000 Sug \u2013 Produktspecifikationer<\/strong><\/h2>\n<table>\n<thead>\n<tr>\n<td>Bang Vape Funktion<\/td>\n<td>Specifikation<\/td>\n<\/tr>\n<\/thead>\n<tbody>\n<tr>\n<td><b>Pust<\/b><\/td>\n<td>Op til 80.000<\/td>\n<\/tr>\n<tr>\n<td><b>E-v\u00e6ske kapacitet<\/b><\/td>\n<td>60ml I alt (3 x 20ml forfyldte pods)<\/td>\n<\/tr>\n<tr>\n<td><b>Smagsvarianter<\/b><\/td>\n<td>3-i-1 Triple Smagsystem (Justerbart)<\/td>\n<\/tr>\n<tr>\n<td><b>Batteri<\/b><\/td>\n<td>650mAh (Genopladeligt)<\/td>\n<\/tr>\n<tr>\n<td><b>Spole<\/b><\/td>\n<td>1.0\u03a9 Mesh-spole (Triple Mesh-spolesystem)<\/td>\n<\/tr>\n<tr>\n<td><b>Opladning<\/b><\/td>\n<td>Type-C-port<\/td>\n<\/tr>\n<tr>\n<td><b>Nikotinstyrke<\/b><\/td>\n<td>0%, 2%, 3%, 5% (Valgmuligheder kan variere)<\/td>\n<\/tr>\n<tr>\n<td><b>Sk\u00e6rm<\/b><\/td>\n<td>Smart LCD-sk\u00e6rm (Viser batteri- og e-v\u00e6skeniveauer)<\/td>\n<\/tr>\n<\/tbody>\n<\/table>\n<h2>Bang DK 80000 Puffs genopladelig engangsvape smagsliste:<\/h2>\n<p class=\"selectable-text copyable-text x15bjb6t x1n2onr6\" dir=\"ltr\">1.Vandmelon is<br \/>\n2.Bl\u00e5b\u00e6r is<br \/>\n3. Bl\u00e5b\u00e6r vandmelon<br \/>\n4. Black Dragon Ice<br \/>\n5. Jordb\u00e6r vandmelon<br \/>\n6. Bl\u00e5b\u00e6r hindb\u00e6r<br \/>\n7. Bl\u00e5b\u00e6r is<br \/>\n8. Vandmelon dragefrugt<br \/>\n9. Bl\u00e5b\u00e6r hindb\u00e6r<br \/>\n10. Vandmelon is<br \/>\n11. Bl\u00e5b\u00e6r hindb\u00e6r<br \/>\n12. Kirseb\u00e6r Cola Ice<\/p>\n<p><span style=\"vertical-align: inherit\">Find flere produkter du m\u00e5ske kan lide:<\/span><em><a href=\"https:\/\/wa.me\/8618077105796\"><span style=\"vertical-align: inherit\">\u00a0K\u00f8b den nu<\/span><\/a><\/em><\/p>\n<p><span style=\"vertical-align: inherit\">Andre Puffs du m\u00e5ske kan lide:<\/span><a href=\"https:\/\/vapebulkp.com\/da\/product\/aivono-fat-bear-80000-puffs-3-flavors-modes-disposable-vape-bulk-wholesale\/\"><span style=\"vertical-align: inherit\">Aivono Fed Bj\u00f8rn 80000 Pust<\/span><\/a><span style=\"vertical-align: inherit\">\u3001<\/span><a href=\"https:\/\/vapebulkp.com\/da\/product\/vozol-rave-40000-puffs-hot-sale-nicotine-salt-disposable-vaporizer\/\"><span style=\"vertical-align: inherit\">Vozol Rave 40000 sug<\/span><\/a><span style=\"vertical-align: inherit\">\/ <\/span><a href=\"https:\/\/vapebulkp.com\/da\/product\/bang-box-80000-puffs-3-in-1-wholesale-vape-supply\/\"><span style=\"vertical-align: inherit\">Bang Box 80000 sug<\/span><\/a><span style=\"vertical-align: inherit\">\/ <\/span><a href=\"https:\/\/vapebulkp.com\/da\/product\/vapme-shisha-30000-puffs-hot-sale-rechargeable-e-cigarette\/\"><span style=\"vertical-align: inherit\">\u00a0Vapme shisha 30000 sug<\/span><\/a><\/p>","protected":false},"excerpt":{"rendered":"<article class=\"text-token-text-primary w-full\" dir=\"auto\" data-testid=\"conversation-turn-10\" data-scroll-anchor=\"true\">\n<div class=\"text-base my-auto mx-auto pb-10 [--thread-content-margin:--spacing(4)] @[37rem]:[--thread-content-margin:--spacing(6)] @[72rem]:[--thread-content-margin:--spacing(16)] px-(--thread-content-margin)\">\n<div class=\"[--thread-content-max-width:32rem] @[34rem]:[--thread-content-max-width:40rem] @[64rem]:[--thread-content-max-width:48rem] mx-auto flex max-w-(--thread-content-max-width) flex-1 text-base gap-4 md:gap-5 lg:gap-6 group\/turn-messages focus-visible:outline-hidden\">\n<div class=\"group\/conversation-turn relative flex w-full min-w-0 flex-col agent-turn\">\n<div class=\"relative flex-col gap-1 md:gap-3\">\n<div class=\"flex max-w-full flex-col grow\">\n<div class=\"min-h-8 text-message relative flex w-full flex-col items-end gap-2 text-start break-words whitespace-normal [.text-message+&amp;]:mt-5\" dir=\"auto\" data-message-author-role=\"assistant\" data-message-id=\"9612def3-530c-4871-9e19-e5f6b9349475\" data-message-model-slug=\"gpt-4o\">\n<div class=\"flex w-full flex-col gap-1 empty:hidden first:pt-[3px]\">\n<div class=\"markdown prose dark:prose-invert w-full break-words light\">\n<p data-start=\"313\" data-end=\"481\">F\u00e5 vape-boksen Bang DE 80000 Puffs, en holdbar genopladelig engangsvape. Med tre smagsvarianter i \u00e9n enhed og en massiv 60 ml e-juice kapacitet for endel\u00f8s dampning. Billige bulkpriser er tilg\u00e6ngelige.<\/p>\n<\/div>\n<\/div>\n<\/div>\n<\/div>\n<\/div>\n<\/div>\n<\/div>\n<\/div>\n<\/article>\n<p>Kontakt venligst Mandys WhatsApp for rabatpris\ud83d\udcf1<span style=\"color: #ff0000\"><a style=\"color: #ff0000\" href=\"https:\/\/wa.me\/8618077105796\">+8618077105796<\/a><\/span><\/p>\n<p><img decoding=\"async\" class=\"alignnone wp-image-2151\" src=\"http:\/\/vapebulkp.com\/wp-content\/uploads\/2024\/04\/Mandy-WhatsApp-Randm.jpg\" alt=\"Mandy WhatsApp Randm\" width=\"297\" height=\"316\" srcset=\"https:\/\/vapebulkp.com\/wp-content\/uploads\/2024\/04\/Mandy-WhatsApp-Randm.jpg 916w, https:\/\/vapebulkp.com\/wp-content\/uploads\/2024\/04\/Mandy-WhatsApp-Randm-282x300.jpg 282w, https:\/\/vapebulkp.com\/wp-content\/uploads\/2024\/04\/Mandy-WhatsApp-Randm-768x817.jpg 768w, https:\/\/vapebulkp.com\/wp-content\/uploads\/2024\/04\/Mandy-WhatsApp-Randm-600x638.jpg 600w\" sizes=\"(max-width: 297px) 100vw, 297px\" \/><\/p>\n<p><span style=\"color: #ff0000\">BEM\u00c6RK: Priserne p\u00e5 vores hjemmeside inkluderer ikke forsendelsesomkostninger<\/span><\/p>\n<p>Hoved\u00e5rsag til k\u00f8b<br \/>\n1. Fremragende kvalitet og uovertruffen ydeevne.<\/p>\n<p>2. Konkurrencedygtig pris og hurtig v\u00e6rdi.<\/p>\n<p>3. Flere muligheder og rettidig levering.<\/p>\n<p>4. En tilfredsstillende shoppingoplevelse<\/p>","protected":false},"featured_media":4088,"comment_status":"open","ping_status":"closed","template":"","meta":{"_uag_custom_page_level_css":"","_lmt_disableupdate":"no","_lmt_disable":"","site-sidebar-layout":"default","site-content-layout":"content-boxed-container","ast-site-content-layout":"normal-width-container","site-content-style":"boxed","site-sidebar-style":"unboxed","ast-global-header-display":"","ast-banner-title-visibility":"","ast-main-header-display":"","ast-hfb-above-header-display":"","ast-hfb-below-header-display":"","ast-hfb-mobile-header-display":"","site-post-title":"","ast-breadcrumbs-content":"","ast-featured-img":"","footer-sml-layout":"","theme-transparent-header-meta":"default","adv-header-id-meta":"","stick-header-meta":"","header-above-stick-meta":"","header-main-stick-meta":"","header-below-stick-meta":"","astra-migrate-meta-layouts":"set","_joinchat":[]},"product_cat":[247,153,345,155,33,59,100,87,34,158,157,154,152,58,84,156,63,32],"product_tag":[36,37,41,40],"class_list":["post-4090","product","type-product","status-publish","has-post-thumbnail","hentry","product_cat-80000-puffs-disposable-vape","product_cat-hot-disposable-vapes","product_cat-bang-vapes","product_cat-belgium-hot-disposable-vapes","product_cat-france-vape-hot-sale","product_cat-germany-hot-disposable-vape","product_cat-germany-wholesale-vape-shop","product_cat-minimum-order-quantity-50pcs","product_cat-netherlands-vape-good-sale","product_cat-norway-hot-disposable-vapes","product_cat-poland-hot-disposable-vapes","product_cat-portugal-hot-disposable-vapes","product_cat-spain-hot-disposable-vapes","product_cat-sweden-hot-disposable-vape","product_cat-sweden-wholesale-vape","product_cat-switzerland-hot-disposable-vapes","product_cat-top-sale-disposable-vape","product_cat-vape-hot-sale-this-week","product_tag-good-vape","product_tag-hot-sale-disposable-vape","product_tag-poland-hot-vape","product_tag-sweden-hot-vape","pa_brand-bang-vape","desktop-align-left","tablet-align-left","mobile-align-left"],"yoast_head":"<!-- This site is optimized with the Yoast SEO plugin v21.1 - https:\/\/yoast.com\/wordpress\/plugins\/seo\/ -->\n<title>Buy Bang DE 80000 Puffs Disposable Vape Cheap Price for Bulk Order - vapebulkp.com<\/title>\n<meta name=\"description\" content=\"Get the Bang DE 80000 Puffs Disposable Vape with 3-in-1 Triple Flavor Vape, 60ml e-liquid, and 650mAh rechargeable disposable vape battery. Fast EU shipping \u2014 order wholesale now!\" \/>\n<meta name=\"robots\" content=\"index, follow, max-snippet:-1, max-image-preview:large, max-video-preview:-1\" \/>\n<link rel=\"canonical\" href=\"https:\/\/vapebulkp.com\/da\/product\/buy-bang-de-80000-puffs-disposable-vape-cheap-price-for-bulk-order\/\" \/>\n<meta property=\"og:locale\" content=\"da_DK\" \/>\n<meta property=\"og:type\" content=\"article\" \/>\n<meta property=\"og:title\" content=\"Buy Bang DE 80000 Puffs Disposable Vape Cheap Price for Bulk Order - vapebulkp.com\" \/>\n<meta property=\"og:description\" content=\"Get the Bang DE 80000 Puffs Disposable Vape with 3-in-1 Triple Flavor Vape, 60ml e-liquid, and 650mAh rechargeable disposable vape battery. Fast EU shipping \u2014 order wholesale now!\" \/>\n<meta property=\"og:url\" content=\"https:\/\/vapebulkp.com\/da\/product\/buy-bang-de-80000-puffs-disposable-vape-cheap-price-for-bulk-order\/\" \/>\n<meta property=\"og:site_name\" content=\"vapebulkp.com\" \/>\n<meta property=\"article:modified_time\" content=\"2025-09-24T03:31:10+00:00\" \/>\n<meta property=\"og:image\" content=\"http:\/\/vapebulkp.com\/wp-content\/uploads\/2025\/08\/Shop-Bang-DE-80000-Puffs-Disposable-Vape-at-Cheap-Wholesale-Price.webp\" \/>\n\t<meta property=\"og:image:width\" content=\"800\" \/>\n\t<meta property=\"og:image:height\" content=\"800\" \/>\n\t<meta property=\"og:image:type\" content=\"image\/webp\" \/>\n<meta name=\"twitter:card\" content=\"summary_large_image\" \/>\n<meta name=\"twitter:label1\" content=\"Estimeret l\u00e6setid\" \/>\n\t<meta name=\"twitter:data1\" content=\"4 minutter\" \/>\n<script type=\"application\/ld+json\" class=\"yoast-schema-graph\">{\"@context\":\"https:\/\/schema.org\",\"@graph\":[{\"@type\":\"WebPage\",\"@id\":\"https:\/\/vapebulkp.com\/product\/buy-bang-de-80000-puffs-disposable-vape-cheap-price-for-bulk-order\/\",\"url\":\"https:\/\/vapebulkp.com\/product\/buy-bang-de-80000-puffs-disposable-vape-cheap-price-for-bulk-order\/\",\"name\":\"Buy Bang DE 80000 Puffs Disposable Vape Cheap Price for Bulk Order - vapebulkp.com\",\"isPartOf\":{\"@id\":\"https:\/\/vapebulkp.com\/#website\"},\"datePublished\":\"2025-08-13T03:52:14+00:00\",\"dateModified\":\"2025-09-24T03:31:10+00:00\",\"description\":\"Get the Bang DE 80000 Puffs Disposable Vape with 3-in-1 Triple Flavor Vape, 60ml e-liquid, and 650mAh rechargeable disposable vape battery. Fast EU shipping \u2014 order wholesale now!\",\"breadcrumb\":{\"@id\":\"https:\/\/vapebulkp.com\/product\/buy-bang-de-80000-puffs-disposable-vape-cheap-price-for-bulk-order\/#breadcrumb\"},\"inLanguage\":\"da-DK\",\"potentialAction\":[{\"@type\":\"ReadAction\",\"target\":[\"https:\/\/vapebulkp.com\/product\/buy-bang-de-80000-puffs-disposable-vape-cheap-price-for-bulk-order\/\"]}]},{\"@type\":\"BreadcrumbList\",\"@id\":\"https:\/\/vapebulkp.com\/product\/buy-bang-de-80000-puffs-disposable-vape-cheap-price-for-bulk-order\/#breadcrumb\",\"itemListElement\":[{\"@type\":\"ListItem\",\"position\":1,\"name\":\"Home\",\"item\":\"https:\/\/vapebulkp.com\/\"},{\"@type\":\"ListItem\",\"position\":2,\"name\":\"Hot Trend Vapes\",\"item\":\"https:\/\/vapebulkp.com\/vape-shop\/\"},{\"@type\":\"ListItem\",\"position\":3,\"name\":\"Buy Bang DE 80000 Puffs Disposable Vape Cheap Price for Bulk Order\"}]},{\"@type\":\"WebSite\",\"@id\":\"https:\/\/vapebulkp.com\/#website\",\"url\":\"https:\/\/vapebulkp.com\/\",\"name\":\"vapebulkp.com\",\"description\":\"Buy Vape In Cheap Bulk Price Near you\",\"publisher\":{\"@id\":\"https:\/\/vapebulkp.com\/#organization\"},\"potentialAction\":[{\"@type\":\"SearchAction\",\"target\":{\"@type\":\"EntryPoint\",\"urlTemplate\":\"https:\/\/vapebulkp.com\/?s={search_term_string}\"},\"query-input\":\"required name=search_term_string\"}],\"inLanguage\":\"da-DK\"},{\"@type\":\"Organization\",\"@id\":\"https:\/\/vapebulkp.com\/#organization\",\"name\":\"vapebulkp.com\",\"url\":\"https:\/\/vapebulkp.com\/\",\"logo\":{\"@type\":\"ImageObject\",\"inLanguage\":\"da-DK\",\"@id\":\"https:\/\/vapebulkp.com\/#\/schema\/logo\/image\/\",\"url\":\"https:\/\/vapebulkp.com\/wp-content\/uploads\/2023\/09\/cropped-vapebulkp.png\",\"contentUrl\":\"https:\/\/vapebulkp.com\/wp-content\/uploads\/2023\/09\/cropped-vapebulkp.png\",\"width\":516,\"height\":163,\"caption\":\"vapebulkp.com\"},\"image\":{\"@id\":\"https:\/\/vapebulkp.com\/#\/schema\/logo\/image\/\"}}]}<\/script>\n<!-- \/ Yoast SEO plugin. -->","yoast_head_json":{"title":"Buy Bang DE 80000 Puffs Disposable Vape Cheap Price for Bulk Order - vapebulkp.com","description":"Get the Bang DE 80000 Puffs Disposable Vape with 3-in-1 Triple Flavor Vape, 60ml e-liquid, and 650mAh rechargeable disposable vape battery. Fast EU shipping \u2014 order wholesale now!","robots":{"index":"index","follow":"follow","max-snippet":"max-snippet:-1","max-image-preview":"max-image-preview:large","max-video-preview":"max-video-preview:-1"},"canonical":"https:\/\/vapebulkp.com\/da\/product\/buy-bang-de-80000-puffs-disposable-vape-cheap-price-for-bulk-order\/","og_locale":"da_DK","og_type":"article","og_title":"Buy Bang DE 80000 Puffs Disposable Vape Cheap Price for Bulk Order - vapebulkp.com","og_description":"Get the Bang DE 80000 Puffs Disposable Vape with 3-in-1 Triple Flavor Vape, 60ml e-liquid, and 650mAh rechargeable disposable vape battery. Fast EU shipping \u2014 order wholesale now!","og_url":"https:\/\/vapebulkp.com\/da\/product\/buy-bang-de-80000-puffs-disposable-vape-cheap-price-for-bulk-order\/","og_site_name":"vapebulkp.com","article_modified_time":"2025-09-24T03:31:10+00:00","og_image":[{"width":800,"height":800,"url":"http:\/\/vapebulkp.com\/wp-content\/uploads\/2025\/08\/Shop-Bang-DE-80000-Puffs-Disposable-Vape-at-Cheap-Wholesale-Price.webp","type":"image\/webp"}],"twitter_card":"summary_large_image","twitter_misc":{"Estimeret l\u00e6setid":"4 minutter"},"schema":{"@context":"https:\/\/schema.org","@graph":[{"@type":"WebPage","@id":"https:\/\/vapebulkp.com\/product\/buy-bang-de-80000-puffs-disposable-vape-cheap-price-for-bulk-order\/","url":"https:\/\/vapebulkp.com\/product\/buy-bang-de-80000-puffs-disposable-vape-cheap-price-for-bulk-order\/","name":"Buy Bang DE 80000 Puffs Disposable Vape Cheap Price for Bulk Order - vapebulkp.com","isPartOf":{"@id":"https:\/\/vapebulkp.com\/#website"},"datePublished":"2025-08-13T03:52:14+00:00","dateModified":"2025-09-24T03:31:10+00:00","description":"Get the Bang DE 80000 Puffs Disposable Vape with 3-in-1 Triple Flavor Vape, 60ml e-liquid, and 650mAh rechargeable disposable vape battery. Fast EU shipping \u2014 order wholesale now!","breadcrumb":{"@id":"https:\/\/vapebulkp.com\/product\/buy-bang-de-80000-puffs-disposable-vape-cheap-price-for-bulk-order\/#breadcrumb"},"inLanguage":"da-DK","potentialAction":[{"@type":"ReadAction","target":["https:\/\/vapebulkp.com\/product\/buy-bang-de-80000-puffs-disposable-vape-cheap-price-for-bulk-order\/"]}]},{"@type":"BreadcrumbList","@id":"https:\/\/vapebulkp.com\/product\/buy-bang-de-80000-puffs-disposable-vape-cheap-price-for-bulk-order\/#breadcrumb","itemListElement":[{"@type":"ListItem","position":1,"name":"Home","item":"https:\/\/vapebulkp.com\/"},{"@type":"ListItem","position":2,"name":"Hot Trend Vapes","item":"https:\/\/vapebulkp.com\/vape-shop\/"},{"@type":"ListItem","position":3,"name":"Buy Bang DE 80000 Puffs Disposable Vape Cheap Price for Bulk Order"}]},{"@type":"WebSite","@id":"https:\/\/vapebulkp.com\/#website","url":"https:\/\/vapebulkp.com\/","name":"vapebulkp.com","description":"Buy Vape In Cheap Bulk Price Near you","publisher":{"@id":"https:\/\/vapebulkp.com\/#organization"},"potentialAction":[{"@type":"SearchAction","target":{"@type":"EntryPoint","urlTemplate":"https:\/\/vapebulkp.com\/?s={search_term_string}"},"query-input":"required name=search_term_string"}],"inLanguage":"da-DK"},{"@type":"Organization","@id":"https:\/\/vapebulkp.com\/#organization","name":"vapebulkp.com","url":"https:\/\/vapebulkp.com\/","logo":{"@type":"ImageObject","inLanguage":"da-DK","@id":"https:\/\/vapebulkp.com\/#\/schema\/logo\/image\/","url":"https:\/\/vapebulkp.com\/wp-content\/uploads\/2023\/09\/cropped-vapebulkp.png","contentUrl":"https:\/\/vapebulkp.com\/wp-content\/uploads\/2023\/09\/cropped-vapebulkp.png","width":516,"height":163,"caption":"vapebulkp.com"},"image":{"@id":"https:\/\/vapebulkp.com\/#\/schema\/logo\/image\/"}}]}},"uagb_featured_image_src":{"full":["https:\/\/vapebulkp.com\/wp-content\/uploads\/2025\/08\/Shop-Bang-DE-80000-Puffs-Disposable-Vape-at-Cheap-Wholesale-Price.webp",800,800,false],"thumbnail":["https:\/\/vapebulkp.com\/wp-content\/uploads\/2025\/08\/Shop-Bang-DE-80000-Puffs-Disposable-Vape-at-Cheap-Wholesale-Price-150x150.webp",150,150,true],"medium":["https:\/\/vapebulkp.com\/wp-content\/uploads\/2025\/08\/Shop-Bang-DE-80000-Puffs-Disposable-Vape-at-Cheap-Wholesale-Price-300x300.webp",300,300,true],"medium_large":["https:\/\/vapebulkp.com\/wp-content\/uploads\/2025\/08\/Shop-Bang-DE-80000-Puffs-Disposable-Vape-at-Cheap-Wholesale-Price-768x768.webp",768,768,true],"large":["https:\/\/vapebulkp.com\/wp-content\/uploads\/2025\/08\/Shop-Bang-DE-80000-Puffs-Disposable-Vape-at-Cheap-Wholesale-Price.webp",800,800,false],"1536x1536":["https:\/\/vapebulkp.com\/wp-content\/uploads\/2025\/08\/Shop-Bang-DE-80000-Puffs-Disposable-Vape-at-Cheap-Wholesale-Price.webp",800,800,false],"2048x2048":["https:\/\/vapebulkp.com\/wp-content\/uploads\/2025\/08\/Shop-Bang-DE-80000-Puffs-Disposable-Vape-at-Cheap-Wholesale-Price.webp",800,800,false],"trp-custom-language-flag":["https:\/\/vapebulkp.com\/wp-content\/uploads\/2025\/08\/Shop-Bang-DE-80000-Puffs-Disposable-Vape-at-Cheap-Wholesale-Price.webp",12,12,false],"woocommerce_thumbnail":["https:\/\/vapebulkp.com\/wp-content\/uploads\/2025\/08\/Shop-Bang-DE-80000-Puffs-Disposable-Vape-at-Cheap-Wholesale-Price-300x300.webp",300,300,true],"woocommerce_single":["https:\/\/vapebulkp.com\/wp-content\/uploads\/2025\/08\/Shop-Bang-DE-80000-Puffs-Disposable-Vape-at-Cheap-Wholesale-Price-600x600.webp",600,600,true],"woocommerce_gallery_thumbnail":["https:\/\/vapebulkp.com\/wp-content\/uploads\/2025\/08\/Shop-Bang-DE-80000-Puffs-Disposable-Vape-at-Cheap-Wholesale-Price-100x100.webp",100,100,true],"wcpr-photo-reviews":["https:\/\/vapebulkp.com\/wp-content\/uploads\/2025\/08\/Shop-Bang-DE-80000-Puffs-Disposable-Vape-at-Cheap-Wholesale-Price.webp",500,500,false]},"uagb_author_info":{"display_name":"Mandy vape bulk price","author_link":"https:\/\/vapebulkp.com\/da\/author\/"},"uagb_comment_info":0,"uagb_excerpt":"Get the vape box Bang DE 80000 Puffs, a long-lasting rechargeable disposable vape. Featuring three flavors in one device and a massive 60ml e-juice capacity for endless vaping. Cheap bulk prices available. Pls Contact Mandy's WhatsApp For Discount Price\ud83d\udcf1+8618077105796 NOTE: Prices on our website does not include shipping costs Main reason for purchase 1. Excellent&hellip;","_links":{"self":[{"href":"https:\/\/vapebulkp.com\/da\/wp-json\/wp\/v2\/product\/4090","targetHints":{"allow":["GET"]}}],"collection":[{"href":"https:\/\/vapebulkp.com\/da\/wp-json\/wp\/v2\/product"}],"about":[{"href":"https:\/\/vapebulkp.com\/da\/wp-json\/wp\/v2\/types\/product"}],"replies":[{"embeddable":true,"href":"https:\/\/vapebulkp.com\/da\/wp-json\/wp\/v2\/comments?post=4090"}],"wp:featuredmedia":[{"embeddable":true,"href":"https:\/\/vapebulkp.com\/da\/wp-json\/wp\/v2\/media\/4088"}],"wp:attachment":[{"href":"https:\/\/vapebulkp.com\/da\/wp-json\/wp\/v2\/media?parent=4090"}],"wp:term":[{"taxonomy":"product_cat","embeddable":true,"href":"https:\/\/vapebulkp.com\/da\/wp-json\/wp\/v2\/product_cat?post=4090"},{"taxonomy":"product_tag","embeddable":true,"href":"https:\/\/vapebulkp.com\/da\/wp-json\/wp\/v2\/product_tag?post=4090"}],"curies":[{"name":"wp","href":"https:\/\/api.w.org\/{rel}","templated":true}]}}