{"id":4106,"date":"2025-08-14T05:55:48","date_gmt":"2025-08-14T03:55:48","guid":{"rendered":"https:\/\/vapebulkp.com\/?post_type=product&#038;p=4106"},"modified":"2025-09-24T05:12:19","modified_gmt":"2025-09-24T03:12:19","slug":"wholesale-bang-legend-120000-puffs-disposable-vape-bulk-price","status":"publish","type":"product","link":"https:\/\/vapebulkp.com\/da\/product\/wholesale-bang-legend-120000-puffs-disposable-vape-bulk-price\/","title":{"rendered":"Engros Bang Legend 120000 Pust Engangsvape Massepris"},"content":{"rendered":"<h2>Engros Bang Legend 120000 Pust Engangsvape Massepris<\/h2>\n<div class=\"pointer-events-none h-px w-px\" aria-hidden=\"true\" data-edge=\"true\">\n<p>Den engros Vape Bang Legend 120000 Puffs, det er en revolution inden for engangsvape-teknologi. Denne enhed er konstrueret til monumental levetid og smag og er klar til at blive en tops\u00e6lger. Den har et banebrydende 5-i-1 smagssystem, forfyldt med en massiv 40 ml premium e-v\u00e6ske. Dette innovative design tilbyder uovertruffen smagsvariation i en enkelt enhed, eliminerer smagsm\u00e6thed og sikrer kundeloyalitet.<\/p>\n<p>Et kraftfuldt 650mAh genopladeligt batteri og en praktisk Type-C opladningsport sikrer, at du f\u00e5r fuld brug af den utrolige 120.000 pust kapacitet. Den avancerede 1.0\u03a9 mesh coil teknologi leverer konsekvent rig, glat damp, hvilket giver en fejlfri Mouth-to-Lung (MTL) tr\u00e6k hver gang.<\/p>\n<p>For detailhandlere er Bang Legend et strategisk aktiv. Du kan drage fordel af vores konkurrencedygtige engrospris p\u00e5 vape og garanteret \u00e6gthed. Bang Legend <a href=\"https:\/\/vapebulkp.com\/da\/product-category\/120000-puffs-disposable-vape\/\">120000 Puffs Engangsvape<\/a> forenkler lagerbeholdningen og tilbyder et premium produkt, der vil tiltr\u00e6kke nye kunder og \u00f8ge gentagne forretninger.<\/p>\n<\/div>\n<h6><span style=\"color: #ff0000\">Kontakt venligst Mandys WhatsApp for rabatpris<a style=\"color: #ff0000\" href=\"https:\/\/wa.me\/8618077105796\">+8618077105796<\/a><\/span><\/h6>\n<p><img decoding=\"async\" class=\"alignnone wp-image-2151\" src=\"http:\/\/vapebulkp.com\/wp-content\/uploads\/2024\/04\/Mandy-WhatsApp-Randm.jpg\" alt=\"Mandy WhatsApp Randm\" width=\"271\" height=\"289\" srcset=\"https:\/\/vapebulkp.com\/wp-content\/uploads\/2024\/04\/Mandy-WhatsApp-Randm.jpg 916w, https:\/\/vapebulkp.com\/wp-content\/uploads\/2024\/04\/Mandy-WhatsApp-Randm-282x300.jpg 282w, https:\/\/vapebulkp.com\/wp-content\/uploads\/2024\/04\/Mandy-WhatsApp-Randm-768x817.jpg 768w, https:\/\/vapebulkp.com\/wp-content\/uploads\/2024\/04\/Mandy-WhatsApp-Randm-600x638.jpg 600w\" sizes=\"(max-width: 271px) 100vw, 271px\" \/><\/p>\n<h2><strong>Hvorfor k\u00f8be E-cigaret Bang Legend 120k Puffs hos <a href=\"https:\/\/vapebulkp.com\/da\/\">Vapebulkp.com<\/a>?<\/strong><\/h2>\n<p>At v\u00e6lge Vapebulkp.com til din <b>Bang Legend 120000 Puffs<\/b> Vape Box tilbyder en premium k\u00f8bsoplevelse med uovertruffen v\u00e6rdi.<\/p>\n<ul>\n<li><b>Bedste engrospriser:<\/b> Vi specialiserer os i engros, hvilket garanterer dig de laveste priser p\u00e5 markedet.<\/li>\n<li><b>100% \u00c6gte:<\/b> Vi k\u00f8ber direkte fra producenten og sikrer, at hver enhed er \u00e6gte.<\/li>\n<li><b>Hurtig<\/b> Vores logistik er optimeret til hurtig og sikker levering over hele verden.<\/li>\n<li><b>Dedikeret support:<\/b> Vores team er altid klar til at hj\u00e6lpe med din ordre, hvilket g\u00f8r processen problemfri.<\/li>\n<\/ul>\n<div class=\"faqs-answer\"><\/div>\n<h4><\/h4>\n<h2 data-start=\"52\" data-end=\"122\"><strong data-start=\"52\" data-end=\"122\">Engros Vape Bang Legend 120000 Puffs \u2013 Produkt specifikationer<\/strong><\/h2>\n<table style=\"height: 364px\" width=\"1111\">\n<thead>\n<tr>\n<td>Antal pust<\/td>\n<td>Enest\u00e5ende <b>120.000 pust<\/b>, der tilbyder en <b>udvidet vaping-rejse<\/b>.<\/td>\n<\/tr>\n<\/thead>\n<tbody>\n<tr>\n<td>E-v\u00e6ske Kapacitet<\/td>\n<td><b>40 ml<\/b> forfyldt, <b>premium e-v\u00e6ske<\/b>.<\/td>\n<\/tr>\n<tr>\n<td>Smagssystem<\/td>\n<td><b>Sofistikeret 5-i-1 smagskammerteknologi<\/b>, der giver uovertruffen variation.<\/td>\n<\/tr>\n<tr>\n<td>Spole teknologi<\/td>\n<td><b>Avanceret 1,0\u03a9 Mesh Coil<\/b>, konstrueret til en <b>luksuri\u00f8s damppr\u00e6station<\/b> og <b>up\u00e5klagelig smagslevering<\/b>.<\/td>\n<\/tr>\n<tr>\n<td>Batteri<\/td>\n<td>A <b>h\u00f8jtydende 650mAh genopladeligt batteri<\/b>, designet til <b>konsekvent, heldagsstr\u00f8m<\/b>.<\/td>\n<\/tr>\n<tr>\n<td>Nikotinstyrke<\/td>\n<td>Tilg\u00e6ngelig i <b>2%,5%<\/b>, der im\u00f8dekommer en bred vifte af pr\u00e6ferencer.<\/td>\n<\/tr>\n<tr>\n<td>Smagsprofiler<\/td>\n<td><b>12 omhyggeligt kuraterede smagskombinationer<\/b>, fremstillet til de mest <b>kr\u00e6sne ganer<\/b>.<\/td>\n<\/tr>\n<tr>\n<td>Sk\u00e6rm<\/td>\n<td>An <b>intelligent LED-sk\u00e6rm<\/b>, der giver <b>realtidsindsigt<\/b> i batterilevetid og e-v\u00e6skeniveauer.<\/td>\n<\/tr>\n<tr>\n<td>Design<\/td>\n<td><b>Elegant, ergonomisk og kompakt formfaktor<\/b> for en \u00e6gte <b>premium oplevelse p\u00e5 farten<\/b>.<\/td>\n<\/tr>\n<\/tbody>\n<\/table>\n<h2>Bang Legend 120000 Puffs Vape Kits smagsliste:<\/h2>\n<p>1. Energidrik \/ Bl\u00e5b\u00e6r Kirseb\u00e6r \/ \u00c6ble Drue \/ Vandmelon Dragefrugt \/ Mamba<\/p>\n<p>2. Energidrik \/ Fersken Is \/ Mango Is \/ Goji B\u00e6r \/ Solb\u00e6r<\/p>\n<p>3. Bl\u00e5b\u00e6r Hindb\u00e6r \/ Fersken Mango Vandmelon \/ Kirseb\u00e6r Cola \/ Drue Bromb\u00e6r Is \/ Mango Fersken Abrikos<\/p>\n<p>4. Bl\u00e5b\u00e6r Hindb\u00e6r \/ Sort Drage Is \/ Rainbow Candy \/ Fuji Is \/ Vandmelon Syrlig Fersken<\/p>\n<p>5. Bl\u00e5b\u00e6r Is \/ Kiwi Passionsfrugt Guava \/ Triple Melon \/ Fersken Ananas \/ Passioneret Kys<\/p>\n<p>6. Bl\u00e5b\u00e6r Is \/ Vandmelon Bubble Gum \/ Syrlig \u00c6ble Hindb\u00e6r \/ Lotus Frugt Mango Melon \/ Passionsfrugt Kiwi Lime<\/p>\n<p>7. Vandmelon Is \/ Blandede B\u00e6r \/ \u00c6ble P\u00e6re \/ Bl\u00e5b\u00e6r Mynte \/ Sommertid<\/p>\n<p>8. Vandmelon Is \/ Jordb\u00e6r Mango \/ California Kirseb\u00e6r \/ Bl\u00e5b\u00e6r Fersken Is \/ Berry Cool<\/p>\n<p>9. Jordb\u00e6r Vandmelon \/ Drue Is \/ Red Mojito \/ Banan Is \/ Citron Lime<\/p>\n<p>10. Jordb\u00e6r Vandmelon \/ Cantaloupe \u00c6ble \/ Cola Is \/ Mango Fersken \/ Love 66<\/p>\n<p>11. Jordb\u00e6r Kiwi \/ Jordb\u00e6r Banan \/ Litchi Is \/ Vandmelon B\u00e6r \/ Passionsfrugt Mango<\/p>\n<p>12. Jordb\u00e6r Kiwi \/ Bl\u00e5b\u00e6r Vandmelon \/ Bear Fudge \/ Bl\u00e5b\u00e6r Bubble Gum \/ Syrlig Mango Ananas<\/p>\n<p><a href=\"https:\/\/vapebulkp.com\/da\/product\/wholesale-vape-okso-60000-puffs-dual-flavor-disposable-device\/\"><span style=\"vertical-align: inherit\">OKSO VAPE 60000 Puffs<\/span><\/a><\/p>\n<p><span style=\"vertical-align: inherit\">Find flere produkter du m\u00e5ske kan lide:<\/span><em><a href=\"https:\/\/wa.me\/8618077105796\"><span style=\"vertical-align: inherit\">\u00a0K\u00f8b den nu<\/span><\/a><\/em><\/p>\n<p><span style=\"vertical-align: inherit\">Andre Puffs du m\u00e5ske kan lide:<\/span><a href=\"https:\/\/vapebulkp.com\/da\/product\/aivono-fat-bear-80000-puffs-3-flavors-modes-disposable-vape-bulk-wholesale\/\"><span style=\"vertical-align: inherit\">Aivono Fed Bj\u00f8rn 80000 Pust<\/span><\/a><span style=\"vertical-align: inherit\">\u3001<\/span><a href=\"https:\/\/vapebulkp.com\/da\/product\/vozol-rave-40000-puffs-hot-sale-nicotine-salt-disposable-vaporizer\/\"><span style=\"vertical-align: inherit\">Vozol Rave 40000 sug<\/span><\/a><span style=\"vertical-align: inherit\">\/ <\/span><a href=\"https:\/\/vapebulkp.com\/da\/product\/bang-box-80000-puffs-3-in-1-wholesale-vape-supply\/\"><span style=\"vertical-align: inherit\">Bang Box 80000 sug<\/span><\/a><span style=\"vertical-align: inherit\">\/ <\/span><a href=\"https:\/\/vapebulkp.com\/da\/product\/vapme-shisha-30000-puffs-hot-sale-rechargeable-e-cigarette\/\"><span style=\"vertical-align: inherit\">\u00a0Vapme shisha 30000 sug<\/span><\/a><\/p>\n<p><a href=\"https:\/\/vapebulkp.com\/da\/product\/fizzy-max-60000-puffs-6-in-1-high-capacity-vaping-device\/\"><span style=\"vertical-align: inherit\">Fizzy Max 60000 sug<\/span><\/a><\/p>\n<div class=\"faqs-answer\">\n<h2 data-start=\"55\" data-end=\"63\">Ofte stillede sp\u00f8rgsm\u00e5l om Bang Legend 120000 Puff:<\/h2>\n<p><b>Sp\u00f8rgsm\u00e5l 1: Hvad g\u00f8r Bang Legend 120000 Puffs unik?<\/b><\/p>\n<p><b>Svar 1:<\/b> Bang Legend er en innovativ engangsvape med en imponerende <b>120.000 pust kapacitet<\/b> og en unik <b>5-i-1 smagskammer system<\/b>. Den er designet til langvarig brug med utrolig smagsvariation, alt sammen i en enkelt, h\u00f8jtydende enhed.<\/p>\n<p><b>Q2: Hvordan fungerer 5-i-1 smagssystemet?<\/b><\/p>\n<p><b>A2:<\/b> Enheden leveres forudfyldt med <b>fem forskellige smagspods<\/b>, i alt 4<b>0 ml e-v\u00e6ske<\/b>. Du kan nemt skifte mellem disse smage med et tryk p\u00e5 en knap eller en simpel drejning, s\u00e5 du kan nyde en ny smag, n\u00e5r du vil<\/p>\n<p><b>Q3: Kan bang vape 120k pust genoplades?<\/b><\/p>\n<p><b>A3:<\/b> Ja, den er udstyret med et 6<b>50mAh batteri<\/b> og en <b>Type-C opladningsport<\/b>, s\u00e5 du nemt kan genoplade den for at t\u00f8mme al e-v\u00e6sken.<\/p>\n<p data-start=\"389\" data-end=\"542\"><strong data-start=\"389\" data-end=\"418\">Q4: Hvordan sporer jeg min ordre?<\/strong><br data-start=\"418\" data-end=\"421\" \/><strong data-start=\"173\" data-end=\"179\">A4<\/strong>N\u00e5r din ordre er afsendt, modtager du et sporingsnummer via e-mail, s\u00e5 du nemt kan overv\u00e5ge pakkens status.<\/p>\n<p data-start=\"544\" data-end=\"699\"><strong data-start=\"544\" data-end=\"574\">Q5: Kan jeg f\u00e5 hurtigere forsendelse?<\/strong><br data-start=\"574\" data-end=\"577\" \/><strong data-start=\"173\" data-end=\"179\">A5:<\/strong>For hurtigere levering anbefaler vi, at du bestiller fra vores europ\u00e6iske lager, som tilbyder hurtigere behandling og leveringstider.<\/p>\n<p data-start=\"888\" data-end=\"1079\"><strong data-start=\"888\" data-end=\"950\">Q6: Hvad skal jeg g\u00f8re, hvis jeg modtager et beskadiget eller defekt produkt?<\/strong><br data-start=\"950\" data-end=\"953\" \/><strong data-start=\"173\" data-end=\"179\">A6:<\/strong>Hvis du modtager en beskadiget eller defekt vare, bedes du straks kontakte vores kundeserviceteam for en erstatning eller l\u00f8sning.<\/p>\n<p data-start=\"1081\" data-end=\"1235\"><strong data-start=\"1081\" data-end=\"1125\">Q7:Hvordan kan jeg kontakte din kundeservice?<\/strong><br data-start=\"1125\" data-end=\"1128\" \/><strong data-start=\"173\" data-end=\"179\">A7:<\/strong>Du kan kontakte os via e-mail, WhatsApp eller via live chat-funktionen p\u00e5 vores hjemmeside for hurtig hj\u00e6lp.<\/p>\n<\/div>","protected":false},"excerpt":{"rendered":"<article class=\"text-token-text-primary w-full\" dir=\"auto\" data-testid=\"conversation-turn-10\" data-scroll-anchor=\"true\">\n<div class=\"text-base my-auto mx-auto pb-10 [--thread-content-margin:--spacing(4)] @[37rem]:[--thread-content-margin:--spacing(6)] @[72rem]:[--thread-content-margin:--spacing(16)] px-(--thread-content-margin)\">\n<div class=\"[--thread-content-max-width:32rem] @[34rem]:[--thread-content-max-width:40rem] @[64rem]:[--thread-content-max-width:48rem] mx-auto flex max-w-(--thread-content-max-width) flex-1 text-base gap-4 md:gap-5 lg:gap-6 group\/turn-messages focus-visible:outline-hidden\">\n<div class=\"group\/conversation-turn relative flex w-full min-w-0 flex-col agent-turn\">\n<div class=\"relative flex-col gap-1 md:gap-3\">\n<div class=\"flex max-w-full flex-col grow\">\n<div class=\"min-h-8 text-message relative flex w-full flex-col items-end gap-2 text-start break-words whitespace-normal [.text-message+&amp;]:mt-5\" dir=\"auto\" data-message-author-role=\"assistant\" data-message-id=\"9612def3-530c-4871-9e19-e5f6b9349475\" data-message-model-slug=\"gpt-4o\">\n<div class=\"flex w-full flex-col gap-1 empty:hidden first:pt-[3px]\">\n<div class=\"markdown prose dark:prose-invert w-full break-words light\">\n<p data-start=\"313\" data-end=\"481\">Bang Legend 120000 Puffs er en genopladelig engangsvape med lang holdbarhed. Nyd 5 smagsvarianter i \u00e9n enhed med en massiv 40 ml e-juice kapacitet. K\u00f8b til billige priser nu!(<span style=\"color: #cc99ff\">Vi tilbyder dette produkt med en minimumsordrem\u00e6ngde p\u00e5 kun 50 stk., hvilket g\u00f8r det nemmere at placere dine massepordrer.<\/span>)<\/p>\n<\/div>\n<\/div>\n<\/div>\n<\/div>\n<\/div>\n<\/div>\n<\/div>\n<\/div>\n<\/article>\n<p>Kontakt venligst Mandys WhatsApp for rabatpris\ud83d\udcf1<span style=\"color: #ff0000\"><a style=\"color: #ff0000\" href=\"https:\/\/wa.me\/8618077105796\">+8618077105796<\/a><\/span><\/p>\n<p><img decoding=\"async\" class=\"alignnone wp-image-2151\" src=\"http:\/\/vapebulkp.com\/wp-content\/uploads\/2024\/04\/Mandy-WhatsApp-Randm.jpg\" alt=\"Mandy WhatsApp Randm\" width=\"297\" height=\"316\" srcset=\"https:\/\/vapebulkp.com\/wp-content\/uploads\/2024\/04\/Mandy-WhatsApp-Randm.jpg 916w, https:\/\/vapebulkp.com\/wp-content\/uploads\/2024\/04\/Mandy-WhatsApp-Randm-282x300.jpg 282w, https:\/\/vapebulkp.com\/wp-content\/uploads\/2024\/04\/Mandy-WhatsApp-Randm-768x817.jpg 768w, https:\/\/vapebulkp.com\/wp-content\/uploads\/2024\/04\/Mandy-WhatsApp-Randm-600x638.jpg 600w\" sizes=\"(max-width: 297px) 100vw, 297px\" \/><\/p>\n<p><span style=\"color: #ff0000\">BEM\u00c6RK: Priserne p\u00e5 vores hjemmeside inkluderer ikke forsendelsesomkostninger<\/span><\/p>\n<p>Hoved\u00e5rsag til k\u00f8b<br \/>\n1. Fremragende kvalitet og uovertruffen ydeevne.<\/p>\n<p>2. Konkurrencedygtig pris og hurtig v\u00e6rdi.<\/p>\n<p>3. Flere muligheder og rettidig levering.<\/p>\n<p>4. En tilfredsstillende shoppingoplevelse<\/p>","protected":false},"featured_media":4102,"comment_status":"open","ping_status":"closed","template":"","meta":{"_uag_custom_page_level_css":"","_lmt_disableupdate":"no","_lmt_disable":"","site-sidebar-layout":"default","site-content-layout":"content-boxed-container","ast-site-content-layout":"normal-width-container","site-content-style":"boxed","site-sidebar-style":"unboxed","ast-global-header-display":"","ast-banner-title-visibility":"","ast-main-header-display":"","ast-hfb-above-header-display":"","ast-hfb-below-header-display":"","ast-hfb-mobile-header-display":"","site-post-title":"","ast-breadcrumbs-content":"","ast-featured-img":"","footer-sml-layout":"","theme-transparent-header-meta":"default","adv-header-id-meta":"","stick-header-meta":"","header-above-stick-meta":"","header-main-stick-meta":"","header-below-stick-meta":"","astra-migrate-meta-layouts":"set","_joinchat":[]},"product_cat":[291,153,345,155,33,59,100,87,34,158,157,154,152,58,84,156,63,32],"product_tag":[36,37,41,40],"class_list":["post-4106","product","type-product","status-publish","has-post-thumbnail","hentry","product_cat-120000-puffs-disposable-vape","product_cat-hot-disposable-vapes","product_cat-bang-vapes","product_cat-belgium-hot-disposable-vapes","product_cat-france-vape-hot-sale","product_cat-germany-hot-disposable-vape","product_cat-germany-wholesale-vape-shop","product_cat-minimum-order-quantity-50pcs","product_cat-netherlands-vape-good-sale","product_cat-norway-hot-disposable-vapes","product_cat-poland-hot-disposable-vapes","product_cat-portugal-hot-disposable-vapes","product_cat-spain-hot-disposable-vapes","product_cat-sweden-hot-disposable-vape","product_cat-sweden-wholesale-vape","product_cat-switzerland-hot-disposable-vapes","product_cat-top-sale-disposable-vape","product_cat-vape-hot-sale-this-week","product_tag-good-vape","product_tag-hot-sale-disposable-vape","product_tag-poland-hot-vape","product_tag-sweden-hot-vape","pa_brand-bang-vape","desktop-align-left","tablet-align-left","mobile-align-left"],"yoast_head":"<!-- This site is optimized with the Yoast SEO plugin v21.1 - https:\/\/yoast.com\/wordpress\/plugins\/seo\/ -->\n<title>Wholesale Bang Legend 120000 Puffs Disposable Vape Bulk Price - vapebulkp.com<\/title>\n<meta name=\"description\" content=\"Wholesale Bang Legend 120000 Puffs Disposable Vape. Features a 5-in-1 flavor system, 40mL e-liquid, and a rechargeable battery. Get the best bulk price for your business.\" \/>\n<meta name=\"robots\" content=\"index, follow, max-snippet:-1, max-image-preview:large, max-video-preview:-1\" \/>\n<link rel=\"canonical\" href=\"https:\/\/vapebulkp.com\/da\/product\/wholesale-bang-legend-120000-puffs-disposable-vape-bulk-price\/\" \/>\n<meta property=\"og:locale\" content=\"da_DK\" \/>\n<meta property=\"og:type\" content=\"article\" \/>\n<meta property=\"og:title\" content=\"Wholesale Bang Legend 120000 Puffs Disposable Vape Bulk Price - vapebulkp.com\" \/>\n<meta property=\"og:description\" content=\"Wholesale Bang Legend 120000 Puffs Disposable Vape. Features a 5-in-1 flavor system, 40mL e-liquid, and a rechargeable battery. Get the best bulk price for your business.\" \/>\n<meta property=\"og:url\" content=\"https:\/\/vapebulkp.com\/da\/product\/wholesale-bang-legend-120000-puffs-disposable-vape-bulk-price\/\" \/>\n<meta property=\"og:site_name\" content=\"vapebulkp.com\" \/>\n<meta property=\"article:modified_time\" content=\"2025-09-24T03:12:19+00:00\" \/>\n<meta property=\"og:image\" content=\"http:\/\/vapebulkp.com\/wp-content\/uploads\/2025\/08\/Wholesale-Vape-Bang-Legend-120K-Puffs-Vape-Pen.webp\" \/>\n\t<meta property=\"og:image:width\" content=\"800\" \/>\n\t<meta property=\"og:image:height\" content=\"800\" \/>\n\t<meta property=\"og:image:type\" content=\"image\/webp\" \/>\n<meta name=\"twitter:card\" content=\"summary_large_image\" \/>\n<meta name=\"twitter:label1\" content=\"Estimeret l\u00e6setid\" \/>\n\t<meta name=\"twitter:data1\" content=\"4 minutter\" \/>\n<script type=\"application\/ld+json\" class=\"yoast-schema-graph\">{\"@context\":\"https:\/\/schema.org\",\"@graph\":[{\"@type\":\"WebPage\",\"@id\":\"https:\/\/vapebulkp.com\/product\/wholesale-bang-legend-120000-puffs-disposable-vape-bulk-price\/\",\"url\":\"https:\/\/vapebulkp.com\/product\/wholesale-bang-legend-120000-puffs-disposable-vape-bulk-price\/\",\"name\":\"Wholesale Bang Legend 120000 Puffs Disposable Vape Bulk Price - vapebulkp.com\",\"isPartOf\":{\"@id\":\"https:\/\/vapebulkp.com\/#website\"},\"datePublished\":\"2025-08-14T03:55:48+00:00\",\"dateModified\":\"2025-09-24T03:12:19+00:00\",\"description\":\"Wholesale Bang Legend 120000 Puffs Disposable Vape. Features a 5-in-1 flavor system, 40mL e-liquid, and a rechargeable battery. Get the best bulk price for your business.\",\"breadcrumb\":{\"@id\":\"https:\/\/vapebulkp.com\/product\/wholesale-bang-legend-120000-puffs-disposable-vape-bulk-price\/#breadcrumb\"},\"inLanguage\":\"da-DK\",\"potentialAction\":[{\"@type\":\"ReadAction\",\"target\":[\"https:\/\/vapebulkp.com\/product\/wholesale-bang-legend-120000-puffs-disposable-vape-bulk-price\/\"]}]},{\"@type\":\"BreadcrumbList\",\"@id\":\"https:\/\/vapebulkp.com\/product\/wholesale-bang-legend-120000-puffs-disposable-vape-bulk-price\/#breadcrumb\",\"itemListElement\":[{\"@type\":\"ListItem\",\"position\":1,\"name\":\"Home\",\"item\":\"https:\/\/vapebulkp.com\/\"},{\"@type\":\"ListItem\",\"position\":2,\"name\":\"Hot Trend Vapes\",\"item\":\"https:\/\/vapebulkp.com\/vape-shop\/\"},{\"@type\":\"ListItem\",\"position\":3,\"name\":\"Wholesale Bang Legend 120000 Puffs Disposable Vape Bulk Price\"}]},{\"@type\":\"WebSite\",\"@id\":\"https:\/\/vapebulkp.com\/#website\",\"url\":\"https:\/\/vapebulkp.com\/\",\"name\":\"vapebulkp.com\",\"description\":\"Buy Vape In Cheap Bulk Price Near you\",\"publisher\":{\"@id\":\"https:\/\/vapebulkp.com\/#organization\"},\"potentialAction\":[{\"@type\":\"SearchAction\",\"target\":{\"@type\":\"EntryPoint\",\"urlTemplate\":\"https:\/\/vapebulkp.com\/?s={search_term_string}\"},\"query-input\":\"required name=search_term_string\"}],\"inLanguage\":\"da-DK\"},{\"@type\":\"Organization\",\"@id\":\"https:\/\/vapebulkp.com\/#organization\",\"name\":\"vapebulkp.com\",\"url\":\"https:\/\/vapebulkp.com\/\",\"logo\":{\"@type\":\"ImageObject\",\"inLanguage\":\"da-DK\",\"@id\":\"https:\/\/vapebulkp.com\/#\/schema\/logo\/image\/\",\"url\":\"https:\/\/vapebulkp.com\/wp-content\/uploads\/2023\/09\/cropped-vapebulkp.png\",\"contentUrl\":\"https:\/\/vapebulkp.com\/wp-content\/uploads\/2023\/09\/cropped-vapebulkp.png\",\"width\":516,\"height\":163,\"caption\":\"vapebulkp.com\"},\"image\":{\"@id\":\"https:\/\/vapebulkp.com\/#\/schema\/logo\/image\/\"}}]}<\/script>\n<!-- \/ Yoast SEO plugin. -->","yoast_head_json":{"title":"Wholesale Bang Legend 120000 Puffs Disposable Vape Bulk Price - vapebulkp.com","description":"Wholesale Bang Legend 120000 Puffs Disposable Vape. Features a 5-in-1 flavor system, 40mL e-liquid, and a rechargeable battery. Get the best bulk price for your business.","robots":{"index":"index","follow":"follow","max-snippet":"max-snippet:-1","max-image-preview":"max-image-preview:large","max-video-preview":"max-video-preview:-1"},"canonical":"https:\/\/vapebulkp.com\/da\/product\/wholesale-bang-legend-120000-puffs-disposable-vape-bulk-price\/","og_locale":"da_DK","og_type":"article","og_title":"Wholesale Bang Legend 120000 Puffs Disposable Vape Bulk Price - vapebulkp.com","og_description":"Wholesale Bang Legend 120000 Puffs Disposable Vape. Features a 5-in-1 flavor system, 40mL e-liquid, and a rechargeable battery. Get the best bulk price for your business.","og_url":"https:\/\/vapebulkp.com\/da\/product\/wholesale-bang-legend-120000-puffs-disposable-vape-bulk-price\/","og_site_name":"vapebulkp.com","article_modified_time":"2025-09-24T03:12:19+00:00","og_image":[{"width":800,"height":800,"url":"http:\/\/vapebulkp.com\/wp-content\/uploads\/2025\/08\/Wholesale-Vape-Bang-Legend-120K-Puffs-Vape-Pen.webp","type":"image\/webp"}],"twitter_card":"summary_large_image","twitter_misc":{"Estimeret l\u00e6setid":"4 minutter"},"schema":{"@context":"https:\/\/schema.org","@graph":[{"@type":"WebPage","@id":"https:\/\/vapebulkp.com\/product\/wholesale-bang-legend-120000-puffs-disposable-vape-bulk-price\/","url":"https:\/\/vapebulkp.com\/product\/wholesale-bang-legend-120000-puffs-disposable-vape-bulk-price\/","name":"Wholesale Bang Legend 120000 Puffs Disposable Vape Bulk Price - vapebulkp.com","isPartOf":{"@id":"https:\/\/vapebulkp.com\/#website"},"datePublished":"2025-08-14T03:55:48+00:00","dateModified":"2025-09-24T03:12:19+00:00","description":"Wholesale Bang Legend 120000 Puffs Disposable Vape. Features a 5-in-1 flavor system, 40mL e-liquid, and a rechargeable battery. Get the best bulk price for your business.","breadcrumb":{"@id":"https:\/\/vapebulkp.com\/product\/wholesale-bang-legend-120000-puffs-disposable-vape-bulk-price\/#breadcrumb"},"inLanguage":"da-DK","potentialAction":[{"@type":"ReadAction","target":["https:\/\/vapebulkp.com\/product\/wholesale-bang-legend-120000-puffs-disposable-vape-bulk-price\/"]}]},{"@type":"BreadcrumbList","@id":"https:\/\/vapebulkp.com\/product\/wholesale-bang-legend-120000-puffs-disposable-vape-bulk-price\/#breadcrumb","itemListElement":[{"@type":"ListItem","position":1,"name":"Home","item":"https:\/\/vapebulkp.com\/"},{"@type":"ListItem","position":2,"name":"Hot Trend Vapes","item":"https:\/\/vapebulkp.com\/vape-shop\/"},{"@type":"ListItem","position":3,"name":"Wholesale Bang Legend 120000 Puffs Disposable Vape Bulk Price"}]},{"@type":"WebSite","@id":"https:\/\/vapebulkp.com\/#website","url":"https:\/\/vapebulkp.com\/","name":"vapebulkp.com","description":"Buy Vape In Cheap Bulk Price Near you","publisher":{"@id":"https:\/\/vapebulkp.com\/#organization"},"potentialAction":[{"@type":"SearchAction","target":{"@type":"EntryPoint","urlTemplate":"https:\/\/vapebulkp.com\/?s={search_term_string}"},"query-input":"required name=search_term_string"}],"inLanguage":"da-DK"},{"@type":"Organization","@id":"https:\/\/vapebulkp.com\/#organization","name":"vapebulkp.com","url":"https:\/\/vapebulkp.com\/","logo":{"@type":"ImageObject","inLanguage":"da-DK","@id":"https:\/\/vapebulkp.com\/#\/schema\/logo\/image\/","url":"https:\/\/vapebulkp.com\/wp-content\/uploads\/2023\/09\/cropped-vapebulkp.png","contentUrl":"https:\/\/vapebulkp.com\/wp-content\/uploads\/2023\/09\/cropped-vapebulkp.png","width":516,"height":163,"caption":"vapebulkp.com"},"image":{"@id":"https:\/\/vapebulkp.com\/#\/schema\/logo\/image\/"}}]}},"uagb_featured_image_src":{"full":["https:\/\/vapebulkp.com\/wp-content\/uploads\/2025\/08\/Wholesale-Vape-Bang-Legend-120K-Puffs-Vape-Pen.webp",800,800,false],"thumbnail":["https:\/\/vapebulkp.com\/wp-content\/uploads\/2025\/08\/Wholesale-Vape-Bang-Legend-120K-Puffs-Vape-Pen-150x150.webp",150,150,true],"medium":["https:\/\/vapebulkp.com\/wp-content\/uploads\/2025\/08\/Wholesale-Vape-Bang-Legend-120K-Puffs-Vape-Pen-300x300.webp",300,300,true],"medium_large":["https:\/\/vapebulkp.com\/wp-content\/uploads\/2025\/08\/Wholesale-Vape-Bang-Legend-120K-Puffs-Vape-Pen-768x768.webp",768,768,true],"large":["https:\/\/vapebulkp.com\/wp-content\/uploads\/2025\/08\/Wholesale-Vape-Bang-Legend-120K-Puffs-Vape-Pen.webp",800,800,false],"1536x1536":["https:\/\/vapebulkp.com\/wp-content\/uploads\/2025\/08\/Wholesale-Vape-Bang-Legend-120K-Puffs-Vape-Pen.webp",800,800,false],"2048x2048":["https:\/\/vapebulkp.com\/wp-content\/uploads\/2025\/08\/Wholesale-Vape-Bang-Legend-120K-Puffs-Vape-Pen.webp",800,800,false],"trp-custom-language-flag":["https:\/\/vapebulkp.com\/wp-content\/uploads\/2025\/08\/Wholesale-Vape-Bang-Legend-120K-Puffs-Vape-Pen.webp",12,12,false],"woocommerce_thumbnail":["https:\/\/vapebulkp.com\/wp-content\/uploads\/2025\/08\/Wholesale-Vape-Bang-Legend-120K-Puffs-Vape-Pen-300x300.webp",300,300,true],"woocommerce_single":["https:\/\/vapebulkp.com\/wp-content\/uploads\/2025\/08\/Wholesale-Vape-Bang-Legend-120K-Puffs-Vape-Pen-600x600.webp",600,600,true],"woocommerce_gallery_thumbnail":["https:\/\/vapebulkp.com\/wp-content\/uploads\/2025\/08\/Wholesale-Vape-Bang-Legend-120K-Puffs-Vape-Pen-100x100.webp",100,100,true],"wcpr-photo-reviews":["https:\/\/vapebulkp.com\/wp-content\/uploads\/2025\/08\/Wholesale-Vape-Bang-Legend-120K-Puffs-Vape-Pen.webp",500,500,false]},"uagb_author_info":{"display_name":"Mandy vape bulk price","author_link":"https:\/\/vapebulkp.com\/da\/author\/"},"uagb_comment_info":0,"uagb_excerpt":"The Bang Legend 120000 Puffs is a long-lasting rechargeable disposable vape. Enjoy 5 flavors in one device with a massive 40ml e-juice capacity. Shop for cheap prices now!(We offer this product with a minimum order quantity of just 50pcs, making it easier to place your bulk orders.) Pls Contact Mandy's WhatsApp For Discount Price\ud83d\udcf1+8618077105796 NOTE:&hellip;","_links":{"self":[{"href":"https:\/\/vapebulkp.com\/da\/wp-json\/wp\/v2\/product\/4106","targetHints":{"allow":["GET"]}}],"collection":[{"href":"https:\/\/vapebulkp.com\/da\/wp-json\/wp\/v2\/product"}],"about":[{"href":"https:\/\/vapebulkp.com\/da\/wp-json\/wp\/v2\/types\/product"}],"replies":[{"embeddable":true,"href":"https:\/\/vapebulkp.com\/da\/wp-json\/wp\/v2\/comments?post=4106"}],"wp:featuredmedia":[{"embeddable":true,"href":"https:\/\/vapebulkp.com\/da\/wp-json\/wp\/v2\/media\/4102"}],"wp:attachment":[{"href":"https:\/\/vapebulkp.com\/da\/wp-json\/wp\/v2\/media?parent=4106"}],"wp:term":[{"taxonomy":"product_cat","embeddable":true,"href":"https:\/\/vapebulkp.com\/da\/wp-json\/wp\/v2\/product_cat?post=4106"},{"taxonomy":"product_tag","embeddable":true,"href":"https:\/\/vapebulkp.com\/da\/wp-json\/wp\/v2\/product_tag?post=4106"}],"curies":[{"name":"wp","href":"https:\/\/api.w.org\/{rel}","templated":true}]}}