{"id":1560,"date":"2023-09-21T05:19:59","date_gmt":"2023-09-21T03:19:59","guid":{"rendered":"https:\/\/vapebulkp.com\/?post_type=product&#038;p=1560"},"modified":"2025-09-08T05:45:47","modified_gmt":"2025-09-08T03:45:47","slug":"wholesale-price-aroma-king-7000puffs-disposable-vape","status":"publish","type":"product","link":"https:\/\/vapebulkp.com\/de\/product\/wholesale-price-aroma-king-7000puffs-disposable-vape\/","title":{"rendered":"Gro\u00dfhandelspreis Aroma King 7000Puffs Einweg-Vape"},"content":{"rendered":"<h2>Gro\u00dfhandelspreis Aroma King 7000Puffs Einweg-Vape<\/h2>\n<p>Der Aroma King 7000 Puffs Einweg-Vape ist ein hochleistungsf\u00e4higer, langlebiger Einweg-Vape, der f\u00fcr europ\u00e4ische Vaping-Enthusiasten entwickelt wurde, die Wert auf Geschmack, Komfort und Zuverl\u00e4ssigkeit legen. Mit einer 0,8\u03a9 Mesh-Coil-Spule liefert er sanften, dichten Dampf f\u00fcr ca. 7.000 Z\u00fcge.<\/p>\n<p>Das Ger\u00e4t ist mit 18 ml hochwertigem Nikotinsalz-Vape vorgef\u00fcllt und bietet befriedigende Z\u00fcge mit Optionen von 2% oder 5% Nikotinst\u00e4rke. Sein ergonomisches Design sorgt f\u00fcr einen bequemen Griff, w\u00e4hrend die kompakte Form es zu einem tragbaren Vape-Pod macht, der leicht in Taschen oder Beutel passt und sich ideal f\u00fcr das Vaping unterwegs eignet.<\/p>\n<p>Mit einem schlanken, benutzerfreundlichen Design bietet der ergonomische Einweg-Vape konstante Leistung und erstklassige Aromen von Frucht- bis Mentholmischungen, die jeden Zug angenehm und geschmackvoll machen. Leicht, gebrauchsfertig und auf Langlebigkeit ausgelegt, ist der 7000 Puffs Einweg-Vape perfekt f\u00fcr den pers\u00f6nlichen Gebrauch oder f\u00fcr Gro\u00dfh\u00e4ndler.<\/p>\n<p><img decoding=\"async\" class=\"alignnone wp-image-1726\" style=\"font-size: 1.1em;font-style: inherit;font-weight: bold\" src=\"http:\/\/vapebulkp.com\/wp-content\/uploads\/2023\/09\/Roma-King-7000-Puffs-Good-Vape.jpg\" alt=\"Roma King 7000 Z\u00fcge Guter Vape\" width=\"284\" height=\"378\" srcset=\"https:\/\/vapebulkp.com\/wp-content\/uploads\/2023\/09\/Roma-King-7000-Puffs-Good-Vape.jpg 1280w, https:\/\/vapebulkp.com\/wp-content\/uploads\/2023\/09\/Roma-King-7000-Puffs-Good-Vape-225x300.jpg 225w, https:\/\/vapebulkp.com\/wp-content\/uploads\/2023\/09\/Roma-King-7000-Puffs-Good-Vape-769x1024.jpg 769w, https:\/\/vapebulkp.com\/wp-content\/uploads\/2023\/09\/Roma-King-7000-Puffs-Good-Vape-768x1022.jpg 768w, https:\/\/vapebulkp.com\/wp-content\/uploads\/2023\/09\/Roma-King-7000-Puffs-Good-Vape-1154x1536.jpg 1154w, https:\/\/vapebulkp.com\/wp-content\/uploads\/2023\/09\/Roma-King-7000-Puffs-Good-Vape-600x799.jpg 600w\" sizes=\"(max-width: 284px) 100vw, 284px\" \/><\/p>\n<h6>Bitte kontaktieren Sie Mandys WhatsApp f\u00fcr einen Rabattpreis<a href=\"https:\/\/wa.me\/8618077105796\">+8618077105796<\/a><\/h6>\n<p><img decoding=\"async\" class=\"alignnone wp-image-2151\" src=\"http:\/\/vapebulkp.com\/wp-content\/uploads\/2024\/04\/Mandy-WhatsApp-Randm.jpg\" alt=\"Mandy WhatsApp Randm\" width=\"303\" height=\"322\" srcset=\"https:\/\/vapebulkp.com\/wp-content\/uploads\/2024\/04\/Mandy-WhatsApp-Randm.jpg 916w, https:\/\/vapebulkp.com\/wp-content\/uploads\/2024\/04\/Mandy-WhatsApp-Randm-282x300.jpg 282w, https:\/\/vapebulkp.com\/wp-content\/uploads\/2024\/04\/Mandy-WhatsApp-Randm-768x817.jpg 768w, https:\/\/vapebulkp.com\/wp-content\/uploads\/2024\/04\/Mandy-WhatsApp-Randm-600x638.jpg 600w\" sizes=\"(max-width: 303px) 100vw, 303px\" \/><\/p>\n<h2><span style=\"vertical-align: inherit\">Dachten Sie, Sie m\u00f6chten \u00fcber Aroma King 7000Puffs Bescheid wissen:<\/span><\/h2>\n<h5 class=\"style-scope ytd-watch-metadata\">1. Wie verwende ich Bulk Buy Aroma King 7000 Puffs Vape Pen?<\/h5>\n<p>Schritt 1. Bevor Sie 7k Z\u00fcge verwenden, ziehen Sie den Kunststoffschlauch ab.<\/p>\n<p>Schritt 2. Warten Sie etwa 3 Minuten, damit der Saft in die Spule im Inneren gelangen kann.<\/p>\n<p>Schritt 3. Genie\u00dfen Sie es<\/p>\n<h5>2. Wie lade ich das Einweg-Vape Aroma King 7000 Z\u00fcge Ger\u00e4t auf?<\/h5>\n<p>Schnellladeger\u00e4te k\u00f6nnen nicht verwendet werden. Die sichere Standardleistung von Einweg-E-Zigaretten betr\u00e4gt 5V 1A.<\/p>\n<p>Jede Ladezeit darf 1 Stunde nicht \u00fcberschreiten, und die sichere Ladezeit betr\u00e4gt eine halbe Stunde.<\/p>\n<p>Hinweis: Nicht \u00fcber Nacht aufladen!<\/p>\n<h5>3. Wie hoch ist die E-Liquid-Kapazit\u00e4t von Aroma King 7000 Puffs WAPE?<\/h5>\n<p>\u2014\u201418ml<\/p>\n<h5>4. Wie viele Z\u00fcge kann ich von diesem Aroma King 7000 Puffs nehmen?<\/h5>\n<p>\u2014\u20137000 Z\u00fcge<\/p>\n<h3><strong><span style=\"vertical-align: inherit\">Aroma King 7000 Puffs Vape Pods Spezifikation:<\/span><br \/>\n<\/strong><\/h3>\n<p>Akku: 850mAh (Typ C)<br \/>\nKapazit\u00e4t: 18 ml<br \/>\nSpule: 0.8 Ohm Mesh<br \/>\nUngef\u00e4hres Saugvolumen: 7000 Z\u00fcge<br \/>\nPlus Nikotinst\u00e4rke: 2%,5%<br \/>\nMindestbestellmenge (MOQ): 50 St\u00fcck<\/p>\n<h3><strong>Gro\u00dfhandelspreis Vape Aroma King 7000Puffs Geschmacksliste:<\/strong><\/h3>\n<p><strong>1. Gemischte Beeren<\/strong><\/p>\n<p><strong>2. Erdbeer-Wassermelone<\/strong><\/p>\n<p><strong>3. Zuckerwatte<\/strong><\/p>\n<p><strong>4.Erdbeere Kiwi<\/strong><\/p>\n<p><strong>5.Mr Blau<\/strong><\/p>\n<p><strong>6.Apfel Pfirsich Birne<\/strong><\/p>\n<p><strong>7.Blaubeere Granatapfel<\/strong><\/p>\n<p><strong>8.Kiwi Passionsfrucht Guave<\/strong><\/p>\n<p><strong>9.Kirsch-Cola<\/strong><\/p>\n<p><strong>10.Pfirsich Blaubeere Bonbon<\/strong><\/p>\n<p><strong>11.Erdbeer-Wassermelone<\/strong><\/p>\n<p><strong>12.Blaue Himbeer-Kirsche<\/strong><\/p>\n<p><strong>13.Blaue Himbeere<\/strong><\/p>\n<p><strong>14.Gummib\u00e4rchen<\/strong><\/p>\n<p><strong>15.Roter Energie-Eis<\/strong><\/p>\n<p><strong>16.Roter Apfel-Eis<\/strong><\/p>\n<p><strong>17.Blaubeere Kaugummi<\/strong><\/p>\n<p><strong>18.Blaue saure Himbeere<\/strong><\/p>\n<p><strong>Skittles<\/strong><\/p>\n<p><a href=\"https:\/\/vapebulkp.com\/de\/product\/wholesale-price-disposable-vape-crystal-600-puffs\/\"><span style=\"vertical-align: inherit\">Guter Verkauf Kristall 600 Z\u00fcge <\/span><\/a><\/p>\n<p><span style=\"vertical-align: inherit\">Finden Sie weitere Produkte, die Ihnen gefallen k\u00f6nnten:<\/span><em><a href=\"https:\/\/wa.me\/8618077105796\"><span style=\"vertical-align: inherit\">\u00a0Jetzt kaufen<\/span><\/a><\/em><\/p>\n<p><span style=\"vertical-align: inherit\">Andere Puffs, die Ihnen gefallen k\u00f6nnten:<\/span><a href=\"https:\/\/vapebulkp.com\/de\/product\/popular-randm-tornado-7000puffs-disposable-vape-best-price\/\"><span style=\"vertical-align: inherit\">RandM Tornado 7000 Z\u00fcge<\/span><\/a><span style=\"vertical-align: inherit\">\u3001<\/span><a href=\"https:\/\/vapebulkp.com\/de\/product\/good-sale-randm-tornado-10000-puffs-plus\/\"><span style=\"vertical-align: inherit\">Tornado 10000 Z\u00fcge<\/span><\/a><span style=\"vertical-align: inherit\">\/ <\/span><a href=\"https:\/\/vapebulkp.com\/de\/product\/popular-kulx-10000puffs-disposable-vape-good-price\/\"><span style=\"vertical-align: inherit\">Kulx 10000 Z\u00fcge<\/span><\/a><span style=\"vertical-align: inherit\">\/ <\/span><a href=\"https:\/\/vapebulkp.com\/de\/product\/wholesale-kulx-8000-puffs-disposable-vape\/\"><span style=\"vertical-align: inherit\">Kulx 8000 Z\u00fcge<\/span><\/a><\/p>\n<p><span style=\"vertical-align: inherit\">E-Zigarettenflasche in Sonderform:<\/span><a href=\"https:\/\/vapebulkp.com\/de\/product\/bang-king-12000puffs\/\"><span style=\"vertical-align: inherit\">Bang King 12000 Z\u00fcge<\/span><\/a><span style=\"vertical-align: inherit\">\/ <\/span><a href=\"https:\/\/vapebulkp.com\/de\/product\/popular-vape-bang-king-15000-puffs-bang-vape\/\"><span style=\"vertical-align: inherit\">Bang King 15000 Z\u00fcge <\/span><\/a><span style=\"vertical-align: inherit\">\/<\/span><a href=\"https:\/\/vapebulkp.com\/de\/product\/bulk-buy-vapetop-sale-breze-7500-puffs-sweden\/\"><span style=\"vertical-align: inherit\">Breze 7500 Z\u00fcge<\/span><\/a><\/p>\n<h4>Versanddetails:<\/h4>\n<p><span style=\"color: #ff6600\">Produktionszeit: 5-10 Werktage<\/span><br \/>\n<span style=\"color: #ff6600\">Versandzeit: 8-14 Werktage<\/span><\/p>\n<p>Alle Produkte in unserem Shop sind 100% original und authentisch. Daher ist eine zehnfache Entsch\u00e4digung f\u00fcr gef\u00e4lschte Waren unsere Gesch\u00e4ftsrichtlinie. Wir verwenden Logistikkan\u00e4le wie UPS\/DHL\/FEDEX\/DPD, um Waren an Sie zu liefern.<\/p>\n<p>F\u00fcr Pakete, die nach Deutschland versandt werden, dauert die Ankunft in der Regel 10 Werktage. Der Versand in europ\u00e4ische L\u00e4nder dauert in der Regel 12 bis 15 Werktage. Wir werden die Logistikinformationen in Echtzeit f\u00fcr Sie aktualisieren.<\/p>\n<h5>Guter Kundendienst:<\/h5>\n<p><span style=\"color: #ff6600\">Hinweis: Keine R\u00fcckerstattung oder Umtausch bei nicht qualit\u00e4tsbezogenen Problemen<\/span><br \/>\n1. Kunden k\u00f6nnen die gew\u00fcnschte Geschmacksrichtung w\u00e4hlen, aber wenn die Geschmacksrichtung nicht vorr\u00e4tig ist, w\u00e4hlt die Produktionsabteilung eine beliebte Geschmacksrichtung als Ersatz. Kunden k\u00f6nnen keine R\u00fcckerstattung oder keinen Umtausch aufgrund der Geschmacksrichtung beantragen.<\/p>\n<p>2. Wenn Qualit\u00e4tsprobleme auftreten, legen Sie bitte spezifische Videos und Bildbeschreibungen vor.<br \/>\nWenn Sie keine Beweise wie Videos und Fotos vorlegen k\u00f6nnen, k\u00f6nnen die Waren nicht ersetzt werden.<\/p>\n<h5>Wissenswertes \u00fcber E-Zigaretten:<\/h5>\n<p>F: Was ist eine elektronische Zigarette (E-Zigarette)?<br \/>\nA: Eine elektronische Zigarette, allgemein als E-Zigarette bekannt, ist ein batteriebetriebenes Ger\u00e4t, das eine fl\u00fcssige L\u00f6sung, die oft Nikotin oder nikotinfreie Substanzen enth\u00e4lt, zum Inhalieren verdampft. Im Gegensatz zu herk\u00f6mmlichen Zigaretten erzeugen E-Zigaretten Dampf anstelle von Rauch.<\/p>\n<p>F: Wie funktionieren E-Zigaretten?<br \/>\nA: E-Zigaretten funktionieren, indem sie das im Pod oder Tank enthaltene E-Liquid erhitzen. Dieser Erhitzungsprozess wandelt die Fl\u00fcssigkeit in Dampf um, den die Nutzer inhalieren. Dieser Dampf enth\u00e4lt Nikotin (in verschiedenen Konzentrationen) und Aromen.<\/p>\n<p>F: Gibt es verschiedene Geschmacksrichtungen f\u00fcr E-Zigaretten?<br \/>\nA: Ja, E-Zigaretten bieten eine gro\u00dfe Auswahl an Geschmacksrichtungen, darunter Frucht, Dessert, Menthol, Tabak und viele andere. Diese vielf\u00e4ltigen Geschmacksoptionen werden den unterschiedlichen Vorlieben gerecht.<\/p>\n<p>F: Welche Nikotinst\u00e4rke sollte ich w\u00e4hlen?<br \/>\nA: Die Wahl der Nikotinst\u00e4rke h\u00e4ngt von den individuellen Rauchgewohnheiten ab. Wer an st\u00e4rkeres Rauchen gew\u00f6hnt ist, kann sich f\u00fcr h\u00f6here Nikotinkonzentrationen entscheiden, w\u00e4hrend leichte Raucher oder diejenigen, die aufh\u00f6ren m\u00f6chten, mit niedrigeren Konzentrationen beginnen k\u00f6nnen.<\/p>\n<p>F: K\u00f6nnen E-Zigaretten bei der Raucherentw\u00f6hnung helfen?<br \/>\nA: Einige Personen greifen auf E-Zigaretten als Hilfsmittel zur Raucherentw\u00f6hnung zur\u00fcck. Sie bieten eine alternative Nikotinquelle und reduzieren gleichzeitig die Exposition gegen\u00fcber sch\u00e4dlichen Substanzen, die in herk\u00f6mmlichen Zigaretten enthalten sind. Der Erfolg der Verwendung von E-Zigaretten zur Raucherentw\u00f6hnung ist jedoch von Person zu Person unterschiedlich. Es ist ratsam, vor der alleinigen Verwendung von E-Zigaretten zur Raucherentw\u00f6hnung den Rat eines Arztes einzuholen.<\/p>\n<p>F: M\u00fcssen E-Zigaretten gewartet werden?<br \/>\nA: Die meisten E-Zigaretten sind wartungsarm konzipiert. Sie k\u00f6nnen Einweg- oder wiederaufladbare Modelle sein. Im Allgemeinen m\u00fcssen Benutzer lediglich die E-Liquid-Kartusche austauschen oder den Akku aufladen, ohne h\u00e4ufig Teile wechseln zu m\u00fcssen.<\/p>\n<p>&nbsp;<\/p>","protected":false},"excerpt":{"rendered":"<p>Wenn Sie den ultimativen Vaping-Komfort suchen, ohne auf Geschmack zu verzichten, ist die Aroma King 7000 Puffs Einweg-E-Zigarette die Antwort. Dieses innovative Ger\u00e4t bietet erstaunliche 8500 Z\u00fcge purer Zufriedenheit in einem eleganten Einwegpaket.<\/p>\n<p><img decoding=\"async\" class=\"alignnone wp-image-2151\" src=\"http:\/\/vapebulkp.com\/wp-content\/uploads\/2024\/04\/Mandy-WhatsApp-Randm.jpg\" alt=\"Mandy WhatsApp Randm\" width=\"289\" height=\"307\" srcset=\"https:\/\/vapebulkp.com\/wp-content\/uploads\/2024\/04\/Mandy-WhatsApp-Randm.jpg 916w, https:\/\/vapebulkp.com\/wp-content\/uploads\/2024\/04\/Mandy-WhatsApp-Randm-282x300.jpg 282w, https:\/\/vapebulkp.com\/wp-content\/uploads\/2024\/04\/Mandy-WhatsApp-Randm-768x817.jpg 768w, https:\/\/vapebulkp.com\/wp-content\/uploads\/2024\/04\/Mandy-WhatsApp-Randm-600x638.jpg 600w\" sizes=\"(max-width: 289px) 100vw, 289px\" \/><\/p>\n<p>Bitte kontaktieren Sie Mandys WhatsApp f\u00fcr einen Rabattpreis<a href=\"https:\/\/wa.me\/8618077105796\">+8618077105796<\/a><\/p>\n<p><span style=\"color: #ff0000\">HINWEIS: Die Preise auf unserer Website enthalten keine Versandkosten<\/span><\/p>","protected":false},"featured_media":1726,"comment_status":"open","ping_status":"closed","template":"","meta":{"_uag_custom_page_level_css":"","_lmt_disableupdate":"no","_lmt_disable":"","site-sidebar-layout":"default","site-content-layout":"content-boxed-container","ast-site-content-layout":"normal-width-container","site-content-style":"boxed","site-sidebar-style":"unboxed","ast-global-header-display":"","ast-banner-title-visibility":"","ast-main-header-display":"","ast-hfb-above-header-display":"","ast-hfb-below-header-display":"","ast-hfb-mobile-header-display":"","site-post-title":"","ast-breadcrumbs-content":"","ast-featured-img":"","footer-sml-layout":"","theme-transparent-header-meta":"default","adv-header-id-meta":"","stick-header-meta":"","header-above-stick-meta":"","header-main-stick-meta":"","header-below-stick-meta":"","astra-migrate-meta-layouts":"set","_joinchat":[]},"product_cat":[170,153,155,33,59,100,34,158,157,154,152,58,84,156,63,32],"product_tag":[54,36,37,41,40,95],"class_list":["post-1560","product","type-product","status-publish","has-post-thumbnail","hentry","product_cat-7000-puffs-disposable-vape","product_cat-hot-disposable-vapes","product_cat-belgium-hot-disposable-vapes","product_cat-france-vape-hot-sale","product_cat-germany-hot-disposable-vape","product_cat-germany-wholesale-vape-shop","product_cat-netherlands-vape-good-sale","product_cat-norway-hot-disposable-vapes","product_cat-poland-hot-disposable-vapes","product_cat-portugal-hot-disposable-vapes","product_cat-spain-hot-disposable-vapes","product_cat-sweden-hot-disposable-vape","product_cat-sweden-wholesale-vape","product_cat-switzerland-hot-disposable-vapes","product_cat-top-sale-disposable-vape","product_cat-vape-hot-sale-this-week","product_tag-7000puffs","product_tag-good-vape","product_tag-hot-sale-disposable-vape","product_tag-poland-hot-vape","product_tag-sweden-hot-vape","product_tag-wholeasle-vape-aroma-king-7000-puffs","desktop-align-left","tablet-align-left","mobile-align-left"],"yoast_head":"<!-- This site is optimized with the Yoast SEO plugin v21.1 - https:\/\/yoast.com\/wordpress\/plugins\/seo\/ -->\n<title>Wholesale Price Aroma King 7000Puffs Disposable Vape - vapebulkp.com<\/title>\n<meta name=\"description\" content=\"Wholesale Price Aroma King 7000Puffs Disposable Vape Elevate your vaping game with the Puffs Disposable E-Cigarette and experience vaping like never before.\" \/>\n<meta name=\"robots\" content=\"index, follow, max-snippet:-1, max-image-preview:large, max-video-preview:-1\" \/>\n<link rel=\"canonical\" href=\"https:\/\/vapebulkp.com\/de\/product\/wholesale-price-aroma-king-7000puffs-disposable-vape\/\" \/>\n<meta property=\"og:locale\" content=\"de_DE\" \/>\n<meta property=\"og:type\" content=\"article\" \/>\n<meta property=\"og:title\" content=\"Wholesale Price Aroma King 7000Puffs Disposable Vape - vapebulkp.com\" \/>\n<meta property=\"og:description\" content=\"Wholesale Price Aroma King 7000Puffs Disposable Vape Elevate your vaping game with the Puffs Disposable E-Cigarette and experience vaping like never before.\" \/>\n<meta property=\"og:url\" content=\"https:\/\/vapebulkp.com\/de\/product\/wholesale-price-aroma-king-7000puffs-disposable-vape\/\" \/>\n<meta property=\"og:site_name\" content=\"vapebulkp.com\" \/>\n<meta property=\"article:modified_time\" content=\"2025-09-08T03:45:47+00:00\" \/>\n<meta property=\"og:image\" content=\"http:\/\/vapebulkp.com\/wp-content\/uploads\/2023\/09\/Roma-King-7000-Puffs-Good-Vape.jpg\" \/>\n\t<meta property=\"og:image:width\" content=\"1280\" \/>\n\t<meta property=\"og:image:height\" content=\"1704\" \/>\n\t<meta property=\"og:image:type\" content=\"image\/jpeg\" \/>\n<meta name=\"twitter:card\" content=\"summary_large_image\" \/>\n<meta name=\"twitter:label1\" content=\"Gesch\u00e4tzte Lesezeit\" \/>\n\t<meta name=\"twitter:data1\" content=\"5\u00a0Minuten\" \/>\n<script type=\"application\/ld+json\" class=\"yoast-schema-graph\">{\"@context\":\"https:\/\/schema.org\",\"@graph\":[{\"@type\":\"WebPage\",\"@id\":\"https:\/\/vapebulkp.com\/product\/wholesale-price-aroma-king-7000puffs-disposable-vape\/\",\"url\":\"https:\/\/vapebulkp.com\/product\/wholesale-price-aroma-king-7000puffs-disposable-vape\/\",\"name\":\"Wholesale Price Aroma King 7000Puffs Disposable Vape - vapebulkp.com\",\"isPartOf\":{\"@id\":\"https:\/\/vapebulkp.com\/#website\"},\"datePublished\":\"2023-09-21T03:19:59+00:00\",\"dateModified\":\"2025-09-08T03:45:47+00:00\",\"description\":\"Wholesale Price Aroma King 7000Puffs Disposable Vape Elevate your vaping game with the Puffs Disposable E-Cigarette and experience vaping like never before.\",\"breadcrumb\":{\"@id\":\"https:\/\/vapebulkp.com\/product\/wholesale-price-aroma-king-7000puffs-disposable-vape\/#breadcrumb\"},\"inLanguage\":\"de\",\"potentialAction\":[{\"@type\":\"ReadAction\",\"target\":[\"https:\/\/vapebulkp.com\/product\/wholesale-price-aroma-king-7000puffs-disposable-vape\/\"]}]},{\"@type\":\"BreadcrumbList\",\"@id\":\"https:\/\/vapebulkp.com\/product\/wholesale-price-aroma-king-7000puffs-disposable-vape\/#breadcrumb\",\"itemListElement\":[{\"@type\":\"ListItem\",\"position\":1,\"name\":\"Home\",\"item\":\"https:\/\/vapebulkp.com\/\"},{\"@type\":\"ListItem\",\"position\":2,\"name\":\"Hot Trend Vapes\",\"item\":\"https:\/\/vapebulkp.com\/vape-shop\/\"},{\"@type\":\"ListItem\",\"position\":3,\"name\":\"Wholesale Price Aroma King 7000Puffs Disposable Vape\"}]},{\"@type\":\"WebSite\",\"@id\":\"https:\/\/vapebulkp.com\/#website\",\"url\":\"https:\/\/vapebulkp.com\/\",\"name\":\"vapebulkp.com\",\"description\":\"Buy Vape In Cheap Bulk Price Near you\",\"publisher\":{\"@id\":\"https:\/\/vapebulkp.com\/#organization\"},\"potentialAction\":[{\"@type\":\"SearchAction\",\"target\":{\"@type\":\"EntryPoint\",\"urlTemplate\":\"https:\/\/vapebulkp.com\/?s={search_term_string}\"},\"query-input\":\"required name=search_term_string\"}],\"inLanguage\":\"de\"},{\"@type\":\"Organization\",\"@id\":\"https:\/\/vapebulkp.com\/#organization\",\"name\":\"vapebulkp.com\",\"url\":\"https:\/\/vapebulkp.com\/\",\"logo\":{\"@type\":\"ImageObject\",\"inLanguage\":\"de\",\"@id\":\"https:\/\/vapebulkp.com\/#\/schema\/logo\/image\/\",\"url\":\"https:\/\/vapebulkp.com\/wp-content\/uploads\/2023\/09\/cropped-vapebulkp.png\",\"contentUrl\":\"https:\/\/vapebulkp.com\/wp-content\/uploads\/2023\/09\/cropped-vapebulkp.png\",\"width\":516,\"height\":163,\"caption\":\"vapebulkp.com\"},\"image\":{\"@id\":\"https:\/\/vapebulkp.com\/#\/schema\/logo\/image\/\"}}]}<\/script>\n<!-- \/ Yoast SEO plugin. -->","yoast_head_json":{"title":"Wholesale Price Aroma King 7000Puffs Disposable Vape - vapebulkp.com","description":"Wholesale Price Aroma King 7000Puffs Disposable Vape Elevate your vaping game with the Puffs Disposable E-Cigarette and experience vaping like never before.","robots":{"index":"index","follow":"follow","max-snippet":"max-snippet:-1","max-image-preview":"max-image-preview:large","max-video-preview":"max-video-preview:-1"},"canonical":"https:\/\/vapebulkp.com\/de\/product\/wholesale-price-aroma-king-7000puffs-disposable-vape\/","og_locale":"de_DE","og_type":"article","og_title":"Wholesale Price Aroma King 7000Puffs Disposable Vape - vapebulkp.com","og_description":"Wholesale Price Aroma King 7000Puffs Disposable Vape Elevate your vaping game with the Puffs Disposable E-Cigarette and experience vaping like never before.","og_url":"https:\/\/vapebulkp.com\/de\/product\/wholesale-price-aroma-king-7000puffs-disposable-vape\/","og_site_name":"vapebulkp.com","article_modified_time":"2025-09-08T03:45:47+00:00","og_image":[{"width":1280,"height":1704,"url":"http:\/\/vapebulkp.com\/wp-content\/uploads\/2023\/09\/Roma-King-7000-Puffs-Good-Vape.jpg","type":"image\/jpeg"}],"twitter_card":"summary_large_image","twitter_misc":{"Gesch\u00e4tzte Lesezeit":"5\u00a0Minuten"},"schema":{"@context":"https:\/\/schema.org","@graph":[{"@type":"WebPage","@id":"https:\/\/vapebulkp.com\/product\/wholesale-price-aroma-king-7000puffs-disposable-vape\/","url":"https:\/\/vapebulkp.com\/product\/wholesale-price-aroma-king-7000puffs-disposable-vape\/","name":"Wholesale Price Aroma King 7000Puffs Disposable Vape - vapebulkp.com","isPartOf":{"@id":"https:\/\/vapebulkp.com\/#website"},"datePublished":"2023-09-21T03:19:59+00:00","dateModified":"2025-09-08T03:45:47+00:00","description":"Wholesale Price Aroma King 7000Puffs Disposable Vape Elevate your vaping game with the Puffs Disposable E-Cigarette and experience vaping like never before.","breadcrumb":{"@id":"https:\/\/vapebulkp.com\/product\/wholesale-price-aroma-king-7000puffs-disposable-vape\/#breadcrumb"},"inLanguage":"de","potentialAction":[{"@type":"ReadAction","target":["https:\/\/vapebulkp.com\/product\/wholesale-price-aroma-king-7000puffs-disposable-vape\/"]}]},{"@type":"BreadcrumbList","@id":"https:\/\/vapebulkp.com\/product\/wholesale-price-aroma-king-7000puffs-disposable-vape\/#breadcrumb","itemListElement":[{"@type":"ListItem","position":1,"name":"Home","item":"https:\/\/vapebulkp.com\/"},{"@type":"ListItem","position":2,"name":"Hot Trend Vapes","item":"https:\/\/vapebulkp.com\/vape-shop\/"},{"@type":"ListItem","position":3,"name":"Wholesale Price Aroma King 7000Puffs Disposable Vape"}]},{"@type":"WebSite","@id":"https:\/\/vapebulkp.com\/#website","url":"https:\/\/vapebulkp.com\/","name":"vapebulkp.com","description":"Buy Vape In Cheap Bulk Price Near you","publisher":{"@id":"https:\/\/vapebulkp.com\/#organization"},"potentialAction":[{"@type":"SearchAction","target":{"@type":"EntryPoint","urlTemplate":"https:\/\/vapebulkp.com\/?s={search_term_string}"},"query-input":"required name=search_term_string"}],"inLanguage":"de"},{"@type":"Organization","@id":"https:\/\/vapebulkp.com\/#organization","name":"vapebulkp.com","url":"https:\/\/vapebulkp.com\/","logo":{"@type":"ImageObject","inLanguage":"de","@id":"https:\/\/vapebulkp.com\/#\/schema\/logo\/image\/","url":"https:\/\/vapebulkp.com\/wp-content\/uploads\/2023\/09\/cropped-vapebulkp.png","contentUrl":"https:\/\/vapebulkp.com\/wp-content\/uploads\/2023\/09\/cropped-vapebulkp.png","width":516,"height":163,"caption":"vapebulkp.com"},"image":{"@id":"https:\/\/vapebulkp.com\/#\/schema\/logo\/image\/"}}]}},"uagb_featured_image_src":{"full":["https:\/\/vapebulkp.com\/wp-content\/uploads\/2023\/09\/Roma-King-7000-Puffs-Good-Vape.jpg",1280,1704,false],"thumbnail":["https:\/\/vapebulkp.com\/wp-content\/uploads\/2023\/09\/Roma-King-7000-Puffs-Good-Vape-150x150.jpg",150,150,true],"medium":["https:\/\/vapebulkp.com\/wp-content\/uploads\/2023\/09\/Roma-King-7000-Puffs-Good-Vape-225x300.jpg",225,300,true],"medium_large":["https:\/\/vapebulkp.com\/wp-content\/uploads\/2023\/09\/Roma-King-7000-Puffs-Good-Vape-768x1022.jpg",768,1022,true],"large":["https:\/\/vapebulkp.com\/wp-content\/uploads\/2023\/09\/Roma-King-7000-Puffs-Good-Vape-769x1024.jpg",769,1024,true],"1536x1536":["https:\/\/vapebulkp.com\/wp-content\/uploads\/2023\/09\/Roma-King-7000-Puffs-Good-Vape-1154x1536.jpg",1154,1536,true],"2048x2048":["https:\/\/vapebulkp.com\/wp-content\/uploads\/2023\/09\/Roma-King-7000-Puffs-Good-Vape.jpg",1280,1704,false],"trp-custom-language-flag":["https:\/\/vapebulkp.com\/wp-content\/uploads\/2023\/09\/Roma-King-7000-Puffs-Good-Vape.jpg",9,12,false],"woocommerce_thumbnail":["https:\/\/vapebulkp.com\/wp-content\/uploads\/2023\/09\/Roma-King-7000-Puffs-Good-Vape-300x300.jpg",300,300,true],"woocommerce_single":["https:\/\/vapebulkp.com\/wp-content\/uploads\/2023\/09\/Roma-King-7000-Puffs-Good-Vape-600x799.jpg",600,799,true],"woocommerce_gallery_thumbnail":["https:\/\/vapebulkp.com\/wp-content\/uploads\/2023\/09\/Roma-King-7000-Puffs-Good-Vape-100x100.jpg",100,100,true],"wcpr-photo-reviews":["https:\/\/vapebulkp.com\/wp-content\/uploads\/2023\/09\/Roma-King-7000-Puffs-Good-Vape.jpg",376,500,false]},"uagb_author_info":{"display_name":"Mandy vape bulk price","author_link":"https:\/\/vapebulkp.com\/de\/author\/"},"uagb_comment_info":1,"uagb_excerpt":"If you're seeking the ultimate vaping convenience without sacrificing flavor, the Roma King 7000 Puffs Disposable E-Cigarette is your answer. This innovative device offers an astounding 8500 puffs of pure satisfaction in a sleek and disposable package. Pls Contact Mandy's WhatsApp For Discount Price+8618077105796 NOTE: Prices on our website does not include shipping costs","_links":{"self":[{"href":"https:\/\/vapebulkp.com\/de\/wp-json\/wp\/v2\/product\/1560","targetHints":{"allow":["GET"]}}],"collection":[{"href":"https:\/\/vapebulkp.com\/de\/wp-json\/wp\/v2\/product"}],"about":[{"href":"https:\/\/vapebulkp.com\/de\/wp-json\/wp\/v2\/types\/product"}],"replies":[{"embeddable":true,"href":"https:\/\/vapebulkp.com\/de\/wp-json\/wp\/v2\/comments?post=1560"}],"wp:featuredmedia":[{"embeddable":true,"href":"https:\/\/vapebulkp.com\/de\/wp-json\/wp\/v2\/media\/1726"}],"wp:attachment":[{"href":"https:\/\/vapebulkp.com\/de\/wp-json\/wp\/v2\/media?parent=1560"}],"wp:term":[{"taxonomy":"product_cat","embeddable":true,"href":"https:\/\/vapebulkp.com\/de\/wp-json\/wp\/v2\/product_cat?post=1560"},{"taxonomy":"product_tag","embeddable":true,"href":"https:\/\/vapebulkp.com\/de\/wp-json\/wp\/v2\/product_tag?post=1560"}],"curies":[{"name":"wp","href":"https:\/\/api.w.org\/{rel}","templated":true}]}}