{"id":1908,"date":"2023-11-30T08:10:32","date_gmt":"2023-11-30T07:10:32","guid":{"rendered":"https:\/\/vapebulkp.com\/?post_type=product&#038;p=1908"},"modified":"2025-09-01T09:22:35","modified_gmt":"2025-09-01T07:22:35","slug":"hazebar-12000-puffs-wholesale-price-vape-new-model-vape","status":"publish","type":"product","link":"https:\/\/vapebulkp.com\/de\/product\/hazebar-12000-puffs-wholesale-price-vape-new-model-vape\/","title":{"rendered":"HAZEBAR 12000 Z\u00fcge Gro\u00dfhandelspreis Vape Neues Modell Vape"},"content":{"rendered":"<h2>HAZEBAR 12000 Z\u00fcge Gro\u00dfhandelspreis Vape Neues Modell Vape<\/h2>\n<p>Der <b>HAZEBAR 12000 Z\u00fcge<\/b> ist eine strategische Erg\u00e4nzung f\u00fcr jeden anspruchsvollen Einzelh\u00e4ndler. Dieses Ger\u00e4t wurde sowohl f\u00fcr Leistung als auch f\u00fcr die Benutzerzufriedenheit entwickelt und setzt einen neuen Ma\u00dfstab f\u00fcr <a href=\"https:\/\/vapebulkp.com\/de\/product-category\/12000-puffs-disposable-vape\/\"><b>12000 Z\u00fcge Einweg-Vape<\/b><\/a> Technologie. Seine fortschrittliche Dual-Widerstands-Mesh-Spule bietet Benutzern die Wahl zwischen einem sanften 1,0-Ohm-Zug oder einem robusten 0,6-Ohm-Dampfaussto\u00df. Dies gew\u00e4hrleistet ein ma\u00dfgeschneidertes und durchweg erstklassiges Erlebnis f\u00fcr jeden Vaper-Typ.<\/p>\n<p>Dieses Vape-Gro\u00dfhandelsger\u00e4t verf\u00fcgt \u00fcber ein hygienisches Strohmundst\u00fcck, eine durchdachte Innovation, die es von herk\u00f6mmlichen E-Zigaretten unterscheidet. Dieses einzigartige Design reduziert den direkten Kontakt und bietet ein saubereres, hygienischeres Erlebnis, das gesundheitsbewusste Verbraucher ansprechen wird. Mit einer betr\u00e4chtlichen <b>12000-Puff<\/b> Kapazit\u00e4t und Nikotinkonzentrationsoptionen von 2% und 5% richtet sich der HAZEBAR an eine breite Palette von Benutzerpr\u00e4ferenzen.<\/p>\n<p>Als vertrauensw\u00fcrdiger Gro\u00dfh\u00e4ndler pr\u00e4sentieren wir ein Produkt, das nicht nur das Vaping-Erlebnis des Benutzers verbessert, sondern auch eine bedeutende Chance f\u00fcr Gesch\u00e4ftswachstum bietet. Der HAZEBAR ist die perfekte Wahl f\u00fcr Einzelh\u00e4ndler, die ihre Produktlinie mit einem erstklassigen, stark nachgefragten Ger\u00e4t bereichern m\u00f6chten.<\/p>\n<p><img decoding=\"async\" class=\"alignnone size-full wp-image-1917\" src=\"http:\/\/vapebulkp.com\/wp-content\/uploads\/2023\/11\/Hazebar-12K-PUFF-VAPE-KIT.jpg\" alt=\"Hazebar 12K PUFF VAPE KIT\" width=\"800\" height=\"800\" \/><\/p>\n<h6 style=\"text-align: left\"><\/h6>\n<h6>Bitte kontaktieren Sie Mandys WhatsApp f\u00fcr einen Rabattpreis<a href=\"https:\/\/wa.me\/8618077105796\">+8618077105796<\/a><\/h6>\n<p><img decoding=\"async\" class=\"alignnone wp-image-2151\" src=\"http:\/\/vapebulkp.com\/wp-content\/uploads\/2024\/04\/Mandy-WhatsApp-Randm.jpg\" alt=\"Mandy WhatsApp Randm\" width=\"281\" height=\"299\" srcset=\"https:\/\/vapebulkp.com\/wp-content\/uploads\/2024\/04\/Mandy-WhatsApp-Randm.jpg 916w, https:\/\/vapebulkp.com\/wp-content\/uploads\/2024\/04\/Mandy-WhatsApp-Randm-282x300.jpg 282w, https:\/\/vapebulkp.com\/wp-content\/uploads\/2024\/04\/Mandy-WhatsApp-Randm-768x817.jpg 768w, https:\/\/vapebulkp.com\/wp-content\/uploads\/2024\/04\/Mandy-WhatsApp-Randm-600x638.jpg 600w\" sizes=\"(max-width: 281px) 100vw, 281px\" \/><\/p>\n<h2><span style=\"vertical-align: inherit\">Dachte, Sie k\u00f6nnten etwas \u00fcber den HAZEBAR 12000 Puff Einweg-VAPE wissen wollen:<\/span><\/h2>\n<p>&nbsp;<\/p>\n<h4 class=\"style-scope ytd-watch-metadata\">1.Wie benutzt man den HAZEBAR 12000 Puff Vape Pen?<\/h4>\n<p>&nbsp;<\/p>\n<p>1. Vor der Verwendung des 12k Puffs den Plastikschlauch herausziehen.<\/p>\n<p>2. Warten Sie etwa 3 Minuten, damit die Fl\u00fcssigkeit in die Spule im Inneren gelangt.<\/p>\n<p>3. Genie\u00dfen Sie es.<\/p>\n<h6>2.Wie l\u00e4dt man das Einweg-Vape-Ger\u00e4t HAZEBAR 12000 Puff auf?<\/h6>\n<p>Schnellladeger\u00e4te k\u00f6nnen nicht verwendet werden. Die sichere Standardleistung von Einweg-E-Zigaretten betr\u00e4gt 5V 1A.<\/p>\n<p>Jede Ladezeit darf 1 Stunde nicht \u00fcberschreiten, und die sichere Ladezeit betr\u00e4gt eine halbe Stunde.<\/p>\n<h6>3.WIE VIELE PUFFS HAT DER HAZEBAR 12000 Puff Einweg-Vape-Pen?<\/h6>\n<p>\u2014-12000 Z\u00fcge<\/p>\n<p><span style=\"color: #ff6600\">Hinweis: Nicht \u00fcber Nacht aufladen!<\/span><\/p>\n<p>&nbsp;<\/p>\n<h4>Vape Gro\u00dfkauf Hazebar 12000 Puff Produktmerkmale:<\/h4>\n<p>Modell:<b>Hazebar 12000 Puff Schlankes Vape<\/b><\/p>\n<p>Z\u00fcge: 12000<br \/>\nAkkukapazit\u00e4t: 850mAh<br \/>\nE-Liquid Volumen: 20ml<br \/>\nNikotingehalt: 2% \/ 5% Nikotinsalz<br \/>\nVerpackung: 10 St\u00fcck in 1 Display-Box<br \/>\nMindestbestellmenge (MOQ):\u00a0<strong>100 St\u00fcck<\/strong><\/p>\n<h3>Vorteile der Hazebar 12000 Puff Sleek Vape:<\/h3>\n<ol>\n<li>Innovativ<\/li>\n<li>Hochwertig<\/li>\n<li>Stilvoll<\/li>\n<li>Dampfproduktion<\/li>\n<li>Einfach zu bedienen<\/li>\n<li>Vorgef\u00fcllt<\/li>\n<li>Wartungsfrei<\/li>\n<li>Diskret<\/li>\n<li>M\u00fchelos<\/li>\n<li>Reichhaltiger Geschmack<\/li>\n<li>Nikotinsalze<\/li>\n<li>Nikotinbefriedigung<\/li>\n<li>Nikotinabgabe<\/li>\n<li>Verbessertes Erlebnis<\/li>\n<\/ol>\n<h3><strong>Was ist die beste Vape <\/strong>HAZEBAR 12000 Zug <strong>Aromen?<\/strong><\/h3>\n<p>1.Wassermeloneneis<\/p>\n<p>2. Wassermelone Erdbeere<\/p>\n<p>3. Mango Pfirsich Wassermelone<\/p>\n<p>4. Heidelbeere Eis<\/p>\n<p>5. Joghurt<\/p>\n<p>6. Zitrone Cola<\/p>\n<p>7. Schwarze Johannisbeere Traube<\/p>\n<p>8. Erdbeere Litschi<\/p>\n<p>9. Kiwi Passionsfrucht Guave<\/p>\n<p>10. Fr\u00fcchtemix<\/p>\n<p><a href=\"https:\/\/vapebulkp.com\/de\/product\/popular-randm-tornado-7000puffs-disposable-vape-best-price\/\">Randm tornado 7000 Z\u00fcge<\/a><\/p>\n<p><span style=\"vertical-align: inherit\">Finden Sie weitere Produkte, die Ihnen gefallen k\u00f6nnten:<\/span><em><a href=\"https:\/\/wa.me\/8618077105796\"><span style=\"vertical-align: inherit\">\u00a0Jetzt kaufen<\/span><\/a><\/em><\/p>\n<p><span style=\"vertical-align: inherit\">Andere Puffs, die Ihnen gefallen k\u00f6nnten:<\/span><a href=\"https:\/\/vapebulkp.com\/de\/product\/good-sale-randm-tornado-10000-puffs-plus\/\"><span style=\"vertical-align: inherit\">RandM 10000 Z\u00fcge<\/span><\/a><span style=\"vertical-align: inherit\">\u2014Mit einer Zugkapazit\u00e4t von 10.000 Z\u00fcgen ist dieses Ger\u00e4t ein Favorit unter den Vaping-Enthusiasten.<\/span><\/p>\n<p><a href=\"https:\/\/vapebulkp.com\/de\/product\/wholesale-randm-tornado-9000-puffs-germany\/\"><span style=\"vertical-align: inherit\">RandM Tornado 9000 Z\u00fcge<\/span><\/a><span style=\"vertical-align: inherit\">\u2014Als beliebteste E-Zigarette bietet Randm 9.000 Z\u00fcge zum Genie\u00dfen<\/span><\/p>\n<p><a href=\"https:\/\/vapebulkp.com\/de\/product\/popular-bang-king-10000-puffs-vape-good-price\/\"><span style=\"vertical-align: inherit\">Bang King 10000 Z\u00fcge<\/span><\/a><span style=\"vertical-align: inherit\">\u2014Bang King ist eine beliebte Marke mit einzigartigen Modellen und 10000 Z\u00fcgen<\/span><\/p>\n<p><a href=\"https:\/\/vapebulkp.com\/de\/product\/bang-king-12000puffs\/\"><span style=\"vertical-align: inherit\">Bang King 12000 Z\u00fcge<\/span><\/a>\u2014-Bang King 12000 Z\u00fcge ist eine beliebte Marke mit einzigartigen Modellen und 12.000 Z\u00fcgen, eine weitere Option zur Verbesserung Ihrer Vaping-Bed\u00fcrfnisse<\/p>\n<p><span style=\"vertical-align: inherit\">E-Zigarettenflasche in Sonderform:<\/span><a href=\"https:\/\/vapebulkp.com\/de\/product\/popular-kulx-10000puffs-disposable-vape-good-price\/\"><span style=\"vertical-align: inherit\">Kulx 10000 Z\u00fcge<\/span><\/a><span style=\"vertical-align: inherit\">\/ <\/span><a href=\"https:\/\/vapebulkp.com\/de\/product\/disposable-vape-crystal-600-puffs\/\"><span style=\"vertical-align: inherit\">Crystal Legend 600 Z\u00fcge<\/span><\/a><span style=\"vertical-align: inherit\">\/<\/span><a href=\"https:\/\/vapebulkp.com\/de\/product\/bang-box-12000puffs-good-vape-sweden-wholesale-price\/\"><span style=\"vertical-align: inherit\">Bang Box Vape 12000 Z\u00fcge<\/span><\/a><\/p>\n<h4>Wissenswertes \u00fcber E-Zigaretten:<\/h4>\n<p>F: Warum laufen E-Zigaretten aus?<br \/>\nA: Das Auslaufen von E-Zigaretten kann durch eine falsche Installation des Verdampferkerns oder eine besch\u00e4digte Dichtung beim Bef\u00fcllen verursacht werden. Achten Sie darauf, das Liquid beim Bef\u00fcllen nicht zu stark einzupressen, und pr\u00fcfen Sie, ob der Dichtungsring intakt ist, was das Auslaufen wirksam reduzieren kann.<\/p>\n<p>F: Warum schmeckt die E-Zigarette verbrannt?<br \/>\nA: Der verbrannte Geschmack wird normalerweise durch das Trockenbrennen des Verdampferkerns oder unzureichendes Liquid verursacht. Es wird empfohlen, den Verdampferkern regelm\u00e4\u00dfig zu ersetzen und f\u00fcr ausreichend Liquid zu sorgen, um ein Trockenbrennen zu vermeiden.<\/p>\n<p>F: Warum l\u00e4sst die Saugleistung von E-Zigaretten nach?<br \/>\nA: Eine schwache Saugleistung kann auf eine unzureichende Akkuleistung, die Alterung des Verdampferkerns oder eine Verstopfung des Verdampferkerns zur\u00fcckzuf\u00fchren sein. Versuchen Sie, den Akku aufzuladen oder den Verdampferkern durch einen neuen zu ersetzen, um das Problem der schwachen Saugleistung zu beheben.<\/p>\n<p>F: Wie reinigt man E-Zigaretten-Ger\u00e4te?<br \/>\nA: Die regelm\u00e4\u00dfige Reinigung Ihres E-Zigaretten-Ger\u00e4ts erh\u00e4lt dessen Leistung und Geschmack. Verwenden Sie ein weiches Tuch, um die Oberfl\u00e4che des Ger\u00e4ts sanft abzuwischen, und Wattest\u00e4bchen, um Anschl\u00fcsse oder interne Oberfl\u00e4chen zu reinigen. Achten Sie dabei darauf, keine Sch\u00e4den zu verursachen.<\/p>\n<p>F: Sind E-Zigaretten gesundheitssch\u00e4dlich?<br \/>\nA: Obwohl E-Zigaretten m\u00f6glicherweise weniger sch\u00e4dliche Substanzen als herk\u00f6mmliche Zigaretten enthalten, bedeutet dies nicht, dass sie v\u00f6llig harmlos sind. Die langfristige Nutzung von E-Zigaretten kann dennoch bestimmte Auswirkungen auf die Gesundheit haben. Es ist am besten, den Gebrauch einzuschr\u00e4nken und den Rat eines Arztes einzuholen.<\/p>\n<h4>Versanddetails:<\/h4>\n<p><span style=\"color: #ff6600\">Produktionszeit: 5-10 Werktage<\/span><br \/>\n<span style=\"color: #ff6600\">Versandzeit: 8-14 Werktage<\/span><\/p>\n<p>Alle Produkte in unserem Shop sind 100% original und authentisch. Daher ist eine zehnfache Entsch\u00e4digung f\u00fcr gef\u00e4lschte Waren unsere Gesch\u00e4ftsrichtlinie. Wir verwenden Logistikkan\u00e4le wie UPS\/DHL\/FEDEX\/DPD, um Waren an Sie zu liefern.<\/p>\n<p>F\u00fcr Pakete, die nach Deutschland versandt werden, dauert die Ankunft in der Regel 10 Werktage. Der Versand in europ\u00e4ische L\u00e4nder dauert in der Regel 12 bis 15 Werktage. Wir werden die Logistikinformationen in Echtzeit f\u00fcr Sie aktualisieren.<\/p>\n<p>Kontaktieren Sie uns und wir k\u00f6nnen Ihnen Hazebar 12000 Z\u00fcge anbieten und Ihr Gesch\u00e4ft auf ein h\u00f6heres Niveau bringen!<\/p>","protected":false},"excerpt":{"rendered":"<p>Durch die Verwendung des HAZEBAR 12000 Puffs Gro\u00dfhandelspreis Vape Neues Modell Vape, wird Ihnen dieses HAZEBAR Vape eine Erfahrung bieten, die Sie noch nie zuvor hatten. Diese E-Zigarette wird Ihre Rauchgewohnheiten verbessern und Ihnen den Genuss erm\u00f6glichen.<\/p>\n<p><img decoding=\"async\" class=\"alignnone wp-image-2151\" src=\"http:\/\/vapebulkp.com\/wp-content\/uploads\/2024\/04\/Mandy-WhatsApp-Randm.jpg\" alt=\"Mandy WhatsApp Randm\" width=\"282\" height=\"300\" srcset=\"https:\/\/vapebulkp.com\/wp-content\/uploads\/2024\/04\/Mandy-WhatsApp-Randm.jpg 916w, https:\/\/vapebulkp.com\/wp-content\/uploads\/2024\/04\/Mandy-WhatsApp-Randm-282x300.jpg 282w, https:\/\/vapebulkp.com\/wp-content\/uploads\/2024\/04\/Mandy-WhatsApp-Randm-768x817.jpg 768w, https:\/\/vapebulkp.com\/wp-content\/uploads\/2024\/04\/Mandy-WhatsApp-Randm-600x638.jpg 600w\" sizes=\"(max-width: 282px) 100vw, 282px\" \/><\/p>\n<p>Bitte kontaktieren Sie Mandys WhatsApp f\u00fcr einen Rabattpreis<a href=\"https:\/\/wa.me\/8618077105796\">+8618077105796<\/a><\/p>\n<p><span style=\"color: #ff0000\">HINWEIS: Die Preise auf unserer Website enthalten keine Versandkosten<\/span><\/p>","protected":false},"featured_media":1925,"comment_status":"open","ping_status":"closed","template":"","meta":{"_uag_custom_page_level_css":"","_lmt_disableupdate":"no","_lmt_disable":"","site-sidebar-layout":"default","site-content-layout":"content-boxed-container","ast-site-content-layout":"normal-width-container","site-content-style":"boxed","site-sidebar-style":"unboxed","ast-global-header-display":"","ast-banner-title-visibility":"","ast-main-header-display":"","ast-hfb-above-header-display":"","ast-hfb-below-header-display":"","ast-hfb-mobile-header-display":"","site-post-title":"","ast-breadcrumbs-content":"","ast-featured-img":"","footer-sml-layout":"","theme-transparent-header-meta":"default","adv-header-id-meta":"","stick-header-meta":"","header-above-stick-meta":"","header-main-stick-meta":"","header-below-stick-meta":"","astra-migrate-meta-layouts":"set","_joinchat":[]},"product_cat":[166,153,155,33,59,100,98,34,158,157,154,152,58,84,156,63,32],"product_tag":[68,36,37,91,41,71,40],"class_list":["post-1908","product","type-product","status-publish","has-post-thumbnail","hentry","product_cat-12000-puffs-disposable-vape","product_cat-hot-disposable-vapes","product_cat-belgium-hot-disposable-vapes","product_cat-france-vape-hot-sale","product_cat-germany-hot-disposable-vape","product_cat-germany-wholesale-vape-shop","product_cat-moq-100pcs","product_cat-netherlands-vape-good-sale","product_cat-norway-hot-disposable-vapes","product_cat-poland-hot-disposable-vapes","product_cat-portugal-hot-disposable-vapes","product_cat-spain-hot-disposable-vapes","product_cat-sweden-hot-disposable-vape","product_cat-sweden-wholesale-vape","product_cat-switzerland-hot-disposable-vapes","product_cat-top-sale-disposable-vape","product_cat-vape-hot-sale-this-week","product_tag-12000-puffs","product_tag-good-vape","product_tag-hot-sale-disposable-vape","product_tag-italy-hot-vape","product_tag-poland-hot-vape","product_tag-randm","product_tag-sweden-hot-vape","desktop-align-left","tablet-align-left","mobile-align-left"],"yoast_head":"<!-- This site is optimized with the Yoast SEO plugin v21.1 - https:\/\/yoast.com\/wordpress\/plugins\/seo\/ -->\n<title>HAZEBAR 12000 Puffs Wholesale Price Vape New Model Vape - vapebulkp.com<\/title>\n<meta name=\"description\" content=\"Shop HAZEBAR 12000 Puffs Wholesale Price Vape New Model Vape, this HAZEBAR vape will give you an experience you have never had before. This e-cigarette will improve your smoking standards and allow you to experience the fun.\" \/>\n<meta name=\"robots\" content=\"index, follow, max-snippet:-1, max-image-preview:large, max-video-preview:-1\" \/>\n<link rel=\"canonical\" href=\"https:\/\/vapebulkp.com\/de\/product\/hazebar-12000-puffs-wholesale-price-vape-new-model-vape\/\" \/>\n<meta property=\"og:locale\" content=\"de_DE\" \/>\n<meta property=\"og:type\" content=\"article\" \/>\n<meta property=\"og:title\" content=\"HAZEBAR 12000 Puffs Wholesale Price Vape New Model Vape - vapebulkp.com\" \/>\n<meta property=\"og:description\" content=\"Shop HAZEBAR 12000 Puffs Wholesale Price Vape New Model Vape, this HAZEBAR vape will give you an experience you have never had before. This e-cigarette will improve your smoking standards and allow you to experience the fun.\" \/>\n<meta property=\"og:url\" content=\"https:\/\/vapebulkp.com\/de\/product\/hazebar-12000-puffs-wholesale-price-vape-new-model-vape\/\" \/>\n<meta property=\"og:site_name\" content=\"vapebulkp.com\" \/>\n<meta property=\"article:modified_time\" content=\"2025-09-01T07:22:35+00:00\" \/>\n<meta property=\"og:image\" content=\"http:\/\/vapebulkp.com\/wp-content\/uploads\/2023\/11\/Hazebar-12000-PUFFS-VAPE-HOT.png\" \/>\n\t<meta property=\"og:image:width\" content=\"565\" \/>\n\t<meta property=\"og:image:height\" content=\"800\" \/>\n\t<meta property=\"og:image:type\" content=\"image\/png\" \/>\n<meta name=\"twitter:card\" content=\"summary_large_image\" \/>\n<meta name=\"twitter:label1\" content=\"Gesch\u00e4tzte Lesezeit\" \/>\n\t<meta name=\"twitter:data1\" content=\"5\u00a0Minuten\" \/>\n<script type=\"application\/ld+json\" class=\"yoast-schema-graph\">{\"@context\":\"https:\/\/schema.org\",\"@graph\":[{\"@type\":\"WebPage\",\"@id\":\"https:\/\/vapebulkp.com\/product\/hazebar-12000-puffs-wholesale-price-vape-new-model-vape\/\",\"url\":\"https:\/\/vapebulkp.com\/product\/hazebar-12000-puffs-wholesale-price-vape-new-model-vape\/\",\"name\":\"HAZEBAR 12000 Puffs Wholesale Price Vape New Model Vape - vapebulkp.com\",\"isPartOf\":{\"@id\":\"https:\/\/vapebulkp.com\/#website\"},\"datePublished\":\"2023-11-30T07:10:32+00:00\",\"dateModified\":\"2025-09-01T07:22:35+00:00\",\"description\":\"Shop HAZEBAR 12000 Puffs Wholesale Price Vape New Model Vape, this HAZEBAR vape will give you an experience you have never had before. This e-cigarette will improve your smoking standards and allow you to experience the fun.\",\"breadcrumb\":{\"@id\":\"https:\/\/vapebulkp.com\/product\/hazebar-12000-puffs-wholesale-price-vape-new-model-vape\/#breadcrumb\"},\"inLanguage\":\"de\",\"potentialAction\":[{\"@type\":\"ReadAction\",\"target\":[\"https:\/\/vapebulkp.com\/product\/hazebar-12000-puffs-wholesale-price-vape-new-model-vape\/\"]}]},{\"@type\":\"BreadcrumbList\",\"@id\":\"https:\/\/vapebulkp.com\/product\/hazebar-12000-puffs-wholesale-price-vape-new-model-vape\/#breadcrumb\",\"itemListElement\":[{\"@type\":\"ListItem\",\"position\":1,\"name\":\"Home\",\"item\":\"https:\/\/vapebulkp.com\/\"},{\"@type\":\"ListItem\",\"position\":2,\"name\":\"Hot Trend Vapes\",\"item\":\"https:\/\/vapebulkp.com\/vape-shop\/\"},{\"@type\":\"ListItem\",\"position\":3,\"name\":\"HAZEBAR 12000 Puffs Wholesale Price Vape New Model Vape\"}]},{\"@type\":\"WebSite\",\"@id\":\"https:\/\/vapebulkp.com\/#website\",\"url\":\"https:\/\/vapebulkp.com\/\",\"name\":\"vapebulkp.com\",\"description\":\"Buy Vape In Cheap Bulk Price Near you\",\"publisher\":{\"@id\":\"https:\/\/vapebulkp.com\/#organization\"},\"potentialAction\":[{\"@type\":\"SearchAction\",\"target\":{\"@type\":\"EntryPoint\",\"urlTemplate\":\"https:\/\/vapebulkp.com\/?s={search_term_string}\"},\"query-input\":\"required name=search_term_string\"}],\"inLanguage\":\"de\"},{\"@type\":\"Organization\",\"@id\":\"https:\/\/vapebulkp.com\/#organization\",\"name\":\"vapebulkp.com\",\"url\":\"https:\/\/vapebulkp.com\/\",\"logo\":{\"@type\":\"ImageObject\",\"inLanguage\":\"de\",\"@id\":\"https:\/\/vapebulkp.com\/#\/schema\/logo\/image\/\",\"url\":\"https:\/\/vapebulkp.com\/wp-content\/uploads\/2023\/09\/cropped-vapebulkp.png\",\"contentUrl\":\"https:\/\/vapebulkp.com\/wp-content\/uploads\/2023\/09\/cropped-vapebulkp.png\",\"width\":516,\"height\":163,\"caption\":\"vapebulkp.com\"},\"image\":{\"@id\":\"https:\/\/vapebulkp.com\/#\/schema\/logo\/image\/\"}}]}<\/script>\n<!-- \/ Yoast SEO plugin. -->","yoast_head_json":{"title":"HAZEBAR 12000 Puffs Wholesale Price Vape New Model Vape - vapebulkp.com","description":"Shop HAZEBAR 12000 Puffs Wholesale Price Vape New Model Vape, this HAZEBAR vape will give you an experience you have never had before. This e-cigarette will improve your smoking standards and allow you to experience the fun.","robots":{"index":"index","follow":"follow","max-snippet":"max-snippet:-1","max-image-preview":"max-image-preview:large","max-video-preview":"max-video-preview:-1"},"canonical":"https:\/\/vapebulkp.com\/de\/product\/hazebar-12000-puffs-wholesale-price-vape-new-model-vape\/","og_locale":"de_DE","og_type":"article","og_title":"HAZEBAR 12000 Puffs Wholesale Price Vape New Model Vape - vapebulkp.com","og_description":"Shop HAZEBAR 12000 Puffs Wholesale Price Vape New Model Vape, this HAZEBAR vape will give you an experience you have never had before. This e-cigarette will improve your smoking standards and allow you to experience the fun.","og_url":"https:\/\/vapebulkp.com\/de\/product\/hazebar-12000-puffs-wholesale-price-vape-new-model-vape\/","og_site_name":"vapebulkp.com","article_modified_time":"2025-09-01T07:22:35+00:00","og_image":[{"width":565,"height":800,"url":"http:\/\/vapebulkp.com\/wp-content\/uploads\/2023\/11\/Hazebar-12000-PUFFS-VAPE-HOT.png","type":"image\/png"}],"twitter_card":"summary_large_image","twitter_misc":{"Gesch\u00e4tzte Lesezeit":"5\u00a0Minuten"},"schema":{"@context":"https:\/\/schema.org","@graph":[{"@type":"WebPage","@id":"https:\/\/vapebulkp.com\/product\/hazebar-12000-puffs-wholesale-price-vape-new-model-vape\/","url":"https:\/\/vapebulkp.com\/product\/hazebar-12000-puffs-wholesale-price-vape-new-model-vape\/","name":"HAZEBAR 12000 Puffs Wholesale Price Vape New Model Vape - vapebulkp.com","isPartOf":{"@id":"https:\/\/vapebulkp.com\/#website"},"datePublished":"2023-11-30T07:10:32+00:00","dateModified":"2025-09-01T07:22:35+00:00","description":"Shop HAZEBAR 12000 Puffs Wholesale Price Vape New Model Vape, this HAZEBAR vape will give you an experience you have never had before. This e-cigarette will improve your smoking standards and allow you to experience the fun.","breadcrumb":{"@id":"https:\/\/vapebulkp.com\/product\/hazebar-12000-puffs-wholesale-price-vape-new-model-vape\/#breadcrumb"},"inLanguage":"de","potentialAction":[{"@type":"ReadAction","target":["https:\/\/vapebulkp.com\/product\/hazebar-12000-puffs-wholesale-price-vape-new-model-vape\/"]}]},{"@type":"BreadcrumbList","@id":"https:\/\/vapebulkp.com\/product\/hazebar-12000-puffs-wholesale-price-vape-new-model-vape\/#breadcrumb","itemListElement":[{"@type":"ListItem","position":1,"name":"Home","item":"https:\/\/vapebulkp.com\/"},{"@type":"ListItem","position":2,"name":"Hot Trend Vapes","item":"https:\/\/vapebulkp.com\/vape-shop\/"},{"@type":"ListItem","position":3,"name":"HAZEBAR 12000 Puffs Wholesale Price Vape New Model Vape"}]},{"@type":"WebSite","@id":"https:\/\/vapebulkp.com\/#website","url":"https:\/\/vapebulkp.com\/","name":"vapebulkp.com","description":"Buy Vape In Cheap Bulk Price Near you","publisher":{"@id":"https:\/\/vapebulkp.com\/#organization"},"potentialAction":[{"@type":"SearchAction","target":{"@type":"EntryPoint","urlTemplate":"https:\/\/vapebulkp.com\/?s={search_term_string}"},"query-input":"required name=search_term_string"}],"inLanguage":"de"},{"@type":"Organization","@id":"https:\/\/vapebulkp.com\/#organization","name":"vapebulkp.com","url":"https:\/\/vapebulkp.com\/","logo":{"@type":"ImageObject","inLanguage":"de","@id":"https:\/\/vapebulkp.com\/#\/schema\/logo\/image\/","url":"https:\/\/vapebulkp.com\/wp-content\/uploads\/2023\/09\/cropped-vapebulkp.png","contentUrl":"https:\/\/vapebulkp.com\/wp-content\/uploads\/2023\/09\/cropped-vapebulkp.png","width":516,"height":163,"caption":"vapebulkp.com"},"image":{"@id":"https:\/\/vapebulkp.com\/#\/schema\/logo\/image\/"}}]}},"uagb_featured_image_src":{"full":["https:\/\/vapebulkp.com\/wp-content\/uploads\/2023\/11\/Hazebar-12000-PUFFS-VAPE-HOT.png",565,800,false],"thumbnail":["https:\/\/vapebulkp.com\/wp-content\/uploads\/2023\/11\/Hazebar-12000-PUFFS-VAPE-HOT-150x150.png",150,150,true],"medium":["https:\/\/vapebulkp.com\/wp-content\/uploads\/2023\/11\/Hazebar-12000-PUFFS-VAPE-HOT-212x300.png",212,300,true],"medium_large":["https:\/\/vapebulkp.com\/wp-content\/uploads\/2023\/11\/Hazebar-12000-PUFFS-VAPE-HOT.png",565,800,false],"large":["https:\/\/vapebulkp.com\/wp-content\/uploads\/2023\/11\/Hazebar-12000-PUFFS-VAPE-HOT.png",565,800,false],"1536x1536":["https:\/\/vapebulkp.com\/wp-content\/uploads\/2023\/11\/Hazebar-12000-PUFFS-VAPE-HOT.png",565,800,false],"2048x2048":["https:\/\/vapebulkp.com\/wp-content\/uploads\/2023\/11\/Hazebar-12000-PUFFS-VAPE-HOT.png",565,800,false],"trp-custom-language-flag":["https:\/\/vapebulkp.com\/wp-content\/uploads\/2023\/11\/Hazebar-12000-PUFFS-VAPE-HOT.png",8,12,false],"woocommerce_thumbnail":["https:\/\/vapebulkp.com\/wp-content\/uploads\/2023\/11\/Hazebar-12000-PUFFS-VAPE-HOT-300x300.png",300,300,true],"woocommerce_single":["https:\/\/vapebulkp.com\/wp-content\/uploads\/2023\/11\/Hazebar-12000-PUFFS-VAPE-HOT.png",565,800,false],"woocommerce_gallery_thumbnail":["https:\/\/vapebulkp.com\/wp-content\/uploads\/2023\/11\/Hazebar-12000-PUFFS-VAPE-HOT-100x100.png",100,100,true],"wcpr-photo-reviews":["https:\/\/vapebulkp.com\/wp-content\/uploads\/2023\/11\/Hazebar-12000-PUFFS-VAPE-HOT.png",353,500,false]},"uagb_author_info":{"display_name":"Mandy vape bulk price","author_link":"https:\/\/vapebulkp.com\/de\/author\/"},"uagb_comment_info":0,"uagb_excerpt":"By using HAZEBAR 12000 Puffs Wholesale Price Vape New Model Vape, this HAZEBAR vape will give you an experience you have never had before. This e-cigarette will improve your smoking standards and allow you to experience the fun. Pls Contact Mandy's WhatsApp For Discount Price+8618077105796 NOTE: Prices on our website does not include shipping costs","_links":{"self":[{"href":"https:\/\/vapebulkp.com\/de\/wp-json\/wp\/v2\/product\/1908","targetHints":{"allow":["GET"]}}],"collection":[{"href":"https:\/\/vapebulkp.com\/de\/wp-json\/wp\/v2\/product"}],"about":[{"href":"https:\/\/vapebulkp.com\/de\/wp-json\/wp\/v2\/types\/product"}],"replies":[{"embeddable":true,"href":"https:\/\/vapebulkp.com\/de\/wp-json\/wp\/v2\/comments?post=1908"}],"wp:featuredmedia":[{"embeddable":true,"href":"https:\/\/vapebulkp.com\/de\/wp-json\/wp\/v2\/media\/1925"}],"wp:attachment":[{"href":"https:\/\/vapebulkp.com\/de\/wp-json\/wp\/v2\/media?parent=1908"}],"wp:term":[{"taxonomy":"product_cat","embeddable":true,"href":"https:\/\/vapebulkp.com\/de\/wp-json\/wp\/v2\/product_cat?post=1908"},{"taxonomy":"product_tag","embeddable":true,"href":"https:\/\/vapebulkp.com\/de\/wp-json\/wp\/v2\/product_tag?post=1908"}],"curies":[{"name":"wp","href":"https:\/\/api.w.org\/{rel}","templated":true}]}}