{"id":1949,"date":"2023-12-14T04:08:11","date_gmt":"2023-12-14T03:08:11","guid":{"rendered":"https:\/\/vapebulkp.com\/?post_type=product&#038;p=1949"},"modified":"2025-09-17T10:37:22","modified_gmt":"2025-09-17T08:37:22","slug":"vapme-crystal-7000-puffs-original-vape-good-flavor","status":"publish","type":"product","link":"https:\/\/vapebulkp.com\/de\/product\/vapme-crystal-7000-puffs-original-vape-good-flavor\/","title":{"rendered":"Vapme Crystal 7000 Puffs Original Vape Guter Geschmack"},"content":{"rendered":"<h2>Vapme Crystal 7000 Puffs Original Vape Guter Geschmack<\/h2>\n<p data-start=\"338\" data-end=\"673\">Der <strong data-start=\"342\" data-end=\"370\">Vapme Crystal 7000 Z\u00fcge<\/strong> ist ein <strong data-start=\"376\" data-end=\"403\">Premium-Einweg-Vape<\/strong> entwickelt f\u00fcr <strong data-start=\"417\" data-end=\"448\"><a href=\"https:\/\/vapebulkp.com\/de\/puffs-stock-europe-warehouse\/\">Deutsches Vaping<\/a> Enthusiasten<\/strong> suchen zuverl\u00e4ssige Leistung und reichen Geschmack. Dieses <strong data-start=\"500\" data-end=\"530\">7000 Puffs Einweg-Vape<\/strong> verf\u00fcgt \u00fcber einen eingebauten 650-mAh-Akku und 14 ml hochwertiges E-Liquid, was langanhaltende Sessions ohne die Notwendigkeit h\u00e4ufigen Aufladens bietet.<\/p>\n<p data-start=\"675\" data-end=\"908\">Als <strong data-start=\"680\" data-end=\"712\">wiederaufladbare Einweg-Vape<\/strong>Einweg-Ger\u00e4t <strong data-start=\"847\" data-end=\"869\">Nikotinsalz-Vape<\/strong> kombiniert es Komfort mit konstanter Dampfproduktion. Das Ger\u00e4t unterst\u00fctzt 2 % und 5 % Nikotinsalz-Optionen, was es zu einer vielseitigen<\/p>\n<p data-start=\"910\" data-end=\"1149\">Wahl <strong data-start=\"934\" data-end=\"973\">f\u00fcr sowohl moderate als auch st\u00e4rkere Z\u00fcge macht.<\/strong>W\u00e4hlen Sie aus 12 verschiedenen<\/p>\n<p data-start=\"1151\" data-end=\"1367\">Frucht-, Menthol- und Tabakgeschm\u00e4cken <strong data-start=\"1188\" data-end=\"1232\">, von denen jeder so hergestellt ist, dass er sanften Dampf und einen zufriedenstellenden Kehlkopf-Hit liefert. Das RGB-Licht-Design f\u00fcgt eine moderne Note hinzu, was es zu einer stilvollen Option f\u00fcr soziale Anl\u00e4sse oder unterwegs macht.<\/strong> Verpackt in Display-Boxen zu je 10 St\u00fcck, ist der<\/p>\n<p><img decoding=\"async\" class=\"alignnone wp-image-1955\" src=\"http:\/\/vapebulkp.com\/wp-content\/uploads\/2023\/12\/VAPME-CRYSTAL-7000-PUFFS-WHOLESALE-Germany.jpg\" alt=\"VAPME CRYSTAL 7000 PUFFS GROSSHANDEL Deutschland\" width=\"474\" height=\"474\" srcset=\"https:\/\/vapebulkp.com\/wp-content\/uploads\/2023\/12\/VAPME-CRYSTAL-7000-PUFFS-WHOLESALE-Germany.jpg 1001w, https:\/\/vapebulkp.com\/wp-content\/uploads\/2023\/12\/VAPME-CRYSTAL-7000-PUFFS-WHOLESALE-Germany-300x300.jpg 300w, https:\/\/vapebulkp.com\/wp-content\/uploads\/2023\/12\/VAPME-CRYSTAL-7000-PUFFS-WHOLESALE-Germany-150x150.jpg 150w, https:\/\/vapebulkp.com\/wp-content\/uploads\/2023\/12\/VAPME-CRYSTAL-7000-PUFFS-WHOLESALE-Germany-768x768.jpg 768w, https:\/\/vapebulkp.com\/wp-content\/uploads\/2023\/12\/VAPME-CRYSTAL-7000-PUFFS-WHOLESALE-Germany-600x600.jpg 600w, https:\/\/vapebulkp.com\/wp-content\/uploads\/2023\/12\/VAPME-CRYSTAL-7000-PUFFS-WHOLESALE-Germany-100x100.jpg 100w\" sizes=\"(max-width: 474px) 100vw, 474px\" \/><\/p>\n<p><img decoding=\"async\" class=\"alignnone wp-image-1956\" src=\"http:\/\/vapebulkp.com\/wp-content\/uploads\/2023\/12\/VAPME-CRYSTAL-7000-PUFFS-WHOLESALE-France.jpg\" alt=\"VAPME CRYSTAL 7000 PUFFS GROSSHANDEL Frankreich\" width=\"472\" height=\"472\" srcset=\"https:\/\/vapebulkp.com\/wp-content\/uploads\/2023\/12\/VAPME-CRYSTAL-7000-PUFFS-WHOLESALE-France.jpg 1001w, https:\/\/vapebulkp.com\/wp-content\/uploads\/2023\/12\/VAPME-CRYSTAL-7000-PUFFS-WHOLESALE-France-300x300.jpg 300w, https:\/\/vapebulkp.com\/wp-content\/uploads\/2023\/12\/VAPME-CRYSTAL-7000-PUFFS-WHOLESALE-France-150x150.jpg 150w, https:\/\/vapebulkp.com\/wp-content\/uploads\/2023\/12\/VAPME-CRYSTAL-7000-PUFFS-WHOLESALE-France-768x768.jpg 768w, https:\/\/vapebulkp.com\/wp-content\/uploads\/2023\/12\/VAPME-CRYSTAL-7000-PUFFS-WHOLESALE-France-600x600.jpg 600w, https:\/\/vapebulkp.com\/wp-content\/uploads\/2023\/12\/VAPME-CRYSTAL-7000-PUFFS-WHOLESALE-France-100x100.jpg 100w\" sizes=\"(max-width: 472px) 100vw, 472px\" \/><\/p>\n<h6 style=\"text-align: left\"><\/h6>\n<h6>Bitte kontaktieren Sie Mandys WhatsApp f\u00fcr einen Rabattpreis<a href=\"https:\/\/wa.me\/8618077105796\">+8618077105796<\/a><\/h6>\n<p><img decoding=\"async\" class=\"alignnone wp-image-2151\" src=\"http:\/\/vapebulkp.com\/wp-content\/uploads\/2024\/04\/Mandy-WhatsApp-Randm.jpg\" alt=\"Mandy WhatsApp Randm\" width=\"328\" height=\"349\" srcset=\"https:\/\/vapebulkp.com\/wp-content\/uploads\/2024\/04\/Mandy-WhatsApp-Randm.jpg 916w, https:\/\/vapebulkp.com\/wp-content\/uploads\/2024\/04\/Mandy-WhatsApp-Randm-282x300.jpg 282w, https:\/\/vapebulkp.com\/wp-content\/uploads\/2024\/04\/Mandy-WhatsApp-Randm-768x817.jpg 768w, https:\/\/vapebulkp.com\/wp-content\/uploads\/2024\/04\/Mandy-WhatsApp-Randm-600x638.jpg 600w\" sizes=\"(max-width: 328px) 100vw, 328px\" \/><\/p>\n<h2><span style=\"vertical-align: inherit\">Vapme Crystal 7000 Puff Einweg-Vape<\/span><\/h2>\n<p>&nbsp;<\/p>\n<h4>perfekt f\u00fcr Gro\u00dfh\u00e4ndler und Einzelh\u00e4ndler, da er eine zuverl\u00e4ssige, hochwertige L\u00f6sung bietet, die den Anforderungen deutscher Vaper gerecht wird.<\/h4>\n<p>Absolut! Wir bieten Versanddienste in verschiedene deutsche L\u00e4nder an, darunter die Niederlande, Deutschland, Frankreich, Spanien, Italien, Belgien, Luxemburg, \u00d6sterreich, Tschechische Republik, Slowakei, Ungarn, Slowenien, Rum\u00e4nien, Bulgarien, Griechenland, Polen, Schweden, Irland, Portugal, Finnland, Estland, Lettland, Litauen und mehr.<\/p>\n<h4>Wollten Sie vielleicht mehr \u00fcber den Vapme Crystal 7000 Puff Einweg-Vape erfahren:<\/h4>\n<p>1. Kann der Vapme Crystal 7k Puff in mein Land verschickt werden?<\/p>\n<h4>2. Wie wird der Vapme Crystal 7000 Puffs aufgeladen?<\/h4>\n<p>Das vollst\u00e4ndige Aufladen des Vapme Crystal 7000 Puff dauert in der Regel etwa 30 Minuten. Achten Sie darauf, dass sich die blaue Kontrollleuchte ausschaltet, was anzeigt, dass Ihr Verdampfer vollst\u00e4ndig aufgeladen und einsatzbereit ist!<\/p>\n<p><span style=\"color: #ff6600\">Hinweis: Nicht \u00fcber Nacht aufladen!<\/span><\/p>\n<p>&nbsp;<\/p>\n<h3>Gro\u00dfhandel Vapme Crystal 7000 Puffs Merkmal:<\/h3>\n<p>Modell: RGB-Licht Vapme Crystal 7000 Puffs<\/p>\n<p>Z\u00fcge: 7000<br \/>\nBatteriekapazit\u00e4t: 650 mAh<br \/>\nE-Liquid-Volumen: 14ml<br \/>\nNikotingehalt: 2% \/ 5% Nikotinsalz<br \/>\nVerpackung: 10 St\u00fcck in 1 Display-Box<br \/>\nMindestbestellmenge (MOQ):\u00a0<strong>100 St\u00fcck<\/strong><\/p>\n<h3>Vorteile des Vapme Crystal 7000 Puffs Vape Bar:<\/h3>\n<ol>\n<li>Innovatives RGB-Licht<\/li>\n<li>Hochwertig<\/li>\n<li>Stilvoll<\/li>\n<li>Dampfproduktion<\/li>\n<li>Einfach zu bedienen<\/li>\n<li>Vorgef\u00fcllt<\/li>\n<li>Wartungsfrei<\/li>\n<li>Diskret<\/li>\n<li>M\u00fchelos<\/li>\n<li>Reichhaltiger Geschmack<\/li>\n<li>Nikotinsalze<\/li>\n<li>Nikotinbefriedigung<\/li>\n<li>Nikotinabgabe<\/li>\n<li>Verbessertes Erlebnis<\/li>\n<\/ol>\n<h3><strong>Was ist das Beste <\/strong>Vapme Kristall 7000 Z\u00fcge <strong>Aromen?<\/strong><\/h3>\n<p>1.Blaubeere Himbeere<br \/>\n2. Traubenbeere<br \/>\n3.Erdbeer-Wassermelonen-Kaugummi<br \/>\n4.Erdbeer-Himbeer-Bonbon<br \/>\n5. Erdbeer-Banane<br \/>\n6. Erdbeer-Mango<br \/>\n7. Pfirsich-Mango-Ananas<br \/>\n8. Wassermelone-Eis<br \/>\n9. Dreifach-Mango<br \/>\n10.Kirsche auf Eis<br \/>\n11. Passionsfrucht-Melone-Eis<br \/>\n12. Kiwi-Passionsfrucht-Guave<br \/>\n13. Erdbeereis<br \/>\n14. Pfirsicheis<br \/>\n15. Blaue Himbeerlimonade<br \/>\n16. Erdbeer-Kiwi<br \/>\n17.Energy-Drink<br \/>\n18.Kirsch-Cola<br \/>\n19.Eis mit gemischten Beeren<br \/>\n20.Zitrone<br \/>\n21.Erdbeere Traube<br \/>\n22.Schwarze Johannisbeere Eis<br \/>\n23.Heidelbeere Cranberry Kirsche<br \/>\n24.Wassermelone Kiwi Eis<br \/>\n25.Kirsch-Beere<br \/>\n26.Minze<br \/>\n27.Tropischer Fruchtpunsch<br \/>\n28.Mr Blau<br \/>\n29.Doppelapfel<br \/>\n30.Bananeneis<br \/>\nLady Killa<br \/>\n32.Wassermelone Bull<br \/>\n33.Ananas-Kiwi-Eis<br \/>\n34.Erdbeere Drachenfrucht Eis<br \/>\n35.Wassermelone Zitrone<br \/>\n36.Dreifaches Meloneneis<br \/>\n37.Heidelbeere Himbeere Pfirsich<br \/>\n38.Erdbeere Himbeere Eis<br \/>\n39.Wassermelone Skittle<br \/>\n40.Erdbeere Gummib\u00e4rchen<br \/>\n41.Erdbeere Red Bull<br \/>\n42.Schwarzer Drache Eis<br \/>\n43.Traubeneis<\/p>\n<p><span style=\"vertical-align: inherit\">Finden Sie weitere Produkte, die Ihnen gefallen k\u00f6nnten:<\/span><em><a href=\"https:\/\/wa.me\/8618077105796\"><span style=\"vertical-align: inherit\">\u00a0Jetzt kaufen<\/span><\/a><\/em><\/p>\n<p><span style=\"vertical-align: inherit\">Andere Puffs, die Ihnen gefallen k\u00f6nnten:<\/span><\/p>\n<p><a href=\"https:\/\/vapebulkp.com\/de\/product\/wholesale-randm-tornado-9000-puffs-germany\/\"><span style=\"vertical-align: inherit\">RandM Tornado 9000 Z\u00fcge<\/span><\/a><span style=\"vertical-align: inherit\">\u2014Als beliebteste E-Zigarette bietet Randm 9.000 Z\u00fcge zum Genie\u00dfen<\/span><\/p>\n<p><a href=\"https:\/\/vapebulkp.com\/de\/product\/popular-bang-king-10000-puffs-vape-good-price\/\"><span style=\"vertical-align: inherit\">Bang King 10000 Z\u00fcge<\/span><\/a><span style=\"vertical-align: inherit\">\u2014Bang King ist eine beliebte Marke mit einzigartigen Modellen und 10000 Z\u00fcgen<\/span><\/p>\n<p><a href=\"https:\/\/vapebulkp.com\/de\/product\/bang-king-12000puffs\/\"><span style=\"vertical-align: inherit\">Bang King 12000 Z\u00fcge<\/span><\/a>\u2014-Bang King 12000 Z\u00fcge ist eine beliebte Marke mit einzigartigen Modellen und 12.000 Z\u00fcgen, eine weitere Option zur Verbesserung Ihrer Vaping-Bed\u00fcrfnisse<\/p>\n<h4>Wissenswertes \u00fcber E-Zigaretten:<\/h4>\n<p>F: Warum laufen E-Zigaretten aus?<br \/>\nA: Das Auslaufen von E-Zigaretten kann durch eine falsche Installation des Verdampferkerns oder eine besch\u00e4digte Dichtung beim Bef\u00fcllen verursacht werden. Achten Sie darauf, das Liquid beim Bef\u00fcllen nicht zu stark einzupressen, und pr\u00fcfen Sie, ob der Dichtungsring intakt ist, was das Auslaufen wirksam reduzieren kann.<\/p>\n<p>F: Warum schmeckt die E-Zigarette verbrannt?<br \/>\nA: Der verbrannte Geschmack wird normalerweise durch das Trockenbrennen des Verdampferkerns oder unzureichendes Liquid verursacht. Es wird empfohlen, den Verdampferkern regelm\u00e4\u00dfig zu ersetzen und f\u00fcr ausreichend Liquid zu sorgen, um ein Trockenbrennen zu vermeiden.<\/p>\n<p>F: Warum l\u00e4sst die Saugleistung von E-Zigaretten nach?<br \/>\nA: Eine schwache Saugleistung kann auf eine unzureichende Akkuleistung, die Alterung des Verdampferkerns oder eine Verstopfung des Verdampferkerns zur\u00fcckzuf\u00fchren sein. Versuchen Sie, den Akku aufzuladen oder den Verdampferkern durch einen neuen zu ersetzen, um das Problem der schwachen Saugleistung zu beheben.<\/p>\n<p>F: Wie reinigt man E-Zigaretten-Ger\u00e4te?<br \/>\nA: Die regelm\u00e4\u00dfige Reinigung Ihres E-Zigaretten-Ger\u00e4ts erh\u00e4lt dessen Leistung und Geschmack. Verwenden Sie ein weiches Tuch, um die Oberfl\u00e4che des Ger\u00e4ts sanft abzuwischen, und Wattest\u00e4bchen, um Anschl\u00fcsse oder interne Oberfl\u00e4chen zu reinigen. Achten Sie dabei darauf, keine Sch\u00e4den zu verursachen.<\/p>\n<p>F: Sind E-Zigaretten gesundheitssch\u00e4dlich?<br \/>\nA: Obwohl E-Zigaretten m\u00f6glicherweise weniger sch\u00e4dliche Substanzen als herk\u00f6mmliche Zigaretten enthalten, bedeutet dies nicht, dass sie v\u00f6llig harmlos sind. Die langfristige Nutzung von E-Zigaretten kann dennoch bestimmte Auswirkungen auf die Gesundheit haben. Es ist am besten, den Gebrauch einzuschr\u00e4nken und den Rat eines Arztes einzuholen.<\/p>\n<h4>Versanddetails:<\/h4>\n<p><span style=\"color: #ff6600\">Produktionszeit: 5-10 Werktage<\/span><br \/>\n<span style=\"color: #ff6600\">Versandzeit: 8-14 Werktage<\/span><\/p>\n<p>Alle Produkte in unserem Shop sind 100% original und authentisch. Daher ist eine zehnfache Entsch\u00e4digung f\u00fcr gef\u00e4lschte Waren unsere Gesch\u00e4ftsrichtlinie. Wir verwenden Logistikkan\u00e4le wie UPS\/DHL\/FEDEX\/DPD, um Waren an Sie zu liefern.<\/p>\n<p>F\u00fcr Pakete, die nach Deutschland versandt werden, dauert die Ankunft in der Regel 10 Werktage. Der Versand in europ\u00e4ische L\u00e4nder dauert in der Regel 12 bis 15 Werktage. Wir werden die Logistikinformationen in Echtzeit f\u00fcr Sie aktualisieren.<\/p>\n<p>Kontaktieren Sie uns und wir k\u00f6nnen Ihnen Hazebar 12000 Z\u00fcge anbieten und Ihr Gesch\u00e4ft auf ein h\u00f6heres Niveau bringen!<\/p>","protected":false},"excerpt":{"rendered":"<p>Kaufen Sie den Vapme Crystal 7000 Puffs Einweg-Vape Pod in gr\u00f6\u00dferen Mengen zu unglaublichen Preisen. Heben Sie Ihr Vaping-Erlebnis mit umfangreichen 7000 Z\u00fcgen, einem 850-mAh-Akku f\u00fcr l\u00e4ngeren Gebrauch und einer gro\u00dfz\u00fcgigen 14-ml-E-Liquid-Kapazit\u00e4t. Dieses Premium-Produkt ist sowohl mit 2 % als auch 5 % Nikotinsalz-Optionen erh\u00e4ltlich. Sichern Sie sich Ihr Exemplar noch heute und f\u00fchren Sie erstklassige Vaping-Angebote f\u00fcr Ihre Kunden ein. Entdecken Sie Gro\u00dfhandelsoptionen f\u00fcr VAPME VAPE 7000 PUFF und CRYSTAL PRO VAPE zu Gro\u00dfhandelspreisen.<\/p>\n<p><img decoding=\"async\" class=\"alignnone wp-image-2151\" src=\"http:\/\/vapebulkp.com\/wp-content\/uploads\/2024\/04\/Mandy-WhatsApp-Randm.jpg\" alt=\"Mandy WhatsApp Randm\" width=\"277\" height=\"294\" srcset=\"https:\/\/vapebulkp.com\/wp-content\/uploads\/2024\/04\/Mandy-WhatsApp-Randm.jpg 916w, https:\/\/vapebulkp.com\/wp-content\/uploads\/2024\/04\/Mandy-WhatsApp-Randm-282x300.jpg 282w, https:\/\/vapebulkp.com\/wp-content\/uploads\/2024\/04\/Mandy-WhatsApp-Randm-768x817.jpg 768w, https:\/\/vapebulkp.com\/wp-content\/uploads\/2024\/04\/Mandy-WhatsApp-Randm-600x638.jpg 600w\" sizes=\"(max-width: 277px) 100vw, 277px\" \/><\/p>\n<p>Bitte kontaktieren Sie Mandys WhatsApp f\u00fcr einen Rabattpreis<a href=\"https:\/\/wa.me\/8618077105796\">+8618077105796<\/a><\/p>\n<p><span style=\"color: #ff0000\">HINWEIS: Die Preise auf unserer Website enthalten keine Versandkosten<\/span><\/p>","protected":false},"featured_media":1950,"comment_status":"open","ping_status":"closed","template":"","meta":{"_uag_custom_page_level_css":"","_lmt_disableupdate":"no","_lmt_disable":"","site-sidebar-layout":"default","site-content-layout":"content-boxed-container","ast-site-content-layout":"normal-width-container","site-content-style":"boxed","site-sidebar-style":"unboxed","ast-global-header-display":"","ast-banner-title-visibility":"","ast-main-header-display":"","ast-hfb-above-header-display":"","ast-hfb-below-header-display":"","ast-hfb-mobile-header-display":"","site-post-title":"","ast-breadcrumbs-content":"","ast-featured-img":"","footer-sml-layout":"","theme-transparent-header-meta":"default","adv-header-id-meta":"","stick-header-meta":"","header-above-stick-meta":"","header-main-stick-meta":"","header-below-stick-meta":"","astra-migrate-meta-layouts":"set","_joinchat":[]},"product_cat":[170,153,155,33,59,100,98,34,158,157,154,152,58,84,156,63,32,368],"product_tag":[39,36,37,91,41,71,40],"class_list":["post-1949","product","type-product","status-publish","has-post-thumbnail","hentry","product_cat-7000-puffs-disposable-vape","product_cat-hot-disposable-vapes","product_cat-belgium-hot-disposable-vapes","product_cat-france-vape-hot-sale","product_cat-germany-hot-disposable-vape","product_cat-germany-wholesale-vape-shop","product_cat-moq-100pcs","product_cat-netherlands-vape-good-sale","product_cat-norway-hot-disposable-vapes","product_cat-poland-hot-disposable-vapes","product_cat-portugal-hot-disposable-vapes","product_cat-spain-hot-disposable-vapes","product_cat-sweden-hot-disposable-vape","product_cat-sweden-wholesale-vape","product_cat-switzerland-hot-disposable-vapes","product_cat-top-sale-disposable-vape","product_cat-vape-hot-sale-this-week","product_cat-vapme-vape","product_tag-7000-puffs","product_tag-good-vape","product_tag-hot-sale-disposable-vape","product_tag-italy-hot-vape","product_tag-poland-hot-vape","product_tag-randm","product_tag-sweden-hot-vape","pa_brand-vapme-vape","desktop-align-left","tablet-align-left","mobile-align-left"],"yoast_head":"<!-- This site is optimized with the Yoast SEO plugin v21.1 - https:\/\/yoast.com\/wordpress\/plugins\/seo\/ -->\n<title>Vapme Crystal 7000 Puffs Original Vape Good Flavor - vapebulkp.com<\/title>\n<meta name=\"description\" content=\"Shop Vapme Crystal 7000 puffs, an 850mAh battery for prolonged use, and a generous 14ml e-liquid capacity. This premium product is available in both 2% and 5% Nicotine Salt options.\" \/>\n<meta name=\"robots\" content=\"index, follow, max-snippet:-1, max-image-preview:large, max-video-preview:-1\" \/>\n<link rel=\"canonical\" href=\"https:\/\/vapebulkp.com\/de\/product\/vapme-crystal-7000-puffs-original-vape-good-flavor\/\" \/>\n<meta property=\"og:locale\" content=\"de_DE\" \/>\n<meta property=\"og:type\" content=\"article\" \/>\n<meta property=\"og:title\" content=\"Vapme Crystal 7000 Puffs Original Vape Good Flavor - vapebulkp.com\" \/>\n<meta property=\"og:description\" content=\"Shop Vapme Crystal 7000 puffs, an 850mAh battery for prolonged use, and a generous 14ml e-liquid capacity. This premium product is available in both 2% and 5% Nicotine Salt options.\" \/>\n<meta property=\"og:url\" content=\"https:\/\/vapebulkp.com\/de\/product\/vapme-crystal-7000-puffs-original-vape-good-flavor\/\" \/>\n<meta property=\"og:site_name\" content=\"vapebulkp.com\" \/>\n<meta property=\"article:modified_time\" content=\"2025-09-17T08:37:22+00:00\" \/>\n<meta property=\"og:image\" content=\"http:\/\/vapebulkp.com\/wp-content\/uploads\/2023\/12\/CRYSTAL-VAPE-VAPE-WHOLESALE-PUFF-000.png\" \/>\n\t<meta property=\"og:image:width\" content=\"353\" \/>\n\t<meta property=\"og:image:height\" content=\"519\" \/>\n\t<meta property=\"og:image:type\" content=\"image\/png\" \/>\n<meta name=\"twitter:card\" content=\"summary_large_image\" \/>\n<meta name=\"twitter:label1\" content=\"Gesch\u00e4tzte Lesezeit\" \/>\n\t<meta name=\"twitter:data1\" content=\"5\u00a0Minuten\" \/>\n<script type=\"application\/ld+json\" class=\"yoast-schema-graph\">{\"@context\":\"https:\/\/schema.org\",\"@graph\":[{\"@type\":\"WebPage\",\"@id\":\"https:\/\/vapebulkp.com\/product\/vapme-crystal-7000-puffs-original-vape-good-flavor\/\",\"url\":\"https:\/\/vapebulkp.com\/product\/vapme-crystal-7000-puffs-original-vape-good-flavor\/\",\"name\":\"Vapme Crystal 7000 Puffs Original Vape Good Flavor - vapebulkp.com\",\"isPartOf\":{\"@id\":\"https:\/\/vapebulkp.com\/#website\"},\"datePublished\":\"2023-12-14T03:08:11+00:00\",\"dateModified\":\"2025-09-17T08:37:22+00:00\",\"description\":\"Shop Vapme Crystal 7000 puffs, an 850mAh battery for prolonged use, and a generous 14ml e-liquid capacity. This premium product is available in both 2% and 5% Nicotine Salt options.\",\"breadcrumb\":{\"@id\":\"https:\/\/vapebulkp.com\/product\/vapme-crystal-7000-puffs-original-vape-good-flavor\/#breadcrumb\"},\"inLanguage\":\"de\",\"potentialAction\":[{\"@type\":\"ReadAction\",\"target\":[\"https:\/\/vapebulkp.com\/product\/vapme-crystal-7000-puffs-original-vape-good-flavor\/\"]}]},{\"@type\":\"BreadcrumbList\",\"@id\":\"https:\/\/vapebulkp.com\/product\/vapme-crystal-7000-puffs-original-vape-good-flavor\/#breadcrumb\",\"itemListElement\":[{\"@type\":\"ListItem\",\"position\":1,\"name\":\"Home\",\"item\":\"https:\/\/vapebulkp.com\/\"},{\"@type\":\"ListItem\",\"position\":2,\"name\":\"Hot Trend Vapes\",\"item\":\"https:\/\/vapebulkp.com\/vape-shop\/\"},{\"@type\":\"ListItem\",\"position\":3,\"name\":\"Vapme Crystal 7000 Puffs Original Vape Good Flavor\"}]},{\"@type\":\"WebSite\",\"@id\":\"https:\/\/vapebulkp.com\/#website\",\"url\":\"https:\/\/vapebulkp.com\/\",\"name\":\"vapebulkp.com\",\"description\":\"Buy Vape In Cheap Bulk Price Near you\",\"publisher\":{\"@id\":\"https:\/\/vapebulkp.com\/#organization\"},\"potentialAction\":[{\"@type\":\"SearchAction\",\"target\":{\"@type\":\"EntryPoint\",\"urlTemplate\":\"https:\/\/vapebulkp.com\/?s={search_term_string}\"},\"query-input\":\"required name=search_term_string\"}],\"inLanguage\":\"de\"},{\"@type\":\"Organization\",\"@id\":\"https:\/\/vapebulkp.com\/#organization\",\"name\":\"vapebulkp.com\",\"url\":\"https:\/\/vapebulkp.com\/\",\"logo\":{\"@type\":\"ImageObject\",\"inLanguage\":\"de\",\"@id\":\"https:\/\/vapebulkp.com\/#\/schema\/logo\/image\/\",\"url\":\"https:\/\/vapebulkp.com\/wp-content\/uploads\/2023\/09\/cropped-vapebulkp.png\",\"contentUrl\":\"https:\/\/vapebulkp.com\/wp-content\/uploads\/2023\/09\/cropped-vapebulkp.png\",\"width\":516,\"height\":163,\"caption\":\"vapebulkp.com\"},\"image\":{\"@id\":\"https:\/\/vapebulkp.com\/#\/schema\/logo\/image\/\"}}]}<\/script>\n<!-- \/ Yoast SEO plugin. -->","yoast_head_json":{"title":"Vapme Crystal 7000 Puffs Original Vape Good Flavor - vapebulkp.com","description":"Shop Vapme Crystal 7000 puffs, an 850mAh battery for prolonged use, and a generous 14ml e-liquid capacity. This premium product is available in both 2% and 5% Nicotine Salt options.","robots":{"index":"index","follow":"follow","max-snippet":"max-snippet:-1","max-image-preview":"max-image-preview:large","max-video-preview":"max-video-preview:-1"},"canonical":"https:\/\/vapebulkp.com\/de\/product\/vapme-crystal-7000-puffs-original-vape-good-flavor\/","og_locale":"de_DE","og_type":"article","og_title":"Vapme Crystal 7000 Puffs Original Vape Good Flavor - vapebulkp.com","og_description":"Shop Vapme Crystal 7000 puffs, an 850mAh battery for prolonged use, and a generous 14ml e-liquid capacity. This premium product is available in both 2% and 5% Nicotine Salt options.","og_url":"https:\/\/vapebulkp.com\/de\/product\/vapme-crystal-7000-puffs-original-vape-good-flavor\/","og_site_name":"vapebulkp.com","article_modified_time":"2025-09-17T08:37:22+00:00","og_image":[{"width":353,"height":519,"url":"http:\/\/vapebulkp.com\/wp-content\/uploads\/2023\/12\/CRYSTAL-VAPE-VAPE-WHOLESALE-PUFF-000.png","type":"image\/png"}],"twitter_card":"summary_large_image","twitter_misc":{"Gesch\u00e4tzte Lesezeit":"5\u00a0Minuten"},"schema":{"@context":"https:\/\/schema.org","@graph":[{"@type":"WebPage","@id":"https:\/\/vapebulkp.com\/product\/vapme-crystal-7000-puffs-original-vape-good-flavor\/","url":"https:\/\/vapebulkp.com\/product\/vapme-crystal-7000-puffs-original-vape-good-flavor\/","name":"Vapme Crystal 7000 Puffs Original Vape Good Flavor - vapebulkp.com","isPartOf":{"@id":"https:\/\/vapebulkp.com\/#website"},"datePublished":"2023-12-14T03:08:11+00:00","dateModified":"2025-09-17T08:37:22+00:00","description":"Shop Vapme Crystal 7000 puffs, an 850mAh battery for prolonged use, and a generous 14ml e-liquid capacity. This premium product is available in both 2% and 5% Nicotine Salt options.","breadcrumb":{"@id":"https:\/\/vapebulkp.com\/product\/vapme-crystal-7000-puffs-original-vape-good-flavor\/#breadcrumb"},"inLanguage":"de","potentialAction":[{"@type":"ReadAction","target":["https:\/\/vapebulkp.com\/product\/vapme-crystal-7000-puffs-original-vape-good-flavor\/"]}]},{"@type":"BreadcrumbList","@id":"https:\/\/vapebulkp.com\/product\/vapme-crystal-7000-puffs-original-vape-good-flavor\/#breadcrumb","itemListElement":[{"@type":"ListItem","position":1,"name":"Home","item":"https:\/\/vapebulkp.com\/"},{"@type":"ListItem","position":2,"name":"Hot Trend Vapes","item":"https:\/\/vapebulkp.com\/vape-shop\/"},{"@type":"ListItem","position":3,"name":"Vapme Crystal 7000 Puffs Original Vape Good Flavor"}]},{"@type":"WebSite","@id":"https:\/\/vapebulkp.com\/#website","url":"https:\/\/vapebulkp.com\/","name":"vapebulkp.com","description":"Buy Vape In Cheap Bulk Price Near you","publisher":{"@id":"https:\/\/vapebulkp.com\/#organization"},"potentialAction":[{"@type":"SearchAction","target":{"@type":"EntryPoint","urlTemplate":"https:\/\/vapebulkp.com\/?s={search_term_string}"},"query-input":"required name=search_term_string"}],"inLanguage":"de"},{"@type":"Organization","@id":"https:\/\/vapebulkp.com\/#organization","name":"vapebulkp.com","url":"https:\/\/vapebulkp.com\/","logo":{"@type":"ImageObject","inLanguage":"de","@id":"https:\/\/vapebulkp.com\/#\/schema\/logo\/image\/","url":"https:\/\/vapebulkp.com\/wp-content\/uploads\/2023\/09\/cropped-vapebulkp.png","contentUrl":"https:\/\/vapebulkp.com\/wp-content\/uploads\/2023\/09\/cropped-vapebulkp.png","width":516,"height":163,"caption":"vapebulkp.com"},"image":{"@id":"https:\/\/vapebulkp.com\/#\/schema\/logo\/image\/"}}]}},"uagb_featured_image_src":{"full":["https:\/\/vapebulkp.com\/wp-content\/uploads\/2023\/12\/CRYSTAL-VAPE-VAPE-WHOLESALE-PUFF-000.png",353,519,false],"thumbnail":["https:\/\/vapebulkp.com\/wp-content\/uploads\/2023\/12\/CRYSTAL-VAPE-VAPE-WHOLESALE-PUFF-000-150x150.png",150,150,true],"medium":["https:\/\/vapebulkp.com\/wp-content\/uploads\/2023\/12\/CRYSTAL-VAPE-VAPE-WHOLESALE-PUFF-000-204x300.png",204,300,true],"medium_large":["https:\/\/vapebulkp.com\/wp-content\/uploads\/2023\/12\/CRYSTAL-VAPE-VAPE-WHOLESALE-PUFF-000.png",353,519,false],"large":["https:\/\/vapebulkp.com\/wp-content\/uploads\/2023\/12\/CRYSTAL-VAPE-VAPE-WHOLESALE-PUFF-000.png",353,519,false],"1536x1536":["https:\/\/vapebulkp.com\/wp-content\/uploads\/2023\/12\/CRYSTAL-VAPE-VAPE-WHOLESALE-PUFF-000.png",353,519,false],"2048x2048":["https:\/\/vapebulkp.com\/wp-content\/uploads\/2023\/12\/CRYSTAL-VAPE-VAPE-WHOLESALE-PUFF-000.png",353,519,false],"trp-custom-language-flag":["https:\/\/vapebulkp.com\/wp-content\/uploads\/2023\/12\/CRYSTAL-VAPE-VAPE-WHOLESALE-PUFF-000.png",8,12,false],"woocommerce_thumbnail":["https:\/\/vapebulkp.com\/wp-content\/uploads\/2023\/12\/CRYSTAL-VAPE-VAPE-WHOLESALE-PUFF-000-300x300.png",300,300,true],"woocommerce_single":["https:\/\/vapebulkp.com\/wp-content\/uploads\/2023\/12\/CRYSTAL-VAPE-VAPE-WHOLESALE-PUFF-000.png",353,519,false],"woocommerce_gallery_thumbnail":["https:\/\/vapebulkp.com\/wp-content\/uploads\/2023\/12\/CRYSTAL-VAPE-VAPE-WHOLESALE-PUFF-000-100x100.png",100,100,true],"wcpr-photo-reviews":["https:\/\/vapebulkp.com\/wp-content\/uploads\/2023\/12\/CRYSTAL-VAPE-VAPE-WHOLESALE-PUFF-000.png",340,500,false]},"uagb_author_info":{"display_name":"Mandy vape bulk price","author_link":"https:\/\/vapebulkp.com\/de\/author\/"},"uagb_comment_info":5,"uagb_excerpt":"Purchase the Vapme Crystal 7000 Puffs Disposable Vape Pod in larger quantities at incredible prices. Elevate your vaping journey with an extensive 7000 puffs, an 850mAh battery for prolonged use, and a generous 14ml e-liquid capacity. This premium product is available in both 2% and 5% Nicotine Salt options. Secure yours today and introduce top-tier&hellip;","_links":{"self":[{"href":"https:\/\/vapebulkp.com\/de\/wp-json\/wp\/v2\/product\/1949","targetHints":{"allow":["GET"]}}],"collection":[{"href":"https:\/\/vapebulkp.com\/de\/wp-json\/wp\/v2\/product"}],"about":[{"href":"https:\/\/vapebulkp.com\/de\/wp-json\/wp\/v2\/types\/product"}],"replies":[{"embeddable":true,"href":"https:\/\/vapebulkp.com\/de\/wp-json\/wp\/v2\/comments?post=1949"}],"wp:featuredmedia":[{"embeddable":true,"href":"https:\/\/vapebulkp.com\/de\/wp-json\/wp\/v2\/media\/1950"}],"wp:attachment":[{"href":"https:\/\/vapebulkp.com\/de\/wp-json\/wp\/v2\/media?parent=1949"}],"wp:term":[{"taxonomy":"product_cat","embeddable":true,"href":"https:\/\/vapebulkp.com\/de\/wp-json\/wp\/v2\/product_cat?post=1949"},{"taxonomy":"product_tag","embeddable":true,"href":"https:\/\/vapebulkp.com\/de\/wp-json\/wp\/v2\/product_tag?post=1949"}],"curies":[{"name":"wp","href":"https:\/\/api.w.org\/{rel}","templated":true}]}}