{"id":2302,"date":"2024-04-24T11:32:17","date_gmt":"2024-04-24T09:32:17","guid":{"rendered":"https:\/\/vapebulkp.com\/?post_type=product&#038;p=2302"},"modified":"2025-09-01T11:34:40","modified_gmt":"2025-09-01T09:34:40","slug":"discount-price-bang-shisha-15k-puffs-jnr-shisha-disposable-vape","status":"publish","type":"product","link":"https:\/\/vapebulkp.com\/de\/product\/discount-price-bang-shisha-15k-puffs-jnr-shisha-disposable-vape\/","title":{"rendered":"Sonderpreis Bang Shisha 15k Z\u00fcge JNR Shisha Einweg-Vape"},"content":{"rendered":"<h2>Sonderpreis Bang Shisha 15k Z\u00fcge JNR Shisha Einweg-Vape<\/h2>\n<p data-start=\"159\" data-end=\"409\">Die Bang Shisha 15k Puffs <strong data-start=\"163\" data-end=\"206\">Einweg-Vape<\/strong> bietet lang anhaltenden Geschmack und sanften Dampf f\u00fcr europ\u00e4ische Vaping-Enthusiasten. Mit einer gro\u00dfz\u00fcgigen E-Liquid-Kapazit\u00e4t von 23 ml bietet sie bis zu 15.000 Z\u00fcge und sorgt so f\u00fcr ununterbrochenen, langanhaltenden Genuss.<\/p>\n<p data-start=\"411\" data-end=\"734\">W\u00e4hlen Sie aus 20 sorgf\u00e4ltig kreierten Geschmacksrichtungen, darunter fruchtige Mischungen, k\u00fchle Minzen und genussvolle Dessertprofile, die f\u00fcr die unterschiedlichsten Vorlieben konzipiert wurden. Erh\u00e4ltlich in Nikotinsalzst\u00e4rken von 0%, 2%, 3% und 5%, passt sich der Gro\u00dfhandels-Vape <strong data-start=\"630\" data-end=\"673\">Bang Shisha 15k Puffs Vape Pen<\/strong> sowohl moderaten als auch st\u00e4rkeren Z\u00fcgen f\u00fcr jeden Dampfer an.<\/p>\n<p data-start=\"736\" data-end=\"968\">Ausgestattet mit einem vorgeladenen 600-mAh-Akku ist dieser Einweg-Vape jederzeit und \u00fcberall einsatzbereit. Kompakt und tragbar, wird er in einer 10-teiligen Display-Box geliefert und ist somit ideal f\u00fcr Gro\u00dfhandelsbestellungen oder den Massenvertrieb in ganz Europa.<\/p>\n<p data-start=\"970\" data-end=\"1211\">Perfekt f\u00fcr diejenigen, die Wert auf Bequemlichkeit, Geschmacksvielfalt und Premium-Qualit\u00e4t legen, die <strong data-start=\"1052\" data-end=\"1095\">Shisha rauchen<a href=\"https:\/\/vapebulkp.com\/de\/product-category\/15000-puffs-disposable-vape\/\"> 15000 Z\u00fcge Einweg-Vape<\/a><\/strong> kombiniert hohe Leistung mit modernem Design und ist damit eine herausragende Option auf dem Einweg-Vape-Markt.<\/p>\n<p><img decoding=\"async\" class=\"alignnone wp-image-2300\" src=\"http:\/\/vapebulkp.com\/wp-content\/uploads\/2024\/04\/Original-Good-Sale-Vape-Bang-Shisha-15k.png\" alt=\"Original Guter Verkauf Vape Bang Shisha 15k\" width=\"525\" height=\"525\" srcset=\"https:\/\/vapebulkp.com\/wp-content\/uploads\/2024\/04\/Original-Good-Sale-Vape-Bang-Shisha-15k.png 1060w, https:\/\/vapebulkp.com\/wp-content\/uploads\/2024\/04\/Original-Good-Sale-Vape-Bang-Shisha-15k-300x300.png 300w, https:\/\/vapebulkp.com\/wp-content\/uploads\/2024\/04\/Original-Good-Sale-Vape-Bang-Shisha-15k-1024x1024.png 1024w, https:\/\/vapebulkp.com\/wp-content\/uploads\/2024\/04\/Original-Good-Sale-Vape-Bang-Shisha-15k-150x150.png 150w, https:\/\/vapebulkp.com\/wp-content\/uploads\/2024\/04\/Original-Good-Sale-Vape-Bang-Shisha-15k-768x768.png 768w, https:\/\/vapebulkp.com\/wp-content\/uploads\/2024\/04\/Original-Good-Sale-Vape-Bang-Shisha-15k-600x600.png 600w, https:\/\/vapebulkp.com\/wp-content\/uploads\/2024\/04\/Original-Good-Sale-Vape-Bang-Shisha-15k-100x100.png 100w\" sizes=\"(max-width: 525px) 100vw, 525px\" \/><\/p>\n<h6 style=\"text-align: left\"><\/h6>\n<h6>Bitte kontaktieren Sie Mandys WhatsApp f\u00fcr einen Rabattpreis<a href=\"https:\/\/wa.me\/8618077105796\">+8618077105796<\/a><\/h6>\n<p><img decoding=\"async\" class=\"alignnone wp-image-2151\" src=\"http:\/\/vapebulkp.com\/wp-content\/uploads\/2024\/04\/Mandy-WhatsApp-Randm.jpg\" alt=\"Mandy WhatsApp Randm\" width=\"263\" height=\"280\" srcset=\"https:\/\/vapebulkp.com\/wp-content\/uploads\/2024\/04\/Mandy-WhatsApp-Randm.jpg 916w, https:\/\/vapebulkp.com\/wp-content\/uploads\/2024\/04\/Mandy-WhatsApp-Randm-282x300.jpg 282w, https:\/\/vapebulkp.com\/wp-content\/uploads\/2024\/04\/Mandy-WhatsApp-Randm-768x817.jpg 768w, https:\/\/vapebulkp.com\/wp-content\/uploads\/2024\/04\/Mandy-WhatsApp-Randm-600x638.jpg 600w\" sizes=\"(max-width: 263px) 100vw, 263px\" \/><\/p>\n<h2><span style=\"vertical-align: inherit\">Dachten, es k\u00f6nnte Sie interessieren, \u00fcber den Bang Shisha 15k Puff Einweg-Vape zu erfahren:<\/span><\/h2>\n<p>&nbsp;<\/p>\n<h6 class=\"style-scope ytd-watch-metadata\">1.Wie benutzt man den JNR Bang Shisha 15000 Puff Vape Pen?<\/h6>\n<p>1: Rei\u00dfen Sie den versiegelten Beutel auf<br \/>\n2: Rei\u00dfen Sie den Aufkleber ab<br \/>\n3: Ziehen Sie den Silikonstopfen heraus und lassen Sie ihn 10 Minuten stehen, dann k\u00f6nnen Sie ihn verwenden<\/p>\n<h6>2.Wie l\u00e4dt man das Top-Verkauf Einweg-Vape Bang Shisha 15000 Puffs Ger\u00e4t auf?<\/h6>\n<p>Schnellladeger\u00e4te k\u00f6nnen nicht verwendet werden. Die sichere Standardleistung von Einweg-E-Zigaretten betr\u00e4gt 5V 1A.<\/p>\n<p>Jede Ladezeit darf 1 Stunde nicht \u00fcberschreiten, und die sichere Ladezeit betr\u00e4gt eine halbe Stunde.<\/p>\n<h6>3.Wie viele Z\u00fcge hat der Bang Shisha 15000 Puffs Einweg-Vape-Stift?<\/h6>\n<p>\u2014-15000 Z\u00fcge<\/p>\n<p><span style=\"color: #ff6600\">Hinweis: Nicht \u00fcber Nacht aufladen!<\/span><\/p>\n<h6>4.Warum den Bang Shisha 15000 Puffs w\u00e4hlen?<\/h6>\n<ul>\n<li><strong>Bequemlichkeit<\/strong>: Kein st\u00e4ndiges Nachf\u00fcllen oder Aufladen erforderlich; der Bang Shisha 15000 Puffs wurde f\u00fcr Bequemlichkeit unterwegs konzipiert.<\/li>\n<li><strong>Geschmacksvielfalt<\/strong>: Mit 20 Geschmacksrichtungen zur Auswahl ist jeder Zug ein neues Abenteuer.<\/li>\n<li><strong>Langlebigkeit<\/strong>: Genie\u00dfen Sie 15000 Z\u00fcge pro Ger\u00e4t, was langanhaltenden Genuss sichert.<\/li>\n<li><strong>Anpassung<\/strong>: Passen Sie Ihr Erlebnis mit verschiedenen Nikotinst\u00e4rken an Ihre Vorlieben an.<\/li>\n<\/ul>\n<p>Erleben Sie die n\u00e4chste Generation des Dampfens mit Bang Shisha 15000 Puffs. Ob Sie zu Hause entspannen, mit Freunden unterwegs sind oder sich auf dem Sprung befinden, dieses Ger\u00e4t ist Ihr Begleiter f\u00fcr geschmackvolle, befriedigende Dampfsitzungen. Verbessern Sie Ihr Dampferlebnis noch heute mit Bang Shisha 15000 Puffs!<\/p>\n<p>&nbsp;<\/p>\n<h3>Gro\u00dfhandel Vape Bang Shisha 15k Puff Produktmerkmal:<\/h3>\n<p>Modell: Bang SHISHA 15000 PUFFS<br \/>\nZ\u00fcge: 15000<br \/>\nAkkukapazit\u00e4t: 600mAh<br \/>\nE-Liquid Volumen: 23ml<br \/>\nNikotingehalt: 21 mg\/ml \/\/ 51 mg\/ml Nikotinsalz<br \/>\nVerpackung: 10 St\u00fcck in 1 Display-Box<br \/>\nMindestbestellmenge (MOQ): 50 St\u00fcck<\/p>\n<h5><strong>Was ist der Original-Vape Bang Shisha<\/strong>\u00a015000 Z\u00fcge <strong>Aromen?<\/strong><\/h5>\n<p>1,Blaubeereis<br \/>\n2,Blaues Himbeereis<br \/>\n3,Kirsch-Wassermelone<br \/>\n4,Gefrorener Apfel<br \/>\n5,Kaugummi-Minze<br \/>\n6,Mango-Banane<br \/>\n7,Waldbeere Eis<br \/>\n8,Ananas Kokosnuss<br \/>\n9,Rote Beere Slush<br \/>\n10,Kiwi Passionsfrucht Guave<br \/>\n11,Cranberry Traube<br \/>\n12,Erdbeere Eis<br \/>\n13,Erdbeere Kiwi<br \/>\n14,Erdbeere Himbeere Bonbon<br \/>\n15,Wassermelone Eis<br \/>\n16,Saftige Pfirsiche<br \/>\n17,Liebe 66<br \/>\n18,Pfirsich-Mango<br \/>\n19, Red Bull<br \/>\n20,Wassermelone Erdbeere Kaugummi<\/p>\n<p><a href=\"https:\/\/vapebulkp.com\/de\/product\/popular-randm-tornado-7000puffs-disposable-vape-best-price\/\">Randm tornado 7000 Z\u00fcge<\/a><\/p>\n<p><span style=\"vertical-align: inherit\">Finden Sie weitere Produkte, die Ihnen gefallen k\u00f6nnten:<\/span><em><a href=\"https:\/\/wa.me\/8618077105796\"><span style=\"vertical-align: inherit\">\u00a0Jetzt kaufen<\/span><\/a><\/em><\/p>\n<p><span style=\"vertical-align: inherit\">Andere Puffs, die Ihnen gefallen k\u00f6nnten:<\/span><a href=\"https:\/\/vapebulkp.com\/de\/product\/good-sale-randm-tornado-10000-puffs-plus\/\"><span style=\"vertical-align: inherit\">RandM 10000 Z\u00fcge<\/span><\/a><span style=\"vertical-align: inherit\">\u2014Mit einer Zugkapazit\u00e4t von 10.000 Z\u00fcgen ist dieses Ger\u00e4t ein Favorit unter den Vaping-Enthusiasten.<\/span><\/p>\n<p><a href=\"https:\/\/vapebulkp.com\/de\/product\/wholesale-randm-tornado-9000-puffs-germany\/\"><span style=\"vertical-align: inherit\">RandM Tornado 9000 Z\u00fcge<\/span><\/a><span style=\"vertical-align: inherit\">\u2014Als beliebteste E-Zigarette bietet Randm 9.000 Z\u00fcge zum Genie\u00dfen<\/span><\/p>\n<p><a href=\"https:\/\/vapebulkp.com\/de\/product\/bang-20000-puffs-hot-vape-top-sale-vape\/\"><span style=\"vertical-align: inherit\">Bang 20000 Z\u00fcge<\/span><\/a><span style=\"vertical-align: inherit\">\u2014Bang King ist eine beliebte Marke mit einzigartigen Modellen und 20000 Z\u00fcgen<\/span><\/p>\n<p><a href=\"https:\/\/vapebulkp.com\/de\/product\/bang-king-12000puffs\/\"><span style=\"vertical-align: inherit\">Bang King 12000 Z\u00fcge<\/span><\/a>\u2014-Bang King 12000 Z\u00fcge ist eine beliebte Marke mit einzigartigen Modellen und 12.000 Z\u00fcgen, eine weitere Option zur Verbesserung Ihrer Vaping-Bed\u00fcrfnisse<\/p>\n<p><span style=\"vertical-align: inherit\">E-Zigarettenflasche in Sonderform:<\/span><a href=\"https:\/\/vapebulkp.com\/de\/product\/original-vape-bang-tn-12000-puffs-bang-vape\/\"><span style=\"vertical-align: inherit\">Bang TN 12000 Z\u00fcge<\/span><\/a><span style=\"vertical-align: inherit\">\/ <\/span><a href=\"https:\/\/vapebulkp.com\/de\/product\/vapme-crystal-7000-puffs-original-vape-good-flavor\/\"><span style=\"vertical-align: inherit\">Crystal 7000 Z\u00fcge<\/span><\/a><span style=\"vertical-align: inherit\">\/<\/span><a href=\"https:\/\/vapebulkp.com\/de\/product\/top-sale-waspe-12000puffs-disposable-vape-wholesale-france\/\"><span style=\"vertical-align: inherit\">WASPE 12000 Z\u00fcge<\/span><\/a><\/p>\n<p>&nbsp;<\/p>\n<h4>Versanddetails:<\/h4>\n<p><span style=\"color: #ff6600\">Produktionszeit: 5-10 Werktage<\/span><br \/>\n<span style=\"color: #ff6600\">Versandzeit: 8-14 Werktage<\/span><\/p>\n<p>Alle Produkte in unserem Shop sind 100% original und authentisch. Daher ist eine zehnfache Entsch\u00e4digung f\u00fcr gef\u00e4lschte Waren unsere Gesch\u00e4ftsrichtlinie. Wir verwenden Logistikkan\u00e4le wie UPS\/DHL\/FEDEX\/DPD, um Waren an Sie zu liefern.<\/p>\n<p>F\u00fcr Pakete, die nach Deutschland versandt werden, dauert die Ankunft in der Regel 10 Werktage. Der Versand in europ\u00e4ische L\u00e4nder dauert in der Regel 12 bis 15 Werktage. Wir werden die Logistikinformationen in Echtzeit f\u00fcr Sie aktualisieren.<\/p>\n<p>Kontaktieren Sie uns und wir k\u00f6nnen Ihnen Hazebar 12000 Z\u00fcge anbieten und Ihr Gesch\u00e4ft auf ein h\u00f6heres Niveau bringen!<\/p>","protected":false},"excerpt":{"rendered":"<p>Guter Preis Bang SHISHA 15000 PUFFS<\/p>\n<p>Bang Vape SHISHA 15000 PUFFS JNR Shisha<\/p>\n<p>Beliebte Bang Shisha 15k Puffs Top-Verkauf<\/p>\n<p><img decoding=\"async\" class=\"alignnone wp-image-2151\" src=\"http:\/\/vapebulkp.com\/wp-content\/uploads\/2024\/04\/Mandy-WhatsApp-Randm.jpg\" alt=\"Mandy WhatsApp Randm\" width=\"238\" height=\"253\" srcset=\"https:\/\/vapebulkp.com\/wp-content\/uploads\/2024\/04\/Mandy-WhatsApp-Randm.jpg 916w, https:\/\/vapebulkp.com\/wp-content\/uploads\/2024\/04\/Mandy-WhatsApp-Randm-282x300.jpg 282w, https:\/\/vapebulkp.com\/wp-content\/uploads\/2024\/04\/Mandy-WhatsApp-Randm-768x817.jpg 768w, https:\/\/vapebulkp.com\/wp-content\/uploads\/2024\/04\/Mandy-WhatsApp-Randm-600x638.jpg 600w\" sizes=\"(max-width: 238px) 100vw, 238px\" \/><\/p>\n<p>Bitte kontaktieren Sie Mandys WhatsApp f\u00fcr einen Rabattpreis<a href=\"https:\/\/wa.me\/8618077105796\">+8618077105796<\/a><\/p>\n<p><span style=\"color: #ff0000\">HINWEIS: Die Preise auf unserer Website enthalten keine Versandkosten<\/span><\/p>","protected":false},"featured_media":2286,"comment_status":"open","ping_status":"closed","template":"","meta":{"_uag_custom_page_level_css":"","_lmt_disableupdate":"no","_lmt_disable":"","site-sidebar-layout":"default","site-content-layout":"content-boxed-container","ast-site-content-layout":"normal-width-container","site-content-style":"boxed","site-sidebar-style":"unboxed","ast-global-header-display":"","ast-banner-title-visibility":"","ast-main-header-display":"","ast-hfb-above-header-display":"","ast-hfb-below-header-display":"","ast-hfb-mobile-header-display":"","site-post-title":"","ast-breadcrumbs-content":"","ast-featured-img":"","footer-sml-layout":"","theme-transparent-header-meta":"default","adv-header-id-meta":"","stick-header-meta":"","header-above-stick-meta":"","header-main-stick-meta":"","header-below-stick-meta":"","astra-migrate-meta-layouts":"set","_joinchat":[]},"product_cat":[165,153,155,33,59,100,98,34,158,157,154,152,58,84,156,63,32],"product_tag":[77,36,37,91,105,41,71,40],"class_list":["post-2302","product","type-product","status-publish","has-post-thumbnail","hentry","product_cat-15000-puffs-disposable-vape","product_cat-hot-disposable-vapes","product_cat-belgium-hot-disposable-vapes","product_cat-france-vape-hot-sale","product_cat-germany-hot-disposable-vape","product_cat-germany-wholesale-vape-shop","product_cat-moq-100pcs","product_cat-netherlands-vape-good-sale","product_cat-norway-hot-disposable-vapes","product_cat-poland-hot-disposable-vapes","product_cat-portugal-hot-disposable-vapes","product_cat-spain-hot-disposable-vapes","product_cat-sweden-hot-disposable-vape","product_cat-sweden-wholesale-vape","product_cat-switzerland-hot-disposable-vapes","product_cat-top-sale-disposable-vape","product_cat-vape-hot-sale-this-week","product_tag-15000-puffs","product_tag-good-vape","product_tag-hot-sale-disposable-vape","product_tag-italy-hot-vape","product_tag-jnr","product_tag-poland-hot-vape","product_tag-randm","product_tag-sweden-hot-vape","pa_brand-bang-vape","desktop-align-left","tablet-align-left","mobile-align-left"],"yoast_head":"<!-- This site is optimized with the Yoast SEO plugin v21.1 - https:\/\/yoast.com\/wordpress\/plugins\/seo\/ -->\n<title>Discount Price Bang shisha 15k Puffs JNR shisha Disposable Vape - vapebulkp.com<\/title>\n<meta name=\"description\" content=\"With a powerful 600mAh battery, Bang Shisha 15000 Puffs Disposable Vape ensures long-lasting performance, allowing you to enjoy uninterrupted vaping sessions. Say goodbye to frequent recharging and hello to extended enjoyment.\" \/>\n<meta name=\"robots\" content=\"index, follow, max-snippet:-1, max-image-preview:large, max-video-preview:-1\" \/>\n<link rel=\"canonical\" href=\"https:\/\/vapebulkp.com\/de\/product\/discount-price-bang-shisha-15k-puffs-jnr-shisha-disposable-vape\/\" \/>\n<meta property=\"og:locale\" content=\"de_DE\" \/>\n<meta property=\"og:type\" content=\"article\" \/>\n<meta property=\"og:title\" content=\"Discount Price Bang shisha 15k Puffs JNR shisha Disposable Vape - vapebulkp.com\" \/>\n<meta property=\"og:description\" content=\"With a powerful 600mAh battery, Bang Shisha 15000 Puffs Disposable Vape ensures long-lasting performance, allowing you to enjoy uninterrupted vaping sessions. Say goodbye to frequent recharging and hello to extended enjoyment.\" \/>\n<meta property=\"og:url\" content=\"https:\/\/vapebulkp.com\/de\/product\/discount-price-bang-shisha-15k-puffs-jnr-shisha-disposable-vape\/\" \/>\n<meta property=\"og:site_name\" content=\"vapebulkp.com\" \/>\n<meta property=\"article:modified_time\" content=\"2025-09-01T09:34:40+00:00\" \/>\n<meta property=\"og:image\" content=\"http:\/\/vapebulkp.com\/wp-content\/uploads\/2024\/04\/Bang-shisha-15k-PUFFS-Vape-585x1024.png\" \/>\n\t<meta property=\"og:image:width\" content=\"585\" \/>\n\t<meta property=\"og:image:height\" content=\"1024\" \/>\n\t<meta property=\"og:image:type\" content=\"image\/png\" \/>\n<meta name=\"twitter:card\" content=\"summary_large_image\" \/>\n<meta name=\"twitter:label1\" content=\"Gesch\u00e4tzte Lesezeit\" \/>\n\t<meta name=\"twitter:data1\" content=\"4\u00a0Minuten\" \/>\n<script type=\"application\/ld+json\" class=\"yoast-schema-graph\">{\"@context\":\"https:\/\/schema.org\",\"@graph\":[{\"@type\":\"WebPage\",\"@id\":\"https:\/\/vapebulkp.com\/product\/discount-price-bang-shisha-15k-puffs-jnr-shisha-disposable-vape\/\",\"url\":\"https:\/\/vapebulkp.com\/product\/discount-price-bang-shisha-15k-puffs-jnr-shisha-disposable-vape\/\",\"name\":\"Discount Price Bang shisha 15k Puffs JNR shisha Disposable Vape - vapebulkp.com\",\"isPartOf\":{\"@id\":\"https:\/\/vapebulkp.com\/#website\"},\"datePublished\":\"2024-04-24T09:32:17+00:00\",\"dateModified\":\"2025-09-01T09:34:40+00:00\",\"description\":\"With a powerful 600mAh battery, Bang Shisha 15000 Puffs Disposable Vape ensures long-lasting performance, allowing you to enjoy uninterrupted vaping sessions. Say goodbye to frequent recharging and hello to extended enjoyment.\",\"breadcrumb\":{\"@id\":\"https:\/\/vapebulkp.com\/product\/discount-price-bang-shisha-15k-puffs-jnr-shisha-disposable-vape\/#breadcrumb\"},\"inLanguage\":\"de\",\"potentialAction\":[{\"@type\":\"ReadAction\",\"target\":[\"https:\/\/vapebulkp.com\/product\/discount-price-bang-shisha-15k-puffs-jnr-shisha-disposable-vape\/\"]}]},{\"@type\":\"BreadcrumbList\",\"@id\":\"https:\/\/vapebulkp.com\/product\/discount-price-bang-shisha-15k-puffs-jnr-shisha-disposable-vape\/#breadcrumb\",\"itemListElement\":[{\"@type\":\"ListItem\",\"position\":1,\"name\":\"Home\",\"item\":\"https:\/\/vapebulkp.com\/\"},{\"@type\":\"ListItem\",\"position\":2,\"name\":\"Hot Trend Vapes\",\"item\":\"https:\/\/vapebulkp.com\/vape-shop\/\"},{\"@type\":\"ListItem\",\"position\":3,\"name\":\"Discount Price Bang shisha 15k Puffs JNR shisha Disposable Vape\"}]},{\"@type\":\"WebSite\",\"@id\":\"https:\/\/vapebulkp.com\/#website\",\"url\":\"https:\/\/vapebulkp.com\/\",\"name\":\"vapebulkp.com\",\"description\":\"Buy Vape In Cheap Bulk Price Near you\",\"publisher\":{\"@id\":\"https:\/\/vapebulkp.com\/#organization\"},\"potentialAction\":[{\"@type\":\"SearchAction\",\"target\":{\"@type\":\"EntryPoint\",\"urlTemplate\":\"https:\/\/vapebulkp.com\/?s={search_term_string}\"},\"query-input\":\"required name=search_term_string\"}],\"inLanguage\":\"de\"},{\"@type\":\"Organization\",\"@id\":\"https:\/\/vapebulkp.com\/#organization\",\"name\":\"vapebulkp.com\",\"url\":\"https:\/\/vapebulkp.com\/\",\"logo\":{\"@type\":\"ImageObject\",\"inLanguage\":\"de\",\"@id\":\"https:\/\/vapebulkp.com\/#\/schema\/logo\/image\/\",\"url\":\"https:\/\/vapebulkp.com\/wp-content\/uploads\/2023\/09\/cropped-vapebulkp.png\",\"contentUrl\":\"https:\/\/vapebulkp.com\/wp-content\/uploads\/2023\/09\/cropped-vapebulkp.png\",\"width\":516,\"height\":163,\"caption\":\"vapebulkp.com\"},\"image\":{\"@id\":\"https:\/\/vapebulkp.com\/#\/schema\/logo\/image\/\"}}]}<\/script>\n<!-- \/ Yoast SEO plugin. -->","yoast_head_json":{"title":"Discount Price Bang shisha 15k Puffs JNR shisha Disposable Vape - vapebulkp.com","description":"With a powerful 600mAh battery, Bang Shisha 15000 Puffs Disposable Vape ensures long-lasting performance, allowing you to enjoy uninterrupted vaping sessions. Say goodbye to frequent recharging and hello to extended enjoyment.","robots":{"index":"index","follow":"follow","max-snippet":"max-snippet:-1","max-image-preview":"max-image-preview:large","max-video-preview":"max-video-preview:-1"},"canonical":"https:\/\/vapebulkp.com\/de\/product\/discount-price-bang-shisha-15k-puffs-jnr-shisha-disposable-vape\/","og_locale":"de_DE","og_type":"article","og_title":"Discount Price Bang shisha 15k Puffs JNR shisha Disposable Vape - vapebulkp.com","og_description":"With a powerful 600mAh battery, Bang Shisha 15000 Puffs Disposable Vape ensures long-lasting performance, allowing you to enjoy uninterrupted vaping sessions. Say goodbye to frequent recharging and hello to extended enjoyment.","og_url":"https:\/\/vapebulkp.com\/de\/product\/discount-price-bang-shisha-15k-puffs-jnr-shisha-disposable-vape\/","og_site_name":"vapebulkp.com","article_modified_time":"2025-09-01T09:34:40+00:00","og_image":[{"width":585,"height":1024,"url":"http:\/\/vapebulkp.com\/wp-content\/uploads\/2024\/04\/Bang-shisha-15k-PUFFS-Vape-585x1024.png","type":"image\/png"}],"twitter_card":"summary_large_image","twitter_misc":{"Gesch\u00e4tzte Lesezeit":"4\u00a0Minuten"},"schema":{"@context":"https:\/\/schema.org","@graph":[{"@type":"WebPage","@id":"https:\/\/vapebulkp.com\/product\/discount-price-bang-shisha-15k-puffs-jnr-shisha-disposable-vape\/","url":"https:\/\/vapebulkp.com\/product\/discount-price-bang-shisha-15k-puffs-jnr-shisha-disposable-vape\/","name":"Discount Price Bang shisha 15k Puffs JNR shisha Disposable Vape - vapebulkp.com","isPartOf":{"@id":"https:\/\/vapebulkp.com\/#website"},"datePublished":"2024-04-24T09:32:17+00:00","dateModified":"2025-09-01T09:34:40+00:00","description":"With a powerful 600mAh battery, Bang Shisha 15000 Puffs Disposable Vape ensures long-lasting performance, allowing you to enjoy uninterrupted vaping sessions. Say goodbye to frequent recharging and hello to extended enjoyment.","breadcrumb":{"@id":"https:\/\/vapebulkp.com\/product\/discount-price-bang-shisha-15k-puffs-jnr-shisha-disposable-vape\/#breadcrumb"},"inLanguage":"de","potentialAction":[{"@type":"ReadAction","target":["https:\/\/vapebulkp.com\/product\/discount-price-bang-shisha-15k-puffs-jnr-shisha-disposable-vape\/"]}]},{"@type":"BreadcrumbList","@id":"https:\/\/vapebulkp.com\/product\/discount-price-bang-shisha-15k-puffs-jnr-shisha-disposable-vape\/#breadcrumb","itemListElement":[{"@type":"ListItem","position":1,"name":"Home","item":"https:\/\/vapebulkp.com\/"},{"@type":"ListItem","position":2,"name":"Hot Trend Vapes","item":"https:\/\/vapebulkp.com\/vape-shop\/"},{"@type":"ListItem","position":3,"name":"Discount Price Bang shisha 15k Puffs JNR shisha Disposable Vape"}]},{"@type":"WebSite","@id":"https:\/\/vapebulkp.com\/#website","url":"https:\/\/vapebulkp.com\/","name":"vapebulkp.com","description":"Buy Vape In Cheap Bulk Price Near you","publisher":{"@id":"https:\/\/vapebulkp.com\/#organization"},"potentialAction":[{"@type":"SearchAction","target":{"@type":"EntryPoint","urlTemplate":"https:\/\/vapebulkp.com\/?s={search_term_string}"},"query-input":"required name=search_term_string"}],"inLanguage":"de"},{"@type":"Organization","@id":"https:\/\/vapebulkp.com\/#organization","name":"vapebulkp.com","url":"https:\/\/vapebulkp.com\/","logo":{"@type":"ImageObject","inLanguage":"de","@id":"https:\/\/vapebulkp.com\/#\/schema\/logo\/image\/","url":"https:\/\/vapebulkp.com\/wp-content\/uploads\/2023\/09\/cropped-vapebulkp.png","contentUrl":"https:\/\/vapebulkp.com\/wp-content\/uploads\/2023\/09\/cropped-vapebulkp.png","width":516,"height":163,"caption":"vapebulkp.com"},"image":{"@id":"https:\/\/vapebulkp.com\/#\/schema\/logo\/image\/"}}]}},"uagb_featured_image_src":{"full":["https:\/\/vapebulkp.com\/wp-content\/uploads\/2024\/04\/Bang-shisha-15k-PUFFS-Vape.png",900,1575,false],"thumbnail":["https:\/\/vapebulkp.com\/wp-content\/uploads\/2024\/04\/Bang-shisha-15k-PUFFS-Vape-150x150.png",150,150,true],"medium":["https:\/\/vapebulkp.com\/wp-content\/uploads\/2024\/04\/Bang-shisha-15k-PUFFS-Vape-171x300.png",171,300,true],"medium_large":["https:\/\/vapebulkp.com\/wp-content\/uploads\/2024\/04\/Bang-shisha-15k-PUFFS-Vape-768x1344.png",768,1344,true],"large":["https:\/\/vapebulkp.com\/wp-content\/uploads\/2024\/04\/Bang-shisha-15k-PUFFS-Vape-585x1024.png",585,1024,true],"1536x1536":["https:\/\/vapebulkp.com\/wp-content\/uploads\/2024\/04\/Bang-shisha-15k-PUFFS-Vape-878x1536.png",878,1536,true],"2048x2048":["https:\/\/vapebulkp.com\/wp-content\/uploads\/2024\/04\/Bang-shisha-15k-PUFFS-Vape.png",900,1575,false],"trp-custom-language-flag":["https:\/\/vapebulkp.com\/wp-content\/uploads\/2024\/04\/Bang-shisha-15k-PUFFS-Vape.png",7,12,false],"woocommerce_thumbnail":["https:\/\/vapebulkp.com\/wp-content\/uploads\/2024\/04\/Bang-shisha-15k-PUFFS-Vape-300x300.png",300,300,true],"woocommerce_single":["https:\/\/vapebulkp.com\/wp-content\/uploads\/2024\/04\/Bang-shisha-15k-PUFFS-Vape-600x1050.png",600,1050,true],"woocommerce_gallery_thumbnail":["https:\/\/vapebulkp.com\/wp-content\/uploads\/2024\/04\/Bang-shisha-15k-PUFFS-Vape-100x100.png",100,100,true],"wcpr-photo-reviews":["https:\/\/vapebulkp.com\/wp-content\/uploads\/2024\/04\/Bang-shisha-15k-PUFFS-Vape.png",286,500,false]},"uagb_author_info":{"display_name":"Mandy vape bulk price","author_link":"https:\/\/vapebulkp.com\/de\/author\/"},"uagb_comment_info":1,"uagb_excerpt":"Good\u00a0 Price Bang SHISHA 15000 PUFFS Bang Vape\u00a0 SHISHA 15000 PUFFS\u00a0 JNR Shisha Popular Bang\u00a0 shisha 15k Puffs top sale Pls Contact Mandy's WhatsApp For Discount Price+8618077105796 NOTE: Prices on our website does not include shipping costs","_links":{"self":[{"href":"https:\/\/vapebulkp.com\/de\/wp-json\/wp\/v2\/product\/2302","targetHints":{"allow":["GET"]}}],"collection":[{"href":"https:\/\/vapebulkp.com\/de\/wp-json\/wp\/v2\/product"}],"about":[{"href":"https:\/\/vapebulkp.com\/de\/wp-json\/wp\/v2\/types\/product"}],"replies":[{"embeddable":true,"href":"https:\/\/vapebulkp.com\/de\/wp-json\/wp\/v2\/comments?post=2302"}],"wp:featuredmedia":[{"embeddable":true,"href":"https:\/\/vapebulkp.com\/de\/wp-json\/wp\/v2\/media\/2286"}],"wp:attachment":[{"href":"https:\/\/vapebulkp.com\/de\/wp-json\/wp\/v2\/media?parent=2302"}],"wp:term":[{"taxonomy":"product_cat","embeddable":true,"href":"https:\/\/vapebulkp.com\/de\/wp-json\/wp\/v2\/product_cat?post=2302"},{"taxonomy":"product_tag","embeddable":true,"href":"https:\/\/vapebulkp.com\/de\/wp-json\/wp\/v2\/product_tag?post=2302"}],"curies":[{"name":"wp","href":"https:\/\/api.w.org\/{rel}","templated":true}]}}