{"id":233,"date":"2021-08-18T03:20:53","date_gmt":"2021-08-18T01:20:53","guid":{"rendered":"https:\/\/vapebulkp.com\/product\/pachira-braid\/"},"modified":"2025-09-01T10:39:43","modified_gmt":"2025-09-01T08:39:43","slug":"disposable-vape-crystal-600-puffs","status":"publish","type":"product","link":"https:\/\/vapebulkp.com\/de\/produkt\/disposable-vape-crystal-600-puffs\/","title":{"rendered":"Gro\u00dfhandelspreis Einweg-Vape Crystal 600 Z\u00fcge"},"content":{"rendered":"<h2 style=\"text-align: left\">Gro\u00dfhandelspreis Einweg-Vape Crystal 600 Z\u00fcge<\/h2>\n<p data-start=\"152\" data-end=\"466\">Der <strong data-start=\"156\" data-end=\"197\">SKI Crystal 600 Z\u00fcge Einweg-Vape<\/strong> liefert sanfte, befriedigende Z\u00fcge in einem kompakten, reisefertigen Design. Jedes Ger\u00e4t verf\u00fcgt \u00fcber eine 2-ml-E-Liquid-Kapazit\u00e4t mit Premium-Mischungen und bietet eine Vielzahl von Geschmacksrichtungen, von kr\u00e4ftigem Tabak und k\u00fchlendem Menthol bis hin zu s\u00fc\u00dfen und fruchtigen Optionen, die jedem Geschmack gerecht werden.<\/p>\n<p data-start=\"468\" data-end=\"772\">Ausgestattet mit einer 0,8\u03a9 Mesh-Coil und einem 50-mAh-Typ-C-Akku <strong data-start=\"544\" data-end=\"573\">Einweg-Vape 600 Z\u00fcge<\/strong> sorgt f\u00fcr eine konstante Dampfproduktion und einen reichen Geschmack bei jedem Zug. Sein ergonomisches Design sorgt f\u00fcr einen bequemen Griff, w\u00e4hrend seine leichte, taschengro\u00dfe Form ihn ideal f\u00fcr das Dampfen unterwegs macht.<\/p>\n<p data-start=\"774\" data-end=\"1128\">Erh\u00e4ltlich mit Nikotinst\u00e4rken von 2% oder 5% kombiniert dieser Einweg-Vape Komfort und Leistung f\u00fcr deutsche Dampfer-Enthusiasten, die hochwertige, gebrauchsfertige Ger\u00e4te suchen. Perfekt f\u00fcr den t\u00e4glichen Gebrauch, gesellige Runden oder den Gro\u00dfhandelsvertrieb, die <strong data-start=\"1026\" data-end=\"1067\">SKI Crystal 600 Z\u00fcge wiederaufladbarer Vape<\/strong> sticht durch Zuverl\u00e4ssigkeit, Stil und Geschmacksbest\u00e4ndigkeit hervor.<\/p>\n<p><img decoding=\"async\" class=\"alignnone wp-image-1683\" src=\"http:\/\/vapebulkp.com\/wp-content\/uploads\/2021\/08\/Crystal-600-Flavors-Factory.png\" alt=\"Crystal 600 Geschmacksrichtungen Guter Preis\" width=\"426\" height=\"426\" srcset=\"https:\/\/vapebulkp.com\/wp-content\/uploads\/2021\/08\/Crystal-600-Flavors-Factory.png 500w, https:\/\/vapebulkp.com\/wp-content\/uploads\/2021\/08\/Crystal-600-Flavors-Factory-300x300.png 300w, https:\/\/vapebulkp.com\/wp-content\/uploads\/2021\/08\/Crystal-600-Flavors-Factory-150x150.png 150w, https:\/\/vapebulkp.com\/wp-content\/uploads\/2021\/08\/Crystal-600-Flavors-Factory-100x100.png 100w\" sizes=\"(max-width: 426px) 100vw, 426px\" \/><\/p>\n<h6 style=\"text-align: left\"><\/h6>\n<h6>Bitte kontaktieren Sie Mandys WhatsApp f\u00fcr einen Rabattpreis<a href=\"https:\/\/wa.me\/8618077105796\">+8618077105796<\/a><\/h6>\n<p><img decoding=\"async\" class=\"alignnone size-medium wp-image-1455\" src=\"http:\/\/vapebulkp.com\/wp-content\/uploads\/2021\/08\/WhatsApp-300x279.jpg\" alt=\"\" width=\"300\" height=\"279\" srcset=\"https:\/\/vapebulkp.com\/wp-content\/uploads\/2021\/08\/WhatsApp-300x279.jpg 300w, https:\/\/vapebulkp.com\/wp-content\/uploads\/2021\/08\/WhatsApp-1024x951.jpg 1024w, https:\/\/vapebulkp.com\/wp-content\/uploads\/2021\/08\/WhatsApp-768x713.jpg 768w, https:\/\/vapebulkp.com\/wp-content\/uploads\/2021\/08\/WhatsApp-600x557.jpg 600w, https:\/\/vapebulkp.com\/wp-content\/uploads\/2021\/08\/WhatsApp.jpg 1080w\" sizes=\"(max-width: 300px) 100vw, 300px\" \/><\/p>\n<h2><span style=\"vertical-align: inherit\">Sie k\u00f6nnten daran interessiert sein, mehr \u00fcber den Good Crystal 600 Puffs zu erfahren:<\/span><\/h2>\n<p>&nbsp;<\/p>\n<h4 class=\"style-scope ytd-watch-metadata\">1.Wie benutzt man den Crystal 600 Z\u00fcge Vape Pen?<\/h4>\n<p>Schritt 1. Vor der Verwendung des 600-Z\u00fcge-Ger\u00e4ts, ziehen Sie die Plastikh\u00fclle ab.<\/p>\n<p>Schritt 2. Warten Sie etwa 3 Minuten, damit der Saft in die Spule im Inneren gelangen kann.<\/p>\n<p>Schritt 3. Genie\u00dfen Sie es<\/p>\n<h6>2.WIE L\u00c4DT MAN DAS EINWEG-VAPE-GER\u00c4T Crystal 600 Z\u00dcGE AUF?<\/h6>\n<p>Schnellladeger\u00e4te k\u00f6nnen nicht verwendet werden. Die sichere Standardleistung von Einweg-E-Zigaretten betr\u00e4gt 5V 1A.<\/p>\n<p>Jede Ladezeit darf 1 Stunde nicht \u00fcberschreiten, und die sichere Ladezeit betr\u00e4gt eine halbe Stunde.<\/p>\n<p><span style=\"color: #ff6600\">Hinweis: Nicht \u00fcber Nacht aufladen!<\/span><\/p>\n<h4>3.Was ist die E-Liquid-Kapazit\u00e4t des Crystal 600 Z\u00fcge WAPE?<\/h4>\n<p>\u2014\u20142ml<\/p>\n<h4>4.Wie viele Z\u00fcge kann ich von diesem Crystal 600 Z\u00fcge nehmen?<\/h4>\n<p>\u2014\u2013600 Z\u00fcge<\/p>\n<h3><strong><span style=\"vertical-align: inherit\">Spezifikation f\u00fcr SKI Crystal 600 Z\u00fcge Vape-Ger\u00e4t:<\/span><br \/>\n<\/strong><\/h3>\n<p>Batterie: 50mAh (Typ C)<br \/>\nKapazit\u00e4t: 2ml<br \/>\nSpule: 0.8 Ohm Mesh<br \/>\nUngef\u00e4hres Saugvolumen: 600 Z\u00fcge<br \/>\nPlus Nikotinst\u00e4rke: 2%,5%<br \/>\nMOQ: 100 STK<\/p>\n<h3><strong>Gro\u00dfhandel Vape Crystal 600 Z\u00fcge Aromen:<\/strong><\/h3>\n<p>1.Schwarze Johannisbeere Menthol<br \/>\n2.Blaubeere Himbeere<br \/>\n3.Coca-Cola Limette<br \/>\n4.Fizz Kirsche<br \/>\n5.Wassermelone Eis<br \/>\n6.Traube Apfel Redbull<br \/>\n7.Gummib\u00e4rchen<br \/>\n8.Zitrone Limette<br \/>\n9.Kiwi Passionsfrucht Guave<br \/>\n10.Verr\u00fccktes Blau<br \/>\n11.Passionsfrucht Mango Eis<br \/>\n12.Redbull Eis<br \/>\n13.Sakura Traube<br \/>\n14.Erdbeere Himbeere Eis<br \/>\n15.Wassermelonenbonbon<br \/>\n16.Wilde Beeren<br \/>\n17.Pinke Limonade<br \/>\n18.Kirsch-Cola<br \/>\n19.K\u00e4tzchen<br \/>\n20.S\u00fc\u00dfe Minze<\/p>\n<p><a href=\"https:\/\/vapebulkp.com\/de\/produkt\/popular-randm-tornado-7000puffs-disposable-vape-best-price\/\"><span style=\"vertical-align: inherit\">RandM Tornado 7000 Z\u00fcge <\/span><\/a><\/p>\n<p><span style=\"vertical-align: inherit\">Finden Sie weitere Produkte, die Ihnen gefallen k\u00f6nnten:<\/span><em><a href=\"https:\/\/wa.me\/8618077105796\"><span style=\"vertical-align: inherit\">\u00a0Jetzt kaufen<\/span><\/a><\/em><\/p>\n<p><span style=\"vertical-align: inherit\">Andere Puffs, die Ihnen gefallen k\u00f6nnten:<\/span><a href=\"https:\/\/vapebulkp.com\/de\/produkt\/bulk-buy-kulx-8800-puffs-disposable-vape-wholesale-germany\/\"><span style=\"vertical-align: inherit\">Kulx 8800Puffs<\/span><\/a><span style=\"vertical-align: inherit\">\u3001<\/span><a href=\"https:\/\/sigvape.com\/product\/wholesale-randm-tornado-10000-plus\/\"><span style=\"vertical-align: inherit\">Bang King 12000 Z\u00fcge<\/span><\/a><span style=\"vertical-align: inherit\">\/ <\/span><a href=\"https:\/\/vapebulkp.com\/de\/produkt\/good-sale-randm-tornado-10000-puffs-plus\/\"><span style=\"vertical-align: inherit\">RandM Tornado 10000 Z\u00fcge<\/span><\/a><span style=\"vertical-align: inherit\">\/ <\/span><a href=\"https:\/\/sigvape.com\/product\/netherlands-vape-pod-crystal-8000-puffs-wholesale-price\/\"><span style=\"vertical-align: inherit\">Crystal 8000 Z\u00fcge<\/span><\/a><\/p>\n<p><span style=\"vertical-align: inherit\">E-Zigarettenflasche in Sonderform:<\/span><a href=\"https:\/\/vapebulkp.com\/de\/produkt\/wholesale-kulx-8000-puffs-disposable-vape\/\"><span style=\"vertical-align: inherit\">Cola-Form<\/span><\/a><span style=\"vertical-align: inherit\">\/ <\/span><a href=\"https:\/\/vapebulkp.com\/de\/produkt\/popular-bang-king-10000-puffs-vape-good-price\/\"><span style=\"vertical-align: inherit\">RGB-Lichter<\/span><\/a><span style=\"vertical-align: inherit\">\/<\/span><a href=\"https:\/\/sigvape.com\/product\/netherlands-vape-pod-crystal-8000-puffs-wholesale-price\/\"><span style=\"vertical-align: inherit\">Zauberkristall<\/span><\/a><\/p>\n<h4>Produktionsqualifikation:<\/h4>\n<p><img decoding=\"async\" class=\"alignnone size-full wp-image-1841\" src=\"http:\/\/vapebulkp.com\/wp-content\/uploads\/2023\/11\/Vape-production-process-2.jpeg\" alt=\"Vape-Produktionsprozess\" width=\"650\" height=\"434\" srcset=\"https:\/\/vapebulkp.com\/wp-content\/uploads\/2023\/11\/Vape-production-process-2.jpeg 650w, https:\/\/vapebulkp.com\/wp-content\/uploads\/2023\/11\/Vape-production-process-2-300x200.jpeg 300w, https:\/\/vapebulkp.com\/wp-content\/uploads\/2023\/11\/Vape-production-process-2-600x401.jpeg 600w\" sizes=\"(max-width: 650px) 100vw, 650px\" \/><\/p>\n<p><img decoding=\"async\" class=\"alignnone size-full wp-image-1843\" src=\"http:\/\/vapebulkp.com\/wp-content\/uploads\/2023\/11\/Vape-production-process.jpeg\" alt=\"Vape-Produktionsprozess\" width=\"641\" height=\"1026\" srcset=\"https:\/\/vapebulkp.com\/wp-content\/uploads\/2023\/11\/Vape-production-process.jpeg 641w, https:\/\/vapebulkp.com\/wp-content\/uploads\/2023\/11\/Vape-production-process-187x300.jpeg 187w, https:\/\/vapebulkp.com\/wp-content\/uploads\/2023\/11\/Vape-production-process-640x1024.jpeg 640w, https:\/\/vapebulkp.com\/wp-content\/uploads\/2023\/11\/Vape-production-process-600x960.jpeg 600w\" sizes=\"(max-width: 641px) 100vw, 641px\" \/><\/p>\n<h4>Versanddetails:<\/h4>\n<p><span style=\"color: #ff6600\">Produktionszeit: 5-10 Werktage<\/span><br \/>\n<span style=\"color: #ff6600\">Versandzeit: 8-14 Werktage<\/span><\/p>\n<p>Alle Produkte in unserem Shop sind 100% original und authentisch. Daher ist eine zehnfache Entsch\u00e4digung f\u00fcr gef\u00e4lschte Waren unsere Gesch\u00e4ftsrichtlinie. Wir verwenden Logistikkan\u00e4le wie UPS\/DHL\/FEDEX\/DPD, um Waren an Sie zu liefern.<\/p>\n<p>F\u00fcr Pakete, die nach Deutschland versandt werden, dauert die Ankunft in der Regel 10 Werktage. Der Versand in europ\u00e4ische L\u00e4nder dauert in der Regel 12 bis 15 Werktage. Wir werden die Logistikinformationen in Echtzeit f\u00fcr Sie aktualisieren.<\/p>\n<p>FAQ<br \/>\nF: Was ist die Mindestbestellmenge f\u00fcr Crystal 600 Z\u00fcge?<br \/>\nA: Die Mindestbestellmenge betr\u00e4gt 100 St\u00fcck.<br \/>\nF: Wie lange dauert die Lieferung der bestellten Vapes?<br \/>\nA: Normalerweise 10-15 Tage nach dem Versand<br \/>\nF: Wie hoch sind die Versandkosten?A: Die Versandkosten h\u00e4ngen vom Gewicht ab. Unterschiedliche Mengen haben unterschiedliche Versandkosten, bitte kontaktieren Sie uns, um die Versandkosten zu best\u00e4tigen.<\/p>","protected":false},"excerpt":{"rendered":"<p>Der Crystal 600 wurde im Hinblick auf Portabilit\u00e4t entwickelt und ist kompakt und ergonomisch, sodass er bequem in der Hand oder in der Tasche liegt. Er ist Ihr idealer Begleiter f\u00fcr unterwegs und sorgt daf\u00fcr, dass Sie Ihre Lieblingsgeschmacksrichtungen \u00fcberall genie\u00dfen k\u00f6nnen. Verabschieden Sie sich von der Komplexit\u00e4t des traditionellen Dampfens. Der Crystal 600 erfordert kein Aufladen, Nachf\u00fcllen oder Austauschen von Coils. Einfach auspacken, inhalieren und den au\u00dfergew\u00f6hnlichen Dampf genie\u00dfen. Heben Sie Ihr Dampferlebnis mit der Crystal 600 Einweg-E-Zigarette auf ein neues Niveau.<\/p>\n<p><img decoding=\"async\" class=\"alignnone size-medium wp-image-1455\" src=\"http:\/\/vapebulkp.com\/wp-content\/uploads\/2021\/08\/WhatsApp-300x279.jpg\" alt=\"\" width=\"300\" height=\"279\" srcset=\"https:\/\/vapebulkp.com\/wp-content\/uploads\/2021\/08\/WhatsApp-300x279.jpg 300w, https:\/\/vapebulkp.com\/wp-content\/uploads\/2021\/08\/WhatsApp-1024x951.jpg 1024w, https:\/\/vapebulkp.com\/wp-content\/uploads\/2021\/08\/WhatsApp-768x713.jpg 768w, https:\/\/vapebulkp.com\/wp-content\/uploads\/2021\/08\/WhatsApp-600x557.jpg 600w, https:\/\/vapebulkp.com\/wp-content\/uploads\/2021\/08\/WhatsApp.jpg 1080w\" sizes=\"(max-width: 300px) 100vw, 300px\" \/><\/p>\n<p>Bitte kontaktieren Sie Mandys WhatsApp f\u00fcr einen Rabattpreis<a href=\"https:\/\/wa.me\/8618077105796\">+8618077105796<\/a><\/p>\n<p><span style=\"color: #ff0000\">HINWEIS: Die Preise auf unserer Website enthalten keine Versandkosten<\/span><\/p>","protected":false},"featured_media":1684,"comment_status":"open","ping_status":"closed","template":"","meta":{"_uag_custom_page_level_css":"","_lmt_disableupdate":"no","_lmt_disable":"","site-sidebar-layout":"default","site-content-layout":"content-boxed-container","ast-site-content-layout":"normal-width-container","site-content-style":"boxed","site-sidebar-style":"unboxed","ast-global-header-display":"","ast-banner-title-visibility":"","ast-main-header-display":"","ast-hfb-above-header-display":"","ast-hfb-below-header-display":"","ast-hfb-mobile-header-display":"","site-post-title":"","ast-breadcrumbs-content":"","ast-featured-img":"","footer-sml-layout":"","theme-transparent-header-meta":"default","adv-header-id-meta":"","stick-header-meta":"","header-above-stick-meta":"","header-main-stick-meta":"","header-below-stick-meta":"","astra-migrate-meta-layouts":"set","_joinchat":[]},"product_cat":[153,155,30,33,59,100,34,158,157,154,152,58,84,156,63,32],"product_tag":[35,36,37,74],"class_list":["post-233","product","type-product","status-publish","has-post-thumbnail","hentry","product_cat-hot-disposable-vapes","product_cat-belgium-hot-disposable-vapes","product_cat-crystal-600-vape","product_cat-france-vape-hot-sale","product_cat-germany-hot-disposable-vape","product_cat-germany-wholesale-vape-shop","product_cat-netherlands-vape-good-sale","product_cat-norway-hot-disposable-vapes","product_cat-poland-hot-disposable-vapes","product_cat-portugal-hot-disposable-vapes","product_cat-spain-hot-disposable-vapes","product_cat-sweden-hot-disposable-vape","product_cat-sweden-wholesale-vape","product_cat-switzerland-hot-disposable-vapes","product_cat-top-sale-disposable-vape","product_cat-vape-hot-sale-this-week","product_tag-600puffs","product_tag-good-vape","product_tag-hot-sale-disposable-vape","product_tag-randm-vape","desktop-align-left","tablet-align-left","mobile-align-left"],"yoast_head":"<!-- This site is optimized with the Yoast SEO plugin v21.1 - https:\/\/yoast.com\/wordpress\/plugins\/seo\/ -->\n<title>Wholesale Price Disposable Vape Crystal 600 Puffs - vapebulkp.com<\/title>\n<meta name=\"description\" content=\"Enjoy smooth, convenient vaping with the 600 Puffs Disposable Vape, featuring rich flavors and a portable, ready-to-use design for European vapers.\" \/>\n<meta name=\"robots\" content=\"index, follow, max-snippet:-1, max-image-preview:large, max-video-preview:-1\" \/>\n<link rel=\"canonical\" href=\"https:\/\/vapebulkp.com\/de\/produkt\/disposable-vape-crystal-600-puffs\/\" \/>\n<meta property=\"og:locale\" content=\"de_DE\" \/>\n<meta property=\"og:type\" content=\"article\" \/>\n<meta property=\"og:title\" content=\"Wholesale Price Disposable Vape Crystal 600 Puffs - vapebulkp.com\" \/>\n<meta property=\"og:description\" content=\"Enjoy smooth, convenient vaping with the 600 Puffs Disposable Vape, featuring rich flavors and a portable, ready-to-use design for European vapers.\" \/>\n<meta property=\"og:url\" content=\"https:\/\/vapebulkp.com\/de\/produkt\/disposable-vape-crystal-600-puffs\/\" \/>\n<meta property=\"og:site_name\" content=\"vapebulkp.com\" \/>\n<meta property=\"article:modified_time\" content=\"2025-09-01T08:39:43+00:00\" \/>\n<meta property=\"og:image\" content=\"http:\/\/vapebulkp.com\/wp-content\/uploads\/2021\/08\/Crystal-600-Manufacturers.png\" \/>\n\t<meta property=\"og:image:width\" content=\"500\" \/>\n\t<meta property=\"og:image:height\" content=\"500\" \/>\n\t<meta property=\"og:image:type\" content=\"image\/png\" \/>\n<meta name=\"twitter:card\" content=\"summary_large_image\" \/>\n<meta name=\"twitter:label1\" content=\"Gesch\u00e4tzte Lesezeit\" \/>\n\t<meta name=\"twitter:data1\" content=\"4\u00a0Minuten\" \/>\n<script type=\"application\/ld+json\" class=\"yoast-schema-graph\">{\"@context\":\"https:\/\/schema.org\",\"@graph\":[{\"@type\":\"WebPage\",\"@id\":\"https:\/\/vapebulkp.com\/product\/disposable-vape-crystal-600-puffs\/\",\"url\":\"https:\/\/vapebulkp.com\/product\/disposable-vape-crystal-600-puffs\/\",\"name\":\"Wholesale Price Disposable Vape Crystal 600 Puffs - vapebulkp.com\",\"isPartOf\":{\"@id\":\"https:\/\/vapebulkp.com\/#website\"},\"datePublished\":\"2021-08-18T01:20:53+00:00\",\"dateModified\":\"2025-09-01T08:39:43+00:00\",\"description\":\"Enjoy smooth, convenient vaping with the 600 Puffs Disposable Vape, featuring rich flavors and a portable, ready-to-use design for European vapers.\",\"breadcrumb\":{\"@id\":\"https:\/\/vapebulkp.com\/product\/disposable-vape-crystal-600-puffs\/#breadcrumb\"},\"inLanguage\":\"de\",\"potentialAction\":[{\"@type\":\"ReadAction\",\"target\":[\"https:\/\/vapebulkp.com\/product\/disposable-vape-crystal-600-puffs\/\"]}]},{\"@type\":\"BreadcrumbList\",\"@id\":\"https:\/\/vapebulkp.com\/product\/disposable-vape-crystal-600-puffs\/#breadcrumb\",\"itemListElement\":[{\"@type\":\"ListItem\",\"position\":1,\"name\":\"Home\",\"item\":\"https:\/\/vapebulkp.com\/\"},{\"@type\":\"ListItem\",\"position\":2,\"name\":\"Hot Trend Vapes\",\"item\":\"https:\/\/vapebulkp.com\/vape-shop\/\"},{\"@type\":\"ListItem\",\"position\":3,\"name\":\"Wholesale Price Disposable Vape Crystal 600 Puffs\"}]},{\"@type\":\"WebSite\",\"@id\":\"https:\/\/vapebulkp.com\/#website\",\"url\":\"https:\/\/vapebulkp.com\/\",\"name\":\"vapebulkp.com\",\"description\":\"Buy Vape In Cheap Bulk Price Near you\",\"publisher\":{\"@id\":\"https:\/\/vapebulkp.com\/#organization\"},\"potentialAction\":[{\"@type\":\"SearchAction\",\"target\":{\"@type\":\"EntryPoint\",\"urlTemplate\":\"https:\/\/vapebulkp.com\/?s={search_term_string}\"},\"query-input\":\"required name=search_term_string\"}],\"inLanguage\":\"de\"},{\"@type\":\"Organization\",\"@id\":\"https:\/\/vapebulkp.com\/#organization\",\"name\":\"vapebulkp.com\",\"url\":\"https:\/\/vapebulkp.com\/\",\"logo\":{\"@type\":\"ImageObject\",\"inLanguage\":\"de\",\"@id\":\"https:\/\/vapebulkp.com\/#\/schema\/logo\/image\/\",\"url\":\"https:\/\/vapebulkp.com\/wp-content\/uploads\/2023\/09\/cropped-vapebulkp.png\",\"contentUrl\":\"https:\/\/vapebulkp.com\/wp-content\/uploads\/2023\/09\/cropped-vapebulkp.png\",\"width\":516,\"height\":163,\"caption\":\"vapebulkp.com\"},\"image\":{\"@id\":\"https:\/\/vapebulkp.com\/#\/schema\/logo\/image\/\"}}]}<\/script>\n<!-- \/ Yoast SEO plugin. -->","yoast_head_json":{"title":"Wholesale Price Disposable Vape Crystal 600 Puffs - vapebulkp.com","description":"Enjoy smooth, convenient vaping with the 600 Puffs Disposable Vape, featuring rich flavors and a portable, ready-to-use design for European vapers.","robots":{"index":"index","follow":"follow","max-snippet":"max-snippet:-1","max-image-preview":"max-image-preview:large","max-video-preview":"max-video-preview:-1"},"canonical":"https:\/\/vapebulkp.com\/de\/produkt\/disposable-vape-crystal-600-puffs\/","og_locale":"de_DE","og_type":"article","og_title":"Wholesale Price Disposable Vape Crystal 600 Puffs - vapebulkp.com","og_description":"Enjoy smooth, convenient vaping with the 600 Puffs Disposable Vape, featuring rich flavors and a portable, ready-to-use design for European vapers.","og_url":"https:\/\/vapebulkp.com\/de\/produkt\/disposable-vape-crystal-600-puffs\/","og_site_name":"vapebulkp.com","article_modified_time":"2025-09-01T08:39:43+00:00","og_image":[{"width":500,"height":500,"url":"http:\/\/vapebulkp.com\/wp-content\/uploads\/2021\/08\/Crystal-600-Manufacturers.png","type":"image\/png"}],"twitter_card":"summary_large_image","twitter_misc":{"Gesch\u00e4tzte Lesezeit":"4\u00a0Minuten"},"schema":{"@context":"https:\/\/schema.org","@graph":[{"@type":"WebPage","@id":"https:\/\/vapebulkp.com\/product\/disposable-vape-crystal-600-puffs\/","url":"https:\/\/vapebulkp.com\/product\/disposable-vape-crystal-600-puffs\/","name":"Wholesale Price Disposable Vape Crystal 600 Puffs - vapebulkp.com","isPartOf":{"@id":"https:\/\/vapebulkp.com\/#website"},"datePublished":"2021-08-18T01:20:53+00:00","dateModified":"2025-09-01T08:39:43+00:00","description":"Enjoy smooth, convenient vaping with the 600 Puffs Disposable Vape, featuring rich flavors and a portable, ready-to-use design for European vapers.","breadcrumb":{"@id":"https:\/\/vapebulkp.com\/product\/disposable-vape-crystal-600-puffs\/#breadcrumb"},"inLanguage":"de","potentialAction":[{"@type":"ReadAction","target":["https:\/\/vapebulkp.com\/product\/disposable-vape-crystal-600-puffs\/"]}]},{"@type":"BreadcrumbList","@id":"https:\/\/vapebulkp.com\/product\/disposable-vape-crystal-600-puffs\/#breadcrumb","itemListElement":[{"@type":"ListItem","position":1,"name":"Home","item":"https:\/\/vapebulkp.com\/"},{"@type":"ListItem","position":2,"name":"Hot Trend Vapes","item":"https:\/\/vapebulkp.com\/vape-shop\/"},{"@type":"ListItem","position":3,"name":"Wholesale Price Disposable Vape Crystal 600 Puffs"}]},{"@type":"WebSite","@id":"https:\/\/vapebulkp.com\/#website","url":"https:\/\/vapebulkp.com\/","name":"vapebulkp.com","description":"Buy Vape In Cheap Bulk Price Near you","publisher":{"@id":"https:\/\/vapebulkp.com\/#organization"},"potentialAction":[{"@type":"SearchAction","target":{"@type":"EntryPoint","urlTemplate":"https:\/\/vapebulkp.com\/?s={search_term_string}"},"query-input":"required name=search_term_string"}],"inLanguage":"de"},{"@type":"Organization","@id":"https:\/\/vapebulkp.com\/#organization","name":"vapebulkp.com","url":"https:\/\/vapebulkp.com\/","logo":{"@type":"ImageObject","inLanguage":"de","@id":"https:\/\/vapebulkp.com\/#\/schema\/logo\/image\/","url":"https:\/\/vapebulkp.com\/wp-content\/uploads\/2023\/09\/cropped-vapebulkp.png","contentUrl":"https:\/\/vapebulkp.com\/wp-content\/uploads\/2023\/09\/cropped-vapebulkp.png","width":516,"height":163,"caption":"vapebulkp.com"},"image":{"@id":"https:\/\/vapebulkp.com\/#\/schema\/logo\/image\/"}}]}},"uagb_featured_image_src":{"full":["https:\/\/vapebulkp.com\/wp-content\/uploads\/2021\/08\/Crystal-600-Manufacturers.png",500,500,false],"thumbnail":["https:\/\/vapebulkp.com\/wp-content\/uploads\/2021\/08\/Crystal-600-Manufacturers-150x150.png",150,150,true],"medium":["https:\/\/vapebulkp.com\/wp-content\/uploads\/2021\/08\/Crystal-600-Manufacturers-300x300.png",300,300,true],"medium_large":["https:\/\/vapebulkp.com\/wp-content\/uploads\/2021\/08\/Crystal-600-Manufacturers.png",500,500,false],"large":["https:\/\/vapebulkp.com\/wp-content\/uploads\/2021\/08\/Crystal-600-Manufacturers.png",500,500,false],"1536x1536":["https:\/\/vapebulkp.com\/wp-content\/uploads\/2021\/08\/Crystal-600-Manufacturers.png",500,500,false],"2048x2048":["https:\/\/vapebulkp.com\/wp-content\/uploads\/2021\/08\/Crystal-600-Manufacturers.png",500,500,false],"trp-custom-language-flag":["https:\/\/vapebulkp.com\/wp-content\/uploads\/2021\/08\/Crystal-600-Manufacturers.png",12,12,false],"woocommerce_thumbnail":["https:\/\/vapebulkp.com\/wp-content\/uploads\/2021\/08\/Crystal-600-Manufacturers-300x300.png",300,300,true],"woocommerce_single":["https:\/\/vapebulkp.com\/wp-content\/uploads\/2021\/08\/Crystal-600-Manufacturers.png",500,500,false],"woocommerce_gallery_thumbnail":["https:\/\/vapebulkp.com\/wp-content\/uploads\/2021\/08\/Crystal-600-Manufacturers-100x100.png",100,100,true],"wcpr-photo-reviews":["https:\/\/vapebulkp.com\/wp-content\/uploads\/2021\/08\/Crystal-600-Manufacturers.png",500,500,false]},"uagb_author_info":{"display_name":"vapebulkp.com","author_link":"https:\/\/vapebulkp.com\/de\/author\/"},"uagb_comment_info":1,"uagb_excerpt":"Designed with portability in mind, the Crystal 600 is compact and ergonomic, fitting comfortably in your hand or pocket. It's your ideal companion for vaping on the go, ensuring you can enjoy your favorite flavors wherever life takes you.Bid farewell to the complexities of traditional vaping. The Crystal 600 requires no charging, refilling, or coil&hellip;","_links":{"self":[{"href":"https:\/\/vapebulkp.com\/de\/wp-json\/wp\/v2\/product\/233","targetHints":{"allow":["GET"]}}],"collection":[{"href":"https:\/\/vapebulkp.com\/de\/wp-json\/wp\/v2\/product"}],"about":[{"href":"https:\/\/vapebulkp.com\/de\/wp-json\/wp\/v2\/types\/product"}],"replies":[{"embeddable":true,"href":"https:\/\/vapebulkp.com\/de\/wp-json\/wp\/v2\/comments?post=233"}],"wp:featuredmedia":[{"embeddable":true,"href":"https:\/\/vapebulkp.com\/de\/wp-json\/wp\/v2\/media\/1684"}],"wp:attachment":[{"href":"https:\/\/vapebulkp.com\/de\/wp-json\/wp\/v2\/media?parent=233"}],"wp:term":[{"taxonomy":"product_cat","embeddable":true,"href":"https:\/\/vapebulkp.com\/de\/wp-json\/wp\/v2\/product_cat?post=233"},{"taxonomy":"product_tag","embeddable":true,"href":"https:\/\/vapebulkp.com\/de\/wp-json\/wp\/v2\/product_tag?post=233"}],"curies":[{"name":"wp","href":"https:\/\/api.w.org\/{rel}","templated":true}]}}