{"id":2701,"date":"2024-07-26T08:28:10","date_gmt":"2024-07-26T06:28:10","guid":{"rendered":"https:\/\/vapebulkp.com\/?post_type=product&#038;p=2701"},"modified":"2025-09-24T05:15:20","modified_gmt":"2025-09-24T03:15:20","slug":"vapsolo-super-15k-puffs-wholesale-price-e-cigarette","status":"publish","type":"product","link":"https:\/\/vapebulkp.com\/de\/product\/vapsolo-super-15k-puffs-wholesale-price-e-cigarette\/","title":{"rendered":"Vapsolo SUPER 15K Z\u00fcge Gro\u00dfhandelspreis E-Zigarette"},"content":{"rendered":"<h2 style=\"text-align: left\">Vapsolo SUPER 15K Z\u00fcge Gro\u00dfhandelspreis E-Zigarette<\/h2>\n<p>&nbsp;<\/p>\n<p data-start=\"203\" data-end=\"636\"><strong data-start=\"203\" data-end=\"246\">Vapsolo SUPER 15K Puffs Einweg-Vape<\/strong> wurde f\u00fcr den europ\u00e4ischen Vaping-Markt entwickelt und bietet eine perfekte Balance aus Komfort und Leistung f\u00fcr junge erwachsene Nutzer. Dieser <a href=\"https:\/\/vapebulkp.com\/de\/product-category\/15000-puffs-disposable-vape\/\"><strong data-start=\"379\" data-end=\"408\">15k Puffs Einweg-Vape<\/strong><\/a> verf\u00fcgt \u00fcber einen leistungsstarken 650-mAh-Akku und eine 25-ml-E-Liquid-Kapazit\u00e4t, die eine lange Nutzungsdauer und eine stabile Dampfabgabe gew\u00e4hrleisten. Mit <strong data-start=\"545\" data-end=\"572\">2% und 5% Nikotin-Vape<\/strong> Optionen, bedient er verschiedene Vaping-Bed\u00fcrfnisse und Vorlieben.<\/p>\n<p data-start=\"638\" data-end=\"1016\">Mit 15 meistverkauften Geschmacksrichtungen liefert dieser <a href=\"https:\/\/vapebulkp.com\/de\/product-category\/germany-hot-disposable-vape\/\"><strong data-start=\"678\" data-end=\"707\">Gro\u00dfhandel Einweg-Vape<\/strong><\/a> einen sanften Throat Hit und konstante Zufriedenheit, was ihn zu einem zuverl\u00e4ssigen <strong data-start=\"786\" data-end=\"808\">E-Zigaretten-Ger\u00e4t<\/strong> f\u00fcr Einzelh\u00e4ndler und Konsumenten macht. Konzipiert f\u00fcr intensive Nutzung und Kosteneffizienz, ist der <strong data-start=\"891\" data-end=\"923\">Vapsolo SUPER 15K Z\u00fcge Vape<\/strong> die kluge Wahl f\u00fcr Gro\u00dfh\u00e4ndler, die das m\u00e4nnliche Marktsegment von 25\u201335 Jahren in ganz Deutschland ansprechen.<\/p>\n<p><img decoding=\"async\" class=\"alignnone wp-image-2699\" src=\"http:\/\/vapebulkp.com\/wp-content\/uploads\/2024\/07\/Vapsolo-SUPER-15K-Puffs.jpg\" alt=\"Vapsolo SUPER 15K Z\u00fcge\" width=\"783\" height=\"589\" srcset=\"https:\/\/vapebulkp.com\/wp-content\/uploads\/2024\/07\/Vapsolo-SUPER-15K-Puffs.jpg 896w, https:\/\/vapebulkp.com\/wp-content\/uploads\/2024\/07\/Vapsolo-SUPER-15K-Puffs-300x226.jpg 300w, https:\/\/vapebulkp.com\/wp-content\/uploads\/2024\/07\/Vapsolo-SUPER-15K-Puffs-768x578.jpg 768w, https:\/\/vapebulkp.com\/wp-content\/uploads\/2024\/07\/Vapsolo-SUPER-15K-Puffs-600x451.jpg 600w\" sizes=\"(max-width: 783px) 100vw, 783px\" \/><\/p>\n<h6>Bitte kontaktieren Sie Mandys WhatsApp f\u00fcr einen Rabattpreis<a href=\"https:\/\/wa.me\/8618077105796\">+8618077105796<\/a><\/h6>\n<p>&nbsp;<\/p>\n<p><img decoding=\"async\" class=\"alignnone wp-image-2151\" src=\"http:\/\/vapebulkp.com\/wp-content\/uploads\/2024\/04\/Mandy-WhatsApp-Randm.jpg\" alt=\"Mandy WhatsApp Randm\" width=\"324\" height=\"330\" \/><\/p>\n<h5>Sie k\u00f6nnten daran interessiert sein, mehr \u00fcber Vapsolo super 15000Puffs Vape zu erfahren:<\/h5>\n<h5>1.Wie benutzt man den Vapsolo super 15k Puffs Vape Pen?<\/h5>\n<p>Schritt 1. Vor der Verwendung von 15k Z\u00fcgen den Plastikschlauch abziehen.<\/p>\n<p>Schritt 2. Warten Sie etwa 3 Minuten, damit der Saft in die Spule im Inneren gelangen kann.<\/p>\n<p>Schritt 3. Genie\u00dfen Sie es<\/p>\n<h5>2.Wie l\u00e4dt man den Vapsolo SUPER Vape 15k Puffs?<\/h5>\n<p>Schnellladeger\u00e4te k\u00f6nnen nicht verwendet werden. Die sichere Standardleistung von Einweg-E-Zigaretten betr\u00e4gt 5V 1A.<\/p>\n<p>Jede Ladezeit darf 1 Stunde nicht \u00fcberschreiten, und die sichere Ladezeit betr\u00e4gt eine halbe Stunde.<\/p>\n<p><span style=\"color: #ff6600\">Hinweis: Nicht \u00fcber Nacht aufladen!<\/span><\/p>\n<h5>3.Wie gro\u00df ist die E-Liquid-Kapazit\u00e4t des Vapsolo SUPER 15000 Puffs Super Vape?<\/h5>\n<p>25 ml<\/p>\n<h5>4.Wie viele Z\u00fcge kann ich mit diesem Vapsolo super 15k Puffs nehmen?<\/h5>\n<p>\u2014\u201315000 Z\u00fcge<\/p>\n<h5>Vapsolo SUPER 15k Puffs Einweg-Vape Pod Merkmale:<\/h5>\n<p>&nbsp;<\/p>\n<ul>\n<li>\u00a0Fl\u00fcssigkeit: 25 ml vorgef\u00fcllte E-Liquid-Kartusche<\/li>\n<li>Nikotin: 2\/5% Nikotinsalz<\/li>\n<li>\u00a0650mAh Akku<\/li>\n<li>\u00a0Typ-C Smart VAPE<\/li>\n<li>\u00a015 Geschmacksrichtungen verf\u00fcgbar<\/li>\n<\/ul>\n<p>&nbsp;<\/p>\n<h5><strong>Was sind die Hot Sale Vapsolo SUPER 15000 Puffs Geschmacksrichtungen?<\/strong><\/h5>\n<p>1.BLAUE HIMBEERE<br \/>\n2.HEIDELBEEREIS<br \/>\n3.DOPPELAPFEL<br \/>\n4.WASSERMELONEN-EIS<br \/>\n5.ERDBEERE KIWI<br \/>\n6.GEMISCHTE BEEREN<br \/>\n7.ROTER STIER<br \/>\n8.HEIDELBEERE KIRSCH CRANBERRY<br \/>\n9.ZITRONE LIMETTE<br \/>\n10. SKITTLES<br \/>\n11.Schwarzes Eis Drachenfrucht Erdbeere<br \/>\n12.Heidelbeer-Kirsch-Cola<br \/>\n13. Himbeer-Wassermelone<br \/>\n14.Erdbeer Banane<br \/>\n15.Sommertraum<\/p>\n<p><a href=\"https:\/\/vapebulkp.com\/de\/product\/popular-randm-tornado-7000puffs-disposable-vape-best-price\/\"><span style=\"vertical-align: inherit\">RandM Tornado 7000 Z\u00fcge <\/span><\/a><\/p>\n<p><span style=\"vertical-align: inherit\">Finden Sie weitere Produkte, die Ihnen gefallen k\u00f6nnten:<\/span><em><a href=\"https:\/\/wa.me\/8618077105796\"><span style=\"vertical-align: inherit\">\u00a0Jetzt kaufen<\/span><\/a><\/em><\/p>\n<p><span style=\"vertical-align: inherit\">Andere Puffs, die Ihnen gefallen k\u00f6nnten:<\/span><a href=\"https:\/\/vapebulkp.com\/de\/product\/bang-with-a-vape-gear-20000-puffs-discount-price\/\"><span style=\"vertical-align: inherit\">Bang Gear Vape 20000 Z\u00fcge<\/span><\/a><span style=\"vertical-align: inherit\">\u3001<\/span><a href=\"https:\/\/vapebulkp.com\/de\/product\/wholesale-randm-tornado-9000-puffs-germany\/\"><span style=\"vertical-align: inherit\">RandM 9000 Z\u00fcge<\/span><\/a><span style=\"vertical-align: inherit\">\/ <\/span><a href=\"https:\/\/vapebulkp.com\/de\/fi\/product\/bang-30k-puffs-new-double-taste-good-vape\/\"><span style=\"vertical-align: inherit\">Bang Vape 30000 Z\u00fcge<\/span><\/a><span style=\"vertical-align: inherit\">\/ <\/span><a href=\"https:\/\/vapebulkp.com\/de\/fi\/product\/uzy-bang-digital-12000puffs-led-display-e-cigarettes\/\"><span style=\"vertical-align: inherit\">UZY Bang Digital 15000 Z\u00fcge<\/span><\/a><\/p>\n<p><span style=\"vertical-align: inherit\">E-Zigarettenflasche in Sonderform:<\/span><a href=\"https:\/\/vapebulkp.com\/de\/fi\/product\/bang-beach-22k-puffs-new-electronic-cigarette\/\"><span style=\"vertical-align: inherit\"> Bang Beach 22000 Z\u00fcge<\/span><\/a><span style=\"vertical-align: inherit\">\/ <\/span><a href=\"https:\/\/vapebulkp.com\/de\/fi\/product\/best-price-wga-crystal-pro-max-15k-puffs-original-vape\/\"><span style=\"vertical-align: inherit\">\u00a0WGA Crystal pro max 15k Z\u00fcge <\/span><\/a><span style=\"vertical-align: inherit\">\/<\/span><a href=\"https:\/\/vapebulkp.com\/de\/product\/bang-tornado-12000-puffs-rechargeable-disposable-pod\/\"><span style=\"vertical-align: inherit\"> Bang Tornado 12000 Z\u00fcge<\/span><\/a><\/p>\n<h5>Produktionsqualifikation:<\/h5>\n<p><img decoding=\"async\" class=\"alignnone size-full wp-image-1841\" src=\"http:\/\/vapebulkp.com\/wp-content\/uploads\/2023\/11\/Vape-production-process-2.jpeg\" alt=\"Vape-Produktionsprozess\" width=\"650\" height=\"434\" srcset=\"https:\/\/vapebulkp.com\/wp-content\/uploads\/2023\/11\/Vape-production-process-2.jpeg 650w, https:\/\/vapebulkp.com\/wp-content\/uploads\/2023\/11\/Vape-production-process-2-300x200.jpeg 300w, https:\/\/vapebulkp.com\/wp-content\/uploads\/2023\/11\/Vape-production-process-2-600x401.jpeg 600w\" sizes=\"(max-width: 650px) 100vw, 650px\" \/><\/p>\n<p><img decoding=\"async\" class=\"alignnone size-full wp-image-1843\" src=\"http:\/\/vapebulkp.com\/wp-content\/uploads\/2023\/11\/Vape-production-process.jpeg\" alt=\"Vape-Produktionsprozess\" width=\"641\" height=\"1026\" srcset=\"https:\/\/vapebulkp.com\/wp-content\/uploads\/2023\/11\/Vape-production-process.jpeg 641w, https:\/\/vapebulkp.com\/wp-content\/uploads\/2023\/11\/Vape-production-process-187x300.jpeg 187w, https:\/\/vapebulkp.com\/wp-content\/uploads\/2023\/11\/Vape-production-process-640x1024.jpeg 640w, https:\/\/vapebulkp.com\/wp-content\/uploads\/2023\/11\/Vape-production-process-600x960.jpeg 600w\" sizes=\"(max-width: 641px) 100vw, 641px\" \/><\/p>\n<h5>FAQ:<\/h5>\n<p>F: Was ist die Mindestbestellmenge (MOQ) von Vapsolo SUPER 15000 Puffs?<br \/>\nA: Die Mindestbestellmenge betr\u00e4gt 100 St\u00fcck.<br \/>\nF: Wie lange dauert die Lieferung der bestellten Vapes?<br \/>\nA: Normalerweise 10-15 Tage nach dem Versand<br \/>\nF: Wie hoch sind die Versandkosten?A: Die Versandkosten h\u00e4ngen vom Gewicht ab. Unterschiedliche Mengen haben unterschiedliche Versandkosten. Bitte kontaktieren Sie uns, um die Versandkosten zu best\u00e4tigen.<\/p>\n<h4>Versanddetails:<\/h4>\n<p><span style=\"color: #ff6600\">Produktionszeit: 5-10 Werktage<\/span><br \/>\n<span style=\"color: #ff6600\">Versandzeit: 8-14 Werktage<\/span><\/p>\n<p>Alle Produkte in unserem Shop sind 100% original und authentisch. Daher ist eine zehnfache Entsch\u00e4digung f\u00fcr gef\u00e4lschte Waren unsere Gesch\u00e4ftsrichtlinie. Wir verwenden Logistikkan\u00e4le wie UPS\/DHL\/FEDEX\/DPD, um Waren an Sie zu liefern.<\/p>\n<p>F\u00fcr Pakete, die nach Deutschland versandt werden, dauert die Ankunft in der Regel 10 Werktage. Der Versand in europ\u00e4ische L\u00e4nder dauert in der Regel 12 bis 15 Werktage. Wir werden die Logistikinformationen in Echtzeit f\u00fcr Sie aktualisieren.<\/p>","protected":false},"excerpt":{"rendered":"<p>Vapsolo 15k Puffs Neues Modell Vape zum reduzierten Preis<\/p>\n<h6>Bitte kontaktieren Sie Mandys WhatsApp f\u00fcr einen Rabattpreis<a href=\"https:\/\/wa.me\/8618077105796\">+8618077105796<\/a><\/h6>\n<p>&nbsp;<\/p>\n<p><img decoding=\"async\" class=\"alignnone wp-image-2151\" src=\"http:\/\/vapebulkp.com\/wp-content\/uploads\/2024\/04\/Mandy-WhatsApp-Randm.jpg\" alt=\"Mandy WhatsApp Randm\" width=\"297\" height=\"316\" srcset=\"https:\/\/vapebulkp.com\/wp-content\/uploads\/2024\/04\/Mandy-WhatsApp-Randm.jpg 916w, https:\/\/vapebulkp.com\/wp-content\/uploads\/2024\/04\/Mandy-WhatsApp-Randm-282x300.jpg 282w, https:\/\/vapebulkp.com\/wp-content\/uploads\/2024\/04\/Mandy-WhatsApp-Randm-768x817.jpg 768w, https:\/\/vapebulkp.com\/wp-content\/uploads\/2024\/04\/Mandy-WhatsApp-Randm-600x638.jpg 600w\" sizes=\"(max-width: 297px) 100vw, 297px\" \/><\/p>\n<p><span style=\"color: #ff0000\">HINWEIS: Die Preise auf unserer Website enthalten keine Versandkosten<\/span><\/p>\n<p>&nbsp;<\/p>","protected":false},"featured_media":2692,"comment_status":"open","ping_status":"closed","template":"","meta":{"_uag_custom_page_level_css":"","_lmt_disableupdate":"no","_lmt_disable":"","site-sidebar-layout":"default","site-content-layout":"content-boxed-container","ast-site-content-layout":"normal-width-container","site-content-style":"boxed","site-sidebar-style":"unboxed","ast-global-header-display":"","ast-banner-title-visibility":"","ast-main-header-display":"","ast-hfb-above-header-display":"","ast-hfb-below-header-display":"","ast-hfb-mobile-header-display":"","site-post-title":"","ast-breadcrumbs-content":"","ast-featured-img":"","footer-sml-layout":"","theme-transparent-header-meta":"default","adv-header-id-meta":"","stick-header-meta":"","header-above-stick-meta":"","header-main-stick-meta":"","header-below-stick-meta":"","astra-migrate-meta-layouts":"set","_joinchat":[]},"product_cat":[165,153,155,33,59,100,87,34,158,157,154,152,58,84,156,63,32,362],"product_tag":[36,37,41,40],"class_list":["post-2701","product","type-product","status-publish","has-post-thumbnail","hentry","product_cat-15000-puffs-disposable-vape","product_cat-hot-disposable-vapes","product_cat-belgium-hot-disposable-vapes","product_cat-france-vape-hot-sale","product_cat-germany-hot-disposable-vape","product_cat-germany-wholesale-vape-shop","product_cat-minimum-order-quantity-50pcs","product_cat-netherlands-vape-good-sale","product_cat-norway-hot-disposable-vapes","product_cat-poland-hot-disposable-vapes","product_cat-portugal-hot-disposable-vapes","product_cat-spain-hot-disposable-vapes","product_cat-sweden-hot-disposable-vape","product_cat-sweden-wholesale-vape","product_cat-switzerland-hot-disposable-vapes","product_cat-top-sale-disposable-vape","product_cat-vape-hot-sale-this-week","product_cat-vapsolo-vape","product_tag-good-vape","product_tag-hot-sale-disposable-vape","product_tag-poland-hot-vape","product_tag-sweden-hot-vape","pa_brand-vapsolo-vape","desktop-align-left","tablet-align-left","mobile-align-left"],"yoast_head":"<!-- This site is optimized with the Yoast SEO plugin v21.1 - https:\/\/yoast.com\/wordpress\/plugins\/seo\/ -->\n<title>Vapsolo SUPER 15K Puffs Wholesale Price E-Cigarette - vapebulkp.com<\/title>\n<meta name=\"description\" content=\"Buy Vapsolo SUPER 15K Puffs Disposable Vape at wholesale prices. Long-lasting 15k Puffs vape device with rich flavors and nicotine options. Perfect for EU distributors\u2014order today!\" \/>\n<meta name=\"robots\" content=\"index, follow, max-snippet:-1, max-image-preview:large, max-video-preview:-1\" \/>\n<link rel=\"canonical\" href=\"https:\/\/vapebulkp.com\/de\/product\/vapsolo-super-15k-puffs-wholesale-price-e-cigarette\/\" \/>\n<meta property=\"og:locale\" content=\"de_DE\" \/>\n<meta property=\"og:type\" content=\"article\" \/>\n<meta property=\"og:title\" content=\"Vapsolo SUPER 15K Puffs Wholesale Price E-Cigarette - vapebulkp.com\" \/>\n<meta property=\"og:description\" content=\"Buy Vapsolo SUPER 15K Puffs Disposable Vape at wholesale prices. Long-lasting 15k Puffs vape device with rich flavors and nicotine options. Perfect for EU distributors\u2014order today!\" \/>\n<meta property=\"og:url\" content=\"https:\/\/vapebulkp.com\/de\/product\/vapsolo-super-15k-puffs-wholesale-price-e-cigarette\/\" \/>\n<meta property=\"og:site_name\" content=\"vapebulkp.com\" \/>\n<meta property=\"article:modified_time\" content=\"2025-09-24T03:15:20+00:00\" \/>\n<meta property=\"og:image\" content=\"http:\/\/vapebulkp.com\/wp-content\/uploads\/2024\/07\/Vapsolo-SUPER-15K-Puffs-Good-Price.jpg\" \/>\n\t<meta property=\"og:image:width\" content=\"1276\" \/>\n\t<meta property=\"og:image:height\" content=\"1702\" \/>\n\t<meta property=\"og:image:type\" content=\"image\/jpeg\" \/>\n<meta name=\"twitter:card\" content=\"summary_large_image\" \/>\n<meta name=\"twitter:label1\" content=\"Gesch\u00e4tzte Lesezeit\" \/>\n\t<meta name=\"twitter:data1\" content=\"4\u00a0Minuten\" \/>\n<script type=\"application\/ld+json\" class=\"yoast-schema-graph\">{\"@context\":\"https:\/\/schema.org\",\"@graph\":[{\"@type\":\"WebPage\",\"@id\":\"https:\/\/vapebulkp.com\/product\/vapsolo-super-15k-puffs-wholesale-price-e-cigarette\/\",\"url\":\"https:\/\/vapebulkp.com\/product\/vapsolo-super-15k-puffs-wholesale-price-e-cigarette\/\",\"name\":\"Vapsolo SUPER 15K Puffs Wholesale Price E-Cigarette - vapebulkp.com\",\"isPartOf\":{\"@id\":\"https:\/\/vapebulkp.com\/#website\"},\"datePublished\":\"2024-07-26T06:28:10+00:00\",\"dateModified\":\"2025-09-24T03:15:20+00:00\",\"description\":\"Buy Vapsolo SUPER 15K Puffs Disposable Vape at wholesale prices. Long-lasting 15k Puffs vape device with rich flavors and nicotine options. Perfect for EU distributors\u2014order today!\",\"breadcrumb\":{\"@id\":\"https:\/\/vapebulkp.com\/product\/vapsolo-super-15k-puffs-wholesale-price-e-cigarette\/#breadcrumb\"},\"inLanguage\":\"de\",\"potentialAction\":[{\"@type\":\"ReadAction\",\"target\":[\"https:\/\/vapebulkp.com\/product\/vapsolo-super-15k-puffs-wholesale-price-e-cigarette\/\"]}]},{\"@type\":\"BreadcrumbList\",\"@id\":\"https:\/\/vapebulkp.com\/product\/vapsolo-super-15k-puffs-wholesale-price-e-cigarette\/#breadcrumb\",\"itemListElement\":[{\"@type\":\"ListItem\",\"position\":1,\"name\":\"Home\",\"item\":\"https:\/\/vapebulkp.com\/\"},{\"@type\":\"ListItem\",\"position\":2,\"name\":\"Hot Trend Vapes\",\"item\":\"https:\/\/vapebulkp.com\/vape-shop\/\"},{\"@type\":\"ListItem\",\"position\":3,\"name\":\"Vapsolo SUPER 15K Puffs Wholesale Price E-Cigarette\"}]},{\"@type\":\"WebSite\",\"@id\":\"https:\/\/vapebulkp.com\/#website\",\"url\":\"https:\/\/vapebulkp.com\/\",\"name\":\"vapebulkp.com\",\"description\":\"Buy Vape In Cheap Bulk Price Near you\",\"publisher\":{\"@id\":\"https:\/\/vapebulkp.com\/#organization\"},\"potentialAction\":[{\"@type\":\"SearchAction\",\"target\":{\"@type\":\"EntryPoint\",\"urlTemplate\":\"https:\/\/vapebulkp.com\/?s={search_term_string}\"},\"query-input\":\"required name=search_term_string\"}],\"inLanguage\":\"de\"},{\"@type\":\"Organization\",\"@id\":\"https:\/\/vapebulkp.com\/#organization\",\"name\":\"vapebulkp.com\",\"url\":\"https:\/\/vapebulkp.com\/\",\"logo\":{\"@type\":\"ImageObject\",\"inLanguage\":\"de\",\"@id\":\"https:\/\/vapebulkp.com\/#\/schema\/logo\/image\/\",\"url\":\"https:\/\/vapebulkp.com\/wp-content\/uploads\/2023\/09\/cropped-vapebulkp.png\",\"contentUrl\":\"https:\/\/vapebulkp.com\/wp-content\/uploads\/2023\/09\/cropped-vapebulkp.png\",\"width\":516,\"height\":163,\"caption\":\"vapebulkp.com\"},\"image\":{\"@id\":\"https:\/\/vapebulkp.com\/#\/schema\/logo\/image\/\"}}]}<\/script>\n<!-- \/ Yoast SEO plugin. -->","yoast_head_json":{"title":"Vapsolo SUPER 15K Puffs Wholesale Price E-Cigarette - vapebulkp.com","description":"Buy Vapsolo SUPER 15K Puffs Disposable Vape at wholesale prices. Long-lasting 15k Puffs vape device with rich flavors and nicotine options. Perfect for EU distributors\u2014order today!","robots":{"index":"index","follow":"follow","max-snippet":"max-snippet:-1","max-image-preview":"max-image-preview:large","max-video-preview":"max-video-preview:-1"},"canonical":"https:\/\/vapebulkp.com\/de\/product\/vapsolo-super-15k-puffs-wholesale-price-e-cigarette\/","og_locale":"de_DE","og_type":"article","og_title":"Vapsolo SUPER 15K Puffs Wholesale Price E-Cigarette - vapebulkp.com","og_description":"Buy Vapsolo SUPER 15K Puffs Disposable Vape at wholesale prices. Long-lasting 15k Puffs vape device with rich flavors and nicotine options. Perfect for EU distributors\u2014order today!","og_url":"https:\/\/vapebulkp.com\/de\/product\/vapsolo-super-15k-puffs-wholesale-price-e-cigarette\/","og_site_name":"vapebulkp.com","article_modified_time":"2025-09-24T03:15:20+00:00","og_image":[{"width":1276,"height":1702,"url":"http:\/\/vapebulkp.com\/wp-content\/uploads\/2024\/07\/Vapsolo-SUPER-15K-Puffs-Good-Price.jpg","type":"image\/jpeg"}],"twitter_card":"summary_large_image","twitter_misc":{"Gesch\u00e4tzte Lesezeit":"4\u00a0Minuten"},"schema":{"@context":"https:\/\/schema.org","@graph":[{"@type":"WebPage","@id":"https:\/\/vapebulkp.com\/product\/vapsolo-super-15k-puffs-wholesale-price-e-cigarette\/","url":"https:\/\/vapebulkp.com\/product\/vapsolo-super-15k-puffs-wholesale-price-e-cigarette\/","name":"Vapsolo SUPER 15K Puffs Wholesale Price E-Cigarette - vapebulkp.com","isPartOf":{"@id":"https:\/\/vapebulkp.com\/#website"},"datePublished":"2024-07-26T06:28:10+00:00","dateModified":"2025-09-24T03:15:20+00:00","description":"Buy Vapsolo SUPER 15K Puffs Disposable Vape at wholesale prices. Long-lasting 15k Puffs vape device with rich flavors and nicotine options. Perfect for EU distributors\u2014order today!","breadcrumb":{"@id":"https:\/\/vapebulkp.com\/product\/vapsolo-super-15k-puffs-wholesale-price-e-cigarette\/#breadcrumb"},"inLanguage":"de","potentialAction":[{"@type":"ReadAction","target":["https:\/\/vapebulkp.com\/product\/vapsolo-super-15k-puffs-wholesale-price-e-cigarette\/"]}]},{"@type":"BreadcrumbList","@id":"https:\/\/vapebulkp.com\/product\/vapsolo-super-15k-puffs-wholesale-price-e-cigarette\/#breadcrumb","itemListElement":[{"@type":"ListItem","position":1,"name":"Home","item":"https:\/\/vapebulkp.com\/"},{"@type":"ListItem","position":2,"name":"Hot Trend Vapes","item":"https:\/\/vapebulkp.com\/vape-shop\/"},{"@type":"ListItem","position":3,"name":"Vapsolo SUPER 15K Puffs Wholesale Price E-Cigarette"}]},{"@type":"WebSite","@id":"https:\/\/vapebulkp.com\/#website","url":"https:\/\/vapebulkp.com\/","name":"vapebulkp.com","description":"Buy Vape In Cheap Bulk Price Near you","publisher":{"@id":"https:\/\/vapebulkp.com\/#organization"},"potentialAction":[{"@type":"SearchAction","target":{"@type":"EntryPoint","urlTemplate":"https:\/\/vapebulkp.com\/?s={search_term_string}"},"query-input":"required name=search_term_string"}],"inLanguage":"de"},{"@type":"Organization","@id":"https:\/\/vapebulkp.com\/#organization","name":"vapebulkp.com","url":"https:\/\/vapebulkp.com\/","logo":{"@type":"ImageObject","inLanguage":"de","@id":"https:\/\/vapebulkp.com\/#\/schema\/logo\/image\/","url":"https:\/\/vapebulkp.com\/wp-content\/uploads\/2023\/09\/cropped-vapebulkp.png","contentUrl":"https:\/\/vapebulkp.com\/wp-content\/uploads\/2023\/09\/cropped-vapebulkp.png","width":516,"height":163,"caption":"vapebulkp.com"},"image":{"@id":"https:\/\/vapebulkp.com\/#\/schema\/logo\/image\/"}}]}},"uagb_featured_image_src":{"full":["https:\/\/vapebulkp.com\/wp-content\/uploads\/2024\/07\/Vapsolo-SUPER-15K-Puffs-Good-Price.jpg",1276,1702,false],"thumbnail":["https:\/\/vapebulkp.com\/wp-content\/uploads\/2024\/07\/Vapsolo-SUPER-15K-Puffs-Good-Price-150x150.jpg",150,150,true],"medium":["https:\/\/vapebulkp.com\/wp-content\/uploads\/2024\/07\/Vapsolo-SUPER-15K-Puffs-Good-Price-225x300.jpg",225,300,true],"medium_large":["https:\/\/vapebulkp.com\/wp-content\/uploads\/2024\/07\/Vapsolo-SUPER-15K-Puffs-Good-Price-768x1024.jpg",768,1024,true],"large":["https:\/\/vapebulkp.com\/wp-content\/uploads\/2024\/07\/Vapsolo-SUPER-15K-Puffs-Good-Price-768x1024.jpg",768,1024,true],"1536x1536":["https:\/\/vapebulkp.com\/wp-content\/uploads\/2024\/07\/Vapsolo-SUPER-15K-Puffs-Good-Price-1152x1536.jpg",1152,1536,true],"2048x2048":["https:\/\/vapebulkp.com\/wp-content\/uploads\/2024\/07\/Vapsolo-SUPER-15K-Puffs-Good-Price.jpg",1276,1702,false],"trp-custom-language-flag":["https:\/\/vapebulkp.com\/wp-content\/uploads\/2024\/07\/Vapsolo-SUPER-15K-Puffs-Good-Price.jpg",9,12,false],"woocommerce_thumbnail":["https:\/\/vapebulkp.com\/wp-content\/uploads\/2024\/07\/Vapsolo-SUPER-15K-Puffs-Good-Price-300x300.jpg",300,300,true],"woocommerce_single":["https:\/\/vapebulkp.com\/wp-content\/uploads\/2024\/07\/Vapsolo-SUPER-15K-Puffs-Good-Price-600x800.jpg",600,800,true],"woocommerce_gallery_thumbnail":["https:\/\/vapebulkp.com\/wp-content\/uploads\/2024\/07\/Vapsolo-SUPER-15K-Puffs-Good-Price-100x100.jpg",100,100,true],"wcpr-photo-reviews":["https:\/\/vapebulkp.com\/wp-content\/uploads\/2024\/07\/Vapsolo-SUPER-15K-Puffs-Good-Price.jpg",375,500,false]},"uagb_author_info":{"display_name":"Mandy vape bulk price","author_link":"https:\/\/vapebulkp.com\/de\/author\/"},"uagb_comment_info":0,"uagb_excerpt":"Discount Price Vapsolo\u00a0 15k Puffs\u00a0 New Model\u00a0 Vape Pls Contact Mandy's WhatsApp For Discount Price+8618077105796 &nbsp; NOTE: Prices on our website does not include shipping costs &nbsp;","_links":{"self":[{"href":"https:\/\/vapebulkp.com\/de\/wp-json\/wp\/v2\/product\/2701","targetHints":{"allow":["GET"]}}],"collection":[{"href":"https:\/\/vapebulkp.com\/de\/wp-json\/wp\/v2\/product"}],"about":[{"href":"https:\/\/vapebulkp.com\/de\/wp-json\/wp\/v2\/types\/product"}],"replies":[{"embeddable":true,"href":"https:\/\/vapebulkp.com\/de\/wp-json\/wp\/v2\/comments?post=2701"}],"wp:featuredmedia":[{"embeddable":true,"href":"https:\/\/vapebulkp.com\/de\/wp-json\/wp\/v2\/media\/2692"}],"wp:attachment":[{"href":"https:\/\/vapebulkp.com\/de\/wp-json\/wp\/v2\/media?parent=2701"}],"wp:term":[{"taxonomy":"product_cat","embeddable":true,"href":"https:\/\/vapebulkp.com\/de\/wp-json\/wp\/v2\/product_cat?post=2701"},{"taxonomy":"product_tag","embeddable":true,"href":"https:\/\/vapebulkp.com\/de\/wp-json\/wp\/v2\/product_tag?post=2701"}],"curies":[{"name":"wp","href":"https:\/\/api.w.org\/{rel}","templated":true}]}}