{"id":3180,"date":"2024-11-28T10:13:37","date_gmt":"2024-11-28T09:13:37","guid":{"rendered":"https:\/\/vapebulkp.com\/?post_type=product&#038;p=3180"},"modified":"2025-09-24T05:38:14","modified_gmt":"2025-09-24T03:38:14","slug":"jnr-vape-watch-18-30k-puffs-2-nic-wholesale-price-disposable-vape","status":"publish","type":"product","link":"https:\/\/vapebulkp.com\/de\/product\/jnr-vape-watch-18-30k-puffs-2-nic-wholesale-price-disposable-vape\/","title":{"rendered":"JNR Vape Watch 18\/30K Z\u00fcge 2% Nic Gro\u00dfhandelspreis Einweg Vape"},"content":{"rendered":"<h1 style=\"text-align: left\">JNR Vape Watch 18\/30K Z\u00fcge 2% Nic Gro\u00dfhandelspreis Einweg Vape<\/h1>\n<p>Holen Sie sich die JNR Vape Watch, einen modernen Einweg-Vape, der f\u00fcr lange Nutzung und \u00fcberlegenen Geschmack entwickelt wurde. Mit Optionen f\u00fcr <b>18.000 oder 30.000 Z\u00fcge<\/b>, ist dieses Ger\u00e4t auf Langlebigkeit und langanhaltende Leistung ausgelegt. Die <b>JNR Vape Watch 18\/30K Z\u00fcge<\/b> wird mit 19ml Premium-E-Liquid vorbef\u00fcllt geliefert und sorgt bei jedem Zug f\u00fcr ein sanftes und befriedigendes Dampferlebnis.<\/p>\n<p>Angetrieben wird dieses innovative Ger\u00e4t von einem <b>1000mAh wiederaufladbaren Akku<\/b> mit einem praktischen Typ-C-Schnellladeanschluss. Die fortschrittliche Mesh-Coil-Technologie liefert reichen, dichten Dampf und intensiven Geschmack, perfekt f\u00fcr neue Dampfer und erfahrene Benutzer. Sein schlankes, uhreninspiriertes Design macht die <a href=\"https:\/\/vapebulkp.com\/de\/product-category\/30000-puff-disposable-vape\/\"><b>30000 Puffs Einweg-Vape<\/b><\/a> zu einem diskreten und stilvollen Accessoire.<\/p>\n<p>Wir bieten Gro\u00dfhandelspreise f\u00fcr die <b>JNR Vape-Uhr<\/b>, was es zu einer klugen Wahl f\u00fcr europ\u00e4ische H\u00e4ndler macht, die nach hochwertigen, <strong>Vapes mit hoher Kapazit\u00e4t suchen<\/strong>. Es ist das ideale Produkt, um die Nachfrage des anspruchsvollen m\u00e4nnlichen Verbrauchers im Alter von 25-35 Jahren zu erf\u00fcllen.<\/p>\n<h6>Bitte kontaktieren Sie Mandys WhatsApp f\u00fcr einen Rabattpreis<a href=\"https:\/\/wa.me\/8618077105796\">+8618077105796<\/a><\/h6>\n<p><img decoding=\"async\" class=\"alignnone wp-image-2151\" src=\"http:\/\/vapebulkp.com\/wp-content\/uploads\/2024\/04\/Mandy-WhatsApp-Randm.jpg\" alt=\"Mandy WhatsApp Randm\" width=\"287\" height=\"305\" srcset=\"https:\/\/vapebulkp.com\/wp-content\/uploads\/2024\/04\/Mandy-WhatsApp-Randm.jpg 916w, https:\/\/vapebulkp.com\/wp-content\/uploads\/2024\/04\/Mandy-WhatsApp-Randm-282x300.jpg 282w, https:\/\/vapebulkp.com\/wp-content\/uploads\/2024\/04\/Mandy-WhatsApp-Randm-768x817.jpg 768w, https:\/\/vapebulkp.com\/wp-content\/uploads\/2024\/04\/Mandy-WhatsApp-Randm-600x638.jpg 600w\" sizes=\"(max-width: 287px) 100vw, 287px\" \/><\/p>\n<h2><strong>Warum die JNR Watch 18K\/30k Puffs Vape von Vapebulkp.com w\u00e4hlen?<\/strong><\/h2>\n<ul>\n<li><strong>Un\u00fcbertroffene Qualit\u00e4t<\/strong>: Bis zu <strong>30.000 Z\u00fcgen<\/strong> mit fortschrittlicher <strong>Mesh-Coil-Technologie<\/strong> f\u00fcr sanfte, geschmackvolle Z\u00fcge.<\/li>\n<li><strong>Exklusiver Miami Mint Geschmack<\/strong>: Knackig, k\u00fchl und perfekt ausbalanciert f\u00fcr ein erfrischendes Dampferlebnis.<\/li>\n<li><strong>Wiederaufladbarer Komfort<\/strong>: <strong>1000mAh Akku<\/strong> mit <strong>Typ-C-Schnellladung<\/strong> f\u00fcr ununterbrochene Nutzung.<\/li>\n<li><strong>Stilvolles Design<\/strong>: Schlankes, uhreninspiriertes Aussehen f\u00fcr Eleganz und Portabilit\u00e4t.<\/li>\n<li><strong>Vertrauensw\u00fcrdiger H\u00e4ndler<\/strong>: Vapebulkp.com bietet wettbewerbsf\u00e4hige Preise und zuverl\u00e4ssigen Kundenservice.<\/li>\n<\/ul>\n<p>&nbsp;<\/p>\n<div class=\"mb-2 flex gap-3 empty:hidden -ml-2\">\n<div class=\"items-center justify-start rounded-xl p-1 flex\">\n<h2>Wichtige Highlights der <strong>JNR Uhr 18K\/30K Z\u00fcge<\/strong> :<\/h2>\n<ul>\n<li><strong>Gro\u00dfz\u00fcgige Zugzahl<\/strong>: Bis zu <strong>30.000 Z\u00fcgen<\/strong>, perfekt f\u00fcr den langlebigen Gebrauch.<\/li>\n<li><strong>Premium E-Liquid-Kapazit\u00e4t<\/strong>: <strong>19ml<\/strong>, was einen gleichbleibenden Geschmack vom ersten bis zum letzten Zug gew\u00e4hrleistet.<\/li>\n<li><strong>Hochentwickelte Mesh-Coil<\/strong>: Sorgt f\u00fcr sanftere Z\u00fcge, reichen Geschmack und zuverl\u00e4ssige Leistung.<\/li>\n<li><strong>Stilvolles und dezentes Design<\/strong>: Die uhreninspirierte Form macht es reisefreundlich und m\u00fchelos elegant.<\/li>\n<li><strong>Effizientes Aufladen<\/strong>: <strong>1000mAh Akku<\/strong> mit <strong>Typ-C-Anschluss<\/strong> f\u00fcr schnelle und zuverl\u00e4ssige Aufladungen.<\/li>\n<\/ul>\n<\/div>\n<\/div>\n<h3>JNR Vape Watch 18\/30K Z\u00fcge <strong>Aromenliste:<\/strong><\/h3>\n<p>1. Blaue Himbeere mit Eis<br \/>\n2. Erdbeere mit Eis<br \/>\n3. Wassermelone mit Eis<br \/>\n4.Miami Minze<br \/>\n5. Erdbeer-Banane<br \/>\n6. Dreifache Beere<br \/>\n7. Saurer Apfel Eis<br \/>\n8.Heidelbeer-Wassermelone<br \/>\n9. Georgia Pfirsich<br \/>\n10. Orange Mango<\/p>\n<p><a href=\"https:\/\/vapebulkp.com\/de\/product\/jnr-media-max-40000-puffs-high-capacity-1000mah-disposable-vape\/\"><span style=\"vertical-align: inherit\">JNR MEDIA MAX 40000 Z\u00fcge <\/span><\/a><\/p>\n<p><span style=\"vertical-align: inherit\">Finden Sie weitere Produkte, die Ihnen gefallen k\u00f6nnten:<\/span><em><a href=\"https:\/\/wa.me\/8618077105796\"><span style=\"vertical-align: inherit\">\u00a0Jetzt kaufen<\/span><\/a><\/em><\/p>\n<p><span style=\"vertical-align: inherit\">Andere Puffs, die Ihnen gefallen k\u00f6nnten:<\/span><a href=\"https:\/\/vapebulkp.com\/de\/product\/uzy-bang-king-12k-disposable-vape-affordable-price\/\"><span style=\"vertical-align: inherit\">UZY Bang King 12000 Z\u00fcge<\/span><\/a><span style=\"vertical-align: inherit\">\u3001<\/span><a href=\"https:\/\/vapebulkp.com\/de\/product\/wholesale-randm-tornado-9000-puffs-germany\/\"><span style=\"vertical-align: inherit\">RandM 9000 Z\u00fcge<\/span><\/a><span style=\"vertical-align: inherit\">\/ <\/span><a href=\"https:\/\/vapebulkp.com\/de\/product\/bang-king-12000puffs\/\"><span style=\"vertical-align: inherit\">Bang King 12000 Z\u00fcge<\/span><\/a><span style=\"vertical-align: inherit\">\/ <\/span><a href=\"https:\/\/vapebulkp.com\/de\/product\/vapme-crystal-disposable-vape-20000-puffs-big-smok-2-nicotine\/\"><span style=\"vertical-align: inherit\">Vapme Crystal 20k Z\u00fcge<\/span><\/a><\/p>\n<p><span style=\"vertical-align: inherit\">E-Zigarettenflasche in Sonderform:<\/span><a href=\"https:\/\/vapebulkp.com\/de\/product\/randm-fumot-tornado-30k-puffs-rechargeable-vapes-best-sale\/\"><span style=\"vertical-align: inherit\"> Fumot Tornado 30000 Z\u00fcge<\/span><\/a><span style=\"vertical-align: inherit\">\/ <\/span><a href=\"https:\/\/vapebulkp.com\/de\/product\/jnr-alien-10000-puffs-randm-vape-wholesale-price\/\"><span style=\"vertical-align: inherit\">\u00a0JNR Alien 10000 Z\u00fcge <\/span><\/a><span style=\"vertical-align: inherit\">\/<\/span><a href=\"https:\/\/vapebulkp.com\/de\/product\/wga-crystal-plus-16000-puffs-led-light-disposable-vape\/\"><span style=\"vertical-align: inherit\"> WGA Crystal 16000 Z\u00fcge<\/span><\/a><\/p>\n<p>&nbsp;<\/p>\n<h4><strong>FAQs zur JNR Vape Watch 18K\/30K Z\u00fcge:<\/strong><\/h4>\n<p><strong>1. Wie viele Z\u00fcge bietet die JNR Vape Watch?<\/strong><br \/>\nDie JNR Vape Watch bietet bis zu <strong>18.000 und 30.000 Z\u00fcge<\/strong>, je nach Modell, was sie ideal f\u00fcr den Langzeitgebrauch macht.<\/p>\n<p><strong>2. Was ist die E-Fl\u00fcssigkeitskapazit\u00e4t der JNR Vape Watch 18k\/30k Zug Einweg-Vape?<\/strong><br \/>\nJede JNR Vape Watch ist vorbef\u00fcllt mit <strong>19ml Premium-E-Liquid<\/strong>, was f\u00fcr gleichbleibenden Geschmack und sanften Dampf w\u00e4hrend ihrer gesamten Lebensdauer sorgt.<\/p>\n<p><strong>3. Ist die JNR VAPE 30000 Zug Vape-Batterie wiederaufladbar?<\/strong><br \/>\nJa, er verf\u00fcgt \u00fcber einen <strong>1000mAh wiederaufladbaren Akku<\/strong> und unterst\u00fctzt <strong>Typ-C-Schnellladung<\/strong>, sodass Sie sie nach Bedarf bequem aufladen k\u00f6nnen.<\/p>\n<p><strong>4. Welche Geschmacksoptionen sind f\u00fcr die JNR Vape Watch 30000 Z\u00fcge verf\u00fcgbar?<\/strong><br \/>\nDer herausragende Geschmack ist <strong>Miami Minze<\/strong>, liefert einen knackigen, erfrischenden Geschmack mit einer perfekten Balance aus K\u00fchle und subtiler S\u00fc\u00dfe.<\/p>\n<p><strong>5. Ist die JNR Vape Watch 30k Puffs Hot Vape leicht zu tragen?<\/strong><br \/>\nAbsolut! Ihr <strong>schlankes, uhreninspiriertes Design<\/strong> ist sowohl stilvoll als auch tragbar und somit perfekt f\u00fcr das Dampfen unterwegs.<\/p>\n<h4>Versanddetails:<\/h4>\n<p><span style=\"color: #ff6600\">Produktionszeit: 5-10 Werktage<\/span><br \/>\n<span style=\"color: #ff6600\">Versandzeit: 8-14 Werktage<\/span><\/p>\n<p>Alle Produkte in unserem Shop sind 100% original und authentisch. Daher ist eine zehnfache Entsch\u00e4digung f\u00fcr gef\u00e4lschte Waren unsere Gesch\u00e4ftsrichtlinie. Wir verwenden Logistikkan\u00e4le wie UPS\/DHL\/FEDEX\/DPD, um Waren an Sie zu liefern.<\/p>\n<p>F\u00fcr Pakete, die nach Deutschland versandt werden, dauert die Ankunft in der Regel 10 Werktage. Der Versand in europ\u00e4ische L\u00e4nder dauert in der Regel 12 bis 15 Werktage. Wir werden die Logistikinformationen in Echtzeit f\u00fcr Sie aktualisieren.<\/p>","protected":false},"excerpt":{"rendered":"<p><strong>JNR Vape Watch 18K\/30K Z\u00fcge Einweg-Vape<\/strong> bietet bis zu <strong>30.000 Z\u00fcgen<\/strong>, mit <strong>19ml Premium-E-Liquid<\/strong>, einem <strong>1000mAh wiederaufladbaren Akku<\/strong>, und <strong>Mesh-Coil-Technologie<\/strong> f\u00fcr reichen Geschmack und sanften Dampf. Sein <strong>Miami Mint Geschmack<\/strong> liefert einen knackigen, erfrischenden Geschmack, w\u00e4hrend das schlanke, uhreninspirierte Design Portabilit\u00e4t und Stil gew\u00e4hrleistet.<\/p>\n<p><img decoding=\"async\" class=\"alignnone wp-image-2151\" src=\"http:\/\/vapebulkp.com\/wp-content\/uploads\/2024\/04\/Mandy-WhatsApp-Randm.jpg\" alt=\"Mandy WhatsApp Randm\" width=\"234\" height=\"249\" srcset=\"https:\/\/vapebulkp.com\/wp-content\/uploads\/2024\/04\/Mandy-WhatsApp-Randm.jpg 916w, https:\/\/vapebulkp.com\/wp-content\/uploads\/2024\/04\/Mandy-WhatsApp-Randm-282x300.jpg 282w, https:\/\/vapebulkp.com\/wp-content\/uploads\/2024\/04\/Mandy-WhatsApp-Randm-768x817.jpg 768w, https:\/\/vapebulkp.com\/wp-content\/uploads\/2024\/04\/Mandy-WhatsApp-Randm-600x638.jpg 600w\" sizes=\"(max-width: 234px) 100vw, 234px\" \/><\/p>\n<p>Bitte kontaktieren Sie Mandys WhatsApp f\u00fcr einen Rabattpreis<a href=\"https:\/\/wa.me\/8618077105796\">+8618077105796<\/a><\/p>\n<p><span style=\"color: #ff0000\">HINWEIS: Die Preise auf unserer Website enthalten keine Versandkosten<\/span><\/p>\n<p>&nbsp;<\/p>","protected":false},"featured_media":3170,"comment_status":"open","ping_status":"closed","template":"","meta":{"_uag_custom_page_level_css":"","_lmt_disableupdate":"no","_lmt_disable":"","site-sidebar-layout":"default","site-content-layout":"content-boxed-container","ast-site-content-layout":"normal-width-container","site-content-style":"boxed","site-sidebar-style":"unboxed","ast-global-header-display":"","ast-banner-title-visibility":"","ast-main-header-display":"","ast-hfb-above-header-display":"","ast-hfb-below-header-display":"","ast-hfb-mobile-header-display":"","site-post-title":"","ast-breadcrumbs-content":"","ast-featured-img":"","footer-sml-layout":"","theme-transparent-header-meta":"default","adv-header-id-meta":"","stick-header-meta":"","header-above-stick-meta":"","header-main-stick-meta":"","header-below-stick-meta":"","astra-migrate-meta-layouts":"set","_joinchat":[]},"product_cat":[160,153,155,33,59,100,353,34,158,157,154,152,58,84,156,63,32],"product_tag":[36,37,186,41,40],"class_list":["post-3180","product","type-product","status-publish","has-post-thumbnail","hentry","product_cat-30000-puff-disposable-vape","product_cat-hot-disposable-vapes","product_cat-belgium-hot-disposable-vapes","product_cat-france-vape-hot-sale","product_cat-germany-hot-disposable-vape","product_cat-germany-wholesale-vape-shop","product_cat-jnr-vape","product_cat-netherlands-vape-good-sale","product_cat-norway-hot-disposable-vapes","product_cat-poland-hot-disposable-vapes","product_cat-portugal-hot-disposable-vapes","product_cat-spain-hot-disposable-vapes","product_cat-sweden-hot-disposable-vape","product_cat-sweden-wholesale-vape","product_cat-switzerland-hot-disposable-vapes","product_cat-top-sale-disposable-vape","product_cat-vape-hot-sale-this-week","product_tag-good-vape","product_tag-hot-sale-disposable-vape","product_tag-jnr-vape-watch-18-30k-puffs","product_tag-poland-hot-vape","product_tag-sweden-hot-vape","pa_brand-jnr-vape","desktop-align-left","tablet-align-left","mobile-align-left"],"yoast_head":"<!-- This site is optimized with the Yoast SEO plugin v21.1 - https:\/\/yoast.com\/wordpress\/plugins\/seo\/ -->\n<title>JNR Vape Watch 18\/30K Puffs 2% Nic Wholesale Price Disposable Vape - vapebulkp.com % %<\/title>\n<meta name=\"description\" content=\"Buy the JNR Vape Watch 18\/30K Puffs at wholesale prices. This 30000 Puffs Disposable Vape features a 1000mAh battery and mesh coil technology. Buy now for your EU vape shop.\" \/>\n<meta name=\"robots\" content=\"index, follow, max-snippet:-1, max-image-preview:large, max-video-preview:-1\" \/>\n<link rel=\"canonical\" href=\"https:\/\/vapebulkp.com\/de\/product\/jnr-vape-watch-18-30k-puffs-2-nic-wholesale-price-disposable-vape\/\" \/>\n<meta property=\"og:locale\" content=\"de_DE\" \/>\n<meta property=\"og:type\" content=\"article\" \/>\n<meta property=\"og:title\" content=\"JNR Vape Watch 18\/30K Puffs 2% Nic Wholesale Price Disposable Vape - vapebulkp.com % %\" \/>\n<meta property=\"og:description\" content=\"Buy the JNR Vape Watch 18\/30K Puffs at wholesale prices. This 30000 Puffs Disposable Vape features a 1000mAh battery and mesh coil technology. Buy now for your EU vape shop.\" \/>\n<meta property=\"og:url\" content=\"https:\/\/vapebulkp.com\/de\/product\/jnr-vape-watch-18-30k-puffs-2-nic-wholesale-price-disposable-vape\/\" \/>\n<meta property=\"og:site_name\" content=\"vapebulkp.com\" \/>\n<meta property=\"article:modified_time\" content=\"2025-09-24T03:38:14+00:00\" \/>\n<meta property=\"og:image\" content=\"http:\/\/vapebulkp.com\/wp-content\/uploads\/2024\/11\/JNR-VapeWatch-30k-Puffs-Hot-Sale-Vape-Box.jpg\" \/>\n\t<meta property=\"og:image:width\" content=\"800\" \/>\n\t<meta property=\"og:image:height\" content=\"800\" \/>\n\t<meta property=\"og:image:type\" content=\"image\/jpeg\" \/>\n<meta name=\"twitter:card\" content=\"summary_large_image\" \/>\n<meta name=\"twitter:label1\" content=\"Gesch\u00e4tzte Lesezeit\" \/>\n\t<meta name=\"twitter:data1\" content=\"3\u00a0Minuten\" \/>\n<script type=\"application\/ld+json\" class=\"yoast-schema-graph\">{\"@context\":\"https:\/\/schema.org\",\"@graph\":[{\"@type\":\"WebPage\",\"@id\":\"https:\/\/vapebulkp.com\/product\/jnr-vape-watch-18-30k-puffs-2-nic-wholesale-price-disposable-vape\/\",\"url\":\"https:\/\/vapebulkp.com\/product\/jnr-vape-watch-18-30k-puffs-2-nic-wholesale-price-disposable-vape\/\",\"name\":\"JNR Vape Watch 18\/30K Puffs 2% Nic Wholesale Price Disposable Vape - vapebulkp.com % %\",\"isPartOf\":{\"@id\":\"https:\/\/vapebulkp.com\/#website\"},\"datePublished\":\"2024-11-28T09:13:37+00:00\",\"dateModified\":\"2025-09-24T03:38:14+00:00\",\"description\":\"Buy the JNR Vape Watch 18\/30K Puffs at wholesale prices. This 30000 Puffs Disposable Vape features a 1000mAh battery and mesh coil technology. Buy now for your EU vape shop.\",\"breadcrumb\":{\"@id\":\"https:\/\/vapebulkp.com\/product\/jnr-vape-watch-18-30k-puffs-2-nic-wholesale-price-disposable-vape\/#breadcrumb\"},\"inLanguage\":\"de\",\"potentialAction\":[{\"@type\":\"ReadAction\",\"target\":[\"https:\/\/vapebulkp.com\/product\/jnr-vape-watch-18-30k-puffs-2-nic-wholesale-price-disposable-vape\/\"]}]},{\"@type\":\"BreadcrumbList\",\"@id\":\"https:\/\/vapebulkp.com\/product\/jnr-vape-watch-18-30k-puffs-2-nic-wholesale-price-disposable-vape\/#breadcrumb\",\"itemListElement\":[{\"@type\":\"ListItem\",\"position\":1,\"name\":\"Home\",\"item\":\"https:\/\/vapebulkp.com\/\"},{\"@type\":\"ListItem\",\"position\":2,\"name\":\"Hot Trend Vapes\",\"item\":\"https:\/\/vapebulkp.com\/vape-shop\/\"},{\"@type\":\"ListItem\",\"position\":3,\"name\":\"JNR Vape Watch 18\/30K Puffs 2% Nic Wholesale Price Disposable Vape\"}]},{\"@type\":\"WebSite\",\"@id\":\"https:\/\/vapebulkp.com\/#website\",\"url\":\"https:\/\/vapebulkp.com\/\",\"name\":\"vapebulkp.com\",\"description\":\"Buy Vape In Cheap Bulk Price Near you\",\"publisher\":{\"@id\":\"https:\/\/vapebulkp.com\/#organization\"},\"potentialAction\":[{\"@type\":\"SearchAction\",\"target\":{\"@type\":\"EntryPoint\",\"urlTemplate\":\"https:\/\/vapebulkp.com\/?s={search_term_string}\"},\"query-input\":\"required name=search_term_string\"}],\"inLanguage\":\"de\"},{\"@type\":\"Organization\",\"@id\":\"https:\/\/vapebulkp.com\/#organization\",\"name\":\"vapebulkp.com\",\"url\":\"https:\/\/vapebulkp.com\/\",\"logo\":{\"@type\":\"ImageObject\",\"inLanguage\":\"de\",\"@id\":\"https:\/\/vapebulkp.com\/#\/schema\/logo\/image\/\",\"url\":\"https:\/\/vapebulkp.com\/wp-content\/uploads\/2023\/09\/cropped-vapebulkp.png\",\"contentUrl\":\"https:\/\/vapebulkp.com\/wp-content\/uploads\/2023\/09\/cropped-vapebulkp.png\",\"width\":516,\"height\":163,\"caption\":\"vapebulkp.com\"},\"image\":{\"@id\":\"https:\/\/vapebulkp.com\/#\/schema\/logo\/image\/\"}}]}<\/script>\n<!-- \/ Yoast SEO plugin. -->","yoast_head_json":{"title":"JNR Vape Watch 18\/30K Puffs 2% Nic Wholesale Price Disposable Vape - vapebulkp.com % %","description":"Buy the JNR Vape Watch 18\/30K Puffs at wholesale prices. This 30000 Puffs Disposable Vape features a 1000mAh battery and mesh coil technology. Buy now for your EU vape shop.","robots":{"index":"index","follow":"follow","max-snippet":"max-snippet:-1","max-image-preview":"max-image-preview:large","max-video-preview":"max-video-preview:-1"},"canonical":"https:\/\/vapebulkp.com\/de\/product\/jnr-vape-watch-18-30k-puffs-2-nic-wholesale-price-disposable-vape\/","og_locale":"de_DE","og_type":"article","og_title":"JNR Vape Watch 18\/30K Puffs 2% Nic Wholesale Price Disposable Vape - vapebulkp.com % %","og_description":"Buy the JNR Vape Watch 18\/30K Puffs at wholesale prices. This 30000 Puffs Disposable Vape features a 1000mAh battery and mesh coil technology. Buy now for your EU vape shop.","og_url":"https:\/\/vapebulkp.com\/de\/product\/jnr-vape-watch-18-30k-puffs-2-nic-wholesale-price-disposable-vape\/","og_site_name":"vapebulkp.com","article_modified_time":"2025-09-24T03:38:14+00:00","og_image":[{"width":800,"height":800,"url":"http:\/\/vapebulkp.com\/wp-content\/uploads\/2024\/11\/JNR-VapeWatch-30k-Puffs-Hot-Sale-Vape-Box.jpg","type":"image\/jpeg"}],"twitter_card":"summary_large_image","twitter_misc":{"Gesch\u00e4tzte Lesezeit":"3\u00a0Minuten"},"schema":{"@context":"https:\/\/schema.org","@graph":[{"@type":"WebPage","@id":"https:\/\/vapebulkp.com\/product\/jnr-vape-watch-18-30k-puffs-2-nic-wholesale-price-disposable-vape\/","url":"https:\/\/vapebulkp.com\/product\/jnr-vape-watch-18-30k-puffs-2-nic-wholesale-price-disposable-vape\/","name":"JNR Vape Watch 18\/30K Puffs 2% Nic Wholesale Price Disposable Vape - vapebulkp.com % %","isPartOf":{"@id":"https:\/\/vapebulkp.com\/#website"},"datePublished":"2024-11-28T09:13:37+00:00","dateModified":"2025-09-24T03:38:14+00:00","description":"Buy the JNR Vape Watch 18\/30K Puffs at wholesale prices. This 30000 Puffs Disposable Vape features a 1000mAh battery and mesh coil technology. Buy now for your EU vape shop.","breadcrumb":{"@id":"https:\/\/vapebulkp.com\/product\/jnr-vape-watch-18-30k-puffs-2-nic-wholesale-price-disposable-vape\/#breadcrumb"},"inLanguage":"de","potentialAction":[{"@type":"ReadAction","target":["https:\/\/vapebulkp.com\/product\/jnr-vape-watch-18-30k-puffs-2-nic-wholesale-price-disposable-vape\/"]}]},{"@type":"BreadcrumbList","@id":"https:\/\/vapebulkp.com\/product\/jnr-vape-watch-18-30k-puffs-2-nic-wholesale-price-disposable-vape\/#breadcrumb","itemListElement":[{"@type":"ListItem","position":1,"name":"Home","item":"https:\/\/vapebulkp.com\/"},{"@type":"ListItem","position":2,"name":"Hot Trend Vapes","item":"https:\/\/vapebulkp.com\/vape-shop\/"},{"@type":"ListItem","position":3,"name":"JNR Vape Watch 18\/30K Puffs 2% Nic Wholesale Price Disposable Vape"}]},{"@type":"WebSite","@id":"https:\/\/vapebulkp.com\/#website","url":"https:\/\/vapebulkp.com\/","name":"vapebulkp.com","description":"Buy Vape In Cheap Bulk Price Near you","publisher":{"@id":"https:\/\/vapebulkp.com\/#organization"},"potentialAction":[{"@type":"SearchAction","target":{"@type":"EntryPoint","urlTemplate":"https:\/\/vapebulkp.com\/?s={search_term_string}"},"query-input":"required name=search_term_string"}],"inLanguage":"de"},{"@type":"Organization","@id":"https:\/\/vapebulkp.com\/#organization","name":"vapebulkp.com","url":"https:\/\/vapebulkp.com\/","logo":{"@type":"ImageObject","inLanguage":"de","@id":"https:\/\/vapebulkp.com\/#\/schema\/logo\/image\/","url":"https:\/\/vapebulkp.com\/wp-content\/uploads\/2023\/09\/cropped-vapebulkp.png","contentUrl":"https:\/\/vapebulkp.com\/wp-content\/uploads\/2023\/09\/cropped-vapebulkp.png","width":516,"height":163,"caption":"vapebulkp.com"},"image":{"@id":"https:\/\/vapebulkp.com\/#\/schema\/logo\/image\/"}}]}},"uagb_featured_image_src":{"full":["https:\/\/vapebulkp.com\/wp-content\/uploads\/2024\/11\/JNR-VapeWatch-30k-Puffs-Hot-Sale-Vape-Box.jpg",800,800,false],"thumbnail":["https:\/\/vapebulkp.com\/wp-content\/uploads\/2024\/11\/JNR-VapeWatch-30k-Puffs-Hot-Sale-Vape-Box-150x150.jpg",150,150,true],"medium":["https:\/\/vapebulkp.com\/wp-content\/uploads\/2024\/11\/JNR-VapeWatch-30k-Puffs-Hot-Sale-Vape-Box-300x300.jpg",300,300,true],"medium_large":["https:\/\/vapebulkp.com\/wp-content\/uploads\/2024\/11\/JNR-VapeWatch-30k-Puffs-Hot-Sale-Vape-Box-768x768.jpg",768,768,true],"large":["https:\/\/vapebulkp.com\/wp-content\/uploads\/2024\/11\/JNR-VapeWatch-30k-Puffs-Hot-Sale-Vape-Box.jpg",800,800,false],"1536x1536":["https:\/\/vapebulkp.com\/wp-content\/uploads\/2024\/11\/JNR-VapeWatch-30k-Puffs-Hot-Sale-Vape-Box.jpg",800,800,false],"2048x2048":["https:\/\/vapebulkp.com\/wp-content\/uploads\/2024\/11\/JNR-VapeWatch-30k-Puffs-Hot-Sale-Vape-Box.jpg",800,800,false],"trp-custom-language-flag":["https:\/\/vapebulkp.com\/wp-content\/uploads\/2024\/11\/JNR-VapeWatch-30k-Puffs-Hot-Sale-Vape-Box.jpg",12,12,false],"woocommerce_thumbnail":["https:\/\/vapebulkp.com\/wp-content\/uploads\/2024\/11\/JNR-VapeWatch-30k-Puffs-Hot-Sale-Vape-Box-300x300.jpg",300,300,true],"woocommerce_single":["https:\/\/vapebulkp.com\/wp-content\/uploads\/2024\/11\/JNR-VapeWatch-30k-Puffs-Hot-Sale-Vape-Box-600x600.jpg",600,600,true],"woocommerce_gallery_thumbnail":["https:\/\/vapebulkp.com\/wp-content\/uploads\/2024\/11\/JNR-VapeWatch-30k-Puffs-Hot-Sale-Vape-Box-100x100.jpg",100,100,true],"wcpr-photo-reviews":["https:\/\/vapebulkp.com\/wp-content\/uploads\/2024\/11\/JNR-VapeWatch-30k-Puffs-Hot-Sale-Vape-Box.jpg",500,500,false]},"uagb_author_info":{"display_name":"Mandy vape bulk price","author_link":"https:\/\/vapebulkp.com\/de\/author\/"},"uagb_comment_info":0,"uagb_excerpt":"JNR Vape Watch 18K\/30K Puffs Disposable Vape offers up to 30,000 puffs, featuring 19ml of premium e-liquid, a 1000mAh rechargeable battery, and mesh coil technology for rich flavor and smooth vapor. Its Miami Mint flavor delivers a crisp, refreshing taste, while the sleek, watch-inspired design ensures portability and style. Pls Contact Mandy's WhatsApp For Discount&hellip;","_links":{"self":[{"href":"https:\/\/vapebulkp.com\/de\/wp-json\/wp\/v2\/product\/3180","targetHints":{"allow":["GET"]}}],"collection":[{"href":"https:\/\/vapebulkp.com\/de\/wp-json\/wp\/v2\/product"}],"about":[{"href":"https:\/\/vapebulkp.com\/de\/wp-json\/wp\/v2\/types\/product"}],"replies":[{"embeddable":true,"href":"https:\/\/vapebulkp.com\/de\/wp-json\/wp\/v2\/comments?post=3180"}],"wp:featuredmedia":[{"embeddable":true,"href":"https:\/\/vapebulkp.com\/de\/wp-json\/wp\/v2\/media\/3170"}],"wp:attachment":[{"href":"https:\/\/vapebulkp.com\/de\/wp-json\/wp\/v2\/media?parent=3180"}],"wp:term":[{"taxonomy":"product_cat","embeddable":true,"href":"https:\/\/vapebulkp.com\/de\/wp-json\/wp\/v2\/product_cat?post=3180"},{"taxonomy":"product_tag","embeddable":true,"href":"https:\/\/vapebulkp.com\/de\/wp-json\/wp\/v2\/product_tag?post=3180"}],"curies":[{"name":"wp","href":"https:\/\/api.w.org\/{rel}","templated":true}]}}