{"id":3268,"date":"2024-12-20T09:24:34","date_gmt":"2024-12-20T08:24:34","guid":{"rendered":"https:\/\/vapebulkp.com\/?post_type=product&#038;p=3268"},"modified":"2025-09-03T05:31:08","modified_gmt":"2025-09-03T03:31:08","slug":"vookbar-30000-puffs-touch-screen-disposable-vapes-wholesale-price","status":"publish","type":"product","link":"https:\/\/vapebulkp.com\/de\/product\/vookbar-30000-puffs-touch-screen-disposable-vapes-wholesale-price\/","title":{"rendered":"Vookbar 30000 Z\u00fcge Touchscreen Einweg Vapes Gro\u00dfhandelspreis"},"content":{"rendered":"<h1 style=\"text-align: left\">Vookbar 30000 Z\u00fcge Touchscreen Einweg Vapes Gro\u00dfhandelspreis<\/h1>\n<p>&nbsp;<\/p>\n<p>Der <strong>Vookbar Cyber PRO 30.000 Puffs Touchscreen Einweg-Vape<\/strong> ist die ultimative Wahl f\u00fcr Dampfer, die Innovation, Leistung und Komfort suchen. Ausgestattet mit einem fortschrittlichen <strong>2,01-Zoll-Touchscreen<\/strong>bietet dieses Ger\u00e4t pr\u00e4zise Kontrolle \u00fcber die Einstellungen, w\u00e4hrend seine <strong>Dual-Mesh-Coil-Technologie<\/strong> f\u00fcr reichhaltigen Geschmack und sanfte Wolken sorgt. Vorgef\u00fcllt mit <strong>22ML Premium E-Liquid<\/strong> und bietet <strong>5% Nikotinsalzst\u00e4rke<\/strong>liefert die Vookbar bis zu <strong>30.000 Z\u00fcgen<\/strong> im Normal-Modus oder <strong>15.000 Z\u00fcge<\/strong> im Power-Modus. Entworfen mit einem <strong>wiederaufladbaren 850mAh Akku<\/strong> und <strong>Typ-C-Schnellladung<\/strong>kombiniert es langanhaltende Leistung mit schnellen Wiederaufladungen. Perfekt sowohl f\u00fcr den pers\u00f6nlichen Gebrauch als auch f\u00fcr <strong>Gro\u00dfhandelskunden<\/strong>sticht die Vookbar Cyber PRO durch ihre kompakte Gr\u00f6\u00dfe, ihr schlankes Design und ihre unschlagbare Leistung hervor. Finden Sie Ihren <strong>Gro\u00dfhandel Vookbar Cyber PRO <a href=\"https:\/\/vapebulkp.com\/de\/product-category\/30000-puff-disposable-vape\/\">30000 Puffs Einweg-Vape <\/a><\/strong>\u00a0zu wettbewerbsf\u00e4higen Preisen heute!<\/p>\n<p>&nbsp;<\/p>\n<h6>Bitte kontaktieren Sie Mandys WhatsApp f\u00fcr einen Rabattpreis<a href=\"https:\/\/wa.me\/8618077105796\">+8618077105796<\/a><\/h6>\n<p>&nbsp;<\/p>\n<p><img decoding=\"async\" class=\"alignnone wp-image-2151\" src=\"http:\/\/vapebulkp.com\/wp-content\/uploads\/2024\/04\/Mandy-WhatsApp-Randm.jpg\" alt=\"Mandy WhatsApp Randm\" width=\"324\" height=\"330\" \/><\/p>\n<div class=\"flex max-w-full flex-col flex-grow\">\n<div class=\"min-h-8 text-message flex w-full flex-col items-end gap-2 whitespace-normal break-words text-start [.text-message+&amp;]:mt-5\" dir=\"auto\" data-message-author-role=\"assistant\" data-message-id=\"1fe1b7df-f0be-476c-874a-f466adf11ab9\" data-message-model-slug=\"gpt-4o\">\n<div class=\"flex w-full flex-col gap-1 empty:hidden first:pt-[3px]\">\n<div class=\"markdown prose w-full break-words dark:prose-invert light\">\n<h2>Warum den Gro\u00dfhandel Vape Vookbar Cyber PRO 30k Puffs bei Vapebulkp.com kaufen?<\/h2>\n<p><strong>1. Massiver Zuganzahl:<\/strong><br \/>\nwurde f\u00fcr Vape-Einzelh\u00e4ndler und Gro\u00dfh\u00e4ndler entwickelt, die stark nachgefragte Produkte mit bew\u00e4hrter Leistung w\u00fcnschen. Mit der Dual-Mode-Technologie ausgestattet, erm\u00f6glicht dieses fortschrittliche Ger\u00e4t den Benutzern, zwischen dem ECO-Modus f\u00fcr l\u00e4ngere Nutzung oder dem BOOST-Modus f\u00fcr intensiveren Geschmack und Dampfproduktion zu wechseln. <strong>30.000 Z\u00fcge im Normal-Modus<\/strong> und <strong>15.000 Z\u00fcge im Power-Modus<\/strong>, dieses Ger\u00e4t ist f\u00fcr eine l\u00e4ngere Nutzung ohne Kompromisse konzipiert.<\/p>\n<p><strong>2. Modernste Technologie:<\/strong><br \/>\nDer <strong>Dual-Mesh-Coil-System<\/strong> liefert au\u00dfergew\u00f6hnlichen Geschmack und dichten Dampf, w\u00e4hrend das <strong>2,01-Zoll-HD-Display<\/strong> die Benutzerfreundlichkeit mit Echtzeit-Einstellungen und Benachrichtigungen verbessert.<\/p>\n<p><strong>3. Gro\u00dfz\u00fcgige E-Liquid-Kapazit\u00e4t:<\/strong><br \/>\nGef\u00fcllt mit <strong>22ML Premium E-Liquid<\/strong> und <strong>5% Nikotinst\u00e4rke<\/strong>, sorgt f\u00fcr sanfte, befriedigende Z\u00fcge bei jedem Zug.<\/p>\n<p><strong>4. Langlebiger Akku:<\/strong><br \/>\nDer <strong>wiederaufladbaren 850mAh Akku<\/strong> bietet zuverl\u00e4ssige Energie, erg\u00e4nzt durch <strong>Typ-C-Schnellladung<\/strong> f\u00fcr schnelle und effiziente Aufladungen.<\/p>\n<p><strong>5. Intelligente Funktionen:<\/strong><br \/>\nBeinhaltet <strong>Bluetooth-Kompatibilit\u00e4t<\/strong>, <strong>Bewegungsmodus<\/strong>, und <strong>Seiten-Tasten-Steuerung<\/strong>, was es vielseitig und praktisch f\u00fcr moderne Benutzer macht.<\/p>\n<p><strong>6. Kompakt und tragbar:<\/strong><br \/>\nSeine schlanken Abmessungen (<strong>49x24x93mm<\/strong>) machen es einfach zu transportieren, perfekt f\u00fcr das t\u00e4gliche Dampfen oder Reisen.<\/p>\n<p><strong>7. Exklusive Vorteile auf Vapebulkp.com:<\/strong><\/p>\n<ul>\n<li><strong>Erschwingliche Preise<\/strong> mit Gro\u00dfhandelsrabatten erh\u00e4ltlich.<\/li>\n<li><strong>Schneller, zuverl\u00e4ssiger Versand<\/strong> in alle europ\u00e4ischen L\u00e4nder.<\/li>\n<li>Umfassender Kundensupport, um all Ihre Bed\u00fcrfnisse zu erf\u00fcllen.<\/li>\n<\/ul>\n<p>F\u00fcr eine zuverl\u00e4ssige, funktionsreiche Dampfl\u00f6sung, vertrauen Sie Vapebulkp.com, um die <strong>Vookbar Cyber PRO 30k Z\u00fcge<\/strong> zum unschlagbaren Preis!<\/p>\n<\/div>\n<\/div>\n<\/div>\n<\/div>\n<h3>Vookbar 30000 Puffs Einweg-Vapes Technische Daten<\/h3>\n<ul>\n<li><strong>Abmessungen:<\/strong> 49mm x 24mm x 93mm (kompakt und tragbar).<\/li>\n<li><strong>Bildschirm:<\/strong> 2,01-Zoll-HD-Display f\u00fcr klare Grafiken und einfache Navigation.<\/li>\n<li><strong>Spulentyp:<\/strong> Zweifache Mesh-Spule f\u00fcr reichen Geschmack und dichten Dampf.<\/li>\n<li><strong>E-Liquid-Kapazit\u00e4t:<\/strong> 22ML vorgef\u00fclltes Premium-Vape-Liquid.<\/li>\n<li><strong>Nikotinst\u00e4rke:<\/strong> 5%, f\u00fcr ein sanftes und befriedigendes Erlebnis.<\/li>\n<li><strong>Akku:<\/strong> 850mAh wiederaufladbarer Akku mit Type-C-Schnellladefunktion.<\/li>\n<li><strong>Puff-Modi:<\/strong>\n<ul>\n<li>Normaler Modus: Bis zu 30.000 Z\u00fcge.<\/li>\n<li>Power-Modus: Bis zu 15.000 Z\u00fcge.<\/li>\n<\/ul>\n<\/li>\n<li><strong>Bedienung:<\/strong> Einfache Seitenknopfsteuerung f\u00fcr Leistung und Anpassungen.<\/li>\n<li><strong>Ladeanschluss:<\/strong> Type-C f\u00fcr schnelles und effizientes Aufladen.<\/li>\n<li><strong>Erweiterte Funktionen:<\/strong>\n<ul>\n<li>Bluetooth-Konnektivit\u00e4t.<\/li>\n<li>Bewegungsmodus f\u00fcr verbesserte Funktionalit\u00e4t.<\/li>\n<li>Anpassbare Vape-Einstellungen.<\/li>\n<\/ul>\n<\/li>\n<li><strong>Design:<\/strong> Schlankes, langlebiges und reisefreundliches Design.<\/li>\n<\/ul>\n<h3>Vookbar 30000 Puffs Vape Pods Geschmack<\/h3>\n<p>1. Blaue Himbeereis<br \/>\n2. Pfirsich-Eis<br \/>\n3. Traubeneis<br \/>\n4. Erdbeer Wassermelone<br \/>\n5. Erdbeer-Banane<br \/>\n6. Kirsch Wassermelone<br \/>\n7.Wassermelone Eis<br \/>\n8.Pfirsich Mango<br \/>\n9. Erdbeer-Kiwi<br \/>\n10. Wei\u00dfer Erdbeereis<br \/>\n11. Wei\u00dfes Gummib\u00e4rcheneis<br \/>\n12. Gefrorene Pinacolada<br \/>\n13. Fucking fabelhaft<br \/>\n14. Mojito gemischte Beeren<\/p>\n<p><a href=\"https:\/\/vapebulkp.com\/de\/product\/jnr-vape-mega-box-25000-puff-discount-price-vape-pods\/\"><span style=\"vertical-align: inherit\">JNR VAPE Mega Box 25000 Z\u00fcge <\/span><\/a><\/p>\n<p><span style=\"vertical-align: inherit\">Finden Sie weitere Produkte, die Ihnen gefallen k\u00f6nnten:<\/span><em><a href=\"https:\/\/wa.me\/8618077105796\"><span style=\"vertical-align: inherit\">\u00a0Jetzt kaufen<\/span><\/a><\/em><\/p>\n<p><span style=\"vertical-align: inherit\">Andere Puffs, die Ihnen gefallen k\u00f6nnten:<\/span><a href=\"https:\/\/vapebulkp.com\/de\/product\/waspe-vape-40000-puff-fihp-double-flavour-disposable-vape\/\"><span style=\"vertical-align: inherit\">WASPE FIHP 40000 Z\u00fcge<\/span><\/a><span style=\"vertical-align: inherit\">\u3001<\/span><a href=\"https:\/\/vapebulkp.com\/de\/product\/wholesale-randm-tornado-9000-puffs-germany\/\"><span style=\"vertical-align: inherit\">RandM 9000 Z\u00fcge<\/span><\/a><span style=\"vertical-align: inherit\">\/ <\/span><a href=\"https:\/\/vapebulkp.com\/de\/fi\/product\/bang-30k-puffs-new-double-taste-good-vape\/\"><span style=\"vertical-align: inherit\">Bang Vape 30000 Z\u00fcge<\/span><\/a><span style=\"vertical-align: inherit\">\/ <\/span><a href=\"https:\/\/vapebulkp.com\/de\/product\/jnr-alien-10000-puffs-randm-vape-wholesale-price\/\"><span style=\"vertical-align: inherit\">JNR VAPE Alien 10000 Z\u00fcge<\/span><\/a><\/p>\n<p>&nbsp;<\/p>\n<p>&nbsp;<\/p>\n<h3><strong>H\u00e4ufig gestellte Fragen zu Top-Sale Vape <\/strong>Vookbar 30000 Z\u00fcge<\/h3>\n<p><strong>1. Wie viele Z\u00fcge kann ich aus dem Vookbar Vape 30.000 Z\u00fcge bekommen?<\/strong><\/p>\n<ul>\n<li>Der Vookbar bietet bis zu <strong>30.000 Z\u00fcgen<\/strong> in <strong>Normalmodus<\/strong> und <strong>15.000 Z\u00fcge<\/strong> in <strong>Powermodus<\/strong>, was eine lange Nutzungsdauer erm\u00f6glicht.<\/li>\n<\/ul>\n<p><strong>2. Was ist die Nikotinst\u00e4rke des Vookbar 30.000 Z\u00fcge?<\/strong><\/p>\n<ul>\n<li>Das Ger\u00e4t enth\u00e4lt <strong>5% Nikotinsalz<\/strong>, was bei jedem Zug einen sanften und befriedigenden Hit liefert.<\/li>\n<\/ul>\n<p><strong>3. Wie lange h\u00e4lt der Akku des Vookbar?<\/strong><\/p>\n<ul>\n<li>Mit einem <strong>wiederaufladbaren 850mAh Akku<\/strong> und <strong>Typ-C-Schnellladung<\/strong>, bietet der Vookbar zuverl\u00e4ssige Energie und schnelles Aufladen f\u00fcr den Dauereinsatz.<\/li>\n<\/ul>\n<p><strong>4. Welche Art von Spule verwendet der Vookbar 30.000 Puffs?<\/strong><\/p>\n<ul>\n<li>Das Ger\u00e4t ist mit einem <strong>Dual-Mesh-Coil<\/strong>, die bei jedem Zug einen reichhaltigen Geschmack und dichten Dampf gew\u00e4hrleisten.<\/li>\n<\/ul>\n<p><strong>5. Kann ich die Einstellungen des Vookbar 30.000 Puffs anpassen?<\/strong><\/p>\n<ul>\n<li>Ja, das Ger\u00e4t verf\u00fcgt \u00fcber ein <strong>2,01-Zoll-Touchscreen<\/strong>, sodass Sie die Einstellungen einfach anpassen und Ihr Dampferlebnis steuern k\u00f6nnen.<\/li>\n<\/ul>\n<h3>Versanddetails:<\/h3>\n<p><span style=\"color: #ff6600\">Produktionszeit: 5-10 Werktage<\/span><br \/>\n<span style=\"color: #ff6600\">Versandzeit: 8-14 Werktage<\/span><\/p>\n<p>Alle Produkte in unserem Shop sind 100% original und authentisch. Daher ist eine zehnfache Entsch\u00e4digung f\u00fcr gef\u00e4lschte Waren unsere Gesch\u00e4ftsrichtlinie. Wir verwenden Logistikkan\u00e4le wie UPS\/DHL\/FEDEX\/DPD, um Waren an Sie zu liefern.<\/p>\n<p>F\u00fcr Pakete, die nach Deutschland versandt werden, dauert die Ankunft in der Regel 10 Werktage. Der Versand in europ\u00e4ische L\u00e4nder dauert in der Regel 12 bis 15 Werktage. Wir werden die Logistikinformationen in Echtzeit f\u00fcr Sie aktualisieren.<\/p>","protected":false},"excerpt":{"rendered":"<p>Vookbar 30000 Puffs Touchscreen Einweg-Vapes zu Gro\u00dfhandelspreisen. Langlebige, hochwertige und innovative Dampfl\u00f6sung. Gro\u00dfbestellungen m\u00f6glich.<\/p>\n<p>Bitte kontaktieren Sie Mandys WhatsApp f\u00fcr einen Rabattpreis<a href=\"https:\/\/wa.me\/8618077105796\">+8618077105796<\/a><\/p>\n<p>&nbsp;<\/p>\n<p><img decoding=\"async\" class=\"alignnone wp-image-2151\" src=\"http:\/\/vapebulkp.com\/wp-content\/uploads\/2024\/04\/Mandy-WhatsApp-Randm.jpg\" alt=\"Mandy WhatsApp Randm\" width=\"297\" height=\"316\" srcset=\"https:\/\/vapebulkp.com\/wp-content\/uploads\/2024\/04\/Mandy-WhatsApp-Randm.jpg 916w, https:\/\/vapebulkp.com\/wp-content\/uploads\/2024\/04\/Mandy-WhatsApp-Randm-282x300.jpg 282w, https:\/\/vapebulkp.com\/wp-content\/uploads\/2024\/04\/Mandy-WhatsApp-Randm-768x817.jpg 768w, https:\/\/vapebulkp.com\/wp-content\/uploads\/2024\/04\/Mandy-WhatsApp-Randm-600x638.jpg 600w\" sizes=\"(max-width: 297px) 100vw, 297px\" \/><\/p>\n<p><span style=\"color: #ff0000\">HINWEIS: Die Preise auf unserer Website enthalten keine Versandkosten<\/span><\/p>\n<p>&nbsp;<\/p>","protected":false},"featured_media":3266,"comment_status":"open","ping_status":"closed","template":"","meta":{"_uag_custom_page_level_css":"","_lmt_disableupdate":"no","_lmt_disable":"","site-sidebar-layout":"default","site-content-layout":"content-boxed-container","ast-site-content-layout":"normal-width-container","site-content-style":"boxed","site-sidebar-style":"unboxed","ast-global-header-display":"","ast-banner-title-visibility":"","ast-main-header-display":"","ast-hfb-above-header-display":"","ast-hfb-below-header-display":"","ast-hfb-mobile-header-display":"","site-post-title":"","ast-breadcrumbs-content":"","ast-featured-img":"","footer-sml-layout":"","theme-transparent-header-meta":"default","adv-header-id-meta":"","stick-header-meta":"","header-above-stick-meta":"","header-main-stick-meta":"","header-below-stick-meta":"","astra-migrate-meta-layouts":"set","_joinchat":[]},"product_cat":[160,153,155,33,59,100,87,34,158,157,154,152,58,84,156,63,32],"product_tag":[36,37,41,40,193],"class_list":["post-3268","product","type-product","status-publish","has-post-thumbnail","hentry","product_cat-30000-puff-disposable-vape","product_cat-hot-disposable-vapes","product_cat-belgium-hot-disposable-vapes","product_cat-france-vape-hot-sale","product_cat-germany-hot-disposable-vape","product_cat-germany-wholesale-vape-shop","product_cat-minimum-order-quantity-50pcs","product_cat-netherlands-vape-good-sale","product_cat-norway-hot-disposable-vapes","product_cat-poland-hot-disposable-vapes","product_cat-portugal-hot-disposable-vapes","product_cat-spain-hot-disposable-vapes","product_cat-sweden-hot-disposable-vape","product_cat-sweden-wholesale-vape","product_cat-switzerland-hot-disposable-vapes","product_cat-top-sale-disposable-vape","product_cat-vape-hot-sale-this-week","product_tag-good-vape","product_tag-hot-sale-disposable-vape","product_tag-poland-hot-vape","product_tag-sweden-hot-vape","product_tag-vookbar-30000-puffs","desktop-align-left","tablet-align-left","mobile-align-left"],"yoast_head":"<!-- This site is optimized with the Yoast SEO plugin v21.1 - https:\/\/yoast.com\/wordpress\/plugins\/seo\/ -->\n<title>Vookbar 30000 Puffs Touch Screen Disposable Vapes Wholesale Price - vapebulkp.com<\/title>\n<meta name=\"description\" content=\"Shop Vookbar 30000 Puffs Touch Screen Disposable Vapes at wholesale prices. High-capacity, sleek design, and advanced features for premium vaping.\" \/>\n<meta name=\"robots\" content=\"index, follow, max-snippet:-1, max-image-preview:large, max-video-preview:-1\" \/>\n<link rel=\"canonical\" href=\"https:\/\/vapebulkp.com\/de\/product\/vookbar-30000-puffs-touch-screen-disposable-vapes-wholesale-price\/\" \/>\n<meta property=\"og:locale\" content=\"de_DE\" \/>\n<meta property=\"og:type\" content=\"article\" \/>\n<meta property=\"og:title\" content=\"Vookbar 30000 Puffs Touch Screen Disposable Vapes Wholesale Price - vapebulkp.com\" \/>\n<meta property=\"og:description\" content=\"Shop Vookbar 30000 Puffs Touch Screen Disposable Vapes at wholesale prices. High-capacity, sleek design, and advanced features for premium vaping.\" \/>\n<meta property=\"og:url\" content=\"https:\/\/vapebulkp.com\/de\/product\/vookbar-30000-puffs-touch-screen-disposable-vapes-wholesale-price\/\" \/>\n<meta property=\"og:site_name\" content=\"vapebulkp.com\" \/>\n<meta property=\"article:modified_time\" content=\"2025-09-03T03:31:08+00:00\" \/>\n<meta property=\"og:image\" content=\"http:\/\/vapebulkp.com\/wp-content\/uploads\/2024\/12\/Vookbar-30000-Puffs-Top-Sale-Vape.png\" \/>\n\t<meta property=\"og:image:width\" content=\"800\" \/>\n\t<meta property=\"og:image:height\" content=\"800\" \/>\n\t<meta property=\"og:image:type\" content=\"image\/png\" \/>\n<meta name=\"twitter:card\" content=\"summary_large_image\" \/>\n<meta name=\"twitter:label1\" content=\"Gesch\u00e4tzte Lesezeit\" \/>\n\t<meta name=\"twitter:data1\" content=\"4\u00a0Minuten\" \/>\n<script type=\"application\/ld+json\" class=\"yoast-schema-graph\">{\"@context\":\"https:\/\/schema.org\",\"@graph\":[{\"@type\":\"WebPage\",\"@id\":\"https:\/\/vapebulkp.com\/product\/vookbar-30000-puffs-touch-screen-disposable-vapes-wholesale-price\/\",\"url\":\"https:\/\/vapebulkp.com\/product\/vookbar-30000-puffs-touch-screen-disposable-vapes-wholesale-price\/\",\"name\":\"Vookbar 30000 Puffs Touch Screen Disposable Vapes Wholesale Price - vapebulkp.com\",\"isPartOf\":{\"@id\":\"https:\/\/vapebulkp.com\/#website\"},\"datePublished\":\"2024-12-20T08:24:34+00:00\",\"dateModified\":\"2025-09-03T03:31:08+00:00\",\"description\":\"Shop Vookbar 30000 Puffs Touch Screen Disposable Vapes at wholesale prices. High-capacity, sleek design, and advanced features for premium vaping.\",\"breadcrumb\":{\"@id\":\"https:\/\/vapebulkp.com\/product\/vookbar-30000-puffs-touch-screen-disposable-vapes-wholesale-price\/#breadcrumb\"},\"inLanguage\":\"de\",\"potentialAction\":[{\"@type\":\"ReadAction\",\"target\":[\"https:\/\/vapebulkp.com\/product\/vookbar-30000-puffs-touch-screen-disposable-vapes-wholesale-price\/\"]}]},{\"@type\":\"BreadcrumbList\",\"@id\":\"https:\/\/vapebulkp.com\/product\/vookbar-30000-puffs-touch-screen-disposable-vapes-wholesale-price\/#breadcrumb\",\"itemListElement\":[{\"@type\":\"ListItem\",\"position\":1,\"name\":\"Home\",\"item\":\"https:\/\/vapebulkp.com\/\"},{\"@type\":\"ListItem\",\"position\":2,\"name\":\"Hot Trend Vapes\",\"item\":\"https:\/\/vapebulkp.com\/vape-shop\/\"},{\"@type\":\"ListItem\",\"position\":3,\"name\":\"Vookbar 30000 Puffs Touch Screen Disposable Vapes Wholesale Price\"}]},{\"@type\":\"WebSite\",\"@id\":\"https:\/\/vapebulkp.com\/#website\",\"url\":\"https:\/\/vapebulkp.com\/\",\"name\":\"vapebulkp.com\",\"description\":\"Buy Vape In Cheap Bulk Price Near you\",\"publisher\":{\"@id\":\"https:\/\/vapebulkp.com\/#organization\"},\"potentialAction\":[{\"@type\":\"SearchAction\",\"target\":{\"@type\":\"EntryPoint\",\"urlTemplate\":\"https:\/\/vapebulkp.com\/?s={search_term_string}\"},\"query-input\":\"required name=search_term_string\"}],\"inLanguage\":\"de\"},{\"@type\":\"Organization\",\"@id\":\"https:\/\/vapebulkp.com\/#organization\",\"name\":\"vapebulkp.com\",\"url\":\"https:\/\/vapebulkp.com\/\",\"logo\":{\"@type\":\"ImageObject\",\"inLanguage\":\"de\",\"@id\":\"https:\/\/vapebulkp.com\/#\/schema\/logo\/image\/\",\"url\":\"https:\/\/vapebulkp.com\/wp-content\/uploads\/2023\/09\/cropped-vapebulkp.png\",\"contentUrl\":\"https:\/\/vapebulkp.com\/wp-content\/uploads\/2023\/09\/cropped-vapebulkp.png\",\"width\":516,\"height\":163,\"caption\":\"vapebulkp.com\"},\"image\":{\"@id\":\"https:\/\/vapebulkp.com\/#\/schema\/logo\/image\/\"}}]}<\/script>\n<!-- \/ Yoast SEO plugin. -->","yoast_head_json":{"title":"Vookbar 30000 Puffs Touch Screen Disposable Vapes Wholesale Price - vapebulkp.com","description":"Shop Vookbar 30000 Puffs Touch Screen Disposable Vapes at wholesale prices. High-capacity, sleek design, and advanced features for premium vaping.","robots":{"index":"index","follow":"follow","max-snippet":"max-snippet:-1","max-image-preview":"max-image-preview:large","max-video-preview":"max-video-preview:-1"},"canonical":"https:\/\/vapebulkp.com\/de\/product\/vookbar-30000-puffs-touch-screen-disposable-vapes-wholesale-price\/","og_locale":"de_DE","og_type":"article","og_title":"Vookbar 30000 Puffs Touch Screen Disposable Vapes Wholesale Price - vapebulkp.com","og_description":"Shop Vookbar 30000 Puffs Touch Screen Disposable Vapes at wholesale prices. High-capacity, sleek design, and advanced features for premium vaping.","og_url":"https:\/\/vapebulkp.com\/de\/product\/vookbar-30000-puffs-touch-screen-disposable-vapes-wholesale-price\/","og_site_name":"vapebulkp.com","article_modified_time":"2025-09-03T03:31:08+00:00","og_image":[{"width":800,"height":800,"url":"http:\/\/vapebulkp.com\/wp-content\/uploads\/2024\/12\/Vookbar-30000-Puffs-Top-Sale-Vape.png","type":"image\/png"}],"twitter_card":"summary_large_image","twitter_misc":{"Gesch\u00e4tzte Lesezeit":"4\u00a0Minuten"},"schema":{"@context":"https:\/\/schema.org","@graph":[{"@type":"WebPage","@id":"https:\/\/vapebulkp.com\/product\/vookbar-30000-puffs-touch-screen-disposable-vapes-wholesale-price\/","url":"https:\/\/vapebulkp.com\/product\/vookbar-30000-puffs-touch-screen-disposable-vapes-wholesale-price\/","name":"Vookbar 30000 Puffs Touch Screen Disposable Vapes Wholesale Price - vapebulkp.com","isPartOf":{"@id":"https:\/\/vapebulkp.com\/#website"},"datePublished":"2024-12-20T08:24:34+00:00","dateModified":"2025-09-03T03:31:08+00:00","description":"Shop Vookbar 30000 Puffs Touch Screen Disposable Vapes at wholesale prices. High-capacity, sleek design, and advanced features for premium vaping.","breadcrumb":{"@id":"https:\/\/vapebulkp.com\/product\/vookbar-30000-puffs-touch-screen-disposable-vapes-wholesale-price\/#breadcrumb"},"inLanguage":"de","potentialAction":[{"@type":"ReadAction","target":["https:\/\/vapebulkp.com\/product\/vookbar-30000-puffs-touch-screen-disposable-vapes-wholesale-price\/"]}]},{"@type":"BreadcrumbList","@id":"https:\/\/vapebulkp.com\/product\/vookbar-30000-puffs-touch-screen-disposable-vapes-wholesale-price\/#breadcrumb","itemListElement":[{"@type":"ListItem","position":1,"name":"Home","item":"https:\/\/vapebulkp.com\/"},{"@type":"ListItem","position":2,"name":"Hot Trend Vapes","item":"https:\/\/vapebulkp.com\/vape-shop\/"},{"@type":"ListItem","position":3,"name":"Vookbar 30000 Puffs Touch Screen Disposable Vapes Wholesale Price"}]},{"@type":"WebSite","@id":"https:\/\/vapebulkp.com\/#website","url":"https:\/\/vapebulkp.com\/","name":"vapebulkp.com","description":"Buy Vape In Cheap Bulk Price Near you","publisher":{"@id":"https:\/\/vapebulkp.com\/#organization"},"potentialAction":[{"@type":"SearchAction","target":{"@type":"EntryPoint","urlTemplate":"https:\/\/vapebulkp.com\/?s={search_term_string}"},"query-input":"required name=search_term_string"}],"inLanguage":"de"},{"@type":"Organization","@id":"https:\/\/vapebulkp.com\/#organization","name":"vapebulkp.com","url":"https:\/\/vapebulkp.com\/","logo":{"@type":"ImageObject","inLanguage":"de","@id":"https:\/\/vapebulkp.com\/#\/schema\/logo\/image\/","url":"https:\/\/vapebulkp.com\/wp-content\/uploads\/2023\/09\/cropped-vapebulkp.png","contentUrl":"https:\/\/vapebulkp.com\/wp-content\/uploads\/2023\/09\/cropped-vapebulkp.png","width":516,"height":163,"caption":"vapebulkp.com"},"image":{"@id":"https:\/\/vapebulkp.com\/#\/schema\/logo\/image\/"}}]}},"uagb_featured_image_src":{"full":["https:\/\/vapebulkp.com\/wp-content\/uploads\/2024\/12\/Vookbar-30000-Puffs-Top-Sale-Vape.png",800,800,false],"thumbnail":["https:\/\/vapebulkp.com\/wp-content\/uploads\/2024\/12\/Vookbar-30000-Puffs-Top-Sale-Vape-150x150.png",150,150,true],"medium":["https:\/\/vapebulkp.com\/wp-content\/uploads\/2024\/12\/Vookbar-30000-Puffs-Top-Sale-Vape-300x300.png",300,300,true],"medium_large":["https:\/\/vapebulkp.com\/wp-content\/uploads\/2024\/12\/Vookbar-30000-Puffs-Top-Sale-Vape-768x768.png",768,768,true],"large":["https:\/\/vapebulkp.com\/wp-content\/uploads\/2024\/12\/Vookbar-30000-Puffs-Top-Sale-Vape.png",800,800,false],"1536x1536":["https:\/\/vapebulkp.com\/wp-content\/uploads\/2024\/12\/Vookbar-30000-Puffs-Top-Sale-Vape.png",800,800,false],"2048x2048":["https:\/\/vapebulkp.com\/wp-content\/uploads\/2024\/12\/Vookbar-30000-Puffs-Top-Sale-Vape.png",800,800,false],"trp-custom-language-flag":["https:\/\/vapebulkp.com\/wp-content\/uploads\/2024\/12\/Vookbar-30000-Puffs-Top-Sale-Vape.png",12,12,false],"woocommerce_thumbnail":["https:\/\/vapebulkp.com\/wp-content\/uploads\/2024\/12\/Vookbar-30000-Puffs-Top-Sale-Vape-300x300.png",300,300,true],"woocommerce_single":["https:\/\/vapebulkp.com\/wp-content\/uploads\/2024\/12\/Vookbar-30000-Puffs-Top-Sale-Vape-600x600.png",600,600,true],"woocommerce_gallery_thumbnail":["https:\/\/vapebulkp.com\/wp-content\/uploads\/2024\/12\/Vookbar-30000-Puffs-Top-Sale-Vape-100x100.png",100,100,true],"wcpr-photo-reviews":["https:\/\/vapebulkp.com\/wp-content\/uploads\/2024\/12\/Vookbar-30000-Puffs-Top-Sale-Vape.png",500,500,false]},"uagb_author_info":{"display_name":"Mandy vape bulk price","author_link":"https:\/\/vapebulkp.com\/de\/author\/"},"uagb_comment_info":0,"uagb_excerpt":"Vookbar 30000 Puffs Touch Screen Disposable Vapes at wholesale prices. Long-lasting, high-quality, and innovative vaping solution. Bulk orders available. Pls Contact Mandy's WhatsApp For Discount Price+8618077105796 &nbsp; NOTE: Prices on our website does not include shipping costs &nbsp;","_links":{"self":[{"href":"https:\/\/vapebulkp.com\/de\/wp-json\/wp\/v2\/product\/3268","targetHints":{"allow":["GET"]}}],"collection":[{"href":"https:\/\/vapebulkp.com\/de\/wp-json\/wp\/v2\/product"}],"about":[{"href":"https:\/\/vapebulkp.com\/de\/wp-json\/wp\/v2\/types\/product"}],"replies":[{"embeddable":true,"href":"https:\/\/vapebulkp.com\/de\/wp-json\/wp\/v2\/comments?post=3268"}],"wp:featuredmedia":[{"embeddable":true,"href":"https:\/\/vapebulkp.com\/de\/wp-json\/wp\/v2\/media\/3266"}],"wp:attachment":[{"href":"https:\/\/vapebulkp.com\/de\/wp-json\/wp\/v2\/media?parent=3268"}],"wp:term":[{"taxonomy":"product_cat","embeddable":true,"href":"https:\/\/vapebulkp.com\/de\/wp-json\/wp\/v2\/product_cat?post=3268"},{"taxonomy":"product_tag","embeddable":true,"href":"https:\/\/vapebulkp.com\/de\/wp-json\/wp\/v2\/product_tag?post=3268"}],"curies":[{"name":"wp","href":"https:\/\/api.w.org\/{rel}","templated":true}]}}