{"id":3345,"date":"2025-01-06T07:24:49","date_gmt":"2025-01-06T06:24:49","guid":{"rendered":"https:\/\/vapebulkp.com\/?post_type=product&#038;p=3345"},"modified":"2025-09-16T11:29:20","modified_gmt":"2025-09-16T09:29:20","slug":"bang-king-35000-puffs-wholesale-puff-tornado-vape","status":"publish","type":"product","link":"https:\/\/vapebulkp.com\/de\/product\/bang-king-35000-puffs-wholesale-puff-tornado-vape\/","title":{"rendered":"Bang King 35000 Z\u00fcge Gro\u00dfhandel Puff Tornado Vape"},"content":{"rendered":"<h2 style=\"text-align: left\">Bang King 35000 Z\u00fcge Gro\u00dfhandel Puff Tornado Vape<\/h2>\n<p>&nbsp;<\/p>\n<p>Der <strong>Bang King 35000 Z\u00fcge Tornado Vape<\/strong> ist ein Game-Changer auf dem Markt f\u00fcr Einweg-E-Zigaretten und bietet eine unvergleichliche Kombination aus Leistung, Geschmack und Langlebigkeit. Entwickelt f\u00fcr anspruchsvolle Benutzer und Gro\u00dfh\u00e4ndler, liefert dieser hochmoderne Vape bis zu <strong>35.000 Z\u00fcgen<\/strong>\u2014ein wahres Kraftpaket f\u00fcr l\u00e4ngere Vaping-Sitzungen. Ausgestattet mit einem <strong>23ml E-Liquid Kapazit\u00e4t<\/strong> und einer fortschrittlichen <strong>0.6\u03a9 Mesh-Coil<\/strong>, es sorgt f\u00fcr eine sanfte Dampfproduktion und reiche, konsistente Aromen bei jedem Zug.<\/p>\n<p>Der <strong>1000mAh wiederaufladbaren Akku<\/strong> mit einem <strong>Typ-C-Ladeanschluss<\/strong> garantiert eine ununterbrochene Nutzung, w\u00e4hrend der innovative <strong>Anti-Trockenbrand-Schutz<\/strong> Sicherheit und Zuverl\u00e4ssigkeit gew\u00e4hrleistet. Erh\u00e4ltlich in verschiedenen Nikotinst\u00e4rken (<strong>0%, 2%, 3% und 5%<\/strong>), der Bang King erf\u00fcllt vielf\u00e4ltige Vorlieben und ist somit eine vielseitige Wahl f\u00fcr jeden Vaping-Enthusiasten.<\/p>\n<p>Perfekt geeignet f\u00fcr den Gro\u00dfhandel, der Bang King 35K kommt in <strong>10 St\u00fcck\/Box und 200 St\u00fcck\/Karton<\/strong>, was einen hervorragenden Wert f\u00fcr H\u00e4ndler und Einzelh\u00e4ndler darstellt. Entdecken Sie die Premium-Qualit\u00e4t und Bequemlichkeit des Bang King 35K, exklusiv bei <strong>Vapebulkp.com<\/strong>, Ihrem vertrauensw\u00fcrdigen Lieferanten f\u00fcr <strong>hochwertige Einweg-E-Zigaretten<\/strong> in Deutschland.<\/p>\n<h6>Bitte kontaktieren Sie Mandys WhatsApp f\u00fcr einen Rabattpreis<a href=\"https:\/\/wa.me\/8618077105796\">+8618077105796<\/a><\/h6>\n<p><img decoding=\"async\" class=\"alignnone wp-image-2151\" src=\"http:\/\/vapebulkp.com\/wp-content\/uploads\/2024\/04\/Mandy-WhatsApp-Randm.jpg\" alt=\"Mandy WhatsApp Randm\" width=\"324\" height=\"330\" \/><\/p>\n<div class=\"flex max-w-full flex-col flex-grow\">\n<div class=\"min-h-8 text-message flex w-full flex-col items-end gap-2 whitespace-normal break-words text-start [.text-message+&amp;]:mt-5\" dir=\"auto\" data-message-author-role=\"assistant\" data-message-id=\"d24cf626-c018-4805-80f5-44de047f2ba0\" data-message-model-slug=\"gpt-4o\">\n<div class=\"flex w-full flex-col gap-1 empty:hidden first:pt-[3px]\">\n<div class=\"markdown prose w-full break-words dark:prose-invert light\">\n<h2>Warum billige Vapes w\u00e4hlen <strong>Bang King 35000 Z\u00fcge <\/strong>at <a href=\"https:\/\/vapebulkp.com\/de\/vape-shop\/\">Vapebulkp.com<\/a>?<\/h2>\n<ul>\n<li><strong>Un\u00fcbertroffene Langlebigkeit<\/strong>: Mit <strong>35.000 Z\u00fcgen<\/strong>ist dieses <strong>Einweg-Vape mit hoher Kapazit\u00e4t<\/strong> setzt den Standard f\u00fcr den erweiterten Gebrauch.<\/li>\n<li><strong>Premium-Funktionen<\/strong>: Ausgestattet mit einem <strong>1000mAh Akku<\/strong>, <strong>23 ml E-Liquid<\/strong>, und <strong>0.6\u03a9 Mesh-Coil<\/strong> f\u00fcr gleichbleibenden Geschmack und Dampfproduktion.<\/li>\n<li><strong>Anpassbare Nikotinoptionen<\/strong>: W\u00e4hlen Sie aus <strong>0%, 2%, 3% oder 5% Nikotinsalz<\/strong> nach Ihren Vorlieben.<\/li>\n<li><strong>Moderne Bequemlichkeit<\/strong>: Wiederaufladbar \u00fcber <strong>Typ-C-Anschluss<\/strong> und entworfen mit <strong>Anti-Trockenbrand-Technologie<\/strong> f\u00fcr ein sanfteres, sichereres Erlebnis.<\/li>\n<li><strong>Gro\u00dfhandelsvorteil<\/strong>: Erh\u00e4ltlich bei Vapebulkp.com mit Gro\u00dfverpackung (<strong>10 St\u00fcck\/Box, 200 St\u00fcck\/Karton<\/strong>), perfekt f\u00fcr deutsche Vaper und Einzelh\u00e4ndler.<\/li>\n<\/ul>\n<h2><\/h2>\n<h3><strong>Bang King 35000 Puffs Einweg-Vapes Funktionen<\/strong><\/h3>\n<ul>\n<li><strong>Massive Zuganzahl<\/strong>: Liefert bis zu 35.000 Z\u00fcge und gew\u00e4hrleistet eine langanhaltende Nutzung ohne h\u00e4ufigen Austausch.<\/li>\n<li><strong>E-Liquid-Kapazit\u00e4t<\/strong>: Kommt vorgef\u00fcllt mit 23 ml Premium-E-Liquid und bietet l\u00e4ngere Dampfsessions.<\/li>\n<li><strong>Leistungsstarker Akku<\/strong>: Ausgestattet mit einem 1000mAh-Akku f\u00fcr zuverl\u00e4ssige Leistung und weniger Aufladungen.<\/li>\n<li><strong>Fortschrittliche Mesh-Coil<\/strong>: Verf\u00fcgt \u00fcber eine 0,6\u03a9 Mesh-Coil f\u00fcr verbesserte Geschmacksproduktion und eine sanfte Dampfabgabe.<\/li>\n<li><strong>Typ-C-Ladeanschluss<\/strong>: Unterst\u00fctzt schnelles und effizientes Laden mit einer modernen Typ-C-Schnittstelle.<\/li>\n<li><strong>Schutz vor Trockenbrennen<\/strong>: Enth\u00e4lt fortschrittliche Technologie, um Dry Hits zu verhindern und eine konstante Leistung zu gew\u00e4hrleisten.<\/li>\n<li><strong>Nikotinst\u00e4rke-Optionen<\/strong>: Erh\u00e4ltlich in verschiedenen Nikotinst\u00e4rken, einschlie\u00dflich 0 %, 2 %, 3 % und 5 %, um unterschiedlichen Vorlieben gerecht zu werden.<\/li>\n<li><strong>Verpackung<\/strong>: Praktisch verpackt mit 10 St\u00fcck pro Box und 200 St\u00fcck pro Karton, ideal f\u00fcr den pers\u00f6nlichen Gebrauch und den Gro\u00dfhandel.<\/li>\n<\/ul>\n<\/div>\n<\/div>\n<\/div>\n<\/div>\n<h3>Bang Vape 35000 Z\u00fcge Vapes <strong>Geschmacksliste<\/strong><\/h3>\n<p>1. Erdbeere Mango<br \/>\n2. Love66<br \/>\n3. Blaue Himbeereis<br \/>\n4. Erdbeere-Wassermelone<br \/>\n5. Zitrone Minze<br \/>\n6. Doppelapfel<br \/>\n7. Energy-Drink<br \/>\n8. Pfirsich-Eis<br \/>\n9. Erdbeere Kiwi<br \/>\n10. Trauben-Eis<br \/>\n11. Heidelbeere Eis<br \/>\n12. Wassermelone<\/p>\n<p><a href=\"https:\/\/vapebulkp.com\/de\/product\/aivono-curved-smart-screen-35000-puffs-disposable-vape-wholesale-price\/\"><span style=\"vertical-align: inherit\">Aivono 35000 Z\u00fcge <\/span><\/a><\/p>\n<p><span style=\"vertical-align: inherit\">Finden Sie weitere Produkte, die Ihnen gefallen k\u00f6nnten:<\/span><em><a href=\"https:\/\/wa.me\/8618077105796\"><span style=\"vertical-align: inherit\">\u00a0Jetzt kaufen<\/span><\/a><\/em><\/p>\n<p><span style=\"vertical-align: inherit\">Andere Puffs, die Ihnen gefallen k\u00f6nnten:<\/span><a href=\"https:\/\/vapebulkp.com\/de\/product\/wholesale-price-bang-kingdoms-rex-32000-puffs-vape-pod\/\"><span style=\"vertical-align: inherit\">Bang Kingdoms 32000Puffs<\/span><\/a><span style=\"vertical-align: inherit\">\u3001<\/span><a href=\"https:\/\/vapebulkp.com\/de\/product\/bood-pulse-pro-25k-50k-disposable-vape-bar-5000-puffs-nicotine-free\/\"><span style=\"vertical-align: inherit\">Bood pulse pro 50000 Z\u00fcge<\/span><\/a><span style=\"vertical-align: inherit\">\/ <\/span><a href=\"https:\/\/vapebulkp.com\/de\/product\/vapsolo-best-quality-viking-12k-puffs-disposable-vapes\/\"><span style=\"vertical-align: inherit\">Vapsolo Viking 12000 Z\u00fcge<\/span><\/a><span style=\"vertical-align: inherit\">\/ <\/span><a href=\"https:\/\/vapebulkp.com\/de\/product\/waspe-vape-40000-puff-fihp-double-flavour-disposable-vape\/\"><span style=\"vertical-align: inherit\">WASPE 40000 Z\u00fcge<\/span><\/a><\/p>\n<p><span style=\"vertical-align: inherit\">E-Zigarettenflasche in Sonderform:<\/span><a href=\"https:\/\/vapebulkp.com\/de\/product\/vapsolo-feed-bar-shisha-vape-15000-puffs-wholesale-price\/\"><span style=\"vertical-align: inherit\"> Vapsolo Shisha 15000 Z\u00fcge<\/span><\/a><span style=\"vertical-align: inherit\">\/ <\/span><a href=\"https:\/\/vapebulkp.com\/de\/product\/vopk-ultra-30000-puffs-rgb-light-mesh-coil-rechargeable-vape-wholesale-price\/\"><span style=\"vertical-align: inherit\">\u00a0VOPK ULTRA 30000 Z\u00fcge <\/span><\/a><span style=\"vertical-align: inherit\">\/<\/span><a href=\"https:\/\/vapebulkp.com\/de\/product\/bang-box-35000-puffs-touch-switch-digital-screen-rechargeable-vape\/\"><span style=\"vertical-align: inherit\"> Bang Box 35000 Z\u00fcge<\/span><\/a><\/p>\n<h4><\/h4>\n<h4>FAQ f\u00fcr Bang King 35k Puffs Einweg-Vapes<\/h4>\n<p><strong>1. Wie viele Z\u00fcge bietet der Bang King 35K Einweg-Vape?<\/strong><br \/>\nDer Bang King bietet beeindruckende <strong>35.000 Z\u00fcgen<\/strong>, was ihn zu einem der langlebigsten Einweg-Vapes macht.<\/p>\n<p><strong>2. Wie gro\u00df ist die E-Liquid-Kapazit\u00e4t des Bang King 35K?<\/strong><br \/>\nJedes Ger\u00e4t ist vorgef\u00fcllt mit <strong>23 ml Premium E-Liquid<\/strong>, was eine l\u00e4ngere Nutzung ohne Nachf\u00fcllen gew\u00e4hrleistet.<\/p>\n<p><strong>3. Welche Nikotinst\u00e4rken sind f\u00fcr Bang King 35k Puffs erh\u00e4ltlich?<\/strong><br \/>\nDer Bang King bietet eine Reihe von <strong>Nikotinsalz-Optionen<\/strong>: <strong>0%, 2%, 3% und 5%<\/strong>, die verschiedenen Vorlieben gerecht werden.<\/p>\n<p><strong>4. Welchen Spulentyp verwendet der Bang Vape King 35000 Puffs?<\/strong><br \/>\nEs verf\u00fcgt \u00fcber eine <strong>0.6\u03a9 Mesh-Coil<\/strong>, das eine reibungslose Dampfproduktion und einen verbesserten Geschmack liefert.<\/p>\n<p><strong>5. Ist das Bang King 35000 Puffs wiederaufladbar?<\/strong><br \/>\nJa, das Ger\u00e4t ist ausgestattet mit einem <strong>Typ-C-Ladeanschluss<\/strong> f\u00fcr schnelles und bequemes Aufladen.<\/p>\n<h5>Versanddetails:<\/h5>\n<p><span style=\"color: #ff6600\">Produktionszeit: 5-10 Werktage<\/span><br \/>\n<span style=\"color: #ff6600\">Versandzeit: 8-14 Werktage<\/span><\/p>\n<p>Alle Produkte in unserem Shop sind 100% original und authentisch. Daher ist eine zehnfache Entsch\u00e4digung f\u00fcr gef\u00e4lschte Waren unsere Gesch\u00e4ftsrichtlinie. Wir verwenden Logistikkan\u00e4le wie UPS\/DHL\/FEDEX\/DPD, um Waren an Sie zu liefern.<\/p>\n<p>F\u00fcr Pakete, die nach Deutschland versandt werden, dauert die Ankunft in der Regel 10 Werktage. Der Versand in europ\u00e4ische L\u00e4nder dauert in der Regel 12 bis 15 Werktage. Wir werden die Logistikinformationen in Echtzeit f\u00fcr Sie aktualisieren.<\/p>","protected":false},"excerpt":{"rendered":"<div class=\"flex-shrink-0 flex flex-col relative items-end\">\n<div class=\"pt-0\">\n<div class=\"gizmo-bot-avatar flex h-8 w-8 items-center justify-center overflow-hidden rounded-full\">\n<div class=\"relative p-1 rounded-sm flex items-center justify-center bg-token-main-surface-primary text-token-text-primary h-8 w-8\"><strong>Bang King 35000 Puffs Einweg-Vape<\/strong>, mit einer massiven <strong>35.000-Puff-Kapazit\u00e4t<\/strong>, <strong>23 ml E-Liquid<\/strong>, <strong>1000mAh Akku<\/strong>, und <strong>0.6\u03a9 Mesh-Coil<\/strong> f\u00fcr \u00fcberragenden Geschmack. Im Gro\u00dfhandel erh\u00e4ltlich bei <strong>Vapebulkp.com<\/strong> mit mehreren Nikotinoptionen und <strong>Typ-C Wiederaufladbarkeit<\/strong>\u2014die ultimative Wahl f\u00fcr <strong>Gro\u00dfhandel High-Capacity Vapes<\/strong>.<\/div>\n<\/div>\n<\/div>\n<\/div>\n<p>Bitte kontaktieren Sie Mandys WhatsApp f\u00fcr einen Rabattpreis<a href=\"https:\/\/wa.me\/8618077105796\">+8618077105796<\/a><\/p>\n<p><img decoding=\"async\" class=\"alignnone wp-image-2151\" src=\"http:\/\/vapebulkp.com\/wp-content\/uploads\/2024\/04\/Mandy-WhatsApp-Randm.jpg\" alt=\"Mandy WhatsApp Randm\" width=\"297\" height=\"316\" srcset=\"https:\/\/vapebulkp.com\/wp-content\/uploads\/2024\/04\/Mandy-WhatsApp-Randm.jpg 916w, https:\/\/vapebulkp.com\/wp-content\/uploads\/2024\/04\/Mandy-WhatsApp-Randm-282x300.jpg 282w, https:\/\/vapebulkp.com\/wp-content\/uploads\/2024\/04\/Mandy-WhatsApp-Randm-768x817.jpg 768w, https:\/\/vapebulkp.com\/wp-content\/uploads\/2024\/04\/Mandy-WhatsApp-Randm-600x638.jpg 600w\" sizes=\"(max-width: 297px) 100vw, 297px\" \/><\/p>\n<p><span style=\"color: #ff0000\">HINWEIS: Die Preise auf unserer Website enthalten keine Versandkosten<\/span><\/p>\n<p>&nbsp;<\/p>","protected":false},"featured_media":3353,"comment_status":"open","ping_status":"closed","template":"","meta":{"_uag_custom_page_level_css":"","_lmt_disableupdate":"no","_lmt_disable":"","site-sidebar-layout":"default","site-content-layout":"content-boxed-container","ast-site-content-layout":"normal-width-container","site-content-style":"boxed","site-sidebar-style":"unboxed","ast-global-header-display":"","ast-banner-title-visibility":"","ast-main-header-display":"","ast-hfb-above-header-display":"","ast-hfb-below-header-display":"","ast-hfb-mobile-header-display":"","site-post-title":"","ast-breadcrumbs-content":"","ast-featured-img":"","footer-sml-layout":"","theme-transparent-header-meta":"default","adv-header-id-meta":"","stick-header-meta":"","header-above-stick-meta":"","header-main-stick-meta":"","header-below-stick-meta":"","astra-migrate-meta-layouts":"set","_joinchat":[]},"product_cat":[190,153,344,155,33,59,100,87,34,158,157,154,152,58,84,156,63,32],"product_tag":[198,36,37,41,40],"class_list":["post-3345","product","type-product","status-publish","has-post-thumbnail","hentry","product_cat-35000-puffs-disposable-vape","product_cat-hot-disposable-vapes","product_cat-bang-king-vape","product_cat-belgium-hot-disposable-vapes","product_cat-france-vape-hot-sale","product_cat-germany-hot-disposable-vape","product_cat-germany-wholesale-vape-shop","product_cat-minimum-order-quantity-50pcs","product_cat-netherlands-vape-good-sale","product_cat-norway-hot-disposable-vapes","product_cat-poland-hot-disposable-vapes","product_cat-portugal-hot-disposable-vapes","product_cat-spain-hot-disposable-vapes","product_cat-sweden-hot-disposable-vape","product_cat-sweden-wholesale-vape","product_cat-switzerland-hot-disposable-vapes","product_cat-top-sale-disposable-vape","product_cat-vape-hot-sale-this-week","product_tag-bang-king-35000-puffs","product_tag-good-vape","product_tag-hot-sale-disposable-vape","product_tag-poland-hot-vape","product_tag-sweden-hot-vape","pa_brand-bang-king-vape","desktop-align-left","tablet-align-left","mobile-align-left"],"yoast_head":"<!-- This site is optimized with the Yoast SEO plugin v21.1 - https:\/\/yoast.com\/wordpress\/plugins\/seo\/ -->\n<title>Bang King 35000 Puffs Wholesale Puff Tornado Vape - vapebulkp.com<\/title>\n<meta name=\"description\" content=\"Shop Bang King 35000 Puffs Wholesale Puff Tornado Vape at Vapebulkp.com. Featuring 35,000 puffs, 23ml e-liquid, 0.6\u03a9 mesh coil, Type-C charging. Perfect for European retailers and vapers seeking high-capacity disposable vapes.\" \/>\n<meta name=\"robots\" content=\"index, follow, max-snippet:-1, max-image-preview:large, max-video-preview:-1\" \/>\n<link rel=\"canonical\" href=\"https:\/\/vapebulkp.com\/de\/product\/bang-king-35000-puffs-wholesale-puff-tornado-vape\/\" \/>\n<meta property=\"og:locale\" content=\"de_DE\" \/>\n<meta property=\"og:type\" content=\"article\" \/>\n<meta property=\"og:title\" content=\"Bang King 35000 Puffs Wholesale Puff Tornado Vape - vapebulkp.com\" \/>\n<meta property=\"og:description\" content=\"Shop Bang King 35000 Puffs Wholesale Puff Tornado Vape at Vapebulkp.com. Featuring 35,000 puffs, 23ml e-liquid, 0.6\u03a9 mesh coil, Type-C charging. Perfect for European retailers and vapers seeking high-capacity disposable vapes.\" \/>\n<meta property=\"og:url\" content=\"https:\/\/vapebulkp.com\/de\/product\/bang-king-35000-puffs-wholesale-puff-tornado-vape\/\" \/>\n<meta property=\"og:site_name\" content=\"vapebulkp.com\" \/>\n<meta property=\"article:modified_time\" content=\"2025-09-16T09:29:20+00:00\" \/>\n<meta property=\"og:image\" content=\"http:\/\/vapebulkp.com\/wp-content\/uploads\/2025\/01\/Bang-King-35000-Puffs-Disposable-Vape-Good-Sale.webp\" \/>\n\t<meta property=\"og:image:width\" content=\"800\" \/>\n\t<meta property=\"og:image:height\" content=\"800\" \/>\n\t<meta property=\"og:image:type\" content=\"image\/webp\" \/>\n<meta name=\"twitter:card\" content=\"summary_large_image\" \/>\n<meta name=\"twitter:label1\" content=\"Gesch\u00e4tzte Lesezeit\" \/>\n\t<meta name=\"twitter:data1\" content=\"4\u00a0Minuten\" \/>\n<script type=\"application\/ld+json\" class=\"yoast-schema-graph\">{\"@context\":\"https:\/\/schema.org\",\"@graph\":[{\"@type\":\"WebPage\",\"@id\":\"https:\/\/vapebulkp.com\/product\/bang-king-35000-puffs-wholesale-puff-tornado-vape\/\",\"url\":\"https:\/\/vapebulkp.com\/product\/bang-king-35000-puffs-wholesale-puff-tornado-vape\/\",\"name\":\"Bang King 35000 Puffs Wholesale Puff Tornado Vape - vapebulkp.com\",\"isPartOf\":{\"@id\":\"https:\/\/vapebulkp.com\/#website\"},\"datePublished\":\"2025-01-06T06:24:49+00:00\",\"dateModified\":\"2025-09-16T09:29:20+00:00\",\"description\":\"Shop Bang King 35000 Puffs Wholesale Puff Tornado Vape at Vapebulkp.com. Featuring 35,000 puffs, 23ml e-liquid, 0.6\u03a9 mesh coil, Type-C charging. Perfect for European retailers and vapers seeking high-capacity disposable vapes.\",\"breadcrumb\":{\"@id\":\"https:\/\/vapebulkp.com\/product\/bang-king-35000-puffs-wholesale-puff-tornado-vape\/#breadcrumb\"},\"inLanguage\":\"de\",\"potentialAction\":[{\"@type\":\"ReadAction\",\"target\":[\"https:\/\/vapebulkp.com\/product\/bang-king-35000-puffs-wholesale-puff-tornado-vape\/\"]}]},{\"@type\":\"BreadcrumbList\",\"@id\":\"https:\/\/vapebulkp.com\/product\/bang-king-35000-puffs-wholesale-puff-tornado-vape\/#breadcrumb\",\"itemListElement\":[{\"@type\":\"ListItem\",\"position\":1,\"name\":\"Home\",\"item\":\"https:\/\/vapebulkp.com\/\"},{\"@type\":\"ListItem\",\"position\":2,\"name\":\"Hot Trend Vapes\",\"item\":\"https:\/\/vapebulkp.com\/vape-shop\/\"},{\"@type\":\"ListItem\",\"position\":3,\"name\":\"Bang King 35000 Puffs Wholesale Puff Tornado Vape\"}]},{\"@type\":\"WebSite\",\"@id\":\"https:\/\/vapebulkp.com\/#website\",\"url\":\"https:\/\/vapebulkp.com\/\",\"name\":\"vapebulkp.com\",\"description\":\"Buy Vape In Cheap Bulk Price Near you\",\"publisher\":{\"@id\":\"https:\/\/vapebulkp.com\/#organization\"},\"potentialAction\":[{\"@type\":\"SearchAction\",\"target\":{\"@type\":\"EntryPoint\",\"urlTemplate\":\"https:\/\/vapebulkp.com\/?s={search_term_string}\"},\"query-input\":\"required name=search_term_string\"}],\"inLanguage\":\"de\"},{\"@type\":\"Organization\",\"@id\":\"https:\/\/vapebulkp.com\/#organization\",\"name\":\"vapebulkp.com\",\"url\":\"https:\/\/vapebulkp.com\/\",\"logo\":{\"@type\":\"ImageObject\",\"inLanguage\":\"de\",\"@id\":\"https:\/\/vapebulkp.com\/#\/schema\/logo\/image\/\",\"url\":\"https:\/\/vapebulkp.com\/wp-content\/uploads\/2023\/09\/cropped-vapebulkp.png\",\"contentUrl\":\"https:\/\/vapebulkp.com\/wp-content\/uploads\/2023\/09\/cropped-vapebulkp.png\",\"width\":516,\"height\":163,\"caption\":\"vapebulkp.com\"},\"image\":{\"@id\":\"https:\/\/vapebulkp.com\/#\/schema\/logo\/image\/\"}}]}<\/script>\n<!-- \/ Yoast SEO plugin. -->","yoast_head_json":{"title":"Bang King 35000 Puffs Wholesale Puff Tornado Vape - vapebulkp.com","description":"Shop Bang King 35000 Puffs Wholesale Puff Tornado Vape at Vapebulkp.com. Featuring 35,000 puffs, 23ml e-liquid, 0.6\u03a9 mesh coil, Type-C charging. Perfect for European retailers and vapers seeking high-capacity disposable vapes.","robots":{"index":"index","follow":"follow","max-snippet":"max-snippet:-1","max-image-preview":"max-image-preview:large","max-video-preview":"max-video-preview:-1"},"canonical":"https:\/\/vapebulkp.com\/de\/product\/bang-king-35000-puffs-wholesale-puff-tornado-vape\/","og_locale":"de_DE","og_type":"article","og_title":"Bang King 35000 Puffs Wholesale Puff Tornado Vape - vapebulkp.com","og_description":"Shop Bang King 35000 Puffs Wholesale Puff Tornado Vape at Vapebulkp.com. Featuring 35,000 puffs, 23ml e-liquid, 0.6\u03a9 mesh coil, Type-C charging. Perfect for European retailers and vapers seeking high-capacity disposable vapes.","og_url":"https:\/\/vapebulkp.com\/de\/product\/bang-king-35000-puffs-wholesale-puff-tornado-vape\/","og_site_name":"vapebulkp.com","article_modified_time":"2025-09-16T09:29:20+00:00","og_image":[{"width":800,"height":800,"url":"http:\/\/vapebulkp.com\/wp-content\/uploads\/2025\/01\/Bang-King-35000-Puffs-Disposable-Vape-Good-Sale.webp","type":"image\/webp"}],"twitter_card":"summary_large_image","twitter_misc":{"Gesch\u00e4tzte Lesezeit":"4\u00a0Minuten"},"schema":{"@context":"https:\/\/schema.org","@graph":[{"@type":"WebPage","@id":"https:\/\/vapebulkp.com\/product\/bang-king-35000-puffs-wholesale-puff-tornado-vape\/","url":"https:\/\/vapebulkp.com\/product\/bang-king-35000-puffs-wholesale-puff-tornado-vape\/","name":"Bang King 35000 Puffs Wholesale Puff Tornado Vape - vapebulkp.com","isPartOf":{"@id":"https:\/\/vapebulkp.com\/#website"},"datePublished":"2025-01-06T06:24:49+00:00","dateModified":"2025-09-16T09:29:20+00:00","description":"Shop Bang King 35000 Puffs Wholesale Puff Tornado Vape at Vapebulkp.com. Featuring 35,000 puffs, 23ml e-liquid, 0.6\u03a9 mesh coil, Type-C charging. Perfect for European retailers and vapers seeking high-capacity disposable vapes.","breadcrumb":{"@id":"https:\/\/vapebulkp.com\/product\/bang-king-35000-puffs-wholesale-puff-tornado-vape\/#breadcrumb"},"inLanguage":"de","potentialAction":[{"@type":"ReadAction","target":["https:\/\/vapebulkp.com\/product\/bang-king-35000-puffs-wholesale-puff-tornado-vape\/"]}]},{"@type":"BreadcrumbList","@id":"https:\/\/vapebulkp.com\/product\/bang-king-35000-puffs-wholesale-puff-tornado-vape\/#breadcrumb","itemListElement":[{"@type":"ListItem","position":1,"name":"Home","item":"https:\/\/vapebulkp.com\/"},{"@type":"ListItem","position":2,"name":"Hot Trend Vapes","item":"https:\/\/vapebulkp.com\/vape-shop\/"},{"@type":"ListItem","position":3,"name":"Bang King 35000 Puffs Wholesale Puff Tornado Vape"}]},{"@type":"WebSite","@id":"https:\/\/vapebulkp.com\/#website","url":"https:\/\/vapebulkp.com\/","name":"vapebulkp.com","description":"Buy Vape In Cheap Bulk Price Near you","publisher":{"@id":"https:\/\/vapebulkp.com\/#organization"},"potentialAction":[{"@type":"SearchAction","target":{"@type":"EntryPoint","urlTemplate":"https:\/\/vapebulkp.com\/?s={search_term_string}"},"query-input":"required name=search_term_string"}],"inLanguage":"de"},{"@type":"Organization","@id":"https:\/\/vapebulkp.com\/#organization","name":"vapebulkp.com","url":"https:\/\/vapebulkp.com\/","logo":{"@type":"ImageObject","inLanguage":"de","@id":"https:\/\/vapebulkp.com\/#\/schema\/logo\/image\/","url":"https:\/\/vapebulkp.com\/wp-content\/uploads\/2023\/09\/cropped-vapebulkp.png","contentUrl":"https:\/\/vapebulkp.com\/wp-content\/uploads\/2023\/09\/cropped-vapebulkp.png","width":516,"height":163,"caption":"vapebulkp.com"},"image":{"@id":"https:\/\/vapebulkp.com\/#\/schema\/logo\/image\/"}}]}},"uagb_featured_image_src":{"full":["https:\/\/vapebulkp.com\/wp-content\/uploads\/2025\/01\/Bang-King-35000-Puffs-Disposable-Vape-Good-Sale.webp",800,800,false],"thumbnail":["https:\/\/vapebulkp.com\/wp-content\/uploads\/2025\/01\/Bang-King-35000-Puffs-Disposable-Vape-Good-Sale-150x150.webp",150,150,true],"medium":["https:\/\/vapebulkp.com\/wp-content\/uploads\/2025\/01\/Bang-King-35000-Puffs-Disposable-Vape-Good-Sale-300x300.webp",300,300,true],"medium_large":["https:\/\/vapebulkp.com\/wp-content\/uploads\/2025\/01\/Bang-King-35000-Puffs-Disposable-Vape-Good-Sale-768x768.webp",768,768,true],"large":["https:\/\/vapebulkp.com\/wp-content\/uploads\/2025\/01\/Bang-King-35000-Puffs-Disposable-Vape-Good-Sale.webp",800,800,false],"1536x1536":["https:\/\/vapebulkp.com\/wp-content\/uploads\/2025\/01\/Bang-King-35000-Puffs-Disposable-Vape-Good-Sale.webp",800,800,false],"2048x2048":["https:\/\/vapebulkp.com\/wp-content\/uploads\/2025\/01\/Bang-King-35000-Puffs-Disposable-Vape-Good-Sale.webp",800,800,false],"trp-custom-language-flag":["https:\/\/vapebulkp.com\/wp-content\/uploads\/2025\/01\/Bang-King-35000-Puffs-Disposable-Vape-Good-Sale.webp",12,12,false],"woocommerce_thumbnail":["https:\/\/vapebulkp.com\/wp-content\/uploads\/2025\/01\/Bang-King-35000-Puffs-Disposable-Vape-Good-Sale-300x300.webp",300,300,true],"woocommerce_single":["https:\/\/vapebulkp.com\/wp-content\/uploads\/2025\/01\/Bang-King-35000-Puffs-Disposable-Vape-Good-Sale-600x600.webp",600,600,true],"woocommerce_gallery_thumbnail":["https:\/\/vapebulkp.com\/wp-content\/uploads\/2025\/01\/Bang-King-35000-Puffs-Disposable-Vape-Good-Sale-100x100.webp",100,100,true],"wcpr-photo-reviews":["https:\/\/vapebulkp.com\/wp-content\/uploads\/2025\/01\/Bang-King-35000-Puffs-Disposable-Vape-Good-Sale.webp",500,500,false]},"uagb_author_info":{"display_name":"Mandy vape bulk price","author_link":"https:\/\/vapebulkp.com\/de\/author\/"},"uagb_comment_info":0,"uagb_excerpt":"Bang King 35000 Puffs Disposable Vape, featuring a massive 35,000 puff capacity, 23ml e-liquid, 1000mAh battery, and 0.6\u03a9 mesh coil for superior flavor. Available in bulk at Vapebulkp.com with multiple nicotine options and Type-C rechargeability\u2014the ultimate choice for wholesale high-capacity vapes. Pls Contact Mandy's WhatsApp For Discount Price+8618077105796 NOTE: Prices on our website does not&hellip;","_links":{"self":[{"href":"https:\/\/vapebulkp.com\/de\/wp-json\/wp\/v2\/product\/3345","targetHints":{"allow":["GET"]}}],"collection":[{"href":"https:\/\/vapebulkp.com\/de\/wp-json\/wp\/v2\/product"}],"about":[{"href":"https:\/\/vapebulkp.com\/de\/wp-json\/wp\/v2\/types\/product"}],"replies":[{"embeddable":true,"href":"https:\/\/vapebulkp.com\/de\/wp-json\/wp\/v2\/comments?post=3345"}],"wp:featuredmedia":[{"embeddable":true,"href":"https:\/\/vapebulkp.com\/de\/wp-json\/wp\/v2\/media\/3353"}],"wp:attachment":[{"href":"https:\/\/vapebulkp.com\/de\/wp-json\/wp\/v2\/media?parent=3345"}],"wp:term":[{"taxonomy":"product_cat","embeddable":true,"href":"https:\/\/vapebulkp.com\/de\/wp-json\/wp\/v2\/product_cat?post=3345"},{"taxonomy":"product_tag","embeddable":true,"href":"https:\/\/vapebulkp.com\/de\/wp-json\/wp\/v2\/product_tag?post=3345"}],"curies":[{"name":"wp","href":"https:\/\/api.w.org\/{rel}","templated":true}]}}