{"id":3377,"date":"2025-01-31T10:42:57","date_gmt":"2025-01-31T09:42:57","guid":{"rendered":"https:\/\/vapebulkp.com\/?post_type=product&#038;p=3377"},"modified":"2025-09-24T05:20:24","modified_gmt":"2025-09-24T03:20:24","slug":"bang-tornado-40k-puffs-high-capacity-disposable-vape-pen","status":"publish","type":"product","link":"https:\/\/vapebulkp.com\/de\/product\/bang-tornado-40k-puffs-high-capacity-disposable-vape-pen\/","title":{"rendered":"Bang Tornado 40K Z\u00fcge Einweg-Vape Pen mit hoher Kapazit\u00e4t"},"content":{"rendered":"<h2 style=\"text-align: left\">Bang Tornado 40K Z\u00fcge Einweg-Vape Pen mit hoher Kapazit\u00e4t<\/h2>\n<div class=\"flex max-w-full flex-col flex-grow\">\n<div class=\"min-h-8 text-message flex w-full flex-col items-end gap-2 whitespace-normal break-words text-start [.text-message+&amp;]:mt-5\" dir=\"auto\" data-message-author-role=\"assistant\" data-message-id=\"ebeef09e-6d27-4a31-bd63-f94c3e7cadb1\" data-message-model-slug=\"gpt-4o\">\n<div class=\"flex w-full flex-col gap-1 empty:hidden first:pt-[3px]\">\n<div class=\"markdown prose w-full break-words dark:prose-invert light\">\n<p>Der <strong>Gro\u00dfhandel Vape Einstellbare Leistung Bang Tornado 40000 Z\u00fcge<\/strong> ist ein Premium-Einweg-Vape, der fachm\u00e4nnisch f\u00fcr den l\u00e4ngeren Gebrauch und au\u00dfergew\u00f6hnliche Leistung entwickelt wurde. Mit seiner beeindruckenden E-Liquid-Kapazit\u00e4t von 40 ml bietet dieses Ger\u00e4t unglaubliche 40.000 Z\u00fcge und ist somit ideal f\u00fcr Benutzer, die langanhaltendes Dampfen ohne h\u00e4ufigen Austausch bevorzugen. Dar\u00fcber hinaus richtet es sich an diejenigen, die Komfort und Haltbarkeit in einem kompakten Paket suchen.<\/p>\n<p>Ausgestattet mit einem wiederaufladbaren 850-mAh-Akku, sorgt der Bang Tornado <strong><a href=\"https:\/\/vapebulkp.com\/de\/product-category\/40000-puffs-disposable-vape\/\">40000 Z\u00fcge Einweg-Vape<\/a>\u00a0<\/strong> f\u00fcr konstante Leistung w\u00e4hrend des gesamten Gebrauchs. Dar\u00fcber hinaus unterst\u00fctzt der Typ-C-Ladeanschluss schnelles und effizientes Aufladen, wodurch Ausfallzeiten minimiert und unterbrechungsfreie Dampfsitzungen gew\u00e4hrleistet werden. Diese Funktionen vereinen sich, um selbst den anspruchsvollsten Benutzern ein nahtloses Erlebnis zu bieten.<\/p>\n<p>Dar\u00fcber hinaus ist die 0,5-Ohm-Drei-Mesh-Spulentechnologie so konzipiert, dass sie eine reibungslose Dampfproduktion und intensiven Geschmack bietet. Egal, ob Sie eine gesellschaftliche Veranstaltung genie\u00dfen, reisen oder zu Hause entspannen, der Tornado 40K liefert mit jedem Zug konstante Zufriedenheit. Seine \u00fcberlegene Technik verbessert sowohl die Leistung als auch die Geschmacksqualit\u00e4t und hebt ihn von der Konkurrenz ab.<\/p>\n<p>Dieses Ger\u00e4t wurde f\u00fcr einfache Bedienung und maximalen Komfort entwickelt und verf\u00fcgt au\u00dferdem \u00fcber eine einstellbare Leistungsoption. Dies erm\u00f6glicht es Benutzern, ihr Dampferlebnis anzupassen, was es zu einer vielseitigen Wahl f\u00fcr Anf\u00e4nger und erfahrene Dampfer gleicherma\u00dfen macht. Dar\u00fcber hinaus sorgt sein schlankes, ergonomisches Design sowohl f\u00fcr Stil als auch f\u00fcr Komfort w\u00e4hrend des Gebrauchs.<\/p>\n<p>Zusammenfassend l\u00e4sst sich sagen, dass der Gro\u00dfhandel I Vape Einstellbare Leistung <strong>Hei\u00dfverkauf Vape<\/strong> Bang Tornado 40k Z\u00fcge sich als erstklassiger Einweg-Vape auszeichnet. Seine Kombination aus hoher Kapazit\u00e4t, fortschrittlicher Technologie und benutzerfreundlichen Funktionen macht ihn zu einer ausgezeichneten Wahl f\u00fcr diejenigen, die erstklassige Leistung und Zuverl\u00e4ssigkeit suchen.<\/p>\n<\/div>\n<\/div>\n<\/div>\n<\/div>\n<h6>Bitte kontaktieren Sie Mandys WhatsApp f\u00fcr einen Rabattpreis<a href=\"https:\/\/wa.me\/8618077105796\">+8618077105796<\/a><\/h6>\n<p><img decoding=\"async\" class=\"alignnone wp-image-2151\" src=\"http:\/\/vapebulkp.com\/wp-content\/uploads\/2024\/04\/Mandy-WhatsApp-Randm.jpg\" alt=\"Mandy WhatsApp Randm\" width=\"324\" height=\"330\" \/><\/p>\n<div class=\"flex max-w-full flex-col flex-grow\">\n<div class=\"min-h-8 text-message flex w-full flex-col items-end gap-2 whitespace-normal break-words text-start [.text-message+&amp;]:mt-5\" dir=\"auto\" data-message-author-role=\"assistant\" data-message-id=\"d24cf626-c018-4805-80f5-44de047f2ba0\" data-message-model-slug=\"gpt-4o\">\n<div class=\"flex w-full flex-col gap-1 empty:hidden first:pt-[3px]\">\n<div class=\"markdown prose w-full break-words dark:prose-invert light\">\n<h2>Warum Big Puffs Bang Tornado 40.000 Z\u00fcge w\u00e4hlen? <strong>\u00a0<\/strong>at <a href=\"https:\/\/vapebulkp.com\/de\/vape-shop\/\">Vapebulkp.com<\/a>?<\/h2>\n<ul>\n<li><strong>Langanhaltendes Dampferlebnis:<\/strong> Mit bis zu 40.000 Z\u00fcgen sorgt der Bang Tornado f\u00fcr langanhaltende Zufriedenheit und reduziert die Notwendigkeit st\u00e4ndiger Nachf\u00fcllungen. Perfekt f\u00fcr den langfristigen Gebrauch.<\/li>\n<li><strong>Premium-Qualit\u00e4t:<\/strong> Der Bang Tornado wurde aus hochwertigen Materialien und fortschrittlicher Technologie gefertigt und bietet ein sanftes, reichhaltiges Dampferlebnis mit verbessertem Geschmack.<\/li>\n<li><strong>Praktischer wiederaufladbarer Akku:<\/strong> Der wiederaufladbare 850-mAh-Akku, kombiniert mit Typ-C-Aufladung, garantiert minimale Ausfallzeiten und sorgt f\u00fcr kontinuierlichen Genuss.<\/li>\n<li><strong>Gro\u00dfe Geschmacksauswahl:<\/strong> W\u00e4hlen Sie aus einer Vielzahl aufregender Geschmacksrichtungen, die Ihren Vorlieben entsprechen, von fruchtig bis Menthol und dar\u00fcber hinaus.<\/li>\n<li><strong>Wettbewerbsf\u00e4hige Preise:<\/strong> Bei Vapebulkp.com bieten wir unschlagbare Gro\u00dfhandelspreise, sodass Sie Ihre bevorzugten Einweg-Vapes zu einem g\u00fcnstigen Preis aufstocken k\u00f6nnen.<\/li>\n<li><strong>Schneller Versand:<\/strong> Wir bieten prompten und zuverl\u00e4ssigen Versand, um sicherzustellen, dass Ihre Bestellung schnell und sicher ankommt.<\/li>\n<li><strong>Kundenzufriedenheit:<\/strong> Bei Vapebulkp.com hat die Kundenzufriedenheit oberste Priorit\u00e4t. Wir bieten exzellenten Support und ein nahtloses Einkaufserlebnis.<\/li>\n<\/ul>\n<h3>Bang Tornado Vape 40000 Z\u00fcge Hei\u00dfverkauf Vapes Eigenschaften<\/h3>\n<ul>\n<li><strong>Massive Kapazit\u00e4t:<\/strong> 40 ml E-Liquid f\u00fcr bis zu 40.000 Z\u00fcge.<\/li>\n<li><strong>Leistungsstarker Akku:<\/strong> 850 mAh wiederaufladbar mit Typ-C-Schnellladung.<\/li>\n<li><strong>Fortschrittliche Technologie:<\/strong> 0,5 Ohm Triple-Mesh-Coil f\u00fcr sanften Dampf und reichen Geschmack.<\/li>\n<li><strong>Individuelles Erlebnis:<\/strong> Einstellbare Leistungseinstellungen f\u00fcr personalisiertes Dampfen.<\/li>\n<li><strong>Benutzerfreundliches Design:<\/strong> Elegant, ergonomisch und reisefreundlich.<\/li>\n<li><strong>Langlebig und zuverl\u00e4ssig:<\/strong> Gebaut f\u00fcr langlebige, konsistente Leistung.<\/li>\n<\/ul>\n<h3>Bang Tornado Vape Puff 40000 Geschmacksliste<\/h3>\n<\/div>\n<\/div>\n<\/div>\n<\/div>\n<p>1. Erdbeer-Wassermelone<br \/>\n2.Wassermelone<br \/>\n3.LIEBE66<br \/>\n4.Energydrink<br \/>\n5. Erdbeer-Kiwi<br \/>\n6.Blaubeere Zitrone<br \/>\n7.Blaubeere Trauben<br \/>\n8.Blaubeere Himbeere<br \/>\n9.Mango Pfirsich<br \/>\n10.Dreifache Beere<br \/>\n11.Doppelapfel<br \/>\n12.Pfirsich Eis<\/p>\n<p><a href=\"https:\/\/vapebulkp.com\/de\/product\/aivono-curved-smart-screen-35000-puffs-disposable-vape-wholesale-price\/\"><span style=\"vertical-align: inherit\">Aivono 35000 Z\u00fcge <\/span><\/a><\/p>\n<p><span style=\"vertical-align: inherit\">Finden Sie weitere Produkte, die Ihnen gefallen k\u00f6nnten:<\/span><em><a href=\"https:\/\/wa.me\/8618077105796\"><span style=\"vertical-align: inherit\">\u00a0Jetzt kaufen<\/span><\/a><\/em><\/p>\n<p><span style=\"vertical-align: inherit\">Andere Puffs, die Ihnen gefallen k\u00f6nnten:<\/span><a href=\"https:\/\/vapebulkp.com\/de\/product\/wholesale-price-bang-kingdoms-rex-32000-puffs-vape-pod\/\"><span style=\"vertical-align: inherit\">Bang Kingdoms 32000Puffs<\/span><\/a><span style=\"vertical-align: inherit\">\u3001<\/span><a href=\"https:\/\/vapebulkp.com\/de\/product\/bood-pulse-pro-25k-50k-disposable-vape-bar-5000-puffs-nicotine-free\/\"><span style=\"vertical-align: inherit\">Bood pulse pro 50000 Z\u00fcge<\/span><\/a><span style=\"vertical-align: inherit\">\/ <\/span><a href=\"https:\/\/vapebulkp.com\/de\/product\/vapsolo-best-quality-viking-12k-puffs-disposable-vapes\/\"><span style=\"vertical-align: inherit\">Vapsolo Viking 12000 Z\u00fcge<\/span><\/a><span style=\"vertical-align: inherit\">\/ <\/span><a href=\"https:\/\/vapebulkp.com\/de\/product\/waspe-vape-40000-puff-fihp-double-flavour-disposable-vape\/\"><span style=\"vertical-align: inherit\">WASPE 40000 Z\u00fcge<\/span><\/a><\/p>\n<p><span style=\"vertical-align: inherit\">E-Zigarettenflasche in Sonderform:<\/span><a href=\"https:\/\/vapebulkp.com\/de\/product\/vapsolo-feed-bar-shisha-vape-15000-puffs-wholesale-price\/\"><span style=\"vertical-align: inherit\"> Vapsolo Shisha 15000 Z\u00fcge<\/span><\/a><span style=\"vertical-align: inherit\">\/ <\/span><a href=\"https:\/\/vapebulkp.com\/de\/product\/vopk-ultra-30000-puffs-rgb-light-mesh-coil-rechargeable-vape-wholesale-price\/\"><span style=\"vertical-align: inherit\">\u00a0VOPK ULTRA 30000 Z\u00fcge <\/span><\/a><span style=\"vertical-align: inherit\">\/<\/span><a href=\"https:\/\/vapebulkp.com\/de\/product\/bang-box-35000-puffs-touch-switch-digital-screen-rechargeable-vape\/\"><span style=\"vertical-align: inherit\"> Bang Box 35000 Z\u00fcge<\/span><\/a><\/p>\n<h2><\/h2>\n<h4>FAQ f\u00fcr Bang Tornado Vape 40k Puffs hei\u00dfe Vapes<\/h4>\n<p><strong>1. Wie viele Z\u00fcge bietet der Bang Tornado 40K?<\/strong><br \/>\nDer Bang Tornado bietet bis zu 40.000 Z\u00fcge und ist damit einer der langlebigsten Einweg-Vapes, die auf dem Markt erh\u00e4ltlich sind.<\/p>\n<p><strong>2. Ist der Bang Tornado 40K wiederaufladbar?<\/strong><br \/>\nJa, er verf\u00fcgt \u00fcber einen wiederaufladbaren 850mAh-Akku mit einem praktischen Typ-C-Ladeanschluss f\u00fcr schnelles und effizientes Aufladen.<\/p>\n<p><strong>3. Was ist die E-Liquid-Kapazit\u00e4t des Bang Tornado?<\/strong><br \/>\nDas Ger\u00e4t ist mit einer riesigen 40-ml-E-Liquid-Kapazit\u00e4t vorgef\u00fcllt, die ein gleichbleibendes Dampferlebnis \u00fcber seine gesamte Lebensdauer hinweg gew\u00e4hrleistet.<\/p>\n<p><strong>4. Welche Nikotinst\u00e4rke ist im Bang Tornado 40K erh\u00e4ltlich?<\/strong><br \/>\nDer Bang Tornado ist in Nikotinsalzst\u00e4rken von 2% oder 5% erh\u00e4ltlich, um unterschiedlichen Dampfpr\u00e4ferenzen gerecht zu werden.<\/p>\n<h4>Versanddetails:<\/h4>\n<p><span style=\"color: #ff6600\">Produktionszeit: 5-10 Werktage<\/span><br \/>\n<span style=\"color: #ff6600\">Versandzeit: 8-14 Werktage<\/span><\/p>\n<p>Alle Produkte in unserem Shop sind 100% original und authentisch. Daher ist eine zehnfache Entsch\u00e4digung f\u00fcr gef\u00e4lschte Waren unsere Gesch\u00e4ftsrichtlinie. Wir verwenden Logistikkan\u00e4le wie UPS\/DHL\/FEDEX\/DPD, um Waren an Sie zu liefern.<\/p>\n<p>F\u00fcr Pakete, die nach Deutschland versandt werden, dauert die Ankunft in der Regel 10 Werktage. Der Versand in europ\u00e4ische L\u00e4nder dauert in der Regel 12 bis 15 Werktage. Wir werden die Logistikinformationen in Echtzeit f\u00fcr Sie aktualisieren.<\/p>","protected":false},"excerpt":{"rendered":"<div class=\"flex-shrink-0 flex flex-col relative items-end\">\n<div class=\"pt-0\">\n<div class=\"gizmo-bot-avatar flex h-8 w-8 items-center justify-center overflow-hidden rounded-full\">\n<div class=\"relative p-1 rounded-sm flex items-center justify-center bg-token-main-surface-primary text-token-text-primary h-8 w-8\">\n<ul>\n<li><strong>Premium Bang Tornado 40.000 Z\u00fcge Vape Pen f\u00fcr l\u00e4ngeren Gebrauch<\/strong><\/li>\n<li><strong>Wiederaufladbarer Bang Tornado 40.000 Z\u00fcge Einweg-Vape f\u00fcr langanhaltenden Genuss<\/strong><\/li>\n<li><strong>Bang Tornado 40.000 Z\u00fcge E-Zigarette mit anpassbaren Pods mit Eisgeschmack<\/strong><\/li>\n<\/ul>\n<\/div>\n<\/div>\n<\/div>\n<\/div>\n<p>Bitte kontaktieren Sie Mandys WhatsApp f\u00fcr einen Rabattpreis<a href=\"https:\/\/wa.me\/8618077105796\">+8618077105796<\/a><\/p>\n<p><img decoding=\"async\" class=\"alignnone wp-image-2151\" src=\"http:\/\/vapebulkp.com\/wp-content\/uploads\/2024\/04\/Mandy-WhatsApp-Randm.jpg\" alt=\"Mandy WhatsApp Randm\" width=\"297\" height=\"316\" srcset=\"https:\/\/vapebulkp.com\/wp-content\/uploads\/2024\/04\/Mandy-WhatsApp-Randm.jpg 916w, https:\/\/vapebulkp.com\/wp-content\/uploads\/2024\/04\/Mandy-WhatsApp-Randm-282x300.jpg 282w, https:\/\/vapebulkp.com\/wp-content\/uploads\/2024\/04\/Mandy-WhatsApp-Randm-768x817.jpg 768w, https:\/\/vapebulkp.com\/wp-content\/uploads\/2024\/04\/Mandy-WhatsApp-Randm-600x638.jpg 600w\" sizes=\"(max-width: 297px) 100vw, 297px\" \/><\/p>\n<p><span style=\"color: #ff0000\">HINWEIS: Die Preise auf unserer Website enthalten keine Versandkosten<\/span><\/p>\n<p>&nbsp;<\/p>","protected":false},"featured_media":3378,"comment_status":"open","ping_status":"closed","template":"","meta":{"_uag_custom_page_level_css":"","_lmt_disableupdate":"no","_lmt_disable":"","site-sidebar-layout":"default","site-content-layout":"content-boxed-container","ast-site-content-layout":"normal-width-container","site-content-style":"boxed","site-sidebar-style":"unboxed","ast-global-header-display":"","ast-banner-title-visibility":"","ast-main-header-display":"","ast-hfb-above-header-display":"","ast-hfb-below-header-display":"","ast-hfb-mobile-header-display":"","site-post-title":"","ast-breadcrumbs-content":"","ast-featured-img":"","footer-sml-layout":"","theme-transparent-header-meta":"default","adv-header-id-meta":"","stick-header-meta":"","header-above-stick-meta":"","header-main-stick-meta":"","header-below-stick-meta":"","astra-migrate-meta-layouts":"set","_joinchat":[]},"product_cat":[182,153,345,155,33,59,100,87,34,158,157,154,152,58,84,156,63,32],"product_tag":[202,36,37,41,40],"class_list":["post-3377","product","type-product","status-publish","has-post-thumbnail","hentry","product_cat-40000-puffs-disposable-vape","product_cat-hot-disposable-vapes","product_cat-bang-vapes","product_cat-belgium-hot-disposable-vapes","product_cat-france-vape-hot-sale","product_cat-germany-hot-disposable-vape","product_cat-germany-wholesale-vape-shop","product_cat-minimum-order-quantity-50pcs","product_cat-netherlands-vape-good-sale","product_cat-norway-hot-disposable-vapes","product_cat-poland-hot-disposable-vapes","product_cat-portugal-hot-disposable-vapes","product_cat-spain-hot-disposable-vapes","product_cat-sweden-hot-disposable-vape","product_cat-sweden-wholesale-vape","product_cat-switzerland-hot-disposable-vapes","product_cat-top-sale-disposable-vape","product_cat-vape-hot-sale-this-week","product_tag-bang-tornado-40k-puffs","product_tag-good-vape","product_tag-hot-sale-disposable-vape","product_tag-poland-hot-vape","product_tag-sweden-hot-vape","pa_brand-bang-king-vape","desktop-align-left","tablet-align-left","mobile-align-left"],"yoast_head":"<!-- This site is optimized with the Yoast SEO plugin v21.1 - https:\/\/yoast.com\/wordpress\/plugins\/seo\/ -->\n<title>Bang Tornado 40K Puffs High-Capacity Disposable Vape Pen - vapebulkp.com<\/title>\n<meta name=\"description\" content=\"Shop Bang King 35000 Puffs Wholesale Puff Tornado Vape at Vapebulkp.com. Featuring 35,000 puffs, 23ml e-liquid, 0.6\u03a9 mesh coil, Type-C charging. Perfect for European retailers and vapers seeking high-capacity disposable vapes.\" \/>\n<meta name=\"robots\" content=\"index, follow, max-snippet:-1, max-image-preview:large, max-video-preview:-1\" \/>\n<link rel=\"canonical\" href=\"https:\/\/vapebulkp.com\/de\/product\/bang-tornado-40k-puffs-high-capacity-disposable-vape-pen\/\" \/>\n<meta property=\"og:locale\" content=\"de_DE\" \/>\n<meta property=\"og:type\" content=\"article\" \/>\n<meta property=\"og:title\" content=\"Bang Tornado 40K Puffs High-Capacity Disposable Vape Pen - vapebulkp.com\" \/>\n<meta property=\"og:description\" content=\"Shop Bang King 35000 Puffs Wholesale Puff Tornado Vape at Vapebulkp.com. Featuring 35,000 puffs, 23ml e-liquid, 0.6\u03a9 mesh coil, Type-C charging. Perfect for European retailers and vapers seeking high-capacity disposable vapes.\" \/>\n<meta property=\"og:url\" content=\"https:\/\/vapebulkp.com\/de\/product\/bang-tornado-40k-puffs-high-capacity-disposable-vape-pen\/\" \/>\n<meta property=\"og:site_name\" content=\"vapebulkp.com\" \/>\n<meta property=\"article:modified_time\" content=\"2025-09-24T03:20:24+00:00\" \/>\n<meta property=\"og:image\" content=\"http:\/\/vapebulkp.com\/wp-content\/uploads\/2025\/01\/Advanced-Bang-Tornado-40000-Puffs-Vape-with-Big-Screen.jpg\" \/>\n\t<meta property=\"og:image:width\" content=\"800\" \/>\n\t<meta property=\"og:image:height\" content=\"800\" \/>\n\t<meta property=\"og:image:type\" content=\"image\/jpeg\" \/>\n<meta name=\"twitter:card\" content=\"summary_large_image\" \/>\n<meta name=\"twitter:label1\" content=\"Gesch\u00e4tzte Lesezeit\" \/>\n\t<meta name=\"twitter:data1\" content=\"4\u00a0Minuten\" \/>\n<script type=\"application\/ld+json\" class=\"yoast-schema-graph\">{\"@context\":\"https:\/\/schema.org\",\"@graph\":[{\"@type\":\"WebPage\",\"@id\":\"https:\/\/vapebulkp.com\/product\/bang-tornado-40k-puffs-high-capacity-disposable-vape-pen\/\",\"url\":\"https:\/\/vapebulkp.com\/product\/bang-tornado-40k-puffs-high-capacity-disposable-vape-pen\/\",\"name\":\"Bang Tornado 40K Puffs High-Capacity Disposable Vape Pen - vapebulkp.com\",\"isPartOf\":{\"@id\":\"https:\/\/vapebulkp.com\/#website\"},\"datePublished\":\"2025-01-31T09:42:57+00:00\",\"dateModified\":\"2025-09-24T03:20:24+00:00\",\"description\":\"Shop Bang King 35000 Puffs Wholesale Puff Tornado Vape at Vapebulkp.com. Featuring 35,000 puffs, 23ml e-liquid, 0.6\u03a9 mesh coil, Type-C charging. Perfect for European retailers and vapers seeking high-capacity disposable vapes.\",\"breadcrumb\":{\"@id\":\"https:\/\/vapebulkp.com\/product\/bang-tornado-40k-puffs-high-capacity-disposable-vape-pen\/#breadcrumb\"},\"inLanguage\":\"de\",\"potentialAction\":[{\"@type\":\"ReadAction\",\"target\":[\"https:\/\/vapebulkp.com\/product\/bang-tornado-40k-puffs-high-capacity-disposable-vape-pen\/\"]}]},{\"@type\":\"BreadcrumbList\",\"@id\":\"https:\/\/vapebulkp.com\/product\/bang-tornado-40k-puffs-high-capacity-disposable-vape-pen\/#breadcrumb\",\"itemListElement\":[{\"@type\":\"ListItem\",\"position\":1,\"name\":\"Home\",\"item\":\"https:\/\/vapebulkp.com\/\"},{\"@type\":\"ListItem\",\"position\":2,\"name\":\"Hot Trend Vapes\",\"item\":\"https:\/\/vapebulkp.com\/vape-shop\/\"},{\"@type\":\"ListItem\",\"position\":3,\"name\":\"Bang Tornado 40K Puffs High-Capacity Disposable Vape Pen\"}]},{\"@type\":\"WebSite\",\"@id\":\"https:\/\/vapebulkp.com\/#website\",\"url\":\"https:\/\/vapebulkp.com\/\",\"name\":\"vapebulkp.com\",\"description\":\"Buy Vape In Cheap Bulk Price Near you\",\"publisher\":{\"@id\":\"https:\/\/vapebulkp.com\/#organization\"},\"potentialAction\":[{\"@type\":\"SearchAction\",\"target\":{\"@type\":\"EntryPoint\",\"urlTemplate\":\"https:\/\/vapebulkp.com\/?s={search_term_string}\"},\"query-input\":\"required name=search_term_string\"}],\"inLanguage\":\"de\"},{\"@type\":\"Organization\",\"@id\":\"https:\/\/vapebulkp.com\/#organization\",\"name\":\"vapebulkp.com\",\"url\":\"https:\/\/vapebulkp.com\/\",\"logo\":{\"@type\":\"ImageObject\",\"inLanguage\":\"de\",\"@id\":\"https:\/\/vapebulkp.com\/#\/schema\/logo\/image\/\",\"url\":\"https:\/\/vapebulkp.com\/wp-content\/uploads\/2023\/09\/cropped-vapebulkp.png\",\"contentUrl\":\"https:\/\/vapebulkp.com\/wp-content\/uploads\/2023\/09\/cropped-vapebulkp.png\",\"width\":516,\"height\":163,\"caption\":\"vapebulkp.com\"},\"image\":{\"@id\":\"https:\/\/vapebulkp.com\/#\/schema\/logo\/image\/\"}}]}<\/script>\n<!-- \/ Yoast SEO plugin. -->","yoast_head_json":{"title":"Bang Tornado 40K Puffs High-Capacity Disposable Vape Pen - vapebulkp.com","description":"Shop Bang King 35000 Puffs Wholesale Puff Tornado Vape at Vapebulkp.com. Featuring 35,000 puffs, 23ml e-liquid, 0.6\u03a9 mesh coil, Type-C charging. Perfect for European retailers and vapers seeking high-capacity disposable vapes.","robots":{"index":"index","follow":"follow","max-snippet":"max-snippet:-1","max-image-preview":"max-image-preview:large","max-video-preview":"max-video-preview:-1"},"canonical":"https:\/\/vapebulkp.com\/de\/product\/bang-tornado-40k-puffs-high-capacity-disposable-vape-pen\/","og_locale":"de_DE","og_type":"article","og_title":"Bang Tornado 40K Puffs High-Capacity Disposable Vape Pen - vapebulkp.com","og_description":"Shop Bang King 35000 Puffs Wholesale Puff Tornado Vape at Vapebulkp.com. Featuring 35,000 puffs, 23ml e-liquid, 0.6\u03a9 mesh coil, Type-C charging. Perfect for European retailers and vapers seeking high-capacity disposable vapes.","og_url":"https:\/\/vapebulkp.com\/de\/product\/bang-tornado-40k-puffs-high-capacity-disposable-vape-pen\/","og_site_name":"vapebulkp.com","article_modified_time":"2025-09-24T03:20:24+00:00","og_image":[{"width":800,"height":800,"url":"http:\/\/vapebulkp.com\/wp-content\/uploads\/2025\/01\/Advanced-Bang-Tornado-40000-Puffs-Vape-with-Big-Screen.jpg","type":"image\/jpeg"}],"twitter_card":"summary_large_image","twitter_misc":{"Gesch\u00e4tzte Lesezeit":"4\u00a0Minuten"},"schema":{"@context":"https:\/\/schema.org","@graph":[{"@type":"WebPage","@id":"https:\/\/vapebulkp.com\/product\/bang-tornado-40k-puffs-high-capacity-disposable-vape-pen\/","url":"https:\/\/vapebulkp.com\/product\/bang-tornado-40k-puffs-high-capacity-disposable-vape-pen\/","name":"Bang Tornado 40K Puffs High-Capacity Disposable Vape Pen - vapebulkp.com","isPartOf":{"@id":"https:\/\/vapebulkp.com\/#website"},"datePublished":"2025-01-31T09:42:57+00:00","dateModified":"2025-09-24T03:20:24+00:00","description":"Shop Bang King 35000 Puffs Wholesale Puff Tornado Vape at Vapebulkp.com. Featuring 35,000 puffs, 23ml e-liquid, 0.6\u03a9 mesh coil, Type-C charging. Perfect for European retailers and vapers seeking high-capacity disposable vapes.","breadcrumb":{"@id":"https:\/\/vapebulkp.com\/product\/bang-tornado-40k-puffs-high-capacity-disposable-vape-pen\/#breadcrumb"},"inLanguage":"de","potentialAction":[{"@type":"ReadAction","target":["https:\/\/vapebulkp.com\/product\/bang-tornado-40k-puffs-high-capacity-disposable-vape-pen\/"]}]},{"@type":"BreadcrumbList","@id":"https:\/\/vapebulkp.com\/product\/bang-tornado-40k-puffs-high-capacity-disposable-vape-pen\/#breadcrumb","itemListElement":[{"@type":"ListItem","position":1,"name":"Home","item":"https:\/\/vapebulkp.com\/"},{"@type":"ListItem","position":2,"name":"Hot Trend Vapes","item":"https:\/\/vapebulkp.com\/vape-shop\/"},{"@type":"ListItem","position":3,"name":"Bang Tornado 40K Puffs High-Capacity Disposable Vape Pen"}]},{"@type":"WebSite","@id":"https:\/\/vapebulkp.com\/#website","url":"https:\/\/vapebulkp.com\/","name":"vapebulkp.com","description":"Buy Vape In Cheap Bulk Price Near you","publisher":{"@id":"https:\/\/vapebulkp.com\/#organization"},"potentialAction":[{"@type":"SearchAction","target":{"@type":"EntryPoint","urlTemplate":"https:\/\/vapebulkp.com\/?s={search_term_string}"},"query-input":"required name=search_term_string"}],"inLanguage":"de"},{"@type":"Organization","@id":"https:\/\/vapebulkp.com\/#organization","name":"vapebulkp.com","url":"https:\/\/vapebulkp.com\/","logo":{"@type":"ImageObject","inLanguage":"de","@id":"https:\/\/vapebulkp.com\/#\/schema\/logo\/image\/","url":"https:\/\/vapebulkp.com\/wp-content\/uploads\/2023\/09\/cropped-vapebulkp.png","contentUrl":"https:\/\/vapebulkp.com\/wp-content\/uploads\/2023\/09\/cropped-vapebulkp.png","width":516,"height":163,"caption":"vapebulkp.com"},"image":{"@id":"https:\/\/vapebulkp.com\/#\/schema\/logo\/image\/"}}]}},"uagb_featured_image_src":{"full":["https:\/\/vapebulkp.com\/wp-content\/uploads\/2025\/01\/Advanced-Bang-Tornado-40000-Puffs-Vape-with-Big-Screen.jpg",800,800,false],"thumbnail":["https:\/\/vapebulkp.com\/wp-content\/uploads\/2025\/01\/Advanced-Bang-Tornado-40000-Puffs-Vape-with-Big-Screen-150x150.jpg",150,150,true],"medium":["https:\/\/vapebulkp.com\/wp-content\/uploads\/2025\/01\/Advanced-Bang-Tornado-40000-Puffs-Vape-with-Big-Screen-300x300.jpg",300,300,true],"medium_large":["https:\/\/vapebulkp.com\/wp-content\/uploads\/2025\/01\/Advanced-Bang-Tornado-40000-Puffs-Vape-with-Big-Screen-768x768.jpg",768,768,true],"large":["https:\/\/vapebulkp.com\/wp-content\/uploads\/2025\/01\/Advanced-Bang-Tornado-40000-Puffs-Vape-with-Big-Screen.jpg",800,800,false],"1536x1536":["https:\/\/vapebulkp.com\/wp-content\/uploads\/2025\/01\/Advanced-Bang-Tornado-40000-Puffs-Vape-with-Big-Screen.jpg",800,800,false],"2048x2048":["https:\/\/vapebulkp.com\/wp-content\/uploads\/2025\/01\/Advanced-Bang-Tornado-40000-Puffs-Vape-with-Big-Screen.jpg",800,800,false],"trp-custom-language-flag":["https:\/\/vapebulkp.com\/wp-content\/uploads\/2025\/01\/Advanced-Bang-Tornado-40000-Puffs-Vape-with-Big-Screen.jpg",12,12,false],"woocommerce_thumbnail":["https:\/\/vapebulkp.com\/wp-content\/uploads\/2025\/01\/Advanced-Bang-Tornado-40000-Puffs-Vape-with-Big-Screen-300x300.jpg",300,300,true],"woocommerce_single":["https:\/\/vapebulkp.com\/wp-content\/uploads\/2025\/01\/Advanced-Bang-Tornado-40000-Puffs-Vape-with-Big-Screen-600x600.jpg",600,600,true],"woocommerce_gallery_thumbnail":["https:\/\/vapebulkp.com\/wp-content\/uploads\/2025\/01\/Advanced-Bang-Tornado-40000-Puffs-Vape-with-Big-Screen-100x100.jpg",100,100,true],"wcpr-photo-reviews":["https:\/\/vapebulkp.com\/wp-content\/uploads\/2025\/01\/Advanced-Bang-Tornado-40000-Puffs-Vape-with-Big-Screen.jpg",500,500,false]},"uagb_author_info":{"display_name":"Mandy vape bulk price","author_link":"https:\/\/vapebulkp.com\/de\/author\/"},"uagb_comment_info":0,"uagb_excerpt":"Premium Bang Tornado 40,000 Puffs Vape Pen for Extended Use Rechargeable Bang Tornado 40,000 Puffs Disposable Vape for Lasting Enjoyment Bang Tornado 40,000 Puffs E-Cig with Customizable Ice Flavored Pods Pls Contact Mandy's WhatsApp For Discount Price+8618077105796 NOTE: Prices on our website does not include shipping costs &nbsp;","_links":{"self":[{"href":"https:\/\/vapebulkp.com\/de\/wp-json\/wp\/v2\/product\/3377","targetHints":{"allow":["GET"]}}],"collection":[{"href":"https:\/\/vapebulkp.com\/de\/wp-json\/wp\/v2\/product"}],"about":[{"href":"https:\/\/vapebulkp.com\/de\/wp-json\/wp\/v2\/types\/product"}],"replies":[{"embeddable":true,"href":"https:\/\/vapebulkp.com\/de\/wp-json\/wp\/v2\/comments?post=3377"}],"wp:featuredmedia":[{"embeddable":true,"href":"https:\/\/vapebulkp.com\/de\/wp-json\/wp\/v2\/media\/3378"}],"wp:attachment":[{"href":"https:\/\/vapebulkp.com\/de\/wp-json\/wp\/v2\/media?parent=3377"}],"wp:term":[{"taxonomy":"product_cat","embeddable":true,"href":"https:\/\/vapebulkp.com\/de\/wp-json\/wp\/v2\/product_cat?post=3377"},{"taxonomy":"product_tag","embeddable":true,"href":"https:\/\/vapebulkp.com\/de\/wp-json\/wp\/v2\/product_tag?post=3377"}],"curies":[{"name":"wp","href":"https:\/\/api.w.org\/{rel}","templated":true}]}}