{"id":3391,"date":"2025-02-01T09:07:22","date_gmt":"2025-02-01T08:07:22","guid":{"rendered":"https:\/\/vapebulkp.com\/?post_type=product&#038;p=3391"},"modified":"2025-09-16T11:28:40","modified_gmt":"2025-09-16T09:28:40","slug":"waspe-crystal-vape-40000-puffs-disposable-e-cigarette-dual-flavors-wholesale-price","status":"publish","type":"product","link":"https:\/\/vapebulkp.com\/de\/product\/waspe-crystal-vape-40000-puffs-disposable-e-cigarette-dual-flavors-wholesale-price\/","title":{"rendered":"Waspe Crystal Vape 40000 Z\u00fcge Einweg-E-Zigarette Dual-Geschmacksrichtungen Gro\u00dfhandelspreis"},"content":{"rendered":"<h2 style=\"text-align: left\">Waspe Crystal Vape 40000 Z\u00fcge Einweg-E-Zigarette Dual-Geschmacksrichtungen Gro\u00dfhandelspreis<\/h2>\n<div class=\"flex max-w-full flex-col flex-grow\">\n<div class=\"min-h-8 text-message flex w-full flex-col items-end gap-2 whitespace-normal break-words text-start [.text-message+&amp;]:mt-5\" dir=\"auto\" data-message-author-role=\"assistant\" data-message-id=\"ebeef09e-6d27-4a31-bd63-f94c3e7cadb1\" data-message-model-slug=\"gpt-4o\">\n<div class=\"flex w-full flex-col gap-1 empty:hidden first:pt-[3px]\">\n<div class=\"markdown prose w-full break-words dark:prose-invert light\">\n<p>Der <strong>Waspe Crystal Vape 40000 Z\u00fcge Einweg E-Zigarette <\/strong>definiert Komfort und Innovation beim Dampfen neu. Dieses Ger\u00e4t wurde sowohl f\u00fcr Gelegenheits- als auch f\u00fcr erfahrene Dampfer entwickelt und bietet <strong>Dual Aromen<\/strong> mit bis zu <strong>20000 Z\u00fcgen pro Aroma<\/strong>und bietet ein nahtloses und geschmackvolles Dampferlebnis. Mit einer <strong>32mL vorgef\u00fcllten E-Liquid Kapazit\u00e4t<\/strong> und anpassbaren Nikotinst\u00e4rken von <strong>\u00a02% und 5%<\/strong>ist Waspe Crystal 40000 Puff f\u00fcr unterschiedliche Vorlieben geeignet.<\/p>\n<p>Ausgestattet mit einer <strong>wiederaufladbaren 850mAh Akku<\/strong> und <strong>USB Typ-C Aufladung<\/strong>stellt der Waspe Crystal Vape eine lang anhaltende Leistung und schnelles Aufladen sicher. Die fortschrittliche <strong>0,9\u03a9 Dual Mesh Coil<\/strong> verbessert die Dampfproduktion und Aromenklarheit, w\u00e4hrend die <strong>Zug-aktivierte Bedienung<\/strong> eine einfache Bedienung gew\u00e4hrleistet. Die integrierte <strong>LED-Display<\/strong> h\u00e4lt Sie \u00fcber Batterie- und E-Liquid-St\u00e4nde auf dem Laufenden und verleiht dem schlanken Design einen Hauch moderner Funktionalit\u00e4t.<\/p>\n<p>Perfekt f\u00fcr <strong>Reisen, gesellschaftliche Anl\u00e4sse oder den t\u00e4glichen Gebrauch<\/strong>, diese WASPE <a href=\"https:\/\/vapebulkp.com\/de\/product-category\/40000-puffs-disposable-vape\/\">40000 Z\u00fcge Einweg-Vape<\/a> kombiniert Stil, Leistung und Praktikabilit\u00e4t und ist damit eine erstklassige Wahl f\u00fcr Einweg-Vapes. Gro\u00dfhandelspreise sind ebenfalls verf\u00fcgbar, ideal f\u00fcr H\u00e4ndler, die dieses stark nachgefragte Produkt auf Lager haben m\u00f6chten.<\/p>\n<\/div>\n<\/div>\n<\/div>\n<\/div>\n<h6>Bitte kontaktieren Sie Mandys WhatsApp f\u00fcr einen Rabattpreis<a href=\"https:\/\/wa.me\/8618077105796\">+8618077105796<\/a><\/h6>\n<p><img decoding=\"async\" class=\"alignnone wp-image-2151\" src=\"http:\/\/vapebulkp.com\/wp-content\/uploads\/2024\/04\/Mandy-WhatsApp-Randm.jpg\" alt=\"Mandy WhatsApp Randm\" width=\"324\" height=\"330\" \/><\/p>\n<div class=\"flex max-w-full flex-col flex-grow\">\n<div class=\"min-h-8 text-message flex w-full flex-col items-end gap-2 whitespace-normal break-words text-start [.text-message+&amp;]:mt-5\" dir=\"auto\" data-message-author-role=\"assistant\" data-message-id=\"d24cf626-c018-4805-80f5-44de047f2ba0\" data-message-model-slug=\"gpt-4o\">\n<div class=\"flex w-full flex-col gap-1 empty:hidden first:pt-[3px]\">\n<div class=\"markdown prose w-full break-words dark:prose-invert light\">\n<h2>Warum WASPE CRYSTAL 40k Puffs zum g\u00fcnstigen Preis w\u00e4hlen<strong>\u00a0<\/strong>at <a href=\"https:\/\/vapebulkp.com\/de\/vape-shop\/\">Vapebulkp.com<\/a>?<\/h2>\n<p>Wenn es um hochwertige Einweg-Vapes geht, ist die <strong>WASPE CRYSTAL 40.000 Z\u00fcge<\/strong> als Premium-Wahl hervor. Erh\u00e4ltlich in <strong>Vapebulkp.com<\/strong>, diese innovative E-Zigarette bietet un\u00fcbertroffene Leistung, Geschmacksvielfalt und benutzerfreundliche Funktionen. Deshalb ist sie die erste Wahl f\u00fcr Vaping-Enthusiasten:<\/p>\n<ol>\n<li><strong>Au\u00dfergew\u00f6hnliche Zugzahl<\/strong>: Genie\u00dfen Sie bis zu <strong>40.000 Z\u00fcge<\/strong>, aufgeteilt in <strong>20.000 Z\u00fcge pro Geschmack<\/strong>was eine l\u00e4ngere Nutzung und einen unglaublichen Wert gew\u00e4hrleistet.<\/li>\n<li><strong>Dual-Geschmackstechnologie<\/strong>: Wechseln Sie nahtlos zwischen zwei verschiedenen Geschmacksrichtungen und bieten Sie ein vielseitiges Vaping-Erlebnis, das auf Ihre Stimmung zugeschnitten ist.<\/li>\n<li><strong>Anpassbare Nikotinst\u00e4rken<\/strong>: W\u00e4hlen Sie aus <strong>0%, 2%, 3% oder 5% Nikotin<\/strong> um Ihren pers\u00f6nlichen Vorlieben und Ihrem Lebensstil zu entsprechen.<\/li>\n<li><strong>Massive E-Liquid-Kapazit\u00e4t<\/strong>: Mit einem <strong>32mL vorgef\u00fcllten Tank<\/strong>bietet dieser Vape lang anhaltenden Genuss ohne h\u00e4ufigen Austausch.<\/li>\n<li><strong>Wiederaufladbare Batterie<\/strong>: Angetrieben von einem <strong>850mAh USB Typ-C wiederaufladbaren Akku<\/strong>bietet das Ger\u00e4t zuverl\u00e4ssige Leistung mit schnellen und bequemen Ladevorg\u00e4ngen.<\/li>\n<li><strong>Fortschrittliche Funktionen<\/strong>: Der <strong>0,9\u03a9 Dual Mesh Coil<\/strong> sorgt f\u00fcr eine reiche Dampfproduktion, w\u00e4hrend die <strong>LED-Display<\/strong> h\u00e4lt Sie \u00fcber den Akku- und E-Liquid-Stand auf dem Laufenden.<\/li>\n<li><strong>Gro\u00dfhandelsoptionen<\/strong>: Vapebulkp.com bietet wettbewerbsf\u00e4hige Gro\u00dfhandelspreise und ist damit die ideale Plattform f\u00fcr einzelne K\u00e4ufer und Einzelh\u00e4ndler.<\/li>\n<li><strong>Schneller und zuverl\u00e4ssiger Versand innerhalb Europas<\/strong>: Mit dem Fokus auf deutsche Kunden garantiert Vapebulkp.com eine schnelle Lieferung und einen au\u00dfergew\u00f6hnlichen Kundenservice.<\/li>\n<\/ol>\n<p>Egal, ob Sie eine <strong>langlebige Einweg-E-Zigarette<\/strong> oder ein Top-Seller-Produkt auf Lager haben m\u00f6chten, ist der <strong>WASPE CRYSTAL 40.000 Z\u00fcge<\/strong> bei Vapebulkp.com die ultimative Wahl f\u00fcr Geschmack, Qualit\u00e4t und Komfort.<\/p>\n<h3>WASPE CRYSTAL Vapes 40000 Puff Eigenschaften<\/h3>\n<ul>\n<li><strong>Z\u00fcge<\/strong>: Bis zu 40.000 (20.000 pro Geschmacksrichtung)<\/li>\n<li><strong>Nikotin<\/strong>: 0%, 2%, 3%, 5%<\/li>\n<li><strong>E-Liquid<\/strong>: 32 ml vorgef\u00fcllte Kapazit\u00e4t<\/li>\n<li><strong>Akku<\/strong>: 850mAh, USB Typ-C-Ladefunktion<\/li>\n<li><strong>Spule<\/strong>: 0,9\u03a9 Doppel-Mesh-Spule<\/li>\n<li><strong>Betrieb<\/strong>: Zug-aktiviert<\/li>\n<li><strong>Eigenschaften<\/strong>: LED-Anzeige, Akku<\/li>\n<\/ul>\n<h3>WASPE CRYSTAL 40000 Puffs Einweg-Vapes Geschmacksliste<\/h3>\n<\/div>\n<\/div>\n<\/div>\n<\/div>\n<p>1. Wassermelone Eis<br \/>\n2. Roter Bull Eis<br \/>\n3. Erdbeere Roter Bull<br \/>\n4. Blaubeer-Bonbon<br \/>\n5. Erdbeere Kiwi<br \/>\n6. Blaubeere Himbeere<br \/>\n7. Erdbeere Himbeere Kirsche<br \/>\n8. Pfirsich Eis<br \/>\n9. Erdbeere Banane<br \/>\n10. Traube Eis<br \/>\n11. Gemischte Beeren<br \/>\n12. Blaubeere Eis<\/p>\n<p><a href=\"https:\/\/vapebulkp.com\/de\/product\/bang-king-35000-puffs-wholesale-puff-tornado-vape\/\"><span style=\"vertical-align: inherit\">Bang King 35000 Z\u00fcge <\/span><\/a><\/p>\n<p><span style=\"vertical-align: inherit\">Finden Sie weitere Produkte, die Ihnen gefallen k\u00f6nnten:<\/span><em><a href=\"https:\/\/wa.me\/8618077105796\"><span style=\"vertical-align: inherit\">\u00a0Jetzt kaufen<\/span><\/a><\/em><\/p>\n<p><span style=\"vertical-align: inherit\">Andere Puffs, die Ihnen gefallen k\u00f6nnten:<\/span><a href=\"https:\/\/vapebulkp.com\/de\/product\/wholesale-price-bang-kingdoms-rex-32000-puffs-vape-pod\/\"><span style=\"vertical-align: inherit\">Bang Kingdoms 32000Puffs<\/span><\/a><span style=\"vertical-align: inherit\">\u3001<\/span><a href=\"https:\/\/vapebulkp.com\/de\/product\/razz-bar-25000-puffs-wholesale-price-vape-eu-warehouse\/\"><span style=\"vertical-align: inherit\">RAZZBAR 25000 Z\u00fcge<\/span><\/a><span style=\"vertical-align: inherit\">\/ <\/span><a href=\"https:\/\/vapebulkp.com\/de\/product\/vapsolo-best-quality-viking-12k-puffs-disposable-vapes\/\"><span style=\"vertical-align: inherit\">Vapsolo Viking 12000 Z\u00fcge<\/span><\/a><span style=\"vertical-align: inherit\">\/ <\/span><a href=\"https:\/\/vapebulkp.com\/de\/product\/uwin-tornado-music-35k-puffs-vape-wholesale-nicotine-free\/\"><span style=\"vertical-align: inherit\">UWIN Tornado Music 35000 Z\u00fcge<\/span><\/a><\/p>\n<h4>FAQ f\u00fcr Gro\u00dfhandel Vape WASPE CRYSTAL 40000 Puffs<\/h4>\n<div class=\"flex max-w-full flex-col flex-grow\">\n<div class=\"min-h-8 text-message flex w-full flex-col items-end gap-2 whitespace-normal break-words text-start [.text-message+&amp;]:mt-5\" dir=\"auto\" data-message-author-role=\"assistant\" data-message-id=\"67b557fa-6250-453f-85c1-f724d371f19e\" data-message-model-slug=\"gpt-4o-mini\">\n<div class=\"flex w-full flex-col gap-1 empty:hidden first:pt-[3px]\">\n<div class=\"markdown prose w-full break-words dark:prose-invert light\">\n<p><strong>1. Wie hoch ist die Anzahl der Z\u00fcge des WASPE CRYSTAL 40.000 Puffs?<\/strong><br \/>\nDer <strong>WASPE CRYSTAL 40.000 Z\u00fcge<\/strong> bietet beeindruckende <strong>40.000 Z\u00fcge<\/strong>, wobei <strong>20.000 Z\u00fcge pro Geschmack<\/strong>, die ein verl\u00e4ngertes Dampferlebnis bietet, das l\u00e4nger h\u00e4lt als die meisten Einweg-Vapes.<\/p>\n<p><strong>2. Welche Nikotinoptionen gibt es f\u00fcr den WASPE CRYSTAL 40.000 Puffvape?<\/strong><br \/>\nDer <strong>WASPE KRISTALL<\/strong> bietet flexible Nikotinst\u00e4rken, um Ihren Vorlieben gerecht zu werden, einschlie\u00dflich <strong>0 %, 2 %, 3 % und 5 % Nikotin<\/strong> Optionen, mit denen Sie Ihr Dampferlebnis individuell anpassen k\u00f6nnen.<\/p>\n<p><strong>3. Ist der WASPE Vape CRYSTAL 40.000 Puffs f\u00fcr den Langzeitgebrauch geeignet?<\/strong><br \/>\nJa, mit seinem <strong>Dual-Flavor-System<\/strong>, <strong>gro\u00dfem E-Liquid-Volumen<\/strong>und der hohen Anzahl an Z\u00fcgen ist der <strong>WASPE KRISTALL<\/strong> f\u00fcr den Langzeitgebrauch konzipiert und bietet eine <strong>bequeme und zuverl\u00e4ssige Dampfl\u00f6sung<\/strong> f\u00fcr den t\u00e4glichen Genuss.<\/p>\n<p><strong>4. Welche Vorteile bietet die Wahl des WASPE CRYSTAL 40.000 Puffs zum Gro\u00dfhandelspreis von Vapebulkp.com?<\/strong><br \/>\nDurch den Kauf bei <strong>Vapebulkp.com<\/strong>erhalten Sie <strong>wettbewerbsf\u00e4hige Gro\u00dfhandelspreise<\/strong>, <strong>exzellenten Kundenservice<\/strong>, und <strong>schnellem Versand<\/strong> in ganz Europa. Au\u00dferdem bietet der <strong>WASPE CRYSTAL 40.000 Z\u00fcge<\/strong> un\u00fcbertroffene <strong>Qualit\u00e4t<\/strong>, <strong>Geschmacksvielfalt.<\/strong>, und <strong>lang anhaltende Leistung<\/strong>.<\/p>\n<p>Ob Sie ein Gelegenheitsdampfer oder ein Einzelh\u00e4ndler sind, der ein hochwertiges, langlebiges Produkt sucht, der <strong>WASPE CRYSTAL 40.000 Z\u00fcge<\/strong> ist eine Top-Wahl, die bei <strong>Vapebulkp.com erh\u00e4ltlich ist.<\/strong><\/p>\n<\/div>\n<\/div>\n<\/div>\n<\/div>\n<h4>Versanddetails:<\/h4>\n<p><span style=\"color: #ff6600\">Produktionszeit: 5-10 Werktage<\/span><br \/>\n<span style=\"color: #ff6600\">Versandzeit: 8-14 Werktage<\/span><\/p>\n<p>Alle Produkte in unserem Shop sind 100% original und authentisch. Daher ist eine zehnfache Entsch\u00e4digung f\u00fcr gef\u00e4lschte Waren unsere Gesch\u00e4ftsrichtlinie. Wir verwenden Logistikkan\u00e4le wie UPS\/DHL\/FEDEX\/DPD, um Waren an Sie zu liefern.<\/p>\n<p>F\u00fcr Pakete, die nach Deutschland versandt werden, dauert die Ankunft in der Regel 10 Werktage. Der Versand in europ\u00e4ische L\u00e4nder dauert in der Regel 12 bis 15 Werktage. Wir werden die Logistikinformationen in Echtzeit f\u00fcr Sie aktualisieren.<\/p>","protected":false},"excerpt":{"rendered":"<div class=\"flex-shrink-0 flex flex-col relative items-end\">\n<div class=\"pt-0\">\n<div class=\"gizmo-bot-avatar flex h-8 w-8 items-center justify-center overflow-hidden rounded-full\">\n<div class=\"relative p-1 rounded-sm flex items-center justify-center bg-token-main-surface-primary text-token-text-primary h-8 w-8\">\n<ul>\n<li><strong>WASPE CRYSTAL 40000 Z\u00fcge Vape Pen mit Dual Aromen f\u00fcr langanhaltende Sessions<\/strong><\/li>\n<li><strong>Wiederaufladbare WASPE CRYSTAL 40.000 Z\u00fcge Einweg E-Zigarette f\u00fcr verl\u00e4ngertes Dampfen<\/strong><\/li>\n<li><strong>WASPE CRYSTAL 40k Z\u00fcge Elektronische Vape mit einstellbarem Nikotin und k\u00fchlenden Aromen<\/strong><\/li>\n<\/ul>\n<\/div>\n<\/div>\n<\/div>\n<\/div>\n<p>Bitte kontaktieren Sie Mandys WhatsApp f\u00fcr einen Rabattpreis<a href=\"https:\/\/wa.me\/8618077105796\">+8618077105796<\/a><\/p>\n<p><img decoding=\"async\" class=\"alignnone wp-image-2151\" src=\"http:\/\/vapebulkp.com\/wp-content\/uploads\/2024\/04\/Mandy-WhatsApp-Randm.jpg\" alt=\"Mandy WhatsApp Randm\" width=\"297\" height=\"316\" srcset=\"https:\/\/vapebulkp.com\/wp-content\/uploads\/2024\/04\/Mandy-WhatsApp-Randm.jpg 916w, https:\/\/vapebulkp.com\/wp-content\/uploads\/2024\/04\/Mandy-WhatsApp-Randm-282x300.jpg 282w, https:\/\/vapebulkp.com\/wp-content\/uploads\/2024\/04\/Mandy-WhatsApp-Randm-768x817.jpg 768w, https:\/\/vapebulkp.com\/wp-content\/uploads\/2024\/04\/Mandy-WhatsApp-Randm-600x638.jpg 600w\" sizes=\"(max-width: 297px) 100vw, 297px\" \/><\/p>\n<p><span style=\"color: #ff0000\">HINWEIS: Die Preise auf unserer Website enthalten keine Versandkosten<\/span><\/p>\n<p>&nbsp;<\/p>","protected":false},"featured_media":3389,"comment_status":"open","ping_status":"closed","template":"","meta":{"_uag_custom_page_level_css":"","_lmt_disableupdate":"no","_lmt_disable":"","site-sidebar-layout":"default","site-content-layout":"content-boxed-container","ast-site-content-layout":"normal-width-container","site-content-style":"boxed","site-sidebar-style":"unboxed","ast-global-header-display":"","ast-banner-title-visibility":"","ast-main-header-display":"","ast-hfb-above-header-display":"","ast-hfb-below-header-display":"","ast-hfb-mobile-header-display":"","site-post-title":"","ast-breadcrumbs-content":"","ast-featured-img":"","footer-sml-layout":"","theme-transparent-header-meta":"default","adv-header-id-meta":"","stick-header-meta":"","header-above-stick-meta":"","header-main-stick-meta":"","header-below-stick-meta":"","astra-migrate-meta-layouts":"set","_joinchat":[]},"product_cat":[182,153,155,33,59,100,87,34,158,157,154,152,58,84,156,63,32,365],"product_tag":[36,37,41,40,203],"class_list":["post-3391","product","type-product","status-publish","has-post-thumbnail","hentry","product_cat-40000-puffs-disposable-vape","product_cat-hot-disposable-vapes","product_cat-belgium-hot-disposable-vapes","product_cat-france-vape-hot-sale","product_cat-germany-hot-disposable-vape","product_cat-germany-wholesale-vape-shop","product_cat-minimum-order-quantity-50pcs","product_cat-netherlands-vape-good-sale","product_cat-norway-hot-disposable-vapes","product_cat-poland-hot-disposable-vapes","product_cat-portugal-hot-disposable-vapes","product_cat-spain-hot-disposable-vapes","product_cat-sweden-hot-disposable-vape","product_cat-sweden-wholesale-vape","product_cat-switzerland-hot-disposable-vapes","product_cat-top-sale-disposable-vape","product_cat-vape-hot-sale-this-week","product_cat-waspe-vape","product_tag-good-vape","product_tag-hot-sale-disposable-vape","product_tag-poland-hot-vape","product_tag-sweden-hot-vape","product_tag-waspe-crystal-vape-40000-puffs","pa_brand-waspe-vape","desktop-align-left","tablet-align-left","mobile-align-left"],"yoast_head":"<!-- This site is optimized with the Yoast SEO plugin v21.1 - https:\/\/yoast.com\/wordpress\/plugins\/seo\/ -->\n<title>Waspe Crystal Vape 40000 Puffs Disposable E-Cigarette Dual Flavors Wholesale Price - vapebulkp.com<\/title>\n<meta name=\"description\" content=\"Shop Waspe Crystal Vape 40000 Puffs with dual flavors, rechargeable design, and wholesale pricing at Vapebulkp.com!\" \/>\n<meta name=\"robots\" content=\"index, follow, max-snippet:-1, max-image-preview:large, max-video-preview:-1\" \/>\n<link rel=\"canonical\" href=\"https:\/\/vapebulkp.com\/de\/product\/waspe-crystal-vape-40000-puffs-disposable-e-cigarette-dual-flavors-wholesale-price\/\" \/>\n<meta property=\"og:locale\" content=\"de_DE\" \/>\n<meta property=\"og:type\" content=\"article\" \/>\n<meta property=\"og:title\" content=\"Waspe Crystal Vape 40000 Puffs Disposable E-Cigarette Dual Flavors Wholesale Price - vapebulkp.com\" \/>\n<meta property=\"og:description\" content=\"Shop Waspe Crystal Vape 40000 Puffs with dual flavors, rechargeable design, and wholesale pricing at Vapebulkp.com!\" \/>\n<meta property=\"og:url\" content=\"https:\/\/vapebulkp.com\/de\/product\/waspe-crystal-vape-40000-puffs-disposable-e-cigarette-dual-flavors-wholesale-price\/\" \/>\n<meta property=\"og:site_name\" content=\"vapebulkp.com\" \/>\n<meta property=\"article:modified_time\" content=\"2025-09-16T09:28:40+00:00\" \/>\n<meta property=\"og:image\" content=\"http:\/\/vapebulkp.com\/wp-content\/uploads\/2025\/01\/WASPE-CRYSTAL-VAPE-40000-PUFF-VAPE-PODS.jpg\" \/>\n\t<meta property=\"og:image:width\" content=\"800\" \/>\n\t<meta property=\"og:image:height\" content=\"800\" \/>\n\t<meta property=\"og:image:type\" content=\"image\/jpeg\" \/>\n<meta name=\"twitter:card\" content=\"summary_large_image\" \/>\n<meta name=\"twitter:label1\" content=\"Gesch\u00e4tzte Lesezeit\" \/>\n\t<meta name=\"twitter:data1\" content=\"4\u00a0Minuten\" \/>\n<script type=\"application\/ld+json\" class=\"yoast-schema-graph\">{\"@context\":\"https:\/\/schema.org\",\"@graph\":[{\"@type\":\"WebPage\",\"@id\":\"https:\/\/vapebulkp.com\/product\/waspe-crystal-vape-40000-puffs-disposable-e-cigarette-dual-flavors-wholesale-price\/\",\"url\":\"https:\/\/vapebulkp.com\/product\/waspe-crystal-vape-40000-puffs-disposable-e-cigarette-dual-flavors-wholesale-price\/\",\"name\":\"Waspe Crystal Vape 40000 Puffs Disposable E-Cigarette Dual Flavors Wholesale Price - vapebulkp.com\",\"isPartOf\":{\"@id\":\"https:\/\/vapebulkp.com\/#website\"},\"datePublished\":\"2025-02-01T08:07:22+00:00\",\"dateModified\":\"2025-09-16T09:28:40+00:00\",\"description\":\"Shop Waspe Crystal Vape 40000 Puffs with dual flavors, rechargeable design, and wholesale pricing at Vapebulkp.com!\",\"breadcrumb\":{\"@id\":\"https:\/\/vapebulkp.com\/product\/waspe-crystal-vape-40000-puffs-disposable-e-cigarette-dual-flavors-wholesale-price\/#breadcrumb\"},\"inLanguage\":\"de\",\"potentialAction\":[{\"@type\":\"ReadAction\",\"target\":[\"https:\/\/vapebulkp.com\/product\/waspe-crystal-vape-40000-puffs-disposable-e-cigarette-dual-flavors-wholesale-price\/\"]}]},{\"@type\":\"BreadcrumbList\",\"@id\":\"https:\/\/vapebulkp.com\/product\/waspe-crystal-vape-40000-puffs-disposable-e-cigarette-dual-flavors-wholesale-price\/#breadcrumb\",\"itemListElement\":[{\"@type\":\"ListItem\",\"position\":1,\"name\":\"Home\",\"item\":\"https:\/\/vapebulkp.com\/\"},{\"@type\":\"ListItem\",\"position\":2,\"name\":\"Hot Trend Vapes\",\"item\":\"https:\/\/vapebulkp.com\/vape-shop\/\"},{\"@type\":\"ListItem\",\"position\":3,\"name\":\"Waspe Crystal Vape 40000 Puffs Disposable E-Cigarette Dual Flavors Wholesale Price\"}]},{\"@type\":\"WebSite\",\"@id\":\"https:\/\/vapebulkp.com\/#website\",\"url\":\"https:\/\/vapebulkp.com\/\",\"name\":\"vapebulkp.com\",\"description\":\"Buy Vape In Cheap Bulk Price Near you\",\"publisher\":{\"@id\":\"https:\/\/vapebulkp.com\/#organization\"},\"potentialAction\":[{\"@type\":\"SearchAction\",\"target\":{\"@type\":\"EntryPoint\",\"urlTemplate\":\"https:\/\/vapebulkp.com\/?s={search_term_string}\"},\"query-input\":\"required name=search_term_string\"}],\"inLanguage\":\"de\"},{\"@type\":\"Organization\",\"@id\":\"https:\/\/vapebulkp.com\/#organization\",\"name\":\"vapebulkp.com\",\"url\":\"https:\/\/vapebulkp.com\/\",\"logo\":{\"@type\":\"ImageObject\",\"inLanguage\":\"de\",\"@id\":\"https:\/\/vapebulkp.com\/#\/schema\/logo\/image\/\",\"url\":\"https:\/\/vapebulkp.com\/wp-content\/uploads\/2023\/09\/cropped-vapebulkp.png\",\"contentUrl\":\"https:\/\/vapebulkp.com\/wp-content\/uploads\/2023\/09\/cropped-vapebulkp.png\",\"width\":516,\"height\":163,\"caption\":\"vapebulkp.com\"},\"image\":{\"@id\":\"https:\/\/vapebulkp.com\/#\/schema\/logo\/image\/\"}}]}<\/script>\n<!-- \/ Yoast SEO plugin. -->","yoast_head_json":{"title":"Waspe Crystal Vape 40000 Puffs Disposable E-Cigarette Dual Flavors Wholesale Price - vapebulkp.com","description":"Shop Waspe Crystal Vape 40000 Puffs with dual flavors, rechargeable design, and wholesale pricing at Vapebulkp.com!","robots":{"index":"index","follow":"follow","max-snippet":"max-snippet:-1","max-image-preview":"max-image-preview:large","max-video-preview":"max-video-preview:-1"},"canonical":"https:\/\/vapebulkp.com\/de\/product\/waspe-crystal-vape-40000-puffs-disposable-e-cigarette-dual-flavors-wholesale-price\/","og_locale":"de_DE","og_type":"article","og_title":"Waspe Crystal Vape 40000 Puffs Disposable E-Cigarette Dual Flavors Wholesale Price - vapebulkp.com","og_description":"Shop Waspe Crystal Vape 40000 Puffs with dual flavors, rechargeable design, and wholesale pricing at Vapebulkp.com!","og_url":"https:\/\/vapebulkp.com\/de\/product\/waspe-crystal-vape-40000-puffs-disposable-e-cigarette-dual-flavors-wholesale-price\/","og_site_name":"vapebulkp.com","article_modified_time":"2025-09-16T09:28:40+00:00","og_image":[{"width":800,"height":800,"url":"http:\/\/vapebulkp.com\/wp-content\/uploads\/2025\/01\/WASPE-CRYSTAL-VAPE-40000-PUFF-VAPE-PODS.jpg","type":"image\/jpeg"}],"twitter_card":"summary_large_image","twitter_misc":{"Gesch\u00e4tzte Lesezeit":"4\u00a0Minuten"},"schema":{"@context":"https:\/\/schema.org","@graph":[{"@type":"WebPage","@id":"https:\/\/vapebulkp.com\/product\/waspe-crystal-vape-40000-puffs-disposable-e-cigarette-dual-flavors-wholesale-price\/","url":"https:\/\/vapebulkp.com\/product\/waspe-crystal-vape-40000-puffs-disposable-e-cigarette-dual-flavors-wholesale-price\/","name":"Waspe Crystal Vape 40000 Puffs Disposable E-Cigarette Dual Flavors Wholesale Price - vapebulkp.com","isPartOf":{"@id":"https:\/\/vapebulkp.com\/#website"},"datePublished":"2025-02-01T08:07:22+00:00","dateModified":"2025-09-16T09:28:40+00:00","description":"Shop Waspe Crystal Vape 40000 Puffs with dual flavors, rechargeable design, and wholesale pricing at Vapebulkp.com!","breadcrumb":{"@id":"https:\/\/vapebulkp.com\/product\/waspe-crystal-vape-40000-puffs-disposable-e-cigarette-dual-flavors-wholesale-price\/#breadcrumb"},"inLanguage":"de","potentialAction":[{"@type":"ReadAction","target":["https:\/\/vapebulkp.com\/product\/waspe-crystal-vape-40000-puffs-disposable-e-cigarette-dual-flavors-wholesale-price\/"]}]},{"@type":"BreadcrumbList","@id":"https:\/\/vapebulkp.com\/product\/waspe-crystal-vape-40000-puffs-disposable-e-cigarette-dual-flavors-wholesale-price\/#breadcrumb","itemListElement":[{"@type":"ListItem","position":1,"name":"Home","item":"https:\/\/vapebulkp.com\/"},{"@type":"ListItem","position":2,"name":"Hot Trend Vapes","item":"https:\/\/vapebulkp.com\/vape-shop\/"},{"@type":"ListItem","position":3,"name":"Waspe Crystal Vape 40000 Puffs Disposable E-Cigarette Dual Flavors Wholesale Price"}]},{"@type":"WebSite","@id":"https:\/\/vapebulkp.com\/#website","url":"https:\/\/vapebulkp.com\/","name":"vapebulkp.com","description":"Buy Vape In Cheap Bulk Price Near you","publisher":{"@id":"https:\/\/vapebulkp.com\/#organization"},"potentialAction":[{"@type":"SearchAction","target":{"@type":"EntryPoint","urlTemplate":"https:\/\/vapebulkp.com\/?s={search_term_string}"},"query-input":"required name=search_term_string"}],"inLanguage":"de"},{"@type":"Organization","@id":"https:\/\/vapebulkp.com\/#organization","name":"vapebulkp.com","url":"https:\/\/vapebulkp.com\/","logo":{"@type":"ImageObject","inLanguage":"de","@id":"https:\/\/vapebulkp.com\/#\/schema\/logo\/image\/","url":"https:\/\/vapebulkp.com\/wp-content\/uploads\/2023\/09\/cropped-vapebulkp.png","contentUrl":"https:\/\/vapebulkp.com\/wp-content\/uploads\/2023\/09\/cropped-vapebulkp.png","width":516,"height":163,"caption":"vapebulkp.com"},"image":{"@id":"https:\/\/vapebulkp.com\/#\/schema\/logo\/image\/"}}]}},"uagb_featured_image_src":{"full":["https:\/\/vapebulkp.com\/wp-content\/uploads\/2025\/01\/WASPE-CRYSTAL-VAPE-40000-PUFF-VAPE-PODS.jpg",800,800,false],"thumbnail":["https:\/\/vapebulkp.com\/wp-content\/uploads\/2025\/01\/WASPE-CRYSTAL-VAPE-40000-PUFF-VAPE-PODS-150x150.jpg",150,150,true],"medium":["https:\/\/vapebulkp.com\/wp-content\/uploads\/2025\/01\/WASPE-CRYSTAL-VAPE-40000-PUFF-VAPE-PODS-300x300.jpg",300,300,true],"medium_large":["https:\/\/vapebulkp.com\/wp-content\/uploads\/2025\/01\/WASPE-CRYSTAL-VAPE-40000-PUFF-VAPE-PODS-768x768.jpg",768,768,true],"large":["https:\/\/vapebulkp.com\/wp-content\/uploads\/2025\/01\/WASPE-CRYSTAL-VAPE-40000-PUFF-VAPE-PODS.jpg",800,800,false],"1536x1536":["https:\/\/vapebulkp.com\/wp-content\/uploads\/2025\/01\/WASPE-CRYSTAL-VAPE-40000-PUFF-VAPE-PODS.jpg",800,800,false],"2048x2048":["https:\/\/vapebulkp.com\/wp-content\/uploads\/2025\/01\/WASPE-CRYSTAL-VAPE-40000-PUFF-VAPE-PODS.jpg",800,800,false],"trp-custom-language-flag":["https:\/\/vapebulkp.com\/wp-content\/uploads\/2025\/01\/WASPE-CRYSTAL-VAPE-40000-PUFF-VAPE-PODS.jpg",12,12,false],"woocommerce_thumbnail":["https:\/\/vapebulkp.com\/wp-content\/uploads\/2025\/01\/WASPE-CRYSTAL-VAPE-40000-PUFF-VAPE-PODS-300x300.jpg",300,300,true],"woocommerce_single":["https:\/\/vapebulkp.com\/wp-content\/uploads\/2025\/01\/WASPE-CRYSTAL-VAPE-40000-PUFF-VAPE-PODS-600x600.jpg",600,600,true],"woocommerce_gallery_thumbnail":["https:\/\/vapebulkp.com\/wp-content\/uploads\/2025\/01\/WASPE-CRYSTAL-VAPE-40000-PUFF-VAPE-PODS-100x100.jpg",100,100,true],"wcpr-photo-reviews":["https:\/\/vapebulkp.com\/wp-content\/uploads\/2025\/01\/WASPE-CRYSTAL-VAPE-40000-PUFF-VAPE-PODS.jpg",500,500,false]},"uagb_author_info":{"display_name":"Mandy vape bulk price","author_link":"https:\/\/vapebulkp.com\/de\/author\/"},"uagb_comment_info":0,"uagb_excerpt":"WASPE CRYSTAL 40000 Puffs Vape Pen with Dual Flavors for Long-Lasting Sessions Rechargeable WASPE CRYSTAL 40,000 Puff Disposable E-Cigarette for Prolonged Vaping WASPE CRYSTAL 40k Puffs Electronic Vape with Adjustable Nicotine and Cooling Flavors Pls Contact Mandy's WhatsApp For Discount Price+8618077105796 NOTE: Prices on our website does not include shipping costs &nbsp;","_links":{"self":[{"href":"https:\/\/vapebulkp.com\/de\/wp-json\/wp\/v2\/product\/3391","targetHints":{"allow":["GET"]}}],"collection":[{"href":"https:\/\/vapebulkp.com\/de\/wp-json\/wp\/v2\/product"}],"about":[{"href":"https:\/\/vapebulkp.com\/de\/wp-json\/wp\/v2\/types\/product"}],"replies":[{"embeddable":true,"href":"https:\/\/vapebulkp.com\/de\/wp-json\/wp\/v2\/comments?post=3391"}],"wp:featuredmedia":[{"embeddable":true,"href":"https:\/\/vapebulkp.com\/de\/wp-json\/wp\/v2\/media\/3389"}],"wp:attachment":[{"href":"https:\/\/vapebulkp.com\/de\/wp-json\/wp\/v2\/media?parent=3391"}],"wp:term":[{"taxonomy":"product_cat","embeddable":true,"href":"https:\/\/vapebulkp.com\/de\/wp-json\/wp\/v2\/product_cat?post=3391"},{"taxonomy":"product_tag","embeddable":true,"href":"https:\/\/vapebulkp.com\/de\/wp-json\/wp\/v2\/product_tag?post=3391"}],"curies":[{"name":"wp","href":"https:\/\/api.w.org\/{rel}","templated":true}]}}