{"id":3437,"date":"2025-01-28T09:33:02","date_gmt":"2025-01-28T08:33:02","guid":{"rendered":"https:\/\/vapebulkp.com\/?post_type=product&#038;p=3437"},"modified":"2025-09-24T05:28:39","modified_gmt":"2025-09-24T03:28:39","slug":"2025-new-vape-ai-22000-puffs-elfworld-disposable-vape-digital-display-vape","status":"publish","type":"product","link":"https:\/\/vapebulkp.com\/de\/produkt\/2025-new-vape-ai-22000-puffs-elfworld-disposable-vape-digital-display-vape\/","title":{"rendered":"2025 Neuer Vape Ai 22000 Z\u00fcge Elfworld Einweg Vape Digitalanzeige Vape"},"content":{"rendered":"<h2 style=\"text-align: left\">2025 Neuer Vape Ai 22000 Z\u00fcge Elfworld Einweg-Vape mit Digitalanzeige<\/h2>\n<div class=\"flex max-w-full flex-col flex-grow\">\n<div class=\"min-h-8 text-message flex w-full flex-col items-end gap-2 whitespace-normal break-words text-start [.text-message+&amp;]:mt-5\" dir=\"auto\" data-message-author-role=\"assistant\" data-message-id=\"ebeef09e-6d27-4a31-bd63-f94c3e7cadb1\" data-message-model-slug=\"gpt-4o\">\n<div class=\"flex w-full flex-col gap-1 empty:hidden first:pt-[3px]\">\n<div class=\"markdown prose w-full break-words dark:prose-invert light\">\n<p data-start=\"314\" data-end=\"698\">Der <strong data-start=\"318\" data-end=\"357\">2025 Elfworld AI 22000 Puffs Einweg-Vape<\/strong>\u00a0 ist ein hochwertiges Ger\u00e4t mit gro\u00dfer Kapazit\u00e4t, das f\u00fcr europ\u00e4ische Dampfer entwickelt wurde, die langanhaltende Leistung und Stil suchen. Es ist mit 26 ml E-Liquid vorgef\u00fcllt und liefert bis zu 22.000 Z\u00fcge, wodurch es sowohl f\u00fcr Gelegenheitsnutzer als auch f\u00fcr passionierte Dampfer geeignet ist. Erh\u00e4ltlich mit 2% und 5% Nikotinsalz, erf\u00fcllt es eine breite Palette von Vorlieben.<\/p>\n<p data-start=\"700\" data-end=\"986\">Ausgestattet mit einer 1,0\u03a9 Dual-Mesh-Coil, erzeugt der <strong data-start=\"741\" data-end=\"772\">22K Z\u00fcge Vape-Box<\/strong>\u00a0bei jedem Zug sanften, dichten Dampf und kr\u00e4ftigen, konsistenten Geschmack. Das einstellbare Luftstromsystem erm\u00f6glicht sowohl das Mund-zu-Lunge (MTL) als auch das Direkt-zu-Lunge (DTL) Vaping und gibt die volle Kontrolle \u00fcber jeden Zug.<\/p>\n<p data-start=\"988\" data-end=\"1272\">Angetrieben von einem 650-mAh-Akkupack mit Typ-C-Schnellladung, sorgt dieser <strong data-start=\"1061\" data-end=\"1093\">wiederaufladbare Vape<\/strong> f\u00fcr unterbrechungsfreie Sitzungen und reduziert gleichzeitig Elektroschrott. Die elegante Digitalanzeige zeigt die Akkulaufzeit und die Zugzahl in Echtzeit an und kombiniert Komfort mit modernem Design.<\/p>\n<p data-start=\"1274\" data-end=\"1564\">Erh\u00e4ltlich in 10 sorgf\u00e4ltig hergestellten Geschmacksrichtungen, vereint der Elfworld <strong data-start=\"1330\" data-end=\"1361\">22k Puffs Gro\u00dfhandel Vape<\/strong> Innovation, Stil und hohe Leistung. Er wird aus EU-Lagern versandt und ist ideal f\u00fcr Gro\u00dfhandelsk\u00e4ufer, die die wachsende Nachfrage nach <strong data-start=\"1510\" data-end=\"1538\">hochwertige Einweg-Vapes<\/strong> auf dem europ\u00e4ischen Markt.<\/p>\n<\/div>\n<\/div>\n<\/div>\n<\/div>\n<h6>Bitte kontaktieren Sie Mandys WhatsApp f\u00fcr einen Rabattpreis<a href=\"https:\/\/wa.me\/8618077105796\">+8618077105796<\/a><\/h6>\n<p><img decoding=\"async\" class=\"alignnone wp-image-2151\" src=\"http:\/\/vapebulkp.com\/wp-content\/uploads\/2024\/04\/Mandy-WhatsApp-Randm.jpg\" alt=\"Mandy WhatsApp Randm\" width=\"324\" height=\"330\" \/><\/p>\n<div class=\"flex max-w-full flex-col flex-grow\">\n<div class=\"min-h-8 text-message flex w-full flex-col items-end gap-2 whitespace-normal break-words text-start [.text-message+&amp;]:mt-5\" dir=\"auto\" data-message-author-role=\"assistant\" data-message-id=\"d24cf626-c018-4805-80f5-44de047f2ba0\" data-message-model-slug=\"gpt-4o\">\n<div class=\"flex w-full flex-col gap-1 empty:hidden first:pt-[3px]\">\n<div class=\"markdown prose w-full break-words dark:prose-invert light\">\n<h2>Warum man sich f\u00fcr ELFWORLD Vapes zum Gro\u00dfhandelspreis entscheiden sollte<strong>\u00a0<\/strong>at <a href=\"https:\/\/vapebulkp.com\/de\/vape-shop\/\">Vapebulkp.com<\/a>?<\/h2>\n<ul>\n<li><strong>Exklusive Hochleistungs-Vapes<\/strong>: Vapebulkp.com bietet authentische ELFWORLD AI 22000 Puff Einweg-Vape-Ger\u00e4te, die f\u00fcr ihre \u00fcberlegene Bauweise, innovative Funktionen und langlebige Leistung bekannt sind.<\/li>\n<li><strong>Umfangreiche Geschmacksauswahl<\/strong>: Genie\u00dfen Sie 10 Premium-Geschmacksrichtungen, die darauf ausgelegt sind, unterschiedliche Vorlieben zu befriedigen und jedem Kunden ein gehobenes Vaping-Erlebnis zu bieten.<\/li>\n<li><strong>Ma\u00dfgeschneiderte Nikotinst\u00e4rken<\/strong>: W\u00e4hlen Sie aus Nikotinsalzoptionen von 0 %, 2 %, 3 % oder 5 %, die sowohl Gelegenheitsnutzer als auch erfahrene Dampfer ansprechen, die eine personalisierte Zufriedenheit suchen.<\/li>\n<li><strong>Wettbewerbsf\u00e4hige Gro\u00dfhandelspreise<\/strong>: Sichern Sie sich unschlagbaren Wert mit Gro\u00dfkaufrabatten, was Vapebulkp.com zur perfekten Wahl f\u00fcr Wiederverk\u00e4ufer und Unternehmen macht.<\/li>\n<li><strong>Fortschrittliche Funktionen<\/strong>: Der ELFWORLD AI 22000 verf\u00fcgt \u00fcber Spitzentechnologie wie eine digitale Anzeigetafel, einstellbaren Luftstrom und zwei Mesh-Spulen f\u00fcr gleichbleibenden Geschmack und Dampfproduktion.<\/li>\n<li><strong>Umweltfreundliches wiederaufladbares Design<\/strong>: Mit seinem 650-mAh-Akku und der schnellen Typ-C-Ladung ist dieses Ger\u00e4t perfekt f\u00fcr umweltbewusste Dampfer.<\/li>\n<li><strong>Zuverl\u00e4ssiger Versand<\/strong>: Vapebulkp.com bietet sicheren weltweiten Versand und professionellen Kundensupport f\u00fcr ein reibungsloses Einkaufserlebnis.<\/li>\n<\/ul>\n<p>&nbsp;<\/p>\n<h2><strong>Top-Verkauf ELFWORLD AI 22000 Puffs Vape Pods Spezifikationen:<\/strong><\/h2>\n<ul>\n<li><strong>Digitale Anzeigetafel:<\/strong> Bietet klare Informationen \u00fcber die Akkulaufzeit und die Anzahl der Z\u00fcge.<\/li>\n<li><strong>Einstellbarer Luftstrom:<\/strong> Passen Sie Ihr Dampferlebnis mit pr\u00e4ziser Luftstromkontrolle an.<\/li>\n<li><strong>Nikotinst\u00e4rke-Optionen:<\/strong> Erh\u00e4ltlich in 0 %, 2 %, 3 % und 5 % Nikotinsalz f\u00fcr ma\u00dfgeschneiderte Zufriedenheit.<\/li>\n<li><strong>E-Liquid Kapazit\u00e4t:<\/strong> Mit 26 ml Premium-E-Liquid vorgef\u00fcllt f\u00fcr l\u00e4ngere Nutzung.<\/li>\n<li><strong>Doppel-Mesh-Spule:<\/strong> Verf\u00fcgt \u00fcber 1,0\u03a9 x 2 duale Mesh-Spulen f\u00fcr verbesserten Geschmack und Dampfproduktion.<\/li>\n<li><strong>Geschmacksvielfalt:<\/strong> W\u00e4hlen Sie aus 10 verschiedenen und zufriedenstellenden Geschmacksoptionen.<\/li>\n<li><strong>Wiederaufladbarer Akku:<\/strong> Eingebauter 650-mAh-Akku f\u00fcr lang anhaltende Leistung.<\/li>\n<li><strong>Typ-C-Ladung:<\/strong> Unterst\u00fctzt schnelles und effizientes Laden \u00fcber einen Typ-C-Anschluss.<\/li>\n<\/ul>\n<h2>ELFWORLD AI 22k puff Premium Vape Geschmackssorten<\/h2>\n<\/div>\n<\/div>\n<\/div>\n<\/div>\n<p>1.Mango Apfel Birne<br \/>\n2.K\u00fchle Mango<br \/>\n3.Gr\u00fcner Apfel<br \/>\n4.Tigerblut<br \/>\n5. Blaubeereis<br \/>\n6.Minze<br \/>\n7.Beerenmix<br \/>\n8.Traube Eis<br \/>\n9.Wassermeloneneis<br \/>\n10.Blaubeere Minze<br \/>\n11.Erdbeereis<br \/>\n12. Saftiger Pfirsich-Eis<br \/>\n13. Blau Himbeer-Eis<br \/>\n14. Kirsch-Zitrone<br \/>\n15. Erdbeer-Wassermelone<\/p>\n<p><a href=\"https:\/\/vapebulkp.com\/de\/produkt\/bang-king-35000-puffs-wholesale-puff-tornado-vape\/\"><span style=\"vertical-align: inherit\">Bang King 35000 Z\u00fcge <\/span><\/a><\/p>\n<p><span style=\"vertical-align: inherit\">Finden Sie weitere Produkte, die Ihnen gefallen k\u00f6nnten:<\/span><em><a href=\"https:\/\/wa.me\/8618077105796\"><span style=\"vertical-align: inherit\">\u00a0Jetzt kaufen<\/span><\/a><\/em><\/p>\n<p><span style=\"vertical-align: inherit\">Andere Puffs, die Ihnen gefallen k\u00f6nnten:<\/span><a href=\"https:\/\/vapebulkp.com\/de\/produkt\/wholesale-price-bang-kingdoms-rex-32000-puffs-vape-pod\/\"><span style=\"vertical-align: inherit\">Bang Kingdoms 32000Puffs<\/span><\/a><span style=\"vertical-align: inherit\">\u3001<\/span><a href=\"https:\/\/vapebulkp.com\/de\/produkt\/razz-bar-25000-puffs-wholesale-price-vape-eu-warehouse\/\"><span style=\"vertical-align: inherit\">RAZZBAR 25000 Z\u00fcge<\/span><\/a><span style=\"vertical-align: inherit\">\/ <\/span><a href=\"https:\/\/vapebulkp.com\/de\/produkt\/vapsolo-best-quality-viking-12k-puffs-disposable-vapes\/\"><span style=\"vertical-align: inherit\">Vapsolo Viking 12000 Z\u00fcge<\/span><\/a><span style=\"vertical-align: inherit\">\/ <\/span><a href=\"https:\/\/vapebulkp.com\/de\/produkt\/uwin-tornado-music-35k-puffs-vape-wholesale-nicotine-free\/\"><span style=\"vertical-align: inherit\">UWIN Tornado Music 35000 Z\u00fcge<\/span><\/a><\/p>\n<p><span style=\"vertical-align: inherit\">E-Zigarettenflasche in Sonderform:<\/span><a href=\"https:\/\/vapebulkp.com\/de\/produkt\/vapsolo-feed-bar-shisha-vape-15000-puffs-wholesale-price\/\"><span style=\"vertical-align: inherit\"> Vapsolo Shisha 15000 Z\u00fcge<\/span><\/a><span style=\"vertical-align: inherit\">\/ <\/span><a href=\"https:\/\/vapebulkp.com\/de\/produkt\/bang-tornado-40k-puffs-high-capacity-disposable-vape-pen\/\"><span style=\"vertical-align: inherit\">\u00a0Bang Tornado 40000 Z\u00fcge <\/span><\/a><span style=\"vertical-align: inherit\">\/<\/span><a href=\"https:\/\/vapebulkp.com\/de\/produkt\/bang-box-35000-puffs-touch-switch-digital-screen-rechargeable-vape\/\"><span style=\"vertical-align: inherit\"> Bang Box 35000 Z\u00fcge<\/span><\/a><\/p>\n<h2><\/h2>\n<h2>FAQ \u00fcber ELFWORLD AI 22000 Z\u00fcge Vapes<\/h2>\n<div class=\"flex max-w-full flex-col flex-grow\">\n<div class=\"min-h-8 text-message flex w-full flex-col items-end gap-2 whitespace-normal break-words text-start [.text-message+&amp;]:mt-5\" dir=\"auto\" data-message-author-role=\"assistant\" data-message-id=\"67b557fa-6250-453f-85c1-f724d371f19e\" data-message-model-slug=\"gpt-4o-mini\">\n<div class=\"flex w-full flex-col gap-1 empty:hidden first:pt-[3px]\">\n<div class=\"markdown prose w-full break-words dark:prose-invert light\">\n<p><strong>F1: Was macht die ELFWORLD AI 22000 Z\u00fcge Vapes einzigartig?<\/strong><br \/>\nA: Die ELFWORLD AI 22000 zeichnet sich durch ihren digitalen Bildschirm, einstellbaren Luftstrom und eine 1,0\u03a9 Dual-Mesh-Spule aus, die einen \u00fcberlegenen Geschmack und eine sanfte Dampfproduktion bieten.<\/p>\n<p><strong>F2: Wie viele Z\u00fcge bietet die ELFWORLD AI 22000 Z\u00fcge?<\/strong><br \/>\nA: Dieses Ger\u00e4t liefert bis zu 22.000 Z\u00fcge und gew\u00e4hrleistet eine langanhaltende Nutzung und au\u00dfergew\u00f6hnliche Leistung.<\/p>\n<p><strong>F3: Welche Nikotinst\u00e4rken sind f\u00fcr diesen Vape erh\u00e4ltlich?<\/strong><br \/>\nA: Es gibt vier Optionen \u2013 0%, 2%, 3% und 5% Nikotinsalz, um einer Vielzahl von Vorlieben gerecht zu werden.<\/p>\n<p><strong>F4: Ist der ELFWORLD VAPE AI 22k Z\u00fcge wiederaufladbar?<\/strong><br \/>\nA: Ja, er verf\u00fcgt \u00fcber eine integrierte 650mAh-Batterie und unterst\u00fctzt Typ-C-Schnellladung f\u00fcr zus\u00e4tzlichen Komfort.<\/p>\n<\/div>\n<\/div>\n<\/div>\n<\/div>\n<h3>Versanddetails:<\/h3>\n<p><span style=\"color: #ff6600\">Produktionszeit: 5-10 Werktage<\/span><br \/>\n<span style=\"color: #ff6600\">Versandzeit: 8-14 Werktage<\/span><\/p>\n<p>Alle Produkte in unserem Shop sind 100% original und authentisch. Daher ist eine zehnfache Entsch\u00e4digung f\u00fcr gef\u00e4lschte Waren unsere Gesch\u00e4ftsrichtlinie. Wir verwenden Logistikkan\u00e4le wie UPS\/DHL\/FEDEX\/DPD, um Waren an Sie zu liefern.<\/p>\n<p>F\u00fcr Pakete, die nach Deutschland versandt werden, dauert die Ankunft in der Regel 10 Werktage. Der Versand in europ\u00e4ische L\u00e4nder dauert in der Regel 12 bis 15 Werktage. Wir werden die Logistikinformationen in Echtzeit f\u00fcr Sie aktualisieren.<\/p>","protected":false},"excerpt":{"rendered":"<div class=\"flex-shrink-0 flex flex-col relative items-end\">\n<div class=\"pt-0\">\n<div class=\"gizmo-bot-avatar flex h-8 w-8 items-center justify-center overflow-hidden rounded-full\">\n<div class=\"relative p-1 rounded-sm flex items-center justify-center bg-token-main-surface-primary text-token-text-primary h-8 w-8\">\n<ul>\n<li>ELFWORLD AI 22000 Puff Einweg-Vape mit Digitalanzeige und einstellbarem Luftstrom<\/li>\n<li>Hochleistungs-ELFWORLD AI 22000 Puff Vape \u2013 Wiederaufladbar und geschmacksintensiv<\/li>\n<li>ELFWORLD AI 22000 Puff Einweg-Vape: Dual-Mesh-Coils f\u00fcr erstklassiges Vaping<\/li>\n<\/ul>\n<\/div>\n<\/div>\n<\/div>\n<\/div>\n<p>Bitte kontaktieren Sie Mandys WhatsApp f\u00fcr einen Rabattpreis<a href=\"https:\/\/wa.me\/8618077105796\">+8618077105796<\/a><\/p>\n<p><img decoding=\"async\" class=\"alignnone wp-image-2151\" src=\"http:\/\/vapebulkp.com\/wp-content\/uploads\/2024\/04\/Mandy-WhatsApp-Randm.jpg\" alt=\"Mandy WhatsApp Randm\" width=\"297\" height=\"316\" srcset=\"https:\/\/vapebulkp.com\/wp-content\/uploads\/2024\/04\/Mandy-WhatsApp-Randm.jpg 916w, https:\/\/vapebulkp.com\/wp-content\/uploads\/2024\/04\/Mandy-WhatsApp-Randm-282x300.jpg 282w, https:\/\/vapebulkp.com\/wp-content\/uploads\/2024\/04\/Mandy-WhatsApp-Randm-768x817.jpg 768w, https:\/\/vapebulkp.com\/wp-content\/uploads\/2024\/04\/Mandy-WhatsApp-Randm-600x638.jpg 600w\" sizes=\"(max-width: 297px) 100vw, 297px\" \/><\/p>\n<p><span style=\"color: #ff0000\">HINWEIS: Die Preise auf unserer Website enthalten keine Versandkosten<\/span><\/p>\n<p>&nbsp;<\/p>","protected":false},"featured_media":3430,"comment_status":"open","ping_status":"closed","template":"","meta":{"_uag_custom_page_level_css":"","_lmt_disableupdate":"no","_lmt_disable":"","site-sidebar-layout":"default","site-content-layout":"content-boxed-container","ast-site-content-layout":"normal-width-container","site-content-style":"boxed","site-sidebar-style":"unboxed","ast-global-header-display":"","ast-banner-title-visibility":"","ast-main-header-display":"","ast-hfb-above-header-display":"","ast-hfb-below-header-display":"","ast-hfb-mobile-header-display":"","site-post-title":"","ast-breadcrumbs-content":"","ast-featured-img":"","footer-sml-layout":"","theme-transparent-header-meta":"default","adv-header-id-meta":"","stick-header-meta":"","header-above-stick-meta":"","header-main-stick-meta":"","header-below-stick-meta":"","astra-migrate-meta-layouts":"set","_joinchat":[]},"product_cat":[171,153,155,348,33,59,100,87,34,158,157,154,152,58,84,156,63,32],"product_tag":[207,36,37,41,40],"class_list":["post-3437","product","type-product","status-publish","has-post-thumbnail","hentry","product_cat-22000-puffs-disposable-vape","product_cat-hot-disposable-vapes","product_cat-belgium-hot-disposable-vapes","product_cat-elf-world-vape","product_cat-france-vape-hot-sale","product_cat-germany-hot-disposable-vape","product_cat-germany-wholesale-vape-shop","product_cat-minimum-order-quantity-50pcs","product_cat-netherlands-vape-good-sale","product_cat-norway-hot-disposable-vapes","product_cat-poland-hot-disposable-vapes","product_cat-portugal-hot-disposable-vapes","product_cat-spain-hot-disposable-vapes","product_cat-sweden-hot-disposable-vape","product_cat-sweden-wholesale-vape","product_cat-switzerland-hot-disposable-vapes","product_cat-top-sale-disposable-vape","product_cat-vape-hot-sale-this-week","product_tag-elfworld-ai-22000-puffs","product_tag-good-vape","product_tag-hot-sale-disposable-vape","product_tag-poland-hot-vape","product_tag-sweden-hot-vape","pa_brand-elf-world-vape","desktop-align-left","tablet-align-left","mobile-align-left"],"yoast_head":"<!-- This site is optimized with the Yoast SEO plugin v21.1 - https:\/\/yoast.com\/wordpress\/plugins\/seo\/ -->\n<title>2025 New Vape Ai 22000 Puffs Elfworld Disposable Vape Digital Display Vape - vapebulkp.com<\/title>\n<meta name=\"description\" content=\"Wholesale Price ELFWORLD AI 22000 Puff Vape with digital display, adjustable airflow, rechargeable 650mAh battery, and 26ml of e-liquid.\" \/>\n<meta name=\"robots\" content=\"index, follow, max-snippet:-1, max-image-preview:large, max-video-preview:-1\" \/>\n<link rel=\"canonical\" href=\"https:\/\/vapebulkp.com\/de\/produkt\/2025-new-vape-ai-22000-puffs-elfworld-disposable-vape-digital-display-vape\/\" \/>\n<meta property=\"og:locale\" content=\"de_DE\" \/>\n<meta property=\"og:type\" content=\"article\" \/>\n<meta property=\"og:title\" content=\"2025 New Vape Ai 22000 Puffs Elfworld Disposable Vape Digital Display Vape - vapebulkp.com\" \/>\n<meta property=\"og:description\" content=\"Wholesale Price ELFWORLD AI 22000 Puff Vape with digital display, adjustable airflow, rechargeable 650mAh battery, and 26ml of e-liquid.\" \/>\n<meta property=\"og:url\" content=\"https:\/\/vapebulkp.com\/de\/produkt\/2025-new-vape-ai-22000-puffs-elfworld-disposable-vape-digital-display-vape\/\" \/>\n<meta property=\"og:site_name\" content=\"vapebulkp.com\" \/>\n<meta property=\"article:modified_time\" content=\"2025-09-24T03:28:39+00:00\" \/>\n<meta property=\"og:image\" content=\"http:\/\/vapebulkp.com\/wp-content\/uploads\/2025\/01\/Cheap-Price-Elfworld-Ai-22000-Puff-Disposable-Vape.webp\" \/>\n\t<meta property=\"og:image:width\" content=\"800\" \/>\n\t<meta property=\"og:image:height\" content=\"800\" \/>\n\t<meta property=\"og:image:type\" content=\"image\/webp\" \/>\n<meta name=\"twitter:card\" content=\"summary_large_image\" \/>\n<meta name=\"twitter:label1\" content=\"Gesch\u00e4tzte Lesezeit\" \/>\n\t<meta name=\"twitter:data1\" content=\"4\u00a0Minuten\" \/>\n<script type=\"application\/ld+json\" class=\"yoast-schema-graph\">{\"@context\":\"https:\/\/schema.org\",\"@graph\":[{\"@type\":\"WebPage\",\"@id\":\"https:\/\/vapebulkp.com\/product\/2025-new-vape-ai-22000-puffs-elfworld-disposable-vape-digital-display-vape\/\",\"url\":\"https:\/\/vapebulkp.com\/product\/2025-new-vape-ai-22000-puffs-elfworld-disposable-vape-digital-display-vape\/\",\"name\":\"2025 New Vape Ai 22000 Puffs Elfworld Disposable Vape Digital Display Vape - vapebulkp.com\",\"isPartOf\":{\"@id\":\"https:\/\/vapebulkp.com\/#website\"},\"datePublished\":\"2025-01-28T08:33:02+00:00\",\"dateModified\":\"2025-09-24T03:28:39+00:00\",\"description\":\"Wholesale Price ELFWORLD AI 22000 Puff Vape with digital display, adjustable airflow, rechargeable 650mAh battery, and 26ml of e-liquid.\",\"breadcrumb\":{\"@id\":\"https:\/\/vapebulkp.com\/product\/2025-new-vape-ai-22000-puffs-elfworld-disposable-vape-digital-display-vape\/#breadcrumb\"},\"inLanguage\":\"de\",\"potentialAction\":[{\"@type\":\"ReadAction\",\"target\":[\"https:\/\/vapebulkp.com\/product\/2025-new-vape-ai-22000-puffs-elfworld-disposable-vape-digital-display-vape\/\"]}]},{\"@type\":\"BreadcrumbList\",\"@id\":\"https:\/\/vapebulkp.com\/product\/2025-new-vape-ai-22000-puffs-elfworld-disposable-vape-digital-display-vape\/#breadcrumb\",\"itemListElement\":[{\"@type\":\"ListItem\",\"position\":1,\"name\":\"Home\",\"item\":\"https:\/\/vapebulkp.com\/\"},{\"@type\":\"ListItem\",\"position\":2,\"name\":\"Hot Trend Vapes\",\"item\":\"https:\/\/vapebulkp.com\/vape-shop\/\"},{\"@type\":\"ListItem\",\"position\":3,\"name\":\"2025 New Vape Ai 22000 Puffs Elfworld Disposable Vape Digital Display Vape\"}]},{\"@type\":\"WebSite\",\"@id\":\"https:\/\/vapebulkp.com\/#website\",\"url\":\"https:\/\/vapebulkp.com\/\",\"name\":\"vapebulkp.com\",\"description\":\"Buy Vape In Cheap Bulk Price Near you\",\"publisher\":{\"@id\":\"https:\/\/vapebulkp.com\/#organization\"},\"potentialAction\":[{\"@type\":\"SearchAction\",\"target\":{\"@type\":\"EntryPoint\",\"urlTemplate\":\"https:\/\/vapebulkp.com\/?s={search_term_string}\"},\"query-input\":\"required name=search_term_string\"}],\"inLanguage\":\"de\"},{\"@type\":\"Organization\",\"@id\":\"https:\/\/vapebulkp.com\/#organization\",\"name\":\"vapebulkp.com\",\"url\":\"https:\/\/vapebulkp.com\/\",\"logo\":{\"@type\":\"ImageObject\",\"inLanguage\":\"de\",\"@id\":\"https:\/\/vapebulkp.com\/#\/schema\/logo\/image\/\",\"url\":\"https:\/\/vapebulkp.com\/wp-content\/uploads\/2023\/09\/cropped-vapebulkp.png\",\"contentUrl\":\"https:\/\/vapebulkp.com\/wp-content\/uploads\/2023\/09\/cropped-vapebulkp.png\",\"width\":516,\"height\":163,\"caption\":\"vapebulkp.com\"},\"image\":{\"@id\":\"https:\/\/vapebulkp.com\/#\/schema\/logo\/image\/\"}}]}<\/script>\n<!-- \/ Yoast SEO plugin. -->","yoast_head_json":{"title":"2025 New Vape Ai 22000 Puffs Elfworld Disposable Vape Digital Display Vape - vapebulkp.com","description":"Wholesale Price ELFWORLD AI 22000 Puff Vape with digital display, adjustable airflow, rechargeable 650mAh battery, and 26ml of e-liquid.","robots":{"index":"index","follow":"follow","max-snippet":"max-snippet:-1","max-image-preview":"max-image-preview:large","max-video-preview":"max-video-preview:-1"},"canonical":"https:\/\/vapebulkp.com\/de\/produkt\/2025-new-vape-ai-22000-puffs-elfworld-disposable-vape-digital-display-vape\/","og_locale":"de_DE","og_type":"article","og_title":"2025 New Vape Ai 22000 Puffs Elfworld Disposable Vape Digital Display Vape - vapebulkp.com","og_description":"Wholesale Price ELFWORLD AI 22000 Puff Vape with digital display, adjustable airflow, rechargeable 650mAh battery, and 26ml of e-liquid.","og_url":"https:\/\/vapebulkp.com\/de\/produkt\/2025-new-vape-ai-22000-puffs-elfworld-disposable-vape-digital-display-vape\/","og_site_name":"vapebulkp.com","article_modified_time":"2025-09-24T03:28:39+00:00","og_image":[{"width":800,"height":800,"url":"http:\/\/vapebulkp.com\/wp-content\/uploads\/2025\/01\/Cheap-Price-Elfworld-Ai-22000-Puff-Disposable-Vape.webp","type":"image\/webp"}],"twitter_card":"summary_large_image","twitter_misc":{"Gesch\u00e4tzte Lesezeit":"4\u00a0Minuten"},"schema":{"@context":"https:\/\/schema.org","@graph":[{"@type":"WebPage","@id":"https:\/\/vapebulkp.com\/product\/2025-new-vape-ai-22000-puffs-elfworld-disposable-vape-digital-display-vape\/","url":"https:\/\/vapebulkp.com\/product\/2025-new-vape-ai-22000-puffs-elfworld-disposable-vape-digital-display-vape\/","name":"2025 New Vape Ai 22000 Puffs Elfworld Disposable Vape Digital Display Vape - vapebulkp.com","isPartOf":{"@id":"https:\/\/vapebulkp.com\/#website"},"datePublished":"2025-01-28T08:33:02+00:00","dateModified":"2025-09-24T03:28:39+00:00","description":"Wholesale Price ELFWORLD AI 22000 Puff Vape with digital display, adjustable airflow, rechargeable 650mAh battery, and 26ml of e-liquid.","breadcrumb":{"@id":"https:\/\/vapebulkp.com\/product\/2025-new-vape-ai-22000-puffs-elfworld-disposable-vape-digital-display-vape\/#breadcrumb"},"inLanguage":"de","potentialAction":[{"@type":"ReadAction","target":["https:\/\/vapebulkp.com\/product\/2025-new-vape-ai-22000-puffs-elfworld-disposable-vape-digital-display-vape\/"]}]},{"@type":"BreadcrumbList","@id":"https:\/\/vapebulkp.com\/product\/2025-new-vape-ai-22000-puffs-elfworld-disposable-vape-digital-display-vape\/#breadcrumb","itemListElement":[{"@type":"ListItem","position":1,"name":"Home","item":"https:\/\/vapebulkp.com\/"},{"@type":"ListItem","position":2,"name":"Hot Trend Vapes","item":"https:\/\/vapebulkp.com\/vape-shop\/"},{"@type":"ListItem","position":3,"name":"2025 New Vape Ai 22000 Puffs Elfworld Disposable Vape Digital Display Vape"}]},{"@type":"WebSite","@id":"https:\/\/vapebulkp.com\/#website","url":"https:\/\/vapebulkp.com\/","name":"vapebulkp.com","description":"Buy Vape In Cheap Bulk Price Near you","publisher":{"@id":"https:\/\/vapebulkp.com\/#organization"},"potentialAction":[{"@type":"SearchAction","target":{"@type":"EntryPoint","urlTemplate":"https:\/\/vapebulkp.com\/?s={search_term_string}"},"query-input":"required name=search_term_string"}],"inLanguage":"de"},{"@type":"Organization","@id":"https:\/\/vapebulkp.com\/#organization","name":"vapebulkp.com","url":"https:\/\/vapebulkp.com\/","logo":{"@type":"ImageObject","inLanguage":"de","@id":"https:\/\/vapebulkp.com\/#\/schema\/logo\/image\/","url":"https:\/\/vapebulkp.com\/wp-content\/uploads\/2023\/09\/cropped-vapebulkp.png","contentUrl":"https:\/\/vapebulkp.com\/wp-content\/uploads\/2023\/09\/cropped-vapebulkp.png","width":516,"height":163,"caption":"vapebulkp.com"},"image":{"@id":"https:\/\/vapebulkp.com\/#\/schema\/logo\/image\/"}}]}},"uagb_featured_image_src":{"full":["https:\/\/vapebulkp.com\/wp-content\/uploads\/2025\/01\/Cheap-Price-Elfworld-Ai-22000-Puff-Disposable-Vape.webp",800,800,false],"thumbnail":["https:\/\/vapebulkp.com\/wp-content\/uploads\/2025\/01\/Cheap-Price-Elfworld-Ai-22000-Puff-Disposable-Vape-150x150.webp",150,150,true],"medium":["https:\/\/vapebulkp.com\/wp-content\/uploads\/2025\/01\/Cheap-Price-Elfworld-Ai-22000-Puff-Disposable-Vape-300x300.webp",300,300,true],"medium_large":["https:\/\/vapebulkp.com\/wp-content\/uploads\/2025\/01\/Cheap-Price-Elfworld-Ai-22000-Puff-Disposable-Vape-768x768.webp",768,768,true],"large":["https:\/\/vapebulkp.com\/wp-content\/uploads\/2025\/01\/Cheap-Price-Elfworld-Ai-22000-Puff-Disposable-Vape.webp",800,800,false],"1536x1536":["https:\/\/vapebulkp.com\/wp-content\/uploads\/2025\/01\/Cheap-Price-Elfworld-Ai-22000-Puff-Disposable-Vape.webp",800,800,false],"2048x2048":["https:\/\/vapebulkp.com\/wp-content\/uploads\/2025\/01\/Cheap-Price-Elfworld-Ai-22000-Puff-Disposable-Vape.webp",800,800,false],"trp-custom-language-flag":["https:\/\/vapebulkp.com\/wp-content\/uploads\/2025\/01\/Cheap-Price-Elfworld-Ai-22000-Puff-Disposable-Vape.webp",12,12,false],"woocommerce_thumbnail":["https:\/\/vapebulkp.com\/wp-content\/uploads\/2025\/01\/Cheap-Price-Elfworld-Ai-22000-Puff-Disposable-Vape-300x300.webp",300,300,true],"woocommerce_single":["https:\/\/vapebulkp.com\/wp-content\/uploads\/2025\/01\/Cheap-Price-Elfworld-Ai-22000-Puff-Disposable-Vape-600x600.webp",600,600,true],"woocommerce_gallery_thumbnail":["https:\/\/vapebulkp.com\/wp-content\/uploads\/2025\/01\/Cheap-Price-Elfworld-Ai-22000-Puff-Disposable-Vape-100x100.webp",100,100,true],"wcpr-photo-reviews":["https:\/\/vapebulkp.com\/wp-content\/uploads\/2025\/01\/Cheap-Price-Elfworld-Ai-22000-Puff-Disposable-Vape.webp",500,500,false]},"uagb_author_info":{"display_name":"Mandy vape bulk price","author_link":"https:\/\/vapebulkp.com\/de\/author\/"},"uagb_comment_info":0,"uagb_excerpt":"ELFWORLD AI 22000 Puff Digital Display Disposable Vape with Adjustable Airflow High-Performance ELFWORLD AI 22000 Puff Vape \u2013 Rechargeable and Flavorful ELFWORLD AI 22000 Puff Disposable Vape: Dual Mesh Coils for Premium Vaping Pls Contact Mandy's WhatsApp For Discount Price+8618077105796 NOTE: Prices on our website does not include shipping costs &nbsp;","_links":{"self":[{"href":"https:\/\/vapebulkp.com\/de\/wp-json\/wp\/v2\/product\/3437","targetHints":{"allow":["GET"]}}],"collection":[{"href":"https:\/\/vapebulkp.com\/de\/wp-json\/wp\/v2\/product"}],"about":[{"href":"https:\/\/vapebulkp.com\/de\/wp-json\/wp\/v2\/types\/product"}],"replies":[{"embeddable":true,"href":"https:\/\/vapebulkp.com\/de\/wp-json\/wp\/v2\/comments?post=3437"}],"wp:featuredmedia":[{"embeddable":true,"href":"https:\/\/vapebulkp.com\/de\/wp-json\/wp\/v2\/media\/3430"}],"wp:attachment":[{"href":"https:\/\/vapebulkp.com\/de\/wp-json\/wp\/v2\/media?parent=3437"}],"wp:term":[{"taxonomy":"product_cat","embeddable":true,"href":"https:\/\/vapebulkp.com\/de\/wp-json\/wp\/v2\/product_cat?post=3437"},{"taxonomy":"product_tag","embeddable":true,"href":"https:\/\/vapebulkp.com\/de\/wp-json\/wp\/v2\/product_tag?post=3437"}],"curies":[{"name":"wp","href":"https:\/\/api.w.org\/{rel}","templated":true}]}}