{"id":3512,"date":"2025-02-26T08:05:07","date_gmt":"2025-02-26T07:05:07","guid":{"rendered":"https:\/\/vapebulkp.com\/?post_type=product&#038;p=3512"},"modified":"2025-09-17T10:33:06","modified_gmt":"2025-09-17T08:33:06","slug":"wholesale-bang-leader-32000-puffs-disposable-vape-type-c-charging","status":"publish","type":"product","link":"https:\/\/vapebulkp.com\/de\/product\/wholesale-bang-leader-32000-puffs-disposable-vape-type-c-charging\/","title":{"rendered":"Gro\u00dfhandel Bang Leader 32000 Z\u00fcge Einweg-Vape Typ-C-Laden"},"content":{"rendered":"<h2 style=\"text-align: left\">Gro\u00dfhandel Bang Leader 32000 Z\u00fcge Einweg-Vape Typ-C-Laden<\/h2>\n<p data-start=\"0\" data-end=\"511\">Verbessern Sie Ihr Dampferlebnis mit dem <strong data-start=\"40\" data-end=\"83\">Bang Leader 32000 Puffs Einweg-Vape<\/strong>, entwickelt f\u00fcr diejenigen, die sowohl <strong data-start=\"120\" data-end=\"133\">Langlebigkeit<\/strong> und <strong data-start=\"138\" data-end=\"149\">Vielfalt<\/strong>verlangen. Das Bang Vape 32k Puff Vape, ein Hochleistungs-Einweg-Vape, bietet eine bemerkenswerte <strong data-start=\"209\" data-end=\"225\">32.000 Z\u00fcge<\/strong> von sanftem, aromatischem Dampf. Sein <strong data-start=\"258\" data-end=\"277\">Dual-Pod-System<\/strong> erm\u00f6glicht es Ihnen, <strong data-start=\"298\" data-end=\"322\">zwei verschiedene Geschmacksrichtungen<\/strong> gleichzeitig zu genie\u00dfen, was ein dynamisches Dampferlebnis bietet, das jeden Zug aufregend macht. Egal, ob Sie Lust auf eine fruchtige Mischung oder einen k\u00fchlenden Menthol-Sto\u00df haben, dieser Vape liefert bei jedem Inhalieren.<\/p>\n<p data-start=\"513\" data-end=\"905\">Perfekt f\u00fcr Unternehmen, die <strong data-start=\"553\" data-end=\"595\">erstklassige, anpassbare Dampferl\u00f6sungen<\/strong>, der <strong data-start=\"601\" data-end=\"633\">anbieten m\u00f6chten, ist der Bang Leader <a href=\"https:\/\/vapebulkp.com\/de\/product-category\/32000-puffs-disposable-vape\/\">32000 Puff Einweg-Vape<\/a><\/strong> ideal f\u00fcr den Gro\u00dfhandelskauf. Mit einem leistungsstarken <strong data-start=\"684\" data-end=\"705\">13.300mAh-Akku<\/strong> f\u00fcr langanhaltende Leistung, ein <strong data-start=\"738\" data-end=\"756\">1,0\u03a9 Mesh-Coil<\/strong> f\u00fcr verbesserten Geschmack und Dampfproduktion, und ein <strong data-start=\"805\" data-end=\"829\">Typ-C-Ladeanschluss<\/strong> f\u00fcr schnelles Aufladen, dieses Ger\u00e4t garantiert eine zuverl\u00e4ssige und befriedigende Nutzung.<\/p>\n<p data-start=\"907\" data-end=\"1127\" data-is-last-node=\"\" data-is-only-node=\"\">Zugeschnitten f\u00fcr Gro\u00dfbestellungen und <strong data-start=\"936\" data-end=\"961\">OEM\/ODM-Anpassung<\/strong>, ist dieser Einweg-Vape die ideale Wahl f\u00fcr diejenigen, die sich auf dem Vaping-Markt abheben m\u00f6chten, w\u00e4hrend sie ihren Kunden ein unvergessliches Dual-Geschmacks-Erlebnis bieten.<\/p>\n<figure id=\"attachment_3507\" aria-describedby=\"caption-attachment-3507\" style=\"width: 519px\" class=\"wp-caption alignnone\"><img decoding=\"async\" class=\"wp-image-3507\" src=\"http:\/\/vapebulkp.com\/wp-content\/uploads\/2025\/02\/Bang-Leader-32K-Puff-Double-Flavor-Mesh-Coil-Disposable-Vape-Wholesale.webp\" alt=\"Bang Leader 32K Puff Double Flavor Mesh Coil Einweg-Vape Gro\u00dfhandel\" width=\"519\" height=\"519\" srcset=\"https:\/\/vapebulkp.com\/wp-content\/uploads\/2025\/02\/Bang-Leader-32K-Puff-Double-Flavor-Mesh-Coil-Disposable-Vape-Wholesale.webp 800w, https:\/\/vapebulkp.com\/wp-content\/uploads\/2025\/02\/Bang-Leader-32K-Puff-Double-Flavor-Mesh-Coil-Disposable-Vape-Wholesale-300x300.webp 300w, https:\/\/vapebulkp.com\/wp-content\/uploads\/2025\/02\/Bang-Leader-32K-Puff-Double-Flavor-Mesh-Coil-Disposable-Vape-Wholesale-150x150.webp 150w, https:\/\/vapebulkp.com\/wp-content\/uploads\/2025\/02\/Bang-Leader-32K-Puff-Double-Flavor-Mesh-Coil-Disposable-Vape-Wholesale-768x768.webp 768w, https:\/\/vapebulkp.com\/wp-content\/uploads\/2025\/02\/Bang-Leader-32K-Puff-Double-Flavor-Mesh-Coil-Disposable-Vape-Wholesale-600x600.webp 600w, https:\/\/vapebulkp.com\/wp-content\/uploads\/2025\/02\/Bang-Leader-32K-Puff-Double-Flavor-Mesh-Coil-Disposable-Vape-Wholesale-100x100.webp 100w\" sizes=\"(max-width: 519px) 100vw, 519px\" \/><figcaption id=\"caption-attachment-3507\" class=\"wp-caption-text\">Bang Leader 32K Puff Double Flavor Mesh Coil Einweg-Vape Gro\u00dfhandel<\/figcaption><\/figure>\n<h6><\/h6>\n<p><img decoding=\"async\" class=\"alignnone wp-image-2151\" src=\"http:\/\/vapebulkp.com\/wp-content\/uploads\/2024\/04\/Mandy-WhatsApp-Randm.jpg\" alt=\"Mandy WhatsApp Randm\" width=\"324\" height=\"330\" \/><\/p>\n<h6>Bitte kontaktieren Sie Mandys WhatsApp f\u00fcr einen Rabattpreis<a href=\"https:\/\/wa.me\/8618077105796\">+8618077105796<\/a><\/h6>\n<p>&nbsp;<\/p>\n<h2>Warum den wiederaufladbaren VapeBang Leader 32000 Puff von Vapebulkp.com w\u00e4hlen?<\/h2>\n<ul>\n<li data-start=\"1894\" data-end=\"2235\"><strong data-start=\"70\" data-end=\"93\">Ultra-lange Lebensdauer<\/strong> \u2013 Bis zu <strong data-start=\"102\" data-end=\"118\">32.000 Z\u00fcge<\/strong> f\u00fcr ausgedehntes Dampfen ohne h\u00e4ufige Wechsel.<\/li>\n<li data-start=\"1894\" data-end=\"2235\"><strong data-start=\"175\" data-end=\"204\">Massive E-Liquid-Kapazit\u00e4t<\/strong> \u2013 Vorgef\u00fcllt f\u00fcr <strong data-start=\"222\" data-end=\"243\">gleichbleibenden Geschmack<\/strong> ohne Nachf\u00fcllen.<\/li>\n<li data-start=\"1894\" data-end=\"2235\"><strong data-start=\"273\" data-end=\"300\">Sanfte Nikotinoptionen<\/strong> \u2013 Erh\u00e4ltlich in den Nikotinst\u00e4rken <strong data-start=\"316\" data-end=\"337\">verschiedene St\u00e4rken<\/strong> um unterschiedlichen Vorlieben zu entsprechen.<\/li>\n<li data-start=\"1894\" data-end=\"2235\"><strong data-start=\"374\" data-end=\"398\">Mesh Coil Technologie<\/strong> \u2013 Liefert <strong data-start=\"410\" data-end=\"427\">reicheren Geschmack<\/strong> und <strong data-start=\"432\" data-end=\"461\">verbesserte Dampfproduktion<\/strong>.<\/li>\n<li data-start=\"1894\" data-end=\"2235\"><strong data-start=\"468\" data-end=\"492\">Wiederaufladbare Batterie<\/strong> \u2013 <strong data-start=\"495\" data-end=\"519\">Typ-C-Schnellladung<\/strong> gew\u00e4hrleistet eine ununterbrochene Nutzung.<\/li>\n<li data-start=\"1894\" data-end=\"2235\"><strong data-start=\"552\" data-end=\"571\">Vielf\u00e4ltige Geschmacksrichtungen<\/strong> \u2013 Gro\u00dfe Auswahl an <strong data-start=\"592\" data-end=\"629\">fruchtigen, Menthol- und kr\u00e4ftigen Geschmacksrichtungen<\/strong>.<\/li>\n<li data-start=\"1894\" data-end=\"2235\"><strong data-start=\"636\" data-end=\"662\">Kaufen Sie bei Vapebulkp.com<\/strong> \u2013 <strong data-start=\"665\" data-end=\"746\">Authentische Produkte, wettbewerbsf\u00e4hige Preise, schneller Versand und zuverl\u00e4ssiger Service.<\/strong><\/li>\n<\/ul>\n<h3><strong>Bang Leader 32000 Z\u00fcge mit hoher Kapazit\u00e4t <\/strong>Produktmerkmale<\/h3>\n<ul>\n<li data-start=\"48\" data-end=\"74\"><strong data-start=\"50\" data-end=\"64\">Anzahl der Z\u00fcge<\/strong>: 32,000<\/li>\n<li data-start=\"75\" data-end=\"139\"><strong data-start=\"77\" data-end=\"98\">E-Liquid-Kapazit\u00e4t<\/strong>: 28 ml \u00d7 2 (zwei Pods f\u00fcr l\u00e4ngeren Gebrauch)<\/li>\n<li data-start=\"140\" data-end=\"198\"><strong data-start=\"142\" data-end=\"158\">Akkuzelle<\/strong>: 13.300 mAh Hochleistungs-Stromquelle<\/li>\n<li data-start=\"199\" data-end=\"286\"><strong data-start=\"201\" data-end=\"220\">Spulenwiderstand<\/strong>: 1.0\u03a9 Mesh-Coil f\u00fcr verbesserten Geschmack und sanfte Dampfproduktion<\/li>\n<li data-start=\"287\" data-end=\"357\" data-is-last-node=\"\"><strong data-start=\"289\" data-end=\"306\">Anpassung<\/strong>: Unterst\u00fctzt <strong data-start=\"317\" data-end=\"328\" data-is-only-node=\"\">OEM\/ODM<\/strong> f\u00fcr Branding und Gro\u00dfbestellungen<\/li>\n<\/ul>\n<h3><strong>Bang Leader 32000 Z\u00fcge E-Liquid Kapazit\u00e4t Geschmack:<\/strong><\/h3>\n<p>1.WASSERMELONE EIS\u3001BLAUBEERE MINZE<br \/>\n2.WASSERMELONE EIS\u3001ERDBEERE UND MANGO<br \/>\n3.ERDBEERE UND WASSERMELONE\u3001KIWI MARACUJA GUAVE<br \/>\n4.ERDBEERE UND WASSERMELONE\u3001TRAUBE EIS<br \/>\n5.BLAUBEERE HIMBEERE\u3001PFIRSICH MANGO WASSERMELONE<br \/>\n6.BLAUBEERE WASSERMELONE\u3001ERDBEERE MANGO<br \/>\n7.BLAUBEERE EIS\u3001SCHWARZER DRACHE EIS<br \/>\n8.BLAUBEERE EIS\u3001ERDBEERE UND BANANE<br \/>\n9.RED BULL\u3001BLAUBEERE WASSERMELONE<br \/>\n10.RED BULL\u3001WASSERMELONEN-BLASEN-BONBON<br \/>\n11.ERDBEERE KIWI\u3001PFIRSICH EIS<br \/>\n12.ERDBEERE KIWI\u3001SAURER APFEL HIMBEERE<br \/>\n13.BANANA ICE, BLAUBEER KIRSCH<br \/>\n14.AVOCADO ICE, ZITRONEN LIMETTE<br \/>\n15.COLAK\u00dcHLE, KIRSCH PREISE<br \/>\n16.Ananas-Eis, TRIPLE MANGO<br \/>\n17.LYCHEE-EIS, MANGO-PEACH-Ananas<br \/>\n18.HONIGMELONE, WASSERMELONE HIMBEERE<\/p>\n<p><a href=\"https:\/\/vapebulkp.com\/de\/product\/razzbar-50000-puffs-disposable-electronic-cigarette-wholesale-supplier\/\"><span style=\"vertical-align: inherit\">RAZZBAR Vape 50000 Z\u00fcge <\/span><\/a><\/p>\n<p><span style=\"vertical-align: inherit\">Finden Sie weitere Produkte, die Ihnen gefallen k\u00f6nnten:<\/span><em><a href=\"https:\/\/wa.me\/8618077105796\"><span style=\"vertical-align: inherit\">\u00a0Jetzt kaufen<\/span><\/a><\/em><\/p>\n<p><span style=\"vertical-align: inherit\">Andere Puffs, die Ihnen gefallen k\u00f6nnten:<\/span><a href=\"https:\/\/vapebulkp.com\/de\/product\/wga-legend-30000-puffs-factory-price-disposable-vape-europe-warehouse\/\"><span style=\"vertical-align: inherit\">WGA 30K Z\u00fcge <\/span><\/a><span style=\"vertical-align: inherit\">\u3001<\/span><a href=\"https:\/\/vapebulkp.com\/de\/product\/waspe-4in1-100000-puffs-disposable-vape-wholesale-bulk-buy\/\"><span style=\"vertical-align: inherit\">WASPE 100000 Z\u00fcge<\/span><\/a><span style=\"vertical-align: inherit\">\/ <\/span><a href=\"https:\/\/vapebulkp.com\/de\/product\/vozol-vista-20000-puff-rechargeable-vape-cheap-price-today\/\"><span style=\"vertical-align: inherit\">Vozol Vista 20000 Z\u00fcge<\/span><\/a><span style=\"vertical-align: inherit\">\/ <\/span><a href=\"https:\/\/vapebulkp.com\/de\/product\/bang-leader-85000-puffs-electronic-cigarette-wholesale-price-15-flavors\/\"><span style=\"vertical-align: inherit\">Bang Leader 85000 Z\u00fcge<\/span><\/a><\/p>\n<p>&nbsp;<\/p>\n<h4>Versanddetails:<\/h4>\n<p><span style=\"color: #ff6600\">Produktionszeit: 5-10 Werktage<\/span><br \/>\n<span style=\"color: #ff6600\">Versandzeit: 8-14 Werktage<\/span><\/p>\n<p>Alle Produkte in unserem Shop sind 100% original und authentisch. Daher ist eine zehnfache Entsch\u00e4digung f\u00fcr gef\u00e4lschte Waren unsere Gesch\u00e4ftsrichtlinie. Wir verwenden Logistikkan\u00e4le wie UPS\/DHL\/FEDEX\/DPD, um Waren an Sie zu liefern.<\/p>\n<p>F\u00fcr Pakete, die nach Deutschland versandt werden, dauert die Ankunft in der Regel 10 Werktage. Der Versand in europ\u00e4ische L\u00e4nder dauert in der Regel 12 bis 15 Werktage. Wir werden die Logistikinformationen in Echtzeit f\u00fcr Sie aktualisieren.<\/p>","protected":false},"excerpt":{"rendered":"<ul>\n<li data-start=\"0\" data-end=\"112\"><strong data-start=\"3\" data-end=\"110\" data-is-only-node=\"\">Bang Leader 32000 Puffs Einweg-Vape \u2013 Dual-Geschmack mit 32.000 Z\u00fcgen und Typ-C-Ladung<\/strong><\/li>\n<li data-start=\"113\" data-end=\"225\"><strong data-start=\"116\" data-end=\"223\" data-is-only-node=\"\">Bang Leader 32000 Puffs Einweg-Vape \u2013 Langlebige E-Zigarette mit Dual-Pods und 13.300-mAh-Akku<\/strong><\/li>\n<li data-start=\"226\" data-end=\"333\" data-is-last-node=\"\"><strong data-start=\"229\" data-end=\"333\" data-is-last-node=\"\" data-is-only-node=\"\">Bang Leader 32000 Puffs Vape \u2013 Premium Einweg-E-Zigarette mit Mesh-Coil und Dual-Geschmacksoptionen<\/strong><\/li>\n<\/ul>\n<p>Bitte kontaktieren Sie Mandys WhatsApp f\u00fcr einen Rabattpreis<a href=\"https:\/\/wa.me\/8618077105796\">+8618077105796<\/a><\/p>\n<p><img decoding=\"async\" class=\"alignnone wp-image-2151\" src=\"http:\/\/vapebulkp.com\/wp-content\/uploads\/2024\/04\/Mandy-WhatsApp-Randm.jpg\" alt=\"Mandy WhatsApp Randm\" width=\"297\" height=\"316\" srcset=\"https:\/\/vapebulkp.com\/wp-content\/uploads\/2024\/04\/Mandy-WhatsApp-Randm.jpg 916w, https:\/\/vapebulkp.com\/wp-content\/uploads\/2024\/04\/Mandy-WhatsApp-Randm-282x300.jpg 282w, https:\/\/vapebulkp.com\/wp-content\/uploads\/2024\/04\/Mandy-WhatsApp-Randm-768x817.jpg 768w, https:\/\/vapebulkp.com\/wp-content\/uploads\/2024\/04\/Mandy-WhatsApp-Randm-600x638.jpg 600w\" sizes=\"(max-width: 297px) 100vw, 297px\" \/><\/p>\n<p><span style=\"color: #ff0000\">HINWEIS: Die Preise auf unserer Website enthalten keine Versandkosten<\/span><\/p>\n<p>&nbsp;<\/p>","protected":false},"featured_media":3506,"comment_status":"open","ping_status":"closed","template":"","meta":{"_uag_custom_page_level_css":"","_lmt_disableupdate":"no","_lmt_disable":"","site-sidebar-layout":"default","site-content-layout":"content-boxed-container","ast-site-content-layout":"normal-width-container","site-content-style":"boxed","site-sidebar-style":"unboxed","ast-global-header-display":"","ast-banner-title-visibility":"","ast-main-header-display":"","ast-hfb-above-header-display":"","ast-hfb-below-header-display":"","ast-hfb-mobile-header-display":"","site-post-title":"","ast-breadcrumbs-content":"","ast-featured-img":"","footer-sml-layout":"","theme-transparent-header-meta":"default","adv-header-id-meta":"","stick-header-meta":"","header-above-stick-meta":"","header-main-stick-meta":"","header-below-stick-meta":"","astra-migrate-meta-layouts":"set","_joinchat":[]},"product_cat":[188,153,345,155,33,59,100,34,158,157,154,152,58,84,156,63,32],"product_tag":[189,217,36,37,41,40],"class_list":["post-3512","product","type-product","status-publish","has-post-thumbnail","hentry","product_cat-32000-puffs-disposable-vape","product_cat-hot-disposable-vapes","product_cat-bang-vapes","product_cat-belgium-hot-disposable-vapes","product_cat-france-vape-hot-sale","product_cat-germany-hot-disposable-vape","product_cat-germany-wholesale-vape-shop","product_cat-netherlands-vape-good-sale","product_cat-norway-hot-disposable-vapes","product_cat-poland-hot-disposable-vapes","product_cat-portugal-hot-disposable-vapes","product_cat-spain-hot-disposable-vapes","product_cat-sweden-hot-disposable-vape","product_cat-sweden-wholesale-vape","product_cat-switzerland-hot-disposable-vapes","product_cat-top-sale-disposable-vape","product_cat-vape-hot-sale-this-week","product_tag-32000-puffs","product_tag-bang-leader-32000-puffs","product_tag-good-vape","product_tag-hot-sale-disposable-vape","product_tag-poland-hot-vape","product_tag-sweden-hot-vape","pa_brand-bang-vape","desktop-align-left","tablet-align-left","mobile-align-left"],"yoast_head":"<!-- This site is optimized with the Yoast SEO plugin v21.1 - https:\/\/yoast.com\/wordpress\/plugins\/seo\/ -->\n<title>Wholesale Bang Leader 32000 Puffs Disposable Vape Type-C Charging - vapebulkp.com<\/title>\n<meta name=\"description\" content=\"Wholesale Bang Leader 32000 Puffs Disposable Vape at Vapebulkp.com. Featuring a dual-pod system, 32,000 puffs, 13,300mAh battery, and Type-C charging, this high-performance vape offers rich flavor and long-lasting satisfaction.\" \/>\n<meta name=\"robots\" content=\"index, follow, max-snippet:-1, max-image-preview:large, max-video-preview:-1\" \/>\n<link rel=\"canonical\" href=\"https:\/\/vapebulkp.com\/de\/product\/wholesale-bang-leader-32000-puffs-disposable-vape-type-c-charging\/\" \/>\n<meta property=\"og:locale\" content=\"de_DE\" \/>\n<meta property=\"og:type\" content=\"article\" \/>\n<meta property=\"og:title\" content=\"Wholesale Bang Leader 32000 Puffs Disposable Vape Type-C Charging - vapebulkp.com\" \/>\n<meta property=\"og:description\" content=\"Wholesale Bang Leader 32000 Puffs Disposable Vape at Vapebulkp.com. Featuring a dual-pod system, 32,000 puffs, 13,300mAh battery, and Type-C charging, this high-performance vape offers rich flavor and long-lasting satisfaction.\" \/>\n<meta property=\"og:url\" content=\"https:\/\/vapebulkp.com\/de\/product\/wholesale-bang-leader-32000-puffs-disposable-vape-type-c-charging\/\" \/>\n<meta property=\"og:site_name\" content=\"vapebulkp.com\" \/>\n<meta property=\"article:modified_time\" content=\"2025-09-17T08:33:06+00:00\" \/>\n<meta property=\"og:image\" content=\"http:\/\/vapebulkp.com\/wp-content\/uploads\/2025\/02\/32000-Puffs-Bang-Leader-Dual-Pods-Disposable-Vape-for-Wholesale-Buyers.webp\" \/>\n\t<meta property=\"og:image:width\" content=\"800\" \/>\n\t<meta property=\"og:image:height\" content=\"800\" \/>\n\t<meta property=\"og:image:type\" content=\"image\/webp\" \/>\n<meta name=\"twitter:card\" content=\"summary_large_image\" \/>\n<meta name=\"twitter:label1\" content=\"Gesch\u00e4tzte Lesezeit\" \/>\n\t<meta name=\"twitter:data1\" content=\"3\u00a0Minuten\" \/>\n<script type=\"application\/ld+json\" class=\"yoast-schema-graph\">{\"@context\":\"https:\/\/schema.org\",\"@graph\":[{\"@type\":\"WebPage\",\"@id\":\"https:\/\/vapebulkp.com\/product\/wholesale-bang-leader-32000-puffs-disposable-vape-type-c-charging\/\",\"url\":\"https:\/\/vapebulkp.com\/product\/wholesale-bang-leader-32000-puffs-disposable-vape-type-c-charging\/\",\"name\":\"Wholesale Bang Leader 32000 Puffs Disposable Vape Type-C Charging - vapebulkp.com\",\"isPartOf\":{\"@id\":\"https:\/\/vapebulkp.com\/#website\"},\"datePublished\":\"2025-02-26T07:05:07+00:00\",\"dateModified\":\"2025-09-17T08:33:06+00:00\",\"description\":\"Wholesale Bang Leader 32000 Puffs Disposable Vape at Vapebulkp.com. Featuring a dual-pod system, 32,000 puffs, 13,300mAh battery, and Type-C charging, this high-performance vape offers rich flavor and long-lasting satisfaction.\",\"breadcrumb\":{\"@id\":\"https:\/\/vapebulkp.com\/product\/wholesale-bang-leader-32000-puffs-disposable-vape-type-c-charging\/#breadcrumb\"},\"inLanguage\":\"de\",\"potentialAction\":[{\"@type\":\"ReadAction\",\"target\":[\"https:\/\/vapebulkp.com\/product\/wholesale-bang-leader-32000-puffs-disposable-vape-type-c-charging\/\"]}]},{\"@type\":\"BreadcrumbList\",\"@id\":\"https:\/\/vapebulkp.com\/product\/wholesale-bang-leader-32000-puffs-disposable-vape-type-c-charging\/#breadcrumb\",\"itemListElement\":[{\"@type\":\"ListItem\",\"position\":1,\"name\":\"Home\",\"item\":\"https:\/\/vapebulkp.com\/\"},{\"@type\":\"ListItem\",\"position\":2,\"name\":\"Hot Trend Vapes\",\"item\":\"https:\/\/vapebulkp.com\/vape-shop\/\"},{\"@type\":\"ListItem\",\"position\":3,\"name\":\"Wholesale Bang Leader 32000 Puffs Disposable Vape Type-C Charging\"}]},{\"@type\":\"WebSite\",\"@id\":\"https:\/\/vapebulkp.com\/#website\",\"url\":\"https:\/\/vapebulkp.com\/\",\"name\":\"vapebulkp.com\",\"description\":\"Buy Vape In Cheap Bulk Price Near you\",\"publisher\":{\"@id\":\"https:\/\/vapebulkp.com\/#organization\"},\"potentialAction\":[{\"@type\":\"SearchAction\",\"target\":{\"@type\":\"EntryPoint\",\"urlTemplate\":\"https:\/\/vapebulkp.com\/?s={search_term_string}\"},\"query-input\":\"required name=search_term_string\"}],\"inLanguage\":\"de\"},{\"@type\":\"Organization\",\"@id\":\"https:\/\/vapebulkp.com\/#organization\",\"name\":\"vapebulkp.com\",\"url\":\"https:\/\/vapebulkp.com\/\",\"logo\":{\"@type\":\"ImageObject\",\"inLanguage\":\"de\",\"@id\":\"https:\/\/vapebulkp.com\/#\/schema\/logo\/image\/\",\"url\":\"https:\/\/vapebulkp.com\/wp-content\/uploads\/2023\/09\/cropped-vapebulkp.png\",\"contentUrl\":\"https:\/\/vapebulkp.com\/wp-content\/uploads\/2023\/09\/cropped-vapebulkp.png\",\"width\":516,\"height\":163,\"caption\":\"vapebulkp.com\"},\"image\":{\"@id\":\"https:\/\/vapebulkp.com\/#\/schema\/logo\/image\/\"}}]}<\/script>\n<!-- \/ Yoast SEO plugin. -->","yoast_head_json":{"title":"Wholesale Bang Leader 32000 Puffs Disposable Vape Type-C Charging - vapebulkp.com","description":"Wholesale Bang Leader 32000 Puffs Disposable Vape at Vapebulkp.com. Featuring a dual-pod system, 32,000 puffs, 13,300mAh battery, and Type-C charging, this high-performance vape offers rich flavor and long-lasting satisfaction.","robots":{"index":"index","follow":"follow","max-snippet":"max-snippet:-1","max-image-preview":"max-image-preview:large","max-video-preview":"max-video-preview:-1"},"canonical":"https:\/\/vapebulkp.com\/de\/product\/wholesale-bang-leader-32000-puffs-disposable-vape-type-c-charging\/","og_locale":"de_DE","og_type":"article","og_title":"Wholesale Bang Leader 32000 Puffs Disposable Vape Type-C Charging - vapebulkp.com","og_description":"Wholesale Bang Leader 32000 Puffs Disposable Vape at Vapebulkp.com. Featuring a dual-pod system, 32,000 puffs, 13,300mAh battery, and Type-C charging, this high-performance vape offers rich flavor and long-lasting satisfaction.","og_url":"https:\/\/vapebulkp.com\/de\/product\/wholesale-bang-leader-32000-puffs-disposable-vape-type-c-charging\/","og_site_name":"vapebulkp.com","article_modified_time":"2025-09-17T08:33:06+00:00","og_image":[{"width":800,"height":800,"url":"http:\/\/vapebulkp.com\/wp-content\/uploads\/2025\/02\/32000-Puffs-Bang-Leader-Dual-Pods-Disposable-Vape-for-Wholesale-Buyers.webp","type":"image\/webp"}],"twitter_card":"summary_large_image","twitter_misc":{"Gesch\u00e4tzte Lesezeit":"3\u00a0Minuten"},"schema":{"@context":"https:\/\/schema.org","@graph":[{"@type":"WebPage","@id":"https:\/\/vapebulkp.com\/product\/wholesale-bang-leader-32000-puffs-disposable-vape-type-c-charging\/","url":"https:\/\/vapebulkp.com\/product\/wholesale-bang-leader-32000-puffs-disposable-vape-type-c-charging\/","name":"Wholesale Bang Leader 32000 Puffs Disposable Vape Type-C Charging - vapebulkp.com","isPartOf":{"@id":"https:\/\/vapebulkp.com\/#website"},"datePublished":"2025-02-26T07:05:07+00:00","dateModified":"2025-09-17T08:33:06+00:00","description":"Wholesale Bang Leader 32000 Puffs Disposable Vape at Vapebulkp.com. Featuring a dual-pod system, 32,000 puffs, 13,300mAh battery, and Type-C charging, this high-performance vape offers rich flavor and long-lasting satisfaction.","breadcrumb":{"@id":"https:\/\/vapebulkp.com\/product\/wholesale-bang-leader-32000-puffs-disposable-vape-type-c-charging\/#breadcrumb"},"inLanguage":"de","potentialAction":[{"@type":"ReadAction","target":["https:\/\/vapebulkp.com\/product\/wholesale-bang-leader-32000-puffs-disposable-vape-type-c-charging\/"]}]},{"@type":"BreadcrumbList","@id":"https:\/\/vapebulkp.com\/product\/wholesale-bang-leader-32000-puffs-disposable-vape-type-c-charging\/#breadcrumb","itemListElement":[{"@type":"ListItem","position":1,"name":"Home","item":"https:\/\/vapebulkp.com\/"},{"@type":"ListItem","position":2,"name":"Hot Trend Vapes","item":"https:\/\/vapebulkp.com\/vape-shop\/"},{"@type":"ListItem","position":3,"name":"Wholesale Bang Leader 32000 Puffs Disposable Vape Type-C Charging"}]},{"@type":"WebSite","@id":"https:\/\/vapebulkp.com\/#website","url":"https:\/\/vapebulkp.com\/","name":"vapebulkp.com","description":"Buy Vape In Cheap Bulk Price Near you","publisher":{"@id":"https:\/\/vapebulkp.com\/#organization"},"potentialAction":[{"@type":"SearchAction","target":{"@type":"EntryPoint","urlTemplate":"https:\/\/vapebulkp.com\/?s={search_term_string}"},"query-input":"required name=search_term_string"}],"inLanguage":"de"},{"@type":"Organization","@id":"https:\/\/vapebulkp.com\/#organization","name":"vapebulkp.com","url":"https:\/\/vapebulkp.com\/","logo":{"@type":"ImageObject","inLanguage":"de","@id":"https:\/\/vapebulkp.com\/#\/schema\/logo\/image\/","url":"https:\/\/vapebulkp.com\/wp-content\/uploads\/2023\/09\/cropped-vapebulkp.png","contentUrl":"https:\/\/vapebulkp.com\/wp-content\/uploads\/2023\/09\/cropped-vapebulkp.png","width":516,"height":163,"caption":"vapebulkp.com"},"image":{"@id":"https:\/\/vapebulkp.com\/#\/schema\/logo\/image\/"}}]}},"uagb_featured_image_src":{"full":["https:\/\/vapebulkp.com\/wp-content\/uploads\/2025\/02\/32000-Puffs-Bang-Leader-Dual-Pods-Disposable-Vape-for-Wholesale-Buyers.webp",800,800,false],"thumbnail":["https:\/\/vapebulkp.com\/wp-content\/uploads\/2025\/02\/32000-Puffs-Bang-Leader-Dual-Pods-Disposable-Vape-for-Wholesale-Buyers-150x150.webp",150,150,true],"medium":["https:\/\/vapebulkp.com\/wp-content\/uploads\/2025\/02\/32000-Puffs-Bang-Leader-Dual-Pods-Disposable-Vape-for-Wholesale-Buyers-300x300.webp",300,300,true],"medium_large":["https:\/\/vapebulkp.com\/wp-content\/uploads\/2025\/02\/32000-Puffs-Bang-Leader-Dual-Pods-Disposable-Vape-for-Wholesale-Buyers-768x768.webp",768,768,true],"large":["https:\/\/vapebulkp.com\/wp-content\/uploads\/2025\/02\/32000-Puffs-Bang-Leader-Dual-Pods-Disposable-Vape-for-Wholesale-Buyers.webp",800,800,false],"1536x1536":["https:\/\/vapebulkp.com\/wp-content\/uploads\/2025\/02\/32000-Puffs-Bang-Leader-Dual-Pods-Disposable-Vape-for-Wholesale-Buyers.webp",800,800,false],"2048x2048":["https:\/\/vapebulkp.com\/wp-content\/uploads\/2025\/02\/32000-Puffs-Bang-Leader-Dual-Pods-Disposable-Vape-for-Wholesale-Buyers.webp",800,800,false],"trp-custom-language-flag":["https:\/\/vapebulkp.com\/wp-content\/uploads\/2025\/02\/32000-Puffs-Bang-Leader-Dual-Pods-Disposable-Vape-for-Wholesale-Buyers.webp",12,12,false],"woocommerce_thumbnail":["https:\/\/vapebulkp.com\/wp-content\/uploads\/2025\/02\/32000-Puffs-Bang-Leader-Dual-Pods-Disposable-Vape-for-Wholesale-Buyers-300x300.webp",300,300,true],"woocommerce_single":["https:\/\/vapebulkp.com\/wp-content\/uploads\/2025\/02\/32000-Puffs-Bang-Leader-Dual-Pods-Disposable-Vape-for-Wholesale-Buyers-600x600.webp",600,600,true],"woocommerce_gallery_thumbnail":["https:\/\/vapebulkp.com\/wp-content\/uploads\/2025\/02\/32000-Puffs-Bang-Leader-Dual-Pods-Disposable-Vape-for-Wholesale-Buyers-100x100.webp",100,100,true],"wcpr-photo-reviews":["https:\/\/vapebulkp.com\/wp-content\/uploads\/2025\/02\/32000-Puffs-Bang-Leader-Dual-Pods-Disposable-Vape-for-Wholesale-Buyers.webp",500,500,false]},"uagb_author_info":{"display_name":"Mandy vape bulk price","author_link":"https:\/\/vapebulkp.com\/de\/author\/"},"uagb_comment_info":0,"uagb_excerpt":"Bang Leader 32000 Puffs Disposable Vape \u2013 Dual-Flavor\u00a0 with 32,000 Puffs and Type-C Charging Bang Leader 32000 Puffs Disposable Vape \u2013 Long-Lasting E-Cigarette with Dual Pods and 13,300mAh Battery Bang Leader 32000 Puffs Vape \u2013 Premium Disposable E-Cigarette with Mesh Coil and Dual-Flavor Options Pls Contact Mandy's WhatsApp For Discount Price+8618077105796 NOTE: Prices on our&hellip;","_links":{"self":[{"href":"https:\/\/vapebulkp.com\/de\/wp-json\/wp\/v2\/product\/3512","targetHints":{"allow":["GET"]}}],"collection":[{"href":"https:\/\/vapebulkp.com\/de\/wp-json\/wp\/v2\/product"}],"about":[{"href":"https:\/\/vapebulkp.com\/de\/wp-json\/wp\/v2\/types\/product"}],"replies":[{"embeddable":true,"href":"https:\/\/vapebulkp.com\/de\/wp-json\/wp\/v2\/comments?post=3512"}],"wp:featuredmedia":[{"embeddable":true,"href":"https:\/\/vapebulkp.com\/de\/wp-json\/wp\/v2\/media\/3506"}],"wp:attachment":[{"href":"https:\/\/vapebulkp.com\/de\/wp-json\/wp\/v2\/media?parent=3512"}],"wp:term":[{"taxonomy":"product_cat","embeddable":true,"href":"https:\/\/vapebulkp.com\/de\/wp-json\/wp\/v2\/product_cat?post=3512"},{"taxonomy":"product_tag","embeddable":true,"href":"https:\/\/vapebulkp.com\/de\/wp-json\/wp\/v2\/product_tag?post=3512"}],"curies":[{"name":"wp","href":"https:\/\/api.w.org\/{rel}","templated":true}]}}