{"id":3519,"date":"2025-02-28T09:27:13","date_gmt":"2025-02-28T08:27:13","guid":{"rendered":"https:\/\/vapebulkp.com\/?post_type=product&#038;p=3519"},"modified":"2025-09-17T10:33:30","modified_gmt":"2025-09-17T08:33:30","slug":"jnr-mega-shisha-hookah-100000-puffs-high-capacity-long-lasting-vaping","status":"publish","type":"product","link":"https:\/\/vapebulkp.com\/de\/product\/jnr-mega-shisha-hookah-100000-puffs-high-capacity-long-lasting-vaping\/","title":{"rendered":"JNR Mega Shisha Wasserpfeife 100000 Z\u00fcge Hohe Kapazit\u00e4t Langlebiges Vaping"},"content":{"rendered":"<h2 style=\"text-align: left\">JNR Mega Shisha Wasserpfeife 100000 Z\u00fcge Hohe Kapazit\u00e4t Langlebiges Vaping<\/h2>\n<p>&nbsp;<\/p>\n<p data-start=\"334\" data-end=\"690\">Der <strong data-start=\"338\" data-end=\"393\">JNR Mega Shisha Hookah 100000 Z\u00fcge Einweg-Vape<\/strong> ist ein <strong data-start=\"399\" data-end=\"427\">langlebiges Vape-Ger\u00e4t<\/strong> Entwickelt f\u00fcr Vaper, die maximale Kapazit\u00e4t mit Premium-Qualit\u00e4t w\u00fcnschen. Mit bis zu 100.000 Z\u00fcgen ist dieses <strong data-start=\"531\" data-end=\"554\">Premium Shisha Vape<\/strong> auf Leistung, Geschmack und Komfort ausgelegt und damit eine der leistungsst\u00e4rksten Optionen auf dem Markt. <strong data-start=\"662\" data-end=\"687\">Vape-Gro\u00dfhandel Deutschland<\/strong>.<\/p>\n<p data-start=\"692\" data-end=\"994\">Angetrieben von fortschrittlicher Mesh-Coil-Technologie, produziert dieser <strong data-start=\"739\" data-end=\"764\">Mesh-Coil Vape Ger\u00e4t<\/strong> reichen Geschmack und sanfte Wolken vom ersten bis zum letzten Zug. Entwickelt f\u00fcr <strong data-start=\"850\" data-end=\"873\">DTL Einweg-Vape<\/strong> Benutzer liefert er dichten Dampf und einen befriedigenden Throat Hit, ideal f\u00fcr erfahrene Shisha-Liebhaber und allt\u00e4gliche Vaper.<\/p>\n<p data-start=\"996\" data-end=\"1360\">Ein integrierter Smart-Bildschirm zeigt die Zugzahl und den Akkustand an, w\u00e4hrend das Atemlicht einen stilvollen Touch verleiht. Das Ger\u00e4t verf\u00fcgt au\u00dferdem \u00fcber zwei Mundst\u00fccke zur gemeinsamen Nutzung und Sicherheitsfunktionen f\u00fcr Seelenfrieden. Mit einem wiederaufladbaren Design kombiniert dieser <strong data-start=\"1239\" data-end=\"1271\">wiederaufladbare Einweg-Vapes<\/strong>\u00a0den Komfort von Einwegger\u00e4ten mit der Zuverl\u00e4ssigkeit des schnellen Typ-C-Ladens.<\/p>\n<p data-start=\"1362\" data-end=\"1581\">Perfekt f\u00fcr Einzelnutzer und Gro\u00dfbestellungen, bietet der <strong data-start=\"1417\" data-end=\"1472\">JNR Mega Shisha Wasserpfeife <a href=\"https:\/\/vapebulkp.com\/de\/product-category\/100000-puffs-disposable-vape\/\">100000 Z\u00fcge Einweg-Vape<\/a><\/strong> un\u00fcbertroffene Haltbarkeit, Premium-Geschmacksabgabe und schnellen EU-Versand f\u00fcr H\u00e4ndler und Distributoren.<\/p>\n<p>&nbsp;<\/p>\n<h6>Bitte kontaktieren Sie Mandys WhatsApp f\u00fcr einen Rabattpreis<a href=\"https:\/\/wa.me\/8618077105796\">+8618077105796<\/a><\/h6>\n<p><img decoding=\"async\" class=\"alignnone wp-image-2151\" src=\"http:\/\/vapebulkp.com\/wp-content\/uploads\/2024\/04\/Mandy-WhatsApp-Randm.jpg\" alt=\"Mandy WhatsApp Randm\" width=\"287\" height=\"305\" srcset=\"https:\/\/vapebulkp.com\/wp-content\/uploads\/2024\/04\/Mandy-WhatsApp-Randm.jpg 916w, https:\/\/vapebulkp.com\/wp-content\/uploads\/2024\/04\/Mandy-WhatsApp-Randm-282x300.jpg 282w, https:\/\/vapebulkp.com\/wp-content\/uploads\/2024\/04\/Mandy-WhatsApp-Randm-768x817.jpg 768w, https:\/\/vapebulkp.com\/wp-content\/uploads\/2024\/04\/Mandy-WhatsApp-Randm-600x638.jpg 600w\" sizes=\"(max-width: 287px) 100vw, 287px\" \/><\/p>\n<h2><strong>Warum w\u00e4hlen <\/strong><strong>JNR Mega Shisha Hookah 100.000 Z\u00fcge Einweg-Vape \u00dcberlegene Dampfqualit\u00e4t bei <\/strong><strong>\u00a0Vapebulkp.de?<\/strong><\/h2>\n<p data-start=\"169\" data-end=\"469\">Der <strong data-start=\"173\" data-end=\"229\">JNR Mega Shisha Hookah 100.000 Z\u00fcge Einweg-Vape<\/strong> bietet ein au\u00dfergew\u00f6hnliches Dampferlebnis, das in Qualit\u00e4t und Komfort un\u00fcbertroffen ist. Exklusiv erh\u00e4ltlich bei <strong data-start=\"343\" data-end=\"360\">Vapebulkp.com<\/strong>, ist dieses Premium-Ger\u00e4t f\u00fcr diejenigen konzipiert, die eine \u00fcberlegene Dampfproduktion und langanhaltende Zufriedenheit suchen.<\/p>\n<ul data-start=\"471\" data-end=\"1741\">\n<li data-start=\"471\" data-end=\"785\">\n<p data-start=\"473\" data-end=\"785\"><strong data-start=\"473\" data-end=\"502\">Au\u00dfergew\u00f6hnliche Dampfqualit\u00e4t<\/strong>: Ausgestattet mit fortschrittlicher Mesh-Coil-Technologie liefert die JNR Mega <strong data-start=\"571\" data-end=\"607\">au\u00dfergew\u00f6hnlich sanften, reichen Dampf<\/strong>, was bei jedem Zug ein erstklassiges Dampferlebnis bietet.<\/p>\n<\/li>\n<li data-start=\"787\" data-end=\"1010\">\n<p data-start=\"789\" data-end=\"1010\"><strong data-start=\"789\" data-end=\"814\">Unglaubliche Zugzahl<\/strong>: Mit <strong data-start=\"821\" data-end=\"838\">100.000 Z\u00fcgen<\/strong>geh\u00f6rt die JNR Mega zu den langlebigsten Einweg-Vapes auf dem Markt. Verabschieden Sie sich von h\u00e4ufigen Austausch und genie\u00dfen Sie ein verl\u00e4ngertes, problemloses Dampferlebnis.<\/p>\n<\/li>\n<li data-start=\"1012\" data-end=\"1343\">\n<p data-start=\"1014\" data-end=\"1343\"><strong data-start=\"1014\" data-end=\"1054\">Innovatives Design und intelligente Funktionen<\/strong>: Das Ger\u00e4t verf\u00fcgt \u00fcber eine <strong data-start=\"1078\" data-end=\"1094\">Smart-Display<\/strong> zur Verfolgung Ihrer Nutzung und eine <strong data-start=\"1125\" data-end=\"1144\">Atemlicht<\/strong> f\u00fcr ein stilvolles, visuell ansprechendes Erlebnis.<\/p>\n<\/li>\n<li data-start=\"1345\" data-end=\"1522\">\n<p data-start=\"1347\" data-end=\"1522\"><strong data-start=\"1347\" data-end=\"1378\">Direct-to-Lung (DTL) Dampfen<\/strong>: Entwickelt f\u00fcr <strong data-start=\"1395\" data-end=\"1409\">DTL-Dampfen<\/strong>, dieses Ger\u00e4t sorgt f\u00fcr einen intensiven und befriedigenden Zug, perfekt f\u00fcr Dampfer, die gr\u00f6\u00dfere Wolken und tiefere Z\u00fcge genie\u00dfen.<\/p>\n<\/li>\n<\/ul>\n<h3><\/h3>\n<div class=\"mb-2 flex gap-3 empty:hidden -ml-2\">\n<div class=\"items-center justify-start rounded-xl p-1 flex\">\n<h2><strong>Spezifikationen von Luxus-Vape-Stiften <\/strong><strong>JNR Mega Shisha Hookah 100.000 Z\u00fcge<\/strong><\/h2>\n<ul>\n<li><strong data-start=\"117\" data-end=\"149\">Desktop-Shisha-Kompatibilit\u00e4t<\/strong> \u2013 Entwickelt f\u00fcr die nahtlose Integration in Ihr Desktop-Setup.<\/li>\n<li><strong data-start=\"215\" data-end=\"246\" data-is-only-node=\"\">DTL (Direkt-zur-Lunge) Dampfen<\/strong> \u2013 Optimiert f\u00fcr eine gleichm\u00e4\u00dfige und intensive Dampfproduktion.<\/li>\n<li><strong data-start=\"304\" data-end=\"323\">Atmungslicht<\/strong> \u2013 Stilvoller, dynamischer Lichteffekt, der Ihrem Dampferlebnis Flair verleiht.<\/li>\n<li><strong data-start=\"406\" data-end=\"422\">Intelligenter Bildschirm<\/strong> \u2013 Benutzerfreundliche Oberfl\u00e4che mit wichtigen Vaping-Informationen.<\/li>\n<li><strong data-start=\"494\" data-end=\"513\">Doppelmundst\u00fcck<\/strong> \u2013 Genie\u00dfen Sie das Vaping mit einem Freund dank des Designs mit doppeltem Mundst\u00fcck.<\/li>\n<li><strong data-start=\"581\" data-end=\"607\">Maximale 8s Vaping-Zeit<\/strong> \u2013 Lange Z\u00fcge f\u00fcr eine befriedigende Vape-Sitzung.<\/li>\n<\/ul>\n<\/div>\n<\/div>\n<h2 style=\"text-align: left\"><strong>JNR Mega Shisha Hookah 100k Z\u00fcge Vapes Hochleistungs-Spulensystem Geschmacksliste:<\/strong><\/h2>\n<p>1. Zwei \u00c4pfel<br \/>\n2. Love 66<br \/>\n3. Lady Killa<br \/>\n4. Erdbeer-Punsch<br \/>\n5. Lush Ice<br \/>\n6. Traubenminze<br \/>\n7. Magic Love<br \/>\n8. Pfirsich-Eis<br \/>\n9. Blaubeer-Eis<br \/>\n10. Hawaii<br \/>\n11. Kiwi-Passionsfrucht-Guave<br \/>\n12. Mi Amor<\/p>\n<p><a href=\"https:\/\/vapebulkp.com\/de\/product\/waspe-vape-40000-puff-fihp-double-flavour-disposable-vape\/\"><span style=\"vertical-align: inherit\">WASPE 40000 Z\u00fcge<\/span><\/a><\/p>\n<p><span style=\"vertical-align: inherit\">Finden Sie weitere Produkte, die Ihnen gefallen k\u00f6nnten:<\/span><em><a href=\"https:\/\/wa.me\/8618077105796\"><span style=\"vertical-align: inherit\">\u00a0Jetzt kaufen<\/span><\/a><\/em><\/p>\n<p><span style=\"vertical-align: inherit\">Andere Puffs, die Ihnen gefallen k\u00f6nnten:<\/span><a href=\"https:\/\/vapebulkp.com\/de\/product\/uzy-bang-king-12k-disposable-vape-affordable-price\/\"><span style=\"vertical-align: inherit\">UZY Bang King 12000 Z\u00fcge<\/span><\/a><span style=\"vertical-align: inherit\">\u3001<\/span><a href=\"https:\/\/vapebulkp.com\/de\/product\/wholesale-randm-tornado-9000-puffs-germany\/\"><span style=\"vertical-align: inherit\">RandM 9000 Z\u00fcge<\/span><\/a><span style=\"vertical-align: inherit\">\/ <\/span><a href=\"https:\/\/vapebulkp.com\/de\/product\/uwin-crystal-10k-puff-long-lasting-disposable-vape-for-europe\/\"><span style=\"vertical-align: inherit\">UWIN Crystal 7000 Z\u00fcge<\/span><\/a><span style=\"vertical-align: inherit\">\/ <\/span><a href=\"https:\/\/vapebulkp.com\/de\/product\/jnr-vape-watch-18-30k-puffs-2-nic-wholesale-price-disposable-vape\/\"><span style=\"vertical-align: inherit\">JNR VAPE WATCH 30K Z\u00fcge\u00a0<\/span><\/a><\/p>\n<p><span style=\"vertical-align: inherit\">E-Zigarettenflasche in Sonderform:<\/span><a href=\"https:\/\/vapebulkp.com\/de\/product\/randm-fumot-tornado-30k-puffs-rechargeable-vapes-best-sale\/\"><span style=\"vertical-align: inherit\"> Fumot Tornado 30000 Z\u00fcge<\/span><\/a><span style=\"vertical-align: inherit\">\/ <\/span><a href=\"https:\/\/vapebulkp.com\/de\/product\/jnr-alien-10000-puffs-randm-vape-wholesale-price\/\"><span style=\"vertical-align: inherit\">\u00a0JNR Alien 10000 Z\u00fcge <\/span><\/a><span style=\"vertical-align: inherit\">\/<\/span><a href=\"https:\/\/vapebulkp.com\/de\/product\/fumot-tornado-25k-puffs-cheap-price-disposable-vape\/\"><span style=\"vertical-align: inherit\"> Fumot Tornado Vape 25k Z\u00fcge<\/span><\/a><\/p>\n<p>&nbsp;<\/p>\n<h3><strong>Versanddetails<\/strong>:<\/h3>\n<ul>\n<li><strong>Bearbeitungszeit<\/strong>: 5-10 Werktage<\/li>\n<li><strong>Versandzeit<\/strong>: 8-14 Werktage<\/li>\n<li><strong>Logistikkan\u00e4le<\/strong>: Wir nutzen vertrauensw\u00fcrdige Spediteure wie <strong>UPS, DHL und FedEx<\/strong> f\u00fcr eine sichere Lieferung.<\/li>\n<li><strong>Versand innerhalb Deutschlands<\/strong>: Bestellungen innerhalb Deutschlands treffen normalerweise innerhalb von 12-15 Werktagen ein.<\/li>\n<\/ul>","protected":false},"excerpt":{"rendered":"<ul>\n<li data-start=\"90\" data-end=\"194\"><strong data-start=\"93\" data-end=\"194\">JNR Mega Shisha Hookah 100k Z\u00fcge Vape Pods \u2013 Premium Einweg-Vape mit fortschrittlicher Mesh-Coil-Technologie<\/strong><\/li>\n<li data-start=\"195\" data-end=\"303\"><strong data-start=\"198\" data-end=\"303\">JNR Mega Shisha Hookah 100000 Z\u00fcge Vapes \u2013 Langlebiges Vaping-Erlebnis mit hoher Kapazit\u00e4t f\u00fcr Kenner<\/strong><\/li>\n<li data-start=\"304\" data-end=\"412\"><strong data-start=\"307\" data-end=\"410\">JNR Mega Shisha Hookah 100.000 Z\u00fcge \u2013 Luxuri\u00f6ser, Hochleistungs-Vape mit Dual-Mundst\u00fcck-Design<\/strong><\/li>\n<\/ul>\n<p><img decoding=\"async\" class=\"alignnone wp-image-2151\" src=\"http:\/\/vapebulkp.com\/wp-content\/uploads\/2024\/04\/Mandy-WhatsApp-Randm.jpg\" alt=\"Mandy WhatsApp Randm\" width=\"234\" height=\"249\" srcset=\"https:\/\/vapebulkp.com\/wp-content\/uploads\/2024\/04\/Mandy-WhatsApp-Randm.jpg 916w, https:\/\/vapebulkp.com\/wp-content\/uploads\/2024\/04\/Mandy-WhatsApp-Randm-282x300.jpg 282w, https:\/\/vapebulkp.com\/wp-content\/uploads\/2024\/04\/Mandy-WhatsApp-Randm-768x817.jpg 768w, https:\/\/vapebulkp.com\/wp-content\/uploads\/2024\/04\/Mandy-WhatsApp-Randm-600x638.jpg 600w\" sizes=\"(max-width: 234px) 100vw, 234px\" \/><\/p>\n<p>Bitte kontaktieren Sie Mandys WhatsApp f\u00fcr einen Rabattpreis<a href=\"https:\/\/wa.me\/8618077105796\">+8618077105796<\/a><\/p>\n<p><span style=\"color: #ff0000\">HINWEIS: Die Preise auf unserer Website enthalten keine Versandkosten<\/span><\/p>\n<p>&nbsp;<\/p>","protected":false},"featured_media":3513,"comment_status":"open","ping_status":"closed","template":"","meta":{"_uag_custom_page_level_css":"","_lmt_disableupdate":"no","_lmt_disable":"","site-sidebar-layout":"default","site-content-layout":"content-boxed-container","ast-site-content-layout":"normal-width-container","site-content-style":"boxed","site-sidebar-style":"unboxed","ast-global-header-display":"","ast-banner-title-visibility":"","ast-main-header-display":"","ast-hfb-above-header-display":"","ast-hfb-below-header-display":"","ast-hfb-mobile-header-display":"","site-post-title":"","ast-breadcrumbs-content":"","ast-featured-img":"","footer-sml-layout":"","theme-transparent-header-meta":"default","adv-header-id-meta":"","stick-header-meta":"","header-above-stick-meta":"","header-main-stick-meta":"","header-below-stick-meta":"","astra-migrate-meta-layouts":"set","_joinchat":[]},"product_cat":[153,155,33,59,100,353,34,158,157,154,152,58,84,156,63,32],"product_tag":[36,37,206,41,40],"class_list":["post-3519","product","type-product","status-publish","has-post-thumbnail","hentry","product_cat-hot-disposable-vapes","product_cat-belgium-hot-disposable-vapes","product_cat-france-vape-hot-sale","product_cat-germany-hot-disposable-vape","product_cat-germany-wholesale-vape-shop","product_cat-jnr-vape","product_cat-netherlands-vape-good-sale","product_cat-norway-hot-disposable-vapes","product_cat-poland-hot-disposable-vapes","product_cat-portugal-hot-disposable-vapes","product_cat-spain-hot-disposable-vapes","product_cat-sweden-hot-disposable-vape","product_cat-sweden-wholesale-vape","product_cat-switzerland-hot-disposable-vapes","product_cat-top-sale-disposable-vape","product_cat-vape-hot-sale-this-week","product_tag-good-vape","product_tag-hot-sale-disposable-vape","product_tag-jnr-power-mate-30000-puffs","product_tag-poland-hot-vape","product_tag-sweden-hot-vape","pa_brand-jnr-vape","desktop-align-left","tablet-align-left","mobile-align-left"],"yoast_head":"<!-- This site is optimized with the Yoast SEO plugin v21.1 - https:\/\/yoast.com\/wordpress\/plugins\/seo\/ -->\n<title>JNR Mega Shisha Hookah 100000 Puffs High Capacity Long-Lasting Vaping - vapebulkp.com % %<\/title>\n<meta name=\"description\" content=\"JNR Mega Shisha Hookah 100000 Puffs offers long-lasting, high-capacity vaping with premium flavors and smooth performance for ultimate satisfaction.\" \/>\n<meta name=\"robots\" content=\"index, follow, max-snippet:-1, max-image-preview:large, max-video-preview:-1\" \/>\n<link rel=\"canonical\" href=\"https:\/\/vapebulkp.com\/de\/product\/jnr-mega-shisha-hookah-100000-puffs-high-capacity-long-lasting-vaping\/\" \/>\n<meta property=\"og:locale\" content=\"de_DE\" \/>\n<meta property=\"og:type\" content=\"article\" \/>\n<meta property=\"og:title\" content=\"JNR Mega Shisha Hookah 100000 Puffs High Capacity Long-Lasting Vaping - vapebulkp.com % %\" \/>\n<meta property=\"og:description\" content=\"JNR Mega Shisha Hookah 100000 Puffs offers long-lasting, high-capacity vaping with premium flavors and smooth performance for ultimate satisfaction.\" \/>\n<meta property=\"og:url\" content=\"https:\/\/vapebulkp.com\/de\/product\/jnr-mega-shisha-hookah-100000-puffs-high-capacity-long-lasting-vaping\/\" \/>\n<meta property=\"og:site_name\" content=\"vapebulkp.com\" \/>\n<meta property=\"article:modified_time\" content=\"2025-09-17T08:33:30+00:00\" \/>\n<meta property=\"og:image\" content=\"http:\/\/vapebulkp.com\/wp-content\/uploads\/2025\/02\/JNR-Mega-100000-Puffs-Shisha-Hookah-High-Capacity-Disposable-Vape-for-Ultimate-Enjoyment.webp\" \/>\n\t<meta property=\"og:image:width\" content=\"800\" \/>\n\t<meta property=\"og:image:height\" content=\"800\" \/>\n\t<meta property=\"og:image:type\" content=\"image\/webp\" \/>\n<meta name=\"twitter:card\" content=\"summary_large_image\" \/>\n<meta name=\"twitter:label1\" content=\"Gesch\u00e4tzte Lesezeit\" \/>\n\t<meta name=\"twitter:data1\" content=\"3\u00a0Minuten\" \/>\n<script type=\"application\/ld+json\" class=\"yoast-schema-graph\">{\"@context\":\"https:\/\/schema.org\",\"@graph\":[{\"@type\":\"WebPage\",\"@id\":\"https:\/\/vapebulkp.com\/product\/jnr-mega-shisha-hookah-100000-puffs-high-capacity-long-lasting-vaping\/\",\"url\":\"https:\/\/vapebulkp.com\/product\/jnr-mega-shisha-hookah-100000-puffs-high-capacity-long-lasting-vaping\/\",\"name\":\"JNR Mega Shisha Hookah 100000 Puffs High Capacity Long-Lasting Vaping - vapebulkp.com % %\",\"isPartOf\":{\"@id\":\"https:\/\/vapebulkp.com\/#website\"},\"datePublished\":\"2025-02-28T08:27:13+00:00\",\"dateModified\":\"2025-09-17T08:33:30+00:00\",\"description\":\"JNR Mega Shisha Hookah 100000 Puffs offers long-lasting, high-capacity vaping with premium flavors and smooth performance for ultimate satisfaction.\",\"breadcrumb\":{\"@id\":\"https:\/\/vapebulkp.com\/product\/jnr-mega-shisha-hookah-100000-puffs-high-capacity-long-lasting-vaping\/#breadcrumb\"},\"inLanguage\":\"de\",\"potentialAction\":[{\"@type\":\"ReadAction\",\"target\":[\"https:\/\/vapebulkp.com\/product\/jnr-mega-shisha-hookah-100000-puffs-high-capacity-long-lasting-vaping\/\"]}]},{\"@type\":\"BreadcrumbList\",\"@id\":\"https:\/\/vapebulkp.com\/product\/jnr-mega-shisha-hookah-100000-puffs-high-capacity-long-lasting-vaping\/#breadcrumb\",\"itemListElement\":[{\"@type\":\"ListItem\",\"position\":1,\"name\":\"Home\",\"item\":\"https:\/\/vapebulkp.com\/\"},{\"@type\":\"ListItem\",\"position\":2,\"name\":\"Hot Trend Vapes\",\"item\":\"https:\/\/vapebulkp.com\/vape-shop\/\"},{\"@type\":\"ListItem\",\"position\":3,\"name\":\"JNR Mega Shisha Hookah 100000 Puffs High Capacity Long-Lasting Vaping\"}]},{\"@type\":\"WebSite\",\"@id\":\"https:\/\/vapebulkp.com\/#website\",\"url\":\"https:\/\/vapebulkp.com\/\",\"name\":\"vapebulkp.com\",\"description\":\"Buy Vape In Cheap Bulk Price Near you\",\"publisher\":{\"@id\":\"https:\/\/vapebulkp.com\/#organization\"},\"potentialAction\":[{\"@type\":\"SearchAction\",\"target\":{\"@type\":\"EntryPoint\",\"urlTemplate\":\"https:\/\/vapebulkp.com\/?s={search_term_string}\"},\"query-input\":\"required name=search_term_string\"}],\"inLanguage\":\"de\"},{\"@type\":\"Organization\",\"@id\":\"https:\/\/vapebulkp.com\/#organization\",\"name\":\"vapebulkp.com\",\"url\":\"https:\/\/vapebulkp.com\/\",\"logo\":{\"@type\":\"ImageObject\",\"inLanguage\":\"de\",\"@id\":\"https:\/\/vapebulkp.com\/#\/schema\/logo\/image\/\",\"url\":\"https:\/\/vapebulkp.com\/wp-content\/uploads\/2023\/09\/cropped-vapebulkp.png\",\"contentUrl\":\"https:\/\/vapebulkp.com\/wp-content\/uploads\/2023\/09\/cropped-vapebulkp.png\",\"width\":516,\"height\":163,\"caption\":\"vapebulkp.com\"},\"image\":{\"@id\":\"https:\/\/vapebulkp.com\/#\/schema\/logo\/image\/\"}}]}<\/script>\n<!-- \/ Yoast SEO plugin. -->","yoast_head_json":{"title":"JNR Mega Shisha Hookah 100000 Puffs High Capacity Long-Lasting Vaping - vapebulkp.com % %","description":"JNR Mega Shisha Hookah 100000 Puffs offers long-lasting, high-capacity vaping with premium flavors and smooth performance for ultimate satisfaction.","robots":{"index":"index","follow":"follow","max-snippet":"max-snippet:-1","max-image-preview":"max-image-preview:large","max-video-preview":"max-video-preview:-1"},"canonical":"https:\/\/vapebulkp.com\/de\/product\/jnr-mega-shisha-hookah-100000-puffs-high-capacity-long-lasting-vaping\/","og_locale":"de_DE","og_type":"article","og_title":"JNR Mega Shisha Hookah 100000 Puffs High Capacity Long-Lasting Vaping - vapebulkp.com % %","og_description":"JNR Mega Shisha Hookah 100000 Puffs offers long-lasting, high-capacity vaping with premium flavors and smooth performance for ultimate satisfaction.","og_url":"https:\/\/vapebulkp.com\/de\/product\/jnr-mega-shisha-hookah-100000-puffs-high-capacity-long-lasting-vaping\/","og_site_name":"vapebulkp.com","article_modified_time":"2025-09-17T08:33:30+00:00","og_image":[{"width":800,"height":800,"url":"http:\/\/vapebulkp.com\/wp-content\/uploads\/2025\/02\/JNR-Mega-100000-Puffs-Shisha-Hookah-High-Capacity-Disposable-Vape-for-Ultimate-Enjoyment.webp","type":"image\/webp"}],"twitter_card":"summary_large_image","twitter_misc":{"Gesch\u00e4tzte Lesezeit":"3\u00a0Minuten"},"schema":{"@context":"https:\/\/schema.org","@graph":[{"@type":"WebPage","@id":"https:\/\/vapebulkp.com\/product\/jnr-mega-shisha-hookah-100000-puffs-high-capacity-long-lasting-vaping\/","url":"https:\/\/vapebulkp.com\/product\/jnr-mega-shisha-hookah-100000-puffs-high-capacity-long-lasting-vaping\/","name":"JNR Mega Shisha Hookah 100000 Puffs High Capacity Long-Lasting Vaping - vapebulkp.com % %","isPartOf":{"@id":"https:\/\/vapebulkp.com\/#website"},"datePublished":"2025-02-28T08:27:13+00:00","dateModified":"2025-09-17T08:33:30+00:00","description":"JNR Mega Shisha Hookah 100000 Puffs offers long-lasting, high-capacity vaping with premium flavors and smooth performance for ultimate satisfaction.","breadcrumb":{"@id":"https:\/\/vapebulkp.com\/product\/jnr-mega-shisha-hookah-100000-puffs-high-capacity-long-lasting-vaping\/#breadcrumb"},"inLanguage":"de","potentialAction":[{"@type":"ReadAction","target":["https:\/\/vapebulkp.com\/product\/jnr-mega-shisha-hookah-100000-puffs-high-capacity-long-lasting-vaping\/"]}]},{"@type":"BreadcrumbList","@id":"https:\/\/vapebulkp.com\/product\/jnr-mega-shisha-hookah-100000-puffs-high-capacity-long-lasting-vaping\/#breadcrumb","itemListElement":[{"@type":"ListItem","position":1,"name":"Home","item":"https:\/\/vapebulkp.com\/"},{"@type":"ListItem","position":2,"name":"Hot Trend Vapes","item":"https:\/\/vapebulkp.com\/vape-shop\/"},{"@type":"ListItem","position":3,"name":"JNR Mega Shisha Hookah 100000 Puffs High Capacity Long-Lasting Vaping"}]},{"@type":"WebSite","@id":"https:\/\/vapebulkp.com\/#website","url":"https:\/\/vapebulkp.com\/","name":"vapebulkp.com","description":"Buy Vape In Cheap Bulk Price Near you","publisher":{"@id":"https:\/\/vapebulkp.com\/#organization"},"potentialAction":[{"@type":"SearchAction","target":{"@type":"EntryPoint","urlTemplate":"https:\/\/vapebulkp.com\/?s={search_term_string}"},"query-input":"required name=search_term_string"}],"inLanguage":"de"},{"@type":"Organization","@id":"https:\/\/vapebulkp.com\/#organization","name":"vapebulkp.com","url":"https:\/\/vapebulkp.com\/","logo":{"@type":"ImageObject","inLanguage":"de","@id":"https:\/\/vapebulkp.com\/#\/schema\/logo\/image\/","url":"https:\/\/vapebulkp.com\/wp-content\/uploads\/2023\/09\/cropped-vapebulkp.png","contentUrl":"https:\/\/vapebulkp.com\/wp-content\/uploads\/2023\/09\/cropped-vapebulkp.png","width":516,"height":163,"caption":"vapebulkp.com"},"image":{"@id":"https:\/\/vapebulkp.com\/#\/schema\/logo\/image\/"}}]}},"uagb_featured_image_src":{"full":["https:\/\/vapebulkp.com\/wp-content\/uploads\/2025\/02\/JNR-Mega-100000-Puffs-Shisha-Hookah-High-Capacity-Disposable-Vape-for-Ultimate-Enjoyment.webp",800,800,false],"thumbnail":["https:\/\/vapebulkp.com\/wp-content\/uploads\/2025\/02\/JNR-Mega-100000-Puffs-Shisha-Hookah-High-Capacity-Disposable-Vape-for-Ultimate-Enjoyment-150x150.webp",150,150,true],"medium":["https:\/\/vapebulkp.com\/wp-content\/uploads\/2025\/02\/JNR-Mega-100000-Puffs-Shisha-Hookah-High-Capacity-Disposable-Vape-for-Ultimate-Enjoyment-300x300.webp",300,300,true],"medium_large":["https:\/\/vapebulkp.com\/wp-content\/uploads\/2025\/02\/JNR-Mega-100000-Puffs-Shisha-Hookah-High-Capacity-Disposable-Vape-for-Ultimate-Enjoyment-768x768.webp",768,768,true],"large":["https:\/\/vapebulkp.com\/wp-content\/uploads\/2025\/02\/JNR-Mega-100000-Puffs-Shisha-Hookah-High-Capacity-Disposable-Vape-for-Ultimate-Enjoyment.webp",800,800,false],"1536x1536":["https:\/\/vapebulkp.com\/wp-content\/uploads\/2025\/02\/JNR-Mega-100000-Puffs-Shisha-Hookah-High-Capacity-Disposable-Vape-for-Ultimate-Enjoyment.webp",800,800,false],"2048x2048":["https:\/\/vapebulkp.com\/wp-content\/uploads\/2025\/02\/JNR-Mega-100000-Puffs-Shisha-Hookah-High-Capacity-Disposable-Vape-for-Ultimate-Enjoyment.webp",800,800,false],"trp-custom-language-flag":["https:\/\/vapebulkp.com\/wp-content\/uploads\/2025\/02\/JNR-Mega-100000-Puffs-Shisha-Hookah-High-Capacity-Disposable-Vape-for-Ultimate-Enjoyment.webp",12,12,false],"woocommerce_thumbnail":["https:\/\/vapebulkp.com\/wp-content\/uploads\/2025\/02\/JNR-Mega-100000-Puffs-Shisha-Hookah-High-Capacity-Disposable-Vape-for-Ultimate-Enjoyment-300x300.webp",300,300,true],"woocommerce_single":["https:\/\/vapebulkp.com\/wp-content\/uploads\/2025\/02\/JNR-Mega-100000-Puffs-Shisha-Hookah-High-Capacity-Disposable-Vape-for-Ultimate-Enjoyment-600x600.webp",600,600,true],"woocommerce_gallery_thumbnail":["https:\/\/vapebulkp.com\/wp-content\/uploads\/2025\/02\/JNR-Mega-100000-Puffs-Shisha-Hookah-High-Capacity-Disposable-Vape-for-Ultimate-Enjoyment-100x100.webp",100,100,true],"wcpr-photo-reviews":["https:\/\/vapebulkp.com\/wp-content\/uploads\/2025\/02\/JNR-Mega-100000-Puffs-Shisha-Hookah-High-Capacity-Disposable-Vape-for-Ultimate-Enjoyment.webp",500,500,false]},"uagb_author_info":{"display_name":"Mandy vape bulk price","author_link":"https:\/\/vapebulkp.com\/de\/author\/"},"uagb_comment_info":0,"uagb_excerpt":"JNR Mega Shisha Hookah 100k Puffs Vape Pods\u2013 Premium Disposable Vape with Advanced Mesh Coil Technology JNR Mega Shisha Hookah 100000 Puff vapes\u2013 Long-Lasting, High-Capacity Vaping Experience for Connoisseurs JNR Mega Shisha Hookah 100,000 Puffs \u2013 Luxurious, High-Performance Vape with Dual Mouthpiece Design Pls Contact Mandy's WhatsApp For Discount Price+8618077105796 NOTE: Prices on our website&hellip;","_links":{"self":[{"href":"https:\/\/vapebulkp.com\/de\/wp-json\/wp\/v2\/product\/3519","targetHints":{"allow":["GET"]}}],"collection":[{"href":"https:\/\/vapebulkp.com\/de\/wp-json\/wp\/v2\/product"}],"about":[{"href":"https:\/\/vapebulkp.com\/de\/wp-json\/wp\/v2\/types\/product"}],"replies":[{"embeddable":true,"href":"https:\/\/vapebulkp.com\/de\/wp-json\/wp\/v2\/comments?post=3519"}],"wp:featuredmedia":[{"embeddable":true,"href":"https:\/\/vapebulkp.com\/de\/wp-json\/wp\/v2\/media\/3513"}],"wp:attachment":[{"href":"https:\/\/vapebulkp.com\/de\/wp-json\/wp\/v2\/media?parent=3519"}],"wp:term":[{"taxonomy":"product_cat","embeddable":true,"href":"https:\/\/vapebulkp.com\/de\/wp-json\/wp\/v2\/product_cat?post=3519"},{"taxonomy":"product_tag","embeddable":true,"href":"https:\/\/vapebulkp.com\/de\/wp-json\/wp\/v2\/product_tag?post=3519"}],"curies":[{"name":"wp","href":"https:\/\/api.w.org\/{rel}","templated":true}]}}