{"id":3526,"date":"2025-03-04T10:06:46","date_gmt":"2025-03-04T09:06:46","guid":{"rendered":"https:\/\/vapebulkp.com\/?post_type=product&#038;p=3526"},"modified":"2025-09-24T05:12:01","modified_gmt":"2025-09-24T03:12:01","slug":"razz-bar-40000-puffs-wholesale-vape-factory-price-eu-warehouse-fast-shipping","status":"publish","type":"product","link":"https:\/\/vapebulkp.com\/de\/product\/razz-bar-40000-puffs-wholesale-vape-factory-price-eu-warehouse-fast-shipping\/","title":{"rendered":"RAZZ BAR 40000 Z\u00fcge Gro\u00dfhandel Vape Fabrikpreis Deutschland-Lager Schneller Versand"},"content":{"rendered":"<h2 style=\"text-align: left\">RAZZ BAR 40000 Z\u00fcge Gro\u00dfhandel Vape Fabrikpreis Deutschland-Lager Schneller Versand<\/h2>\n<p>Der Gro\u00dfhandels-Vape RAZZ BAR 40000 Z\u00fcge Einweg-Vape ist ein wiederaufladbarer Einweg-Vape mit hoher Kapazit\u00e4t und dualen Aromen, perfekt f\u00fcr europ\u00e4ische Gro\u00dfhandelsk\u00e4ufer. Mit 40.000 Z\u00fcgen, einem 650mAh Akku und Mesh-Coil Dual-Tank Technologie liefert er sanften, langanhaltenden Dampf.Genie\u00dfen Sie 10 einzigartige Dual-Aoma-Kombinationen f\u00fcr Vielfalt in jedem Zug. Schneller Versand ab einem Deutschland-Lager sorgt f\u00fcr schnelle Lieferung bei Shisha-Vape-Gro\u00dfhandel und Gro\u00dfbestellungen. Wettbewerbsf\u00e4hige Fabrikpreise maximieren die Gewinne bei gleichbleibender Qualit\u00e4t.Best\u00fccken Sie Ihr Gesch\u00e4ft mit dem RAZZ BAR <a href=\"https:\/\/vapebulkp.com\/de\/product-category\/40000-puffs-disposable-vape\/\">40000 Z\u00fcge Einweg-Vape<\/a>, einem zuverl\u00e4ssigen Nikotinsalz-Vape f\u00fcr Kunden, die hohe Kapazit\u00e4t und Leistung sowie Geschmack suchen.<\/p>\n<h6>Bitte kontaktieren Sie Mandys WhatsApp f\u00fcr einen Rabattpreis<a href=\"https:\/\/wa.me\/8618077105796\">+8618077105796<\/a><\/h6>\n<p><img decoding=\"async\" class=\"alignnone wp-image-2151\" src=\"http:\/\/vapebulkp.com\/wp-content\/uploads\/2024\/04\/Mandy-WhatsApp-Randm.jpg\" alt=\"Mandy WhatsApp Randm\" width=\"324\" height=\"330\" \/><\/p>\n<div class=\"flex max-w-full flex-col flex-grow\">\n<div class=\"min-h-8 text-message flex w-full flex-col items-end gap-2 whitespace-normal break-words text-start [.text-message+&amp;]:mt-5\" dir=\"auto\" data-message-author-role=\"assistant\" data-message-id=\"d24cf626-c018-4805-80f5-44de047f2ba0\" data-message-model-slug=\"gpt-4o\">\n<div class=\"flex w-full flex-col gap-1 empty:hidden first:pt-[3px]\">\n<div class=\"markdown prose w-full break-words dark:prose-invert light\">\n<h2>Warum den RAZZ BAR 40000 Z\u00fcge Innovatives Design Vape w\u00e4hlen? <a href=\"https:\/\/vapebulkp.com\/de\/vape-shop\/\">Vapebulkp.com<\/a>?<\/h2>\n<h4 data-start=\"61\" data-end=\"99\">\u2705 <strong data-start=\"68\" data-end=\"97\">Hohe Kapazit\u00e4t und Leistung<\/strong><\/h4>\n<p data-start=\"100\" data-end=\"262\">wurde f\u00fcr Vape-Einzelh\u00e4ndler und Gro\u00dfh\u00e4ndler entwickelt, die stark nachgefragte Produkte mit bew\u00e4hrter Leistung w\u00fcnschen. Mit der Dual-Mode-Technologie ausgestattet, erm\u00f6glicht dieses fortschrittliche Ger\u00e4t den Benutzern, zwischen dem ECO-Modus f\u00fcr l\u00e4ngere Nutzung oder dem BOOST-Modus f\u00fcr intensiveren Geschmack und Dampfproduktion zu wechseln. <strong data-start=\"119\" data-end=\"135\">40.000 Z\u00fcge<\/strong>erm\u00f6glicht der RAZZ BAR lange Vaping-Sitzungen und ist somit die perfekte Wahl f\u00fcr den langfristigen Gebrauch ohne h\u00e4ufigen Austausch.<\/p>\n<h4 data-start=\"264\" data-end=\"299\">\u2705 <strong data-start=\"271\" data-end=\"297\">Duales Geschmackserlebnis<\/strong><\/h4>\n<p data-start=\"300\" data-end=\"459\">Genie\u00dfen Sie <strong data-start=\"306\" data-end=\"339\">10 Doppel-Aromen-Kombinationen<\/strong>, die es den Nutzern erm\u00f6glichen, in einem einzigen Ger\u00e4t zwischen zwei Geschmacksrichtungen zu wechseln, f\u00fcr ein dynamischeres und zufriedenstellenderes Vaping-Erlebnis.<\/p>\n<h4 data-start=\"461\" data-end=\"514\">\u2705 <strong data-start=\"468\" data-end=\"512\">Premium Mesh-Coil<\/strong><\/h4>\n<p data-start=\"515\" data-end=\"652\">Ausgestattet mit <strong data-start=\"529\" data-end=\"563\">Mesh-Coil Dual-Tank Technologie<\/strong>, dieser Vape verbessert die Dampfproduktion und sorgt f\u00fcr sanfte, reichhaltige Aromen bei jedem Zug.<\/p>\n<h4 data-start=\"654\" data-end=\"695\">\u2705 <strong data-start=\"661\" data-end=\"693\">Wiederaufladbar<\/strong><\/h4>\n<p data-start=\"696\" data-end=\"852\">Ausgestattet mit einem <strong data-start=\"708\" data-end=\"739\">650mAh wiederaufladbarer Akku<\/strong> mit <strong data-start=\"745\" data-end=\"769\">Typ-C-Schnellladung<\/strong>, was ununterbrochenes Vaping ohne den \u00c4rger h\u00e4ufiger Batterieentleerung gew\u00e4hrleistet.<\/p>\n<\/div>\n<\/div>\n<\/div>\n<\/div>\n<h2>Premium-Dampfqualit\u00e4t Razz Bar 40k Z\u00fcge Wichtige Spezifikationen:<\/h2>\n<ul>\n<li><strong data-start=\"467\" data-end=\"482\">40000 Z\u00fcge<\/strong> \u2013 Verl\u00e4ngerte Vaping-Sitzungen mit zuverl\u00e4ssiger Leistung<\/li>\n<li><strong data-start=\"540\" data-end=\"561\">10 Doppelte Geschmacksrichtungen<\/strong> \u2013 Wechseln Sie zwischen zwei Geschmacksrichtungen in einem Ger\u00e4t<\/li>\n<li><strong data-start=\"609\" data-end=\"632\">Mesh-Spule Doppel-Tank<\/strong> \u2013 Verbesserte Dampfproduktion und Geschmacksreinheit<\/li>\n<li><strong data-start=\"683\" data-end=\"714\">650mAh wiederaufladbarer Akku<\/strong> \u2013 Unterst\u00fctzt schnelles Aufladen \u00fcber USB-C<\/li>\n<li><strong data-start=\"751\" data-end=\"777\">Nikotinsalz: 2% \/ 5%<\/strong> \u2013 Befriedigt unterschiedliche Nikotinpr\u00e4ferenzen<\/li>\n<li><strong data-start=\"825\" data-end=\"848\">Gro\u00dfhandelsverpackung<\/strong> \u2013 <strong data-start=\"851\" data-end=\"873\">200 St\u00fcck pro Karton<\/strong> f\u00fcr die Massenlieferung<\/li>\n<\/ul>\n<h2><strong>RAZZ BAR 40000 Puffs Lang anhaltende Leistung Geschmacksliste<\/strong><\/h2>\n<p>1.Lemon Lime \/ Lush-Eis<br \/>\n2.Erdbeereis \/ Gemischte Beeren<br \/>\n3.Blaue Razz-Eis \/ Erdbeer-Wassermelonen-Kaugummi<br \/>\n4.Gemischte Beeren \/ Wassermelonen-Eis<br \/>\n5.Erdbeer-Banane \/ Red Bull-Eis<br \/>\n6.Blaubeer-Eis \/ Love 66<br \/>\n7.Pfirsich-Eis \/ Blaubeer-Eis<br \/>\n8.Erdbeer-Kiwi \/ Blaubeer-Himbeer-Sauer<br \/>\n9.Wassermelonen-Eis \/ Cola-Eis<br \/>\n10.Erdbeer-Wassermelone \/ Trauben-Eis<\/p>\n<p><a href=\"https:\/\/vapebulkp.com\/de\/product\/aivono-curved-smart-screen-35000-puffs-disposable-vape-wholesale-price\/\"><span style=\"vertical-align: inherit\">Aivono 35000 Z\u00fcge <\/span><\/a><\/p>\n<p><span style=\"vertical-align: inherit\">Finden Sie weitere Produkte, die Ihnen gefallen k\u00f6nnten:<\/span><em><a href=\"https:\/\/wa.me\/8618077105796\"><span style=\"vertical-align: inherit\">\u00a0Jetzt kaufen<\/span><\/a><\/em><\/p>\n<p><span style=\"vertical-align: inherit\">Andere Puffs, die Ihnen gefallen k\u00f6nnten:<\/span><a href=\"https:\/\/vapebulkp.com\/de\/product\/wholesale-price-bang-kingdoms-rex-32000-puffs-vape-pod\/\"><span style=\"vertical-align: inherit\">Bang Kingdoms 32000Puffs<\/span><\/a><span style=\"vertical-align: inherit\">\u3001<\/span><a href=\"https:\/\/vapebulkp.com\/de\/product\/bood-pulse-pro-25k-50k-disposable-vape-bar-5000-puffs-nicotine-free\/\"><span style=\"vertical-align: inherit\">Bood pulse pro 50000 Z\u00fcge<\/span><\/a><span style=\"vertical-align: inherit\">\/ <\/span><a href=\"https:\/\/vapebulkp.com\/de\/product\/vapsolo-best-quality-viking-12k-puffs-disposable-vapes\/\"><span style=\"vertical-align: inherit\">Vapsolo Viking 12000 Z\u00fcge<\/span><\/a><span style=\"vertical-align: inherit\">\/ <\/span><a href=\"https:\/\/vapebulkp.com\/de\/product\/waspe-vape-40000-puff-fihp-double-flavour-disposable-vape\/\"><span style=\"vertical-align: inherit\">WASPE 40000 Z\u00fcge<\/span><\/a><\/p>\n<h2>FAQ f\u00fcr RAZZ BAR 40000 Puff Einweg-Vapes<\/h2>\n<p>&nbsp;<\/p>\n<h4 data-start=\"56\" data-end=\"117\"><strong data-start=\"61\" data-end=\"115\">1. Wie viele Z\u00fcge bietet die RAZZ BAR 40k Puffs?<\/strong><\/h4>\n<p data-start=\"118\" data-end=\"244\">Der <strong data-start=\"122\" data-end=\"146\">RAZZ BAR 40000 Z\u00fcge<\/strong> bietet bis zu <strong data-start=\"160\" data-end=\"176\">40.000 Z\u00fcge<\/strong>, was ihn zu einem der langlebigsten Einweg-Vapes macht.<\/p>\n<h4 data-start=\"410\" data-end=\"479\"><strong data-start=\"415\" data-end=\"477\">2. Unterst\u00fctzt die RAZZ BAR 40k Puffs den Geschmackswechsel?<\/strong><\/h4>\n<p data-start=\"480\" data-end=\"620\">Ja! Sie verf\u00fcgt \u00fcber ein <strong data-start=\"499\" data-end=\"521\">Dual-Geschmackssystem<\/strong>, was Benutzern erm\u00f6glicht, zwischen <strong data-start=\"556\" data-end=\"585\">zwei Geschmacksrichtungen in einem Ger\u00e4t<\/strong> f\u00fcr ein genussvolleres Erlebnis.<\/p>\n<h4 data-start=\"788\" data-end=\"843\"><strong data-start=\"793\" data-end=\"841\">3. Ist die RAZZ BAR 40000 Puff Einweg-Vape wiederaufladbar?<\/strong><\/h4>\n<p data-start=\"844\" data-end=\"964\">Ja, sie verf\u00fcgt \u00fcber einen <strong data-start=\"863\" data-end=\"894\">650mAh wiederaufladbarer Akku<\/strong> mit einem <strong data-start=\"902\" data-end=\"926\">Typ-C-Ladeanschluss<\/strong> f\u00fcr schnelles und bequemes Aufladen.<\/p>\n<h4 data-start=\"1311\" data-end=\"1391\"><strong data-start=\"1316\" data-end=\"1389\">4. Wo kann ich die RAZZ BAR 40000 Puffs Vapes zu Gro\u00dfhandelspreisen kaufen?<\/strong><\/h4>\n<p data-start=\"1392\" data-end=\"1523\">Sie k\u00f6nnen direkt bestellen bei <strong data-start=\"1420\" data-end=\"1437\">Vapebulkp.com<\/strong>, wo wir anbieten <strong data-start=\"1454\" data-end=\"1520\">Preise ab Werk, Mengenrabatte und zuverl\u00e4ssige Logistik<\/strong>.<\/p>\n<h3>Versanddetails:<\/h3>\n<p><span style=\"color: #ff6600\">Produktionszeit: 5-10 Werktage<\/span><br \/>\n<span style=\"color: #ff6600\">Versandzeit: 8-14 Werktage<\/span><\/p>\n<p>Alle Produkte in unserem Shop sind 100% original und authentisch. Daher ist eine zehnfache Entsch\u00e4digung f\u00fcr gef\u00e4lschte Waren unsere Gesch\u00e4ftsrichtlinie. Wir verwenden Logistikkan\u00e4le wie UPS\/DHL\/FEDEX\/DPD, um Waren an Sie zu liefern.<\/p>\n<p>F\u00fcr Pakete, die nach Deutschland versandt werden, dauert die Ankunft in der Regel 10 Werktage. Der Versand in europ\u00e4ische L\u00e4nder dauert in der Regel 12 bis 15 Werktage. Wir werden die Logistikinformationen in Echtzeit f\u00fcr Sie aktualisieren.<\/p>","protected":false},"excerpt":{"rendered":"<div class=\"flex-shrink-0 flex flex-col relative items-end\">\n<div class=\"pt-0\">\n<div class=\"gizmo-bot-avatar flex h-8 w-8 items-center justify-center overflow-hidden rounded-full\">\n<div class=\"relative p-1 rounded-sm flex items-center justify-center bg-token-main-surface-primary text-token-text-primary h-8 w-8\">\n<ul>\n<li data-start=\"0\" data-end=\"101\"><strong data-start=\"3\" data-end=\"99\" data-is-only-node=\"\">RAZZ BAR 40k Z\u00fcge Einweg-Vape Dual-Aromen, wiederaufladbar<\/strong><\/li>\n<li data-start=\"102\" data-end=\"188\"><strong data-start=\"105\" data-end=\"186\" data-is-only-node=\"\">RAZZ BAR 40000 Z\u00fcge Gro\u00dfhandel Hochkapazit\u00e4t, Mesh-Coil, Nikotinsalz-Vape<\/strong><\/li>\n<li data-start=\"189\" data-end=\"285\" data-is-last-node=\"\"><strong data-start=\"192\" data-end=\"283\" data-is-only-node=\"\">RAZZ BAR 40000 Z\u00fcge Vape Dual-Aromen, 650mAh wiederaufladbare Batterie, schneller Deutschland-Versand<\/strong><\/li>\n<\/ul>\n<\/div>\n<\/div>\n<\/div>\n<\/div>\n<p>Bitte kontaktieren Sie Mandys WhatsApp f\u00fcr einen Rabattpreis<a href=\"https:\/\/wa.me\/8618077105796\">+8618077105796<\/a><\/p>\n<p><img decoding=\"async\" class=\"alignnone wp-image-2151\" src=\"http:\/\/vapebulkp.com\/wp-content\/uploads\/2024\/04\/Mandy-WhatsApp-Randm.jpg\" alt=\"Mandy WhatsApp Randm\" width=\"297\" height=\"316\" srcset=\"https:\/\/vapebulkp.com\/wp-content\/uploads\/2024\/04\/Mandy-WhatsApp-Randm.jpg 916w, https:\/\/vapebulkp.com\/wp-content\/uploads\/2024\/04\/Mandy-WhatsApp-Randm-282x300.jpg 282w, https:\/\/vapebulkp.com\/wp-content\/uploads\/2024\/04\/Mandy-WhatsApp-Randm-768x817.jpg 768w, https:\/\/vapebulkp.com\/wp-content\/uploads\/2024\/04\/Mandy-WhatsApp-Randm-600x638.jpg 600w\" sizes=\"(max-width: 297px) 100vw, 297px\" \/><\/p>\n<p><span style=\"color: #ff0000\">HINWEIS: Die Preise auf unserer Website enthalten keine Versandkosten<\/span><\/p>\n<p>&nbsp;<\/p>","protected":false},"featured_media":3525,"comment_status":"open","ping_status":"closed","template":"","meta":{"_uag_custom_page_level_css":"","_lmt_disableupdate":"no","_lmt_disable":"","site-sidebar-layout":"default","site-content-layout":"content-boxed-container","ast-site-content-layout":"normal-width-container","site-content-style":"boxed","site-sidebar-style":"unboxed","ast-global-header-display":"","ast-banner-title-visibility":"","ast-main-header-display":"","ast-hfb-above-header-display":"","ast-hfb-below-header-display":"","ast-hfb-mobile-header-display":"","site-post-title":"","ast-breadcrumbs-content":"","ast-featured-img":"","footer-sml-layout":"","theme-transparent-header-meta":"default","adv-header-id-meta":"","stick-header-meta":"","header-above-stick-meta":"","header-main-stick-meta":"","header-below-stick-meta":"","astra-migrate-meta-layouts":"set","_joinchat":[]},"product_cat":[182,153,155,33,59,100,87,34,158,157,154,358,152,58,84,156,63,32],"product_tag":[36,37,41,286,219,40],"class_list":["post-3526","product","type-product","status-publish","has-post-thumbnail","hentry","product_cat-40000-puffs-disposable-vape","product_cat-hot-disposable-vapes","product_cat-belgium-hot-disposable-vapes","product_cat-france-vape-hot-sale","product_cat-germany-hot-disposable-vape","product_cat-germany-wholesale-vape-shop","product_cat-minimum-order-quantity-50pcs","product_cat-netherlands-vape-good-sale","product_cat-norway-hot-disposable-vapes","product_cat-poland-hot-disposable-vapes","product_cat-portugal-hot-disposable-vapes","product_cat-razzbar-vape","product_cat-spain-hot-disposable-vapes","product_cat-sweden-hot-disposable-vape","product_cat-sweden-wholesale-vape","product_cat-switzerland-hot-disposable-vapes","product_cat-top-sale-disposable-vape","product_cat-vape-hot-sale-this-week","product_tag-good-vape","product_tag-hot-sale-disposable-vape","product_tag-poland-hot-vape","product_tag-puffs-stock-in-europe","product_tag-razz-bar-40000-puffs","product_tag-sweden-hot-vape","pa_brand-razzbar-vape","desktop-align-left","tablet-align-left","mobile-align-left"],"yoast_head":"<!-- This site is optimized with the Yoast SEO plugin v21.1 - https:\/\/yoast.com\/wordpress\/plugins\/seo\/ -->\n<title>RAZZ BAR 40000 Puffs Wholesale Vape Factory Price EU Warehouse Fast Shipping - vapebulkp.com<\/title>\n<meta name=\"description\" content=\"RAZZ BAR 40000 Puffs disposable vape, wholesale prices, EU warehouse, fast shipping, premium quality, long-lasting, 2% &amp; 5% nicotine options, trendy design.\" \/>\n<meta name=\"robots\" content=\"index, follow, max-snippet:-1, max-image-preview:large, max-video-preview:-1\" \/>\n<link rel=\"canonical\" href=\"https:\/\/vapebulkp.com\/de\/product\/razz-bar-40000-puffs-wholesale-vape-factory-price-eu-warehouse-fast-shipping\/\" \/>\n<meta property=\"og:locale\" content=\"de_DE\" \/>\n<meta property=\"og:type\" content=\"article\" \/>\n<meta property=\"og:title\" content=\"RAZZ BAR 40000 Puffs Wholesale Vape Factory Price EU Warehouse Fast Shipping - vapebulkp.com\" \/>\n<meta property=\"og:description\" content=\"RAZZ BAR 40000 Puffs disposable vape, wholesale prices, EU warehouse, fast shipping, premium quality, long-lasting, 2% &amp; 5% nicotine options, trendy design.\" \/>\n<meta property=\"og:url\" content=\"https:\/\/vapebulkp.com\/de\/product\/razz-bar-40000-puffs-wholesale-vape-factory-price-eu-warehouse-fast-shipping\/\" \/>\n<meta property=\"og:site_name\" content=\"vapebulkp.com\" \/>\n<meta property=\"article:modified_time\" content=\"2025-09-24T03:12:01+00:00\" \/>\n<meta property=\"og:image\" content=\"http:\/\/vapebulkp.com\/wp-content\/uploads\/2025\/03\/Wholesale-RAZZ-BAR-40000-Puffs-Factory-Price-High-Capacity-Nicotine-Salt-Vape-in-Europe.webp\" \/>\n\t<meta property=\"og:image:width\" content=\"800\" \/>\n\t<meta property=\"og:image:height\" content=\"800\" \/>\n\t<meta property=\"og:image:type\" content=\"image\/webp\" \/>\n<meta name=\"twitter:card\" content=\"summary_large_image\" \/>\n<meta name=\"twitter:label1\" content=\"Gesch\u00e4tzte Lesezeit\" \/>\n\t<meta name=\"twitter:data1\" content=\"3\u00a0Minuten\" \/>\n<script type=\"application\/ld+json\" class=\"yoast-schema-graph\">{\"@context\":\"https:\/\/schema.org\",\"@graph\":[{\"@type\":\"WebPage\",\"@id\":\"https:\/\/vapebulkp.com\/product\/razz-bar-40000-puffs-wholesale-vape-factory-price-eu-warehouse-fast-shipping\/\",\"url\":\"https:\/\/vapebulkp.com\/product\/razz-bar-40000-puffs-wholesale-vape-factory-price-eu-warehouse-fast-shipping\/\",\"name\":\"RAZZ BAR 40000 Puffs Wholesale Vape Factory Price EU Warehouse Fast Shipping - vapebulkp.com\",\"isPartOf\":{\"@id\":\"https:\/\/vapebulkp.com\/#website\"},\"datePublished\":\"2025-03-04T09:06:46+00:00\",\"dateModified\":\"2025-09-24T03:12:01+00:00\",\"description\":\"RAZZ BAR 40000 Puffs disposable vape, wholesale prices, EU warehouse, fast shipping, premium quality, long-lasting, 2% & 5% nicotine options, trendy design.\",\"breadcrumb\":{\"@id\":\"https:\/\/vapebulkp.com\/product\/razz-bar-40000-puffs-wholesale-vape-factory-price-eu-warehouse-fast-shipping\/#breadcrumb\"},\"inLanguage\":\"de\",\"potentialAction\":[{\"@type\":\"ReadAction\",\"target\":[\"https:\/\/vapebulkp.com\/product\/razz-bar-40000-puffs-wholesale-vape-factory-price-eu-warehouse-fast-shipping\/\"]}]},{\"@type\":\"BreadcrumbList\",\"@id\":\"https:\/\/vapebulkp.com\/product\/razz-bar-40000-puffs-wholesale-vape-factory-price-eu-warehouse-fast-shipping\/#breadcrumb\",\"itemListElement\":[{\"@type\":\"ListItem\",\"position\":1,\"name\":\"Home\",\"item\":\"https:\/\/vapebulkp.com\/\"},{\"@type\":\"ListItem\",\"position\":2,\"name\":\"Hot Trend Vapes\",\"item\":\"https:\/\/vapebulkp.com\/vape-shop\/\"},{\"@type\":\"ListItem\",\"position\":3,\"name\":\"RAZZ BAR 40000 Puffs Wholesale Vape Factory Price EU Warehouse Fast Shipping\"}]},{\"@type\":\"WebSite\",\"@id\":\"https:\/\/vapebulkp.com\/#website\",\"url\":\"https:\/\/vapebulkp.com\/\",\"name\":\"vapebulkp.com\",\"description\":\"Buy Vape In Cheap Bulk Price Near you\",\"publisher\":{\"@id\":\"https:\/\/vapebulkp.com\/#organization\"},\"potentialAction\":[{\"@type\":\"SearchAction\",\"target\":{\"@type\":\"EntryPoint\",\"urlTemplate\":\"https:\/\/vapebulkp.com\/?s={search_term_string}\"},\"query-input\":\"required name=search_term_string\"}],\"inLanguage\":\"de\"},{\"@type\":\"Organization\",\"@id\":\"https:\/\/vapebulkp.com\/#organization\",\"name\":\"vapebulkp.com\",\"url\":\"https:\/\/vapebulkp.com\/\",\"logo\":{\"@type\":\"ImageObject\",\"inLanguage\":\"de\",\"@id\":\"https:\/\/vapebulkp.com\/#\/schema\/logo\/image\/\",\"url\":\"https:\/\/vapebulkp.com\/wp-content\/uploads\/2023\/09\/cropped-vapebulkp.png\",\"contentUrl\":\"https:\/\/vapebulkp.com\/wp-content\/uploads\/2023\/09\/cropped-vapebulkp.png\",\"width\":516,\"height\":163,\"caption\":\"vapebulkp.com\"},\"image\":{\"@id\":\"https:\/\/vapebulkp.com\/#\/schema\/logo\/image\/\"}}]}<\/script>\n<!-- \/ Yoast SEO plugin. -->","yoast_head_json":{"title":"RAZZ BAR 40000 Puffs Wholesale Vape Factory Price EU Warehouse Fast Shipping - vapebulkp.com","description":"RAZZ BAR 40000 Puffs disposable vape, wholesale prices, EU warehouse, fast shipping, premium quality, long-lasting, 2% & 5% nicotine options, trendy design.","robots":{"index":"index","follow":"follow","max-snippet":"max-snippet:-1","max-image-preview":"max-image-preview:large","max-video-preview":"max-video-preview:-1"},"canonical":"https:\/\/vapebulkp.com\/de\/product\/razz-bar-40000-puffs-wholesale-vape-factory-price-eu-warehouse-fast-shipping\/","og_locale":"de_DE","og_type":"article","og_title":"RAZZ BAR 40000 Puffs Wholesale Vape Factory Price EU Warehouse Fast Shipping - vapebulkp.com","og_description":"RAZZ BAR 40000 Puffs disposable vape, wholesale prices, EU warehouse, fast shipping, premium quality, long-lasting, 2% & 5% nicotine options, trendy design.","og_url":"https:\/\/vapebulkp.com\/de\/product\/razz-bar-40000-puffs-wholesale-vape-factory-price-eu-warehouse-fast-shipping\/","og_site_name":"vapebulkp.com","article_modified_time":"2025-09-24T03:12:01+00:00","og_image":[{"width":800,"height":800,"url":"http:\/\/vapebulkp.com\/wp-content\/uploads\/2025\/03\/Wholesale-RAZZ-BAR-40000-Puffs-Factory-Price-High-Capacity-Nicotine-Salt-Vape-in-Europe.webp","type":"image\/webp"}],"twitter_card":"summary_large_image","twitter_misc":{"Gesch\u00e4tzte Lesezeit":"3\u00a0Minuten"},"schema":{"@context":"https:\/\/schema.org","@graph":[{"@type":"WebPage","@id":"https:\/\/vapebulkp.com\/product\/razz-bar-40000-puffs-wholesale-vape-factory-price-eu-warehouse-fast-shipping\/","url":"https:\/\/vapebulkp.com\/product\/razz-bar-40000-puffs-wholesale-vape-factory-price-eu-warehouse-fast-shipping\/","name":"RAZZ BAR 40000 Puffs Wholesale Vape Factory Price EU Warehouse Fast Shipping - vapebulkp.com","isPartOf":{"@id":"https:\/\/vapebulkp.com\/#website"},"datePublished":"2025-03-04T09:06:46+00:00","dateModified":"2025-09-24T03:12:01+00:00","description":"RAZZ BAR 40000 Puffs disposable vape, wholesale prices, EU warehouse, fast shipping, premium quality, long-lasting, 2% & 5% nicotine options, trendy design.","breadcrumb":{"@id":"https:\/\/vapebulkp.com\/product\/razz-bar-40000-puffs-wholesale-vape-factory-price-eu-warehouse-fast-shipping\/#breadcrumb"},"inLanguage":"de","potentialAction":[{"@type":"ReadAction","target":["https:\/\/vapebulkp.com\/product\/razz-bar-40000-puffs-wholesale-vape-factory-price-eu-warehouse-fast-shipping\/"]}]},{"@type":"BreadcrumbList","@id":"https:\/\/vapebulkp.com\/product\/razz-bar-40000-puffs-wholesale-vape-factory-price-eu-warehouse-fast-shipping\/#breadcrumb","itemListElement":[{"@type":"ListItem","position":1,"name":"Home","item":"https:\/\/vapebulkp.com\/"},{"@type":"ListItem","position":2,"name":"Hot Trend Vapes","item":"https:\/\/vapebulkp.com\/vape-shop\/"},{"@type":"ListItem","position":3,"name":"RAZZ BAR 40000 Puffs Wholesale Vape Factory Price EU Warehouse Fast Shipping"}]},{"@type":"WebSite","@id":"https:\/\/vapebulkp.com\/#website","url":"https:\/\/vapebulkp.com\/","name":"vapebulkp.com","description":"Buy Vape In Cheap Bulk Price Near you","publisher":{"@id":"https:\/\/vapebulkp.com\/#organization"},"potentialAction":[{"@type":"SearchAction","target":{"@type":"EntryPoint","urlTemplate":"https:\/\/vapebulkp.com\/?s={search_term_string}"},"query-input":"required name=search_term_string"}],"inLanguage":"de"},{"@type":"Organization","@id":"https:\/\/vapebulkp.com\/#organization","name":"vapebulkp.com","url":"https:\/\/vapebulkp.com\/","logo":{"@type":"ImageObject","inLanguage":"de","@id":"https:\/\/vapebulkp.com\/#\/schema\/logo\/image\/","url":"https:\/\/vapebulkp.com\/wp-content\/uploads\/2023\/09\/cropped-vapebulkp.png","contentUrl":"https:\/\/vapebulkp.com\/wp-content\/uploads\/2023\/09\/cropped-vapebulkp.png","width":516,"height":163,"caption":"vapebulkp.com"},"image":{"@id":"https:\/\/vapebulkp.com\/#\/schema\/logo\/image\/"}}]}},"uagb_featured_image_src":{"full":["https:\/\/vapebulkp.com\/wp-content\/uploads\/2025\/03\/Wholesale-RAZZ-BAR-40000-Puffs-Factory-Price-High-Capacity-Nicotine-Salt-Vape-in-Europe.webp",800,800,false],"thumbnail":["https:\/\/vapebulkp.com\/wp-content\/uploads\/2025\/03\/Wholesale-RAZZ-BAR-40000-Puffs-Factory-Price-High-Capacity-Nicotine-Salt-Vape-in-Europe-150x150.webp",150,150,true],"medium":["https:\/\/vapebulkp.com\/wp-content\/uploads\/2025\/03\/Wholesale-RAZZ-BAR-40000-Puffs-Factory-Price-High-Capacity-Nicotine-Salt-Vape-in-Europe-300x300.webp",300,300,true],"medium_large":["https:\/\/vapebulkp.com\/wp-content\/uploads\/2025\/03\/Wholesale-RAZZ-BAR-40000-Puffs-Factory-Price-High-Capacity-Nicotine-Salt-Vape-in-Europe-768x768.webp",768,768,true],"large":["https:\/\/vapebulkp.com\/wp-content\/uploads\/2025\/03\/Wholesale-RAZZ-BAR-40000-Puffs-Factory-Price-High-Capacity-Nicotine-Salt-Vape-in-Europe.webp",800,800,false],"1536x1536":["https:\/\/vapebulkp.com\/wp-content\/uploads\/2025\/03\/Wholesale-RAZZ-BAR-40000-Puffs-Factory-Price-High-Capacity-Nicotine-Salt-Vape-in-Europe.webp",800,800,false],"2048x2048":["https:\/\/vapebulkp.com\/wp-content\/uploads\/2025\/03\/Wholesale-RAZZ-BAR-40000-Puffs-Factory-Price-High-Capacity-Nicotine-Salt-Vape-in-Europe.webp",800,800,false],"trp-custom-language-flag":["https:\/\/vapebulkp.com\/wp-content\/uploads\/2025\/03\/Wholesale-RAZZ-BAR-40000-Puffs-Factory-Price-High-Capacity-Nicotine-Salt-Vape-in-Europe.webp",12,12,false],"woocommerce_thumbnail":["https:\/\/vapebulkp.com\/wp-content\/uploads\/2025\/03\/Wholesale-RAZZ-BAR-40000-Puffs-Factory-Price-High-Capacity-Nicotine-Salt-Vape-in-Europe-300x300.webp",300,300,true],"woocommerce_single":["https:\/\/vapebulkp.com\/wp-content\/uploads\/2025\/03\/Wholesale-RAZZ-BAR-40000-Puffs-Factory-Price-High-Capacity-Nicotine-Salt-Vape-in-Europe-600x600.webp",600,600,true],"woocommerce_gallery_thumbnail":["https:\/\/vapebulkp.com\/wp-content\/uploads\/2025\/03\/Wholesale-RAZZ-BAR-40000-Puffs-Factory-Price-High-Capacity-Nicotine-Salt-Vape-in-Europe-100x100.webp",100,100,true],"wcpr-photo-reviews":["https:\/\/vapebulkp.com\/wp-content\/uploads\/2025\/03\/Wholesale-RAZZ-BAR-40000-Puffs-Factory-Price-High-Capacity-Nicotine-Salt-Vape-in-Europe.webp",500,500,false]},"uagb_author_info":{"display_name":"Mandy vape bulk price","author_link":"https:\/\/vapebulkp.com\/de\/author\/"},"uagb_comment_info":0,"uagb_excerpt":"RAZZ BAR 40k Puffs Disposable Vape\u00a0 Dual Flavors, Rechargeable &amp; Long-lasting Performance RAZZ BAR 40000 Puff Wholesale\u00a0 High-Capacity, Mesh Coil, Nicotine Salt Vape RAZZ BAR 40000 Puffs Vape\u00a0 Dual Flavors, 650mAh Rechargeable Battery, Fast EU Shipping Pls Contact Mandy's WhatsApp For Discount Price+8618077105796 NOTE: Prices on our website does not include shipping costs &nbsp;","_links":{"self":[{"href":"https:\/\/vapebulkp.com\/de\/wp-json\/wp\/v2\/product\/3526","targetHints":{"allow":["GET"]}}],"collection":[{"href":"https:\/\/vapebulkp.com\/de\/wp-json\/wp\/v2\/product"}],"about":[{"href":"https:\/\/vapebulkp.com\/de\/wp-json\/wp\/v2\/types\/product"}],"replies":[{"embeddable":true,"href":"https:\/\/vapebulkp.com\/de\/wp-json\/wp\/v2\/comments?post=3526"}],"wp:featuredmedia":[{"embeddable":true,"href":"https:\/\/vapebulkp.com\/de\/wp-json\/wp\/v2\/media\/3525"}],"wp:attachment":[{"href":"https:\/\/vapebulkp.com\/de\/wp-json\/wp\/v2\/media?parent=3526"}],"wp:term":[{"taxonomy":"product_cat","embeddable":true,"href":"https:\/\/vapebulkp.com\/de\/wp-json\/wp\/v2\/product_cat?post=3526"},{"taxonomy":"product_tag","embeddable":true,"href":"https:\/\/vapebulkp.com\/de\/wp-json\/wp\/v2\/product_tag?post=3526"}],"curies":[{"name":"wp","href":"https:\/\/api.w.org\/{rel}","templated":true}]}}