{"id":3598,"date":"2025-03-21T10:02:17","date_gmt":"2025-03-21T09:02:17","guid":{"rendered":"https:\/\/vapebulkp.com\/?post_type=product&#038;p=3598"},"modified":"2025-09-24T05:12:40","modified_gmt":"2025-09-24T03:12:40","slug":"vozol-gear-shisha-25000-puffs-dual-mode-disposable-vape-5mg-nicotine","status":"publish","type":"product","link":"https:\/\/vapebulkp.com\/de\/product\/vozol-gear-shisha-25000-puffs-dual-mode-disposable-vape-5mg-nicotine\/","title":{"rendered":"VOZOL Gear Shisha 25000 Z\u00fcge Dual-Modus Einweg-Vape 5MG Nikotin"},"content":{"rendered":"<h2>VOZOL Gear Shisha 25000 Z\u00fcge Dual-Modus Einweg-Vape 5MG Nikotin<\/h2>\n<p>Der VOZOL Gear Shisha 25000 Puffs Einweg-Vape ist ein Premium-Vape-Ger\u00e4t mit hoher Kapazit\u00e4t f\u00fcr den deutschen Markt, das 25.000 sanfte Z\u00fcge liefert. Ideal f\u00fcr den pers\u00f6nlichen Gebrauch oder den Shisha-Vape-Gro\u00dfhandel, kombiniert er Stil, Leistung und Komfort.<\/p>\n<p>Mit einer Dual-Mesh-Spule erzeugt er dichte Wolken und gleichbleibenden Geschmack. Dual-Modi und einstellbarer Luftstrom erm\u00f6glichen es den Benutzern, zwischen engen oder luftigen Z\u00fcgen zu wechseln. Vorgef\u00fcllt mit 5MG Nikotinsalz, liefert er einen befriedigenden Kehlkopfschlag. Angetrieben von einem 1000mAh-Akku mit USB-C, sorgt dieser wiederaufladbare Einweg-Vape f\u00fcr langanhaltende Sitzungen mit schnellen Wiederaufladungen. Ein 2,1-Zoll-Farbbildschirm zeigt die Anzahl der Z\u00fcge, die Akkulaufzeit und die Luftstromeinstellungen f\u00fcr eine vollst\u00e4ndige Kontrolle.<\/p>\n<p>Kompakt, schlank und langlebig, der VOZOL Gear Shisha <a href=\"https:\/\/vapebulkp.com\/de\/product-category\/25000-puffs-disposable-vape\/\">25.000 Z\u00fcge Einweg-Vape<\/a> ist perfekt f\u00fcr deutsche Vaper, die erstklassige Leistung und Innovation suchen.<\/p>\n<h6>Bitte kontaktieren Sie Mandys WhatsApp f\u00fcr einen Rabattpreis<a href=\"https:\/\/wa.me\/8618077105796\">+8618077105796<\/a><\/h6>\n<p>&nbsp;<\/p>\n<p><img decoding=\"async\" class=\"alignnone wp-image-2151\" src=\"http:\/\/vapebulkp.com\/wp-content\/uploads\/2024\/04\/Mandy-WhatsApp-Randm.jpg\" alt=\"Mandy WhatsApp Randm\" width=\"324\" height=\"330\" \/><\/p>\n<h2>VOZOL Gear Shisha 25k Puffs Spezifikationen<\/h2>\n<ul>\n<li class=\"\" data-start=\"176\" data-end=\"202\">\n<p class=\"\" data-start=\"178\" data-end=\"202\"><strong data-start=\"178\" data-end=\"193\">Zugzahl:<\/strong> 25,000<\/p>\n<\/li>\n<li class=\"\" data-start=\"203\" data-end=\"268\">\n<p class=\"\" data-start=\"205\" data-end=\"268\"><strong data-start=\"205\" data-end=\"220\">Vape-Modi:<\/strong> Dual-Vape-Modi f\u00fcr ein anpassbares Erlebnis<\/p>\n<\/li>\n<li class=\"\" data-start=\"269\" data-end=\"347\">\n<p class=\"\" data-start=\"271\" data-end=\"347\"><strong data-start=\"271\" data-end=\"293\">Audio-Interaktion:<\/strong> Sound-responsives Vaping f\u00fcr ein immersives Erlebnis<\/p>\n<\/li>\n<li class=\"\" data-start=\"348\" data-end=\"429\">\n<p class=\"\" data-start=\"350\" data-end=\"429\"><strong data-start=\"350\" data-end=\"370\">Coil-Technologie:<\/strong> Dual-Mesh-Spulen f\u00fcr verbesserten Geschmack und Dampfproduktion<\/p>\n<\/li>\n<li class=\"\" data-start=\"430\" data-end=\"485\">\n<p class=\"\" data-start=\"432\" data-end=\"485\"><strong data-start=\"432\" data-end=\"453\">Batteriekapazit\u00e4t:<\/strong> 1.000mAh wiederaufladbarer Akku<\/p>\n<\/li>\n<li class=\"\" data-start=\"486\" data-end=\"523\">\n<p class=\"\" data-start=\"488\" data-end=\"523\"><strong data-start=\"488\" data-end=\"501\">Aufladen:<\/strong> USB-C Schnellladung<\/p>\n<\/li>\n<li class=\"\" data-start=\"524\" data-end=\"588\">\n<p class=\"\" data-start=\"526\" data-end=\"588\"><strong data-start=\"526\" data-end=\"538\">Anzeige:<\/strong> 2,1-Zoll-Farbbildschirm f\u00fcr Echtzeit-Vaping-Daten<\/p>\n<\/li>\n<li class=\"\" data-start=\"589\" data-end=\"648\">\n<p class=\"\" data-start=\"591\" data-end=\"648\"><strong data-start=\"591\" data-end=\"603\">Luftstrom:<\/strong> Einstellbarer Luftstrom f\u00fcr einen personalisierten Zug<\/p>\n<\/li>\n<\/ul>\n<h2>Hei\u00dfer Verkauf VOZOL Vape Gear Shisha 25000 Puff Geschmack<\/h2>\n<p>1.zwei \u00c4pfel<br \/>\n2.Wassermelone Eis<br \/>\n3. Mango Pfirsich<br \/>\n4. Heidelbeere Eis<br \/>\n5. Blaue Himbeereis<br \/>\n6. Traubeneis<br \/>\n7. Erdbeere Kiwi<br \/>\n8. Heidelbeere Wassermelone<br \/>\n9. Kirsch-Cola<br \/>\n10. Liebe 777<br \/>\n11. Kirscheis<br \/>\n12. Pfirsicheis<br \/>\n13. Beereneis<br \/>\n14. S\u00fc\u00dfe Passionsfrucht<br \/>\n15. Gefrorene Erdbeere Kiwi<br \/>\n16. Drachenfrucht Banane Kirsche<\/p>\n<p><a href=\"https:\/\/vapebulkp.com\/de\/product\/jnr-vape-mega-box-25000-puff-discount-price-vape-pods\/\"><span style=\"vertical-align: inherit\">JNR VAPE Mega Box 25000 Z\u00fcge <\/span><\/a><\/p>\n<p><span style=\"vertical-align: inherit\">Finden Sie weitere Produkte, die Ihnen gefallen k\u00f6nnten:<\/span><em><a href=\"https:\/\/wa.me\/8618077105796\"><span style=\"vertical-align: inherit\">\u00a0Jetzt kaufen<\/span><\/a><\/em><\/p>\n<p><span style=\"vertical-align: inherit\">Andere Puffs, die Ihnen gefallen k\u00f6nnten:<\/span><a href=\"https:\/\/vapebulkp.com\/de\/product\/waspe-vape-40000-puff-fihp-double-flavour-disposable-vape\/\"><span style=\"vertical-align: inherit\">WASPE FIHP 40000 Z\u00fcge<\/span><\/a><span style=\"vertical-align: inherit\">\u3001<\/span><span style=\"vertical-align: inherit\">\u00a0<\/span><a href=\"https:\/\/vapebulkp.com\/de\/fi\/product\/bang-30k-puffs-new-double-taste-good-vape\/\"><span style=\"vertical-align: inherit\">Bang Vape 30000 Z\u00fcge<\/span><\/a><span style=\"vertical-align: inherit\">\/ <\/span><a href=\"https:\/\/vapebulkp.com\/de\/fi\/product\/best-price-wga-crystal-pro-max-15k-puffs-original-vape\/\"><span style=\"vertical-align: inherit\">\u00a0WGA Crystal pro max 15k Z\u00fcge\u00a0<\/span><\/a><\/p>\n<h3>Warum Vozol Gear Shisha 25000 Einweg-Vapes von Vapebulkp kaufen?<\/h3>\n<h4 class=\"\" data-start=\"69\" data-end=\"99\"><strong data-start=\"74\" data-end=\"97\">Produktvorteile:<\/strong><\/h4>\n<ul>\n<li data-start=\"100\" data-end=\"712\"><strong data-start=\"102\" data-end=\"126\">Massive 25.000 Z\u00fcge<\/strong> \u2013 Garantiert langanhaltenden Gebrauch, perfekt f\u00fcr ausgedehnte Dampfsitzungen.<\/li>\n<li data-start=\"100\" data-end=\"712\"><strong data-start=\"197\" data-end=\"216\">Zwei Dampfmodi<\/strong> \u2013 Anpassbare Einstellungen f\u00fcr ein pers\u00f6nliches Erlebnis.<\/li>\n<li data-start=\"100\" data-end=\"712\"><strong data-start=\"276\" data-end=\"308\">Audio-Interaktive-Technologie<\/strong> \u2013 Verbessert das Dampferlebnis mit auf den Klang reagierenden Funktionen.<\/li>\n<li data-start=\"100\" data-end=\"712\"><strong data-start=\"378\" data-end=\"397\">Dual-Mesh-Coils<\/strong> \u2013 Liefert \u00fcberragenden Geschmack und eine sanftere Dampfproduktion.<\/li>\n<li data-start=\"100\" data-end=\"712\"><strong data-start=\"460\" data-end=\"492\">1000mAh wiederaufladbarer Akku<\/strong> \u2013 Gew\u00e4hrleistet konsistente Leistung mit USB-C-Schnellladung.<\/li>\n<li data-start=\"100\" data-end=\"712\"><strong data-start=\"556\" data-end=\"582\">2,1-Zoll-Farbdisplay<\/strong> \u2013 Bietet Echtzeit-Dampfdaten f\u00fcr mehr Komfort.<\/li>\n<li data-start=\"100\" data-end=\"712\"><strong data-start=\"637\" data-end=\"659\">Einstellbarer Luftstrom<\/strong> \u2013 Erm\u00f6glicht Benutzern, ihre Zugeinstellungen zu optimieren.<\/li>\n<\/ul>\n<h4 class=\"\" data-start=\"714\" data-end=\"746\"><strong data-start=\"719\" data-end=\"744\">Warum Vapebulkp w\u00e4hlen?<\/strong><\/h4>\n<p class=\"\" data-start=\"747\" data-end=\"1242\">\ud83c\udf0d <strong data-start=\"750\" data-end=\"782\">Zuverl\u00e4ssiger Lieferant f\u00fcr Europa<\/strong> \u2013 Schneller Versand und direkte Verf\u00fcgbarkeit f\u00fcr europ\u00e4ische Kunden.<br data-start=\"846\" data-end=\"849\" \/>\ud83d\udce6 <strong data-start=\"852\" data-end=\"879\">Mengenrabatte beim Kauf<\/strong> \u2013 Wettbewerbsf\u00e4hige Gro\u00dfhandelspreise f\u00fcr Unternehmen und Einzelh\u00e4ndler.<br data-start=\"941\" data-end=\"944\" \/>\u2705 <strong data-start=\"946\" data-end=\"968\">Authentische Produkte<\/strong> \u2013 100% echte VOZOL Gear Shisha 25000 Puffs, die h\u00f6chste Qualit\u00e4t garantieren.<br data-start=\"1036\" data-end=\"1039\" \/>\ud83d\ude80 <strong data-start=\"1042\" data-end=\"1068\">Schnelle<\/strong> \u2013 Schnelle Bearbeitung und Lieferung mit zuverl\u00e4ssiger Logistik.<br data-start=\"1125\" data-end=\"1128\" \/>\ud83d\udcac <strong data-start=\"1131\" data-end=\"1161\">Exzellenter Kundenservice<\/strong> \u2013 Engagierte Unterst\u00fctzung bei Bestellungen, Produktanfragen und Kundendienst.<\/p>\n<p class=\"\" data-start=\"1244\" data-end=\"1396\">Der Kauf bei <strong data-start=\"1260\" data-end=\"1273\">Vapebulkp<\/strong> garantiert ein erstklassiges Dampferlebnis mit einem vertrauensw\u00fcrdigen Lieferanten und macht ihn zur besten Wahl f\u00fcr Gro\u00df- und Einzelhandelsk\u00e4ufer.<\/p>\n<h3><strong>FAQs zu VOZOL Gear Shisha 25000 Puffs <\/strong><\/h3>\n<h4 class=\"\" data-start=\"52\" data-end=\"119\"><strong data-start=\"57\" data-end=\"117\">1. Wie lange h\u00e4lt die VOZOL Gear Shisha 25000 Puffs?<\/strong><\/h4>\n<p class=\"\" data-start=\"120\" data-end=\"271\">Das Ger\u00e4t bietet <strong data-start=\"138\" data-end=\"154\">25.000 Z\u00fcge<\/strong>, was es zu einem der am l\u00e4ngsten haltbaren Einweg-Vapes macht. Die tats\u00e4chliche Nutzungsdauer h\u00e4ngt von den individuellen Dampfgewohnheiten ab.<\/p>\n<h4 class=\"\" data-start=\"273\" data-end=\"344\"><strong data-start=\"278\" data-end=\"342\">2. Hat die VOZOL Gear Shisha Vapes 25000 Puff eine einstellbare Luftzirkulation?<\/strong><\/h4>\n<p class=\"\" data-start=\"345\" data-end=\"468\">Ja, sie verf\u00fcgt \u00fcber eine <strong data-start=\"365\" data-end=\"394\">einstellbares Luftstromsystem<\/strong>, die es Benutzern erm\u00f6glicht, ihren Zug f\u00fcr einen engeren oder luftigeren Inhalationszug anzupassen.<\/p>\n<h4 class=\"\" data-start=\"470\" data-end=\"530\"><strong data-start=\"475\" data-end=\"528\">3. Was macht die VOZOL Shisha 25k Puff einzigartig?<\/strong><\/h4>\n<p class=\"\" data-start=\"531\" data-end=\"559\">Diese Vape zeichnet sich aus durch:<\/p>\n<ul data-start=\"560\" data-end=\"788\">\n<li class=\"\" data-start=\"560\" data-end=\"612\">\n<p class=\"\" data-start=\"562\" data-end=\"612\"><strong data-start=\"562\" data-end=\"581\">Duale Vape-Modi<\/strong> f\u00fcr anpassbare Leistung<\/p>\n<\/li>\n<li class=\"\" data-start=\"613\" data-end=\"670\">\n<p class=\"\" data-start=\"615\" data-end=\"670\"><strong data-start=\"615\" data-end=\"647\">Audio-interaktive Technologie<\/strong> die auf Ger\u00e4usche reagiert<\/p>\n<\/li>\n<li class=\"\" data-start=\"671\" data-end=\"727\">\n<p class=\"\" data-start=\"673\" data-end=\"727\"><strong data-start=\"673\" data-end=\"699\">2,1-Zoll-Farbdisplay<\/strong> f\u00fcr Echtzeit-Vaping-Daten<\/p>\n<\/li>\n<li class=\"\" data-start=\"728\" data-end=\"788\">\n<p class=\"\" data-start=\"730\" data-end=\"788\"><strong data-start=\"730\" data-end=\"749\">Duale Mesh-Coils<\/strong> f\u00fcr reichhaltigeren Geschmack und sanfteren Dampf<\/p>\n<\/li>\n<\/ul>\n<h3>Versanddetails:<\/h3>\n<p><span style=\"color: #ff6600\">Produktionszeit: 5-10 Werktage<\/span><br \/>\n<span style=\"color: #ff6600\">Versandzeit: 8-14 Werktage<\/span><\/p>\n<p>Alle Produkte in unserem Shop sind 100% original und authentisch. Daher ist eine zehnfache Entsch\u00e4digung f\u00fcr gef\u00e4lschte Waren unsere Gesch\u00e4ftsrichtlinie. Wir verwenden Logistikkan\u00e4le wie UPS\/DHL\/FEDEX\/DPD, um Waren an Sie zu liefern.<\/p>\n<p>F\u00fcr Pakete, die nach Deutschland versandt werden, dauert die Ankunft in der Regel 10 Werktage. Der Versand in europ\u00e4ische L\u00e4nder dauert in der Regel 12 bis 15 Werktage. Wir werden die Logistikinformationen in Echtzeit f\u00fcr Sie aktualisieren.<\/p>","protected":false},"excerpt":{"rendered":"<p>VOZOL Gear Shisha 25000 Puffs, Dual-Modus, 5MG Nikotin, Einweg-Vape, wiederaufladbar, Mesh-Spule, 20ML E-Liquid, sanfter Geschmack, langlebig, hohe Leistung, Typ-C-Laden, Premium-Design, Gro\u00dfhandel, bester Preis, deutscher Markt, Vape-Gro\u00dfhandel, Online-Shop.<\/p>\n<p>Bitte kontaktieren Sie Mandys WhatsApp f\u00fcr einen Rabattpreis<a href=\"https:\/\/wa.me\/8618077105796\">+8618077105796<\/a><\/p>\n<p>&nbsp;<\/p>\n<p><img decoding=\"async\" class=\"alignnone wp-image-2151\" src=\"http:\/\/vapebulkp.com\/wp-content\/uploads\/2024\/04\/Mandy-WhatsApp-Randm.jpg\" alt=\"Mandy WhatsApp Randm\" width=\"297\" height=\"316\" srcset=\"https:\/\/vapebulkp.com\/wp-content\/uploads\/2024\/04\/Mandy-WhatsApp-Randm.jpg 916w, https:\/\/vapebulkp.com\/wp-content\/uploads\/2024\/04\/Mandy-WhatsApp-Randm-282x300.jpg 282w, https:\/\/vapebulkp.com\/wp-content\/uploads\/2024\/04\/Mandy-WhatsApp-Randm-768x817.jpg 768w, https:\/\/vapebulkp.com\/wp-content\/uploads\/2024\/04\/Mandy-WhatsApp-Randm-600x638.jpg 600w\" sizes=\"(max-width: 297px) 100vw, 297px\" \/><\/p>\n<p><span style=\"color: #ff0000\">HINWEIS: Die Preise auf unserer Website enthalten keine Versandkosten<\/span><\/p>\n<p>&nbsp;<\/p>","protected":false},"featured_media":3586,"comment_status":"open","ping_status":"closed","template":"","meta":{"_uag_custom_page_level_css":"","_lmt_disableupdate":"no","_lmt_disable":"","site-sidebar-layout":"default","site-content-layout":"content-boxed-container","ast-site-content-layout":"normal-width-container","site-content-style":"boxed","site-sidebar-style":"unboxed","ast-global-header-display":"","ast-banner-title-visibility":"","ast-main-header-display":"","ast-hfb-above-header-display":"","ast-hfb-below-header-display":"","ast-hfb-mobile-header-display":"","site-post-title":"","ast-breadcrumbs-content":"","ast-featured-img":"","footer-sml-layout":"","theme-transparent-header-meta":"default","adv-header-id-meta":"","stick-header-meta":"","header-above-stick-meta":"","header-main-stick-meta":"","header-below-stick-meta":"","astra-migrate-meta-layouts":"set","_joinchat":[]},"product_cat":[161,153,155,33,59,100,87,34,158,157,154,152,58,84,156,63,32,364],"product_tag":[36,37,41,286,40,229],"class_list":["post-3598","product","type-product","status-publish","has-post-thumbnail","hentry","product_cat-25000-puffs-disposable-vape","product_cat-hot-disposable-vapes","product_cat-belgium-hot-disposable-vapes","product_cat-france-vape-hot-sale","product_cat-germany-hot-disposable-vape","product_cat-germany-wholesale-vape-shop","product_cat-minimum-order-quantity-50pcs","product_cat-netherlands-vape-good-sale","product_cat-norway-hot-disposable-vapes","product_cat-poland-hot-disposable-vapes","product_cat-portugal-hot-disposable-vapes","product_cat-spain-hot-disposable-vapes","product_cat-sweden-hot-disposable-vape","product_cat-sweden-wholesale-vape","product_cat-switzerland-hot-disposable-vapes","product_cat-top-sale-disposable-vape","product_cat-vape-hot-sale-this-week","product_cat-vozol-vape","product_tag-good-vape","product_tag-hot-sale-disposable-vape","product_tag-poland-hot-vape","product_tag-puffs-stock-in-europe","product_tag-sweden-hot-vape","product_tag-vozol-gear-shisha-25000-puffs","desktop-align-left","tablet-align-left","mobile-align-left"],"yoast_head":"<!-- This site is optimized with the Yoast SEO plugin v21.1 - https:\/\/yoast.com\/wordpress\/plugins\/seo\/ -->\n<title>VOZOL Gear Shisha 25000 Puffs Dual Mode Disposable Vape 5MG Nicotine - vapebulkp.com<\/title>\n<meta name=\"description\" content=\"VOZOL Gear Shisha 25000 Puffs, Dual Mode, 5MG Nicotine, Disposable Vape, Rechargeable, Type-C, Long-Lasting, High-Capacity, Wholesale, Premium Design,\" \/>\n<meta name=\"robots\" content=\"index, follow, max-snippet:-1, max-image-preview:large, max-video-preview:-1\" \/>\n<link rel=\"canonical\" href=\"https:\/\/vapebulkp.com\/de\/product\/vozol-gear-shisha-25000-puffs-dual-mode-disposable-vape-5mg-nicotine\/\" \/>\n<meta property=\"og:locale\" content=\"de_DE\" \/>\n<meta property=\"og:type\" content=\"article\" \/>\n<meta property=\"og:title\" content=\"VOZOL Gear Shisha 25000 Puffs Dual Mode Disposable Vape 5MG Nicotine - vapebulkp.com\" \/>\n<meta property=\"og:description\" content=\"VOZOL Gear Shisha 25000 Puffs, Dual Mode, 5MG Nicotine, Disposable Vape, Rechargeable, Type-C, Long-Lasting, High-Capacity, Wholesale, Premium Design,\" \/>\n<meta property=\"og:url\" content=\"https:\/\/vapebulkp.com\/de\/product\/vozol-gear-shisha-25000-puffs-dual-mode-disposable-vape-5mg-nicotine\/\" \/>\n<meta property=\"og:site_name\" content=\"vapebulkp.com\" \/>\n<meta property=\"article:modified_time\" content=\"2025-09-24T03:12:40+00:00\" \/>\n<meta property=\"og:image\" content=\"http:\/\/vapebulkp.com\/wp-content\/uploads\/2025\/03\/Vozol-Gear-Shisha-25000-Puffs-High-Puff-Disposable-Vape.webp\" \/>\n\t<meta property=\"og:image:width\" content=\"800\" \/>\n\t<meta property=\"og:image:height\" content=\"800\" \/>\n\t<meta property=\"og:image:type\" content=\"image\/webp\" \/>\n<meta name=\"twitter:card\" content=\"summary_large_image\" \/>\n<meta name=\"twitter:label1\" content=\"Gesch\u00e4tzte Lesezeit\" \/>\n\t<meta name=\"twitter:data1\" content=\"4\u00a0Minuten\" \/>\n<script type=\"application\/ld+json\" class=\"yoast-schema-graph\">{\"@context\":\"https:\/\/schema.org\",\"@graph\":[{\"@type\":\"WebPage\",\"@id\":\"https:\/\/vapebulkp.com\/product\/vozol-gear-shisha-25000-puffs-dual-mode-disposable-vape-5mg-nicotine\/\",\"url\":\"https:\/\/vapebulkp.com\/product\/vozol-gear-shisha-25000-puffs-dual-mode-disposable-vape-5mg-nicotine\/\",\"name\":\"VOZOL Gear Shisha 25000 Puffs Dual Mode Disposable Vape 5MG Nicotine - vapebulkp.com\",\"isPartOf\":{\"@id\":\"https:\/\/vapebulkp.com\/#website\"},\"datePublished\":\"2025-03-21T09:02:17+00:00\",\"dateModified\":\"2025-09-24T03:12:40+00:00\",\"description\":\"VOZOL Gear Shisha 25000 Puffs, Dual Mode, 5MG Nicotine, Disposable Vape, Rechargeable, Type-C, Long-Lasting, High-Capacity, Wholesale, Premium Design,\",\"breadcrumb\":{\"@id\":\"https:\/\/vapebulkp.com\/product\/vozol-gear-shisha-25000-puffs-dual-mode-disposable-vape-5mg-nicotine\/#breadcrumb\"},\"inLanguage\":\"de\",\"potentialAction\":[{\"@type\":\"ReadAction\",\"target\":[\"https:\/\/vapebulkp.com\/product\/vozol-gear-shisha-25000-puffs-dual-mode-disposable-vape-5mg-nicotine\/\"]}]},{\"@type\":\"BreadcrumbList\",\"@id\":\"https:\/\/vapebulkp.com\/product\/vozol-gear-shisha-25000-puffs-dual-mode-disposable-vape-5mg-nicotine\/#breadcrumb\",\"itemListElement\":[{\"@type\":\"ListItem\",\"position\":1,\"name\":\"Home\",\"item\":\"https:\/\/vapebulkp.com\/\"},{\"@type\":\"ListItem\",\"position\":2,\"name\":\"Hot Trend Vapes\",\"item\":\"https:\/\/vapebulkp.com\/vape-shop\/\"},{\"@type\":\"ListItem\",\"position\":3,\"name\":\"VOZOL Gear Shisha 25000 Puffs Dual Mode Disposable Vape 5MG Nicotine\"}]},{\"@type\":\"WebSite\",\"@id\":\"https:\/\/vapebulkp.com\/#website\",\"url\":\"https:\/\/vapebulkp.com\/\",\"name\":\"vapebulkp.com\",\"description\":\"Buy Vape In Cheap Bulk Price Near you\",\"publisher\":{\"@id\":\"https:\/\/vapebulkp.com\/#organization\"},\"potentialAction\":[{\"@type\":\"SearchAction\",\"target\":{\"@type\":\"EntryPoint\",\"urlTemplate\":\"https:\/\/vapebulkp.com\/?s={search_term_string}\"},\"query-input\":\"required name=search_term_string\"}],\"inLanguage\":\"de\"},{\"@type\":\"Organization\",\"@id\":\"https:\/\/vapebulkp.com\/#organization\",\"name\":\"vapebulkp.com\",\"url\":\"https:\/\/vapebulkp.com\/\",\"logo\":{\"@type\":\"ImageObject\",\"inLanguage\":\"de\",\"@id\":\"https:\/\/vapebulkp.com\/#\/schema\/logo\/image\/\",\"url\":\"https:\/\/vapebulkp.com\/wp-content\/uploads\/2023\/09\/cropped-vapebulkp.png\",\"contentUrl\":\"https:\/\/vapebulkp.com\/wp-content\/uploads\/2023\/09\/cropped-vapebulkp.png\",\"width\":516,\"height\":163,\"caption\":\"vapebulkp.com\"},\"image\":{\"@id\":\"https:\/\/vapebulkp.com\/#\/schema\/logo\/image\/\"}}]}<\/script>\n<!-- \/ Yoast SEO plugin. -->","yoast_head_json":{"title":"VOZOL Gear Shisha 25000 Puffs Dual Mode Disposable Vape 5MG Nicotine - vapebulkp.com","description":"VOZOL Gear Shisha 25000 Puffs, Dual Mode, 5MG Nicotine, Disposable Vape, Rechargeable, Type-C, Long-Lasting, High-Capacity, Wholesale, Premium Design,","robots":{"index":"index","follow":"follow","max-snippet":"max-snippet:-1","max-image-preview":"max-image-preview:large","max-video-preview":"max-video-preview:-1"},"canonical":"https:\/\/vapebulkp.com\/de\/product\/vozol-gear-shisha-25000-puffs-dual-mode-disposable-vape-5mg-nicotine\/","og_locale":"de_DE","og_type":"article","og_title":"VOZOL Gear Shisha 25000 Puffs Dual Mode Disposable Vape 5MG Nicotine - vapebulkp.com","og_description":"VOZOL Gear Shisha 25000 Puffs, Dual Mode, 5MG Nicotine, Disposable Vape, Rechargeable, Type-C, Long-Lasting, High-Capacity, Wholesale, Premium Design,","og_url":"https:\/\/vapebulkp.com\/de\/product\/vozol-gear-shisha-25000-puffs-dual-mode-disposable-vape-5mg-nicotine\/","og_site_name":"vapebulkp.com","article_modified_time":"2025-09-24T03:12:40+00:00","og_image":[{"width":800,"height":800,"url":"http:\/\/vapebulkp.com\/wp-content\/uploads\/2025\/03\/Vozol-Gear-Shisha-25000-Puffs-High-Puff-Disposable-Vape.webp","type":"image\/webp"}],"twitter_card":"summary_large_image","twitter_misc":{"Gesch\u00e4tzte Lesezeit":"4\u00a0Minuten"},"schema":{"@context":"https:\/\/schema.org","@graph":[{"@type":"WebPage","@id":"https:\/\/vapebulkp.com\/product\/vozol-gear-shisha-25000-puffs-dual-mode-disposable-vape-5mg-nicotine\/","url":"https:\/\/vapebulkp.com\/product\/vozol-gear-shisha-25000-puffs-dual-mode-disposable-vape-5mg-nicotine\/","name":"VOZOL Gear Shisha 25000 Puffs Dual Mode Disposable Vape 5MG Nicotine - vapebulkp.com","isPartOf":{"@id":"https:\/\/vapebulkp.com\/#website"},"datePublished":"2025-03-21T09:02:17+00:00","dateModified":"2025-09-24T03:12:40+00:00","description":"VOZOL Gear Shisha 25000 Puffs, Dual Mode, 5MG Nicotine, Disposable Vape, Rechargeable, Type-C, Long-Lasting, High-Capacity, Wholesale, Premium Design,","breadcrumb":{"@id":"https:\/\/vapebulkp.com\/product\/vozol-gear-shisha-25000-puffs-dual-mode-disposable-vape-5mg-nicotine\/#breadcrumb"},"inLanguage":"de","potentialAction":[{"@type":"ReadAction","target":["https:\/\/vapebulkp.com\/product\/vozol-gear-shisha-25000-puffs-dual-mode-disposable-vape-5mg-nicotine\/"]}]},{"@type":"BreadcrumbList","@id":"https:\/\/vapebulkp.com\/product\/vozol-gear-shisha-25000-puffs-dual-mode-disposable-vape-5mg-nicotine\/#breadcrumb","itemListElement":[{"@type":"ListItem","position":1,"name":"Home","item":"https:\/\/vapebulkp.com\/"},{"@type":"ListItem","position":2,"name":"Hot Trend Vapes","item":"https:\/\/vapebulkp.com\/vape-shop\/"},{"@type":"ListItem","position":3,"name":"VOZOL Gear Shisha 25000 Puffs Dual Mode Disposable Vape 5MG Nicotine"}]},{"@type":"WebSite","@id":"https:\/\/vapebulkp.com\/#website","url":"https:\/\/vapebulkp.com\/","name":"vapebulkp.com","description":"Buy Vape In Cheap Bulk Price Near you","publisher":{"@id":"https:\/\/vapebulkp.com\/#organization"},"potentialAction":[{"@type":"SearchAction","target":{"@type":"EntryPoint","urlTemplate":"https:\/\/vapebulkp.com\/?s={search_term_string}"},"query-input":"required name=search_term_string"}],"inLanguage":"de"},{"@type":"Organization","@id":"https:\/\/vapebulkp.com\/#organization","name":"vapebulkp.com","url":"https:\/\/vapebulkp.com\/","logo":{"@type":"ImageObject","inLanguage":"de","@id":"https:\/\/vapebulkp.com\/#\/schema\/logo\/image\/","url":"https:\/\/vapebulkp.com\/wp-content\/uploads\/2023\/09\/cropped-vapebulkp.png","contentUrl":"https:\/\/vapebulkp.com\/wp-content\/uploads\/2023\/09\/cropped-vapebulkp.png","width":516,"height":163,"caption":"vapebulkp.com"},"image":{"@id":"https:\/\/vapebulkp.com\/#\/schema\/logo\/image\/"}}]}},"uagb_featured_image_src":{"full":["https:\/\/vapebulkp.com\/wp-content\/uploads\/2025\/03\/Vozol-Gear-Shisha-25000-Puffs-High-Puff-Disposable-Vape.webp",800,800,false],"thumbnail":["https:\/\/vapebulkp.com\/wp-content\/uploads\/2025\/03\/Vozol-Gear-Shisha-25000-Puffs-High-Puff-Disposable-Vape-150x150.webp",150,150,true],"medium":["https:\/\/vapebulkp.com\/wp-content\/uploads\/2025\/03\/Vozol-Gear-Shisha-25000-Puffs-High-Puff-Disposable-Vape-300x300.webp",300,300,true],"medium_large":["https:\/\/vapebulkp.com\/wp-content\/uploads\/2025\/03\/Vozol-Gear-Shisha-25000-Puffs-High-Puff-Disposable-Vape-768x768.webp",768,768,true],"large":["https:\/\/vapebulkp.com\/wp-content\/uploads\/2025\/03\/Vozol-Gear-Shisha-25000-Puffs-High-Puff-Disposable-Vape.webp",800,800,false],"1536x1536":["https:\/\/vapebulkp.com\/wp-content\/uploads\/2025\/03\/Vozol-Gear-Shisha-25000-Puffs-High-Puff-Disposable-Vape.webp",800,800,false],"2048x2048":["https:\/\/vapebulkp.com\/wp-content\/uploads\/2025\/03\/Vozol-Gear-Shisha-25000-Puffs-High-Puff-Disposable-Vape.webp",800,800,false],"trp-custom-language-flag":["https:\/\/vapebulkp.com\/wp-content\/uploads\/2025\/03\/Vozol-Gear-Shisha-25000-Puffs-High-Puff-Disposable-Vape.webp",12,12,false],"woocommerce_thumbnail":["https:\/\/vapebulkp.com\/wp-content\/uploads\/2025\/03\/Vozol-Gear-Shisha-25000-Puffs-High-Puff-Disposable-Vape-300x300.webp",300,300,true],"woocommerce_single":["https:\/\/vapebulkp.com\/wp-content\/uploads\/2025\/03\/Vozol-Gear-Shisha-25000-Puffs-High-Puff-Disposable-Vape-600x600.webp",600,600,true],"woocommerce_gallery_thumbnail":["https:\/\/vapebulkp.com\/wp-content\/uploads\/2025\/03\/Vozol-Gear-Shisha-25000-Puffs-High-Puff-Disposable-Vape-100x100.webp",100,100,true],"wcpr-photo-reviews":["https:\/\/vapebulkp.com\/wp-content\/uploads\/2025\/03\/Vozol-Gear-Shisha-25000-Puffs-High-Puff-Disposable-Vape.webp",500,500,false]},"uagb_author_info":{"display_name":"Mandy vape bulk price","author_link":"https:\/\/vapebulkp.com\/de\/author\/"},"uagb_comment_info":0,"uagb_excerpt":"VOZOL Gear Shisha 25000 Puffs, Dual Mode, 5MG Nicotine, Disposable Vape, Rechargeable, Mesh Coil, 20ML E-liquid, Smooth Flavor, Long-lasting, High-Performance, Type-C Charging, Premium Design, Wholesale, Best Price, EU Market, Vape Bulk, Online Store. Pls Contact Mandy's WhatsApp For Discount Price+8618077105796 &nbsp; NOTE: Prices on our website does not include shipping costs &nbsp;","_links":{"self":[{"href":"https:\/\/vapebulkp.com\/de\/wp-json\/wp\/v2\/product\/3598","targetHints":{"allow":["GET"]}}],"collection":[{"href":"https:\/\/vapebulkp.com\/de\/wp-json\/wp\/v2\/product"}],"about":[{"href":"https:\/\/vapebulkp.com\/de\/wp-json\/wp\/v2\/types\/product"}],"replies":[{"embeddable":true,"href":"https:\/\/vapebulkp.com\/de\/wp-json\/wp\/v2\/comments?post=3598"}],"wp:featuredmedia":[{"embeddable":true,"href":"https:\/\/vapebulkp.com\/de\/wp-json\/wp\/v2\/media\/3586"}],"wp:attachment":[{"href":"https:\/\/vapebulkp.com\/de\/wp-json\/wp\/v2\/media?parent=3598"}],"wp:term":[{"taxonomy":"product_cat","embeddable":true,"href":"https:\/\/vapebulkp.com\/de\/wp-json\/wp\/v2\/product_cat?post=3598"},{"taxonomy":"product_tag","embeddable":true,"href":"https:\/\/vapebulkp.com\/de\/wp-json\/wp\/v2\/product_tag?post=3598"}],"curies":[{"name":"wp","href":"https:\/\/api.w.org\/{rel}","templated":true}]}}