{"id":3925,"date":"2025-07-09T10:46:35","date_gmt":"2025-07-09T08:46:35","guid":{"rendered":"https:\/\/vapebulkp.com\/?post_type=product&#038;p=3925"},"modified":"2025-09-24T04:59:03","modified_gmt":"2025-09-24T02:59:03","slug":"vozol-vista-40000-puffs-vape-wholesale-best-price","status":"publish","type":"product","link":"https:\/\/vapebulkp.com\/de\/product\/vozol-vista-40000-puffs-vape-wholesale-best-price\/","title":{"rendered":"VOZOL VISTA 40000 Z\u00fcge Vape Gro\u00dfhandel Bester Preis"},"content":{"rendered":"<h2>VOZOL VISTA 40000 Z\u00fcge Vape Gro\u00dfhandel Bester Preis<\/h2>\n<p>Der <b>VOZOL VISTA 40000 Z\u00fcge Vape Ger\u00e4t<\/b>\u00a0ist ein Beweis f\u00fcr innovative Vape-Technologie. Dieses Ger\u00e4t ist mehr als nur ein <b>Einweg-Vape<\/b>; es ist ein hochentwickeltes Dampfinstrument, das f\u00fcr diejenigen entwickelt wurde, die sowohl Stil als auch Substanz sch\u00e4tzen. Das ikonische Rollrad-Design bietet ein einzigartiges haptisches Erlebnis, w\u00e4hrend das <b>270\u00b0 Beat-Responsive LED-Display<\/b> eine dynamische visuelle Schnittstelle bietet, die sowohl intuitiv als auch ansprechend ist.<\/p>\n<p>Entwickelt f\u00fcr au\u00dfergew\u00f6hnliche Langlebigkeit, wird der VOZOL VISTA von einem robusten <b>1000mAh wiederaufladbaren Akku<\/b>angetrieben, der eine konsistente und zuverl\u00e4ssige Leistung f\u00fcr seine monumentalen <b>40000 Z\u00fcge<\/b>gew\u00e4hrleistet. Der Kern dieses Ger\u00e4ts liegt in seiner fortschrittlichen <b>S.i.L.C. Tech Doppelgitter-Spule<\/b> Technologie, die bei jedem Zug konstant kr\u00e4ftigen Geschmack und sanften Dampf liefert. Benutzer k\u00f6nnen ihr Erlebnis mit <b>4-stufiger Wattzahlregelung<\/b> und <b>und<\/b>2-stufiger einstellbarer Luftstromregelung <b>, was es zu einem perfekten<\/b> MTL Vape<\/p>\n<p>f\u00fcr jede Vorliebe macht. <strong>VISTA 40k Z\u00fcge Vape Pods<\/strong> verf\u00fcgt \u00fcber ein wiederverwendbares Pod-System, das Abfall minimiert und es zu einer intelligenten, umweltbewussten Wahl macht. Dies <a href=\"https:\/\/vapebulkp.com\/de\/product-category\/40000-puffs-disposable-vape\/\"><b>40000 Z\u00fcge Einweg-Vape<\/b><\/a> ist die definitive L\u00f6sung sowohl f\u00fcr anspruchsvolle Dampfer als auch f\u00fcr Einzelh\u00e4ndler, die ein hochwertiges Produkt mit hoher Nachfrage suchen, das eine moderne \u00c4sthetik mit \u00fcberlegener Leistung kombiniert.<\/p>\n<h6><span style=\"color: #ff0000\">Bitte kontaktieren Sie Mandys WhatsApp f\u00fcr einen Rabattpreis<a style=\"color: #ff0000\" href=\"https:\/\/wa.me\/8618077105796\">+8618077105796<\/a><\/span><\/h6>\n<p><img decoding=\"async\" class=\"alignnone wp-image-2151\" src=\"http:\/\/vapebulkp.com\/wp-content\/uploads\/2024\/04\/Mandy-WhatsApp-Randm.jpg\" alt=\"Mandy WhatsApp Randm\" width=\"271\" height=\"289\" srcset=\"https:\/\/vapebulkp.com\/wp-content\/uploads\/2024\/04\/Mandy-WhatsApp-Randm.jpg 916w, https:\/\/vapebulkp.com\/wp-content\/uploads\/2024\/04\/Mandy-WhatsApp-Randm-282x300.jpg 282w, https:\/\/vapebulkp.com\/wp-content\/uploads\/2024\/04\/Mandy-WhatsApp-Randm-768x817.jpg 768w, https:\/\/vapebulkp.com\/wp-content\/uploads\/2024\/04\/Mandy-WhatsApp-Randm-600x638.jpg 600w\" sizes=\"(max-width: 271px) 100vw, 271px\" \/><\/p>\n<h2><strong>Warum VOZOL VISTA 40000 Puffs Gro\u00dfhandels-Vapes bei <a href=\"https:\/\/vapebulkp.com\/de\/\">Vapebulkp.com<\/a>?<\/strong><\/h2>\n<h3 data-start=\"266\" data-end=\"302\">\u2705 <strong data-start=\"275\" data-end=\"302\">Direkte Fabrikbeschaffung<\/strong><\/h3>\n<p data-start=\"303\" data-end=\"471\">Wir arbeiten direkt mit VOZOL und zertifizierten Herstellern zusammen und gew\u00e4hrleisten <strong data-start=\"372\" data-end=\"394\">authentische Produkte<\/strong>, <strong data-start=\"396\" data-end=\"416\">einen stabilen Lagerbestand<\/strong>und die <strong data-start=\"426\" data-end=\"443\">neuesten Modelle<\/strong> \u2014 keine Zwischenh\u00e4ndler, keine Aufschl\u00e4ge.<\/p>\n<h3 data-start=\"473\" data-end=\"515\">\u2705 <strong data-start=\"482\" data-end=\"515\">Wettbewerbsf\u00e4hige Gro\u00dfhandelspreise<\/strong><\/h3>\n<p data-start=\"516\" data-end=\"718\">Vapebulkp.com bietet branchenf\u00fchrende Gro\u00dfhandelspreise, die es Vape-H\u00e4ndlern, Distributoren und Wiederverk\u00e4ufern erleichtern, ihre Gewinne zu maximieren und gleichzeitig erstklassige Ger\u00e4te wie die <strong data-start=\"690\" data-end=\"717\">VOZOL VISTA 40000 Z\u00fcge<\/strong>.<\/p>\n<h3 data-start=\"720\" data-end=\"757\">\u2705 <strong data-start=\"729\" data-end=\"757\">Schnelle<\/strong><\/h3>\n<p data-start=\"758\" data-end=\"932\">Mit globalen Fulfillment-M\u00f6glichkeiten und Express-Logistikoptionen werden Ihre Bestellungen <strong data-start=\"843\" data-end=\"867\">schnell und sicher<\/strong>versendet. Wir legen Wert auf Liefereffizienz, damit Ihr Gesch\u00e4ft reibungslos l\u00e4uft.<\/p>\n<h3 data-start=\"934\" data-end=\"970\">\u2705 <strong data-start=\"943\" data-end=\"970\">Gro\u00dfes Volumen, kein Problem<\/strong><\/h3>\n<p data-start=\"971\" data-end=\"1131\">Ob Sie <strong data-start=\"995\" data-end=\"1019\">100 Einheiten oder 10.000+<\/strong>bestellen, unser optimierter B2B-Prozess und unsere engagierten Account Manager sorgen jedes Mal f\u00fcr ein reibungsloses Einkaufserlebnis.<\/p>\n<h3 data-start=\"1133\" data-end=\"1179\">\u2705 <strong data-start=\"1142\" data-end=\"1179\">Garantierte Echtheit<\/strong><\/h3>\n<p data-start=\"1180\" data-end=\"1319\">Alle Produkte sind 100 % original, sicherheitsgepr\u00fcft und chargengetestet. Wir stehen hinter jeder Lieferung, sodass Sie mit Vertrauen kaufen und weiterverkaufen k\u00f6nnen.<\/p>\n<h3 data-start=\"1321\" data-end=\"1371\">\u2705 <strong data-start=\"1330\" data-end=\"1371\">Zugeschnitten auf Einzelh\u00e4ndler<\/strong><\/h3>\n<p data-start=\"1372\" data-end=\"1508\">Von <strong data-start=\"1377\" data-end=\"1396\">MOQ-Flexibilit\u00e4t<\/strong> to <strong data-start=\"1400\" data-end=\"1434\">Beratung zu Eigenmarken\/OEM<\/strong>, wir unterst\u00fctzen Ihre individuellen Gro\u00dfhandelsanforderungen \u2013 unabh\u00e4ngig von Ihrem Markt oder Ihrer Gr\u00f6\u00dfe.<\/p>\n<div class=\"faqs-answer\">\n<h2 data-start=\"55\" data-end=\"63\">H\u00e4ufig gestellte Fragen<\/h2>\n<p data-start=\"65\" data-end=\"223\"><strong data-start=\"65\" data-end=\"97\">Versenden Sie die beste Einweg-Vape 2025 international?<\/strong><br data-start=\"97\" data-end=\"100\" \/>Ja, Vapebulkp.com versendet in die meisten L\u00e4nder weltweit und k\u00fcmmert sich um die gesamte Zollabfertigung, um einen reibungslosen Lieferprozess zu gew\u00e4hrleisten.<\/p>\n<p data-start=\"389\" data-end=\"542\"><strong data-start=\"389\" data-end=\"418\">Wie kann ich meine Bestellung verfolgen?<\/strong><br data-start=\"418\" data-end=\"421\" \/>Sobald Ihre Bestellung versandt wurde, erhalten Sie eine Sendungsverfolgungsnummer per E-Mail, damit Sie den Status Ihres Pakets einfach \u00fcberwachen k\u00f6nnen.<\/p>\n<p data-start=\"544\" data-end=\"699\"><strong data-start=\"544\" data-end=\"574\">Kann ich eine schnellere Lieferung erhalten?<\/strong><br data-start=\"574\" data-end=\"577\" \/>F\u00fcr eine schnellere Lieferung empfehlen wir, von unserem europ\u00e4ischen Lager aus zu bestellen, das schnellere Bearbeitungs- und Versandzeiten bietet.<\/p>\n<p data-start=\"888\" data-end=\"1079\"><strong data-start=\"888\" data-end=\"950\">Was soll ich tun, wenn ich ein besch\u00e4digtes oder fehlerhaftes Produkt erhalte?<\/strong><br data-start=\"950\" data-end=\"953\" \/>Wenn Sie einen besch\u00e4digten oder defekten Artikel erhalten, wenden Sie sich bitte umgehend an unser Kundenservice-Team, um einen Ersatz oder eine L\u00f6sung zu erhalten.<\/p>\n<p data-start=\"1081\" data-end=\"1235\"><strong data-start=\"1081\" data-end=\"1125\">Wie kann ich Ihren Kundenservice kontaktieren?<\/strong><br data-start=\"1125\" data-end=\"1128\" \/>Sie erreichen uns per E-Mail, WhatsApp oder \u00fcber die Live-Chat-Funktion auf unserer Website f\u00fcr schnelle Unterst\u00fctzung.<\/p>\n<\/div>\n<h4><\/h4>\n<h2 data-start=\"52\" data-end=\"122\"><strong data-start=\"52\" data-end=\"122\">VOZOL VISTA 40000 Puffs Vape mit hoher Zugzahl \u2013 Produktspezifikationen<\/strong><\/h2>\n<p>Produktname: VOZOL VISTA 40000 Puffs Wiederaufladbares Vape Pod Kit<br \/>\nMaximale Z\u00fcge: Bis zu 40.000+ Z\u00fcge (variiert je nach Nutzung)<br \/>\nAnzeige: 270\u00b0 Beat-Responsive LED-Anzeige<br \/>\nAkkukapazit\u00e4t: Eingebauter 1000mAh Akku<br \/>\nLadeanschluss: USB Typ-C Schnellladung<br \/>\nLeistungseinstellung: 4-stufig einstellbare Leistung<br \/>\nLuftstromkontrolle: 2-stufig einstellbares Luftstromsystem<br \/>\nCoil-Technologie: S.i.L.C. Tech Dual Mesh Coil<br \/>\nAktivierungsmethode: Zugaktiviert (kein Knopf erforderlich)<br \/>\nVaping-Stil: MTL (Mouth-to-Lung)<br \/>\nGer\u00e4tetyp: Wiederaufladbares Ger\u00e4t + Nachf\u00fcllbare Pod-Beh\u00e4lter<br \/>\nBenutzerlevel: Anf\u00e4ngerfreundlich<\/p>\n<h2>VOZOL VISTA 40000 Puffs Aromenliste:<\/h2>\n<p>1. Blaue Himbeereis<br \/>\n2. Blaubeereis<br \/>\n3. Kirsch-Cola<br \/>\n4. K\u00fchle Minze<br \/>\n5. Doppelapfel<br \/>\n6. Traubeneis<br \/>\n7. Liebe 777<br \/>\n8. Mango-Eis<br \/>\n9. Mango-Maracuja<br \/>\n10. Mango Pfirsich<br \/>\n11. Melonen-Kaugummi<br \/>\n12. Pfirsich-Beere<br \/>\n13. Pfirsich-Eis<br \/>\n14. Erdbeer-Banane<br \/>\n15. Erdbeer-Eis<br \/>\n16. Erdbeer-Kiwi<br \/>\n17. Erdbeer-Mango<br \/>\n18. Erdbeer-Wassermelone<br \/>\n19. Wassermelone Kaugummi<br \/>\n20. Wassermelonen-Eis<\/p>\n<p><span style=\"vertical-align: inherit\">Finden Sie weitere Produkte, die Ihnen gefallen k\u00f6nnten:<\/span><em><a href=\"https:\/\/wa.me\/8618077105796\"><span style=\"vertical-align: inherit\">\u00a0Jetzt kaufen<\/span><\/a><\/em><\/p>\n<p><span style=\"vertical-align: inherit\">Andere Puffs, die Ihnen gefallen k\u00f6nnten:<\/span><a href=\"https:\/\/vapebulkp.com\/de\/product\/aivono-fat-bear-80000-puffs-3-flavors-modes-disposable-vape-bulk-wholesale\/\"><span style=\"vertical-align: inherit\">Aivono Fat Bear 80000 Z\u00fcge<\/span><\/a><span style=\"vertical-align: inherit\">\u3001<\/span><a href=\"https:\/\/vapebulkp.com\/de\/product\/vozol-rave-40000-puffs-hot-sale-nicotine-salt-disposable-vaporizer\/\"><span style=\"vertical-align: inherit\">Vozol Rave 40000 Z\u00fcge<\/span><\/a><span style=\"vertical-align: inherit\">\/ <\/span><a href=\"https:\/\/vapebulkp.com\/de\/product\/bang-box-80000-puffs-3-in-1-wholesale-vape-supply\/\"><span style=\"vertical-align: inherit\">Bang Box 80000 Z\u00fcge<\/span><\/a><span style=\"vertical-align: inherit\">\/ <\/span><a href=\"https:\/\/vapebulkp.com\/de\/product\/bood-lumo-60000-puffs-best-price-disposable-vape-2-5-nicotine\/\"><span style=\"vertical-align: inherit\">BOOD LUMO 60000 Z\u00fcge<\/span><\/a><\/p>\n<h2 data-start=\"55\" data-end=\"75\">Versandmethoden<\/h2>\n<p data-start=\"77\" data-end=\"345\">Bei Vapebulkp.com arbeiten wir mit f\u00fchrenden Kurierdiensten wie UPS, DHL, FedEx und DPD zusammen, um einen schnellen und zuverl\u00e4ssigen Versand anzubieten. Abh\u00e4ngig vom Zielland w\u00e4hlen wir die am besten geeignete Versandmethode, um sicherzustellen, dass Ihre Bestellung so schnell und sicher wie m\u00f6glich ankommt.<\/p>\n<ul data-start=\"347\" data-end=\"509\">\n<li data-start=\"347\" data-end=\"429\">\n<p data-start=\"349\" data-end=\"429\"><strong data-start=\"349\" data-end=\"383\">Versand nach Deutschland:<\/strong> Die Lieferung dauert in der Regel etwa 10 Tage.<\/p>\n<\/li>\n<li data-start=\"430\" data-end=\"506\">\n<p data-start=\"432\" data-end=\"506\"><strong data-start=\"432\" data-end=\"467\">Versand in europ\u00e4ische L\u00e4nder:<\/strong> Dauert normalerweise zwischen 12 und 15 Tagen.<\/p>\n<\/li>\n<\/ul>\n<p data-start=\"510\" data-end=\"603\">Wir bieten Echtzeit-Tracking-Updates, damit Sie Ihre Sendung auf jedem Schritt des Weges verfolgen k\u00f6nnen.<\/p>\n<p data-start=\"605\" data-end=\"856\">Um Ihnen ein problemloses Einkaufserlebnis zu bieten, k\u00fcmmern wir uns um alle Zollabfertigungsverfahren in Ihrem Namen. Es fallen keine zus\u00e4tzlichen Steuern oder Geb\u00fchren an, und wir garantieren, dass 100% unserer Sendungen problemlos den Zoll passieren.<\/p>\n<p data-start=\"858\" data-end=\"956\">Kaufen Sie bei Vapebulkp.com mit Vertrauen ein, da Sie wissen, dass Ihre Bestellung von der Kasse bis zur Lieferung in erfahrenen H\u00e4nden ist.<\/p>","protected":false},"excerpt":{"rendered":"<p data-start=\"138\" data-end=\"318\">Kaufen Sie VOZOL VISTA 40000 Z\u00fcge Vape Kits \u2013 wiederaufladbares Vape Pod System mit hoher Kapazit\u00e4t und wiederverwendbarem Design. Ideal f\u00fcr Gro\u00dfhandelskunden, die hochwertige, umweltfreundliche Vape-Ger\u00e4te suchen.<\/p>\n<p>Bitte kontaktieren Sie Mandys WhatsApp f\u00fcr einen Rabattpreis<a href=\"https:\/\/wa.me\/8618077105796\">+8618077105796<\/a><\/p>\n<p><img decoding=\"async\" class=\"alignnone wp-image-2151\" src=\"http:\/\/vapebulkp.com\/wp-content\/uploads\/2024\/04\/Mandy-WhatsApp-Randm.jpg\" alt=\"Mandy WhatsApp Randm\" width=\"297\" height=\"316\" srcset=\"https:\/\/vapebulkp.com\/wp-content\/uploads\/2024\/04\/Mandy-WhatsApp-Randm.jpg 916w, https:\/\/vapebulkp.com\/wp-content\/uploads\/2024\/04\/Mandy-WhatsApp-Randm-282x300.jpg 282w, https:\/\/vapebulkp.com\/wp-content\/uploads\/2024\/04\/Mandy-WhatsApp-Randm-768x817.jpg 768w, https:\/\/vapebulkp.com\/wp-content\/uploads\/2024\/04\/Mandy-WhatsApp-Randm-600x638.jpg 600w\" sizes=\"(max-width: 297px) 100vw, 297px\" \/><\/p>\n<p><span style=\"color: #ff0000\">HINWEIS: Die Preise auf unserer Website enthalten keine Versandkosten<\/span><\/p>\n<p>Hauptgrund f\u00fcr den Kauf<br \/>\n1. Ausgezeichnete Qualit\u00e4t und unvergleichliche Leistung.<\/p>\n<p>2. Wettbewerbsf\u00e4higer Preis und schneller Wert.<\/p>\n<p>3. Mehrere Optionen und p\u00fcnktliche Lieferung.<\/p>\n<p>4. Ein zufriedenstellendes Einkaufserlebnis<\/p>","protected":false},"featured_media":3920,"comment_status":"open","ping_status":"closed","template":"","meta":{"_uag_custom_page_level_css":"","_lmt_disableupdate":"no","_lmt_disable":"","site-sidebar-layout":"default","site-content-layout":"content-boxed-container","ast-site-content-layout":"normal-width-container","site-content-style":"boxed","site-sidebar-style":"unboxed","ast-global-header-display":"","ast-banner-title-visibility":"","ast-main-header-display":"","ast-hfb-above-header-display":"","ast-hfb-below-header-display":"","ast-hfb-mobile-header-display":"","site-post-title":"","ast-breadcrumbs-content":"","ast-featured-img":"","footer-sml-layout":"","theme-transparent-header-meta":"default","adv-header-id-meta":"","stick-header-meta":"","header-above-stick-meta":"","header-main-stick-meta":"","header-below-stick-meta":"","astra-migrate-meta-layouts":"set","_joinchat":[]},"product_cat":[182,153,155,33,59,100,87,34,158,157,154,152,58,84,156,63,32,364],"product_tag":[36,37,41,286,40,267],"class_list":["post-3925","product","type-product","status-publish","has-post-thumbnail","hentry","product_cat-40000-puffs-disposable-vape","product_cat-hot-disposable-vapes","product_cat-belgium-hot-disposable-vapes","product_cat-france-vape-hot-sale","product_cat-germany-hot-disposable-vape","product_cat-germany-wholesale-vape-shop","product_cat-minimum-order-quantity-50pcs","product_cat-netherlands-vape-good-sale","product_cat-norway-hot-disposable-vapes","product_cat-poland-hot-disposable-vapes","product_cat-portugal-hot-disposable-vapes","product_cat-spain-hot-disposable-vapes","product_cat-sweden-hot-disposable-vape","product_cat-sweden-wholesale-vape","product_cat-switzerland-hot-disposable-vapes","product_cat-top-sale-disposable-vape","product_cat-vape-hot-sale-this-week","product_cat-vozol-vape","product_tag-good-vape","product_tag-hot-sale-disposable-vape","product_tag-poland-hot-vape","product_tag-puffs-stock-in-europe","product_tag-sweden-hot-vape","product_tag-vozol-vista-40000-puffs","pa_brand-vozol-vape","desktop-align-left","tablet-align-left","mobile-align-left"],"yoast_head":"<!-- This site is optimized with the Yoast SEO plugin v21.1 - https:\/\/yoast.com\/wordpress\/plugins\/seo\/ -->\n<title>VOZOL VISTA 40000 Puffs Vape Wholesale Best Price - vapebulkp.com<\/title>\n<meta name=\"description\" content=\"VOZOL VISTA 40000 Puffs features a 270\u00b0 LED display, dual mesh coils, and a 1000mAh rechargeable battery. Adjustable airflow &amp; wattage for the perfect MTL vape.\" \/>\n<meta name=\"robots\" content=\"index, follow, max-snippet:-1, max-image-preview:large, max-video-preview:-1\" \/>\n<link rel=\"canonical\" href=\"https:\/\/vapebulkp.com\/de\/product\/vozol-vista-40000-puffs-vape-wholesale-best-price\/\" \/>\n<meta property=\"og:locale\" content=\"de_DE\" \/>\n<meta property=\"og:type\" content=\"article\" \/>\n<meta property=\"og:title\" content=\"VOZOL VISTA 40000 Puffs Vape Wholesale Best Price - vapebulkp.com\" \/>\n<meta property=\"og:description\" content=\"VOZOL VISTA 40000 Puffs features a 270\u00b0 LED display, dual mesh coils, and a 1000mAh rechargeable battery. Adjustable airflow &amp; wattage for the perfect MTL vape.\" \/>\n<meta property=\"og:url\" content=\"https:\/\/vapebulkp.com\/de\/product\/vozol-vista-40000-puffs-vape-wholesale-best-price\/\" \/>\n<meta property=\"og:site_name\" content=\"vapebulkp.com\" \/>\n<meta property=\"article:modified_time\" content=\"2025-09-24T02:59:03+00:00\" \/>\n<meta property=\"og:image\" content=\"http:\/\/vapebulkp.com\/wp-content\/uploads\/2025\/07\/VOZOL-VISTA-40K-Puffs-Disposable-Vape-Wholesale-Price.jpg\" \/>\n\t<meta property=\"og:image:width\" content=\"800\" \/>\n\t<meta property=\"og:image:height\" content=\"800\" \/>\n\t<meta property=\"og:image:type\" content=\"image\/jpeg\" \/>\n<meta name=\"twitter:card\" content=\"summary_large_image\" \/>\n<meta name=\"twitter:label1\" content=\"Gesch\u00e4tzte Lesezeit\" \/>\n\t<meta name=\"twitter:data1\" content=\"4\u00a0Minuten\" \/>\n<script type=\"application\/ld+json\" class=\"yoast-schema-graph\">{\"@context\":\"https:\/\/schema.org\",\"@graph\":[{\"@type\":\"WebPage\",\"@id\":\"https:\/\/vapebulkp.com\/product\/vozol-vista-40000-puffs-vape-wholesale-best-price\/\",\"url\":\"https:\/\/vapebulkp.com\/product\/vozol-vista-40000-puffs-vape-wholesale-best-price\/\",\"name\":\"VOZOL VISTA 40000 Puffs Vape Wholesale Best Price - vapebulkp.com\",\"isPartOf\":{\"@id\":\"https:\/\/vapebulkp.com\/#website\"},\"datePublished\":\"2025-07-09T08:46:35+00:00\",\"dateModified\":\"2025-09-24T02:59:03+00:00\",\"description\":\"VOZOL VISTA 40000 Puffs features a 270\u00b0 LED display, dual mesh coils, and a 1000mAh rechargeable battery. Adjustable airflow & wattage for the perfect MTL vape.\",\"breadcrumb\":{\"@id\":\"https:\/\/vapebulkp.com\/product\/vozol-vista-40000-puffs-vape-wholesale-best-price\/#breadcrumb\"},\"inLanguage\":\"de\",\"potentialAction\":[{\"@type\":\"ReadAction\",\"target\":[\"https:\/\/vapebulkp.com\/product\/vozol-vista-40000-puffs-vape-wholesale-best-price\/\"]}]},{\"@type\":\"BreadcrumbList\",\"@id\":\"https:\/\/vapebulkp.com\/product\/vozol-vista-40000-puffs-vape-wholesale-best-price\/#breadcrumb\",\"itemListElement\":[{\"@type\":\"ListItem\",\"position\":1,\"name\":\"Home\",\"item\":\"https:\/\/vapebulkp.com\/\"},{\"@type\":\"ListItem\",\"position\":2,\"name\":\"Hot Trend Vapes\",\"item\":\"https:\/\/vapebulkp.com\/vape-shop\/\"},{\"@type\":\"ListItem\",\"position\":3,\"name\":\"VOZOL VISTA 40000 Puffs Vape Wholesale Best Price\"}]},{\"@type\":\"WebSite\",\"@id\":\"https:\/\/vapebulkp.com\/#website\",\"url\":\"https:\/\/vapebulkp.com\/\",\"name\":\"vapebulkp.com\",\"description\":\"Buy Vape In Cheap Bulk Price Near you\",\"publisher\":{\"@id\":\"https:\/\/vapebulkp.com\/#organization\"},\"potentialAction\":[{\"@type\":\"SearchAction\",\"target\":{\"@type\":\"EntryPoint\",\"urlTemplate\":\"https:\/\/vapebulkp.com\/?s={search_term_string}\"},\"query-input\":\"required name=search_term_string\"}],\"inLanguage\":\"de\"},{\"@type\":\"Organization\",\"@id\":\"https:\/\/vapebulkp.com\/#organization\",\"name\":\"vapebulkp.com\",\"url\":\"https:\/\/vapebulkp.com\/\",\"logo\":{\"@type\":\"ImageObject\",\"inLanguage\":\"de\",\"@id\":\"https:\/\/vapebulkp.com\/#\/schema\/logo\/image\/\",\"url\":\"https:\/\/vapebulkp.com\/wp-content\/uploads\/2023\/09\/cropped-vapebulkp.png\",\"contentUrl\":\"https:\/\/vapebulkp.com\/wp-content\/uploads\/2023\/09\/cropped-vapebulkp.png\",\"width\":516,\"height\":163,\"caption\":\"vapebulkp.com\"},\"image\":{\"@id\":\"https:\/\/vapebulkp.com\/#\/schema\/logo\/image\/\"}}]}<\/script>\n<!-- \/ Yoast SEO plugin. -->","yoast_head_json":{"title":"VOZOL VISTA 40000 Puffs Vape Wholesale Best Price - vapebulkp.com","description":"VOZOL VISTA 40000 Puffs features a 270\u00b0 LED display, dual mesh coils, and a 1000mAh rechargeable battery. Adjustable airflow & wattage for the perfect MTL vape.","robots":{"index":"index","follow":"follow","max-snippet":"max-snippet:-1","max-image-preview":"max-image-preview:large","max-video-preview":"max-video-preview:-1"},"canonical":"https:\/\/vapebulkp.com\/de\/product\/vozol-vista-40000-puffs-vape-wholesale-best-price\/","og_locale":"de_DE","og_type":"article","og_title":"VOZOL VISTA 40000 Puffs Vape Wholesale Best Price - vapebulkp.com","og_description":"VOZOL VISTA 40000 Puffs features a 270\u00b0 LED display, dual mesh coils, and a 1000mAh rechargeable battery. Adjustable airflow & wattage for the perfect MTL vape.","og_url":"https:\/\/vapebulkp.com\/de\/product\/vozol-vista-40000-puffs-vape-wholesale-best-price\/","og_site_name":"vapebulkp.com","article_modified_time":"2025-09-24T02:59:03+00:00","og_image":[{"width":800,"height":800,"url":"http:\/\/vapebulkp.com\/wp-content\/uploads\/2025\/07\/VOZOL-VISTA-40K-Puffs-Disposable-Vape-Wholesale-Price.jpg","type":"image\/jpeg"}],"twitter_card":"summary_large_image","twitter_misc":{"Gesch\u00e4tzte Lesezeit":"4\u00a0Minuten"},"schema":{"@context":"https:\/\/schema.org","@graph":[{"@type":"WebPage","@id":"https:\/\/vapebulkp.com\/product\/vozol-vista-40000-puffs-vape-wholesale-best-price\/","url":"https:\/\/vapebulkp.com\/product\/vozol-vista-40000-puffs-vape-wholesale-best-price\/","name":"VOZOL VISTA 40000 Puffs Vape Wholesale Best Price - vapebulkp.com","isPartOf":{"@id":"https:\/\/vapebulkp.com\/#website"},"datePublished":"2025-07-09T08:46:35+00:00","dateModified":"2025-09-24T02:59:03+00:00","description":"VOZOL VISTA 40000 Puffs features a 270\u00b0 LED display, dual mesh coils, and a 1000mAh rechargeable battery. Adjustable airflow & wattage for the perfect MTL vape.","breadcrumb":{"@id":"https:\/\/vapebulkp.com\/product\/vozol-vista-40000-puffs-vape-wholesale-best-price\/#breadcrumb"},"inLanguage":"de","potentialAction":[{"@type":"ReadAction","target":["https:\/\/vapebulkp.com\/product\/vozol-vista-40000-puffs-vape-wholesale-best-price\/"]}]},{"@type":"BreadcrumbList","@id":"https:\/\/vapebulkp.com\/product\/vozol-vista-40000-puffs-vape-wholesale-best-price\/#breadcrumb","itemListElement":[{"@type":"ListItem","position":1,"name":"Home","item":"https:\/\/vapebulkp.com\/"},{"@type":"ListItem","position":2,"name":"Hot Trend Vapes","item":"https:\/\/vapebulkp.com\/vape-shop\/"},{"@type":"ListItem","position":3,"name":"VOZOL VISTA 40000 Puffs Vape Wholesale Best Price"}]},{"@type":"WebSite","@id":"https:\/\/vapebulkp.com\/#website","url":"https:\/\/vapebulkp.com\/","name":"vapebulkp.com","description":"Buy Vape In Cheap Bulk Price Near you","publisher":{"@id":"https:\/\/vapebulkp.com\/#organization"},"potentialAction":[{"@type":"SearchAction","target":{"@type":"EntryPoint","urlTemplate":"https:\/\/vapebulkp.com\/?s={search_term_string}"},"query-input":"required name=search_term_string"}],"inLanguage":"de"},{"@type":"Organization","@id":"https:\/\/vapebulkp.com\/#organization","name":"vapebulkp.com","url":"https:\/\/vapebulkp.com\/","logo":{"@type":"ImageObject","inLanguage":"de","@id":"https:\/\/vapebulkp.com\/#\/schema\/logo\/image\/","url":"https:\/\/vapebulkp.com\/wp-content\/uploads\/2023\/09\/cropped-vapebulkp.png","contentUrl":"https:\/\/vapebulkp.com\/wp-content\/uploads\/2023\/09\/cropped-vapebulkp.png","width":516,"height":163,"caption":"vapebulkp.com"},"image":{"@id":"https:\/\/vapebulkp.com\/#\/schema\/logo\/image\/"}}]}},"uagb_featured_image_src":{"full":["https:\/\/vapebulkp.com\/wp-content\/uploads\/2025\/07\/VOZOL-VISTA-40K-Puffs-Disposable-Vape-Wholesale-Price.jpg",800,800,false],"thumbnail":["https:\/\/vapebulkp.com\/wp-content\/uploads\/2025\/07\/VOZOL-VISTA-40K-Puffs-Disposable-Vape-Wholesale-Price-150x150.jpg",150,150,true],"medium":["https:\/\/vapebulkp.com\/wp-content\/uploads\/2025\/07\/VOZOL-VISTA-40K-Puffs-Disposable-Vape-Wholesale-Price-300x300.jpg",300,300,true],"medium_large":["https:\/\/vapebulkp.com\/wp-content\/uploads\/2025\/07\/VOZOL-VISTA-40K-Puffs-Disposable-Vape-Wholesale-Price-768x768.jpg",768,768,true],"large":["https:\/\/vapebulkp.com\/wp-content\/uploads\/2025\/07\/VOZOL-VISTA-40K-Puffs-Disposable-Vape-Wholesale-Price.jpg",800,800,false],"1536x1536":["https:\/\/vapebulkp.com\/wp-content\/uploads\/2025\/07\/VOZOL-VISTA-40K-Puffs-Disposable-Vape-Wholesale-Price.jpg",800,800,false],"2048x2048":["https:\/\/vapebulkp.com\/wp-content\/uploads\/2025\/07\/VOZOL-VISTA-40K-Puffs-Disposable-Vape-Wholesale-Price.jpg",800,800,false],"trp-custom-language-flag":["https:\/\/vapebulkp.com\/wp-content\/uploads\/2025\/07\/VOZOL-VISTA-40K-Puffs-Disposable-Vape-Wholesale-Price.jpg",12,12,false],"woocommerce_thumbnail":["https:\/\/vapebulkp.com\/wp-content\/uploads\/2025\/07\/VOZOL-VISTA-40K-Puffs-Disposable-Vape-Wholesale-Price-300x300.jpg",300,300,true],"woocommerce_single":["https:\/\/vapebulkp.com\/wp-content\/uploads\/2025\/07\/VOZOL-VISTA-40K-Puffs-Disposable-Vape-Wholesale-Price-600x600.jpg",600,600,true],"woocommerce_gallery_thumbnail":["https:\/\/vapebulkp.com\/wp-content\/uploads\/2025\/07\/VOZOL-VISTA-40K-Puffs-Disposable-Vape-Wholesale-Price-100x100.jpg",100,100,true],"wcpr-photo-reviews":["https:\/\/vapebulkp.com\/wp-content\/uploads\/2025\/07\/VOZOL-VISTA-40K-Puffs-Disposable-Vape-Wholesale-Price.jpg",500,500,false]},"uagb_author_info":{"display_name":"Mandy vape bulk price","author_link":"https:\/\/vapebulkp.com\/de\/author\/"},"uagb_comment_info":0,"uagb_excerpt":"Shop VOZOL VISTA 40000 puffs Vape Kits\u2014high capacity rechargeable vape pod system with reusable design. Ideal for wholesale buyers seeking premium, eco-friendly vapes devices. Pls Contact Mandy's WhatsApp For Discount Price+8618077105796 NOTE: Prices on our website does not include shipping costs Main reason for purchase 1. Excellent quality and unparalleled performance. 2. Competitive price and&hellip;","_links":{"self":[{"href":"https:\/\/vapebulkp.com\/de\/wp-json\/wp\/v2\/product\/3925","targetHints":{"allow":["GET"]}}],"collection":[{"href":"https:\/\/vapebulkp.com\/de\/wp-json\/wp\/v2\/product"}],"about":[{"href":"https:\/\/vapebulkp.com\/de\/wp-json\/wp\/v2\/types\/product"}],"replies":[{"embeddable":true,"href":"https:\/\/vapebulkp.com\/de\/wp-json\/wp\/v2\/comments?post=3925"}],"wp:featuredmedia":[{"embeddable":true,"href":"https:\/\/vapebulkp.com\/de\/wp-json\/wp\/v2\/media\/3920"}],"wp:attachment":[{"href":"https:\/\/vapebulkp.com\/de\/wp-json\/wp\/v2\/media?parent=3925"}],"wp:term":[{"taxonomy":"product_cat","embeddable":true,"href":"https:\/\/vapebulkp.com\/de\/wp-json\/wp\/v2\/product_cat?post=3925"},{"taxonomy":"product_tag","embeddable":true,"href":"https:\/\/vapebulkp.com\/de\/wp-json\/wp\/v2\/product_tag?post=3925"}],"curies":[{"name":"wp","href":"https:\/\/api.w.org\/{rel}","templated":true}]}}