{"id":1002,"date":"2021-10-08T06:08:04","date_gmt":"2021-10-08T06:08:04","guid":{"rendered":"https:\/\/vapebulkp.com\/about\/"},"modified":"2023-09-22T08:25:29","modified_gmt":"2023-09-22T06:25:29","slug":"about","status":"publish","type":"page","link":"https:\/\/vapebulkp.com\/es\/about\/","title":{"rendered":"Acerca de"},"content":{"rendered":"<div class=\"wp-block-uagb-container uagb-block-7f826306 alignfull uagb-is-root-container\"><div class=\"uagb-container-inner-blocks-wrap\">\n<div class=\"wp-block-uagb-container uagb-block-048907fa\">\n<div class=\"wp-block-uagb-advanced-heading uagb-block-fccb81b8\"><h1 class=\"uagb-heading-text\">Acerca de<\/h1><\/div>\n<\/div>\n\n\n\n<div class=\"wp-block-uagb-container uagb-block-2ed6c30a\">\n<div class=\"wp-block-uagb-info-box uagb-block-6eae1f46 uagb-infobox__content-wrap  uagb-infobox-icon-above-title uagb-infobox-image-valign-top\"><div class=\"uagb-ifb-content\"><div class=\"uagb-ifb-separator\"><\/div><div class=\"uagb-ifb-title-wrap\"><h3 class=\"uagb-ifb-title\">Proporcionamos vapes de moda y de alta rentabilidad para su negocio<\/h3><\/div><p class=\"uagb-ifb-desc\">Ofrecemos vapes de moda y de alta rentabilidad para su negocio. Nuestra misi\u00f3n es potenciar su negocio con productos de vapeo elegantes que ofrezcan rendimientos excepcionales. Brindamos diversidad, precios competitivos, asociaciones fiables y experiencia en la industria para apoyar su crecimiento. Gracias por elegirnos como su socio.<\/p><\/div><\/div>\n<\/div>\n<\/div><\/div>\n\n\n\n<div class=\"wp-block-uagb-container uagb-block-78d5481f alignfull uagb-is-root-container\"><div class=\"uagb-container-inner-blocks-wrap\">\n<div class=\"wp-block-uagb-image aligncenter uagb-block-3a9f8cbc wp-block-uagb-image--layout-default wp-block-uagb-image--effect-static wp-block-uagb-image--align-center\"><figure class=\"wp-block-uagb-image__figure\"><img decoding=\"async\" srcset=\"https:\/\/vapebulkp.com\/wp-content\/uploads\/2023\/09\/\u5de5\u5382-1.png \" sizes=\"auto, (max-width: 480px) 150px\" src=\"https:\/\/vapebulkp.com\/wp-content\/uploads\/2023\/09\/\u5de5\u5382-1.png\" alt=\"f\u00e1brica\" class=\"uag-image-1421\" width=\"1920\" height=\"1080\" title=\"\" loading=\"lazy\"\/><\/figure><\/div>\n<\/div><\/div>\n\n\n\n<div class=\"wp-block-uagb-container uagb-block-cb8a27eb alignfull uagb-is-root-container\"><div class=\"uagb-container-inner-blocks-wrap\">\n<div class=\"wp-block-uagb-container uagb-block-1ffc9321\">\n<div class=\"wp-block-uagb-advanced-heading uagb-block-27f47db3\"><h6 class=\"uagb-heading-text\">\u00bfPor qu\u00e9 comprarnos vapes?<\/h6><\/div>\n<\/div>\n\n\n\n<div class=\"wp-block-uagb-container uagb-block-6fd6ef76\">\n<p><strong>Estricto control de calidad<\/strong>: Mantenemos rigurosas medidas de control de calidad para garantizar que cada producto de vapeo cumpla con los m\u00e1s altos est\u00e1ndares. Sus clientes pueden confiar en la calidad y seguridad de lo que usted ofrece.<\/p>\n\n\n\n<p><strong>Alto potencial de ganancias<\/strong>: Nuestros precios competitivos y productos de alta calidad maximizan sus m\u00e1rgenes de ganancia. Con nosotros, obtendr\u00e1 rendimientos sustanciales de su inversi\u00f3n, lo que impulsar\u00e1 sus resultados.<\/p>\n\n\n\n<p><strong>Asociaci\u00f3n fiable<\/strong>: No somos solo proveedores; somos sus socios de confianza. Cuente con nosotros para un soporte constante y de primer nivel en toda la cadena de suministro, lo que le permitir\u00e1 concentrarse en hacer crecer su negocio con confianza.<\/p>\n<\/div>\n<\/div><\/div>\n\n\n\n<div class=\"wp-block-uagb-advanced-heading uagb-block-801af445\"><h2 class=\"uagb-heading-text\">Nuestro almac\u00e9n y embalaje<\/h2><\/div>\n\n\n\t\t\t\t\t<div\n\t\t\t\t\t\tclass=\"wp-block-uagb-image-gallery uagb-block-95364987\"\n\t\t\t\t\t\tstyle=\"\"\n\t\t\t\t\t>\n\t\t\t\t\t\t\t\t\t\t\t<div class=\"spectra-image-gallery spectra-image-gallery__layout--grid spectra-image-gallery__layout--grid-col-3 spectra-image-gallery__layout--grid-col-tab-3 spectra-image-gallery__layout--grid-col-mob-2\">\n\t\t\t\t\t\t\t\t\t\t\t<div class='spectra-image-gallery__media-wrapper' data-spectra-gallery-image-id='1426'>\n\t\t\t\t\t\t\t<div class=\"spectra-image-gallery__media spectra-image-gallery__media--grid\">\n\t\t\t\t<picture>\n\t\t\t\t\t<source media=\"(min-width: 1024px)\" srcset=\"http:\/\/vapebulkp.com\/wp-content\/uploads\/2023\/09\/RANDM-TORNADO-12000-VAPE-POD-FACTORY-899x1024.jpg\">\n\t\t\t\t\t<source media=\"(min-width: 768px)\" srcset=\"http:\/\/vapebulkp.com\/wp-content\/uploads\/2023\/09\/RANDM-TORNADO-12000-VAPE-POD-FACTORY-899x1024.jpg\">\n\t\t\t\t\t<img decoding=\"async\" class=\"spectra-image-gallery__media-thumbnail spectra-image-gallery__media-thumbnail--grid\" src=\"http:\/\/vapebulkp.com\/wp-content\/uploads\/2023\/09\/RANDM-TORNADO-12000-VAPE-POD-FACTORY-263x300.jpg\" alt=\"F\u00c1BRICA DE VAPES RANDM TORNADO 12000\" \/>\n\t\t\t\t<\/picture>\n\t\t\t\t<div class=\"spectra-image-gallery__media-thumbnail-blurrer\"><\/div>\n\t\t\t\t\t\t\t\t\t\t\t<div class=\"spectra-image-gallery__media-thumbnail-caption-wrapper spectra-image-gallery__media-thumbnail-caption-wrapper--overlay\">\n\t\t\t\t\t\t\t\t\t\t\t<div class=\"spectra-image-gallery__media-thumbnail-caption spectra-image-gallery__media-thumbnail-caption--overlay\">\n\t\t\t\t\tventa al por mayor de vapeo\t\t\t\t<\/div>\n\t\t\t\t\t\t\t\t\t\t<\/div>\n\t\t\t\t\t\t\t\t\t<\/div>\n\t\t\t\t\t\t<\/div>\n\t\t\t\t\t\t<div class='spectra-image-gallery__media-wrapper' data-spectra-gallery-image-id='1424'>\n\t\t\t\t\t\t\t<div class=\"spectra-image-gallery__media spectra-image-gallery__media--grid\">\n\t\t\t\t<picture>\n\t\t\t\t\t<source media=\"(min-width: 1024px)\" srcset=\"http:\/\/vapebulkp.com\/wp-content\/uploads\/2023\/09\/BANG-TORNADOR-10K-PUFF-VAPE-CHEAP-768x1024.jpg\">\n\t\t\t\t\t<source media=\"(min-width: 768px)\" srcset=\"http:\/\/vapebulkp.com\/wp-content\/uploads\/2023\/09\/BANG-TORNADOR-10K-PUFF-VAPE-CHEAP-768x1024.jpg\">\n\t\t\t\t\t<img decoding=\"async\" class=\"spectra-image-gallery__media-thumbnail spectra-image-gallery__media-thumbnail--grid\" src=\"http:\/\/vapebulkp.com\/wp-content\/uploads\/2023\/09\/BANG-TORNADOR-10K-PUFF-VAPE-CHEAP-225x300.jpg\" alt=\"VAPES BARATOS BANG TORNADOR 10K PUFF\" \/>\n\t\t\t\t<\/picture>\n\t\t\t\t<div class=\"spectra-image-gallery__media-thumbnail-blurrer\"><\/div>\n\t\t\t\t\t\t\t\t\t\t\t<div class=\"spectra-image-gallery__media-thumbnail-caption-wrapper spectra-image-gallery__media-thumbnail-caption-wrapper--overlay\">\n\t\t\t\t\t\t\t\t\t\t\t<div class=\"spectra-image-gallery__media-thumbnail-caption spectra-image-gallery__media-thumbnail-caption--overlay\">\n\t\t\t\t\tventa al por mayor de vapeo\t\t\t\t<\/div>\n\t\t\t\t\t\t\t\t\t\t<\/div>\n\t\t\t\t\t\t\t\t\t<\/div>\n\t\t\t\t\t\t<\/div>\n\t\t\t\t\t\t<div class='spectra-image-gallery__media-wrapper' data-spectra-gallery-image-id='1427'>\n\t\t\t\t\t\t\t<div class=\"spectra-image-gallery__media spectra-image-gallery__media--grid\">\n\t\t\t\t<picture>\n\t\t\t\t\t<source media=\"(min-width: 1024px)\" srcset=\"http:\/\/vapebulkp.com\/wp-content\/uploads\/2023\/09\/WAREHOUSE.jpg\">\n\t\t\t\t\t<source media=\"(min-width: 768px)\" srcset=\"http:\/\/vapebulkp.com\/wp-content\/uploads\/2023\/09\/WAREHOUSE.jpg\">\n\t\t\t\t\t<img decoding=\"async\" class=\"spectra-image-gallery__media-thumbnail spectra-image-gallery__media-thumbnail--grid\" src=\"http:\/\/vapebulkp.com\/wp-content\/uploads\/2023\/09\/WAREHOUSE-300x193.jpg\" alt=\"ALMAC\u00c9N\" \/>\n\t\t\t\t<\/picture>\n\t\t\t\t<div class=\"spectra-image-gallery__media-thumbnail-blurrer\"><\/div>\n\t\t\t\t\t\t\t\t\t\t\t<div class=\"spectra-image-gallery__media-thumbnail-caption-wrapper spectra-image-gallery__media-thumbnail-caption-wrapper--overlay\">\n\t\t\t\t\t\t\t\t\t\t\t<div class=\"spectra-image-gallery__media-thumbnail-caption spectra-image-gallery__media-thumbnail-caption--overlay\">\n\t\t\t\t\tventa al por mayor de vapeo\t\t\t\t<\/div>\n\t\t\t\t\t\t\t\t\t\t<\/div>\n\t\t\t\t\t\t\t\t\t<\/div>\n\t\t\t\t\t\t<\/div>\n\t\t\t\t\t\t<div class='spectra-image-gallery__media-wrapper' data-spectra-gallery-image-id='1425'>\n\t\t\t\t\t\t\t<div class=\"spectra-image-gallery__media spectra-image-gallery__media--grid\">\n\t\t\t\t<picture>\n\t\t\t\t\t<source media=\"(min-width: 1024px)\" srcset=\"http:\/\/vapebulkp.com\/wp-content\/uploads\/2023\/09\/RANDM-TORNADO-12000-VAEP-FACTORY-1024x768.jpg\">\n\t\t\t\t\t<source media=\"(min-width: 768px)\" srcset=\"http:\/\/vapebulkp.com\/wp-content\/uploads\/2023\/09\/RANDM-TORNADO-12000-VAEP-FACTORY-1024x768.jpg\">\n\t\t\t\t\t<img decoding=\"async\" class=\"spectra-image-gallery__media-thumbnail spectra-image-gallery__media-thumbnail--grid\" src=\"http:\/\/vapebulkp.com\/wp-content\/uploads\/2023\/09\/RANDM-TORNADO-12000-VAEP-FACTORY-300x225.jpg\" alt=\"F\u00c1BRICA DE VAPES RANDM TORNADO 12000\" \/>\n\t\t\t\t<\/picture>\n\t\t\t\t<div class=\"spectra-image-gallery__media-thumbnail-blurrer\"><\/div>\n\t\t\t\t\t\t\t\t\t\t\t<div class=\"spectra-image-gallery__media-thumbnail-caption-wrapper spectra-image-gallery__media-thumbnail-caption-wrapper--overlay\">\n\t\t\t\t\t\t\t\t\t\t\t<div class=\"spectra-image-gallery__media-thumbnail-caption spectra-image-gallery__media-thumbnail-caption--overlay\">\n\t\t\t\t\tventa al por mayor de vapeo\t\t\t\t<\/div>\n\t\t\t\t\t\t\t\t\t\t<\/div>\n\t\t\t\t\t\t\t\t\t<\/div>\n\t\t\t\t\t\t<\/div>\n\t\t\t\t\t\t<div class='spectra-image-gallery__media-wrapper' data-spectra-gallery-image-id='1431'>\n\t\t\t\t\t\t\t<div class=\"spectra-image-gallery__media spectra-image-gallery__media--grid\">\n\t\t\t\t<picture>\n\t\t\t\t\t<source media=\"(min-width: 1024px)\" srcset=\"http:\/\/vapebulkp.com\/wp-content\/uploads\/2023\/09\/\u5fae\u4fe1\u56fe\u7247_20230915114736-576x1024.jpg\">\n\t\t\t\t\t<source media=\"(min-width: 768px)\" srcset=\"http:\/\/vapebulkp.com\/wp-content\/uploads\/2023\/09\/\u5fae\u4fe1\u56fe\u7247_20230915114736-576x1024.jpg\">\n\t\t\t\t\t<img decoding=\"async\" class=\"spectra-image-gallery__media-thumbnail spectra-image-gallery__media-thumbnail--grid\" src=\"http:\/\/vapebulkp.com\/wp-content\/uploads\/2023\/09\/\u5fae\u4fe1\u56fe\u7247_20230915114736-169x300.jpg\" alt=\"tornado randm 10000 plus\" \/>\n\t\t\t\t<\/picture>\n\t\t\t\t<div class=\"spectra-image-gallery__media-thumbnail-blurrer\"><\/div>\n\t\t\t\t\t\t\t\t\t\t\t<div class=\"spectra-image-gallery__media-thumbnail-caption-wrapper spectra-image-gallery__media-thumbnail-caption-wrapper--overlay\">\n\t\t\t\t\t\t\t\t\t\t\t<div class=\"spectra-image-gallery__media-thumbnail-caption spectra-image-gallery__media-thumbnail-caption--overlay\">\n\t\t\t\t\tventa al por mayor de vapeo\t\t\t\t<\/div>\n\t\t\t\t\t\t\t\t\t\t<\/div>\n\t\t\t\t\t\t\t\t\t<\/div>\n\t\t\t\t\t\t<\/div>\n\t\t\t\t\t\t<div class='spectra-image-gallery__media-wrapper' data-spectra-gallery-image-id='1423'>\n\t\t\t\t\t\t\t<div class=\"spectra-image-gallery__media spectra-image-gallery__media--grid\">\n\t\t\t\t<picture>\n\t\t\t\t\t<source media=\"(min-width: 1024px)\" srcset=\"http:\/\/vapebulkp.com\/wp-content\/uploads\/2023\/09\/BANG-BOX-7000-VAPE-POD-1024x768.jpg\">\n\t\t\t\t\t<source media=\"(min-width: 768px)\" srcset=\"http:\/\/vapebulkp.com\/wp-content\/uploads\/2023\/09\/BANG-BOX-7000-VAPE-POD-1024x768.jpg\">\n\t\t\t\t\t<img decoding=\"async\" class=\"spectra-image-gallery__media-thumbnail spectra-image-gallery__media-thumbnail--grid\" src=\"http:\/\/vapebulkp.com\/wp-content\/uploads\/2023\/09\/BANG-BOX-7000-VAPE-POD-300x225.jpg\" alt=\"VAPES BANG BOX 7000\" \/>\n\t\t\t\t<\/picture>\n\t\t\t\t<div class=\"spectra-image-gallery__media-thumbnail-blurrer\"><\/div>\n\t\t\t\t\t\t\t\t\t\t\t<div class=\"spectra-image-gallery__media-thumbnail-caption-wrapper spectra-image-gallery__media-thumbnail-caption-wrapper--overlay\">\n\t\t\t\t\t\t\t\t\t\t\t<div class=\"spectra-image-gallery__media-thumbnail-caption spectra-image-gallery__media-thumbnail-caption--overlay\">\n\t\t\t\t\tventa al por mayor de vapeo\t\t\t\t<\/div>\n\t\t\t\t\t\t\t\t\t\t<\/div>\n\t\t\t\t\t\t\t\t\t<\/div>\n\t\t\t\t\t\t<\/div>\n\t\t\t\t\t\t\t\t\t\t<\/div>\n\t\t\t\t\t\t\t\t\t\t\t\t\t\t\t\t\t\t<\/div>","protected":false},"excerpt":{"rendered":"<p>About why buy vapes from us? Strict Quality Control: We maintain rigorous quality control measures to guarantee that every vape product meets the highest standards. Your customers can trust in the quality and safety of what you offer. High-Profit Potential: Our competitive pricing and high-quality products maximize your profit margins. With us, you&#8217;ll see substantial &hellip;<\/p>\n<p class=\"read-more\"> <a class=\"\" href=\"https:\/\/vapebulkp.com\/es\/about\/\"> <span class=\"screen-reader-text\">Acerca de<\/span> Leer m\u00e1s \u00bb<\/a><\/p>","protected":false},"author":1,"featured_media":0,"parent":0,"menu_order":0,"comment_status":"closed","ping_status":"closed","template":"","meta":{"_uag_custom_page_level_css":"","_lmt_disableupdate":"","_lmt_disable":"","site-sidebar-layout":"no-sidebar","site-content-layout":"plain-container","ast-site-content-layout":"normal-width-container","site-content-style":"unboxed","site-sidebar-style":"unboxed","ast-global-header-display":"","ast-banner-title-visibility":"","ast-main-header-display":"","ast-hfb-above-header-display":"","ast-hfb-below-header-display":"","ast-hfb-mobile-header-display":"","site-post-title":"disabled","ast-breadcrumbs-content":"","ast-featured-img":"disabled","footer-sml-layout":"","theme-transparent-header-meta":"disabled","adv-header-id-meta":"","stick-header-meta":"","header-above-stick-meta":"","header-main-stick-meta":"","header-below-stick-meta":"","astra-migrate-meta-layouts":"set","_joinchat":[],"footnotes":""},"class_list":["post-1002","page","type-page","status-publish","hentry"],"yoast_head":"<!-- This site is optimized with the Yoast SEO plugin v21.1 - https:\/\/yoast.com\/wordpress\/plugins\/seo\/ -->\n<title>About - vapebulkp.com<\/title>\n<meta name=\"robots\" content=\"index, follow, max-snippet:-1, max-image-preview:large, max-video-preview:-1\" \/>\n<link rel=\"canonical\" href=\"https:\/\/vapebulkp.com\/es\/about\/\" \/>\n<meta property=\"og:locale\" content=\"es_ES\" \/>\n<meta property=\"og:type\" content=\"article\" \/>\n<meta property=\"og:title\" content=\"About - vapebulkp.com\" \/>\n<meta property=\"og:description\" content=\"About why buy vapes from us? Strict Quality Control: We maintain rigorous quality control measures to guarantee that every vape product meets the highest standards. Your customers can trust in the quality and safety of what you offer. High-Profit Potential: Our competitive pricing and high-quality products maximize your profit margins. With us, you&#8217;ll see substantial &hellip; About Leer m\u00e1s &raquo;\" \/>\n<meta property=\"og:url\" content=\"https:\/\/vapebulkp.com\/es\/about\/\" \/>\n<meta property=\"og:site_name\" content=\"vapebulkp.com\" \/>\n<meta property=\"article:modified_time\" content=\"2023-09-22T06:25:29+00:00\" \/>\n<meta name=\"twitter:card\" content=\"summary_large_image\" \/>\n<meta name=\"twitter:label1\" content=\"Tiempo de lectura\" \/>\n\t<meta name=\"twitter:data1\" content=\"1 minuto\" \/>\n<script type=\"application\/ld+json\" class=\"yoast-schema-graph\">{\"@context\":\"https:\/\/schema.org\",\"@graph\":[{\"@type\":\"WebPage\",\"@id\":\"https:\/\/vapebulkp.com\/about\/\",\"url\":\"https:\/\/vapebulkp.com\/about\/\",\"name\":\"About - vapebulkp.com\",\"isPartOf\":{\"@id\":\"https:\/\/vapebulkp.com\/#website\"},\"datePublished\":\"2021-10-08T06:08:04+00:00\",\"dateModified\":\"2023-09-22T06:25:29+00:00\",\"breadcrumb\":{\"@id\":\"https:\/\/vapebulkp.com\/about\/#breadcrumb\"},\"inLanguage\":\"es\",\"potentialAction\":[{\"@type\":\"ReadAction\",\"target\":[\"https:\/\/vapebulkp.com\/about\/\"]}]},{\"@type\":\"BreadcrumbList\",\"@id\":\"https:\/\/vapebulkp.com\/about\/#breadcrumb\",\"itemListElement\":[{\"@type\":\"ListItem\",\"position\":1,\"name\":\"Home\",\"item\":\"https:\/\/vapebulkp.com\/\"},{\"@type\":\"ListItem\",\"position\":2,\"name\":\"About\"}]},{\"@type\":\"WebSite\",\"@id\":\"https:\/\/vapebulkp.com\/#website\",\"url\":\"https:\/\/vapebulkp.com\/\",\"name\":\"vapebulkp.com\",\"description\":\"Buy Vape In Cheap Bulk Price Near you\",\"publisher\":{\"@id\":\"https:\/\/vapebulkp.com\/#organization\"},\"potentialAction\":[{\"@type\":\"SearchAction\",\"target\":{\"@type\":\"EntryPoint\",\"urlTemplate\":\"https:\/\/vapebulkp.com\/?s={search_term_string}\"},\"query-input\":\"required name=search_term_string\"}],\"inLanguage\":\"es\"},{\"@type\":\"Organization\",\"@id\":\"https:\/\/vapebulkp.com\/#organization\",\"name\":\"vapebulkp.com\",\"url\":\"https:\/\/vapebulkp.com\/\",\"logo\":{\"@type\":\"ImageObject\",\"inLanguage\":\"es\",\"@id\":\"https:\/\/vapebulkp.com\/#\/schema\/logo\/image\/\",\"url\":\"https:\/\/vapebulkp.com\/wp-content\/uploads\/2023\/09\/cropped-vapebulkp.png\",\"contentUrl\":\"https:\/\/vapebulkp.com\/wp-content\/uploads\/2023\/09\/cropped-vapebulkp.png\",\"width\":516,\"height\":163,\"caption\":\"vapebulkp.com\"},\"image\":{\"@id\":\"https:\/\/vapebulkp.com\/#\/schema\/logo\/image\/\"}}]}<\/script>\n<!-- \/ Yoast SEO plugin. -->","yoast_head_json":{"title":"About - vapebulkp.com","robots":{"index":"index","follow":"follow","max-snippet":"max-snippet:-1","max-image-preview":"max-image-preview:large","max-video-preview":"max-video-preview:-1"},"canonical":"https:\/\/vapebulkp.com\/es\/about\/","og_locale":"es_ES","og_type":"article","og_title":"About - vapebulkp.com","og_description":"About why buy vapes from us? Strict Quality Control: We maintain rigorous quality control measures to guarantee that every vape product meets the highest standards. Your customers can trust in the quality and safety of what you offer. High-Profit Potential: Our competitive pricing and high-quality products maximize your profit margins. With us, you&#8217;ll see substantial &hellip; About Leer m\u00e1s &raquo;","og_url":"https:\/\/vapebulkp.com\/es\/about\/","og_site_name":"vapebulkp.com","article_modified_time":"2023-09-22T06:25:29+00:00","twitter_card":"summary_large_image","twitter_misc":{"Tiempo de lectura":"1 minuto"},"schema":{"@context":"https:\/\/schema.org","@graph":[{"@type":"WebPage","@id":"https:\/\/vapebulkp.com\/about\/","url":"https:\/\/vapebulkp.com\/about\/","name":"About - vapebulkp.com","isPartOf":{"@id":"https:\/\/vapebulkp.com\/#website"},"datePublished":"2021-10-08T06:08:04+00:00","dateModified":"2023-09-22T06:25:29+00:00","breadcrumb":{"@id":"https:\/\/vapebulkp.com\/about\/#breadcrumb"},"inLanguage":"es","potentialAction":[{"@type":"ReadAction","target":["https:\/\/vapebulkp.com\/about\/"]}]},{"@type":"BreadcrumbList","@id":"https:\/\/vapebulkp.com\/about\/#breadcrumb","itemListElement":[{"@type":"ListItem","position":1,"name":"Home","item":"https:\/\/vapebulkp.com\/"},{"@type":"ListItem","position":2,"name":"About"}]},{"@type":"WebSite","@id":"https:\/\/vapebulkp.com\/#website","url":"https:\/\/vapebulkp.com\/","name":"vapebulkp.com","description":"Buy Vape In Cheap Bulk Price Near you","publisher":{"@id":"https:\/\/vapebulkp.com\/#organization"},"potentialAction":[{"@type":"SearchAction","target":{"@type":"EntryPoint","urlTemplate":"https:\/\/vapebulkp.com\/?s={search_term_string}"},"query-input":"required name=search_term_string"}],"inLanguage":"es"},{"@type":"Organization","@id":"https:\/\/vapebulkp.com\/#organization","name":"vapebulkp.com","url":"https:\/\/vapebulkp.com\/","logo":{"@type":"ImageObject","inLanguage":"es","@id":"https:\/\/vapebulkp.com\/#\/schema\/logo\/image\/","url":"https:\/\/vapebulkp.com\/wp-content\/uploads\/2023\/09\/cropped-vapebulkp.png","contentUrl":"https:\/\/vapebulkp.com\/wp-content\/uploads\/2023\/09\/cropped-vapebulkp.png","width":516,"height":163,"caption":"vapebulkp.com"},"image":{"@id":"https:\/\/vapebulkp.com\/#\/schema\/logo\/image\/"}}]}},"uagb_featured_image_src":{"full":false,"thumbnail":false,"medium":false,"medium_large":false,"large":false,"1536x1536":false,"2048x2048":false,"trp-custom-language-flag":false,"woocommerce_thumbnail":false,"woocommerce_single":false,"woocommerce_gallery_thumbnail":false,"wcpr-photo-reviews":false},"uagb_author_info":{"display_name":"vapebulkp.com","author_link":"https:\/\/vapebulkp.com\/es\/author\/vapebulkp-com\/"},"uagb_comment_info":0,"uagb_excerpt":"About why buy vapes from us? Strict Quality Control: We maintain rigorous quality control measures to guarantee that every vape product meets the highest standards. Your customers can trust in the quality and safety of what you offer. High-Profit Potential: Our competitive pricing and high-quality products maximize your profit margins. With us, you&#8217;ll see substantial&hellip;","_links":{"self":[{"href":"https:\/\/vapebulkp.com\/es\/wp-json\/wp\/v2\/pages\/1002","targetHints":{"allow":["GET"]}}],"collection":[{"href":"https:\/\/vapebulkp.com\/es\/wp-json\/wp\/v2\/pages"}],"about":[{"href":"https:\/\/vapebulkp.com\/es\/wp-json\/wp\/v2\/types\/page"}],"author":[{"embeddable":true,"href":"https:\/\/vapebulkp.com\/es\/wp-json\/wp\/v2\/users\/1"}],"replies":[{"embeddable":true,"href":"https:\/\/vapebulkp.com\/es\/wp-json\/wp\/v2\/comments?post=1002"}],"version-history":[{"count":4,"href":"https:\/\/vapebulkp.com\/es\/wp-json\/wp\/v2\/pages\/1002\/revisions"}],"predecessor-version":[{"id":1574,"href":"https:\/\/vapebulkp.com\/es\/wp-json\/wp\/v2\/pages\/1002\/revisions\/1574"}],"wp:attachment":[{"href":"https:\/\/vapebulkp.com\/es\/wp-json\/wp\/v2\/media?parent=1002"}],"curies":[{"name":"wp","href":"https:\/\/api.w.org\/{rel}","templated":true}]}}