{"id":1503,"date":"2023-09-20T03:56:27","date_gmt":"2023-09-20T01:56:27","guid":{"rendered":"https:\/\/vapebulkp.com\/?post_type=product&#038;p=1503"},"modified":"2025-09-08T04:52:42","modified_gmt":"2025-09-08T02:52:42","slug":"popular-kulx-10000puffs-disposable-vape-good-price","status":"publish","type":"product","link":"https:\/\/vapebulkp.com\/es\/product\/popular-kulx-10000puffs-disposable-vape-good-price\/","title":{"rendered":"Vaporizador desechable popular Kulx 10000Puffs, buen precio"},"content":{"rendered":"<h2>Vaporizador desechable popular Kulx 10000Puffs, buen precio<\/h2>\n<p>El Vape al por Mayor Kulx <a href=\"https:\/\/vapebulkp.com\/es\/product-category\/10000-puffs-disposable-vape\/\">Vape Desechable 10000Puffs<\/a> est\u00e1 dise\u00f1ado para vapeadores que desean potencia, estilo y fiabilidad en un solo dispositivo. Con una capacidad de 10000 inhalaciones, es un vape desechable verdaderamente duradero, perfecto para el uso diario y ocasiones sociales.<\/p>\n<p>Cada dispositivo contiene 20 ml de vape de e-l\u00edquido premium, mezclado con ingredientes de alta calidad para ofrecer un vapor suave y un sabor rico. Utilizando la tecnolog\u00eda de vape de sal de nicotina, proporciona un golpe de garganta m\u00e1s fuerte y una satisfacci\u00f3n m\u00e1s r\u00e1pida, disponible en concentraciones de nicotina de 2% y 5% para adaptarse a diferentes preferencias.<\/p>\n<p>Construido con una bater\u00eda de 850 mAh, el Vape Desechable Kulx 10000 Puffs es un vape desechable recargable con carga Tipo-C, lo que garantiza comodidad y energ\u00eda constante durante todo el d\u00eda. Su dise\u00f1o moderno y port\u00e1til facilita su transporte, manteniendo la durabilidad y el rendimiento.<\/p>\n<p>Ideal para la venta al por mayor de vape de alta capacidad en la UE, el Kulx 10000 combina un dise\u00f1o innovador, una duraci\u00f3n de bater\u00eda fiable y una entrega de sabor premium. Una opci\u00f3n rentable para los minoristas y una opci\u00f3n fiable para los clientes espa\u00f1oles que buscan un vape desechable de alto rendimiento.<\/p>\n<h6 style=\"text-align: left\">\u00a0\u00a0\u00a0\u00a0<img decoding=\"async\" class=\"alignnone size-full wp-image-1661\" src=\"http:\/\/vapebulkp.com\/wp-content\/uploads\/2023\/09\/KULX-10000-puff-VAPE-POD-Wholesale-price-1.jpg\" alt=\"KULX 10000 caladas VAPE POD Precio al por mayor\" width=\"1024\" height=\"512\" srcset=\"https:\/\/vapebulkp.com\/wp-content\/uploads\/2023\/09\/KULX-10000-puff-VAPE-POD-Wholesale-price-1.jpg 1024w, https:\/\/vapebulkp.com\/wp-content\/uploads\/2023\/09\/KULX-10000-puff-VAPE-POD-Wholesale-price-1-300x150.jpg 300w, https:\/\/vapebulkp.com\/wp-content\/uploads\/2023\/09\/KULX-10000-puff-VAPE-POD-Wholesale-price-1-768x384.jpg 768w, https:\/\/vapebulkp.com\/wp-content\/uploads\/2023\/09\/KULX-10000-puff-VAPE-POD-Wholesale-price-1-600x300.jpg 600w\" sizes=\"(max-width: 1024px) 100vw, 1024px\" \/><\/h6>\n<h6>Por favor, contacta con el WhatsApp de Mandy para obtener un precio con descuento<a href=\"https:\/\/wa.me\/8618077105796\">+8618077105796<\/a><\/h6>\n<p><img decoding=\"async\" class=\"alignnone wp-image-2151\" src=\"http:\/\/vapebulkp.com\/wp-content\/uploads\/2024\/04\/Mandy-WhatsApp-Randm.jpg\" alt=\"Mandy WhatsApp Aleatorio\" width=\"241\" height=\"256\" srcset=\"https:\/\/vapebulkp.com\/wp-content\/uploads\/2024\/04\/Mandy-WhatsApp-Randm.jpg 916w, https:\/\/vapebulkp.com\/wp-content\/uploads\/2024\/04\/Mandy-WhatsApp-Randm-282x300.jpg 282w, https:\/\/vapebulkp.com\/wp-content\/uploads\/2024\/04\/Mandy-WhatsApp-Randm-768x817.jpg 768w, https:\/\/vapebulkp.com\/wp-content\/uploads\/2024\/04\/Mandy-WhatsApp-Randm-600x638.jpg 600w\" sizes=\"(max-width: 241px) 100vw, 241px\" \/><\/p>\n<h3><\/h3>\n<h6 class=\"style-scope ytd-watch-metadata\">1. \u00bfC\u00f3mo usar el Vape Pen Kulx 10000 Puffs?<\/h6>\n<p>&nbsp;<\/p>\n<p>Paso 1. Antes de usar 10k puffs, desenchufe el tubo de pl\u00e1stico.<\/p>\n<p>Paso 2. Espere unos 3 minutos para que el l\u00edquido entre en la resistencia.<\/p>\n<p>Paso 3. Disfr\u00fatelo<\/p>\n<h6>2. \u00bfC\u00d3MO CARGAR EL DISPOSITIVO DESECHABLE DE VAPE KULX 10000 PUFFS?<\/h6>\n<p>No se pueden utilizar cargadores de carga r\u00e1pida, y la potencia de seguridad est\u00e1ndar de los cigarrillos electr\u00f3nicos desechables es de 5V 1A. Cada tiempo de carga no puede exceder 1 hora, y el tiempo de carga seguro es de media hora.<\/p>\n<p><span style=\"color: #ff6600\">Aviso: \u00a1no recargar toda la noche!<\/span><\/p>\n<h4><strong><span style=\"vertical-align: inherit\">Especificaci\u00f3n <\/span><\/strong>Para el Kulx 10000Puffs:<\/h4>\n<h4><\/h4>\n<ul>\n<li>Bater\u00eda: 650mAh (Tipo C)<br \/>\nCapacidad: 18ml<br \/>\nResistencia: malla de 0,8 ohmios<br \/>\nVolumen de succi\u00f3n aproximado: 10000 puffs<br \/>\nFuerza de nicotina Plus: 0%,2%,3%,5%<br \/>\nCantidad m\u00ednima de pedido: 100 unidades<\/li>\n<\/ul>\n<h5><strong>\u00bfCu\u00e1les son los mejores sabores de vape Kulx 10000 Puffs?<\/strong><\/h5>\n<p><strong>1.Ar\u00e1ndano Frambuesa Helado<\/strong><\/p>\n<p><strong>2. Menta Lim\u00f3n<\/strong><\/p>\n<p><strong>3. Manzana Doble<\/strong><\/p>\n<p><strong>4.Sand\u00eda Helada<\/strong><\/p>\n<p><strong>5. Frutos Rojos Mixtos<\/strong><\/p>\n<p><strong>6. Hielo de Pi\u00f1a y Mango<\/strong><\/p>\n<p><strong>7. Fresa Kiwi<\/strong><\/p>\n<p><strong>8. Algod\u00f3n de Az\u00facar<\/strong><\/p>\n<p><strong>9. Fresa Sand\u00eda<\/strong><\/p>\n<p><strong>10. Uva Aloe<\/strong><\/p>\n<p><a href=\"https:\/\/vapebulkp.com\/es\/product\/popular-randm-tornado-7000puffs-disposable-vape-best-price\/\"><span style=\"vertical-align: inherit\">RandM Tornado 7000 Caladas <\/span><\/a><\/p>\n<p><span style=\"vertical-align: inherit\">Encuentra m\u00e1s productos que te puedan gustar:<\/span><em><a href=\"https:\/\/wa.me\/8618077105796\"><span style=\"vertical-align: inherit\">\u00a0C\u00f3mpralo ahora<\/span><\/a><\/em><\/p>\n<p><span style=\"vertical-align: inherit\">Otros vaporizadores que te pueden gustar:<\/span><a href=\"https:\/\/vapebulkp.com\/es\/product\/bulk-buy-kulx-8800-puffs-disposable-vape-wholesale-germany\/\"><span style=\"vertical-align: inherit\">Kulx 8800 caladas<\/span><\/a><span style=\"vertical-align: inherit\">\u3001<\/span><a href=\"https:\/\/vapebulkp.com\/es\/product\/good-sale-randm-tornado-10000-puffs-plus\/\"><span style=\"vertical-align: inherit\">Tornado 10000 caladas<\/span><\/a><span style=\"vertical-align: inherit\">\/ <\/span><a href=\"https:\/\/vapebulkp.com\/es\/product\/wholesale-randm-tornado-9000-puffs-germany\/\"><span style=\"vertical-align: inherit\">RandM 9000 caladas<\/span><\/a><span style=\"vertical-align: inherit\">\/ <\/span><a href=\"https:\/\/vapebulkp.com\/es\/product\/wholesale-kulx-8000-puffs-disposable-vape\/\"><span style=\"vertical-align: inherit\">Kulx 8000 caladas<\/span><\/a><\/p>\n<p><span style=\"vertical-align: inherit\">Cigarrillo electr\u00f3nico con forma especial:<\/span><a href=\"https:\/\/vapebulkp.com\/es\/product\/popular-kulx-10000puffs-disposable-vape-good-price\/\"><span style=\"vertical-align: inherit\">Kulx 10000 caladas <\/span><\/a><span style=\"vertical-align: inherit\">\/ <\/span><a href=\"https:\/\/vapebulkp.com\/es\/product\/popular-bang-king-10000-puffs-vape-good-price\/\"><span style=\"vertical-align: inherit\">Bang King 10000 caladas <\/span><\/a><span style=\"vertical-align: inherit\">\/<\/span><a href=\"https:\/\/vapebulkp.com\/es\/product\/disposable-vape-crystal-600-puffs\/\"><span style=\"vertical-align: inherit\">\u00a0Crysatl 600 caladas<\/span><\/a><\/p>\n<h4>Detalle de env\u00edo:<\/h4>\n<p><span style=\"color: #ff6600\">Tiempo de producci\u00f3n: 5-10 d\u00edas laborables<\/span><br \/>\n<span style=\"color: #ff6600\">Tiempo de env\u00edo: 8-14 d\u00edas laborables<\/span><\/p>\n<p>Todos los productos en nuestra tienda son 100% originales y aut\u00e9nticos, por lo que la compensaci\u00f3n de diez veces por productos falsos es la pol\u00edtica de nuestra tienda. Utilizamos canales log\u00edsticos como UPS\/DHL\/FEDEX\/DPD para entregarle los productos.<\/p>\n<p>Para los paquetes enviados a Espa\u00f1a, generalmente tardan 12 a 15 d\u00edas laborables en llegar. Actualizaremos la informaci\u00f3n de log\u00edstica para usted en tiempo real.<\/p>","protected":false},"excerpt":{"rendered":"<p>El <strong data-start=\"186\" data-end=\"222\">Kulx 10000 Puff Vape al por Mayor<\/strong> ofrece un rendimiento duradero sin necesidad de recargas ni cambios de resistencia. Dise\u00f1ado para la comodidad, este <strong data-start=\"325\" data-end=\"363\">Cigarrillo Electr\u00f3nico Desechable de 10k Puffs<\/strong> viene precargado con 18 ml de e-l\u00edquido de nicotina de sal premium, disponible en concentraciones de 0%, 2%, 3% y 5%. Con hasta 10,000 inhalaciones por dispositivo, ofrece un sabor consistente, un vapor suave y una opci\u00f3n de vapeo sin complicaciones, ideal tanto para el uso diario como para el suministro al por mayor en todo el mercado de la UE.<\/p>\n<p><img decoding=\"async\" class=\"alignnone wp-image-2151\" src=\"http:\/\/vapebulkp.com\/wp-content\/uploads\/2024\/04\/Mandy-WhatsApp-Randm.jpg\" alt=\"Mandy WhatsApp Aleatorio\" width=\"221\" height=\"235\" srcset=\"https:\/\/vapebulkp.com\/wp-content\/uploads\/2024\/04\/Mandy-WhatsApp-Randm.jpg 916w, https:\/\/vapebulkp.com\/wp-content\/uploads\/2024\/04\/Mandy-WhatsApp-Randm-282x300.jpg 282w, https:\/\/vapebulkp.com\/wp-content\/uploads\/2024\/04\/Mandy-WhatsApp-Randm-768x817.jpg 768w, https:\/\/vapebulkp.com\/wp-content\/uploads\/2024\/04\/Mandy-WhatsApp-Randm-600x638.jpg 600w\" sizes=\"(max-width: 221px) 100vw, 221px\" \/><\/p>\n<p>Por favor, contacta con el WhatsApp de Mandy para obtener un precio con descuento<a href=\"https:\/\/wa.me\/8618077105796\">+8618077105796<\/a><\/p>\n<p><span style=\"color: #ff0000\">NOTA: Los precios en nuestro sitio web no incluyen los gastos de env\u00edo<\/span><\/p>","protected":false},"featured_media":1662,"comment_status":"open","ping_status":"closed","template":"","meta":{"_uag_custom_page_level_css":"","_lmt_disableupdate":"no","_lmt_disable":"","site-sidebar-layout":"default","site-content-layout":"content-boxed-container","ast-site-content-layout":"normal-width-container","site-content-style":"boxed","site-sidebar-style":"unboxed","ast-global-header-display":"","ast-banner-title-visibility":"","ast-main-header-display":"","ast-hfb-above-header-display":"","ast-hfb-below-header-display":"","ast-hfb-mobile-header-display":"","site-post-title":"","ast-breadcrumbs-content":"","ast-featured-img":"","footer-sml-layout":"","theme-transparent-header-meta":"default","adv-header-id-meta":"","stick-header-meta":"","header-above-stick-meta":"","header-main-stick-meta":"","header-below-stick-meta":"","astra-migrate-meta-layouts":"set","_joinchat":[]},"product_cat":[167,153,155,33,59,100,98,34,158,157,154,152,58,84,156,63,32],"product_tag":[43,36,37,41,40],"class_list":["post-1503","product","type-product","status-publish","has-post-thumbnail","hentry","product_cat-10000-puffs-disposable-vape","product_cat-hot-disposable-vapes","product_cat-belgium-hot-disposable-vapes","product_cat-france-vape-hot-sale","product_cat-germany-hot-disposable-vape","product_cat-germany-wholesale-vape-shop","product_cat-moq-100pcs","product_cat-netherlands-vape-good-sale","product_cat-norway-hot-disposable-vapes","product_cat-poland-hot-disposable-vapes","product_cat-portugal-hot-disposable-vapes","product_cat-spain-hot-disposable-vapes","product_cat-sweden-hot-disposable-vape","product_cat-sweden-wholesale-vape","product_cat-switzerland-hot-disposable-vapes","product_cat-top-sale-disposable-vape","product_cat-vape-hot-sale-this-week","product_tag-10000puffs","product_tag-good-vape","product_tag-hot-sale-disposable-vape","product_tag-poland-hot-vape","product_tag-sweden-hot-vape","desktop-align-left","tablet-align-left","mobile-align-left"],"yoast_head":"<!-- This site is optimized with the Yoast SEO plugin v21.1 - https:\/\/yoast.com\/wordpress\/plugins\/seo\/ -->\n<title>Popular Kulx 10000Puffs Disposable Vape Good Price - vapebulkp.com<\/title>\n<meta name=\"description\" content=\"Shop the Kulx 10000 Puffs Disposable Vape with premium e-liquid and nicotine salt. A long-lasting disposable vape with Type-C charging for wholesale EU orders.\" \/>\n<meta name=\"robots\" content=\"index, follow, max-snippet:-1, max-image-preview:large, max-video-preview:-1\" \/>\n<link rel=\"canonical\" href=\"https:\/\/vapebulkp.com\/es\/product\/popular-kulx-10000puffs-disposable-vape-good-price\/\" \/>\n<meta property=\"og:locale\" content=\"es_ES\" \/>\n<meta property=\"og:type\" content=\"article\" \/>\n<meta property=\"og:title\" content=\"Popular Kulx 10000Puffs Disposable Vape Good Price - vapebulkp.com\" \/>\n<meta property=\"og:description\" content=\"Shop the Kulx 10000 Puffs Disposable Vape with premium e-liquid and nicotine salt. A long-lasting disposable vape with Type-C charging for wholesale EU orders.\" \/>\n<meta property=\"og:url\" content=\"https:\/\/vapebulkp.com\/es\/product\/popular-kulx-10000puffs-disposable-vape-good-price\/\" \/>\n<meta property=\"og:site_name\" content=\"vapebulkp.com\" \/>\n<meta property=\"article:modified_time\" content=\"2025-09-08T02:52:42+00:00\" \/>\n<meta property=\"og:image\" content=\"http:\/\/vapebulkp.com\/wp-content\/uploads\/2023\/09\/KULX-10000-VAPE-POD-NEAR-ME-1.jpg\" \/>\n\t<meta property=\"og:image:width\" content=\"2196\" \/>\n\t<meta property=\"og:image:height\" content=\"2196\" \/>\n\t<meta property=\"og:image:type\" content=\"image\/jpeg\" \/>\n<meta name=\"twitter:card\" content=\"summary_large_image\" \/>\n<meta name=\"twitter:label1\" content=\"Tiempo de lectura\" \/>\n\t<meta name=\"twitter:data1\" content=\"3 minutos\" \/>\n<script type=\"application\/ld+json\" class=\"yoast-schema-graph\">{\"@context\":\"https:\/\/schema.org\",\"@graph\":[{\"@type\":\"WebPage\",\"@id\":\"https:\/\/vapebulkp.com\/product\/popular-kulx-10000puffs-disposable-vape-good-price\/\",\"url\":\"https:\/\/vapebulkp.com\/product\/popular-kulx-10000puffs-disposable-vape-good-price\/\",\"name\":\"Popular Kulx 10000Puffs Disposable Vape Good Price - vapebulkp.com\",\"isPartOf\":{\"@id\":\"https:\/\/vapebulkp.com\/#website\"},\"datePublished\":\"2023-09-20T01:56:27+00:00\",\"dateModified\":\"2025-09-08T02:52:42+00:00\",\"description\":\"Shop the Kulx 10000 Puffs Disposable Vape with premium e-liquid and nicotine salt. A long-lasting disposable vape with Type-C charging for wholesale EU orders.\",\"breadcrumb\":{\"@id\":\"https:\/\/vapebulkp.com\/product\/popular-kulx-10000puffs-disposable-vape-good-price\/#breadcrumb\"},\"inLanguage\":\"es\",\"potentialAction\":[{\"@type\":\"ReadAction\",\"target\":[\"https:\/\/vapebulkp.com\/product\/popular-kulx-10000puffs-disposable-vape-good-price\/\"]}]},{\"@type\":\"BreadcrumbList\",\"@id\":\"https:\/\/vapebulkp.com\/product\/popular-kulx-10000puffs-disposable-vape-good-price\/#breadcrumb\",\"itemListElement\":[{\"@type\":\"ListItem\",\"position\":1,\"name\":\"Home\",\"item\":\"https:\/\/vapebulkp.com\/\"},{\"@type\":\"ListItem\",\"position\":2,\"name\":\"Hot Trend Vapes\",\"item\":\"https:\/\/vapebulkp.com\/vape-shop\/\"},{\"@type\":\"ListItem\",\"position\":3,\"name\":\"Popular Kulx 10000Puffs Disposable Vape Good Price\"}]},{\"@type\":\"WebSite\",\"@id\":\"https:\/\/vapebulkp.com\/#website\",\"url\":\"https:\/\/vapebulkp.com\/\",\"name\":\"vapebulkp.com\",\"description\":\"Buy Vape In Cheap Bulk Price Near you\",\"publisher\":{\"@id\":\"https:\/\/vapebulkp.com\/#organization\"},\"potentialAction\":[{\"@type\":\"SearchAction\",\"target\":{\"@type\":\"EntryPoint\",\"urlTemplate\":\"https:\/\/vapebulkp.com\/?s={search_term_string}\"},\"query-input\":\"required name=search_term_string\"}],\"inLanguage\":\"es\"},{\"@type\":\"Organization\",\"@id\":\"https:\/\/vapebulkp.com\/#organization\",\"name\":\"vapebulkp.com\",\"url\":\"https:\/\/vapebulkp.com\/\",\"logo\":{\"@type\":\"ImageObject\",\"inLanguage\":\"es\",\"@id\":\"https:\/\/vapebulkp.com\/#\/schema\/logo\/image\/\",\"url\":\"https:\/\/vapebulkp.com\/wp-content\/uploads\/2023\/09\/cropped-vapebulkp.png\",\"contentUrl\":\"https:\/\/vapebulkp.com\/wp-content\/uploads\/2023\/09\/cropped-vapebulkp.png\",\"width\":516,\"height\":163,\"caption\":\"vapebulkp.com\"},\"image\":{\"@id\":\"https:\/\/vapebulkp.com\/#\/schema\/logo\/image\/\"}}]}<\/script>\n<!-- \/ Yoast SEO plugin. -->","yoast_head_json":{"title":"Popular Kulx 10000Puffs Disposable Vape Good Price - vapebulkp.com","description":"Shop the Kulx 10000 Puffs Disposable Vape with premium e-liquid and nicotine salt. A long-lasting disposable vape with Type-C charging for wholesale EU orders.","robots":{"index":"index","follow":"follow","max-snippet":"max-snippet:-1","max-image-preview":"max-image-preview:large","max-video-preview":"max-video-preview:-1"},"canonical":"https:\/\/vapebulkp.com\/es\/product\/popular-kulx-10000puffs-disposable-vape-good-price\/","og_locale":"es_ES","og_type":"article","og_title":"Popular Kulx 10000Puffs Disposable Vape Good Price - vapebulkp.com","og_description":"Shop the Kulx 10000 Puffs Disposable Vape with premium e-liquid and nicotine salt. A long-lasting disposable vape with Type-C charging for wholesale EU orders.","og_url":"https:\/\/vapebulkp.com\/es\/product\/popular-kulx-10000puffs-disposable-vape-good-price\/","og_site_name":"vapebulkp.com","article_modified_time":"2025-09-08T02:52:42+00:00","og_image":[{"width":2196,"height":2196,"url":"http:\/\/vapebulkp.com\/wp-content\/uploads\/2023\/09\/KULX-10000-VAPE-POD-NEAR-ME-1.jpg","type":"image\/jpeg"}],"twitter_card":"summary_large_image","twitter_misc":{"Tiempo de lectura":"3 minutos"},"schema":{"@context":"https:\/\/schema.org","@graph":[{"@type":"WebPage","@id":"https:\/\/vapebulkp.com\/product\/popular-kulx-10000puffs-disposable-vape-good-price\/","url":"https:\/\/vapebulkp.com\/product\/popular-kulx-10000puffs-disposable-vape-good-price\/","name":"Popular Kulx 10000Puffs Disposable Vape Good Price - vapebulkp.com","isPartOf":{"@id":"https:\/\/vapebulkp.com\/#website"},"datePublished":"2023-09-20T01:56:27+00:00","dateModified":"2025-09-08T02:52:42+00:00","description":"Shop the Kulx 10000 Puffs Disposable Vape with premium e-liquid and nicotine salt. A long-lasting disposable vape with Type-C charging for wholesale EU orders.","breadcrumb":{"@id":"https:\/\/vapebulkp.com\/product\/popular-kulx-10000puffs-disposable-vape-good-price\/#breadcrumb"},"inLanguage":"es","potentialAction":[{"@type":"ReadAction","target":["https:\/\/vapebulkp.com\/product\/popular-kulx-10000puffs-disposable-vape-good-price\/"]}]},{"@type":"BreadcrumbList","@id":"https:\/\/vapebulkp.com\/product\/popular-kulx-10000puffs-disposable-vape-good-price\/#breadcrumb","itemListElement":[{"@type":"ListItem","position":1,"name":"Home","item":"https:\/\/vapebulkp.com\/"},{"@type":"ListItem","position":2,"name":"Hot Trend Vapes","item":"https:\/\/vapebulkp.com\/vape-shop\/"},{"@type":"ListItem","position":3,"name":"Popular Kulx 10000Puffs Disposable Vape Good Price"}]},{"@type":"WebSite","@id":"https:\/\/vapebulkp.com\/#website","url":"https:\/\/vapebulkp.com\/","name":"vapebulkp.com","description":"Buy Vape In Cheap Bulk Price Near you","publisher":{"@id":"https:\/\/vapebulkp.com\/#organization"},"potentialAction":[{"@type":"SearchAction","target":{"@type":"EntryPoint","urlTemplate":"https:\/\/vapebulkp.com\/?s={search_term_string}"},"query-input":"required name=search_term_string"}],"inLanguage":"es"},{"@type":"Organization","@id":"https:\/\/vapebulkp.com\/#organization","name":"vapebulkp.com","url":"https:\/\/vapebulkp.com\/","logo":{"@type":"ImageObject","inLanguage":"es","@id":"https:\/\/vapebulkp.com\/#\/schema\/logo\/image\/","url":"https:\/\/vapebulkp.com\/wp-content\/uploads\/2023\/09\/cropped-vapebulkp.png","contentUrl":"https:\/\/vapebulkp.com\/wp-content\/uploads\/2023\/09\/cropped-vapebulkp.png","width":516,"height":163,"caption":"vapebulkp.com"},"image":{"@id":"https:\/\/vapebulkp.com\/#\/schema\/logo\/image\/"}}]}},"uagb_featured_image_src":{"full":["https:\/\/vapebulkp.com\/wp-content\/uploads\/2023\/09\/KULX-10000-VAPE-POD-NEAR-ME-1.jpg",2196,2196,false],"thumbnail":["https:\/\/vapebulkp.com\/wp-content\/uploads\/2023\/09\/KULX-10000-VAPE-POD-NEAR-ME-1-150x150.jpg",150,150,true],"medium":["https:\/\/vapebulkp.com\/wp-content\/uploads\/2023\/09\/KULX-10000-VAPE-POD-NEAR-ME-1-300x300.jpg",300,300,true],"medium_large":["https:\/\/vapebulkp.com\/wp-content\/uploads\/2023\/09\/KULX-10000-VAPE-POD-NEAR-ME-1-768x768.jpg",768,768,true],"large":["https:\/\/vapebulkp.com\/wp-content\/uploads\/2023\/09\/KULX-10000-VAPE-POD-NEAR-ME-1-1024x1024.jpg",1024,1024,true],"1536x1536":["https:\/\/vapebulkp.com\/wp-content\/uploads\/2023\/09\/KULX-10000-VAPE-POD-NEAR-ME-1-1536x1536.jpg",1536,1536,true],"2048x2048":["https:\/\/vapebulkp.com\/wp-content\/uploads\/2023\/09\/KULX-10000-VAPE-POD-NEAR-ME-1-2048x2048.jpg",2048,2048,true],"trp-custom-language-flag":["https:\/\/vapebulkp.com\/wp-content\/uploads\/2023\/09\/KULX-10000-VAPE-POD-NEAR-ME-1.jpg",12,12,false],"woocommerce_thumbnail":["https:\/\/vapebulkp.com\/wp-content\/uploads\/2023\/09\/KULX-10000-VAPE-POD-NEAR-ME-1-300x300.jpg",300,300,true],"woocommerce_single":["https:\/\/vapebulkp.com\/wp-content\/uploads\/2023\/09\/KULX-10000-VAPE-POD-NEAR-ME-1-600x600.jpg",600,600,true],"woocommerce_gallery_thumbnail":["https:\/\/vapebulkp.com\/wp-content\/uploads\/2023\/09\/KULX-10000-VAPE-POD-NEAR-ME-1-100x100.jpg",100,100,true],"wcpr-photo-reviews":["https:\/\/vapebulkp.com\/wp-content\/uploads\/2023\/09\/KULX-10000-VAPE-POD-NEAR-ME-1.jpg",500,500,false]},"uagb_author_info":{"display_name":"Mandy vape bulk price","author_link":"https:\/\/vapebulkp.com\/es\/author\/"},"uagb_comment_info":2,"uagb_excerpt":"The Kulx 10000 Puff Wholesale Vape delivers lasting performance with no refills or coil changes required. Designed for convenience, this 10k Puffs Disposable E-Cigarette comes pre-filled with 18ml of premium salt nicotine e-liquid, available in 0%, 2%, 3%, and 5% strengths. With up to 10,000 puffs per device, it offers consistent flavor, smooth vapor, and&hellip;","_links":{"self":[{"href":"https:\/\/vapebulkp.com\/es\/wp-json\/wp\/v2\/product\/1503","targetHints":{"allow":["GET"]}}],"collection":[{"href":"https:\/\/vapebulkp.com\/es\/wp-json\/wp\/v2\/product"}],"about":[{"href":"https:\/\/vapebulkp.com\/es\/wp-json\/wp\/v2\/types\/product"}],"replies":[{"embeddable":true,"href":"https:\/\/vapebulkp.com\/es\/wp-json\/wp\/v2\/comments?post=1503"}],"wp:featuredmedia":[{"embeddable":true,"href":"https:\/\/vapebulkp.com\/es\/wp-json\/wp\/v2\/media\/1662"}],"wp:attachment":[{"href":"https:\/\/vapebulkp.com\/es\/wp-json\/wp\/v2\/media?parent=1503"}],"wp:term":[{"taxonomy":"product_cat","embeddable":true,"href":"https:\/\/vapebulkp.com\/es\/wp-json\/wp\/v2\/product_cat?post=1503"},{"taxonomy":"product_tag","embeddable":true,"href":"https:\/\/vapebulkp.com\/es\/wp-json\/wp\/v2\/product_tag?post=1503"}],"curies":[{"name":"wp","href":"https:\/\/api.w.org\/{rel}","templated":true}]}}