{"id":1523,"date":"2023-09-20T05:18:44","date_gmt":"2023-09-20T03:18:44","guid":{"rendered":"https:\/\/vapebulkp.com\/?post_type=product&#038;p=1523"},"modified":"2025-09-16T11:23:39","modified_gmt":"2025-09-16T09:23:39","slug":"good-sale-randm-tornado-10000-puffs-plus","status":"publish","type":"product","link":"https:\/\/vapebulkp.com\/es\/product\/good-sale-randm-tornado-10000-puffs-plus\/","title":{"rendered":"Buena Venta RandM Tornado 10000 Puffs Plus Alemania"},"content":{"rendered":"<h2>Buena Venta RandM Tornado 10000 Caladas Plus<\/h2>\n<p data-start=\"139\" data-end=\"410\">El <strong data-start=\"143\" data-end=\"172\">RandM Tornado 10000 Caladas<\/strong> es un vaper de alto rendimiento <strong data-start=\"195\" data-end=\"226\">Vaper desechable de 10000 caladas<\/strong> dise\u00f1ado para entusiastas del vapeo europeos que buscan comodidad y calidad. Pre-cargado con 20 ml de e-l\u00edquido premium de sal de nicotina, ofrece vapor suave y con cuerpo en cada calada.<\/p>\n<p data-start=\"412\" data-end=\"709\">Con un sistema de 0.8\u03a9 <strong data-start=\"429\" data-end=\"447\">bobina de malla de vapeo<\/strong> y una bater\u00eda recargable de 850 mAh tipo C, este <strong data-start=\"503\" data-end=\"536\">vaporizador desechable de alta capacidad<\/strong> asegura un sabor constante y golpes de garganta satisfactorios hasta por 10.000 caladas. Disponible en concentraciones de nicotina del 2% y 5%, satisface las preferencias de golpes moderados y fuertes.<\/p>\n<p data-start=\"711\" data-end=\"983\">Compacto y ligero, el <strong data-start=\"740\" data-end=\"785\">Tornado RandM <a href=\"https:\/\/vapebulkp.com\/es\/product-category\/10000-puffs-disposable-vape\/\">Vaper desechable de 10000 caladas<\/a><\/strong> es f\u00e1cil de transportar, c\u00f3modo para viajar y est\u00e1 listo para usar en cualquier lugar. Su dise\u00f1o ergon\u00f3mico y su rendimiento robusto lo hacen ideal para el vapeo diario, entornos sociales o distribuci\u00f3n al por mayor en toda Europa.<\/p>\n<h6 style=\"text-align: left\"><img decoding=\"async\" class=\"alignnone wp-image-1706\" src=\"http:\/\/vapebulkp.com\/wp-content\/uploads\/2023\/09\/randm-tornado-vape-10000-plus-1.jpg\" alt=\"randm-tornado-vape-10000-plus\" width=\"372\" height=\"372\" srcset=\"https:\/\/vapebulkp.com\/wp-content\/uploads\/2023\/09\/randm-tornado-vape-10000-plus-1.jpg 1000w, https:\/\/vapebulkp.com\/wp-content\/uploads\/2023\/09\/randm-tornado-vape-10000-plus-1-300x300.jpg 300w, https:\/\/vapebulkp.com\/wp-content\/uploads\/2023\/09\/randm-tornado-vape-10000-plus-1-150x150.jpg 150w, https:\/\/vapebulkp.com\/wp-content\/uploads\/2023\/09\/randm-tornado-vape-10000-plus-1-768x768.jpg 768w, https:\/\/vapebulkp.com\/wp-content\/uploads\/2023\/09\/randm-tornado-vape-10000-plus-1-600x600.jpg 600w, https:\/\/vapebulkp.com\/wp-content\/uploads\/2023\/09\/randm-tornado-vape-10000-plus-1-100x100.jpg 100w\" sizes=\"(max-width: 372px) 100vw, 372px\" \/><\/h6>\n<h6>Por favor, contacta con el WhatsApp de Mandy para obtener un precio con descuento<a href=\"https:\/\/wa.me\/8618077105796\">+8618077105796<\/a><\/h6>\n<p><img decoding=\"async\" class=\"alignnone wp-image-2151\" src=\"http:\/\/vapebulkp.com\/wp-content\/uploads\/2024\/04\/Mandy-WhatsApp-Randm.jpg\" alt=\"Mandy WhatsApp Aleatorio\" width=\"239\" height=\"254\" srcset=\"https:\/\/vapebulkp.com\/wp-content\/uploads\/2024\/04\/Mandy-WhatsApp-Randm.jpg 916w, https:\/\/vapebulkp.com\/wp-content\/uploads\/2024\/04\/Mandy-WhatsApp-Randm-282x300.jpg 282w, https:\/\/vapebulkp.com\/wp-content\/uploads\/2024\/04\/Mandy-WhatsApp-Randm-768x817.jpg 768w, https:\/\/vapebulkp.com\/wp-content\/uploads\/2024\/04\/Mandy-WhatsApp-Randm-600x638.jpg 600w\" sizes=\"(max-width: 239px) 100vw, 239px\" \/><\/p>\n<h2><span style=\"vertical-align: inherit\">Pensamos que te gustar\u00eda saber sobre RandM Tornado 10000 Caladas Plus:<\/span><\/h2>\n<h5 class=\"style-scope ytd-watch-metadata\">1.C\u00f3mo usar r and m <span style=\"vertical-align: inherit\">\u00a0tornado 10000 caladas desechable Plus <\/span>\u00bfBol\u00edgrafo de vapeo?<\/h5>\n<p>Paso 1. Antes de usar 10k puffs, desenchufe el tubo de pl\u00e1stico.<\/p>\n<p>Paso 2. Espere unos 3 minutos para que el l\u00edquido entre en la resistencia.<\/p>\n<p>Paso 3. Disfr\u00fatelo<\/p>\n<h5>2.C\u00f3mo cargar el vapeador desechable r<span style=\"vertical-align: inherit\">\u00a0M\u00e1s de 10000 caladas <\/span>\u00bfDISPOSITIVO?<\/h5>\n<p>No se pueden utilizar cargadores de carga r\u00e1pida. La potencia segura est\u00e1ndar de los cigarrillos electr\u00f3nicos desechables es de 5V 1A.<\/p>\n<p>El tiempo de carga no puede exceder 1 hora. El tiempo de carga seguro es de media hora.<\/p>\n<p><span style=\"color: #ff6600\">Aviso: \u00a1no recargar toda la noche!<\/span><\/p>\n<h5>3. \u00bfCu\u00e1l es la capacidad de e-l\u00edquido del randm puff 10000?<\/h5>\n<p>\u2014\u201320ml<\/p>\n<h5>4. \u00bfCu\u00e1ntas caladas puedo dar de este randm tornado 10000 Puffs Plus?<\/h5>\n<p>\u2014\u201310000 Puffs plus<\/p>\n<h3><strong><span style=\"vertical-align: inherit\">Especificaciones para randm 10000 puffs Plus:<\/span><br \/>\n<\/strong><\/h3>\n<p>Bater\u00eda: 850 mAh (Tipo C)<br \/>\nCapacidad: 20ml<br \/>\nResistencia: malla de 0,8 ohmios<br \/>\nVolumen de succi\u00f3n aproximado: 10000 puffs<br \/>\nNivel de nicotina: 2%, 5%<br \/>\nCantidad m\u00ednima de pedido: 100 unidades<\/p>\n<h3><strong>\u00a0Mejores opciones de sabores de randm vape 10000Puffs Plus:<\/strong><\/h3>\n<p><strong>1 menta refrescante<br \/>\n2 Hielo exuberante<br \/>\n3 ositos<br \/>\n4 Ar\u00e1ndano y hielo<br \/>\n5 Hielo de uva<br \/>\n6 Limonada rosa<br \/>\n7 Frutos rojos mixtos<br \/>\n8 Sand\u00eda y fresa <\/strong><\/p>\n<p><strong>9. Manzana roja y lim\u00f3n 10<br \/>\n10. kiwi fresa<br \/>\n11 chicle de ar\u00e1ndanos<br \/>\n12 Frambuesas azules \u00e1cidas<br \/>\n13 Dr. Lan<br \/>\n14 mango y melocot\u00f3n<br \/>\n15 Hielo de fresa<br \/>\n16 Ramblaz hielo<br \/>\n17 pi\u00f1a helada<br \/>\n18 cerezas<br \/>\n19 Melocot\u00f3n helado<br \/>\n20 sand\u00eda con frambuesas<br \/>\n21 ar\u00e1ndanos con frambuesas<\/strong><\/p>\n<p><span style=\"vertical-align: inherit\">Encuentra m\u00e1s productos que te puedan gustar:<\/span><em><a href=\"https:\/\/wa.me\/8618077105796\"><span style=\"vertical-align: inherit\">\u00a0C\u00f3mpralo ahora<\/span><\/a><\/em><\/p>\n<p><span style=\"vertical-align: inherit\">Otros vaporizadores que te pueden gustar:<\/span><a href=\"https:\/\/vapebulkp.com\/es\/product\/wholesale-price-og-super-smash-10000-puffs-disposable-vape\/\"><span style=\"vertical-align: inherit\">OG Smash 10000 caladas<\/span><\/a><span style=\"vertical-align: inherit\">\u3001<\/span><a href=\"https:\/\/vapebulkp.com\/es\/product\/good-sale-randm-tornado-10000-puffs-plus\/\"><span style=\"vertical-align: inherit\">RandM Tornado 10000 Caladas<\/span><\/a><span style=\"vertical-align: inherit\">\/ <\/span><a href=\"https:\/\/vapebulkp.com\/es\/product\/popular-kulx-10000puffs-disposable-vape-good-price\/\"><span style=\"vertical-align: inherit\">Kulx 10000 caladas<\/span><\/a><span style=\"vertical-align: inherit\">\/ <\/span><a href=\"https:\/\/vapebulkp.com\/es\/product\/wholesale-randm-vape-9000-puffs-germany\/\"><span style=\"vertical-align: inherit\">RandM Tornado 9000 caladas\/<\/span><\/a><\/p>\n<p><span style=\"vertical-align: inherit\">Cigarrillo electr\u00f3nico con forma especial:<\/span><a href=\"https:\/\/vapebulkp.com\/es\/product\/wholesale-tornado-rum-bar-9000-puffs-sweden\/\"><span style=\"vertical-align: inherit\">Rumbar 9000 caladas<\/span><\/a><span style=\"vertical-align: inherit\">\/ <\/span><a href=\"https:\/\/vapebulkp.com\/es\/product\/popular-bang-king-10000-puffs-vape-good-price\/\"><span style=\"vertical-align: inherit\">luces RGB<\/span><\/a><span style=\"vertical-align: inherit\">\/<\/span><a href=\"https:\/\/vapebulkp.com\/es\/product\/top-sale-waspe-12000puffs-disposable-vape-wholesale-france\/\"><span style=\"vertical-align: inherit\">WASPE 12000 Caladas <\/span><\/a><\/p>\n<h5>Cualificaci\u00f3n de la producci\u00f3n:<\/h5>\n<p><img decoding=\"async\" class=\"alignnone size-full wp-image-1841\" src=\"http:\/\/vapebulkp.com\/wp-content\/uploads\/2023\/11\/Vape-production-process-2.jpeg\" alt=\"Proceso de producci\u00f3n de vapes\" width=\"650\" height=\"434\" srcset=\"https:\/\/vapebulkp.com\/wp-content\/uploads\/2023\/11\/Vape-production-process-2.jpeg 650w, https:\/\/vapebulkp.com\/wp-content\/uploads\/2023\/11\/Vape-production-process-2-300x200.jpeg 300w, https:\/\/vapebulkp.com\/wp-content\/uploads\/2023\/11\/Vape-production-process-2-600x401.jpeg 600w\" sizes=\"(max-width: 650px) 100vw, 650px\" \/><\/p>\n<p><img decoding=\"async\" class=\"alignnone size-full wp-image-1843\" src=\"http:\/\/vapebulkp.com\/wp-content\/uploads\/2023\/11\/Vape-production-process.jpeg\" alt=\"Proceso de producci\u00f3n de vapes\" width=\"641\" height=\"1026\" srcset=\"https:\/\/vapebulkp.com\/wp-content\/uploads\/2023\/11\/Vape-production-process.jpeg 641w, https:\/\/vapebulkp.com\/wp-content\/uploads\/2023\/11\/Vape-production-process-187x300.jpeg 187w, https:\/\/vapebulkp.com\/wp-content\/uploads\/2023\/11\/Vape-production-process-640x1024.jpeg 640w, https:\/\/vapebulkp.com\/wp-content\/uploads\/2023\/11\/Vape-production-process-600x960.jpeg 600w\" sizes=\"(max-width: 641px) 100vw, 641px\" \/><\/p>\n<h5>Preguntas frecuentes:<\/h5>\n<p>P: \u00bfCu\u00e1l es el MOQ de r and m tornado 10000?<br \/>\nR: El pedido m\u00ednimo es de 100 unidades.<br \/>\nP: \u00bfCu\u00e1l es el tiempo de entrega para los vapes r y m pedidos?<br \/>\nR: Generalmente son de 10 a 15 d\u00edas despu\u00e9s del env\u00edo.<br \/>\nP: \u00bfCu\u00e1nto cuesta el env\u00edo?R: El coste de env\u00edo depende del peso.diferentes cantidades tienen diferentes costes de env\u00edo, por favor cont\u00e1ctenos para confirmar el coste de env\u00edo.<\/p>\n<h4>Detalle de env\u00edo:<\/h4>\n<p><span style=\"color: #ff6600\">Tiempo de producci\u00f3n: 5-10 d\u00edas laborables<\/span><br \/>\n<span style=\"color: #ff6600\">Tiempo de env\u00edo: 8-14 d\u00edas laborables<\/span><\/p>\n<p>Todos los productos en nuestra tienda son 100% originales y aut\u00e9nticos, por lo que la compensaci\u00f3n de diez veces por productos falsos es la pol\u00edtica de nuestra tienda. Utilizamos canales log\u00edsticos como UPS\/DHL\/FEDEX\/DPD para entregarle los productos.<\/p>\n<p>Para los paquetes enviados a Espa\u00f1a, generalmente tardan 12 a 15 d\u00edas laborables en llegar. Actualizaremos la informaci\u00f3n de log\u00edstica para usted en tiempo real.<\/p>","protected":false},"excerpt":{"rendered":"<p>Bienvenido al futuro del vapeo con el cigarrillo electr\u00f3nico desechable RandM Tornado 10000 Caladas Plus. Este notable dispositivo ofrece unas asombrosas 10000 caladas en un paquete elegante y desechable, proporcionando a los vapeadores una comodidad y un sabor inigualables. Diga adi\u00f3s a las molestias del vapeo tradicional y hola a una nueva forma de disfrutar de sus sabores favoritos.<\/p>\n<p>Vapeador randm torndado bueno y popular<\/p>\n<p>Mejor venta vapeador randm 10000 caladas<\/p>\n<p><a href=\"http:\/\/Tienda de vapeadores Randm\">http:\/\/Tienda de vapeadores Randm<\/a><\/p>\n<p><img decoding=\"async\" class=\"alignnone wp-image-2151\" src=\"http:\/\/vapebulkp.com\/wp-content\/uploads\/2024\/04\/Mandy-WhatsApp-Randm.jpg\" alt=\"Mandy WhatsApp Aleatorio\" width=\"255\" height=\"271\" srcset=\"https:\/\/vapebulkp.com\/wp-content\/uploads\/2024\/04\/Mandy-WhatsApp-Randm.jpg 916w, https:\/\/vapebulkp.com\/wp-content\/uploads\/2024\/04\/Mandy-WhatsApp-Randm-282x300.jpg 282w, https:\/\/vapebulkp.com\/wp-content\/uploads\/2024\/04\/Mandy-WhatsApp-Randm-768x817.jpg 768w, https:\/\/vapebulkp.com\/wp-content\/uploads\/2024\/04\/Mandy-WhatsApp-Randm-600x638.jpg 600w\" sizes=\"(max-width: 255px) 100vw, 255px\" \/><\/p>\n<p>Por favor, contacta con el WhatsApp de Mandy para obtener un precio con descuento<a href=\"https:\/\/wa.me\/8618077105796\">+8618077105796<\/a><\/p>\n<p><span style=\"color: #ff0000\">NOTA: Los precios en nuestro sitio web no incluyen los gastos de env\u00edo<\/span><\/p>","protected":false},"featured_media":1541,"comment_status":"open","ping_status":"closed","template":"","meta":{"_uag_custom_page_level_css":"","_lmt_disableupdate":"no","_lmt_disable":"","site-sidebar-layout":"default","site-content-layout":"content-boxed-container","ast-site-content-layout":"normal-width-container","site-content-style":"boxed","site-sidebar-style":"unboxed","ast-global-header-display":"","ast-banner-title-visibility":"","ast-main-header-display":"","ast-hfb-above-header-display":"","ast-hfb-below-header-display":"","ast-hfb-mobile-header-display":"","site-post-title":"","ast-breadcrumbs-content":"","ast-featured-img":"","footer-sml-layout":"","theme-transparent-header-meta":"default","adv-header-id-meta":"","stick-header-meta":"","header-above-stick-meta":"","header-main-stick-meta":"","header-below-stick-meta":"","astra-migrate-meta-layouts":"set","_joinchat":[]},"product_cat":[167,153,155,33,352,59,100,87,34,158,157,154,152,58,84,156,63,32],"product_tag":[49,36,37,41,74,40],"class_list":["post-1523","product","type-product","status-publish","has-post-thumbnail","hentry","product_cat-10000-puffs-disposable-vape","product_cat-hot-disposable-vapes","product_cat-belgium-hot-disposable-vapes","product_cat-france-vape-hot-sale","product_cat-fumot-vapes","product_cat-germany-hot-disposable-vape","product_cat-germany-wholesale-vape-shop","product_cat-minimum-order-quantity-50pcs","product_cat-netherlands-vape-good-sale","product_cat-norway-hot-disposable-vapes","product_cat-poland-hot-disposable-vapes","product_cat-portugal-hot-disposable-vapes","product_cat-spain-hot-disposable-vapes","product_cat-sweden-hot-disposable-vape","product_cat-sweden-wholesale-vape","product_cat-switzerland-hot-disposable-vapes","product_cat-top-sale-disposable-vape","product_cat-vape-hot-sale-this-week","product_tag-10000puffs-plus","product_tag-good-vape","product_tag-hot-sale-disposable-vape","product_tag-poland-hot-vape","product_tag-randm-vape","product_tag-sweden-hot-vape","pa_brand-fumot-vape","desktop-align-left","tablet-align-left","mobile-align-left"],"yoast_head":"<!-- This site is optimized with the Yoast SEO plugin v21.1 - https:\/\/yoast.com\/wordpress\/plugins\/seo\/ -->\n<title>Good Sale RandM Tornado 10000 Puffs Plus Germany - vapebulkp.com<\/title>\n<meta name=\"description\" content=\"RandM Tornado 10000 Puffs Plus Vape ergonomic design fits perfectly in your hand and is compact enough to slip into your pocket or purse.\" \/>\n<meta name=\"robots\" content=\"index, follow, max-snippet:-1, max-image-preview:large, max-video-preview:-1\" \/>\n<link rel=\"canonical\" href=\"https:\/\/vapebulkp.com\/es\/product\/good-sale-randm-tornado-10000-puffs-plus\/\" \/>\n<meta property=\"og:locale\" content=\"es_ES\" \/>\n<meta property=\"og:type\" content=\"article\" \/>\n<meta property=\"og:title\" content=\"Good Sale RandM Tornado 10000 Puffs Plus Germany - vapebulkp.com\" \/>\n<meta property=\"og:description\" content=\"RandM Tornado 10000 Puffs Plus Vape ergonomic design fits perfectly in your hand and is compact enough to slip into your pocket or purse.\" \/>\n<meta property=\"og:url\" content=\"https:\/\/vapebulkp.com\/es\/product\/good-sale-randm-tornado-10000-puffs-plus\/\" \/>\n<meta property=\"og:site_name\" content=\"vapebulkp.com\" \/>\n<meta property=\"article:modified_time\" content=\"2025-09-16T09:23:39+00:00\" \/>\n<meta property=\"og:image\" content=\"http:\/\/vapebulkp.com\/wp-content\/uploads\/2023\/09\/76612692f100d93cac6618a626c666e.jpg\" \/>\n\t<meta property=\"og:image:width\" content=\"1080\" \/>\n\t<meta property=\"og:image:height\" content=\"1920\" \/>\n\t<meta property=\"og:image:type\" content=\"image\/jpeg\" \/>\n<meta name=\"twitter:card\" content=\"summary_large_image\" \/>\n<meta name=\"twitter:label1\" content=\"Tiempo de lectura\" \/>\n\t<meta name=\"twitter:data1\" content=\"4 minutos\" \/>\n<script type=\"application\/ld+json\" class=\"yoast-schema-graph\">{\"@context\":\"https:\/\/schema.org\",\"@graph\":[{\"@type\":\"WebPage\",\"@id\":\"https:\/\/vapebulkp.com\/product\/good-sale-randm-tornado-10000-puffs-plus\/\",\"url\":\"https:\/\/vapebulkp.com\/product\/good-sale-randm-tornado-10000-puffs-plus\/\",\"name\":\"Good Sale RandM Tornado 10000 Puffs Plus Germany - vapebulkp.com\",\"isPartOf\":{\"@id\":\"https:\/\/vapebulkp.com\/#website\"},\"datePublished\":\"2023-09-20T03:18:44+00:00\",\"dateModified\":\"2025-09-16T09:23:39+00:00\",\"description\":\"RandM Tornado 10000 Puffs Plus Vape ergonomic design fits perfectly in your hand and is compact enough to slip into your pocket or purse.\",\"breadcrumb\":{\"@id\":\"https:\/\/vapebulkp.com\/product\/good-sale-randm-tornado-10000-puffs-plus\/#breadcrumb\"},\"inLanguage\":\"es\",\"potentialAction\":[{\"@type\":\"ReadAction\",\"target\":[\"https:\/\/vapebulkp.com\/product\/good-sale-randm-tornado-10000-puffs-plus\/\"]}]},{\"@type\":\"BreadcrumbList\",\"@id\":\"https:\/\/vapebulkp.com\/product\/good-sale-randm-tornado-10000-puffs-plus\/#breadcrumb\",\"itemListElement\":[{\"@type\":\"ListItem\",\"position\":1,\"name\":\"Home\",\"item\":\"https:\/\/vapebulkp.com\/\"},{\"@type\":\"ListItem\",\"position\":2,\"name\":\"Hot Trend Vapes\",\"item\":\"https:\/\/vapebulkp.com\/vape-shop\/\"},{\"@type\":\"ListItem\",\"position\":3,\"name\":\"Good Sale RandM Tornado 10000 Puffs Plus Germany\"}]},{\"@type\":\"WebSite\",\"@id\":\"https:\/\/vapebulkp.com\/#website\",\"url\":\"https:\/\/vapebulkp.com\/\",\"name\":\"vapebulkp.com\",\"description\":\"Buy Vape In Cheap Bulk Price Near you\",\"publisher\":{\"@id\":\"https:\/\/vapebulkp.com\/#organization\"},\"potentialAction\":[{\"@type\":\"SearchAction\",\"target\":{\"@type\":\"EntryPoint\",\"urlTemplate\":\"https:\/\/vapebulkp.com\/?s={search_term_string}\"},\"query-input\":\"required name=search_term_string\"}],\"inLanguage\":\"es\"},{\"@type\":\"Organization\",\"@id\":\"https:\/\/vapebulkp.com\/#organization\",\"name\":\"vapebulkp.com\",\"url\":\"https:\/\/vapebulkp.com\/\",\"logo\":{\"@type\":\"ImageObject\",\"inLanguage\":\"es\",\"@id\":\"https:\/\/vapebulkp.com\/#\/schema\/logo\/image\/\",\"url\":\"https:\/\/vapebulkp.com\/wp-content\/uploads\/2023\/09\/cropped-vapebulkp.png\",\"contentUrl\":\"https:\/\/vapebulkp.com\/wp-content\/uploads\/2023\/09\/cropped-vapebulkp.png\",\"width\":516,\"height\":163,\"caption\":\"vapebulkp.com\"},\"image\":{\"@id\":\"https:\/\/vapebulkp.com\/#\/schema\/logo\/image\/\"}}]}<\/script>\n<!-- \/ Yoast SEO plugin. -->","yoast_head_json":{"title":"Good Sale RandM Tornado 10000 Puffs Plus Germany - vapebulkp.com","description":"RandM Tornado 10000 Puffs Plus Vape ergonomic design fits perfectly in your hand and is compact enough to slip into your pocket or purse.","robots":{"index":"index","follow":"follow","max-snippet":"max-snippet:-1","max-image-preview":"max-image-preview:large","max-video-preview":"max-video-preview:-1"},"canonical":"https:\/\/vapebulkp.com\/es\/product\/good-sale-randm-tornado-10000-puffs-plus\/","og_locale":"es_ES","og_type":"article","og_title":"Good Sale RandM Tornado 10000 Puffs Plus Germany - vapebulkp.com","og_description":"RandM Tornado 10000 Puffs Plus Vape ergonomic design fits perfectly in your hand and is compact enough to slip into your pocket or purse.","og_url":"https:\/\/vapebulkp.com\/es\/product\/good-sale-randm-tornado-10000-puffs-plus\/","og_site_name":"vapebulkp.com","article_modified_time":"2025-09-16T09:23:39+00:00","og_image":[{"width":1080,"height":1920,"url":"http:\/\/vapebulkp.com\/wp-content\/uploads\/2023\/09\/76612692f100d93cac6618a626c666e.jpg","type":"image\/jpeg"}],"twitter_card":"summary_large_image","twitter_misc":{"Tiempo de lectura":"4 minutos"},"schema":{"@context":"https:\/\/schema.org","@graph":[{"@type":"WebPage","@id":"https:\/\/vapebulkp.com\/product\/good-sale-randm-tornado-10000-puffs-plus\/","url":"https:\/\/vapebulkp.com\/product\/good-sale-randm-tornado-10000-puffs-plus\/","name":"Good Sale RandM Tornado 10000 Puffs Plus Germany - vapebulkp.com","isPartOf":{"@id":"https:\/\/vapebulkp.com\/#website"},"datePublished":"2023-09-20T03:18:44+00:00","dateModified":"2025-09-16T09:23:39+00:00","description":"RandM Tornado 10000 Puffs Plus Vape ergonomic design fits perfectly in your hand and is compact enough to slip into your pocket or purse.","breadcrumb":{"@id":"https:\/\/vapebulkp.com\/product\/good-sale-randm-tornado-10000-puffs-plus\/#breadcrumb"},"inLanguage":"es","potentialAction":[{"@type":"ReadAction","target":["https:\/\/vapebulkp.com\/product\/good-sale-randm-tornado-10000-puffs-plus\/"]}]},{"@type":"BreadcrumbList","@id":"https:\/\/vapebulkp.com\/product\/good-sale-randm-tornado-10000-puffs-plus\/#breadcrumb","itemListElement":[{"@type":"ListItem","position":1,"name":"Home","item":"https:\/\/vapebulkp.com\/"},{"@type":"ListItem","position":2,"name":"Hot Trend Vapes","item":"https:\/\/vapebulkp.com\/vape-shop\/"},{"@type":"ListItem","position":3,"name":"Good Sale RandM Tornado 10000 Puffs Plus Germany"}]},{"@type":"WebSite","@id":"https:\/\/vapebulkp.com\/#website","url":"https:\/\/vapebulkp.com\/","name":"vapebulkp.com","description":"Buy Vape In Cheap Bulk Price Near you","publisher":{"@id":"https:\/\/vapebulkp.com\/#organization"},"potentialAction":[{"@type":"SearchAction","target":{"@type":"EntryPoint","urlTemplate":"https:\/\/vapebulkp.com\/?s={search_term_string}"},"query-input":"required name=search_term_string"}],"inLanguage":"es"},{"@type":"Organization","@id":"https:\/\/vapebulkp.com\/#organization","name":"vapebulkp.com","url":"https:\/\/vapebulkp.com\/","logo":{"@type":"ImageObject","inLanguage":"es","@id":"https:\/\/vapebulkp.com\/#\/schema\/logo\/image\/","url":"https:\/\/vapebulkp.com\/wp-content\/uploads\/2023\/09\/cropped-vapebulkp.png","contentUrl":"https:\/\/vapebulkp.com\/wp-content\/uploads\/2023\/09\/cropped-vapebulkp.png","width":516,"height":163,"caption":"vapebulkp.com"},"image":{"@id":"https:\/\/vapebulkp.com\/#\/schema\/logo\/image\/"}}]}},"uagb_featured_image_src":{"full":["https:\/\/vapebulkp.com\/wp-content\/uploads\/2023\/09\/76612692f100d93cac6618a626c666e.jpg",1080,1920,false],"thumbnail":["https:\/\/vapebulkp.com\/wp-content\/uploads\/2023\/09\/76612692f100d93cac6618a626c666e-150x150.jpg",150,150,true],"medium":["https:\/\/vapebulkp.com\/wp-content\/uploads\/2023\/09\/76612692f100d93cac6618a626c666e-169x300.jpg",169,300,true],"medium_large":["https:\/\/vapebulkp.com\/wp-content\/uploads\/2023\/09\/76612692f100d93cac6618a626c666e-768x1365.jpg",768,1365,true],"large":["https:\/\/vapebulkp.com\/wp-content\/uploads\/2023\/09\/76612692f100d93cac6618a626c666e-576x1024.jpg",576,1024,true],"1536x1536":["https:\/\/vapebulkp.com\/wp-content\/uploads\/2023\/09\/76612692f100d93cac6618a626c666e-864x1536.jpg",864,1536,true],"2048x2048":["https:\/\/vapebulkp.com\/wp-content\/uploads\/2023\/09\/76612692f100d93cac6618a626c666e.jpg",1080,1920,false],"trp-custom-language-flag":["https:\/\/vapebulkp.com\/wp-content\/uploads\/2023\/09\/76612692f100d93cac6618a626c666e.jpg",7,12,false],"woocommerce_thumbnail":["https:\/\/vapebulkp.com\/wp-content\/uploads\/2023\/09\/76612692f100d93cac6618a626c666e-300x300.jpg",300,300,true],"woocommerce_single":["https:\/\/vapebulkp.com\/wp-content\/uploads\/2023\/09\/76612692f100d93cac6618a626c666e-600x1067.jpg",600,1067,true],"woocommerce_gallery_thumbnail":["https:\/\/vapebulkp.com\/wp-content\/uploads\/2023\/09\/76612692f100d93cac6618a626c666e-100x100.jpg",100,100,true],"wcpr-photo-reviews":["https:\/\/vapebulkp.com\/wp-content\/uploads\/2023\/09\/76612692f100d93cac6618a626c666e.jpg",281,500,false]},"uagb_author_info":{"display_name":"Mandy vape bulk price","author_link":"https:\/\/vapebulkp.com\/es\/author\/"},"uagb_comment_info":1,"uagb_excerpt":"Welcome to the future of vaping with the RandM Tornado 10000 Puffs\u00a0 Plus Disposable E-Cigarette. This remarkable device offers an astonishing 10000 puffs in a sleek and disposable package, providing vapers with unparalleled convenience and flavor. Say goodbye to the hassles of traditional vaping and hello to a new way of enjoying your favorite flavors.&hellip;","_links":{"self":[{"href":"https:\/\/vapebulkp.com\/es\/wp-json\/wp\/v2\/product\/1523","targetHints":{"allow":["GET"]}}],"collection":[{"href":"https:\/\/vapebulkp.com\/es\/wp-json\/wp\/v2\/product"}],"about":[{"href":"https:\/\/vapebulkp.com\/es\/wp-json\/wp\/v2\/types\/product"}],"replies":[{"embeddable":true,"href":"https:\/\/vapebulkp.com\/es\/wp-json\/wp\/v2\/comments?post=1523"}],"wp:featuredmedia":[{"embeddable":true,"href":"https:\/\/vapebulkp.com\/es\/wp-json\/wp\/v2\/media\/1541"}],"wp:attachment":[{"href":"https:\/\/vapebulkp.com\/es\/wp-json\/wp\/v2\/media?parent=1523"}],"wp:term":[{"taxonomy":"product_cat","embeddable":true,"href":"https:\/\/vapebulkp.com\/es\/wp-json\/wp\/v2\/product_cat?post=1523"},{"taxonomy":"product_tag","embeddable":true,"href":"https:\/\/vapebulkp.com\/es\/wp-json\/wp\/v2\/product_tag?post=1523"}],"curies":[{"name":"wp","href":"https:\/\/api.w.org\/{rel}","templated":true}]}}