{"id":1546,"date":"2023-09-20T11:32:23","date_gmt":"2023-09-20T09:32:23","guid":{"rendered":"https:\/\/vapebulkp.com\/?post_type=product&#038;p=1546"},"modified":"2025-09-24T05:04:03","modified_gmt":"2025-09-24T03:04:03","slug":"good-sale-bang-de-8500puffs-wholesale-price","status":"publish","type":"product","link":"https:\/\/vapebulkp.com\/es\/product\/good-sale-bang-de-8500puffs-wholesale-price\/","title":{"rendered":"Buena venta Bang DE 8500Puffs, precio al por mayor"},"content":{"rendered":"<h2 style=\"text-align: left\">Vapeador de buena venta Bang DE 8500 caladas<\/h2>\n<p>El vapeador de buena venta Bang DE 8500 caladas es un vapeador desechable de alto rendimiento dise\u00f1ado para los entusiastas del vapeo en Europa que desean comodidad, sabor y fiabilidad en un solo dispositivo. Este vapeador desechable recargable cuenta con una bater\u00eda Tipo-C de 650 mAh y una capacidad de l\u00edquido de 20 ml, lo que permite hasta 8,500 caladas consistentes sin la molestia de recargar con frecuencia o reemplazar las resistencias.<\/p>\n<p>Equipado con una resistencia de malla de 0.8\u03a9, produce un vapor denso y sabroso con un golpe de garganta suave. Elija entre las opciones de sal de nicotina del 2% o 5% para una experiencia de vapeo de sal de nicotina satisfactoria adaptada a su preferencia. Su dise\u00f1o ergon\u00f3mico y ligero lo hace perfecto para vapear en movimiento o en entornos sociales.<\/p>\n<p>Este vapeador desechable de alta capacidad viene en m\u00faltiples perfiles de sabor, desde afrutados hasta mentolados y mezclas inspiradas en bebidas, asegurando que cada calada sea rica y agradable. Ideal para compradores mayoristas en Espa\u00f1a, el vapeador de buena venta Bang DE 8500 caladas ofrece oportunidades de compra a granel y env\u00edo r\u00e1pido en la UE, lo que lo convierte en una adici\u00f3n rentable para los minoristas de vapeadores.<\/p>\n<h6 style=\"text-align: left\"><img decoding=\"async\" class=\"wp-image-1699 alignleft\" src=\"http:\/\/vapebulkp.com\/wp-content\/uploads\/2023\/09\/BANG-8500-PUFF-VAPE-KIT-FACTORY-1.jpg\" alt=\"F\u00c1BRICA DEL KIT DE VAPEO BANG 8500 PUFF\" width=\"514\" height=\"514\" srcset=\"https:\/\/vapebulkp.com\/wp-content\/uploads\/2023\/09\/BANG-8500-PUFF-VAPE-KIT-FACTORY-1.jpg 1000w, https:\/\/vapebulkp.com\/wp-content\/uploads\/2023\/09\/BANG-8500-PUFF-VAPE-KIT-FACTORY-1-300x300.jpg 300w, https:\/\/vapebulkp.com\/wp-content\/uploads\/2023\/09\/BANG-8500-PUFF-VAPE-KIT-FACTORY-1-150x150.jpg 150w, https:\/\/vapebulkp.com\/wp-content\/uploads\/2023\/09\/BANG-8500-PUFF-VAPE-KIT-FACTORY-1-768x768.jpg 768w, https:\/\/vapebulkp.com\/wp-content\/uploads\/2023\/09\/BANG-8500-PUFF-VAPE-KIT-FACTORY-1-600x600.jpg 600w, https:\/\/vapebulkp.com\/wp-content\/uploads\/2023\/09\/BANG-8500-PUFF-VAPE-KIT-FACTORY-1-100x100.jpg 100w\" sizes=\"(max-width: 514px) 100vw, 514px\" \/><\/h6>\n<h6>Por favor, contacta con el WhatsApp de Mandy para obtener un precio con descuento<a href=\"https:\/\/wa.me\/8618077105796\">+8618077105796<\/a><\/h6>\n<p><img decoding=\"async\" class=\"alignnone wp-image-2151\" src=\"http:\/\/vapebulkp.com\/wp-content\/uploads\/2024\/04\/Mandy-WhatsApp-Randm.jpg\" alt=\"Mandy WhatsApp Aleatorio\" width=\"280\" height=\"298\" srcset=\"https:\/\/vapebulkp.com\/wp-content\/uploads\/2024\/04\/Mandy-WhatsApp-Randm.jpg 916w, https:\/\/vapebulkp.com\/wp-content\/uploads\/2024\/04\/Mandy-WhatsApp-Randm-282x300.jpg 282w, https:\/\/vapebulkp.com\/wp-content\/uploads\/2024\/04\/Mandy-WhatsApp-Randm-768x817.jpg 768w, https:\/\/vapebulkp.com\/wp-content\/uploads\/2024\/04\/Mandy-WhatsApp-Randm-600x638.jpg 600w\" sizes=\"(max-width: 280px) 100vw, 280px\" \/><\/p>\n<h2><span style=\"vertical-align: inherit\">Creemos que le gustar\u00eda saber sobre Bang caladas DE8500 Caladas:<\/span><\/h2>\n<p class=\"style-scope ytd-watch-metadata\">1. \u00bfC\u00f3mo usar el bol\u00edgrafo vapeador Bang DE 8500 caladas?<\/p>\n<p>Paso 1. Antes de usar 8.5k caladas, desenchufe la pipa de pl\u00e1stico.<\/p>\n<p>Paso 2. Espere unos 3 minutos para que el l\u00edquido entre en la resistencia.<\/p>\n<p>Paso 3. Disfr\u00fatelo<\/p>\n<p>2. \u00bfC\u00d3MO CARGAR EL VAPEADOR DESECHABLE Bang DE 8500 CALADAS?<\/p>\n<p>No se pueden utilizar cargadores de carga r\u00e1pida, y la potencia de seguridad est\u00e1ndar de los cigarrillos electr\u00f3nicos desechables es de 5V 1A. Cada tiempo de carga no puede exceder 1 hora, y el tiempo de carga seguro es de media hora.<\/p>\n<p><span style=\"color: #ff6600\">Aviso: \u00a1no recargar toda la noche!<\/span><\/p>\n<p>3. \u00bfCu\u00e1l es la capacidad de l\u00edquido del Bang DE 8500 Caladas WAPE?<\/p>\n<p>\u2014\u201320ml<\/p>\n<p>4. \u00bfCu\u00e1ntas caladas puedo tomar de este Bang DE 8500 caladas?<\/p>\n<p>\u2014\u20138500 Caladas<\/p>\n<h3><strong><span style=\"vertical-align: inherit\">Especificaci\u00f3n para los pods de vapeador Bang DE 8500 caladas:<\/span><br \/>\n<\/strong><\/h3>\n<p>Bater\u00eda: 650mAh (Tipo C)<br \/>\nCapacidad: 20 ml<br \/>\nResistencia: malla de 0,8 ohmios<br \/>\nVolumen de succi\u00f3n aproximado: 8500 caladas<br \/>\nconcentraci\u00f3n de nicotina bang: 2%,5%<br \/>\nCantidad m\u00ednima de pedido: 100 unidades<\/p>\n<h3><strong>\u00bfCu\u00e1les son los mejores sabores de vapeador Bang DE 8500 caladas?<\/strong><\/h3>\n<p>1. hielo de ar\u00e1ndano<\/p>\n<p>2. HIELO DE COLA<\/p>\n<p>3.fresa sand\u00eda<\/p>\n<p>4. helado de fresa<\/p>\n<p>5.fresa pl\u00e1tano<\/p>\n<p>6.menta fresca<\/p>\n<p>7. hielo de sand\u00eda<\/p>\n<p>8.manzana \u00c1CIDA<\/p>\n<p>9.mango melocot\u00f3n<\/p>\n<p>10. kiwi fresa<\/p>\n<p>11.hielo de uva sakura<\/p>\n<p>12.bayas mixtas<\/p>\n<p><a href=\"https:\/\/vapebulkp.com\/es\/product\/popular-randm-tornado-7000puffs-disposable-vape-best-price\/\"><span style=\"vertical-align: inherit\">RandM Tornado 7000 Caladas <\/span><\/a><\/p>\n<p><span style=\"vertical-align: inherit\">Encuentra m\u00e1s productos que te puedan gustar:<\/span><em><a href=\"https:\/\/wa.me\/8618077105796\"><span style=\"vertical-align: inherit\">\u00a0C\u00f3mpralo ahora<\/span><\/a><\/em><\/p>\n<p><span style=\"vertical-align: inherit\">Otros vaporizadores que te pueden gustar:<\/span><a href=\"https:\/\/vapebulkp.com\/es\/product\/wholesale-price-aroma-king-7000puffs-disposable-vape\/\"><span style=\"vertical-align: inherit\">Roma King 7000 Caladas<\/span><\/a><span style=\"vertical-align: inherit\">\/ <\/span><a href=\"https:\/\/vapebulkp.com\/es\/product\/popular-kulx-10000puffs-disposable-vape-good-price\/\"><span style=\"vertical-align: inherit\">Kulx 10000 caladas<\/span><\/a><span style=\"vertical-align: inherit\">\/ <\/span><a href=\"https:\/\/vapebulkp.com\/es\/product\/disposable-vape-crystal-600-puffs\/\"><span style=\"vertical-align: inherit\">Cristal 600Puffs<\/span><\/a><\/p>\n<p><span style=\"vertical-align: inherit\">Cigarrillo electr\u00f3nico con forma especial:<\/span><a href=\"https:\/\/vapebulkp.com\/es\/product\/top-sale-waspe-12000puffs-disposable-vape-wholesale-france\/\"><span style=\"vertical-align: inherit\">Precio al por mayor Waspe 12000 caladas Espa\u00f1a <\/span><\/a><span style=\"vertical-align: inherit\">\/ <\/span><a href=\"https:\/\/vapebulkp.com\/es\/product\/bang-king-12000puffs\/\"><span style=\"vertical-align: inherit\">Bang King 12000 caladas <\/span><\/a><span style=\"vertical-align: inherit\">\/<\/span><a href=\"https:\/\/vapebulkp.com\/es\/product\/good-sale-randm-tornado-10000-puffs-plus\/\"><span style=\"vertical-align: inherit\">Randm tornado 10000 caladas plus<\/span><\/a><\/p>\n<h4>Cualificaci\u00f3n de la producci\u00f3n:<\/h4>\n<p><img decoding=\"async\" class=\"alignnone size-full wp-image-1841\" src=\"http:\/\/vapebulkp.com\/wp-content\/uploads\/2023\/11\/Vape-production-process-2.jpeg\" alt=\"Proceso de producci\u00f3n de vapes\" width=\"650\" height=\"434\" srcset=\"https:\/\/vapebulkp.com\/wp-content\/uploads\/2023\/11\/Vape-production-process-2.jpeg 650w, https:\/\/vapebulkp.com\/wp-content\/uploads\/2023\/11\/Vape-production-process-2-300x200.jpeg 300w, https:\/\/vapebulkp.com\/wp-content\/uploads\/2023\/11\/Vape-production-process-2-600x401.jpeg 600w\" sizes=\"(max-width: 650px) 100vw, 650px\" \/><\/p>\n<p><img decoding=\"async\" class=\"alignnone size-full wp-image-1843\" src=\"http:\/\/vapebulkp.com\/wp-content\/uploads\/2023\/11\/Vape-production-process.jpeg\" alt=\"Proceso de producci\u00f3n de vapes\" width=\"641\" height=\"1026\" srcset=\"https:\/\/vapebulkp.com\/wp-content\/uploads\/2023\/11\/Vape-production-process.jpeg 641w, https:\/\/vapebulkp.com\/wp-content\/uploads\/2023\/11\/Vape-production-process-187x300.jpeg 187w, https:\/\/vapebulkp.com\/wp-content\/uploads\/2023\/11\/Vape-production-process-640x1024.jpeg 640w, https:\/\/vapebulkp.com\/wp-content\/uploads\/2023\/11\/Vape-production-process-600x960.jpeg 600w\" sizes=\"(max-width: 641px) 100vw, 641px\" \/><\/p>\n<h4>Preguntas frecuentes:<\/h4>\n<p>P: \u00bfCu\u00e1l es el MOQ de Bang DE 8500 caladas?<br \/>\nR: El pedido m\u00ednimo es de 100 unidades.<br \/>\nP: \u00bfCu\u00e1l es el plazo de entrega para el vapeador pedido?<br \/>\nR: Generalmente son de 10 a 15 d\u00edas despu\u00e9s del env\u00edo.<br \/>\nP: \u00bfCu\u00e1nto cuesta el env\u00edo?R: El coste de env\u00edo depende del peso.diferentes cantidades tienen diferentes costes de env\u00edo, por favor cont\u00e1ctenos para confirmar el coste de env\u00edo.<\/p>\n<h4>Detalle de env\u00edo:<\/h4>\n<p><span style=\"color: #ff6600\">Tiempo de producci\u00f3n: 5-10 d\u00edas laborables<\/span><br \/>\n<span style=\"color: #ff6600\">Tiempo de env\u00edo: 8-14 d\u00edas laborables<\/span><\/p>\n<p>Todos los productos en nuestra tienda son 100% originales y aut\u00e9nticos, por lo que la compensaci\u00f3n de diez veces por productos falsos es la pol\u00edtica de nuestra tienda. Utilizamos canales log\u00edsticos como UPS\/DHL\/FEDEX\/DPD para entregarle los productos.<\/p>\n<p>Para los paquetes enviados a Espa\u00f1a, generalmente tardan 12 a 15 d\u00edas laborables en llegar. Actualizaremos la informaci\u00f3n de log\u00edstica para usted en tiempo real.<\/p>","protected":false},"excerpt":{"rendered":"<p>El Bang DE8500 Puffs ofrece una amplia gama de sabores para satisfacer tus antojos, desde el cl\u00e1sico tabaco hasta el refrescante mentol y una variedad de deliciosas opciones de frutas y postres. Cada calada ofrece un vapor consistente y delicioso, gracias al mecanismo de activaci\u00f3n por aspiraci\u00f3n incorporado.<\/p>\n<p><img decoding=\"async\" class=\"alignnone wp-image-2151\" src=\"http:\/\/vapebulkp.com\/wp-content\/uploads\/2024\/04\/Mandy-WhatsApp-Randm.jpg\" alt=\"Mandy WhatsApp Aleatorio\" width=\"243\" height=\"258\" srcset=\"https:\/\/vapebulkp.com\/wp-content\/uploads\/2024\/04\/Mandy-WhatsApp-Randm.jpg 916w, https:\/\/vapebulkp.com\/wp-content\/uploads\/2024\/04\/Mandy-WhatsApp-Randm-282x300.jpg 282w, https:\/\/vapebulkp.com\/wp-content\/uploads\/2024\/04\/Mandy-WhatsApp-Randm-768x817.jpg 768w, https:\/\/vapebulkp.com\/wp-content\/uploads\/2024\/04\/Mandy-WhatsApp-Randm-600x638.jpg 600w\" sizes=\"(max-width: 243px) 100vw, 243px\" \/><\/p>\n<p>Por favor, contacta con el WhatsApp de Mandy para obtener un precio con descuento<a href=\"https:\/\/wa.me\/8618077105796\">+8618077105796<\/a><\/p>\n<p><span style=\"color: #ff0000\">NOTA: Los precios en nuestro sitio web no incluyen los gastos de env\u00edo<\/span><\/p>","protected":false},"featured_media":1666,"comment_status":"open","ping_status":"closed","template":"","meta":{"_uag_custom_page_level_css":"","_lmt_disableupdate":"no","_lmt_disable":"","site-sidebar-layout":"default","site-content-layout":"content-boxed-container","ast-site-content-layout":"normal-width-container","site-content-style":"boxed","site-sidebar-style":"unboxed","ast-global-header-display":"","ast-banner-title-visibility":"","ast-main-header-display":"","ast-hfb-above-header-display":"","ast-hfb-below-header-display":"","ast-hfb-mobile-header-display":"","site-post-title":"","ast-breadcrumbs-content":"","ast-featured-img":"","footer-sml-layout":"","theme-transparent-header-meta":"default","adv-header-id-meta":"","stick-header-meta":"","header-above-stick-meta":"","header-main-stick-meta":"","header-below-stick-meta":"","astra-migrate-meta-layouts":"set","_joinchat":[]},"product_cat":[153,345,155,33,59,100,87,34,158,157,154,152,58,84,156,63,32,368],"product_tag":[50,93,36,37,41,74,40],"class_list":["post-1546","product","type-product","status-publish","has-post-thumbnail","hentry","product_cat-hot-disposable-vapes","product_cat-bang-vapes","product_cat-belgium-hot-disposable-vapes","product_cat-france-vape-hot-sale","product_cat-germany-hot-disposable-vape","product_cat-germany-wholesale-vape-shop","product_cat-minimum-order-quantity-50pcs","product_cat-netherlands-vape-good-sale","product_cat-norway-hot-disposable-vapes","product_cat-poland-hot-disposable-vapes","product_cat-portugal-hot-disposable-vapes","product_cat-spain-hot-disposable-vapes","product_cat-sweden-hot-disposable-vape","product_cat-sweden-wholesale-vape","product_cat-switzerland-hot-disposable-vapes","product_cat-top-sale-disposable-vape","product_cat-vape-hot-sale-this-week","product_cat-vapme-vape","product_tag-8500-puffs","product_tag-bang-vape","product_tag-good-vape","product_tag-hot-sale-disposable-vape","product_tag-poland-hot-vape","product_tag-randm-vape","product_tag-sweden-hot-vape","desktop-align-left","tablet-align-left","mobile-align-left"],"yoast_head":"<!-- This site is optimized with the Yoast SEO plugin v21.1 - https:\/\/yoast.com\/wordpress\/plugins\/seo\/ -->\n<title>Good Sale Bang DE 8500Puffs Wholesale Price - vapebulkp.com<\/title>\n<meta name=\"description\" content=\"The Wholesale Vape Bang DE8500 Puffs offers a wide variety of delectable flavors to cater to every taste preference. Elevate your vaping game with the Bang DE8500 Puffs .\" \/>\n<meta name=\"robots\" content=\"index, follow, max-snippet:-1, max-image-preview:large, max-video-preview:-1\" \/>\n<link rel=\"canonical\" href=\"https:\/\/vapebulkp.com\/es\/product\/good-sale-bang-de-8500puffs-wholesale-price\/\" \/>\n<meta property=\"og:locale\" content=\"es_ES\" \/>\n<meta property=\"og:type\" content=\"article\" \/>\n<meta property=\"og:title\" content=\"Good Sale Bang DE 8500Puffs Wholesale Price - vapebulkp.com\" \/>\n<meta property=\"og:description\" content=\"The Wholesale Vape Bang DE8500 Puffs offers a wide variety of delectable flavors to cater to every taste preference. Elevate your vaping game with the Bang DE8500 Puffs .\" \/>\n<meta property=\"og:url\" content=\"https:\/\/vapebulkp.com\/es\/product\/good-sale-bang-de-8500puffs-wholesale-price\/\" \/>\n<meta property=\"og:site_name\" content=\"vapebulkp.com\" \/>\n<meta property=\"article:modified_time\" content=\"2025-09-24T03:04:03+00:00\" \/>\n<meta property=\"og:image\" content=\"http:\/\/vapebulkp.com\/wp-content\/uploads\/2023\/09\/bang-8500-1-scaled.jpg\" \/>\n\t<meta property=\"og:image:width\" content=\"2560\" \/>\n\t<meta property=\"og:image:height\" content=\"1810\" \/>\n\t<meta property=\"og:image:type\" content=\"image\/jpeg\" \/>\n<meta name=\"twitter:card\" content=\"summary_large_image\" \/>\n<meta name=\"twitter:label1\" content=\"Tiempo de lectura\" \/>\n\t<meta name=\"twitter:data1\" content=\"4 minutos\" \/>\n<script type=\"application\/ld+json\" class=\"yoast-schema-graph\">{\"@context\":\"https:\/\/schema.org\",\"@graph\":[{\"@type\":\"WebPage\",\"@id\":\"https:\/\/vapebulkp.com\/product\/good-sale-bang-de-8500puffs-wholesale-price\/\",\"url\":\"https:\/\/vapebulkp.com\/product\/good-sale-bang-de-8500puffs-wholesale-price\/\",\"name\":\"Good Sale Bang DE 8500Puffs Wholesale Price - vapebulkp.com\",\"isPartOf\":{\"@id\":\"https:\/\/vapebulkp.com\/#website\"},\"datePublished\":\"2023-09-20T09:32:23+00:00\",\"dateModified\":\"2025-09-24T03:04:03+00:00\",\"description\":\"The Wholesale Vape Bang DE8500 Puffs offers a wide variety of delectable flavors to cater to every taste preference. Elevate your vaping game with the Bang DE8500 Puffs .\",\"breadcrumb\":{\"@id\":\"https:\/\/vapebulkp.com\/product\/good-sale-bang-de-8500puffs-wholesale-price\/#breadcrumb\"},\"inLanguage\":\"es\",\"potentialAction\":[{\"@type\":\"ReadAction\",\"target\":[\"https:\/\/vapebulkp.com\/product\/good-sale-bang-de-8500puffs-wholesale-price\/\"]}]},{\"@type\":\"BreadcrumbList\",\"@id\":\"https:\/\/vapebulkp.com\/product\/good-sale-bang-de-8500puffs-wholesale-price\/#breadcrumb\",\"itemListElement\":[{\"@type\":\"ListItem\",\"position\":1,\"name\":\"Home\",\"item\":\"https:\/\/vapebulkp.com\/\"},{\"@type\":\"ListItem\",\"position\":2,\"name\":\"Hot Trend Vapes\",\"item\":\"https:\/\/vapebulkp.com\/vape-shop\/\"},{\"@type\":\"ListItem\",\"position\":3,\"name\":\"Good Sale Bang DE 8500Puffs Wholesale Price\"}]},{\"@type\":\"WebSite\",\"@id\":\"https:\/\/vapebulkp.com\/#website\",\"url\":\"https:\/\/vapebulkp.com\/\",\"name\":\"vapebulkp.com\",\"description\":\"Buy Vape In Cheap Bulk Price Near you\",\"publisher\":{\"@id\":\"https:\/\/vapebulkp.com\/#organization\"},\"potentialAction\":[{\"@type\":\"SearchAction\",\"target\":{\"@type\":\"EntryPoint\",\"urlTemplate\":\"https:\/\/vapebulkp.com\/?s={search_term_string}\"},\"query-input\":\"required name=search_term_string\"}],\"inLanguage\":\"es\"},{\"@type\":\"Organization\",\"@id\":\"https:\/\/vapebulkp.com\/#organization\",\"name\":\"vapebulkp.com\",\"url\":\"https:\/\/vapebulkp.com\/\",\"logo\":{\"@type\":\"ImageObject\",\"inLanguage\":\"es\",\"@id\":\"https:\/\/vapebulkp.com\/#\/schema\/logo\/image\/\",\"url\":\"https:\/\/vapebulkp.com\/wp-content\/uploads\/2023\/09\/cropped-vapebulkp.png\",\"contentUrl\":\"https:\/\/vapebulkp.com\/wp-content\/uploads\/2023\/09\/cropped-vapebulkp.png\",\"width\":516,\"height\":163,\"caption\":\"vapebulkp.com\"},\"image\":{\"@id\":\"https:\/\/vapebulkp.com\/#\/schema\/logo\/image\/\"}}]}<\/script>\n<!-- \/ Yoast SEO plugin. -->","yoast_head_json":{"title":"Good Sale Bang DE 8500Puffs Wholesale Price - vapebulkp.com","description":"The Wholesale Vape Bang DE8500 Puffs offers a wide variety of delectable flavors to cater to every taste preference. Elevate your vaping game with the Bang DE8500 Puffs .","robots":{"index":"index","follow":"follow","max-snippet":"max-snippet:-1","max-image-preview":"max-image-preview:large","max-video-preview":"max-video-preview:-1"},"canonical":"https:\/\/vapebulkp.com\/es\/product\/good-sale-bang-de-8500puffs-wholesale-price\/","og_locale":"es_ES","og_type":"article","og_title":"Good Sale Bang DE 8500Puffs Wholesale Price - vapebulkp.com","og_description":"The Wholesale Vape Bang DE8500 Puffs offers a wide variety of delectable flavors to cater to every taste preference. Elevate your vaping game with the Bang DE8500 Puffs .","og_url":"https:\/\/vapebulkp.com\/es\/product\/good-sale-bang-de-8500puffs-wholesale-price\/","og_site_name":"vapebulkp.com","article_modified_time":"2025-09-24T03:04:03+00:00","og_image":[{"width":2560,"height":1810,"url":"http:\/\/vapebulkp.com\/wp-content\/uploads\/2023\/09\/bang-8500-1-scaled.jpg","type":"image\/jpeg"}],"twitter_card":"summary_large_image","twitter_misc":{"Tiempo de lectura":"4 minutos"},"schema":{"@context":"https:\/\/schema.org","@graph":[{"@type":"WebPage","@id":"https:\/\/vapebulkp.com\/product\/good-sale-bang-de-8500puffs-wholesale-price\/","url":"https:\/\/vapebulkp.com\/product\/good-sale-bang-de-8500puffs-wholesale-price\/","name":"Good Sale Bang DE 8500Puffs Wholesale Price - vapebulkp.com","isPartOf":{"@id":"https:\/\/vapebulkp.com\/#website"},"datePublished":"2023-09-20T09:32:23+00:00","dateModified":"2025-09-24T03:04:03+00:00","description":"The Wholesale Vape Bang DE8500 Puffs offers a wide variety of delectable flavors to cater to every taste preference. Elevate your vaping game with the Bang DE8500 Puffs .","breadcrumb":{"@id":"https:\/\/vapebulkp.com\/product\/good-sale-bang-de-8500puffs-wholesale-price\/#breadcrumb"},"inLanguage":"es","potentialAction":[{"@type":"ReadAction","target":["https:\/\/vapebulkp.com\/product\/good-sale-bang-de-8500puffs-wholesale-price\/"]}]},{"@type":"BreadcrumbList","@id":"https:\/\/vapebulkp.com\/product\/good-sale-bang-de-8500puffs-wholesale-price\/#breadcrumb","itemListElement":[{"@type":"ListItem","position":1,"name":"Home","item":"https:\/\/vapebulkp.com\/"},{"@type":"ListItem","position":2,"name":"Hot Trend Vapes","item":"https:\/\/vapebulkp.com\/vape-shop\/"},{"@type":"ListItem","position":3,"name":"Good Sale Bang DE 8500Puffs Wholesale Price"}]},{"@type":"WebSite","@id":"https:\/\/vapebulkp.com\/#website","url":"https:\/\/vapebulkp.com\/","name":"vapebulkp.com","description":"Buy Vape In Cheap Bulk Price Near you","publisher":{"@id":"https:\/\/vapebulkp.com\/#organization"},"potentialAction":[{"@type":"SearchAction","target":{"@type":"EntryPoint","urlTemplate":"https:\/\/vapebulkp.com\/?s={search_term_string}"},"query-input":"required name=search_term_string"}],"inLanguage":"es"},{"@type":"Organization","@id":"https:\/\/vapebulkp.com\/#organization","name":"vapebulkp.com","url":"https:\/\/vapebulkp.com\/","logo":{"@type":"ImageObject","inLanguage":"es","@id":"https:\/\/vapebulkp.com\/#\/schema\/logo\/image\/","url":"https:\/\/vapebulkp.com\/wp-content\/uploads\/2023\/09\/cropped-vapebulkp.png","contentUrl":"https:\/\/vapebulkp.com\/wp-content\/uploads\/2023\/09\/cropped-vapebulkp.png","width":516,"height":163,"caption":"vapebulkp.com"},"image":{"@id":"https:\/\/vapebulkp.com\/#\/schema\/logo\/image\/"}}]}},"uagb_featured_image_src":{"full":["https:\/\/vapebulkp.com\/wp-content\/uploads\/2023\/09\/bang-8500-1-scaled.jpg",2560,1810,false],"thumbnail":["https:\/\/vapebulkp.com\/wp-content\/uploads\/2023\/09\/bang-8500-1-150x150.jpg",150,150,true],"medium":["https:\/\/vapebulkp.com\/wp-content\/uploads\/2023\/09\/bang-8500-1-300x212.jpg",300,212,true],"medium_large":["https:\/\/vapebulkp.com\/wp-content\/uploads\/2023\/09\/bang-8500-1-768x543.jpg",768,543,true],"large":["https:\/\/vapebulkp.com\/wp-content\/uploads\/2023\/09\/bang-8500-1-1024x724.jpg",1024,724,true],"1536x1536":["https:\/\/vapebulkp.com\/wp-content\/uploads\/2023\/09\/bang-8500-1-1536x1086.jpg",1536,1086,true],"2048x2048":["https:\/\/vapebulkp.com\/wp-content\/uploads\/2023\/09\/bang-8500-1-2048x1448.jpg",2048,1448,true],"trp-custom-language-flag":["https:\/\/vapebulkp.com\/wp-content\/uploads\/2023\/09\/bang-8500-1-scaled.jpg",18,12,false],"woocommerce_thumbnail":["https:\/\/vapebulkp.com\/wp-content\/uploads\/2023\/09\/bang-8500-1-300x300.jpg",300,300,true],"woocommerce_single":["https:\/\/vapebulkp.com\/wp-content\/uploads\/2023\/09\/bang-8500-1-600x424.jpg",600,424,true],"woocommerce_gallery_thumbnail":["https:\/\/vapebulkp.com\/wp-content\/uploads\/2023\/09\/bang-8500-1-100x100.jpg",100,100,true],"wcpr-photo-reviews":["https:\/\/vapebulkp.com\/wp-content\/uploads\/2023\/09\/bang-8500-1-scaled.jpg",500,354,false]},"uagb_author_info":{"display_name":"Mandy vape bulk price","author_link":"https:\/\/vapebulkp.com\/es\/author\/"},"uagb_comment_info":2,"uagb_excerpt":"The Bang DE8500 Puffs boasts a wide range of flavors to suit your cravings, from classic tobacco to refreshing menthol and a variety of mouthwatering fruit and dessert options. Each puff delivers a consistent and delightful vapor, thanks to the built-in draw-activated mechanism. Pls Contact Mandy's WhatsApp For Discount Price+8618077105796 NOTE: Prices on our website&hellip;","_links":{"self":[{"href":"https:\/\/vapebulkp.com\/es\/wp-json\/wp\/v2\/product\/1546","targetHints":{"allow":["GET"]}}],"collection":[{"href":"https:\/\/vapebulkp.com\/es\/wp-json\/wp\/v2\/product"}],"about":[{"href":"https:\/\/vapebulkp.com\/es\/wp-json\/wp\/v2\/types\/product"}],"replies":[{"embeddable":true,"href":"https:\/\/vapebulkp.com\/es\/wp-json\/wp\/v2\/comments?post=1546"}],"wp:featuredmedia":[{"embeddable":true,"href":"https:\/\/vapebulkp.com\/es\/wp-json\/wp\/v2\/media\/1666"}],"wp:attachment":[{"href":"https:\/\/vapebulkp.com\/es\/wp-json\/wp\/v2\/media?parent=1546"}],"wp:term":[{"taxonomy":"product_cat","embeddable":true,"href":"https:\/\/vapebulkp.com\/es\/wp-json\/wp\/v2\/product_cat?post=1546"},{"taxonomy":"product_tag","embeddable":true,"href":"https:\/\/vapebulkp.com\/es\/wp-json\/wp\/v2\/product_tag?post=1546"}],"curies":[{"name":"wp","href":"https:\/\/api.w.org\/{rel}","templated":true}]}}