{"id":1547,"date":"2023-09-20T11:39:19","date_gmt":"2023-09-20T09:39:19","guid":{"rendered":"https:\/\/vapebulkp.com\/?post_type=product&#038;p=1547"},"modified":"2025-09-08T05:39:48","modified_gmt":"2025-09-08T03:39:48","slug":"wholesale-kulx-8000-puffs-disposable-vape","status":"publish","type":"product","link":"https:\/\/vapebulkp.com\/es\/product\/wholesale-kulx-8000-puffs-disposable-vape\/","title":{"rendered":"Vapeador desechable Kulx 8000 Puffs al por mayor 2% 5% de nicotina"},"content":{"rendered":"<h2>\u00bfCu\u00e1l es el vape desechable Kulx 8000 Puffs de mayor venta?<\/h2>\n<p>El vape desechable Kulx 8000 Puffs es un vape desechable de alta capacidad dise\u00f1ado para los entusiastas del vapeo en Espa\u00f1a que exigen comodidad, estilo y rendimiento. Con un dep\u00f3sito de e-l\u00edquido precargado de 16 ml y opciones de sal de nicotina de 0%, 2%, 3% o 5%, ofrece caladas suaves y satisfactorias para hasta 8.000 caladas.<\/p>\n<p>Con la avanzada tecnolog\u00eda de bobina de malla para vapeo, este vape desechable de larga duraci\u00f3n produce vapor denso y un sabor rico en cada calada. Su dise\u00f1o de pod de vapeo compacto y port\u00e1til lo hace perfecto para viajar, para el uso diario o para entornos sociales.<\/p>\n<p>Disponible en una variedad de sabores premium, desde refrescantes mentoles hasta dulces mezclas de postres, el vape desechable de 8000 caladas garantiza una experiencia de vapeo consistente y agradable. Listo para usar nada m\u00e1s sacarlo del paquete, combina portabilidad, alto rendimiento y un dise\u00f1o sofisticado, lo que lo convierte en una opci\u00f3n ideal tanto para usuarios individuales como para compradores mayoristas en toda Espa\u00f1a.<\/p>\n<h5><\/h5>\n<p><img decoding=\"async\" class=\"alignnone wp-image-1654\" src=\"http:\/\/vapebulkp.com\/wp-content\/uploads\/2023\/09\/kULX-8000-PUFF-8-1024x1024.jpg\" alt=\"kULX 8000 CALADAS\" width=\"438\" height=\"438\" srcset=\"https:\/\/vapebulkp.com\/wp-content\/uploads\/2023\/09\/kULX-8000-PUFF-8-1024x1024.jpg 1024w, https:\/\/vapebulkp.com\/wp-content\/uploads\/2023\/09\/kULX-8000-PUFF-8-300x300.jpg 300w, https:\/\/vapebulkp.com\/wp-content\/uploads\/2023\/09\/kULX-8000-PUFF-8-150x150.jpg 150w, https:\/\/vapebulkp.com\/wp-content\/uploads\/2023\/09\/kULX-8000-PUFF-8-768x768.jpg 768w, https:\/\/vapebulkp.com\/wp-content\/uploads\/2023\/09\/kULX-8000-PUFF-8-1536x1536.jpg 1536w, https:\/\/vapebulkp.com\/wp-content\/uploads\/2023\/09\/kULX-8000-PUFF-8-2048x2048.jpg 2048w, https:\/\/vapebulkp.com\/wp-content\/uploads\/2023\/09\/kULX-8000-PUFF-8-600x600.jpg 600w, https:\/\/vapebulkp.com\/wp-content\/uploads\/2023\/09\/kULX-8000-PUFF-8-100x100.jpg 100w\" sizes=\"(max-width: 438px) 100vw, 438px\" \/><\/p>\n<h6>Por favor, contacta con el WhatsApp de Mandy para obtener un precio con descuento<a href=\"https:\/\/wa.me\/8618077105796\">+8618077105796<\/a><\/h6>\n<p><img decoding=\"async\" class=\"alignnone wp-image-2151\" src=\"http:\/\/vapebulkp.com\/wp-content\/uploads\/2024\/04\/Mandy-WhatsApp-Randm.jpg\" alt=\"Mandy WhatsApp Aleatorio\" width=\"246\" height=\"262\" srcset=\"https:\/\/vapebulkp.com\/wp-content\/uploads\/2024\/04\/Mandy-WhatsApp-Randm.jpg 916w, https:\/\/vapebulkp.com\/wp-content\/uploads\/2024\/04\/Mandy-WhatsApp-Randm-282x300.jpg 282w, https:\/\/vapebulkp.com\/wp-content\/uploads\/2024\/04\/Mandy-WhatsApp-Randm-768x817.jpg 768w, https:\/\/vapebulkp.com\/wp-content\/uploads\/2024\/04\/Mandy-WhatsApp-Randm-600x638.jpg 600w\" sizes=\"(max-width: 246px) 100vw, 246px\" \/><\/p>\n<h2>Preguntas frecuentes sobre Kulx Vape 8k caladas:<\/h2>\n<p class=\"style-scope ytd-watch-metadata\">1. \u00bfC\u00f3mo usar el bol\u00edgrafo vaporizador Good Vape Kulx 8000?<\/p>\n<p>Paso 1. Antes de usar 8k caladas, desenchufe la pipa de pl\u00e1stico.<\/p>\n<p>Paso 2. Espere unos 3 minutos para que el l\u00edquido entre en la resistencia.<\/p>\n<p>Paso 3. Disfr\u00fatalo.<\/p>\n<p>2. \u00bfC\u00d3MO CARGAR EL DISPOSITIVO VAPE DESECHABLE Kulx 8000 CALADAS?<\/p>\n<p>No se pueden utilizar cargadores de carga r\u00e1pida, y la potencia de seguridad est\u00e1ndar de los cigarrillos electr\u00f3nicos desechables es de 5V 1A. Cada tiempo de carga no puede exceder 1 hora, y el tiempo de carga seguro es de media hora.<\/p>\n<p>3. \u00bfCu\u00e1ntas caladas puedo dar a este Kulx 8000 Puffs?<\/p>\n<p>\u2014\u20138000 Caladas<\/p>\n<p><span style=\"color: #ff6600\">Aviso: \u00a1no recargar toda la noche!<\/span><\/p>\n<h2>Especificaciones para Kulx 8000 Puffs:<\/h2>\n<ul>\n<li>Bater\u00eda: 650mAh (Tipo C)<br \/>\nCapacidad: 18ml<br \/>\nResistencia: malla de 0,8 ohmios<br \/>\nVolumen de succi\u00f3n aproximado: 8000 caladas<br \/>\nNivel de nicotina: 2%, 5%<br \/>\nCantidad m\u00ednima de pedido: 100 unidades<\/li>\n<\/ul>\n<h2><strong>\u00bfCu\u00e1les son los mejores sabores de Vape Kulx 8000 Puffs?<\/strong><\/h2>\n<p>&nbsp;<\/p>\n<p>1. Hielo de menta<\/p>\n<p>2. Hielo de manzana verde<\/p>\n<p>3. Helado de Durazno<\/p>\n<p>4. Hielo de frambuesa<\/p>\n<p>5. Sand\u00eda Helada<\/p>\n<p>6. Mango Helado<\/p>\n<p>7. Cola Helada<\/p>\n<p>8. Frutas<\/p>\n<p>9. Fresa Sand\u00eda Helada<\/p>\n<p>10. Algod\u00f3n de Az\u00facar<\/p>\n<p>11. Melocot\u00f3n Lim\u00f3n Helado<\/p>\n<p>12. T\u00e9 de Lim\u00f3n Helado<\/p>\n<p>13. Lichi Helado<\/p>\n<p>14. Fresa Kiwi<\/p>\n<p><a href=\"https:\/\/vapebulkp.com\/es\/product\/wholesale-price-disposable-vape-crystal-600-puffs\/\"><span style=\"vertical-align: inherit\">Buena Venta Crystal 600 Caladas <\/span><\/a><\/p>\n<p><span style=\"vertical-align: inherit\">Encuentra m\u00e1s productos que te puedan gustar:<\/span><em><a href=\"https:\/\/wa.me\/8618077105796\"><span style=\"vertical-align: inherit\">\u00a0C\u00f3mpralo ahora<\/span><\/a><\/em><\/p>\n<p><span style=\"vertical-align: inherit\">Otros vaporizadores que te pueden gustar:<\/span><a href=\"https:\/\/vapebulkp.com\/es\/product\/good-sale-bang-de-8500puffs-wholesale-price\/\"><span style=\"vertical-align: inherit\">Bang DE 8500 Caladas<\/span><\/a><span style=\"vertical-align: inherit\">\u3001<\/span><a href=\"https:\/\/vapebulkp.com\/es\/product\/elf-box-14000-puffs-2-5-nicotine-rechargeable-vape-sweden-wholesale\/\"><span style=\"vertical-align: inherit\">\u00a0Caja ELF 14000 Caladas<\/span><\/a><span style=\"vertical-align: inherit\">\/ <\/span><a href=\"https:\/\/vapebulkp.com\/es\/product\/popular-kulx-10000puffs-disposable-vape-good-price\/\"><span style=\"vertical-align: inherit\">Kulx 10000 caladas<\/span><\/a><span style=\"vertical-align: inherit\">\/ <\/span><a href=\"https:\/\/vapebulkp.com\/es\/product\/good-randm-tornado-7000-puffs-disposable-vape-kit-1000mah\/\"><span style=\"vertical-align: inherit\">Tornado Randm 7000 Caladas<\/span><\/a><\/p>\n<p><span style=\"vertical-align: inherit\">Cigarrillo electr\u00f3nico con forma especial:<\/span><a href=\"https:\/\/vapebulkp.com\/es\/product\/bulk-buy-kulx-vape-8800-puffs-wholesale-germany\/\"><span style=\"vertical-align: inherit\">Vape Kulx 10000 Caladas<\/span><\/a><span style=\"vertical-align: inherit\">\/ <\/span><a href=\"https:\/\/vapebulkp.com\/es\/product\/bang-tornado-12000-puffs-rechargeable-disposable-pod\/\"><span style=\"vertical-align: inherit\">Bang Tornado 12000 caladas <\/span><\/a><span style=\"vertical-align: inherit\">\/<\/span><a href=\"https:\/\/vapebulkp.com\/es\/product\/fumot-digital-box-12000-disposable-vape-wholesale\/\"><span style=\"vertical-align: inherit\">Caja Digital Fomot 12000 Caladas <\/span><\/a><\/p>\n<h4>Exhibici\u00f3n del paquete:<\/h4>\n<p><a href=\"http:\/\/vapebulkp.com\/wp-content\/uploads\/2023\/09\/Kulx-8000.jpg\"><img decoding=\"async\" class=\"alignleft wp-image-1724\" src=\"http:\/\/vapebulkp.com\/wp-content\/uploads\/2023\/09\/Kulx-8000.jpg\" alt=\"Buena venta Kulx 8000 VAPE\" width=\"296\" height=\"526\" srcset=\"https:\/\/vapebulkp.com\/wp-content\/uploads\/2023\/09\/Kulx-8000.jpg 1080w, https:\/\/vapebulkp.com\/wp-content\/uploads\/2023\/09\/Kulx-8000-169x300.jpg 169w, https:\/\/vapebulkp.com\/wp-content\/uploads\/2023\/09\/Kulx-8000-576x1024.jpg 576w, https:\/\/vapebulkp.com\/wp-content\/uploads\/2023\/09\/Kulx-8000-768x1365.jpg 768w, https:\/\/vapebulkp.com\/wp-content\/uploads\/2023\/09\/Kulx-8000-864x1536.jpg 864w, https:\/\/vapebulkp.com\/wp-content\/uploads\/2023\/09\/Kulx-8000-600x1067.jpg 600w\" sizes=\"(max-width: 296px) 100vw, 296px\" \/><\/a><\/p>\n<h4>Detalle de env\u00edo:<\/h4>\n<p><span style=\"color: #ff6600\">Tiempo de producci\u00f3n: 5-10 d\u00edas laborables<\/span><br \/>\n<span style=\"color: #ff6600\">Tiempo de env\u00edo: 8-14 d\u00edas laborables<\/span><\/p>\n<p>Todos los productos en nuestra tienda son 100% originales y aut\u00e9nticos, por lo que la compensaci\u00f3n de diez veces por productos falsos es la pol\u00edtica de nuestra tienda. Utilizamos canales log\u00edsticos como UPS\/DHL\/FEDEX\/DPD para entregarle los productos.<\/p>\n<p>Para los paquetes enviados a Espa\u00f1a, generalmente tardan 12 a 15 d\u00edas laborables en llegar. Actualizaremos la informaci\u00f3n de log\u00edstica para usted en tiempo real.<\/p>\n<h4>Buen servicio postventa:<\/h4>\n<p>Aviso: No se admiten devoluciones ni cambios por problemas no relacionados con la calidad<br \/>\n1. Los clientes pueden elegir el sabor que deseen, pero si el sabor est\u00e1 agotado, el departamento de producci\u00f3n elegir\u00e1 un sabor popular para reemplazarlo. Los clientes no pueden solicitar reembolsos o cambios basados en los sabores.<\/p>\n<p>2. Cuando ocurran problemas de calidad, proporcione descripciones detalladas en video y foto.<br \/>\nSi no puede proporcionar pruebas como videos y fotos, los productos no podr\u00e1n ser reemplazados.<\/p>\n<p>&nbsp;<\/p>","protected":false},"excerpt":{"rendered":"<p>kulx 8000 caladas La aparici\u00f3n de los cigarrillos electr\u00f3nicos desechables est\u00e1 muy por delante de la vanguardia de los cigarrillos electr\u00f3nicos. Este cigarrillo electr\u00f3nico desechable tiene capacidad para 8.000 caladas, por lo que no tendr\u00e1s que preocuparte por quedarte sin energ\u00eda durante viajes largos.<\/p>\n<p><img decoding=\"async\" class=\"alignnone wp-image-2151\" src=\"http:\/\/vapebulkp.com\/wp-content\/uploads\/2024\/04\/Mandy-WhatsApp-Randm.jpg\" alt=\"Mandy WhatsApp Aleatorio\" width=\"256\" height=\"272\" srcset=\"https:\/\/vapebulkp.com\/wp-content\/uploads\/2024\/04\/Mandy-WhatsApp-Randm.jpg 916w, https:\/\/vapebulkp.com\/wp-content\/uploads\/2024\/04\/Mandy-WhatsApp-Randm-282x300.jpg 282w, https:\/\/vapebulkp.com\/wp-content\/uploads\/2024\/04\/Mandy-WhatsApp-Randm-768x817.jpg 768w, https:\/\/vapebulkp.com\/wp-content\/uploads\/2024\/04\/Mandy-WhatsApp-Randm-600x638.jpg 600w\" sizes=\"(max-width: 256px) 100vw, 256px\" \/><\/p>\n<p>Por favor, contacta con el WhatsApp de Mandy para obtener un precio con descuento<a href=\"https:\/\/wa.me\/8618077105796\">+8618077105796<\/a><\/p>\n<p><span style=\"color: #ff0000\">NOTA: Los precios en nuestro sitio web no incluyen los gastos de env\u00edo<\/span><\/p>","protected":false},"featured_media":1554,"comment_status":"open","ping_status":"closed","template":"","meta":{"_uag_custom_page_level_css":"","_lmt_disableupdate":"no","_lmt_disable":"","site-sidebar-layout":"default","site-content-layout":"content-boxed-container","ast-site-content-layout":"normal-width-container","site-content-style":"boxed","site-sidebar-style":"unboxed","ast-global-header-display":"","ast-banner-title-visibility":"","ast-main-header-display":"","ast-hfb-above-header-display":"","ast-hfb-below-header-display":"","ast-hfb-mobile-header-display":"","site-post-title":"","ast-breadcrumbs-content":"","ast-featured-img":"","footer-sml-layout":"","theme-transparent-header-meta":"default","adv-header-id-meta":"","stick-header-meta":"","header-above-stick-meta":"","header-main-stick-meta":"","header-below-stick-meta":"","astra-migrate-meta-layouts":"set","_joinchat":[]},"product_cat":[169,153,155,33,59,100,34,158,157,154,152,58,84,156,63,32],"product_tag":[52,36,37,94,41,40],"class_list":["post-1547","product","type-product","status-publish","has-post-thumbnail","hentry","product_cat-8000-puffs-disposable-vape","product_cat-hot-disposable-vapes","product_cat-belgium-hot-disposable-vapes","product_cat-france-vape-hot-sale","product_cat-germany-hot-disposable-vape","product_cat-germany-wholesale-vape-shop","product_cat-netherlands-vape-good-sale","product_cat-norway-hot-disposable-vapes","product_cat-poland-hot-disposable-vapes","product_cat-portugal-hot-disposable-vapes","product_cat-spain-hot-disposable-vapes","product_cat-sweden-hot-disposable-vape","product_cat-sweden-wholesale-vape","product_cat-switzerland-hot-disposable-vapes","product_cat-top-sale-disposable-vape","product_cat-vape-hot-sale-this-week","product_tag-8000-puffs","product_tag-good-vape","product_tag-hot-sale-disposable-vape","product_tag-kulx-vapes","product_tag-poland-hot-vape","product_tag-sweden-hot-vape","desktop-align-left","tablet-align-left","mobile-align-left"],"yoast_head":"<!-- This site is optimized with the Yoast SEO plugin v21.1 - https:\/\/yoast.com\/wordpress\/plugins\/seo\/ -->\n<title>Wholesale Kulx 8000 Puffs Disposable Vape 2% 5% Nicotine - vapebulkp.com<\/title>\n<meta name=\"description\" content=\"Wholesale Kulx 8000 Puffs Disposable Vape Germany Vape ergonomic design fits perfectly in your hand and is compact enough to slip into your pocket or purse.\" \/>\n<meta name=\"robots\" content=\"index, follow, max-snippet:-1, max-image-preview:large, max-video-preview:-1\" \/>\n<link rel=\"canonical\" href=\"https:\/\/vapebulkp.com\/es\/product\/wholesale-kulx-8000-puffs-disposable-vape\/\" \/>\n<meta property=\"og:locale\" content=\"es_ES\" \/>\n<meta property=\"og:type\" content=\"article\" \/>\n<meta property=\"og:title\" content=\"Wholesale Kulx 8000 Puffs Disposable Vape 2% 5% Nicotine - vapebulkp.com\" \/>\n<meta property=\"og:description\" content=\"Wholesale Kulx 8000 Puffs Disposable Vape Germany Vape ergonomic design fits perfectly in your hand and is compact enough to slip into your pocket or purse.\" \/>\n<meta property=\"og:url\" content=\"https:\/\/vapebulkp.com\/es\/product\/wholesale-kulx-8000-puffs-disposable-vape\/\" \/>\n<meta property=\"og:site_name\" content=\"vapebulkp.com\" \/>\n<meta property=\"article:modified_time\" content=\"2025-09-08T03:39:48+00:00\" \/>\n<meta property=\"og:image\" content=\"http:\/\/vapebulkp.com\/wp-content\/uploads\/2023\/09\/kULX-8000-PUFF-6-scaled.jpg\" \/>\n\t<meta property=\"og:image:width\" content=\"2560\" \/>\n\t<meta property=\"og:image:height\" content=\"2560\" \/>\n\t<meta property=\"og:image:type\" content=\"image\/jpeg\" \/>\n<meta name=\"twitter:card\" content=\"summary_large_image\" \/>\n<meta name=\"twitter:label1\" content=\"Tiempo de lectura\" \/>\n\t<meta name=\"twitter:data1\" content=\"3 minutos\" \/>\n<script type=\"application\/ld+json\" class=\"yoast-schema-graph\">{\"@context\":\"https:\/\/schema.org\",\"@graph\":[{\"@type\":\"WebPage\",\"@id\":\"https:\/\/vapebulkp.com\/product\/wholesale-kulx-8000-puffs-disposable-vape\/\",\"url\":\"https:\/\/vapebulkp.com\/product\/wholesale-kulx-8000-puffs-disposable-vape\/\",\"name\":\"Wholesale Kulx 8000 Puffs Disposable Vape 2% 5% Nicotine - vapebulkp.com\",\"isPartOf\":{\"@id\":\"https:\/\/vapebulkp.com\/#website\"},\"datePublished\":\"2023-09-20T09:39:19+00:00\",\"dateModified\":\"2025-09-08T03:39:48+00:00\",\"description\":\"Wholesale Kulx 8000 Puffs Disposable Vape Germany Vape ergonomic design fits perfectly in your hand and is compact enough to slip into your pocket or purse.\",\"breadcrumb\":{\"@id\":\"https:\/\/vapebulkp.com\/product\/wholesale-kulx-8000-puffs-disposable-vape\/#breadcrumb\"},\"inLanguage\":\"es\",\"potentialAction\":[{\"@type\":\"ReadAction\",\"target\":[\"https:\/\/vapebulkp.com\/product\/wholesale-kulx-8000-puffs-disposable-vape\/\"]}]},{\"@type\":\"BreadcrumbList\",\"@id\":\"https:\/\/vapebulkp.com\/product\/wholesale-kulx-8000-puffs-disposable-vape\/#breadcrumb\",\"itemListElement\":[{\"@type\":\"ListItem\",\"position\":1,\"name\":\"Home\",\"item\":\"https:\/\/vapebulkp.com\/\"},{\"@type\":\"ListItem\",\"position\":2,\"name\":\"Hot Trend Vapes\",\"item\":\"https:\/\/vapebulkp.com\/vape-shop\/\"},{\"@type\":\"ListItem\",\"position\":3,\"name\":\"Wholesale Kulx 8000 Puffs Disposable Vape 2% 5% Nicotine\"}]},{\"@type\":\"WebSite\",\"@id\":\"https:\/\/vapebulkp.com\/#website\",\"url\":\"https:\/\/vapebulkp.com\/\",\"name\":\"vapebulkp.com\",\"description\":\"Buy Vape In Cheap Bulk Price Near you\",\"publisher\":{\"@id\":\"https:\/\/vapebulkp.com\/#organization\"},\"potentialAction\":[{\"@type\":\"SearchAction\",\"target\":{\"@type\":\"EntryPoint\",\"urlTemplate\":\"https:\/\/vapebulkp.com\/?s={search_term_string}\"},\"query-input\":\"required name=search_term_string\"}],\"inLanguage\":\"es\"},{\"@type\":\"Organization\",\"@id\":\"https:\/\/vapebulkp.com\/#organization\",\"name\":\"vapebulkp.com\",\"url\":\"https:\/\/vapebulkp.com\/\",\"logo\":{\"@type\":\"ImageObject\",\"inLanguage\":\"es\",\"@id\":\"https:\/\/vapebulkp.com\/#\/schema\/logo\/image\/\",\"url\":\"https:\/\/vapebulkp.com\/wp-content\/uploads\/2023\/09\/cropped-vapebulkp.png\",\"contentUrl\":\"https:\/\/vapebulkp.com\/wp-content\/uploads\/2023\/09\/cropped-vapebulkp.png\",\"width\":516,\"height\":163,\"caption\":\"vapebulkp.com\"},\"image\":{\"@id\":\"https:\/\/vapebulkp.com\/#\/schema\/logo\/image\/\"}}]}<\/script>\n<!-- \/ Yoast SEO plugin. -->","yoast_head_json":{"title":"Wholesale Kulx 8000 Puffs Disposable Vape 2% 5% Nicotine - vapebulkp.com","description":"Wholesale Kulx 8000 Puffs Disposable Vape Germany Vape ergonomic design fits perfectly in your hand and is compact enough to slip into your pocket or purse.","robots":{"index":"index","follow":"follow","max-snippet":"max-snippet:-1","max-image-preview":"max-image-preview:large","max-video-preview":"max-video-preview:-1"},"canonical":"https:\/\/vapebulkp.com\/es\/product\/wholesale-kulx-8000-puffs-disposable-vape\/","og_locale":"es_ES","og_type":"article","og_title":"Wholesale Kulx 8000 Puffs Disposable Vape 2% 5% Nicotine - vapebulkp.com","og_description":"Wholesale Kulx 8000 Puffs Disposable Vape Germany Vape ergonomic design fits perfectly in your hand and is compact enough to slip into your pocket or purse.","og_url":"https:\/\/vapebulkp.com\/es\/product\/wholesale-kulx-8000-puffs-disposable-vape\/","og_site_name":"vapebulkp.com","article_modified_time":"2025-09-08T03:39:48+00:00","og_image":[{"width":2560,"height":2560,"url":"http:\/\/vapebulkp.com\/wp-content\/uploads\/2023\/09\/kULX-8000-PUFF-6-scaled.jpg","type":"image\/jpeg"}],"twitter_card":"summary_large_image","twitter_misc":{"Tiempo de lectura":"3 minutos"},"schema":{"@context":"https:\/\/schema.org","@graph":[{"@type":"WebPage","@id":"https:\/\/vapebulkp.com\/product\/wholesale-kulx-8000-puffs-disposable-vape\/","url":"https:\/\/vapebulkp.com\/product\/wholesale-kulx-8000-puffs-disposable-vape\/","name":"Wholesale Kulx 8000 Puffs Disposable Vape 2% 5% Nicotine - vapebulkp.com","isPartOf":{"@id":"https:\/\/vapebulkp.com\/#website"},"datePublished":"2023-09-20T09:39:19+00:00","dateModified":"2025-09-08T03:39:48+00:00","description":"Wholesale Kulx 8000 Puffs Disposable Vape Germany Vape ergonomic design fits perfectly in your hand and is compact enough to slip into your pocket or purse.","breadcrumb":{"@id":"https:\/\/vapebulkp.com\/product\/wholesale-kulx-8000-puffs-disposable-vape\/#breadcrumb"},"inLanguage":"es","potentialAction":[{"@type":"ReadAction","target":["https:\/\/vapebulkp.com\/product\/wholesale-kulx-8000-puffs-disposable-vape\/"]}]},{"@type":"BreadcrumbList","@id":"https:\/\/vapebulkp.com\/product\/wholesale-kulx-8000-puffs-disposable-vape\/#breadcrumb","itemListElement":[{"@type":"ListItem","position":1,"name":"Home","item":"https:\/\/vapebulkp.com\/"},{"@type":"ListItem","position":2,"name":"Hot Trend Vapes","item":"https:\/\/vapebulkp.com\/vape-shop\/"},{"@type":"ListItem","position":3,"name":"Wholesale Kulx 8000 Puffs Disposable Vape 2% 5% Nicotine"}]},{"@type":"WebSite","@id":"https:\/\/vapebulkp.com\/#website","url":"https:\/\/vapebulkp.com\/","name":"vapebulkp.com","description":"Buy Vape In Cheap Bulk Price Near you","publisher":{"@id":"https:\/\/vapebulkp.com\/#organization"},"potentialAction":[{"@type":"SearchAction","target":{"@type":"EntryPoint","urlTemplate":"https:\/\/vapebulkp.com\/?s={search_term_string}"},"query-input":"required name=search_term_string"}],"inLanguage":"es"},{"@type":"Organization","@id":"https:\/\/vapebulkp.com\/#organization","name":"vapebulkp.com","url":"https:\/\/vapebulkp.com\/","logo":{"@type":"ImageObject","inLanguage":"es","@id":"https:\/\/vapebulkp.com\/#\/schema\/logo\/image\/","url":"https:\/\/vapebulkp.com\/wp-content\/uploads\/2023\/09\/cropped-vapebulkp.png","contentUrl":"https:\/\/vapebulkp.com\/wp-content\/uploads\/2023\/09\/cropped-vapebulkp.png","width":516,"height":163,"caption":"vapebulkp.com"},"image":{"@id":"https:\/\/vapebulkp.com\/#\/schema\/logo\/image\/"}}]}},"uagb_featured_image_src":{"full":["https:\/\/vapebulkp.com\/wp-content\/uploads\/2023\/09\/kULX-8000-PUFF-6-scaled.jpg",2560,2560,false],"thumbnail":["https:\/\/vapebulkp.com\/wp-content\/uploads\/2023\/09\/kULX-8000-PUFF-6-150x150.jpg",150,150,true],"medium":["https:\/\/vapebulkp.com\/wp-content\/uploads\/2023\/09\/kULX-8000-PUFF-6-300x300.jpg",300,300,true],"medium_large":["https:\/\/vapebulkp.com\/wp-content\/uploads\/2023\/09\/kULX-8000-PUFF-6-768x768.jpg",768,768,true],"large":["https:\/\/vapebulkp.com\/wp-content\/uploads\/2023\/09\/kULX-8000-PUFF-6-1024x1024.jpg",1024,1024,true],"1536x1536":["https:\/\/vapebulkp.com\/wp-content\/uploads\/2023\/09\/kULX-8000-PUFF-6-1536x1536.jpg",1536,1536,true],"2048x2048":["https:\/\/vapebulkp.com\/wp-content\/uploads\/2023\/09\/kULX-8000-PUFF-6-2048x2048.jpg",2048,2048,true],"trp-custom-language-flag":["https:\/\/vapebulkp.com\/wp-content\/uploads\/2023\/09\/kULX-8000-PUFF-6-scaled.jpg",12,12,false],"woocommerce_thumbnail":["https:\/\/vapebulkp.com\/wp-content\/uploads\/2023\/09\/kULX-8000-PUFF-6-300x300.jpg",300,300,true],"woocommerce_single":["https:\/\/vapebulkp.com\/wp-content\/uploads\/2023\/09\/kULX-8000-PUFF-6-600x600.jpg",600,600,true],"woocommerce_gallery_thumbnail":["https:\/\/vapebulkp.com\/wp-content\/uploads\/2023\/09\/kULX-8000-PUFF-6-100x100.jpg",100,100,true],"wcpr-photo-reviews":["https:\/\/vapebulkp.com\/wp-content\/uploads\/2023\/09\/kULX-8000-PUFF-6-scaled.jpg",500,500,false]},"uagb_author_info":{"display_name":"Mandy vape bulk price","author_link":"https:\/\/vapebulkp.com\/es\/author\/"},"uagb_comment_info":1,"uagb_excerpt":"kulx 8000 puffs The emergence of disposable e-cigarettes is far ahead of the forefront of e-cigarettes. This disposable e-cigarette can hold 8,000 puffs, so you don\u2019t have to worry about running out of power during long journeys. Pls Contact Mandy's WhatsApp For Discount Price+8618077105796 NOTE: Prices on our website does not include shipping costs","_links":{"self":[{"href":"https:\/\/vapebulkp.com\/es\/wp-json\/wp\/v2\/product\/1547","targetHints":{"allow":["GET"]}}],"collection":[{"href":"https:\/\/vapebulkp.com\/es\/wp-json\/wp\/v2\/product"}],"about":[{"href":"https:\/\/vapebulkp.com\/es\/wp-json\/wp\/v2\/types\/product"}],"replies":[{"embeddable":true,"href":"https:\/\/vapebulkp.com\/es\/wp-json\/wp\/v2\/comments?post=1547"}],"wp:featuredmedia":[{"embeddable":true,"href":"https:\/\/vapebulkp.com\/es\/wp-json\/wp\/v2\/media\/1554"}],"wp:attachment":[{"href":"https:\/\/vapebulkp.com\/es\/wp-json\/wp\/v2\/media?parent=1547"}],"wp:term":[{"taxonomy":"product_cat","embeddable":true,"href":"https:\/\/vapebulkp.com\/es\/wp-json\/wp\/v2\/product_cat?post=1547"},{"taxonomy":"product_tag","embeddable":true,"href":"https:\/\/vapebulkp.com\/es\/wp-json\/wp\/v2\/product_tag?post=1547"}],"curies":[{"name":"wp","href":"https:\/\/api.w.org\/{rel}","templated":true}]}}