{"id":1560,"date":"2023-09-21T05:19:59","date_gmt":"2023-09-21T03:19:59","guid":{"rendered":"https:\/\/vapebulkp.com\/?post_type=product&#038;p=1560"},"modified":"2025-09-08T05:45:47","modified_gmt":"2025-09-08T03:45:47","slug":"wholesale-price-aroma-king-7000puffs-disposable-vape","status":"publish","type":"product","link":"https:\/\/vapebulkp.com\/es\/product\/wholesale-price-aroma-king-7000puffs-disposable-vape\/","title":{"rendered":"Precio al por mayor Aroma King 7000 Caladas Vape desechable"},"content":{"rendered":"<h2>Precio al por mayor Aroma King 7000 Caladas Vape desechable<\/h2>\n<p>El Aroma King 7000 Puffs Vaper Desechable es un vaper desechable de alto rendimiento y larga duraci\u00f3n dise\u00f1ado para entusiastas del vapeo en Espa\u00f1a que valoran el sabor, la comodidad y la fiabilidad. Dise\u00f1ado con una bobina de malla de 0.8\u03a9, ofrece un vapor suave y denso para aproximadamente 7,000 caladas.<\/p>\n<p>Precargado con 18ml de e-l\u00edquido de sal de nicotina de primera calidad, el dispositivo proporciona caladas satisfactorias con opciones de 2% o 5% de concentraci\u00f3n de nicotina. Su dise\u00f1o ergon\u00f3mico garantiza un agarre c\u00f3modo, mientras que su forma compacta lo convierte en un pod de vapeo port\u00e1til que cabe f\u00e1cilmente en bolsillos o bolsos, ideal para vapear sobre la marcha.<\/p>\n<p>Con un dise\u00f1o elegante y f\u00e1cil de usar, el vaper desechable ergon\u00f3mico ofrece un rendimiento constante y sabores premium, desde frutas hasta mezclas de mentol, haciendo que cada calada sea placentera y sabrosa. Ligero, listo para usar y construido para durar, el Vaper Desechable de 7000 Caladas es perfecto para uso personal o para mayoristas.<\/p>\n<p><img decoding=\"async\" class=\"alignnone wp-image-1726\" style=\"font-size: 1.1em;font-style: inherit;font-weight: bold\" src=\"http:\/\/vapebulkp.com\/wp-content\/uploads\/2023\/09\/Roma-King-7000-Puffs-Good-Vape.jpg\" alt=\"Roma King 7000 Puffs Buen vape\" width=\"284\" height=\"378\" srcset=\"https:\/\/vapebulkp.com\/wp-content\/uploads\/2023\/09\/Roma-King-7000-Puffs-Good-Vape.jpg 1280w, https:\/\/vapebulkp.com\/wp-content\/uploads\/2023\/09\/Roma-King-7000-Puffs-Good-Vape-225x300.jpg 225w, https:\/\/vapebulkp.com\/wp-content\/uploads\/2023\/09\/Roma-King-7000-Puffs-Good-Vape-769x1024.jpg 769w, https:\/\/vapebulkp.com\/wp-content\/uploads\/2023\/09\/Roma-King-7000-Puffs-Good-Vape-768x1022.jpg 768w, https:\/\/vapebulkp.com\/wp-content\/uploads\/2023\/09\/Roma-King-7000-Puffs-Good-Vape-1154x1536.jpg 1154w, https:\/\/vapebulkp.com\/wp-content\/uploads\/2023\/09\/Roma-King-7000-Puffs-Good-Vape-600x799.jpg 600w\" sizes=\"(max-width: 284px) 100vw, 284px\" \/><\/p>\n<h6>Por favor, contacta con el WhatsApp de Mandy para obtener un precio con descuento<a href=\"https:\/\/wa.me\/8618077105796\">+8618077105796<\/a><\/h6>\n<p><img decoding=\"async\" class=\"alignnone wp-image-2151\" src=\"http:\/\/vapebulkp.com\/wp-content\/uploads\/2024\/04\/Mandy-WhatsApp-Randm.jpg\" alt=\"Mandy WhatsApp Aleatorio\" width=\"303\" height=\"322\" srcset=\"https:\/\/vapebulkp.com\/wp-content\/uploads\/2024\/04\/Mandy-WhatsApp-Randm.jpg 916w, https:\/\/vapebulkp.com\/wp-content\/uploads\/2024\/04\/Mandy-WhatsApp-Randm-282x300.jpg 282w, https:\/\/vapebulkp.com\/wp-content\/uploads\/2024\/04\/Mandy-WhatsApp-Randm-768x817.jpg 768w, https:\/\/vapebulkp.com\/wp-content\/uploads\/2024\/04\/Mandy-WhatsApp-Randm-600x638.jpg 600w\" sizes=\"(max-width: 303px) 100vw, 303px\" \/><\/p>\n<h2><span style=\"vertical-align: inherit\">Pensamos que podr\u00eda interesarle saber sobre Aroma King 7000Puffs:<\/span><\/h2>\n<h5 class=\"style-scope ytd-watch-metadata\">1. \u00bfC\u00f3mo usar el Vaper Pen Roma King 7000 Puffs de compra al por mayor?<\/h5>\n<p>Paso 1. Antes de usar el 7k puffs, desconecte el tubo de pl\u00e1stico.<\/p>\n<p>Paso 2. Espere unos 3 minutos para que el l\u00edquido entre en la resistencia.<\/p>\n<p>Paso 3. Disfr\u00fatelo<\/p>\n<h5>2. \u00bfC\u00f3mo cargar el dispositivo vaper desechable Roma King 7000 puffs?<\/h5>\n<p>No se pueden utilizar cargadores de carga r\u00e1pida. La potencia segura est\u00e1ndar de los cigarrillos electr\u00f3nicos desechables es de 5V 1A.<\/p>\n<p>El tiempo de carga no puede exceder 1 hora. El tiempo de carga seguro es de media hora.<\/p>\n<p>Aviso: \u00a1no recargar toda la noche!<\/p>\n<h5>3. \u00bfCu\u00e1l es la capacidad de e-l\u00edquido de Roma King 7000 Puffs WAPE?<\/h5>\n<p>18 ml<\/p>\n<h5>4. \u00bfCu\u00e1ntas caladas puedo dar a este Roma King 7000 Puffs?<\/h5>\n<p>\u2013 7000 caladas<\/p>\n<h3><strong><span style=\"vertical-align: inherit\">Especificaci\u00f3n del Pod de Vapeo Roma King 7000 Puffs:<\/span><br \/>\n<\/strong><\/h3>\n<p>Bater\u00eda: 850 mAh (Tipo C)<br \/>\nCapacidad: 18ml<br \/>\nResistencia: malla de 0,8 ohmios<br \/>\nVolumen de succi\u00f3n aproximado: 7000 caladas<br \/>\nNivel de nicotina: 2%, 5%<br \/>\nCantidad m\u00ednima de pedido: 50 unidades<\/p>\n<h3><strong>Precio al por mayor Lista de sabores del Vaper Roma King 7000Puffs:<\/strong><\/h3>\n<p><strong>1. Bayas Mixtas<\/strong><\/p>\n<p><strong>2. Fresa Sand\u00eda<\/strong><\/p>\n<p><strong>3. Algod\u00f3n de Az\u00facar<\/strong><\/p>\n<p><strong>4. Fresa Kiwi<\/strong><\/p>\n<p><strong>Sr. Azul<\/strong><\/p>\n<p><strong>6. Manzana Melocot\u00f3n Pera<\/strong><\/p>\n<p><strong>7. Ar\u00e1ndano Granada<\/strong><\/p>\n<p><strong>8. Kiwi Maracuy\u00e1 Guayaba<\/strong><\/p>\n<p><strong>9. Cereza Cola<\/strong><\/p>\n<p><strong>10.Caramelo de Melocot\u00f3n y Ar\u00e1ndanos<\/strong><\/p>\n<p><strong>11.Sand\u00eda y Fresa<\/strong><\/p>\n<p><strong>12.Frambuesa Azul Cereza<\/strong><\/p>\n<p><strong>13.Frambuesa Azul<\/strong><\/p>\n<p><strong>14.Oso de Gominola<\/strong><\/p>\n<p><strong>15.Bebida Energ\u00e9tica Helada<\/strong><\/p>\n<p><strong>16.Manzana Roja Helada<\/strong><\/p>\n<p><strong>17.Chicle de Ar\u00e1ndanos<\/strong><\/p>\n<p><strong>18.Frambuesa Azul \u00c1cida<\/strong><\/p>\n<p><strong>19.Golosinas<\/strong><\/p>\n<p><a href=\"https:\/\/vapebulkp.com\/es\/product\/wholesale-price-disposable-vape-crystal-600-puffs\/\"><span style=\"vertical-align: inherit\">Buena Venta Crystal 600 Caladas <\/span><\/a><\/p>\n<p><span style=\"vertical-align: inherit\">Encuentra m\u00e1s productos que te puedan gustar:<\/span><em><a href=\"https:\/\/wa.me\/8618077105796\"><span style=\"vertical-align: inherit\">\u00a0C\u00f3mpralo ahora<\/span><\/a><\/em><\/p>\n<p><span style=\"vertical-align: inherit\">Otros vaporizadores que te pueden gustar:<\/span><a href=\"https:\/\/vapebulkp.com\/es\/product\/popular-randm-tornado-7000puffs-disposable-vape-best-price\/\"><span style=\"vertical-align: inherit\">RandM Tornado 7000 Caladas<\/span><\/a><span style=\"vertical-align: inherit\">\u3001<\/span><a href=\"https:\/\/vapebulkp.com\/es\/product\/good-sale-randm-tornado-10000-puffs-plus\/\"><span style=\"vertical-align: inherit\">Tornado 10000 caladas<\/span><\/a><span style=\"vertical-align: inherit\">\/ <\/span><a href=\"https:\/\/vapebulkp.com\/es\/product\/popular-kulx-10000puffs-disposable-vape-good-price\/\"><span style=\"vertical-align: inherit\">Kulx 10000 caladas<\/span><\/a><span style=\"vertical-align: inherit\">\/ <\/span><a href=\"https:\/\/vapebulkp.com\/es\/product\/wholesale-kulx-8000-puffs-disposable-vape\/\"><span style=\"vertical-align: inherit\">Kulx 8000 caladas<\/span><\/a><\/p>\n<p><span style=\"vertical-align: inherit\">Cigarrillo electr\u00f3nico con forma especial:<\/span><a href=\"https:\/\/vapebulkp.com\/es\/product\/bang-king-12000puffs\/\"><span style=\"vertical-align: inherit\">Bang King 12000 caladas<\/span><\/a><span style=\"vertical-align: inherit\">\/ <\/span><a href=\"https:\/\/vapebulkp.com\/es\/product\/popular-vape-bang-king-15000-puffs-bang-vape\/\"><span style=\"vertical-align: inherit\">Bang King 15000 caladas <\/span><\/a><span style=\"vertical-align: inherit\">\/<\/span><a href=\"https:\/\/vapebulkp.com\/es\/product\/bulk-buy-vapetop-sale-breze-7500-puffs-sweden\/\"><span style=\"vertical-align: inherit\">Breze 7500 caladas<\/span><\/a><\/p>\n<h4>Detalle de env\u00edo:<\/h4>\n<p><span style=\"color: #ff6600\">Tiempo de producci\u00f3n: 5-10 d\u00edas laborables<\/span><br \/>\n<span style=\"color: #ff6600\">Tiempo de env\u00edo: 8-14 d\u00edas laborables<\/span><\/p>\n<p>Todos los productos en nuestra tienda son 100% originales y aut\u00e9nticos, por lo que la compensaci\u00f3n de diez veces por productos falsos es la pol\u00edtica de nuestra tienda. Utilizamos canales log\u00edsticos como UPS\/DHL\/FEDEX\/DPD para entregarle los productos.<\/p>\n<p>Para los paquetes enviados a Espa\u00f1a, generalmente tardan 12 a 15 d\u00edas laborables en llegar. Actualizaremos la informaci\u00f3n de log\u00edstica para usted en tiempo real.<\/p>\n<h5>Buen servicio postventa:<\/h5>\n<p><span style=\"color: #ff6600\">Aviso: No se admiten devoluciones ni cambios por problemas no relacionados con la calidad<\/span><br \/>\n1. Los clientes pueden elegir el sabor que deseen, pero si el sabor est\u00e1 agotado, el departamento de producci\u00f3n elegir\u00e1 un sabor popular para reemplazarlo. Los clientes no pueden solicitar reembolsos o cambios basados en los sabores.<\/p>\n<p>2. Cuando ocurran problemas de calidad, proporcione descripciones detalladas en video y foto.<br \/>\nSi no puede proporcionar pruebas como videos y fotos, los productos no podr\u00e1n ser reemplazados.<\/p>\n<h5>Cosas que quiz\u00e1s quieras saber sobre los cigarrillos electr\u00f3nicos (e-cigarrillos):<\/h5>\n<p>P: \u00bfQu\u00e9 es un cigarrillo electr\u00f3nico (e-cigarrillo)?<br \/>\nR: Un cigarrillo electr\u00f3nico, com\u00fanmente conocido como e-cigarrillo, es un dispositivo que funciona con bater\u00edas dise\u00f1ado para vaporizar una soluci\u00f3n l\u00edquida, que a menudo contiene nicotina o sustancias sin nicotina, para su inhalaci\u00f3n. A diferencia de los cigarrillos tradicionales, los e-cigarrillos producen vapor en lugar de humo.<\/p>\n<p>P: \u00bfC\u00f3mo funcionan los cigarrillos electr\u00f3nicos?<br \/>\nR: Los cigarrillos electr\u00f3nicos funcionan calentando el l\u00edquido de vapeo presente en un cartucho o tanque. Este proceso de calentamiento convierte el l\u00edquido en vapor, que los usuarios inhalan. Este vapor contiene nicotina (en varias concentraciones) y saborizantes.<\/p>\n<p>P: \u00bfExisten diferentes opciones de sabor para los cigarrillos electr\u00f3nicos?<br \/>\nR: S\u00ed, los cigarrillos electr\u00f3nicos ofrecen una amplia variedad de sabores, incluyendo frutas, postres, mentol, tabaco y muchos otros. Estas diversas opciones de sabor se adaptan a las diferentes preferencias.<\/p>\n<p>P: \u00bfQu\u00e9 concentraci\u00f3n de nicotina debo elegir?<br \/>\nR: La selecci\u00f3n de la concentraci\u00f3n de nicotina depende de los h\u00e1bitos de tabaquismo de cada persona. Aquellos acostumbrados a fumar mucho pueden optar por concentraciones de nicotina m\u00e1s altas, mientras que los fumadores ocasionales o aquellos que buscan dejar de fumar pueden comenzar con concentraciones m\u00e1s bajas.<\/p>\n<p>P: \u00bfPueden los cigarrillos electr\u00f3nicos ayudar a dejar de fumar?<br \/>\nA: Algunas personas recurren a los cigarrillos electr\u00f3nicos como ayuda para dejar de fumar. Proporcionan una fuente alternativa de nicotina y, al mismo tiempo, reducen la exposici\u00f3n a las sustancias nocivas que se encuentran en los cigarrillos tradicionales. Sin embargo, el \u00e9xito del uso de cigarrillos electr\u00f3nicos para dejar de fumar var\u00eda entre las personas. Es aconsejable buscar la orientaci\u00f3n de un profesional de la salud antes de confiar \u00fanicamente en los cigarrillos electr\u00f3nicos para dejar de fumar.<\/p>\n<p>P: \u00bfRequieren mantenimiento los cigarrillos electr\u00f3nicos?<br \/>\nA: La mayor\u00eda de los cigarrillos electr\u00f3nicos est\u00e1n dise\u00f1ados para requerir poco mantenimiento. Pueden ser desechables o recargables. Por lo general, los usuarios solo necesitan reemplazar el cartucho de e-l\u00edquido o cargar la bater\u00eda sin la molestia de cambiar piezas con frecuencia.<\/p>\n<p>&nbsp;<\/p>","protected":false},"excerpt":{"rendered":"<p>Si buscas la m\u00e1xima comodidad para vapear sin sacrificar el sabor, el cigarrillo electr\u00f3nico desechable Roma King 7000 Puffs es tu respuesta. Este innovador dispositivo ofrece unas asombrosas 8500 caladas de pura satisfacci\u00f3n en un paquete elegante y desechable.<\/p>\n<p><img decoding=\"async\" class=\"alignnone wp-image-2151\" src=\"http:\/\/vapebulkp.com\/wp-content\/uploads\/2024\/04\/Mandy-WhatsApp-Randm.jpg\" alt=\"Mandy WhatsApp Aleatorio\" width=\"289\" height=\"307\" srcset=\"https:\/\/vapebulkp.com\/wp-content\/uploads\/2024\/04\/Mandy-WhatsApp-Randm.jpg 916w, https:\/\/vapebulkp.com\/wp-content\/uploads\/2024\/04\/Mandy-WhatsApp-Randm-282x300.jpg 282w, https:\/\/vapebulkp.com\/wp-content\/uploads\/2024\/04\/Mandy-WhatsApp-Randm-768x817.jpg 768w, https:\/\/vapebulkp.com\/wp-content\/uploads\/2024\/04\/Mandy-WhatsApp-Randm-600x638.jpg 600w\" sizes=\"(max-width: 289px) 100vw, 289px\" \/><\/p>\n<p>Por favor, contacta con el WhatsApp de Mandy para obtener un precio con descuento<a href=\"https:\/\/wa.me\/8618077105796\">+8618077105796<\/a><\/p>\n<p><span style=\"color: #ff0000\">NOTA: Los precios en nuestro sitio web no incluyen los gastos de env\u00edo<\/span><\/p>","protected":false},"featured_media":1726,"comment_status":"open","ping_status":"closed","template":"","meta":{"_uag_custom_page_level_css":"","_lmt_disableupdate":"no","_lmt_disable":"","site-sidebar-layout":"default","site-content-layout":"content-boxed-container","ast-site-content-layout":"normal-width-container","site-content-style":"boxed","site-sidebar-style":"unboxed","ast-global-header-display":"","ast-banner-title-visibility":"","ast-main-header-display":"","ast-hfb-above-header-display":"","ast-hfb-below-header-display":"","ast-hfb-mobile-header-display":"","site-post-title":"","ast-breadcrumbs-content":"","ast-featured-img":"","footer-sml-layout":"","theme-transparent-header-meta":"default","adv-header-id-meta":"","stick-header-meta":"","header-above-stick-meta":"","header-main-stick-meta":"","header-below-stick-meta":"","astra-migrate-meta-layouts":"set","_joinchat":[]},"product_cat":[170,153,155,33,59,100,34,158,157,154,152,58,84,156,63,32],"product_tag":[54,36,37,41,40,95],"class_list":["post-1560","product","type-product","status-publish","has-post-thumbnail","hentry","product_cat-7000-puffs-disposable-vape","product_cat-hot-disposable-vapes","product_cat-belgium-hot-disposable-vapes","product_cat-france-vape-hot-sale","product_cat-germany-hot-disposable-vape","product_cat-germany-wholesale-vape-shop","product_cat-netherlands-vape-good-sale","product_cat-norway-hot-disposable-vapes","product_cat-poland-hot-disposable-vapes","product_cat-portugal-hot-disposable-vapes","product_cat-spain-hot-disposable-vapes","product_cat-sweden-hot-disposable-vape","product_cat-sweden-wholesale-vape","product_cat-switzerland-hot-disposable-vapes","product_cat-top-sale-disposable-vape","product_cat-vape-hot-sale-this-week","product_tag-7000puffs","product_tag-good-vape","product_tag-hot-sale-disposable-vape","product_tag-poland-hot-vape","product_tag-sweden-hot-vape","product_tag-wholeasle-vape-aroma-king-7000-puffs","desktop-align-left","tablet-align-left","mobile-align-left"],"yoast_head":"<!-- This site is optimized with the Yoast SEO plugin v21.1 - https:\/\/yoast.com\/wordpress\/plugins\/seo\/ -->\n<title>Wholesale Price Aroma King 7000Puffs Disposable Vape - vapebulkp.com<\/title>\n<meta name=\"description\" content=\"Wholesale Price Aroma King 7000Puffs Disposable Vape Elevate your vaping game with the Puffs Disposable E-Cigarette and experience vaping like never before.\" \/>\n<meta name=\"robots\" content=\"index, follow, max-snippet:-1, max-image-preview:large, max-video-preview:-1\" \/>\n<link rel=\"canonical\" href=\"https:\/\/vapebulkp.com\/es\/product\/wholesale-price-aroma-king-7000puffs-disposable-vape\/\" \/>\n<meta property=\"og:locale\" content=\"es_ES\" \/>\n<meta property=\"og:type\" content=\"article\" \/>\n<meta property=\"og:title\" content=\"Wholesale Price Aroma King 7000Puffs Disposable Vape - vapebulkp.com\" \/>\n<meta property=\"og:description\" content=\"Wholesale Price Aroma King 7000Puffs Disposable Vape Elevate your vaping game with the Puffs Disposable E-Cigarette and experience vaping like never before.\" \/>\n<meta property=\"og:url\" content=\"https:\/\/vapebulkp.com\/es\/product\/wholesale-price-aroma-king-7000puffs-disposable-vape\/\" \/>\n<meta property=\"og:site_name\" content=\"vapebulkp.com\" \/>\n<meta property=\"article:modified_time\" content=\"2025-09-08T03:45:47+00:00\" \/>\n<meta property=\"og:image\" content=\"http:\/\/vapebulkp.com\/wp-content\/uploads\/2023\/09\/Roma-King-7000-Puffs-Good-Vape.jpg\" \/>\n\t<meta property=\"og:image:width\" content=\"1280\" \/>\n\t<meta property=\"og:image:height\" content=\"1704\" \/>\n\t<meta property=\"og:image:type\" content=\"image\/jpeg\" \/>\n<meta name=\"twitter:card\" content=\"summary_large_image\" \/>\n<meta name=\"twitter:label1\" content=\"Tiempo de lectura\" \/>\n\t<meta name=\"twitter:data1\" content=\"5 minutos\" \/>\n<script type=\"application\/ld+json\" class=\"yoast-schema-graph\">{\"@context\":\"https:\/\/schema.org\",\"@graph\":[{\"@type\":\"WebPage\",\"@id\":\"https:\/\/vapebulkp.com\/product\/wholesale-price-aroma-king-7000puffs-disposable-vape\/\",\"url\":\"https:\/\/vapebulkp.com\/product\/wholesale-price-aroma-king-7000puffs-disposable-vape\/\",\"name\":\"Wholesale Price Aroma King 7000Puffs Disposable Vape - vapebulkp.com\",\"isPartOf\":{\"@id\":\"https:\/\/vapebulkp.com\/#website\"},\"datePublished\":\"2023-09-21T03:19:59+00:00\",\"dateModified\":\"2025-09-08T03:45:47+00:00\",\"description\":\"Wholesale Price Aroma King 7000Puffs Disposable Vape Elevate your vaping game with the Puffs Disposable E-Cigarette and experience vaping like never before.\",\"breadcrumb\":{\"@id\":\"https:\/\/vapebulkp.com\/product\/wholesale-price-aroma-king-7000puffs-disposable-vape\/#breadcrumb\"},\"inLanguage\":\"es\",\"potentialAction\":[{\"@type\":\"ReadAction\",\"target\":[\"https:\/\/vapebulkp.com\/product\/wholesale-price-aroma-king-7000puffs-disposable-vape\/\"]}]},{\"@type\":\"BreadcrumbList\",\"@id\":\"https:\/\/vapebulkp.com\/product\/wholesale-price-aroma-king-7000puffs-disposable-vape\/#breadcrumb\",\"itemListElement\":[{\"@type\":\"ListItem\",\"position\":1,\"name\":\"Home\",\"item\":\"https:\/\/vapebulkp.com\/\"},{\"@type\":\"ListItem\",\"position\":2,\"name\":\"Hot Trend Vapes\",\"item\":\"https:\/\/vapebulkp.com\/vape-shop\/\"},{\"@type\":\"ListItem\",\"position\":3,\"name\":\"Wholesale Price Aroma King 7000Puffs Disposable Vape\"}]},{\"@type\":\"WebSite\",\"@id\":\"https:\/\/vapebulkp.com\/#website\",\"url\":\"https:\/\/vapebulkp.com\/\",\"name\":\"vapebulkp.com\",\"description\":\"Buy Vape In Cheap Bulk Price Near you\",\"publisher\":{\"@id\":\"https:\/\/vapebulkp.com\/#organization\"},\"potentialAction\":[{\"@type\":\"SearchAction\",\"target\":{\"@type\":\"EntryPoint\",\"urlTemplate\":\"https:\/\/vapebulkp.com\/?s={search_term_string}\"},\"query-input\":\"required name=search_term_string\"}],\"inLanguage\":\"es\"},{\"@type\":\"Organization\",\"@id\":\"https:\/\/vapebulkp.com\/#organization\",\"name\":\"vapebulkp.com\",\"url\":\"https:\/\/vapebulkp.com\/\",\"logo\":{\"@type\":\"ImageObject\",\"inLanguage\":\"es\",\"@id\":\"https:\/\/vapebulkp.com\/#\/schema\/logo\/image\/\",\"url\":\"https:\/\/vapebulkp.com\/wp-content\/uploads\/2023\/09\/cropped-vapebulkp.png\",\"contentUrl\":\"https:\/\/vapebulkp.com\/wp-content\/uploads\/2023\/09\/cropped-vapebulkp.png\",\"width\":516,\"height\":163,\"caption\":\"vapebulkp.com\"},\"image\":{\"@id\":\"https:\/\/vapebulkp.com\/#\/schema\/logo\/image\/\"}}]}<\/script>\n<!-- \/ Yoast SEO plugin. -->","yoast_head_json":{"title":"Wholesale Price Aroma King 7000Puffs Disposable Vape - vapebulkp.com","description":"Wholesale Price Aroma King 7000Puffs Disposable Vape Elevate your vaping game with the Puffs Disposable E-Cigarette and experience vaping like never before.","robots":{"index":"index","follow":"follow","max-snippet":"max-snippet:-1","max-image-preview":"max-image-preview:large","max-video-preview":"max-video-preview:-1"},"canonical":"https:\/\/vapebulkp.com\/es\/product\/wholesale-price-aroma-king-7000puffs-disposable-vape\/","og_locale":"es_ES","og_type":"article","og_title":"Wholesale Price Aroma King 7000Puffs Disposable Vape - vapebulkp.com","og_description":"Wholesale Price Aroma King 7000Puffs Disposable Vape Elevate your vaping game with the Puffs Disposable E-Cigarette and experience vaping like never before.","og_url":"https:\/\/vapebulkp.com\/es\/product\/wholesale-price-aroma-king-7000puffs-disposable-vape\/","og_site_name":"vapebulkp.com","article_modified_time":"2025-09-08T03:45:47+00:00","og_image":[{"width":1280,"height":1704,"url":"http:\/\/vapebulkp.com\/wp-content\/uploads\/2023\/09\/Roma-King-7000-Puffs-Good-Vape.jpg","type":"image\/jpeg"}],"twitter_card":"summary_large_image","twitter_misc":{"Tiempo de lectura":"5 minutos"},"schema":{"@context":"https:\/\/schema.org","@graph":[{"@type":"WebPage","@id":"https:\/\/vapebulkp.com\/product\/wholesale-price-aroma-king-7000puffs-disposable-vape\/","url":"https:\/\/vapebulkp.com\/product\/wholesale-price-aroma-king-7000puffs-disposable-vape\/","name":"Wholesale Price Aroma King 7000Puffs Disposable Vape - vapebulkp.com","isPartOf":{"@id":"https:\/\/vapebulkp.com\/#website"},"datePublished":"2023-09-21T03:19:59+00:00","dateModified":"2025-09-08T03:45:47+00:00","description":"Wholesale Price Aroma King 7000Puffs Disposable Vape Elevate your vaping game with the Puffs Disposable E-Cigarette and experience vaping like never before.","breadcrumb":{"@id":"https:\/\/vapebulkp.com\/product\/wholesale-price-aroma-king-7000puffs-disposable-vape\/#breadcrumb"},"inLanguage":"es","potentialAction":[{"@type":"ReadAction","target":["https:\/\/vapebulkp.com\/product\/wholesale-price-aroma-king-7000puffs-disposable-vape\/"]}]},{"@type":"BreadcrumbList","@id":"https:\/\/vapebulkp.com\/product\/wholesale-price-aroma-king-7000puffs-disposable-vape\/#breadcrumb","itemListElement":[{"@type":"ListItem","position":1,"name":"Home","item":"https:\/\/vapebulkp.com\/"},{"@type":"ListItem","position":2,"name":"Hot Trend Vapes","item":"https:\/\/vapebulkp.com\/vape-shop\/"},{"@type":"ListItem","position":3,"name":"Wholesale Price Aroma King 7000Puffs Disposable Vape"}]},{"@type":"WebSite","@id":"https:\/\/vapebulkp.com\/#website","url":"https:\/\/vapebulkp.com\/","name":"vapebulkp.com","description":"Buy Vape In Cheap Bulk Price Near you","publisher":{"@id":"https:\/\/vapebulkp.com\/#organization"},"potentialAction":[{"@type":"SearchAction","target":{"@type":"EntryPoint","urlTemplate":"https:\/\/vapebulkp.com\/?s={search_term_string}"},"query-input":"required name=search_term_string"}],"inLanguage":"es"},{"@type":"Organization","@id":"https:\/\/vapebulkp.com\/#organization","name":"vapebulkp.com","url":"https:\/\/vapebulkp.com\/","logo":{"@type":"ImageObject","inLanguage":"es","@id":"https:\/\/vapebulkp.com\/#\/schema\/logo\/image\/","url":"https:\/\/vapebulkp.com\/wp-content\/uploads\/2023\/09\/cropped-vapebulkp.png","contentUrl":"https:\/\/vapebulkp.com\/wp-content\/uploads\/2023\/09\/cropped-vapebulkp.png","width":516,"height":163,"caption":"vapebulkp.com"},"image":{"@id":"https:\/\/vapebulkp.com\/#\/schema\/logo\/image\/"}}]}},"uagb_featured_image_src":{"full":["https:\/\/vapebulkp.com\/wp-content\/uploads\/2023\/09\/Roma-King-7000-Puffs-Good-Vape.jpg",1280,1704,false],"thumbnail":["https:\/\/vapebulkp.com\/wp-content\/uploads\/2023\/09\/Roma-King-7000-Puffs-Good-Vape-150x150.jpg",150,150,true],"medium":["https:\/\/vapebulkp.com\/wp-content\/uploads\/2023\/09\/Roma-King-7000-Puffs-Good-Vape-225x300.jpg",225,300,true],"medium_large":["https:\/\/vapebulkp.com\/wp-content\/uploads\/2023\/09\/Roma-King-7000-Puffs-Good-Vape-768x1022.jpg",768,1022,true],"large":["https:\/\/vapebulkp.com\/wp-content\/uploads\/2023\/09\/Roma-King-7000-Puffs-Good-Vape-769x1024.jpg",769,1024,true],"1536x1536":["https:\/\/vapebulkp.com\/wp-content\/uploads\/2023\/09\/Roma-King-7000-Puffs-Good-Vape-1154x1536.jpg",1154,1536,true],"2048x2048":["https:\/\/vapebulkp.com\/wp-content\/uploads\/2023\/09\/Roma-King-7000-Puffs-Good-Vape.jpg",1280,1704,false],"trp-custom-language-flag":["https:\/\/vapebulkp.com\/wp-content\/uploads\/2023\/09\/Roma-King-7000-Puffs-Good-Vape.jpg",9,12,false],"woocommerce_thumbnail":["https:\/\/vapebulkp.com\/wp-content\/uploads\/2023\/09\/Roma-King-7000-Puffs-Good-Vape-300x300.jpg",300,300,true],"woocommerce_single":["https:\/\/vapebulkp.com\/wp-content\/uploads\/2023\/09\/Roma-King-7000-Puffs-Good-Vape-600x799.jpg",600,799,true],"woocommerce_gallery_thumbnail":["https:\/\/vapebulkp.com\/wp-content\/uploads\/2023\/09\/Roma-King-7000-Puffs-Good-Vape-100x100.jpg",100,100,true],"wcpr-photo-reviews":["https:\/\/vapebulkp.com\/wp-content\/uploads\/2023\/09\/Roma-King-7000-Puffs-Good-Vape.jpg",376,500,false]},"uagb_author_info":{"display_name":"Mandy vape bulk price","author_link":"https:\/\/vapebulkp.com\/es\/author\/"},"uagb_comment_info":1,"uagb_excerpt":"If you're seeking the ultimate vaping convenience without sacrificing flavor, the Roma King 7000 Puffs Disposable E-Cigarette is your answer. This innovative device offers an astounding 8500 puffs of pure satisfaction in a sleek and disposable package. Pls Contact Mandy's WhatsApp For Discount Price+8618077105796 NOTE: Prices on our website does not include shipping costs","_links":{"self":[{"href":"https:\/\/vapebulkp.com\/es\/wp-json\/wp\/v2\/product\/1560","targetHints":{"allow":["GET"]}}],"collection":[{"href":"https:\/\/vapebulkp.com\/es\/wp-json\/wp\/v2\/product"}],"about":[{"href":"https:\/\/vapebulkp.com\/es\/wp-json\/wp\/v2\/types\/product"}],"replies":[{"embeddable":true,"href":"https:\/\/vapebulkp.com\/es\/wp-json\/wp\/v2\/comments?post=1560"}],"wp:featuredmedia":[{"embeddable":true,"href":"https:\/\/vapebulkp.com\/es\/wp-json\/wp\/v2\/media\/1726"}],"wp:attachment":[{"href":"https:\/\/vapebulkp.com\/es\/wp-json\/wp\/v2\/media?parent=1560"}],"wp:term":[{"taxonomy":"product_cat","embeddable":true,"href":"https:\/\/vapebulkp.com\/es\/wp-json\/wp\/v2\/product_cat?post=1560"},{"taxonomy":"product_tag","embeddable":true,"href":"https:\/\/vapebulkp.com\/es\/wp-json\/wp\/v2\/product_tag?post=1560"}],"curies":[{"name":"wp","href":"https:\/\/api.w.org\/{rel}","templated":true}]}}