{"id":1600,"date":"2023-09-28T03:50:03","date_gmt":"2023-09-28T01:50:03","guid":{"rendered":"https:\/\/vapebulkp.com\/?post_type=product&#038;p=1600"},"modified":"2025-09-01T05:27:01","modified_gmt":"2025-09-01T03:27:01","slug":"bulk-buy-kulx-vape-8800-puffs-wholesale-germany","status":"publish","type":"product","link":"https:\/\/vapebulkp.com\/es\/product\/bulk-buy-kulx-vape-8800-puffs-wholesale-germany\/","title":{"rendered":"Compra a granel de Kulx vape 8800 Puffs Venta al por mayor en Espa\u00f1a"},"content":{"rendered":"<h2>\u00bfQu\u00e9 es la compra al por mayor del vape Kulx 8800 Puffs Venta al por mayor Espa\u00f1a?<\/h2>\n<p data-start=\"157\" data-end=\"407\">El vape Kulx 8800 Puffs es de alta capacidad <strong data-start=\"205\" data-end=\"237\">vape desechable recargable<\/strong> dise\u00f1ado para caladas suaves y sabrosas. Cada dispositivo viene completamente cargado y precargado, brindando hasta 8.800 caladas de rico vapor con una satisfacci\u00f3n constante de nicotina.<\/p>\n<p data-start=\"409\" data-end=\"673\">Compacto y port\u00e1til, este precio al por mayor de vape <strong data-start=\"436\" data-end=\"471\">Vape Desechable Kulx 8800 Puffs<\/strong> es perfecto para uso diario, viajes o pedidos al por mayor en toda Espa\u00f1a y la UE. Simplemente abra el dispositivo, inhale y disfrute de nubes densas y un sabor audaz sin la molestia de rellenar o mantener.<\/p>\n<p data-start=\"675\" data-end=\"988\">Con una f\u00f3rmula de e-l\u00edquido premium y un rendimiento de bater\u00eda confiable, el <strong data-start=\"747\" data-end=\"765\">Kulx Vape 8800 puffs vainas de vapeo<\/strong> ofrece un golpe de garganta satisfactorio y vapor suave, lo que lo convierte en una opci\u00f3n ideal para los entusiastas de las sales de nicotina y los vapeadores experimentados. Disponible en m\u00faltiples sabores, ofrece una opci\u00f3n de vapeo vers\u00e1til para cualquier preferencia de sabor.<\/p>\n<p><img decoding=\"async\" class=\"alignnone wp-image-1682\" src=\"http:\/\/vapebulkp.com\/wp-content\/uploads\/2023\/09\/Disposable-POD-flavour-Blueberry-Raspberry-ice-1-scaled.jpg\" alt=\"POD desechable sabor Ar\u00e1ndano Frambuesa helado\" width=\"595\" height=\"458\" srcset=\"https:\/\/vapebulkp.com\/wp-content\/uploads\/2023\/09\/Disposable-POD-flavour-Blueberry-Raspberry-ice-1-scaled.jpg 2560w, https:\/\/vapebulkp.com\/wp-content\/uploads\/2023\/09\/Disposable-POD-flavour-Blueberry-Raspberry-ice-1-300x231.jpg 300w, https:\/\/vapebulkp.com\/wp-content\/uploads\/2023\/09\/Disposable-POD-flavour-Blueberry-Raspberry-ice-1-1024x787.jpg 1024w, https:\/\/vapebulkp.com\/wp-content\/uploads\/2023\/09\/Disposable-POD-flavour-Blueberry-Raspberry-ice-1-768x591.jpg 768w, https:\/\/vapebulkp.com\/wp-content\/uploads\/2023\/09\/Disposable-POD-flavour-Blueberry-Raspberry-ice-1-1536x1181.jpg 1536w, https:\/\/vapebulkp.com\/wp-content\/uploads\/2023\/09\/Disposable-POD-flavour-Blueberry-Raspberry-ice-1-2048x1575.jpg 2048w, https:\/\/vapebulkp.com\/wp-content\/uploads\/2023\/09\/Disposable-POD-flavour-Blueberry-Raspberry-ice-1-600x461.jpg 600w\" sizes=\"(max-width: 595px) 100vw, 595px\" \/><\/p>\n<h6 style=\"text-align: left\"><\/h6>\n<h6>Por favor, contacta con el WhatsApp de Mandy para obtener un precio con descuento<a href=\"https:\/\/wa.me\/8618077105796\">+8618077105796<\/a><\/h6>\n<p><img decoding=\"async\" class=\"alignnone wp-image-2151\" src=\"http:\/\/vapebulkp.com\/wp-content\/uploads\/2024\/04\/Mandy-WhatsApp-Randm.jpg\" alt=\"Mandy WhatsApp Aleatorio\" width=\"247\" height=\"263\" srcset=\"https:\/\/vapebulkp.com\/wp-content\/uploads\/2024\/04\/Mandy-WhatsApp-Randm.jpg 916w, https:\/\/vapebulkp.com\/wp-content\/uploads\/2024\/04\/Mandy-WhatsApp-Randm-282x300.jpg 282w, https:\/\/vapebulkp.com\/wp-content\/uploads\/2024\/04\/Mandy-WhatsApp-Randm-768x817.jpg 768w, https:\/\/vapebulkp.com\/wp-content\/uploads\/2024\/04\/Mandy-WhatsApp-Randm-600x638.jpg 600w\" sizes=\"(max-width: 247px) 100vw, 247px\" \/><\/p>\n<h2><span style=\"vertical-align: inherit\">Pens\u00e9 que le gustar\u00eda saber sobre la compra al por mayor de VAPE desechable Kulx 8800 Puffs:<\/span><\/h2>\n<p>&nbsp;<\/p>\n<h5 class=\"style-scope ytd-watch-metadata\">1. \u00bfC\u00f3mo usar el vaporizador Kulx 8800 Vape Pen al por mayor?<\/h5>\n<p>Paso 1. Antes de usar 8.8k caladas, desenchufe el tubo de pl\u00e1stico.<\/p>\n<p>Paso 2. Espere unos 3 minutos para que el l\u00edquido entre en la resistencia.<\/p>\n<p>Paso 3. Disfr\u00fatelo<\/p>\n<h5>2. \u00bfC\u00d3MO CARGAR EL DISPOSITIVO VAPE DESECHABLE Kulx 8800 PUFFS?<\/h5>\n<p>No se pueden utilizar cargadores de carga r\u00e1pida. La potencia segura est\u00e1ndar de los cigarrillos electr\u00f3nicos desechables es de 5V 1A.<\/p>\n<p>El tiempo de carga no puede exceder 1 hora. El tiempo de carga seguro es de media hora.<\/p>\n<p><span style=\"color: #ff6600\">Aviso: \u00a1no recargar toda la noche!<\/span><\/p>\n<h5>3. \u00bfCu\u00e1l es la capacidad de e-l\u00edquido del vape Kulx 8800 Puff?<\/h5>\n<p>\u2014\u201418ml<\/p>\n<h5>4. \u00bfCu\u00e1ntas caladas puedo dar de este Kulx 8800 Puffs?<\/h5>\n<p>\u2014\u20138800 caladas<\/p>\n<h3><strong><span style=\"vertical-align: inherit\">Especificaci\u00f3n para Kulx 8800 Puffs:<\/span><br \/>\n<\/strong><\/h3>\n<p>Bater\u00eda: 650mAh (Tipo C)<br \/>\nCapacidad: 18ml<br \/>\nResistencia: malla de 0,8 ohmios<br \/>\nVolumen de calada aproximado: 8800 caladas<br \/>\nNivel de nicotina: 2%, 5%<br \/>\nCantidad m\u00ednima de pedido: 50 unidades<\/p>\n<h3><strong>\u00a0<\/strong><strong style=\"font-size: 19.2px;font-style: normal\">Kulx 8800 Puffs Vaper Desechable Precio Mayorista Opci\u00f3n de Sabor:<\/strong><\/h3>\n<ol>\n<li>Sand\u00eda Helada<\/li>\n<li>Ar\u00e1ndano Frambuesa Hielo<\/li>\n<li>Fresa Sand\u00eda<\/li>\n<li>Bayas mixtas<\/li>\n<li>Ar\u00e1ndano Helado<\/li>\n<li>Fresa Kiwi<\/li>\n<li>Mango Melocot\u00f3n Helado<\/li>\n<li>Pi\u00f1a Mango Hielo<\/li>\n<li>Melocot\u00f3n Helado<\/li>\n<li>Pi\u00f1a Mango Hielo<\/li>\n<li>Ar\u00e1ndano Menta<\/li>\n<li>Uva Sola<\/li>\n<\/ol>\n<p><a href=\"https:\/\/vapebulkp.com\/es\/product\/popular-randm-tornado-7000puffs-disposable-vape-best-price\/\">Randm tornado 7000 caladas\u00a0<\/a><\/p>\n<p><span style=\"vertical-align: inherit\">Encuentra m\u00e1s productos que te puedan gustar:<\/span><em><a href=\"https:\/\/wa.me\/8618077105796\"><span style=\"vertical-align: inherit\">\u00a0C\u00f3mpralo ahora<\/span><\/a><\/em><\/p>\n<p><span style=\"vertical-align: inherit\">Otros vaporizadores que te pueden gustar:<\/span><a href=\"https:\/\/vapebulkp.com\/es\/product\/good-sale-bang-de-8500puffs-wholesale-price\/\"><span style=\"vertical-align: inherit\">Bang DE 8500 caladas<\/span><\/a><span style=\"vertical-align: inherit\">\u3001<\/span><a href=\"https:\/\/vapebulkp.com\/es\/product\/fumot-digital-box-12000-disposable-vape-wholesale\/\"><span style=\"vertical-align: inherit\">Fomot Digital Box 12000 caladas<\/span><\/a><span style=\"vertical-align: inherit\">\/ <\/span><a href=\"https:\/\/vapebulkp.com\/es\/product\/popular-kulx-10000puffs-disposable-vape-good-price\/\"><span style=\"vertical-align: inherit\">Kulx 10000 caladas<\/span><\/a><span style=\"vertical-align: inherit\">\/ <\/span><a href=\"https:\/\/vapebulkp.com\/es\/product\/bang-king-12000puffs\/\"><span style=\"vertical-align: inherit\">Bang King 12000 caladas<\/span><\/a><\/p>\n<p><span style=\"vertical-align: inherit\">Cigarrillo electr\u00f3nico con forma especial:<\/span><a href=\"https:\/\/vapebulkp.com\/es\/product\/wholesale-kulx-8000-puffs-disposable-vape\/\"><span style=\"vertical-align: inherit\">Kulx vape 8800 caladas<\/span><\/a><span style=\"vertical-align: inherit\">\/ <\/span><a href=\"https:\/\/vapebulkp.com\/es\/product\/popular-bang-king-10000-puffs-vape-good-price\/\"><span style=\"vertical-align: inherit\">Bang king 10k caladas<\/span><\/a><span style=\"vertical-align: inherit\">\/<\/span><a href=\"https:\/\/vapebulkp.com\/es\/product\/wholesale-kulx-8000-puffs-disposable-vape\/\"><span style=\"vertical-align: inherit\">Kulx 8000 caladas<\/span><\/a><\/p>\n<h4>Cualificaci\u00f3n de la producci\u00f3n:<\/h4>\n<p><img decoding=\"async\" class=\"alignnone size-full wp-image-1841\" src=\"http:\/\/vapebulkp.com\/wp-content\/uploads\/2023\/11\/Vape-production-process-2.jpeg\" alt=\"Proceso de producci\u00f3n de vapes\" width=\"650\" height=\"434\" srcset=\"https:\/\/vapebulkp.com\/wp-content\/uploads\/2023\/11\/Vape-production-process-2.jpeg 650w, https:\/\/vapebulkp.com\/wp-content\/uploads\/2023\/11\/Vape-production-process-2-300x200.jpeg 300w, https:\/\/vapebulkp.com\/wp-content\/uploads\/2023\/11\/Vape-production-process-2-600x401.jpeg 600w\" sizes=\"(max-width: 650px) 100vw, 650px\" \/><\/p>\n<p><img decoding=\"async\" class=\"alignnone size-full wp-image-1843\" src=\"http:\/\/vapebulkp.com\/wp-content\/uploads\/2023\/11\/Vape-production-process.jpeg\" alt=\"Proceso de producci\u00f3n de vapes\" width=\"641\" height=\"1026\" srcset=\"https:\/\/vapebulkp.com\/wp-content\/uploads\/2023\/11\/Vape-production-process.jpeg 641w, https:\/\/vapebulkp.com\/wp-content\/uploads\/2023\/11\/Vape-production-process-187x300.jpeg 187w, https:\/\/vapebulkp.com\/wp-content\/uploads\/2023\/11\/Vape-production-process-640x1024.jpeg 640w, https:\/\/vapebulkp.com\/wp-content\/uploads\/2023\/11\/Vape-production-process-600x960.jpeg 600w\" sizes=\"(max-width: 641px) 100vw, 641px\" \/><\/p>\n<h5>Preguntas frecuentes:<\/h5>\n<p>P: \u00bfCu\u00e1l es el MOQ de Kulx vape 8800 caladas?<br \/>\nR: El pedido m\u00ednimo es de 100 unidades.<br \/>\nP: \u00bfCu\u00e1l es el plazo de entrega para el vapeador pedido?<br \/>\nR: Generalmente son de 10 a 15 d\u00edas despu\u00e9s del env\u00edo.<br \/>\nP: \u00bfCu\u00e1nto cuesta el env\u00edo?R: El coste de env\u00edo depende del peso.diferentes cantidades tienen diferentes costes de env\u00edo, por favor cont\u00e1ctenos para confirmar el coste de env\u00edo.<\/p>\n<h4>Detalle de env\u00edo:<\/h4>\n<p><span style=\"color: #ff6600\">Tiempo de producci\u00f3n: 5-10 d\u00edas laborables<\/span><br \/>\n<span style=\"color: #ff6600\">Tiempo de env\u00edo: 8-14 d\u00edas laborables<\/span><\/p>\n<p>Todos los productos en nuestra tienda son 100% originales y aut\u00e9nticos, por lo que la compensaci\u00f3n de diez veces por productos falsos es la pol\u00edtica de nuestra tienda. Utilizamos canales log\u00edsticos como UPS\/DHL\/FEDEX\/DPD para entregarle los productos.<\/p>\n<p>Para los paquetes enviados a Espa\u00f1a, generalmente tardan 12 a 15 d\u00edas laborables en llegar. Actualizaremos la informaci\u00f3n de log\u00edstica para usted en tiempo real.<\/p>\n<h3>Buen servicio postventa:<\/h3>\n<p><span style=\"color: #ff6600\">Aviso: No se admiten devoluciones ni cambios por problemas no relacionados con la calidad<\/span><br \/>\n1. Los clientes pueden elegir el sabor que deseen, pero si el sabor est\u00e1 agotado, el departamento de producci\u00f3n elegir\u00e1 un sabor popular para reemplazarlo. Los clientes no pueden solicitar reembolsos o cambios basados en los sabores.<\/p>\n<p>2. Cuando ocurran problemas de calidad, proporcione descripciones detalladas en video y foto.<br \/>\nSi no puede proporcionar pruebas como videos y fotos, los productos no podr\u00e1n ser reemplazados.<\/p>","protected":false},"excerpt":{"rendered":"<p>La compra al por mayor del vape Kulx 8800 Puffs Venta al por mayor en Espa\u00f1a destaca como la principal selecci\u00f3n para las personas que buscan tanto comodidad como calidad de primera. Equipado con una robusta bater\u00eda incorporada de 650 mAh, este kit garantiza un rendimiento constante y duradero.<\/p>\n<p><img decoding=\"async\" class=\"alignnone wp-image-2151\" src=\"http:\/\/vapebulkp.com\/wp-content\/uploads\/2024\/04\/Mandy-WhatsApp-Randm.jpg\" alt=\"Mandy WhatsApp Aleatorio\" width=\"234\" height=\"249\" srcset=\"https:\/\/vapebulkp.com\/wp-content\/uploads\/2024\/04\/Mandy-WhatsApp-Randm.jpg 916w, https:\/\/vapebulkp.com\/wp-content\/uploads\/2024\/04\/Mandy-WhatsApp-Randm-282x300.jpg 282w, https:\/\/vapebulkp.com\/wp-content\/uploads\/2024\/04\/Mandy-WhatsApp-Randm-768x817.jpg 768w, https:\/\/vapebulkp.com\/wp-content\/uploads\/2024\/04\/Mandy-WhatsApp-Randm-600x638.jpg 600w\" sizes=\"(max-width: 234px) 100vw, 234px\" \/><\/p>\n<p>Por favor, contacta con el WhatsApp de Mandy para obtener un precio con descuento<a href=\"https:\/\/wa.me\/8618077105796\">+8618077105796<\/a><\/p>\n<p><span style=\"color: #ff0000\">NOTA: Los precios en nuestro sitio web no incluyen los gastos de env\u00edo<\/span><\/p>","protected":false},"featured_media":1678,"comment_status":"open","ping_status":"closed","template":"","meta":{"_uag_custom_page_level_css":"","_lmt_disableupdate":"no","_lmt_disable":"","site-sidebar-layout":"default","site-content-layout":"content-boxed-container","ast-site-content-layout":"normal-width-container","site-content-style":"boxed","site-sidebar-style":"unboxed","ast-global-header-display":"","ast-banner-title-visibility":"","ast-main-header-display":"","ast-hfb-above-header-display":"","ast-hfb-below-header-display":"","ast-hfb-mobile-header-display":"","site-post-title":"","ast-breadcrumbs-content":"","ast-featured-img":"","footer-sml-layout":"","theme-transparent-header-meta":"default","adv-header-id-meta":"","stick-header-meta":"","header-above-stick-meta":"","header-main-stick-meta":"","header-below-stick-meta":"","astra-migrate-meta-layouts":"set","_joinchat":[]},"product_cat":[153,155,33,59,100,87,34,158,157,154,152,58,84,156,63,32],"product_tag":[60,36,37,41,40],"class_list":["post-1600","product","type-product","status-publish","has-post-thumbnail","hentry","product_cat-hot-disposable-vapes","product_cat-belgium-hot-disposable-vapes","product_cat-france-vape-hot-sale","product_cat-germany-hot-disposable-vape","product_cat-germany-wholesale-vape-shop","product_cat-minimum-order-quantity-50pcs","product_cat-netherlands-vape-good-sale","product_cat-norway-hot-disposable-vapes","product_cat-poland-hot-disposable-vapes","product_cat-portugal-hot-disposable-vapes","product_cat-spain-hot-disposable-vapes","product_cat-sweden-hot-disposable-vape","product_cat-sweden-wholesale-vape","product_cat-switzerland-hot-disposable-vapes","product_cat-top-sale-disposable-vape","product_cat-vape-hot-sale-this-week","product_tag-8800-puffs","product_tag-good-vape","product_tag-hot-sale-disposable-vape","product_tag-poland-hot-vape","product_tag-sweden-hot-vape","desktop-align-left","tablet-align-left","mobile-align-left"],"yoast_head":"<!-- This site is optimized with the Yoast SEO plugin v21.1 - https:\/\/yoast.com\/wordpress\/plugins\/seo\/ -->\n<title>Bulk Buy Kulx vape 8800 Puffs Wholesale Germany - vapebulkp.com<\/title>\n<meta name=\"description\" content=\"Bulk Buy Kulx vape 8800 Puffs Wholesale Germany stands out as the prime selection for individuals seeking both convenience and top-notch quality. Equipped with a robust built-in 650mAh battery, this kit guarantees consistent and long-lasting performance.\" \/>\n<meta name=\"robots\" content=\"index, follow, max-snippet:-1, max-image-preview:large, max-video-preview:-1\" \/>\n<link rel=\"canonical\" href=\"https:\/\/vapebulkp.com\/es\/product\/bulk-buy-kulx-vape-8800-puffs-wholesale-germany\/\" \/>\n<meta property=\"og:locale\" content=\"es_ES\" \/>\n<meta property=\"og:type\" content=\"article\" \/>\n<meta property=\"og:title\" content=\"Bulk Buy Kulx vape 8800 Puffs Wholesale Germany - vapebulkp.com\" \/>\n<meta property=\"og:description\" content=\"Bulk Buy Kulx vape 8800 Puffs Wholesale Germany stands out as the prime selection for individuals seeking both convenience and top-notch quality. Equipped with a robust built-in 650mAh battery, this kit guarantees consistent and long-lasting performance.\" \/>\n<meta property=\"og:url\" content=\"https:\/\/vapebulkp.com\/es\/product\/bulk-buy-kulx-vape-8800-puffs-wholesale-germany\/\" \/>\n<meta property=\"og:site_name\" content=\"vapebulkp.com\" \/>\n<meta property=\"article:modified_time\" content=\"2025-09-01T03:27:01+00:00\" \/>\n<meta property=\"og:image\" content=\"http:\/\/vapebulkp.com\/wp-content\/uploads\/2023\/09\/Electronic-Vape-flavour-Mango-peach-ice.jpg\" \/>\n\t<meta property=\"og:image:width\" content=\"1500\" \/>\n\t<meta property=\"og:image:height\" content=\"1500\" \/>\n\t<meta property=\"og:image:type\" content=\"image\/jpeg\" \/>\n<meta name=\"twitter:card\" content=\"summary_large_image\" \/>\n<meta name=\"twitter:label1\" content=\"Tiempo de lectura\" \/>\n\t<meta name=\"twitter:data1\" content=\"4 minutos\" \/>\n<script type=\"application\/ld+json\" class=\"yoast-schema-graph\">{\"@context\":\"https:\/\/schema.org\",\"@graph\":[{\"@type\":\"WebPage\",\"@id\":\"https:\/\/vapebulkp.com\/product\/bulk-buy-kulx-vape-8800-puffs-wholesale-germany\/\",\"url\":\"https:\/\/vapebulkp.com\/product\/bulk-buy-kulx-vape-8800-puffs-wholesale-germany\/\",\"name\":\"Bulk Buy Kulx vape 8800 Puffs Wholesale Germany - vapebulkp.com\",\"isPartOf\":{\"@id\":\"https:\/\/vapebulkp.com\/#website\"},\"datePublished\":\"2023-09-28T01:50:03+00:00\",\"dateModified\":\"2025-09-01T03:27:01+00:00\",\"description\":\"Bulk Buy Kulx vape 8800 Puffs Wholesale Germany stands out as the prime selection for individuals seeking both convenience and top-notch quality. Equipped with a robust built-in 650mAh battery, this kit guarantees consistent and long-lasting performance.\",\"breadcrumb\":{\"@id\":\"https:\/\/vapebulkp.com\/product\/bulk-buy-kulx-vape-8800-puffs-wholesale-germany\/#breadcrumb\"},\"inLanguage\":\"es\",\"potentialAction\":[{\"@type\":\"ReadAction\",\"target\":[\"https:\/\/vapebulkp.com\/product\/bulk-buy-kulx-vape-8800-puffs-wholesale-germany\/\"]}]},{\"@type\":\"BreadcrumbList\",\"@id\":\"https:\/\/vapebulkp.com\/product\/bulk-buy-kulx-vape-8800-puffs-wholesale-germany\/#breadcrumb\",\"itemListElement\":[{\"@type\":\"ListItem\",\"position\":1,\"name\":\"Home\",\"item\":\"https:\/\/vapebulkp.com\/\"},{\"@type\":\"ListItem\",\"position\":2,\"name\":\"Hot Trend Vapes\",\"item\":\"https:\/\/vapebulkp.com\/vape-shop\/\"},{\"@type\":\"ListItem\",\"position\":3,\"name\":\"Bulk Buy Kulx vape 8800 Puffs Wholesale Germany\"}]},{\"@type\":\"WebSite\",\"@id\":\"https:\/\/vapebulkp.com\/#website\",\"url\":\"https:\/\/vapebulkp.com\/\",\"name\":\"vapebulkp.com\",\"description\":\"Buy Vape In Cheap Bulk Price Near you\",\"publisher\":{\"@id\":\"https:\/\/vapebulkp.com\/#organization\"},\"potentialAction\":[{\"@type\":\"SearchAction\",\"target\":{\"@type\":\"EntryPoint\",\"urlTemplate\":\"https:\/\/vapebulkp.com\/?s={search_term_string}\"},\"query-input\":\"required name=search_term_string\"}],\"inLanguage\":\"es\"},{\"@type\":\"Organization\",\"@id\":\"https:\/\/vapebulkp.com\/#organization\",\"name\":\"vapebulkp.com\",\"url\":\"https:\/\/vapebulkp.com\/\",\"logo\":{\"@type\":\"ImageObject\",\"inLanguage\":\"es\",\"@id\":\"https:\/\/vapebulkp.com\/#\/schema\/logo\/image\/\",\"url\":\"https:\/\/vapebulkp.com\/wp-content\/uploads\/2023\/09\/cropped-vapebulkp.png\",\"contentUrl\":\"https:\/\/vapebulkp.com\/wp-content\/uploads\/2023\/09\/cropped-vapebulkp.png\",\"width\":516,\"height\":163,\"caption\":\"vapebulkp.com\"},\"image\":{\"@id\":\"https:\/\/vapebulkp.com\/#\/schema\/logo\/image\/\"}}]}<\/script>\n<!-- \/ Yoast SEO plugin. -->","yoast_head_json":{"title":"Bulk Buy Kulx vape 8800 Puffs Wholesale Germany - vapebulkp.com","description":"Bulk Buy Kulx vape 8800 Puffs Wholesale Germany stands out as the prime selection for individuals seeking both convenience and top-notch quality. Equipped with a robust built-in 650mAh battery, this kit guarantees consistent and long-lasting performance.","robots":{"index":"index","follow":"follow","max-snippet":"max-snippet:-1","max-image-preview":"max-image-preview:large","max-video-preview":"max-video-preview:-1"},"canonical":"https:\/\/vapebulkp.com\/es\/product\/bulk-buy-kulx-vape-8800-puffs-wholesale-germany\/","og_locale":"es_ES","og_type":"article","og_title":"Bulk Buy Kulx vape 8800 Puffs Wholesale Germany - vapebulkp.com","og_description":"Bulk Buy Kulx vape 8800 Puffs Wholesale Germany stands out as the prime selection for individuals seeking both convenience and top-notch quality. Equipped with a robust built-in 650mAh battery, this kit guarantees consistent and long-lasting performance.","og_url":"https:\/\/vapebulkp.com\/es\/product\/bulk-buy-kulx-vape-8800-puffs-wholesale-germany\/","og_site_name":"vapebulkp.com","article_modified_time":"2025-09-01T03:27:01+00:00","og_image":[{"width":1500,"height":1500,"url":"http:\/\/vapebulkp.com\/wp-content\/uploads\/2023\/09\/Electronic-Vape-flavour-Mango-peach-ice.jpg","type":"image\/jpeg"}],"twitter_card":"summary_large_image","twitter_misc":{"Tiempo de lectura":"4 minutos"},"schema":{"@context":"https:\/\/schema.org","@graph":[{"@type":"WebPage","@id":"https:\/\/vapebulkp.com\/product\/bulk-buy-kulx-vape-8800-puffs-wholesale-germany\/","url":"https:\/\/vapebulkp.com\/product\/bulk-buy-kulx-vape-8800-puffs-wholesale-germany\/","name":"Bulk Buy Kulx vape 8800 Puffs Wholesale Germany - vapebulkp.com","isPartOf":{"@id":"https:\/\/vapebulkp.com\/#website"},"datePublished":"2023-09-28T01:50:03+00:00","dateModified":"2025-09-01T03:27:01+00:00","description":"Bulk Buy Kulx vape 8800 Puffs Wholesale Germany stands out as the prime selection for individuals seeking both convenience and top-notch quality. Equipped with a robust built-in 650mAh battery, this kit guarantees consistent and long-lasting performance.","breadcrumb":{"@id":"https:\/\/vapebulkp.com\/product\/bulk-buy-kulx-vape-8800-puffs-wholesale-germany\/#breadcrumb"},"inLanguage":"es","potentialAction":[{"@type":"ReadAction","target":["https:\/\/vapebulkp.com\/product\/bulk-buy-kulx-vape-8800-puffs-wholesale-germany\/"]}]},{"@type":"BreadcrumbList","@id":"https:\/\/vapebulkp.com\/product\/bulk-buy-kulx-vape-8800-puffs-wholesale-germany\/#breadcrumb","itemListElement":[{"@type":"ListItem","position":1,"name":"Home","item":"https:\/\/vapebulkp.com\/"},{"@type":"ListItem","position":2,"name":"Hot Trend Vapes","item":"https:\/\/vapebulkp.com\/vape-shop\/"},{"@type":"ListItem","position":3,"name":"Bulk Buy Kulx vape 8800 Puffs Wholesale Germany"}]},{"@type":"WebSite","@id":"https:\/\/vapebulkp.com\/#website","url":"https:\/\/vapebulkp.com\/","name":"vapebulkp.com","description":"Buy Vape In Cheap Bulk Price Near you","publisher":{"@id":"https:\/\/vapebulkp.com\/#organization"},"potentialAction":[{"@type":"SearchAction","target":{"@type":"EntryPoint","urlTemplate":"https:\/\/vapebulkp.com\/?s={search_term_string}"},"query-input":"required name=search_term_string"}],"inLanguage":"es"},{"@type":"Organization","@id":"https:\/\/vapebulkp.com\/#organization","name":"vapebulkp.com","url":"https:\/\/vapebulkp.com\/","logo":{"@type":"ImageObject","inLanguage":"es","@id":"https:\/\/vapebulkp.com\/#\/schema\/logo\/image\/","url":"https:\/\/vapebulkp.com\/wp-content\/uploads\/2023\/09\/cropped-vapebulkp.png","contentUrl":"https:\/\/vapebulkp.com\/wp-content\/uploads\/2023\/09\/cropped-vapebulkp.png","width":516,"height":163,"caption":"vapebulkp.com"},"image":{"@id":"https:\/\/vapebulkp.com\/#\/schema\/logo\/image\/"}}]}},"uagb_featured_image_src":{"full":["https:\/\/vapebulkp.com\/wp-content\/uploads\/2023\/09\/Electronic-Vape-flavour-Mango-peach-ice.jpg",1500,1500,false],"thumbnail":["https:\/\/vapebulkp.com\/wp-content\/uploads\/2023\/09\/Electronic-Vape-flavour-Mango-peach-ice-150x150.jpg",150,150,true],"medium":["https:\/\/vapebulkp.com\/wp-content\/uploads\/2023\/09\/Electronic-Vape-flavour-Mango-peach-ice-300x300.jpg",300,300,true],"medium_large":["https:\/\/vapebulkp.com\/wp-content\/uploads\/2023\/09\/Electronic-Vape-flavour-Mango-peach-ice-768x768.jpg",768,768,true],"large":["https:\/\/vapebulkp.com\/wp-content\/uploads\/2023\/09\/Electronic-Vape-flavour-Mango-peach-ice-1024x1024.jpg",1024,1024,true],"1536x1536":["https:\/\/vapebulkp.com\/wp-content\/uploads\/2023\/09\/Electronic-Vape-flavour-Mango-peach-ice.jpg",1500,1500,false],"2048x2048":["https:\/\/vapebulkp.com\/wp-content\/uploads\/2023\/09\/Electronic-Vape-flavour-Mango-peach-ice.jpg",1500,1500,false],"trp-custom-language-flag":["https:\/\/vapebulkp.com\/wp-content\/uploads\/2023\/09\/Electronic-Vape-flavour-Mango-peach-ice.jpg",12,12,false],"woocommerce_thumbnail":["https:\/\/vapebulkp.com\/wp-content\/uploads\/2023\/09\/Electronic-Vape-flavour-Mango-peach-ice-300x300.jpg",300,300,true],"woocommerce_single":["https:\/\/vapebulkp.com\/wp-content\/uploads\/2023\/09\/Electronic-Vape-flavour-Mango-peach-ice-600x600.jpg",600,600,true],"woocommerce_gallery_thumbnail":["https:\/\/vapebulkp.com\/wp-content\/uploads\/2023\/09\/Electronic-Vape-flavour-Mango-peach-ice-100x100.jpg",100,100,true],"wcpr-photo-reviews":["https:\/\/vapebulkp.com\/wp-content\/uploads\/2023\/09\/Electronic-Vape-flavour-Mango-peach-ice.jpg",500,500,false]},"uagb_author_info":{"display_name":"Mandy vape bulk price","author_link":"https:\/\/vapebulkp.com\/es\/author\/"},"uagb_comment_info":2,"uagb_excerpt":"Bulk Buy Kulx vape 8800 Puffs Wholesale Germany stands out as the prime selection for individuals seeking both convenience and top-notch quality. Equipped with a robust built-in 650mAh battery, this kit guarantees consistent and long-lasting performance. Pls Contact Mandy's WhatsApp For Discount Price+8618077105796 NOTE: Prices on our website does not include shipping costs","_links":{"self":[{"href":"https:\/\/vapebulkp.com\/es\/wp-json\/wp\/v2\/product\/1600","targetHints":{"allow":["GET"]}}],"collection":[{"href":"https:\/\/vapebulkp.com\/es\/wp-json\/wp\/v2\/product"}],"about":[{"href":"https:\/\/vapebulkp.com\/es\/wp-json\/wp\/v2\/types\/product"}],"replies":[{"embeddable":true,"href":"https:\/\/vapebulkp.com\/es\/wp-json\/wp\/v2\/comments?post=1600"}],"wp:featuredmedia":[{"embeddable":true,"href":"https:\/\/vapebulkp.com\/es\/wp-json\/wp\/v2\/media\/1678"}],"wp:attachment":[{"href":"https:\/\/vapebulkp.com\/es\/wp-json\/wp\/v2\/media?parent=1600"}],"wp:term":[{"taxonomy":"product_cat","embeddable":true,"href":"https:\/\/vapebulkp.com\/es\/wp-json\/wp\/v2\/product_cat?post=1600"},{"taxonomy":"product_tag","embeddable":true,"href":"https:\/\/vapebulkp.com\/es\/wp-json\/wp\/v2\/product_tag?post=1600"}],"curies":[{"name":"wp","href":"https:\/\/api.w.org\/{rel}","templated":true}]}}