{"id":1849,"date":"2023-11-09T08:16:47","date_gmt":"2023-11-09T07:16:47","guid":{"rendered":"https:\/\/vapebulkp.com\/?post_type=product&#038;p=1849"},"modified":"2025-09-24T05:13:26","modified_gmt":"2025-09-24T03:13:26","slug":"popular-vape-bang-king-15000-puffs-bang-vape","status":"publish","type":"product","link":"https:\/\/vapebulkp.com\/es\/product\/popular-vape-bang-king-15000-puffs-bang-vape\/","title":{"rendered":"Vape popular Bang King 15000 Puffs Bang Vape"},"content":{"rendered":"<h2>Vape popular Bang King 15000 Puffs Bang Vape<\/h2>\n<p data-start=\"118\" data-end=\"446\">El <strong data-start=\"122\" data-end=\"141\">Bang King 15000 caladas<\/strong>\u00a0es un dispositivo de alta capacidad <strong data-start=\"161\" data-end=\"193\">vape desechable recargable<\/strong> dise\u00f1ado para un rendimiento suave y duradero. Compacto y port\u00e1til, su elegante dise\u00f1o de botella facilita su transporte a cualquier lugar. Con un tanque de e-l\u00edquido de 25 ml y opciones de sal de nicotina de 2% o 5%, ofrece un sabor rico y satisfactorio hasta 15,000 inhalaciones.<\/p>\n<p data-start=\"448\" data-end=\"749\">Equipado con una bater\u00eda de alto rendimiento de 650 mAh, el <strong data-start=\"501\" data-end=\"543\">cigarrillo electr\u00f3nico desechable Bang King 15000<\/strong> garantiza un vapor constante y caladas confiables durante todo el d\u00eda. Su sistema de iluminaci\u00f3n RGB cambia de color din\u00e1micamente seg\u00fan el nivel de bater\u00eda y el sabor seleccionado, ofreciendo un toque visualmente llamativo para los usuarios.<\/p>\n<p data-start=\"751\" data-end=\"971\">Ideal tanto para vapear a diario como para entornos sociales, este <strong data-start=\"805\" data-end=\"838\">de alta capacidad <a href=\"https:\/\/vapebulkp.com\/es\/product-category\/15000-puffs-disposable-vape\/\">Vaper desechable de 15000 caladas<\/a><\/strong> combina estilo, potencia y funcionalidad avanzada, lo que lo convierte en la mejor opci\u00f3n para los consumidores europeos y los distribuidores mayoristas por igual.<\/p>\n<p><img decoding=\"async\" class=\"alignnone wp-image-1853\" src=\"http:\/\/vapebulkp.com\/wp-content\/uploads\/2023\/11\/Bang-King-15000-puffs-Germany-Vape.png\" alt=\"Bang King 15000 caladas Espa\u00f1a Vape\" width=\"938\" height=\"528\" srcset=\"https:\/\/vapebulkp.com\/wp-content\/uploads\/2023\/11\/Bang-King-15000-puffs-Germany-Vape.png 1920w, https:\/\/vapebulkp.com\/wp-content\/uploads\/2023\/11\/Bang-King-15000-puffs-Germany-Vape-300x169.png 300w, https:\/\/vapebulkp.com\/wp-content\/uploads\/2023\/11\/Bang-King-15000-puffs-Germany-Vape-1024x576.png 1024w, https:\/\/vapebulkp.com\/wp-content\/uploads\/2023\/11\/Bang-King-15000-puffs-Germany-Vape-768x432.png 768w, https:\/\/vapebulkp.com\/wp-content\/uploads\/2023\/11\/Bang-King-15000-puffs-Germany-Vape-1536x864.png 1536w, https:\/\/vapebulkp.com\/wp-content\/uploads\/2023\/11\/Bang-King-15000-puffs-Germany-Vape-600x338.png 600w\" sizes=\"(max-width: 938px) 100vw, 938px\" \/><\/p>\n<h6>Por favor, contacta con el WhatsApp de Mandy para obtener un precio con descuento<a href=\"https:\/\/wa.me\/8618077105796\">+8618077105796<\/a><\/h6>\n<h3><img decoding=\"async\" class=\"alignnone wp-image-2151\" src=\"http:\/\/vapebulkp.com\/wp-content\/uploads\/2024\/04\/Mandy-WhatsApp-Randm.jpg\" alt=\"Mandy WhatsApp Aleatorio\" width=\"225\" height=\"239\" srcset=\"https:\/\/vapebulkp.com\/wp-content\/uploads\/2024\/04\/Mandy-WhatsApp-Randm.jpg 916w, https:\/\/vapebulkp.com\/wp-content\/uploads\/2024\/04\/Mandy-WhatsApp-Randm-282x300.jpg 282w, https:\/\/vapebulkp.com\/wp-content\/uploads\/2024\/04\/Mandy-WhatsApp-Randm-768x817.jpg 768w, https:\/\/vapebulkp.com\/wp-content\/uploads\/2024\/04\/Mandy-WhatsApp-Randm-600x638.jpg 600w\" sizes=\"(max-width: 225px) 100vw, 225px\" \/><\/h3>\n<h2>Pens\u00e9 que te gustar\u00eda saber sobre los vapes desechables Bang de 15000 inhalaciones:<\/h2>\n<p>&nbsp;<\/p>\n<h6>1. \u00bfCU\u00c1L ES LA CAPACIDAD DE E-L\u00cdQUIDO DE Bang Vape 15000 Puffs?<\/h6>\n<p>Este dispositivo tiene 25ml de e-l\u00edquido.<\/p>\n<h6>2. \u00bfCu\u00e1nto dura este puff bang king?<\/h6>\n<p>500 caladas\/d\u00eda, puede durar 30 d\u00edas<br \/>\n1000 caladas\/d\u00eda, puede durar 15 d\u00edas<br \/>\n2000 caladas\/d\u00eda, puede durar 7.5 d\u00edas<\/p>\n<h6>3. \u00bfC\u00d3MO CARGAR EL DISPOSITIVO DE VAPEO DESECHABLE Bang Vape 15000 Puffs?<\/h6>\n<p>No se pueden usar cargadores de carga r\u00e1pida. La potencia segura est\u00e1ndar de los cigarrillos electr\u00f3nicos desechables es de 5V 1A. Cada tiempo de carga no puede exceder 1 hora, y el tiempo de carga seguro es de media hora.<\/p>\n<p><span style=\"color: #ff6600\">Aviso: \u00a1no recargar toda la noche!<\/span><\/p>\n<h6>4. \u00bfC\u00f3mo usar la botella Bang Vape 15000 Puff?<\/h6>\n<p>1: Por favor, rasgue el embalaje antes de usar 15k Puffs.<br \/>\n2: Luego coloque el sello en la parte inferior del Vaporizador<br \/>\n3: Empiece a disfrutarlo<\/p>\n<h3><strong><span style=\"vertical-align: inherit\">Especificaci\u00f3n para Vape al por mayor Bang King 15000<\/span><\/strong>Inhalaciones<strong><span style=\"vertical-align: inherit\">\uff1a<\/span><br \/>\n<\/strong><\/h3>\n<ul>\n<li>Bater\u00eda incorporada de 650 mAh<\/li>\n<li>Recargable<\/li>\n<li>Entrega de potencia eficiente y constante<\/li>\n<li>E-l\u00edquido precargado de 25 ml<\/li>\n<li>Nivel de nicotina 2% 5%<\/li>\n<li>Satisface casi 15000 caladas<\/li>\n<li>Flujo de aire ajustable<\/li>\n<li>Cantidad m\u00ednima de pedido: 100 unidades<\/li>\n<\/ul>\n<h3><strong>\u00bfCu\u00e1l es el mejor vape bang?<\/strong> 15k caladas f<strong>\u00bfSabores 15000 Puffs?<\/strong><\/h3>\n<p>1.Fresa Sandia<br \/>\n2. Hielo de triple baya<br \/>\n3. Hielo exuberante<br \/>\n4. Hielo de MELOCOT\u00d3N<br \/>\n5. Fresa y Kiwi<br \/>\n6.Hielo de Frambuesa Azul<br \/>\n7. Uva Aloe<br \/>\n8. Mango de melocot\u00f3n<br \/>\n9. Manzana doble<br \/>\n10. Fruta tropical<\/p>\n<p><span style=\"vertical-align: inherit\">Encuentra m\u00e1s productos que te puedan gustar:<\/span><em><a href=\"https:\/\/wa.me\/8618077105796\"><span style=\"vertical-align: inherit\">\u00a0C\u00f3mpralo ahora<\/span><\/a><\/em><\/p>\n<p><span style=\"vertical-align: inherit\">Otros vaporizadores que te pueden gustar:<\/span><a href=\"https:\/\/vapebulkp.com\/es\/product\/bang-box-12000puffs-good-vape-sweden-wholesale-price\/\"><span style=\"vertical-align: inherit\">Bang Box 12000 Caladas<\/span><\/a><span style=\"vertical-align: inherit\">\u3001<\/span><a href=\"https:\/\/vapebulkp.com\/es\/product\/top-sale-waspe-12000puffs-disposable-vape-wholesale-france\/\"><span style=\"vertical-align: inherit\">WASPE 12000 Caladas<\/span><\/a><span style=\"vertical-align: inherit\">\/ <\/span><a href=\"https:\/\/vapebulkp.com\/es\/product\/wholesale-randm-tornado-9000-puffs-germany\/\"><span style=\"vertical-align: inherit\">RandM Tornado 9000 caladas<\/span><\/a><span style=\"vertical-align: inherit\">\/ <\/span><a href=\"https:\/\/vapebulkp.com\/es\/product\/wholesale-price-og-super-smash-10000-puffs-disposable-vape\/\"><span style=\"vertical-align: inherit\">Og Super samsh 10000 Caladas<\/span><\/a><\/p>\n<p><span style=\"vertical-align: inherit\">Cigarrillo electr\u00f3nico con forma especial:<\/span><a href=\"https:\/\/vapebulkp.com\/es\/product\/good-sale-randm-tornado-10000-puffs-plus\/\"><span style=\"vertical-align: inherit\">RandM Tornado 10000 Caladas Plus <\/span><\/a><span style=\"vertical-align: inherit\">\/<\/span><a href=\"https:\/\/vapebulkp.com\/es\/product\/fumot-digital-box-12000-disposable-vape-wholesale\/\"><span style=\"vertical-align: inherit\">Fumot Vape Digital Box 12000 caladas<\/span><\/a><\/p>\n<h4>Cualificaci\u00f3n de la producci\u00f3n:<\/h4>\n<p><img decoding=\"async\" class=\"alignnone wp-image-1842\" src=\"http:\/\/vapebulkp.com\/wp-content\/uploads\/2023\/11\/Vape-production-process-2.jpg\" alt=\"Proceso de producci\u00f3n de vapes\" width=\"671\" height=\"301\" srcset=\"https:\/\/vapebulkp.com\/wp-content\/uploads\/2023\/11\/Vape-production-process-2.jpg 800w, https:\/\/vapebulkp.com\/wp-content\/uploads\/2023\/11\/Vape-production-process-2-300x135.jpg 300w, https:\/\/vapebulkp.com\/wp-content\/uploads\/2023\/11\/Vape-production-process-2-768x345.jpg 768w, https:\/\/vapebulkp.com\/wp-content\/uploads\/2023\/11\/Vape-production-process-2-600x269.jpg 600w\" sizes=\"(max-width: 671px) 100vw, 671px\" \/><\/p>\n<p><img decoding=\"async\" class=\"alignnone wp-image-1843\" src=\"http:\/\/vapebulkp.com\/wp-content\/uploads\/2023\/11\/Vape-production-process.jpeg\" alt=\"Proceso de producci\u00f3n de vapes\" width=\"671\" height=\"1074\" srcset=\"https:\/\/vapebulkp.com\/wp-content\/uploads\/2023\/11\/Vape-production-process.jpeg 641w, https:\/\/vapebulkp.com\/wp-content\/uploads\/2023\/11\/Vape-production-process-187x300.jpeg 187w, https:\/\/vapebulkp.com\/wp-content\/uploads\/2023\/11\/Vape-production-process-640x1024.jpeg 640w, https:\/\/vapebulkp.com\/wp-content\/uploads\/2023\/11\/Vape-production-process-600x960.jpeg 600w\" sizes=\"(max-width: 671px) 100vw, 671px\" \/><\/p>\n<h5>Preguntas frecuentes:<\/h5>\n<p>P: \u00bfCu\u00e1l es el MOQ de Bang King 15000 caladas?<br \/>\nR: El pedido m\u00ednimo es de 100 unidades.<br \/>\nP: \u00bfCu\u00e1l es el plazo de entrega para el vapeador pedido?<br \/>\nR: Generalmente son de 10 a 15 d\u00edas despu\u00e9s del env\u00edo.<br \/>\nP: \u00bfCu\u00e1nto cuesta el env\u00edo?R: El coste de env\u00edo depende del peso.diferentes cantidades tienen diferentes costes de env\u00edo, por favor cont\u00e1ctenos para confirmar el coste de env\u00edo.<\/p>\n<p>&nbsp;<\/p>\n<h4>Detalle de env\u00edo:<\/h4>\n<p><span style=\"color: #ff6600\">Tiempo de producci\u00f3n: 5-10 d\u00edas laborables<\/span><br \/>\n<span style=\"color: #ff6600\">Tiempo de env\u00edo: 8-14 d\u00edas laborables<\/span><\/p>\n<p>Todos los productos en nuestra tienda son 100% originales y aut\u00e9nticos, por lo que la compensaci\u00f3n de diez veces por productos falsos es la pol\u00edtica de nuestra tienda. Utilizamos canales log\u00edsticos como UPS\/DHL\/FEDEX\/DPD para entregarle los productos.<\/p>\n<p>Para los paquetes enviados a Espa\u00f1a, generalmente tardan 12 a 15 d\u00edas laborables en llegar. Actualizaremos la informaci\u00f3n de log\u00edstica para usted en tiempo real.<\/p>\n<h3>Buen servicio postventa:<\/h3>\n<p><span style=\"color: #ff6600\">Aviso: No se admiten devoluciones ni cambios por problemas no relacionados con la calidad<\/span><br \/>\n1. Los clientes pueden elegir el sabor que deseen, pero si el sabor est\u00e1 agotado, el departamento de producci\u00f3n elegir\u00e1 un sabor popular para reemplazarlo. Los clientes no pueden solicitar reembolsos o cambios basados en los sabores.<\/p>\n<p>2. Cuando ocurran problemas de calidad, proporcione descripciones detalladas en video y foto.<br \/>\nSi no puede proporcionar pruebas como videos y fotos, los productos no podr\u00e1n ser reemplazados.<\/p>","protected":false},"excerpt":{"rendered":"<p>El recientemente lanzado Popular Vape Bang King 15000 Puffs Bang Vape es amado por los clientes. Este cigarrillo electr\u00f3nico puede proporcionar hasta 15,000 inhalaciones de humo suave y satisfactorio, y es un dispositivo recargable que te mereces.<\/p>\n<p><img decoding=\"async\" class=\"alignnone wp-image-2151\" src=\"http:\/\/vapebulkp.com\/wp-content\/uploads\/2024\/04\/Mandy-WhatsApp-Randm.jpg\" alt=\"Mandy WhatsApp Aleatorio\" width=\"249\" height=\"265\" srcset=\"https:\/\/vapebulkp.com\/wp-content\/uploads\/2024\/04\/Mandy-WhatsApp-Randm.jpg 916w, https:\/\/vapebulkp.com\/wp-content\/uploads\/2024\/04\/Mandy-WhatsApp-Randm-282x300.jpg 282w, https:\/\/vapebulkp.com\/wp-content\/uploads\/2024\/04\/Mandy-WhatsApp-Randm-768x817.jpg 768w, https:\/\/vapebulkp.com\/wp-content\/uploads\/2024\/04\/Mandy-WhatsApp-Randm-600x638.jpg 600w\" sizes=\"(max-width: 249px) 100vw, 249px\" \/><\/p>\n<p>Por favor, contacta con el WhatsApp de Mandy para obtener un precio con descuento<a href=\"https:\/\/wa.me\/8618077105796\">+8618077105796<\/a><\/p>\n<p><span style=\"color: #ff0000\">NOTA: Los precios en nuestro sitio web no incluyen los gastos de env\u00edo<\/span><\/p>","protected":false},"featured_media":1851,"comment_status":"open","ping_status":"closed","template":"","meta":{"_uag_custom_page_level_css":"","_lmt_disableupdate":"no","_lmt_disable":"","site-sidebar-layout":"default","site-content-layout":"content-boxed-container","ast-site-content-layout":"normal-width-container","site-content-style":"boxed","site-sidebar-style":"unboxed","ast-global-header-display":"","ast-banner-title-visibility":"","ast-main-header-display":"","ast-hfb-above-header-display":"","ast-hfb-below-header-display":"","ast-hfb-mobile-header-display":"","site-post-title":"","ast-breadcrumbs-content":"","ast-featured-img":"","footer-sml-layout":"","theme-transparent-header-meta":"default","adv-header-id-meta":"","stick-header-meta":"","header-above-stick-meta":"","header-main-stick-meta":"","header-below-stick-meta":"","astra-migrate-meta-layouts":"set","_joinchat":[]},"product_cat":[165,153,344,155,33,59,100,98,34,158,157,154,152,58,84,156,63,32],"product_tag":[77,36,37,41,73,40],"class_list":["post-1849","product","type-product","status-publish","has-post-thumbnail","hentry","product_cat-15000-puffs-disposable-vape","product_cat-hot-disposable-vapes","product_cat-bang-king-vape","product_cat-belgium-hot-disposable-vapes","product_cat-france-vape-hot-sale","product_cat-germany-hot-disposable-vape","product_cat-germany-wholesale-vape-shop","product_cat-moq-100pcs","product_cat-netherlands-vape-good-sale","product_cat-norway-hot-disposable-vapes","product_cat-poland-hot-disposable-vapes","product_cat-portugal-hot-disposable-vapes","product_cat-spain-hot-disposable-vapes","product_cat-sweden-hot-disposable-vape","product_cat-sweden-wholesale-vape","product_cat-switzerland-hot-disposable-vapes","product_cat-top-sale-disposable-vape","product_cat-vape-hot-sale-this-week","product_tag-15000-puffs","product_tag-good-vape","product_tag-hot-sale-disposable-vape","product_tag-poland-hot-vape","product_tag-randm-10000puffs-vape","product_tag-sweden-hot-vape","pa_brand-bang-king-vape","desktop-align-left","tablet-align-left","mobile-align-left"],"yoast_head":"<!-- This site is optimized with the Yoast SEO plugin v21.1 - https:\/\/yoast.com\/wordpress\/plugins\/seo\/ -->\n<title>Popular Vape Bang King 15000 Puffs Bang Vape - vapebulkp.com<\/title>\n<meta name=\"description\" content=\"The newly launched Popular Vape Bang King 15000 Puffs Bang Vape is loved by customers. This e-cigarette can provide up to 15,000 puffs of smooth and satisfying smoke, and it is a rechargeable device that you deserve.\" \/>\n<meta name=\"robots\" content=\"index, follow, max-snippet:-1, max-image-preview:large, max-video-preview:-1\" \/>\n<link rel=\"canonical\" href=\"https:\/\/vapebulkp.com\/es\/product\/popular-vape-bang-king-15000-puffs-bang-vape\/\" \/>\n<meta property=\"og:locale\" content=\"es_ES\" \/>\n<meta property=\"og:type\" content=\"article\" \/>\n<meta property=\"og:title\" content=\"Popular Vape Bang King 15000 Puffs Bang Vape - vapebulkp.com\" \/>\n<meta property=\"og:description\" content=\"The newly launched Popular Vape Bang King 15000 Puffs Bang Vape is loved by customers. This e-cigarette can provide up to 15,000 puffs of smooth and satisfying smoke, and it is a rechargeable device that you deserve.\" \/>\n<meta property=\"og:url\" content=\"https:\/\/vapebulkp.com\/es\/product\/popular-vape-bang-king-15000-puffs-bang-vape\/\" \/>\n<meta property=\"og:site_name\" content=\"vapebulkp.com\" \/>\n<meta property=\"article:modified_time\" content=\"2025-09-24T03:13:26+00:00\" \/>\n<meta property=\"og:image\" content=\"http:\/\/vapebulkp.com\/wp-content\/uploads\/2023\/11\/Bang-King-15000-puffs-Top-Sale-Vape.png\" \/>\n\t<meta property=\"og:image:width\" content=\"800\" \/>\n\t<meta property=\"og:image:height\" content=\"544\" \/>\n\t<meta property=\"og:image:type\" content=\"image\/png\" \/>\n<meta name=\"twitter:card\" content=\"summary_large_image\" \/>\n<meta name=\"twitter:label1\" content=\"Tiempo de lectura\" \/>\n\t<meta name=\"twitter:data1\" content=\"4 minutos\" \/>\n<script type=\"application\/ld+json\" class=\"yoast-schema-graph\">{\"@context\":\"https:\/\/schema.org\",\"@graph\":[{\"@type\":\"WebPage\",\"@id\":\"https:\/\/vapebulkp.com\/product\/popular-vape-bang-king-15000-puffs-bang-vape\/\",\"url\":\"https:\/\/vapebulkp.com\/product\/popular-vape-bang-king-15000-puffs-bang-vape\/\",\"name\":\"Popular Vape Bang King 15000 Puffs Bang Vape - vapebulkp.com\",\"isPartOf\":{\"@id\":\"https:\/\/vapebulkp.com\/#website\"},\"datePublished\":\"2023-11-09T07:16:47+00:00\",\"dateModified\":\"2025-09-24T03:13:26+00:00\",\"description\":\"The newly launched Popular Vape Bang King 15000 Puffs Bang Vape is loved by customers. This e-cigarette can provide up to 15,000 puffs of smooth and satisfying smoke, and it is a rechargeable device that you deserve.\",\"breadcrumb\":{\"@id\":\"https:\/\/vapebulkp.com\/product\/popular-vape-bang-king-15000-puffs-bang-vape\/#breadcrumb\"},\"inLanguage\":\"es\",\"potentialAction\":[{\"@type\":\"ReadAction\",\"target\":[\"https:\/\/vapebulkp.com\/product\/popular-vape-bang-king-15000-puffs-bang-vape\/\"]}]},{\"@type\":\"BreadcrumbList\",\"@id\":\"https:\/\/vapebulkp.com\/product\/popular-vape-bang-king-15000-puffs-bang-vape\/#breadcrumb\",\"itemListElement\":[{\"@type\":\"ListItem\",\"position\":1,\"name\":\"Home\",\"item\":\"https:\/\/vapebulkp.com\/\"},{\"@type\":\"ListItem\",\"position\":2,\"name\":\"Hot Trend Vapes\",\"item\":\"https:\/\/vapebulkp.com\/vape-shop\/\"},{\"@type\":\"ListItem\",\"position\":3,\"name\":\"Popular Vape Bang King 15000 Puffs Bang Vape\"}]},{\"@type\":\"WebSite\",\"@id\":\"https:\/\/vapebulkp.com\/#website\",\"url\":\"https:\/\/vapebulkp.com\/\",\"name\":\"vapebulkp.com\",\"description\":\"Buy Vape In Cheap Bulk Price Near you\",\"publisher\":{\"@id\":\"https:\/\/vapebulkp.com\/#organization\"},\"potentialAction\":[{\"@type\":\"SearchAction\",\"target\":{\"@type\":\"EntryPoint\",\"urlTemplate\":\"https:\/\/vapebulkp.com\/?s={search_term_string}\"},\"query-input\":\"required name=search_term_string\"}],\"inLanguage\":\"es\"},{\"@type\":\"Organization\",\"@id\":\"https:\/\/vapebulkp.com\/#organization\",\"name\":\"vapebulkp.com\",\"url\":\"https:\/\/vapebulkp.com\/\",\"logo\":{\"@type\":\"ImageObject\",\"inLanguage\":\"es\",\"@id\":\"https:\/\/vapebulkp.com\/#\/schema\/logo\/image\/\",\"url\":\"https:\/\/vapebulkp.com\/wp-content\/uploads\/2023\/09\/cropped-vapebulkp.png\",\"contentUrl\":\"https:\/\/vapebulkp.com\/wp-content\/uploads\/2023\/09\/cropped-vapebulkp.png\",\"width\":516,\"height\":163,\"caption\":\"vapebulkp.com\"},\"image\":{\"@id\":\"https:\/\/vapebulkp.com\/#\/schema\/logo\/image\/\"}}]}<\/script>\n<!-- \/ Yoast SEO plugin. -->","yoast_head_json":{"title":"Popular Vape Bang King 15000 Puffs Bang Vape - vapebulkp.com","description":"The newly launched Popular Vape Bang King 15000 Puffs Bang Vape is loved by customers. This e-cigarette can provide up to 15,000 puffs of smooth and satisfying smoke, and it is a rechargeable device that you deserve.","robots":{"index":"index","follow":"follow","max-snippet":"max-snippet:-1","max-image-preview":"max-image-preview:large","max-video-preview":"max-video-preview:-1"},"canonical":"https:\/\/vapebulkp.com\/es\/product\/popular-vape-bang-king-15000-puffs-bang-vape\/","og_locale":"es_ES","og_type":"article","og_title":"Popular Vape Bang King 15000 Puffs Bang Vape - vapebulkp.com","og_description":"The newly launched Popular Vape Bang King 15000 Puffs Bang Vape is loved by customers. This e-cigarette can provide up to 15,000 puffs of smooth and satisfying smoke, and it is a rechargeable device that you deserve.","og_url":"https:\/\/vapebulkp.com\/es\/product\/popular-vape-bang-king-15000-puffs-bang-vape\/","og_site_name":"vapebulkp.com","article_modified_time":"2025-09-24T03:13:26+00:00","og_image":[{"width":800,"height":544,"url":"http:\/\/vapebulkp.com\/wp-content\/uploads\/2023\/11\/Bang-King-15000-puffs-Top-Sale-Vape.png","type":"image\/png"}],"twitter_card":"summary_large_image","twitter_misc":{"Tiempo de lectura":"4 minutos"},"schema":{"@context":"https:\/\/schema.org","@graph":[{"@type":"WebPage","@id":"https:\/\/vapebulkp.com\/product\/popular-vape-bang-king-15000-puffs-bang-vape\/","url":"https:\/\/vapebulkp.com\/product\/popular-vape-bang-king-15000-puffs-bang-vape\/","name":"Popular Vape Bang King 15000 Puffs Bang Vape - vapebulkp.com","isPartOf":{"@id":"https:\/\/vapebulkp.com\/#website"},"datePublished":"2023-11-09T07:16:47+00:00","dateModified":"2025-09-24T03:13:26+00:00","description":"The newly launched Popular Vape Bang King 15000 Puffs Bang Vape is loved by customers. This e-cigarette can provide up to 15,000 puffs of smooth and satisfying smoke, and it is a rechargeable device that you deserve.","breadcrumb":{"@id":"https:\/\/vapebulkp.com\/product\/popular-vape-bang-king-15000-puffs-bang-vape\/#breadcrumb"},"inLanguage":"es","potentialAction":[{"@type":"ReadAction","target":["https:\/\/vapebulkp.com\/product\/popular-vape-bang-king-15000-puffs-bang-vape\/"]}]},{"@type":"BreadcrumbList","@id":"https:\/\/vapebulkp.com\/product\/popular-vape-bang-king-15000-puffs-bang-vape\/#breadcrumb","itemListElement":[{"@type":"ListItem","position":1,"name":"Home","item":"https:\/\/vapebulkp.com\/"},{"@type":"ListItem","position":2,"name":"Hot Trend Vapes","item":"https:\/\/vapebulkp.com\/vape-shop\/"},{"@type":"ListItem","position":3,"name":"Popular Vape Bang King 15000 Puffs Bang Vape"}]},{"@type":"WebSite","@id":"https:\/\/vapebulkp.com\/#website","url":"https:\/\/vapebulkp.com\/","name":"vapebulkp.com","description":"Buy Vape In Cheap Bulk Price Near you","publisher":{"@id":"https:\/\/vapebulkp.com\/#organization"},"potentialAction":[{"@type":"SearchAction","target":{"@type":"EntryPoint","urlTemplate":"https:\/\/vapebulkp.com\/?s={search_term_string}"},"query-input":"required name=search_term_string"}],"inLanguage":"es"},{"@type":"Organization","@id":"https:\/\/vapebulkp.com\/#organization","name":"vapebulkp.com","url":"https:\/\/vapebulkp.com\/","logo":{"@type":"ImageObject","inLanguage":"es","@id":"https:\/\/vapebulkp.com\/#\/schema\/logo\/image\/","url":"https:\/\/vapebulkp.com\/wp-content\/uploads\/2023\/09\/cropped-vapebulkp.png","contentUrl":"https:\/\/vapebulkp.com\/wp-content\/uploads\/2023\/09\/cropped-vapebulkp.png","width":516,"height":163,"caption":"vapebulkp.com"},"image":{"@id":"https:\/\/vapebulkp.com\/#\/schema\/logo\/image\/"}}]}},"uagb_featured_image_src":{"full":["https:\/\/vapebulkp.com\/wp-content\/uploads\/2023\/11\/Bang-King-15000-puffs-Top-Sale-Vape.png",800,544,false],"thumbnail":["https:\/\/vapebulkp.com\/wp-content\/uploads\/2023\/11\/Bang-King-15000-puffs-Top-Sale-Vape-150x150.png",150,150,true],"medium":["https:\/\/vapebulkp.com\/wp-content\/uploads\/2023\/11\/Bang-King-15000-puffs-Top-Sale-Vape-300x204.png",300,204,true],"medium_large":["https:\/\/vapebulkp.com\/wp-content\/uploads\/2023\/11\/Bang-King-15000-puffs-Top-Sale-Vape-768x522.png",768,522,true],"large":["https:\/\/vapebulkp.com\/wp-content\/uploads\/2023\/11\/Bang-King-15000-puffs-Top-Sale-Vape.png",800,544,false],"1536x1536":["https:\/\/vapebulkp.com\/wp-content\/uploads\/2023\/11\/Bang-King-15000-puffs-Top-Sale-Vape.png",800,544,false],"2048x2048":["https:\/\/vapebulkp.com\/wp-content\/uploads\/2023\/11\/Bang-King-15000-puffs-Top-Sale-Vape.png",800,544,false],"trp-custom-language-flag":["https:\/\/vapebulkp.com\/wp-content\/uploads\/2023\/11\/Bang-King-15000-puffs-Top-Sale-Vape.png",18,12,false],"woocommerce_thumbnail":["https:\/\/vapebulkp.com\/wp-content\/uploads\/2023\/11\/Bang-King-15000-puffs-Top-Sale-Vape-300x300.png",300,300,true],"woocommerce_single":["https:\/\/vapebulkp.com\/wp-content\/uploads\/2023\/11\/Bang-King-15000-puffs-Top-Sale-Vape-600x408.png",600,408,true],"woocommerce_gallery_thumbnail":["https:\/\/vapebulkp.com\/wp-content\/uploads\/2023\/11\/Bang-King-15000-puffs-Top-Sale-Vape-100x100.png",100,100,true],"wcpr-photo-reviews":["https:\/\/vapebulkp.com\/wp-content\/uploads\/2023\/11\/Bang-King-15000-puffs-Top-Sale-Vape.png",500,340,false]},"uagb_author_info":{"display_name":"Mandy vape bulk price","author_link":"https:\/\/vapebulkp.com\/es\/author\/"},"uagb_comment_info":1,"uagb_excerpt":"The newly launched Popular Vape Bang King 15000 Puffs Bang Vape is loved by customers. This e-cigarette can provide up to 15,000 puffs of smooth and satisfying smoke, and it is a rechargeable device that you deserve. Pls Contact Mandy's WhatsApp For Discount Price+8618077105796 NOTE: Prices on our website does not include shipping costs","_links":{"self":[{"href":"https:\/\/vapebulkp.com\/es\/wp-json\/wp\/v2\/product\/1849","targetHints":{"allow":["GET"]}}],"collection":[{"href":"https:\/\/vapebulkp.com\/es\/wp-json\/wp\/v2\/product"}],"about":[{"href":"https:\/\/vapebulkp.com\/es\/wp-json\/wp\/v2\/types\/product"}],"replies":[{"embeddable":true,"href":"https:\/\/vapebulkp.com\/es\/wp-json\/wp\/v2\/comments?post=1849"}],"wp:featuredmedia":[{"embeddable":true,"href":"https:\/\/vapebulkp.com\/es\/wp-json\/wp\/v2\/media\/1851"}],"wp:attachment":[{"href":"https:\/\/vapebulkp.com\/es\/wp-json\/wp\/v2\/media?parent=1849"}],"wp:term":[{"taxonomy":"product_cat","embeddable":true,"href":"https:\/\/vapebulkp.com\/es\/wp-json\/wp\/v2\/product_cat?post=1849"},{"taxonomy":"product_tag","embeddable":true,"href":"https:\/\/vapebulkp.com\/es\/wp-json\/wp\/v2\/product_tag?post=1849"}],"curies":[{"name":"wp","href":"https:\/\/api.w.org\/{rel}","templated":true}]}}